{"id":954,"date":"2018-10-18T17:41:42","date_gmt":"2018-10-18T09:41:42","guid":{"rendered":"https:\/\/plasticmoldco.com\/?page_id=954"},"modified":"2018-10-18T17:41:42","modified_gmt":"2018-10-18T09:41:42","slug":"silicone-tube","status":"publish","type":"page","link":"https:\/\/www.plasticmoldco.com\/tr\/silikon-tup\/","title":{"rendered":"Silikon t\u00fcp"},"content":{"rendered":"<p>[et_pb_section bb_built=\"1\u2033 disabled_on=\"on|on|\" _builder_version=\"3.10.2\u2033 custom_padding=\"0|0px|0|0px|false|false\" next_background_color=\"#000000\u2033][et_pb_row custom_padding=\"18px|0px|0|0px|false|false\" _builder_version=\"3.0.48\u2033 background_size=\"initial\" background_position=\"top_left\" background_repeat=\"repeat\"][et_pb_column type=\"4_4\u2033][et_pb_text _builder_version=\"3.10.2\u2033 custom_margin=\"0px|-120px|16px|-100px\"]<\/p>\n<p><img loading=\"lazy\" decoding=\"async\" class=\"wp-image-213 alignnone size-medium\" src=\"https:\/\/plasticmoldco.com\/wp-content\/uploads\/2018\/10\/new.n-300x18.jpg\" alt=\"\" width=\"1266\" height=\"76\" srcset=\"https:\/\/www.plasticmoldco.com\/wp-content\/uploads\/2018\/10\/new.n-300x18.jpg 300w, https:\/\/www.plasticmoldco.com\/wp-content\/uploads\/2018\/10\/new.n-768x45.jpg 768w, https:\/\/www.plasticmoldco.com\/wp-content\/uploads\/2018\/10\/new.n-1024x60.jpg 1024w\" sizes=\"(max-width: 1266px) 100vw, 1266px\" \/><\/p>\n<p>[\/et_pb_text][\/et_pb_column][\/et_pb_row][\/et_pb_section][et_pb_section bb_built=\"1\u2033 disabled_on=\"||on\" _builder_version=\"3.10.2\u2033 custom_padding=\"22px|0px|0|0px|false|false\" prev_background_color=\"#000000\u2033 next_background_color=\"#000000\u2033][et_pb_row custom_padding=\"0|0px|12px|0px|false|false\" _builder_version=\"3.0.48\u2033 background_size=\"initial\" background_position=\"top_left\" background_repeat=\"repeat\"][et_pb_column type=\"4_4\u2033][et_pb_text _builder_version=\"3.10.2\u2033]<\/p>\n<p><img loading=\"lazy\" decoding=\"async\" class=\"wp-image-213 alignnone size-medium\" src=\"https:\/\/plasticmoldco.com\/wp-content\/uploads\/2018\/10\/new.n-300x18.jpg\" alt=\"\" width=\"1266\" height=\"76\" srcset=\"https:\/\/www.plasticmoldco.com\/wp-content\/uploads\/2018\/10\/new.n-300x18.jpg 300w, https:\/\/www.plasticmoldco.com\/wp-content\/uploads\/2018\/10\/new.n-768x45.jpg 768w, https:\/\/www.plasticmoldco.com\/wp-content\/uploads\/2018\/10\/new.n-1024x60.jpg 1024w\" sizes=\"(max-width: 1266px) 100vw, 1266px\" \/><\/p>\n<p>[\/et_pb_text][\/et_pb_column][\/et_pb_row][\/et_pb_section][et_pb_section bb_built=\"1\u2033 disabled_on=\"on|on|\" _builder_version=\"3.10.2\u2033 custom_padding=\"0|0px|54px|0px|false|false\" prev_background_color=\"#000000\u2033 next_background_color=\"#000000\u2033][et_pb_row custom_padding=\"0|0px|0|0px|false|false\" _builder_version=\"3.0.48\u2033 background_size=\"initial\" background_position=\"top_left\" background_repeat=\"repeat\"][et_pb_column type=\"3_4\u2033][et_pb_text _builder_version=\"3.10.2\u2033 border_width_all=\"3px\" border_color_all=\"#e5e5e5\u2033 custom_margin=\"15px|-90px||-86px\" custom_padding=\"10px|10px|10px|10px\"]<\/p>\n<div id=\"titlep\">\n<div id=\"titlep\">\n<div id=\"titlep\">\n<div id=\"titlep\">\n<div>\n<h1>Silikon t\u00fcp<\/h1>\n<\/div>\n<\/div>\n<div id=\"mge\"><\/div>\n<h1><img loading=\"lazy\" decoding=\"async\" class=\"alignnone  wp-image-946\" src=\"https:\/\/plasticmoldco.com\/wp-content\/uploads\/2018\/10\/index.jpg\" alt=\"\" width=\"751\" height=\"356\" \/><\/h1>\n<h1>Silikon T\u00fcp<\/h1>\n<p>\u00dcr\u00fcnlerimiz: OEM kal\u0131pl\u0131 <em>kau\u00e7uk \u00fcr\u00fcn<\/em> &amp; <a href=\"https:\/\/web.archive.org\/web\/20130719185702\/http:\/\/www.moldchina.org\/china-silicone-2.html\"><em>S\u0130L\u0130KON \u00dcR\u00dcN<\/em> <\/a>tasar\u0131m\u0131n\u0131z olarak<\/p>\n<p>Biz lider bir \u00fcreticiyiz <em>kau\u00e7uk<\/em> ve <a href=\"https:\/\/web.archive.org\/web\/20130719185702\/http:\/\/www.moldchina.org\/china-silicone.html\"><em>S\u0130L\u0130KON \u00dcR\u00dcN<\/em> <\/a>\u00c7in'de. Sadece bize \u00e7iziminizi veya \u00f6rneklerinizi g\u00f6nderin, y\u00fcksek kalitede \u00fcretece\u011fiz <em>kau\u00e7uk<\/em> ve <em>S\u0130L\u0130KON \u00dcR\u00dcN<\/em> senin i\u00e7in<\/p>\n<p>1. Malzeme:<em> Silikon<\/em>EPDM, NR, NBR, SBR, CR, viton, IR, IIR, FKM, PVC, PU, poli\u00fcretan, ABS vb.<br \/>\n2. Sertlik: Durometre 40-85 Shore A<br \/>\n3. Boyut: tasar\u0131m\u0131n\u0131za, \u00e7iziminize veya numunenize g\u00f6re.<br \/>\n4. Renk: Siyah, beyaz, \u015eeffaf, gri, ye\u015fil, sar\u0131, mavi, k\u0131rm\u0131z\u0131 vb.<br \/>\n5. Sertifikasyon: ISO9001: 2000, RoHS, REACH, FDA, SGS, UL.<br \/>\n6. Kalite: Y\u00fcksek ve d\u00fc\u015f\u00fck s\u0131cakl\u0131k direnci, UV direnci, Ozon direnci, A\u015f\u0131nma direnci<br \/>\n7. Uygulama: Oto, Ev Aletleri, Ofis Aletleri, Elektronik \u00fcr\u00fcnler, Genel Sanayi, Makine, spor, Oyuncak vb.<br \/>\n8. Numunelerin teslim s\u00fcresi: 7-15 i\u015f g\u00fcn\u00fc.<br \/>\n9. Mallar\u0131n teslim s\u00fcresi: 10000PCS i\u00e7in 1-2 hafta.<br \/>\n10. Paket: Standart ihracat ambalaj\u0131: PVC \u00e7anta, Karton, Palet veya gere\u011fi olarak<\/p>\n<p>OEM veya ODM memnuniyetle kar\u015f\u0131lanmaktad\u0131r. baz\u0131lar\u0131n\u0131 tasarlamak veya yapmak istiyorsan\u0131z<a href=\"https:\/\/web.archive.org\/web\/20130719185702\/http:\/\/www.moldchina.org\/silicone-rubber-molding-china.html\"> kau\u00e7uk ve<em> S\u0130L\u0130KON \u00dcR\u00dcN<\/em> <\/a>\u00c7in'de, daha fazla ayr\u0131nt\u0131 \u00f6\u011frenmek i\u00e7in l\u00fctfen bizimle ileti\u015fime ge\u00e7in.<\/p>\n<\/div>\n<\/div>\n<\/div>\n<p>[\/et_pb_text][\/et_pb_column][et_pb_column type=\"1_4\u2033][et_pb_sidebar _builder_version=\"3.10.2\u2033 area=\"sidebar-1\u2033 custom_margin=\"15px|-94px||40px\" custom_padding=\"10px|10px|10px|10px\" border_width_all=\"2px\" border_color_all=\"#d3d3d3\u2033 \/][\/et_pb_column][\/et_pb_row][\/et_pb_section][et_pb_section bb_built=\"1\u2033 disabled_on=\"||on\" _builder_version=\"3.10.2\u2033 custom_padding=\"0|0px|54px|0px|false|false\" prev_background_color=\"#000000\u2033 next_background_color=\"#000000\u2033][et_pb_row custom_padding=\"0|0px|0|0px|false|false\" _builder_version=\"3.0.48\u2033 background_size=\"initial\" background_position=\"top_left\" background_repeat=\"repeat\"][et_pb_column type=\"4_4\u2033][et_pb_text _builder_version=\"3.10.2\u2033 border_width_all=\"3px\" border_color_all=\"#e5e5e5\u2033]<\/p>\n<div id=\"titlep\">\n<div id=\"titlep\">\n<div id=\"titlep\">\n<div id=\"titlep\">\n<div id=\"titlep\">\n<div id=\"titlep\">\n<div>\n<h1>Silikon t\u00fcp<\/h1>\n<\/div>\n<\/div>\n<div id=\"mge\"><\/div>\n<h1><img loading=\"lazy\" decoding=\"async\" class=\"alignnone  wp-image-946\" src=\"https:\/\/plasticmoldco.com\/wp-content\/uploads\/2018\/10\/index.jpg\" alt=\"\" width=\"751\" height=\"356\" \/><\/h1>\n<h1>Silikon T\u00fcp<\/h1>\n<p>\u00dcr\u00fcnlerimiz: OEM kal\u0131pl\u0131 <em>kau\u00e7uk \u00fcr\u00fcn<\/em> &amp; <a href=\"https:\/\/web.archive.org\/web\/20130719185702\/http:\/\/www.moldchina.org\/china-silicone-2.html\"><em>S\u0130L\u0130KON \u00dcR\u00dcN<\/em> <\/a>tasar\u0131m\u0131n\u0131z olarak<\/p>\n<p>Biz lider bir \u00fcreticiyiz <em>kau\u00e7uk<\/em> ve <a href=\"https:\/\/web.archive.org\/web\/20130719185702\/http:\/\/www.moldchina.org\/china-silicone.html\"><em>S\u0130L\u0130KON \u00dcR\u00dcN<\/em> <\/a>\u00c7in'de. Sadece bize \u00e7iziminizi veya \u00f6rneklerinizi g\u00f6nderin, y\u00fcksek kalitede \u00fcretece\u011fiz <em>kau\u00e7uk<\/em> ve <em>S\u0130L\u0130KON \u00dcR\u00dcN<\/em> senin i\u00e7in<\/p>\n<p>1. Malzeme:<em> Silikon<\/em>EPDM, NR, NBR, SBR, CR, viton, IR, IIR, FKM, PVC, PU, poli\u00fcretan, ABS vb.<br \/>\n2. Sertlik: Durometre 40-85 Shore A<br \/>\n3. Boyut: tasar\u0131m\u0131n\u0131za, \u00e7iziminize veya numunenize g\u00f6re.<br \/>\n4. Renk: Siyah, beyaz, \u015eeffaf, gri, ye\u015fil, sar\u0131, mavi, k\u0131rm\u0131z\u0131 vb.<br \/>\n5. Sertifikasyon: ISO9001: 2000, RoHS, REACH, FDA, SGS, UL.<br \/>\n6. Kalite: Y\u00fcksek ve d\u00fc\u015f\u00fck s\u0131cakl\u0131k direnci, UV direnci, Ozon direnci, A\u015f\u0131nma direnci<br \/>\n7. Uygulama: Oto, Ev Aletleri, Ofis Aletleri, Elektronik \u00fcr\u00fcnler, Genel Sanayi, Makine, spor, Oyuncak vb.<br \/>\n8. Numunelerin teslim s\u00fcresi: 7-15 i\u015f g\u00fcn\u00fc.<br \/>\n9. Mallar\u0131n teslim s\u00fcresi: 10000PCS i\u00e7in 1-2 hafta.<br \/>\n10. Paket: Standart ihracat ambalaj\u0131: PVC \u00e7anta, Karton, Palet veya gere\u011fi olarak<\/p>\n<p>OEM veya ODM memnuniyetle kar\u015f\u0131lanmaktad\u0131r. baz\u0131lar\u0131n\u0131 tasarlamak veya yapmak istiyorsan\u0131z<a href=\"https:\/\/web.archive.org\/web\/20130719185702\/http:\/\/www.moldchina.org\/silicone-rubber-molding-china.html\"> kau\u00e7uk ve<em> S\u0130L\u0130KON \u00dcR\u00dcN<\/em> <\/a>\u00c7in'de, daha fazla ayr\u0131nt\u0131 \u00f6\u011frenmek i\u00e7in l\u00fctfen bizimle ileti\u015fime ge\u00e7in.<\/p>\n<\/div>\n<\/div>\n<\/div>\n<\/div>\n<\/div>\n<p>[\/et_pb_text][et_pb_sidebar _builder_version=\"3.10.2\u2033 area=\"sidebar-1\u2033 custom_padding=\"10px|10px|10px|10px\" border_width_all=\"2px\" border_color_all=\"#d3d3d3\u2033 \/][\/et_pb_column][\/et_pb_row][\/et_pb_section][et_pb_section bb_built=\"1\u2033 disabled_on=\"on|on|\" _builder_version=\u201d3.10.2\u2033 custom_margin=\u201d-103px|||\u201d prev_background_color=\u201d#000000\u2033 next_background_color=\u201d#000000\u2033][et_pb_row _builder_version=\u201d3.0.48\u2033 background_size=\"initial\" background_position=\"top_left\" background_repeat=\"repeat\"][et_pb_column type=\"4_4\u2033][et_pb_text _builder_version=\"3.10.2\u2033 custom_margin=\"|-62px||-84px\"]<\/p>\n<p style=\"padding-left: 30px;\"><strong>\u00c7in plastik enjeksiyon kal\u0131b\u0131, alet \u00fcreticisi, \u00c7in kal\u0131p \u00fcreticisi, \u00c7in tak\u0131m, Plastik kal\u0131p \u00e7in, \u00c7in enjeksiyon kal\u0131p fabrikas\u0131, \u00e7in'de plastik enjeksiyon kal\u0131p \u00fcreticisi<\/strong><\/p>\n<p>[\/et_pb_text][et_pb_text _builder_version=\u201d3.10.2\u2033 custom_margin=\u201d-15px|-50px||-50px\u201d]<\/p>\n<p><strong><span style=\"color: #0c0c0c;\"><a href=\"https:\/\/www.plasticmoldco.com\/tr\/\">Ev\u00a0 \u00a0<\/a>|\u00a0 \u00a0<a href=\"https:\/\/www.plasticmoldco.com\/tr\/about-us\/\">Hakk\u0131m\u0131zda\u00a0<\/a> \u00a0|\u00a0 <a href=\"https:\/\/www.plasticmoldco.com\/tr\/tasarim-muhendi\u0307sli\u0307gi\u0307\/\">Tasar\u0131m ve M\u00fchendislik<\/a>\u00a0 |\u00a0 \u00a0<a href=\"https:\/\/www.plasticmoldco.com\/tr\/products\/\">\u00dcr\u00fcnler\u00a0\u00a0\u00a0\u00a0\u00a0<\/a>|\u00a0\u00a0\u00a0\u00a0\u00a0<a href=\"https:\/\/www.plasticmoldco.com\/tr\/haberler\/\">Haberler<\/a>\u00a0\u00a0\u00a0\u00a0\u00a0|\u00a0\u00a0\u00a0\u00a0\u00a0<a href=\"https:\/\/www.plasticmoldco.com\/tr\/kali\u0307te-si\u0307gortasi\/\">Kalite Sigortas\u0131\u00a0<\/a>\u00a0\u00a0\u00a0\u00a0|\u00a0 \u00a0 <a href=\"https:\/\/www.plasticmoldco.com\/tr\/po-proseduru\/\">PO Prosed\u00fcr\u00fc<\/a>\u00a0 \u00a0 |\u00a0 \u00a0 <a href=\"https:\/\/www.plasticmoldco.com\/tr\/ekipman\/\">Ekipman\u00a0 \u00a0<\/a> |\u00a0 \u00a0<a href=\"https:\/\/www.plasticmoldco.com\/tr\/endustri\u0307yel-tasarim-vakasi\/\">End\u00fcstriyel Tasar\u0131m \u00d6rne\u011fi\u00a0<\/a> \u00a0 |\u00a0 \u00a0 <a href=\"https:\/\/www.plasticmoldco.com\/tr\/site-haritasi\/\">Site Haritas\u0131<\/a><\/span><\/strong><\/p>\n<p>[\/et_pb_text][et_pb_text _builder_version=\"3.10.2\u2033 custom_margin=\"-15px||\"]<\/p>\n<p style=\"text-align: center;\"><strong>Telif Hakk\u0131 \u00a9 2011 DONGGUAN SINCER TECH CO.LTD. | \u00c7in Kal\u0131p \u00fcreticisi, \u00e7in Plastik enjeksiyon kal\u0131plama, \u00e7in tak\u0131m \u00fcreticisi.<\/strong><br \/>\n<strong> \u015eirket Sicil No: 1626173<\/strong><\/p>\n<p>[\/et_pb_text][\/et_pb_column][\/et_pb_row][\/et_pb_section][et_pb_section bb_built=\"1\u2033 disabled_on=\"||on\" _builder_version=\"3.10.2\u2033 custom_margin=\"-103px|||\" prev_background_color=\"#000000\u2033][et_pb_row _builder_version=\"3.0.48\u2033 background_size=\"initial\" background_position=\"top_left\" background_repeat=\"repeat\"][et_pb_column type=\"4_4\u2033][et_pb_text _builder_version=\"3.10.2\u2033]<\/p>\n<p style=\"padding-left: 30px;\"><strong>\u00c7in plastik enjeksiyon kal\u0131b\u0131, alet \u00fcreticisi, \u00c7in kal\u0131p \u00fcreticisi, \u00c7in tak\u0131m, Plastik kal\u0131p \u00e7in, \u00c7in enjeksiyon kal\u0131p fabrikas\u0131, \u00e7in'de plastik enjeksiyon kal\u0131p \u00fcreticisi<\/strong><\/p>\n<p>[\/et_pb_text][et_pb_text _builder_version=\u201d3.10.2\u2033]<\/p>\n<p><strong><span style=\"color: #0c0c0c;\"><a href=\"https:\/\/www.plasticmoldco.com\/tr\/\">Ev\u00a0 \u00a0<\/a>|\u00a0 \u00a0<a href=\"https:\/\/www.plasticmoldco.com\/tr\/about-us\/\">Hakk\u0131m\u0131zda\u00a0<\/a> \u00a0|\u00a0 <a href=\"https:\/\/www.plasticmoldco.com\/tr\/tasarim-muhendi\u0307sli\u0307gi\u0307\/\">Tasar\u0131m ve M\u00fchendislik<\/a>\u00a0 |\u00a0 \u00a0<a href=\"https:\/\/www.plasticmoldco.com\/tr\/products\/\">\u00dcr\u00fcnler\u00a0\u00a0\u00a0\u00a0\u00a0<\/a>|\u00a0\u00a0\u00a0\u00a0\u00a0<a href=\"https:\/\/www.plasticmoldco.com\/tr\/haberler\/\">Haberler<\/a>\u00a0\u00a0\u00a0\u00a0\u00a0|\u00a0\u00a0\u00a0\u00a0\u00a0<a href=\"https:\/\/www.plasticmoldco.com\/tr\/kali\u0307te-si\u0307gortasi\/\">Kalite Sigortas\u0131\u00a0<\/a>\u00a0\u00a0\u00a0\u00a0|\u00a0 \u00a0 <a href=\"https:\/\/www.plasticmoldco.com\/tr\/po-proseduru\/\">PO Prosed\u00fcr\u00fc<\/a>\u00a0 \u00a0 |\u00a0 \u00a0 <a href=\"https:\/\/www.plasticmoldco.com\/tr\/ekipman\/\">Ekipman\u00a0 \u00a0<\/a> |\u00a0 \u00a0<a href=\"https:\/\/www.plasticmoldco.com\/tr\/endustri\u0307yel-tasarim-vakasi\/\">End\u00fcstriyel Tasar\u0131m \u00d6rne\u011fi\u00a0<\/a> \u00a0 |\u00a0 \u00a0 <a href=\"https:\/\/www.plasticmoldco.com\/tr\/site-haritasi\/\">Site Haritas\u0131<\/a><\/span><\/strong><\/p>\n<p>[\/et_pb_text][et_pb_text _builder_version=\u201d3.10.2\u2033]<\/p>\n<p style=\"text-align: center;\"><strong>Telif Hakk\u0131 \u00a9 2011 DONGGUAN SINCER TECH CO.LTD. | \u00c7in Kal\u0131p \u00fcreticisi, \u00e7in Plastik enjeksiyon kal\u0131plama, \u00e7in tak\u0131m \u00fcreticisi.<\/strong><br \/>\n<strong> \u015eirket Sicil No: 1626173<\/strong><\/p>\n<p>[\/et_pb_text][\/et_pb_column][\/et_pb_row][\/et_pb_section]<\/p>","protected":false},"excerpt":{"rendered":"<p>Silikon t\u00fcp Silikon T\u00fcp \u00dcr\u00fcnleri: Tasar\u0131m\u0131n\u0131z olarak OEM kal\u0131pl\u0131 kau\u00e7uk \u00fcr\u00fcn ve silikon \u00fcr\u00fcn \u00c7in'de lider bir kau\u00e7uk ve silikon \u00fcr\u00fcn \u00fcreticisiyiz. Sadece \u00e7iziminizi veya \u00f6rneklerinizi bize g\u00f6nderin, sizin i\u00e7in y\u00fcksek kaliteli kau\u00e7uk ve silikon \u00fcr\u00fcn\u00fc \u00fcretece\u011fiz 1. Malzeme: Silikon, EPDM, NR, NBR, SBR, CR, viton, IR, IIR, [...]<\/p>","protected":false},"author":1,"featured_media":0,"parent":0,"menu_order":0,"comment_status":"closed","ping_status":"closed","template":"","meta":{"_et_pb_use_builder":"on","_et_pb_old_content":"","_et_gb_content_width":"","footnotes":""},"class_list":["post-954","page","type-page","status-publish","hentry"],"yoast_head":"<!-- This site is optimized with the Yoast SEO plugin v27.4 - https:\/\/yoast.com\/product\/yoast-seo-wordpress\/ -->\n<title>Silicone tube - Plastic Mold | China Mold Maker<\/title>\n<meta name=\"robots\" content=\"index, follow, max-snippet:-1, max-image-preview:large, max-video-preview:-1\" \/>\n<link rel=\"canonical\" href=\"https:\/\/www.plasticmoldco.com\/tr\/silikoneslange\/\" \/>\n<meta property=\"og:locale\" content=\"tr_TR\" \/>\n<meta property=\"og:type\" content=\"article\" \/>\n<meta property=\"og:title\" content=\"Silicone tube - Plastic Mold | China Mold Maker\" \/>\n<meta property=\"og:description\" content=\"Silicone tube Silicone Tube Products: OEM molded rubber product &amp; silicone product as your design We\u2019re a leading manufacturer of rubber and silicone\u00a0product in China. Just send us your drawing or samples, we will produce the high quality rubber and silicone product for you 1. Material: Silicone, EPDM, NR, NBR, SBR, CR, viton, IR, IIR, [&hellip;]\" \/>\n<meta property=\"og:url\" content=\"https:\/\/www.plasticmoldco.com\/tr\/silikoneslange\/\" \/>\n<meta property=\"og:site_name\" content=\"Plastic Mold | China Mold Maker\" \/>\n<meta property=\"og:image\" content=\"https:\/\/plasticmoldco.com\/wp-content\/uploads\/2018\/10\/new.n-300x18.jpg\" \/>\n<meta name=\"twitter:card\" content=\"summary_large_image\" \/>\n<meta name=\"twitter:label1\" content=\"Tahmini okuma s\u00fcresi\" \/>\n\t<meta name=\"twitter:data1\" content=\"5 dakika\" \/>\n<script type=\"application\/ld+json\" class=\"yoast-schema-graph\">{\"@context\":\"https:\\\/\\\/schema.org\",\"@graph\":[{\"@type\":\"WebPage\",\"@id\":\"https:\\\/\\\/www.plasticmoldco.com\\\/da\\\/silikoneslange\\\/\",\"url\":\"https:\\\/\\\/www.plasticmoldco.com\\\/da\\\/silikoneslange\\\/\",\"name\":\"Silicone tube - Plastic Mold | China Mold Maker\",\"isPartOf\":{\"@id\":\"https:\\\/\\\/www.plasticmoldco.com\\\/el\\\/#website\"},\"primaryImageOfPage\":{\"@id\":\"https:\\\/\\\/www.plasticmoldco.com\\\/da\\\/silikoneslange\\\/#primaryimage\"},\"image\":{\"@id\":\"https:\\\/\\\/www.plasticmoldco.com\\\/da\\\/silikoneslange\\\/#primaryimage\"},\"thumbnailUrl\":\"https:\\\/\\\/plasticmoldco.com\\\/wp-content\\\/uploads\\\/2018\\\/10\\\/new.n-300x18.jpg\",\"datePublished\":\"2018-10-18T09:41:42+00:00\",\"breadcrumb\":{\"@id\":\"https:\\\/\\\/www.plasticmoldco.com\\\/da\\\/silikoneslange\\\/#breadcrumb\"},\"inLanguage\":\"tr\",\"potentialAction\":[{\"@type\":\"ReadAction\",\"target\":[\"https:\\\/\\\/www.plasticmoldco.com\\\/da\\\/silikoneslange\\\/\"]}]},{\"@type\":\"ImageObject\",\"inLanguage\":\"tr\",\"@id\":\"https:\\\/\\\/www.plasticmoldco.com\\\/da\\\/silikoneslange\\\/#primaryimage\",\"url\":\"https:\\\/\\\/plasticmoldco.com\\\/wp-content\\\/uploads\\\/2018\\\/10\\\/new.n-300x18.jpg\",\"contentUrl\":\"https:\\\/\\\/plasticmoldco.com\\\/wp-content\\\/uploads\\\/2018\\\/10\\\/new.n-300x18.jpg\"},{\"@type\":\"BreadcrumbList\",\"@id\":\"https:\\\/\\\/www.plasticmoldco.com\\\/da\\\/silikoneslange\\\/#breadcrumb\",\"itemListElement\":[{\"@type\":\"ListItem\",\"position\":1,\"name\":\"Home\",\"item\":\"https:\\\/\\\/www.plasticmoldco.com\\\/\"},{\"@type\":\"ListItem\",\"position\":2,\"name\":\"Silicone tube\"}]},{\"@type\":\"WebSite\",\"@id\":\"https:\\\/\\\/www.plasticmoldco.com\\\/el\\\/#website\",\"url\":\"https:\\\/\\\/www.plasticmoldco.com\\\/el\\\/\",\"name\":\"Plastic Mold | China Mold Maker\",\"description\":\"Are you looking for injection mold china? We are plastic mold maker\",\"publisher\":{\"@id\":\"https:\\\/\\\/www.plasticmoldco.com\\\/el\\\/#organization\"},\"potentialAction\":[{\"@type\":\"SearchAction\",\"target\":{\"@type\":\"EntryPoint\",\"urlTemplate\":\"https:\\\/\\\/www.plasticmoldco.com\\\/el\\\/?s={search_term_string}\"},\"query-input\":{\"@type\":\"PropertyValueSpecification\",\"valueRequired\":true,\"valueName\":\"search_term_string\"}}],\"inLanguage\":\"tr\"},{\"@type\":\"Organization\",\"@id\":\"https:\\\/\\\/www.plasticmoldco.com\\\/el\\\/#organization\",\"name\":\"Plastic Mold | China Mold Maker\",\"url\":\"https:\\\/\\\/www.plasticmoldco.com\\\/el\\\/\",\"logo\":{\"@type\":\"ImageObject\",\"inLanguage\":\"tr\",\"@id\":\"https:\\\/\\\/www.plasticmoldco.com\\\/el\\\/#\\\/schema\\\/logo\\\/image\\\/\",\"url\":\"https:\\\/\\\/plasticmoldco.com\\\/wp-content\\\/uploads\\\/2018\\\/10\\\/nlogon.png\",\"contentUrl\":\"https:\\\/\\\/plasticmoldco.com\\\/wp-content\\\/uploads\\\/2018\\\/10\\\/nlogon.png\",\"width\":204,\"height\":54,\"caption\":\"Plastic Mold | China Mold Maker\"},\"image\":{\"@id\":\"https:\\\/\\\/www.plasticmoldco.com\\\/el\\\/#\\\/schema\\\/logo\\\/image\\\/\"}}]}<\/script>\n<!-- \/ Yoast SEO plugin. -->","yoast_head_json":{"title":"Silikon t\u00fcp - Plastik Kal\u0131p | \u00c7in Kal\u0131p \u00dcreticisi","robots":{"index":"index","follow":"follow","max-snippet":"max-snippet:-1","max-image-preview":"max-image-preview:large","max-video-preview":"max-video-preview:-1"},"canonical":"https:\/\/www.plasticmoldco.com\/tr\/silikoneslange\/","og_locale":"tr_TR","og_type":"article","og_title":"Silicone tube - Plastic Mold | China Mold Maker","og_description":"Silicone tube Silicone Tube Products: OEM molded rubber product &amp; silicone product as your design We\u2019re a leading manufacturer of rubber and silicone\u00a0product in China. Just send us your drawing or samples, we will produce the high quality rubber and silicone product for you 1. Material: Silicone, EPDM, NR, NBR, SBR, CR, viton, IR, IIR, [&hellip;]","og_url":"https:\/\/www.plasticmoldco.com\/tr\/silikoneslange\/","og_site_name":"Plastic Mold | China Mold Maker","og_image":[{"url":"https:\/\/plasticmoldco.com\/wp-content\/uploads\/2018\/10\/new.n-300x18.jpg","type":"","width":"","height":""}],"twitter_card":"summary_large_image","twitter_misc":{"Tahmini okuma s\u00fcresi":"5 dakika"},"schema":{"@context":"https:\/\/schema.org","@graph":[{"@type":"WebPage","@id":"https:\/\/www.plasticmoldco.com\/da\/silikoneslange\/","url":"https:\/\/www.plasticmoldco.com\/da\/silikoneslange\/","name":"Silikon t\u00fcp - Plastik Kal\u0131p | \u00c7in Kal\u0131p \u00dcreticisi","isPartOf":{"@id":"https:\/\/www.plasticmoldco.com\/el\/#website"},"primaryImageOfPage":{"@id":"https:\/\/www.plasticmoldco.com\/da\/silikoneslange\/#primaryimage"},"image":{"@id":"https:\/\/www.plasticmoldco.com\/da\/silikoneslange\/#primaryimage"},"thumbnailUrl":"https:\/\/plasticmoldco.com\/wp-content\/uploads\/2018\/10\/new.n-300x18.jpg","datePublished":"2018-10-18T09:41:42+00:00","breadcrumb":{"@id":"https:\/\/www.plasticmoldco.com\/da\/silikoneslange\/#breadcrumb"},"inLanguage":"tr","potentialAction":[{"@type":"ReadAction","target":["https:\/\/www.plasticmoldco.com\/da\/silikoneslange\/"]}]},{"@type":"ImageObject","inLanguage":"tr","@id":"https:\/\/www.plasticmoldco.com\/da\/silikoneslange\/#primaryimage","url":"https:\/\/plasticmoldco.com\/wp-content\/uploads\/2018\/10\/new.n-300x18.jpg","contentUrl":"https:\/\/plasticmoldco.com\/wp-content\/uploads\/2018\/10\/new.n-300x18.jpg"},{"@type":"BreadcrumbList","@id":"https:\/\/www.plasticmoldco.com\/da\/silikoneslange\/#breadcrumb","itemListElement":[{"@type":"ListItem","position":1,"name":"Home","item":"https:\/\/www.plasticmoldco.com\/"},{"@type":"ListItem","position":2,"name":"Silicone tube"}]},{"@type":"WebSite","@id":"https:\/\/www.plasticmoldco.com\/el\/#website","url":"https:\/\/www.plasticmoldco.com\/el\/","name":"Plastik Kal\u0131p | \u00c7in Kal\u0131p \u00dcreticisi","description":"\u00c7in enjeksiyon kal\u0131b\u0131 m\u0131 ar\u0131yorsunuz? Biz plastik kal\u0131p \u00fcreticisiyiz","publisher":{"@id":"https:\/\/www.plasticmoldco.com\/el\/#organization"},"potentialAction":[{"@type":"SearchAction","target":{"@type":"EntryPoint","urlTemplate":"https:\/\/www.plasticmoldco.com\/el\/?s={search_term_string}"},"query-input":{"@type":"PropertyValueSpecification","valueRequired":true,"valueName":"search_term_string"}}],"inLanguage":"tr"},{"@type":"Organization","@id":"https:\/\/www.plasticmoldco.com\/el\/#organization","name":"Plastik Kal\u0131p | \u00c7in Kal\u0131p \u00dcreticisi","url":"https:\/\/www.plasticmoldco.com\/el\/","logo":{"@type":"ImageObject","inLanguage":"tr","@id":"https:\/\/www.plasticmoldco.com\/el\/#\/schema\/logo\/image\/","url":"https:\/\/plasticmoldco.com\/wp-content\/uploads\/2018\/10\/nlogon.png","contentUrl":"https:\/\/plasticmoldco.com\/wp-content\/uploads\/2018\/10\/nlogon.png","width":204,"height":54,"caption":"Plastic Mold | China Mold Maker"},"image":{"@id":"https:\/\/www.plasticmoldco.com\/el\/#\/schema\/logo\/image\/"}}]}},"_links":{"self":[{"href":"https:\/\/www.plasticmoldco.com\/tr\/wp-json\/wp\/v2\/pages\/954","targetHints":{"allow":["GET"]}}],"collection":[{"href":"https:\/\/www.plasticmoldco.com\/tr\/wp-json\/wp\/v2\/pages"}],"about":[{"href":"https:\/\/www.plasticmoldco.com\/tr\/wp-json\/wp\/v2\/types\/page"}],"author":[{"embeddable":true,"href":"https:\/\/www.plasticmoldco.com\/tr\/wp-json\/wp\/v2\/users\/1"}],"replies":[{"embeddable":true,"href":"https:\/\/www.plasticmoldco.com\/tr\/wp-json\/wp\/v2\/comments?post=954"}],"version-history":[{"count":0,"href":"https:\/\/www.plasticmoldco.com\/tr\/wp-json\/wp\/v2\/pages\/954\/revisions"}],"wp:attachment":[{"href":"https:\/\/www.plasticmoldco.com\/tr\/wp-json\/wp\/v2\/media?parent=954"}],"curies":[{"name":"wp","href":"https:\/\/api.w.org\/{rel}","templated":true}]}}