{"id":953,"date":"2018-10-18T17:43:08","date_gmt":"2018-10-18T09:43:08","guid":{"rendered":"https:\/\/plasticmoldco.com\/?page_id=953"},"modified":"2018-10-18T17:54:05","modified_gmt":"2018-10-18T09:54:05","slug":"silicone-gloves","status":"publish","type":"page","link":"https:\/\/www.plasticmoldco.com\/tr\/silikon-eldivenler\/","title":{"rendered":"Silikon eldivenler"},"content":{"rendered":"<p>[et_pb_section bb_built=\"1\u2033 disabled_on=\"on|on|\" _builder_version=\"3.10.2\u2033 custom_padding=\"0|0px|0|0px|false|false\" next_background_color=\"#000000\u2033][et_pb_row custom_padding=\"18px|0px|0|0px|false|false\" _builder_version=\"3.0.48\u2033 background_size=\"initial\" background_position=\"top_left\" background_repeat=\"repeat\"][et_pb_column type=\"4_4\u2033][et_pb_text _builder_version=\"3.10.2\u2033 custom_margin=\"0px|-120px|16px|-100px\"]<\/p>\n<p><img loading=\"lazy\" decoding=\"async\" class=\"wp-image-213 alignnone size-medium\" src=\"https:\/\/plasticmoldco.com\/wp-content\/uploads\/2018\/10\/new.n-300x18.jpg\" alt=\"\" width=\"1266\" height=\"76\" srcset=\"https:\/\/www.plasticmoldco.com\/wp-content\/uploads\/2018\/10\/new.n-300x18.jpg 300w, https:\/\/www.plasticmoldco.com\/wp-content\/uploads\/2018\/10\/new.n-768x45.jpg 768w, https:\/\/www.plasticmoldco.com\/wp-content\/uploads\/2018\/10\/new.n-1024x60.jpg 1024w\" sizes=\"(max-width: 1266px) 100vw, 1266px\" \/><\/p>\n<p>[\/et_pb_text][\/et_pb_column][\/et_pb_row][\/et_pb_section][et_pb_section bb_built=\"1\u2033 disabled_on=\"||on\" _builder_version=\"3.10.2\u2033 custom_padding=\"22px|0px|0|0px|false|false\" prev_background_color=\"#000000\u2033 next_background_color=\"#000000\u2033][et_pb_row custom_padding=\"0|0px|12px|0px|false|false\" _builder_version=\"3.0.48\u2033 background_size=\"initial\" background_position=\"top_left\" background_repeat=\"repeat\"][et_pb_column type=\"4_4\u2033][et_pb_text _builder_version=\"3.10.2\u2033]<\/p>\n<p><img loading=\"lazy\" decoding=\"async\" class=\"wp-image-213 alignnone size-medium\" src=\"https:\/\/plasticmoldco.com\/wp-content\/uploads\/2018\/10\/new.n-300x18.jpg\" alt=\"\" width=\"1266\" height=\"76\" srcset=\"https:\/\/www.plasticmoldco.com\/wp-content\/uploads\/2018\/10\/new.n-300x18.jpg 300w, https:\/\/www.plasticmoldco.com\/wp-content\/uploads\/2018\/10\/new.n-768x45.jpg 768w, https:\/\/www.plasticmoldco.com\/wp-content\/uploads\/2018\/10\/new.n-1024x60.jpg 1024w\" sizes=\"(max-width: 1266px) 100vw, 1266px\" \/><\/p>\n<p>[\/et_pb_text][\/et_pb_column][\/et_pb_row][\/et_pb_section][et_pb_section bb_built=\"1\u2033 disabled_on=\"on|on|\" _builder_version=\"3.10.2\u2033 custom_padding=\"0|0px|54px|0px|false|false\" prev_background_color=\"#000000\u2033 next_background_color=\"#000000\u2033][et_pb_row custom_padding=\"0|0px|0|0px|false|false\" _builder_version=\"3.0.48\u2033 background_size=\"initial\" background_position=\"top_left\" background_repeat=\"repeat\"][et_pb_column type=\"3_4\u2033][et_pb_text _builder_version=\"3.10.2\u2033 border_width_all=\"3px\" border_color_all=\"#e5e5e5\u2033 custom_margin=\"15px|-90px||-86px\" custom_padding=\"10px|10px|10px|10px\"]<\/p>\n<div id=\"titlep\">\n<div id=\"titlep\">\n<div id=\"titlep\">\n<h2>Silikon F\u0131r\u0131n Eldiveni<\/h2>\n<p>Biz profesyonel bir <em>\u00e7i\u0307n si\u0307li\u0307kon<\/em> SGS taraf\u0131ndan denetlenen bir tedarik\u00e7i olan kal\u0131p ve kal\u0131plama \u015firketi, a\u011f\u0131rl\u0131kl\u0131 olarak f\u0131r\u0131n gere\u00e7leri ve mutfak gere\u00e7leri, f\u0131r\u0131n eldivenleri, buharl\u0131 pi\u015firiciler ve kaseler, bebek biberonlar\u0131, bileklikler, k\u00fcl tablalar\u0131 gibi ev e\u015fyalar\u0131 ve promosyon hediyeler dahil olmak \u00fczere silikon \u00fcr\u00fcnlerle u\u011fra\u015fmaktad\u0131r.<\/p>\n<p>1. 100% g\u0131da s\u0131n\u0131f\u0131 (FDA, SGS, LFGB) silikon malzeme<\/p>\n<p>2. Boyut: 212*161*37mm<\/p>\n<p>3. A\u011f\u0131rl\u0131k: 112g<\/p>\n<p>4. Yap\u0131\u015fmaz y\u00fczey<\/p>\n<p>5. S\u0131cakl\u0131k aral\u0131\u011f\u0131: -40 ila 230 santigrat derece<\/p>\n<p>6. Esnek ve kolay temizlenebilir<\/p>\n<p>7. Her renk mevcuttur.<\/p>\n<p>Silikon \u00fcr\u00fcn yapmak istiyorsan\u0131z veya profesyonel bir \u00fcr\u00fcn ar\u0131yorsan\u0131z <em>\u00e7i\u0307n si\u0307li\u0307kon<\/em> orta\u011f\u0131n\u0131z olarak kau\u00e7uk tedarik\u00e7isi, l\u00fctfen bizimle ileti\u015fime ge\u00e7mekten \u00e7ekinmeyin.<\/p>\n<\/div>\n<\/div>\n<\/div>\n<p>[\/et_pb_text][\/et_pb_column][et_pb_column type=\"1_4\u2033][et_pb_sidebar _builder_version=\"3.10.2\u2033 area=\"sidebar-1\u2033 custom_margin=\"15px|-94px||40px\" custom_padding=\"10px|10px|10px|10px\" border_width_all=\"2px\" border_color_all=\"#d3d3d3\u2033 \/][\/et_pb_column][\/et_pb_row][\/et_pb_section][et_pb_section bb_built=\"1\u2033 disabled_on=\"||on\" _builder_version=\"3.10.2\u2033 custom_padding=\"0|0px|54px|0px|false|false\" prev_background_color=\"#000000\u2033 next_background_color=\"#000000\u2033][et_pb_row custom_padding=\"0|0px|0|0px|false|false\" _builder_version=\"3.0.48\u2033 background_size=\"initial\" background_position=\"top_left\" background_repeat=\"repeat\"][et_pb_column type=\"4_4\u2033][et_pb_text _builder_version=\"3.10.2\u2033 border_width_all=\"3px\" border_color_all=\"#e5e5e5\u2033]<\/p>\n<div id=\"titlep\">\n<div id=\"titlep\">\n<div id=\"titlep\">\n<div id=\"titlep\">\n<div id=\"titlep\">\n<h2>Silikon F\u0131r\u0131n Eldiveni<\/h2>\n<p>Biz profesyonel bir <em>\u00e7i\u0307n si\u0307li\u0307kon<\/em> SGS taraf\u0131ndan denetlenen bir tedarik\u00e7i olan kal\u0131p ve kal\u0131plama \u015firketi, a\u011f\u0131rl\u0131kl\u0131 olarak f\u0131r\u0131n gere\u00e7leri ve mutfak gere\u00e7leri, f\u0131r\u0131n eldivenleri, buharl\u0131 pi\u015firiciler ve kaseler, bebek biberonlar\u0131, bileklikler, k\u00fcl tablalar\u0131 gibi ev e\u015fyalar\u0131 ve promosyon hediyeler dahil olmak \u00fczere silikon \u00fcr\u00fcnlerle u\u011fra\u015fmaktad\u0131r.<\/p>\n<p>1. 100% g\u0131da s\u0131n\u0131f\u0131 (FDA, SGS, LFGB) silikon malzeme<\/p>\n<p>2. Boyut: 212*161*37mm<\/p>\n<p>3. A\u011f\u0131rl\u0131k: 112g<\/p>\n<p>4. Yap\u0131\u015fmaz y\u00fczey<\/p>\n<p>5. S\u0131cakl\u0131k aral\u0131\u011f\u0131: -40 ila 230 santigrat derece<\/p>\n<p>6. Esnek ve kolay temizlenebilir<\/p>\n<p>7. Her renk mevcuttur.<\/p>\n<p>Silikon \u00fcr\u00fcn yapmak istiyorsan\u0131z veya profesyonel bir \u00fcr\u00fcn ar\u0131yorsan\u0131z <em>\u00e7i\u0307n si\u0307li\u0307kon<\/em> orta\u011f\u0131n\u0131z olarak kau\u00e7uk tedarik\u00e7isi, l\u00fctfen bizimle ileti\u015fime ge\u00e7mekten \u00e7ekinmeyin.<\/p>\n<\/div>\n<\/div>\n<\/div>\n<\/div>\n<\/div>\n<p>[\/et_pb_text][et_pb_sidebar _builder_version=\"3.10.2\u2033 area=\"sidebar-1\u2033 custom_padding=\"10px||10px|10px\" border_width_all=\"2px\" border_color_all=\"#d3d3d3\u2033 custom_margin=\"|-250px||\" \/][\/et_pb_column][\/et_pb_row][\/et_pb_section][et_pb_section bb_built=\"1\u2033 disabled_on=\"on|on|\" _builder_version=\u201d3.10.2\u2033 custom_margin=\u201d-103px|||\u201d prev_background_color=\u201d#000000\u2033 next_background_color=\u201d#000000\u2033][et_pb_row _builder_version=\u201d3.0.48\u2033 background_size=\"initial\" background_position=\"top_left\" background_repeat=\"repeat\"][et_pb_column type=\"4_4\u2033][et_pb_text _builder_version=\"3.10.2\u2033 custom_margin=\"|-62px||-84px\"]<\/p>\n<p style=\"padding-left: 30px;\"><strong>\u00c7in plastik enjeksiyon kal\u0131b\u0131, alet \u00fcreticisi, \u00c7in kal\u0131p \u00fcreticisi, \u00c7in tak\u0131m, Plastik kal\u0131p \u00e7in, \u00c7in enjeksiyon kal\u0131p fabrikas\u0131, \u00e7in'de plastik enjeksiyon kal\u0131p \u00fcreticisi<\/strong><\/p>\n<p>[\/et_pb_text][et_pb_text _builder_version=\u201d3.10.2\u2033 custom_margin=\u201d-15px|-50px||-50px\u201d]<\/p>\n<p><strong><span style=\"color: #0c0c0c;\"><a href=\"https:\/\/www.plasticmoldco.com\/tr\/\">Ev\u00a0 \u00a0<\/a>|\u00a0 \u00a0<a href=\"https:\/\/www.plasticmoldco.com\/tr\/about-us\/\">Hakk\u0131m\u0131zda\u00a0<\/a> \u00a0|\u00a0 <a href=\"https:\/\/www.plasticmoldco.com\/tr\/tasarim-muhendi\u0307sli\u0307gi\u0307\/\">Tasar\u0131m ve M\u00fchendislik<\/a>\u00a0 |\u00a0 \u00a0<a href=\"https:\/\/www.plasticmoldco.com\/tr\/products\/\">\u00dcr\u00fcnler\u00a0\u00a0\u00a0\u00a0\u00a0<\/a>|\u00a0\u00a0\u00a0\u00a0\u00a0<a href=\"https:\/\/www.plasticmoldco.com\/tr\/haberler\/\">Haberler<\/a>\u00a0\u00a0\u00a0\u00a0\u00a0|\u00a0\u00a0\u00a0\u00a0\u00a0<a href=\"https:\/\/www.plasticmoldco.com\/tr\/kali\u0307te-si\u0307gortasi\/\">Kalite Sigortas\u0131\u00a0<\/a>\u00a0\u00a0\u00a0\u00a0|\u00a0 \u00a0 <a href=\"https:\/\/www.plasticmoldco.com\/tr\/po-proseduru\/\">PO Prosed\u00fcr\u00fc<\/a>\u00a0 \u00a0 |\u00a0 \u00a0 <a href=\"https:\/\/www.plasticmoldco.com\/tr\/ekipman\/\">Ekipman\u00a0 \u00a0<\/a> |\u00a0 \u00a0<a href=\"https:\/\/www.plasticmoldco.com\/tr\/endustri\u0307yel-tasarim-vakasi\/\">End\u00fcstriyel Tasar\u0131m \u00d6rne\u011fi\u00a0<\/a> \u00a0 |\u00a0 \u00a0 <a href=\"https:\/\/www.plasticmoldco.com\/tr\/site-haritasi\/\">Site Haritas\u0131<\/a><\/span><\/strong><\/p>\n<p>[\/et_pb_text][et_pb_text _builder_version=\"3.10.2\u2033 custom_margin=\"-15px||\"]<\/p>\n<p style=\"text-align: center;\"><strong>Telif Hakk\u0131 \u00a9 2011 DONGGUAN SINCER TECH CO.LTD. | \u00c7in Kal\u0131p \u00fcreticisi, \u00e7in Plastik enjeksiyon kal\u0131plama, \u00e7in tak\u0131m \u00fcreticisi.<\/strong><br \/>\n<strong> \u015eirket Sicil No: 1626173<\/strong><\/p>\n<p>[\/et_pb_text][\/et_pb_column][\/et_pb_row][\/et_pb_section][et_pb_section bb_built=\"1\u2033 disabled_on=\"||on\" _builder_version=\"3.10.2\u2033 custom_margin=\"-103px|||\" prev_background_color=\"#000000\u2033][et_pb_row _builder_version=\"3.0.48\u2033 background_size=\"initial\" background_position=\"top_left\" background_repeat=\"repeat\"][et_pb_column type=\"4_4\u2033][et_pb_text _builder_version=\"3.10.2\u2033]<\/p>\n<p style=\"padding-left: 30px;\"><strong>\u00c7in plastik enjeksiyon kal\u0131b\u0131, alet \u00fcreticisi, \u00c7in kal\u0131p \u00fcreticisi, \u00c7in tak\u0131m, Plastik kal\u0131p \u00e7in, \u00c7in enjeksiyon kal\u0131p fabrikas\u0131, \u00e7in'de plastik enjeksiyon kal\u0131p \u00fcreticisi<\/strong><\/p>\n<p>[\/et_pb_text][et_pb_text _builder_version=\u201d3.10.2\u2033]<\/p>\n<p><strong><span style=\"color: #0c0c0c;\"><a href=\"https:\/\/www.plasticmoldco.com\/tr\/\">Ev\u00a0 \u00a0<\/a>|\u00a0 \u00a0<a href=\"https:\/\/www.plasticmoldco.com\/tr\/about-us\/\">Hakk\u0131m\u0131zda\u00a0<\/a> \u00a0|\u00a0 <a href=\"https:\/\/www.plasticmoldco.com\/tr\/tasarim-muhendi\u0307sli\u0307gi\u0307\/\">Tasar\u0131m ve M\u00fchendislik<\/a>\u00a0 |\u00a0 \u00a0<a href=\"https:\/\/www.plasticmoldco.com\/tr\/products\/\">\u00dcr\u00fcnler\u00a0\u00a0\u00a0\u00a0\u00a0<\/a>|\u00a0\u00a0\u00a0\u00a0\u00a0<a href=\"https:\/\/www.plasticmoldco.com\/tr\/haberler\/\">Haberler<\/a>\u00a0\u00a0\u00a0\u00a0\u00a0|\u00a0\u00a0\u00a0\u00a0\u00a0<a href=\"https:\/\/www.plasticmoldco.com\/tr\/kali\u0307te-si\u0307gortasi\/\">Kalite Sigortas\u0131\u00a0<\/a>\u00a0\u00a0\u00a0\u00a0|\u00a0 \u00a0 <a href=\"https:\/\/www.plasticmoldco.com\/tr\/po-proseduru\/\">PO Prosed\u00fcr\u00fc<\/a>\u00a0 \u00a0 |\u00a0 \u00a0 <a href=\"https:\/\/www.plasticmoldco.com\/tr\/ekipman\/\">Ekipman\u00a0 \u00a0<\/a> |\u00a0 \u00a0<a href=\"https:\/\/www.plasticmoldco.com\/tr\/endustri\u0307yel-tasarim-vakasi\/\">End\u00fcstriyel Tasar\u0131m \u00d6rne\u011fi\u00a0<\/a> \u00a0 |\u00a0 \u00a0 <a href=\"https:\/\/www.plasticmoldco.com\/tr\/site-haritasi\/\">Site Haritas\u0131<\/a><\/span><\/strong><\/p>\n<p>[\/et_pb_text][et_pb_text _builder_version=\u201d3.10.2\u2033]<\/p>\n<p style=\"text-align: center;\"><strong>Telif Hakk\u0131 \u00a9 2011 DONGGUAN SINCER TECH CO.LTD. | \u00c7in Kal\u0131p \u00fcreticisi, \u00e7in Plastik enjeksiyon kal\u0131plama, \u00e7in tak\u0131m \u00fcreticisi.<\/strong><br \/>\n<strong> \u015eirket Sicil No: 1626173<\/strong><\/p>\n<p>[\/et_pb_text][\/et_pb_column][\/et_pb_row][\/et_pb_section]<\/p>","protected":false},"excerpt":{"rendered":"<p>Silikon F\u0131r\u0131n Eldiveni Biz profesyonel bir \u00e7in silikon kal\u0131p ve kal\u0131plama \u015firketi, SGS taraf\u0131ndan denetlenmi\u015f bir tedarik\u00e7i, a\u011f\u0131rl\u0131kl\u0131 olarak bakeware ve kitcheware, pi\u015firme eldivenleri, vapurlar\u0131 ve kaseler, bebek biberonlar\u0131, bileklikler, k\u00fcl tablalar\u0131, vb gibi ev e\u015fyalar\u0131 ve promosyon hediyeler de dahil olmak \u00fczere silikon \u00fcr\u00fcnleri yapan ... 1. 100% g\u0131da s\u0131n\u0131f\u0131 (FDA, SGS, LFGB) silikon malzeme 2. . Boyut: 212*161*37mm 3. [...]<\/p>","protected":false},"author":1,"featured_media":0,"parent":0,"menu_order":0,"comment_status":"closed","ping_status":"closed","template":"","meta":{"_et_pb_use_builder":"on","_et_pb_old_content":"","_et_gb_content_width":"","footnotes":""},"class_list":["post-953","page","type-page","status-publish","hentry"],"yoast_head":"<!-- This site is optimized with the Yoast SEO plugin v27.4 - https:\/\/yoast.com\/product\/yoast-seo-wordpress\/ -->\n<title>Silicone gloves - Plastic Mold | China Mold Maker<\/title>\n<meta name=\"robots\" content=\"index, follow, max-snippet:-1, max-image-preview:large, max-video-preview:-1\" \/>\n<link rel=\"canonical\" href=\"https:\/\/www.plasticmoldco.com\/tr\/szilikon-kesztyu\/\" \/>\n<meta property=\"og:locale\" content=\"tr_TR\" \/>\n<meta property=\"og:type\" content=\"article\" \/>\n<meta property=\"og:title\" content=\"Silicone gloves - Plastic Mold | China Mold Maker\" \/>\n<meta property=\"og:description\" content=\"Silicone Oven\u00a0 Glove We are a professional china silicone mold and molding company, an audited supplier by SGS, mainly engaged in silicone products, including household items and promotional gifts, such as bakeware&amp; kitcheware, baking gloves, steamers &amp; bowls, baby feeding bottles, wristbands, ashtrays, etc\u2026 1. 100% food-grade(FDA, SGS, LFGB) silicone material 2. Size: 212*161*37mm 3. [&hellip;]\" \/>\n<meta property=\"og:url\" content=\"https:\/\/www.plasticmoldco.com\/tr\/szilikon-kesztyu\/\" \/>\n<meta property=\"og:site_name\" content=\"Plastic Mold | China Mold Maker\" \/>\n<meta property=\"article:modified_time\" content=\"2018-10-18T09:54:05+00:00\" \/>\n<meta property=\"og:image\" content=\"https:\/\/plasticmoldco.com\/wp-content\/uploads\/2018\/10\/new.n-300x18.jpg\" \/>\n<meta name=\"twitter:card\" content=\"summary_large_image\" \/>\n<meta name=\"twitter:label1\" content=\"Tahmini okuma s\u00fcresi\" \/>\n\t<meta name=\"twitter:data1\" content=\"4 dakika\" \/>\n<script type=\"application\/ld+json\" class=\"yoast-schema-graph\">{\"@context\":\"https:\\\/\\\/schema.org\",\"@graph\":[{\"@type\":\"WebPage\",\"@id\":\"https:\\\/\\\/www.plasticmoldco.com\\\/hu\\\/szilikon-kesztyu\\\/\",\"url\":\"https:\\\/\\\/www.plasticmoldco.com\\\/hu\\\/szilikon-kesztyu\\\/\",\"name\":\"Silicone gloves - Plastic Mold | China Mold Maker\",\"isPartOf\":{\"@id\":\"https:\\\/\\\/www.plasticmoldco.com\\\/el\\\/#website\"},\"primaryImageOfPage\":{\"@id\":\"https:\\\/\\\/www.plasticmoldco.com\\\/hu\\\/szilikon-kesztyu\\\/#primaryimage\"},\"image\":{\"@id\":\"https:\\\/\\\/www.plasticmoldco.com\\\/hu\\\/szilikon-kesztyu\\\/#primaryimage\"},\"thumbnailUrl\":\"https:\\\/\\\/plasticmoldco.com\\\/wp-content\\\/uploads\\\/2018\\\/10\\\/new.n-300x18.jpg\",\"datePublished\":\"2018-10-18T09:43:08+00:00\",\"dateModified\":\"2018-10-18T09:54:05+00:00\",\"breadcrumb\":{\"@id\":\"https:\\\/\\\/www.plasticmoldco.com\\\/hu\\\/szilikon-kesztyu\\\/#breadcrumb\"},\"inLanguage\":\"tr\",\"potentialAction\":[{\"@type\":\"ReadAction\",\"target\":[\"https:\\\/\\\/www.plasticmoldco.com\\\/hu\\\/szilikon-kesztyu\\\/\"]}]},{\"@type\":\"ImageObject\",\"inLanguage\":\"tr\",\"@id\":\"https:\\\/\\\/www.plasticmoldco.com\\\/hu\\\/szilikon-kesztyu\\\/#primaryimage\",\"url\":\"https:\\\/\\\/plasticmoldco.com\\\/wp-content\\\/uploads\\\/2018\\\/10\\\/new.n-300x18.jpg\",\"contentUrl\":\"https:\\\/\\\/plasticmoldco.com\\\/wp-content\\\/uploads\\\/2018\\\/10\\\/new.n-300x18.jpg\"},{\"@type\":\"BreadcrumbList\",\"@id\":\"https:\\\/\\\/www.plasticmoldco.com\\\/hu\\\/szilikon-kesztyu\\\/#breadcrumb\",\"itemListElement\":[{\"@type\":\"ListItem\",\"position\":1,\"name\":\"Home\",\"item\":\"https:\\\/\\\/www.plasticmoldco.com\\\/\"},{\"@type\":\"ListItem\",\"position\":2,\"name\":\"Silicone gloves\"}]},{\"@type\":\"WebSite\",\"@id\":\"https:\\\/\\\/www.plasticmoldco.com\\\/el\\\/#website\",\"url\":\"https:\\\/\\\/www.plasticmoldco.com\\\/el\\\/\",\"name\":\"Plastic Mold | China Mold Maker\",\"description\":\"Are you looking for injection mold china? We are plastic mold maker\",\"publisher\":{\"@id\":\"https:\\\/\\\/www.plasticmoldco.com\\\/el\\\/#organization\"},\"potentialAction\":[{\"@type\":\"SearchAction\",\"target\":{\"@type\":\"EntryPoint\",\"urlTemplate\":\"https:\\\/\\\/www.plasticmoldco.com\\\/el\\\/?s={search_term_string}\"},\"query-input\":{\"@type\":\"PropertyValueSpecification\",\"valueRequired\":true,\"valueName\":\"search_term_string\"}}],\"inLanguage\":\"tr\"},{\"@type\":\"Organization\",\"@id\":\"https:\\\/\\\/www.plasticmoldco.com\\\/el\\\/#organization\",\"name\":\"Plastic Mold | China Mold Maker\",\"url\":\"https:\\\/\\\/www.plasticmoldco.com\\\/el\\\/\",\"logo\":{\"@type\":\"ImageObject\",\"inLanguage\":\"tr\",\"@id\":\"https:\\\/\\\/www.plasticmoldco.com\\\/el\\\/#\\\/schema\\\/logo\\\/image\\\/\",\"url\":\"https:\\\/\\\/plasticmoldco.com\\\/wp-content\\\/uploads\\\/2018\\\/10\\\/nlogon.png\",\"contentUrl\":\"https:\\\/\\\/plasticmoldco.com\\\/wp-content\\\/uploads\\\/2018\\\/10\\\/nlogon.png\",\"width\":204,\"height\":54,\"caption\":\"Plastic Mold | China Mold Maker\"},\"image\":{\"@id\":\"https:\\\/\\\/www.plasticmoldco.com\\\/el\\\/#\\\/schema\\\/logo\\\/image\\\/\"}}]}<\/script>\n<!-- \/ Yoast SEO plugin. -->","yoast_head_json":{"title":"Silikon eldivenler - Plastik Kal\u0131p | \u00c7in Kal\u0131p \u00dcreticisi","robots":{"index":"index","follow":"follow","max-snippet":"max-snippet:-1","max-image-preview":"max-image-preview:large","max-video-preview":"max-video-preview:-1"},"canonical":"https:\/\/www.plasticmoldco.com\/tr\/szilikon-kesztyu\/","og_locale":"tr_TR","og_type":"article","og_title":"Silicone gloves - Plastic Mold | China Mold Maker","og_description":"Silicone Oven\u00a0 Glove We are a professional china silicone mold and molding company, an audited supplier by SGS, mainly engaged in silicone products, including household items and promotional gifts, such as bakeware&amp; kitcheware, baking gloves, steamers &amp; bowls, baby feeding bottles, wristbands, ashtrays, etc\u2026 1. 100% food-grade(FDA, SGS, LFGB) silicone material 2. Size: 212*161*37mm 3. [&hellip;]","og_url":"https:\/\/www.plasticmoldco.com\/tr\/szilikon-kesztyu\/","og_site_name":"Plastic Mold | China Mold Maker","article_modified_time":"2018-10-18T09:54:05+00:00","og_image":[{"url":"https:\/\/plasticmoldco.com\/wp-content\/uploads\/2018\/10\/new.n-300x18.jpg","type":"","width":"","height":""}],"twitter_card":"summary_large_image","twitter_misc":{"Tahmini okuma s\u00fcresi":"4 dakika"},"schema":{"@context":"https:\/\/schema.org","@graph":[{"@type":"WebPage","@id":"https:\/\/www.plasticmoldco.com\/hu\/szilikon-kesztyu\/","url":"https:\/\/www.plasticmoldco.com\/hu\/szilikon-kesztyu\/","name":"Silikon eldivenler - Plastik Kal\u0131p | \u00c7in Kal\u0131p \u00dcreticisi","isPartOf":{"@id":"https:\/\/www.plasticmoldco.com\/el\/#website"},"primaryImageOfPage":{"@id":"https:\/\/www.plasticmoldco.com\/hu\/szilikon-kesztyu\/#primaryimage"},"image":{"@id":"https:\/\/www.plasticmoldco.com\/hu\/szilikon-kesztyu\/#primaryimage"},"thumbnailUrl":"https:\/\/plasticmoldco.com\/wp-content\/uploads\/2018\/10\/new.n-300x18.jpg","datePublished":"2018-10-18T09:43:08+00:00","dateModified":"2018-10-18T09:54:05+00:00","breadcrumb":{"@id":"https:\/\/www.plasticmoldco.com\/hu\/szilikon-kesztyu\/#breadcrumb"},"inLanguage":"tr","potentialAction":[{"@type":"ReadAction","target":["https:\/\/www.plasticmoldco.com\/hu\/szilikon-kesztyu\/"]}]},{"@type":"ImageObject","inLanguage":"tr","@id":"https:\/\/www.plasticmoldco.com\/hu\/szilikon-kesztyu\/#primaryimage","url":"https:\/\/plasticmoldco.com\/wp-content\/uploads\/2018\/10\/new.n-300x18.jpg","contentUrl":"https:\/\/plasticmoldco.com\/wp-content\/uploads\/2018\/10\/new.n-300x18.jpg"},{"@type":"BreadcrumbList","@id":"https:\/\/www.plasticmoldco.com\/hu\/szilikon-kesztyu\/#breadcrumb","itemListElement":[{"@type":"ListItem","position":1,"name":"Home","item":"https:\/\/www.plasticmoldco.com\/"},{"@type":"ListItem","position":2,"name":"Silicone gloves"}]},{"@type":"WebSite","@id":"https:\/\/www.plasticmoldco.com\/el\/#website","url":"https:\/\/www.plasticmoldco.com\/el\/","name":"Plastik Kal\u0131p | \u00c7in Kal\u0131p \u00dcreticisi","description":"\u00c7in enjeksiyon kal\u0131b\u0131 m\u0131 ar\u0131yorsunuz? Biz plastik kal\u0131p \u00fcreticisiyiz","publisher":{"@id":"https:\/\/www.plasticmoldco.com\/el\/#organization"},"potentialAction":[{"@type":"SearchAction","target":{"@type":"EntryPoint","urlTemplate":"https:\/\/www.plasticmoldco.com\/el\/?s={search_term_string}"},"query-input":{"@type":"PropertyValueSpecification","valueRequired":true,"valueName":"search_term_string"}}],"inLanguage":"tr"},{"@type":"Organization","@id":"https:\/\/www.plasticmoldco.com\/el\/#organization","name":"Plastik Kal\u0131p | \u00c7in Kal\u0131p \u00dcreticisi","url":"https:\/\/www.plasticmoldco.com\/el\/","logo":{"@type":"ImageObject","inLanguage":"tr","@id":"https:\/\/www.plasticmoldco.com\/el\/#\/schema\/logo\/image\/","url":"https:\/\/plasticmoldco.com\/wp-content\/uploads\/2018\/10\/nlogon.png","contentUrl":"https:\/\/plasticmoldco.com\/wp-content\/uploads\/2018\/10\/nlogon.png","width":204,"height":54,"caption":"Plastic Mold | China Mold Maker"},"image":{"@id":"https:\/\/www.plasticmoldco.com\/el\/#\/schema\/logo\/image\/"}}]}},"_links":{"self":[{"href":"https:\/\/www.plasticmoldco.com\/tr\/wp-json\/wp\/v2\/pages\/953","targetHints":{"allow":["GET"]}}],"collection":[{"href":"https:\/\/www.plasticmoldco.com\/tr\/wp-json\/wp\/v2\/pages"}],"about":[{"href":"https:\/\/www.plasticmoldco.com\/tr\/wp-json\/wp\/v2\/types\/page"}],"author":[{"embeddable":true,"href":"https:\/\/www.plasticmoldco.com\/tr\/wp-json\/wp\/v2\/users\/1"}],"replies":[{"embeddable":true,"href":"https:\/\/www.plasticmoldco.com\/tr\/wp-json\/wp\/v2\/comments?post=953"}],"version-history":[{"count":0,"href":"https:\/\/www.plasticmoldco.com\/tr\/wp-json\/wp\/v2\/pages\/953\/revisions"}],"wp:attachment":[{"href":"https:\/\/www.plasticmoldco.com\/tr\/wp-json\/wp\/v2\/media?parent=953"}],"curies":[{"name":"wp","href":"https:\/\/api.w.org\/{rel}","templated":true}]}}