{"id":667,"date":"2018-10-17T22:08:37","date_gmt":"2018-10-17T14:08:37","guid":{"rendered":"https:\/\/plasticmoldco.com\/?page_id=667"},"modified":"2018-10-17T22:23:32","modified_gmt":"2018-10-17T14:23:32","slug":"injection-mold-2","status":"publish","type":"page","link":"https:\/\/www.plasticmoldco.com\/tr\/enjeksiyon-kalibi-2-2\/","title":{"rendered":"enjeksiyon kal\u0131b\u0131"},"content":{"rendered":"<p>[et_pb_section bb_built=\"1\u2033 disabled_on=\"on|on|\" _builder_version=\"3.10.2\u2033 custom_padding=\"0|0px|0|0px|false|false\" next_background_color=\"#000000\u2033][et_pb_row custom_padding=\"18px|0px|0|0px|false|false\" _builder_version=\"3.0.48\u2033 background_size=\"initial\" background_position=\"top_left\" background_repeat=\"repeat\"][et_pb_column type=\"4_4\u2033][et_pb_text _builder_version=\"3.10.2\u2033 custom_margin=\"0px|-120px|16px|-100px\"]<\/p>\n<p><img loading=\"lazy\" decoding=\"async\" class=\"wp-image-213 alignnone size-medium\" src=\"https:\/\/plasticmoldco.com\/wp-content\/uploads\/2018\/10\/new.n-300x18.jpg\" alt=\"\" width=\"1266\" height=\"76\" srcset=\"https:\/\/www.plasticmoldco.com\/wp-content\/uploads\/2018\/10\/new.n-300x18.jpg 300w, https:\/\/www.plasticmoldco.com\/wp-content\/uploads\/2018\/10\/new.n-768x45.jpg 768w, https:\/\/www.plasticmoldco.com\/wp-content\/uploads\/2018\/10\/new.n-1024x60.jpg 1024w\" sizes=\"(max-width: 1266px) 100vw, 1266px\" \/><\/p>\n<p>[\/et_pb_text][\/et_pb_column][\/et_pb_row][\/et_pb_section][et_pb_section bb_built=\"1\u2033 disabled_on=\"||on\" _builder_version=\"3.10.2\u2033 custom_padding=\"22px|0px|0|0px|false|false\" prev_background_color=\"#000000\u2033 next_background_color=\"#000000\u2033][et_pb_row custom_padding=\"0|0px|12px|0px|false|false\" _builder_version=\"3.0.48\u2033 background_size=\"initial\" background_position=\"top_left\" background_repeat=\"repeat\"][et_pb_column type=\"4_4\u2033][et_pb_text _builder_version=\"3.10.2\u2033]<\/p>\n<p><img loading=\"lazy\" decoding=\"async\" class=\"wp-image-213 alignnone size-medium\" src=\"https:\/\/plasticmoldco.com\/wp-content\/uploads\/2018\/10\/new.n-300x18.jpg\" alt=\"\" width=\"1266\" height=\"76\" srcset=\"https:\/\/www.plasticmoldco.com\/wp-content\/uploads\/2018\/10\/new.n-300x18.jpg 300w, https:\/\/www.plasticmoldco.com\/wp-content\/uploads\/2018\/10\/new.n-768x45.jpg 768w, https:\/\/www.plasticmoldco.com\/wp-content\/uploads\/2018\/10\/new.n-1024x60.jpg 1024w\" sizes=\"(max-width: 1266px) 100vw, 1266px\" \/><\/p>\n<p>[\/et_pb_text][\/et_pb_column][\/et_pb_row][\/et_pb_section][et_pb_section bb_built=\"1\u2033 disabled_on=\"on|on|\" _builder_version=\"3.10.2\u2033 custom_padding=\"0|0px|54px|0px|false|false\" prev_background_color=\"#000000\u2033 next_background_color=\"#000000\u2033][et_pb_row custom_padding=\"0|0px|0|0px|false|false\" _builder_version=\"3.0.48\u2033 background_size=\"initial\" background_position=\"top_left\" background_repeat=\"repeat\"][et_pb_column type=\"3_4\u2033][et_pb_text _builder_version=\"3.10.2\u2033 border_width_all=\"3px\" border_color_all=\"#e5e5e5\u2033 custom_margin=\"15px|-90px||-86px\" custom_padding=\"10px|10px|10px|10px\"]<\/p>\n<div id=\"titlep\">\n<div id=\"titlep\">\n<div id=\"titlep\">\n<div id=\"titlep\">\n<div>\n<h2>enjeksiyon kal\u0131b\u0131<\/h2>\n<\/div>\n<\/div>\n<div id=\"mge\"><\/div>\n<p><img loading=\"lazy\" decoding=\"async\" class=\"aligncenter size-full wp-image-1061\" title=\"enjeksiyon kal\u0131p \u015firketi \u00e7in\" src=\"https:\/\/web.archive.org\/web\/20140910215456im_\/http:\/\/www.moldchina.org\/wp-content\/uploads\/2011\/07\/21_7_85089467-51-33-51.jpg\" alt=\"\" width=\"403\" height=\"528\" \/><\/p>\n<p>1) Plastik enjeksiyon kal\u0131b\u0131 \/ kal\u0131b\u0131 \u00fcretiminde uzman\u0131z. Ayr\u0131ca plastik enjeksiyon kal\u0131plama \/ kal\u0131plama sunuyoruz, her t\u00fcrl\u00fc plastik kal\u0131p ve ilgili \u00fcr\u00fcnleri \/ par\u00e7alar\u0131 yap\u0131yoruz.<\/p>\n<p>2) Kal\u0131b\u0131 m\u00fc\u015fterilerin \u00e7izimlerine ve numunesine g\u00f6re tasarl\u0131yor ve yap\u0131yoruz.<\/p>\n<p>3) Kal\u0131p \u00e7elik malzemesi: NAK80, S136, 718, 2311, 738,2344 veya m\u00fc\u015fterilerin taleplerine g\u00f6re.<\/p>\n<p>4) Hem so\u011fuk yolluk hem de s\u0131cak yolluk kal\u0131plar\u0131nda deneyimliyiz.<\/p>\n<p>5) Teslim s\u00fcresi: Depozitonun al\u0131nmas\u0131ndan ve \u00e7izimlerin onaylanmas\u0131ndan 20-40 g\u00fcn sonra, esas olarak kal\u0131p demensions ve yap\u0131s\u0131na ba\u011fl\u0131 olarak.<\/p>\n<p>6) \u00d6deme: 5\/3\/2 (50% depozito, ilk numunenin al\u0131nmas\u0131ndan sonra 30%, onay tamamland\u0131ktan sonra sevkiyat \u00f6ncesi bakiye 20%) T \/ T taraf\u0131ndan<\/p>\n<p>7) Paketleme: Standart tahta sand\u0131k veya m\u00fc\u015fterilerin gereksinimlerine g\u00f6re.<\/p>\n<\/div>\n<\/div>\n<\/div>\n<p>[\/et_pb_text][\/et_pb_column][et_pb_column type=\"1_4\u2033][et_pb_sidebar _builder_version=\"3.10.2\u2033 area=\"sidebar-1\u2033 custom_margin=\"15px|-94px||40px\" custom_padding=\"10px|10px|10px|10px\" border_width_all=\"2px\" border_color_all=\"#d3d3d3\u2033 \/][\/et_pb_column][\/et_pb_row][\/et_pb_section][et_pb_section bb_built=\"1\u2033 disabled_on=\"||on\" _builder_version=\"3.10.2\u2033 custom_padding=\"0|0px|54px|0px|false|false\" prev_background_color=\"#000000\u2033 next_background_color=\"#000000\u2033][et_pb_row custom_padding=\"0|0px|0|0px|false|false\" _builder_version=\"3.0.48\u2033 background_size=\"initial\" background_position=\"top_left\" background_repeat=\"repeat\"][et_pb_column type=\"4_4\u2033][et_pb_text _builder_version=\"3.10.2\u2033 border_width_all=\"3px\" border_color_all=\"#e5e5e5\u2033]<\/p>\n<div id=\"titlep\">\n<div id=\"titlep\">\n<div id=\"titlep\">\n<div>\n<h2>enjeksiyon kal\u0131b\u0131<\/h2>\n<\/div>\n<\/div>\n<div id=\"mge\"><\/div>\n<p><img loading=\"lazy\" decoding=\"async\" class=\"aligncenter size-full wp-image-1061\" title=\"enjeksiyon kal\u0131p \u015firketi \u00e7in\" src=\"https:\/\/web.archive.org\/web\/20140910215456im_\/http:\/\/www.moldchina.org\/wp-content\/uploads\/2011\/07\/21_7_85089467-51-33-51.jpg\" alt=\"\" width=\"403\" height=\"528\" \/><\/p>\n<p>1) Plastik enjeksiyon kal\u0131b\u0131 \/ kal\u0131b\u0131 \u00fcretiminde uzman\u0131z. Ayr\u0131ca plastik enjeksiyon kal\u0131plama \/ kal\u0131plama sunuyoruz, her t\u00fcrl\u00fc plastik kal\u0131p ve ilgili \u00fcr\u00fcnleri \/ par\u00e7alar\u0131 yap\u0131yoruz.<\/p>\n<p>2) Kal\u0131b\u0131 m\u00fc\u015fterilerin \u00e7izimlerine ve numunesine g\u00f6re tasarl\u0131yor ve yap\u0131yoruz.<\/p>\n<p>3) Kal\u0131p \u00e7elik malzemesi: NAK80, S136, 718, 2311, 738,2344 veya m\u00fc\u015fterilerin taleplerine g\u00f6re.<\/p>\n<p>4) Hem so\u011fuk yolluk hem de s\u0131cak yolluk kal\u0131plar\u0131nda deneyimliyiz.<\/p>\n<p>5) Teslim s\u00fcresi: Depozitonun al\u0131nmas\u0131ndan ve \u00e7izimlerin onaylanmas\u0131ndan 20-40 g\u00fcn sonra, esas olarak kal\u0131p demensions ve yap\u0131s\u0131na ba\u011fl\u0131 olarak.<\/p>\n<p>6) \u00d6deme: 5\/3\/2 (50% depozito, ilk numunenin al\u0131nmas\u0131ndan sonra 30%, onay tamamland\u0131ktan sonra sevkiyat \u00f6ncesi bakiye 20%) T \/ T taraf\u0131ndan<\/p>\n<p>7) Paketleme: Standart tahta sand\u0131k veya m\u00fc\u015fterilerin gereksinimlerine g\u00f6re.<\/p>\n<\/div>\n<\/div>\n<p>[\/et_pb_text][et_pb_text _builder_version=\"3.10.2\u2033 text_font_size=\"13px\" header_font=\"|700|||||||\" border_width_all=\"2px\" border_color_all=\"#bcbcbc\" inline_fonts=\"Arial\"]<\/p>\n<h4><img loading=\"lazy\" decoding=\"async\" class=\"wp-image-111 alignnone\" src=\"https:\/\/plasticmoldco.com\/wp-content\/uploads\/2018\/10\/sss.png\" alt=\"\" width=\"16\" height=\"13\" \/><strong>Kal\u0131p \u00dcr\u00fcn<\/strong><\/h4>\n<hr \/>\n<p>\u2192 <span style=\"font-size: medium;\"><strong><span style=\"color: #000000;\"><a style=\"color: #000000;\" href=\"https:\/\/www.plasticmoldco.com\/tr\/kuf\/\">KALIP<\/a><\/span><\/strong><\/span><br \/>\n<span style=\"font-size: medium;\"><strong><span style=\"color: #000000;\"> \u2192 <a style=\"color: #000000;\" href=\"https:\/\/www.plasticmoldco.com\/tr\/prototi\u0307p-parcalar\/\">Prototip par\u00e7alar<\/a><\/span><\/strong><\/span><br \/>\n<span style=\"font-size: medium;\"><strong><span style=\"color: #000000;\"> \u2192 <a style=\"color: #000000;\" href=\"https:\/\/www.plasticmoldco.com\/tr\/plasti\u0307k-parca\/\">Plastik Par\u00e7a<\/a><\/span><\/strong><\/span><br \/>\n<span style=\"font-size: medium;\"><strong><span style=\"color: #000000;\"> \u2192 <a style=\"color: #000000;\" href=\"https:\/\/www.plasticmoldco.com\/tr\/si\u0307li\u0307kon-kaucuk-parcalar\/\">si\u0307li\u0307kon ve kau\u00e7uk par\u00e7alar<\/a><\/span><\/strong><\/span><\/p>\n<p><span style=\"font-size: medium;\"><strong><span style=\"color: #000000;\">Bize Ula\u015f\u0131n<\/span><\/strong><\/span><\/p>\n<hr \/>\n<p><strong><span style=\"color: #000000;\">DONGGUAN SINCERE TECH CO.LTD<\/span><\/strong><br \/>\n<strong><span style=\"color: #000000;\"> FABRI\u0307KA ADRESI\u0307 YUANXIA LU, YUANJIANG YUANG, CHANGPING KASABASI, DONNGUAN \u015eEHRI\u0307, GUANGDONG EYALETI\u0307, \u00c7I\u0307N 523000<\/span><\/strong><\/p>\n<p><strong><span style=\"color: #000000;\">TEL: +86 (0)769 3366 9997<\/span><\/strong><br \/>\n<strong><span style=\"color: #000000;\"> FAKS: +86 (0)769 3366 9997<\/span><\/strong><\/p>\n<p><strong><span style=\"color: #000000;\">EMA\u0130L: <a href=\"mailto:INFO@sinceretetechs.com\">INFO@sinceretetechs.com<\/a><\/span><\/strong><\/p>\n<ul>\n<li id=\"tag_cloud-3\" class=\"widget-container widget_tag_cloud\">\n<h3 class=\"widget-title\"><strong>Pop\u00fcler arama<\/strong><\/h3>\n<hr \/>\n<div class=\"tagcloud\"><strong>\u00c7in Bas\u0131n\u00e7l\u0131 D\u00f6k\u00fcm \u00e7in enjeksiyon kal\u0131p \u015firket \u00e7in enjeksiyon kal\u0131p fabrikas\u0131 \u00e7in enjeksiyon kal\u0131plama \u00e7in enjeksiyon kal\u0131p \u00fcreticisi \u00c7in Enjeksiyon Kal\u0131b\u0131 \u00e7in enjeksiyon kal\u0131p \u015firket \u00e7in kal\u0131p fabrikas\u0131 \u00e7in kal\u0131p \u00fcreticis \u00e7in kal\u0131p tedarik\u00e7isi \u00e7in kal\u0131p \u00c7in Kal\u0131p \u00fcreticisi \u00c7in Kal\u0131p tedarik\u00e7ileri \u00e7in plastik kal\u0131p \u015firketi\u00e7ine silikon \u00e7in silikon kau\u00e7uk\u00e7in tak\u0131m \u00fcreticisi \u00e7in \u00e7in'de tak\u0131m \u00fcreticisi enjeksiyon kal\u0131b\u0131 Enjeksiyon Kal\u0131pl\u0131 Plastikler Enjeksiyon kal\u0131plama enjeksiyon kal\u0131plama \u00e7in enjeksiyon kal\u0131plama \u00e7inplastik enjeksiyon kal\u0131plama plastik kal\u0131p \u00e7in Prototip par\u00e7alar silikon \u00e7insilikon kau\u00e7uk alet kal\u0131p yap\u0131m\u0131 \u00e7in<\/strong><\/div>\n<\/li>\n<\/ul>\n<p><img decoding=\"async\" style=\"font-size: 13px; background-color: #ffffff; text-align: -webkit-center; display: block; margin-left: auto; margin-right: auto;\" src=\"https:\/\/web.archive.org\/web\/20140728234454im_\/http:\/\/www.moldchina.org\/wp-content\/themes\/9C008\/images\/iso.jpg\" \/><\/p>\n<p>[\/et_pb_text][\/et_pb_column][\/et_pb_row][\/et_pb_section][et_pb_section bb_built=\"1\u2033 disabled_on=\"on|on|\" _builder_version=\u201d3.10.2\u2033 custom_margin=\u201d-103px|||\u201d prev_background_color=\u201d#000000\u2033 next_background_color=\u201d#000000\u2033][et_pb_row _builder_version=\u201d3.0.48\u2033 background_size=\"initial\" background_position=\"top_left\" background_repeat=\"repeat\"][et_pb_column type=\"4_4\u2033][et_pb_text _builder_version=\"3.10.2\u2033 custom_margin=\"|-62px||-84px\"]<\/p>\n<p style=\"padding-left: 30px;\"><strong>\u00c7in plastik enjeksiyon kal\u0131b\u0131, alet \u00fcreticisi, \u00c7in kal\u0131p \u00fcreticisi, \u00c7in tak\u0131m, Plastik kal\u0131p \u00e7in, \u00c7in enjeksiyon kal\u0131p fabrikas\u0131, \u00e7in'de plastik enjeksiyon kal\u0131p \u00fcreticisi<\/strong><\/p>\n<p>[\/et_pb_text][et_pb_text _builder_version=\u201d3.10.2\u2033 custom_margin=\u201d-15px|-50px||-50px\u201d]<\/p>\n<p><strong><span style=\"color: #0c0c0c;\"><a href=\"https:\/\/www.plasticmoldco.com\/tr\/\">Ev\u00a0 \u00a0<\/a>|\u00a0 \u00a0<a href=\"https:\/\/www.plasticmoldco.com\/tr\/about-us\/\">Hakk\u0131m\u0131zda\u00a0<\/a> \u00a0|\u00a0 <a href=\"https:\/\/www.plasticmoldco.com\/tr\/tasarim-muhendi\u0307sli\u0307gi\u0307\/\">Tasar\u0131m ve M\u00fchendislik<\/a>\u00a0 |\u00a0 \u00a0<a href=\"https:\/\/www.plasticmoldco.com\/tr\/products\/\">\u00dcr\u00fcnler\u00a0\u00a0\u00a0\u00a0\u00a0<\/a>|\u00a0\u00a0\u00a0\u00a0\u00a0<a href=\"https:\/\/www.plasticmoldco.com\/tr\/haberler\/\">Haberler<\/a>\u00a0\u00a0\u00a0\u00a0\u00a0|\u00a0\u00a0\u00a0\u00a0\u00a0<a href=\"https:\/\/www.plasticmoldco.com\/tr\/kali\u0307te-si\u0307gortasi\/\">Kalite Sigortas\u0131\u00a0<\/a>\u00a0\u00a0\u00a0\u00a0|\u00a0 \u00a0 <a href=\"https:\/\/www.plasticmoldco.com\/tr\/po-proseduru\/\">PO Prosed\u00fcr\u00fc<\/a>\u00a0 \u00a0 |\u00a0 \u00a0 <a href=\"https:\/\/www.plasticmoldco.com\/tr\/ekipman\/\">Ekipman\u00a0 \u00a0<\/a> |\u00a0 \u00a0<a href=\"https:\/\/www.plasticmoldco.com\/tr\/endustri\u0307yel-tasarim-vakasi\/\">End\u00fcstriyel Tasar\u0131m \u00d6rne\u011fi\u00a0<\/a> \u00a0 |\u00a0 \u00a0 <a href=\"https:\/\/www.plasticmoldco.com\/tr\/site-haritasi\/\">Site Haritas\u0131<\/a><\/span><\/strong><\/p>\n<p>[\/et_pb_text][et_pb_text _builder_version=\"3.10.2\u2033 custom_margin=\"-15px||\"]<\/p>\n<p style=\"text-align: center;\"><strong>Telif Hakk\u0131 \u00a9 2011 DONGGUAN SINCER TECH CO.LTD. | \u00c7in Kal\u0131p \u00fcreticisi, \u00e7in Plastik enjeksiyon kal\u0131plama, \u00e7in tak\u0131m \u00fcreticisi.<\/strong><br \/>\n<strong> \u015eirket Sicil No: 1626173<\/strong><\/p>\n<p>[\/et_pb_text][\/et_pb_column][\/et_pb_row][\/et_pb_section][et_pb_section bb_built=\"1\u2033 disabled_on=\"||on\" _builder_version=\"3.10.2\u2033 custom_margin=\"-103px|||\" prev_background_color=\"#000000\u2033][et_pb_row _builder_version=\"3.0.48\u2033 background_size=\"initial\" background_position=\"top_left\" background_repeat=\"repeat\"][et_pb_column type=\"4_4\u2033][et_pb_text _builder_version=\"3.10.2\u2033]<\/p>\n<p style=\"padding-left: 30px;\"><strong>\u00c7in plastik enjeksiyon kal\u0131b\u0131, alet \u00fcreticisi, \u00c7in kal\u0131p \u00fcreticisi, \u00c7in tak\u0131m, Plastik kal\u0131p \u00e7in, \u00c7in enjeksiyon kal\u0131p fabrikas\u0131, \u00e7in'de plastik enjeksiyon kal\u0131p \u00fcreticisi<\/strong><\/p>\n<p>[\/et_pb_text][et_pb_text _builder_version=\u201d3.10.2\u2033]<\/p>\n<p><strong><span style=\"color: #0c0c0c;\"><a href=\"https:\/\/www.plasticmoldco.com\/tr\/\">Ev\u00a0 \u00a0<\/a>|\u00a0 \u00a0<a href=\"https:\/\/www.plasticmoldco.com\/tr\/about-us\/\">Hakk\u0131m\u0131zda\u00a0<\/a> \u00a0|\u00a0 <a href=\"https:\/\/www.plasticmoldco.com\/tr\/tasarim-muhendi\u0307sli\u0307gi\u0307\/\">Tasar\u0131m ve M\u00fchendislik<\/a>\u00a0 |\u00a0 \u00a0<a href=\"https:\/\/www.plasticmoldco.com\/tr\/products\/\">\u00dcr\u00fcnler\u00a0\u00a0\u00a0\u00a0\u00a0<\/a>|\u00a0\u00a0\u00a0\u00a0\u00a0<a href=\"https:\/\/www.plasticmoldco.com\/tr\/haberler\/\">Haberler<\/a>\u00a0\u00a0\u00a0\u00a0\u00a0|\u00a0\u00a0\u00a0\u00a0\u00a0<a href=\"https:\/\/www.plasticmoldco.com\/tr\/kali\u0307te-si\u0307gortasi\/\">Kalite Sigortas\u0131\u00a0<\/a>\u00a0\u00a0\u00a0\u00a0|\u00a0 \u00a0 <a href=\"https:\/\/www.plasticmoldco.com\/tr\/po-proseduru\/\">PO Prosed\u00fcr\u00fc<\/a>\u00a0 \u00a0 |\u00a0 \u00a0 <a href=\"https:\/\/www.plasticmoldco.com\/tr\/ekipman\/\">Ekipman\u00a0 \u00a0<\/a> |\u00a0 \u00a0<a href=\"https:\/\/www.plasticmoldco.com\/tr\/endustri\u0307yel-tasarim-vakasi\/\">End\u00fcstriyel Tasar\u0131m \u00d6rne\u011fi\u00a0<\/a> \u00a0 |\u00a0 \u00a0 <a href=\"https:\/\/www.plasticmoldco.com\/tr\/site-haritasi\/\">Site Haritas\u0131<\/a><\/span><\/strong><\/p>\n<p>[\/et_pb_text][et_pb_text _builder_version=\u201d3.10.2\u2033]<\/p>\n<p style=\"text-align: center;\"><strong>Telif Hakk\u0131 \u00a9 2011 DONGGUAN SINCER TECH CO.LTD. | \u00c7in Kal\u0131p \u00fcreticisi, \u00e7in Plastik enjeksiyon kal\u0131plama, \u00e7in tak\u0131m \u00fcreticisi.<\/strong><br \/>\n<strong> \u015eirket Sicil No: 1626173<\/strong><\/p>\n<p>[\/et_pb_text][\/et_pb_column][\/et_pb_row][\/et_pb_section]<\/p>","protected":false},"excerpt":{"rendered":"<p>enjeksiyon kal\u0131b\u0131 1) Plastik enjeksiyon kal\u0131b\u0131 \/ kal\u0131b\u0131 \u00fcretiminde uzman\u0131z. Ayr\u0131ca plastik enjeksiyon kal\u0131plama \/ kal\u0131plama sunuyoruz, her t\u00fcrl\u00fc plastik kal\u0131p ve ilgili \u00fcr\u00fcnleri \/ par\u00e7alar\u0131 yap\u0131yoruz. 2) Kal\u0131b\u0131 m\u00fc\u015fterilerin \u00e7izimlerine ve \u00f6rne\u011fine g\u00f6re tasarl\u0131yor ve yap\u0131yoruz. 3) Kal\u0131p \u00e7elik malzemesi: NAK80, S136, 718, 2311, 738,2344 veya m\u00fc\u015fterilerin taleplerine g\u00f6re. 4) Biz [...]<\/p>","protected":false},"author":1,"featured_media":0,"parent":0,"menu_order":0,"comment_status":"closed","ping_status":"closed","template":"","meta":{"_et_pb_use_builder":"on","_et_pb_old_content":"","_et_gb_content_width":"","footnotes":""},"class_list":["post-667","page","type-page","status-publish","hentry"],"yoast_head":"<!-- This site is optimized with the Yoast SEO plugin v27.4 - https:\/\/yoast.com\/product\/yoast-seo-wordpress\/ -->\n<title>injection mold - Plastic Mold | China Mold Maker<\/title>\n<meta name=\"robots\" content=\"index, follow, max-snippet:-1, max-image-preview:large, max-video-preview:-1\" \/>\n<link rel=\"canonical\" href=\"https:\/\/www.plasticmoldco.com\/tr\/froccsontoforma-2-2\/\" \/>\n<meta property=\"og:locale\" content=\"tr_TR\" \/>\n<meta property=\"og:type\" content=\"article\" \/>\n<meta property=\"og:title\" content=\"injection mold - Plastic Mold | China Mold Maker\" \/>\n<meta property=\"og:description\" content=\"injection mold 1) We specialize in manufacturing plastic injection mould\/mold. Also we offer plastic injection molding\/moulding, we make all kinds of plastic mould and the corresponding products\/parts. 2) We design and make the mould according to clients\u2019 drawings and sample. 3) Mould steel material: NAK80, S136, 718, 2311 ,738,2344 or according clients\u2019 demands. 4) We [&hellip;]\" \/>\n<meta property=\"og:url\" content=\"https:\/\/www.plasticmoldco.com\/tr\/froccsontoforma-2-2\/\" \/>\n<meta property=\"og:site_name\" content=\"Plastic Mold | China Mold Maker\" \/>\n<meta property=\"article:modified_time\" content=\"2018-10-17T14:23:32+00:00\" \/>\n<meta property=\"og:image\" content=\"https:\/\/plasticmoldco.com\/wp-content\/uploads\/2018\/10\/new.n-300x18.jpg\" \/>\n<meta name=\"twitter:card\" content=\"summary_large_image\" \/>\n<meta name=\"twitter:label1\" content=\"Tahmini okuma s\u00fcresi\" \/>\n\t<meta name=\"twitter:data1\" content=\"5 dakika\" \/>\n<script type=\"application\/ld+json\" class=\"yoast-schema-graph\">{\"@context\":\"https:\\\/\\\/schema.org\",\"@graph\":[{\"@type\":\"WebPage\",\"@id\":\"https:\\\/\\\/www.plasticmoldco.com\\\/hu\\\/froccsontoforma-2-2\\\/\",\"url\":\"https:\\\/\\\/www.plasticmoldco.com\\\/hu\\\/froccsontoforma-2-2\\\/\",\"name\":\"injection mold - Plastic Mold | China Mold Maker\",\"isPartOf\":{\"@id\":\"https:\\\/\\\/www.plasticmoldco.com\\\/el\\\/#website\"},\"primaryImageOfPage\":{\"@id\":\"https:\\\/\\\/www.plasticmoldco.com\\\/hu\\\/froccsontoforma-2-2\\\/#primaryimage\"},\"image\":{\"@id\":\"https:\\\/\\\/www.plasticmoldco.com\\\/hu\\\/froccsontoforma-2-2\\\/#primaryimage\"},\"thumbnailUrl\":\"https:\\\/\\\/plasticmoldco.com\\\/wp-content\\\/uploads\\\/2018\\\/10\\\/new.n-300x18.jpg\",\"datePublished\":\"2018-10-17T14:08:37+00:00\",\"dateModified\":\"2018-10-17T14:23:32+00:00\",\"breadcrumb\":{\"@id\":\"https:\\\/\\\/www.plasticmoldco.com\\\/hu\\\/froccsontoforma-2-2\\\/#breadcrumb\"},\"inLanguage\":\"tr\",\"potentialAction\":[{\"@type\":\"ReadAction\",\"target\":[\"https:\\\/\\\/www.plasticmoldco.com\\\/hu\\\/froccsontoforma-2-2\\\/\"]}]},{\"@type\":\"ImageObject\",\"inLanguage\":\"tr\",\"@id\":\"https:\\\/\\\/www.plasticmoldco.com\\\/hu\\\/froccsontoforma-2-2\\\/#primaryimage\",\"url\":\"https:\\\/\\\/plasticmoldco.com\\\/wp-content\\\/uploads\\\/2018\\\/10\\\/new.n-300x18.jpg\",\"contentUrl\":\"https:\\\/\\\/plasticmoldco.com\\\/wp-content\\\/uploads\\\/2018\\\/10\\\/new.n-300x18.jpg\"},{\"@type\":\"BreadcrumbList\",\"@id\":\"https:\\\/\\\/www.plasticmoldco.com\\\/hu\\\/froccsontoforma-2-2\\\/#breadcrumb\",\"itemListElement\":[{\"@type\":\"ListItem\",\"position\":1,\"name\":\"Home\",\"item\":\"https:\\\/\\\/www.plasticmoldco.com\\\/\"},{\"@type\":\"ListItem\",\"position\":2,\"name\":\"injection mold\"}]},{\"@type\":\"WebSite\",\"@id\":\"https:\\\/\\\/www.plasticmoldco.com\\\/el\\\/#website\",\"url\":\"https:\\\/\\\/www.plasticmoldco.com\\\/el\\\/\",\"name\":\"Plastic Mold | China Mold Maker\",\"description\":\"Are you looking for injection mold china? We are plastic mold maker\",\"publisher\":{\"@id\":\"https:\\\/\\\/www.plasticmoldco.com\\\/el\\\/#organization\"},\"potentialAction\":[{\"@type\":\"SearchAction\",\"target\":{\"@type\":\"EntryPoint\",\"urlTemplate\":\"https:\\\/\\\/www.plasticmoldco.com\\\/el\\\/?s={search_term_string}\"},\"query-input\":{\"@type\":\"PropertyValueSpecification\",\"valueRequired\":true,\"valueName\":\"search_term_string\"}}],\"inLanguage\":\"tr\"},{\"@type\":\"Organization\",\"@id\":\"https:\\\/\\\/www.plasticmoldco.com\\\/el\\\/#organization\",\"name\":\"Plastic Mold | China Mold Maker\",\"url\":\"https:\\\/\\\/www.plasticmoldco.com\\\/el\\\/\",\"logo\":{\"@type\":\"ImageObject\",\"inLanguage\":\"tr\",\"@id\":\"https:\\\/\\\/www.plasticmoldco.com\\\/el\\\/#\\\/schema\\\/logo\\\/image\\\/\",\"url\":\"https:\\\/\\\/plasticmoldco.com\\\/wp-content\\\/uploads\\\/2018\\\/10\\\/nlogon.png\",\"contentUrl\":\"https:\\\/\\\/plasticmoldco.com\\\/wp-content\\\/uploads\\\/2018\\\/10\\\/nlogon.png\",\"width\":204,\"height\":54,\"caption\":\"Plastic Mold | China Mold Maker\"},\"image\":{\"@id\":\"https:\\\/\\\/www.plasticmoldco.com\\\/el\\\/#\\\/schema\\\/logo\\\/image\\\/\"}}]}<\/script>\n<!-- \/ Yoast SEO plugin. -->","yoast_head_json":{"title":"enjeksiyon kal\u0131b\u0131 - Plastik Kal\u0131p | \u00c7in Kal\u0131p \u00dcreticisi","robots":{"index":"index","follow":"follow","max-snippet":"max-snippet:-1","max-image-preview":"max-image-preview:large","max-video-preview":"max-video-preview:-1"},"canonical":"https:\/\/www.plasticmoldco.com\/tr\/froccsontoforma-2-2\/","og_locale":"tr_TR","og_type":"article","og_title":"injection mold - Plastic Mold | China Mold Maker","og_description":"injection mold 1) We specialize in manufacturing plastic injection mould\/mold. Also we offer plastic injection molding\/moulding, we make all kinds of plastic mould and the corresponding products\/parts. 2) We design and make the mould according to clients\u2019 drawings and sample. 3) Mould steel material: NAK80, S136, 718, 2311 ,738,2344 or according clients\u2019 demands. 4) We [&hellip;]","og_url":"https:\/\/www.plasticmoldco.com\/tr\/froccsontoforma-2-2\/","og_site_name":"Plastic Mold | China Mold Maker","article_modified_time":"2018-10-17T14:23:32+00:00","og_image":[{"url":"https:\/\/plasticmoldco.com\/wp-content\/uploads\/2018\/10\/new.n-300x18.jpg","type":"","width":"","height":""}],"twitter_card":"summary_large_image","twitter_misc":{"Tahmini okuma s\u00fcresi":"5 dakika"},"schema":{"@context":"https:\/\/schema.org","@graph":[{"@type":"WebPage","@id":"https:\/\/www.plasticmoldco.com\/hu\/froccsontoforma-2-2\/","url":"https:\/\/www.plasticmoldco.com\/hu\/froccsontoforma-2-2\/","name":"enjeksiyon kal\u0131b\u0131 - Plastik Kal\u0131p | \u00c7in Kal\u0131p \u00dcreticisi","isPartOf":{"@id":"https:\/\/www.plasticmoldco.com\/el\/#website"},"primaryImageOfPage":{"@id":"https:\/\/www.plasticmoldco.com\/hu\/froccsontoforma-2-2\/#primaryimage"},"image":{"@id":"https:\/\/www.plasticmoldco.com\/hu\/froccsontoforma-2-2\/#primaryimage"},"thumbnailUrl":"https:\/\/plasticmoldco.com\/wp-content\/uploads\/2018\/10\/new.n-300x18.jpg","datePublished":"2018-10-17T14:08:37+00:00","dateModified":"2018-10-17T14:23:32+00:00","breadcrumb":{"@id":"https:\/\/www.plasticmoldco.com\/hu\/froccsontoforma-2-2\/#breadcrumb"},"inLanguage":"tr","potentialAction":[{"@type":"ReadAction","target":["https:\/\/www.plasticmoldco.com\/hu\/froccsontoforma-2-2\/"]}]},{"@type":"ImageObject","inLanguage":"tr","@id":"https:\/\/www.plasticmoldco.com\/hu\/froccsontoforma-2-2\/#primaryimage","url":"https:\/\/plasticmoldco.com\/wp-content\/uploads\/2018\/10\/new.n-300x18.jpg","contentUrl":"https:\/\/plasticmoldco.com\/wp-content\/uploads\/2018\/10\/new.n-300x18.jpg"},{"@type":"BreadcrumbList","@id":"https:\/\/www.plasticmoldco.com\/hu\/froccsontoforma-2-2\/#breadcrumb","itemListElement":[{"@type":"ListItem","position":1,"name":"Home","item":"https:\/\/www.plasticmoldco.com\/"},{"@type":"ListItem","position":2,"name":"injection mold"}]},{"@type":"WebSite","@id":"https:\/\/www.plasticmoldco.com\/el\/#website","url":"https:\/\/www.plasticmoldco.com\/el\/","name":"Plastik Kal\u0131p | \u00c7in Kal\u0131p \u00dcreticisi","description":"\u00c7in enjeksiyon kal\u0131b\u0131 m\u0131 ar\u0131yorsunuz? Biz plastik kal\u0131p \u00fcreticisiyiz","publisher":{"@id":"https:\/\/www.plasticmoldco.com\/el\/#organization"},"potentialAction":[{"@type":"SearchAction","target":{"@type":"EntryPoint","urlTemplate":"https:\/\/www.plasticmoldco.com\/el\/?s={search_term_string}"},"query-input":{"@type":"PropertyValueSpecification","valueRequired":true,"valueName":"search_term_string"}}],"inLanguage":"tr"},{"@type":"Organization","@id":"https:\/\/www.plasticmoldco.com\/el\/#organization","name":"Plastik Kal\u0131p | \u00c7in Kal\u0131p \u00dcreticisi","url":"https:\/\/www.plasticmoldco.com\/el\/","logo":{"@type":"ImageObject","inLanguage":"tr","@id":"https:\/\/www.plasticmoldco.com\/el\/#\/schema\/logo\/image\/","url":"https:\/\/plasticmoldco.com\/wp-content\/uploads\/2018\/10\/nlogon.png","contentUrl":"https:\/\/plasticmoldco.com\/wp-content\/uploads\/2018\/10\/nlogon.png","width":204,"height":54,"caption":"Plastic Mold | China Mold Maker"},"image":{"@id":"https:\/\/www.plasticmoldco.com\/el\/#\/schema\/logo\/image\/"}}]}},"_links":{"self":[{"href":"https:\/\/www.plasticmoldco.com\/tr\/wp-json\/wp\/v2\/pages\/667","targetHints":{"allow":["GET"]}}],"collection":[{"href":"https:\/\/www.plasticmoldco.com\/tr\/wp-json\/wp\/v2\/pages"}],"about":[{"href":"https:\/\/www.plasticmoldco.com\/tr\/wp-json\/wp\/v2\/types\/page"}],"author":[{"embeddable":true,"href":"https:\/\/www.plasticmoldco.com\/tr\/wp-json\/wp\/v2\/users\/1"}],"replies":[{"embeddable":true,"href":"https:\/\/www.plasticmoldco.com\/tr\/wp-json\/wp\/v2\/comments?post=667"}],"version-history":[{"count":0,"href":"https:\/\/www.plasticmoldco.com\/tr\/wp-json\/wp\/v2\/pages\/667\/revisions"}],"wp:attachment":[{"href":"https:\/\/www.plasticmoldco.com\/tr\/wp-json\/wp\/v2\/media?parent=667"}],"curies":[{"name":"wp","href":"https:\/\/api.w.org\/{rel}","templated":true}]}}