{"id":12,"date":"2018-10-14T16:59:39","date_gmt":"2018-10-14T08:59:39","guid":{"rendered":"https:\/\/plasticmoldco.com\/?page_id=12"},"modified":"2019-02-15T21:45:09","modified_gmt":"2019-02-15T13:45:09","slug":"company","status":"publish","type":"page","link":"https:\/\/www.plasticmoldco.com\/tr\/sirket\/","title":{"rendered":"Hakk\u0131m\u0131zda"},"content":{"rendered":"<p>[et_pb_section bb_built=\u201d1\u2033 disabled_on=\u201don|on|\u201d _builder_version=\u201d3.10.2\u2033 custom_padding=\u201d0|0px|54px|0px|false|false\u201d next_background_color=\u201d#000000\u2033][et_pb_row custom_padding=\u201d0|0px|0|0px|false|false\u201d _builder_version=\u201d3.0.48\u2033 background_size=\u201dinitial\u201d background_position=\u201dtop_left\u201d background_repeat=\u201drepeat\u201d][et_pb_column type=\u201d3_4\u2033][et_pb_text _builder_version=\u201d3.16.1\u2033 border_width_all=\u201d3px\u201d border_color_all=\u201d#e5e5e5\u2033 custom_margin=\u201d15px|-90px||-86px\u201d custom_padding=\u201d10px|10px|10px|10px\u201d]<\/p>\n<div id=\"titlep\">\n<div id=\"content\" role=\"main\">\n<div id=\"titlep\">Hakk\u0131m\u0131zda-A <a href=\"https:\/\/www.plasticmoldco.com\/tr\/\">\u00c7inli Kal\u0131p \u015eirketi<\/a><\/div>\n<p><strong>DONGGUAN SINCERE ETCH CO.LTD<\/strong> fabrikam\u0131zda bulunan\u00a0<img loading=\"lazy\" decoding=\"async\" class=\"size-full wp-image-615 alignright\" title=\"\u00e7in kal\u0131p \u00fcreticisi\" src=\"https:\/\/web.archive.org\/web\/20140805221613im_\/http:\/\/www.moldchina.org\/wp-content\/uploads\/2011\/01\/untitled2.bmp\" alt=\"\" width=\"172\" height=\"109\" \/>DongGuan, \u00c7in'de 2003 y\u0131l\u0131nda kurulmu\u015ftur,<\/p>\n<p>SINCER ETECH \u00e7e\u015fitli alanlarda uzmanla\u015fm\u0131\u015ft\u0131r <strong>plasti\u0307k kaliplar ve plasti\u0307k kalip i\u0307malati\u00a0<\/strong>otomotiv, ev aletleri, t\u0131bbi ekipman, elektronik ve spor ekipmanlar\u0131n\u0131n yan\u0131 s\u0131ra genel end\u00fcstriyel OEM uygulamalar\u0131 i\u00e7in. \u015eirketimiz, rahat ula\u015f\u0131m ile \u00e7evrili 3.800 metrekareden fazla bir at\u00f6lye alan\u0131n\u0131 kapsamaktad\u0131r. \u015eu anda, grubumuz 150'den fazla m\u00fckemmel <strong>\u00e7i\u0307n'deki\u0307 kalip \u00fcreti\u0307ci\u0307leri\u0307<\/strong> ve sermaye varl\u0131klar\u0131 40 milyon RMB'den fazlad\u0131r. Kapasitemiz ayda 40-65 set enjeksiyon kal\u0131b\u0131d\u0131r.<\/p>\n<p>Y\u00fcksek kaliteli \u00fcr\u00fcnler sa\u011flamak ve hem \u00e7al\u0131\u015fanlar\u0131n hem de \u015firketin geli\u015fimini ger\u00e7ekle\u015ftirmek i\u00e7in \u00e7al\u0131\u015fanlar\u0131n temel oldu\u011fu fikrinde her zaman \u0131srarc\u0131 olduk. Bu y\u00fczden \u00e7ok say\u0131da <strong>kal\u0131p teknolo\u011fu<\/strong>, y\u00f6netim yetenekleri ve profesyonel m\u00fchendisler <a href=\"https:\/\/www.plasticmoldco.com\/tr\/\"><strong>\u00e7in kal\u0131p yap\u0131m\u0131 <\/strong><\/a>End\u00fcstriyel.<\/p>\n<p>ST'deki ekipmanlar\u0131n \u00e7o\u011fu \u0130svi\u00e7re ve Tayvan'dan ithal edilmektedir. 21 set Freze Makinesi (17 set ithal, 4 set evde yap\u0131lm\u0131\u015f), 9 set CNC, 11 set Charmilles EDM, 10 set Ta\u015flama makinesi, 6 set Torna, 4 set Tel Kesme Makinesi, 30\u00a0<strong>Enjeksiyon Makineleri<\/strong> ve bir CMM \u00f6l\u00e7\u00fcm makinesi, bir projekt\u00f6r, Video \u00d6l\u00e7\u00fcm Sistemi, Yava\u015f Beslemeli Do\u011frusal Kesme Makinesi vb. Enjekte etme yetene\u011fine sahibiz <strong>plasti\u0307k par\u00e7alar<\/strong> A\u011f\u0131rl\u0131klar\u0131 1500 gram\u0131n alt\u0131nda veya kapasiteleri 650 tonun alt\u0131nda olan, \u00e7e\u015fitli t\u00fcrde <strong>plasti\u0307k kaliplar<\/strong> ve 8500 * 1000 * 8500 mm'nin alt\u0131nda \u00f6l\u00e7\u00fclerde bas\u0131n\u00e7l\u0131 d\u00f6k\u00fcm.<\/p>\n<p>Ayr\u0131ca, tasar\u0131m, analiz, in\u015fa ve \u00fcretim i\u00e7in geli\u015fmi\u015f CAD\/CAE\/CAM s\u00fcre\u00e7 teknolojisini ve UG, Pro\/E, Solidworks gibi profesyonel yaz\u0131l\u0131mlar\u0131 benimsiyoruz. <strong>\u00c7in'de plastik kal\u0131p<\/strong>. \u0130nternet y\u00f6netim sistemimiz m\u00fckemmel kalite kontrol\u00fcne ve t\u00fcm zanaat s\u00fcrecine yard\u0131mc\u0131 olur.<br \/>\nST \u00e7al\u0131\u015fkanl\u0131\u011f\u0131 ile 14 y\u0131lda, y\u00fcksek kalite, uygun fiyat, ak\u0131c\u0131 \u0130ngilizce ileti\u015fim ile profesyonel teknik ve zaman\u0131nda teslimat nedeniyle m\u00fc\u015fterilerin g\u00fcvenini kazand\u0131k. M\u00fc\u015fterilerimiz SONY \uff0c TOSHIBA \uff0c Suzuki \uff0c Magna, ITW, MAZDA \uff0c HONDA \uff0c SUNBEM \uff0c gibi bir\u00e7ok \u00fcnl\u00fc \u015firketten olu\u015fmaktad\u0131r.<\/p>\n<p>2006'da ISO 9001:2000 sertifikas\u0131 ile ba\u015far\u0131l\u0131 bir \u015fekilde akredite olduk. \"Kalbinde Hizmet, Ruhunda Kalite\" ile hem eski hem de yeni m\u00fc\u015fterilerimize eksiksiz bir hizmet sistemi sa\u011flayabiliriz,<\/p>\n<p>Arad\u0131\u011f\u0131n\u0131z \u015fey <a href=\"https:\/\/www.plasticmoldco.com\/tr\/\"><strong>\u00c7in'de kal\u0131p imalat\u0131<\/strong><\/a> Yeni projeniz i\u00e7in enjeksiyon kal\u0131p ve plastik kal\u0131p par\u00e7alar\u0131 \u00fcretmek i\u00e7in? Teklif almak i\u00e7in hemen bizimle ileti\u015fime ge\u00e7in.<\/p>\n<\/div>\n<\/div>\n<p>[\/et_pb_text][\/et_pb_column][et_pb_column type=\"1_4\u2033][et_pb_sidebar _builder_version=\"3.10.2\u2033 area=\"sidebar-1\u2033 custom_margin=\"15px|-94px||40px\" custom_padding=\"10px|10px|10px|10px\" border_width_all=\"2px\" border_color_all=\"#d3d3d3\u2033 \/][\/et_pb_column][\/et_pb_row][\/et_pb_section][et_pb_section bb_built=\"1\u2033 disabled_on=\"||on\" _builder_version=\"3.10.2\u2033 custom_padding=\"0|0px|54px|0px|false|false\" next_background_color=\"#000000\u2033 prev_background_color=\"#000000\u2033][et_pb_row custom_padding=\"0|0px|0|0px|false|false\" _builder_version=\"3.0.48\u2033 background_size=\"initial\" background_position=\"top_left\" background_repeat=\"repeat\"][et_pb_column type=\"4_4\u2033][et_pb_text _builder_version=\"3.10.2\u2033 border_width_all=\"3px\" border_color_all=\"#e5e5e5\u2033]<\/p>\n<div id=\"titlep\">\n<div id=\"content\" role=\"main\">\n<div>\n<div id=\"titlep\">\n<div>\n<div>Hakk\u0131m\u0131zda<br \/>\nAnasayfa \" Hakk\u0131m\u0131zda<\/div>\n<\/div>\n<\/div>\n<div id=\"mge\"><\/div>\n<p><strong>SOSITAR MOLD CO., LIMITED<\/strong> fabrikam\u0131zda bulunan\u00a0<img loading=\"lazy\" decoding=\"async\" class=\"size-full wp-image-615 alignright\" title=\"\u00e7in kal\u0131p \u00fcreticisi\" src=\"https:\/\/web.archive.org\/web\/20140805221613im_\/http:\/\/www.moldchina.org\/wp-content\/uploads\/2011\/01\/untitled2.bmp\" alt=\"\" width=\"172\" height=\"109\" \/>Shenzhen, \u00c7in ve 1998 y\u0131l\u0131nda kurulan Sositar kal\u0131p sanayi Co, LTD \u00e7e\u015fitli uzmanla\u015fm\u0131\u015ft\u0131r <strong>plasti\u0307k kaliplar <\/strong>otomotiv, ev aletleri, t\u0131bbi ekipmanlar, elektronik ve spor ekipmanlar\u0131n\u0131n yan\u0131 s\u0131ra genel end\u00fcstriyel OEM uygulamalar\u0131 i\u00e7in. \u015eirketimiz, rahat ula\u015f\u0131m ile \u00e7evrili 3.800 metrekareden fazla bir at\u00f6lye alan\u0131n\u0131 kapsamaktad\u0131r. \u015eu anda, grubumuz 150'den fazla m\u00fckemmel <strong>\u00e7i\u0307n'deki\u0307 alet \u00fcreti\u0307ci\u0307leri\u0307<\/strong> ve sermaye varl\u0131klar\u0131 15 milyon RMB'den fazlad\u0131r. Kapasitemiz ayda 60-80 set kal\u0131pt\u0131r.<\/p>\n<p>Y\u00fcksek kaliteli \u00fcr\u00fcnler sa\u011flamak ve hem \u00e7al\u0131\u015fanlar\u0131n hem de \u015firketin geli\u015fimini ger\u00e7ekle\u015ftirmek i\u00e7in \u00e7al\u0131\u015fanlar\u0131n temel oldu\u011fu fikrinde her zaman \u0131srarc\u0131 olduk. Bu y\u00fczden \u00e7ok say\u0131da <strong>kal\u0131p teknolo\u011fu<\/strong>, y\u00f6netim yetenekleri ve profesyonel m\u00fchendisler <strong>\u00e7i\u0307n kalip yapimi<\/strong><strong>.<\/strong><\/p>\n<p>Sositar'daki ekipmanlar\u0131n \u00e7o\u011fu \u0130svi\u00e7re ve Tayvan'dan ithal edilmektedir. Bunlar 21 set Freze Makinesi (17 set ithal, 4 set evde yap\u0131lm\u0131\u015f), 6 set CNC, 11 set Charmilles EDM, 10 set Ta\u015flama makinesi, 4 set Torna, 7 set Tel Kesme Makinesi, 10 <strong>Enjeksiyon Makineleri<\/strong> ve CMM, Video \u00d6l\u00e7\u00fcm Sistemi, Yava\u015f Beslemeli Do\u011frusal Kesme Makinesi vb. Enjeksiyon yetene\u011fine sahibiz <strong>plasti\u0307k par\u00e7alar<\/strong> A\u011f\u0131rl\u0131klar\u0131 1500 gram\u0131n alt\u0131nda veya kapasiteleri 650 tonun alt\u0131nda olan, \u00e7e\u015fitli t\u00fcrde <strong>plasti\u0307k kaliplar<\/strong> ve 8500 * 1000 * 8500 mm'nin alt\u0131nda \u00f6l\u00e7\u00fclerde bas\u0131n\u00e7l\u0131 d\u00f6k\u00fcm.<\/p>\n<p><img loading=\"lazy\" decoding=\"async\" class=\"alignnone size-full wp-image-62\" title=\"\u00e7in kal\u0131p fabrikas\u0131\" src=\"https:\/\/web.archive.org\/web\/20140805221613im_\/http:\/\/www.moldchina.org\/wp-content\/uploads\/2011\/01\/china-mould-factory.jpg\" alt=\"\u00e7in kal\u0131p fabrikas\u0131\" width=\"371\" height=\"198\" \/><\/p>\n<p>Ayr\u0131ca, tasar\u0131m, analiz, in\u015fa ve \u00fcretim i\u00e7in geli\u015fmi\u015f CAD\/CAE\/CAM s\u00fcre\u00e7 teknolojisini ve UG, Pro\/E, Solidworks gibi profesyonel yaz\u0131l\u0131mlar\u0131 benimsiyoruz. <strong>\u00e7i\u0307n'de kalip<\/strong>. \u0130nternet y\u00f6netim sistemimiz m\u00fckemmel kalite kontrol\u00fcne ve t\u00fcm zanaat s\u00fcrecine yard\u0131mc\u0131 olur.<br \/>\nSositar grubunun 12 y\u0131ll\u0131k \u00e7al\u0131\u015fkanl\u0131\u011f\u0131 ile y\u00fcksek kalite, uygun fiyat, kolay ileti\u015fim ve zaman\u0131nda teslimat nedeniyle m\u00fc\u015fterilerin g\u00fcvenini kazand\u0131k. M\u00fc\u015fterilerimiz SONY \uff0c TAFAL \uff0c TOSHIBA \uff0c HITACHI \uff0cMAZDA \uff0c HONDA \uff0c SUNBEM \uff0c PHILIPS, vb. gibi bir\u00e7ok \u00fcnl\u00fc \u015firketten olu\u015fmaktad\u0131r.<\/p>\n<p>ISO 9001:2000 sertifikas\u0131 ile 2004 y\u0131l\u0131nda ba\u015far\u0131l\u0131 bir \u015fekilde akredite olduk. \"Kalbinde hizmet, ruhunda kalite\" ile hem eski hem de yeni m\u00fc\u015fterilerimize eksiksiz bir hizmet sistemi sa\u011flayabiliriz.<\/p>\n<\/div>\n<\/div>\n<\/div>\n<p>[\/et_pb_text][et_pb_sidebar _builder_version=\"3.10.2\u2033 area=\"sidebar-1\u2033 custom_padding=\"10px||10px|10px\" border_width_all=\"2px\" border_color_all=\"#d3d3d3\u2033 custom_margin=\"|-250px||\" \/][\/et_pb_column][\/et_pb_row][\/et_pb_section][et_pb_section bb_built=\"1\u2033 disabled_on=\"on|on|\" _builder_version=\u201d3.10.2\u2033 custom_margin=\u201d-103px|||\u201d prev_background_color=\u201d#000000\u2033 next_background_color=\u201d#000000\u2033][et_pb_row _builder_version=\u201d3.0.48\u2033 background_size=\"initial\" background_position=\"top_left\" background_repeat=\"repeat\"][et_pb_column type=\"4_4\u2033][et_pb_text _builder_version=\"3.10.2\u2033 custom_margin=\"|-62px||-84px\"]<\/p>\n<p style=\"padding-left: 30px;\"><strong>\u00c7in plastik enjeksiyon kal\u0131b\u0131, alet \u00fcreticisi, \u00c7in kal\u0131p \u00fcreticisi, \u00c7in tak\u0131m, Plastik kal\u0131p \u00e7in, \u00c7in enjeksiyon kal\u0131p fabrikas\u0131, \u00e7in'de plastik enjeksiyon kal\u0131p \u00fcreticisi<\/strong><\/p>\n<p>[\/et_pb_text][et_pb_text _builder_version=\u201d3.10.2\u2033 custom_margin=\u201d-15px|-50px||-50px\u201d]<\/p>\n<p><strong><span style=\"color: #0c0c0c;\"><a href=\"https:\/\/www.plasticmoldco.com\/tr\/\">Ev\u00a0 \u00a0<\/a>|\u00a0 \u00a0<a href=\"https:\/\/www.plasticmoldco.com\/tr\/about-us\/\">Hakk\u0131m\u0131zda\u00a0<\/a> \u00a0|\u00a0 <a href=\"https:\/\/www.plasticmoldco.com\/tr\/tasarim-muhendi\u0307sli\u0307gi\u0307\/\">Tasar\u0131m ve M\u00fchendislik<\/a>\u00a0 |\u00a0 \u00a0<a href=\"https:\/\/www.plasticmoldco.com\/tr\/products\/\">\u00dcr\u00fcnler\u00a0\u00a0\u00a0\u00a0\u00a0<\/a>|\u00a0\u00a0\u00a0\u00a0\u00a0<a href=\"https:\/\/www.plasticmoldco.com\/tr\/haberler\/\">Haberler<\/a>\u00a0\u00a0\u00a0\u00a0\u00a0|\u00a0\u00a0\u00a0\u00a0\u00a0<a href=\"https:\/\/www.plasticmoldco.com\/tr\/kali\u0307te-si\u0307gortasi\/\">Kalite Sigortas\u0131\u00a0<\/a>\u00a0\u00a0\u00a0\u00a0|\u00a0 \u00a0 <a href=\"https:\/\/www.plasticmoldco.com\/tr\/po-proseduru\/\">PO Prosed\u00fcr\u00fc<\/a>\u00a0 \u00a0 |\u00a0 \u00a0 <a href=\"https:\/\/www.plasticmoldco.com\/tr\/ekipman\/\">Ekipman\u00a0 \u00a0<\/a> |\u00a0 \u00a0<a href=\"https:\/\/www.plasticmoldco.com\/tr\/endustri\u0307yel-tasarim-vakasi\/\">End\u00fcstriyel Tasar\u0131m \u00d6rne\u011fi\u00a0<\/a> \u00a0 |\u00a0 \u00a0 <a href=\"https:\/\/www.plasticmoldco.com\/tr\/site-haritasi\/\">Site Haritas\u0131<\/a><\/span><\/strong><\/p>\n<p>[\/et_pb_text][et_pb_text _builder_version=\"3.10.2\u2033 custom_margin=\"-15px||\"]<\/p>\n<p style=\"text-align: center;\"><strong>Telif Hakk\u0131 \u00a9 2011 DONGGUAN SINCER TECH CO.LTD. | \u00c7in Kal\u0131p \u00fcreticisi, \u00e7in Plastik enjeksiyon kal\u0131plama, \u00e7in tak\u0131m \u00fcreticisi.<\/strong><br \/>\n<strong> \u015eirket Sicil No: 1626173<\/strong><\/p>\n<p>[\/et_pb_text][\/et_pb_column][\/et_pb_row][\/et_pb_section][et_pb_section bb_built=\"1\u2033 disabled_on=\"||on\" _builder_version=\"3.10.2\u2033 custom_margin=\"-103px|||\" prev_background_color=\"#000000\u2033][et_pb_row _builder_version=\"3.0.48\u2033 background_size=\"initial\" background_position=\"top_left\" background_repeat=\"repeat\"][et_pb_column type=\"4_4\u2033][et_pb_text _builder_version=\"3.10.2\u2033]<\/p>\n<p style=\"padding-left: 30px;\"><strong>\u00c7in plastik enjeksiyon kal\u0131b\u0131, alet \u00fcreticisi, \u00c7in kal\u0131p \u00fcreticisi, \u00c7in tak\u0131m, Plastik kal\u0131p \u00e7in, \u00c7in enjeksiyon kal\u0131p fabrikas\u0131, \u00e7in'de plastik enjeksiyon kal\u0131p \u00fcreticisi<\/strong><\/p>\n<p>[\/et_pb_text][et_pb_text _builder_version=\u201d3.10.2\u2033]<\/p>\n<p><strong><span style=\"color: #0c0c0c;\"><a href=\"https:\/\/www.plasticmoldco.com\/tr\/\">Ev\u00a0 \u00a0<\/a>|\u00a0 \u00a0<a href=\"https:\/\/www.plasticmoldco.com\/tr\/about-us\/\">Hakk\u0131m\u0131zda\u00a0<\/a> \u00a0|\u00a0 <a href=\"https:\/\/www.plasticmoldco.com\/tr\/tasarim-muhendi\u0307sli\u0307gi\u0307\/\">Tasar\u0131m ve M\u00fchendislik<\/a>\u00a0 |\u00a0 \u00a0<a href=\"https:\/\/www.plasticmoldco.com\/tr\/products\/\">\u00dcr\u00fcnler\u00a0\u00a0\u00a0\u00a0\u00a0<\/a>|\u00a0\u00a0\u00a0\u00a0\u00a0<a href=\"https:\/\/www.plasticmoldco.com\/tr\/haberler\/\">Haberler<\/a>\u00a0\u00a0\u00a0\u00a0\u00a0|\u00a0\u00a0\u00a0\u00a0\u00a0<a href=\"https:\/\/www.plasticmoldco.com\/tr\/kali\u0307te-si\u0307gortasi\/\">Kalite Sigortas\u0131\u00a0<\/a>\u00a0\u00a0\u00a0\u00a0|\u00a0 \u00a0 <a href=\"https:\/\/www.plasticmoldco.com\/tr\/po-proseduru\/\">PO Prosed\u00fcr\u00fc<\/a>\u00a0 \u00a0 |\u00a0 \u00a0 <a href=\"https:\/\/www.plasticmoldco.com\/tr\/ekipman\/\">Ekipman\u00a0 \u00a0<\/a> |\u00a0 \u00a0<a href=\"https:\/\/www.plasticmoldco.com\/tr\/endustri\u0307yel-tasarim-vakasi\/\">End\u00fcstriyel Tasar\u0131m \u00d6rne\u011fi\u00a0<\/a> \u00a0 |\u00a0 \u00a0 <a href=\"https:\/\/www.plasticmoldco.com\/tr\/site-haritasi\/\">Site Haritas\u0131<\/a><\/span><\/strong><\/p>\n<p>[\/et_pb_text][et_pb_text _builder_version=\u201d3.10.2\u2033]<\/p>\n<p style=\"text-align: center;\"><strong>Telif Hakk\u0131 \u00a9 2011 DONGGUAN SINCER TECH CO.LTD. | \u00c7in Kal\u0131p \u00fcreticisi, \u00e7in Plastik enjeksiyon kal\u0131plama, \u00e7in tak\u0131m \u00fcreticisi.<\/strong><br \/>\n<strong> \u015eirket Sicil No: 1626173<\/strong><\/p>\n<p>[\/et_pb_text][\/et_pb_column][\/et_pb_row][\/et_pb_section]<\/p>","protected":false},"excerpt":{"rendered":"<p>Hakk\u0131m\u0131zda - \u00c7inli Bir Kal\u0131p \u015eirketi DONGGUAN SINCERE ETCH CO.LTD, fabrikam\u0131z \u00c7in'in DongGuan \u015fehrinde bulunan ve 2003 y\u0131l\u0131nda kurulan SINCER ETECH, \u00e7e\u015fitli plastik kal\u0131plar ve plastik kal\u0131p \u00fcretimi konusunda uzmanla\u015fm\u0131\u015ft\u0131r. otomotiv, ev aletleri, t\u0131bbi ekipman, elektronik ve spor ekipmanlar\u0131n\u0131n yan\u0131 s\u0131ra genel end\u00fcstriyel OEM uygulamalar\u0131. Firmam\u0131z 3.800 metrekareden fazla bir alan\u0131 kaplamaktad\u0131r [...]<\/p>","protected":false},"author":1,"featured_media":0,"parent":0,"menu_order":0,"comment_status":"closed","ping_status":"closed","template":"","meta":{"_et_pb_use_builder":"on","_et_pb_old_content":"","_et_gb_content_width":"","footnotes":""},"class_list":["post-12","page","type-page","status-publish","hentry"],"yoast_head":"<!-- This site is optimized with the Yoast SEO plugin v27.4 - https:\/\/yoast.com\/product\/yoast-seo-wordpress\/ -->\n<title>About Us - Plastic Mold | China Mold Maker<\/title>\n<meta name=\"robots\" content=\"index, follow, max-snippet:-1, max-image-preview:large, max-video-preview:-1\" \/>\n<link rel=\"canonical\" href=\"https:\/\/www.plasticmoldco.com\/tr\/bedrijf\/\" \/>\n<meta property=\"og:locale\" content=\"tr_TR\" \/>\n<meta property=\"og:type\" content=\"article\" \/>\n<meta property=\"og:title\" content=\"About Us - Plastic Mold | China Mold Maker\" \/>\n<meta property=\"og:description\" content=\"About Us-A Chinese Mold Company DONGGUAN SINCERE ETCH CO.LTD ,our factory Located in\u00a0DongGuan,\u00a0China, and established in 2003, SINCER ETECH IS specializes in various plastic molds and plastic molding manufacturing\u00a0for. automotive, home appliances, medical equipment, electronics and sporting equipment, as well as general industrial OEM applications. Our company covers an area of more than 3,800 square [&hellip;]\" \/>\n<meta property=\"og:url\" content=\"https:\/\/www.plasticmoldco.com\/tr\/bedrijf\/\" \/>\n<meta property=\"og:site_name\" content=\"Plastic Mold | China Mold Maker\" \/>\n<meta property=\"article:modified_time\" content=\"2019-02-15T13:45:09+00:00\" \/>\n<meta property=\"og:image\" content=\"https:\/\/web.archive.org\/web\/20140805221613im_\/http:\/\/www.moldchina.org\/wp-content\/uploads\/2011\/01\/untitled2.bmp\" \/>\n<meta name=\"twitter:card\" content=\"summary_large_image\" \/>\n<meta name=\"twitter:label1\" content=\"Tahmini okuma s\u00fcresi\" \/>\n\t<meta name=\"twitter:data1\" content=\"6 dakika\" \/>\n<script type=\"application\/ld+json\" class=\"yoast-schema-graph\">{\"@context\":\"https:\\\/\\\/schema.org\",\"@graph\":[{\"@type\":\"WebPage\",\"@id\":\"https:\\\/\\\/www.plasticmoldco.com\\\/nl\\\/bedrijf\\\/\",\"url\":\"https:\\\/\\\/www.plasticmoldco.com\\\/nl\\\/bedrijf\\\/\",\"name\":\"About Us - Plastic Mold | China Mold Maker\",\"isPartOf\":{\"@id\":\"https:\\\/\\\/www.plasticmoldco.com\\\/el\\\/#website\"},\"primaryImageOfPage\":{\"@id\":\"https:\\\/\\\/www.plasticmoldco.com\\\/nl\\\/bedrijf\\\/#primaryimage\"},\"image\":{\"@id\":\"https:\\\/\\\/www.plasticmoldco.com\\\/nl\\\/bedrijf\\\/#primaryimage\"},\"thumbnailUrl\":\"https:\\\/\\\/web.archive.org\\\/web\\\/20140805221613im_\\\/http:\\\/\\\/www.moldchina.org\\\/wp-content\\\/uploads\\\/2011\\\/01\\\/untitled2.bmp\",\"datePublished\":\"2018-10-14T08:59:39+00:00\",\"dateModified\":\"2019-02-15T13:45:09+00:00\",\"breadcrumb\":{\"@id\":\"https:\\\/\\\/www.plasticmoldco.com\\\/nl\\\/bedrijf\\\/#breadcrumb\"},\"inLanguage\":\"tr\",\"potentialAction\":[{\"@type\":\"ReadAction\",\"target\":[\"https:\\\/\\\/www.plasticmoldco.com\\\/nl\\\/bedrijf\\\/\"]}]},{\"@type\":\"ImageObject\",\"inLanguage\":\"tr\",\"@id\":\"https:\\\/\\\/www.plasticmoldco.com\\\/nl\\\/bedrijf\\\/#primaryimage\",\"url\":\"https:\\\/\\\/web.archive.org\\\/web\\\/20140805221613im_\\\/http:\\\/\\\/www.moldchina.org\\\/wp-content\\\/uploads\\\/2011\\\/01\\\/untitled2.bmp\",\"contentUrl\":\"https:\\\/\\\/web.archive.org\\\/web\\\/20140805221613im_\\\/http:\\\/\\\/www.moldchina.org\\\/wp-content\\\/uploads\\\/2011\\\/01\\\/untitled2.bmp\"},{\"@type\":\"BreadcrumbList\",\"@id\":\"https:\\\/\\\/www.plasticmoldco.com\\\/nl\\\/bedrijf\\\/#breadcrumb\",\"itemListElement\":[{\"@type\":\"ListItem\",\"position\":1,\"name\":\"Home\",\"item\":\"https:\\\/\\\/www.plasticmoldco.com\\\/\"},{\"@type\":\"ListItem\",\"position\":2,\"name\":\"About Us\"}]},{\"@type\":\"WebSite\",\"@id\":\"https:\\\/\\\/www.plasticmoldco.com\\\/el\\\/#website\",\"url\":\"https:\\\/\\\/www.plasticmoldco.com\\\/el\\\/\",\"name\":\"Plastic Mold | China Mold Maker\",\"description\":\"Are you looking for injection mold china? We are plastic mold maker\",\"publisher\":{\"@id\":\"https:\\\/\\\/www.plasticmoldco.com\\\/el\\\/#organization\"},\"potentialAction\":[{\"@type\":\"SearchAction\",\"target\":{\"@type\":\"EntryPoint\",\"urlTemplate\":\"https:\\\/\\\/www.plasticmoldco.com\\\/el\\\/?s={search_term_string}\"},\"query-input\":{\"@type\":\"PropertyValueSpecification\",\"valueRequired\":true,\"valueName\":\"search_term_string\"}}],\"inLanguage\":\"tr\"},{\"@type\":\"Organization\",\"@id\":\"https:\\\/\\\/www.plasticmoldco.com\\\/el\\\/#organization\",\"name\":\"Plastic Mold | China Mold Maker\",\"url\":\"https:\\\/\\\/www.plasticmoldco.com\\\/el\\\/\",\"logo\":{\"@type\":\"ImageObject\",\"inLanguage\":\"tr\",\"@id\":\"https:\\\/\\\/www.plasticmoldco.com\\\/el\\\/#\\\/schema\\\/logo\\\/image\\\/\",\"url\":\"https:\\\/\\\/plasticmoldco.com\\\/wp-content\\\/uploads\\\/2018\\\/10\\\/nlogon.png\",\"contentUrl\":\"https:\\\/\\\/plasticmoldco.com\\\/wp-content\\\/uploads\\\/2018\\\/10\\\/nlogon.png\",\"width\":204,\"height\":54,\"caption\":\"Plastic Mold | China Mold Maker\"},\"image\":{\"@id\":\"https:\\\/\\\/www.plasticmoldco.com\\\/el\\\/#\\\/schema\\\/logo\\\/image\\\/\"}}]}<\/script>\n<!-- \/ Yoast SEO plugin. -->","yoast_head_json":{"title":"Hakk\u0131m\u0131zda - Plastik Kal\u0131p | \u00c7in Kal\u0131p \u00dcreticisi","robots":{"index":"index","follow":"follow","max-snippet":"max-snippet:-1","max-image-preview":"max-image-preview:large","max-video-preview":"max-video-preview:-1"},"canonical":"https:\/\/www.plasticmoldco.com\/tr\/bedrijf\/","og_locale":"tr_TR","og_type":"article","og_title":"About Us - Plastic Mold | China Mold Maker","og_description":"About Us-A Chinese Mold Company DONGGUAN SINCERE ETCH CO.LTD ,our factory Located in\u00a0DongGuan,\u00a0China, and established in 2003, SINCER ETECH IS specializes in various plastic molds and plastic molding manufacturing\u00a0for. automotive, home appliances, medical equipment, electronics and sporting equipment, as well as general industrial OEM applications. Our company covers an area of more than 3,800 square [&hellip;]","og_url":"https:\/\/www.plasticmoldco.com\/tr\/bedrijf\/","og_site_name":"Plastic Mold | China Mold Maker","article_modified_time":"2019-02-15T13:45:09+00:00","og_image":[{"url":"https:\/\/web.archive.org\/web\/20140805221613im_\/http:\/\/www.moldchina.org\/wp-content\/uploads\/2011\/01\/untitled2.bmp","type":"","width":"","height":""}],"twitter_card":"summary_large_image","twitter_misc":{"Tahmini okuma s\u00fcresi":"6 dakika"},"schema":{"@context":"https:\/\/schema.org","@graph":[{"@type":"WebPage","@id":"https:\/\/www.plasticmoldco.com\/nl\/bedrijf\/","url":"https:\/\/www.plasticmoldco.com\/nl\/bedrijf\/","name":"Hakk\u0131m\u0131zda - Plastik Kal\u0131p | \u00c7in Kal\u0131p \u00dcreticisi","isPartOf":{"@id":"https:\/\/www.plasticmoldco.com\/el\/#website"},"primaryImageOfPage":{"@id":"https:\/\/www.plasticmoldco.com\/nl\/bedrijf\/#primaryimage"},"image":{"@id":"https:\/\/www.plasticmoldco.com\/nl\/bedrijf\/#primaryimage"},"thumbnailUrl":"https:\/\/web.archive.org\/web\/20140805221613im_\/http:\/\/www.moldchina.org\/wp-content\/uploads\/2011\/01\/untitled2.bmp","datePublished":"2018-10-14T08:59:39+00:00","dateModified":"2019-02-15T13:45:09+00:00","breadcrumb":{"@id":"https:\/\/www.plasticmoldco.com\/nl\/bedrijf\/#breadcrumb"},"inLanguage":"tr","potentialAction":[{"@type":"ReadAction","target":["https:\/\/www.plasticmoldco.com\/nl\/bedrijf\/"]}]},{"@type":"ImageObject","inLanguage":"tr","@id":"https:\/\/www.plasticmoldco.com\/nl\/bedrijf\/#primaryimage","url":"https:\/\/web.archive.org\/web\/20140805221613im_\/http:\/\/www.moldchina.org\/wp-content\/uploads\/2011\/01\/untitled2.bmp","contentUrl":"https:\/\/web.archive.org\/web\/20140805221613im_\/http:\/\/www.moldchina.org\/wp-content\/uploads\/2011\/01\/untitled2.bmp"},{"@type":"BreadcrumbList","@id":"https:\/\/www.plasticmoldco.com\/nl\/bedrijf\/#breadcrumb","itemListElement":[{"@type":"ListItem","position":1,"name":"Home","item":"https:\/\/www.plasticmoldco.com\/"},{"@type":"ListItem","position":2,"name":"About Us"}]},{"@type":"WebSite","@id":"https:\/\/www.plasticmoldco.com\/el\/#website","url":"https:\/\/www.plasticmoldco.com\/el\/","name":"Plastik Kal\u0131p | \u00c7in Kal\u0131p \u00dcreticisi","description":"\u00c7in enjeksiyon kal\u0131b\u0131 m\u0131 ar\u0131yorsunuz? Biz plastik kal\u0131p \u00fcreticisiyiz","publisher":{"@id":"https:\/\/www.plasticmoldco.com\/el\/#organization"},"potentialAction":[{"@type":"SearchAction","target":{"@type":"EntryPoint","urlTemplate":"https:\/\/www.plasticmoldco.com\/el\/?s={search_term_string}"},"query-input":{"@type":"PropertyValueSpecification","valueRequired":true,"valueName":"search_term_string"}}],"inLanguage":"tr"},{"@type":"Organization","@id":"https:\/\/www.plasticmoldco.com\/el\/#organization","name":"Plastik Kal\u0131p | \u00c7in Kal\u0131p \u00dcreticisi","url":"https:\/\/www.plasticmoldco.com\/el\/","logo":{"@type":"ImageObject","inLanguage":"tr","@id":"https:\/\/www.plasticmoldco.com\/el\/#\/schema\/logo\/image\/","url":"https:\/\/plasticmoldco.com\/wp-content\/uploads\/2018\/10\/nlogon.png","contentUrl":"https:\/\/plasticmoldco.com\/wp-content\/uploads\/2018\/10\/nlogon.png","width":204,"height":54,"caption":"Plastic Mold | China Mold Maker"},"image":{"@id":"https:\/\/www.plasticmoldco.com\/el\/#\/schema\/logo\/image\/"}}]}},"_links":{"self":[{"href":"https:\/\/www.plasticmoldco.com\/tr\/wp-json\/wp\/v2\/pages\/12","targetHints":{"allow":["GET"]}}],"collection":[{"href":"https:\/\/www.plasticmoldco.com\/tr\/wp-json\/wp\/v2\/pages"}],"about":[{"href":"https:\/\/www.plasticmoldco.com\/tr\/wp-json\/wp\/v2\/types\/page"}],"author":[{"embeddable":true,"href":"https:\/\/www.plasticmoldco.com\/tr\/wp-json\/wp\/v2\/users\/1"}],"replies":[{"embeddable":true,"href":"https:\/\/www.plasticmoldco.com\/tr\/wp-json\/wp\/v2\/comments?post=12"}],"version-history":[{"count":0,"href":"https:\/\/www.plasticmoldco.com\/tr\/wp-json\/wp\/v2\/pages\/12\/revisions"}],"wp:attachment":[{"href":"https:\/\/www.plasticmoldco.com\/tr\/wp-json\/wp\/v2\/media?parent=12"}],"curies":[{"name":"wp","href":"https:\/\/api.w.org\/{rel}","templated":true}]}}