{"id":932,"date":"2018-10-18T16:02:25","date_gmt":"2018-10-18T08:02:25","guid":{"rendered":"https:\/\/plasticmoldco.com\/?page_id=932"},"modified":"2018-10-18T16:02:25","modified_gmt":"2018-10-18T08:02:25","slug":"silicone-product","status":"publish","type":"page","link":"https:\/\/www.plasticmoldco.com\/sv\/silikonprodukt\/","title":{"rendered":"Silikon Produkt"},"content":{"rendered":"<p>[et_pb_section bb_built=\"1\u2033 disabled_on=\"on|on|\" _builder_version=\"3.10.2\u2033 custom_padding=\"0|0px|0|0px|false|false\" next_background_color=\"#000000\u2033][et_pb_row custom_padding=\"18px|0px|0|0px|false|false\" _builder_version=\"3.0.48\u2033 background_size=\"initial\" background_position=\"top_left\" background_repeat=\"repeat\"][et_pb_column type=\"4_4\u2033][et_pb_text _builder_version=\"3.10.2\u2033 custom_margin=\"0px|-120px|16px|-100px\"]<\/p>\n<p><img loading=\"lazy\" decoding=\"async\" class=\"wp-image-213 alignnone size-medium\" src=\"https:\/\/plasticmoldco.com\/wp-content\/uploads\/2018\/10\/new.n-300x18.jpg\" alt=\"\" width=\"1266\" height=\"76\" srcset=\"https:\/\/www.plasticmoldco.com\/wp-content\/uploads\/2018\/10\/new.n-300x18.jpg 300w, https:\/\/www.plasticmoldco.com\/wp-content\/uploads\/2018\/10\/new.n-768x45.jpg 768w, https:\/\/www.plasticmoldco.com\/wp-content\/uploads\/2018\/10\/new.n-1024x60.jpg 1024w\" sizes=\"(max-width: 1266px) 100vw, 1266px\" \/><\/p>\n<p>[\/et_pb_text][\/et_pb_column][\/et_pb_row][\/et_pb_section][et_pb_section bb_built=\"1\u2033 disabled_on=\"||on\" _builder_version=\"3.10.2\u2033 custom_padding=\"22px|0px|0|0px|false|false\" prev_background_color=\"#000000\u2033 next_background_color=\"#000000\u2033][et_pb_row custom_padding=\"0|0px|12px|0px|false|false\" _builder_version=\"3.0.48\u2033 background_size=\"initial\" background_position=\"top_left\" background_repeat=\"repeat\"][et_pb_column type=\"4_4\u2033][et_pb_text _builder_version=\"3.10.2\u2033]<\/p>\n<p><img loading=\"lazy\" decoding=\"async\" class=\"wp-image-213 alignnone size-medium\" src=\"https:\/\/plasticmoldco.com\/wp-content\/uploads\/2018\/10\/new.n-300x18.jpg\" alt=\"\" width=\"1266\" height=\"76\" srcset=\"https:\/\/www.plasticmoldco.com\/wp-content\/uploads\/2018\/10\/new.n-300x18.jpg 300w, https:\/\/www.plasticmoldco.com\/wp-content\/uploads\/2018\/10\/new.n-768x45.jpg 768w, https:\/\/www.plasticmoldco.com\/wp-content\/uploads\/2018\/10\/new.n-1024x60.jpg 1024w\" sizes=\"(max-width: 1266px) 100vw, 1266px\" \/><\/p>\n<p>[\/et_pb_text][\/et_pb_column][\/et_pb_row][\/et_pb_section][et_pb_section bb_built=\"1\u2033 disabled_on=\"on|on|\" _builder_version=\"3.10.2\u2033 custom_padding=\"0|0px|54px|0px|false|false\" prev_background_color=\"#000000\u2033 next_background_color=\"#000000\u2033][et_pb_row custom_padding=\"0|0px|0|0px|false|false\" _builder_version=\"3.0.48\u2033 background_size=\"initial\" background_position=\"top_left\" background_repeat=\"repeat\"][et_pb_column type=\"3_4\u2033][et_pb_text _builder_version=\"3.10.2\u2033 border_width_all=\"3px\" border_color_all=\"#e5e5e5\u2033 custom_margin=\"15px|-90px||-86px\" custom_padding=\"10px|10px|10px|10px\"]]<\/p>\n<div id=\"titlep\">\n<div id=\"titlep\">\n<div id=\"titlep\">\n<div id=\"titlep\">\n<div>\n<h2>Silikon Produkt<\/h2>\n<\/div>\n<\/div>\n<div id=\"mge\"><\/div>\n<p><strong><a href=\"https:\/\/web.archive.org\/web\/20130803022736\/http:\/\/www.moldchina.org\/wp-content\/uploads\/2011\/09\/IMG_9498.jpg\"><img loading=\"lazy\" decoding=\"async\" class=\"alignnone size-full wp-image-1158\" title=\"tillverkare av silikonprodukter i Kina\" src=\"https:\/\/web.archive.org\/web\/20130803022736im_\/http:\/\/www.moldchina.org\/wp-content\/uploads\/2011\/09\/IMG_9498.jpg\" alt=\"\" width=\"640\" height=\"480\" \/><\/a><\/strong><\/p>\n<p><strong>Silikon Produkt<\/strong><\/p>\n<p>Vi \u00e4r en professionell silikonprodukttillverkare i Kina, specialiserad p\u00e5 olika silikonprodukter och m\u00f6gel, inklusive hush\u00e5llsartiklar och reklamg\u00e5vor, s\u00e5som kakformar och iskubsbrickor, bakhandskar, \u00e5ngkokare och sk\u00e5lar, nappflaskor, armband, askkoppar, mattor etc., reviderade av SGS.<\/p>\n<p>1) 100% silikon av livsmedelskvalitet med FDA-godk\u00e4nnande<br \/>\n2) temperaturomr\u00e5de: -40~+260\u2032C \/500F<br \/>\n3) s\u00e4ker att anv\u00e4nda i mikrov\u00e5gsugnar, diskmaskiner och frysar<br \/>\n4) non-stick, flexibel, l\u00e4tt att reng\u00f6ra och hantera<br \/>\n5) h\u00e5rdhet: 40, 50, 60, 70, 80 str\u00e4nder<br \/>\n6) OEM-design \u00e4r v\u00e4lkomna<\/p>\n<p>om du vill ha en professionell silikonprodukttillverkning som din partner, \u00e4r du v\u00e4lkommen att kontakta oss<\/p>\n<\/div>\n<\/div>\n<\/div>\n<p>[\/et_pb_text][\/et_pb_column][et_pb_column type=\"1_4\u2033][et_pb_sidebar _builder_version=\"3.10.2\u2033 area=\"sidebar-1\u2033 custom_margin=\"15px|-94px||40px\" custom_padding=\"10px|10px|10px|10px\" border_width_all=\"2px\" border_color_all=\"#d3d3d3\u2033 \/][\/et_pb_column][\/et_pb_row][\/et_pb_section][et_pb_section bb_built=\"1\u2033 disabled_on=\"||on\" _builder_version=\"3.10.2\u2033 custom_padding=\"0|0px|54px|0px|false|false\" prev_background_color=\"#000000\u2033 next_background_color=\"#000000\u2033][et_pb_row custom_padding=\"0|0px|0|0px|false|false\" _builder_version=\"3.0.48\u2033 background_size=\"initial\" background_position=\"top_left\" background_repeat=\"repeat\"][et_pb_column type=\"4_4\u2033][et_pb_text _builder_version=\"3.10.2\u2033 border_width_all=\"3px\" border_color_all=\"#e5e5e5\u2033]]<\/p>\n<div id=\"titlep\">\n<div id=\"titlep\">\n<div id=\"titlep\">\n<div id=\"titlep\">\n<div id=\"titlep\">\n<div id=\"titlep\">\n<div>\n<h2>Silikon Produkt<\/h2>\n<\/div>\n<\/div>\n<div id=\"mge\"><\/div>\n<p><strong><a href=\"https:\/\/web.archive.org\/web\/20130803022736\/http:\/\/www.moldchina.org\/wp-content\/uploads\/2011\/09\/IMG_9498.jpg\"><img loading=\"lazy\" decoding=\"async\" class=\"alignnone size-full wp-image-1158\" title=\"tillverkare av silikonprodukter i Kina\" src=\"https:\/\/web.archive.org\/web\/20130803022736im_\/http:\/\/www.moldchina.org\/wp-content\/uploads\/2011\/09\/IMG_9498.jpg\" alt=\"\" width=\"640\" height=\"480\" \/><\/a><\/strong><\/p>\n<p><strong>Silikon Produkt<\/strong><\/p>\n<p>Vi \u00e4r en professionell silikonprodukttillverkare i Kina, specialiserad p\u00e5 olika silikonprodukter och m\u00f6gel, inklusive hush\u00e5llsartiklar och reklamg\u00e5vor, s\u00e5som kakformar och iskubsbrickor, bakhandskar, \u00e5ngkokare och sk\u00e5lar, nappflaskor, armband, askkoppar, mattor etc., reviderade av SGS.<\/p>\n<p>1) 100% silikon av livsmedelskvalitet med FDA-godk\u00e4nnande<br \/>\n2) temperaturomr\u00e5de: -40~+260\u2032C \/500F<br \/>\n3) s\u00e4ker att anv\u00e4nda i mikrov\u00e5gsugnar, diskmaskiner och frysar<br \/>\n4) non-stick, flexibel, l\u00e4tt att reng\u00f6ra och hantera<br \/>\n5) h\u00e5rdhet: 40, 50, 60, 70, 80 str\u00e4nder<br \/>\n6) OEM-design \u00e4r v\u00e4lkomna<\/p>\n<p>om du vill ha en professionell silikonprodukttillverkning som din partner, \u00e4r du v\u00e4lkommen att kontakta oss<\/p>\n<\/div>\n<\/div>\n<\/div>\n<\/div>\n<\/div>\n<p>[\/et_pb_text][et_pb_text _builder_version=\"3.10.2\u2033 text_font_size=\"13px\" header_font=\"|700|||||||\" border_width_all=\"2px\" border_color_all=\"#bcbcbc\" inline_fonts=\"Arial\"]<\/p>\n<h4><img loading=\"lazy\" decoding=\"async\" class=\"wp-image-111 alignnone\" src=\"https:\/\/plasticmoldco.com\/wp-content\/uploads\/2018\/10\/sss.png\" alt=\"\" width=\"16\" height=\"13\" \/><strong>M\u00f6gelprodukt<\/strong><\/h4>\n<hr \/>\n<p>\u2192 <span style=\"font-size: medium;\"><strong><span style=\"color: #000000;\"><a style=\"color: #000000;\" href=\"https:\/\/www.plasticmoldco.com\/sv\/form\/\">GJUTFORM<\/a><\/span><\/strong><\/span><br \/>\n<span style=\"font-size: medium;\"><strong><span style=\"color: #000000;\"> \u2192 <a style=\"color: #000000;\" href=\"https:\/\/www.plasticmoldco.com\/sv\/prototypdelar\/\">Prototypdelar<\/a><\/span><\/strong><\/span><br \/>\n<span style=\"font-size: medium;\"><strong><span style=\"color: #000000;\"> \u2192 <a style=\"color: #000000;\" href=\"https:\/\/www.plasticmoldco.com\/sv\/plastdel\/\">Plastdel<\/a><\/span><\/strong><\/span><br \/>\n<span style=\"font-size: medium;\"><strong><span style=\"color: #000000;\"> \u2192 <a style=\"color: #000000;\" href=\"https:\/\/www.plasticmoldco.com\/sv\/delar-av-silikongummi\/\">silikon- och gummidelar<\/a><\/span><\/strong><\/span><\/p>\n<p><span style=\"font-size: medium;\"><strong><span style=\"color: #000000;\">Kontakta oss<\/span><\/strong><\/span><\/p>\n<hr \/>\n<p><strong><span style=\"color: #000000;\">DONGGUAN SINCERE TECH CO.LTD<\/span><\/strong><br \/>\n<strong><span style=\"color: #000000;\"> FABRIKSADRESS: YUANXIA LU, YUANJIANG YUANG, CHANGPING TOWN, DONNGUAN CITY,GUANGDONG PROVINCE, CHINA 523000<\/span><\/strong><\/p>\n<p><strong><span style=\"color: #000000;\">TEL: +86 (0)769 3366 9997<\/span><\/strong><br \/>\n<strong><span style=\"color: #000000;\"> FAX: +86 (0)769 3366 9997<\/span><\/strong><\/p>\n<p><strong><span style=\"color: #000000;\">EMAIL: <a href=\"mailto:INFO@sinceretetechs.com\">INFO@sinceretetechs.com<\/a><\/span><\/strong><\/p>\n<ul>\n<li id=\"tag_cloud-3\" class=\"widget-container widget_tag_cloud\">\n<h3 class=\"widget-title\"><strong>Popul\u00e4r s\u00f6kning<\/strong><\/h3>\n<hr \/>\n<div class=\"tagcloud\"><strong>Kina Die Casting Kina formsprutningsf\u00f6retag Kina formsprutningsfabrik Kina formsprutning Kina formsprutning Kina formsprutning tillverkare Kina Injektionsform Kina formsprutningsf\u00f6retag Kina m\u00f6gel fabrik Kina m\u00f6gel maker Kina m\u00f6gel leverant\u00f6r Kina m\u00f6gel Kina m\u00f6gel tillverkare Kina m\u00f6gel leverant\u00f6rer av m\u00f6gel Kina plast m\u00f6gelf\u00f6retagchina silikon china silikongummichina verktygstillverkare Kina verktygstillverkare i Kina formsprutning Formsprutad plast Formsprutning formsprutning formsprutning china formsprutning kineseplastisk formsprutning plastform china Prototypdelar silikon chinasilikon gummi verktyg m\u00f6gel tillverkning china<\/strong><\/div>\n<\/li>\n<\/ul>\n<p><img decoding=\"async\" style=\"font-size: 13px; background-color: #ffffff; text-align: -webkit-center; display: block; margin-left: auto; margin-right: auto;\" src=\"https:\/\/web.archive.org\/web\/20140728234454im_\/http:\/\/www.moldchina.org\/wp-content\/themes\/9C008\/images\/iso.jpg\" \/><\/p>\n<p>[\/et_pb_text][\/et_pb_column][\/et_pb_row][\/et_pb_section][et_pb_section bb_built=\"1\u2033 disabled_on=\"on|on|\" _builder_version=\u201d3.10.2\u2033 custom_margin=\u201d-103px|||\u201d prev_background_color=\u201d#000000\u2033 next_background_color=\u201d#000000\u2033][et_pb_row _builder_version=\u201d3.0.48\u2033 background_size=\"initial\" background_position=\"top_left\" background_repeat=\"repeat\"][et_pb_column type=\"4_4\u2033][et_pb_text _builder_version=\"3.10.2\u2033 custom_margin=\"|-62px||-84px\"]<\/p>\n<p style=\"padding-left: 30px;\"><strong>Kina plastinsprutningsform, verktygstillverkare, Kina formtillverkare, Kina verktyg, Plastform Kina, Kina formsprutningsfabrik, tillverkare av plastinsprutningsform i Kina<\/strong><\/p>\n<p>[\/et_pb_text][et_pb_text _builder_version=\u201d3.10.2\u2033 custom_margin=\u201d-15px|-50px||-50px\u201d]<\/p>\n<p><strong><span style=\"color: #0c0c0c;\"><a href=\"https:\/\/www.plasticmoldco.com\/sv\/\">Hem\u00a0 \u00a0<\/a>|\u00a0 \u00a0<a href=\"https:\/\/www.plasticmoldco.com\/sv\/about-us\/\">Om oss\u00a0<\/a> \u00a0|\u00a0 <a href=\"https:\/\/www.plasticmoldco.com\/sv\/design-av-teknik\/\">Design och teknik<\/a>\u00a0 |\u00a0 \u00a0<a href=\"https:\/\/www.plasticmoldco.com\/sv\/products\/\">Produkter\u00a0\u00a0\u00a0\u00a0\u00a0<\/a>|\u00a0\u00a0\u00a0\u00a0\u00a0<a href=\"https:\/\/www.plasticmoldco.com\/sv\/nyheter\/\">Nyheter<\/a>\u00a0\u00a0\u00a0\u00a0\u00a0|\u00a0\u00a0\u00a0\u00a0\u00a0<a href=\"https:\/\/www.plasticmoldco.com\/sv\/kvalitetsforsakring\/\">Kvalitetsf\u00f6rs\u00e4kring\u00a0<\/a>\u00a0\u00a0\u00a0\u00a0|\u00a0 \u00a0 <a href=\"https:\/\/www.plasticmoldco.com\/sv\/po-forfarande\/\">PO-f\u00f6rfarande<\/a>\u00a0 \u00a0 |\u00a0 \u00a0 <a href=\"https:\/\/www.plasticmoldco.com\/sv\/utrustning\/\">Utrustning\u00a0 \u00a0<\/a> |\u00a0 \u00a0<a href=\"https:\/\/www.plasticmoldco.com\/sv\/industridesign-fall\/\">Industriell design\u00a0<\/a> \u00a0 |\u00a0 \u00a0 <a href=\"https:\/\/www.plasticmoldco.com\/sv\/webbplatskarta\/\">Sitemap<\/a><\/span><\/strong><\/p>\n<p>[\/et_pb_text][et_pb_text _builder_version=\"3.10.2\u2033 custom_margin=\"-15px|||\"]<\/p>\n<p style=\"text-align: center;\"><strong>Copyright \u00a9 2011 DONGGUAN SINCER TECH CO.LTD. | Kina m\u00f6geltillverkare, Kina formsprutning av plast, Kina verktygsmakare.<\/strong><br \/>\n<strong> F\u00f6retagsregister nr: 1626173<\/strong><\/p>\n<p>[\/et_pb_text][\/et_pb_column][\/et_pb_row][\/et_pb_section][et_pb_section bb_built=\"1\u2033 disabled_on=\"||on\" _builder_version=\"3.10.2\u2033 custom_margin=\"-103px|||\" prev_background_color=\"#000000\u2033][et_pb_row _builder_version=\"3.0.48\u2033 background_size=\"initial\" background_position=\"top_left\" background_repeat=\"repeat\"][et_pb_column type=\"4_4\u2033][et_pb_text _builder_version=\"3.10.2\u2033]<\/p>\n<p style=\"padding-left: 30px;\"><strong>Kina plastinsprutningsform, verktygstillverkare, Kina formtillverkare, Kina verktyg, Plastform Kina, Kina formsprutningsfabrik, tillverkare av plastinsprutningsform i Kina<\/strong><\/p>\n<p>[\/et_pb_text][et_pb_text _builder_version=\u201d3.10.2\u2033]<\/p>\n<p><strong><span style=\"color: #0c0c0c;\"><a href=\"https:\/\/www.plasticmoldco.com\/sv\/\">Hem\u00a0 \u00a0<\/a>|\u00a0 \u00a0<a href=\"https:\/\/www.plasticmoldco.com\/sv\/about-us\/\">Om oss\u00a0<\/a> \u00a0|\u00a0 <a href=\"https:\/\/www.plasticmoldco.com\/sv\/design-av-teknik\/\">Design och teknik<\/a>\u00a0 |\u00a0 \u00a0<a href=\"https:\/\/www.plasticmoldco.com\/sv\/products\/\">Produkter\u00a0\u00a0\u00a0\u00a0\u00a0<\/a>|\u00a0\u00a0\u00a0\u00a0\u00a0<a href=\"https:\/\/www.plasticmoldco.com\/sv\/nyheter\/\">Nyheter<\/a>\u00a0\u00a0\u00a0\u00a0\u00a0|\u00a0\u00a0\u00a0\u00a0\u00a0<a href=\"https:\/\/www.plasticmoldco.com\/sv\/kvalitetsforsakring\/\">Kvalitetsf\u00f6rs\u00e4kring\u00a0<\/a>\u00a0\u00a0\u00a0\u00a0|\u00a0 \u00a0 <a href=\"https:\/\/www.plasticmoldco.com\/sv\/po-forfarande\/\">PO-f\u00f6rfarande<\/a>\u00a0 \u00a0 |\u00a0 \u00a0 <a href=\"https:\/\/www.plasticmoldco.com\/sv\/utrustning\/\">Utrustning\u00a0 \u00a0<\/a> |\u00a0 \u00a0<a href=\"https:\/\/www.plasticmoldco.com\/sv\/industridesign-fall\/\">Industriell design\u00a0<\/a> \u00a0 |\u00a0 \u00a0 <a href=\"https:\/\/www.plasticmoldco.com\/sv\/webbplatskarta\/\">Sitemap<\/a><\/span><\/strong><\/p>\n<p>[\/et_pb_text][et_pb_text _builder_version=\u201d3.10.2\u2033]<\/p>\n<p style=\"text-align: center;\"><strong>Copyright \u00a9 2011 DONGGUAN SINCER TECH CO.LTD. | Kina m\u00f6geltillverkare, Kina formsprutning av plast, Kina verktygsmakare.<\/strong><br \/>\n<strong> F\u00f6retagsregister nr: 1626173<\/strong><\/p>\n<p>[\/et_pb_text][\/et_pb_kolumn][\/et_pb_row][\/et_pb_section]<\/p>","protected":false},"excerpt":{"rendered":"<p>Silikonprodukt Silikonprodukt Vi \u00e4r en professionell silikonprodukttillverkare i Kina, specialiserad p\u00e5 olika silikonprodukter och m\u00f6gel, inklusive hush\u00e5llsartiklar och reklamg\u00e5vor, s\u00e5som kakformar och isbitar, bakhandskar, \u00e5ngkokare och sk\u00e5lar, barnmatningsflaskor, armband, askkoppar, mattor etc., granskade av SGS. 1) 100% silikon av livsmedelskvalitet med FDA-godk\u00e4nnande [...]<\/p>","protected":false},"author":1,"featured_media":0,"parent":0,"menu_order":0,"comment_status":"closed","ping_status":"closed","template":"","meta":{"_et_pb_use_builder":"on","_et_pb_old_content":"","_et_gb_content_width":"","footnotes":""},"class_list":["post-932","page","type-page","status-publish","hentry"],"yoast_head":"<!-- This site is optimized with the Yoast SEO plugin v26.4 - https:\/\/yoast.com\/wordpress\/plugins\/seo\/ -->\n<title>Silicone Product - Plastic Mold | China Mold Maker<\/title>\n<meta name=\"robots\" content=\"index, follow, max-snippet:-1, max-image-preview:large, max-video-preview:-1\" \/>\n<link rel=\"canonical\" href=\"https:\/\/www.plasticmoldco.com\/sv\/\u0441\u0438\u043b\u0438\u043a\u043e\u043d\u043e\u0432\u043e\u0435-\u0438\u0437\u0434\u0435\u043b\u0438\u0435\/\" \/>\n<meta property=\"og:locale\" content=\"sv_SE\" \/>\n<meta property=\"og:type\" content=\"article\" \/>\n<meta property=\"og:title\" content=\"Silicone Product - Plastic Mold | China Mold Maker\" \/>\n<meta property=\"og:description\" content=\"Silicone Product Silicone Product We\u2019re a professional silicone product manufacturer in china, special in various silicone products and mold,including household items and promotional gifts, such as cake molds &amp; ice cube trays, baking gloves, steamers &amp; bowls, baby feeding bottles, wristbands, ashtrays, mats, etc., audited by SGS. 1) 100% food grade silicone with FDA approval [&hellip;]\" \/>\n<meta property=\"og:url\" content=\"https:\/\/www.plasticmoldco.com\/sv\/\u0441\u0438\u043b\u0438\u043a\u043e\u043d\u043e\u0432\u043e\u0435-\u0438\u0437\u0434\u0435\u043b\u0438\u0435\/\" \/>\n<meta property=\"og:site_name\" content=\"Plastic Mold | China Mold Maker\" \/>\n<meta property=\"og:image\" content=\"https:\/\/plasticmoldco.com\/wp-content\/uploads\/2018\/10\/new.n-300x18.jpg\" \/>\n<meta name=\"twitter:card\" content=\"summary_large_image\" \/>\n<meta name=\"twitter:label1\" content=\"Ber\u00e4knad l\u00e4stid\" \/>\n\t<meta name=\"twitter:data1\" content=\"5 minuter\" \/>\n<script type=\"application\/ld+json\" class=\"yoast-schema-graph\">{\"@context\":\"https:\/\/schema.org\",\"@graph\":[{\"@type\":\"WebPage\",\"@id\":\"https:\/\/www.plasticmoldco.com\/ru\/\u0441\u0438\u043b\u0438\u043a\u043e\u043d\u043e\u0432\u043e\u0435-\u0438\u0437\u0434\u0435\u043b\u0438\u0435\/\",\"url\":\"https:\/\/www.plasticmoldco.com\/ru\/\u0441\u0438\u043b\u0438\u043a\u043e\u043d\u043e\u0432\u043e\u0435-\u0438\u0437\u0434\u0435\u043b\u0438\u0435\/\",\"name\":\"Silicone Product - Plastic Mold | China Mold Maker\",\"isPartOf\":{\"@id\":\"https:\/\/www.plasticmoldco.com\/el\/#website\"},\"primaryImageOfPage\":{\"@id\":\"https:\/\/www.plasticmoldco.com\/ru\/\u0441\u0438\u043b\u0438\u043a\u043e\u043d\u043e\u0432\u043e\u0435-\u0438\u0437\u0434\u0435\u043b\u0438\u0435\/#primaryimage\"},\"image\":{\"@id\":\"https:\/\/www.plasticmoldco.com\/ru\/\u0441\u0438\u043b\u0438\u043a\u043e\u043d\u043e\u0432\u043e\u0435-\u0438\u0437\u0434\u0435\u043b\u0438\u0435\/#primaryimage\"},\"thumbnailUrl\":\"https:\/\/plasticmoldco.com\/wp-content\/uploads\/2018\/10\/new.n-300x18.jpg\",\"datePublished\":\"2018-10-18T08:02:25+00:00\",\"breadcrumb\":{\"@id\":\"https:\/\/www.plasticmoldco.com\/ru\/\u0441\u0438\u043b\u0438\u043a\u043e\u043d\u043e\u0432\u043e\u0435-\u0438\u0437\u0434\u0435\u043b\u0438\u0435\/#breadcrumb\"},\"inLanguage\":\"sv-SE\",\"potentialAction\":[{\"@type\":\"ReadAction\",\"target\":[\"https:\/\/www.plasticmoldco.com\/ru\/\u0441\u0438\u043b\u0438\u043a\u043e\u043d\u043e\u0432\u043e\u0435-\u0438\u0437\u0434\u0435\u043b\u0438\u0435\/\"]}]},{\"@type\":\"ImageObject\",\"inLanguage\":\"sv-SE\",\"@id\":\"https:\/\/www.plasticmoldco.com\/ru\/\u0441\u0438\u043b\u0438\u043a\u043e\u043d\u043e\u0432\u043e\u0435-\u0438\u0437\u0434\u0435\u043b\u0438\u0435\/#primaryimage\",\"url\":\"https:\/\/plasticmoldco.com\/wp-content\/uploads\/2018\/10\/new.n-300x18.jpg\",\"contentUrl\":\"https:\/\/plasticmoldco.com\/wp-content\/uploads\/2018\/10\/new.n-300x18.jpg\"},{\"@type\":\"BreadcrumbList\",\"@id\":\"https:\/\/www.plasticmoldco.com\/ru\/\u0441\u0438\u043b\u0438\u043a\u043e\u043d\u043e\u0432\u043e\u0435-\u0438\u0437\u0434\u0435\u043b\u0438\u0435\/#breadcrumb\",\"itemListElement\":[{\"@type\":\"ListItem\",\"position\":1,\"name\":\"Home\",\"item\":\"https:\/\/www.plasticmoldco.com\/\"},{\"@type\":\"ListItem\",\"position\":2,\"name\":\"Silicone Product\"}]},{\"@type\":\"WebSite\",\"@id\":\"https:\/\/www.plasticmoldco.com\/el\/#website\",\"url\":\"https:\/\/www.plasticmoldco.com\/el\/\",\"name\":\"Plastic Mold | China Mold Maker\",\"description\":\"Are you looking for injection mold china? We are plastic mold maker\",\"publisher\":{\"@id\":\"https:\/\/www.plasticmoldco.com\/el\/#organization\"},\"potentialAction\":[{\"@type\":\"SearchAction\",\"target\":{\"@type\":\"EntryPoint\",\"urlTemplate\":\"https:\/\/www.plasticmoldco.com\/el\/?s={search_term_string}\"},\"query-input\":{\"@type\":\"PropertyValueSpecification\",\"valueRequired\":true,\"valueName\":\"search_term_string\"}}],\"inLanguage\":\"sv-SE\"},{\"@type\":\"Organization\",\"@id\":\"https:\/\/www.plasticmoldco.com\/el\/#organization\",\"name\":\"Plastic Mold | China Mold Maker\",\"url\":\"https:\/\/www.plasticmoldco.com\/el\/\",\"logo\":{\"@type\":\"ImageObject\",\"inLanguage\":\"sv-SE\",\"@id\":\"https:\/\/www.plasticmoldco.com\/el\/#\/schema\/logo\/image\/\",\"url\":\"https:\/\/plasticmoldco.com\/wp-content\/uploads\/2018\/10\/nlogon.png\",\"contentUrl\":\"https:\/\/plasticmoldco.com\/wp-content\/uploads\/2018\/10\/nlogon.png\",\"width\":204,\"height\":54,\"caption\":\"Plastic Mold | China Mold Maker\"},\"image\":{\"@id\":\"https:\/\/www.plasticmoldco.com\/el\/#\/schema\/logo\/image\/\"}}]}<\/script>\n<!-- \/ Yoast SEO plugin. -->","yoast_head_json":{"title":"Silikonprodukt - Plastform | Kina m\u00f6geltillverkare","robots":{"index":"index","follow":"follow","max-snippet":"max-snippet:-1","max-image-preview":"max-image-preview:large","max-video-preview":"max-video-preview:-1"},"canonical":"https:\/\/www.plasticmoldco.com\/sv\/\u0441\u0438\u043b\u0438\u043a\u043e\u043d\u043e\u0432\u043e\u0435-\u0438\u0437\u0434\u0435\u043b\u0438\u0435\/","og_locale":"sv_SE","og_type":"article","og_title":"Silicone Product - Plastic Mold | China Mold Maker","og_description":"Silicone Product Silicone Product We\u2019re a professional silicone product manufacturer in china, special in various silicone products and mold,including household items and promotional gifts, such as cake molds &amp; ice cube trays, baking gloves, steamers &amp; bowls, baby feeding bottles, wristbands, ashtrays, mats, etc., audited by SGS. 1) 100% food grade silicone with FDA approval [&hellip;]","og_url":"https:\/\/www.plasticmoldco.com\/sv\/\u0441\u0438\u043b\u0438\u043a\u043e\u043d\u043e\u0432\u043e\u0435-\u0438\u0437\u0434\u0435\u043b\u0438\u0435\/","og_site_name":"Plastic Mold | China Mold Maker","og_image":[{"url":"https:\/\/plasticmoldco.com\/wp-content\/uploads\/2018\/10\/new.n-300x18.jpg","type":"","width":"","height":""}],"twitter_card":"summary_large_image","twitter_misc":{"Ber\u00e4knad l\u00e4stid":"5 minuter"},"schema":{"@context":"https:\/\/schema.org","@graph":[{"@type":"WebPage","@id":"https:\/\/www.plasticmoldco.com\/ru\/\u0441\u0438\u043b\u0438\u043a\u043e\u043d\u043e\u0432\u043e\u0435-\u0438\u0437\u0434\u0435\u043b\u0438\u0435\/","url":"https:\/\/www.plasticmoldco.com\/ru\/\u0441\u0438\u043b\u0438\u043a\u043e\u043d\u043e\u0432\u043e\u0435-\u0438\u0437\u0434\u0435\u043b\u0438\u0435\/","name":"Silikonprodukt - Plastform | Kina m\u00f6geltillverkare","isPartOf":{"@id":"https:\/\/www.plasticmoldco.com\/el\/#website"},"primaryImageOfPage":{"@id":"https:\/\/www.plasticmoldco.com\/ru\/\u0441\u0438\u043b\u0438\u043a\u043e\u043d\u043e\u0432\u043e\u0435-\u0438\u0437\u0434\u0435\u043b\u0438\u0435\/#primaryimage"},"image":{"@id":"https:\/\/www.plasticmoldco.com\/ru\/\u0441\u0438\u043b\u0438\u043a\u043e\u043d\u043e\u0432\u043e\u0435-\u0438\u0437\u0434\u0435\u043b\u0438\u0435\/#primaryimage"},"thumbnailUrl":"https:\/\/plasticmoldco.com\/wp-content\/uploads\/2018\/10\/new.n-300x18.jpg","datePublished":"2018-10-18T08:02:25+00:00","breadcrumb":{"@id":"https:\/\/www.plasticmoldco.com\/ru\/\u0441\u0438\u043b\u0438\u043a\u043e\u043d\u043e\u0432\u043e\u0435-\u0438\u0437\u0434\u0435\u043b\u0438\u0435\/#breadcrumb"},"inLanguage":"sv-SE","potentialAction":[{"@type":"ReadAction","target":["https:\/\/www.plasticmoldco.com\/ru\/\u0441\u0438\u043b\u0438\u043a\u043e\u043d\u043e\u0432\u043e\u0435-\u0438\u0437\u0434\u0435\u043b\u0438\u0435\/"]}]},{"@type":"ImageObject","inLanguage":"sv-SE","@id":"https:\/\/www.plasticmoldco.com\/ru\/\u0441\u0438\u043b\u0438\u043a\u043e\u043d\u043e\u0432\u043e\u0435-\u0438\u0437\u0434\u0435\u043b\u0438\u0435\/#primaryimage","url":"https:\/\/plasticmoldco.com\/wp-content\/uploads\/2018\/10\/new.n-300x18.jpg","contentUrl":"https:\/\/plasticmoldco.com\/wp-content\/uploads\/2018\/10\/new.n-300x18.jpg"},{"@type":"BreadcrumbList","@id":"https:\/\/www.plasticmoldco.com\/ru\/\u0441\u0438\u043b\u0438\u043a\u043e\u043d\u043e\u0432\u043e\u0435-\u0438\u0437\u0434\u0435\u043b\u0438\u0435\/#breadcrumb","itemListElement":[{"@type":"ListItem","position":1,"name":"Home","item":"https:\/\/www.plasticmoldco.com\/"},{"@type":"ListItem","position":2,"name":"Silicone Product"}]},{"@type":"WebSite","@id":"https:\/\/www.plasticmoldco.com\/el\/#website","url":"https:\/\/www.plasticmoldco.com\/el\/","name":"Plastform | Kina formtillverkare","description":"Letar du efter injektionsform Kina? Vi \u00e4r tillverkare av plastformar","publisher":{"@id":"https:\/\/www.plasticmoldco.com\/el\/#organization"},"potentialAction":[{"@type":"SearchAction","target":{"@type":"EntryPoint","urlTemplate":"https:\/\/www.plasticmoldco.com\/el\/?s={search_term_string}"},"query-input":{"@type":"PropertyValueSpecification","valueRequired":true,"valueName":"search_term_string"}}],"inLanguage":"sv-SE"},{"@type":"Organization","@id":"https:\/\/www.plasticmoldco.com\/el\/#organization","name":"Plastform | Kina formtillverkare","url":"https:\/\/www.plasticmoldco.com\/el\/","logo":{"@type":"ImageObject","inLanguage":"sv-SE","@id":"https:\/\/www.plasticmoldco.com\/el\/#\/schema\/logo\/image\/","url":"https:\/\/plasticmoldco.com\/wp-content\/uploads\/2018\/10\/nlogon.png","contentUrl":"https:\/\/plasticmoldco.com\/wp-content\/uploads\/2018\/10\/nlogon.png","width":204,"height":54,"caption":"Plastic Mold | China Mold Maker"},"image":{"@id":"https:\/\/www.plasticmoldco.com\/el\/#\/schema\/logo\/image\/"}}]}},"_links":{"self":[{"href":"https:\/\/www.plasticmoldco.com\/sv\/wp-json\/wp\/v2\/pages\/932","targetHints":{"allow":["GET"]}}],"collection":[{"href":"https:\/\/www.plasticmoldco.com\/sv\/wp-json\/wp\/v2\/pages"}],"about":[{"href":"https:\/\/www.plasticmoldco.com\/sv\/wp-json\/wp\/v2\/types\/page"}],"author":[{"embeddable":true,"href":"https:\/\/www.plasticmoldco.com\/sv\/wp-json\/wp\/v2\/users\/1"}],"replies":[{"embeddable":true,"href":"https:\/\/www.plasticmoldco.com\/sv\/wp-json\/wp\/v2\/comments?post=932"}],"version-history":[{"count":0,"href":"https:\/\/www.plasticmoldco.com\/sv\/wp-json\/wp\/v2\/pages\/932\/revisions"}],"wp:attachment":[{"href":"https:\/\/www.plasticmoldco.com\/sv\/wp-json\/wp\/v2\/media?parent=932"}],"curies":[{"name":"wp","href":"https:\/\/api.w.org\/{rel}","templated":true}]}}