{"id":1204,"date":"2018-10-20T02:18:48","date_gmt":"2018-10-19T18:18:48","guid":{"rendered":"https:\/\/plasticmoldco.com\/?page_id=1204"},"modified":"2018-10-20T16:36:35","modified_gmt":"2018-10-20T08:36:35","slug":"auto-parts-mould","status":"publish","type":"page","link":"https:\/\/www.plasticmoldco.com\/sv\/formverktyg-for-bildelar\/","title":{"rendered":"Formverktyg f\u00f6r bildelar"},"content":{"rendered":"<p>[et_pb_section bb_built=\"1\u2033 disabled_on=\"on|on|\" _builder_version=\"3.10.2\u2033 custom_padding=\"0|0px|0|0px|false|false\" next_background_color=\"#000000\u2033][et_pb_row custom_padding=\"18px|0px|0|0px|false|false\" _builder_version=\"3.0.48\u2033 background_size=\"initial\" background_position=\"top_left\" background_repeat=\"repeat\"][et_pb_column type=\"4_4\u2033][et_pb_text _builder_version=\"3.10.2\u2033 custom_margin=\"0px|-120px|16px|-100px\"]<\/p>\n<p><img loading=\"lazy\" decoding=\"async\" class=\"wp-image-213 alignnone size-medium\" src=\"https:\/\/plasticmoldco.com\/wp-content\/uploads\/2018\/10\/new.n-300x18.jpg\" alt=\"\" width=\"1266\" height=\"76\" srcset=\"https:\/\/www.plasticmoldco.com\/wp-content\/uploads\/2018\/10\/new.n-300x18.jpg 300w, https:\/\/www.plasticmoldco.com\/wp-content\/uploads\/2018\/10\/new.n-768x45.jpg 768w, https:\/\/www.plasticmoldco.com\/wp-content\/uploads\/2018\/10\/new.n-1024x60.jpg 1024w\" sizes=\"(max-width: 1266px) 100vw, 1266px\" \/><\/p>\n<p>[\/et_pb_text][\/et_pb_column][\/et_pb_row][\/et_pb_section][et_pb_section bb_built=\"1\u2033 disabled_on=\"||on\" _builder_version=\"3.10.2\u2033 custom_padding=\"22px|0px|0|0px|false|false\" prev_background_color=\"#000000\u2033 next_background_color=\"#000000\u2033][et_pb_row custom_padding=\"0|0px|12px|0px|false|false\" _builder_version=\"3.0.48\u2033 background_size=\"initial\" background_position=\"top_left\" background_repeat=\"repeat\"][et_pb_column type=\"4_4\u2033][et_pb_text _builder_version=\"3.10.2\u2033]<\/p>\n<p><img loading=\"lazy\" decoding=\"async\" class=\"wp-image-213 alignnone size-medium\" src=\"https:\/\/plasticmoldco.com\/wp-content\/uploads\/2018\/10\/new.n-300x18.jpg\" alt=\"\" width=\"1266\" height=\"76\" srcset=\"https:\/\/www.plasticmoldco.com\/wp-content\/uploads\/2018\/10\/new.n-300x18.jpg 300w, https:\/\/www.plasticmoldco.com\/wp-content\/uploads\/2018\/10\/new.n-768x45.jpg 768w, https:\/\/www.plasticmoldco.com\/wp-content\/uploads\/2018\/10\/new.n-1024x60.jpg 1024w\" sizes=\"(max-width: 1266px) 100vw, 1266px\" \/><\/p>\n<p>[\/et_pb_text][\/et_pb_column][\/et_pb_row][\/et_pb_section][et_pb_section bb_built=\"1\u2033 disabled_on=\"on|on|\" _builder_version=\"3.10.2\u2033 custom_padding=\"0|0px|54px|0px|false|false\" prev_background_color=\"#000000\u2033 next_background_color=\"#000000\u2033][et_pb_row custom_padding=\"0|0px|0|0px|false|false\" _builder_version=\"3.0.48\u2033 background_size=\"initial\" background_position=\"top_left\" background_repeat=\"repeat\"][et_pb_column type=\"3_4\u2033][et_pb_text _builder_version=\"3.10.2\u2033 border_width_all=\"3px\" border_color_all=\"#e5e5e5\u2033 custom_margin=\"15px|-90px||-86px\" custom_padding=\"10px|10px|10px|10px\"]]<\/p>\n<div id=\"titlep\">\n<div id=\"titlep\">\n<div id=\"titlep\">\n<div id=\"titlep\">\n<div>\n<h1>Formverktyg f\u00f6r bildelar<\/h1>\n<\/div>\n<\/div>\n<div id=\"mge\"><img loading=\"lazy\" decoding=\"async\" class=\"alignnone  wp-image-1073\" src=\"https:\/\/plasticmoldco.com\/wp-content\/uploads\/2018\/10\/101010-276x300.jpg\" alt=\"\" width=\"650\" height=\"707\" srcset=\"https:\/\/www.plasticmoldco.com\/wp-content\/uploads\/2018\/10\/101010-276x300.jpg 276w, https:\/\/www.plasticmoldco.com\/wp-content\/uploads\/2018\/10\/101010.jpg 404w\" sizes=\"(max-width: 650px) 100vw, 650px\" \/><\/div>\n<p>&nbsp;<\/p>\n<p>V\u00e5rt f\u00f6retag \u00e4r ett professionellt <a href=\"https:\/\/web.archive.org\/web\/20140805213848\/http:\/\/www.moldchina.org\/quality-insurance\/our-statement\">tillverkare av plastformar <\/a>i Shezhen, Kina. Vi har rik erfarenhet av olika m\u00f6gel, f\u00f6r n\u00e4rvarande \u00e4r Auto m\u00f6gel v\u00e5rt viktiga omr\u00e5de.<\/p>\n<p>Nedan f\u00f6ljer specifikationen f\u00f6r<strong><em> tillverkning av plastformar<\/em><\/strong>:<\/p>\n<table border=\"1\" cellspacing=\"0\" cellpadding=\"0\">\n<tbody>\n<tr>\n<td>Material i formst\u00e5l<\/td>\n<td>P20 , 45# ,718 , 2083 , NAK80 ,S136 ,2344,2767,2312 etc.<\/td>\n<\/tr>\n<tr>\n<td>Plastmaterial<\/td>\n<td>PE , PP , TPE , PPR ,PA , PP , PS , PET , ABS , PC , etc.<\/td>\n<\/tr>\n<tr>\n<td>Bas f\u00f6r gjutform<\/td>\n<td>LKM , HASCO , EMP.DME etc.<\/td>\n<\/tr>\n<tr>\n<td>Formpressning<\/td>\n<td>Kall l\u00f6pare och varm l\u00f6pare<\/td>\n<\/tr>\n<tr>\n<td>Gjutform varmkanalsystem<\/td>\n<td>DEM , HASCO , YUDO , m.fl.<\/td>\n<\/tr>\n<tr>\n<td>Kallkanal f\u00f6r gjutform<\/td>\n<td>punktgrind , sidogrind , ub\u00e5tsgrind , tunnelgrind<\/td>\n<\/tr>\n<tr>\n<td>Gjutning av standarddelar<\/td>\n<td>DEM , HASCO , CUMSA , JIS , Strack.Optiz,.LKM<\/td>\n<\/tr>\n<tr>\n<td>Formens livsl\u00e4ngd<\/td>\n<td>1.000.000 skott<\/td>\n<\/tr>\n<tr>\n<td>Programvara f\u00f6r design<\/td>\n<td>PRO-E , UG ,Auto CAD ,etc.<\/td>\n<\/tr>\n<tr>\n<td>Formens uttagsm\u00f6jlighet<\/td>\n<td>doffplatta , ejektorer , luftventiler , hydraulcylindrar<\/td>\n<\/tr>\n<tr>\n<td>Varmbehandling av gjutform<\/td>\n<td>Anl\u00f6pning , Quending , Nitrering<\/td>\n<\/tr>\n<tr>\n<td>Process<\/td>\n<td>CNC , EDM ,tr\u00e5dgnistning , borrning, polering, montering, montering<\/td>\n<\/tr>\n<tr>\n<td>Transport av gjutformar<\/td>\n<td>Till sj\u00f6ss, med flyg etc.<\/td>\n<\/tr>\n<tr>\n<td>F\u00f6rpackning av formar<\/td>\n<td>tr\u00e4fodral<\/td>\n<\/tr>\n<tr>\n<td><\/td>\n<td><\/td>\n<\/tr>\n<\/tbody>\n<\/table>\n<p>fl\u00f6desschemat f\u00f6r <strong><em>tillverkare av plastformar<\/em><\/strong> service:<\/p>\n<table border=\"1\" cellspacing=\"0\" cellpadding=\"0\">\n<tbody>\n<tr>\n<td>Mottagande av f\u00f6rfr\u00e5gan fr\u00e5n kunderna, inklusive formspecifikation och ritning eller prov<\/td>\n<\/tr>\n<tr>\n<td>Vi kommer att tillhandah\u00e5lla offerten inom 24 timmar<\/td>\n<\/tr>\n<tr>\n<td>Kunden bekr\u00e4ftar offerten och l\u00e4gger best\u00e4llningen,<\/td>\n<\/tr>\n<tr>\n<td>Vi p\u00e5b\u00f6rjar formkonstruktionen<\/td>\n<\/tr>\n<tr>\n<td>F\u00e4rdigst\u00e4ll formritningen och skicka till kunden f\u00f6r godk\u00e4nnande<\/td>\n<\/tr>\n<tr>\n<td>Kunden godk\u00e4nner designen och vi best\u00e4ller st\u00e5lmaterialet och formbasen<\/td>\n<\/tr>\n<tr>\n<td>Ytformning med CNC f\u00f6r h\u00f6g hastighet<\/td>\n<\/tr>\n<tr>\n<td>Borrning av h\u00e5l, CNC, tr\u00e5dgnistning, EDM, polering, sammans\u00e4ttning, montering etc.<\/td>\n<\/tr>\n<tr>\n<td>Ordna formtestet och skicka T1-prover ut<\/td>\n<\/tr>\n<tr>\n<td>Kunden kommer att ge feedback om proverna inte godk\u00e4nns<\/td>\n<\/tr>\n<tr>\n<td>Reparation , Polering , Textur<\/td>\n<\/tr>\n<tr>\n<td>Vi kommer att modifiera formen tills kunden \u00e4r godk\u00e4nd<\/td>\n<\/tr>\n<tr>\n<td>Skicka ut formen<\/td>\n<\/tr>\n<\/tbody>\n<\/table>\n<p>&nbsp;<\/p>\n<p>Som yrkesverksam <strong><em><a href=\"https:\/\/web.archive.org\/web\/20140805213848\/http:\/\/www.moldchina.org\/mold-in-china\">tillverkare av plastformar i Kina<\/a><\/em><\/strong>f\u00f6rdelen med v\u00e5r m\u00f6gel \u00e4r:<\/p>\n<p>H\u00f6g precision, l\u00e5ng livsl\u00e4ngd och kort cykel med rimligt pris och punktlig leverans.<\/p>\n<\/div>\n<\/div>\n<\/div>\n<p>[\/et_pb_text][\/et_pb_column][et_pb_column type=\"1_4\u2033][et_pb_sidebar _builder_version=\"3.10.2\u2033 area=\"sidebar-1\u2033 custom_margin=\"15px|-94px||40px\" custom_padding=\"10px|10px|10px|10px\" border_width_all=\"2px\" border_color_all=\"#d3d3d3\u2033 \/][\/et_pb_column][\/et_pb_row][\/et_pb_section][et_pb_section bb_built=\"1\u2033 disabled_on=\"||on\" _builder_version=\"3.10.2\u2033 custom_padding=\"0|0px|54px|0px|false|false\" next_background_color=\"#000000\u2033 prev_background_color=\"#000000\u2033][et_pb_row custom_padding=\"0|0px|0|0px|false|false\" _builder_version=\"3.0.48\u2033 background_size=\"initial\" background_position=\"top_left\" background_repeat=\"repeat\"][et_pb_column type=\"4_4\u2033][et_pb_text _builder_version=\"3.10.2\u2033 border_width_all=\"3px\" border_color_all=\"#e5e5e5\u2033]]<\/p>\n<div id=\"titlep\">\n<div id=\"titlep\">\n<div id=\"titlep\">\n<div id=\"titlep\">\n<div id=\"titlep\">\n<div id=\"titlep\">\n<div id=\"titlep\">\n<div id=\"titlep\">\n<div id=\"titlep\">\n<div>\n<h1>Formverktyg f\u00f6r bildelar<\/h1>\n<\/div>\n<\/div>\n<div id=\"mge\"><img loading=\"lazy\" decoding=\"async\" class=\"alignnone  wp-image-1073\" src=\"https:\/\/plasticmoldco.com\/wp-content\/uploads\/2018\/10\/101010-276x300.jpg\" alt=\"\" width=\"650\" height=\"707\" srcset=\"https:\/\/www.plasticmoldco.com\/wp-content\/uploads\/2018\/10\/101010-276x300.jpg 276w, https:\/\/www.plasticmoldco.com\/wp-content\/uploads\/2018\/10\/101010.jpg 404w\" sizes=\"(max-width: 650px) 100vw, 650px\" \/><\/div>\n<p>&nbsp;<\/p>\n<p>V\u00e5rt f\u00f6retag \u00e4r en professionell tillverkare av plastformar i Shezhen, Kina. Vi har rik erfarenhet av olika m\u00f6gel, f\u00f6r n\u00e4rvarande \u00e4r Auto m\u00f6gel v\u00e5rt viktiga omr\u00e5de.<\/p>\n<p>Nedan f\u00f6ljer specifikationen f\u00f6r<strong><em> tillverkning av plastformar<\/em><\/strong>:<\/p>\n<table border=\"1\" cellspacing=\"0\" cellpadding=\"0\">\n<tbody>\n<tr>\n<td>Material i formst\u00e5l<\/td>\n<td>P20 , 45# ,718 , 2083 , NAK80 ,S136 ,2344,2767,2312 etc.<\/td>\n<\/tr>\n<tr>\n<td>Plastmaterial<\/td>\n<td>PE , PP , TPE , PPR ,PA , PP , PS , PET , ABS , PC , etc.<\/td>\n<\/tr>\n<tr>\n<td>Bas f\u00f6r gjutform<\/td>\n<td>LKM , HASCO , EMP.DME etc.<\/td>\n<\/tr>\n<tr>\n<td>Formpressning<\/td>\n<td>Kall l\u00f6pare och varm l\u00f6pare<\/td>\n<\/tr>\n<tr>\n<td>Gjutform varmkanalsystem<\/td>\n<td>DEM , HASCO , YUDO , m.fl.<\/td>\n<\/tr>\n<tr>\n<td>Kallkanal f\u00f6r gjutform<\/td>\n<td>punktgrind , sidogrind , ub\u00e5tsgrind , tunnelgrind<\/td>\n<\/tr>\n<tr>\n<td>Gjutning av standarddelar<\/td>\n<td>DEM , HASCO , CUMSA , JIS , Strack.Optiz,.LKM<\/td>\n<\/tr>\n<tr>\n<td>Formens livsl\u00e4ngd<\/td>\n<td>1.000.000 skott<\/td>\n<\/tr>\n<tr>\n<td>Programvara f\u00f6r design<\/td>\n<td>PRO-E , UG ,Auto CAD ,etc.<\/td>\n<\/tr>\n<tr>\n<td>Formens uttagsm\u00f6jlighet<\/td>\n<td>doffplatta , ejektorer , luftventiler , hydraulcylindrar<\/td>\n<\/tr>\n<tr>\n<td>Varmbehandling av gjutform<\/td>\n<td>Anl\u00f6pning , Quending , Nitrering<\/td>\n<\/tr>\n<tr>\n<td>Process<\/td>\n<td>CNC , EDM ,tr\u00e5dgnistning , borrning, polering, montering, montering<\/td>\n<\/tr>\n<tr>\n<td>Transport av gjutformar<\/td>\n<td>Till sj\u00f6ss, med flyg etc.<\/td>\n<\/tr>\n<tr>\n<td>F\u00f6rpackning av formar<\/td>\n<td>tr\u00e4fodral<\/td>\n<\/tr>\n<tr>\n<td><\/td>\n<td><\/td>\n<\/tr>\n<\/tbody>\n<\/table>\n<p>fl\u00f6desschemat f\u00f6r <strong><em>tillverkare av plastformar<\/em><\/strong> service:<\/p>\n<table border=\"1\" cellspacing=\"0\" cellpadding=\"0\">\n<tbody>\n<tr>\n<td>Mottagande av f\u00f6rfr\u00e5gan fr\u00e5n kunderna, inklusive formspecifikation och ritning eller prov<\/td>\n<\/tr>\n<tr>\n<td>Vi kommer att tillhandah\u00e5lla offerten inom 24 timmar<\/td>\n<\/tr>\n<tr>\n<td>Kunden bekr\u00e4ftar offerten och l\u00e4gger best\u00e4llningen,<\/td>\n<\/tr>\n<tr>\n<td>Vi p\u00e5b\u00f6rjar formkonstruktionen<\/td>\n<\/tr>\n<tr>\n<td>F\u00e4rdigst\u00e4ll formritningen och skicka till kunden f\u00f6r godk\u00e4nnande<\/td>\n<\/tr>\n<tr>\n<td>Kunden godk\u00e4nner designen och vi best\u00e4ller st\u00e5lmaterialet och formbasen<\/td>\n<\/tr>\n<tr>\n<td>Ytformning med CNC f\u00f6r h\u00f6g hastighet<\/td>\n<\/tr>\n<tr>\n<td>Borrning av h\u00e5l, CNC, tr\u00e5dgnistning, EDM, polering, sammans\u00e4ttning, montering etc.<\/td>\n<\/tr>\n<tr>\n<td>Ordna formtestet och skicka T1-prover ut<\/td>\n<\/tr>\n<tr>\n<td>Kunden kommer att ge feedback om proverna inte godk\u00e4nns<\/td>\n<\/tr>\n<tr>\n<td>Reparation , Polering , Textur<\/td>\n<\/tr>\n<tr>\n<td>Vi kommer att modifiera formen tills kunden \u00e4r godk\u00e4nd<\/td>\n<\/tr>\n<tr>\n<td>Skicka ut formen<\/td>\n<\/tr>\n<\/tbody>\n<\/table>\n<p>&nbsp;<\/p>\n<p>Som yrkesverksam <strong><em>tillverkare av plastformar i Kina<\/em><\/strong>f\u00f6rdelen med v\u00e5r m\u00f6gel \u00e4r:<\/p>\n<p>H\u00f6g precision, l\u00e5ng livsl\u00e4ngd och kort cykel med rimligt pris och punktlig leverans.<\/p>\n<\/div>\n<\/div>\n<\/div>\n<\/div>\n<\/div>\n<\/div>\n<\/div>\n<\/div>\n<p>[\/et_pb_text][et_pb_sidebar _builder_version=\"3.10.2\u2033 area=\"sidebar-1\u2033 custom_padding=\"10px||10px|10px\" border_width_all=\"2px\" border_color_all=\"#d3d3d3\u2033 custom_margin=\"|-250px|\" \/][\/et_pb_column][\/et_pb_row][\/et_pb_section][et_pb_section bb_built=\"1\u2033 disabled_on=\"on|on|\" _builder_version=\u201d3.10.2\u2033 custom_margin=\u201d-103px|||\u201d prev_background_color=\u201d#000000\u2033 next_background_color=\u201d#000000\u2033][et_pb_row _builder_version=\u201d3.0.48\u2033 background_size=\"initial\" background_position=\"top_left\" background_repeat=\"repeat\"][et_pb_column type=\"4_4\u2033][et_pb_text _builder_version=\"3.10.2\u2033 custom_margin=\"|-62px||-84px\"]<\/p>\n<p style=\"padding-left: 30px;\"><strong>Kina plastinsprutningsform, verktygstillverkare, Kina formtillverkare, Kina verktyg, Plastform Kina, Kina formsprutningsfabrik, tillverkare av plastinsprutningsform i Kina<\/strong><\/p>\n<p>[\/et_pb_text][et_pb_text _builder_version=\u201d3.10.2\u2033 custom_margin=\u201d-15px|-50px||-50px\u201d]<\/p>\n<p><strong><span style=\"color: #0c0c0c;\"><a href=\"https:\/\/www.plasticmoldco.com\/sv\/\">Hem\u00a0 \u00a0<\/a>|\u00a0 \u00a0<a href=\"https:\/\/www.plasticmoldco.com\/sv\/about-us\/\">Om oss\u00a0<\/a> \u00a0|\u00a0 <a href=\"https:\/\/www.plasticmoldco.com\/sv\/design-av-teknik\/\">Design och teknik<\/a>\u00a0 |\u00a0 \u00a0<a href=\"https:\/\/www.plasticmoldco.com\/sv\/products\/\">Produkter\u00a0\u00a0\u00a0\u00a0\u00a0<\/a>|\u00a0\u00a0\u00a0\u00a0\u00a0<a href=\"https:\/\/www.plasticmoldco.com\/sv\/nyheter\/\">Nyheter<\/a>\u00a0\u00a0\u00a0\u00a0\u00a0|\u00a0\u00a0\u00a0\u00a0\u00a0<a href=\"https:\/\/www.plasticmoldco.com\/sv\/kvalitetsforsakring\/\">Kvalitetsf\u00f6rs\u00e4kring\u00a0<\/a>\u00a0\u00a0\u00a0\u00a0|\u00a0 \u00a0 <a href=\"https:\/\/www.plasticmoldco.com\/sv\/po-forfarande\/\">PO-f\u00f6rfarande<\/a>\u00a0 \u00a0 |\u00a0 \u00a0 <a href=\"https:\/\/www.plasticmoldco.com\/sv\/utrustning\/\">Utrustning\u00a0 \u00a0<\/a> |\u00a0 \u00a0<a href=\"https:\/\/www.plasticmoldco.com\/sv\/industridesign-fall\/\">Industriell design\u00a0<\/a> \u00a0 |\u00a0 \u00a0 <a href=\"https:\/\/www.plasticmoldco.com\/sv\/webbplatskarta\/\">Sitemap<\/a><\/span><\/strong><\/p>\n<p>[\/et_pb_text][et_pb_text _builder_version=\"3.10.2\u2033 custom_margin=\"-15px|||\"]<\/p>\n<p style=\"text-align: center;\"><strong>Copyright \u00a9 2011 DONGGUAN SINCER TECH CO.LTD. | Kina m\u00f6geltillverkare, Kina formsprutning av plast, Kina verktygsmakare.<\/strong><br \/>\n<strong> F\u00f6retagsregister nr: 1626173<\/strong><\/p>\n<p>[\/et_pb_text][\/et_pb_column][\/et_pb_row][\/et_pb_section][et_pb_section bb_built=\"1\u2033 disabled_on=\"||on\" _builder_version=\"3.10.2\u2033 custom_margin=\"-103px|||\" prev_background_color=\"#000000\u2033][et_pb_row _builder_version=\"3.0.48\u2033 background_size=\"initial\" background_position=\"top_left\" background_repeat=\"repeat\"][et_pb_column type=\"4_4\u2033][et_pb_text _builder_version=\"3.10.2\u2033]<\/p>\n<p style=\"padding-left: 30px;\"><strong>Kina plastinsprutningsform, verktygstillverkare, Kina formtillverkare, Kina verktyg, Plastform Kina, Kina formsprutningsfabrik, tillverkare av plastinsprutningsform i Kina<\/strong><\/p>\n<p>[\/et_pb_text][et_pb_text _builder_version=\u201d3.10.2\u2033]<\/p>\n<p><strong><span style=\"color: #0c0c0c;\"><a href=\"https:\/\/www.plasticmoldco.com\/sv\/\">Hem\u00a0 \u00a0<\/a>|\u00a0 \u00a0<a href=\"https:\/\/www.plasticmoldco.com\/sv\/about-us\/\">Om oss\u00a0<\/a> \u00a0|\u00a0 <a href=\"https:\/\/www.plasticmoldco.com\/sv\/design-av-teknik\/\">Design och teknik<\/a>\u00a0 |\u00a0 \u00a0<a href=\"https:\/\/www.plasticmoldco.com\/sv\/products\/\">Produkter\u00a0\u00a0\u00a0\u00a0\u00a0<\/a>|\u00a0\u00a0\u00a0\u00a0\u00a0<a href=\"https:\/\/www.plasticmoldco.com\/sv\/nyheter\/\">Nyheter<\/a>\u00a0\u00a0\u00a0\u00a0\u00a0|\u00a0\u00a0\u00a0\u00a0\u00a0<a href=\"https:\/\/www.plasticmoldco.com\/sv\/kvalitetsforsakring\/\">Kvalitetsf\u00f6rs\u00e4kring\u00a0<\/a>\u00a0\u00a0\u00a0\u00a0|\u00a0 \u00a0 <a href=\"https:\/\/www.plasticmoldco.com\/sv\/po-forfarande\/\">PO-f\u00f6rfarande<\/a>\u00a0 \u00a0 |\u00a0 \u00a0 <a href=\"https:\/\/www.plasticmoldco.com\/sv\/utrustning\/\">Utrustning\u00a0 \u00a0<\/a> |\u00a0 \u00a0<a href=\"https:\/\/www.plasticmoldco.com\/sv\/industridesign-fall\/\">Industriell design\u00a0<\/a> \u00a0 |\u00a0 \u00a0 <a href=\"https:\/\/www.plasticmoldco.com\/sv\/webbplatskarta\/\">Sitemap<\/a><\/span><\/strong><\/p>\n<p>[\/et_pb_text][et_pb_text _builder_version=\u201d3.10.2\u2033]<\/p>\n<p style=\"text-align: center;\"><strong>Copyright \u00a9 2011 DONGGUAN SINCER TECH CO.LTD. | Kina m\u00f6geltillverkare, Kina formsprutning av plast, Kina verktygsmakare.<\/strong><br \/>\n<strong> F\u00f6retagsregister nr: 1626173<\/strong><\/p>\n<p>[\/et_pb_text][\/et_pb_kolumn][\/et_pb_row][\/et_pb_section]<\/p>","protected":false},"excerpt":{"rendered":"<p>Auto parts mould &nbsp; Our company is a professional plastic mold manufacturer in Shezhen, China. We have rich experience in various mold, At present, Auto mould\u00a0is our important field. Below is the Spec. for plastic mold manufacture: Mould steel\u00a0material P20 , 45# ,718 , 2083 , NAK80 ,S136 ,2344,2767,2312 etc. Plastic material PE , PP, [&hellip;]<\/p>","protected":false},"author":1,"featured_media":0,"parent":0,"menu_order":0,"comment_status":"closed","ping_status":"closed","template":"","meta":{"_et_pb_use_builder":"on","_et_pb_old_content":"","_et_gb_content_width":"","footnotes":""},"class_list":["post-1204","page","type-page","status-publish","hentry"],"yoast_head":"<!-- This site is optimized with the Yoast SEO plugin v26.4 - https:\/\/yoast.com\/wordpress\/plugins\/seo\/ -->\n<title>Auto parts mould - Plastic Mold | China Mold Maker<\/title>\n<meta name=\"robots\" content=\"index, follow, max-snippet:-1, max-image-preview:large, max-video-preview:-1\" \/>\n<link rel=\"canonical\" href=\"https:\/\/www.plasticmoldco.com\/sv\/form-for-bildeler\/\" \/>\n<meta property=\"og:locale\" content=\"sv_SE\" \/>\n<meta property=\"og:type\" content=\"article\" \/>\n<meta property=\"og:title\" content=\"Auto parts mould - Plastic Mold | China Mold Maker\" \/>\n<meta property=\"og:description\" content=\"Auto parts mould &nbsp; Our company is a professional plastic mold manufacturer in Shezhen, China. We have rich experience in various mold, At present, Auto mould\u00a0is our important field. Below is the Spec. for plastic mold manufacture: Mould steel\u00a0material P20 , 45# ,718 , 2083 , NAK80 ,S136 ,2344,2767,2312 etc. Plastic material PE , PP, [&hellip;]\" \/>\n<meta property=\"og:url\" content=\"https:\/\/www.plasticmoldco.com\/sv\/form-for-bildeler\/\" \/>\n<meta property=\"og:site_name\" content=\"Plastic Mold | China Mold Maker\" \/>\n<meta property=\"article:modified_time\" content=\"2018-10-20T08:36:35+00:00\" \/>\n<meta property=\"og:image\" content=\"https:\/\/plasticmoldco.com\/wp-content\/uploads\/2018\/10\/new.n-300x18.jpg\" \/>\n<meta name=\"twitter:card\" content=\"summary_large_image\" \/>\n<meta name=\"twitter:label1\" content=\"Ber\u00e4knad l\u00e4stid\" \/>\n\t<meta name=\"twitter:data1\" content=\"6 minuter\" \/>\n<script type=\"application\/ld+json\" class=\"yoast-schema-graph\">{\"@context\":\"https:\/\/schema.org\",\"@graph\":[{\"@type\":\"WebPage\",\"@id\":\"https:\/\/www.plasticmoldco.com\/nb\/form-for-bildeler\/\",\"url\":\"https:\/\/www.plasticmoldco.com\/nb\/form-for-bildeler\/\",\"name\":\"Auto parts mould - Plastic Mold | China Mold Maker\",\"isPartOf\":{\"@id\":\"https:\/\/www.plasticmoldco.com\/el\/#website\"},\"primaryImageOfPage\":{\"@id\":\"https:\/\/www.plasticmoldco.com\/nb\/form-for-bildeler\/#primaryimage\"},\"image\":{\"@id\":\"https:\/\/www.plasticmoldco.com\/nb\/form-for-bildeler\/#primaryimage\"},\"thumbnailUrl\":\"https:\/\/plasticmoldco.com\/wp-content\/uploads\/2018\/10\/new.n-300x18.jpg\",\"datePublished\":\"2018-10-19T18:18:48+00:00\",\"dateModified\":\"2018-10-20T08:36:35+00:00\",\"breadcrumb\":{\"@id\":\"https:\/\/www.plasticmoldco.com\/nb\/form-for-bildeler\/#breadcrumb\"},\"inLanguage\":\"sv-SE\",\"potentialAction\":[{\"@type\":\"ReadAction\",\"target\":[\"https:\/\/www.plasticmoldco.com\/nb\/form-for-bildeler\/\"]}]},{\"@type\":\"ImageObject\",\"inLanguage\":\"sv-SE\",\"@id\":\"https:\/\/www.plasticmoldco.com\/nb\/form-for-bildeler\/#primaryimage\",\"url\":\"https:\/\/plasticmoldco.com\/wp-content\/uploads\/2018\/10\/new.n-300x18.jpg\",\"contentUrl\":\"https:\/\/plasticmoldco.com\/wp-content\/uploads\/2018\/10\/new.n-300x18.jpg\"},{\"@type\":\"BreadcrumbList\",\"@id\":\"https:\/\/www.plasticmoldco.com\/nb\/form-for-bildeler\/#breadcrumb\",\"itemListElement\":[{\"@type\":\"ListItem\",\"position\":1,\"name\":\"Home\",\"item\":\"https:\/\/www.plasticmoldco.com\/\"},{\"@type\":\"ListItem\",\"position\":2,\"name\":\"Auto parts mould\"}]},{\"@type\":\"WebSite\",\"@id\":\"https:\/\/www.plasticmoldco.com\/el\/#website\",\"url\":\"https:\/\/www.plasticmoldco.com\/el\/\",\"name\":\"Plastic Mold | China Mold Maker\",\"description\":\"Are you looking for injection mold china? We are plastic mold maker\",\"publisher\":{\"@id\":\"https:\/\/www.plasticmoldco.com\/el\/#organization\"},\"potentialAction\":[{\"@type\":\"SearchAction\",\"target\":{\"@type\":\"EntryPoint\",\"urlTemplate\":\"https:\/\/www.plasticmoldco.com\/el\/?s={search_term_string}\"},\"query-input\":{\"@type\":\"PropertyValueSpecification\",\"valueRequired\":true,\"valueName\":\"search_term_string\"}}],\"inLanguage\":\"sv-SE\"},{\"@type\":\"Organization\",\"@id\":\"https:\/\/www.plasticmoldco.com\/el\/#organization\",\"name\":\"Plastic Mold | China Mold Maker\",\"url\":\"https:\/\/www.plasticmoldco.com\/el\/\",\"logo\":{\"@type\":\"ImageObject\",\"inLanguage\":\"sv-SE\",\"@id\":\"https:\/\/www.plasticmoldco.com\/el\/#\/schema\/logo\/image\/\",\"url\":\"https:\/\/plasticmoldco.com\/wp-content\/uploads\/2018\/10\/nlogon.png\",\"contentUrl\":\"https:\/\/plasticmoldco.com\/wp-content\/uploads\/2018\/10\/nlogon.png\",\"width\":204,\"height\":54,\"caption\":\"Plastic Mold | China Mold Maker\"},\"image\":{\"@id\":\"https:\/\/www.plasticmoldco.com\/el\/#\/schema\/logo\/image\/\"}}]}<\/script>\n<!-- \/ Yoast SEO plugin. -->","yoast_head_json":{"title":"Form f\u00f6r bildelar - Plastform | Kina m\u00f6geltillverkare","robots":{"index":"index","follow":"follow","max-snippet":"max-snippet:-1","max-image-preview":"max-image-preview:large","max-video-preview":"max-video-preview:-1"},"canonical":"https:\/\/www.plasticmoldco.com\/sv\/form-for-bildeler\/","og_locale":"sv_SE","og_type":"article","og_title":"Auto parts mould - Plastic Mold | China Mold Maker","og_description":"Auto parts mould &nbsp; Our company is a professional plastic mold manufacturer in Shezhen, China. We have rich experience in various mold, At present, Auto mould\u00a0is our important field. Below is the Spec. for plastic mold manufacture: Mould steel\u00a0material P20 , 45# ,718 , 2083 , NAK80 ,S136 ,2344,2767,2312 etc. Plastic material PE , PP, [&hellip;]","og_url":"https:\/\/www.plasticmoldco.com\/sv\/form-for-bildeler\/","og_site_name":"Plastic Mold | China Mold Maker","article_modified_time":"2018-10-20T08:36:35+00:00","og_image":[{"url":"https:\/\/plasticmoldco.com\/wp-content\/uploads\/2018\/10\/new.n-300x18.jpg","type":"","width":"","height":""}],"twitter_card":"summary_large_image","twitter_misc":{"Ber\u00e4knad l\u00e4stid":"6 minuter"},"schema":{"@context":"https:\/\/schema.org","@graph":[{"@type":"WebPage","@id":"https:\/\/www.plasticmoldco.com\/nb\/form-for-bildeler\/","url":"https:\/\/www.plasticmoldco.com\/nb\/form-for-bildeler\/","name":"Form f\u00f6r bildelar - Plastform | Kina m\u00f6geltillverkare","isPartOf":{"@id":"https:\/\/www.plasticmoldco.com\/el\/#website"},"primaryImageOfPage":{"@id":"https:\/\/www.plasticmoldco.com\/nb\/form-for-bildeler\/#primaryimage"},"image":{"@id":"https:\/\/www.plasticmoldco.com\/nb\/form-for-bildeler\/#primaryimage"},"thumbnailUrl":"https:\/\/plasticmoldco.com\/wp-content\/uploads\/2018\/10\/new.n-300x18.jpg","datePublished":"2018-10-19T18:18:48+00:00","dateModified":"2018-10-20T08:36:35+00:00","breadcrumb":{"@id":"https:\/\/www.plasticmoldco.com\/nb\/form-for-bildeler\/#breadcrumb"},"inLanguage":"sv-SE","potentialAction":[{"@type":"ReadAction","target":["https:\/\/www.plasticmoldco.com\/nb\/form-for-bildeler\/"]}]},{"@type":"ImageObject","inLanguage":"sv-SE","@id":"https:\/\/www.plasticmoldco.com\/nb\/form-for-bildeler\/#primaryimage","url":"https:\/\/plasticmoldco.com\/wp-content\/uploads\/2018\/10\/new.n-300x18.jpg","contentUrl":"https:\/\/plasticmoldco.com\/wp-content\/uploads\/2018\/10\/new.n-300x18.jpg"},{"@type":"BreadcrumbList","@id":"https:\/\/www.plasticmoldco.com\/nb\/form-for-bildeler\/#breadcrumb","itemListElement":[{"@type":"ListItem","position":1,"name":"Home","item":"https:\/\/www.plasticmoldco.com\/"},{"@type":"ListItem","position":2,"name":"Auto parts mould"}]},{"@type":"WebSite","@id":"https:\/\/www.plasticmoldco.com\/el\/#website","url":"https:\/\/www.plasticmoldco.com\/el\/","name":"Plastform | Kina formtillverkare","description":"Letar du efter injektionsform Kina? Vi \u00e4r tillverkare av plastformar","publisher":{"@id":"https:\/\/www.plasticmoldco.com\/el\/#organization"},"potentialAction":[{"@type":"SearchAction","target":{"@type":"EntryPoint","urlTemplate":"https:\/\/www.plasticmoldco.com\/el\/?s={search_term_string}"},"query-input":{"@type":"PropertyValueSpecification","valueRequired":true,"valueName":"search_term_string"}}],"inLanguage":"sv-SE"},{"@type":"Organization","@id":"https:\/\/www.plasticmoldco.com\/el\/#organization","name":"Plastform | Kina formtillverkare","url":"https:\/\/www.plasticmoldco.com\/el\/","logo":{"@type":"ImageObject","inLanguage":"sv-SE","@id":"https:\/\/www.plasticmoldco.com\/el\/#\/schema\/logo\/image\/","url":"https:\/\/plasticmoldco.com\/wp-content\/uploads\/2018\/10\/nlogon.png","contentUrl":"https:\/\/plasticmoldco.com\/wp-content\/uploads\/2018\/10\/nlogon.png","width":204,"height":54,"caption":"Plastic Mold | China Mold Maker"},"image":{"@id":"https:\/\/www.plasticmoldco.com\/el\/#\/schema\/logo\/image\/"}}]}},"_links":{"self":[{"href":"https:\/\/www.plasticmoldco.com\/sv\/wp-json\/wp\/v2\/pages\/1204","targetHints":{"allow":["GET"]}}],"collection":[{"href":"https:\/\/www.plasticmoldco.com\/sv\/wp-json\/wp\/v2\/pages"}],"about":[{"href":"https:\/\/www.plasticmoldco.com\/sv\/wp-json\/wp\/v2\/types\/page"}],"author":[{"embeddable":true,"href":"https:\/\/www.plasticmoldco.com\/sv\/wp-json\/wp\/v2\/users\/1"}],"replies":[{"embeddable":true,"href":"https:\/\/www.plasticmoldco.com\/sv\/wp-json\/wp\/v2\/comments?post=1204"}],"version-history":[{"count":0,"href":"https:\/\/www.plasticmoldco.com\/sv\/wp-json\/wp\/v2\/pages\/1204\/revisions"}],"wp:attachment":[{"href":"https:\/\/www.plasticmoldco.com\/sv\/wp-json\/wp\/v2\/media?parent=1204"}],"curies":[{"name":"wp","href":"https:\/\/api.w.org\/{rel}","templated":true}]}}