{"id":905,"date":"2018-10-18T15:39:21","date_gmt":"2018-10-18T07:39:21","guid":{"rendered":"https:\/\/plasticmoldco.com\/?page_id=905"},"modified":"2018-10-18T15:39:21","modified_gmt":"2018-10-18T07:39:21","slug":"silicone-case-for-cell-phone","status":"publish","type":"page","link":"https:\/\/www.plasticmoldco.com\/ro\/carcasa-din-silicon-pentru-telefon-mobil-2\/","title":{"rendered":"Carcas\u0103 din silicon pentru telefon mobil"},"content":{"rendered":"<p>[et_pb_section bb_built=\"1\u2033 disabled_on=\"on|on|\" _builder_version=\"3.10.2\u2033 custom_padding=\"0|0px|0|0px|false|false\" next_background_color=\"#000000\u2033][et_pb_row custom_padding=\"18px|0px|0|0px|false|false\" _builder_version=\"3.0.48\u2033 background_size=\"initial\" background_position=\"top_left\" background_repeat=\"repeat\"][et_pb_column type=\"4_4\u2033][et_pb_text _builder_version=\"3.10.2\u2033 custom_margin=\"0px|-120px|16px|-100px\"]<\/p>\n<p><img loading=\"lazy\" decoding=\"async\" class=\"wp-image-213 alignnone size-medium\" src=\"https:\/\/plasticmoldco.com\/wp-content\/uploads\/2018\/10\/new.n-300x18.jpg\" alt=\"\" width=\"1266\" height=\"76\" srcset=\"https:\/\/www.plasticmoldco.com\/wp-content\/uploads\/2018\/10\/new.n-300x18.jpg 300w, https:\/\/www.plasticmoldco.com\/wp-content\/uploads\/2018\/10\/new.n-768x45.jpg 768w, https:\/\/www.plasticmoldco.com\/wp-content\/uploads\/2018\/10\/new.n-1024x60.jpg 1024w\" sizes=\"(max-width: 1266px) 100vw, 1266px\" \/><\/p>\n<p>[\/et_pb_text][\/et_pb_column][\/et_pb_row][\/et_pb_section][et_pb_section bb_built=\"1\u2033 disabled_on=\"||on\" _builder_version=\"3.10.2\u2033 custom_padding=\"22px|0px|0|0px|false|false\" prev_background_color=\"#000000\u2033 next_background_color=\"#000000\u2033][et_pb_row custom_padding=\"0|0px|12px|0px|false|false\" _builder_version=\"3.0.48\u2033 background_size=\"initial\" background_position=\"top_left\" background_repeat=\"repeat\"][et_pbb_column type=\"4_4\u2033][et_pb_text _builder_version=\"3.10.2\u2033]<\/p>\n<p><img loading=\"lazy\" decoding=\"async\" class=\"wp-image-213 alignnone size-medium\" src=\"https:\/\/plasticmoldco.com\/wp-content\/uploads\/2018\/10\/new.n-300x18.jpg\" alt=\"\" width=\"1266\" height=\"76\" srcset=\"https:\/\/www.plasticmoldco.com\/wp-content\/uploads\/2018\/10\/new.n-300x18.jpg 300w, https:\/\/www.plasticmoldco.com\/wp-content\/uploads\/2018\/10\/new.n-768x45.jpg 768w, https:\/\/www.plasticmoldco.com\/wp-content\/uploads\/2018\/10\/new.n-1024x60.jpg 1024w\" sizes=\"(max-width: 1266px) 100vw, 1266px\" \/><\/p>\n<p>[\/et_pb_text][\/et_pb_column][\/et_pb_row][\/et_pb_section][et_pb_section bb_built=\"1\u2033 disabled_on=\"on|on|\" _builder_version=\"3.10.2\u2033 custom_padding=\"0|0px|54px|0px|false|false\" prev_background_color=\"#000000\u2033 next_background_color=\"#000000\u2033][et_pb_row custom_padding=\"0|0px|0|px|false|false\" _builder_version=\"3.0.48\u2033 background_size=\"initial\" background_position=\"top_left\" background_repeat=\"repeat\"][et_pb_column type=\"3_4\u2033][et_pb_text _builder_version=\"3.10.2\u2033 border_width_all=\"3px\" border_color_all=\"#e5e5e5\u2033 custom_margin=\"15px|-90px||-86px\" custom_padding=\"10px|10px|10px|10px\"]<\/p>\n<div id=\"titlep\">\n<div id=\"titlep\">\n<div id=\"titlep\">\n<div id=\"titlep\">\n<div>\n<h2>Carcas\u0103 din silicon pentru telefon mobil<\/h2>\n<\/div>\n<\/div>\n<div id=\"mge\"><\/div>\n<p><img loading=\"lazy\" decoding=\"async\" class=\"aligncenter size-full wp-image-1276\" title=\"Carcas\u0103 din silicon pentru Iphone 5\" src=\"https:\/\/web.archive.org\/web\/20130803022619im_\/http:\/\/www.moldchina.org\/wp-content\/uploads\/2011\/10\/IMG_9621.jpg\" alt=\"\" width=\"640\" height=\"480\" \/><\/p>\n<p>Caz de silicon de \u00eenalt\u0103 clas\u0103 pentru telefonul mobil<br \/>\n1. Rezist\u0103 la pete<br \/>\n2. Silicon de \u00eenalt\u0103 clas\u0103, lavabil<br \/>\n3. Construc\u021bie care se potrive\u0219te formei.<\/p>\n<p>Caracteristici<br \/>\n1. Adaug\u0103 un plus de stil \u0219i unicitate produselor dvs. la un pre\u021b foarte ieftin<br \/>\n2. T\u0103ietur\u0103 tehnic\u0103 superb\u0103 pentru o potrivire garantat\u0103<br \/>\n3. Cu designul s\u0103u de mod\u0103, este potrivit pentru cadouri promo\u021bionale<br \/>\n4. Design client sau logo-uri foarte binevenite<br \/>\n5. Complet protejat de lovituri \u0219i zg\u00e2rieturi<br \/>\n6. De \u00eenalt\u0103 calitate, durabile \u0219i confortabile<br \/>\n7. Livrare: EMS, DHL, UPS, FedEx, pute\u021bi alege oricare dintre ele la convenien\u021ba dvs.<\/p>\n<p>putem personaliza un tip de caz pentru diferite telefoane mobile dup\u0103 cum dori\u021bi, dac\u0103 ave\u021bi orice cerin\u021b\u0103 cu privire la cazul de silicon pentru telefonul mobil, v\u0103 rug\u0103m s\u0103 nu ezita\u021bi s\u0103 ne contacta\u021bi, v\u0103 putem oferi un pre\u021b copetitive pentru tine.<\/p>\n<\/div>\n<\/div>\n<\/div>\n<p>[\/et_pb_text][\/et_pb_column][et_pb_column type=\"1_4\u2033][et_pb_sidebar _builder_version=\"3.10.2\u2033 area=\"sidebar-1\u2033 custom_margin=\"15px|-94px||40px\" custom_padding=\"10px|10px|10px|10px\" border_width_all=\"2px\" border_color_all=\"#d3d3d3\u2033 \/][\/et_pb_column][\/et_pb_row][\/et_pb_section][et_pb_section bb_built=\"1\u2033 disabled_on=\"||on\" _builder_version=\"3.10.2\u2033 custom_padding=\"0|0px|54px|0px|false|false\" prev_background_color=\"#000000\u2033 next_background_color=\"#000000\u2033][et_pb_row custom_padding=\"0|0px|0|0px|false|false\" _builder_version=\"3.0.48\u2033 background_size=\"initial\" background_position=\"top_left\" background_repeat=\"repeat\"][et_pb_column type=\"4_4\u2033][et_pb_text _builder_version=\"3.10.2\u2033 border_width_all=\"3px\" border_color_all=\"#e5e5e5\u2033]<\/p>\n<div id=\"titlep\">\n<div id=\"titlep\">\n<div id=\"titlep\">\n<div id=\"titlep\">\n<div id=\"titlep\">\n<div id=\"titlep\">\n<div>\n<h2>Carcas\u0103 din silicon pentru telefon mobil<\/h2>\n<\/div>\n<\/div>\n<div id=\"mge\"><\/div>\n<p><img loading=\"lazy\" decoding=\"async\" class=\"aligncenter size-full wp-image-1276\" title=\"Carcas\u0103 din silicon pentru Iphone 5\" src=\"https:\/\/web.archive.org\/web\/20130803022619im_\/http:\/\/www.moldchina.org\/wp-content\/uploads\/2011\/10\/IMG_9621.jpg\" alt=\"\" width=\"640\" height=\"480\" \/><\/p>\n<p>Caz de silicon de \u00eenalt\u0103 clas\u0103 pentru telefonul mobil<br \/>\n1. Rezist\u0103 la pete<br \/>\n2. Silicon de \u00eenalt\u0103 clas\u0103, lavabil<br \/>\n3. Construc\u021bie care se potrive\u0219te formei.<\/p>\n<p>Caracteristici<br \/>\n1. Adaug\u0103 un plus de stil \u0219i unicitate produselor dvs. la un pre\u021b foarte ieftin<br \/>\n2. T\u0103ietur\u0103 tehnic\u0103 superb\u0103 pentru o potrivire garantat\u0103<br \/>\n3. Cu designul s\u0103u de mod\u0103, este potrivit pentru cadouri promo\u021bionale<br \/>\n4. Design client sau logo-uri foarte binevenite<br \/>\n5. Complet protejat de lovituri \u0219i zg\u00e2rieturi<br \/>\n6. De \u00eenalt\u0103 calitate, durabile \u0219i confortabile<br \/>\n7. Livrare: EMS, DHL, UPS, FedEx, pute\u021bi alege oricare dintre ele la convenien\u021ba dvs.<\/p>\n<p>putem personaliza un tip de caz pentru diferite telefoane mobile dup\u0103 cum dori\u021bi, dac\u0103 ave\u021bi orice cerin\u021b\u0103 cu privire la cazul de silicon pentru telefonul mobil, v\u0103 rug\u0103m s\u0103 nu ezita\u021bi s\u0103 ne contacta\u021bi, v\u0103 putem oferi un pre\u021b copetitive pentru tine.<\/p>\n<\/div>\n<\/div>\n<\/div>\n<\/div>\n<\/div>\n<p>[\/et_pb_text][et_pb_text _builder_version=\"3.10.2\u2033 text_font_size=\"13px\" header_font=\"|700|||||||\" border_width_all=\"2px\" border_color_all=\"#bcbcbc\" inline_fonts=\"Arial\"]<\/p>\n<h4><img loading=\"lazy\" decoding=\"async\" class=\"wp-image-111 alignnone\" src=\"https:\/\/plasticmoldco.com\/wp-content\/uploads\/2018\/10\/sss.png\" alt=\"\" width=\"16\" height=\"13\" \/><strong>Mold Product<\/strong><\/h4>\n<hr \/>\n<p>\u2192 <span style=\"font-size: medium;\"><strong><span style=\"color: #000000;\"><a style=\"color: #000000;\" href=\"https:\/\/www.plasticmoldco.com\/ro\/mucegai\/\">MOLD<\/a><\/span><\/strong><\/span><br \/>\n<span style=\"font-size: medium;\"><strong><span style=\"color: #000000;\"> \u2192 <a style=\"color: #000000;\" href=\"https:\/\/www.plasticmoldco.com\/ro\/piese-prototip\/\">Piese prototip<\/a><\/span><\/strong><\/span><br \/>\n<span style=\"font-size: medium;\"><strong><span style=\"color: #000000;\"> \u2192 <a style=\"color: #000000;\" href=\"https:\/\/www.plasticmoldco.com\/ro\/parte-din-plastic\/\">Parte din plastic<\/a><\/span><\/strong><\/span><br \/>\n<span style=\"font-size: medium;\"><strong><span style=\"color: #000000;\"> \u2192 <a style=\"color: #000000;\" href=\"https:\/\/www.plasticmoldco.com\/ro\/piese-din-cauciuc-siliconic\/\">piese din silicon \u0219i cauciuc<\/a><\/span><\/strong><\/span><\/p>\n<p><span style=\"font-size: medium;\"><strong><span style=\"color: #000000;\">Contacta\u021bi-ne<\/span><\/strong><\/span><\/p>\n<hr \/>\n<p><strong><span style=\"color: #000000;\">DONGGUAN SINCERE TECH CO.LTD<\/span><\/strong><br \/>\n<strong><span style=\"color: #000000;\"> ADRESA FABRICII: YUANXIA LU, YUANJIANG YUANG, ORA\u0218UL CHANGPING, ORA\u0218UL DONNGUAN, PROVINCIA GUANGDONG, CHINA 523000<\/span><\/strong><\/p>\n<p><strong><span style=\"color: #000000;\">TEL: +86 (0)769 3366 9997<\/span><\/strong><br \/>\n<strong><span style=\"color: #000000;\"> FAX: +86 (0)769 3366 9997<\/span><\/strong><\/p>\n<p><strong><span style=\"color: #000000;\">EMAIL: <a href=\"mailto:INFO@sinceretetechs.com\">INFO@sinceretetechs.com<\/a><\/span><\/strong><\/p>\n<ul>\n<li id=\"tag_cloud-3\" class=\"widget-container widget_tag_cloud\">\n<h3 class=\"widget-title\"><strong>C\u0103utare popular\u0103<\/strong><\/h3>\n<hr \/>\n<div class=\"tagcloud\"><strong>China Die Casting China injec\u021bie mucegai companie China injec\u021bie mucegai fabric\u0103 China injec\u021bie mucegai China injec\u021bie mucegai produc\u0103tor China injec\u021bie mucegai China injec\u021bie mucegai companie China mucegai fabric\u0103 China mucegai makerchina mucegai furnizor China mucegai China mucegai maker China mucegai furnizori de mucegai China plastic mold companychina silicon china silicon rubberchina tooling maker China toolmaker in china injection mold Injection Molded Plastics Injection molding injection molding china injection molding chineseplastic injection molding plastic mould china Prototype parts silicon chinasilicone rubber tool mold making china<\/strong><\/div>\n<\/li>\n<\/ul>\n<p><img decoding=\"async\" style=\"font-size: 13px; background-color: #ffffff; text-align: -webkit-center; display: block; margin-left: auto; margin-right: auto;\" src=\"https:\/\/web.archive.org\/web\/20140728234454im_\/http:\/\/www.moldchina.org\/wp-content\/themes\/9C008\/images\/iso.jpg\" \/><\/p>\n<p>[\/et_pb_text][\/et_pb_column][\/et_pb_row][\/et_pb_section][et_pb_section bb_built=\"1\u2033 disabled_on=\"on|on|\" _builder_version=\u201d3.10.2\u2033 custom_margin=\u201d-103px|||\u201d prev_background_color=\u201d#000000\u2033 next_background_color=\u201d#000000\u2033][et_pb_row _builder_version=\u201d3.0.48\u2033 background_size=\"initial\" background_position=\"top_left\" background_repeat=\"repeat\"][et_pb_column type=\"4_4\u2033][et_pb_text _builder_version=\"3.10.2\u2033 custom_margin=\"|-62px||-84px\"]]<\/p>\n<p style=\"padding-left: 30px;\"><strong>China mucegai de injec\u021bie plastic, toolmaker, China mucegai maker, China scule, China mucegai de plastic, China fabrica de mucegai de injec\u021bie, produc\u0103tor de mucegai de injec\u021bie plastic \u00een China<\/strong><\/p>\n<p>[\/et_pb_text][et_pb_text _builder_version=\u201d3.10.2\u2033 custom_margin=\u201d-15px|-50px||-50px\u201d]<\/p>\n<p><strong><span style=\"color: #0c0c0c;\"><a href=\"https:\/\/www.plasticmoldco.com\/ro\/\">Acas\u0103\u00a0 \u00a0<\/a>|\u00a0 \u00a0<a href=\"https:\/\/www.plasticmoldco.com\/ro\/about-us\/\">Despre noi\u00a0<\/a> \u00a0|\u00a0 <a href=\"https:\/\/www.plasticmoldco.com\/ro\/inginerie-de-proiectare\/\">Proiectare \u0219i inginerie<\/a>\u00a0 |\u00a0 \u00a0<a href=\"https:\/\/www.plasticmoldco.com\/ro\/products\/\">Produse\u00a0\u00a0\u00a0\u00a0\u00a0<\/a>|\u00a0\u00a0\u00a0\u00a0\u00a0<a href=\"https:\/\/www.plasticmoldco.com\/ro\/stiri\/\">Nout\u0103\u021bi<\/a>\u00a0\u00a0\u00a0\u00a0\u00a0|\u00a0\u00a0\u00a0\u00a0\u00a0<a href=\"https:\/\/www.plasticmoldco.com\/ro\/asigurare-de-calitate\/\">Asigurare de calitate\u00a0<\/a>\u00a0\u00a0\u00a0\u00a0|\u00a0 \u00a0 <a href=\"https:\/\/www.plasticmoldco.com\/ro\/procedura-po\/\">Procedura PO<\/a>\u00a0 \u00a0 |\u00a0 \u00a0 <a href=\"https:\/\/www.plasticmoldco.com\/ro\/eqipament\/\">Echipamente\u00a0 \u00a0<\/a> |\u00a0 \u00a0<a href=\"https:\/\/www.plasticmoldco.com\/ro\/caz-de-design-industrial\/\">Cazul de design industrial\u00a0<\/a> \u00a0 |\u00a0 \u00a0 <a href=\"https:\/\/www.plasticmoldco.com\/ro\/harta-site-ului\/\">Harta site-ului<\/a><\/span><\/strong><\/p>\n<p>[\/et_pb_text][et_pb_text _builder_version=\"3.10.2\u2033 custom_margin=\"-15px|||\"]<\/p>\n<p style=\"text-align: center;\"><strong>Copyright \u00a9 2011 DONGGUAN SINCER TECH CO.LTD. | China Mold maker, China plastic turnare prin injec\u021bie, China toolmaker.<\/strong><br \/>\n<strong> Nr. de \u00eenregistrare a companiei:1626173<\/strong><\/p>\n<p>[\/et_pb_text][\/et_pb_column][\/et_pb_row][\/et_pb_section][et_pb_section bb_built=\"1\u2033 disabled_on=\"||on\" _builder_version=\"3.10.2\u2033 custom_margin=\"-103px|||\" prev_background_color=\"#000000\u2033][et_pb_row _builder_version=\"3.0.48\u2033 background_size=\"initial\" background_position=\"top_left\" background_repeat=\"repeat\"][et_pbb_column type=\"4_4\u2033][et_pb_text _builder_version=\"3.10.2\u2033]<\/p>\n<p style=\"padding-left: 30px;\"><strong>China mucegai de injec\u021bie plastic, toolmaker, China mucegai maker, China scule, China mucegai de plastic, China fabrica de mucegai de injec\u021bie, produc\u0103tor de mucegai de injec\u021bie plastic \u00een China<\/strong><\/p>\n<p>[\/et_pb_text][et_pb_text _builder_version=\u201d3.10.2\u2033]<\/p>\n<p><strong><span style=\"color: #0c0c0c;\"><a href=\"https:\/\/www.plasticmoldco.com\/ro\/\">Acas\u0103\u00a0 \u00a0<\/a>|\u00a0 \u00a0<a href=\"https:\/\/www.plasticmoldco.com\/ro\/about-us\/\">Despre noi\u00a0<\/a> \u00a0|\u00a0 <a href=\"https:\/\/www.plasticmoldco.com\/ro\/inginerie-de-proiectare\/\">Proiectare \u0219i inginerie<\/a>\u00a0 |\u00a0 \u00a0<a href=\"https:\/\/www.plasticmoldco.com\/ro\/products\/\">Produse\u00a0\u00a0\u00a0\u00a0\u00a0<\/a>|\u00a0\u00a0\u00a0\u00a0\u00a0<a href=\"https:\/\/www.plasticmoldco.com\/ro\/stiri\/\">Nout\u0103\u021bi<\/a>\u00a0\u00a0\u00a0\u00a0\u00a0|\u00a0\u00a0\u00a0\u00a0\u00a0<a href=\"https:\/\/www.plasticmoldco.com\/ro\/asigurare-de-calitate\/\">Asigurare de calitate\u00a0<\/a>\u00a0\u00a0\u00a0\u00a0|\u00a0 \u00a0 <a href=\"https:\/\/www.plasticmoldco.com\/ro\/procedura-po\/\">Procedura PO<\/a>\u00a0 \u00a0 |\u00a0 \u00a0 <a href=\"https:\/\/www.plasticmoldco.com\/ro\/eqipament\/\">Echipamente\u00a0 \u00a0<\/a> |\u00a0 \u00a0<a href=\"https:\/\/www.plasticmoldco.com\/ro\/caz-de-design-industrial\/\">Cazul de design industrial\u00a0<\/a> \u00a0 |\u00a0 \u00a0 <a href=\"https:\/\/www.plasticmoldco.com\/ro\/harta-site-ului\/\">Harta site-ului<\/a><\/span><\/strong><\/p>\n<p>[\/et_pb_text][et_pb_text _builder_version=\u201d3.10.2\u2033]<\/p>\n<p style=\"text-align: center;\"><strong>Copyright \u00a9 2011 DONGGUAN SINCER TECH CO.LTD. | China Mold maker, China plastic turnare prin injec\u021bie, China toolmaker.<\/strong><br \/>\n<strong> Nr. de \u00eenregistrare a companiei:1626173<\/strong><\/p>\n<p>[\/et_pb_text][\/et_pb_column][\/et_pb_row][\/et_pb_section]<\/p>","protected":false},"excerpt":{"rendered":"<p>Silicone case for cell phone High-class silicone case for cell phone 1. Resists stains 2. High-class silicone, washable 3. Form-fitting construction. Features 1. Adds some extra style and uniqueness to your products at very cheap price 2. Superb technic cut for a guaranteed fit 3. With it fashion design, it is suitable for promotional gift [&hellip;]<\/p>","protected":false},"author":1,"featured_media":0,"parent":0,"menu_order":0,"comment_status":"closed","ping_status":"closed","template":"","meta":{"_et_pb_use_builder":"on","_et_pb_old_content":"","_et_gb_content_width":"","footnotes":""},"class_list":["post-905","page","type-page","status-publish","hentry"],"yoast_head":"<!-- This site is optimized with the Yoast SEO plugin v26.4 - https:\/\/yoast.com\/wordpress\/plugins\/seo\/ -->\n<title>Silicone case for cell phone - Plastic Mold | China Mold Maker<\/title>\n<meta name=\"robots\" content=\"index, follow, max-snippet:-1, max-image-preview:large, max-video-preview:-1\" \/>\n<link rel=\"canonical\" href=\"https:\/\/www.plasticmoldco.com\/ro\/siliconen-hoesje-voor-mobiele-telefoon-2\/\" \/>\n<meta property=\"og:locale\" content=\"ro_RO\" \/>\n<meta property=\"og:type\" content=\"article\" \/>\n<meta property=\"og:title\" content=\"Silicone case for cell phone - Plastic Mold | China Mold Maker\" \/>\n<meta property=\"og:description\" content=\"Silicone case for cell phone High-class silicone case for cell phone 1. Resists stains 2. High-class silicone, washable 3. Form-fitting construction. Features 1. Adds some extra style and uniqueness to your products at very cheap price 2. Superb technic cut for a guaranteed fit 3. With it fashion design, it is suitable for promotional gift [&hellip;]\" \/>\n<meta property=\"og:url\" content=\"https:\/\/www.plasticmoldco.com\/ro\/siliconen-hoesje-voor-mobiele-telefoon-2\/\" \/>\n<meta property=\"og:site_name\" content=\"Plastic Mold | China Mold Maker\" \/>\n<meta property=\"og:image\" content=\"https:\/\/plasticmoldco.com\/wp-content\/uploads\/2018\/10\/new.n-300x18.jpg\" \/>\n<meta name=\"twitter:card\" content=\"summary_large_image\" \/>\n<meta name=\"twitter:label1\" content=\"Timp estimat pentru citire\" \/>\n\t<meta name=\"twitter:data1\" content=\"5 minute\" \/>\n<script type=\"application\/ld+json\" class=\"yoast-schema-graph\">{\"@context\":\"https:\/\/schema.org\",\"@graph\":[{\"@type\":\"WebPage\",\"@id\":\"https:\/\/www.plasticmoldco.com\/nl\/siliconen-hoesje-voor-mobiele-telefoon-2\/\",\"url\":\"https:\/\/www.plasticmoldco.com\/nl\/siliconen-hoesje-voor-mobiele-telefoon-2\/\",\"name\":\"Silicone case for cell phone - Plastic Mold | China Mold Maker\",\"isPartOf\":{\"@id\":\"https:\/\/www.plasticmoldco.com\/el\/#website\"},\"primaryImageOfPage\":{\"@id\":\"https:\/\/www.plasticmoldco.com\/nl\/siliconen-hoesje-voor-mobiele-telefoon-2\/#primaryimage\"},\"image\":{\"@id\":\"https:\/\/www.plasticmoldco.com\/nl\/siliconen-hoesje-voor-mobiele-telefoon-2\/#primaryimage\"},\"thumbnailUrl\":\"https:\/\/plasticmoldco.com\/wp-content\/uploads\/2018\/10\/new.n-300x18.jpg\",\"datePublished\":\"2018-10-18T07:39:21+00:00\",\"breadcrumb\":{\"@id\":\"https:\/\/www.plasticmoldco.com\/nl\/siliconen-hoesje-voor-mobiele-telefoon-2\/#breadcrumb\"},\"inLanguage\":\"ro-RO\",\"potentialAction\":[{\"@type\":\"ReadAction\",\"target\":[\"https:\/\/www.plasticmoldco.com\/nl\/siliconen-hoesje-voor-mobiele-telefoon-2\/\"]}]},{\"@type\":\"ImageObject\",\"inLanguage\":\"ro-RO\",\"@id\":\"https:\/\/www.plasticmoldco.com\/nl\/siliconen-hoesje-voor-mobiele-telefoon-2\/#primaryimage\",\"url\":\"https:\/\/plasticmoldco.com\/wp-content\/uploads\/2018\/10\/new.n-300x18.jpg\",\"contentUrl\":\"https:\/\/plasticmoldco.com\/wp-content\/uploads\/2018\/10\/new.n-300x18.jpg\"},{\"@type\":\"BreadcrumbList\",\"@id\":\"https:\/\/www.plasticmoldco.com\/nl\/siliconen-hoesje-voor-mobiele-telefoon-2\/#breadcrumb\",\"itemListElement\":[{\"@type\":\"ListItem\",\"position\":1,\"name\":\"Home\",\"item\":\"https:\/\/www.plasticmoldco.com\/\"},{\"@type\":\"ListItem\",\"position\":2,\"name\":\"Silicone case for cell phone\"}]},{\"@type\":\"WebSite\",\"@id\":\"https:\/\/www.plasticmoldco.com\/el\/#website\",\"url\":\"https:\/\/www.plasticmoldco.com\/el\/\",\"name\":\"Plastic Mold | China Mold Maker\",\"description\":\"Are you looking for injection mold china? We are plastic mold maker\",\"publisher\":{\"@id\":\"https:\/\/www.plasticmoldco.com\/el\/#organization\"},\"potentialAction\":[{\"@type\":\"SearchAction\",\"target\":{\"@type\":\"EntryPoint\",\"urlTemplate\":\"https:\/\/www.plasticmoldco.com\/el\/?s={search_term_string}\"},\"query-input\":{\"@type\":\"PropertyValueSpecification\",\"valueRequired\":true,\"valueName\":\"search_term_string\"}}],\"inLanguage\":\"ro-RO\"},{\"@type\":\"Organization\",\"@id\":\"https:\/\/www.plasticmoldco.com\/el\/#organization\",\"name\":\"Plastic Mold | China Mold Maker\",\"url\":\"https:\/\/www.plasticmoldco.com\/el\/\",\"logo\":{\"@type\":\"ImageObject\",\"inLanguage\":\"ro-RO\",\"@id\":\"https:\/\/www.plasticmoldco.com\/el\/#\/schema\/logo\/image\/\",\"url\":\"https:\/\/plasticmoldco.com\/wp-content\/uploads\/2018\/10\/nlogon.png\",\"contentUrl\":\"https:\/\/plasticmoldco.com\/wp-content\/uploads\/2018\/10\/nlogon.png\",\"width\":204,\"height\":54,\"caption\":\"Plastic Mold | China Mold Maker\"},\"image\":{\"@id\":\"https:\/\/www.plasticmoldco.com\/el\/#\/schema\/logo\/image\/\"}}]}<\/script>\n<!-- \/ Yoast SEO plugin. -->","yoast_head_json":{"title":"Silicon caz pentru telefonul mobil - plastic Mold | China Mold Maker","robots":{"index":"index","follow":"follow","max-snippet":"max-snippet:-1","max-image-preview":"max-image-preview:large","max-video-preview":"max-video-preview:-1"},"canonical":"https:\/\/www.plasticmoldco.com\/ro\/siliconen-hoesje-voor-mobiele-telefoon-2\/","og_locale":"ro_RO","og_type":"article","og_title":"Silicone case for cell phone - Plastic Mold | China Mold Maker","og_description":"Silicone case for cell phone High-class silicone case for cell phone 1. Resists stains 2. High-class silicone, washable 3. Form-fitting construction. Features 1. Adds some extra style and uniqueness to your products at very cheap price 2. Superb technic cut for a guaranteed fit 3. With it fashion design, it is suitable for promotional gift [&hellip;]","og_url":"https:\/\/www.plasticmoldco.com\/ro\/siliconen-hoesje-voor-mobiele-telefoon-2\/","og_site_name":"Plastic Mold | China Mold Maker","og_image":[{"url":"https:\/\/plasticmoldco.com\/wp-content\/uploads\/2018\/10\/new.n-300x18.jpg","type":"","width":"","height":""}],"twitter_card":"summary_large_image","twitter_misc":{"Timp estimat pentru citire":"5 minute"},"schema":{"@context":"https:\/\/schema.org","@graph":[{"@type":"WebPage","@id":"https:\/\/www.plasticmoldco.com\/nl\/siliconen-hoesje-voor-mobiele-telefoon-2\/","url":"https:\/\/www.plasticmoldco.com\/nl\/siliconen-hoesje-voor-mobiele-telefoon-2\/","name":"Silicon caz pentru telefonul mobil - plastic Mold | China Mold Maker","isPartOf":{"@id":"https:\/\/www.plasticmoldco.com\/el\/#website"},"primaryImageOfPage":{"@id":"https:\/\/www.plasticmoldco.com\/nl\/siliconen-hoesje-voor-mobiele-telefoon-2\/#primaryimage"},"image":{"@id":"https:\/\/www.plasticmoldco.com\/nl\/siliconen-hoesje-voor-mobiele-telefoon-2\/#primaryimage"},"thumbnailUrl":"https:\/\/plasticmoldco.com\/wp-content\/uploads\/2018\/10\/new.n-300x18.jpg","datePublished":"2018-10-18T07:39:21+00:00","breadcrumb":{"@id":"https:\/\/www.plasticmoldco.com\/nl\/siliconen-hoesje-voor-mobiele-telefoon-2\/#breadcrumb"},"inLanguage":"ro-RO","potentialAction":[{"@type":"ReadAction","target":["https:\/\/www.plasticmoldco.com\/nl\/siliconen-hoesje-voor-mobiele-telefoon-2\/"]}]},{"@type":"ImageObject","inLanguage":"ro-RO","@id":"https:\/\/www.plasticmoldco.com\/nl\/siliconen-hoesje-voor-mobiele-telefoon-2\/#primaryimage","url":"https:\/\/plasticmoldco.com\/wp-content\/uploads\/2018\/10\/new.n-300x18.jpg","contentUrl":"https:\/\/plasticmoldco.com\/wp-content\/uploads\/2018\/10\/new.n-300x18.jpg"},{"@type":"BreadcrumbList","@id":"https:\/\/www.plasticmoldco.com\/nl\/siliconen-hoesje-voor-mobiele-telefoon-2\/#breadcrumb","itemListElement":[{"@type":"ListItem","position":1,"name":"Home","item":"https:\/\/www.plasticmoldco.com\/"},{"@type":"ListItem","position":2,"name":"Silicone case for cell phone"}]},{"@type":"WebSite","@id":"https:\/\/www.plasticmoldco.com\/el\/#website","url":"https:\/\/www.plasticmoldco.com\/el\/","name":"Plastic Mold | China Mold Maker","description":"Sunte\u021bi \u00een c\u0103utarea pentru injec\u021bie mucegai china? Suntem produc\u0103tor de matri\u021be din plastic","publisher":{"@id":"https:\/\/www.plasticmoldco.com\/el\/#organization"},"potentialAction":[{"@type":"SearchAction","target":{"@type":"EntryPoint","urlTemplate":"https:\/\/www.plasticmoldco.com\/el\/?s={search_term_string}"},"query-input":{"@type":"PropertyValueSpecification","valueRequired":true,"valueName":"search_term_string"}}],"inLanguage":"ro-RO"},{"@type":"Organization","@id":"https:\/\/www.plasticmoldco.com\/el\/#organization","name":"Plastic Mold | China Mold Maker","url":"https:\/\/www.plasticmoldco.com\/el\/","logo":{"@type":"ImageObject","inLanguage":"ro-RO","@id":"https:\/\/www.plasticmoldco.com\/el\/#\/schema\/logo\/image\/","url":"https:\/\/plasticmoldco.com\/wp-content\/uploads\/2018\/10\/nlogon.png","contentUrl":"https:\/\/plasticmoldco.com\/wp-content\/uploads\/2018\/10\/nlogon.png","width":204,"height":54,"caption":"Plastic Mold | China Mold Maker"},"image":{"@id":"https:\/\/www.plasticmoldco.com\/el\/#\/schema\/logo\/image\/"}}]}},"_links":{"self":[{"href":"https:\/\/www.plasticmoldco.com\/ro\/wp-json\/wp\/v2\/pages\/905","targetHints":{"allow":["GET"]}}],"collection":[{"href":"https:\/\/www.plasticmoldco.com\/ro\/wp-json\/wp\/v2\/pages"}],"about":[{"href":"https:\/\/www.plasticmoldco.com\/ro\/wp-json\/wp\/v2\/types\/page"}],"author":[{"embeddable":true,"href":"https:\/\/www.plasticmoldco.com\/ro\/wp-json\/wp\/v2\/users\/1"}],"replies":[{"embeddable":true,"href":"https:\/\/www.plasticmoldco.com\/ro\/wp-json\/wp\/v2\/comments?post=905"}],"version-history":[{"count":0,"href":"https:\/\/www.plasticmoldco.com\/ro\/wp-json\/wp\/v2\/pages\/905\/revisions"}],"wp:attachment":[{"href":"https:\/\/www.plasticmoldco.com\/ro\/wp-json\/wp\/v2\/media?parent=905"}],"curies":[{"name":"wp","href":"https:\/\/api.w.org\/{rel}","templated":true}]}}