{"id":665,"date":"2018-10-17T22:06:44","date_gmt":"2018-10-17T14:06:44","guid":{"rendered":"https:\/\/plasticmoldco.com\/?page_id=665"},"modified":"2018-10-17T22:06:44","modified_gmt":"2018-10-17T14:06:44","slug":"injection-mold-parts","status":"publish","type":"page","link":"https:\/\/www.plasticmoldco.com\/ro\/piese-pentru-matrite-de-injectie\/","title":{"rendered":"matri\u021be de injec\u021bie &amp; piese"},"content":{"rendered":"<p>[et_pb_section bb_built=\"1\u2033 disabled_on=\"on|on|\" _builder_version=\"3.10.2\u2033 custom_padding=\"0|0px|0|0px|false|false\" next_background_color=\"#000000\u2033][et_pb_row custom_padding=\"18px|0px|0|0px|false|false\" _builder_version=\"3.0.48\u2033 background_size=\"initial\" background_position=\"top_left\" background_repeat=\"repeat\"][et_pb_column type=\"4_4\u2033][et_pb_text _builder_version=\"3.10.2\u2033 custom_margin=\"0px|-120px|16px|-100px\"]<\/p>\n<p><img loading=\"lazy\" decoding=\"async\" class=\"wp-image-213 alignnone size-medium\" src=\"https:\/\/plasticmoldco.com\/wp-content\/uploads\/2018\/10\/new.n-300x18.jpg\" alt=\"\" width=\"1266\" height=\"76\" srcset=\"https:\/\/www.plasticmoldco.com\/wp-content\/uploads\/2018\/10\/new.n-300x18.jpg 300w, https:\/\/www.plasticmoldco.com\/wp-content\/uploads\/2018\/10\/new.n-768x45.jpg 768w, https:\/\/www.plasticmoldco.com\/wp-content\/uploads\/2018\/10\/new.n-1024x60.jpg 1024w\" sizes=\"(max-width: 1266px) 100vw, 1266px\" \/><\/p>\n<p>[\/et_pb_text][\/et_pb_column][\/et_pb_row][\/et_pb_section][et_pb_section bb_built=\"1\u2033 disabled_on=\"||on\" _builder_version=\"3.10.2\u2033 custom_padding=\"22px|0px|0|0px|false|false\" prev_background_color=\"#000000\u2033 next_background_color=\"#000000\u2033][et_pb_row custom_padding=\"0|0px|12px|0px|false|false\" _builder_version=\"3.0.48\u2033 background_size=\"initial\" background_position=\"top_left\" background_repeat=\"repeat\"][et_pbb_column type=\"4_4\u2033][et_pb_text _builder_version=\"3.10.2\u2033]<\/p>\n<p><img loading=\"lazy\" decoding=\"async\" class=\"wp-image-213 alignnone size-medium\" src=\"https:\/\/plasticmoldco.com\/wp-content\/uploads\/2018\/10\/new.n-300x18.jpg\" alt=\"\" width=\"1266\" height=\"76\" srcset=\"https:\/\/www.plasticmoldco.com\/wp-content\/uploads\/2018\/10\/new.n-300x18.jpg 300w, https:\/\/www.plasticmoldco.com\/wp-content\/uploads\/2018\/10\/new.n-768x45.jpg 768w, https:\/\/www.plasticmoldco.com\/wp-content\/uploads\/2018\/10\/new.n-1024x60.jpg 1024w\" sizes=\"(max-width: 1266px) 100vw, 1266px\" \/><\/p>\n<p>[\/et_pb_text][\/et_pb_column][\/et_pb_row][\/et_pb_section][et_pb_section bb_built=\"1\u2033 disabled_on=\"on|on|\" _builder_version=\"3.10.2\u2033 custom_padding=\"0|0px|54px|0px|false|false\" prev_background_color=\"#000000\u2033 next_background_color=\"#000000\u2033][et_pb_row custom_padding=\"0|0px|0|px|false|false\" _builder_version=\"3.0.48\u2033 background_size=\"initial\" background_position=\"top_left\" background_repeat=\"repeat\"][et_pb_column type=\"3_4\u2033][et_pb_text _builder_version=\"3.10.2\u2033 border_width_all=\"3px\" border_color_all=\"#e5e5e5\u2033 custom_margin=\"15px|-90px||-86px\" custom_padding=\"10px|10px|10px|10px\"]<\/p>\n<div id=\"titlep\">\n<div id=\"titlep\">\n<div id=\"titlep\">\n<div id=\"mge\"><\/div>\n<p><img loading=\"lazy\" decoding=\"async\" class=\"aligncenter size-full wp-image-1067\" title=\"companie de turnare prin injec\u021bie \u00een China \" src=\"https:\/\/web.archive.org\/web\/20140914052304im_\/http:\/\/www.moldchina.org\/wp-content\/uploads\/2011\/07\/19_7_118218434.jpg\" alt=\"\" width=\"800\" height=\"450\" \/><\/p>\n<p>Ca o companie profesionist\u0103 de turnare prin injec\u021bie de plastic \/ mucegai \u0219i turnare prin injec\u021bie \u00een China, suntem capabili s\u0103 oferim diferite matri\u021be de injec\u021bie din plastic, cum ar fi mucegaiul de inser\u021bie, mucegaiul cu dou\u0103 culori, mucegaiul cu mai multe cavit\u0103\u021bi, mucegaiul cu alerg\u0103tor fierbinte \u0219i mucegaiul cu alerg\u0103tor rece.<\/p>\n<p>Tip matri\u021b\u0103: Mucegai tradi\u021bional, peste mucegai, mucegai de inser\u021bie, mucegai cu dou\u0103 culori, mucegai de alergare la rece, mucegai de alergare la cald.<br \/>\nMold Base LKM, HASCO, DME, etc. (sau alt\u0103 marc\u0103 preferat\u0103 de client)<br \/>\nMold Core &amp; Cavitate Material S136H, P20, 718H, NAK80, 8407, 2083, etc. ( sau alt brand care clientul prefera)<br \/>\nDurata de garan\u021bie a mucegaiului: 100, 000-1, 000, 000 fotografii (\u00een func\u021bie de cerin\u021bele clien\u021bilor)<br \/>\nManagement de proiect: Suport pentru proiectare \u0219i inginerie, raport de \u00eencercare a matri\u021bei, raport de testare (FAI, Cpk, PPAP etc.)<br \/>\nEchipamente de prelucrare: Turnare prin injec\u021bie - Ma\u0219ini de turnare prin injec\u021bie (variind de la 50T la 1200T), Atelier de turnare - CNC importat, t\u0103iere prin s\u00e2rm\u0103, EDM, ma\u0219ini de prelucrare brut\u0103, Procesare secundar\u0103 - linii de vopsire \u0219i imprimare \u0219i linii de asamblare.<br \/>\nTip produs: Mucegai pentru produse OA, mucegai pentru produse digitale, mucegai pentru aparate de uz casnic etc. \u0219i produse de turnare din plastic.<br \/>\nMaterial produs PC, PP, PBT, ABS, PE, ABS+PC, PPO, PVC, PA66, PA6, POM<br \/>\nPachet: Pe baza cerin\u021bei clientului<br \/>\nTimp de plumb Mold: 3-8 s\u0103pt\u0103m\u00e2ni (pe baza cerin\u021bei clientului)<\/p>\n<\/div>\n<\/div>\n<\/div>\n<p>[\/et_pb_text][\/et_pb_column][et_pb_column type=\"1_4\u2033][et_pb_sidebar _builder_version=\"3.10.2\u2033 area=\"sidebar-1\u2033 custom_margin=\"15px|-94px||40px\" custom_padding=\"10px|10px|10px|10px\" border_width_all=\"2px\" border_color_all=\"#d3d3d3\u2033 \/][\/et_pb_column][\/et_pb_row][\/et_pb_section][et_pb_section bb_built=\"1\u2033 disabled_on=\"||on\" _builder_version=\"3.10.2\u2033 custom_padding=\"0|0px|54px|0px|false|false\" prev_background_color=\"#000000\u2033 next_background_color=\"#000000\u2033][et_pb_row custom_padding=\"0|0px|0|0px|false|false\" _builder_version=\"3.0.48\u2033 background_size=\"initial\" background_position=\"top_left\" background_repeat=\"repeat\"][et_pb_column type=\"4_4\u2033][et_pb_text _builder_version=\"3.10.2\u2033 border_width_all=\"3px\" border_color_all=\"#e5e5e5\u2033]<\/p>\n<div id=\"titlep\">\n<div id=\"titlep\">\n<div id=\"mge\"><\/div>\n<p><img loading=\"lazy\" decoding=\"async\" class=\"aligncenter size-full wp-image-1067\" title=\"companie de turnare prin injec\u021bie \u00een China \" src=\"https:\/\/web.archive.org\/web\/20140914052304im_\/http:\/\/www.moldchina.org\/wp-content\/uploads\/2011\/07\/19_7_118218434.jpg\" alt=\"\" width=\"800\" height=\"450\" \/><\/p>\n<p>Ca o companie profesionist\u0103 de turnare prin injec\u021bie de plastic \/ mucegai \u0219i turnare prin injec\u021bie \u00een China, suntem capabili s\u0103 oferim diferite matri\u021be de injec\u021bie din plastic, cum ar fi mucegaiul de inser\u021bie, mucegaiul cu dou\u0103 culori, mucegaiul cu mai multe cavit\u0103\u021bi, mucegaiul cu alerg\u0103tor fierbinte \u0219i mucegaiul cu alerg\u0103tor rece.<\/p>\n<p>Tip matri\u021b\u0103: Mucegai tradi\u021bional, peste mucegai, mucegai de inser\u021bie, mucegai cu dou\u0103 culori, mucegai de alergare la rece, mucegai de alergare la cald.<br \/>\nMold Base LKM, HASCO, DME, etc. (sau alt\u0103 marc\u0103 preferat\u0103 de client)<br \/>\nMold Core &amp; Cavitate Material S136H, P20, 718H, NAK80, 8407, 2083, etc. ( sau alt brand care clientul prefera)<br \/>\nDurata de garan\u021bie a mucegaiului: 100, 000-1, 000, 000 fotografii (\u00een func\u021bie de cerin\u021bele clien\u021bilor)<br \/>\nManagement de proiect: Suport pentru proiectare \u0219i inginerie, raport de \u00eencercare a matri\u021bei, raport de testare (FAI, Cpk, PPAP etc.)<br \/>\nEchipamente de prelucrare: Turnare prin injec\u021bie - Ma\u0219ini de turnare prin injec\u021bie (variind de la 50T la 1200T), Atelier de turnare - CNC importat, t\u0103iere prin s\u00e2rm\u0103, EDM, ma\u0219ini de prelucrare brut\u0103, Procesare secundar\u0103 - linii de vopsire \u0219i imprimare \u0219i linii de asamblare.<br \/>\nTip produs: Mucegai pentru produse OA, mucegai pentru produse digitale, mucegai pentru aparate de uz casnic etc. \u0219i produse de turnare din plastic.<br \/>\nMaterial produs PC, PP, PBT, ABS, PE, ABS+PC, PPO, PVC, PA66, PA6, POM<br \/>\nPachet: Pe baza cerin\u021bei clientului<br \/>\nTimp de plumb Mold: 3-8 s\u0103pt\u0103m\u00e2ni (pe baza cerin\u021bei clientului)<\/p>\n<\/div>\n<\/div>\n<p>[\/et_pb_text][et_pb_text _builder_version=\"3.10.2\u2033 text_font_size=\"13px\" header_font=\"|700|||||||\" border_width_all=\"2px\" border_color_all=\"#bcbcbc\" inline_fonts=\"Arial\"]<\/p>\n<h4><img loading=\"lazy\" decoding=\"async\" class=\"wp-image-111 alignnone\" src=\"https:\/\/plasticmoldco.com\/wp-content\/uploads\/2018\/10\/sss.png\" alt=\"\" width=\"16\" height=\"13\" \/><strong>Mold Product<\/strong><\/h4>\n<hr \/>\n<p>\u2192 <span style=\"font-size: medium;\"><strong><span style=\"color: #000000;\"><a style=\"color: #000000;\" href=\"https:\/\/www.plasticmoldco.com\/ro\/mucegai\/\">MOLD<\/a><\/span><\/strong><\/span><br \/>\n<span style=\"font-size: medium;\"><strong><span style=\"color: #000000;\"> \u2192 <a style=\"color: #000000;\" href=\"https:\/\/www.plasticmoldco.com\/ro\/piese-prototip\/\">Piese prototip<\/a><\/span><\/strong><\/span><br \/>\n<span style=\"font-size: medium;\"><strong><span style=\"color: #000000;\"> \u2192 <a style=\"color: #000000;\" href=\"https:\/\/www.plasticmoldco.com\/ro\/parte-din-plastic\/\">Parte din plastic<\/a><\/span><\/strong><\/span><br \/>\n<span style=\"font-size: medium;\"><strong><span style=\"color: #000000;\"> \u2192 <a style=\"color: #000000;\" href=\"https:\/\/www.plasticmoldco.com\/ro\/piese-din-cauciuc-siliconic\/\">piese din silicon \u0219i cauciuc<\/a><\/span><\/strong><\/span><\/p>\n<p><span style=\"font-size: medium;\"><strong><span style=\"color: #000000;\">Contacta\u021bi-ne<\/span><\/strong><\/span><\/p>\n<hr \/>\n<p><strong><span style=\"color: #000000;\">DONGGUAN SINCERE TECH CO.LTD<\/span><\/strong><br \/>\n<strong><span style=\"color: #000000;\"> ADRESA FABRICII: YUANXIA LU, YUANJIANG YUANG, ORA\u0218UL CHANGPING, ORA\u0218UL DONNGUAN, PROVINCIA GUANGDONG, CHINA 523000<\/span><\/strong><\/p>\n<p><strong><span style=\"color: #000000;\">TEL: +86 (0)769 3366 9997<\/span><\/strong><br \/>\n<strong><span style=\"color: #000000;\"> FAX: +86 (0)769 3366 9997<\/span><\/strong><\/p>\n<p><strong><span style=\"color: #000000;\">EMAIL: <a href=\"mailto:INFO@sinceretetechs.com\">INFO@sinceretetechs.com<\/a><\/span><\/strong><\/p>\n<ul>\n<li id=\"tag_cloud-3\" class=\"widget-container widget_tag_cloud\">\n<h3 class=\"widget-title\"><strong>C\u0103utare popular\u0103<\/strong><\/h3>\n<hr \/>\n<div class=\"tagcloud\"><strong>China Die Casting China injec\u021bie mucegai companie China injec\u021bie mucegai fabric\u0103 China injec\u021bie mucegai China injec\u021bie mucegai produc\u0103tor China injec\u021bie mucegai China injec\u021bie mucegai companie China mucegai fabric\u0103 China mucegai makerchina mucegai furnizor China mucegai China mucegai maker China mucegai furnizori de mucegai China plastic mold companychina silicon china silicon rubberchina tooling maker China toolmaker in china injection mold Injection Molded Plastics Injection molding injection molding china injection molding chineseplastic injection molding plastic mould china Prototype parts silicon chinasilicone rubber tool mold making china<\/strong><\/div>\n<\/li>\n<\/ul>\n<p><img decoding=\"async\" style=\"font-size: 13px; background-color: #ffffff; text-align: -webkit-center; display: block; margin-left: auto; margin-right: auto;\" src=\"https:\/\/web.archive.org\/web\/20140728234454im_\/http:\/\/www.moldchina.org\/wp-content\/themes\/9C008\/images\/iso.jpg\" \/><\/p>\n<p>[\/et_pb_text][\/et_pb_column][\/et_pb_row][\/et_pb_section][et_pb_section bb_built=\"1\u2033 disabled_on=\"on|on|\" _builder_version=\u201d3.10.2\u2033 custom_margin=\u201d-103px|||\u201d prev_background_color=\u201d#000000\u2033 next_background_color=\u201d#000000\u2033][et_pb_row _builder_version=\u201d3.0.48\u2033 background_size=\"initial\" background_position=\"top_left\" background_repeat=\"repeat\"][et_pb_column type=\"4_4\u2033][et_pb_text _builder_version=\"3.10.2\u2033 custom_margin=\"|-62px||-84px\"]]<\/p>\n<p style=\"padding-left: 30px;\"><strong>China mucegai de injec\u021bie plastic, toolmaker, China mucegai maker, China scule, China mucegai de plastic, China fabrica de mucegai de injec\u021bie, produc\u0103tor de mucegai de injec\u021bie plastic \u00een China<\/strong><\/p>\n<p>[\/et_pb_text][et_pb_text _builder_version=\u201d3.10.2\u2033 custom_margin=\u201d-15px|-50px||-50px\u201d]<\/p>\n<p><strong><span style=\"color: #0c0c0c;\"><a href=\"https:\/\/www.plasticmoldco.com\/ro\/\">Acas\u0103\u00a0 \u00a0<\/a>|\u00a0 \u00a0<a href=\"https:\/\/www.plasticmoldco.com\/ro\/about-us\/\">Despre noi\u00a0<\/a> \u00a0|\u00a0 <a href=\"https:\/\/www.plasticmoldco.com\/ro\/inginerie-de-proiectare\/\">Proiectare \u0219i inginerie<\/a>\u00a0 |\u00a0 \u00a0<a href=\"https:\/\/www.plasticmoldco.com\/ro\/products\/\">Produse\u00a0\u00a0\u00a0\u00a0\u00a0<\/a>|\u00a0\u00a0\u00a0\u00a0\u00a0<a href=\"https:\/\/www.plasticmoldco.com\/ro\/stiri\/\">Nout\u0103\u021bi<\/a>\u00a0\u00a0\u00a0\u00a0\u00a0|\u00a0\u00a0\u00a0\u00a0\u00a0<a href=\"https:\/\/www.plasticmoldco.com\/ro\/asigurare-de-calitate\/\">Asigurare de calitate\u00a0<\/a>\u00a0\u00a0\u00a0\u00a0|\u00a0 \u00a0 <a href=\"https:\/\/www.plasticmoldco.com\/ro\/procedura-po\/\">Procedura PO<\/a>\u00a0 \u00a0 |\u00a0 \u00a0 <a href=\"https:\/\/www.plasticmoldco.com\/ro\/eqipament\/\">Echipamente\u00a0 \u00a0<\/a> |\u00a0 \u00a0<a href=\"https:\/\/www.plasticmoldco.com\/ro\/caz-de-design-industrial\/\">Cazul de design industrial\u00a0<\/a> \u00a0 |\u00a0 \u00a0 <a href=\"https:\/\/www.plasticmoldco.com\/ro\/harta-site-ului\/\">Harta site-ului<\/a><\/span><\/strong><\/p>\n<p>[\/et_pb_text][et_pb_text _builder_version=\"3.10.2\u2033 custom_margin=\"-15px|||\"]<\/p>\n<p style=\"text-align: center;\"><strong>Copyright \u00a9 2011 DONGGUAN SINCER TECH CO.LTD. | China Mold maker, China plastic turnare prin injec\u021bie, China toolmaker.<\/strong><br \/>\n<strong> Nr. de \u00eenregistrare a companiei:1626173<\/strong><\/p>\n<p>[\/et_pb_text][\/et_pb_column][\/et_pb_row][\/et_pb_section][et_pb_section bb_built=\"1\u2033 disabled_on=\"||on\" _builder_version=\"3.10.2\u2033 custom_margin=\"-103px|||\" prev_background_color=\"#000000\u2033][et_pb_row _builder_version=\"3.0.48\u2033 background_size=\"initial\" background_position=\"top_left\" background_repeat=\"repeat\"][et_pbb_column type=\"4_4\u2033][et_pb_text _builder_version=\"3.10.2\u2033]<\/p>\n<p style=\"padding-left: 30px;\"><strong>China mucegai de injec\u021bie plastic, toolmaker, China mucegai maker, China scule, China mucegai de plastic, China fabrica de mucegai de injec\u021bie, produc\u0103tor de mucegai de injec\u021bie plastic \u00een China<\/strong><\/p>\n<p>[\/et_pb_text][et_pb_text _builder_version=\u201d3.10.2\u2033]<\/p>\n<p><strong><span style=\"color: #0c0c0c;\"><a href=\"https:\/\/www.plasticmoldco.com\/ro\/\">Acas\u0103\u00a0 \u00a0<\/a>|\u00a0 \u00a0<a href=\"https:\/\/www.plasticmoldco.com\/ro\/about-us\/\">Despre noi\u00a0<\/a> \u00a0|\u00a0 <a href=\"https:\/\/www.plasticmoldco.com\/ro\/inginerie-de-proiectare\/\">Proiectare \u0219i inginerie<\/a>\u00a0 |\u00a0 \u00a0<a href=\"https:\/\/www.plasticmoldco.com\/ro\/products\/\">Produse\u00a0\u00a0\u00a0\u00a0\u00a0<\/a>|\u00a0\u00a0\u00a0\u00a0\u00a0<a href=\"https:\/\/www.plasticmoldco.com\/ro\/stiri\/\">Nout\u0103\u021bi<\/a>\u00a0\u00a0\u00a0\u00a0\u00a0|\u00a0\u00a0\u00a0\u00a0\u00a0<a href=\"https:\/\/www.plasticmoldco.com\/ro\/asigurare-de-calitate\/\">Asigurare de calitate\u00a0<\/a>\u00a0\u00a0\u00a0\u00a0|\u00a0 \u00a0 <a href=\"https:\/\/www.plasticmoldco.com\/ro\/procedura-po\/\">Procedura PO<\/a>\u00a0 \u00a0 |\u00a0 \u00a0 <a href=\"https:\/\/www.plasticmoldco.com\/ro\/eqipament\/\">Echipamente\u00a0 \u00a0<\/a> |\u00a0 \u00a0<a href=\"https:\/\/www.plasticmoldco.com\/ro\/caz-de-design-industrial\/\">Cazul de design industrial\u00a0<\/a> \u00a0 |\u00a0 \u00a0 <a href=\"https:\/\/www.plasticmoldco.com\/ro\/harta-site-ului\/\">Harta site-ului<\/a><\/span><\/strong><\/p>\n<p>[\/et_pb_text][et_pb_text _builder_version=\u201d3.10.2\u2033]<\/p>\n<p style=\"text-align: center;\"><strong>Copyright \u00a9 2011 DONGGUAN SINCER TECH CO.LTD. | China Mold maker, China plastic turnare prin injec\u021bie, China toolmaker.<\/strong><br \/>\n<strong> Nr. de \u00eenregistrare a companiei:1626173<\/strong><\/p>\n<p>[\/et_pb_text][\/et_pb_column][\/et_pb_row][\/et_pb_section]<\/p>","protected":false},"excerpt":{"rendered":"<p>As a professional plastic injection mould\/mold and injection molding company in china, we are able to provide different plastic injection moulds, such as insert mould, double-color mold, multi-cavity mould, hot runner mould, and cold runner mould. Mold Type: Traditional mold, over mold, insert mold, double color mold, cold runner mold, hot runner mold. Mold Base [&hellip;]<\/p>","protected":false},"author":1,"featured_media":0,"parent":0,"menu_order":0,"comment_status":"closed","ping_status":"closed","template":"","meta":{"_et_pb_use_builder":"on","_et_pb_old_content":"","_et_gb_content_width":"","footnotes":""},"class_list":["post-665","page","type-page","status-publish","hentry"],"yoast_head":"<!-- This site is optimized with the Yoast SEO plugin v26.4 - https:\/\/yoast.com\/wordpress\/plugins\/seo\/ -->\n<title>injection mold &amp; parts - Plastic Mold | China Mold Maker<\/title>\n<meta name=\"robots\" content=\"index, follow, max-snippet:-1, max-image-preview:large, max-video-preview:-1\" \/>\n<link rel=\"canonical\" href=\"https:\/\/www.plasticmoldco.com\/ro\/\uc0ac\ucd9c-\uae08\ud615-\ubd80\ud488\/\" \/>\n<meta property=\"og:locale\" content=\"ro_RO\" \/>\n<meta property=\"og:type\" content=\"article\" \/>\n<meta property=\"og:title\" content=\"injection mold &amp; parts - Plastic Mold | China Mold Maker\" \/>\n<meta property=\"og:description\" content=\"As a professional plastic injection mould\/mold and injection molding company in china, we are able to provide different plastic injection moulds, such as insert mould, double-color mold, multi-cavity mould, hot runner mould, and cold runner mould. Mold Type: Traditional mold, over mold, insert mold, double color mold, cold runner mold, hot runner mold. Mold Base [&hellip;]\" \/>\n<meta property=\"og:url\" content=\"https:\/\/www.plasticmoldco.com\/ro\/\uc0ac\ucd9c-\uae08\ud615-\ubd80\ud488\/\" \/>\n<meta property=\"og:site_name\" content=\"Plastic Mold | China Mold Maker\" \/>\n<meta property=\"og:image\" content=\"https:\/\/plasticmoldco.com\/wp-content\/uploads\/2018\/10\/new.n-300x18.jpg\" \/>\n<meta name=\"twitter:card\" content=\"summary_large_image\" \/>\n<meta name=\"twitter:label1\" content=\"Timp estimat pentru citire\" \/>\n\t<meta name=\"twitter:data1\" content=\"6 minute\" \/>\n<script type=\"application\/ld+json\" class=\"yoast-schema-graph\">{\"@context\":\"https:\/\/schema.org\",\"@graph\":[{\"@type\":\"WebPage\",\"@id\":\"https:\/\/www.plasticmoldco.com\/ko\/\uc0ac\ucd9c-\uae08\ud615-\ubd80\ud488\/\",\"url\":\"https:\/\/www.plasticmoldco.com\/ko\/\uc0ac\ucd9c-\uae08\ud615-\ubd80\ud488\/\",\"name\":\"injection mold & parts - Plastic Mold | China Mold Maker\",\"isPartOf\":{\"@id\":\"https:\/\/www.plasticmoldco.com\/el\/#website\"},\"primaryImageOfPage\":{\"@id\":\"https:\/\/www.plasticmoldco.com\/ko\/\uc0ac\ucd9c-\uae08\ud615-\ubd80\ud488\/#primaryimage\"},\"image\":{\"@id\":\"https:\/\/www.plasticmoldco.com\/ko\/\uc0ac\ucd9c-\uae08\ud615-\ubd80\ud488\/#primaryimage\"},\"thumbnailUrl\":\"https:\/\/plasticmoldco.com\/wp-content\/uploads\/2018\/10\/new.n-300x18.jpg\",\"datePublished\":\"2018-10-17T14:06:44+00:00\",\"breadcrumb\":{\"@id\":\"https:\/\/www.plasticmoldco.com\/ko\/\uc0ac\ucd9c-\uae08\ud615-\ubd80\ud488\/#breadcrumb\"},\"inLanguage\":\"ro-RO\",\"potentialAction\":[{\"@type\":\"ReadAction\",\"target\":[\"https:\/\/www.plasticmoldco.com\/ko\/\uc0ac\ucd9c-\uae08\ud615-\ubd80\ud488\/\"]}]},{\"@type\":\"ImageObject\",\"inLanguage\":\"ro-RO\",\"@id\":\"https:\/\/www.plasticmoldco.com\/ko\/\uc0ac\ucd9c-\uae08\ud615-\ubd80\ud488\/#primaryimage\",\"url\":\"https:\/\/plasticmoldco.com\/wp-content\/uploads\/2018\/10\/new.n-300x18.jpg\",\"contentUrl\":\"https:\/\/plasticmoldco.com\/wp-content\/uploads\/2018\/10\/new.n-300x18.jpg\"},{\"@type\":\"BreadcrumbList\",\"@id\":\"https:\/\/www.plasticmoldco.com\/ko\/\uc0ac\ucd9c-\uae08\ud615-\ubd80\ud488\/#breadcrumb\",\"itemListElement\":[{\"@type\":\"ListItem\",\"position\":1,\"name\":\"Home\",\"item\":\"https:\/\/www.plasticmoldco.com\/\"},{\"@type\":\"ListItem\",\"position\":2,\"name\":\"injection mold &#038; parts\"}]},{\"@type\":\"WebSite\",\"@id\":\"https:\/\/www.plasticmoldco.com\/el\/#website\",\"url\":\"https:\/\/www.plasticmoldco.com\/el\/\",\"name\":\"Plastic Mold | China Mold Maker\",\"description\":\"Are you looking for injection mold china? We are plastic mold maker\",\"publisher\":{\"@id\":\"https:\/\/www.plasticmoldco.com\/el\/#organization\"},\"potentialAction\":[{\"@type\":\"SearchAction\",\"target\":{\"@type\":\"EntryPoint\",\"urlTemplate\":\"https:\/\/www.plasticmoldco.com\/el\/?s={search_term_string}\"},\"query-input\":{\"@type\":\"PropertyValueSpecification\",\"valueRequired\":true,\"valueName\":\"search_term_string\"}}],\"inLanguage\":\"ro-RO\"},{\"@type\":\"Organization\",\"@id\":\"https:\/\/www.plasticmoldco.com\/el\/#organization\",\"name\":\"Plastic Mold | China Mold Maker\",\"url\":\"https:\/\/www.plasticmoldco.com\/el\/\",\"logo\":{\"@type\":\"ImageObject\",\"inLanguage\":\"ro-RO\",\"@id\":\"https:\/\/www.plasticmoldco.com\/el\/#\/schema\/logo\/image\/\",\"url\":\"https:\/\/plasticmoldco.com\/wp-content\/uploads\/2018\/10\/nlogon.png\",\"contentUrl\":\"https:\/\/plasticmoldco.com\/wp-content\/uploads\/2018\/10\/nlogon.png\",\"width\":204,\"height\":54,\"caption\":\"Plastic Mold | China Mold Maker\"},\"image\":{\"@id\":\"https:\/\/www.plasticmoldco.com\/el\/#\/schema\/logo\/image\/\"}}]}<\/script>\n<!-- \/ Yoast SEO plugin. -->","yoast_head_json":{"title":"mucegai de injec\u021bie &amp; piese - Mold din plastic | China Mold Maker","robots":{"index":"index","follow":"follow","max-snippet":"max-snippet:-1","max-image-preview":"max-image-preview:large","max-video-preview":"max-video-preview:-1"},"canonical":"https:\/\/www.plasticmoldco.com\/ro\/\uc0ac\ucd9c-\uae08\ud615-\ubd80\ud488\/","og_locale":"ro_RO","og_type":"article","og_title":"injection mold & parts - Plastic Mold | China Mold Maker","og_description":"As a professional plastic injection mould\/mold and injection molding company in china, we are able to provide different plastic injection moulds, such as insert mould, double-color mold, multi-cavity mould, hot runner mould, and cold runner mould. Mold Type: Traditional mold, over mold, insert mold, double color mold, cold runner mold, hot runner mold. Mold Base [&hellip;]","og_url":"https:\/\/www.plasticmoldco.com\/ro\/\uc0ac\ucd9c-\uae08\ud615-\ubd80\ud488\/","og_site_name":"Plastic Mold | China Mold Maker","og_image":[{"url":"https:\/\/plasticmoldco.com\/wp-content\/uploads\/2018\/10\/new.n-300x18.jpg","type":"","width":"","height":""}],"twitter_card":"summary_large_image","twitter_misc":{"Timp estimat pentru citire":"6 minute"},"schema":{"@context":"https:\/\/schema.org","@graph":[{"@type":"WebPage","@id":"https:\/\/www.plasticmoldco.com\/ko\/\uc0ac\ucd9c-\uae08\ud615-\ubd80\ud488\/","url":"https:\/\/www.plasticmoldco.com\/ko\/\uc0ac\ucd9c-\uae08\ud615-\ubd80\ud488\/","name":"mucegai de injec\u021bie &amp; piese - Mold din plastic | China Mold Maker","isPartOf":{"@id":"https:\/\/www.plasticmoldco.com\/el\/#website"},"primaryImageOfPage":{"@id":"https:\/\/www.plasticmoldco.com\/ko\/\uc0ac\ucd9c-\uae08\ud615-\ubd80\ud488\/#primaryimage"},"image":{"@id":"https:\/\/www.plasticmoldco.com\/ko\/\uc0ac\ucd9c-\uae08\ud615-\ubd80\ud488\/#primaryimage"},"thumbnailUrl":"https:\/\/plasticmoldco.com\/wp-content\/uploads\/2018\/10\/new.n-300x18.jpg","datePublished":"2018-10-17T14:06:44+00:00","breadcrumb":{"@id":"https:\/\/www.plasticmoldco.com\/ko\/\uc0ac\ucd9c-\uae08\ud615-\ubd80\ud488\/#breadcrumb"},"inLanguage":"ro-RO","potentialAction":[{"@type":"ReadAction","target":["https:\/\/www.plasticmoldco.com\/ko\/\uc0ac\ucd9c-\uae08\ud615-\ubd80\ud488\/"]}]},{"@type":"ImageObject","inLanguage":"ro-RO","@id":"https:\/\/www.plasticmoldco.com\/ko\/\uc0ac\ucd9c-\uae08\ud615-\ubd80\ud488\/#primaryimage","url":"https:\/\/plasticmoldco.com\/wp-content\/uploads\/2018\/10\/new.n-300x18.jpg","contentUrl":"https:\/\/plasticmoldco.com\/wp-content\/uploads\/2018\/10\/new.n-300x18.jpg"},{"@type":"BreadcrumbList","@id":"https:\/\/www.plasticmoldco.com\/ko\/\uc0ac\ucd9c-\uae08\ud615-\ubd80\ud488\/#breadcrumb","itemListElement":[{"@type":"ListItem","position":1,"name":"Home","item":"https:\/\/www.plasticmoldco.com\/"},{"@type":"ListItem","position":2,"name":"injection mold &#038; parts"}]},{"@type":"WebSite","@id":"https:\/\/www.plasticmoldco.com\/el\/#website","url":"https:\/\/www.plasticmoldco.com\/el\/","name":"Plastic Mold | China Mold Maker","description":"Sunte\u021bi \u00een c\u0103utarea pentru injec\u021bie mucegai china? Suntem produc\u0103tor de matri\u021be din plastic","publisher":{"@id":"https:\/\/www.plasticmoldco.com\/el\/#organization"},"potentialAction":[{"@type":"SearchAction","target":{"@type":"EntryPoint","urlTemplate":"https:\/\/www.plasticmoldco.com\/el\/?s={search_term_string}"},"query-input":{"@type":"PropertyValueSpecification","valueRequired":true,"valueName":"search_term_string"}}],"inLanguage":"ro-RO"},{"@type":"Organization","@id":"https:\/\/www.plasticmoldco.com\/el\/#organization","name":"Plastic Mold | China Mold Maker","url":"https:\/\/www.plasticmoldco.com\/el\/","logo":{"@type":"ImageObject","inLanguage":"ro-RO","@id":"https:\/\/www.plasticmoldco.com\/el\/#\/schema\/logo\/image\/","url":"https:\/\/plasticmoldco.com\/wp-content\/uploads\/2018\/10\/nlogon.png","contentUrl":"https:\/\/plasticmoldco.com\/wp-content\/uploads\/2018\/10\/nlogon.png","width":204,"height":54,"caption":"Plastic Mold | China Mold Maker"},"image":{"@id":"https:\/\/www.plasticmoldco.com\/el\/#\/schema\/logo\/image\/"}}]}},"_links":{"self":[{"href":"https:\/\/www.plasticmoldco.com\/ro\/wp-json\/wp\/v2\/pages\/665","targetHints":{"allow":["GET"]}}],"collection":[{"href":"https:\/\/www.plasticmoldco.com\/ro\/wp-json\/wp\/v2\/pages"}],"about":[{"href":"https:\/\/www.plasticmoldco.com\/ro\/wp-json\/wp\/v2\/types\/page"}],"author":[{"embeddable":true,"href":"https:\/\/www.plasticmoldco.com\/ro\/wp-json\/wp\/v2\/users\/1"}],"replies":[{"embeddable":true,"href":"https:\/\/www.plasticmoldco.com\/ro\/wp-json\/wp\/v2\/comments?post=665"}],"version-history":[{"count":0,"href":"https:\/\/www.plasticmoldco.com\/ro\/wp-json\/wp\/v2\/pages\/665\/revisions"}],"wp:attachment":[{"href":"https:\/\/www.plasticmoldco.com\/ro\/wp-json\/wp\/v2\/media?parent=665"}],"curies":[{"name":"wp","href":"https:\/\/api.w.org\/{rel}","templated":true}]}}