{"id":12,"date":"2018-10-14T16:59:39","date_gmt":"2018-10-14T08:59:39","guid":{"rendered":"https:\/\/plasticmoldco.com\/?page_id=12"},"modified":"2019-02-15T21:45:09","modified_gmt":"2019-02-15T13:45:09","slug":"company","status":"publish","type":"page","link":"https:\/\/www.plasticmoldco.com\/ro\/companie\/","title":{"rendered":"Despre noi"},"content":{"rendered":"<p>[et_pb_section bb_built=&#8221;1&#8243; disabled_on=&#8221;on|on|&#8221; _builder_version=&#8221;3.10.2&#8243; custom_padding=&#8221;0|0px|54px|0px|false|false&#8221; next_background_color=&#8221;#000000&#8243;][et_pb_row custom_padding=&#8221;0|0px|0|0px|false|false&#8221; _builder_version=&#8221;3.0.48&#8243; background_size=&#8221;initial&#8221; background_position=&#8221;top_left&#8221; background_repeat=&#8221;repeat&#8221;][et_pb_column type=&#8221;3_4&#8243;][et_pb_text _builder_version=&#8221;3.16.1&#8243; border_width_all=&#8221;3px&#8221; border_color_all=&#8221;#e5e5e5&#8243; custom_margin=&#8221;15px|-90px||-86px&#8221; custom_padding=&#8221;10px|10px|10px|10px&#8221;]<\/p>\n<div id=\"titlep\">\n<div id=\"content\" role=\"main\">\n<div id=\"titlep\">Despre noi-A <a href=\"https:\/\/www.plasticmoldco.com\/ro\/\">Compania chinez\u0103 Mold<\/a><\/div>\n<p><strong>DONGGUAN SINCERE ETCH CO.LTD<\/strong> ,fabrica noastr\u0103 situat\u0103 \u00een\u00a0<img loading=\"lazy\" decoding=\"async\" class=\"size-full wp-image-615 alignright\" title=\"Produc\u0103tor de matri\u021be din China\" src=\"https:\/\/web.archive.org\/web\/20140805221613im_\/http:\/\/www.moldchina.org\/wp-content\/uploads\/2011\/01\/untitled2.bmp\" alt=\"\" width=\"172\" height=\"109\" \/>DongGuan, China, \u0219i a fost \u00eenfiin\u021bat\u0103 \u00een 2003,<\/p>\n<p>SINCER ETECH IS este specializat\u0103 \u00een diverse <strong>matri\u021be din plastic \u0219i fabricarea matri\u021belor din plastic\u00a0<\/strong>pentru. auto, electrocasnice, echipamente medicale, electronice \u0219i echipamente sportive, precum \u0219i aplica\u021bii industriale generale OEM. Compania noastr\u0103 acoper\u0103 o suprafa\u021b\u0103 de peste 3.800 de metri p\u0103tra\u021bi atelier, \u00eenconjurat cu transport convenabil. \u00cen prezent, grupul nostru ajunge la mai mult de 150 de excelente <strong>produc\u0103tori de matri\u021be \u00een china<\/strong> \u0219i active de capital la peste 40 de milioane RMB. Capacitatea noastr\u0103 este de 40-65 de seturi de matri\u021be de injec\u021bie pe lun\u0103.<\/p>\n<p>Am insistat \u00eentotdeauna asupra ideii c\u0103 angaja\u021bii sunt baza pentru a asigura produse de \u00eenalt\u0103 calitate \u0219i pentru a realiza dezvoltarea at\u00e2t a angaja\u021bilor, c\u00e2t \u0219i a companiei. A\u0219a c\u0103 am \u00eenrolat o mul\u021bime de <strong>tehnolog mucegai<\/strong>, talente manageriale \u0219i ingineri profesioni\u0219ti \u00een <a href=\"https:\/\/www.plasticmoldco.com\/ro\/\"><strong>China mucegai de luare <\/strong><\/a>industriale.<\/p>\n<p>Echipamentele din ST sunt majoritatea importate din Elve\u021bia \u0219i Taiwan. Avem 21 de seturi de ma\u0219ini de frezat (17 seturi importate, 4 seturi fabricate la domiciliu), 9 seturi CNC, 11 seturi Charmilles EDM, 10 seturi de ma\u0219ini de rectificat, 6 seturi de strunguri, 4 seturi de ma\u0219ini de t\u0103iat s\u00e2rm\u0103, 30\u00a0<strong>Ma\u0219ini de injec\u021bie<\/strong> \u0219i o ma\u0219in\u0103 de m\u0103surare CMM, un proiector, un sistem de m\u0103surare video, o ma\u0219in\u0103 de t\u0103iere liniar\u0103 cu alimentare lent\u0103 etc. Suntem capabili s\u0103 inject\u0103m <strong>piese din plastic<\/strong> cu o greutate mai mic\u0103 de 1500 g sau cu o capacitate mai mic\u0103 de 650 tone, construind diferite tipuri de <strong>matri\u021be din plastic<\/strong> \u0219i turnare sub presiune cu dimensiuni sub 8500*1000*8500mm.<\/p>\n<p>\u00cen plus, adopt\u0103m tehnologii avansate de procesare CAD\/CAE\/CAM \u0219i software-uri profesionale precum UG, Pro\/E, Solidworks pentru a proiecta, analiza, construi \u0219i realiza <strong>Mucegai de plastic \u00een China<\/strong>. Sistemul nostru de gestionare a internetului ajut\u0103 la controlul perfect al calit\u0103\u021bii \u0219i la \u00eentregul proces artizanal.<br \/>\nCu munca grea ST \u00een 14 ani, am c\u00e2\u0219tigat \u00eencrederea clien\u021bilor datorit\u0103 calit\u0103\u021bii ridicate, pre\u021bului competent, tehnicii profesionale cu comunicare fluent\u0103 \u00een limba englez\u0103 \u0219i livr\u0103rii punctuale. Clien\u021bii no\u0219tri variaz\u0103 de la multe companii renumite precum SONY\uff0cTOSHIBA\uff0cSuzuki\uff0cMagna, ITW, MAZDA\uff0cHONDA\uff0cSUNBEM\uff0c etc.<\/p>\n<p>Am fost acredita\u021bi cu succes cu certificatul ISO 9001:2000 \u00een 2006. Cu \"Serviciul \u00een inim\u0103, calitatea \u00een suflet\", am putea oferi un sistem complet de servicii clien\u021bilor vechi \u0219i noi,<\/p>\n<p>Sunte\u021bi \u00een c\u0103utarea pentru <a href=\"https:\/\/www.plasticmoldco.com\/ro\/\"><strong>fabricarea matri\u021belor \u00een China<\/strong><\/a> pentru a produce matri\u021be de injec\u021bie \u0219i piese de turnare din plastic pentru noul dvs. proiect? Contacta\u021bi-ne acum pentru a ob\u021bine o ofert\u0103.<\/p>\n<\/div>\n<\/div>\n<p>[\/et_pb_text][\/et_pb_column][et_pb_column type=\"1_4\u2033][et_pb_sidebar _builder_version=\"3.10.2\u2033 area=\"sidebar-1\u2033 custom_margin=\"15px|-94px||40px\" custom_padding=\"10px|10px|10px|10px\" border_width_all=\"2px\" border_color_all=\"#d3d3d3\u2033 \/][\/et_pb_column][\/et_pb_row][\/et_pb_section][et_pb_section bb_built=\"1\u2033 disabled_on=\"||on\" _builder_version=\"3.10.2\u2033 custom_padding=\"0|0px|54px|0px|false|false\" next_background_color=\"#000000\u2033 prev_background_color=\"#000000\u2033][et_pb_row custom_padding=\"0|0px|0|0px|false|false\" _builder_version=\"3.0.48\u2033 background_size=\"initial\" background_position=\"top_left\" background_repeat=\"repeat\"][et_pb_column type=\"4_4\u2033][et_pb_text _builder_version=\"3.10.2\u2033 border_width_all=\"3px\" border_color_all=\"#e5e5e5\u2033]<\/p>\n<div id=\"titlep\">\n<div id=\"content\" role=\"main\">\n<div>\n<div id=\"titlep\">\n<div>\n<div>Despre noi<br \/>\nAcas\u0103 \" Despre noi<\/div>\n<\/div>\n<\/div>\n<div id=\"mge\"><\/div>\n<p><strong>SOSITAR MOLD CO., LIMITED<\/strong> ,fabrica noastr\u0103 situat\u0103 \u00een\u00a0<img loading=\"lazy\" decoding=\"async\" class=\"size-full wp-image-615 alignright\" title=\"Produc\u0103tor de matri\u021be din China\" src=\"https:\/\/web.archive.org\/web\/20140805221613im_\/http:\/\/www.moldchina.org\/wp-content\/uploads\/2011\/01\/untitled2.bmp\" alt=\"\" width=\"172\" height=\"109\" \/>Shenzhen, China, \u0219i \u00eenfiin\u021bat\u0103 \u00een 1998, Sositar mold industrial Co, LTD este specializat\u0103 \u00een diverse <strong>matri\u021be din plastic <\/strong>pentru. auto, electrocasnice, echipamente medicale, electronice \u0219i echipamente sportive, precum \u0219i aplica\u021bii industriale generale OEM. Compania noastr\u0103 acoper\u0103 o suprafa\u021b\u0103 de mai mult de 3.800 de metri p\u0103tra\u021bi atelier, \u00eenconjurat cu transport convenabil. \u00cen prezent, grupul nostru ajunge la mai mult de 150 de excelente <strong>Produc\u0103tori de scule \u00een China<\/strong> \u0219i active de capital la mai mult de 15 milioane RMB. Capacitatea noastr\u0103 este de 60-80 seturi de matri\u021be pe lun\u0103.<\/p>\n<p>Am insistat \u00eentotdeauna asupra ideii c\u0103 angaja\u021bii sunt baza pentru a asigura produse de \u00eenalt\u0103 calitate \u0219i pentru a realiza dezvoltarea at\u00e2t a angaja\u021bilor, c\u00e2t \u0219i a companiei. A\u0219a c\u0103 am \u00eenrolat o mul\u021bime de <strong>tehnolog mucegai<\/strong>, talente manageriale \u0219i ingineri profesioni\u0219ti \u00een <strong>fabricarea matri\u021belor din China<\/strong><strong>.<\/strong><\/p>\n<p>Echipamentele din Sositar sunt majoritatea importate din Elve\u021bia \u0219i Taiwan. Acestea sunt 21 de seturi de ma\u0219ini de frezat (17 seturi importate, 4 seturi fabricate \u00een \u021bar\u0103), 6 seturi CNC, 11 seturi Charmilles EDM, 10 seturi de ma\u0219ini de rectificat, 4 seturi de strunguri, 7 seturi de ma\u0219ini de t\u0103iat s\u00e2rm\u0103, 10 <strong>Ma\u0219ini de injec\u021bie<\/strong> \u0219i CMM, sistem de m\u0103surare video, ma\u0219in\u0103 de t\u0103iat liniar\u0103 cu alimentare lent\u0103 etc. Suntem capabili s\u0103 inject\u0103m <strong>piese din plastic<\/strong> cu o greutate mai mic\u0103 de 1500 g sau cu o capacitate mai mic\u0103 de 650 tone, construind diferite tipuri de <strong>matri\u021be din plastic<\/strong> \u0219i turnare sub presiune cu dimensiuni sub 8500*1000*8500mm.<\/p>\n<p><img loading=\"lazy\" decoding=\"async\" class=\"alignnone size-full wp-image-62\" title=\"fabric\u0103 de matri\u021be din China\" src=\"https:\/\/web.archive.org\/web\/20140805221613im_\/http:\/\/www.moldchina.org\/wp-content\/uploads\/2011\/01\/china-mould-factory.jpg\" alt=\"fabric\u0103 de matri\u021be din China\" width=\"371\" height=\"198\" \/><\/p>\n<p>\u00cen plus, adopt\u0103m tehnologii avansate de procesare CAD\/CAE\/CAM \u0219i software-uri profesionale precum UG, Pro\/E, Solidworks pentru a proiecta, analiza, construi \u0219i realiza <strong>mucegai \u00een China<\/strong>. Sistemul nostru de gestionare a internetului ajut\u0103 la controlul perfect al calit\u0103\u021bii \u0219i la \u00eentregul proces artizanal.<br \/>\nCu munca asidu\u0103 a grupului Sositar \u00een 12 ani, am c\u00e2\u0219tigat \u00eencrederea clien\u021bilor datorit\u0103 calit\u0103\u021bii ridicate, pre\u021bului competent, comunic\u0103rii u\u0219oare \u0219i livr\u0103rii punctuale. Clien\u021bii no\u0219tri variaz\u0103 de la multe companii renumite, cum ar fi SONY\uff0cTAFAL\uff0cTOSHIBA\uff0cHITACHI\uff0cMAZDA\uff0cHONDA\uff0cSUNBEM\uff0cPHILIPS, etc.<\/p>\n<p>Am fost acredita\u021bi cu succes cu certificatul ISO 9001:2000 \u00een 2004. Cu \"Serviciul \u00een inim\u0103, calitatea \u00een suflet\", am putea oferi un sistem complet de servicii clien\u021bilor vechi \u0219i noi.<\/p>\n<\/div>\n<\/div>\n<\/div>\n<p>[\/et_pb_text][et_pb_sidebar _builder_version=\"3.10.2\u2033 area=\"sidebar-1\u2033 custom_padding=\"10px||10px|10px\" border_width_all=\"2px\" border_color_all=\"#d3d3d3\u2033 custom_margin=\"|-250px||\" \/][\/et_pb_column][\/et_pb_row][\/et_pb_section][et_pb_section bb_built=\"1\u2033 disabled_on=\"on|on|\" _builder_version=\u201d3.10.2\u2033 custom_margin=\u201d-103px|||\u201d prev_background_color=\u201d#000000\u2033 next_background_color=\u201d#000000\u2033][et_pb_row _builder_version=\u201d3.0.48\u2033 background_size=\"initial\" background_position=\"top_left\" background_repeat=\"repeat\"][et_pb_column type=\"4_4\u2033][et_pb_text _builder_version=\"3.10.2\u2033 custom_margin=\"|-62px||-84px\"]]<\/p>\n<p style=\"padding-left: 30px;\"><strong>China mucegai de injec\u021bie plastic, toolmaker, China mucegai maker, China scule, China mucegai de plastic, China fabrica de mucegai de injec\u021bie, produc\u0103tor de mucegai de injec\u021bie plastic \u00een China<\/strong><\/p>\n<p>[\/et_pb_text][et_pb_text _builder_version=\u201d3.10.2\u2033 custom_margin=\u201d-15px|-50px||-50px\u201d]<\/p>\n<p><strong><span style=\"color: #0c0c0c;\"><a href=\"https:\/\/www.plasticmoldco.com\/ro\/\">Acas\u0103\u00a0 \u00a0<\/a>|\u00a0 \u00a0<a href=\"https:\/\/www.plasticmoldco.com\/ro\/about-us\/\">Despre noi\u00a0<\/a> \u00a0|\u00a0 <a href=\"https:\/\/www.plasticmoldco.com\/ro\/inginerie-de-proiectare\/\">Proiectare \u0219i inginerie<\/a>\u00a0 |\u00a0 \u00a0<a href=\"https:\/\/www.plasticmoldco.com\/ro\/products\/\">Produse\u00a0\u00a0\u00a0\u00a0\u00a0<\/a>|\u00a0\u00a0\u00a0\u00a0\u00a0<a href=\"https:\/\/www.plasticmoldco.com\/ro\/stiri\/\">Nout\u0103\u021bi<\/a>\u00a0\u00a0\u00a0\u00a0\u00a0|\u00a0\u00a0\u00a0\u00a0\u00a0<a href=\"https:\/\/www.plasticmoldco.com\/ro\/asigurare-de-calitate\/\">Asigurare de calitate\u00a0<\/a>\u00a0\u00a0\u00a0\u00a0|\u00a0 \u00a0 <a href=\"https:\/\/www.plasticmoldco.com\/ro\/procedura-po\/\">Procedura PO<\/a>\u00a0 \u00a0 |\u00a0 \u00a0 <a href=\"https:\/\/www.plasticmoldco.com\/ro\/eqipament\/\">Echipamente\u00a0 \u00a0<\/a> |\u00a0 \u00a0<a href=\"https:\/\/www.plasticmoldco.com\/ro\/caz-de-design-industrial\/\">Cazul de design industrial\u00a0<\/a> \u00a0 |\u00a0 \u00a0 <a href=\"https:\/\/www.plasticmoldco.com\/ro\/harta-site-ului\/\">Harta site-ului<\/a><\/span><\/strong><\/p>\n<p>[\/et_pb_text][et_pb_text _builder_version=\"3.10.2\u2033 custom_margin=\"-15px|||\"]<\/p>\n<p style=\"text-align: center;\"><strong>Copyright \u00a9 2011 DONGGUAN SINCER TECH CO.LTD. | China Mold maker, China plastic turnare prin injec\u021bie, China toolmaker.<\/strong><br \/>\n<strong> Nr. de \u00eenregistrare a companiei:1626173<\/strong><\/p>\n<p>[\/et_pb_text][\/et_pb_column][\/et_pb_row][\/et_pb_section][et_pb_section bb_built=\"1\u2033 disabled_on=\"||on\" _builder_version=\"3.10.2\u2033 custom_margin=\"-103px|||\" prev_background_color=\"#000000\u2033][et_pb_row _builder_version=\"3.0.48\u2033 background_size=\"initial\" background_position=\"top_left\" background_repeat=\"repeat\"][et_pbb_column type=\"4_4\u2033][et_pb_text _builder_version=\"3.10.2\u2033]<\/p>\n<p style=\"padding-left: 30px;\"><strong>China mucegai de injec\u021bie plastic, toolmaker, China mucegai maker, China scule, China mucegai de plastic, China fabrica de mucegai de injec\u021bie, produc\u0103tor de mucegai de injec\u021bie plastic \u00een China<\/strong><\/p>\n<p>[\/et_pb_text][et_pb_text _builder_version=\u201d3.10.2\u2033]<\/p>\n<p><strong><span style=\"color: #0c0c0c;\"><a href=\"https:\/\/www.plasticmoldco.com\/ro\/\">Acas\u0103\u00a0 \u00a0<\/a>|\u00a0 \u00a0<a href=\"https:\/\/www.plasticmoldco.com\/ro\/about-us\/\">Despre noi\u00a0<\/a> \u00a0|\u00a0 <a href=\"https:\/\/www.plasticmoldco.com\/ro\/inginerie-de-proiectare\/\">Proiectare \u0219i inginerie<\/a>\u00a0 |\u00a0 \u00a0<a href=\"https:\/\/www.plasticmoldco.com\/ro\/products\/\">Produse\u00a0\u00a0\u00a0\u00a0\u00a0<\/a>|\u00a0\u00a0\u00a0\u00a0\u00a0<a href=\"https:\/\/www.plasticmoldco.com\/ro\/stiri\/\">Nout\u0103\u021bi<\/a>\u00a0\u00a0\u00a0\u00a0\u00a0|\u00a0\u00a0\u00a0\u00a0\u00a0<a href=\"https:\/\/www.plasticmoldco.com\/ro\/asigurare-de-calitate\/\">Asigurare de calitate\u00a0<\/a>\u00a0\u00a0\u00a0\u00a0|\u00a0 \u00a0 <a href=\"https:\/\/www.plasticmoldco.com\/ro\/procedura-po\/\">Procedura PO<\/a>\u00a0 \u00a0 |\u00a0 \u00a0 <a href=\"https:\/\/www.plasticmoldco.com\/ro\/eqipament\/\">Echipamente\u00a0 \u00a0<\/a> |\u00a0 \u00a0<a href=\"https:\/\/www.plasticmoldco.com\/ro\/caz-de-design-industrial\/\">Cazul de design industrial\u00a0<\/a> \u00a0 |\u00a0 \u00a0 <a href=\"https:\/\/www.plasticmoldco.com\/ro\/harta-site-ului\/\">Harta site-ului<\/a><\/span><\/strong><\/p>\n<p>[\/et_pb_text][et_pb_text _builder_version=\u201d3.10.2\u2033]<\/p>\n<p style=\"text-align: center;\"><strong>Copyright \u00a9 2011 DONGGUAN SINCER TECH CO.LTD. | China Mold maker, China plastic turnare prin injec\u021bie, China toolmaker.<\/strong><br \/>\n<strong> Nr. de \u00eenregistrare a companiei:1626173<\/strong><\/p>\n<p>[\/et_pb_text][\/et_pb_column][\/et_pb_row][\/et_pb_section]<\/p>","protected":false},"excerpt":{"rendered":"<p>About Us-A Chinese Mold Company DONGGUAN SINCERE ETCH CO.LTD ,our factory Located in\u00a0DongGuan,\u00a0China, and established in 2003, SINCER ETECH IS specializes in various plastic molds and plastic molding manufacturing\u00a0for. automotive, home appliances, medical equipment, electronics and sporting equipment, as well as general industrial OEM applications. Our company covers an area of more than 3,800 square [&hellip;]<\/p>","protected":false},"author":1,"featured_media":0,"parent":0,"menu_order":0,"comment_status":"closed","ping_status":"closed","template":"","meta":{"_et_pb_use_builder":"on","_et_pb_old_content":"","_et_gb_content_width":"","footnotes":""},"class_list":["post-12","page","type-page","status-publish","hentry"],"yoast_head":"<!-- This site is optimized with the Yoast SEO plugin v26.4 - https:\/\/yoast.com\/wordpress\/plugins\/seo\/ -->\n<title>About Us - Plastic Mold | China Mold Maker<\/title>\n<meta name=\"robots\" content=\"index, follow, max-snippet:-1, max-image-preview:large, max-video-preview:-1\" \/>\n<link rel=\"canonical\" href=\"https:\/\/www.plasticmoldco.com\/ro\/bedrijf\/\" \/>\n<meta property=\"og:locale\" content=\"ro_RO\" \/>\n<meta property=\"og:type\" content=\"article\" \/>\n<meta property=\"og:title\" content=\"About Us - Plastic Mold | China Mold Maker\" \/>\n<meta property=\"og:description\" content=\"About Us-A Chinese Mold Company DONGGUAN SINCERE ETCH CO.LTD ,our factory Located in\u00a0DongGuan,\u00a0China, and established in 2003, SINCER ETECH IS specializes in various plastic molds and plastic molding manufacturing\u00a0for. automotive, home appliances, medical equipment, electronics and sporting equipment, as well as general industrial OEM applications. Our company covers an area of more than 3,800 square [&hellip;]\" \/>\n<meta property=\"og:url\" content=\"https:\/\/www.plasticmoldco.com\/ro\/bedrijf\/\" \/>\n<meta property=\"og:site_name\" content=\"Plastic Mold | China Mold Maker\" \/>\n<meta property=\"article:modified_time\" content=\"2019-02-15T13:45:09+00:00\" \/>\n<meta property=\"og:image\" content=\"https:\/\/web.archive.org\/web\/20140805221613im_\/http:\/\/www.moldchina.org\/wp-content\/uploads\/2011\/01\/untitled2.bmp\" \/>\n<meta name=\"twitter:card\" content=\"summary_large_image\" \/>\n<meta name=\"twitter:label1\" content=\"Timp estimat pentru citire\" \/>\n\t<meta name=\"twitter:data1\" content=\"6 minute\" \/>\n<script type=\"application\/ld+json\" class=\"yoast-schema-graph\">{\"@context\":\"https:\/\/schema.org\",\"@graph\":[{\"@type\":\"WebPage\",\"@id\":\"https:\/\/www.plasticmoldco.com\/nl\/bedrijf\/\",\"url\":\"https:\/\/www.plasticmoldco.com\/nl\/bedrijf\/\",\"name\":\"About Us - Plastic Mold | China Mold Maker\",\"isPartOf\":{\"@id\":\"https:\/\/www.plasticmoldco.com\/el\/#website\"},\"primaryImageOfPage\":{\"@id\":\"https:\/\/www.plasticmoldco.com\/nl\/bedrijf\/#primaryimage\"},\"image\":{\"@id\":\"https:\/\/www.plasticmoldco.com\/nl\/bedrijf\/#primaryimage\"},\"thumbnailUrl\":\"https:\/\/web.archive.org\/web\/20140805221613im_\/http:\/\/www.moldchina.org\/wp-content\/uploads\/2011\/01\/untitled2.bmp\",\"datePublished\":\"2018-10-14T08:59:39+00:00\",\"dateModified\":\"2019-02-15T13:45:09+00:00\",\"breadcrumb\":{\"@id\":\"https:\/\/www.plasticmoldco.com\/nl\/bedrijf\/#breadcrumb\"},\"inLanguage\":\"ro-RO\",\"potentialAction\":[{\"@type\":\"ReadAction\",\"target\":[\"https:\/\/www.plasticmoldco.com\/nl\/bedrijf\/\"]}]},{\"@type\":\"ImageObject\",\"inLanguage\":\"ro-RO\",\"@id\":\"https:\/\/www.plasticmoldco.com\/nl\/bedrijf\/#primaryimage\",\"url\":\"https:\/\/web.archive.org\/web\/20140805221613im_\/http:\/\/www.moldchina.org\/wp-content\/uploads\/2011\/01\/untitled2.bmp\",\"contentUrl\":\"https:\/\/web.archive.org\/web\/20140805221613im_\/http:\/\/www.moldchina.org\/wp-content\/uploads\/2011\/01\/untitled2.bmp\"},{\"@type\":\"BreadcrumbList\",\"@id\":\"https:\/\/www.plasticmoldco.com\/nl\/bedrijf\/#breadcrumb\",\"itemListElement\":[{\"@type\":\"ListItem\",\"position\":1,\"name\":\"Home\",\"item\":\"https:\/\/www.plasticmoldco.com\/\"},{\"@type\":\"ListItem\",\"position\":2,\"name\":\"About Us\"}]},{\"@type\":\"WebSite\",\"@id\":\"https:\/\/www.plasticmoldco.com\/el\/#website\",\"url\":\"https:\/\/www.plasticmoldco.com\/el\/\",\"name\":\"Plastic Mold | China Mold Maker\",\"description\":\"Are you looking for injection mold china? We are plastic mold maker\",\"publisher\":{\"@id\":\"https:\/\/www.plasticmoldco.com\/el\/#organization\"},\"potentialAction\":[{\"@type\":\"SearchAction\",\"target\":{\"@type\":\"EntryPoint\",\"urlTemplate\":\"https:\/\/www.plasticmoldco.com\/el\/?s={search_term_string}\"},\"query-input\":{\"@type\":\"PropertyValueSpecification\",\"valueRequired\":true,\"valueName\":\"search_term_string\"}}],\"inLanguage\":\"ro-RO\"},{\"@type\":\"Organization\",\"@id\":\"https:\/\/www.plasticmoldco.com\/el\/#organization\",\"name\":\"Plastic Mold | China Mold Maker\",\"url\":\"https:\/\/www.plasticmoldco.com\/el\/\",\"logo\":{\"@type\":\"ImageObject\",\"inLanguage\":\"ro-RO\",\"@id\":\"https:\/\/www.plasticmoldco.com\/el\/#\/schema\/logo\/image\/\",\"url\":\"https:\/\/plasticmoldco.com\/wp-content\/uploads\/2018\/10\/nlogon.png\",\"contentUrl\":\"https:\/\/plasticmoldco.com\/wp-content\/uploads\/2018\/10\/nlogon.png\",\"width\":204,\"height\":54,\"caption\":\"Plastic Mold | China Mold Maker\"},\"image\":{\"@id\":\"https:\/\/www.plasticmoldco.com\/el\/#\/schema\/logo\/image\/\"}}]}<\/script>\n<!-- \/ Yoast SEO plugin. -->","yoast_head_json":{"title":"Despre noi - Plastic Mold | China Mold Maker","robots":{"index":"index","follow":"follow","max-snippet":"max-snippet:-1","max-image-preview":"max-image-preview:large","max-video-preview":"max-video-preview:-1"},"canonical":"https:\/\/www.plasticmoldco.com\/ro\/bedrijf\/","og_locale":"ro_RO","og_type":"article","og_title":"About Us - Plastic Mold | China Mold Maker","og_description":"About Us-A Chinese Mold Company DONGGUAN SINCERE ETCH CO.LTD ,our factory Located in\u00a0DongGuan,\u00a0China, and established in 2003, SINCER ETECH IS specializes in various plastic molds and plastic molding manufacturing\u00a0for. automotive, home appliances, medical equipment, electronics and sporting equipment, as well as general industrial OEM applications. Our company covers an area of more than 3,800 square [&hellip;]","og_url":"https:\/\/www.plasticmoldco.com\/ro\/bedrijf\/","og_site_name":"Plastic Mold | China Mold Maker","article_modified_time":"2019-02-15T13:45:09+00:00","og_image":[{"url":"https:\/\/web.archive.org\/web\/20140805221613im_\/http:\/\/www.moldchina.org\/wp-content\/uploads\/2011\/01\/untitled2.bmp","type":"","width":"","height":""}],"twitter_card":"summary_large_image","twitter_misc":{"Timp estimat pentru citire":"6 minute"},"schema":{"@context":"https:\/\/schema.org","@graph":[{"@type":"WebPage","@id":"https:\/\/www.plasticmoldco.com\/nl\/bedrijf\/","url":"https:\/\/www.plasticmoldco.com\/nl\/bedrijf\/","name":"Despre noi - Plastic Mold | China Mold Maker","isPartOf":{"@id":"https:\/\/www.plasticmoldco.com\/el\/#website"},"primaryImageOfPage":{"@id":"https:\/\/www.plasticmoldco.com\/nl\/bedrijf\/#primaryimage"},"image":{"@id":"https:\/\/www.plasticmoldco.com\/nl\/bedrijf\/#primaryimage"},"thumbnailUrl":"https:\/\/web.archive.org\/web\/20140805221613im_\/http:\/\/www.moldchina.org\/wp-content\/uploads\/2011\/01\/untitled2.bmp","datePublished":"2018-10-14T08:59:39+00:00","dateModified":"2019-02-15T13:45:09+00:00","breadcrumb":{"@id":"https:\/\/www.plasticmoldco.com\/nl\/bedrijf\/#breadcrumb"},"inLanguage":"ro-RO","potentialAction":[{"@type":"ReadAction","target":["https:\/\/www.plasticmoldco.com\/nl\/bedrijf\/"]}]},{"@type":"ImageObject","inLanguage":"ro-RO","@id":"https:\/\/www.plasticmoldco.com\/nl\/bedrijf\/#primaryimage","url":"https:\/\/web.archive.org\/web\/20140805221613im_\/http:\/\/www.moldchina.org\/wp-content\/uploads\/2011\/01\/untitled2.bmp","contentUrl":"https:\/\/web.archive.org\/web\/20140805221613im_\/http:\/\/www.moldchina.org\/wp-content\/uploads\/2011\/01\/untitled2.bmp"},{"@type":"BreadcrumbList","@id":"https:\/\/www.plasticmoldco.com\/nl\/bedrijf\/#breadcrumb","itemListElement":[{"@type":"ListItem","position":1,"name":"Home","item":"https:\/\/www.plasticmoldco.com\/"},{"@type":"ListItem","position":2,"name":"About Us"}]},{"@type":"WebSite","@id":"https:\/\/www.plasticmoldco.com\/el\/#website","url":"https:\/\/www.plasticmoldco.com\/el\/","name":"Plastic Mold | China Mold Maker","description":"Sunte\u021bi \u00een c\u0103utarea pentru injec\u021bie mucegai china? Suntem produc\u0103tor de matri\u021be din plastic","publisher":{"@id":"https:\/\/www.plasticmoldco.com\/el\/#organization"},"potentialAction":[{"@type":"SearchAction","target":{"@type":"EntryPoint","urlTemplate":"https:\/\/www.plasticmoldco.com\/el\/?s={search_term_string}"},"query-input":{"@type":"PropertyValueSpecification","valueRequired":true,"valueName":"search_term_string"}}],"inLanguage":"ro-RO"},{"@type":"Organization","@id":"https:\/\/www.plasticmoldco.com\/el\/#organization","name":"Plastic Mold | China Mold Maker","url":"https:\/\/www.plasticmoldco.com\/el\/","logo":{"@type":"ImageObject","inLanguage":"ro-RO","@id":"https:\/\/www.plasticmoldco.com\/el\/#\/schema\/logo\/image\/","url":"https:\/\/plasticmoldco.com\/wp-content\/uploads\/2018\/10\/nlogon.png","contentUrl":"https:\/\/plasticmoldco.com\/wp-content\/uploads\/2018\/10\/nlogon.png","width":204,"height":54,"caption":"Plastic Mold | China Mold Maker"},"image":{"@id":"https:\/\/www.plasticmoldco.com\/el\/#\/schema\/logo\/image\/"}}]}},"_links":{"self":[{"href":"https:\/\/www.plasticmoldco.com\/ro\/wp-json\/wp\/v2\/pages\/12","targetHints":{"allow":["GET"]}}],"collection":[{"href":"https:\/\/www.plasticmoldco.com\/ro\/wp-json\/wp\/v2\/pages"}],"about":[{"href":"https:\/\/www.plasticmoldco.com\/ro\/wp-json\/wp\/v2\/types\/page"}],"author":[{"embeddable":true,"href":"https:\/\/www.plasticmoldco.com\/ro\/wp-json\/wp\/v2\/users\/1"}],"replies":[{"embeddable":true,"href":"https:\/\/www.plasticmoldco.com\/ro\/wp-json\/wp\/v2\/comments?post=12"}],"version-history":[{"count":0,"href":"https:\/\/www.plasticmoldco.com\/ro\/wp-json\/wp\/v2\/pages\/12\/revisions"}],"wp:attachment":[{"href":"https:\/\/www.plasticmoldco.com\/ro\/wp-json\/wp\/v2\/media?parent=12"}],"curies":[{"name":"wp","href":"https:\/\/api.w.org\/{rel}","templated":true}]}}