{"id":851,"date":"2018-10-18T14:50:39","date_gmt":"2018-10-18T06:50:39","guid":{"rendered":"https:\/\/plasticmoldco.com\/?page_id=851"},"modified":"2018-10-18T14:50:39","modified_gmt":"2018-10-18T06:50:39","slug":"china-office-appliance-parts","status":"publish","type":"page","link":"https:\/\/www.plasticmoldco.com\/pt\/pecas-de-aparelhos-de-escritorio-da-china\/","title":{"rendered":"pe\u00e7as de aparelhos de escrit\u00f3rio da china"},"content":{"rendered":"<p>[et_pb_section bb_built=\"1\u2033 disabled_on=\"on|on|\" _builder_version=\"3.10.2\u2033 custom_padding=\"0|0px|0|0px|false|false\" next_background_color=\"#000000\u2033][et_pb_row custom_padding=\"18px|0px|0|0px|0px|false|false\" _builder_version=\"3.0.48\u2033 background_size=\"initial\" background_position=\"top_left\" background_repeat=\"repeat\"][et_pb_column type=\"4_4\u2033][et_pb_text _builder_version=\"3.10.2\u2033 custom_margin=\"0px|-120px|16px|-100px\"]<\/p>\n<p><img loading=\"lazy\" decoding=\"async\" class=\"wp-image-213 alignnone size-medium\" src=\"https:\/\/plasticmoldco.com\/wp-content\/uploads\/2018\/10\/new.n-300x18.jpg\" alt=\"\" width=\"1266\" height=\"76\" srcset=\"https:\/\/www.plasticmoldco.com\/wp-content\/uploads\/2018\/10\/new.n-300x18.jpg 300w, https:\/\/www.plasticmoldco.com\/wp-content\/uploads\/2018\/10\/new.n-768x45.jpg 768w, https:\/\/www.plasticmoldco.com\/wp-content\/uploads\/2018\/10\/new.n-1024x60.jpg 1024w\" sizes=\"(max-width: 1266px) 100vw, 1266px\" \/><\/p>\n<p>[\/et_pb_text][\/et_pb_column][\/et_pb_row][\/et_pb_section][et_pb_section bb_built=\"1\u2033 disabled_on=\"||on\" _builder_version=\"3.10.2\u2033 custom_padding=\"22px|0px|0|0px|false|false\" prev_background_color=\"#000000\u2033 next_background_color=\"#000000\u2033][et_pb_row custom_padding=\"0|0px|12px|0px|false|false\" _builder_version=\"3.0.48\u2033 background_size=\"initial\" background_position=\"top_left\" background_repeat=\"repeat\"][et_pb_column type=\"4_4\u2033][et_pb_text _builder_version=\"3.10.2\u2033]<\/p>\n<p><img loading=\"lazy\" decoding=\"async\" class=\"wp-image-213 alignnone size-medium\" src=\"https:\/\/plasticmoldco.com\/wp-content\/uploads\/2018\/10\/new.n-300x18.jpg\" alt=\"\" width=\"1266\" height=\"76\" srcset=\"https:\/\/www.plasticmoldco.com\/wp-content\/uploads\/2018\/10\/new.n-300x18.jpg 300w, https:\/\/www.plasticmoldco.com\/wp-content\/uploads\/2018\/10\/new.n-768x45.jpg 768w, https:\/\/www.plasticmoldco.com\/wp-content\/uploads\/2018\/10\/new.n-1024x60.jpg 1024w\" sizes=\"(max-width: 1266px) 100vw, 1266px\" \/><\/p>\n<p>[\/et_pb_text][\/et_pb_column][\/et_pb_row][\/et_pb_section][et_pb_section bb_built=\"1\u2033 disabled_on=\"on|on|\" _builder_version=\"3.10.2\u2033 custom_padding=\"0|0px|54px|0px|false|false\" prev_background_color=\"#000000\u2033 next_background_color=\"#000000\u2033][et_pb_row custom_padding=\"0|0px|0|0px|false|false\" _builder_version=\"3.0.48\u2033 background_size=\"initial\" background_position=\"top_left\" background_repeat=\"repeat\"][et_pb_column type=\"3_4\u2033][et_pb_text _builder_version=\"3.10.2\u2033 border_width_all=\"3px\" border_color_all=\"#e5e5e5\u2033 custom_margin=\"15px|-90px|||-86px\" custom_padding=\"10px|10px|10px|10px\"]<\/p>\n<div id=\"titlep\">\n<div id=\"titlep\">\n<div id=\"titlep\">\n<div id=\"titlep\">\n<div>\n<h2>pe\u00e7as de aparelhos de escrit\u00f3rio da china<\/h2>\n<\/div>\n<\/div>\n<div id=\"mge\"><\/div>\n<p><img loading=\"lazy\" decoding=\"async\" class=\"alignnone size-full wp-image-564\" title=\"molde de pe\u00e7as de aparelhos de escrit\u00f3rio da China\" src=\"https:\/\/web.archive.org\/web\/20131026061117im_\/http:\/\/www.moldchina.org\/wp-content\/uploads\/2011\/02\/p4.jpg\" alt=\"\" width=\"558\" height=\"405\" \/><\/p>\n<p>Sempre fornecemos moldes de inje\u00e7\u00e3o de precis\u00e3o para aparelhos de escrit\u00f3rio:<br \/>\n1. pre\u00e7o baixo.<br \/>\n2. processamento de precis\u00e3o do fabricante.<br \/>\n3. fornecer projeto 3D e desenho 2D, relat\u00f3rio de programa\u00e7\u00e3o para o processo de produ\u00e7\u00e3o de moldes semanalmente.<\/p>\n<div id=\"richTextDescription\">\n<p>Molde de inje\u00e7\u00e3o de precis\u00e3o para aparelhos de escrit\u00f3rio:<br \/>\n1. podemos construir o molde e tamb\u00e9m produzir as pe\u00e7as em nossa pr\u00f3pria f\u00e1brica<br \/>\n2. Nossos clientes para moldes de aplicativos de escrit\u00f3rio incluem: CASIO, BROTHER, HP, etc.<br \/>\n3. Material do molde: CAV.CORE:SKD61,2343,2767(HRC 52) ou de acordo com as especifica\u00e7\u00f5es do cliente<br \/>\n4. A vida \u00fatil do molde \u00e9 de 1.000.000 -3.000.000.000.000.<br \/>\n5. A toler\u00e2ncia do produto \u00e9 de aproximadamente: 0,01-0,02 mm.<\/p>\n<\/div>\n<\/div>\n<\/div>\n<\/div>\n<p>[\/et_pb_text][\/et_pb_column][et_pb_column type=\"1_4\u2033][et_pb_sidebar _builder_version=\"3.10.2\u2033 area=\"sidebar-1\u2033 custom_margin=\"15px|-94px||40px\" custom_padding=\"10px|10px|10px|10px\" border_width_all=\"2px\" border_color_all=\"#d3d3d3\u2033 \/][\/et_pb_column][\/et_pb_row][\/et_pb_section][et_pb_section bb_built=\"1\u2033 disabled_on=\"||on\" _builder_version=\"3.10.2\u2033 custom_padding=\"0|0px|54px|0px|false|false\" prev_background_color=\"#000000\u2033 next_background_color=\"#000000\u2033][et_pb_row custom_padding=\"0|0px|0|0px|false|false\" _builder_version=\"3.0.48\u2033 background_size=\"initial\" background_position=\"top_left\" background_repeat=\"repeat\"][et_pb_column type=\"4_4\u2033][et_pb_text _builder_version=\"3.10.2\u2033 border_width_all=\"3px\" border_color_all=\"#e5e5e5\u2033]<\/p>\n<div id=\"titlep\">\n<div id=\"titlep\">\n<div id=\"titlep\">\n<div id=\"titlep\">\n<div id=\"titlep\">\n<div id=\"titlep\">\n<div>\n<h2>pe\u00e7as de aparelhos de escrit\u00f3rio da china<\/h2>\n<\/div>\n<\/div>\n<div id=\"mge\"><\/div>\n<p><img loading=\"lazy\" decoding=\"async\" class=\"alignnone size-full wp-image-564\" title=\"molde de pe\u00e7as de aparelhos de escrit\u00f3rio da China\" src=\"https:\/\/web.archive.org\/web\/20131026061117im_\/http:\/\/www.moldchina.org\/wp-content\/uploads\/2011\/02\/p4.jpg\" alt=\"\" width=\"558\" height=\"405\" \/><\/p>\n<p>Sempre fornecemos moldes de inje\u00e7\u00e3o de precis\u00e3o para aparelhos de escrit\u00f3rio:<br \/>\n1. pre\u00e7o baixo.<br \/>\n2. processamento de precis\u00e3o do fabricante.<br \/>\n3. fornecer projeto 3D e desenho 2D, relat\u00f3rio de programa\u00e7\u00e3o para o processo de produ\u00e7\u00e3o de moldes semanalmente.<\/p>\n<div id=\"richTextDescription\">\n<p>Molde de inje\u00e7\u00e3o de precis\u00e3o para aparelhos de escrit\u00f3rio:<br \/>\n1. podemos construir o molde e tamb\u00e9m produzir as pe\u00e7as em nossa pr\u00f3pria f\u00e1brica<br \/>\n2. Nossos clientes para moldes de aplicativos de escrit\u00f3rio incluem: CASIO, BROTHER, HP, etc.<br \/>\n3. Material do molde: CAV.CORE:SKD61,2343,2767(HRC 52) ou de acordo com as especifica\u00e7\u00f5es do cliente<br \/>\n4. A vida \u00fatil do molde \u00e9 de 1.000.000 -3.000.000.000.000.<br \/>\n5. A toler\u00e2ncia do produto \u00e9 de aproximadamente: 0,01-0,02 mm.<\/p>\n<\/div>\n<\/div>\n<\/div>\n<\/div>\n<\/div>\n<\/div>\n<p>[\/et_pb_text][et_pb_text _builder_version=\"3.10.2\u2033 text_font_size=\"13px\" header_font=\"|700|||||||\" border_width_all=\"2px\" border_color_all=\"#bcbcbc\" inline_fonts=\"Arial\"]<\/p>\n<h4><img loading=\"lazy\" decoding=\"async\" class=\"wp-image-111 alignnone\" src=\"https:\/\/plasticmoldco.com\/wp-content\/uploads\/2018\/10\/sss.png\" alt=\"\" width=\"16\" height=\"13\" \/><strong>Produto de molde<\/strong><\/h4>\n<hr \/>\n<p>\u2192 <span style=\"font-size: medium;\"><strong><span style=\"color: #000000;\"><a style=\"color: #000000;\" href=\"https:\/\/www.plasticmoldco.com\/pt\/molde\/\">MOLDE<\/a><\/span><\/strong><\/span><br \/>\n<span style=\"font-size: medium;\"><strong><span style=\"color: #000000;\"> \u2192 <a style=\"color: #000000;\" href=\"https:\/\/www.plasticmoldco.com\/pt\/pecas-de-prototipos\/\">Pe\u00e7as de prot\u00f3tipo<\/a><\/span><\/strong><\/span><br \/>\n<span style=\"font-size: medium;\"><strong><span style=\"color: #000000;\"> \u2192 <a style=\"color: #000000;\" href=\"https:\/\/www.plasticmoldco.com\/pt\/peca-plastica\/\">Pe\u00e7a pl\u00e1stica<\/a><\/span><\/strong><\/span><br \/>\n<span style=\"font-size: medium;\"><strong><span style=\"color: #000000;\"> \u2192 <a style=\"color: #000000;\" href=\"https:\/\/www.plasticmoldco.com\/pt\/pecas-de-borracha-de-silicone\/\">pe\u00e7as de silicone e borracha<\/a><\/span><\/strong><\/span><\/p>\n<p><span style=\"font-size: medium;\"><strong><span style=\"color: #000000;\">Entre em contato conosco<\/span><\/strong><\/span><\/p>\n<hr \/>\n<p><strong><span style=\"color: #000000;\">DONGGUAN SINCERE TECH CO.LTD<\/span><\/strong><br \/>\n<strong><span style=\"color: #000000;\"> ENDERE\u00c7O DA F\u00c1BRICA: YUANXIA LU, YUANJIANG YUANG, CIDADE DE CHANGPING, CIDADE DE DONNGUAN, PROV\u00cdNCIA DE GUANGDONG, CHINA 523000<\/span><\/strong><\/p>\n<p><strong><span style=\"color: #000000;\">TEL: +86 (0)769 3366 9997<\/span><\/strong><br \/>\n<strong><span style=\"color: #000000;\"> FAX: +86 (0)769 3366 9997<\/span><\/strong><\/p>\n<p><strong><span style=\"color: #000000;\">EMAIL: <a href=\"mailto:INFO@sinceretetechs.com\">INFO@sinceretetechs.com<\/a><\/span><\/strong><\/p>\n<ul>\n<li id=\"tag_cloud-3\" class=\"widget-container widget_tag_cloud\">\n<h3 class=\"widget-title\"><strong>Pesquisa popular<\/strong><\/h3>\n<hr \/>\n<div class=\"tagcloud\"><strong>China Die Casting empresa de moldes de inje\u00e7\u00e3o da China f\u00e1brica de moldes de inje\u00e7\u00e3o da China moldagem por inje\u00e7\u00e3o da China fabricante de moldes de inje\u00e7\u00e3o da China molde de inje\u00e7\u00e3o da China empresa de moldes de inje\u00e7\u00e3o da China f\u00e1brica de moldes da China fabricante de moldes da China fornecedor de moldes da China molde da China fabricante de moldes da China fornecedores de moldes da China pl\u00e1stico mold companychina silicone china silicone rubberchina tooling maker China toolmaker in china injection mold Injection Molded Plastics Injection molding injection molding china injection molding chineseplastic injection molding plastic mould china Prototype parts silicone chinasilicone rubber tool mold making china<\/strong><\/div>\n<\/li>\n<\/ul>\n<p><img decoding=\"async\" style=\"font-size: 13px; background-color: #ffffff; text-align: -webkit-center; display: block; margin-left: auto; margin-right: auto;\" src=\"https:\/\/web.archive.org\/web\/20140728234454im_\/http:\/\/www.moldchina.org\/wp-content\/themes\/9C008\/images\/iso.jpg\" \/><\/p>\n<p>[\/et_pb_text][\/et_pb_column][\/et_pb_row][\/et_pb_section][et_pb_section bb_built=\"1\u2033 disabled_on=\"on|on|\" _builder_version=\u201d3.10.2\u2033 custom_margin=\u201d-103px|||\u201d prev_background_color=\u201d#000000\u2033 next_background_color=\u201d#000000\u2033][et_pb_row _builder_version=\u201d3.0.48\u2033 background_size=\"initial\" background_position=\"top_left\" background_repeat=\"repeat\"][et_pb_column type=\"4_4\u2033][et_pb_text _builder_version=\"3.10.2\u2033 custom_margin=\"|-62px|||-84px\"]<\/p>\n<p style=\"padding-left: 30px;\"><strong>Molde de inje\u00e7\u00e3o de pl\u00e1stico da China, fabricante de ferramentas, fabricante de moldes da China, ferramentas da China, molde de pl\u00e1stico da China, f\u00e1brica de moldes de inje\u00e7\u00e3o da China, fabricante de moldes de inje\u00e7\u00e3o de pl\u00e1stico na China<\/strong><\/p>\n<p>[\/et_pb_text][et_pb_text _builder_version=\u201d3.10.2\u2033 custom_margin=\u201d-15px|-50px||-50px\u201d]<\/p>\n<p><strong><span style=\"color: #0c0c0c;\"><a href=\"https:\/\/www.plasticmoldco.com\/pt\/\">In\u00edcio\u00a0 \u00a0<\/a>|\u00a0 \u00a0<a href=\"https:\/\/www.plasticmoldco.com\/pt\/about-us\/\">Sobre n\u00f3s\u00a0<\/a> \u00a0|\u00a0 <a href=\"https:\/\/www.plasticmoldco.com\/pt\/engenharia-de-projeto\/\">Design e engenharia<\/a>\u00a0 |\u00a0 \u00a0<a href=\"https:\/\/www.plasticmoldco.com\/pt\/products\/\">Produtos\u00a0\u00a0\u00a0\u00a0\u00a0<\/a>|\u00a0\u00a0\u00a0\u00a0\u00a0<a href=\"https:\/\/www.plasticmoldco.com\/pt\/noticias\/\">Not\u00edcias<\/a>\u00a0\u00a0\u00a0\u00a0\u00a0|\u00a0\u00a0\u00a0\u00a0\u00a0<a href=\"https:\/\/www.plasticmoldco.com\/pt\/seguro-de-qualidade\/\">Seguro de qualidade\u00a0<\/a>\u00a0\u00a0\u00a0\u00a0|\u00a0 \u00a0 <a href=\"https:\/\/www.plasticmoldco.com\/pt\/procedimento-de-po\/\">Procedimento de OP<\/a>\u00a0 \u00a0 |\u00a0 \u00a0 <a href=\"https:\/\/www.plasticmoldco.com\/pt\/equipamento\/\">Equipamentos\u00a0 \u00a0<\/a> |\u00a0 \u00a0<a href=\"https:\/\/www.plasticmoldco.com\/pt\/caso-de-design-industrial\/\">Caso de design industrial\u00a0<\/a> \u00a0 |\u00a0 \u00a0 <a href=\"https:\/\/www.plasticmoldco.com\/pt\/mapa-do-site\/\">Mapa do site<\/a><\/span><\/strong><\/p>\n<p>[\/et_pb_text][et_pb_text _builder_version=\"3.10.2\u2033 custom_margin=\"-15px||||\"]<\/p>\n<p style=\"text-align: center;\"><strong>Direitos autorais \u00a9 2011 DONGGUAN SINCER TECH CO.LTD. | Fabricante de moldes na China, moldagem por inje\u00e7\u00e3o de pl\u00e1stico na China, fabricante de ferramentas na China.<\/strong><br \/>\n<strong> N\u00ba de registro da empresa: 1626173<\/strong><\/p>\n<p>[\/et_pb_text][\/et_pb_column][\/et_pb_row][\/et_pb_section][et_pb_section bb_built=\"1\u2033 disabled_on=\"||on\" _builder_version=\"3.10.2\u2033 custom_margin=\"-103px||||\" prev_background_color=\"#000000\u2033][et_pb_row _builder_version=\"3.0.48\u2033 background_size=\"initial\" background_position=\"top_left\" background_repeat=\"repeat\"][et_pb_column type=\"4_4\u2033][et_pb_text _builder_version=\"3.10.2\u2033]<\/p>\n<p style=\"padding-left: 30px;\"><strong>Molde de inje\u00e7\u00e3o de pl\u00e1stico da China, fabricante de ferramentas, fabricante de moldes da China, ferramentas da China, molde de pl\u00e1stico da China, f\u00e1brica de moldes de inje\u00e7\u00e3o da China, fabricante de moldes de inje\u00e7\u00e3o de pl\u00e1stico na China<\/strong><\/p>\n<p>[\/et_pb_text][et_pb_text _builder_version=\u201d3.10.2\u2033]<\/p>\n<p><strong><span style=\"color: #0c0c0c;\"><a href=\"https:\/\/www.plasticmoldco.com\/pt\/\">In\u00edcio\u00a0 \u00a0<\/a>|\u00a0 \u00a0<a href=\"https:\/\/www.plasticmoldco.com\/pt\/about-us\/\">Sobre n\u00f3s\u00a0<\/a> \u00a0|\u00a0 <a href=\"https:\/\/www.plasticmoldco.com\/pt\/engenharia-de-projeto\/\">Design e engenharia<\/a>\u00a0 |\u00a0 \u00a0<a href=\"https:\/\/www.plasticmoldco.com\/pt\/products\/\">Produtos\u00a0\u00a0\u00a0\u00a0\u00a0<\/a>|\u00a0\u00a0\u00a0\u00a0\u00a0<a href=\"https:\/\/www.plasticmoldco.com\/pt\/noticias\/\">Not\u00edcias<\/a>\u00a0\u00a0\u00a0\u00a0\u00a0|\u00a0\u00a0\u00a0\u00a0\u00a0<a href=\"https:\/\/www.plasticmoldco.com\/pt\/seguro-de-qualidade\/\">Seguro de qualidade\u00a0<\/a>\u00a0\u00a0\u00a0\u00a0|\u00a0 \u00a0 <a href=\"https:\/\/www.plasticmoldco.com\/pt\/procedimento-de-po\/\">Procedimento de OP<\/a>\u00a0 \u00a0 |\u00a0 \u00a0 <a href=\"https:\/\/www.plasticmoldco.com\/pt\/equipamento\/\">Equipamentos\u00a0 \u00a0<\/a> |\u00a0 \u00a0<a href=\"https:\/\/www.plasticmoldco.com\/pt\/caso-de-design-industrial\/\">Caso de design industrial\u00a0<\/a> \u00a0 |\u00a0 \u00a0 <a href=\"https:\/\/www.plasticmoldco.com\/pt\/mapa-do-site\/\">Mapa do site<\/a><\/span><\/strong><\/p>\n<p>[\/et_pb_text][et_pb_text _builder_version=\u201d3.10.2\u2033]<\/p>\n<p style=\"text-align: center;\"><strong>Direitos autorais \u00a9 2011 DONGGUAN SINCER TECH CO.LTD. | Fabricante de moldes na China, moldagem por inje\u00e7\u00e3o de pl\u00e1stico na China, fabricante de ferramentas na China.<\/strong><br \/>\n<strong> N\u00ba de registro da empresa: 1626173<\/strong><\/p>\n<p>[\/et_pb_text][\/et_pb_column][\/et_pb_row][\/et_pb_section]<\/p>","protected":false},"excerpt":{"rendered":"<p>pe\u00e7as de aparelhos de escrit\u00f3rio da china, sempre fornecemos molde de inje\u00e7\u00e3o de precis\u00e3o para aparelhos de escrit\u00f3rio: 1. pre\u00e7o baixo. 2. processamento de precis\u00e3o do fabricante. 3. fornecer projeto 3D e desenho 2d, relat\u00f3rio de programa\u00e7\u00e3o para o processo de produ\u00e7\u00e3o do molde semanalmente. Molde de inje\u00e7\u00e3o de precis\u00e3o para aparelhos de escrit\u00f3rio: 1. podemos construir o molde e tamb\u00e9m produzir as pe\u00e7as em nossa pr\u00f3pria f\u00e1brica 2. nossos clientes para [...]<\/p>","protected":false},"author":1,"featured_media":0,"parent":0,"menu_order":0,"comment_status":"closed","ping_status":"closed","template":"","meta":{"_et_pb_use_builder":"on","_et_pb_old_content":"","_et_gb_content_width":"","footnotes":""},"class_list":["post-851","page","type-page","status-publish","hentry"],"yoast_head":"<!-- This site is optimized with the Yoast SEO plugin v26.4 - https:\/\/yoast.com\/wordpress\/plugins\/seo\/ -->\n<title>china office appliance parts - Plastic Mold | China Mold Maker<\/title>\n<meta name=\"robots\" content=\"index, follow, max-snippet:-1, max-image-preview:large, max-video-preview:-1\" \/>\n<link rel=\"canonical\" href=\"https:\/\/www.plasticmoldco.com\/pt\/pecas-de-aparelhos-de-escritorio-da-china\/\" \/>\n<meta property=\"og:locale\" content=\"pt_BR\" \/>\n<meta property=\"og:type\" content=\"article\" \/>\n<meta property=\"og:title\" content=\"china office appliance parts - Plastic Mold | China Mold Maker\" \/>\n<meta property=\"og:description\" content=\"china office appliance parts we always provided precision injection Mould for Office Appliance: 1.Low price. 2.Precision manufacturer processing. 3.Provide 3D design&amp; 2d drawing, Schedule report for the mold production process weekly. Precision Injection Mould for Office Appliance: 1. we can build the mold and also produce the parts in our own factory 2.our Customers for [&hellip;]\" \/>\n<meta property=\"og:url\" content=\"https:\/\/www.plasticmoldco.com\/pt\/pecas-de-aparelhos-de-escritorio-da-china\/\" \/>\n<meta property=\"og:site_name\" content=\"Plastic Mold | China Mold Maker\" \/>\n<meta property=\"og:image\" content=\"https:\/\/plasticmoldco.com\/wp-content\/uploads\/2018\/10\/new.n-300x18.jpg\" \/>\n<meta name=\"twitter:card\" content=\"summary_large_image\" \/>\n<meta name=\"twitter:label1\" content=\"Est. tempo de leitura\" \/>\n\t<meta name=\"twitter:data1\" content=\"5 minutos\" \/>\n<script type=\"application\/ld+json\" class=\"yoast-schema-graph\">{\"@context\":\"https:\/\/schema.org\",\"@graph\":[{\"@type\":\"WebPage\",\"@id\":\"https:\/\/www.plasticmoldco.com\/china-office-appliance-parts\/\",\"url\":\"https:\/\/www.plasticmoldco.com\/china-office-appliance-parts\/\",\"name\":\"china office appliance parts - Plastic Mold | China Mold Maker\",\"isPartOf\":{\"@id\":\"https:\/\/www.plasticmoldco.com\/el\/#website\"},\"primaryImageOfPage\":{\"@id\":\"https:\/\/www.plasticmoldco.com\/china-office-appliance-parts\/#primaryimage\"},\"image\":{\"@id\":\"https:\/\/www.plasticmoldco.com\/china-office-appliance-parts\/#primaryimage\"},\"thumbnailUrl\":\"https:\/\/plasticmoldco.com\/wp-content\/uploads\/2018\/10\/new.n-300x18.jpg\",\"datePublished\":\"2018-10-18T06:50:39+00:00\",\"breadcrumb\":{\"@id\":\"https:\/\/www.plasticmoldco.com\/china-office-appliance-parts\/#breadcrumb\"},\"inLanguage\":\"pt-BR\",\"potentialAction\":[{\"@type\":\"ReadAction\",\"target\":[\"https:\/\/www.plasticmoldco.com\/china-office-appliance-parts\/\"]}]},{\"@type\":\"ImageObject\",\"inLanguage\":\"pt-BR\",\"@id\":\"https:\/\/www.plasticmoldco.com\/china-office-appliance-parts\/#primaryimage\",\"url\":\"https:\/\/plasticmoldco.com\/wp-content\/uploads\/2018\/10\/new.n-300x18.jpg\",\"contentUrl\":\"https:\/\/plasticmoldco.com\/wp-content\/uploads\/2018\/10\/new.n-300x18.jpg\"},{\"@type\":\"BreadcrumbList\",\"@id\":\"https:\/\/www.plasticmoldco.com\/china-office-appliance-parts\/#breadcrumb\",\"itemListElement\":[{\"@type\":\"ListItem\",\"position\":1,\"name\":\"Home\",\"item\":\"https:\/\/www.plasticmoldco.com\/\"},{\"@type\":\"ListItem\",\"position\":2,\"name\":\"china office appliance parts\"}]},{\"@type\":\"WebSite\",\"@id\":\"https:\/\/www.plasticmoldco.com\/el\/#website\",\"url\":\"https:\/\/www.plasticmoldco.com\/el\/\",\"name\":\"Plastic Mold | China Mold Maker\",\"description\":\"Are you looking for injection mold china? We are plastic mold maker\",\"publisher\":{\"@id\":\"https:\/\/www.plasticmoldco.com\/el\/#organization\"},\"potentialAction\":[{\"@type\":\"SearchAction\",\"target\":{\"@type\":\"EntryPoint\",\"urlTemplate\":\"https:\/\/www.plasticmoldco.com\/el\/?s={search_term_string}\"},\"query-input\":{\"@type\":\"PropertyValueSpecification\",\"valueRequired\":true,\"valueName\":\"search_term_string\"}}],\"inLanguage\":\"pt-BR\"},{\"@type\":\"Organization\",\"@id\":\"https:\/\/www.plasticmoldco.com\/el\/#organization\",\"name\":\"Plastic Mold | China Mold Maker\",\"url\":\"https:\/\/www.plasticmoldco.com\/el\/\",\"logo\":{\"@type\":\"ImageObject\",\"inLanguage\":\"pt-BR\",\"@id\":\"https:\/\/www.plasticmoldco.com\/el\/#\/schema\/logo\/image\/\",\"url\":\"https:\/\/plasticmoldco.com\/wp-content\/uploads\/2018\/10\/nlogon.png\",\"contentUrl\":\"https:\/\/plasticmoldco.com\/wp-content\/uploads\/2018\/10\/nlogon.png\",\"width\":204,\"height\":54,\"caption\":\"Plastic Mold | China Mold Maker\"},\"image\":{\"@id\":\"https:\/\/www.plasticmoldco.com\/el\/#\/schema\/logo\/image\/\"}}]}<\/script>\n<!-- \/ Yoast SEO plugin. -->","yoast_head_json":{"title":"pe\u00e7as de eletrodom\u00e9sticos para escrit\u00f3rio na china - Moldes para pl\u00e1sticos - Fabricante de moldes na China","robots":{"index":"index","follow":"follow","max-snippet":"max-snippet:-1","max-image-preview":"max-image-preview:large","max-video-preview":"max-video-preview:-1"},"canonical":"https:\/\/www.plasticmoldco.com\/pt\/pecas-de-aparelhos-de-escritorio-da-china\/","og_locale":"pt_BR","og_type":"article","og_title":"china office appliance parts - Plastic Mold | China Mold Maker","og_description":"china office appliance parts we always provided precision injection Mould for Office Appliance: 1.Low price. 2.Precision manufacturer processing. 3.Provide 3D design&amp; 2d drawing, Schedule report for the mold production process weekly. Precision Injection Mould for Office Appliance: 1. we can build the mold and also produce the parts in our own factory 2.our Customers for [&hellip;]","og_url":"https:\/\/www.plasticmoldco.com\/pt\/pecas-de-aparelhos-de-escritorio-da-china\/","og_site_name":"Plastic Mold | China Mold Maker","og_image":[{"url":"https:\/\/plasticmoldco.com\/wp-content\/uploads\/2018\/10\/new.n-300x18.jpg","type":"","width":"","height":""}],"twitter_card":"summary_large_image","twitter_misc":{"Est. tempo de leitura":"5 minutos"},"schema":{"@context":"https:\/\/schema.org","@graph":[{"@type":"WebPage","@id":"https:\/\/www.plasticmoldco.com\/china-office-appliance-parts\/","url":"https:\/\/www.plasticmoldco.com\/china-office-appliance-parts\/","name":"pe\u00e7as de eletrodom\u00e9sticos para escrit\u00f3rio na china - Moldes para pl\u00e1sticos - Fabricante de moldes na China","isPartOf":{"@id":"https:\/\/www.plasticmoldco.com\/el\/#website"},"primaryImageOfPage":{"@id":"https:\/\/www.plasticmoldco.com\/china-office-appliance-parts\/#primaryimage"},"image":{"@id":"https:\/\/www.plasticmoldco.com\/china-office-appliance-parts\/#primaryimage"},"thumbnailUrl":"https:\/\/plasticmoldco.com\/wp-content\/uploads\/2018\/10\/new.n-300x18.jpg","datePublished":"2018-10-18T06:50:39+00:00","breadcrumb":{"@id":"https:\/\/www.plasticmoldco.com\/china-office-appliance-parts\/#breadcrumb"},"inLanguage":"pt-BR","potentialAction":[{"@type":"ReadAction","target":["https:\/\/www.plasticmoldco.com\/china-office-appliance-parts\/"]}]},{"@type":"ImageObject","inLanguage":"pt-BR","@id":"https:\/\/www.plasticmoldco.com\/china-office-appliance-parts\/#primaryimage","url":"https:\/\/plasticmoldco.com\/wp-content\/uploads\/2018\/10\/new.n-300x18.jpg","contentUrl":"https:\/\/plasticmoldco.com\/wp-content\/uploads\/2018\/10\/new.n-300x18.jpg"},{"@type":"BreadcrumbList","@id":"https:\/\/www.plasticmoldco.com\/china-office-appliance-parts\/#breadcrumb","itemListElement":[{"@type":"ListItem","position":1,"name":"Home","item":"https:\/\/www.plasticmoldco.com\/"},{"@type":"ListItem","position":2,"name":"china office appliance parts"}]},{"@type":"WebSite","@id":"https:\/\/www.plasticmoldco.com\/el\/#website","url":"https:\/\/www.plasticmoldco.com\/el\/","name":"Moldes de pl\u00e1stico - Fabricante de moldes na China","description":"Voc\u00ea est\u00e1 procurando um molde de inje\u00e7\u00e3o na China? Somos fabricantes de moldes de pl\u00e1stico","publisher":{"@id":"https:\/\/www.plasticmoldco.com\/el\/#organization"},"potentialAction":[{"@type":"SearchAction","target":{"@type":"EntryPoint","urlTemplate":"https:\/\/www.plasticmoldco.com\/el\/?s={search_term_string}"},"query-input":{"@type":"PropertyValueSpecification","valueRequired":true,"valueName":"search_term_string"}}],"inLanguage":"pt-BR"},{"@type":"Organization","@id":"https:\/\/www.plasticmoldco.com\/el\/#organization","name":"Moldes de pl\u00e1stico - Fabricante de moldes na China","url":"https:\/\/www.plasticmoldco.com\/el\/","logo":{"@type":"ImageObject","inLanguage":"pt-BR","@id":"https:\/\/www.plasticmoldco.com\/el\/#\/schema\/logo\/image\/","url":"https:\/\/plasticmoldco.com\/wp-content\/uploads\/2018\/10\/nlogon.png","contentUrl":"https:\/\/plasticmoldco.com\/wp-content\/uploads\/2018\/10\/nlogon.png","width":204,"height":54,"caption":"Plastic Mold | China Mold Maker"},"image":{"@id":"https:\/\/www.plasticmoldco.com\/el\/#\/schema\/logo\/image\/"}}]}},"_links":{"self":[{"href":"https:\/\/www.plasticmoldco.com\/pt\/wp-json\/wp\/v2\/pages\/851","targetHints":{"allow":["GET"]}}],"collection":[{"href":"https:\/\/www.plasticmoldco.com\/pt\/wp-json\/wp\/v2\/pages"}],"about":[{"href":"https:\/\/www.plasticmoldco.com\/pt\/wp-json\/wp\/v2\/types\/page"}],"author":[{"embeddable":true,"href":"https:\/\/www.plasticmoldco.com\/pt\/wp-json\/wp\/v2\/users\/1"}],"replies":[{"embeddable":true,"href":"https:\/\/www.plasticmoldco.com\/pt\/wp-json\/wp\/v2\/comments?post=851"}],"version-history":[{"count":0,"href":"https:\/\/www.plasticmoldco.com\/pt\/wp-json\/wp\/v2\/pages\/851\/revisions"}],"wp:attachment":[{"href":"https:\/\/www.plasticmoldco.com\/pt\/wp-json\/wp\/v2\/media?parent=851"}],"curies":[{"name":"wp","href":"https:\/\/api.w.org\/{rel}","templated":true}]}}