{"id":796,"date":"2018-10-18T13:43:03","date_gmt":"2018-10-18T05:43:03","guid":{"rendered":"https:\/\/plasticmoldco.com\/?page_id=796"},"modified":"2018-10-18T13:46:48","modified_gmt":"2018-10-18T05:46:48","slug":"injection-molding-parts","status":"publish","type":"page","link":"https:\/\/www.plasticmoldco.com\/pt\/pecas-de-moldagem-por-injecao\/","title":{"rendered":"pe\u00e7as de moldagem por inje\u00e7\u00e3o"},"content":{"rendered":"<p>[et_pb_section bb_built=\"1\u2033 disabled_on=\"on|on|\" _builder_version=\"3.10.2\u2033 custom_padding=\"0|0px|0|0px|false|false\" next_background_color=\"#000000\u2033][et_pb_row custom_padding=\"18px|0px|0|0px|0px|false|false\" _builder_version=\"3.0.48\u2033 background_size=\"initial\" background_position=\"top_left\" background_repeat=\"repeat\"][et_pb_column type=\"4_4\u2033][et_pb_text _builder_version=\"3.10.2\u2033 custom_margin=\"0px|-120px|16px|-100px\"]<\/p>\n<p><img loading=\"lazy\" decoding=\"async\" class=\"wp-image-213 alignnone size-medium\" src=\"https:\/\/plasticmoldco.com\/wp-content\/uploads\/2018\/10\/new.n-300x18.jpg\" alt=\"\" width=\"1266\" height=\"76\" srcset=\"https:\/\/www.plasticmoldco.com\/wp-content\/uploads\/2018\/10\/new.n-300x18.jpg 300w, https:\/\/www.plasticmoldco.com\/wp-content\/uploads\/2018\/10\/new.n-768x45.jpg 768w, https:\/\/www.plasticmoldco.com\/wp-content\/uploads\/2018\/10\/new.n-1024x60.jpg 1024w\" sizes=\"(max-width: 1266px) 100vw, 1266px\" \/><\/p>\n<p>[\/et_pb_text][\/et_pb_column][\/et_pb_row][\/et_pb_section][et_pb_section bb_built=\"1\u2033 disabled_on=\"||on\" _builder_version=\"3.10.2\u2033 custom_padding=\"22px|0px|0|0px|false|false\" prev_background_color=\"#000000\u2033 next_background_color=\"#000000\u2033][et_pb_row custom_padding=\"0|0px|12px|0px|false|false\" _builder_version=\"3.0.48\u2033 background_size=\"initial\" background_position=\"top_left\" background_repeat=\"repeat\"][et_pb_column type=\"4_4\u2033][et_pb_text _builder_version=\"3.10.2\u2033]<\/p>\n<p><img loading=\"lazy\" decoding=\"async\" class=\"wp-image-213 alignnone size-medium\" src=\"https:\/\/plasticmoldco.com\/wp-content\/uploads\/2018\/10\/new.n-300x18.jpg\" alt=\"\" width=\"1266\" height=\"76\" srcset=\"https:\/\/www.plasticmoldco.com\/wp-content\/uploads\/2018\/10\/new.n-300x18.jpg 300w, https:\/\/www.plasticmoldco.com\/wp-content\/uploads\/2018\/10\/new.n-768x45.jpg 768w, https:\/\/www.plasticmoldco.com\/wp-content\/uploads\/2018\/10\/new.n-1024x60.jpg 1024w\" sizes=\"(max-width: 1266px) 100vw, 1266px\" \/><\/p>\n<p>[\/et_pb_text][\/et_pb_column][\/et_pb_row][\/et_pb_section][et_pb_section bb_built=\"1\u2033 disabled_on=\"on|on|\" _builder_version=\"3.10.2\u2033 custom_padding=\"0|0px|54px|0px|false|false\" prev_background_color=\"#000000\u2033 next_background_color=\"#000000\u2033][et_pb_row custom_padding=\"0|0px|0|0px|false|false\" _builder_version=\"3.0.48\u2033 background_size=\"initial\" background_position=\"top_left\" background_repeat=\"repeat\"][et_pb_column type=\"3_4\u2033][et_pb_text _builder_version=\"3.10.2\u2033 border_width_all=\"3px\" border_color_all=\"#e5e5e5\u2033 custom_margin=\"15px|-90px|||-86px\" custom_padding=\"10px|10px|10px|10px\"]<\/p>\n<div id=\"titlep\">\n<div id=\"titlep\">\n<div id=\"titlep\">\n<div id=\"titlep\">\n<div>\n<h2>pe\u00e7as de moldagem por inje\u00e7\u00e3o<\/h2>\n<\/div>\n<\/div>\n<div id=\"mge\"><\/div>\n<p><img loading=\"lazy\" decoding=\"async\" class=\"aligncenter size-large wp-image-1030\" title=\"empresa de moldagem por inje\u00e7\u00e3o na china\" src=\"https:\/\/web.archive.org\/web\/20140910215546im_\/http:\/\/www.moldchina.org\/wp-content\/uploads\/2011\/06\/22_6_231602529-720x405.jpg\" alt=\"\" width=\"640\" height=\"360\" \/><br \/>\nDescri\u00e7\u00e3o<br \/>\n1. Nossa empresa, fundada em 1998, \u00e9 uma empresa profissional de moldagem por inje\u00e7\u00e3o com certifica\u00e7\u00e3o ISO9000 na China<\/p>\n<p>2. Com mais de 150 funcion\u00e1rios, temos mais de 10 anos de experi\u00eancia acumulada no projeto e na produ\u00e7\u00e3o de moldes de inje\u00e7\u00e3o de pl\u00e1stico, moldes de compress\u00e3o e moldes SMC.<\/p>\n<p>3. Fornecemos servi\u00e7os integrados de projeto de molde, processamento secund\u00e1rio e usinagem CNC, prot\u00f3tipo e tratamento de superf\u00edcie de acordo com suas necessidades. Todos os anos, mais de 70% de nossos moldes s\u00e3o exportados para os Estados Unidos, Europa, Austr\u00e1lia, Coreia e outros pa\u00edses.<\/p>\n<p>4. Al\u00e9m de usarmos a\u00e7o de alta qualidade da China, temos em estoque a\u00e7o da Alemanha, dos EUA e da Su\u00e9cia, como P20HH, H13, S136, 420SS e assim por diante.<\/p>\n<p>Escolheremos o a\u00e7o de acordo com os requisitos do cliente e a longevidade dos moldes.<br \/>\nUsamos componentes padr\u00e3o equivalentes da DME e da HASCO. Os padr\u00f5es YUDO, DME, HASCO e Mold Masters tamb\u00e9m s\u00e3o usados no sistema de c\u00e2mara quente.<\/p>\n<p>5. Se voc\u00ea tiver algum projeto em que possamos ajud\u00e1-lo, envie-nos uma cota\u00e7\u00e3o. N\u00f3s lhe enviaremos a cota\u00e7\u00e3o com o melhor pre\u00e7o e o menor prazo de entrega dentro de 1 a 2 dias \u00fateis.<br \/>\nSe quiser escolher uma empresa de moldagem por inje\u00e7\u00e3o na China como sua parceira, n\u00e3o hesite em entrar em contato conosco.<\/p>\n<\/div>\n<\/div>\n<\/div>\n<p>[\/et_pb_text][\/et_pb_column][et_pb_column type=\"1_4\u2033][et_pb_sidebar _builder_version=\"3.10.2\u2033 area=\"sidebar-1\u2033 custom_margin=\"15px|-94px||40px\" custom_padding=\"10px|10px|10px|10px\" border_width_all=\"2px\" border_color_all=\"#d3d3d3\u2033 \/][\/et_pb_column][\/et_pb_row][\/et_pb_section][et_pb_section bb_built=\"1\u2033 disabled_on=\"||on\" _builder_version=\"3.10.2\u2033 custom_padding=\"0|0px|54px|0px|false|false\" prev_background_color=\"#000000\u2033 next_background_color=\"#000000\u2033][et_pb_row custom_padding=\"0|0px|0|0px|false|false\" _builder_version=\"3.0.48\u2033 background_size=\"initial\" background_position=\"top_left\" background_repeat=\"repeat\"][et_pb_column type=\"4_4\u2033][et_pb_text _builder_version=\"3.10.2\u2033 border_width_all=\"3px\" border_color_all=\"#e5e5e5\u2033]<\/p>\n<div id=\"titlep\">\n<div id=\"titlep\">\n<div id=\"titlep\">\n<div id=\"titlep\">\n<div id=\"titlep\">\n<div id=\"titlep\">\n<div>\n<h2>pe\u00e7as de moldagem por inje\u00e7\u00e3o<\/h2>\n<\/div>\n<\/div>\n<div id=\"mge\"><\/div>\n<p><img loading=\"lazy\" decoding=\"async\" class=\"aligncenter size-large wp-image-1030\" title=\"empresa de moldagem por inje\u00e7\u00e3o na china\" src=\"https:\/\/web.archive.org\/web\/20140910215546im_\/http:\/\/www.moldchina.org\/wp-content\/uploads\/2011\/06\/22_6_231602529-720x405.jpg\" alt=\"\" width=\"640\" height=\"360\" \/><br \/>\nDescri\u00e7\u00e3o<br \/>\n1. Nossa empresa, fundada em 1998, \u00e9 uma empresa profissional de moldagem por inje\u00e7\u00e3o com certifica\u00e7\u00e3o ISO9000 na China<\/p>\n<p>2. Com mais de 150 funcion\u00e1rios, temos mais de 10 anos de experi\u00eancia acumulada no projeto e na produ\u00e7\u00e3o de moldes de inje\u00e7\u00e3o de pl\u00e1stico, moldes de compress\u00e3o e moldes SMC.<\/p>\n<p>3. Fornecemos servi\u00e7os integrados de projeto de molde, processamento secund\u00e1rio e usinagem CNC, prot\u00f3tipo e tratamento de superf\u00edcie de acordo com suas necessidades. Todos os anos, mais de 70% de nossos moldes s\u00e3o exportados para os Estados Unidos, Europa, Austr\u00e1lia, Coreia e outros pa\u00edses.<\/p>\n<p>4. Al\u00e9m de usarmos a\u00e7o de alta qualidade da China, temos em estoque a\u00e7o da Alemanha, dos EUA e da Su\u00e9cia, como P20HH, H13, S136, 420SS e assim por diante.<\/p>\n<p>Escolheremos o a\u00e7o de acordo com os requisitos do cliente e a longevidade dos moldes.<br \/>\nUsamos componentes padr\u00e3o equivalentes da DME e da HASCO. Os padr\u00f5es YUDO, DME, HASCO e Mold Masters tamb\u00e9m s\u00e3o usados no sistema de c\u00e2mara quente.<\/p>\n<p>5. Se voc\u00ea tiver algum projeto em que possamos ajud\u00e1-lo, envie-nos uma cota\u00e7\u00e3o. N\u00f3s lhe enviaremos a cota\u00e7\u00e3o com o melhor pre\u00e7o e o menor prazo de entrega dentro de 1 a 2 dias \u00fateis.<br \/>\nSe quiser escolher uma empresa de moldagem por inje\u00e7\u00e3o na China como sua parceira, n\u00e3o hesite em entrar em contato conosco.<\/p>\n<\/div>\n<\/div>\n<\/div>\n<\/div>\n<\/div>\n<p>[\/et_pb_text][et_pb_text _builder_version=\"3.10.2\u2033 text_font_size=\"13px\" header_font=\"|700|||||||\" border_width_all=\"2px\" border_color_all=\"#bcbcbc\" inline_fonts=\"Arial\"]<\/p>\n<h4><img loading=\"lazy\" decoding=\"async\" class=\"wp-image-111 alignnone\" src=\"https:\/\/plasticmoldco.com\/wp-content\/uploads\/2018\/10\/sss.png\" alt=\"\" width=\"16\" height=\"13\" \/><strong>Produto de molde<\/strong><\/h4>\n<hr \/>\n<p>\u2192 <span style=\"font-size: medium;\"><strong><span style=\"color: #000000;\"><a style=\"color: #000000;\" href=\"https:\/\/www.plasticmoldco.com\/pt\/molde\/\">MOLDE<\/a><\/span><\/strong><\/span><br \/>\n<span style=\"font-size: medium;\"><strong><span style=\"color: #000000;\"> \u2192 <a style=\"color: #000000;\" href=\"https:\/\/www.plasticmoldco.com\/pt\/pecas-de-prototipos\/\">Pe\u00e7as de prot\u00f3tipo<\/a><\/span><\/strong><\/span><br \/>\n<span style=\"font-size: medium;\"><strong><span style=\"color: #000000;\"> \u2192 <a style=\"color: #000000;\" href=\"https:\/\/www.plasticmoldco.com\/pt\/peca-plastica\/\">Pe\u00e7a pl\u00e1stica<\/a><\/span><\/strong><\/span><br \/>\n<span style=\"font-size: medium;\"><strong><span style=\"color: #000000;\"> \u2192 <a style=\"color: #000000;\" href=\"https:\/\/www.plasticmoldco.com\/pt\/pecas-de-borracha-de-silicone\/\">pe\u00e7as de silicone e borracha<\/a><\/span><\/strong><\/span><\/p>\n<p><span style=\"font-size: medium;\"><strong><span style=\"color: #000000;\">Entre em contato conosco<\/span><\/strong><\/span><\/p>\n<hr \/>\n<p><strong><span style=\"color: #000000;\">DONGGUAN SINCERE TECH CO.LTD<\/span><\/strong><br \/>\n<strong><span style=\"color: #000000;\"> ENDERE\u00c7O DA F\u00c1BRICA: YUANXIA LU, YUANJIANG YUANG, CIDADE DE CHANGPING, CIDADE DE DONNGUAN, PROV\u00cdNCIA DE GUANGDONG, CHINA 523000<\/span><\/strong><\/p>\n<p><strong><span style=\"color: #000000;\">TEL: +86 (0)769 3366 9997<\/span><\/strong><br \/>\n<strong><span style=\"color: #000000;\"> FAX: +86 (0)769 3366 9997<\/span><\/strong><\/p>\n<p><strong><span style=\"color: #000000;\">EMAIL: <a href=\"mailto:INFO@sinceretetechs.com\">INFO@sinceretetechs.com<\/a><\/span><\/strong><\/p>\n<ul>\n<li id=\"tag_cloud-3\" class=\"widget-container widget_tag_cloud\">\n<h3 class=\"widget-title\"><strong>Pesquisa popular<\/strong><\/h3>\n<hr \/>\n<div class=\"tagcloud\"><strong>China Die Casting empresa de moldes de inje\u00e7\u00e3o da China f\u00e1brica de moldes de inje\u00e7\u00e3o da China moldagem por inje\u00e7\u00e3o da China fabricante de moldes de inje\u00e7\u00e3o da China molde de inje\u00e7\u00e3o da China empresa de moldes de inje\u00e7\u00e3o da China f\u00e1brica de moldes da China fabricante de moldes da China fornecedor de moldes da China molde da China fabricante de moldes da China fornecedores de moldes da China pl\u00e1stico mold companychina silicone china silicone rubberchina tooling maker China toolmaker in china injection mold Injection Molded Plastics Injection molding injection molding china injection molding chineseplastic injection molding plastic mould china Prototype parts silicone chinasilicone rubber tool mold making china<\/strong><\/div>\n<\/li>\n<\/ul>\n<p><img decoding=\"async\" style=\"font-size: 13px; background-color: #ffffff; text-align: -webkit-center; display: block; margin-left: auto; margin-right: auto;\" src=\"https:\/\/web.archive.org\/web\/20140728234454im_\/http:\/\/www.moldchina.org\/wp-content\/themes\/9C008\/images\/iso.jpg\" \/><\/p>\n<p>[\/et_pb_text][\/et_pb_column][\/et_pb_row][\/et_pb_section][et_pb_section bb_built=\"1\u2033 disabled_on=\"on|on|\" _builder_version=\u201d3.10.2\u2033 custom_margin=\u201d-103px|||\u201d prev_background_color=\u201d#000000\u2033 next_background_color=\u201d#000000\u2033][et_pb_row _builder_version=\u201d3.0.48\u2033 background_size=\"initial\" background_position=\"top_left\" background_repeat=\"repeat\"][et_pb_column type=\"4_4\u2033][et_pb_text _builder_version=\"3.10.2\u2033 custom_margin=\"|-62px|||-84px\"]<\/p>\n<p style=\"padding-left: 30px;\"><strong>Molde de inje\u00e7\u00e3o de pl\u00e1stico da China, fabricante de ferramentas, fabricante de moldes da China, ferramentas da China, molde de pl\u00e1stico da China, f\u00e1brica de moldes de inje\u00e7\u00e3o da China, fabricante de moldes de inje\u00e7\u00e3o de pl\u00e1stico na China<\/strong><\/p>\n<p>[\/et_pb_text][et_pb_text _builder_version=\u201d3.10.2\u2033 custom_margin=\u201d-15px|-50px||-50px\u201d]<\/p>\n<p><strong><span style=\"color: #0c0c0c;\"><a href=\"https:\/\/www.plasticmoldco.com\/pt\/\">In\u00edcio\u00a0 \u00a0<\/a>|\u00a0 \u00a0<a href=\"https:\/\/www.plasticmoldco.com\/pt\/about-us\/\">Sobre n\u00f3s\u00a0<\/a> \u00a0|\u00a0 <a href=\"https:\/\/www.plasticmoldco.com\/pt\/engenharia-de-projeto\/\">Design e engenharia<\/a>\u00a0 |\u00a0 \u00a0<a href=\"https:\/\/www.plasticmoldco.com\/pt\/products\/\">Produtos\u00a0\u00a0\u00a0\u00a0\u00a0<\/a>|\u00a0\u00a0\u00a0\u00a0\u00a0<a href=\"https:\/\/www.plasticmoldco.com\/pt\/noticias\/\">Not\u00edcias<\/a>\u00a0\u00a0\u00a0\u00a0\u00a0|\u00a0\u00a0\u00a0\u00a0\u00a0<a href=\"https:\/\/www.plasticmoldco.com\/pt\/seguro-de-qualidade\/\">Seguro de qualidade\u00a0<\/a>\u00a0\u00a0\u00a0\u00a0|\u00a0 \u00a0 <a href=\"https:\/\/www.plasticmoldco.com\/pt\/procedimento-de-po\/\">Procedimento de OP<\/a>\u00a0 \u00a0 |\u00a0 \u00a0 <a href=\"https:\/\/www.plasticmoldco.com\/pt\/equipamento\/\">Equipamentos\u00a0 \u00a0<\/a> |\u00a0 \u00a0<a href=\"https:\/\/www.plasticmoldco.com\/pt\/caso-de-design-industrial\/\">Caso de design industrial\u00a0<\/a> \u00a0 |\u00a0 \u00a0 <a href=\"https:\/\/www.plasticmoldco.com\/pt\/mapa-do-site\/\">Mapa do site<\/a><\/span><\/strong><\/p>\n<p>[\/et_pb_text][et_pb_text _builder_version=\"3.10.2\u2033 custom_margin=\"-15px||||\"]<\/p>\n<p style=\"text-align: center;\"><strong>Direitos autorais \u00a9 2011 DONGGUAN SINCER TECH CO.LTD. | Fabricante de moldes na China, moldagem por inje\u00e7\u00e3o de pl\u00e1stico na China, fabricante de ferramentas na China.<\/strong><br \/>\n<strong> N\u00ba de registro da empresa: 1626173<\/strong><\/p>\n<p>[\/et_pb_text][\/et_pb_column][\/et_pb_row][\/et_pb_section][et_pb_section bb_built=\"1\u2033 disabled_on=\"||on\" _builder_version=\"3.10.2\u2033 custom_margin=\"-103px||||\" prev_background_color=\"#000000\u2033][et_pb_row _builder_version=\"3.0.48\u2033 background_size=\"initial\" background_position=\"top_left\" background_repeat=\"repeat\"][et_pb_column type=\"4_4\u2033][et_pb_text _builder_version=\"3.10.2\u2033]<\/p>\n<p style=\"padding-left: 30px;\"><strong>Molde de inje\u00e7\u00e3o de pl\u00e1stico da China, fabricante de ferramentas, fabricante de moldes da China, ferramentas da China, molde de pl\u00e1stico da China, f\u00e1brica de moldes de inje\u00e7\u00e3o da China, fabricante de moldes de inje\u00e7\u00e3o de pl\u00e1stico na China<\/strong><\/p>\n<p>[\/et_pb_text][et_pb_text _builder_version=\u201d3.10.2\u2033]<\/p>\n<p><strong><span style=\"color: #0c0c0c;\"><a href=\"https:\/\/www.plasticmoldco.com\/pt\/\">In\u00edcio\u00a0 \u00a0<\/a>|\u00a0 \u00a0<a href=\"https:\/\/www.plasticmoldco.com\/pt\/about-us\/\">Sobre n\u00f3s\u00a0<\/a> \u00a0|\u00a0 <a href=\"https:\/\/www.plasticmoldco.com\/pt\/engenharia-de-projeto\/\">Design e engenharia<\/a>\u00a0 |\u00a0 \u00a0<a href=\"https:\/\/www.plasticmoldco.com\/pt\/products\/\">Produtos\u00a0\u00a0\u00a0\u00a0\u00a0<\/a>|\u00a0\u00a0\u00a0\u00a0\u00a0<a href=\"https:\/\/www.plasticmoldco.com\/pt\/noticias\/\">Not\u00edcias<\/a>\u00a0\u00a0\u00a0\u00a0\u00a0|\u00a0\u00a0\u00a0\u00a0\u00a0<a href=\"https:\/\/www.plasticmoldco.com\/pt\/seguro-de-qualidade\/\">Seguro de qualidade\u00a0<\/a>\u00a0\u00a0\u00a0\u00a0|\u00a0 \u00a0 <a href=\"https:\/\/www.plasticmoldco.com\/pt\/procedimento-de-po\/\">Procedimento de OP<\/a>\u00a0 \u00a0 |\u00a0 \u00a0 <a href=\"https:\/\/www.plasticmoldco.com\/pt\/equipamento\/\">Equipamentos\u00a0 \u00a0<\/a> |\u00a0 \u00a0<a href=\"https:\/\/www.plasticmoldco.com\/pt\/caso-de-design-industrial\/\">Caso de design industrial\u00a0<\/a> \u00a0 |\u00a0 \u00a0 <a href=\"https:\/\/www.plasticmoldco.com\/pt\/mapa-do-site\/\">Mapa do site<\/a><\/span><\/strong><\/p>\n<p>[\/et_pb_text][et_pb_text _builder_version=\u201d3.10.2\u2033]<\/p>\n<p style=\"text-align: center;\"><strong>Direitos autorais \u00a9 2011 DONGGUAN SINCER TECH CO.LTD. | Fabricante de moldes na China, moldagem por inje\u00e7\u00e3o de pl\u00e1stico na China, fabricante de ferramentas na China.<\/strong><br \/>\n<strong> N\u00ba de registro da empresa: 1626173<\/strong><\/p>\n<p>[\/et_pb_text][\/et_pb_column][\/et_pb_row][\/et_pb_section]<\/p>","protected":false},"excerpt":{"rendered":"<p>pe\u00e7as de moldagem por inje\u00e7\u00e3o Descri\u00e7\u00e3o 1. Nossa empresa, fundada em 1998, \u00e9 uma empresa profissional de moldagem por inje\u00e7\u00e3o com certifica\u00e7\u00e3o ISO9000 na China. 2. Com mais de 150 funcion\u00e1rios, temos mais de 10 anos de experi\u00eancia acumulada em projeto e produ\u00e7\u00e3o de moldes de inje\u00e7\u00e3o de pl\u00e1stico, moldes de compress\u00e3o e moldes SMC. 3. Fornecemos servi\u00e7os integrados, desde o molde [...]<\/p>","protected":false},"author":1,"featured_media":0,"parent":0,"menu_order":0,"comment_status":"closed","ping_status":"closed","template":"","meta":{"_et_pb_use_builder":"on","_et_pb_old_content":"","_et_gb_content_width":"","footnotes":""},"class_list":["post-796","page","type-page","status-publish","hentry"],"yoast_head":"<!-- This site is optimized with the Yoast SEO plugin v26.4 - https:\/\/yoast.com\/wordpress\/plugins\/seo\/ -->\n<title>injection molding parts - Plastic Mold | China Mold Maker<\/title>\n<meta name=\"robots\" content=\"index, follow, max-snippet:-1, max-image-preview:large, max-video-preview:-1\" \/>\n<link rel=\"canonical\" href=\"https:\/\/www.plasticmoldco.com\/pt\/sprojtestobte-dele\/\" \/>\n<meta property=\"og:locale\" content=\"pt_BR\" \/>\n<meta property=\"og:type\" content=\"article\" \/>\n<meta property=\"og:title\" content=\"injection molding parts - Plastic Mold | China Mold Maker\" \/>\n<meta property=\"og:description\" content=\"injection molding parts Description 1. Our company established in 1998, we are a professional ISO9000 certified injection molding company in china 2. With more than more than 150 employees, we have over 10 years accumulated experience in designing and producing plastic injection molds, compression mould and SMC mould. 3. We provide integrated services from mold [&hellip;]\" \/>\n<meta property=\"og:url\" content=\"https:\/\/www.plasticmoldco.com\/pt\/sprojtestobte-dele\/\" \/>\n<meta property=\"og:site_name\" content=\"Plastic Mold | China Mold Maker\" \/>\n<meta property=\"article:modified_time\" content=\"2018-10-18T05:46:48+00:00\" \/>\n<meta property=\"og:image\" content=\"https:\/\/plasticmoldco.com\/wp-content\/uploads\/2018\/10\/new.n-300x18.jpg\" \/>\n<meta name=\"twitter:card\" content=\"summary_large_image\" \/>\n<meta name=\"twitter:label1\" content=\"Est. tempo de leitura\" \/>\n\t<meta name=\"twitter:data1\" content=\"6 minutos\" \/>\n<script type=\"application\/ld+json\" class=\"yoast-schema-graph\">{\"@context\":\"https:\/\/schema.org\",\"@graph\":[{\"@type\":\"WebPage\",\"@id\":\"https:\/\/www.plasticmoldco.com\/da\/sprojtestobte-dele\/\",\"url\":\"https:\/\/www.plasticmoldco.com\/da\/sprojtestobte-dele\/\",\"name\":\"injection molding parts - Plastic Mold | China Mold Maker\",\"isPartOf\":{\"@id\":\"https:\/\/www.plasticmoldco.com\/el\/#website\"},\"primaryImageOfPage\":{\"@id\":\"https:\/\/www.plasticmoldco.com\/da\/sprojtestobte-dele\/#primaryimage\"},\"image\":{\"@id\":\"https:\/\/www.plasticmoldco.com\/da\/sprojtestobte-dele\/#primaryimage\"},\"thumbnailUrl\":\"https:\/\/plasticmoldco.com\/wp-content\/uploads\/2018\/10\/new.n-300x18.jpg\",\"datePublished\":\"2018-10-18T05:43:03+00:00\",\"dateModified\":\"2018-10-18T05:46:48+00:00\",\"breadcrumb\":{\"@id\":\"https:\/\/www.plasticmoldco.com\/da\/sprojtestobte-dele\/#breadcrumb\"},\"inLanguage\":\"pt-BR\",\"potentialAction\":[{\"@type\":\"ReadAction\",\"target\":[\"https:\/\/www.plasticmoldco.com\/da\/sprojtestobte-dele\/\"]}]},{\"@type\":\"ImageObject\",\"inLanguage\":\"pt-BR\",\"@id\":\"https:\/\/www.plasticmoldco.com\/da\/sprojtestobte-dele\/#primaryimage\",\"url\":\"https:\/\/plasticmoldco.com\/wp-content\/uploads\/2018\/10\/new.n-300x18.jpg\",\"contentUrl\":\"https:\/\/plasticmoldco.com\/wp-content\/uploads\/2018\/10\/new.n-300x18.jpg\"},{\"@type\":\"BreadcrumbList\",\"@id\":\"https:\/\/www.plasticmoldco.com\/da\/sprojtestobte-dele\/#breadcrumb\",\"itemListElement\":[{\"@type\":\"ListItem\",\"position\":1,\"name\":\"Home\",\"item\":\"https:\/\/www.plasticmoldco.com\/\"},{\"@type\":\"ListItem\",\"position\":2,\"name\":\"injection molding parts\"}]},{\"@type\":\"WebSite\",\"@id\":\"https:\/\/www.plasticmoldco.com\/el\/#website\",\"url\":\"https:\/\/www.plasticmoldco.com\/el\/\",\"name\":\"Plastic Mold | China Mold Maker\",\"description\":\"Are you looking for injection mold china? We are plastic mold maker\",\"publisher\":{\"@id\":\"https:\/\/www.plasticmoldco.com\/el\/#organization\"},\"potentialAction\":[{\"@type\":\"SearchAction\",\"target\":{\"@type\":\"EntryPoint\",\"urlTemplate\":\"https:\/\/www.plasticmoldco.com\/el\/?s={search_term_string}\"},\"query-input\":{\"@type\":\"PropertyValueSpecification\",\"valueRequired\":true,\"valueName\":\"search_term_string\"}}],\"inLanguage\":\"pt-BR\"},{\"@type\":\"Organization\",\"@id\":\"https:\/\/www.plasticmoldco.com\/el\/#organization\",\"name\":\"Plastic Mold | China Mold Maker\",\"url\":\"https:\/\/www.plasticmoldco.com\/el\/\",\"logo\":{\"@type\":\"ImageObject\",\"inLanguage\":\"pt-BR\",\"@id\":\"https:\/\/www.plasticmoldco.com\/el\/#\/schema\/logo\/image\/\",\"url\":\"https:\/\/plasticmoldco.com\/wp-content\/uploads\/2018\/10\/nlogon.png\",\"contentUrl\":\"https:\/\/plasticmoldco.com\/wp-content\/uploads\/2018\/10\/nlogon.png\",\"width\":204,\"height\":54,\"caption\":\"Plastic Mold | China Mold Maker\"},\"image\":{\"@id\":\"https:\/\/www.plasticmoldco.com\/el\/#\/schema\/logo\/image\/\"}}]}<\/script>\n<!-- \/ Yoast SEO plugin. -->","yoast_head_json":{"title":"pe\u00e7as de moldagem por inje\u00e7\u00e3o - Moldes para pl\u00e1sticos - Fabricante de moldes na China","robots":{"index":"index","follow":"follow","max-snippet":"max-snippet:-1","max-image-preview":"max-image-preview:large","max-video-preview":"max-video-preview:-1"},"canonical":"https:\/\/www.plasticmoldco.com\/pt\/sprojtestobte-dele\/","og_locale":"pt_BR","og_type":"article","og_title":"injection molding parts - Plastic Mold | China Mold Maker","og_description":"injection molding parts Description 1. Our company established in 1998, we are a professional ISO9000 certified injection molding company in china 2. With more than more than 150 employees, we have over 10 years accumulated experience in designing and producing plastic injection molds, compression mould and SMC mould. 3. We provide integrated services from mold [&hellip;]","og_url":"https:\/\/www.plasticmoldco.com\/pt\/sprojtestobte-dele\/","og_site_name":"Plastic Mold | China Mold Maker","article_modified_time":"2018-10-18T05:46:48+00:00","og_image":[{"url":"https:\/\/plasticmoldco.com\/wp-content\/uploads\/2018\/10\/new.n-300x18.jpg","type":"","width":"","height":""}],"twitter_card":"summary_large_image","twitter_misc":{"Est. tempo de leitura":"6 minutos"},"schema":{"@context":"https:\/\/schema.org","@graph":[{"@type":"WebPage","@id":"https:\/\/www.plasticmoldco.com\/da\/sprojtestobte-dele\/","url":"https:\/\/www.plasticmoldco.com\/da\/sprojtestobte-dele\/","name":"pe\u00e7as de moldagem por inje\u00e7\u00e3o - Moldes para pl\u00e1sticos - Fabricante de moldes na China","isPartOf":{"@id":"https:\/\/www.plasticmoldco.com\/el\/#website"},"primaryImageOfPage":{"@id":"https:\/\/www.plasticmoldco.com\/da\/sprojtestobte-dele\/#primaryimage"},"image":{"@id":"https:\/\/www.plasticmoldco.com\/da\/sprojtestobte-dele\/#primaryimage"},"thumbnailUrl":"https:\/\/plasticmoldco.com\/wp-content\/uploads\/2018\/10\/new.n-300x18.jpg","datePublished":"2018-10-18T05:43:03+00:00","dateModified":"2018-10-18T05:46:48+00:00","breadcrumb":{"@id":"https:\/\/www.plasticmoldco.com\/da\/sprojtestobte-dele\/#breadcrumb"},"inLanguage":"pt-BR","potentialAction":[{"@type":"ReadAction","target":["https:\/\/www.plasticmoldco.com\/da\/sprojtestobte-dele\/"]}]},{"@type":"ImageObject","inLanguage":"pt-BR","@id":"https:\/\/www.plasticmoldco.com\/da\/sprojtestobte-dele\/#primaryimage","url":"https:\/\/plasticmoldco.com\/wp-content\/uploads\/2018\/10\/new.n-300x18.jpg","contentUrl":"https:\/\/plasticmoldco.com\/wp-content\/uploads\/2018\/10\/new.n-300x18.jpg"},{"@type":"BreadcrumbList","@id":"https:\/\/www.plasticmoldco.com\/da\/sprojtestobte-dele\/#breadcrumb","itemListElement":[{"@type":"ListItem","position":1,"name":"Home","item":"https:\/\/www.plasticmoldco.com\/"},{"@type":"ListItem","position":2,"name":"injection molding parts"}]},{"@type":"WebSite","@id":"https:\/\/www.plasticmoldco.com\/el\/#website","url":"https:\/\/www.plasticmoldco.com\/el\/","name":"Moldes de pl\u00e1stico - Fabricante de moldes na China","description":"Voc\u00ea est\u00e1 procurando um molde de inje\u00e7\u00e3o na China? Somos fabricantes de moldes de pl\u00e1stico","publisher":{"@id":"https:\/\/www.plasticmoldco.com\/el\/#organization"},"potentialAction":[{"@type":"SearchAction","target":{"@type":"EntryPoint","urlTemplate":"https:\/\/www.plasticmoldco.com\/el\/?s={search_term_string}"},"query-input":{"@type":"PropertyValueSpecification","valueRequired":true,"valueName":"search_term_string"}}],"inLanguage":"pt-BR"},{"@type":"Organization","@id":"https:\/\/www.plasticmoldco.com\/el\/#organization","name":"Moldes de pl\u00e1stico - Fabricante de moldes na China","url":"https:\/\/www.plasticmoldco.com\/el\/","logo":{"@type":"ImageObject","inLanguage":"pt-BR","@id":"https:\/\/www.plasticmoldco.com\/el\/#\/schema\/logo\/image\/","url":"https:\/\/plasticmoldco.com\/wp-content\/uploads\/2018\/10\/nlogon.png","contentUrl":"https:\/\/plasticmoldco.com\/wp-content\/uploads\/2018\/10\/nlogon.png","width":204,"height":54,"caption":"Plastic Mold | China Mold Maker"},"image":{"@id":"https:\/\/www.plasticmoldco.com\/el\/#\/schema\/logo\/image\/"}}]}},"_links":{"self":[{"href":"https:\/\/www.plasticmoldco.com\/pt\/wp-json\/wp\/v2\/pages\/796","targetHints":{"allow":["GET"]}}],"collection":[{"href":"https:\/\/www.plasticmoldco.com\/pt\/wp-json\/wp\/v2\/pages"}],"about":[{"href":"https:\/\/www.plasticmoldco.com\/pt\/wp-json\/wp\/v2\/types\/page"}],"author":[{"embeddable":true,"href":"https:\/\/www.plasticmoldco.com\/pt\/wp-json\/wp\/v2\/users\/1"}],"replies":[{"embeddable":true,"href":"https:\/\/www.plasticmoldco.com\/pt\/wp-json\/wp\/v2\/comments?post=796"}],"version-history":[{"count":0,"href":"https:\/\/www.plasticmoldco.com\/pt\/wp-json\/wp\/v2\/pages\/796\/revisions"}],"wp:attachment":[{"href":"https:\/\/www.plasticmoldco.com\/pt\/wp-json\/wp\/v2\/media?parent=796"}],"curies":[{"name":"wp","href":"https:\/\/api.w.org\/{rel}","templated":true}]}}