{"id":45,"date":"2018-10-14T17:05:55","date_gmt":"2018-10-14T09:05:55","guid":{"rendered":"https:\/\/plasticmoldco.com\/?page_id=45"},"modified":"2018-10-18T18:24:24","modified_gmt":"2018-10-18T10:24:24","slug":"eqipment","status":"publish","type":"page","link":"https:\/\/www.plasticmoldco.com\/pt\/equipamento\/","title":{"rendered":"Equipamentos"},"content":{"rendered":"<p>[et_pb_section bb_built=\"1\u2033 disabled_on=\"on|on|\" _builder_version=\"3.10.2\u2033 custom_padding=\"0|0px|0|0px|false|false\" next_background_color=\"#000000\u2033][et_pb_row custom_padding=\"19px|0px|0|0px|false|false\" _builder_version=\"3.0.48\u2033 background_size=\"initial\" background_position=\"top_left\" background_repeat=\"repeat\"][et_pb_column type=\"4_4\u2033][et_pb_text _builder_version=\"3.10.2\u2033 custom_margin=\"0px|-120px|16px|-100px\"]<\/p>\n<p><img loading=\"lazy\" decoding=\"async\" class=\"wp-image-213 alignnone size-medium\" src=\"https:\/\/plasticmoldco.com\/wp-content\/uploads\/2018\/10\/new.n-300x18.jpg\" alt=\"\" width=\"1266\" height=\"76\" srcset=\"https:\/\/www.plasticmoldco.com\/wp-content\/uploads\/2018\/10\/new.n-300x18.jpg 300w, https:\/\/www.plasticmoldco.com\/wp-content\/uploads\/2018\/10\/new.n-768x45.jpg 768w, https:\/\/www.plasticmoldco.com\/wp-content\/uploads\/2018\/10\/new.n-1024x60.jpg 1024w\" sizes=\"(max-width: 1266px) 100vw, 1266px\" \/><\/p>\n<p>[\/et_pb_text][\/et_pb_column][\/et_pb_row][\/et_pb_section][et_pb_section bb_built=\"1\u2033 disabled_on=\"||on\" _builder_version=\"3.10.2\u2033 custom_padding=\"18px|0px|0|0px|false|false\" prev_background_color=\"#000000\u2033 next_background_color=\"#000000\u2033][et_pb_row custom_padding=\"0|0px|17px|0px|false|false\" _builder_version=\"3.0.48\u2033 background_size=\"initial\" background_position=\"top_left\" background_repeat=\"repeat\"][et_pb_column type=\"4_4\u2033][et_pb_text _builder_version=\"3.10.2\u2033]<\/p>\n<p><img loading=\"lazy\" decoding=\"async\" class=\"wp-image-213 alignnone size-medium\" src=\"https:\/\/plasticmoldco.com\/wp-content\/uploads\/2018\/10\/new.n-300x18.jpg\" alt=\"\" width=\"1266\" height=\"76\" srcset=\"https:\/\/www.plasticmoldco.com\/wp-content\/uploads\/2018\/10\/new.n-300x18.jpg 300w, https:\/\/www.plasticmoldco.com\/wp-content\/uploads\/2018\/10\/new.n-768x45.jpg 768w, https:\/\/www.plasticmoldco.com\/wp-content\/uploads\/2018\/10\/new.n-1024x60.jpg 1024w\" sizes=\"(max-width: 1266px) 100vw, 1266px\" \/><\/p>\n<p>[\/et_pb_text][\/et_pb_column][\/et_pb_row][\/et_pb_section][et_pb_section bb_built=&#8221;1&#8243; disabled_on=&#8221;on|on|&#8221; _builder_version=&#8221;3.10.2&#8243; custom_padding=&#8221;0|0px|54px|0px|false|false&#8221; prev_background_color=&#8221;#000000&#8243; next_background_color=&#8221;#000000&#8243;][et_pb_row custom_padding=&#8221;0|0px|0|0px|false|false&#8221; _builder_version=&#8221;3.0.48&#8243; background_size=&#8221;initial&#8221; background_position=&#8221;top_left&#8221; background_repeat=&#8221;repeat&#8221;][et_pb_column type=&#8221;1_4&#8243;][et_pb_blurb title=&#8221;micrometer&#8221; image=&#8221;https:\/\/plasticmoldco.com\/wp-content\/uploads\/2018\/10\/1-1.jpg&#8221; _builder_version=&#8221;3.10.2&#8243; header_text_align=&#8221;center&#8221; border_width_all=&#8221;2px&#8221; border_color_all=&#8221;#b2b2b2&#8243; custom_margin=&#8221;15px|19px||-74px&#8221; custom_padding=&#8221;16px|||&#8221; image_max_width=&#8221;78%&#8221; url=&#8221;https:\/\/plasticmoldco.com\/micrometer\/&#8221;]<br \/>\n[\/et_pb_blurb][et_pb_blurb title=&#8221;CMM&#8221; url=&#8221;https:\/\/plasticmoldco.com\/cmm\/&#8221; image=&#8221;https:\/\/plasticmoldco.com\/wp-content\/uploads\/2018\/10\/4-1.jpg&#8221; _builder_version=&#8221;3.10.2&#8243; header_text_align=&#8221;center&#8221; border_width_all=&#8221;2px&#8221; border_color_all=&#8221;#b2b2b2&#8243; custom_margin=&#8221;15px|19px||-74px&#8221; custom_padding=&#8221;16px|||&#8221; image_max_width=&#8221;89%&#8221;]<br \/>\n[\/et_pb_blurb][et_pb_blurb title=&#8221;Highspeed CNC&#8221; url=&#8221;https:\/\/plasticmoldco.com\/highspeed-cnc\/&#8221; image=&#8221;https:\/\/plasticmoldco.com\/wp-content\/uploads\/2018\/10\/7.jpg&#8221; _builder_version=&#8221;3.10.2&#8243; header_text_align=&#8221;center&#8221; border_width_all=&#8221;2px&#8221; border_color_all=&#8221;#b2b2b2&#8243; custom_margin=&#8221;15px|19px||-74px&#8221; custom_padding=&#8221;16px|||&#8221; image_max_width=&#8221;95%&#8221;]<br \/>\n[\/et_pb_blurb][\/et_pb_column][et_pb_column type=&#8221;1_4&#8243;][et_pb_blurb title=&#8221;Digital Callipers&#8221; url=&#8221;https:\/\/plasticmoldco.com\/digital-callipers\/&#8221; image=&#8221;https:\/\/plasticmoldco.com\/wp-content\/uploads\/2018\/10\/2-1.jpg&#8221; _builder_version=&#8221;3.10.2&#8243; header_text_align=&#8221;center&#8221; border_width_all=&#8221;2px&#8221; border_color_all=&#8221;#b2b2b2&#8243; custom_margin=&#8221;15px|-7px||-47px&#8221; custom_padding=&#8221;16px|||&#8221; image_max_width=&#8221;95%&#8221;]<br \/>\n[\/et_pb_blurb][et_pb_blurb title=&#8221;Wire cut&#8221; url=&#8221;https:\/\/plasticmoldco.com\/wire-cut\/&#8221; image=&#8221;https:\/\/plasticmoldco.com\/wp-content\/uploads\/2018\/10\/5.jpg&#8221; _builder_version=&#8221;3.10.2&#8243; header_text_align=&#8221;center&#8221; border_width_all=&#8221;2px&#8221; border_color_all=&#8221;#b2b2b2&#8243; custom_margin=&#8221;15px|-7px||-47px&#8221; custom_padding=&#8221;16px|||&#8221; image_max_width=&#8221;95%&#8221;]<br \/>\n[\/et_pb_blurb][et_pb_blurb title=&#8221;Injection Workshop&#8221; url=&#8221;https:\/\/plasticmoldco.com\/injection-workshop\/&#8221; image=&#8221;https:\/\/plasticmoldco.com\/wp-content\/uploads\/2018\/10\/8.jpg&#8221; _builder_version=&#8221;3.10.2&#8243; header_text_align=&#8221;center&#8221; border_width_all=&#8221;2px&#8221; border_color_all=&#8221;#b2b2b2&#8243; custom_margin=&#8221;15px|-7px||-47px&#8221; custom_padding=&#8221;16px|||&#8221; image_max_width=&#8221;93%&#8221;]<br \/>\n[\/et_pb_blurb][\/et_pb_column][et_pb_column type=&#8221;1_4&#8243;][et_pb_blurb title=&#8221;Project Mchine&#8221; url=&#8221;https:\/\/plasticmoldco.com\/project-mchine\/&#8221; image=&#8221;https:\/\/plasticmoldco.com\/wp-content\/uploads\/2018\/10\/3-1.jpg&#8221; _builder_version=&#8221;3.10.2&#8243; header_text_align=&#8221;center&#8221; border_width_all=&#8221;2px&#8221; border_color_all=&#8221;#b2b2b2&#8243; custom_margin=&#8221;15px|-33px||-21px&#8221; custom_padding=&#8221;16px|||&#8221; image_max_width=&#8221;85%&#8221;]<br \/>\n[\/et_pb_blurb][et_pb_blurb title=&#8221;EDM machine&#8221; url=&#8221;https:\/\/plasticmoldco.com\/edm-machine\/&#8221; image=&#8221;https:\/\/plasticmoldco.com\/wp-content\/uploads\/2018\/10\/6.jpg&#8221; _builder_version=&#8221;3.10.2&#8243; header_text_align=&#8221;center&#8221; border_width_all=&#8221;2px&#8221; border_color_all=&#8221;#b2b2b2&#8243; custom_margin=&#8221;15px|-33px||-21px&#8221; custom_padding=&#8221;16px|||&#8221; image_max_width=&#8221;90%&#8221;]<br \/>\n[\/et_pb_blurb][\/et_pb_column][et_pb_column type=&#8221;1_4&#8243;][et_pb_sidebar _builder_version=&#8221;3.10.2&#8243; area=&#8221;sidebar-1&#8243; custom_margin=&#8221;15px|-94px||40px&#8221; custom_padding=&#8221;10px|10px|10px|10px&#8221; border_width_all=&#8221;2px&#8221; border_color_all=&#8221;#d3d3d3&#8243; \/][\/et_pb_column][\/et_pb_row][\/et_pb_section][et_pb_section bb_built=&#8221;1&#8243; disabled_on=&#8221;||on&#8221; _builder_version=&#8221;3.10.2&#8243; custom_padding=&#8221;0|0px|54px|0px|false|false&#8221; prev_background_color=&#8221;#000000&#8243; next_background_color=&#8221;#000000&#8243;][et_pb_row custom_padding=&#8221;0|0px|0|0px|false|false&#8221; _builder_version=&#8221;3.0.48&#8243; background_size=&#8221;initial&#8221; background_position=&#8221;top_left&#8221; background_repeat=&#8221;repeat&#8221;][et_pb_column type=&#8221;4_4&#8243;][et_pb_blurb title=&#8221;micrometer&#8221; image=&#8221;https:\/\/plasticmoldco.com\/wp-content\/uploads\/2018\/10\/1-1.jpg&#8221; _builder_version=&#8221;3.10.2&#8243; header_text_align=&#8221;center&#8221; border_width_all=&#8221;2px&#8221; border_color_all=&#8221;#b2b2b2&#8243; custom_padding=&#8221;16px|||&#8221;]<br \/>\n[\/et_pb_blurb][et_pb_blurb title=&#8221;Digital Callipers&#8221; url=&#8221;https:\/\/plasticmoldco.com\/digital-callipers\/&#8221; image=&#8221;https:\/\/plasticmoldco.com\/wp-content\/uploads\/2018\/10\/2-1.jpg&#8221; _builder_version=&#8221;3.10.2&#8243; header_text_align=&#8221;center&#8221; border_width_all=&#8221;2px&#8221; border_color_all=&#8221;#b2b2b2&#8243; custom_padding=&#8221;16px|||&#8221;]<br \/>\n[\/et_pb_blurb][et_pb_blurb title=&#8221;Project Mchine&#8221; url=&#8221;https:\/\/plasticmoldco.com\/project-mchine\/&#8221; image=&#8221;https:\/\/plasticmoldco.com\/wp-content\/uploads\/2018\/10\/3-1.jpg&#8221; _builder_version=&#8221;3.10.2&#8243; header_text_align=&#8221;center&#8221; border_width_all=&#8221;2px&#8221; border_color_all=&#8221;#b2b2b2&#8243; custom_padding=&#8221;16px|||&#8221;]<br \/>\n[\/et_pb_blurb][et_pb_blurb title=&#8221;CMM&#8221; url=&#8221;https:\/\/plasticmoldco.com\/cmm\/&#8221; image=&#8221;https:\/\/plasticmoldco.com\/wp-content\/uploads\/2018\/10\/4-1.jpg&#8221; _builder_version=&#8221;3.10.2&#8243; header_text_align=&#8221;center&#8221; border_width_all=&#8221;2px&#8221; border_color_all=&#8221;#b2b2b2&#8243; custom_padding=&#8221;16px|||&#8221;]<br \/>\n[\/et_pb_blurb][et_pb_blurb title=&#8221;Wire cut&#8221; url=&#8221;https:\/\/plasticmoldco.com\/wire-cut\/&#8221; image=&#8221;https:\/\/plasticmoldco.com\/wp-content\/uploads\/2018\/10\/5.jpg&#8221; _builder_version=&#8221;3.10.2&#8243; header_text_align=&#8221;center&#8221; border_width_all=&#8221;2px&#8221; border_color_all=&#8221;#b2b2b2&#8243; custom_padding=&#8221;16px|||&#8221;]<br \/>\n[\/et_pb_blurb][et_pb_blurb title=&#8221;EDM machine&#8221; url=&#8221;https:\/\/plasticmoldco.com\/edm-machine\/&#8221; image=&#8221;https:\/\/plasticmoldco.com\/wp-content\/uploads\/2018\/10\/6.jpg&#8221; _builder_version=&#8221;3.10.2&#8243; header_text_align=&#8221;center&#8221; border_width_all=&#8221;2px&#8221; border_color_all=&#8221;#b2b2b2&#8243; custom_padding=&#8221;16px|||&#8221;]<br \/>\n[\/et_pb_blurb][et_pb_blurb title=&#8221;Highspeed CNC&#8221; url=&#8221;https:\/\/plasticmoldco.com\/highspeed-cnc\/&#8221; image=&#8221;https:\/\/plasticmoldco.com\/wp-content\/uploads\/2018\/10\/7.jpg&#8221; _builder_version=&#8221;3.10.2&#8243; header_text_align=&#8221;center&#8221; border_width_all=&#8221;2px&#8221; border_color_all=&#8221;#b2b2b2&#8243; custom_padding=&#8221;16px|||&#8221;]<br \/>\n[\/et_pb_blurb][et_pb_blurb title=&#8221;Injection Workshop&#8221; url=&#8221;https:\/\/plasticmoldco.com\/injection-workshop\/&#8221; image=&#8221;https:\/\/plasticmoldco.com\/wp-content\/uploads\/2018\/10\/8.jpg&#8221; _builder_version=&#8221;3.10.2&#8243; header_text_align=&#8221;center&#8221; border_width_all=&#8221;2px&#8221; border_color_all=&#8221;#b2b2b2&#8243; custom_padding=&#8221;16px|||&#8221;]<br \/>\n[\/et_pb_blurb][et_pb_sidebar _builder_version=&#8221;3.10.2&#8243; area=&#8221;sidebar-1&#8243; custom_padding=&#8221;10px||10px|10px&#8221; border_width_all=&#8221;2px&#8221; border_color_all=&#8221;#d3d3d3&#8243; custom_margin=&#8221;|-250px||&#8221; \/][\/et_pb_column][\/et_pb_row][\/et_pb_section][et_pb_section bb_built=&#8221;1&#8243; disabled_on=&#8221;on|on|&#8221; _builder_version=&#8221;3.10.2&#8243; custom_margin=&#8221;-103px|||&#8221; prev_background_color=&#8221;#000000&#8243; next_background_color=&#8221;#000000&#8243;][et_pb_row _builder_version=&#8221;3.0.48&#8243; background_size=&#8221;initial&#8221; background_position=&#8221;top_left&#8221; background_repeat=&#8221;repeat&#8221;][et_pb_column type=&#8221;4_4&#8243;][et_pb_text _builder_version=&#8221;3.10.2&#8243; custom_margin=&#8221;|-62px||-84px&#8221;]<\/p>\n<p style=\"padding-left: 30px;\"><strong>Molde de inje\u00e7\u00e3o de pl\u00e1stico da China, fabricante de ferramentas, fabricante de moldes da China, ferramentas da China, molde de pl\u00e1stico da China, f\u00e1brica de moldes de inje\u00e7\u00e3o da China, fabricante de moldes de inje\u00e7\u00e3o de pl\u00e1stico na China<\/strong><\/p>\n<p>[\/et_pb_text][et_pb_text _builder_version=\u201d3.10.2\u2033 custom_margin=\u201d-15px|-50px||-50px\u201d]<\/p>\n<p><strong><span style=\"color: #0c0c0c;\"><a href=\"https:\/\/www.plasticmoldco.com\/pt\/\">In\u00edcio\u00a0 \u00a0<\/a>|\u00a0 \u00a0<a href=\"https:\/\/www.plasticmoldco.com\/pt\/about-us\/\">Sobre n\u00f3s\u00a0<\/a> \u00a0|\u00a0 <a href=\"https:\/\/www.plasticmoldco.com\/pt\/engenharia-de-projeto\/\">Design e engenharia<\/a>\u00a0 |\u00a0 \u00a0<a href=\"https:\/\/www.plasticmoldco.com\/pt\/products\/\">Produtos\u00a0\u00a0\u00a0\u00a0\u00a0<\/a>|\u00a0\u00a0\u00a0\u00a0\u00a0<a href=\"https:\/\/www.plasticmoldco.com\/pt\/noticias\/\">Not\u00edcias<\/a>\u00a0\u00a0\u00a0\u00a0\u00a0|\u00a0\u00a0\u00a0\u00a0\u00a0<a href=\"https:\/\/www.plasticmoldco.com\/pt\/seguro-de-qualidade\/\">Seguro de qualidade\u00a0<\/a>\u00a0\u00a0\u00a0\u00a0|\u00a0 \u00a0 <a href=\"https:\/\/www.plasticmoldco.com\/pt\/procedimento-de-po\/\">Procedimento de OP<\/a>\u00a0 \u00a0 |\u00a0 \u00a0 <a href=\"https:\/\/www.plasticmoldco.com\/pt\/equipamento\/\">Equipamentos\u00a0 \u00a0<\/a> |\u00a0 \u00a0<a href=\"https:\/\/www.plasticmoldco.com\/pt\/caso-de-design-industrial\/\">Caso de design industrial\u00a0<\/a> \u00a0 |\u00a0 \u00a0 <a href=\"https:\/\/www.plasticmoldco.com\/pt\/mapa-do-site\/\">Mapa do site<\/a><\/span><\/strong><\/p>\n<p>[\/et_pb_text][et_pb_text _builder_version=\"3.10.2\u2033 custom_margin=\"-15px||||\"]<\/p>\n<p style=\"text-align: center;\"><strong>Direitos autorais \u00a9 2011 DONGGUAN SINCER TECH CO.LTD. | Fabricante de moldes na China, moldagem por inje\u00e7\u00e3o de pl\u00e1stico na China, fabricante de ferramentas na China.<\/strong><br \/>\n<strong> N\u00ba de registro da empresa: 1626173<\/strong><\/p>\n<p>[\/et_pb_text][\/et_pb_column][\/et_pb_row][\/et_pb_section][et_pb_section bb_built=\"1\u2033 disabled_on=\"||on\" _builder_version=\"3.10.2\u2033 custom_margin=\"-103px||||\" prev_background_color=\"#000000\u2033][et_pb_row _builder_version=\"3.0.48\u2033 background_size=\"initial\" background_position=\"top_left\" background_repeat=\"repeat\"][et_pb_column type=\"4_4\u2033][et_pb_text _builder_version=\"3.10.2\u2033]<\/p>\n<p style=\"padding-left: 30px;\"><strong>Molde de inje\u00e7\u00e3o de pl\u00e1stico da China, fabricante de ferramentas, fabricante de moldes da China, ferramentas da China, molde de pl\u00e1stico da China, f\u00e1brica de moldes de inje\u00e7\u00e3o da China, fabricante de moldes de inje\u00e7\u00e3o de pl\u00e1stico na China<\/strong><\/p>\n<p>[\/et_pb_text][et_pb_text _builder_version=\u201d3.10.2\u2033]<\/p>\n<p><strong><span style=\"color: #0c0c0c;\"><a href=\"https:\/\/www.plasticmoldco.com\/pt\/\">In\u00edcio\u00a0 \u00a0<\/a>|\u00a0 \u00a0<a href=\"https:\/\/www.plasticmoldco.com\/pt\/about-us\/\">Sobre n\u00f3s\u00a0<\/a> \u00a0|\u00a0 <a href=\"https:\/\/www.plasticmoldco.com\/pt\/engenharia-de-projeto\/\">Design e engenharia<\/a>\u00a0 |\u00a0 \u00a0<a href=\"https:\/\/www.plasticmoldco.com\/pt\/products\/\">Produtos\u00a0\u00a0\u00a0\u00a0\u00a0<\/a>|\u00a0\u00a0\u00a0\u00a0\u00a0<a href=\"https:\/\/www.plasticmoldco.com\/pt\/noticias\/\">Not\u00edcias<\/a>\u00a0\u00a0\u00a0\u00a0\u00a0|\u00a0\u00a0\u00a0\u00a0\u00a0<a href=\"https:\/\/www.plasticmoldco.com\/pt\/seguro-de-qualidade\/\">Seguro de qualidade\u00a0<\/a>\u00a0\u00a0\u00a0\u00a0|\u00a0 \u00a0 <a href=\"https:\/\/www.plasticmoldco.com\/pt\/procedimento-de-po\/\">Procedimento de OP<\/a>\u00a0 \u00a0 |\u00a0 \u00a0 <a href=\"https:\/\/www.plasticmoldco.com\/pt\/equipamento\/\">Equipamentos\u00a0 \u00a0<\/a> |\u00a0 \u00a0<a href=\"https:\/\/www.plasticmoldco.com\/pt\/caso-de-design-industrial\/\">Caso de design industrial\u00a0<\/a> \u00a0 |\u00a0 \u00a0 <a href=\"https:\/\/www.plasticmoldco.com\/pt\/mapa-do-site\/\">Mapa do site<\/a><\/span><\/strong><\/p>\n<p>[\/et_pb_text][et_pb_text _builder_version=\u201d3.10.2\u2033]<\/p>\n<p style=\"text-align: center;\"><strong>Direitos autorais \u00a9 2011 DONGGUAN SINCER TECH CO.LTD. | Fabricante de moldes na China, moldagem por inje\u00e7\u00e3o de pl\u00e1stico na China, fabricante de ferramentas na China.<\/strong><br \/>\n<strong> N\u00ba de registro da empresa: 1626173<\/strong><\/p>\n<p>[\/et_pb_text][\/et_pb_column][\/et_pb_row][\/et_pb_section]<\/p>","protected":false},"excerpt":{"rendered":"<p>Molde de inje\u00e7\u00e3o de pl\u00e1stico da China, fabricante de ferramentas, fabricante de moldes da China, ferramental da China, molde de pl\u00e1stico da China, f\u00e1brica de moldes de inje\u00e7\u00e3o da China, fabricante de moldes de inje\u00e7\u00e3o de pl\u00e1stico na China In\u00edcio | Sobre n\u00f3s | Design e engenharia | Produtos | Not\u00edcias | Seguro de qualidade | Procedimento de PO | Equipamento | Caso de design industrial | Mapa do site Copyright \u00a9 2011 DONGGUAN SINCER [...]<\/p>","protected":false},"author":1,"featured_media":0,"parent":0,"menu_order":0,"comment_status":"closed","ping_status":"closed","template":"","meta":{"_et_pb_use_builder":"on","_et_pb_old_content":"","_et_gb_content_width":"","footnotes":""},"class_list":["post-45","page","type-page","status-publish","hentry"],"yoast_head":"<!-- This site is optimized with the Yoast SEO plugin v26.4 - https:\/\/yoast.com\/wordpress\/plugins\/seo\/ -->\n<title>Equipment - Plastic Mold | China Mold Maker<\/title>\n<meta name=\"robots\" content=\"index, follow, max-snippet:-1, max-image-preview:large, max-video-preview:-1\" \/>\n<link rel=\"canonical\" href=\"https:\/\/www.plasticmoldco.com\/pt\/ausrustung\/\" \/>\n<meta property=\"og:locale\" content=\"pt_BR\" \/>\n<meta property=\"og:type\" content=\"article\" \/>\n<meta property=\"og:title\" content=\"Equipment - Plastic Mold | China Mold Maker\" \/>\n<meta property=\"og:description\" content=\"China plastic injection mold, toolmaker, China mould maker, China tooling, Plastic mould china, China injection mold factory, plastic injection mold manufacturer in china Home\u00a0 \u00a0|\u00a0 \u00a0About Us\u00a0 \u00a0|\u00a0 Design &amp; Engineering\u00a0 |\u00a0 \u00a0Products\u00a0\u00a0\u00a0\u00a0\u00a0|\u00a0\u00a0\u00a0\u00a0\u00a0News\u00a0\u00a0\u00a0\u00a0\u00a0|\u00a0\u00a0\u00a0\u00a0\u00a0Quality Insurance\u00a0\u00a0\u00a0\u00a0\u00a0|\u00a0 \u00a0 PO Procedure\u00a0 \u00a0 |\u00a0 \u00a0 Equipment\u00a0 \u00a0 |\u00a0 \u00a0Industrial Design Case\u00a0 \u00a0 |\u00a0 \u00a0 Sitemap Copyright \u00a9 2011 DONGGUAN SINCER [&hellip;]\" \/>\n<meta property=\"og:url\" content=\"https:\/\/www.plasticmoldco.com\/pt\/ausrustung\/\" \/>\n<meta property=\"og:site_name\" content=\"Plastic Mold | China Mold Maker\" \/>\n<meta property=\"article:modified_time\" content=\"2018-10-18T10:24:24+00:00\" \/>\n<meta property=\"og:image\" content=\"https:\/\/plasticmoldco.com\/wp-content\/uploads\/2018\/10\/new.n-300x18.jpg\" \/>\n<meta name=\"twitter:card\" content=\"summary_large_image\" \/>\n<meta name=\"twitter:label1\" content=\"Est. tempo de leitura\" \/>\n\t<meta name=\"twitter:data1\" content=\"7 minutos\" \/>\n<script type=\"application\/ld+json\" class=\"yoast-schema-graph\">{\"@context\":\"https:\/\/schema.org\",\"@graph\":[{\"@type\":\"WebPage\",\"@id\":\"https:\/\/www.plasticmoldco.com\/de\/ausrustung\/\",\"url\":\"https:\/\/www.plasticmoldco.com\/de\/ausrustung\/\",\"name\":\"Equipment - Plastic Mold | China Mold Maker\",\"isPartOf\":{\"@id\":\"https:\/\/www.plasticmoldco.com\/el\/#website\"},\"primaryImageOfPage\":{\"@id\":\"https:\/\/www.plasticmoldco.com\/de\/ausrustung\/#primaryimage\"},\"image\":{\"@id\":\"https:\/\/www.plasticmoldco.com\/de\/ausrustung\/#primaryimage\"},\"thumbnailUrl\":\"https:\/\/plasticmoldco.com\/wp-content\/uploads\/2018\/10\/new.n-300x18.jpg\",\"datePublished\":\"2018-10-14T09:05:55+00:00\",\"dateModified\":\"2018-10-18T10:24:24+00:00\",\"breadcrumb\":{\"@id\":\"https:\/\/www.plasticmoldco.com\/de\/ausrustung\/#breadcrumb\"},\"inLanguage\":\"pt-BR\",\"potentialAction\":[{\"@type\":\"ReadAction\",\"target\":[\"https:\/\/www.plasticmoldco.com\/de\/ausrustung\/\"]}]},{\"@type\":\"ImageObject\",\"inLanguage\":\"pt-BR\",\"@id\":\"https:\/\/www.plasticmoldco.com\/de\/ausrustung\/#primaryimage\",\"url\":\"https:\/\/plasticmoldco.com\/wp-content\/uploads\/2018\/10\/new.n-300x18.jpg\",\"contentUrl\":\"https:\/\/plasticmoldco.com\/wp-content\/uploads\/2018\/10\/new.n-300x18.jpg\"},{\"@type\":\"BreadcrumbList\",\"@id\":\"https:\/\/www.plasticmoldco.com\/de\/ausrustung\/#breadcrumb\",\"itemListElement\":[{\"@type\":\"ListItem\",\"position\":1,\"name\":\"Home\",\"item\":\"https:\/\/www.plasticmoldco.com\/\"},{\"@type\":\"ListItem\",\"position\":2,\"name\":\"Equipment\"}]},{\"@type\":\"WebSite\",\"@id\":\"https:\/\/www.plasticmoldco.com\/el\/#website\",\"url\":\"https:\/\/www.plasticmoldco.com\/el\/\",\"name\":\"Plastic Mold | China Mold Maker\",\"description\":\"Are you looking for injection mold china? We are plastic mold maker\",\"publisher\":{\"@id\":\"https:\/\/www.plasticmoldco.com\/el\/#organization\"},\"potentialAction\":[{\"@type\":\"SearchAction\",\"target\":{\"@type\":\"EntryPoint\",\"urlTemplate\":\"https:\/\/www.plasticmoldco.com\/el\/?s={search_term_string}\"},\"query-input\":{\"@type\":\"PropertyValueSpecification\",\"valueRequired\":true,\"valueName\":\"search_term_string\"}}],\"inLanguage\":\"pt-BR\"},{\"@type\":\"Organization\",\"@id\":\"https:\/\/www.plasticmoldco.com\/el\/#organization\",\"name\":\"Plastic Mold | China Mold Maker\",\"url\":\"https:\/\/www.plasticmoldco.com\/el\/\",\"logo\":{\"@type\":\"ImageObject\",\"inLanguage\":\"pt-BR\",\"@id\":\"https:\/\/www.plasticmoldco.com\/el\/#\/schema\/logo\/image\/\",\"url\":\"https:\/\/plasticmoldco.com\/wp-content\/uploads\/2018\/10\/nlogon.png\",\"contentUrl\":\"https:\/\/plasticmoldco.com\/wp-content\/uploads\/2018\/10\/nlogon.png\",\"width\":204,\"height\":54,\"caption\":\"Plastic Mold | China Mold Maker\"},\"image\":{\"@id\":\"https:\/\/www.plasticmoldco.com\/el\/#\/schema\/logo\/image\/\"}}]}<\/script>\n<!-- \/ Yoast SEO plugin. -->","yoast_head_json":{"title":"Equipamentos - Moldes para pl\u00e1sticos - Fabricante de moldes na China","robots":{"index":"index","follow":"follow","max-snippet":"max-snippet:-1","max-image-preview":"max-image-preview:large","max-video-preview":"max-video-preview:-1"},"canonical":"https:\/\/www.plasticmoldco.com\/pt\/ausrustung\/","og_locale":"pt_BR","og_type":"article","og_title":"Equipment - Plastic Mold | China Mold Maker","og_description":"China plastic injection mold, toolmaker, China mould maker, China tooling, Plastic mould china, China injection mold factory, plastic injection mold manufacturer in china Home\u00a0 \u00a0|\u00a0 \u00a0About Us\u00a0 \u00a0|\u00a0 Design &amp; Engineering\u00a0 |\u00a0 \u00a0Products\u00a0\u00a0\u00a0\u00a0\u00a0|\u00a0\u00a0\u00a0\u00a0\u00a0News\u00a0\u00a0\u00a0\u00a0\u00a0|\u00a0\u00a0\u00a0\u00a0\u00a0Quality Insurance\u00a0\u00a0\u00a0\u00a0\u00a0|\u00a0 \u00a0 PO Procedure\u00a0 \u00a0 |\u00a0 \u00a0 Equipment\u00a0 \u00a0 |\u00a0 \u00a0Industrial Design Case\u00a0 \u00a0 |\u00a0 \u00a0 Sitemap Copyright \u00a9 2011 DONGGUAN SINCER [&hellip;]","og_url":"https:\/\/www.plasticmoldco.com\/pt\/ausrustung\/","og_site_name":"Plastic Mold | China Mold Maker","article_modified_time":"2018-10-18T10:24:24+00:00","og_image":[{"url":"https:\/\/plasticmoldco.com\/wp-content\/uploads\/2018\/10\/new.n-300x18.jpg","type":"","width":"","height":""}],"twitter_card":"summary_large_image","twitter_misc":{"Est. tempo de leitura":"7 minutos"},"schema":{"@context":"https:\/\/schema.org","@graph":[{"@type":"WebPage","@id":"https:\/\/www.plasticmoldco.com\/de\/ausrustung\/","url":"https:\/\/www.plasticmoldco.com\/de\/ausrustung\/","name":"Equipamentos - Moldes para pl\u00e1sticos - Fabricante de moldes na China","isPartOf":{"@id":"https:\/\/www.plasticmoldco.com\/el\/#website"},"primaryImageOfPage":{"@id":"https:\/\/www.plasticmoldco.com\/de\/ausrustung\/#primaryimage"},"image":{"@id":"https:\/\/www.plasticmoldco.com\/de\/ausrustung\/#primaryimage"},"thumbnailUrl":"https:\/\/plasticmoldco.com\/wp-content\/uploads\/2018\/10\/new.n-300x18.jpg","datePublished":"2018-10-14T09:05:55+00:00","dateModified":"2018-10-18T10:24:24+00:00","breadcrumb":{"@id":"https:\/\/www.plasticmoldco.com\/de\/ausrustung\/#breadcrumb"},"inLanguage":"pt-BR","potentialAction":[{"@type":"ReadAction","target":["https:\/\/www.plasticmoldco.com\/de\/ausrustung\/"]}]},{"@type":"ImageObject","inLanguage":"pt-BR","@id":"https:\/\/www.plasticmoldco.com\/de\/ausrustung\/#primaryimage","url":"https:\/\/plasticmoldco.com\/wp-content\/uploads\/2018\/10\/new.n-300x18.jpg","contentUrl":"https:\/\/plasticmoldco.com\/wp-content\/uploads\/2018\/10\/new.n-300x18.jpg"},{"@type":"BreadcrumbList","@id":"https:\/\/www.plasticmoldco.com\/de\/ausrustung\/#breadcrumb","itemListElement":[{"@type":"ListItem","position":1,"name":"Home","item":"https:\/\/www.plasticmoldco.com\/"},{"@type":"ListItem","position":2,"name":"Equipment"}]},{"@type":"WebSite","@id":"https:\/\/www.plasticmoldco.com\/el\/#website","url":"https:\/\/www.plasticmoldco.com\/el\/","name":"Moldes de pl\u00e1stico - Fabricante de moldes na China","description":"Voc\u00ea est\u00e1 procurando um molde de inje\u00e7\u00e3o na China? Somos fabricantes de moldes de pl\u00e1stico","publisher":{"@id":"https:\/\/www.plasticmoldco.com\/el\/#organization"},"potentialAction":[{"@type":"SearchAction","target":{"@type":"EntryPoint","urlTemplate":"https:\/\/www.plasticmoldco.com\/el\/?s={search_term_string}"},"query-input":{"@type":"PropertyValueSpecification","valueRequired":true,"valueName":"search_term_string"}}],"inLanguage":"pt-BR"},{"@type":"Organization","@id":"https:\/\/www.plasticmoldco.com\/el\/#organization","name":"Moldes de pl\u00e1stico - Fabricante de moldes na China","url":"https:\/\/www.plasticmoldco.com\/el\/","logo":{"@type":"ImageObject","inLanguage":"pt-BR","@id":"https:\/\/www.plasticmoldco.com\/el\/#\/schema\/logo\/image\/","url":"https:\/\/plasticmoldco.com\/wp-content\/uploads\/2018\/10\/nlogon.png","contentUrl":"https:\/\/plasticmoldco.com\/wp-content\/uploads\/2018\/10\/nlogon.png","width":204,"height":54,"caption":"Plastic Mold | China Mold Maker"},"image":{"@id":"https:\/\/www.plasticmoldco.com\/el\/#\/schema\/logo\/image\/"}}]}},"_links":{"self":[{"href":"https:\/\/www.plasticmoldco.com\/pt\/wp-json\/wp\/v2\/pages\/45","targetHints":{"allow":["GET"]}}],"collection":[{"href":"https:\/\/www.plasticmoldco.com\/pt\/wp-json\/wp\/v2\/pages"}],"about":[{"href":"https:\/\/www.plasticmoldco.com\/pt\/wp-json\/wp\/v2\/types\/page"}],"author":[{"embeddable":true,"href":"https:\/\/www.plasticmoldco.com\/pt\/wp-json\/wp\/v2\/users\/1"}],"replies":[{"embeddable":true,"href":"https:\/\/www.plasticmoldco.com\/pt\/wp-json\/wp\/v2\/comments?post=45"}],"version-history":[{"count":0,"href":"https:\/\/www.plasticmoldco.com\/pt\/wp-json\/wp\/v2\/pages\/45\/revisions"}],"wp:attachment":[{"href":"https:\/\/www.plasticmoldco.com\/pt\/wp-json\/wp\/v2\/media?parent=45"}],"curies":[{"name":"wp","href":"https:\/\/api.w.org\/{rel}","templated":true}]}}