{"id":12,"date":"2018-10-14T16:59:39","date_gmt":"2018-10-14T08:59:39","guid":{"rendered":"https:\/\/plasticmoldco.com\/?page_id=12"},"modified":"2019-02-15T21:45:09","modified_gmt":"2019-02-15T13:45:09","slug":"company","status":"publish","type":"page","link":"https:\/\/www.plasticmoldco.com\/pt\/empresa\/","title":{"rendered":"Sobre n\u00f3s"},"content":{"rendered":"<p>[et_pb_section bb_built=&#8221;1&#8243; disabled_on=&#8221;on|on|&#8221; _builder_version=&#8221;3.10.2&#8243; custom_padding=&#8221;0|0px|54px|0px|false|false&#8221; next_background_color=&#8221;#000000&#8243;][et_pb_row custom_padding=&#8221;0|0px|0|0px|false|false&#8221; _builder_version=&#8221;3.0.48&#8243; background_size=&#8221;initial&#8221; background_position=&#8221;top_left&#8221; background_repeat=&#8221;repeat&#8221;][et_pb_column type=&#8221;3_4&#8243;][et_pb_text _builder_version=&#8221;3.16.1&#8243; border_width_all=&#8221;3px&#8221; border_color_all=&#8221;#e5e5e5&#8243; custom_margin=&#8221;15px|-90px||-86px&#8221; custom_padding=&#8221;10px|10px|10px|10px&#8221;]<\/p>\n<div id=\"titlep\">\n<div id=\"content\" role=\"main\">\n<div id=\"titlep\">Sobre n\u00f3s - A <a href=\"https:\/\/www.plasticmoldco.com\/pt\/\">Empresa chinesa de moldes<\/a><\/div>\n<p><strong>DONGGUAN SINCERE ETCH CO.LTD<\/strong> Nossa f\u00e1brica est\u00e1 localizada em\u00a0<img loading=\"lazy\" decoding=\"async\" class=\"size-full wp-image-615 alignright\" title=\"fabricante de moldes da China\" src=\"https:\/\/web.archive.org\/web\/20140805221613im_\/http:\/\/www.moldchina.org\/wp-content\/uploads\/2011\/01\/untitled2.bmp\" alt=\"\" width=\"172\" height=\"109\" \/>DongGuan, China, e estabelecida em 2003,<\/p>\n<p>A SINCER ETECH IS \u00e9 especializada em v\u00e1rios <strong>Fabrica\u00e7\u00e3o de moldes de pl\u00e1stico e moldagem de pl\u00e1stico\u00a0<\/strong>para. automotivos, eletrodom\u00e9sticos, equipamentos m\u00e9dicos, eletr\u00f4nicos e esportivos, bem como aplica\u00e7\u00f5es OEM industriais em geral. Nossa empresa ocupa uma \u00e1rea de mais de 3.800 metros quadrados de oficina, cercada por transporte conveniente. Atualmente, nosso grupo conta com mais de 150 excelentes funcion\u00e1rios. <strong>fabricantes de moldes na china<\/strong> e ativos de capital de mais de 40 milh\u00f5es de RMB. Nossa capacidade \u00e9 de 40 a 65 conjuntos de moldes de inje\u00e7\u00e3o por m\u00eas.<\/p>\n<p>Sempre insistimos na ideia de que os funcion\u00e1rios s\u00e3o a base para garantir produtos de alta qualidade e realizar o desenvolvimento dos funcion\u00e1rios e da empresa. Por isso, registramos muitos <strong>tecn\u00f3logo de moldes<\/strong>, gerenciando talentos e engenheiros profissionais em <a href=\"https:\/\/www.plasticmoldco.com\/pt\/\"><strong>fabrica\u00e7\u00e3o de moldes na china <\/strong><\/a>industrial.<\/p>\n<p>Os equipamentos da ST s\u00e3o, em sua maioria, importados da Su\u00ed\u00e7a e de Taiwan. Temos 21 conjuntos de fresadoras (17 conjuntos importados, 4 conjuntos fabricados internamente), 9 conjuntos de CNC, 11 conjuntos de Charmilles EDM, 10 conjuntos de retificadoras, 6 conjuntos de tornos, 4 conjuntos de m\u00e1quinas de corte a fio, 30\u00a0<strong>M\u00e1quinas de inje\u00e7\u00e3o<\/strong> e uma m\u00e1quina de medi\u00e7\u00e3o CMM, um projetor, sistema de medi\u00e7\u00e3o de v\u00eddeo, m\u00e1quina de corte linear de alimenta\u00e7\u00e3o lenta, etc. Somos capazes de injetar <strong>pe\u00e7as pl\u00e1sticas<\/strong> com peso inferior a 1500g ou capacidade inferior a 650 toneladas, construindo v\u00e1rios tipos de <strong>moldes de pl\u00e1stico<\/strong> e fundi\u00e7\u00e3o sob press\u00e3o com medidas abaixo de 8500*1000*8500mm.<\/p>\n<p>Al\u00e9m disso, adotamos tecnologia avan\u00e7ada de processo CAD\/CAE\/CAM e softwares profissionais como UG, Pro\/E, Solidworks para projetar, analisar, construir e fabricar <strong>Molde de pl\u00e1stico na China<\/strong>. Nosso sistema de gerenciamento pela Internet ajuda a aperfei\u00e7oar o controle de qualidade e todo o processo de fabrica\u00e7\u00e3o.<br \/>\nCom o trabalho \u00e1rduo da ST em 14 anos, conquistamos a confian\u00e7a dos clientes devido \u00e0 alta qualidade, ao pre\u00e7o competente, ao profissionalismo t\u00e9cnico com comunica\u00e7\u00e3o fluente em ingl\u00eas e \u00e0 pontualidade na entrega. Nossos clientes incluem muitas empresas famosas, como SONY, TOSHIBA, Suzuki, Magna, ITW, MAZDA, HONDA, Sunbem, etc.<\/p>\n<p>Fomos credenciados com sucesso com o certificado ISO 9001:2000 em 2006. Com a frase \"Servi\u00e7o no cora\u00e7\u00e3o, qualidade na alma\", podemos oferecer um sistema de servi\u00e7o completo para clientes antigos e novos,<\/p>\n<p>Voc\u00ea est\u00e1 procurando por <a href=\"https:\/\/www.plasticmoldco.com\/pt\/\"><strong>fabrica\u00e7\u00e3o de moldes na China<\/strong><\/a> para produzir moldes de inje\u00e7\u00e3o e pe\u00e7as de moldagem de pl\u00e1stico para seu novo projeto? Entre em contato conosco agora para obter uma cota\u00e7\u00e3o.<\/p>\n<\/div>\n<\/div>\n<p>[\/et_pb_text][\/et_pb_column][et_pb_column type=\"1_4\u2033][et_pb_sidebar _builder_version=\"3.10.2\u2033 area=\"sidebar-1\u2033 custom_margin=\"15px|-94px||40px\" custom_padding=\"10px|10px|10px|10px\" border_width_all=\"2px\" border_color_all=\"#d3d3d3\u2033 \/][\/et_pb_column][\/et_pb_row][\/et_pb_section][et_pb_section bb_built=\"1\u2033 disabled_on=\"||on\" _builder_version=\"3.10.2\u2033 custom_padding=\"0|0px|54px|0px|false|false\" next_background_color=\"#000000\u2033 prev_background_color=\"#000000\u2033][et_pb_row custom_padding=\"0|0px|0|0px|false|false\" _builder_version=\"3.0.48\u2033 background_size=\"initial\" background_position=\"top_left\" background_repeat=\"repeat\"][et_pb_column type=\"4_4\u2033][et_pb_text _builder_version=\"3.10.2\u2033 border_width_all=\"3px\" border_color_all=\"#e5e5e5\u2033]<\/p>\n<div id=\"titlep\">\n<div id=\"content\" role=\"main\">\n<div>\n<div id=\"titlep\">\n<div>\n<div>Sobre n\u00f3s<br \/>\nHome \" Sobre n\u00f3s<\/div>\n<\/div>\n<\/div>\n<div id=\"mge\"><\/div>\n<p><strong>SOSITAR MOLD CO., LIMITADA<\/strong> Nossa f\u00e1brica est\u00e1 localizada em\u00a0<img loading=\"lazy\" decoding=\"async\" class=\"size-full wp-image-615 alignright\" title=\"fabricante de moldes da China\" src=\"https:\/\/web.archive.org\/web\/20140805221613im_\/http:\/\/www.moldchina.org\/wp-content\/uploads\/2011\/01\/untitled2.bmp\" alt=\"\" width=\"172\" height=\"109\" \/>Shenzhen, China, e fundada em 1998, a Sositar Mold Industrial Co. <strong>moldes de pl\u00e1stico <\/strong>para autom\u00f3veis, eletrodom\u00e9sticos, equipamentos m\u00e9dicos, eletr\u00f4nicos e esportivos, bem como aplica\u00e7\u00f5es OEM industriais em geral. Nossa empresa ocupa uma \u00e1rea de mais de 3.800 metros quadrados de oficina, cercada por transporte conveniente. Atualmente, nosso grupo conta com mais de 150 excelentes funcion\u00e1rios. <strong>fabricantes de ferramentas na china<\/strong> e ativos de capital de mais de 15 milh\u00f5es de RMB. Nossa capacidade \u00e9 de 60 a 80 conjuntos de moldes por m\u00eas.<\/p>\n<p>Sempre insistimos na ideia de que os funcion\u00e1rios s\u00e3o a base para garantir produtos de alta qualidade e realizar o desenvolvimento dos funcion\u00e1rios e da empresa. Por isso, registramos muitos <strong>tecn\u00f3logo de moldes<\/strong>, gerenciando talentos e engenheiros profissionais em <strong>fabrica\u00e7\u00e3o de moldes na China<\/strong><strong>.<\/strong><\/p>\n<p>Os equipamentos da Sositar s\u00e3o, em sua maioria, importados da Su\u00ed\u00e7a e de Taiwan. S\u00e3o 21 conjuntos de fresadoras (17 conjuntos importados, 4 conjuntos fabricados internamente), 6 conjuntos de CNC, 11 conjuntos de EDM Charmilles, 10 conjuntos de retificadoras, 4 conjuntos de tornos, 7 conjuntos de m\u00e1quinas de corte a fio, 10 <strong>M\u00e1quinas de inje\u00e7\u00e3o<\/strong> e CMM, sistema de medi\u00e7\u00e3o por v\u00eddeo, m\u00e1quina de corte linear de alimenta\u00e7\u00e3o lenta, etc. Somos capazes de injetar <strong>pe\u00e7as pl\u00e1sticas<\/strong> com peso inferior a 1500g ou capacidade inferior a 650 toneladas, construindo v\u00e1rios tipos de <strong>moldes de pl\u00e1stico<\/strong> e fundi\u00e7\u00e3o sob press\u00e3o com medidas abaixo de 8500*1000*8500mm.<\/p>\n<p><img loading=\"lazy\" decoding=\"async\" class=\"alignnone size-full wp-image-62\" title=\"f\u00e1brica de moldes da China\" src=\"https:\/\/web.archive.org\/web\/20140805221613im_\/http:\/\/www.moldchina.org\/wp-content\/uploads\/2011\/01\/china-mould-factory.jpg\" alt=\"f\u00e1brica de moldes da China\" width=\"371\" height=\"198\" \/><\/p>\n<p>Al\u00e9m disso, adotamos tecnologia avan\u00e7ada de processo CAD\/CAE\/CAM e softwares profissionais como UG, Pro\/E, Solidworks para projetar, analisar, construir e fabricar <strong>molde na china<\/strong>. Nosso sistema de gerenciamento pela Internet ajuda a aperfei\u00e7oar o controle de qualidade e todo o processo de fabrica\u00e7\u00e3o.<br \/>\nCom o trabalho \u00e1rduo do grupo Sositar em 12 anos, conquistamos a confian\u00e7a dos clientes devido \u00e0 alta qualidade, ao pre\u00e7o competente, \u00e0 facilidade de comunica\u00e7\u00e3o e \u00e0 pontualidade na entrega. Nossos clientes incluem muitas empresas famosas, como SONY, TAFAL, TOSHIBA, HITACHI, MAZDA, HONDA, Sunbem, Philips, etc.<\/p>\n<p>Fomos credenciados com sucesso com o certificado ISO 9001:2000 em 2004. Com \"Servi\u00e7o no cora\u00e7\u00e3o, qualidade na alma\", podemos oferecer um sistema de servi\u00e7o completo para clientes antigos e novos.<\/p>\n<\/div>\n<\/div>\n<\/div>\n<p>[\/et_pb_text][et_pb_sidebar _builder_version=\"3.10.2\u2033 area=\"sidebar-1\u2033 custom_padding=\"10px||10px|10px\" border_width_all=\"2px\" border_color_all=\"#d3d3d3d3\u2033 custom_margin=\"|-250px||\" \/][\/et_pb_column][\/et_pb_row][\/et_pb_section][et_pb_section bb_built=\"1\u2033 disabled_on=\"on|on|\" _builder_version=\u201d3.10.2\u2033 custom_margin=\u201d-103px|||\u201d prev_background_color=\u201d#000000\u2033 next_background_color=\u201d#000000\u2033][et_pb_row _builder_version=\u201d3.0.48\u2033 background_size=\"initial\" background_position=\"top_left\" background_repeat=\"repeat\"][et_pb_column type=\"4_4\u2033][et_pb_text _builder_version=\"3.10.2\u2033 custom_margin=\"|-62px|||-84px\"]<\/p>\n<p style=\"padding-left: 30px;\"><strong>Molde de inje\u00e7\u00e3o de pl\u00e1stico da China, fabricante de ferramentas, fabricante de moldes da China, ferramentas da China, molde de pl\u00e1stico da China, f\u00e1brica de moldes de inje\u00e7\u00e3o da China, fabricante de moldes de inje\u00e7\u00e3o de pl\u00e1stico na China<\/strong><\/p>\n<p>[\/et_pb_text][et_pb_text _builder_version=\u201d3.10.2\u2033 custom_margin=\u201d-15px|-50px||-50px\u201d]<\/p>\n<p><strong><span style=\"color: #0c0c0c;\"><a href=\"https:\/\/www.plasticmoldco.com\/pt\/\">In\u00edcio\u00a0 \u00a0<\/a>|\u00a0 \u00a0<a href=\"https:\/\/www.plasticmoldco.com\/pt\/about-us\/\">Sobre n\u00f3s\u00a0<\/a> \u00a0|\u00a0 <a href=\"https:\/\/www.plasticmoldco.com\/pt\/engenharia-de-projeto\/\">Design e engenharia<\/a>\u00a0 |\u00a0 \u00a0<a href=\"https:\/\/www.plasticmoldco.com\/pt\/products\/\">Produtos\u00a0\u00a0\u00a0\u00a0\u00a0<\/a>|\u00a0\u00a0\u00a0\u00a0\u00a0<a href=\"https:\/\/www.plasticmoldco.com\/pt\/noticias\/\">Not\u00edcias<\/a>\u00a0\u00a0\u00a0\u00a0\u00a0|\u00a0\u00a0\u00a0\u00a0\u00a0<a href=\"https:\/\/www.plasticmoldco.com\/pt\/seguro-de-qualidade\/\">Seguro de qualidade\u00a0<\/a>\u00a0\u00a0\u00a0\u00a0|\u00a0 \u00a0 <a href=\"https:\/\/www.plasticmoldco.com\/pt\/procedimento-de-po\/\">Procedimento de OP<\/a>\u00a0 \u00a0 |\u00a0 \u00a0 <a href=\"https:\/\/www.plasticmoldco.com\/pt\/equipamento\/\">Equipamentos\u00a0 \u00a0<\/a> |\u00a0 \u00a0<a href=\"https:\/\/www.plasticmoldco.com\/pt\/caso-de-design-industrial\/\">Caso de design industrial\u00a0<\/a> \u00a0 |\u00a0 \u00a0 <a href=\"https:\/\/www.plasticmoldco.com\/pt\/mapa-do-site\/\">Mapa do site<\/a><\/span><\/strong><\/p>\n<p>[\/et_pb_text][et_pb_text _builder_version=\"3.10.2\u2033 custom_margin=\"-15px||||\"]<\/p>\n<p style=\"text-align: center;\"><strong>Direitos autorais \u00a9 2011 DONGGUAN SINCER TECH CO.LTD. | Fabricante de moldes na China, moldagem por inje\u00e7\u00e3o de pl\u00e1stico na China, fabricante de ferramentas na China.<\/strong><br \/>\n<strong> N\u00ba de registro da empresa: 1626173<\/strong><\/p>\n<p>[\/et_pb_text][\/et_pb_column][\/et_pb_row][\/et_pb_section][et_pb_section bb_built=\"1\u2033 disabled_on=\"||on\" _builder_version=\"3.10.2\u2033 custom_margin=\"-103px||||\" prev_background_color=\"#000000\u2033][et_pb_row _builder_version=\"3.0.48\u2033 background_size=\"initial\" background_position=\"top_left\" background_repeat=\"repeat\"][et_pb_column type=\"4_4\u2033][et_pb_text _builder_version=\"3.10.2\u2033]<\/p>\n<p style=\"padding-left: 30px;\"><strong>Molde de inje\u00e7\u00e3o de pl\u00e1stico da China, fabricante de ferramentas, fabricante de moldes da China, ferramentas da China, molde de pl\u00e1stico da China, f\u00e1brica de moldes de inje\u00e7\u00e3o da China, fabricante de moldes de inje\u00e7\u00e3o de pl\u00e1stico na China<\/strong><\/p>\n<p>[\/et_pb_text][et_pb_text _builder_version=\u201d3.10.2\u2033]<\/p>\n<p><strong><span style=\"color: #0c0c0c;\"><a href=\"https:\/\/www.plasticmoldco.com\/pt\/\">In\u00edcio\u00a0 \u00a0<\/a>|\u00a0 \u00a0<a href=\"https:\/\/www.plasticmoldco.com\/pt\/about-us\/\">Sobre n\u00f3s\u00a0<\/a> \u00a0|\u00a0 <a href=\"https:\/\/www.plasticmoldco.com\/pt\/engenharia-de-projeto\/\">Design e engenharia<\/a>\u00a0 |\u00a0 \u00a0<a href=\"https:\/\/www.plasticmoldco.com\/pt\/products\/\">Produtos\u00a0\u00a0\u00a0\u00a0\u00a0<\/a>|\u00a0\u00a0\u00a0\u00a0\u00a0<a href=\"https:\/\/www.plasticmoldco.com\/pt\/noticias\/\">Not\u00edcias<\/a>\u00a0\u00a0\u00a0\u00a0\u00a0|\u00a0\u00a0\u00a0\u00a0\u00a0<a href=\"https:\/\/www.plasticmoldco.com\/pt\/seguro-de-qualidade\/\">Seguro de qualidade\u00a0<\/a>\u00a0\u00a0\u00a0\u00a0|\u00a0 \u00a0 <a href=\"https:\/\/www.plasticmoldco.com\/pt\/procedimento-de-po\/\">Procedimento de OP<\/a>\u00a0 \u00a0 |\u00a0 \u00a0 <a href=\"https:\/\/www.plasticmoldco.com\/pt\/equipamento\/\">Equipamentos\u00a0 \u00a0<\/a> |\u00a0 \u00a0<a href=\"https:\/\/www.plasticmoldco.com\/pt\/caso-de-design-industrial\/\">Caso de design industrial\u00a0<\/a> \u00a0 |\u00a0 \u00a0 <a href=\"https:\/\/www.plasticmoldco.com\/pt\/mapa-do-site\/\">Mapa do site<\/a><\/span><\/strong><\/p>\n<p>[\/et_pb_text][et_pb_text _builder_version=\u201d3.10.2\u2033]<\/p>\n<p style=\"text-align: center;\"><strong>Direitos autorais \u00a9 2011 DONGGUAN SINCER TECH CO.LTD. | Fabricante de moldes na China, moldagem por inje\u00e7\u00e3o de pl\u00e1stico na China, fabricante de ferramentas na China.<\/strong><br \/>\n<strong> N\u00ba de registro da empresa: 1626173<\/strong><\/p>\n<p>[\/et_pb_text][\/et_pb_column][\/et_pb_row][\/et_pb_section]<\/p>","protected":false},"excerpt":{"rendered":"<p>About Us-A Chinese Mold Company DONGGUAN SINCERE ETCH CO.LTD ,our factory Located in\u00a0DongGuan,\u00a0China, and established in 2003, SINCER ETECH IS specializes in various plastic molds and plastic molding manufacturing\u00a0for. automotive, home appliances, medical equipment, electronics and sporting equipment, as well as general industrial OEM applications. Our company covers an area of more than 3,800 square [&hellip;]<\/p>","protected":false},"author":1,"featured_media":0,"parent":0,"menu_order":0,"comment_status":"closed","ping_status":"closed","template":"","meta":{"_et_pb_use_builder":"on","_et_pb_old_content":"","_et_gb_content_width":"","footnotes":""},"class_list":["post-12","page","type-page","status-publish","hentry"],"yoast_head":"<!-- This site is optimized with the Yoast SEO plugin v26.4 - https:\/\/yoast.com\/wordpress\/plugins\/seo\/ -->\n<title>About Us - Plastic Mold | China Mold Maker<\/title>\n<meta name=\"robots\" content=\"index, follow, max-snippet:-1, max-image-preview:large, max-video-preview:-1\" \/>\n<link rel=\"canonical\" href=\"https:\/\/www.plasticmoldco.com\/pt\/bedrijf\/\" \/>\n<meta property=\"og:locale\" content=\"pt_BR\" \/>\n<meta property=\"og:type\" content=\"article\" \/>\n<meta property=\"og:title\" content=\"About Us - Plastic Mold | China Mold Maker\" \/>\n<meta property=\"og:description\" content=\"About Us-A Chinese Mold Company DONGGUAN SINCERE ETCH CO.LTD ,our factory Located in\u00a0DongGuan,\u00a0China, and established in 2003, SINCER ETECH IS specializes in various plastic molds and plastic molding manufacturing\u00a0for. automotive, home appliances, medical equipment, electronics and sporting equipment, as well as general industrial OEM applications. Our company covers an area of more than 3,800 square [&hellip;]\" \/>\n<meta property=\"og:url\" content=\"https:\/\/www.plasticmoldco.com\/pt\/bedrijf\/\" \/>\n<meta property=\"og:site_name\" content=\"Plastic Mold | China Mold Maker\" \/>\n<meta property=\"article:modified_time\" content=\"2019-02-15T13:45:09+00:00\" \/>\n<meta property=\"og:image\" content=\"https:\/\/web.archive.org\/web\/20140805221613im_\/http:\/\/www.moldchina.org\/wp-content\/uploads\/2011\/01\/untitled2.bmp\" \/>\n<meta name=\"twitter:card\" content=\"summary_large_image\" \/>\n<meta name=\"twitter:label1\" content=\"Est. tempo de leitura\" \/>\n\t<meta name=\"twitter:data1\" content=\"6 minutos\" \/>\n<script type=\"application\/ld+json\" class=\"yoast-schema-graph\">{\"@context\":\"https:\/\/schema.org\",\"@graph\":[{\"@type\":\"WebPage\",\"@id\":\"https:\/\/www.plasticmoldco.com\/nl\/bedrijf\/\",\"url\":\"https:\/\/www.plasticmoldco.com\/nl\/bedrijf\/\",\"name\":\"About Us - Plastic Mold | China Mold Maker\",\"isPartOf\":{\"@id\":\"https:\/\/www.plasticmoldco.com\/el\/#website\"},\"primaryImageOfPage\":{\"@id\":\"https:\/\/www.plasticmoldco.com\/nl\/bedrijf\/#primaryimage\"},\"image\":{\"@id\":\"https:\/\/www.plasticmoldco.com\/nl\/bedrijf\/#primaryimage\"},\"thumbnailUrl\":\"https:\/\/web.archive.org\/web\/20140805221613im_\/http:\/\/www.moldchina.org\/wp-content\/uploads\/2011\/01\/untitled2.bmp\",\"datePublished\":\"2018-10-14T08:59:39+00:00\",\"dateModified\":\"2019-02-15T13:45:09+00:00\",\"breadcrumb\":{\"@id\":\"https:\/\/www.plasticmoldco.com\/nl\/bedrijf\/#breadcrumb\"},\"inLanguage\":\"pt-BR\",\"potentialAction\":[{\"@type\":\"ReadAction\",\"target\":[\"https:\/\/www.plasticmoldco.com\/nl\/bedrijf\/\"]}]},{\"@type\":\"ImageObject\",\"inLanguage\":\"pt-BR\",\"@id\":\"https:\/\/www.plasticmoldco.com\/nl\/bedrijf\/#primaryimage\",\"url\":\"https:\/\/web.archive.org\/web\/20140805221613im_\/http:\/\/www.moldchina.org\/wp-content\/uploads\/2011\/01\/untitled2.bmp\",\"contentUrl\":\"https:\/\/web.archive.org\/web\/20140805221613im_\/http:\/\/www.moldchina.org\/wp-content\/uploads\/2011\/01\/untitled2.bmp\"},{\"@type\":\"BreadcrumbList\",\"@id\":\"https:\/\/www.plasticmoldco.com\/nl\/bedrijf\/#breadcrumb\",\"itemListElement\":[{\"@type\":\"ListItem\",\"position\":1,\"name\":\"Home\",\"item\":\"https:\/\/www.plasticmoldco.com\/\"},{\"@type\":\"ListItem\",\"position\":2,\"name\":\"About Us\"}]},{\"@type\":\"WebSite\",\"@id\":\"https:\/\/www.plasticmoldco.com\/el\/#website\",\"url\":\"https:\/\/www.plasticmoldco.com\/el\/\",\"name\":\"Plastic Mold | China Mold Maker\",\"description\":\"Are you looking for injection mold china? We are plastic mold maker\",\"publisher\":{\"@id\":\"https:\/\/www.plasticmoldco.com\/el\/#organization\"},\"potentialAction\":[{\"@type\":\"SearchAction\",\"target\":{\"@type\":\"EntryPoint\",\"urlTemplate\":\"https:\/\/www.plasticmoldco.com\/el\/?s={search_term_string}\"},\"query-input\":{\"@type\":\"PropertyValueSpecification\",\"valueRequired\":true,\"valueName\":\"search_term_string\"}}],\"inLanguage\":\"pt-BR\"},{\"@type\":\"Organization\",\"@id\":\"https:\/\/www.plasticmoldco.com\/el\/#organization\",\"name\":\"Plastic Mold | China Mold Maker\",\"url\":\"https:\/\/www.plasticmoldco.com\/el\/\",\"logo\":{\"@type\":\"ImageObject\",\"inLanguage\":\"pt-BR\",\"@id\":\"https:\/\/www.plasticmoldco.com\/el\/#\/schema\/logo\/image\/\",\"url\":\"https:\/\/plasticmoldco.com\/wp-content\/uploads\/2018\/10\/nlogon.png\",\"contentUrl\":\"https:\/\/plasticmoldco.com\/wp-content\/uploads\/2018\/10\/nlogon.png\",\"width\":204,\"height\":54,\"caption\":\"Plastic Mold | China Mold Maker\"},\"image\":{\"@id\":\"https:\/\/www.plasticmoldco.com\/el\/#\/schema\/logo\/image\/\"}}]}<\/script>\n<!-- \/ Yoast SEO plugin. -->","yoast_head_json":{"title":"Sobre n\u00f3s - Moldes para pl\u00e1sticos - Fabricante de moldes na China","robots":{"index":"index","follow":"follow","max-snippet":"max-snippet:-1","max-image-preview":"max-image-preview:large","max-video-preview":"max-video-preview:-1"},"canonical":"https:\/\/www.plasticmoldco.com\/pt\/bedrijf\/","og_locale":"pt_BR","og_type":"article","og_title":"About Us - Plastic Mold | China Mold Maker","og_description":"About Us-A Chinese Mold Company DONGGUAN SINCERE ETCH CO.LTD ,our factory Located in\u00a0DongGuan,\u00a0China, and established in 2003, SINCER ETECH IS specializes in various plastic molds and plastic molding manufacturing\u00a0for. automotive, home appliances, medical equipment, electronics and sporting equipment, as well as general industrial OEM applications. Our company covers an area of more than 3,800 square [&hellip;]","og_url":"https:\/\/www.plasticmoldco.com\/pt\/bedrijf\/","og_site_name":"Plastic Mold | China Mold Maker","article_modified_time":"2019-02-15T13:45:09+00:00","og_image":[{"url":"https:\/\/web.archive.org\/web\/20140805221613im_\/http:\/\/www.moldchina.org\/wp-content\/uploads\/2011\/01\/untitled2.bmp","type":"","width":"","height":""}],"twitter_card":"summary_large_image","twitter_misc":{"Est. tempo de leitura":"6 minutos"},"schema":{"@context":"https:\/\/schema.org","@graph":[{"@type":"WebPage","@id":"https:\/\/www.plasticmoldco.com\/nl\/bedrijf\/","url":"https:\/\/www.plasticmoldco.com\/nl\/bedrijf\/","name":"Sobre n\u00f3s - Moldes para pl\u00e1sticos - Fabricante de moldes na China","isPartOf":{"@id":"https:\/\/www.plasticmoldco.com\/el\/#website"},"primaryImageOfPage":{"@id":"https:\/\/www.plasticmoldco.com\/nl\/bedrijf\/#primaryimage"},"image":{"@id":"https:\/\/www.plasticmoldco.com\/nl\/bedrijf\/#primaryimage"},"thumbnailUrl":"https:\/\/web.archive.org\/web\/20140805221613im_\/http:\/\/www.moldchina.org\/wp-content\/uploads\/2011\/01\/untitled2.bmp","datePublished":"2018-10-14T08:59:39+00:00","dateModified":"2019-02-15T13:45:09+00:00","breadcrumb":{"@id":"https:\/\/www.plasticmoldco.com\/nl\/bedrijf\/#breadcrumb"},"inLanguage":"pt-BR","potentialAction":[{"@type":"ReadAction","target":["https:\/\/www.plasticmoldco.com\/nl\/bedrijf\/"]}]},{"@type":"ImageObject","inLanguage":"pt-BR","@id":"https:\/\/www.plasticmoldco.com\/nl\/bedrijf\/#primaryimage","url":"https:\/\/web.archive.org\/web\/20140805221613im_\/http:\/\/www.moldchina.org\/wp-content\/uploads\/2011\/01\/untitled2.bmp","contentUrl":"https:\/\/web.archive.org\/web\/20140805221613im_\/http:\/\/www.moldchina.org\/wp-content\/uploads\/2011\/01\/untitled2.bmp"},{"@type":"BreadcrumbList","@id":"https:\/\/www.plasticmoldco.com\/nl\/bedrijf\/#breadcrumb","itemListElement":[{"@type":"ListItem","position":1,"name":"Home","item":"https:\/\/www.plasticmoldco.com\/"},{"@type":"ListItem","position":2,"name":"About Us"}]},{"@type":"WebSite","@id":"https:\/\/www.plasticmoldco.com\/el\/#website","url":"https:\/\/www.plasticmoldco.com\/el\/","name":"Moldes de pl\u00e1stico - Fabricante de moldes na China","description":"Voc\u00ea est\u00e1 procurando um molde de inje\u00e7\u00e3o na China? Somos fabricantes de moldes de pl\u00e1stico","publisher":{"@id":"https:\/\/www.plasticmoldco.com\/el\/#organization"},"potentialAction":[{"@type":"SearchAction","target":{"@type":"EntryPoint","urlTemplate":"https:\/\/www.plasticmoldco.com\/el\/?s={search_term_string}"},"query-input":{"@type":"PropertyValueSpecification","valueRequired":true,"valueName":"search_term_string"}}],"inLanguage":"pt-BR"},{"@type":"Organization","@id":"https:\/\/www.plasticmoldco.com\/el\/#organization","name":"Moldes de pl\u00e1stico - Fabricante de moldes na China","url":"https:\/\/www.plasticmoldco.com\/el\/","logo":{"@type":"ImageObject","inLanguage":"pt-BR","@id":"https:\/\/www.plasticmoldco.com\/el\/#\/schema\/logo\/image\/","url":"https:\/\/plasticmoldco.com\/wp-content\/uploads\/2018\/10\/nlogon.png","contentUrl":"https:\/\/plasticmoldco.com\/wp-content\/uploads\/2018\/10\/nlogon.png","width":204,"height":54,"caption":"Plastic Mold | China Mold Maker"},"image":{"@id":"https:\/\/www.plasticmoldco.com\/el\/#\/schema\/logo\/image\/"}}]}},"_links":{"self":[{"href":"https:\/\/www.plasticmoldco.com\/pt\/wp-json\/wp\/v2\/pages\/12","targetHints":{"allow":["GET"]}}],"collection":[{"href":"https:\/\/www.plasticmoldco.com\/pt\/wp-json\/wp\/v2\/pages"}],"about":[{"href":"https:\/\/www.plasticmoldco.com\/pt\/wp-json\/wp\/v2\/types\/page"}],"author":[{"embeddable":true,"href":"https:\/\/www.plasticmoldco.com\/pt\/wp-json\/wp\/v2\/users\/1"}],"replies":[{"embeddable":true,"href":"https:\/\/www.plasticmoldco.com\/pt\/wp-json\/wp\/v2\/comments?post=12"}],"version-history":[{"count":0,"href":"https:\/\/www.plasticmoldco.com\/pt\/wp-json\/wp\/v2\/pages\/12\/revisions"}],"wp:attachment":[{"href":"https:\/\/www.plasticmoldco.com\/pt\/wp-json\/wp\/v2\/media?parent=12"}],"curies":[{"name":"wp","href":"https:\/\/api.w.org\/{rel}","templated":true}]}}