{"id":899,"date":"2018-10-18T15:34:20","date_gmt":"2018-10-18T07:34:20","guid":{"rendered":"https:\/\/plasticmoldco.com\/?page_id=899"},"modified":"2018-10-18T15:34:20","modified_gmt":"2018-10-18T07:34:20","slug":"silicone-case-for-mobile-phone","status":"publish","type":"page","link":"https:\/\/www.plasticmoldco.com\/pl\/silikonowe-etui-na-telefon-komorkowy-2\/","title":{"rendered":"Silikonowe etui na telefon kom\u00f3rkowy"},"content":{"rendered":"<p>[et_pb_section bb_built=\"1\u2033 disabled_on=\"on|on|\" _builder_version=\"3.10.2\u2033 custom_padding=\"0|0px|0|0px|false|false\" next_background_color=\"#0000\u2033][et_pb_row custom_padding=\"18px|0px|0|0px|false|false\" _builder_version=\"3.0.48\u2033 background_size=\"initial\" background_position=\"top_left\" background_repeat=\"repeat\"][et_pb_column type=\"4_4\u2033][et_pb_text _builder_version=\"3.10.2\u2033 custom_margin=\"0px|-120px|16px|-100px\"]<\/p>\n<p><img loading=\"lazy\" decoding=\"async\" class=\"wp-image-213 alignnone size-medium\" src=\"https:\/\/plasticmoldco.com\/wp-content\/uploads\/2018\/10\/new.n-300x18.jpg\" alt=\"\" width=\"1266\" height=\"76\" srcset=\"https:\/\/www.plasticmoldco.com\/wp-content\/uploads\/2018\/10\/new.n-300x18.jpg 300w, https:\/\/www.plasticmoldco.com\/wp-content\/uploads\/2018\/10\/new.n-768x45.jpg 768w, https:\/\/www.plasticmoldco.com\/wp-content\/uploads\/2018\/10\/new.n-1024x60.jpg 1024w\" sizes=\"(max-width: 1266px) 100vw, 1266px\" \/><\/p>\n<p>[\/et_pb_text][\/et_pb_column][\/et_pb_row][\/et_pb_section][et_pb_section bb_built=\"1\u2033 disabled_on=\"||on\" _builder_version=\"3.10.2\u2033 custom_padding=\"22px|0px|0|0px|false|false\" prev_background_color=\"#0000\u2033 next_background_color=\"#0000\u2033][et_pb_row custom_padding=\"0|0px|12px|0px|false|false\" _builder_version=\"3.0.48\u2033 background_size=\"initial\" background_position=\"top_left\" background_repeat=\"repeat\"][et_pb_column type=\"4_4\u2033][et_pb_text _builder_version=\"3.10.2\u2033]<\/p>\n<p><img loading=\"lazy\" decoding=\"async\" class=\"wp-image-213 alignnone size-medium\" src=\"https:\/\/plasticmoldco.com\/wp-content\/uploads\/2018\/10\/new.n-300x18.jpg\" alt=\"\" width=\"1266\" height=\"76\" srcset=\"https:\/\/www.plasticmoldco.com\/wp-content\/uploads\/2018\/10\/new.n-300x18.jpg 300w, https:\/\/www.plasticmoldco.com\/wp-content\/uploads\/2018\/10\/new.n-768x45.jpg 768w, https:\/\/www.plasticmoldco.com\/wp-content\/uploads\/2018\/10\/new.n-1024x60.jpg 1024w\" sizes=\"(max-width: 1266px) 100vw, 1266px\" \/><\/p>\n<p>[\/et_pb_text][\/et_pb_column][\/et_pb_row][\/et_pb_section][et_pb_section bb_built=\"1\u2033 disabled_on=\"on|on|\" _builder_version=\"3.10.2\u2033 custom_padding=\"0|0px|54px|0px|false|false\" prev_background_color=\"#0000\u2033 next_background_color=\"#0000\u2033][et_pb_row custom_padding=\"0|0px|0px|false|false\" _builder_version=\"3.0.48\u2033 background_size=\"initial\" background_position=\"top_left\" background_repeat=\"repeat\"][et_pb_column type=\"3_4\u2033][et_pb_text _builder_version=\"3.10.2\u2033 border_width_all=\"3px\" border_color_all=\"#e5e5e5\u2033 custom_margin=\"15px|-90px||-86px\" custom_padding=\"10px|10px|10px|10px\"]<\/p>\n<div id=\"titlep\">\n<div id=\"titlep\">\n<div id=\"titlep\">\n<div id=\"titlep\">\n<div>\n<h2>Silikonowe etui na telefon kom\u00f3rkowy<\/h2>\n<\/div>\n<\/div>\n<div id=\"mge\"><\/div>\n<p><img loading=\"lazy\" decoding=\"async\" class=\"aligncenter size-full wp-image-1297\" title=\"silikonowe etui na telefon kom\u00f3rkowy\" src=\"https:\/\/web.archive.org\/web\/20140228042750im_\/http:\/\/www.moldchina.org\/wp-content\/uploads\/2011\/10\/IMG_9512.jpg\" alt=\"\" width=\"640\" height=\"480\" \/><\/p>\n<p>Silikonowe etui na telefon kom\u00f3rkowy<br \/>\n1. pr\u00f3bka za darmo<br \/>\n2.10 Wi\u0119cej dost\u0119pnych wzor\u00f3w<br \/>\n3. OEM mile widziany<br \/>\nDla\u00a0<a href=\"https:\/\/web.archive.org\/web\/20140228042750\/http:\/\/www.moldchina.org\/silicone-case-for-iphone-5.html\">silikonowe etui na telefon kom\u00f3rkowy<\/a>Dost\u0119pnych jest wiele wzor\u00f3w, przedmiot gor\u0105cej sprzeda\u017cy na rynku.<\/p>\n<p>1). Odporny na zabrudzenia, zmywalny, elastyczny, trwa\u0142y i odporny na rozdarcia<br \/>\n2). Wykonany z wysokiej jako\u015bci silikonu klasy A, nietoksyczny, zatwierdzony przez SGS<br \/>\n3). Unikalna konstrukcja umo\u017cliwia \u0142atwy dost\u0119p do wszystkich funkcji bez konieczno\u015bci zdejmowania sk\u00f3rki.<br \/>\n4). Dost\u0119pne kolory: Bia\u0142y, Czerwony, Jasnoniebieski, R\u00f3\u017cowy i inne kolory, kt\u00f3re lubisz<br \/>\n5). Rozmiar: idealne dopasowanie<br \/>\n6). Szybka dostawa, w ci\u0105gu 7-10 dni od otrzymania wp\u0142aty<br \/>\n7). Logo mo\u017ce by\u0107 wykonane metod\u0105 sitodruku, drukowane i wyt\u0142aczane, debmossed<br \/>\n8). Zam\u00f3wienia OEM \/ ODM s\u0105 mile widziane, mo\u017cemy sami wykona\u0107 form\u0119<\/p>\n<p>Je\u015bli potrzebujesz plastikowej formy wtryskowej lub produktu z gumy silikonowej, skontaktuj si\u0119 z nami!<\/p>\n<\/div>\n<\/div>\n<\/div>\n<p>[\/et_pb_text][\/et_pb_column][et_pb_column type=\"1_4\u2033][et_pb_sidebar _builder_version=\"3.10.2\u2033 area=\"sidebar-1\u2033 custom_margin=\"15px|-94px||40px\" custom_padding=\"10px|10px|10px\" border_width_all=\"2px\" border_color_all=\"#d3d3\u2033 \/][\/et_pb_column][\/et_pb_row][\/et_pb_section][et_pb_section bb_built=\"1\u2033 disabled_on=\"||on\" _builder_version=\"3.10.2\u2033 custom_padding=\"0|0px|54px|0px|false|false\" prev_background_color=\"#0000\u2033 next_background_color=\"#0000\u2033][et_pb_row custom_padding=\"0|0px|0px|false|false\" _builder_version=\"3.0.48\u2033 background_size=\"initial\" background_position=\"top_left\" background_repeat=\"repeat\"][et_pb_column type=\"4_4\u2033][et_pb_text _builder_version=\"3.10.2\u2033 border_width_all=\"3px\" border_color_all=\"#e5e5e5\u2033]<\/p>\n<div id=\"titlep\">\n<div id=\"titlep\">\n<div id=\"titlep\">\n<div id=\"titlep\">\n<div id=\"titlep\">\n<div id=\"titlep\">\n<div>\n<h2>Silikonowe etui na telefon kom\u00f3rkowy<\/h2>\n<\/div>\n<\/div>\n<div id=\"mge\"><\/div>\n<p><img loading=\"lazy\" decoding=\"async\" class=\"aligncenter size-full wp-image-1297\" title=\"silikonowe etui na telefon kom\u00f3rkowy\" src=\"https:\/\/web.archive.org\/web\/20140228042750im_\/http:\/\/www.moldchina.org\/wp-content\/uploads\/2011\/10\/IMG_9512.jpg\" alt=\"\" width=\"640\" height=\"480\" \/><\/p>\n<p>Silikonowe etui na telefon kom\u00f3rkowy<br \/>\n1. pr\u00f3bka za darmo<br \/>\n2.10 Wi\u0119cej dost\u0119pnych wzor\u00f3w<br \/>\n3. OEM mile widziany<br \/>\nDla\u00a0<a href=\"https:\/\/web.archive.org\/web\/20140228042750\/http:\/\/www.moldchina.org\/silicone-case-for-iphone-5.html\">silikonowe etui na telefon kom\u00f3rkowy<\/a>Dost\u0119pnych jest wiele wzor\u00f3w, przedmiot gor\u0105cej sprzeda\u017cy na rynku.<\/p>\n<p>1). Odporny na zabrudzenia, zmywalny, elastyczny, trwa\u0142y i odporny na rozdarcia<br \/>\n2). Wykonany z wysokiej jako\u015bci silikonu klasy A, nietoksyczny, zatwierdzony przez SGS<br \/>\n3). Unikalna konstrukcja umo\u017cliwia \u0142atwy dost\u0119p do wszystkich funkcji bez konieczno\u015bci zdejmowania sk\u00f3rki.<br \/>\n4). Dost\u0119pne kolory: Bia\u0142y, Czerwony, Jasnoniebieski, R\u00f3\u017cowy i inne kolory, kt\u00f3re lubisz<br \/>\n5). Rozmiar: idealne dopasowanie<br \/>\n6). Szybka dostawa, w ci\u0105gu 7-10 dni od otrzymania wp\u0142aty<br \/>\n7). Logo mo\u017ce by\u0107 wykonane metod\u0105 sitodruku, drukowane i wyt\u0142aczane, debmossed<br \/>\n8). Zam\u00f3wienia OEM \/ ODM s\u0105 mile widziane, mo\u017cemy sami wykona\u0107 form\u0119<\/p>\n<p>Je\u015bli potrzebujesz plastikowej formy wtryskowej lub produktu z gumy silikonowej, skontaktuj si\u0119 z nami!<\/p>\n<\/div>\n<\/div>\n<\/div>\n<\/div>\n<\/div>\n<p>[\/et_pb_text][et_pb_text _builder_version=\"3.10.2\u2033 text_font_size=\"13px\" header_font=\"|700|||||||\" border_width_all=\"2px\" border_color_all=\"#bcbcbc\" inline_fonts=\"Arial\"]<\/p>\n<h4><img loading=\"lazy\" decoding=\"async\" class=\"wp-image-111 alignnone\" src=\"https:\/\/plasticmoldco.com\/wp-content\/uploads\/2018\/10\/sss.png\" alt=\"\" width=\"16\" height=\"13\" \/><strong>Produkt w formie<\/strong><\/h4>\n<hr \/>\n<p>\u2192 <span style=\"font-size: medium;\"><strong><span style=\"color: #000000;\"><a style=\"color: #000000;\" href=\"https:\/\/www.plasticmoldco.com\/pl\/forma\/\">MOLD<\/a><\/span><\/strong><\/span><br \/>\n<span style=\"font-size: medium;\"><strong><span style=\"color: #000000;\"> \u2192 <a style=\"color: #000000;\" href=\"https:\/\/www.plasticmoldco.com\/pl\/czesci-prototypowe\/\">Cz\u0119\u015bci prototypowe<\/a><\/span><\/strong><\/span><br \/>\n<span style=\"font-size: medium;\"><strong><span style=\"color: #000000;\"> \u2192 <a style=\"color: #000000;\" href=\"https:\/\/www.plasticmoldco.com\/pl\/plastikowa-czesc\/\">Cz\u0119\u015b\u0107 z tworzywa sztucznego<\/a><\/span><\/strong><\/span><br \/>\n<span style=\"font-size: medium;\"><strong><span style=\"color: #000000;\"> \u2192 <a style=\"color: #000000;\" href=\"https:\/\/www.plasticmoldco.com\/pl\/czesci-z-gumy-silikonowej\/\">Cz\u0119\u015bci silikonowe i gumowe<\/a><\/span><\/strong><\/span><\/p>\n<p><span style=\"font-size: medium;\"><strong><span style=\"color: #000000;\">Kontakt<\/span><\/strong><\/span><\/p>\n<hr \/>\n<p><strong><span style=\"color: #000000;\">DONGGUAN SINCERE TECH CO.LTD<\/span><\/strong><br \/>\n<strong><span style=\"color: #000000;\"> ADRES FABRYKI: YUANXIA LU, YUANJIANG YUANG, CHANGPING TOWN, DONNGUAN CITY,GUANGDONG PROVINCE, CHINA 523000<\/span><\/strong><\/p>\n<p><strong><span style=\"color: #000000;\">TEL: +86 (0)769 3366 9997<\/span><\/strong><br \/>\n<strong><span style=\"color: #000000;\"> FAKS: +86 (0)769 3366 9997<\/span><\/strong><\/p>\n<p><strong><span style=\"color: #000000;\">EMAIL: <a href=\"mailto:INFO@sinceretetechs.com\">INFO@sinceretetechs.com<\/a><\/span><\/strong><\/p>\n<ul>\n<li id=\"tag_cloud-3\" class=\"widget-container widget_tag_cloud\">\n<h3 class=\"widget-title\"><strong>Popularne wyszukiwanie<\/strong><\/h3>\n<hr \/>\n<div class=\"tagcloud\"><strong>Chiny odlewanie ci\u015bnieniowe Chiny firma zajmuj\u0105ca si\u0119 formami wtryskowymi Chiny fabryka form wtryskowych Chiny formowanie wtryskowe Chiny producent form wtryskowych Chiny forma wtryskowa Chiny firma zajmuj\u0105ca si\u0119 formami wtryskowymi Chiny fabryka form wtryskowych Chiny producent form wtryskowych Chiny dostawca form wtryskowych Chiny producent form wtryskowych Chiny dostawcy form wtryskowych Chiny tworzywa sztuczne formowanie wtryskowe formowanie wtryskowe chiny formowanie wtryskowe chiny formowanie wtryskowe chiny formowanie wtryskowe chiny formowanie wtryskowe tworzyw sztucznych chiny formowanie wtryskowe tworzyw sztucznych chiny formowanie wtryskowe tworzyw sztucznych chiny cz\u0119\u015bci prototypowe silikon chiny guma silikonowa narz\u0119dzia do produkcji form chiny<\/strong><\/div>\n<\/li>\n<\/ul>\n<p><img decoding=\"async\" style=\"font-size: 13px; background-color: #ffffff; text-align: -webkit-center; display: block; margin-left: auto; margin-right: auto;\" src=\"https:\/\/web.archive.org\/web\/20140728234454im_\/http:\/\/www.moldchina.org\/wp-content\/themes\/9C008\/images\/iso.jpg\" \/><\/p>\n<p>[\/et_pb_text][\/et_pb_column][\/et_pb_row][\/et_pb_section][et_pb_section bb_built=\"1\u2033 disabled_on=\"on|on|\" _builder_version=\u201d3.10.2\u2033 custom_margin=\u201d-103px|||\u201d prev_background_color=\u201d#000000\u2033 next_background_color=\u201d#000000\u2033][et_pb_row _builder_version=\u201d3.0.48\u2033 background_size=\"initial\" background_position=\"top_left\" background_repeat=\"repeat\"][et_pb_column type=\"4_4\u2033][et_pb_text _builder_version=\"3.10.2\u2033 custom_margin=\"|-62px||-84px\"]<\/p>\n<p style=\"padding-left: 30px;\"><strong>Chi\u0144ska plastikowa forma wtryskowa, producent narz\u0119dzi, chi\u0144ski producent form, chi\u0144skie oprzyrz\u0105dowanie, chi\u0144ska forma plastikowa, chi\u0144ska fabryka form wtryskowych, producent plastikowych form wtryskowych w Chinach<\/strong><\/p>\n<p>[\/et_pb_text][et_pb_text _builder_version=\u201d3.10.2\u2033 custom_margin=\u201d-15px|-50px||-50px\u201d]<\/p>\n<p><strong><span style=\"color: #0c0c0c;\"><a href=\"https:\/\/www.plasticmoldco.com\/pl\/\">Strona g\u0142\u00f3wna\u00a0 \u00a0<\/a>|\u00a0 \u00a0<a href=\"https:\/\/www.plasticmoldco.com\/pl\/about-us\/\">O nas\u00a0<\/a> \u00a0|\u00a0 <a href=\"https:\/\/www.plasticmoldco.com\/pl\/projektowanie-inzynieryjne\/\">Projektowanie i in\u017cynieria<\/a>\u00a0 |\u00a0 \u00a0<a href=\"https:\/\/www.plasticmoldco.com\/pl\/products\/\">Produkty\u00a0\u00a0\u00a0\u00a0\u00a0<\/a>|\u00a0\u00a0\u00a0\u00a0\u00a0<a href=\"https:\/\/www.plasticmoldco.com\/pl\/wiadomosci\/\">Aktualno\u015bci<\/a>\u00a0\u00a0\u00a0\u00a0\u00a0|\u00a0\u00a0\u00a0\u00a0\u00a0<a href=\"https:\/\/www.plasticmoldco.com\/pl\/wysokiej-jakosci-ubezpieczenie\/\">Jako\u015b\u0107 ubezpieczenia\u00a0<\/a>\u00a0\u00a0\u00a0\u00a0|\u00a0 \u00a0 <a href=\"https:\/\/www.plasticmoldco.com\/pl\/procedura-po\/\">Procedura PO<\/a>\u00a0 \u00a0 |\u00a0 \u00a0 <a href=\"https:\/\/www.plasticmoldco.com\/pl\/sprzet\/\">Sprz\u0119t\u00a0 \u00a0<\/a> |\u00a0 \u00a0<a href=\"https:\/\/www.plasticmoldco.com\/pl\/przypadek-wzornictwa-przemyslowego\/\">Przypadek wzornictwa przemys\u0142owego\u00a0<\/a> \u00a0 |\u00a0 \u00a0 <a href=\"https:\/\/www.plasticmoldco.com\/pl\/mapa-strony\/\">Sitemap<\/a><\/span><\/strong><\/p>\n<p>[\/et_pb_text][et_pb_text _builder_version=\"3.10.2\u2033 custom_margin=\"-15px||\"]<\/p>\n<p style=\"text-align: center;\"><strong>Copyright \u00a9 2011 DONGGUAN SINCER TECH CO.LTD. | Chiny Producent form, Chiny Formowanie wtryskowe tworzyw sztucznych, Chiny Producent narz\u0119dzi.<\/strong><br \/>\n<strong> Numer w rejestrze sp\u00f3\u0142ek: 1626173<\/strong><\/p>\n<p>[\/et_pb_text][\/et_pb_column][\/et_pb_row][\/et_pb_section][et_pb_section bb_built=\"1\u2033 disabled_on=\"||on\" _builder_version=\"3.10.2\u2033 custom_margin=\"-103px||\" prev_background_color=\"#0000\u2033][et_pb_row _builder_version=\"3.0.48\u2033 background_size=\"initial\" background_position=\"top_left\" background_repeat=\"repeat\"][et_pb_column type=\"4_4\u2033][et_pb_text _builder_version=\"3.10.2\u2033]<\/p>\n<p style=\"padding-left: 30px;\"><strong>Chi\u0144ska plastikowa forma wtryskowa, producent narz\u0119dzi, chi\u0144ski producent form, chi\u0144skie oprzyrz\u0105dowanie, chi\u0144ska forma plastikowa, chi\u0144ska fabryka form wtryskowych, producent plastikowych form wtryskowych w Chinach<\/strong><\/p>\n<p>[\/et_pb_text][et_pb_text _builder_version=\u201d3.10.2\u2033]<\/p>\n<p><strong><span style=\"color: #0c0c0c;\"><a href=\"https:\/\/www.plasticmoldco.com\/pl\/\">Strona g\u0142\u00f3wna\u00a0 \u00a0<\/a>|\u00a0 \u00a0<a href=\"https:\/\/www.plasticmoldco.com\/pl\/about-us\/\">O nas\u00a0<\/a> \u00a0|\u00a0 <a href=\"https:\/\/www.plasticmoldco.com\/pl\/projektowanie-inzynieryjne\/\">Projektowanie i in\u017cynieria<\/a>\u00a0 |\u00a0 \u00a0<a href=\"https:\/\/www.plasticmoldco.com\/pl\/products\/\">Produkty\u00a0\u00a0\u00a0\u00a0\u00a0<\/a>|\u00a0\u00a0\u00a0\u00a0\u00a0<a href=\"https:\/\/www.plasticmoldco.com\/pl\/wiadomosci\/\">Aktualno\u015bci<\/a>\u00a0\u00a0\u00a0\u00a0\u00a0|\u00a0\u00a0\u00a0\u00a0\u00a0<a href=\"https:\/\/www.plasticmoldco.com\/pl\/wysokiej-jakosci-ubezpieczenie\/\">Jako\u015b\u0107 ubezpieczenia\u00a0<\/a>\u00a0\u00a0\u00a0\u00a0|\u00a0 \u00a0 <a href=\"https:\/\/www.plasticmoldco.com\/pl\/procedura-po\/\">Procedura PO<\/a>\u00a0 \u00a0 |\u00a0 \u00a0 <a href=\"https:\/\/www.plasticmoldco.com\/pl\/sprzet\/\">Sprz\u0119t\u00a0 \u00a0<\/a> |\u00a0 \u00a0<a href=\"https:\/\/www.plasticmoldco.com\/pl\/przypadek-wzornictwa-przemyslowego\/\">Przypadek wzornictwa przemys\u0142owego\u00a0<\/a> \u00a0 |\u00a0 \u00a0 <a href=\"https:\/\/www.plasticmoldco.com\/pl\/mapa-strony\/\">Sitemap<\/a><\/span><\/strong><\/p>\n<p>[\/et_pb_text][et_pb_text _builder_version=\u201d3.10.2\u2033]<\/p>\n<p style=\"text-align: center;\"><strong>Copyright \u00a9 2011 DONGGUAN SINCER TECH CO.LTD. | Chiny Producent form, Chiny Formowanie wtryskowe tworzyw sztucznych, Chiny Producent narz\u0119dzi.<\/strong><br \/>\n<strong> Numer w rejestrze sp\u00f3\u0142ek: 1626173<\/strong><\/p>\n<p>[\/et_pb_text][\/et_pb_column][\/et_pb_row][\/et_pb_section]<\/p>","protected":false},"excerpt":{"rendered":"<p>Silikonowe etui na telefon kom\u00f3rkowy Silikonowe etui na telefon kom\u00f3rkowy 1. pr\u00f3bka za darmo 2. 10 wi\u0119cej wzor\u00f3w dost\u0119pnych 3. OEM mile widziany W przypadku silikonowego etui na telefon kom\u00f3rkowy dost\u0119pnych jest wiele wzor\u00f3w, przedmiot gor\u0105cej sprzeda\u017cy na rynku. 1). Odporny na zabrudzenia, zmywalny, elastyczny, trwa\u0142y i odporny na rozdarcie 2). Wykonane z wysokiej jako\u015bci materia\u0142u silikonowego klasy A, nietoksycznego, zatwierdzonego przez SGS 3). Unikalna konstrukcja umo\u017cliwia \u0142atwy dost\u0119p [...]<\/p>","protected":false},"author":1,"featured_media":0,"parent":0,"menu_order":0,"comment_status":"closed","ping_status":"closed","template":"","meta":{"_et_pb_use_builder":"on","_et_pb_old_content":"","_et_gb_content_width":"","footnotes":""},"class_list":["post-899","page","type-page","status-publish","hentry"],"yoast_head":"<!-- This site is optimized with the Yoast SEO plugin v26.4 - https:\/\/yoast.com\/wordpress\/plugins\/seo\/ -->\n<title>Silicone case for mobile phone - Plastic Mold | China Mold Maker<\/title>\n<meta name=\"robots\" content=\"index, follow, max-snippet:-1, max-image-preview:large, max-video-preview:-1\" \/>\n<link rel=\"canonical\" href=\"https:\/\/www.plasticmoldco.com\/pl\/\ud734\ub300\ud3f0\uc6a9-\uc2e4\ub9ac\ucf58-\ucf00\uc774\uc2a4\/\" \/>\n<meta property=\"og:locale\" content=\"pl_PL\" \/>\n<meta property=\"og:type\" content=\"article\" \/>\n<meta property=\"og:title\" content=\"Silicone case for mobile phone - Plastic Mold | China Mold Maker\" \/>\n<meta property=\"og:description\" content=\"Silicone case for mobile phone Silicone case for\u00a0mobile phone 1.sample free 2.10 more designs available 3. OEM welcome For\u00a0mobile phone silicone case,many designs are available,the hot-sale item in the market. 1). Anti-dirt, washable, flexible, durable and tear-resistant 2). Made of high quality silicone A grade material, nontoxic,approved by SGS 3). Unique design allows easy access [&hellip;]\" \/>\n<meta property=\"og:url\" content=\"https:\/\/www.plasticmoldco.com\/pl\/\ud734\ub300\ud3f0\uc6a9-\uc2e4\ub9ac\ucf58-\ucf00\uc774\uc2a4\/\" \/>\n<meta property=\"og:site_name\" content=\"Plastic Mold | China Mold Maker\" \/>\n<meta property=\"og:image\" content=\"https:\/\/plasticmoldco.com\/wp-content\/uploads\/2018\/10\/new.n-300x18.jpg\" \/>\n<meta name=\"twitter:card\" content=\"summary_large_image\" \/>\n<meta name=\"twitter:label1\" content=\"Szacowany czas czytania\" \/>\n\t<meta name=\"twitter:data1\" content=\"5 minut\" \/>\n<script type=\"application\/ld+json\" class=\"yoast-schema-graph\">{\"@context\":\"https:\/\/schema.org\",\"@graph\":[{\"@type\":\"WebPage\",\"@id\":\"https:\/\/www.plasticmoldco.com\/ko\/\ud734\ub300\ud3f0\uc6a9-\uc2e4\ub9ac\ucf58-\ucf00\uc774\uc2a4\/\",\"url\":\"https:\/\/www.plasticmoldco.com\/ko\/\ud734\ub300\ud3f0\uc6a9-\uc2e4\ub9ac\ucf58-\ucf00\uc774\uc2a4\/\",\"name\":\"Silicone case for mobile phone - Plastic Mold | China Mold Maker\",\"isPartOf\":{\"@id\":\"https:\/\/www.plasticmoldco.com\/el\/#website\"},\"primaryImageOfPage\":{\"@id\":\"https:\/\/www.plasticmoldco.com\/ko\/\ud734\ub300\ud3f0\uc6a9-\uc2e4\ub9ac\ucf58-\ucf00\uc774\uc2a4\/#primaryimage\"},\"image\":{\"@id\":\"https:\/\/www.plasticmoldco.com\/ko\/\ud734\ub300\ud3f0\uc6a9-\uc2e4\ub9ac\ucf58-\ucf00\uc774\uc2a4\/#primaryimage\"},\"thumbnailUrl\":\"https:\/\/plasticmoldco.com\/wp-content\/uploads\/2018\/10\/new.n-300x18.jpg\",\"datePublished\":\"2018-10-18T07:34:20+00:00\",\"breadcrumb\":{\"@id\":\"https:\/\/www.plasticmoldco.com\/ko\/\ud734\ub300\ud3f0\uc6a9-\uc2e4\ub9ac\ucf58-\ucf00\uc774\uc2a4\/#breadcrumb\"},\"inLanguage\":\"pl-PL\",\"potentialAction\":[{\"@type\":\"ReadAction\",\"target\":[\"https:\/\/www.plasticmoldco.com\/ko\/\ud734\ub300\ud3f0\uc6a9-\uc2e4\ub9ac\ucf58-\ucf00\uc774\uc2a4\/\"]}]},{\"@type\":\"ImageObject\",\"inLanguage\":\"pl-PL\",\"@id\":\"https:\/\/www.plasticmoldco.com\/ko\/\ud734\ub300\ud3f0\uc6a9-\uc2e4\ub9ac\ucf58-\ucf00\uc774\uc2a4\/#primaryimage\",\"url\":\"https:\/\/plasticmoldco.com\/wp-content\/uploads\/2018\/10\/new.n-300x18.jpg\",\"contentUrl\":\"https:\/\/plasticmoldco.com\/wp-content\/uploads\/2018\/10\/new.n-300x18.jpg\"},{\"@type\":\"BreadcrumbList\",\"@id\":\"https:\/\/www.plasticmoldco.com\/ko\/\ud734\ub300\ud3f0\uc6a9-\uc2e4\ub9ac\ucf58-\ucf00\uc774\uc2a4\/#breadcrumb\",\"itemListElement\":[{\"@type\":\"ListItem\",\"position\":1,\"name\":\"Home\",\"item\":\"https:\/\/www.plasticmoldco.com\/\"},{\"@type\":\"ListItem\",\"position\":2,\"name\":\"Silicone case for mobile phone\"}]},{\"@type\":\"WebSite\",\"@id\":\"https:\/\/www.plasticmoldco.com\/el\/#website\",\"url\":\"https:\/\/www.plasticmoldco.com\/el\/\",\"name\":\"Plastic Mold | China Mold Maker\",\"description\":\"Are you looking for injection mold china? We are plastic mold maker\",\"publisher\":{\"@id\":\"https:\/\/www.plasticmoldco.com\/el\/#organization\"},\"potentialAction\":[{\"@type\":\"SearchAction\",\"target\":{\"@type\":\"EntryPoint\",\"urlTemplate\":\"https:\/\/www.plasticmoldco.com\/el\/?s={search_term_string}\"},\"query-input\":{\"@type\":\"PropertyValueSpecification\",\"valueRequired\":true,\"valueName\":\"search_term_string\"}}],\"inLanguage\":\"pl-PL\"},{\"@type\":\"Organization\",\"@id\":\"https:\/\/www.plasticmoldco.com\/el\/#organization\",\"name\":\"Plastic Mold | China Mold Maker\",\"url\":\"https:\/\/www.plasticmoldco.com\/el\/\",\"logo\":{\"@type\":\"ImageObject\",\"inLanguage\":\"pl-PL\",\"@id\":\"https:\/\/www.plasticmoldco.com\/el\/#\/schema\/logo\/image\/\",\"url\":\"https:\/\/plasticmoldco.com\/wp-content\/uploads\/2018\/10\/nlogon.png\",\"contentUrl\":\"https:\/\/plasticmoldco.com\/wp-content\/uploads\/2018\/10\/nlogon.png\",\"width\":204,\"height\":54,\"caption\":\"Plastic Mold | China Mold Maker\"},\"image\":{\"@id\":\"https:\/\/www.plasticmoldco.com\/el\/#\/schema\/logo\/image\/\"}}]}<\/script>\n<!-- \/ Yoast SEO plugin. -->","yoast_head_json":{"title":"Silikonowe etui na telefon kom\u00f3rkowy - Plastic Mold | China Mold Maker","robots":{"index":"index","follow":"follow","max-snippet":"max-snippet:-1","max-image-preview":"max-image-preview:large","max-video-preview":"max-video-preview:-1"},"canonical":"https:\/\/www.plasticmoldco.com\/pl\/\ud734\ub300\ud3f0\uc6a9-\uc2e4\ub9ac\ucf58-\ucf00\uc774\uc2a4\/","og_locale":"pl_PL","og_type":"article","og_title":"Silicone case for mobile phone - Plastic Mold | China Mold Maker","og_description":"Silicone case for mobile phone Silicone case for\u00a0mobile phone 1.sample free 2.10 more designs available 3. OEM welcome For\u00a0mobile phone silicone case,many designs are available,the hot-sale item in the market. 1). Anti-dirt, washable, flexible, durable and tear-resistant 2). Made of high quality silicone A grade material, nontoxic,approved by SGS 3). Unique design allows easy access [&hellip;]","og_url":"https:\/\/www.plasticmoldco.com\/pl\/\ud734\ub300\ud3f0\uc6a9-\uc2e4\ub9ac\ucf58-\ucf00\uc774\uc2a4\/","og_site_name":"Plastic Mold | China Mold Maker","og_image":[{"url":"https:\/\/plasticmoldco.com\/wp-content\/uploads\/2018\/10\/new.n-300x18.jpg","type":"","width":"","height":""}],"twitter_card":"summary_large_image","twitter_misc":{"Szacowany czas czytania":"5 minut"},"schema":{"@context":"https:\/\/schema.org","@graph":[{"@type":"WebPage","@id":"https:\/\/www.plasticmoldco.com\/ko\/\ud734\ub300\ud3f0\uc6a9-\uc2e4\ub9ac\ucf58-\ucf00\uc774\uc2a4\/","url":"https:\/\/www.plasticmoldco.com\/ko\/\ud734\ub300\ud3f0\uc6a9-\uc2e4\ub9ac\ucf58-\ucf00\uc774\uc2a4\/","name":"Silikonowe etui na telefon kom\u00f3rkowy - Plastic Mold | China Mold Maker","isPartOf":{"@id":"https:\/\/www.plasticmoldco.com\/el\/#website"},"primaryImageOfPage":{"@id":"https:\/\/www.plasticmoldco.com\/ko\/\ud734\ub300\ud3f0\uc6a9-\uc2e4\ub9ac\ucf58-\ucf00\uc774\uc2a4\/#primaryimage"},"image":{"@id":"https:\/\/www.plasticmoldco.com\/ko\/\ud734\ub300\ud3f0\uc6a9-\uc2e4\ub9ac\ucf58-\ucf00\uc774\uc2a4\/#primaryimage"},"thumbnailUrl":"https:\/\/plasticmoldco.com\/wp-content\/uploads\/2018\/10\/new.n-300x18.jpg","datePublished":"2018-10-18T07:34:20+00:00","breadcrumb":{"@id":"https:\/\/www.plasticmoldco.com\/ko\/\ud734\ub300\ud3f0\uc6a9-\uc2e4\ub9ac\ucf58-\ucf00\uc774\uc2a4\/#breadcrumb"},"inLanguage":"pl-PL","potentialAction":[{"@type":"ReadAction","target":["https:\/\/www.plasticmoldco.com\/ko\/\ud734\ub300\ud3f0\uc6a9-\uc2e4\ub9ac\ucf58-\ucf00\uc774\uc2a4\/"]}]},{"@type":"ImageObject","inLanguage":"pl-PL","@id":"https:\/\/www.plasticmoldco.com\/ko\/\ud734\ub300\ud3f0\uc6a9-\uc2e4\ub9ac\ucf58-\ucf00\uc774\uc2a4\/#primaryimage","url":"https:\/\/plasticmoldco.com\/wp-content\/uploads\/2018\/10\/new.n-300x18.jpg","contentUrl":"https:\/\/plasticmoldco.com\/wp-content\/uploads\/2018\/10\/new.n-300x18.jpg"},{"@type":"BreadcrumbList","@id":"https:\/\/www.plasticmoldco.com\/ko\/\ud734\ub300\ud3f0\uc6a9-\uc2e4\ub9ac\ucf58-\ucf00\uc774\uc2a4\/#breadcrumb","itemListElement":[{"@type":"ListItem","position":1,"name":"Home","item":"https:\/\/www.plasticmoldco.com\/"},{"@type":"ListItem","position":2,"name":"Silicone case for mobile phone"}]},{"@type":"WebSite","@id":"https:\/\/www.plasticmoldco.com\/el\/#website","url":"https:\/\/www.plasticmoldco.com\/el\/","name":"Formy plastikowe | Chi\u0144ski producent form","description":"Szukasz chi\u0144skich form wtryskowych? Jeste\u015bmy producentem form plastikowych","publisher":{"@id":"https:\/\/www.plasticmoldco.com\/el\/#organization"},"potentialAction":[{"@type":"SearchAction","target":{"@type":"EntryPoint","urlTemplate":"https:\/\/www.plasticmoldco.com\/el\/?s={search_term_string}"},"query-input":{"@type":"PropertyValueSpecification","valueRequired":true,"valueName":"search_term_string"}}],"inLanguage":"pl-PL"},{"@type":"Organization","@id":"https:\/\/www.plasticmoldco.com\/el\/#organization","name":"Formy plastikowe | Chi\u0144ski producent form","url":"https:\/\/www.plasticmoldco.com\/el\/","logo":{"@type":"ImageObject","inLanguage":"pl-PL","@id":"https:\/\/www.plasticmoldco.com\/el\/#\/schema\/logo\/image\/","url":"https:\/\/plasticmoldco.com\/wp-content\/uploads\/2018\/10\/nlogon.png","contentUrl":"https:\/\/plasticmoldco.com\/wp-content\/uploads\/2018\/10\/nlogon.png","width":204,"height":54,"caption":"Plastic Mold | China Mold Maker"},"image":{"@id":"https:\/\/www.plasticmoldco.com\/el\/#\/schema\/logo\/image\/"}}]}},"_links":{"self":[{"href":"https:\/\/www.plasticmoldco.com\/pl\/wp-json\/wp\/v2\/pages\/899","targetHints":{"allow":["GET"]}}],"collection":[{"href":"https:\/\/www.plasticmoldco.com\/pl\/wp-json\/wp\/v2\/pages"}],"about":[{"href":"https:\/\/www.plasticmoldco.com\/pl\/wp-json\/wp\/v2\/types\/page"}],"author":[{"embeddable":true,"href":"https:\/\/www.plasticmoldco.com\/pl\/wp-json\/wp\/v2\/users\/1"}],"replies":[{"embeddable":true,"href":"https:\/\/www.plasticmoldco.com\/pl\/wp-json\/wp\/v2\/comments?post=899"}],"version-history":[{"count":0,"href":"https:\/\/www.plasticmoldco.com\/pl\/wp-json\/wp\/v2\/pages\/899\/revisions"}],"wp:attachment":[{"href":"https:\/\/www.plasticmoldco.com\/pl\/wp-json\/wp\/v2\/media?parent=899"}],"curies":[{"name":"wp","href":"https:\/\/api.w.org\/{rel}","templated":true}]}}