{"id":1201,"date":"2018-10-20T02:17:42","date_gmt":"2018-10-19T18:17:42","guid":{"rendered":"https:\/\/plasticmoldco.com\/?page_id=1201"},"modified":"2018-10-20T16:33:29","modified_gmt":"2018-10-20T08:33:29","slug":"overmolding-parts-001-2","status":"publish","type":"page","link":"https:\/\/www.plasticmoldco.com\/pl\/obtryskiwanie-czesci-001-2\/","title":{"rendered":"Obtrysk cz\u0119\u015bci 001"},"content":{"rendered":"<p>[et_pb_section bb_built=\"1\u2033 disabled_on=\"on|on|\" _builder_version=\"3.10.2\u2033 custom_padding=\"0|0px|0|0px|false|false\" next_background_color=\"#0000\u2033][et_pb_row custom_padding=\"18px|0px|0|0px|false|false\" _builder_version=\"3.0.48\u2033 background_size=\"initial\" background_position=\"top_left\" background_repeat=\"repeat\"][et_pb_column type=\"4_4\u2033][et_pb_text _builder_version=\"3.10.2\u2033 custom_margin=\"0px|-120px|16px|-100px\"]<\/p>\n<p><img loading=\"lazy\" decoding=\"async\" class=\"wp-image-213 alignnone size-medium\" src=\"https:\/\/plasticmoldco.com\/wp-content\/uploads\/2018\/10\/new.n-300x18.jpg\" alt=\"\" width=\"1266\" height=\"76\" srcset=\"https:\/\/www.plasticmoldco.com\/wp-content\/uploads\/2018\/10\/new.n-300x18.jpg 300w, https:\/\/www.plasticmoldco.com\/wp-content\/uploads\/2018\/10\/new.n-768x45.jpg 768w, https:\/\/www.plasticmoldco.com\/wp-content\/uploads\/2018\/10\/new.n-1024x60.jpg 1024w\" sizes=\"(max-width: 1266px) 100vw, 1266px\" \/><\/p>\n<p>[\/et_pb_text][\/et_pb_column][\/et_pb_row][\/et_pb_section][et_pb_section bb_built=\"1\u2033 disabled_on=\"||on\" _builder_version=\"3.10.2\u2033 custom_padding=\"22px|0px|0|0px|false|false\" prev_background_color=\"#0000\u2033 next_background_color=\"#0000\u2033][et_pb_row custom_padding=\"0|0px|12px|0px|false|false\" _builder_version=\"3.0.48\u2033 background_size=\"initial\" background_position=\"top_left\" background_repeat=\"repeat\"][et_pb_column type=\"4_4\u2033][et_pb_text _builder_version=\"3.10.2\u2033]<\/p>\n<p><img loading=\"lazy\" decoding=\"async\" class=\"wp-image-213 alignnone size-medium\" src=\"https:\/\/plasticmoldco.com\/wp-content\/uploads\/2018\/10\/new.n-300x18.jpg\" alt=\"\" width=\"1266\" height=\"76\" srcset=\"https:\/\/www.plasticmoldco.com\/wp-content\/uploads\/2018\/10\/new.n-300x18.jpg 300w, https:\/\/www.plasticmoldco.com\/wp-content\/uploads\/2018\/10\/new.n-768x45.jpg 768w, https:\/\/www.plasticmoldco.com\/wp-content\/uploads\/2018\/10\/new.n-1024x60.jpg 1024w\" sizes=\"(max-width: 1266px) 100vw, 1266px\" \/><\/p>\n<p>[\/et_pb_text][\/et_pb_column][\/et_pb_row][\/et_pb_section][et_pb_section bb_built=\"1\u2033 disabled_on=\"on|on|\" _builder_version=\"3.10.2\u2033 custom_padding=\"0|0px|54px|0px|false|false\" prev_background_color=\"#0000\u2033 next_background_color=\"#0000\u2033][et_pb_row custom_padding=\"0|0px|0px|false|false\" _builder_version=\"3.0.48\u2033 background_size=\"initial\" background_position=\"top_left\" background_repeat=\"repeat\"][et_pb_column type=\"3_4\u2033][et_pb_text _builder_version=\"3.10.2\u2033 border_width_all=\"3px\" border_color_all=\"#e5e5e5\u2033 custom_margin=\"15px|-90px||-86px\" custom_padding=\"10px|10px|10px|10px\"]<\/p>\n<div id=\"titlep\">\n<div id=\"titlep\">\n<div id=\"titlep\">\n<div id=\"titlep\">\n<div>\n<h1>Obtrysk cz\u0119\u015bci 001<\/h1>\n<\/div>\n<\/div>\n<div id=\"mge\"><img loading=\"lazy\" decoding=\"async\" class=\"alignnone  wp-image-1072\" src=\"https:\/\/plasticmoldco.com\/wp-content\/uploads\/2018\/10\/999-300x200.jpg\" alt=\"\" width=\"780\" height=\"520\" srcset=\"https:\/\/www.plasticmoldco.com\/wp-content\/uploads\/2018\/10\/999-300x200.jpg 300w, https:\/\/www.plasticmoldco.com\/wp-content\/uploads\/2018\/10\/999.jpg 700w\" sizes=\"(max-width: 780px) 100vw, 780px\" \/><\/div>\n<p>&nbsp;<\/p>\n<p>co to jest forma do obtrysku? ile krok\u00f3w dla cz\u0119\u015bci do obtrysku?<\/p>\n<p>Niekt\u00f3re formy pozwalaj\u0105 na ponowne w\u0142o\u017cenie wcze\u015bniej uformowanych cz\u0119\u015bci, aby umo\u017cliwi\u0107 utworzenie nowej warstwy tworzywa sztucznego wok\u00f3\u0142 pierwszej cz\u0119\u015bci. Jest to cz\u0119sto okre\u015blane jako <a href=\"https:\/\/web.archive.org\/web\/20140805223214\/http:\/\/www.moldchina.org\/\">obtrysk<\/a>. System ten pozwala na produkcj\u0119 jednocz\u0119\u015bciowych opon i k\u00f3\u0142.<\/p>\n<p>Formy dwustrza\u0142owe lub wielostrza\u0142owe s\u0105 zaprojektowane do \"obtrysku\" w jednym cyklu formowania i musz\u0105 by\u0107 przetwarzane na specjalistycznych wtryskarkach z dwoma lub wi\u0119cej jednostkami wtryskowymi. Proces ten jest w rzeczywisto\u015bci procesem formowania wtryskowego wykonywanym dwukrotnie. W pierwszym etapie materia\u0142 w kolorze bazowym jest formowany w podstawowy kszta\u0142t. Nast\u0119pnie drugi materia\u0142 jest formowany wtryskowo w pozosta\u0142e wolne przestrzenie. Przestrze\u0144 ta jest nast\u0119pnie wype\u0142niana podczas drugiego etapu wtrysku materia\u0142em o innym kolorze<\/p>\n<p>Profesjonalista w projektowaniu i produkcji r\u00f3\u017cnych form z tworzyw sztucznych<br \/>\nBogate do\u015bwiadczenie w projektowaniu i produkcji form<br \/>\nImportowane precyzyjne centrum obr\u00f3bcze<br \/>\nDok\u0142adno\u015b\u0107 obr\u00f3bki mo\u017ce by\u0107 kontrolowana na poziomie oko\u0142o 0,0025 mm, przy rozmiarze obr\u00f3bki do 1020\u00d7610\u00d7610 mm.<\/p>\n<p>Precyzyjne szlifierki s\u0105 niezb\u0119dnym wyposa\u017ceniem dla precyzyjnych form. Firma wdra\u017ca strategi\u0119 jako\u015bci. Szlifierki to maszyny o wysokiej precyzji szlifowania (precyzja do \u00b1 0,002 mm, wy\u017csza ni\u017c w centrum obr\u00f3bczym). Frezarki s\u0105 importowane z Tajwanu, z kt\u00f3rych 4 s\u0105 wyposa\u017cone w automatyczne systemy za\u0142adunku i roz\u0142adunku. S\u0105 wydajne, precyzyjne i dok\u0142adne. Maszyny EDM i CNC do ci\u0119cia drutu mog\u0105 dok\u0142adnie ci\u0105\u0107 nachylenie i sto\u017cek.<\/p>\n<\/div>\n<\/div>\n<\/div>\n<p>[\/et_pb_text][\/et_pb_column][et_pb_column type=\"1_4\u2033][et_pb_sidebar _builder_version=\"3.10.2\u2033 area=\"sidebar-1\u2033 custom_margin=\"15px|-94px||40px\" custom_padding=\"10px|10px|10px\" border_width_all=\"2px\" border_color_all=\"#d3d3\u2033 \/][\/et_pb_column][\/et_pb_row][\/et_pb_section][et_pb_section bb_built=\"1\u2033 disabled_on=\"||on\" _builder_version=\"3.10.2\u2033 custom_padding=\"0|0px|54px|0px|false|false\" next_background_color=\"#000000\u2033 prev_background_color=\"#000000\u2033][et_pb_row custom_padding=\"0|0px|0px|false|false\" _builder_version=\"3.0.48\u2033 background_size=\"initial\" background_position=\"top_left\" background_repeat=\"repeat\"][et_pb_column type=\"4_4\u2033][et_pb_text _builder_version=\"3.10.2\u2033 border_width_all=\"3px\" border_color_all=\"#e5e5e5\u2033]<\/p>\n<div id=\"titlep\">\n<div id=\"titlep\">\n<div id=\"titlep\">\n<div id=\"titlep\">\n<div id=\"titlep\">\n<div id=\"titlep\">\n<div id=\"titlep\">\n<div id=\"titlep\">\n<div id=\"titlep\">\n<div>\n<h1>Obtrysk cz\u0119\u015bci 001<\/h1>\n<\/div>\n<\/div>\n<div id=\"mge\"><img loading=\"lazy\" decoding=\"async\" class=\"alignnone  wp-image-1072\" src=\"https:\/\/plasticmoldco.com\/wp-content\/uploads\/2018\/10\/999-300x200.jpg\" alt=\"\" width=\"780\" height=\"520\" srcset=\"https:\/\/www.plasticmoldco.com\/wp-content\/uploads\/2018\/10\/999-300x200.jpg 300w, https:\/\/www.plasticmoldco.com\/wp-content\/uploads\/2018\/10\/999.jpg 700w\" sizes=\"(max-width: 780px) 100vw, 780px\" \/><\/div>\n<p>&nbsp;<\/p>\n<p>co to jest forma do obtrysku? ile krok\u00f3w dla cz\u0119\u015bci do obtrysku?<\/p>\n<p>Niekt\u00f3re formy pozwalaj\u0105 na ponowne w\u0142o\u017cenie wcze\u015bniej uformowanych cz\u0119\u015bci, aby umo\u017cliwi\u0107 utworzenie nowej warstwy tworzywa sztucznego wok\u00f3\u0142 pierwszej cz\u0119\u015bci. Jest to cz\u0119sto okre\u015blane jako <a href=\"https:\/\/web.archive.org\/web\/20140805223214\/http:\/\/www.moldchina.org\/\">obtrysk<\/a>. System ten pozwala na produkcj\u0119 jednocz\u0119\u015bciowych opon i k\u00f3\u0142.<\/p>\n<p>Formy dwustrza\u0142owe lub wielostrza\u0142owe s\u0105 zaprojektowane do \"obtrysku\" w jednym cyklu formowania i musz\u0105 by\u0107 przetwarzane na specjalistycznych wtryskarkach z dwoma lub wi\u0119cej jednostkami wtryskowymi. Proces ten jest w rzeczywisto\u015bci procesem formowania wtryskowego wykonywanym dwukrotnie. W pierwszym etapie materia\u0142 w kolorze bazowym jest formowany w podstawowy kszta\u0142t. Nast\u0119pnie drugi materia\u0142 jest formowany wtryskowo w pozosta\u0142e wolne przestrzenie. Przestrze\u0144 ta jest nast\u0119pnie wype\u0142niana podczas drugiego etapu wtrysku materia\u0142em o innym kolorze<\/p>\n<p>Profesjonalista w projektowaniu i produkcji r\u00f3\u017cnych form z tworzyw sztucznych<br \/>\nBogate do\u015bwiadczenie w projektowaniu i produkcji form<br \/>\nImportowane precyzyjne centrum obr\u00f3bcze<br \/>\nDok\u0142adno\u015b\u0107 obr\u00f3bki mo\u017ce by\u0107 kontrolowana na poziomie oko\u0142o 0,0025 mm, przy rozmiarze obr\u00f3bki do 1020\u00d7610\u00d7610 mm.<\/p>\n<p>Precyzyjne szlifierki s\u0105 niezb\u0119dnym wyposa\u017ceniem dla precyzyjnych form. Firma wdra\u017ca strategi\u0119 jako\u015bci. Szlifierki to maszyny o wysokiej precyzji szlifowania (precyzja do \u00b1 0,002 mm, wy\u017csza ni\u017c w centrum obr\u00f3bczym). Frezarki s\u0105 importowane z Tajwanu, z kt\u00f3rych 4 s\u0105 wyposa\u017cone w automatyczne systemy za\u0142adunku i roz\u0142adunku. S\u0105 wydajne, precyzyjne i dok\u0142adne. Maszyny EDM i CNC do ci\u0119cia drutu mog\u0105 dok\u0142adnie ci\u0105\u0107 nachylenie i sto\u017cek.<\/p>\n<\/div>\n<\/div>\n<\/div>\n<\/div>\n<\/div>\n<\/div>\n<\/div>\n<\/div>\n<p>[\/et_pb_text][et_pb_sidebar _builder_version=\"3.10.2\u2033 area=\"sidebar-1\u2033 custom_padding=\"10px||10px|10px\" border_width_all=\"2px\" border_color_all=\"#d3d3\u2033 custom_margin=\"|-250px||\" \/][\/et_pb_column][\/et_pb_row][\/et_pb_section][et_pb_section bb_built=\"1\u2033 disabled_on=\"on|on|\" _builder_version=\u201d3.10.2\u2033 custom_margin=\u201d-103px|||\u201d prev_background_color=\u201d#000000\u2033 next_background_color=\u201d#000000\u2033][et_pb_row _builder_version=\u201d3.0.48\u2033 background_size=\"initial\" background_position=\"top_left\" background_repeat=\"repeat\"][et_pb_column type=\"4_4\u2033][et_pb_text _builder_version=\"3.10.2\u2033 custom_margin=\"|-62px||-84px\"]<\/p>\n<p style=\"padding-left: 30px;\"><strong>Chi\u0144ska plastikowa forma wtryskowa, producent narz\u0119dzi, chi\u0144ski producent form, chi\u0144skie oprzyrz\u0105dowanie, chi\u0144ska forma plastikowa, chi\u0144ska fabryka form wtryskowych, producent plastikowych form wtryskowych w Chinach<\/strong><\/p>\n<p>[\/et_pb_text][et_pb_text _builder_version=\u201d3.10.2\u2033 custom_margin=\u201d-15px|-50px||-50px\u201d]<\/p>\n<p><strong><span style=\"color: #0c0c0c;\"><a href=\"https:\/\/www.plasticmoldco.com\/pl\/\">Strona g\u0142\u00f3wna\u00a0 \u00a0<\/a>|\u00a0 \u00a0<a href=\"https:\/\/www.plasticmoldco.com\/pl\/about-us\/\">O nas\u00a0<\/a> \u00a0|\u00a0 <a href=\"https:\/\/www.plasticmoldco.com\/pl\/projektowanie-inzynieryjne\/\">Projektowanie i in\u017cynieria<\/a>\u00a0 |\u00a0 \u00a0<a href=\"https:\/\/www.plasticmoldco.com\/pl\/products\/\">Produkty\u00a0\u00a0\u00a0\u00a0\u00a0<\/a>|\u00a0\u00a0\u00a0\u00a0\u00a0<a href=\"https:\/\/www.plasticmoldco.com\/pl\/wiadomosci\/\">Aktualno\u015bci<\/a>\u00a0\u00a0\u00a0\u00a0\u00a0|\u00a0\u00a0\u00a0\u00a0\u00a0<a href=\"https:\/\/www.plasticmoldco.com\/pl\/wysokiej-jakosci-ubezpieczenie\/\">Jako\u015b\u0107 ubezpieczenia\u00a0<\/a>\u00a0\u00a0\u00a0\u00a0|\u00a0 \u00a0 <a href=\"https:\/\/www.plasticmoldco.com\/pl\/procedura-po\/\">Procedura PO<\/a>\u00a0 \u00a0 |\u00a0 \u00a0 <a href=\"https:\/\/www.plasticmoldco.com\/pl\/sprzet\/\">Sprz\u0119t\u00a0 \u00a0<\/a> |\u00a0 \u00a0<a href=\"https:\/\/www.plasticmoldco.com\/pl\/przypadek-wzornictwa-przemyslowego\/\">Przypadek wzornictwa przemys\u0142owego\u00a0<\/a> \u00a0 |\u00a0 \u00a0 <a href=\"https:\/\/www.plasticmoldco.com\/pl\/mapa-strony\/\">Sitemap<\/a><\/span><\/strong><\/p>\n<p>[\/et_pb_text][et_pb_text _builder_version=\"3.10.2\u2033 custom_margin=\"-15px||\"]<\/p>\n<p style=\"text-align: center;\"><strong>Copyright \u00a9 2011 DONGGUAN SINCER TECH CO.LTD. | Chiny Producent form, Chiny Formowanie wtryskowe tworzyw sztucznych, Chiny Producent narz\u0119dzi.<\/strong><br \/>\n<strong> Numer w rejestrze sp\u00f3\u0142ek: 1626173<\/strong><\/p>\n<p>[\/et_pb_text][\/et_pb_column][\/et_pb_row][\/et_pb_section][et_pb_section bb_built=\"1\u2033 disabled_on=\"||on\" _builder_version=\"3.10.2\u2033 custom_margin=\"-103px||\" prev_background_color=\"#0000\u2033][et_pb_row _builder_version=\"3.0.48\u2033 background_size=\"initial\" background_position=\"top_left\" background_repeat=\"repeat\"][et_pb_column type=\"4_4\u2033][et_pb_text _builder_version=\"3.10.2\u2033]<\/p>\n<p style=\"padding-left: 30px;\"><strong>Chi\u0144ska plastikowa forma wtryskowa, producent narz\u0119dzi, chi\u0144ski producent form, chi\u0144skie oprzyrz\u0105dowanie, chi\u0144ska forma plastikowa, chi\u0144ska fabryka form wtryskowych, producent plastikowych form wtryskowych w Chinach<\/strong><\/p>\n<p>[\/et_pb_text][et_pb_text _builder_version=\u201d3.10.2\u2033]<\/p>\n<p><strong><span style=\"color: #0c0c0c;\"><a href=\"https:\/\/www.plasticmoldco.com\/pl\/\">Strona g\u0142\u00f3wna\u00a0 \u00a0<\/a>|\u00a0 \u00a0<a href=\"https:\/\/www.plasticmoldco.com\/pl\/about-us\/\">O nas\u00a0<\/a> \u00a0|\u00a0 <a href=\"https:\/\/www.plasticmoldco.com\/pl\/projektowanie-inzynieryjne\/\">Projektowanie i in\u017cynieria<\/a>\u00a0 |\u00a0 \u00a0<a href=\"https:\/\/www.plasticmoldco.com\/pl\/products\/\">Produkty\u00a0\u00a0\u00a0\u00a0\u00a0<\/a>|\u00a0\u00a0\u00a0\u00a0\u00a0<a href=\"https:\/\/www.plasticmoldco.com\/pl\/wiadomosci\/\">Aktualno\u015bci<\/a>\u00a0\u00a0\u00a0\u00a0\u00a0|\u00a0\u00a0\u00a0\u00a0\u00a0<a href=\"https:\/\/www.plasticmoldco.com\/pl\/wysokiej-jakosci-ubezpieczenie\/\">Jako\u015b\u0107 ubezpieczenia\u00a0<\/a>\u00a0\u00a0\u00a0\u00a0|\u00a0 \u00a0 <a href=\"https:\/\/www.plasticmoldco.com\/pl\/procedura-po\/\">Procedura PO<\/a>\u00a0 \u00a0 |\u00a0 \u00a0 <a href=\"https:\/\/www.plasticmoldco.com\/pl\/sprzet\/\">Sprz\u0119t\u00a0 \u00a0<\/a> |\u00a0 \u00a0<a href=\"https:\/\/www.plasticmoldco.com\/pl\/przypadek-wzornictwa-przemyslowego\/\">Przypadek wzornictwa przemys\u0142owego\u00a0<\/a> \u00a0 |\u00a0 \u00a0 <a href=\"https:\/\/www.plasticmoldco.com\/pl\/mapa-strony\/\">Sitemap<\/a><\/span><\/strong><\/p>\n<p>[\/et_pb_text][et_pb_text _builder_version=\u201d3.10.2\u2033]<\/p>\n<p style=\"text-align: center;\"><strong>Copyright \u00a9 2011 DONGGUAN SINCER TECH CO.LTD. | Chiny Producent form, Chiny Formowanie wtryskowe tworzyw sztucznych, Chiny Producent narz\u0119dzi.<\/strong><br \/>\n<strong> Numer w rejestrze sp\u00f3\u0142ek: 1626173<\/strong><\/p>\n<p>[\/et_pb_text][\/et_pb_column][\/et_pb_row][\/et_pb_section]<\/p>","protected":false},"excerpt":{"rendered":"<p>Overmolding parts 001 &nbsp; what is overmolding mold?how many steps for the overmolding part? Some molds allow previously molded parts to be reinserted to allow a new plastic layer to form around the first part. This is often referred to as overmolding. This system can allow for production of one-piece tires and wheels. Two-shot or [&hellip;]<\/p>","protected":false},"author":1,"featured_media":0,"parent":0,"menu_order":0,"comment_status":"closed","ping_status":"closed","template":"","meta":{"_et_pb_use_builder":"on","_et_pb_old_content":"","_et_gb_content_width":"","footnotes":""},"class_list":["post-1201","page","type-page","status-publish","hentry"],"yoast_head":"<!-- This site is optimized with the Yoast SEO plugin v27.4 - https:\/\/yoast.com\/product\/yoast-seo-wordpress\/ -->\n<title>Overmolding parts 001 - Plastic Mold | China Mold Maker<\/title>\n<meta name=\"robots\" content=\"index, follow, max-snippet:-1, max-image-preview:large, max-video-preview:-1\" \/>\n<link rel=\"canonical\" href=\"https:\/\/www.plasticmoldco.com\/pl\/pecas-de-sobremoldagem-001-2\/\" \/>\n<meta property=\"og:locale\" content=\"pl_PL\" \/>\n<meta property=\"og:type\" content=\"article\" \/>\n<meta property=\"og:title\" content=\"Overmolding parts 001 - Plastic Mold | China Mold Maker\" \/>\n<meta property=\"og:description\" content=\"Overmolding parts 001 &nbsp; what is overmolding mold?how many steps for the overmolding part? Some molds allow previously molded parts to be reinserted to allow a new plastic layer to form around the first part. This is often referred to as overmolding. This system can allow for production of one-piece tires and wheels. Two-shot or [&hellip;]\" \/>\n<meta property=\"og:url\" content=\"https:\/\/www.plasticmoldco.com\/pl\/pecas-de-sobremoldagem-001-2\/\" \/>\n<meta property=\"og:site_name\" content=\"Plastic Mold | China Mold Maker\" \/>\n<meta property=\"article:modified_time\" content=\"2018-10-20T08:33:29+00:00\" \/>\n<meta property=\"og:image\" content=\"https:\/\/plasticmoldco.com\/wp-content\/uploads\/2018\/10\/new.n-300x18.jpg\" \/>\n<meta name=\"twitter:card\" content=\"summary_large_image\" \/>\n<meta name=\"twitter:label1\" content=\"Szacowany czas czytania\" \/>\n\t<meta name=\"twitter:data1\" content=\"5 minut\" \/>\n<script type=\"application\/ld+json\" class=\"yoast-schema-graph\">{\"@context\":\"https:\\\/\\\/schema.org\",\"@graph\":[{\"@type\":\"WebPage\",\"@id\":\"https:\\\/\\\/www.plasticmoldco.com\\\/pt\\\/pecas-de-sobremoldagem-001-2\\\/\",\"url\":\"https:\\\/\\\/www.plasticmoldco.com\\\/pt\\\/pecas-de-sobremoldagem-001-2\\\/\",\"name\":\"Overmolding parts 001 - Plastic Mold | China Mold Maker\",\"isPartOf\":{\"@id\":\"https:\\\/\\\/www.plasticmoldco.com\\\/el\\\/#website\"},\"primaryImageOfPage\":{\"@id\":\"https:\\\/\\\/www.plasticmoldco.com\\\/pt\\\/pecas-de-sobremoldagem-001-2\\\/#primaryimage\"},\"image\":{\"@id\":\"https:\\\/\\\/www.plasticmoldco.com\\\/pt\\\/pecas-de-sobremoldagem-001-2\\\/#primaryimage\"},\"thumbnailUrl\":\"https:\\\/\\\/plasticmoldco.com\\\/wp-content\\\/uploads\\\/2018\\\/10\\\/new.n-300x18.jpg\",\"datePublished\":\"2018-10-19T18:17:42+00:00\",\"dateModified\":\"2018-10-20T08:33:29+00:00\",\"breadcrumb\":{\"@id\":\"https:\\\/\\\/www.plasticmoldco.com\\\/pt\\\/pecas-de-sobremoldagem-001-2\\\/#breadcrumb\"},\"inLanguage\":\"pl-PL\",\"potentialAction\":[{\"@type\":\"ReadAction\",\"target\":[\"https:\\\/\\\/www.plasticmoldco.com\\\/pt\\\/pecas-de-sobremoldagem-001-2\\\/\"]}]},{\"@type\":\"ImageObject\",\"inLanguage\":\"pl-PL\",\"@id\":\"https:\\\/\\\/www.plasticmoldco.com\\\/pt\\\/pecas-de-sobremoldagem-001-2\\\/#primaryimage\",\"url\":\"https:\\\/\\\/plasticmoldco.com\\\/wp-content\\\/uploads\\\/2018\\\/10\\\/new.n-300x18.jpg\",\"contentUrl\":\"https:\\\/\\\/plasticmoldco.com\\\/wp-content\\\/uploads\\\/2018\\\/10\\\/new.n-300x18.jpg\"},{\"@type\":\"BreadcrumbList\",\"@id\":\"https:\\\/\\\/www.plasticmoldco.com\\\/pt\\\/pecas-de-sobremoldagem-001-2\\\/#breadcrumb\",\"itemListElement\":[{\"@type\":\"ListItem\",\"position\":1,\"name\":\"Home\",\"item\":\"https:\\\/\\\/www.plasticmoldco.com\\\/\"},{\"@type\":\"ListItem\",\"position\":2,\"name\":\"Overmolding parts 001\"}]},{\"@type\":\"WebSite\",\"@id\":\"https:\\\/\\\/www.plasticmoldco.com\\\/el\\\/#website\",\"url\":\"https:\\\/\\\/www.plasticmoldco.com\\\/el\\\/\",\"name\":\"Plastic Mold | China Mold Maker\",\"description\":\"Are you looking for injection mold china? We are plastic mold maker\",\"publisher\":{\"@id\":\"https:\\\/\\\/www.plasticmoldco.com\\\/el\\\/#organization\"},\"potentialAction\":[{\"@type\":\"SearchAction\",\"target\":{\"@type\":\"EntryPoint\",\"urlTemplate\":\"https:\\\/\\\/www.plasticmoldco.com\\\/el\\\/?s={search_term_string}\"},\"query-input\":{\"@type\":\"PropertyValueSpecification\",\"valueRequired\":true,\"valueName\":\"search_term_string\"}}],\"inLanguage\":\"pl-PL\"},{\"@type\":\"Organization\",\"@id\":\"https:\\\/\\\/www.plasticmoldco.com\\\/el\\\/#organization\",\"name\":\"Plastic Mold | China Mold Maker\",\"url\":\"https:\\\/\\\/www.plasticmoldco.com\\\/el\\\/\",\"logo\":{\"@type\":\"ImageObject\",\"inLanguage\":\"pl-PL\",\"@id\":\"https:\\\/\\\/www.plasticmoldco.com\\\/el\\\/#\\\/schema\\\/logo\\\/image\\\/\",\"url\":\"https:\\\/\\\/plasticmoldco.com\\\/wp-content\\\/uploads\\\/2018\\\/10\\\/nlogon.png\",\"contentUrl\":\"https:\\\/\\\/plasticmoldco.com\\\/wp-content\\\/uploads\\\/2018\\\/10\\\/nlogon.png\",\"width\":204,\"height\":54,\"caption\":\"Plastic Mold | China Mold Maker\"},\"image\":{\"@id\":\"https:\\\/\\\/www.plasticmoldco.com\\\/el\\\/#\\\/schema\\\/logo\\\/image\\\/\"}}]}<\/script>\n<!-- \/ Yoast SEO plugin. -->","yoast_head_json":{"title":"Overmolding cz\u0119\u015bci 001 - Formy z tworzyw sztucznych | Chiny Producent form","robots":{"index":"index","follow":"follow","max-snippet":"max-snippet:-1","max-image-preview":"max-image-preview:large","max-video-preview":"max-video-preview:-1"},"canonical":"https:\/\/www.plasticmoldco.com\/pl\/pecas-de-sobremoldagem-001-2\/","og_locale":"pl_PL","og_type":"article","og_title":"Overmolding parts 001 - Plastic Mold | China Mold Maker","og_description":"Overmolding parts 001 &nbsp; what is overmolding mold?how many steps for the overmolding part? Some molds allow previously molded parts to be reinserted to allow a new plastic layer to form around the first part. This is often referred to as overmolding. This system can allow for production of one-piece tires and wheels. Two-shot or [&hellip;]","og_url":"https:\/\/www.plasticmoldco.com\/pl\/pecas-de-sobremoldagem-001-2\/","og_site_name":"Plastic Mold | China Mold Maker","article_modified_time":"2018-10-20T08:33:29+00:00","og_image":[{"url":"https:\/\/plasticmoldco.com\/wp-content\/uploads\/2018\/10\/new.n-300x18.jpg","type":"","width":"","height":""}],"twitter_card":"summary_large_image","twitter_misc":{"Szacowany czas czytania":"5 minut"},"schema":{"@context":"https:\/\/schema.org","@graph":[{"@type":"WebPage","@id":"https:\/\/www.plasticmoldco.com\/pt\/pecas-de-sobremoldagem-001-2\/","url":"https:\/\/www.plasticmoldco.com\/pt\/pecas-de-sobremoldagem-001-2\/","name":"Overmolding cz\u0119\u015bci 001 - Formy z tworzyw sztucznych | Chiny Producent form","isPartOf":{"@id":"https:\/\/www.plasticmoldco.com\/el\/#website"},"primaryImageOfPage":{"@id":"https:\/\/www.plasticmoldco.com\/pt\/pecas-de-sobremoldagem-001-2\/#primaryimage"},"image":{"@id":"https:\/\/www.plasticmoldco.com\/pt\/pecas-de-sobremoldagem-001-2\/#primaryimage"},"thumbnailUrl":"https:\/\/plasticmoldco.com\/wp-content\/uploads\/2018\/10\/new.n-300x18.jpg","datePublished":"2018-10-19T18:17:42+00:00","dateModified":"2018-10-20T08:33:29+00:00","breadcrumb":{"@id":"https:\/\/www.plasticmoldco.com\/pt\/pecas-de-sobremoldagem-001-2\/#breadcrumb"},"inLanguage":"pl-PL","potentialAction":[{"@type":"ReadAction","target":["https:\/\/www.plasticmoldco.com\/pt\/pecas-de-sobremoldagem-001-2\/"]}]},{"@type":"ImageObject","inLanguage":"pl-PL","@id":"https:\/\/www.plasticmoldco.com\/pt\/pecas-de-sobremoldagem-001-2\/#primaryimage","url":"https:\/\/plasticmoldco.com\/wp-content\/uploads\/2018\/10\/new.n-300x18.jpg","contentUrl":"https:\/\/plasticmoldco.com\/wp-content\/uploads\/2018\/10\/new.n-300x18.jpg"},{"@type":"BreadcrumbList","@id":"https:\/\/www.plasticmoldco.com\/pt\/pecas-de-sobremoldagem-001-2\/#breadcrumb","itemListElement":[{"@type":"ListItem","position":1,"name":"Home","item":"https:\/\/www.plasticmoldco.com\/"},{"@type":"ListItem","position":2,"name":"Overmolding parts 001"}]},{"@type":"WebSite","@id":"https:\/\/www.plasticmoldco.com\/el\/#website","url":"https:\/\/www.plasticmoldco.com\/el\/","name":"Formy plastikowe | Chi\u0144ski producent form","description":"Szukasz chi\u0144skich form wtryskowych? Jeste\u015bmy producentem form plastikowych","publisher":{"@id":"https:\/\/www.plasticmoldco.com\/el\/#organization"},"potentialAction":[{"@type":"SearchAction","target":{"@type":"EntryPoint","urlTemplate":"https:\/\/www.plasticmoldco.com\/el\/?s={search_term_string}"},"query-input":{"@type":"PropertyValueSpecification","valueRequired":true,"valueName":"search_term_string"}}],"inLanguage":"pl-PL"},{"@type":"Organization","@id":"https:\/\/www.plasticmoldco.com\/el\/#organization","name":"Formy plastikowe | Chi\u0144ski producent form","url":"https:\/\/www.plasticmoldco.com\/el\/","logo":{"@type":"ImageObject","inLanguage":"pl-PL","@id":"https:\/\/www.plasticmoldco.com\/el\/#\/schema\/logo\/image\/","url":"https:\/\/plasticmoldco.com\/wp-content\/uploads\/2018\/10\/nlogon.png","contentUrl":"https:\/\/plasticmoldco.com\/wp-content\/uploads\/2018\/10\/nlogon.png","width":204,"height":54,"caption":"Plastic Mold | China Mold Maker"},"image":{"@id":"https:\/\/www.plasticmoldco.com\/el\/#\/schema\/logo\/image\/"}}]}},"_links":{"self":[{"href":"https:\/\/www.plasticmoldco.com\/pl\/wp-json\/wp\/v2\/pages\/1201","targetHints":{"allow":["GET"]}}],"collection":[{"href":"https:\/\/www.plasticmoldco.com\/pl\/wp-json\/wp\/v2\/pages"}],"about":[{"href":"https:\/\/www.plasticmoldco.com\/pl\/wp-json\/wp\/v2\/types\/page"}],"author":[{"embeddable":true,"href":"https:\/\/www.plasticmoldco.com\/pl\/wp-json\/wp\/v2\/users\/1"}],"replies":[{"embeddable":true,"href":"https:\/\/www.plasticmoldco.com\/pl\/wp-json\/wp\/v2\/comments?post=1201"}],"version-history":[{"count":0,"href":"https:\/\/www.plasticmoldco.com\/pl\/wp-json\/wp\/v2\/pages\/1201\/revisions"}],"wp:attachment":[{"href":"https:\/\/www.plasticmoldco.com\/pl\/wp-json\/wp\/v2\/media?parent=1201"}],"curies":[{"name":"wp","href":"https:\/\/api.w.org\/{rel}","templated":true}]}}