{"id":852,"date":"2018-10-18T14:52:31","date_gmt":"2018-10-18T06:52:31","guid":{"rendered":"https:\/\/plasticmoldco.com\/?page_id=852"},"modified":"2018-10-18T14:52:31","modified_gmt":"2018-10-18T06:52:31","slug":"overmolding-parts-001","status":"publish","type":"page","link":"https:\/\/www.plasticmoldco.com\/nb\/overstopningsdeler-001\/","title":{"rendered":"Overforming av deler 001"},"content":{"rendered":"<p>[et_pb_section bb_built=\"1\u2033 disabled_on=\"on|on|\" _builder_version=\"3.10.2\u2033 custom_padding=\"0|0px|0|0px|false|false\" next_background_color=\"#000000\u2033][et_pb_row custom_padding=\"18px|0px|0|0px|false|false|false\" _builder_version=\"3.0.48\u2033 background_size=\"initial\" background_position=\"top_left\" background_repeat=\"repeat\"][et_pb_column type=\"4_4\u2033][et_pb_text _builder_version=\"3.10.2\u2033 custom_margin=\"0px|-120px|16px|-100px\"][et_pb_text<\/p>\n<p><img loading=\"lazy\" decoding=\"async\" class=\"wp-image-213 alignnone size-medium\" src=\"https:\/\/plasticmoldco.com\/wp-content\/uploads\/2018\/10\/new.n-300x18.jpg\" alt=\"\" width=\"1266\" height=\"76\" srcset=\"https:\/\/www.plasticmoldco.com\/wp-content\/uploads\/2018\/10\/new.n-300x18.jpg 300w, https:\/\/www.plasticmoldco.com\/wp-content\/uploads\/2018\/10\/new.n-768x45.jpg 768w, https:\/\/www.plasticmoldco.com\/wp-content\/uploads\/2018\/10\/new.n-1024x60.jpg 1024w\" sizes=\"(max-width: 1266px) 100vw, 1266px\" \/><\/p>\n<p>[\/et_pb_text][\/et_pb_column][\/et_pb_row][\/et_pb_section][et_pb_section bb_built=\"1\u2033 disabled_on=\"||on\" _builder_version=\"3.10.2\u2033 custom_padding=\"22px|0px|0|0px|false|false\" prev_background_color=\"#000000\u2033 next_background_color=\"#000000\u2033][et_pb_row custom_padding=\"0|0px|0px|12px|0px|false|false|false\" _builder_version=\"3.0.48\u2033 background_size=\"initial\" background_position=\"top_left\" background_repeat=\"repeat\"][et_pb_column type=\"4_4\u2033][et_pb_text _builder_version=\"3.10.2\u2033]]<\/p>\n<p><img loading=\"lazy\" decoding=\"async\" class=\"wp-image-213 alignnone size-medium\" src=\"https:\/\/plasticmoldco.com\/wp-content\/uploads\/2018\/10\/new.n-300x18.jpg\" alt=\"\" width=\"1266\" height=\"76\" srcset=\"https:\/\/www.plasticmoldco.com\/wp-content\/uploads\/2018\/10\/new.n-300x18.jpg 300w, https:\/\/www.plasticmoldco.com\/wp-content\/uploads\/2018\/10\/new.n-768x45.jpg 768w, https:\/\/www.plasticmoldco.com\/wp-content\/uploads\/2018\/10\/new.n-1024x60.jpg 1024w\" sizes=\"(max-width: 1266px) 100vw, 1266px\" \/><\/p>\n<p>[\/et_pb_text][\/et_pb_column][\/et_pb_row][\/et_pb_section][et_pb_section bb_built=\"1\u2033 disabled_on=\"on|on|\" _builder_version=\"3.10.2\u2033 custom_padding=\"0|0px|54px|0px|0px|false|false\" prev_background_color=\"#000000\u2033 next_background_color=\"#000000\u2033][et_pb_row custom_padding=\"0|0px|0|0px|0px|false|false\" _builder_version=\"3.0.48\u2033 background_size=\"initial\" background_position=\"top_left\" background_repeat=\"repeat\"][et_pb_column type=\"3_4\u2033][et_pb_text _builder_version=\"3.10.2\u2033 border_width_all=\"3px\" border_color_all=\"#e5e5e5e5\u2033 custom_margin=\"15px|-90px||-86px\" custom_padding=\"10px|10px|10px|10px|10px\"]]<\/p>\n<div id=\"titlep\">\n<div id=\"titlep\">\n<div id=\"titlep\">\n<div id=\"titlep\">\n<div>\n<h2>Overforming av deler 001<\/h2>\n<\/div>\n<\/div>\n<div id=\"mge\"><\/div>\n<p><a href=\"https:\/\/web.archive.org\/web\/20140805223214\/http:\/\/www.moldchina.org\/wp-content\/uploads\/2011\/02\/700-1.jpg\"><img loading=\"lazy\" decoding=\"async\" class=\"alignnone size-full wp-image-1488\" src=\"https:\/\/web.archive.org\/web\/20140805223214im_\/http:\/\/www.moldchina.org\/wp-content\/uploads\/2011\/02\/700-1.jpg\" alt=\"Kina overmolding fabrikk selskap\" width=\"700\" height=\"467\" \/><\/a><\/p>\n<p>hva er overmolding mold? hvor mange trinn for overmolding del?<\/p>\n<p>Noen st\u00f8peformer gj\u00f8r det mulig \u00e5 sette inn tidligere st\u00f8pte deler p\u00e5 nytt, slik at det dannes et nytt plastlag rundt den f\u00f8rste delen. Dette kalles ofte overforming. Dette systemet kan gj\u00f8re det mulig \u00e5 produsere dekk og felger i ett stykke.<\/p>\n<p>To-shot- eller multi-shot-former er utformet for \u00e5 \"overst\u00f8pe\" i l\u00f8pet av en enkelt st\u00f8pesyklus og m\u00e5 behandles p\u00e5 spesialiserte spr\u00f8ytest\u00f8pemaskiner med to eller flere injeksjonsenheter. Denne prosessen er faktisk en spr\u00f8ytest\u00f8peprosess som utf\u00f8res to ganger. I det f\u00f8rste trinnet st\u00f8pes grunnfargematerialet til en grunnleggende form. Deretter spr\u00f8ytest\u00f8pes det andre materialet inn i de gjenv\u00e6rende \u00e5pne mellomrommene. Dette mellomrommet fylles deretter i det andre injeksjonstrinnet med et materiale i en annen farge.<\/p>\n<p>Profesjonell innen design og produksjon av ulike plastformer<br \/>\nLang erfaring innen design og produksjon av st\u00f8peformer<br \/>\nImportert maskineringssenter med h\u00f8y presisjon<br \/>\nBearbeidingsn\u00f8yaktigheten kan kontrolleres p\u00e5 rundt 0,0025 mm, behandlingsst\u00f8rrelse opp til 1020 \u00d7 610 \u00d7 610 mm.<\/p>\n<p>Slipemaskiner med h\u00f8y presisjon er n\u00f8dvendig utstyr for presisjonsformer. Selskapet implementerer en kvalitetsstrategi. Slipemaskinene er h\u00f8ypresisjonsslipemaskiner (presisjon opp til \u00b1 0,002 mm, h\u00f8yere enn prosesseringssenteret). Fresemaskinene er importert fra Taiwan, hvorav 4 er utstyrt med automatiske laste- og lossesystemer. De er kraftige, presise og n\u00f8yaktige. EDM-maskiner og CNC-tr\u00e5dskj\u00e6ring kan kutte skr\u00e5ning og avsmalning n\u00f8yaktig.<\/p>\n<\/div>\n<\/div>\n<\/div>\n<p>[\/et_pb_text][\/et_pb_column][et_pb_column type=\"1_4\u2033][et_pb_sidebar _builder_version=\"3.10.2\u2033 area=\"sidebar-1\u2033 custom_margin=\"15px|-94px|||40px\" custom_padding=\"10px|10px|10px|10px|10px\" border_width_all=\"2px\" border_color_all=\"#d3d3d3\u2033 \/][\/et_pb_column][\/et_pb_row][\/et_pb_section][et_pb_section bb_built=\"1\u2033 disabled_on=\"||on\" _builder_version=\"3.10.2\u2033 custom_padding=\"0|0px|54px|0px|0px|false|false\" prev_background_color=\"#000000\u2033 next_background_color=\"#000000\u2033][et_pb_row custom_padding=\"0|0px|0px|0px|false|false\" _builder_version=\"3.0.48\u2033 background_size=\"initial\" background_position=\"top_left\" background_repeat=\"repeat\"][et_pb_column type=\"4_4\u2033][et_pb_text _builder_version=\"3.10.2\u2033 border_width_all=\"3px\" border_color_all=\"#e5e5e5\u2033]][et_pb_text _builder_version=\"3.10.2\u2033 border_width_all=\"3px<\/p>\n<div id=\"titlep\">\n<div id=\"titlep\">\n<div id=\"titlep\">\n<div>\n<h2>Overforming av deler 001<\/h2>\n<\/div>\n<\/div>\n<div id=\"mge\"><\/div>\n<p><a href=\"https:\/\/web.archive.org\/web\/20140805223214\/http:\/\/www.moldchina.org\/wp-content\/uploads\/2011\/02\/700-1.jpg\"><img loading=\"lazy\" decoding=\"async\" class=\"alignnone size-full wp-image-1488\" src=\"https:\/\/web.archive.org\/web\/20140805223214im_\/http:\/\/www.moldchina.org\/wp-content\/uploads\/2011\/02\/700-1.jpg\" alt=\"Kina overmolding fabrikk selskap\" width=\"700\" height=\"467\" \/><\/a><\/p>\n<p>hva er overmolding mold? hvor mange trinn for overmolding del?<\/p>\n<p>Noen st\u00f8peformer gj\u00f8r det mulig \u00e5 sette inn tidligere st\u00f8pte deler p\u00e5 nytt, slik at det dannes et nytt plastlag rundt den f\u00f8rste delen. Dette kalles ofte overforming. Dette systemet kan gj\u00f8re det mulig \u00e5 produsere dekk og felger i ett stykke.<\/p>\n<p>To-shot- eller multi-shot-former er utformet for \u00e5 \"overst\u00f8pe\" i l\u00f8pet av en enkelt st\u00f8pesyklus og m\u00e5 behandles p\u00e5 spesialiserte spr\u00f8ytest\u00f8pemaskiner med to eller flere injeksjonsenheter. Denne prosessen er faktisk en spr\u00f8ytest\u00f8peprosess som utf\u00f8res to ganger. I det f\u00f8rste trinnet st\u00f8pes grunnfargematerialet til en grunnleggende form. Deretter spr\u00f8ytest\u00f8pes det andre materialet inn i de gjenv\u00e6rende \u00e5pne mellomrommene. Dette mellomrommet fylles deretter i det andre injeksjonstrinnet med et materiale i en annen farge.<\/p>\n<p>Profesjonell innen design og produksjon av ulike plastformer<br \/>\nLang erfaring innen design og produksjon av st\u00f8peformer<br \/>\nImportert maskineringssenter med h\u00f8y presisjon<br \/>\nBearbeidingsn\u00f8yaktigheten kan kontrolleres p\u00e5 rundt 0,0025 mm, behandlingsst\u00f8rrelse opp til 1020 \u00d7 610 \u00d7 610 mm.<\/p>\n<p>Slipemaskiner med h\u00f8y presisjon er n\u00f8dvendig utstyr for presisjonsformer. Selskapet implementerer en kvalitetsstrategi. Slipemaskinene er h\u00f8ypresisjonsslipemaskiner (presisjon opp til \u00b1 0,002 mm, h\u00f8yere enn prosesseringssenteret). Fresemaskinene er importert fra Taiwan, hvorav 4 er utstyrt med automatiske laste- og lossesystemer. De er kraftige, presise og n\u00f8yaktige. EDM-maskiner og CNC-tr\u00e5dskj\u00e6ring kan kutte skr\u00e5ning og avsmalning n\u00f8yaktig.<\/p>\n<\/div>\n<\/div>\n<p>[\/et_pb_text][et_pb_text _builder_version=\"3.10.2\u2033 text_font_size=\"13px\" header_font=\"|700|||||||\" border_width_all=\"2px\" border_color_all=\"#bcbcbcbc\" inline_fonts=\"Arial\"]<\/p>\n<h4><img loading=\"lazy\" decoding=\"async\" class=\"wp-image-111 alignnone\" src=\"https:\/\/plasticmoldco.com\/wp-content\/uploads\/2018\/10\/sss.png\" alt=\"\" width=\"16\" height=\"13\" \/><strong>Muggprodukt<\/strong><\/h4>\n<hr \/>\n<p>\u2192 <span style=\"font-size: medium;\"><strong><span style=\"color: #000000;\"><a style=\"color: #000000;\" href=\"https:\/\/www.plasticmoldco.com\/nb\/mugg\/\">MOLD<\/a><\/span><\/strong><\/span><br \/>\n<span style=\"font-size: medium;\"><strong><span style=\"color: #000000;\"> \u2192 <a style=\"color: #000000;\" href=\"https:\/\/www.plasticmoldco.com\/nb\/prototypdeler\/\">Prototypedeler<\/a><\/span><\/strong><\/span><br \/>\n<span style=\"font-size: medium;\"><strong><span style=\"color: #000000;\"> \u2192 <a style=\"color: #000000;\" href=\"https:\/\/www.plasticmoldco.com\/nb\/plastdel\/\">Plastdel<\/a><\/span><\/strong><\/span><br \/>\n<span style=\"font-size: medium;\"><strong><span style=\"color: #000000;\"> \u2192 <a style=\"color: #000000;\" href=\"https:\/\/www.plasticmoldco.com\/nb\/deler-av-silikongummi\/\">silikon- og gummideler<\/a><\/span><\/strong><\/span><\/p>\n<p><span style=\"font-size: medium;\"><strong><span style=\"color: #000000;\">Kontakt oss<\/span><\/strong><\/span><\/p>\n<hr \/>\n<p><strong><span style=\"color: #000000;\">DONGGUAN SINCERE TECH CO.LTD<\/span><\/strong><br \/>\n<strong><span style=\"color: #000000;\"> FABRIKKADRESSE: YUANXIA LU, YUANJIANG YUANG, CHANGPING TOWN, DONNGUAN CITY,GUANGDONG PROVINCE, CHINA 523000<\/span><\/strong><\/p>\n<p><strong><span style=\"color: #000000;\">TLF: +86 (0)769 3366 9997<\/span><\/strong><br \/>\n<strong><span style=\"color: #000000;\"> FAKS: +86 (0)769 3366 9997<\/span><\/strong><\/p>\n<p><strong><span style=\"color: #000000;\">EMAIL: <a href=\"mailto:INFO@sinceretetechs.com\">INFO@sinceretetechs.com<\/a><\/span><\/strong><\/p>\n<ul>\n<li id=\"tag_cloud-3\" class=\"widget-container widget_tag_cloud\">\n<h3 class=\"widget-title\"><strong>Popul\u00e6rt s\u00f8k<\/strong><\/h3>\n<hr \/>\n<div class=\"tagcloud\"><strong>Kina Die Casting Kina injeksjonsformfirma Kina injeksjonsformfabrikk Kina injeksjonsst\u00f8ping Kina injeksjonsformfabrikk Kina injeksjonsformprodusent Kina Injection Mold Kina injeksjonsformfirma Kina mold fabrikk Kina mold maker Kina mold leverand\u00f8r Kina mold Kina Mold maker Kina Mold leverand\u00f8rer av Mold Kina plast mold companychina silikon china silikon gummichina tooling maker China toolmaker i Kina injeksjon mold Injection Molded Plastics Injection molding spr\u00f8ytest\u00f8ping spr\u00f8ytest\u00f8ping china injection molding china injection molding chineseplastic injection molding plast mold china Prototype deler silikon chinasilicone rubber tool mold making china<\/strong><\/div>\n<\/li>\n<\/ul>\n<p><img decoding=\"async\" style=\"font-size: 13px; background-color: #ffffff; text-align: -webkit-center; display: block; margin-left: auto; margin-right: auto;\" src=\"https:\/\/web.archive.org\/web\/20140728234454im_\/http:\/\/www.moldchina.org\/wp-content\/themes\/9C008\/images\/iso.jpg\" \/><\/p>\n<p>[\/et_pb_text][\/et_pb_column][\/et_pb_row][\/et_pb_section][et_pb_section bb_built=\"1\u2033 disabled_on=\"on|on|\" _builder_version=\u201d3.10.2\u2033 custom_margin=\u201d-103px|||\u201d prev_background_color=\u201d#000000\u2033 next_background_color=\u201d#000000\u2033][et_pb_row _builder_version=\u201d3.0.48\u2033 background_size=\"initial\" background_position=\"top_left\" background_repeat=\"repeat\"][et_pb_column type=\"4_4\u2033][et_pb_text _builder_version=\"3.10.2\u2033 custom_margin=\"|-62px||-84px\"][et_pb_text _builder_version=\"3.10.2\u2033 custom_margin=\"|-62px||-84px\"]<\/p>\n<p style=\"padding-left: 30px;\"><strong>Kina plast injeksjon mold, verkt\u00f8ymaker, Kina mold maker, Kina verkt\u00f8y, plast mold Kina, Kina injeksjon mold fabrikk, plast injeksjon mold produsent i Kina<\/strong><\/p>\n<p>[\/et_pb_text][et_pb_text _builder_version=\u201d3.10.2\u2033 custom_margin=\u201d-15px|-50px||-50px\u201d]<\/p>\n<p><strong><span style=\"color: #0c0c0c;\"><a href=\"https:\/\/www.plasticmoldco.com\/nb\/\">Hjem\u00a0 \u00a0<\/a>|\u00a0 \u00a0<a href=\"https:\/\/www.plasticmoldco.com\/nb\/about-us\/\">Om oss\u00a0<\/a> \u00a0|\u00a0 <a href=\"https:\/\/www.plasticmoldco.com\/nb\/prosjekteringsteknikk\/\">Design og prosjektering<\/a>\u00a0 |\u00a0 \u00a0<a href=\"https:\/\/www.plasticmoldco.com\/nb\/products\/\">Produkter\u00a0\u00a0\u00a0\u00a0\u00a0<\/a>|\u00a0\u00a0\u00a0\u00a0\u00a0<a href=\"https:\/\/www.plasticmoldco.com\/nb\/nyheter\/\">Nyheter<\/a>\u00a0\u00a0\u00a0\u00a0\u00a0|\u00a0\u00a0\u00a0\u00a0\u00a0<a href=\"https:\/\/www.plasticmoldco.com\/nb\/kvalitetsforsikring\/\">Kvalitetsforsikring\u00a0<\/a>\u00a0\u00a0\u00a0\u00a0|\u00a0 \u00a0 <a href=\"https:\/\/www.plasticmoldco.com\/nb\/po-prosedyre\/\">PO-prosedyre<\/a>\u00a0 \u00a0 |\u00a0 \u00a0 <a href=\"https:\/\/www.plasticmoldco.com\/nb\/utstyr\/\">Utstyr\u00a0 \u00a0<\/a> |\u00a0 \u00a0<a href=\"https:\/\/www.plasticmoldco.com\/nb\/industriell-design-case\/\">Case om industridesign\u00a0<\/a> \u00a0 |\u00a0 \u00a0 <a href=\"https:\/\/www.plasticmoldco.com\/nb\/sitemap\/\">Sitemap<\/a><\/span><\/strong><\/p>\n<p>[\/et_pb_text][et_pb_text _builder_version=\"3.10.2\u2033 custom_margin=\"-15px|||\"]<\/p>\n<p style=\"text-align: center;\"><strong>Copyright \u00a9 2011 DONGGUAN SINCER TECH CO.LTD. | Kina Mold maker, Kina Plast spr\u00f8ytest\u00f8ping, Kina verkt\u00f8ymaker.<\/strong><br \/>\n<strong> Selskapsregisternummer: 1626173<\/strong><\/p>\n<p>[\/et_pb_text][\/et_pb_column][\/et_pb_row][\/et_pb_section][et_pb_section bb_built=\"1\u2033 disabled_on=\"||on\" _builder_version=\"3.10.2\u2033 custom_margin=\"-103px||||\" prev_background_color=\"#000000\u2033][et_pb_row _builder_version=\"3.0.48\u2033 background_size=\"initial\" background_position=\"top_left\" background_repeat=\"repeat\"][et_pb_column type=\"4_4\u2033][et_pb_text _builder_version=\"3.10.2\u2033]<\/p>\n<p style=\"padding-left: 30px;\"><strong>Kina plast injeksjon mold, verkt\u00f8ymaker, Kina mold maker, Kina verkt\u00f8y, plast mold Kina, Kina injeksjon mold fabrikk, plast injeksjon mold produsent i Kina<\/strong><\/p>\n<p>[\/et_pb_text][et_pb_text _builder_version=\u201d3.10.2\u2033]<\/p>\n<p><strong><span style=\"color: #0c0c0c;\"><a href=\"https:\/\/www.plasticmoldco.com\/nb\/\">Hjem\u00a0 \u00a0<\/a>|\u00a0 \u00a0<a href=\"https:\/\/www.plasticmoldco.com\/nb\/about-us\/\">Om oss\u00a0<\/a> \u00a0|\u00a0 <a href=\"https:\/\/www.plasticmoldco.com\/nb\/prosjekteringsteknikk\/\">Design og prosjektering<\/a>\u00a0 |\u00a0 \u00a0<a href=\"https:\/\/www.plasticmoldco.com\/nb\/products\/\">Produkter\u00a0\u00a0\u00a0\u00a0\u00a0<\/a>|\u00a0\u00a0\u00a0\u00a0\u00a0<a href=\"https:\/\/www.plasticmoldco.com\/nb\/nyheter\/\">Nyheter<\/a>\u00a0\u00a0\u00a0\u00a0\u00a0|\u00a0\u00a0\u00a0\u00a0\u00a0<a href=\"https:\/\/www.plasticmoldco.com\/nb\/kvalitetsforsikring\/\">Kvalitetsforsikring\u00a0<\/a>\u00a0\u00a0\u00a0\u00a0|\u00a0 \u00a0 <a href=\"https:\/\/www.plasticmoldco.com\/nb\/po-prosedyre\/\">PO-prosedyre<\/a>\u00a0 \u00a0 |\u00a0 \u00a0 <a href=\"https:\/\/www.plasticmoldco.com\/nb\/utstyr\/\">Utstyr\u00a0 \u00a0<\/a> |\u00a0 \u00a0<a href=\"https:\/\/www.plasticmoldco.com\/nb\/industriell-design-case\/\">Case om industridesign\u00a0<\/a> \u00a0 |\u00a0 \u00a0 <a href=\"https:\/\/www.plasticmoldco.com\/nb\/sitemap\/\">Sitemap<\/a><\/span><\/strong><\/p>\n<p>[\/et_pb_text][et_pb_text _builder_version=\u201d3.10.2\u2033]<\/p>\n<p style=\"text-align: center;\"><strong>Copyright \u00a9 2011 DONGGUAN SINCER TECH CO.LTD. | Kina Mold maker, Kina Plast spr\u00f8ytest\u00f8ping, Kina verkt\u00f8ymaker.<\/strong><br \/>\n<strong> Selskapsregisternummer: 1626173<\/strong><\/p>\n<p>[\/et_pb_text][\/et_pb_column][\/et_pb_row][\/et_pb_section]<\/p>","protected":false},"excerpt":{"rendered":"<p>Overmolding parts 001 what is overmolding mold?how many steps for the overmolding part? Some molds allow previously molded parts to be reinserted to allow a new plastic layer to form around the first part. This is often referred to as overmolding. This system can allow for production of one-piece tires and wheels. Two-shot or multi-shot [&hellip;]<\/p>","protected":false},"author":1,"featured_media":0,"parent":0,"menu_order":0,"comment_status":"closed","ping_status":"closed","template":"","meta":{"_et_pb_use_builder":"on","_et_pb_old_content":"","_et_gb_content_width":"","footnotes":""},"class_list":["post-852","page","type-page","status-publish","hentry"],"yoast_head":"<!-- This site is optimized with the Yoast SEO plugin v26.4 - https:\/\/yoast.com\/wordpress\/plugins\/seo\/ -->\n<title>Overmolding parts 001 - Plastic Mold | China Mold Maker<\/title>\n<meta name=\"robots\" content=\"index, follow, max-snippet:-1, max-image-preview:large, max-video-preview:-1\" \/>\n<link rel=\"canonical\" href=\"https:\/\/www.plasticmoldco.com\/nb\/tulfroccsontott-alkatreszek-001\/\" \/>\n<meta property=\"og:locale\" content=\"nb_NO\" \/>\n<meta property=\"og:type\" content=\"article\" \/>\n<meta property=\"og:title\" content=\"Overmolding parts 001 - Plastic Mold | China Mold Maker\" \/>\n<meta property=\"og:description\" content=\"Overmolding parts 001 what is overmolding mold?how many steps for the overmolding part? Some molds allow previously molded parts to be reinserted to allow a new plastic layer to form around the first part. This is often referred to as overmolding. This system can allow for production of one-piece tires and wheels. Two-shot or multi-shot [&hellip;]\" \/>\n<meta property=\"og:url\" content=\"https:\/\/www.plasticmoldco.com\/nb\/tulfroccsontott-alkatreszek-001\/\" \/>\n<meta property=\"og:site_name\" content=\"Plastic Mold | China Mold Maker\" \/>\n<meta property=\"og:image\" content=\"https:\/\/plasticmoldco.com\/wp-content\/uploads\/2018\/10\/new.n-300x18.jpg\" \/>\n<meta name=\"twitter:card\" content=\"summary_large_image\" \/>\n<meta name=\"twitter:label1\" content=\"Ansl. lesetid\" \/>\n\t<meta name=\"twitter:data1\" content=\"6 minutter\" \/>\n<script type=\"application\/ld+json\" class=\"yoast-schema-graph\">{\"@context\":\"https:\/\/schema.org\",\"@graph\":[{\"@type\":\"WebPage\",\"@id\":\"https:\/\/www.plasticmoldco.com\/hu\/tulfroccsontott-alkatreszek-001\/\",\"url\":\"https:\/\/www.plasticmoldco.com\/hu\/tulfroccsontott-alkatreszek-001\/\",\"name\":\"Overmolding parts 001 - Plastic Mold | China Mold Maker\",\"isPartOf\":{\"@id\":\"https:\/\/www.plasticmoldco.com\/el\/#website\"},\"primaryImageOfPage\":{\"@id\":\"https:\/\/www.plasticmoldco.com\/hu\/tulfroccsontott-alkatreszek-001\/#primaryimage\"},\"image\":{\"@id\":\"https:\/\/www.plasticmoldco.com\/hu\/tulfroccsontott-alkatreszek-001\/#primaryimage\"},\"thumbnailUrl\":\"https:\/\/plasticmoldco.com\/wp-content\/uploads\/2018\/10\/new.n-300x18.jpg\",\"datePublished\":\"2018-10-18T06:52:31+00:00\",\"breadcrumb\":{\"@id\":\"https:\/\/www.plasticmoldco.com\/hu\/tulfroccsontott-alkatreszek-001\/#breadcrumb\"},\"inLanguage\":\"nb-NO\",\"potentialAction\":[{\"@type\":\"ReadAction\",\"target\":[\"https:\/\/www.plasticmoldco.com\/hu\/tulfroccsontott-alkatreszek-001\/\"]}]},{\"@type\":\"ImageObject\",\"inLanguage\":\"nb-NO\",\"@id\":\"https:\/\/www.plasticmoldco.com\/hu\/tulfroccsontott-alkatreszek-001\/#primaryimage\",\"url\":\"https:\/\/plasticmoldco.com\/wp-content\/uploads\/2018\/10\/new.n-300x18.jpg\",\"contentUrl\":\"https:\/\/plasticmoldco.com\/wp-content\/uploads\/2018\/10\/new.n-300x18.jpg\"},{\"@type\":\"BreadcrumbList\",\"@id\":\"https:\/\/www.plasticmoldco.com\/hu\/tulfroccsontott-alkatreszek-001\/#breadcrumb\",\"itemListElement\":[{\"@type\":\"ListItem\",\"position\":1,\"name\":\"Home\",\"item\":\"https:\/\/www.plasticmoldco.com\/\"},{\"@type\":\"ListItem\",\"position\":2,\"name\":\"Overmolding parts 001\"}]},{\"@type\":\"WebSite\",\"@id\":\"https:\/\/www.plasticmoldco.com\/el\/#website\",\"url\":\"https:\/\/www.plasticmoldco.com\/el\/\",\"name\":\"Plastic Mold | China Mold Maker\",\"description\":\"Are you looking for injection mold china? We are plastic mold maker\",\"publisher\":{\"@id\":\"https:\/\/www.plasticmoldco.com\/el\/#organization\"},\"potentialAction\":[{\"@type\":\"SearchAction\",\"target\":{\"@type\":\"EntryPoint\",\"urlTemplate\":\"https:\/\/www.plasticmoldco.com\/el\/?s={search_term_string}\"},\"query-input\":{\"@type\":\"PropertyValueSpecification\",\"valueRequired\":true,\"valueName\":\"search_term_string\"}}],\"inLanguage\":\"nb-NO\"},{\"@type\":\"Organization\",\"@id\":\"https:\/\/www.plasticmoldco.com\/el\/#organization\",\"name\":\"Plastic Mold | China Mold Maker\",\"url\":\"https:\/\/www.plasticmoldco.com\/el\/\",\"logo\":{\"@type\":\"ImageObject\",\"inLanguage\":\"nb-NO\",\"@id\":\"https:\/\/www.plasticmoldco.com\/el\/#\/schema\/logo\/image\/\",\"url\":\"https:\/\/plasticmoldco.com\/wp-content\/uploads\/2018\/10\/nlogon.png\",\"contentUrl\":\"https:\/\/plasticmoldco.com\/wp-content\/uploads\/2018\/10\/nlogon.png\",\"width\":204,\"height\":54,\"caption\":\"Plastic Mold | China Mold Maker\"},\"image\":{\"@id\":\"https:\/\/www.plasticmoldco.com\/el\/#\/schema\/logo\/image\/\"}}]}<\/script>\n<!-- \/ Yoast SEO plugin. -->","yoast_head_json":{"title":"Overmolding deler 001 - Plastform | Kina Mold Maker","robots":{"index":"index","follow":"follow","max-snippet":"max-snippet:-1","max-image-preview":"max-image-preview:large","max-video-preview":"max-video-preview:-1"},"canonical":"https:\/\/www.plasticmoldco.com\/nb\/tulfroccsontott-alkatreszek-001\/","og_locale":"nb_NO","og_type":"article","og_title":"Overmolding parts 001 - Plastic Mold | China Mold Maker","og_description":"Overmolding parts 001 what is overmolding mold?how many steps for the overmolding part? Some molds allow previously molded parts to be reinserted to allow a new plastic layer to form around the first part. This is often referred to as overmolding. This system can allow for production of one-piece tires and wheels. Two-shot or multi-shot [&hellip;]","og_url":"https:\/\/www.plasticmoldco.com\/nb\/tulfroccsontott-alkatreszek-001\/","og_site_name":"Plastic Mold | China Mold Maker","og_image":[{"url":"https:\/\/plasticmoldco.com\/wp-content\/uploads\/2018\/10\/new.n-300x18.jpg","type":"","width":"","height":""}],"twitter_card":"summary_large_image","twitter_misc":{"Ansl. lesetid":"6 minutter"},"schema":{"@context":"https:\/\/schema.org","@graph":[{"@type":"WebPage","@id":"https:\/\/www.plasticmoldco.com\/hu\/tulfroccsontott-alkatreszek-001\/","url":"https:\/\/www.plasticmoldco.com\/hu\/tulfroccsontott-alkatreszek-001\/","name":"Overmolding deler 001 - Plastform | Kina Mold Maker","isPartOf":{"@id":"https:\/\/www.plasticmoldco.com\/el\/#website"},"primaryImageOfPage":{"@id":"https:\/\/www.plasticmoldco.com\/hu\/tulfroccsontott-alkatreszek-001\/#primaryimage"},"image":{"@id":"https:\/\/www.plasticmoldco.com\/hu\/tulfroccsontott-alkatreszek-001\/#primaryimage"},"thumbnailUrl":"https:\/\/plasticmoldco.com\/wp-content\/uploads\/2018\/10\/new.n-300x18.jpg","datePublished":"2018-10-18T06:52:31+00:00","breadcrumb":{"@id":"https:\/\/www.plasticmoldco.com\/hu\/tulfroccsontott-alkatreszek-001\/#breadcrumb"},"inLanguage":"nb-NO","potentialAction":[{"@type":"ReadAction","target":["https:\/\/www.plasticmoldco.com\/hu\/tulfroccsontott-alkatreszek-001\/"]}]},{"@type":"ImageObject","inLanguage":"nb-NO","@id":"https:\/\/www.plasticmoldco.com\/hu\/tulfroccsontott-alkatreszek-001\/#primaryimage","url":"https:\/\/plasticmoldco.com\/wp-content\/uploads\/2018\/10\/new.n-300x18.jpg","contentUrl":"https:\/\/plasticmoldco.com\/wp-content\/uploads\/2018\/10\/new.n-300x18.jpg"},{"@type":"BreadcrumbList","@id":"https:\/\/www.plasticmoldco.com\/hu\/tulfroccsontott-alkatreszek-001\/#breadcrumb","itemListElement":[{"@type":"ListItem","position":1,"name":"Home","item":"https:\/\/www.plasticmoldco.com\/"},{"@type":"ListItem","position":2,"name":"Overmolding parts 001"}]},{"@type":"WebSite","@id":"https:\/\/www.plasticmoldco.com\/el\/#website","url":"https:\/\/www.plasticmoldco.com\/el\/","name":"Plastform | Kina Mold Maker","description":"Leter du etter injeksjonsform Kina? Vi er plast mold maker","publisher":{"@id":"https:\/\/www.plasticmoldco.com\/el\/#organization"},"potentialAction":[{"@type":"SearchAction","target":{"@type":"EntryPoint","urlTemplate":"https:\/\/www.plasticmoldco.com\/el\/?s={search_term_string}"},"query-input":{"@type":"PropertyValueSpecification","valueRequired":true,"valueName":"search_term_string"}}],"inLanguage":"nb-NO"},{"@type":"Organization","@id":"https:\/\/www.plasticmoldco.com\/el\/#organization","name":"Plastform | Kina Mold Maker","url":"https:\/\/www.plasticmoldco.com\/el\/","logo":{"@type":"ImageObject","inLanguage":"nb-NO","@id":"https:\/\/www.plasticmoldco.com\/el\/#\/schema\/logo\/image\/","url":"https:\/\/plasticmoldco.com\/wp-content\/uploads\/2018\/10\/nlogon.png","contentUrl":"https:\/\/plasticmoldco.com\/wp-content\/uploads\/2018\/10\/nlogon.png","width":204,"height":54,"caption":"Plastic Mold | China Mold Maker"},"image":{"@id":"https:\/\/www.plasticmoldco.com\/el\/#\/schema\/logo\/image\/"}}]}},"_links":{"self":[{"href":"https:\/\/www.plasticmoldco.com\/nb\/wp-json\/wp\/v2\/pages\/852","targetHints":{"allow":["GET"]}}],"collection":[{"href":"https:\/\/www.plasticmoldco.com\/nb\/wp-json\/wp\/v2\/pages"}],"about":[{"href":"https:\/\/www.plasticmoldco.com\/nb\/wp-json\/wp\/v2\/types\/page"}],"author":[{"embeddable":true,"href":"https:\/\/www.plasticmoldco.com\/nb\/wp-json\/wp\/v2\/users\/1"}],"replies":[{"embeddable":true,"href":"https:\/\/www.plasticmoldco.com\/nb\/wp-json\/wp\/v2\/comments?post=852"}],"version-history":[{"count":0,"href":"https:\/\/www.plasticmoldco.com\/nb\/wp-json\/wp\/v2\/pages\/852\/revisions"}],"wp:attachment":[{"href":"https:\/\/www.plasticmoldco.com\/nb\/wp-json\/wp\/v2\/media?parent=852"}],"curies":[{"name":"wp","href":"https:\/\/api.w.org\/{rel}","templated":true}]}}