{"id":778,"date":"2018-10-18T13:20:05","date_gmt":"2018-10-18T05:20:05","guid":{"rendered":"https:\/\/plasticmoldco.com\/?page_id=778"},"modified":"2018-10-18T13:20:05","modified_gmt":"2018-10-18T05:20:05","slug":"china-mold-china-plastic-mould-plastic-mold-in-china","status":"publish","type":"page","link":"https:\/\/www.plasticmoldco.com\/nb\/kina-mold-kina-plast-mold-plast-mold-i-kina\/","title":{"rendered":"Kina mold, Kina plast mold, plast mold i Kina"},"content":{"rendered":"<p>[et_pb_section bb_built=\"1\u2033 disabled_on=\"on|on|\" _builder_version=\"3.10.2\u2033 custom_padding=\"0|0px|0|0px|false|false\" next_background_color=\"#000000\u2033][et_pb_row custom_padding=\"18px|0px|0|0px|false|false|false\" _builder_version=\"3.0.48\u2033 background_size=\"initial\" background_position=\"top_left\" background_repeat=\"repeat\"][et_pb_column type=\"4_4\u2033][et_pb_text _builder_version=\"3.10.2\u2033 custom_margin=\"0px|-120px|16px|-100px\"][et_pb_text<\/p>\n<p><img loading=\"lazy\" decoding=\"async\" class=\"wp-image-213 alignnone size-medium\" src=\"https:\/\/plasticmoldco.com\/wp-content\/uploads\/2018\/10\/new.n-300x18.jpg\" alt=\"\" width=\"1266\" height=\"76\" srcset=\"https:\/\/www.plasticmoldco.com\/wp-content\/uploads\/2018\/10\/new.n-300x18.jpg 300w, https:\/\/www.plasticmoldco.com\/wp-content\/uploads\/2018\/10\/new.n-768x45.jpg 768w, https:\/\/www.plasticmoldco.com\/wp-content\/uploads\/2018\/10\/new.n-1024x60.jpg 1024w\" sizes=\"(max-width: 1266px) 100vw, 1266px\" \/><\/p>\n<p>[\/et_pb_text][\/et_pb_column][\/et_pb_row][\/et_pb_section][et_pb_section bb_built=\"1\u2033 disabled_on=\"||on\" _builder_version=\"3.10.2\u2033 custom_padding=\"22px|0px|0|0px|false|false\" prev_background_color=\"#000000\u2033 next_background_color=\"#000000\u2033][et_pb_row custom_padding=\"0|0px|0px|12px|0px|false|false|false\" _builder_version=\"3.0.48\u2033 background_size=\"initial\" background_position=\"top_left\" background_repeat=\"repeat\"][et_pb_column type=\"4_4\u2033][et_pb_text _builder_version=\"3.10.2\u2033]]<\/p>\n<p><img loading=\"lazy\" decoding=\"async\" class=\"wp-image-213 alignnone size-medium\" src=\"https:\/\/plasticmoldco.com\/wp-content\/uploads\/2018\/10\/new.n-300x18.jpg\" alt=\"\" width=\"1266\" height=\"76\" srcset=\"https:\/\/www.plasticmoldco.com\/wp-content\/uploads\/2018\/10\/new.n-300x18.jpg 300w, https:\/\/www.plasticmoldco.com\/wp-content\/uploads\/2018\/10\/new.n-768x45.jpg 768w, https:\/\/www.plasticmoldco.com\/wp-content\/uploads\/2018\/10\/new.n-1024x60.jpg 1024w\" sizes=\"(max-width: 1266px) 100vw, 1266px\" \/><\/p>\n<p>[\/et_pb_text][\/et_pb_column][\/et_pb_row][\/et_pb_section][et_pb_section bb_built=\"1\u2033 disabled_on=\"on|on|\" _builder_version=\"3.10.2\u2033 custom_padding=\"0|0px|54px|0px|0px|false|false\" prev_background_color=\"#000000\u2033 next_background_color=\"#000000\u2033][et_pb_row custom_padding=\"0|0px|0|0px|0px|false|false\" _builder_version=\"3.0.48\u2033 background_size=\"initial\" background_position=\"top_left\" background_repeat=\"repeat\"][et_pb_column type=\"3_4\u2033][et_pb_text _builder_version=\"3.10.2\u2033 border_width_all=\"3px\" border_color_all=\"#e5e5e5e5\u2033 custom_margin=\"15px|-90px||-86px\" custom_padding=\"10px|10px|10px|10px|10px\"]]<\/p>\n<div id=\"titlep\">\n<div id=\"titlep\">\n<div id=\"titlep\">\n<h1>Kina mold, Kina plast mold, plast mold i Kina<\/h1>\n<p><img loading=\"lazy\" decoding=\"async\" class=\"alignnone size-full wp-image-1405\" src=\"https:\/\/web.archive.org\/web\/20140824042648im_\/http:\/\/www.moldchina.org\/wp-content\/uploads\/2014\/04\/plasticmoldchinacompany.jpg\" alt=\"Plasticmoldchinacompany\" width=\"700\" height=\"363\" \/><\/p>\n<p><strong>Plastst\u00f8peform i Kina:\u00a0<\/strong><br \/>\n1. rik erfaring<br \/>\n2, h\u00f8y kvalitet og rimelig pris<br \/>\n3, levering i tide<br \/>\n4, god ettersalgsservice<\/p>\n<p><strong>Funksjoner av v\u00e5rt produkt:<\/strong><\/p>\n<p>h\u00f8y n\u00f8yaktighet i prosessen med \u00e5 lage st\u00f8peform<br \/>\nHoldbare produkter<br \/>\nUnik struktur<br \/>\nH\u00f8y kvalitet basert p\u00e5 universell standard<br \/>\nrimelig pris<br \/>\nlevering i tide<br \/>\nGod ettersalgsservice<\/p>\n<p><strong>Ingeni\u00f8rkompetanse inkluderer:<\/strong><\/p>\n<p>1. Utforming av deler<br \/>\n2. FoU-produkter<br \/>\n3. Design av prototyper og produksjonsmontering<br \/>\n4. Anerkjent designprogramvare brukes til alt designarbeid<br \/>\n5. Rask automatisk omforming av design<br \/>\n6. Formdesign med et team av erfarne spesialister<\/p>\n<p>Vi kan lage forskjellige typer former i h\u00f8y kvalitet for hver kunde i henhold til deres krav. Kina mold maker, Kina mold.<\/p>\n<\/div>\n<\/div>\n<\/div>\n<p>[\/et_pb_text][\/et_pb_column][et_pb_column type=\"1_4\u2033][et_pb_sidebar _builder_version=\"3.10.2\u2033 area=\"sidebar-1\u2033 custom_margin=\"15px|-94px|||40px\" custom_padding=\"10px|10px|10px|10px|10px\" border_width_all=\"2px\" border_color_all=\"#d3d3d3\u2033 \/][\/et_pb_column][\/et_pb_row][\/et_pb_section][et_pb_section bb_built=\"1\u2033 disabled_on=\"||on\" _builder_version=\"3.10.2\u2033 custom_padding=\"0|0px|54px|0px|0px|false|false\" prev_background_color=\"#000000\u2033 next_background_color=\"#000000\u2033][et_pb_row custom_padding=\"0|0px|0px|0px|false|false\" _builder_version=\"3.0.48\u2033 background_size=\"initial\" background_position=\"top_left\" background_repeat=\"repeat\"][et_pb_column type=\"4_4\u2033][et_pb_text _builder_version=\"3.10.2\u2033 border_width_all=\"3px\" border_color_all=\"#e5e5e5\u2033]][et_pb_text _builder_version=\"3.10.2\u2033 border_width_all=\"3px<\/p>\n<div id=\"titlep\">\n<div id=\"titlep\">\n<h1>Kina mold, Kina plast mold, plast mold i Kina<\/h1>\n<p><img loading=\"lazy\" decoding=\"async\" class=\"alignnone size-full wp-image-1405\" src=\"https:\/\/web.archive.org\/web\/20140824042648im_\/http:\/\/www.moldchina.org\/wp-content\/uploads\/2014\/04\/plasticmoldchinacompany.jpg\" alt=\"Plasticmoldchinacompany\" width=\"700\" height=\"363\" \/><\/p>\n<p><strong>Plastst\u00f8peform i Kina:\u00a0<\/strong><br \/>\n1. rik erfaring<br \/>\n2, h\u00f8y kvalitet og rimelig pris<br \/>\n3, levering i tide<br \/>\n4, god ettersalgsservice<\/p>\n<p><strong>Funksjoner av v\u00e5rt produkt:<\/strong><\/p>\n<p>h\u00f8y n\u00f8yaktighet i prosessen med \u00e5 lage st\u00f8peform<br \/>\nHoldbare produkter<br \/>\nUnik struktur<br \/>\nH\u00f8y kvalitet basert p\u00e5 universell standard<br \/>\nrimelig pris<br \/>\nlevering i tide<br \/>\nGod ettersalgsservice<\/p>\n<p><strong>Ingeni\u00f8rkompetanse inkluderer:<\/strong><\/p>\n<p>1. Utforming av deler<br \/>\n2. FoU-produkter<br \/>\n3. Design av prototyper og produksjonsmontering<br \/>\n4. Anerkjent designprogramvare brukes til alt designarbeid<br \/>\n5. Rask automatisk omforming av design<br \/>\n6. Formdesign med et team av erfarne spesialister<\/p>\n<p>Vi kan lage forskjellige typer former i h\u00f8y kvalitet for hver kunde i henhold til deres krav. Kina mold maker, Kina mold.<\/p>\n<\/div>\n<\/div>\n<p>[\/et_pb_text][et_pb_text _builder_version=\"3.10.2\u2033 text_font_size=\"13px\" header_font=\"|700|||||||\" border_width_all=\"2px\" border_color_all=\"#bcbcbcbc\" inline_fonts=\"Arial\"]<\/p>\n<h4><img loading=\"lazy\" decoding=\"async\" class=\"wp-image-111 alignnone\" src=\"https:\/\/plasticmoldco.com\/wp-content\/uploads\/2018\/10\/sss.png\" alt=\"\" width=\"16\" height=\"13\" \/><strong>Muggprodukt<\/strong><\/h4>\n<hr \/>\n<p>\u2192 <span style=\"font-size: medium;\"><strong><span style=\"color: #000000;\"><a style=\"color: #000000;\" href=\"https:\/\/www.plasticmoldco.com\/nb\/mugg\/\">MOLD<\/a><\/span><\/strong><\/span><br \/>\n<span style=\"font-size: medium;\"><strong><span style=\"color: #000000;\"> \u2192 <a style=\"color: #000000;\" href=\"https:\/\/www.plasticmoldco.com\/nb\/prototypdeler\/\">Prototypedeler<\/a><\/span><\/strong><\/span><br \/>\n<span style=\"font-size: medium;\"><strong><span style=\"color: #000000;\"> \u2192 <a style=\"color: #000000;\" href=\"https:\/\/www.plasticmoldco.com\/nb\/plastdel\/\">Plastdel<\/a><\/span><\/strong><\/span><br \/>\n<span style=\"font-size: medium;\"><strong><span style=\"color: #000000;\"> \u2192 <a style=\"color: #000000;\" href=\"https:\/\/www.plasticmoldco.com\/nb\/deler-av-silikongummi\/\">silikon- og gummideler<\/a><\/span><\/strong><\/span><\/p>\n<p><span style=\"font-size: medium;\"><strong><span style=\"color: #000000;\">Kontakt oss<\/span><\/strong><\/span><\/p>\n<hr \/>\n<p><strong><span style=\"color: #000000;\">DONGGUAN SINCERE TECH CO.LTD<\/span><\/strong><br \/>\n<strong><span style=\"color: #000000;\"> FABRIKKADRESSE: YUANXIA LU, YUANJIANG YUANG, CHANGPING TOWN, DONNGUAN CITY,GUANGDONG PROVINCE, CHINA 523000<\/span><\/strong><\/p>\n<p><strong><span style=\"color: #000000;\">TLF: +86 (0)769 3366 9997<\/span><\/strong><br \/>\n<strong><span style=\"color: #000000;\"> FAKS: +86 (0)769 3366 9997<\/span><\/strong><\/p>\n<p><strong><span style=\"color: #000000;\">EMAIL: <a href=\"mailto:INFO@sinceretetechs.com\">INFO@sinceretetechs.com<\/a><\/span><\/strong><\/p>\n<ul>\n<li id=\"tag_cloud-3\" class=\"widget-container widget_tag_cloud\">\n<h3 class=\"widget-title\"><strong>Popul\u00e6rt s\u00f8k<\/strong><\/h3>\n<hr \/>\n<div class=\"tagcloud\"><strong>Kina Die Casting Kina injeksjonsformfirma Kina injeksjonsformfabrikk Kina injeksjonsst\u00f8ping Kina injeksjonsformfabrikk Kina injeksjonsformprodusent Kina Injection Mold Kina injeksjonsformfirma Kina mold fabrikk Kina mold maker Kina mold leverand\u00f8r Kina mold Kina Mold maker Kina Mold leverand\u00f8rer av Mold Kina plast mold companychina silikon china silikon gummichina tooling maker China toolmaker i Kina injeksjon mold Injection Molded Plastics Injection molding spr\u00f8ytest\u00f8ping spr\u00f8ytest\u00f8ping china injection molding china injection molding chineseplastic injection molding plast mold china Prototype deler silikon chinasilicone rubber tool mold making china<\/strong><\/div>\n<\/li>\n<\/ul>\n<p><img decoding=\"async\" style=\"font-size: 13px; background-color: #ffffff; text-align: -webkit-center; display: block; margin-left: auto; margin-right: auto;\" src=\"https:\/\/web.archive.org\/web\/20140728234454im_\/http:\/\/www.moldchina.org\/wp-content\/themes\/9C008\/images\/iso.jpg\" \/><\/p>\n<p>[\/et_pb_text][\/et_pb_column][\/et_pb_row][\/et_pb_section][et_pb_section bb_built=\"1\u2033 disabled_on=\"on|on|\" _builder_version=\u201d3.10.2\u2033 custom_margin=\u201d-103px|||\u201d prev_background_color=\u201d#000000\u2033 next_background_color=\u201d#000000\u2033][et_pb_row _builder_version=\u201d3.0.48\u2033 background_size=\"initial\" background_position=\"top_left\" background_repeat=\"repeat\"][et_pb_column type=\"4_4\u2033][et_pb_text _builder_version=\"3.10.2\u2033 custom_margin=\"|-62px||-84px\"][et_pb_text _builder_version=\"3.10.2\u2033 custom_margin=\"|-62px||-84px\"]<\/p>\n<p style=\"padding-left: 30px;\"><strong>Kina plast injeksjon mold, verkt\u00f8ymaker, Kina mold maker, Kina verkt\u00f8y, plast mold Kina, Kina injeksjon mold fabrikk, plast injeksjon mold produsent i Kina<\/strong><\/p>\n<p>[\/et_pb_text][et_pb_text _builder_version=\u201d3.10.2\u2033 custom_margin=\u201d-15px|-50px||-50px\u201d]<\/p>\n<p><strong><span style=\"color: #0c0c0c;\"><a href=\"https:\/\/www.plasticmoldco.com\/nb\/\">Hjem\u00a0 \u00a0<\/a>|\u00a0 \u00a0<a href=\"https:\/\/www.plasticmoldco.com\/nb\/about-us\/\">Om oss\u00a0<\/a> \u00a0|\u00a0 <a href=\"https:\/\/www.plasticmoldco.com\/nb\/prosjekteringsteknikk\/\">Design og prosjektering<\/a>\u00a0 |\u00a0 \u00a0<a href=\"https:\/\/www.plasticmoldco.com\/nb\/products\/\">Produkter\u00a0\u00a0\u00a0\u00a0\u00a0<\/a>|\u00a0\u00a0\u00a0\u00a0\u00a0<a href=\"https:\/\/www.plasticmoldco.com\/nb\/nyheter\/\">Nyheter<\/a>\u00a0\u00a0\u00a0\u00a0\u00a0|\u00a0\u00a0\u00a0\u00a0\u00a0<a href=\"https:\/\/www.plasticmoldco.com\/nb\/kvalitetsforsikring\/\">Kvalitetsforsikring\u00a0<\/a>\u00a0\u00a0\u00a0\u00a0|\u00a0 \u00a0 <a href=\"https:\/\/www.plasticmoldco.com\/nb\/po-prosedyre\/\">PO-prosedyre<\/a>\u00a0 \u00a0 |\u00a0 \u00a0 <a href=\"https:\/\/www.plasticmoldco.com\/nb\/utstyr\/\">Utstyr\u00a0 \u00a0<\/a> |\u00a0 \u00a0<a href=\"https:\/\/www.plasticmoldco.com\/nb\/industriell-design-case\/\">Case om industridesign\u00a0<\/a> \u00a0 |\u00a0 \u00a0 <a href=\"https:\/\/www.plasticmoldco.com\/nb\/sitemap\/\">Sitemap<\/a><\/span><\/strong><\/p>\n<p>[\/et_pb_text][et_pb_text _builder_version=\"3.10.2\u2033 custom_margin=\"-15px|||\"]<\/p>\n<p style=\"text-align: center;\"><strong>Copyright \u00a9 2011 DONGGUAN SINCER TECH CO.LTD. | Kina Mold maker, Kina Plast spr\u00f8ytest\u00f8ping, Kina verkt\u00f8ymaker.<\/strong><br \/>\n<strong> Selskapsregisternummer: 1626173<\/strong><\/p>\n<p>[\/et_pb_text][\/et_pb_column][\/et_pb_row][\/et_pb_section][et_pb_section bb_built=\"1\u2033 disabled_on=\"||on\" _builder_version=\"3.10.2\u2033 custom_margin=\"-103px||||\" prev_background_color=\"#000000\u2033][et_pb_row _builder_version=\"3.0.48\u2033 background_size=\"initial\" background_position=\"top_left\" background_repeat=\"repeat\"][et_pb_column type=\"4_4\u2033][et_pb_text _builder_version=\"3.10.2\u2033]<\/p>\n<p style=\"padding-left: 30px;\"><strong>Kina plast injeksjon mold, verkt\u00f8ymaker, Kina mold maker, Kina verkt\u00f8y, plast mold Kina, Kina injeksjon mold fabrikk, plast injeksjon mold produsent i Kina<\/strong><\/p>\n<p>[\/et_pb_text][et_pb_text _builder_version=\u201d3.10.2\u2033]<\/p>\n<p><strong><span style=\"color: #0c0c0c;\"><a href=\"https:\/\/www.plasticmoldco.com\/nb\/\">Hjem\u00a0 \u00a0<\/a>|\u00a0 \u00a0<a href=\"https:\/\/www.plasticmoldco.com\/nb\/about-us\/\">Om oss\u00a0<\/a> \u00a0|\u00a0 <a href=\"https:\/\/www.plasticmoldco.com\/nb\/prosjekteringsteknikk\/\">Design og prosjektering<\/a>\u00a0 |\u00a0 \u00a0<a href=\"https:\/\/www.plasticmoldco.com\/nb\/products\/\">Produkter\u00a0\u00a0\u00a0\u00a0\u00a0<\/a>|\u00a0\u00a0\u00a0\u00a0\u00a0<a href=\"https:\/\/www.plasticmoldco.com\/nb\/nyheter\/\">Nyheter<\/a>\u00a0\u00a0\u00a0\u00a0\u00a0|\u00a0\u00a0\u00a0\u00a0\u00a0<a href=\"https:\/\/www.plasticmoldco.com\/nb\/kvalitetsforsikring\/\">Kvalitetsforsikring\u00a0<\/a>\u00a0\u00a0\u00a0\u00a0|\u00a0 \u00a0 <a href=\"https:\/\/www.plasticmoldco.com\/nb\/po-prosedyre\/\">PO-prosedyre<\/a>\u00a0 \u00a0 |\u00a0 \u00a0 <a href=\"https:\/\/www.plasticmoldco.com\/nb\/utstyr\/\">Utstyr\u00a0 \u00a0<\/a> |\u00a0 \u00a0<a href=\"https:\/\/www.plasticmoldco.com\/nb\/industriell-design-case\/\">Case om industridesign\u00a0<\/a> \u00a0 |\u00a0 \u00a0 <a href=\"https:\/\/www.plasticmoldco.com\/nb\/sitemap\/\">Sitemap<\/a><\/span><\/strong><\/p>\n<p>[\/et_pb_text][et_pb_text _builder_version=\u201d3.10.2\u2033]<\/p>\n<p style=\"text-align: center;\"><strong>Copyright \u00a9 2011 DONGGUAN SINCER TECH CO.LTD. | Kina Mold maker, Kina Plast spr\u00f8ytest\u00f8ping, Kina verkt\u00f8ymaker.<\/strong><br \/>\n<strong> Selskapsregisternummer: 1626173<\/strong><\/p>\n<p>[\/et_pb_text][\/et_pb_column][\/et_pb_row][\/et_pb_section]<\/p>","protected":false},"excerpt":{"rendered":"<p>China mold, china plastic mould, plastic mold in china Plastic mould in China:\u00a0 1. rich experience 2, high quality &amp; reasonable price 3, delivery on time 4, good aftersale service Features of our product: high accuracy in the process of\u00a0making mould Durable products Unique structure High quality based on universal standard reasonable price on time [&hellip;]<\/p>","protected":false},"author":1,"featured_media":0,"parent":0,"menu_order":0,"comment_status":"closed","ping_status":"closed","template":"","meta":{"_et_pb_use_builder":"on","_et_pb_old_content":"","_et_gb_content_width":"","footnotes":""},"class_list":["post-778","page","type-page","status-publish","hentry"],"yoast_head":"<!-- This site is optimized with the Yoast SEO plugin v27.4 - https:\/\/yoast.com\/product\/yoast-seo-wordpress\/ -->\n<title>China mold, china plastic mould, plastic mold in china - Plastic Mold | China Mold Maker<\/title>\n<meta name=\"robots\" content=\"index, follow, max-snippet:-1, max-image-preview:large, max-video-preview:-1\" \/>\n<link rel=\"canonical\" href=\"https:\/\/www.plasticmoldco.com\/nb\/kina-mold-kina-plast-mold-plast-mold-i-kina\/\" \/>\n<meta property=\"og:locale\" content=\"nb_NO\" \/>\n<meta property=\"og:type\" content=\"article\" \/>\n<meta property=\"og:title\" content=\"China mold, china plastic mould, plastic mold in china - Plastic Mold | China Mold Maker\" \/>\n<meta property=\"og:description\" content=\"China mold, china plastic mould, plastic mold in china Plastic mould in China:\u00a0 1. rich experience 2, high quality &amp; reasonable price 3, delivery on time 4, good aftersale service Features of our product: high accuracy in the process of\u00a0making mould Durable products Unique structure High quality based on universal standard reasonable price on time [&hellip;]\" \/>\n<meta property=\"og:url\" content=\"https:\/\/www.plasticmoldco.com\/nb\/kina-mold-kina-plast-mold-plast-mold-i-kina\/\" \/>\n<meta property=\"og:site_name\" content=\"Plastic Mold | China Mold Maker\" \/>\n<meta property=\"og:image\" content=\"https:\/\/plasticmoldco.com\/wp-content\/uploads\/2018\/10\/new.n-300x18.jpg\" \/>\n<meta name=\"twitter:card\" content=\"summary_large_image\" \/>\n<meta name=\"twitter:label1\" content=\"Ansl. lesetid\" \/>\n\t<meta name=\"twitter:data1\" content=\"5 minutter\" \/>\n<script type=\"application\/ld+json\" class=\"yoast-schema-graph\">{\"@context\":\"https:\\\/\\\/schema.org\",\"@graph\":[{\"@type\":\"WebPage\",\"@id\":\"https:\\\/\\\/www.plasticmoldco.com\\\/china-mold-china-plastic-mould-plastic-mold-in-china\\\/\",\"url\":\"https:\\\/\\\/www.plasticmoldco.com\\\/china-mold-china-plastic-mould-plastic-mold-in-china\\\/\",\"name\":\"China mold, china plastic mould, plastic mold in china - Plastic Mold | China Mold Maker\",\"isPartOf\":{\"@id\":\"https:\\\/\\\/www.plasticmoldco.com\\\/el\\\/#website\"},\"primaryImageOfPage\":{\"@id\":\"https:\\\/\\\/www.plasticmoldco.com\\\/china-mold-china-plastic-mould-plastic-mold-in-china\\\/#primaryimage\"},\"image\":{\"@id\":\"https:\\\/\\\/www.plasticmoldco.com\\\/china-mold-china-plastic-mould-plastic-mold-in-china\\\/#primaryimage\"},\"thumbnailUrl\":\"https:\\\/\\\/plasticmoldco.com\\\/wp-content\\\/uploads\\\/2018\\\/10\\\/new.n-300x18.jpg\",\"datePublished\":\"2018-10-18T05:20:05+00:00\",\"breadcrumb\":{\"@id\":\"https:\\\/\\\/www.plasticmoldco.com\\\/china-mold-china-plastic-mould-plastic-mold-in-china\\\/#breadcrumb\"},\"inLanguage\":\"nb-NO\",\"potentialAction\":[{\"@type\":\"ReadAction\",\"target\":[\"https:\\\/\\\/www.plasticmoldco.com\\\/china-mold-china-plastic-mould-plastic-mold-in-china\\\/\"]}]},{\"@type\":\"ImageObject\",\"inLanguage\":\"nb-NO\",\"@id\":\"https:\\\/\\\/www.plasticmoldco.com\\\/china-mold-china-plastic-mould-plastic-mold-in-china\\\/#primaryimage\",\"url\":\"https:\\\/\\\/plasticmoldco.com\\\/wp-content\\\/uploads\\\/2018\\\/10\\\/new.n-300x18.jpg\",\"contentUrl\":\"https:\\\/\\\/plasticmoldco.com\\\/wp-content\\\/uploads\\\/2018\\\/10\\\/new.n-300x18.jpg\"},{\"@type\":\"BreadcrumbList\",\"@id\":\"https:\\\/\\\/www.plasticmoldco.com\\\/china-mold-china-plastic-mould-plastic-mold-in-china\\\/#breadcrumb\",\"itemListElement\":[{\"@type\":\"ListItem\",\"position\":1,\"name\":\"Home\",\"item\":\"https:\\\/\\\/www.plasticmoldco.com\\\/\"},{\"@type\":\"ListItem\",\"position\":2,\"name\":\"China mold, china plastic mould, plastic mold in china\"}]},{\"@type\":\"WebSite\",\"@id\":\"https:\\\/\\\/www.plasticmoldco.com\\\/el\\\/#website\",\"url\":\"https:\\\/\\\/www.plasticmoldco.com\\\/el\\\/\",\"name\":\"Plastic Mold | China Mold Maker\",\"description\":\"Are you looking for injection mold china? We are plastic mold maker\",\"publisher\":{\"@id\":\"https:\\\/\\\/www.plasticmoldco.com\\\/el\\\/#organization\"},\"potentialAction\":[{\"@type\":\"SearchAction\",\"target\":{\"@type\":\"EntryPoint\",\"urlTemplate\":\"https:\\\/\\\/www.plasticmoldco.com\\\/el\\\/?s={search_term_string}\"},\"query-input\":{\"@type\":\"PropertyValueSpecification\",\"valueRequired\":true,\"valueName\":\"search_term_string\"}}],\"inLanguage\":\"nb-NO\"},{\"@type\":\"Organization\",\"@id\":\"https:\\\/\\\/www.plasticmoldco.com\\\/el\\\/#organization\",\"name\":\"Plastic Mold | China Mold Maker\",\"url\":\"https:\\\/\\\/www.plasticmoldco.com\\\/el\\\/\",\"logo\":{\"@type\":\"ImageObject\",\"inLanguage\":\"nb-NO\",\"@id\":\"https:\\\/\\\/www.plasticmoldco.com\\\/el\\\/#\\\/schema\\\/logo\\\/image\\\/\",\"url\":\"https:\\\/\\\/plasticmoldco.com\\\/wp-content\\\/uploads\\\/2018\\\/10\\\/nlogon.png\",\"contentUrl\":\"https:\\\/\\\/plasticmoldco.com\\\/wp-content\\\/uploads\\\/2018\\\/10\\\/nlogon.png\",\"width\":204,\"height\":54,\"caption\":\"Plastic Mold | China Mold Maker\"},\"image\":{\"@id\":\"https:\\\/\\\/www.plasticmoldco.com\\\/el\\\/#\\\/schema\\\/logo\\\/image\\\/\"}}]}<\/script>\n<!-- \/ Yoast SEO plugin. -->","yoast_head_json":{"title":"Kina mold, Kina plast mold, plast mold i Kina - Plastic Mold | China Mold Maker","robots":{"index":"index","follow":"follow","max-snippet":"max-snippet:-1","max-image-preview":"max-image-preview:large","max-video-preview":"max-video-preview:-1"},"canonical":"https:\/\/www.plasticmoldco.com\/nb\/kina-mold-kina-plast-mold-plast-mold-i-kina\/","og_locale":"nb_NO","og_type":"article","og_title":"China mold, china plastic mould, plastic mold in china - Plastic Mold | China Mold Maker","og_description":"China mold, china plastic mould, plastic mold in china Plastic mould in China:\u00a0 1. rich experience 2, high quality &amp; reasonable price 3, delivery on time 4, good aftersale service Features of our product: high accuracy in the process of\u00a0making mould Durable products Unique structure High quality based on universal standard reasonable price on time [&hellip;]","og_url":"https:\/\/www.plasticmoldco.com\/nb\/kina-mold-kina-plast-mold-plast-mold-i-kina\/","og_site_name":"Plastic Mold | China Mold Maker","og_image":[{"url":"https:\/\/plasticmoldco.com\/wp-content\/uploads\/2018\/10\/new.n-300x18.jpg","type":"","width":"","height":""}],"twitter_card":"summary_large_image","twitter_misc":{"Ansl. lesetid":"5 minutter"},"schema":{"@context":"https:\/\/schema.org","@graph":[{"@type":"WebPage","@id":"https:\/\/www.plasticmoldco.com\/china-mold-china-plastic-mould-plastic-mold-in-china\/","url":"https:\/\/www.plasticmoldco.com\/china-mold-china-plastic-mould-plastic-mold-in-china\/","name":"Kina mold, Kina plast mold, plast mold i Kina - Plastic Mold | China Mold Maker","isPartOf":{"@id":"https:\/\/www.plasticmoldco.com\/el\/#website"},"primaryImageOfPage":{"@id":"https:\/\/www.plasticmoldco.com\/china-mold-china-plastic-mould-plastic-mold-in-china\/#primaryimage"},"image":{"@id":"https:\/\/www.plasticmoldco.com\/china-mold-china-plastic-mould-plastic-mold-in-china\/#primaryimage"},"thumbnailUrl":"https:\/\/plasticmoldco.com\/wp-content\/uploads\/2018\/10\/new.n-300x18.jpg","datePublished":"2018-10-18T05:20:05+00:00","breadcrumb":{"@id":"https:\/\/www.plasticmoldco.com\/china-mold-china-plastic-mould-plastic-mold-in-china\/#breadcrumb"},"inLanguage":"nb-NO","potentialAction":[{"@type":"ReadAction","target":["https:\/\/www.plasticmoldco.com\/china-mold-china-plastic-mould-plastic-mold-in-china\/"]}]},{"@type":"ImageObject","inLanguage":"nb-NO","@id":"https:\/\/www.plasticmoldco.com\/china-mold-china-plastic-mould-plastic-mold-in-china\/#primaryimage","url":"https:\/\/plasticmoldco.com\/wp-content\/uploads\/2018\/10\/new.n-300x18.jpg","contentUrl":"https:\/\/plasticmoldco.com\/wp-content\/uploads\/2018\/10\/new.n-300x18.jpg"},{"@type":"BreadcrumbList","@id":"https:\/\/www.plasticmoldco.com\/china-mold-china-plastic-mould-plastic-mold-in-china\/#breadcrumb","itemListElement":[{"@type":"ListItem","position":1,"name":"Home","item":"https:\/\/www.plasticmoldco.com\/"},{"@type":"ListItem","position":2,"name":"China mold, china plastic mould, plastic mold in china"}]},{"@type":"WebSite","@id":"https:\/\/www.plasticmoldco.com\/el\/#website","url":"https:\/\/www.plasticmoldco.com\/el\/","name":"Plastform | Kina Mold Maker","description":"Leter du etter injeksjonsform Kina? Vi er plast mold maker","publisher":{"@id":"https:\/\/www.plasticmoldco.com\/el\/#organization"},"potentialAction":[{"@type":"SearchAction","target":{"@type":"EntryPoint","urlTemplate":"https:\/\/www.plasticmoldco.com\/el\/?s={search_term_string}"},"query-input":{"@type":"PropertyValueSpecification","valueRequired":true,"valueName":"search_term_string"}}],"inLanguage":"nb-NO"},{"@type":"Organization","@id":"https:\/\/www.plasticmoldco.com\/el\/#organization","name":"Plastform | Kina Mold Maker","url":"https:\/\/www.plasticmoldco.com\/el\/","logo":{"@type":"ImageObject","inLanguage":"nb-NO","@id":"https:\/\/www.plasticmoldco.com\/el\/#\/schema\/logo\/image\/","url":"https:\/\/plasticmoldco.com\/wp-content\/uploads\/2018\/10\/nlogon.png","contentUrl":"https:\/\/plasticmoldco.com\/wp-content\/uploads\/2018\/10\/nlogon.png","width":204,"height":54,"caption":"Plastic Mold | China Mold Maker"},"image":{"@id":"https:\/\/www.plasticmoldco.com\/el\/#\/schema\/logo\/image\/"}}]}},"_links":{"self":[{"href":"https:\/\/www.plasticmoldco.com\/nb\/wp-json\/wp\/v2\/pages\/778","targetHints":{"allow":["GET"]}}],"collection":[{"href":"https:\/\/www.plasticmoldco.com\/nb\/wp-json\/wp\/v2\/pages"}],"about":[{"href":"https:\/\/www.plasticmoldco.com\/nb\/wp-json\/wp\/v2\/types\/page"}],"author":[{"embeddable":true,"href":"https:\/\/www.plasticmoldco.com\/nb\/wp-json\/wp\/v2\/users\/1"}],"replies":[{"embeddable":true,"href":"https:\/\/www.plasticmoldco.com\/nb\/wp-json\/wp\/v2\/comments?post=778"}],"version-history":[{"count":0,"href":"https:\/\/www.plasticmoldco.com\/nb\/wp-json\/wp\/v2\/pages\/778\/revisions"}],"wp:attachment":[{"href":"https:\/\/www.plasticmoldco.com\/nb\/wp-json\/wp\/v2\/media?parent=778"}],"curies":[{"name":"wp","href":"https:\/\/api.w.org\/{rel}","templated":true}]}}