{"id":1204,"date":"2018-10-20T02:18:48","date_gmt":"2018-10-19T18:18:48","guid":{"rendered":"https:\/\/plasticmoldco.com\/?page_id=1204"},"modified":"2018-10-20T16:36:35","modified_gmt":"2018-10-20T08:36:35","slug":"auto-parts-mould","status":"publish","type":"page","link":"https:\/\/www.plasticmoldco.com\/nb\/form-for-bildeler\/","title":{"rendered":"Form for bildeler"},"content":{"rendered":"<p>[et_pb_section bb_built=\"1\u2033 disabled_on=\"on|on|\" _builder_version=\"3.10.2\u2033 custom_padding=\"0|0px|0|0px|false|false\" next_background_color=\"#000000\u2033][et_pb_row custom_padding=\"18px|0px|0|0px|false|false|false\" _builder_version=\"3.0.48\u2033 background_size=\"initial\" background_position=\"top_left\" background_repeat=\"repeat\"][et_pb_column type=\"4_4\u2033][et_pb_text _builder_version=\"3.10.2\u2033 custom_margin=\"0px|-120px|16px|-100px\"][et_pb_text<\/p>\n<p><img loading=\"lazy\" decoding=\"async\" class=\"wp-image-213 alignnone size-medium\" src=\"https:\/\/plasticmoldco.com\/wp-content\/uploads\/2018\/10\/new.n-300x18.jpg\" alt=\"\" width=\"1266\" height=\"76\" srcset=\"https:\/\/www.plasticmoldco.com\/wp-content\/uploads\/2018\/10\/new.n-300x18.jpg 300w, https:\/\/www.plasticmoldco.com\/wp-content\/uploads\/2018\/10\/new.n-768x45.jpg 768w, https:\/\/www.plasticmoldco.com\/wp-content\/uploads\/2018\/10\/new.n-1024x60.jpg 1024w\" sizes=\"(max-width: 1266px) 100vw, 1266px\" \/><\/p>\n<p>[\/et_pb_text][\/et_pb_column][\/et_pb_row][\/et_pb_section][et_pb_section bb_built=\"1\u2033 disabled_on=\"||on\" _builder_version=\"3.10.2\u2033 custom_padding=\"22px|0px|0|0px|false|false\" prev_background_color=\"#000000\u2033 next_background_color=\"#000000\u2033][et_pb_row custom_padding=\"0|0px|0px|12px|0px|false|false|false\" _builder_version=\"3.0.48\u2033 background_size=\"initial\" background_position=\"top_left\" background_repeat=\"repeat\"][et_pb_column type=\"4_4\u2033][et_pb_text _builder_version=\"3.10.2\u2033]]<\/p>\n<p><img loading=\"lazy\" decoding=\"async\" class=\"wp-image-213 alignnone size-medium\" src=\"https:\/\/plasticmoldco.com\/wp-content\/uploads\/2018\/10\/new.n-300x18.jpg\" alt=\"\" width=\"1266\" height=\"76\" srcset=\"https:\/\/www.plasticmoldco.com\/wp-content\/uploads\/2018\/10\/new.n-300x18.jpg 300w, https:\/\/www.plasticmoldco.com\/wp-content\/uploads\/2018\/10\/new.n-768x45.jpg 768w, https:\/\/www.plasticmoldco.com\/wp-content\/uploads\/2018\/10\/new.n-1024x60.jpg 1024w\" sizes=\"(max-width: 1266px) 100vw, 1266px\" \/><\/p>\n<p>[\/et_pb_text][\/et_pb_column][\/et_pb_row][\/et_pb_section][et_pb_section bb_built=\"1\u2033 disabled_on=\"on|on|\" _builder_version=\"3.10.2\u2033 custom_padding=\"0|0px|54px|0px|0px|false|false\" prev_background_color=\"#000000\u2033 next_background_color=\"#000000\u2033][et_pb_row custom_padding=\"0|0px|0|0px|0px|false|false\" _builder_version=\"3.0.48\u2033 background_size=\"initial\" background_position=\"top_left\" background_repeat=\"repeat\"][et_pb_column type=\"3_4\u2033][et_pb_text _builder_version=\"3.10.2\u2033 border_width_all=\"3px\" border_color_all=\"#e5e5e5e5\u2033 custom_margin=\"15px|-90px||-86px\" custom_padding=\"10px|10px|10px|10px|10px\"]]<\/p>\n<div id=\"titlep\">\n<div id=\"titlep\">\n<div id=\"titlep\">\n<div id=\"titlep\">\n<div>\n<h1>Form for bildeler<\/h1>\n<\/div>\n<\/div>\n<div id=\"mge\"><img loading=\"lazy\" decoding=\"async\" class=\"alignnone  wp-image-1073\" src=\"https:\/\/plasticmoldco.com\/wp-content\/uploads\/2018\/10\/101010-276x300.jpg\" alt=\"\" width=\"650\" height=\"707\" srcset=\"https:\/\/www.plasticmoldco.com\/wp-content\/uploads\/2018\/10\/101010-276x300.jpg 276w, https:\/\/www.plasticmoldco.com\/wp-content\/uploads\/2018\/10\/101010.jpg 404w\" sizes=\"(max-width: 650px) 100vw, 650px\" \/><\/div>\n<p>&nbsp;<\/p>\n<p>V\u00e5rt selskap er et profesjonelt <a href=\"https:\/\/web.archive.org\/web\/20140805213848\/http:\/\/www.moldchina.org\/quality-insurance\/our-statement\">produsent av plastformer <\/a>i Shezhen, Kina. Vi har rik erfaring innen forskjellige former, for tiden er Auto mold v\u00e5rt viktige felt.<\/p>\n<p>Nedenfor finner du spesifikasjonene for<strong><em> produksjon av plastformer<\/em><\/strong>:<\/p>\n<table border=\"1\" cellspacing=\"0\" cellpadding=\"0\">\n<tbody>\n<tr>\n<td>St\u00f8pest\u00e5lmateriale<\/td>\n<td>P20, 45#, 718, 2083, NAK80, S136, 2344, 2767, 2312 osv.<\/td>\n<\/tr>\n<tr>\n<td>Plastmateriale<\/td>\n<td>PE, PP, TPE, PPR, PA, PP, PS, PET, ABS, PC osv.<\/td>\n<\/tr>\n<tr>\n<td>St\u00f8peformbase<\/td>\n<td>LKM , HASCO , EMP.DME etc.<\/td>\n<\/tr>\n<tr>\n<td>Forml\u00f8per<\/td>\n<td>Kaldkanal og varmkanal<\/td>\n<\/tr>\n<tr>\n<td>Varmkanal for st\u00f8peform<\/td>\n<td>DEM , HASCO , YUDO osv.<\/td>\n<\/tr>\n<tr>\n<td>Form kaldkanal<\/td>\n<td>punktport , sideport , ub\u00e5tport , tunnelport<\/td>\n<\/tr>\n<tr>\n<td>St\u00f8p standarddeler<\/td>\n<td>DEM , HASCO , CUMSA , JIS , Strack.optiz,.LKM<\/td>\n<\/tr>\n<tr>\n<td>Levetid for mugg<\/td>\n<td>1 000 000 skudd<\/td>\n<\/tr>\n<tr>\n<td>Designprogramvare<\/td>\n<td>PRO-E, UG, Auto CAD, osv.<\/td>\n<\/tr>\n<tr>\n<td>Avformingsvei<\/td>\n<td>doffplate , ejektorer , luftventiler , hydrauliske sylindere<\/td>\n<\/tr>\n<tr>\n<td>Varmebehandling av st\u00f8peformen<\/td>\n<td>Herding , Quending , Nitrering<\/td>\n<\/tr>\n<tr>\n<td>Prosess<\/td>\n<td>CNC, EDM, tr\u00e5dkutting, boring, polering, montering, montering<\/td>\n<\/tr>\n<tr>\n<td>Forsendelse av st\u00f8peformer<\/td>\n<td>Til sj\u00f8s, med fly osv.<\/td>\n<\/tr>\n<tr>\n<td>Formpakking<\/td>\n<td>trekasse<\/td>\n<\/tr>\n<tr>\n<td><\/td>\n<td><\/td>\n<\/tr>\n<\/tbody>\n<\/table>\n<p>flytskjemaet for <strong><em>produsent av plastformer<\/em><\/strong> service:<\/p>\n<table border=\"1\" cellspacing=\"0\" cellpadding=\"0\">\n<tbody>\n<tr>\n<td>Mottar foresp\u00f8rsler fra kundene, inkludert formspesifikasjoner og tegninger eller pr\u00f8ver<\/td>\n<\/tr>\n<tr>\n<td>Vi vil gi et tilbud innen 24 timer<\/td>\n<\/tr>\n<tr>\n<td>Kunden bekrefter tilbudet og legger inn bestillingen,<\/td>\n<\/tr>\n<tr>\n<td>Vi begynner \u00e5 designe st\u00f8peformen<\/td>\n<\/tr>\n<tr>\n<td>Fullf\u00f8r formtegningen og send den til kunden for godkjenning<\/td>\n<\/tr>\n<tr>\n<td>Kunden godkjenner designet, og vi bestiller st\u00e5lmaterialet og formbasen<\/td>\n<\/tr>\n<tr>\n<td>Overflatebearbeiding med h\u00f8yhastighets CNC<\/td>\n<\/tr>\n<tr>\n<td>Boring av hull, CNC, tr\u00e5dskj\u00e6ring, EDM, polering, montering, montering osv.<\/td>\n<\/tr>\n<tr>\n<td>Arrangere muggtest og sende ut T1-pr\u00f8ver<\/td>\n<\/tr>\n<tr>\n<td>Kunden vil gi tilbakemelding hvis pr\u00f8vene ikke blir godkjent<\/td>\n<\/tr>\n<tr>\n<td>Reparasjon , Polering , Tekstur<\/td>\n<\/tr>\n<tr>\n<td>Vi vil endre formen til kunden er godkjent<\/td>\n<\/tr>\n<tr>\n<td>Send ut st\u00f8peformen<\/td>\n<\/tr>\n<\/tbody>\n<\/table>\n<p>&nbsp;<\/p>\n<p>Som profesjonell <strong><em><a href=\"https:\/\/web.archive.org\/web\/20140805213848\/http:\/\/www.moldchina.org\/mold-in-china\">produsent av plastform i Kina<\/a><\/em><\/strong>fordelen med formen v\u00e5r er:<\/p>\n<p>H\u00f8y presisjon, lang levetid og kort syklus med rimelig pris, punktlig levering.<\/p>\n<\/div>\n<\/div>\n<\/div>\n<p>[\/et_pb_text][\/et_pb_column][et_pb_column type=\"1_4\u2033][et_pb_sidebar _builder_version=\"3.10.2\u2033 area=\"sidebar-1\u2033 custom_margin=\"15px|-94px|||40px\" custom_padding=\"10px|10px|10px|10px|10px\" border_width_all=\"2px\" border_color_all=\"#d3d3d3\u2033 \/][\/et_pb_column][\/et_pb_row][\/et_pb_section][et_pb_section bb_built=\"1\u2033 disabled_on=\"||on\" _builder_version=\"3.10.2\u2033 custom_padding=\"0|0px|54px|0px|0px|false|false\" next_background_color=\"#000000\u2033 prev_background_color=\"#000000\u2033][et_pb_row custom_padding=\"0|0px|0px|0px|false|false\" _builder_version=\"3.0.48\u2033 background_size=\"initial\" background_position=\"top_left\" background_repeat=\"repeat\"][et_pb_column type=\"4_4\u2033][et_pb_text _builder_version=\"3.10.2\u2033 border_width_all=\"3px\" border_color_all=\"#e5e5e5\u2033]][et_pb_text _builder_version=\"3.10.2\u2033 border_width_all=\"3px<\/p>\n<div id=\"titlep\">\n<div id=\"titlep\">\n<div id=\"titlep\">\n<div id=\"titlep\">\n<div id=\"titlep\">\n<div id=\"titlep\">\n<div id=\"titlep\">\n<div id=\"titlep\">\n<div id=\"titlep\">\n<div>\n<h1>Form for bildeler<\/h1>\n<\/div>\n<\/div>\n<div id=\"mge\"><img loading=\"lazy\" decoding=\"async\" class=\"alignnone  wp-image-1073\" src=\"https:\/\/plasticmoldco.com\/wp-content\/uploads\/2018\/10\/101010-276x300.jpg\" alt=\"\" width=\"650\" height=\"707\" srcset=\"https:\/\/www.plasticmoldco.com\/wp-content\/uploads\/2018\/10\/101010-276x300.jpg 276w, https:\/\/www.plasticmoldco.com\/wp-content\/uploads\/2018\/10\/101010.jpg 404w\" sizes=\"(max-width: 650px) 100vw, 650px\" \/><\/div>\n<p>&nbsp;<\/p>\n<p>V\u00e5rt firma er en profesjonell produsent av plastform i Shezhen, Kina. Vi har rik erfaring innen forskjellige former, for tiden er Auto mold v\u00e5rt viktige felt.<\/p>\n<p>Nedenfor finner du spesifikasjonene for<strong><em> produksjon av plastformer<\/em><\/strong>:<\/p>\n<table border=\"1\" cellspacing=\"0\" cellpadding=\"0\">\n<tbody>\n<tr>\n<td>St\u00f8pest\u00e5lmateriale<\/td>\n<td>P20, 45#, 718, 2083, NAK80, S136, 2344, 2767, 2312 osv.<\/td>\n<\/tr>\n<tr>\n<td>Plastmateriale<\/td>\n<td>PE, PP, TPE, PPR, PA, PP, PS, PET, ABS, PC osv.<\/td>\n<\/tr>\n<tr>\n<td>St\u00f8peformbase<\/td>\n<td>LKM , HASCO , EMP.DME etc.<\/td>\n<\/tr>\n<tr>\n<td>Forml\u00f8per<\/td>\n<td>Kaldkanal og varmkanal<\/td>\n<\/tr>\n<tr>\n<td>Varmkanal for st\u00f8peform<\/td>\n<td>DEM , HASCO , YUDO osv.<\/td>\n<\/tr>\n<tr>\n<td>Form kaldkanal<\/td>\n<td>punktport , sideport , ub\u00e5tport , tunnelport<\/td>\n<\/tr>\n<tr>\n<td>St\u00f8p standarddeler<\/td>\n<td>DEM , HASCO , CUMSA , JIS , Strack.optiz,.LKM<\/td>\n<\/tr>\n<tr>\n<td>Levetid for mugg<\/td>\n<td>1 000 000 skudd<\/td>\n<\/tr>\n<tr>\n<td>Designprogramvare<\/td>\n<td>PRO-E, UG, Auto CAD, osv.<\/td>\n<\/tr>\n<tr>\n<td>Avformingsvei<\/td>\n<td>doffplate , ejektorer , luftventiler , hydrauliske sylindere<\/td>\n<\/tr>\n<tr>\n<td>Varmebehandling av st\u00f8peformen<\/td>\n<td>Herding , Quending , Nitrering<\/td>\n<\/tr>\n<tr>\n<td>Prosess<\/td>\n<td>CNC, EDM, tr\u00e5dkutting, boring, polering, montering, montering<\/td>\n<\/tr>\n<tr>\n<td>Forsendelse av st\u00f8peformer<\/td>\n<td>Til sj\u00f8s, med fly osv.<\/td>\n<\/tr>\n<tr>\n<td>Formpakking<\/td>\n<td>trekasse<\/td>\n<\/tr>\n<tr>\n<td><\/td>\n<td><\/td>\n<\/tr>\n<\/tbody>\n<\/table>\n<p>flytskjemaet for <strong><em>produsent av plastformer<\/em><\/strong> service:<\/p>\n<table border=\"1\" cellspacing=\"0\" cellpadding=\"0\">\n<tbody>\n<tr>\n<td>Mottar foresp\u00f8rsler fra kundene, inkludert formspesifikasjoner og tegninger eller pr\u00f8ver<\/td>\n<\/tr>\n<tr>\n<td>Vi vil gi et tilbud innen 24 timer<\/td>\n<\/tr>\n<tr>\n<td>Kunden bekrefter tilbudet og legger inn bestillingen,<\/td>\n<\/tr>\n<tr>\n<td>Vi begynner \u00e5 designe st\u00f8peformen<\/td>\n<\/tr>\n<tr>\n<td>Fullf\u00f8r formtegningen og send den til kunden for godkjenning<\/td>\n<\/tr>\n<tr>\n<td>Kunden godkjenner designet, og vi bestiller st\u00e5lmaterialet og formbasen<\/td>\n<\/tr>\n<tr>\n<td>Overflatebearbeiding med h\u00f8yhastighets CNC<\/td>\n<\/tr>\n<tr>\n<td>Boring av hull, CNC, tr\u00e5dskj\u00e6ring, EDM, polering, montering, montering osv.<\/td>\n<\/tr>\n<tr>\n<td>Arrangere muggtest og sende ut T1-pr\u00f8ver<\/td>\n<\/tr>\n<tr>\n<td>Kunden vil gi tilbakemelding hvis pr\u00f8vene ikke blir godkjent<\/td>\n<\/tr>\n<tr>\n<td>Reparasjon , Polering , Tekstur<\/td>\n<\/tr>\n<tr>\n<td>Vi vil endre formen til kunden er godkjent<\/td>\n<\/tr>\n<tr>\n<td>Send ut st\u00f8peformen<\/td>\n<\/tr>\n<\/tbody>\n<\/table>\n<p>&nbsp;<\/p>\n<p>Som profesjonell <strong><em>produsent av plastform i Kina<\/em><\/strong>fordelen med formen v\u00e5r er:<\/p>\n<p>H\u00f8y presisjon, lang levetid og kort syklus med rimelig pris, punktlig levering.<\/p>\n<\/div>\n<\/div>\n<\/div>\n<\/div>\n<\/div>\n<\/div>\n<\/div>\n<\/div>\n<p>[\/et_pb_text][et_pb_sidebar _builder_version=\"3.10.2\u2033 area=\"sidebar-1\u2033 custom_padding=\"10px||10px|10px\" border_width_all=\"2px\" border_color_all=\"#d3d3d3d3\u2033 custom_margin=\"|-250px||\" \/][\/et_pb_column][\/et_pb_row][\/et_pb_section][et_pb_section bb_built=\"1\u2033 disabled_on=\"on|on|\" _builder_version=\u201d3.10.2\u2033 custom_margin=\u201d-103px|||\u201d prev_background_color=\u201d#000000\u2033 next_background_color=\u201d#000000\u2033][et_pb_row _builder_version=\u201d3.0.48\u2033 background_size=\"initial\" background_position=\"top_left\" background_repeat=\"repeat\"][et_pb_column type=\"4_4\u2033][et_pb_text _builder_version=\"3.10.2\u2033 custom_margin=\"|-62px||-84px\"][et_pb_text _builder_version=\"3.10.2\u2033 custom_margin=\"|-62px||-84px\"]<\/p>\n<p style=\"padding-left: 30px;\"><strong>Kina plast injeksjon mold, verkt\u00f8ymaker, Kina mold maker, Kina verkt\u00f8y, plast mold Kina, Kina injeksjon mold fabrikk, plast injeksjon mold produsent i Kina<\/strong><\/p>\n<p>[\/et_pb_text][et_pb_text _builder_version=\u201d3.10.2\u2033 custom_margin=\u201d-15px|-50px||-50px\u201d]<\/p>\n<p><strong><span style=\"color: #0c0c0c;\"><a href=\"https:\/\/www.plasticmoldco.com\/nb\/\">Hjem\u00a0 \u00a0<\/a>|\u00a0 \u00a0<a href=\"https:\/\/www.plasticmoldco.com\/nb\/about-us\/\">Om oss\u00a0<\/a> \u00a0|\u00a0 <a href=\"https:\/\/www.plasticmoldco.com\/nb\/prosjekteringsteknikk\/\">Design og prosjektering<\/a>\u00a0 |\u00a0 \u00a0<a href=\"https:\/\/www.plasticmoldco.com\/nb\/products\/\">Produkter\u00a0\u00a0\u00a0\u00a0\u00a0<\/a>|\u00a0\u00a0\u00a0\u00a0\u00a0<a href=\"https:\/\/www.plasticmoldco.com\/nb\/nyheter\/\">Nyheter<\/a>\u00a0\u00a0\u00a0\u00a0\u00a0|\u00a0\u00a0\u00a0\u00a0\u00a0<a href=\"https:\/\/www.plasticmoldco.com\/nb\/kvalitetsforsikring\/\">Kvalitetsforsikring\u00a0<\/a>\u00a0\u00a0\u00a0\u00a0|\u00a0 \u00a0 <a href=\"https:\/\/www.plasticmoldco.com\/nb\/po-prosedyre\/\">PO-prosedyre<\/a>\u00a0 \u00a0 |\u00a0 \u00a0 <a href=\"https:\/\/www.plasticmoldco.com\/nb\/utstyr\/\">Utstyr\u00a0 \u00a0<\/a> |\u00a0 \u00a0<a href=\"https:\/\/www.plasticmoldco.com\/nb\/industriell-design-case\/\">Case om industridesign\u00a0<\/a> \u00a0 |\u00a0 \u00a0 <a href=\"https:\/\/www.plasticmoldco.com\/nb\/sitemap\/\">Sitemap<\/a><\/span><\/strong><\/p>\n<p>[\/et_pb_text][et_pb_text _builder_version=\"3.10.2\u2033 custom_margin=\"-15px|||\"]<\/p>\n<p style=\"text-align: center;\"><strong>Copyright \u00a9 2011 DONGGUAN SINCER TECH CO.LTD. | Kina Mold maker, Kina Plast spr\u00f8ytest\u00f8ping, Kina verkt\u00f8ymaker.<\/strong><br \/>\n<strong> Selskapsregisternummer: 1626173<\/strong><\/p>\n<p>[\/et_pb_text][\/et_pb_column][\/et_pb_row][\/et_pb_section][et_pb_section bb_built=\"1\u2033 disabled_on=\"||on\" _builder_version=\"3.10.2\u2033 custom_margin=\"-103px||||\" prev_background_color=\"#000000\u2033][et_pb_row _builder_version=\"3.0.48\u2033 background_size=\"initial\" background_position=\"top_left\" background_repeat=\"repeat\"][et_pb_column type=\"4_4\u2033][et_pb_text _builder_version=\"3.10.2\u2033]<\/p>\n<p style=\"padding-left: 30px;\"><strong>Kina plast injeksjon mold, verkt\u00f8ymaker, Kina mold maker, Kina verkt\u00f8y, plast mold Kina, Kina injeksjon mold fabrikk, plast injeksjon mold produsent i Kina<\/strong><\/p>\n<p>[\/et_pb_text][et_pb_text _builder_version=\u201d3.10.2\u2033]<\/p>\n<p><strong><span style=\"color: #0c0c0c;\"><a href=\"https:\/\/www.plasticmoldco.com\/nb\/\">Hjem\u00a0 \u00a0<\/a>|\u00a0 \u00a0<a href=\"https:\/\/www.plasticmoldco.com\/nb\/about-us\/\">Om oss\u00a0<\/a> \u00a0|\u00a0 <a href=\"https:\/\/www.plasticmoldco.com\/nb\/prosjekteringsteknikk\/\">Design og prosjektering<\/a>\u00a0 |\u00a0 \u00a0<a href=\"https:\/\/www.plasticmoldco.com\/nb\/products\/\">Produkter\u00a0\u00a0\u00a0\u00a0\u00a0<\/a>|\u00a0\u00a0\u00a0\u00a0\u00a0<a href=\"https:\/\/www.plasticmoldco.com\/nb\/nyheter\/\">Nyheter<\/a>\u00a0\u00a0\u00a0\u00a0\u00a0|\u00a0\u00a0\u00a0\u00a0\u00a0<a href=\"https:\/\/www.plasticmoldco.com\/nb\/kvalitetsforsikring\/\">Kvalitetsforsikring\u00a0<\/a>\u00a0\u00a0\u00a0\u00a0|\u00a0 \u00a0 <a href=\"https:\/\/www.plasticmoldco.com\/nb\/po-prosedyre\/\">PO-prosedyre<\/a>\u00a0 \u00a0 |\u00a0 \u00a0 <a href=\"https:\/\/www.plasticmoldco.com\/nb\/utstyr\/\">Utstyr\u00a0 \u00a0<\/a> |\u00a0 \u00a0<a href=\"https:\/\/www.plasticmoldco.com\/nb\/industriell-design-case\/\">Case om industridesign\u00a0<\/a> \u00a0 |\u00a0 \u00a0 <a href=\"https:\/\/www.plasticmoldco.com\/nb\/sitemap\/\">Sitemap<\/a><\/span><\/strong><\/p>\n<p>[\/et_pb_text][et_pb_text _builder_version=\u201d3.10.2\u2033]<\/p>\n<p style=\"text-align: center;\"><strong>Copyright \u00a9 2011 DONGGUAN SINCER TECH CO.LTD. | Kina Mold maker, Kina Plast spr\u00f8ytest\u00f8ping, Kina verkt\u00f8ymaker.<\/strong><br \/>\n<strong> Selskapsregisternummer: 1626173<\/strong><\/p>\n<p>[\/et_pb_text][\/et_pb_column][\/et_pb_row][\/et_pb_section]<\/p>","protected":false},"excerpt":{"rendered":"<p>Auto parts mould &nbsp; Our company is a professional plastic mold manufacturer in Shezhen, China. We have rich experience in various mold, At present, Auto mould\u00a0is our important field. Below is the Spec. for plastic mold manufacture: Mould steel\u00a0material P20 , 45# ,718 , 2083 , NAK80 ,S136 ,2344,2767,2312 etc. Plastic material PE , PP, [&hellip;]<\/p>","protected":false},"author":1,"featured_media":0,"parent":0,"menu_order":0,"comment_status":"closed","ping_status":"closed","template":"","meta":{"_et_pb_use_builder":"on","_et_pb_old_content":"","_et_gb_content_width":"","footnotes":""},"class_list":["post-1204","page","type-page","status-publish","hentry"],"yoast_head":"<!-- This site is optimized with the Yoast SEO plugin v26.4 - https:\/\/yoast.com\/wordpress\/plugins\/seo\/ -->\n<title>Auto parts mould - Plastic Mold | China Mold Maker<\/title>\n<meta name=\"robots\" content=\"index, follow, max-snippet:-1, max-image-preview:large, max-video-preview:-1\" \/>\n<link rel=\"canonical\" href=\"https:\/\/www.plasticmoldco.com\/nb\/form-for-bildeler\/\" \/>\n<meta property=\"og:locale\" content=\"nb_NO\" \/>\n<meta property=\"og:type\" content=\"article\" \/>\n<meta property=\"og:title\" content=\"Auto parts mould - Plastic Mold | China Mold Maker\" \/>\n<meta property=\"og:description\" content=\"Auto parts mould &nbsp; Our company is a professional plastic mold manufacturer in Shezhen, China. We have rich experience in various mold, At present, Auto mould\u00a0is our important field. Below is the Spec. for plastic mold manufacture: Mould steel\u00a0material P20 , 45# ,718 , 2083 , NAK80 ,S136 ,2344,2767,2312 etc. Plastic material PE , PP, [&hellip;]\" \/>\n<meta property=\"og:url\" content=\"https:\/\/www.plasticmoldco.com\/nb\/form-for-bildeler\/\" \/>\n<meta property=\"og:site_name\" content=\"Plastic Mold | China Mold Maker\" \/>\n<meta property=\"article:modified_time\" content=\"2018-10-20T08:36:35+00:00\" \/>\n<meta property=\"og:image\" content=\"https:\/\/plasticmoldco.com\/wp-content\/uploads\/2018\/10\/new.n-300x18.jpg\" \/>\n<meta name=\"twitter:card\" content=\"summary_large_image\" \/>\n<meta name=\"twitter:label1\" content=\"Ansl. lesetid\" \/>\n\t<meta name=\"twitter:data1\" content=\"6 minutter\" \/>\n<script type=\"application\/ld+json\" class=\"yoast-schema-graph\">{\"@context\":\"https:\/\/schema.org\",\"@graph\":[{\"@type\":\"WebPage\",\"@id\":\"https:\/\/www.plasticmoldco.com\/nb\/form-for-bildeler\/\",\"url\":\"https:\/\/www.plasticmoldco.com\/nb\/form-for-bildeler\/\",\"name\":\"Auto parts mould - Plastic Mold | China Mold Maker\",\"isPartOf\":{\"@id\":\"https:\/\/www.plasticmoldco.com\/el\/#website\"},\"primaryImageOfPage\":{\"@id\":\"https:\/\/www.plasticmoldco.com\/nb\/form-for-bildeler\/#primaryimage\"},\"image\":{\"@id\":\"https:\/\/www.plasticmoldco.com\/nb\/form-for-bildeler\/#primaryimage\"},\"thumbnailUrl\":\"https:\/\/plasticmoldco.com\/wp-content\/uploads\/2018\/10\/new.n-300x18.jpg\",\"datePublished\":\"2018-10-19T18:18:48+00:00\",\"dateModified\":\"2018-10-20T08:36:35+00:00\",\"breadcrumb\":{\"@id\":\"https:\/\/www.plasticmoldco.com\/nb\/form-for-bildeler\/#breadcrumb\"},\"inLanguage\":\"nb-NO\",\"potentialAction\":[{\"@type\":\"ReadAction\",\"target\":[\"https:\/\/www.plasticmoldco.com\/nb\/form-for-bildeler\/\"]}]},{\"@type\":\"ImageObject\",\"inLanguage\":\"nb-NO\",\"@id\":\"https:\/\/www.plasticmoldco.com\/nb\/form-for-bildeler\/#primaryimage\",\"url\":\"https:\/\/plasticmoldco.com\/wp-content\/uploads\/2018\/10\/new.n-300x18.jpg\",\"contentUrl\":\"https:\/\/plasticmoldco.com\/wp-content\/uploads\/2018\/10\/new.n-300x18.jpg\"},{\"@type\":\"BreadcrumbList\",\"@id\":\"https:\/\/www.plasticmoldco.com\/nb\/form-for-bildeler\/#breadcrumb\",\"itemListElement\":[{\"@type\":\"ListItem\",\"position\":1,\"name\":\"Home\",\"item\":\"https:\/\/www.plasticmoldco.com\/\"},{\"@type\":\"ListItem\",\"position\":2,\"name\":\"Auto parts mould\"}]},{\"@type\":\"WebSite\",\"@id\":\"https:\/\/www.plasticmoldco.com\/el\/#website\",\"url\":\"https:\/\/www.plasticmoldco.com\/el\/\",\"name\":\"Plastic Mold | China Mold Maker\",\"description\":\"Are you looking for injection mold china? We are plastic mold maker\",\"publisher\":{\"@id\":\"https:\/\/www.plasticmoldco.com\/el\/#organization\"},\"potentialAction\":[{\"@type\":\"SearchAction\",\"target\":{\"@type\":\"EntryPoint\",\"urlTemplate\":\"https:\/\/www.plasticmoldco.com\/el\/?s={search_term_string}\"},\"query-input\":{\"@type\":\"PropertyValueSpecification\",\"valueRequired\":true,\"valueName\":\"search_term_string\"}}],\"inLanguage\":\"nb-NO\"},{\"@type\":\"Organization\",\"@id\":\"https:\/\/www.plasticmoldco.com\/el\/#organization\",\"name\":\"Plastic Mold | China Mold Maker\",\"url\":\"https:\/\/www.plasticmoldco.com\/el\/\",\"logo\":{\"@type\":\"ImageObject\",\"inLanguage\":\"nb-NO\",\"@id\":\"https:\/\/www.plasticmoldco.com\/el\/#\/schema\/logo\/image\/\",\"url\":\"https:\/\/plasticmoldco.com\/wp-content\/uploads\/2018\/10\/nlogon.png\",\"contentUrl\":\"https:\/\/plasticmoldco.com\/wp-content\/uploads\/2018\/10\/nlogon.png\",\"width\":204,\"height\":54,\"caption\":\"Plastic Mold | China Mold Maker\"},\"image\":{\"@id\":\"https:\/\/www.plasticmoldco.com\/el\/#\/schema\/logo\/image\/\"}}]}<\/script>\n<!-- \/ Yoast SEO plugin. -->","yoast_head_json":{"title":"Auto deler mold - Plast mold | Kina Mold Maker","robots":{"index":"index","follow":"follow","max-snippet":"max-snippet:-1","max-image-preview":"max-image-preview:large","max-video-preview":"max-video-preview:-1"},"canonical":"https:\/\/www.plasticmoldco.com\/nb\/form-for-bildeler\/","og_locale":"nb_NO","og_type":"article","og_title":"Auto parts mould - Plastic Mold | China Mold Maker","og_description":"Auto parts mould &nbsp; Our company is a professional plastic mold manufacturer in Shezhen, China. We have rich experience in various mold, At present, Auto mould\u00a0is our important field. Below is the Spec. for plastic mold manufacture: Mould steel\u00a0material P20 , 45# ,718 , 2083 , NAK80 ,S136 ,2344,2767,2312 etc. Plastic material PE , PP, [&hellip;]","og_url":"https:\/\/www.plasticmoldco.com\/nb\/form-for-bildeler\/","og_site_name":"Plastic Mold | China Mold Maker","article_modified_time":"2018-10-20T08:36:35+00:00","og_image":[{"url":"https:\/\/plasticmoldco.com\/wp-content\/uploads\/2018\/10\/new.n-300x18.jpg","type":"","width":"","height":""}],"twitter_card":"summary_large_image","twitter_misc":{"Ansl. lesetid":"6 minutter"},"schema":{"@context":"https:\/\/schema.org","@graph":[{"@type":"WebPage","@id":"https:\/\/www.plasticmoldco.com\/nb\/form-for-bildeler\/","url":"https:\/\/www.plasticmoldco.com\/nb\/form-for-bildeler\/","name":"Auto deler mold - Plast mold | Kina Mold Maker","isPartOf":{"@id":"https:\/\/www.plasticmoldco.com\/el\/#website"},"primaryImageOfPage":{"@id":"https:\/\/www.plasticmoldco.com\/nb\/form-for-bildeler\/#primaryimage"},"image":{"@id":"https:\/\/www.plasticmoldco.com\/nb\/form-for-bildeler\/#primaryimage"},"thumbnailUrl":"https:\/\/plasticmoldco.com\/wp-content\/uploads\/2018\/10\/new.n-300x18.jpg","datePublished":"2018-10-19T18:18:48+00:00","dateModified":"2018-10-20T08:36:35+00:00","breadcrumb":{"@id":"https:\/\/www.plasticmoldco.com\/nb\/form-for-bildeler\/#breadcrumb"},"inLanguage":"nb-NO","potentialAction":[{"@type":"ReadAction","target":["https:\/\/www.plasticmoldco.com\/nb\/form-for-bildeler\/"]}]},{"@type":"ImageObject","inLanguage":"nb-NO","@id":"https:\/\/www.plasticmoldco.com\/nb\/form-for-bildeler\/#primaryimage","url":"https:\/\/plasticmoldco.com\/wp-content\/uploads\/2018\/10\/new.n-300x18.jpg","contentUrl":"https:\/\/plasticmoldco.com\/wp-content\/uploads\/2018\/10\/new.n-300x18.jpg"},{"@type":"BreadcrumbList","@id":"https:\/\/www.plasticmoldco.com\/nb\/form-for-bildeler\/#breadcrumb","itemListElement":[{"@type":"ListItem","position":1,"name":"Home","item":"https:\/\/www.plasticmoldco.com\/"},{"@type":"ListItem","position":2,"name":"Auto parts mould"}]},{"@type":"WebSite","@id":"https:\/\/www.plasticmoldco.com\/el\/#website","url":"https:\/\/www.plasticmoldco.com\/el\/","name":"Plastform | Kina Mold Maker","description":"Leter du etter injeksjonsform Kina? Vi er plast mold maker","publisher":{"@id":"https:\/\/www.plasticmoldco.com\/el\/#organization"},"potentialAction":[{"@type":"SearchAction","target":{"@type":"EntryPoint","urlTemplate":"https:\/\/www.plasticmoldco.com\/el\/?s={search_term_string}"},"query-input":{"@type":"PropertyValueSpecification","valueRequired":true,"valueName":"search_term_string"}}],"inLanguage":"nb-NO"},{"@type":"Organization","@id":"https:\/\/www.plasticmoldco.com\/el\/#organization","name":"Plastform | Kina Mold Maker","url":"https:\/\/www.plasticmoldco.com\/el\/","logo":{"@type":"ImageObject","inLanguage":"nb-NO","@id":"https:\/\/www.plasticmoldco.com\/el\/#\/schema\/logo\/image\/","url":"https:\/\/plasticmoldco.com\/wp-content\/uploads\/2018\/10\/nlogon.png","contentUrl":"https:\/\/plasticmoldco.com\/wp-content\/uploads\/2018\/10\/nlogon.png","width":204,"height":54,"caption":"Plastic Mold | China Mold Maker"},"image":{"@id":"https:\/\/www.plasticmoldco.com\/el\/#\/schema\/logo\/image\/"}}]}},"_links":{"self":[{"href":"https:\/\/www.plasticmoldco.com\/nb\/wp-json\/wp\/v2\/pages\/1204","targetHints":{"allow":["GET"]}}],"collection":[{"href":"https:\/\/www.plasticmoldco.com\/nb\/wp-json\/wp\/v2\/pages"}],"about":[{"href":"https:\/\/www.plasticmoldco.com\/nb\/wp-json\/wp\/v2\/types\/page"}],"author":[{"embeddable":true,"href":"https:\/\/www.plasticmoldco.com\/nb\/wp-json\/wp\/v2\/users\/1"}],"replies":[{"embeddable":true,"href":"https:\/\/www.plasticmoldco.com\/nb\/wp-json\/wp\/v2\/comments?post=1204"}],"version-history":[{"count":0,"href":"https:\/\/www.plasticmoldco.com\/nb\/wp-json\/wp\/v2\/pages\/1204\/revisions"}],"wp:attachment":[{"href":"https:\/\/www.plasticmoldco.com\/nb\/wp-json\/wp\/v2\/media?parent=1204"}],"curies":[{"name":"wp","href":"https:\/\/api.w.org\/{rel}","templated":true}]}}