{"id":12,"date":"2018-10-14T16:59:39","date_gmt":"2018-10-14T08:59:39","guid":{"rendered":"https:\/\/plasticmoldco.com\/?page_id=12"},"modified":"2019-02-15T21:45:09","modified_gmt":"2019-02-15T13:45:09","slug":"company","status":"publish","type":"page","link":"https:\/\/www.plasticmoldco.com\/nb\/selskap\/","title":{"rendered":"Om oss"},"content":{"rendered":"<p>[et_pb_section bb_built=\u201d1\u2033 disabled_on=\u201don|on|\u201d _builder_version=\u201d3.10.2\u2033 custom_padding=\u201d0|0px|54px|0px|false|false\u201d next_background_color=\u201d#000000\u2033][et_pb_row custom_padding=\u201d0|0px|0|0px|false|false|false\u201d _builder_version=\u201d3.0.48\u2033 background_size=\u201dinitial\u201d background_position=\u201dtop_left\u201d background_repeat=\u201drepeat\u201d][et_pb_column type=\u201d3_4\u2033][et_pb_text _builder_version=\u201d3.16.1\u2033 border_width_all=\u201d3px\u201d border_color_all=\u201d#e5e5e5e5\u2033 custom_margin=\u201d15px|-90px||-86px\u201d custom_padding=\u201d10px|10px|10px|10px|10px\u201d]]<\/p>\n<div id=\"titlep\">\n<div id=\"content\" role=\"main\">\n<div id=\"titlep\">Om oss-A <a href=\"https:\/\/www.plasticmoldco.com\/nb\/\">Kinesisk st\u00f8peformfirma<\/a><\/div>\n<p><strong>DONGGUAN SINCERE ETCH CO.LTD<\/strong> ,v\u00e5r fabrikk ligger i\u00a0<img loading=\"lazy\" decoding=\"async\" class=\"size-full wp-image-615 alignright\" title=\"Kina mold maker\" src=\"https:\/\/web.archive.org\/web\/20140805221613im_\/http:\/\/www.moldchina.org\/wp-content\/uploads\/2011\/01\/untitled2.bmp\" alt=\"\" width=\"172\" height=\"109\" \/>DongGuan, Kina, og ble etablert i 2003,<\/p>\n<p>SINCER ETECH IS spesialiserer seg p\u00e5 ulike <strong>plastformer og produksjon av plastst\u00f8peformer\u00a0<\/strong>for. bilindustrien, husholdningsapparater, medisinsk utstyr, elektronikk og sportsutstyr, samt generelle industrielle OEM-applikasjoner. V\u00e5rt firma dekker et omr\u00e5de p\u00e5 mer enn 3800 kvadratmeter verksted, omgitt av praktisk transport. For tiden n\u00e5r v\u00e5r gruppe til mer enn 150 utmerkede <strong>mold produsenter i Kina<\/strong> og kapital til mer enn 40 millioner RMB. V\u00e5r kapasitet er 40-65 sett med injeksjonsformer per m\u00e5ned.<\/p>\n<p>Vi har alltid insistert p\u00e5 at de ansatte er grunnlaget for \u00e5 sikre produkter av h\u00f8y kvalitet og realisere utviklingen av b\u00e5de de ansatte og selskapet. S\u00e5 vi har registrert mange <strong>formteknolog<\/strong>, ledertalenter og profesjonelle ingeni\u00f8rer i <a href=\"https:\/\/www.plasticmoldco.com\/nb\/\"><strong>Kina mold making <\/strong><\/a>industriell.<\/p>\n<p>Utstyr i ST er mest importert fra Sveits og Taiwan. Har 21 sett fresemaskin (17 sett importert, 4 sett laget hjemme), 9 sett CNC, 11 sett Charmilles EDM, 10 sett slipemaskiner, 6 sett dreiebenker, 4 sett tr\u00e5dskj\u00e6remaskiner, 30\u00a0<strong>Injeksjonsmaskiner<\/strong> og en CMM-m\u00e5lemaskin, en projektor, videom\u00e5lesystem, line\u00e6r skj\u00e6remaskin med langsom f\u00f4ring osv. Vi er i stand til \u00e5 injisere <strong>plastdeler<\/strong> med vekt under 1500 g eller med kapasitet under 650 tonn, og som bygger ulike typer <strong>plastformer<\/strong> og st\u00f8ping med m\u00e5ling under 8500 * 1000 * 8500mm.<\/p>\n<p>Dessuten tar vi i bruk avansert CAD\/CAE\/CAM-prosessteknologi og profesjonelle programvarer som UG, Pro\/E, Solidworks for \u00e5 designe, analysere, bygge og lage <strong>Plastform i Kina<\/strong>. V\u00e5rt internettadministrasjonssystem bidrar til perfekt kvalitetskontroll og hele h\u00e5ndverksprosessen.<br \/>\nMed ST hardtarbeidende i 14 \u00e5r har vi vunnet kundenes tillit p\u00e5 grunn av h\u00f8y kvalitet, kompetent pris, profesjonell teknisk med flytende engelsk kommunikasjon og punktlig levering. V\u00e5re kunder spenner fra mange kjente selskaper som SONY \uff0c Toshiba \uff0c Suzuki \uff0c Magna, ITW, MAZDA \uff0c HONDA \uff0c SUNBEM \uff0c etc.<\/p>\n<p>Vi ble vellykket akkreditert med ISO 9001: 2000-sertifikat i 2006. Med \"Service i hjertet, kvalitet i sjelen\", kan vi tilby et komplett servicesystem til b\u00e5de gamle og nye kunder,<\/p>\n<p>Er du p\u00e5 utkikk etter <a href=\"https:\/\/www.plasticmoldco.com\/nb\/\"><strong>produksjon av st\u00f8peformer i Kina<\/strong><\/a> \u00e5 produsere spr\u00f8ytest\u00f8pe- og plastst\u00f8pedeler til ditt nye prosjekt? Kontakt oss n\u00e5 for \u00e5 f\u00e5 tilbud.<\/p>\n<\/div>\n<\/div>\n<p>[\/et_pb_text][\/et_pb_column][et_pb_column type=\"1_4\u2033][et_pb_sidebar _builder_version=\"3.10.2\u2033 area=\"sidebar-1\u2033 custom_margin=\"15px|-94px|||40px\" custom_padding=\"10px|10px|10px|10px|10px\" border_width_all=\"2px\" border_color_all=\"#d3d3d3\u2033 \/][\/et_pb_column][\/et_pb_row][\/et_pb_section][et_pb_section bb_built=\"1\u2033 disabled_on=\"||on\" _builder_version=\"3.10.2\u2033 custom_padding=\"0|0px|54px|0px|0px|false|false\" next_background_color=\"#000000\u2033 prev_background_color=\"#000000\u2033][et_pb_row custom_padding=\"0|0px|0px|0px|false|false\" _builder_version=\"3.0.48\u2033 background_size=\"initial\" background_position=\"top_left\" background_repeat=\"repeat\"][et_pb_column type=\"4_4\u2033][et_pb_text _builder_version=\"3.10.2\u2033 border_width_all=\"3px\" border_color_all=\"#e5e5e5\u2033]][et_pb_text _builder_version=\"3.10.2\u2033 border_width_all=\"3px<\/p>\n<div id=\"titlep\">\n<div id=\"content\" role=\"main\">\n<div>\n<div id=\"titlep\">\n<div>\n<div>Om oss<br \/>\nHjem \" Om oss<\/div>\n<\/div>\n<\/div>\n<div id=\"mge\"><\/div>\n<p><strong>SOSITAR MOLD CO, LIMITED<\/strong> ,v\u00e5r fabrikk ligger i\u00a0<img loading=\"lazy\" decoding=\"async\" class=\"size-full wp-image-615 alignright\" title=\"Kina mold maker\" src=\"https:\/\/web.archive.org\/web\/20140805221613im_\/http:\/\/www.moldchina.org\/wp-content\/uploads\/2011\/01\/untitled2.bmp\" alt=\"\" width=\"172\" height=\"109\" \/>Shenzhen, Kina, og etablert i 1998, Sositar mold industrial Co, LTD spesialiserer seg p\u00e5 ulike <strong>plastformer <\/strong>for. bilindustrien, husholdningsapparater, medisinsk utstyr, elektronikk og sportsutstyr, samt generelle industrielle OEM-applikasjoner. V\u00e5rt firma dekker et omr\u00e5de p\u00e5 mer enn 3800 kvadratmeter verksted, omgitt av praktisk transport. For tiden n\u00e5r v\u00e5r gruppe til mer enn 150 utmerkede <strong>verkt\u00f8yprodusenter i kina<\/strong> og kapital til mer enn 15 millioner RMB. V\u00e5r kapasitet er 60-80 sett mugg per m\u00e5ned.<\/p>\n<p>Vi har alltid insistert p\u00e5 at de ansatte er grunnlaget for \u00e5 sikre produkter av h\u00f8y kvalitet og realisere utviklingen av b\u00e5de de ansatte og selskapet. S\u00e5 vi har registrert mange <strong>formteknolog<\/strong>, ledertalenter og profesjonelle ingeni\u00f8rer i <strong>produksjon av st\u00f8peformer i Kina<\/strong><strong>.<\/strong><\/p>\n<p>Utstyr i Sositar er mest importert fra Sveits og Taiwan. De er 21 sett fresemaskin (17 sett importert, 4 sett laget hjemme), 6 sett CNC, 11 sett Charmilles EDM, 10 sett slipemaskiner, 4 sett dreiebenker, 7 sett tr\u00e5dskj\u00e6remaskiner, 10 <strong>Injeksjonsmaskiner<\/strong> og CMM, videom\u00e5lesystem, line\u00e6r skj\u00e6remaskin med langsom mating osv. Vi er i stand til \u00e5 injisere <strong>plastdeler<\/strong> med vekt under 1500 g eller med kapasitet under 650 tonn, og som bygger ulike typer <strong>plastformer<\/strong> og st\u00f8ping med m\u00e5ling under 8500 * 1000 * 8500mm.<\/p>\n<p><img loading=\"lazy\" decoding=\"async\" class=\"alignnone size-full wp-image-62\" title=\"st\u00f8peformfabrikk i Kina\" src=\"https:\/\/web.archive.org\/web\/20140805221613im_\/http:\/\/www.moldchina.org\/wp-content\/uploads\/2011\/01\/china-mould-factory.jpg\" alt=\"st\u00f8peformfabrikk i Kina\" width=\"371\" height=\"198\" \/><\/p>\n<p>Dessuten tar vi i bruk avansert CAD\/CAE\/CAM-prosessteknologi og profesjonelle programvarer som UG, Pro\/E, Solidworks for \u00e5 designe, analysere, bygge og lage <strong>st\u00f8peform i Kina<\/strong>. V\u00e5rt internettadministrasjonssystem bidrar til perfekt kvalitetskontroll og hele h\u00e5ndverksprosessen.<br \/>\nMed Sositar-gruppens hardtarbeidende i 12 \u00e5r har vi vunnet kundenes tillit p\u00e5 grunn av h\u00f8y kvalitet, kompetent pris, enkel kommunikasjon og punktlig levering. V\u00e5re kunder spenner fra mange kjente selskaper som SONY, TAFAL, TOSHIBA, Hitachi, MAZDA, HONDA, SUNBEM, PHILIPS, etc.<\/p>\n<p>Vi ble vellykket akkreditert med ISO 9001: 2000-sertifikat i 2004. Med \"Service i hjertet, kvalitet i sjelen\", kunne vi tilby et komplett servicesystem til b\u00e5de gamle og nye kunder.<\/p>\n<\/div>\n<\/div>\n<\/div>\n<p>[\/et_pb_text][et_pb_sidebar _builder_version=\"3.10.2\u2033 area=\"sidebar-1\u2033 custom_padding=\"10px||10px|10px\" border_width_all=\"2px\" border_color_all=\"#d3d3d3d3\u2033 custom_margin=\"|-250px||\" \/][\/et_pb_column][\/et_pb_row][\/et_pb_section][et_pb_section bb_built=\"1\u2033 disabled_on=\"on|on|\" _builder_version=\u201d3.10.2\u2033 custom_margin=\u201d-103px|||\u201d prev_background_color=\u201d#000000\u2033 next_background_color=\u201d#000000\u2033][et_pb_row _builder_version=\u201d3.0.48\u2033 background_size=\"initial\" background_position=\"top_left\" background_repeat=\"repeat\"][et_pb_column type=\"4_4\u2033][et_pb_text _builder_version=\"3.10.2\u2033 custom_margin=\"|-62px||-84px\"][et_pb_text _builder_version=\"3.10.2\u2033 custom_margin=\"|-62px||-84px\"]<\/p>\n<p style=\"padding-left: 30px;\"><strong>Kina plast injeksjon mold, verkt\u00f8ymaker, Kina mold maker, Kina verkt\u00f8y, plast mold Kina, Kina injeksjon mold fabrikk, plast injeksjon mold produsent i Kina<\/strong><\/p>\n<p>[\/et_pb_text][et_pb_text _builder_version=\u201d3.10.2\u2033 custom_margin=\u201d-15px|-50px||-50px\u201d]<\/p>\n<p><strong><span style=\"color: #0c0c0c;\"><a href=\"https:\/\/www.plasticmoldco.com\/nb\/\">Hjem\u00a0 \u00a0<\/a>|\u00a0 \u00a0<a href=\"https:\/\/www.plasticmoldco.com\/nb\/about-us\/\">Om oss\u00a0<\/a> \u00a0|\u00a0 <a href=\"https:\/\/www.plasticmoldco.com\/nb\/prosjekteringsteknikk\/\">Design og prosjektering<\/a>\u00a0 |\u00a0 \u00a0<a href=\"https:\/\/www.plasticmoldco.com\/nb\/products\/\">Produkter\u00a0\u00a0\u00a0\u00a0\u00a0<\/a>|\u00a0\u00a0\u00a0\u00a0\u00a0<a href=\"https:\/\/www.plasticmoldco.com\/nb\/nyheter\/\">Nyheter<\/a>\u00a0\u00a0\u00a0\u00a0\u00a0|\u00a0\u00a0\u00a0\u00a0\u00a0<a href=\"https:\/\/www.plasticmoldco.com\/nb\/kvalitetsforsikring\/\">Kvalitetsforsikring\u00a0<\/a>\u00a0\u00a0\u00a0\u00a0|\u00a0 \u00a0 <a href=\"https:\/\/www.plasticmoldco.com\/nb\/po-prosedyre\/\">PO-prosedyre<\/a>\u00a0 \u00a0 |\u00a0 \u00a0 <a href=\"https:\/\/www.plasticmoldco.com\/nb\/utstyr\/\">Utstyr\u00a0 \u00a0<\/a> |\u00a0 \u00a0<a href=\"https:\/\/www.plasticmoldco.com\/nb\/industriell-design-case\/\">Case om industridesign\u00a0<\/a> \u00a0 |\u00a0 \u00a0 <a href=\"https:\/\/www.plasticmoldco.com\/nb\/sitemap\/\">Sitemap<\/a><\/span><\/strong><\/p>\n<p>[\/et_pb_text][et_pb_text _builder_version=\"3.10.2\u2033 custom_margin=\"-15px|||\"]<\/p>\n<p style=\"text-align: center;\"><strong>Copyright \u00a9 2011 DONGGUAN SINCER TECH CO.LTD. | Kina Mold maker, Kina Plast spr\u00f8ytest\u00f8ping, Kina verkt\u00f8ymaker.<\/strong><br \/>\n<strong> Selskapsregisternummer: 1626173<\/strong><\/p>\n<p>[\/et_pb_text][\/et_pb_column][\/et_pb_row][\/et_pb_section][et_pb_section bb_built=\"1\u2033 disabled_on=\"||on\" _builder_version=\"3.10.2\u2033 custom_margin=\"-103px||||\" prev_background_color=\"#000000\u2033][et_pb_row _builder_version=\"3.0.48\u2033 background_size=\"initial\" background_position=\"top_left\" background_repeat=\"repeat\"][et_pb_column type=\"4_4\u2033][et_pb_text _builder_version=\"3.10.2\u2033]<\/p>\n<p style=\"padding-left: 30px;\"><strong>Kina plast injeksjon mold, verkt\u00f8ymaker, Kina mold maker, Kina verkt\u00f8y, plast mold Kina, Kina injeksjon mold fabrikk, plast injeksjon mold produsent i Kina<\/strong><\/p>\n<p>[\/et_pb_text][et_pb_text _builder_version=\u201d3.10.2\u2033]<\/p>\n<p><strong><span style=\"color: #0c0c0c;\"><a href=\"https:\/\/www.plasticmoldco.com\/nb\/\">Hjem\u00a0 \u00a0<\/a>|\u00a0 \u00a0<a href=\"https:\/\/www.plasticmoldco.com\/nb\/about-us\/\">Om oss\u00a0<\/a> \u00a0|\u00a0 <a href=\"https:\/\/www.plasticmoldco.com\/nb\/prosjekteringsteknikk\/\">Design og prosjektering<\/a>\u00a0 |\u00a0 \u00a0<a href=\"https:\/\/www.plasticmoldco.com\/nb\/products\/\">Produkter\u00a0\u00a0\u00a0\u00a0\u00a0<\/a>|\u00a0\u00a0\u00a0\u00a0\u00a0<a href=\"https:\/\/www.plasticmoldco.com\/nb\/nyheter\/\">Nyheter<\/a>\u00a0\u00a0\u00a0\u00a0\u00a0|\u00a0\u00a0\u00a0\u00a0\u00a0<a href=\"https:\/\/www.plasticmoldco.com\/nb\/kvalitetsforsikring\/\">Kvalitetsforsikring\u00a0<\/a>\u00a0\u00a0\u00a0\u00a0|\u00a0 \u00a0 <a href=\"https:\/\/www.plasticmoldco.com\/nb\/po-prosedyre\/\">PO-prosedyre<\/a>\u00a0 \u00a0 |\u00a0 \u00a0 <a href=\"https:\/\/www.plasticmoldco.com\/nb\/utstyr\/\">Utstyr\u00a0 \u00a0<\/a> |\u00a0 \u00a0<a href=\"https:\/\/www.plasticmoldco.com\/nb\/industriell-design-case\/\">Case om industridesign\u00a0<\/a> \u00a0 |\u00a0 \u00a0 <a href=\"https:\/\/www.plasticmoldco.com\/nb\/sitemap\/\">Sitemap<\/a><\/span><\/strong><\/p>\n<p>[\/et_pb_text][et_pb_text _builder_version=\u201d3.10.2\u2033]<\/p>\n<p style=\"text-align: center;\"><strong>Copyright \u00a9 2011 DONGGUAN SINCER TECH CO.LTD. | Kina Mold maker, Kina Plast spr\u00f8ytest\u00f8ping, Kina verkt\u00f8ymaker.<\/strong><br \/>\n<strong> Selskapsregisternummer: 1626173<\/strong><\/p>\n<p>[\/et_pb_text][\/et_pb_column][\/et_pb_row][\/et_pb_section]<\/p>","protected":false},"excerpt":{"rendered":"<p>Om oss - Et kinesisk moldfirma DONGGUAN SINCERE ETCH CO.LTD, v\u00e5r fabrikk SINCER ETECH IS ligger i DongGuan, Kina, og ble etablert i 2003, og spesialiserer seg p\u00e5 forskjellige plastformer og plastst\u00f8peproduksjon for. bilindustrien, husholdningsapparater, medisinsk utstyr, elektronikk og sportsutstyr, samt generelle industrielle OEM-applikasjoner. V\u00e5rt firma dekker et omr\u00e5de p\u00e5 mer enn 3800 kvadratmeter [...]].<\/p>","protected":false},"author":1,"featured_media":0,"parent":0,"menu_order":0,"comment_status":"closed","ping_status":"closed","template":"","meta":{"_et_pb_use_builder":"on","_et_pb_old_content":"","_et_gb_content_width":"","footnotes":""},"class_list":["post-12","page","type-page","status-publish","hentry"],"yoast_head":"<!-- This site is optimized with the Yoast SEO plugin v27.4 - https:\/\/yoast.com\/product\/yoast-seo-wordpress\/ -->\n<title>About Us - Plastic Mold | China Mold Maker<\/title>\n<meta name=\"robots\" content=\"index, follow, max-snippet:-1, max-image-preview:large, max-video-preview:-1\" \/>\n<link rel=\"canonical\" href=\"https:\/\/www.plasticmoldco.com\/nb\/bedrijf\/\" \/>\n<meta property=\"og:locale\" content=\"nb_NO\" \/>\n<meta property=\"og:type\" content=\"article\" \/>\n<meta property=\"og:title\" content=\"About Us - Plastic Mold | China Mold Maker\" \/>\n<meta property=\"og:description\" content=\"About Us-A Chinese Mold Company DONGGUAN SINCERE ETCH CO.LTD ,our factory Located in\u00a0DongGuan,\u00a0China, and established in 2003, SINCER ETECH IS specializes in various plastic molds and plastic molding manufacturing\u00a0for. automotive, home appliances, medical equipment, electronics and sporting equipment, as well as general industrial OEM applications. Our company covers an area of more than 3,800 square [&hellip;]\" \/>\n<meta property=\"og:url\" content=\"https:\/\/www.plasticmoldco.com\/nb\/bedrijf\/\" \/>\n<meta property=\"og:site_name\" content=\"Plastic Mold | China Mold Maker\" \/>\n<meta property=\"article:modified_time\" content=\"2019-02-15T13:45:09+00:00\" \/>\n<meta property=\"og:image\" content=\"https:\/\/web.archive.org\/web\/20140805221613im_\/http:\/\/www.moldchina.org\/wp-content\/uploads\/2011\/01\/untitled2.bmp\" \/>\n<meta name=\"twitter:card\" content=\"summary_large_image\" \/>\n<meta name=\"twitter:label1\" content=\"Ansl. lesetid\" \/>\n\t<meta name=\"twitter:data1\" content=\"6 minutter\" \/>\n<script type=\"application\/ld+json\" class=\"yoast-schema-graph\">{\"@context\":\"https:\\\/\\\/schema.org\",\"@graph\":[{\"@type\":\"WebPage\",\"@id\":\"https:\\\/\\\/www.plasticmoldco.com\\\/nl\\\/bedrijf\\\/\",\"url\":\"https:\\\/\\\/www.plasticmoldco.com\\\/nl\\\/bedrijf\\\/\",\"name\":\"About Us - Plastic Mold | China Mold Maker\",\"isPartOf\":{\"@id\":\"https:\\\/\\\/www.plasticmoldco.com\\\/el\\\/#website\"},\"primaryImageOfPage\":{\"@id\":\"https:\\\/\\\/www.plasticmoldco.com\\\/nl\\\/bedrijf\\\/#primaryimage\"},\"image\":{\"@id\":\"https:\\\/\\\/www.plasticmoldco.com\\\/nl\\\/bedrijf\\\/#primaryimage\"},\"thumbnailUrl\":\"https:\\\/\\\/web.archive.org\\\/web\\\/20140805221613im_\\\/http:\\\/\\\/www.moldchina.org\\\/wp-content\\\/uploads\\\/2011\\\/01\\\/untitled2.bmp\",\"datePublished\":\"2018-10-14T08:59:39+00:00\",\"dateModified\":\"2019-02-15T13:45:09+00:00\",\"breadcrumb\":{\"@id\":\"https:\\\/\\\/www.plasticmoldco.com\\\/nl\\\/bedrijf\\\/#breadcrumb\"},\"inLanguage\":\"nb-NO\",\"potentialAction\":[{\"@type\":\"ReadAction\",\"target\":[\"https:\\\/\\\/www.plasticmoldco.com\\\/nl\\\/bedrijf\\\/\"]}]},{\"@type\":\"ImageObject\",\"inLanguage\":\"nb-NO\",\"@id\":\"https:\\\/\\\/www.plasticmoldco.com\\\/nl\\\/bedrijf\\\/#primaryimage\",\"url\":\"https:\\\/\\\/web.archive.org\\\/web\\\/20140805221613im_\\\/http:\\\/\\\/www.moldchina.org\\\/wp-content\\\/uploads\\\/2011\\\/01\\\/untitled2.bmp\",\"contentUrl\":\"https:\\\/\\\/web.archive.org\\\/web\\\/20140805221613im_\\\/http:\\\/\\\/www.moldchina.org\\\/wp-content\\\/uploads\\\/2011\\\/01\\\/untitled2.bmp\"},{\"@type\":\"BreadcrumbList\",\"@id\":\"https:\\\/\\\/www.plasticmoldco.com\\\/nl\\\/bedrijf\\\/#breadcrumb\",\"itemListElement\":[{\"@type\":\"ListItem\",\"position\":1,\"name\":\"Home\",\"item\":\"https:\\\/\\\/www.plasticmoldco.com\\\/\"},{\"@type\":\"ListItem\",\"position\":2,\"name\":\"About Us\"}]},{\"@type\":\"WebSite\",\"@id\":\"https:\\\/\\\/www.plasticmoldco.com\\\/el\\\/#website\",\"url\":\"https:\\\/\\\/www.plasticmoldco.com\\\/el\\\/\",\"name\":\"Plastic Mold | China Mold Maker\",\"description\":\"Are you looking for injection mold china? We are plastic mold maker\",\"publisher\":{\"@id\":\"https:\\\/\\\/www.plasticmoldco.com\\\/el\\\/#organization\"},\"potentialAction\":[{\"@type\":\"SearchAction\",\"target\":{\"@type\":\"EntryPoint\",\"urlTemplate\":\"https:\\\/\\\/www.plasticmoldco.com\\\/el\\\/?s={search_term_string}\"},\"query-input\":{\"@type\":\"PropertyValueSpecification\",\"valueRequired\":true,\"valueName\":\"search_term_string\"}}],\"inLanguage\":\"nb-NO\"},{\"@type\":\"Organization\",\"@id\":\"https:\\\/\\\/www.plasticmoldco.com\\\/el\\\/#organization\",\"name\":\"Plastic Mold | China Mold Maker\",\"url\":\"https:\\\/\\\/www.plasticmoldco.com\\\/el\\\/\",\"logo\":{\"@type\":\"ImageObject\",\"inLanguage\":\"nb-NO\",\"@id\":\"https:\\\/\\\/www.plasticmoldco.com\\\/el\\\/#\\\/schema\\\/logo\\\/image\\\/\",\"url\":\"https:\\\/\\\/plasticmoldco.com\\\/wp-content\\\/uploads\\\/2018\\\/10\\\/nlogon.png\",\"contentUrl\":\"https:\\\/\\\/plasticmoldco.com\\\/wp-content\\\/uploads\\\/2018\\\/10\\\/nlogon.png\",\"width\":204,\"height\":54,\"caption\":\"Plastic Mold | China Mold Maker\"},\"image\":{\"@id\":\"https:\\\/\\\/www.plasticmoldco.com\\\/el\\\/#\\\/schema\\\/logo\\\/image\\\/\"}}]}<\/script>\n<!-- \/ Yoast SEO plugin. -->","yoast_head_json":{"title":"Om oss - Plastform | Kina Mold Maker","robots":{"index":"index","follow":"follow","max-snippet":"max-snippet:-1","max-image-preview":"max-image-preview:large","max-video-preview":"max-video-preview:-1"},"canonical":"https:\/\/www.plasticmoldco.com\/nb\/bedrijf\/","og_locale":"nb_NO","og_type":"article","og_title":"About Us - Plastic Mold | China Mold Maker","og_description":"About Us-A Chinese Mold Company DONGGUAN SINCERE ETCH CO.LTD ,our factory Located in\u00a0DongGuan,\u00a0China, and established in 2003, SINCER ETECH IS specializes in various plastic molds and plastic molding manufacturing\u00a0for. automotive, home appliances, medical equipment, electronics and sporting equipment, as well as general industrial OEM applications. Our company covers an area of more than 3,800 square [&hellip;]","og_url":"https:\/\/www.plasticmoldco.com\/nb\/bedrijf\/","og_site_name":"Plastic Mold | China Mold Maker","article_modified_time":"2019-02-15T13:45:09+00:00","og_image":[{"url":"https:\/\/web.archive.org\/web\/20140805221613im_\/http:\/\/www.moldchina.org\/wp-content\/uploads\/2011\/01\/untitled2.bmp","type":"","width":"","height":""}],"twitter_card":"summary_large_image","twitter_misc":{"Ansl. lesetid":"6 minutter"},"schema":{"@context":"https:\/\/schema.org","@graph":[{"@type":"WebPage","@id":"https:\/\/www.plasticmoldco.com\/nl\/bedrijf\/","url":"https:\/\/www.plasticmoldco.com\/nl\/bedrijf\/","name":"Om oss - Plastform | Kina Mold Maker","isPartOf":{"@id":"https:\/\/www.plasticmoldco.com\/el\/#website"},"primaryImageOfPage":{"@id":"https:\/\/www.plasticmoldco.com\/nl\/bedrijf\/#primaryimage"},"image":{"@id":"https:\/\/www.plasticmoldco.com\/nl\/bedrijf\/#primaryimage"},"thumbnailUrl":"https:\/\/web.archive.org\/web\/20140805221613im_\/http:\/\/www.moldchina.org\/wp-content\/uploads\/2011\/01\/untitled2.bmp","datePublished":"2018-10-14T08:59:39+00:00","dateModified":"2019-02-15T13:45:09+00:00","breadcrumb":{"@id":"https:\/\/www.plasticmoldco.com\/nl\/bedrijf\/#breadcrumb"},"inLanguage":"nb-NO","potentialAction":[{"@type":"ReadAction","target":["https:\/\/www.plasticmoldco.com\/nl\/bedrijf\/"]}]},{"@type":"ImageObject","inLanguage":"nb-NO","@id":"https:\/\/www.plasticmoldco.com\/nl\/bedrijf\/#primaryimage","url":"https:\/\/web.archive.org\/web\/20140805221613im_\/http:\/\/www.moldchina.org\/wp-content\/uploads\/2011\/01\/untitled2.bmp","contentUrl":"https:\/\/web.archive.org\/web\/20140805221613im_\/http:\/\/www.moldchina.org\/wp-content\/uploads\/2011\/01\/untitled2.bmp"},{"@type":"BreadcrumbList","@id":"https:\/\/www.plasticmoldco.com\/nl\/bedrijf\/#breadcrumb","itemListElement":[{"@type":"ListItem","position":1,"name":"Home","item":"https:\/\/www.plasticmoldco.com\/"},{"@type":"ListItem","position":2,"name":"About Us"}]},{"@type":"WebSite","@id":"https:\/\/www.plasticmoldco.com\/el\/#website","url":"https:\/\/www.plasticmoldco.com\/el\/","name":"Plastform | Kina Mold Maker","description":"Leter du etter injeksjonsform Kina? Vi er plast mold maker","publisher":{"@id":"https:\/\/www.plasticmoldco.com\/el\/#organization"},"potentialAction":[{"@type":"SearchAction","target":{"@type":"EntryPoint","urlTemplate":"https:\/\/www.plasticmoldco.com\/el\/?s={search_term_string}"},"query-input":{"@type":"PropertyValueSpecification","valueRequired":true,"valueName":"search_term_string"}}],"inLanguage":"nb-NO"},{"@type":"Organization","@id":"https:\/\/www.plasticmoldco.com\/el\/#organization","name":"Plastform | Kina Mold Maker","url":"https:\/\/www.plasticmoldco.com\/el\/","logo":{"@type":"ImageObject","inLanguage":"nb-NO","@id":"https:\/\/www.plasticmoldco.com\/el\/#\/schema\/logo\/image\/","url":"https:\/\/plasticmoldco.com\/wp-content\/uploads\/2018\/10\/nlogon.png","contentUrl":"https:\/\/plasticmoldco.com\/wp-content\/uploads\/2018\/10\/nlogon.png","width":204,"height":54,"caption":"Plastic Mold | China Mold Maker"},"image":{"@id":"https:\/\/www.plasticmoldco.com\/el\/#\/schema\/logo\/image\/"}}]}},"_links":{"self":[{"href":"https:\/\/www.plasticmoldco.com\/nb\/wp-json\/wp\/v2\/pages\/12","targetHints":{"allow":["GET"]}}],"collection":[{"href":"https:\/\/www.plasticmoldco.com\/nb\/wp-json\/wp\/v2\/pages"}],"about":[{"href":"https:\/\/www.plasticmoldco.com\/nb\/wp-json\/wp\/v2\/types\/page"}],"author":[{"embeddable":true,"href":"https:\/\/www.plasticmoldco.com\/nb\/wp-json\/wp\/v2\/users\/1"}],"replies":[{"embeddable":true,"href":"https:\/\/www.plasticmoldco.com\/nb\/wp-json\/wp\/v2\/comments?post=12"}],"version-history":[{"count":0,"href":"https:\/\/www.plasticmoldco.com\/nb\/wp-json\/wp\/v2\/pages\/12\/revisions"}],"wp:attachment":[{"href":"https:\/\/www.plasticmoldco.com\/nb\/wp-json\/wp\/v2\/media?parent=12"}],"curies":[{"name":"wp","href":"https:\/\/api.w.org\/{rel}","templated":true}]}}