{"id":873,"date":"2018-10-18T15:05:07","date_gmt":"2018-10-18T07:05:07","guid":{"rendered":"https:\/\/plasticmoldco.com\/?page_id=873"},"modified":"2018-10-18T15:05:07","modified_gmt":"2018-10-18T07:05:07","slug":"home-appliance-mold-01","status":"publish","type":"page","link":"https:\/\/www.plasticmoldco.com\/it\/stampo-per-elettrodomestici-01\/","title":{"rendered":"Stampo per elettrodomestici 01"},"content":{"rendered":"<p>[et_pb_section bb_built=\"1\u2033 disabled_on=\"on|on|\" custom_padding=\"0|0px|0|0px|false|false\" next_background_color=\"#000000\u2033][et_pb_row custom_padding=\"18px|0px|0|0px|false|false\" _builder_version=\"3.0.48\u2033 background_size=\"initial\" background_position=\"top_left\" background_repeat=\"repeat\"][et_pb_column type=\"4_4\u2033][et_pb_text _builder_version=\"3.10.2\u2033 custom_margin=\"0px|-120px|16px|-100px\"]<\/p>\n<p><img loading=\"lazy\" decoding=\"async\" class=\"wp-image-213 alignnone size-medium\" src=\"https:\/\/plasticmoldco.com\/wp-content\/uploads\/2018\/10\/new.n-300x18.jpg\" alt=\"\" width=\"1266\" height=\"76\" srcset=\"https:\/\/www.plasticmoldco.com\/wp-content\/uploads\/2018\/10\/new.n-300x18.jpg 300w, https:\/\/www.plasticmoldco.com\/wp-content\/uploads\/2018\/10\/new.n-768x45.jpg 768w, https:\/\/www.plasticmoldco.com\/wp-content\/uploads\/2018\/10\/new.n-1024x60.jpg 1024w\" sizes=\"(max-width: 1266px) 100vw, 1266px\" \/><\/p>\n<p>[\/et_pb_text][\/et_pb_column][\/et_pb_row][\/et_pb_section][et_pb_section bb_built=\"1\u2033 disabled_on=\"||on\" _builder_version=\"3.10.2\u2033 custom_padding=\"22px|0px|0|0px|false|false\" prev_background_color=\"#0000\u2033 next_background_color=\"#0000\u2033][et_pb_row custom_padding=\"0|0px|12px|0px|false|false\" _builder_version=\"3.0.48\u2033 background_size=\"initial\" background_position=\"top_left\" background_repeat=\"repeat\"][et_pb_column type=\"4_4\u2033][et_pb_text _builder_version=\"3.10.2\u2033]<\/p>\n<p><img loading=\"lazy\" decoding=\"async\" class=\"wp-image-213 alignnone size-medium\" src=\"https:\/\/plasticmoldco.com\/wp-content\/uploads\/2018\/10\/new.n-300x18.jpg\" alt=\"\" width=\"1266\" height=\"76\" srcset=\"https:\/\/www.plasticmoldco.com\/wp-content\/uploads\/2018\/10\/new.n-300x18.jpg 300w, https:\/\/www.plasticmoldco.com\/wp-content\/uploads\/2018\/10\/new.n-768x45.jpg 768w, https:\/\/www.plasticmoldco.com\/wp-content\/uploads\/2018\/10\/new.n-1024x60.jpg 1024w\" sizes=\"(max-width: 1266px) 100vw, 1266px\" \/><\/p>\n<p>[\/et_pb_text][\/et_pb_column][\/et_pb_row][\/et_pb_section][et_pb_section bb_built=\"1\u2033 disabled_on=\"on|on|\" custom_padding=\"0|0px|54px|0px|false|false\" prev_background_color=\"#0000\u2033 next_background_color=\"#0000\u2033][et_pb_row custom_padding=\"0|0px|0|0px|false|false\" _builder_version=\"3.0.48\u2033 background_size=\"initial\" background_position=\"top_left\" background_repeat=\"repeat\"][et_pb_column type=\"3_4\u2033][et_pb_text _builder_version=\"3.10.2\u2033 border_width_all=\"3px\" border_color_all=\"#e5e5e5\u2033 custom_margin=\"15px|-90px||-86px\" custom_padding=\"10px|10px|10px|10px\"]<\/p>\n<div id=\"titlep\">\n<div id=\"titlep\">\n<div id=\"titlep\">\n<div>\n<h2>Stampo per elettrodomestici 01<\/h2>\n<\/div>\n<\/div>\n<div id=\"mge\"><\/div>\n<p><img loading=\"lazy\" decoding=\"async\" class=\"alignnone size-full wp-image-393\" title=\"stampo per elettrodomestici parte 01\" src=\"https:\/\/web.archive.org\/web\/20130131115745im_\/http:\/\/www.moldchina.org\/wp-content\/uploads\/2011\/01\/20103200029212011.jpg\" alt=\"\" width=\"350\" height=\"263\" \/><\/p>\n<p>Parti di stampo per elettrodomestici<\/p>\n<p>Ricca esperienza nella progettazione e produzione di stampi Centro di lavoro di alta precisione importato La precisione di lavorazione pu\u00f2 essere controllata a circa 0,0025 mm, con dimensioni di lavorazione fino a 1020\u00d7610\u00d7610 mm. Le rettificatrici ad alta precisione sono l'attrezzatura necessaria per gli stampi di precisione. L'azienda attua una strategia di qualit\u00e0. Le rettificatrici sono di alta precisione (precisione fino a \u00b1 0,002 mm, superiore a quella del centro di lavorazione). Le fresatrici sono importate da Taiwan, 4 delle quali sono dotate di sistemi di carico e scarico automatici. Sono potenti, precise e accurate. Le macchine per elettroerosione e il taglio a filo CNC sono in grado di tagliare esattamente la pendenza e la conicit\u00e0.<\/p>\n<\/div>\n<\/div>\n<p>[\/et_pb_text][\/et_pb_column][et_pb_column type=\"1_4\u2033][et_pb_sidebar _builder_version=\"3.10.2\u2033 area=\"sidebar-1\u2033 custom_margin=\"15px|-94px||40px\" custom_padding=\"10px|10px|10px|10px\" border_width_all=\"2px\" border_color_all=\"#d3d3d3\u2033 \/][\/et_pb_column][\/et_pb_row][\/et_pb_section][et_p_section bb_built=\"1\u2033 disabled_on=\"||on\" _builder_version=\"3.10.2\u2033 custom_padding=\"0|0px|54px|0px|false|false\" prev_background_color=\"#0000\u2033 next_background_color=\"#0000\u2033][et_pb_row custom_padding=\"0|0px|0|0px|false|false\" _builder_version=\"3.0.48\u2033 background_size=\"initial\" background_position=\"top_left\" background_repeat=\"repeat\"][et_pb_column type=\"4_4\u2033][et_pb_text _builder_version=\"3.10.2\u2033 border_width_all=\"3px\" border_color_all=\"#e5e5e5\u2033]<\/p>\n<div id=\"titlep\">\n<div id=\"titlep\">\n<div id=\"titlep\">\n<div id=\"titlep\">\n<div id=\"titlep\">\n<div>\n<h2>Stampo per elettrodomestici 01<\/h2>\n<\/div>\n<\/div>\n<div id=\"mge\"><\/div>\n<p><img loading=\"lazy\" decoding=\"async\" class=\"alignnone size-full wp-image-393\" title=\"stampo per elettrodomestici parte 01\" src=\"https:\/\/web.archive.org\/web\/20130131115745im_\/http:\/\/www.moldchina.org\/wp-content\/uploads\/2011\/01\/20103200029212011.jpg\" alt=\"\" width=\"350\" height=\"263\" \/><\/p>\n<p>Parti di stampo per elettrodomestici<\/p>\n<p>Ricca esperienza nella progettazione e produzione di stampi Centro di lavoro di alta precisione importato La precisione di lavorazione pu\u00f2 essere controllata a circa 0,0025 mm, con dimensioni di lavorazione fino a 1020\u00d7610\u00d7610 mm. Le rettificatrici ad alta precisione sono l'attrezzatura necessaria per gli stampi di precisione. L'azienda attua una strategia di qualit\u00e0. Le rettificatrici sono di alta precisione (precisione fino a \u00b1 0,002 mm, superiore a quella del centro di lavorazione). Le fresatrici sono importate da Taiwan, 4 delle quali sono dotate di sistemi di carico e scarico automatici. Sono potenti, precise e accurate. Le macchine per elettroerosione e il taglio a filo CNC sono in grado di tagliare esattamente la pendenza e la conicit\u00e0.<\/p>\n<\/div>\n<\/div>\n<\/div>\n<\/div>\n<p>[\/et_pb_text][et_pb_text _builder_version=\"3.10.2\u2033 text_font_size=\"13px\" header_font=\"|700|||||||\" border_width_all=\"2px\" border_color_all=\"#bcbcbc\" inline_fonts=\"Arial\"]<\/p>\n<h4><img loading=\"lazy\" decoding=\"async\" class=\"wp-image-111 alignnone\" src=\"https:\/\/plasticmoldco.com\/wp-content\/uploads\/2018\/10\/sss.png\" alt=\"\" width=\"16\" height=\"13\" \/><strong>Stampo Prodotto<\/strong><\/h4>\n<hr \/>\n<p>\u2192 <span style=\"font-size: medium;\"><strong><span style=\"color: #000000;\"><a style=\"color: #000000;\" href=\"https:\/\/www.plasticmoldco.com\/it\/stampo\/\">MUFFA<\/a><\/span><\/strong><\/span><br \/>\n<span style=\"font-size: medium;\"><strong><span style=\"color: #000000;\"> \u2192 <a style=\"color: #000000;\" href=\"https:\/\/www.plasticmoldco.com\/it\/parti-del-prototipo\/\">Parti del prototipo<\/a><\/span><\/strong><\/span><br \/>\n<span style=\"font-size: medium;\"><strong><span style=\"color: #000000;\"> \u2192 <a style=\"color: #000000;\" href=\"https:\/\/www.plasticmoldco.com\/it\/parte-in-plastica\/\">Parte in plastica<\/a><\/span><\/strong><\/span><br \/>\n<span style=\"font-size: medium;\"><strong><span style=\"color: #000000;\"> \u2192 <a style=\"color: #000000;\" href=\"https:\/\/www.plasticmoldco.com\/it\/parti-in-gomma-siliconica\/\">parti in silicone e gomma<\/a><\/span><\/strong><\/span><\/p>\n<p><span style=\"font-size: medium;\"><strong><span style=\"color: #000000;\">Contatto<\/span><\/strong><\/span><\/p>\n<hr \/>\n<p><strong><span style=\"color: #000000;\">DONGGUAN SINCERE TECH CO.LTD<\/span><\/strong><br \/>\n<strong><span style=\"color: #000000;\"> INDIRIZZO DELLA FABBRICA: YUANXIA LU, YUANJIANG YUANG, CHANGPING TOWN, DONNGUAN CITY, GUANGDONG PROVINCE, CHINA 523000<\/span><\/strong><\/p>\n<p><strong><span style=\"color: #000000;\">TEL: +86 (0)769 3366 9997<\/span><\/strong><br \/>\n<strong><span style=\"color: #000000;\"> FAX: +86 (0)769 3366 9997<\/span><\/strong><\/p>\n<p><strong><span style=\"color: #000000;\">EMAIL: <a href=\"mailto:INFO@sinceretetechs.com\">INFO@sinceretetechs.com<\/a><\/span><\/strong><\/p>\n<ul>\n<li id=\"tag_cloud-3\" class=\"widget-container widget_tag_cloud\">\n<h3 class=\"widget-title\"><strong>Ricerca popolare<\/strong><\/h3>\n<hr \/>\n<div class=\"tagcloud\"><strong>Cina stampaggio ad iniezione Cina societ\u00e0 di stampaggio ad iniezione Cina fabbrica di stampaggio ad iniezione Cina produttore di stampi ad iniezione Cina societ\u00e0 di stampaggio ad iniezionechina fabbrica di stampi Cina costruttore di stampichina fornitore di stampi Cina costruttore di stampi Cina fornitori di stampi Cina plastica stampo aziendachina silicone Cina gomma siliconicachina attrezzista Cina attrezzista in Cina stampo ad iniezione Stampaggio ad iniezione plastica Stampaggio ad iniezione Cina stampaggio ad iniezione plastica stampaggio ad iniezione Cina stampo in plastica Cina parti prototipo silicone cina stampo in gomma siliconica stampo in Cina<\/strong><\/div>\n<\/li>\n<\/ul>\n<p><img decoding=\"async\" style=\"font-size: 13px; background-color: #ffffff; text-align: -webkit-center; display: block; margin-left: auto; margin-right: auto;\" src=\"https:\/\/web.archive.org\/web\/20140728234454im_\/http:\/\/www.moldchina.org\/wp-content\/themes\/9C008\/images\/iso.jpg\" \/><\/p>\n<p>[\/et_pb_text][\/et_pb_column][\/et_pb_row][\/et_pb_section][et_pb_section bb_built=\"1\u2033 disabled_on=\"on|on|\" _builder_version=\u201d3.10.2\u2033 custom_margin=\u201d-103px|||\u201d prev_background_color=\u201d#000000\u2033 next_background_color=\u201d#000000\u2033][et_pb_row _builder_version=\u201d3.0.48\u2033 background_size=\"initial\" background_position=\"top_left\" background_repeat=\"repeat\"][et_pb_column type=\"4_4\u2033][et_pb_text _builder_version=\"3.10.2\u2033 custom_margin=\"|-62px||-84\"]<\/p>\n<p style=\"padding-left: 30px;\"><strong>Stampo ad iniezione plastica Cina, attrezzista, stampista Cina, attrezzista Cina, stampo plastica Cina, fabbrica stampo iniezione Cina, produttore stampo iniezione plastica in Cina<\/strong><\/p>\n<p>[\/et_pb_text][et_pb_text _builder_version=\u201d3.10.2\u2033 custom_margin=\u201d-15px|-50px||-50px\u201d]<\/p>\n<p><strong><span style=\"color: #0c0c0c;\"><a href=\"https:\/\/www.plasticmoldco.com\/it\/\">Casa\u00a0 \u00a0<\/a>|\u00a0 \u00a0<a href=\"https:\/\/www.plasticmoldco.com\/it\/about-us\/\">Chi siamo\u00a0<\/a> \u00a0|\u00a0 <a href=\"https:\/\/www.plasticmoldco.com\/it\/progettazione-di-ingegneria\/\">Design e ingegneria<\/a>\u00a0 |\u00a0 \u00a0<a href=\"https:\/\/www.plasticmoldco.com\/it\/products\/\">Prodotti\u00a0\u00a0\u00a0\u00a0\u00a0<\/a>|\u00a0\u00a0\u00a0\u00a0\u00a0<a href=\"https:\/\/www.plasticmoldco.com\/it\/notizie\/\">Notizie<\/a>\u00a0\u00a0\u00a0\u00a0\u00a0|\u00a0\u00a0\u00a0\u00a0\u00a0<a href=\"https:\/\/www.plasticmoldco.com\/it\/assicurazione-di-qualita\/\">Assicurazione di qualit\u00e0\u00a0<\/a>\u00a0\u00a0\u00a0\u00a0|\u00a0 \u00a0 <a href=\"https:\/\/www.plasticmoldco.com\/it\/procedura-po\/\">Procedura OP<\/a>\u00a0 \u00a0 |\u00a0 \u00a0 <a href=\"https:\/\/www.plasticmoldco.com\/it\/attrezzatura\/\">Attrezzatura\u00a0 \u00a0<\/a> |\u00a0 \u00a0<a href=\"https:\/\/www.plasticmoldco.com\/it\/caso-di-design-industriale\/\">Caso di design industriale\u00a0<\/a> \u00a0 |\u00a0 \u00a0 <a href=\"https:\/\/www.plasticmoldco.com\/it\/mappa-del-sito\/\">Mappa del sito<\/a><\/span><\/strong><\/p>\n<p>[\/et_pb_text][et_pb_text _builder_version=\"3.10.2\u2033 custom_margin=\"-15px||\"]<\/p>\n<p style=\"text-align: center;\"><strong>Copyright \u00a9 2011 DONGGUAN SINCER TECH CO.LTD. | Cina Stampi, Cina Stampaggio a iniezione di plastica, Cina Utensili.<\/strong><br \/>\n<strong> Numero di registro della societ\u00e0: 1626173<\/strong><\/p>\n<p>[\/et_pb_text][\/et_pb_column][\/et_pb_row][\/et_pb_section][et_pb_section bb_built=\"1\u2033 disabled_on=\"||on\" _builder_version=\"3.10.2\u2033 custom_margin=\"-103px|||\" prev_background_color=\"#000000\u2033][et_pb_row _builder_version=\"3.0.48\u2033 background_size=\"initial\" background_position=\"top_left\" background_repeat=\"repeat\"][et_pb_column type=\"4_4\u2033][et_pb_text _builder_version=\"3.10.2\u2033]<\/p>\n<p style=\"padding-left: 30px;\"><strong>Stampo ad iniezione plastica Cina, attrezzista, stampista Cina, attrezzista Cina, stampo plastica Cina, fabbrica stampo iniezione Cina, produttore stampo iniezione plastica in Cina<\/strong><\/p>\n<p>[\/et_pb_text][et_pb_text _builder_version=\u201d3.10.2\u2033]<\/p>\n<p><strong><span style=\"color: #0c0c0c;\"><a href=\"https:\/\/www.plasticmoldco.com\/it\/\">Casa\u00a0 \u00a0<\/a>|\u00a0 \u00a0<a href=\"https:\/\/www.plasticmoldco.com\/it\/about-us\/\">Chi siamo\u00a0<\/a> \u00a0|\u00a0 <a href=\"https:\/\/www.plasticmoldco.com\/it\/progettazione-di-ingegneria\/\">Design e ingegneria<\/a>\u00a0 |\u00a0 \u00a0<a href=\"https:\/\/www.plasticmoldco.com\/it\/products\/\">Prodotti\u00a0\u00a0\u00a0\u00a0\u00a0<\/a>|\u00a0\u00a0\u00a0\u00a0\u00a0<a href=\"https:\/\/www.plasticmoldco.com\/it\/notizie\/\">Notizie<\/a>\u00a0\u00a0\u00a0\u00a0\u00a0|\u00a0\u00a0\u00a0\u00a0\u00a0<a href=\"https:\/\/www.plasticmoldco.com\/it\/assicurazione-di-qualita\/\">Assicurazione di qualit\u00e0\u00a0<\/a>\u00a0\u00a0\u00a0\u00a0|\u00a0 \u00a0 <a href=\"https:\/\/www.plasticmoldco.com\/it\/procedura-po\/\">Procedura OP<\/a>\u00a0 \u00a0 |\u00a0 \u00a0 <a href=\"https:\/\/www.plasticmoldco.com\/it\/attrezzatura\/\">Attrezzatura\u00a0 \u00a0<\/a> |\u00a0 \u00a0<a href=\"https:\/\/www.plasticmoldco.com\/it\/caso-di-design-industriale\/\">Caso di design industriale\u00a0<\/a> \u00a0 |\u00a0 \u00a0 <a href=\"https:\/\/www.plasticmoldco.com\/it\/mappa-del-sito\/\">Mappa del sito<\/a><\/span><\/strong><\/p>\n<p>[\/et_pb_text][et_pb_text _builder_version=\u201d3.10.2\u2033]<\/p>\n<p style=\"text-align: center;\"><strong>Copyright \u00a9 2011 DONGGUAN SINCER TECH CO.LTD. | Cina Stampi, Cina Stampaggio a iniezione di plastica, Cina Utensili.<\/strong><br \/>\n<strong> Numero di registro della societ\u00e0: 1626173<\/strong><\/p>\n<p>[\/et_pb_text][\/et_pb_column][\/et_pb_row][\/et_pb_section]<\/p>","protected":false},"excerpt":{"rendered":"<p>Stampo per elettrodomestici 01 Parti dello stampo per elettrodomestici Ricca esperienza nella progettazione e produzione di stampi Centro di lavoro di alta precisione importato La precisione di lavorazione pu\u00f2 essere controllata a circa 0,0025 mm, con dimensioni di lavorazione fino a 1020\u00d7610\u00d7610 mm. Le rettificatrici ad alta precisione sono l'attrezzatura necessaria per gli stampi di precisione. L'azienda attua una strategia di qualit\u00e0. Le macchine gringding sono rettificatrici ad alta precisione [...]<\/p>","protected":false},"author":1,"featured_media":0,"parent":0,"menu_order":0,"comment_status":"closed","ping_status":"closed","template":"","meta":{"_et_pb_use_builder":"on","_et_pb_old_content":"","_et_gb_content_width":"","footnotes":""},"class_list":["post-873","page","type-page","status-publish","hentry"],"yoast_head":"<!-- This site is optimized with the Yoast SEO plugin v26.4 - https:\/\/yoast.com\/wordpress\/plugins\/seo\/ -->\n<title>Home appliance mold 01 - Plastic Mold | China Mold Maker<\/title>\n<meta name=\"robots\" content=\"index, follow, max-snippet:-1, max-image-preview:large, max-video-preview:-1\" \/>\n<link rel=\"canonical\" href=\"https:\/\/www.plasticmoldco.com\/it\/haztartasi-keszulek-penesz-01\/\" \/>\n<meta property=\"og:locale\" content=\"it_IT\" \/>\n<meta property=\"og:type\" content=\"article\" \/>\n<meta property=\"og:title\" content=\"Home appliance mold 01 - Plastic Mold | China Mold Maker\" \/>\n<meta property=\"og:description\" content=\"Home appliance mold 01 Home appliance mold parts Rich experience in mold design and manufacture \u00a0\u00a0\u00a0\u00a0 Imported high-precision machining center \u00a0Maching accuracy can be controlled at around 0.0025mm, processing size upto 1020\u00d7610\u00d7610mm. High-precision grinding machines are the necessary equipment for precision molds. The company implements a quality strategy. The gringding machines are high-precision grinding machines [&hellip;]\" \/>\n<meta property=\"og:url\" content=\"https:\/\/www.plasticmoldco.com\/it\/haztartasi-keszulek-penesz-01\/\" \/>\n<meta property=\"og:site_name\" content=\"Plastic Mold | China Mold Maker\" \/>\n<meta property=\"og:image\" content=\"https:\/\/plasticmoldco.com\/wp-content\/uploads\/2018\/10\/new.n-300x18.jpg\" \/>\n<meta name=\"twitter:card\" content=\"summary_large_image\" \/>\n<meta name=\"twitter:label1\" content=\"Tempo di lettura stimato\" \/>\n\t<meta name=\"twitter:data1\" content=\"5 minuti\" \/>\n<script type=\"application\/ld+json\" class=\"yoast-schema-graph\">{\"@context\":\"https:\/\/schema.org\",\"@graph\":[{\"@type\":\"WebPage\",\"@id\":\"https:\/\/www.plasticmoldco.com\/hu\/haztartasi-keszulek-penesz-01\/\",\"url\":\"https:\/\/www.plasticmoldco.com\/hu\/haztartasi-keszulek-penesz-01\/\",\"name\":\"Home appliance mold 01 - Plastic Mold | China Mold Maker\",\"isPartOf\":{\"@id\":\"https:\/\/www.plasticmoldco.com\/el\/#website\"},\"primaryImageOfPage\":{\"@id\":\"https:\/\/www.plasticmoldco.com\/hu\/haztartasi-keszulek-penesz-01\/#primaryimage\"},\"image\":{\"@id\":\"https:\/\/www.plasticmoldco.com\/hu\/haztartasi-keszulek-penesz-01\/#primaryimage\"},\"thumbnailUrl\":\"https:\/\/plasticmoldco.com\/wp-content\/uploads\/2018\/10\/new.n-300x18.jpg\",\"datePublished\":\"2018-10-18T07:05:07+00:00\",\"breadcrumb\":{\"@id\":\"https:\/\/www.plasticmoldco.com\/hu\/haztartasi-keszulek-penesz-01\/#breadcrumb\"},\"inLanguage\":\"it-IT\",\"potentialAction\":[{\"@type\":\"ReadAction\",\"target\":[\"https:\/\/www.plasticmoldco.com\/hu\/haztartasi-keszulek-penesz-01\/\"]}]},{\"@type\":\"ImageObject\",\"inLanguage\":\"it-IT\",\"@id\":\"https:\/\/www.plasticmoldco.com\/hu\/haztartasi-keszulek-penesz-01\/#primaryimage\",\"url\":\"https:\/\/plasticmoldco.com\/wp-content\/uploads\/2018\/10\/new.n-300x18.jpg\",\"contentUrl\":\"https:\/\/plasticmoldco.com\/wp-content\/uploads\/2018\/10\/new.n-300x18.jpg\"},{\"@type\":\"BreadcrumbList\",\"@id\":\"https:\/\/www.plasticmoldco.com\/hu\/haztartasi-keszulek-penesz-01\/#breadcrumb\",\"itemListElement\":[{\"@type\":\"ListItem\",\"position\":1,\"name\":\"Home\",\"item\":\"https:\/\/www.plasticmoldco.com\/\"},{\"@type\":\"ListItem\",\"position\":2,\"name\":\"Home appliance mold 01\"}]},{\"@type\":\"WebSite\",\"@id\":\"https:\/\/www.plasticmoldco.com\/el\/#website\",\"url\":\"https:\/\/www.plasticmoldco.com\/el\/\",\"name\":\"Plastic Mold | China Mold Maker\",\"description\":\"Are you looking for injection mold china? We are plastic mold maker\",\"publisher\":{\"@id\":\"https:\/\/www.plasticmoldco.com\/el\/#organization\"},\"potentialAction\":[{\"@type\":\"SearchAction\",\"target\":{\"@type\":\"EntryPoint\",\"urlTemplate\":\"https:\/\/www.plasticmoldco.com\/el\/?s={search_term_string}\"},\"query-input\":{\"@type\":\"PropertyValueSpecification\",\"valueRequired\":true,\"valueName\":\"search_term_string\"}}],\"inLanguage\":\"it-IT\"},{\"@type\":\"Organization\",\"@id\":\"https:\/\/www.plasticmoldco.com\/el\/#organization\",\"name\":\"Plastic Mold | China Mold Maker\",\"url\":\"https:\/\/www.plasticmoldco.com\/el\/\",\"logo\":{\"@type\":\"ImageObject\",\"inLanguage\":\"it-IT\",\"@id\":\"https:\/\/www.plasticmoldco.com\/el\/#\/schema\/logo\/image\/\",\"url\":\"https:\/\/plasticmoldco.com\/wp-content\/uploads\/2018\/10\/nlogon.png\",\"contentUrl\":\"https:\/\/plasticmoldco.com\/wp-content\/uploads\/2018\/10\/nlogon.png\",\"width\":204,\"height\":54,\"caption\":\"Plastic Mold | China Mold Maker\"},\"image\":{\"@id\":\"https:\/\/www.plasticmoldco.com\/el\/#\/schema\/logo\/image\/\"}}]}<\/script>\n<!-- \/ Yoast SEO plugin. -->","yoast_head_json":{"title":"Stampo per elettrodomestici 01 - Stampo in plastica | Cina Mold Maker","robots":{"index":"index","follow":"follow","max-snippet":"max-snippet:-1","max-image-preview":"max-image-preview:large","max-video-preview":"max-video-preview:-1"},"canonical":"https:\/\/www.plasticmoldco.com\/it\/haztartasi-keszulek-penesz-01\/","og_locale":"it_IT","og_type":"article","og_title":"Home appliance mold 01 - Plastic Mold | China Mold Maker","og_description":"Home appliance mold 01 Home appliance mold parts Rich experience in mold design and manufacture \u00a0\u00a0\u00a0\u00a0 Imported high-precision machining center \u00a0Maching accuracy can be controlled at around 0.0025mm, processing size upto 1020\u00d7610\u00d7610mm. High-precision grinding machines are the necessary equipment for precision molds. The company implements a quality strategy. The gringding machines are high-precision grinding machines [&hellip;]","og_url":"https:\/\/www.plasticmoldco.com\/it\/haztartasi-keszulek-penesz-01\/","og_site_name":"Plastic Mold | China Mold Maker","og_image":[{"url":"https:\/\/plasticmoldco.com\/wp-content\/uploads\/2018\/10\/new.n-300x18.jpg","type":"","width":"","height":""}],"twitter_card":"summary_large_image","twitter_misc":{"Tempo di lettura stimato":"5 minuti"},"schema":{"@context":"https:\/\/schema.org","@graph":[{"@type":"WebPage","@id":"https:\/\/www.plasticmoldco.com\/hu\/haztartasi-keszulek-penesz-01\/","url":"https:\/\/www.plasticmoldco.com\/hu\/haztartasi-keszulek-penesz-01\/","name":"Stampo per elettrodomestici 01 - Stampo in plastica | Cina Mold Maker","isPartOf":{"@id":"https:\/\/www.plasticmoldco.com\/el\/#website"},"primaryImageOfPage":{"@id":"https:\/\/www.plasticmoldco.com\/hu\/haztartasi-keszulek-penesz-01\/#primaryimage"},"image":{"@id":"https:\/\/www.plasticmoldco.com\/hu\/haztartasi-keszulek-penesz-01\/#primaryimage"},"thumbnailUrl":"https:\/\/plasticmoldco.com\/wp-content\/uploads\/2018\/10\/new.n-300x18.jpg","datePublished":"2018-10-18T07:05:07+00:00","breadcrumb":{"@id":"https:\/\/www.plasticmoldco.com\/hu\/haztartasi-keszulek-penesz-01\/#breadcrumb"},"inLanguage":"it-IT","potentialAction":[{"@type":"ReadAction","target":["https:\/\/www.plasticmoldco.com\/hu\/haztartasi-keszulek-penesz-01\/"]}]},{"@type":"ImageObject","inLanguage":"it-IT","@id":"https:\/\/www.plasticmoldco.com\/hu\/haztartasi-keszulek-penesz-01\/#primaryimage","url":"https:\/\/plasticmoldco.com\/wp-content\/uploads\/2018\/10\/new.n-300x18.jpg","contentUrl":"https:\/\/plasticmoldco.com\/wp-content\/uploads\/2018\/10\/new.n-300x18.jpg"},{"@type":"BreadcrumbList","@id":"https:\/\/www.plasticmoldco.com\/hu\/haztartasi-keszulek-penesz-01\/#breadcrumb","itemListElement":[{"@type":"ListItem","position":1,"name":"Home","item":"https:\/\/www.plasticmoldco.com\/"},{"@type":"ListItem","position":2,"name":"Home appliance mold 01"}]},{"@type":"WebSite","@id":"https:\/\/www.plasticmoldco.com\/el\/#website","url":"https:\/\/www.plasticmoldco.com\/el\/","name":"Stampo in plastica | Creatore di stampi in Cina","description":"State cercando uno stampo ad iniezione in Cina? Siamo produttori di stampi in plastica","publisher":{"@id":"https:\/\/www.plasticmoldco.com\/el\/#organization"},"potentialAction":[{"@type":"SearchAction","target":{"@type":"EntryPoint","urlTemplate":"https:\/\/www.plasticmoldco.com\/el\/?s={search_term_string}"},"query-input":{"@type":"PropertyValueSpecification","valueRequired":true,"valueName":"search_term_string"}}],"inLanguage":"it-IT"},{"@type":"Organization","@id":"https:\/\/www.plasticmoldco.com\/el\/#organization","name":"Stampo in plastica | Creatore di stampi in Cina","url":"https:\/\/www.plasticmoldco.com\/el\/","logo":{"@type":"ImageObject","inLanguage":"it-IT","@id":"https:\/\/www.plasticmoldco.com\/el\/#\/schema\/logo\/image\/","url":"https:\/\/plasticmoldco.com\/wp-content\/uploads\/2018\/10\/nlogon.png","contentUrl":"https:\/\/plasticmoldco.com\/wp-content\/uploads\/2018\/10\/nlogon.png","width":204,"height":54,"caption":"Plastic Mold | China Mold Maker"},"image":{"@id":"https:\/\/www.plasticmoldco.com\/el\/#\/schema\/logo\/image\/"}}]}},"_links":{"self":[{"href":"https:\/\/www.plasticmoldco.com\/it\/wp-json\/wp\/v2\/pages\/873","targetHints":{"allow":["GET"]}}],"collection":[{"href":"https:\/\/www.plasticmoldco.com\/it\/wp-json\/wp\/v2\/pages"}],"about":[{"href":"https:\/\/www.plasticmoldco.com\/it\/wp-json\/wp\/v2\/types\/page"}],"author":[{"embeddable":true,"href":"https:\/\/www.plasticmoldco.com\/it\/wp-json\/wp\/v2\/users\/1"}],"replies":[{"embeddable":true,"href":"https:\/\/www.plasticmoldco.com\/it\/wp-json\/wp\/v2\/comments?post=873"}],"version-history":[{"count":0,"href":"https:\/\/www.plasticmoldco.com\/it\/wp-json\/wp\/v2\/pages\/873\/revisions"}],"wp:attachment":[{"href":"https:\/\/www.plasticmoldco.com\/it\/wp-json\/wp\/v2\/media?parent=873"}],"curies":[{"name":"wp","href":"https:\/\/api.w.org\/{rel}","templated":true}]}}