{"id":776,"date":"2018-10-18T13:16:48","date_gmt":"2018-10-18T05:16:48","guid":{"rendered":"https:\/\/plasticmoldco.com\/?page_id=776"},"modified":"2018-10-18T13:16:48","modified_gmt":"2018-10-18T05:16:48","slug":"chinese-plastic-injection-molding","status":"publish","type":"page","link":"https:\/\/www.plasticmoldco.com\/it\/stampaggio-a-iniezione-di-plastica-cinese\/","title":{"rendered":"Stampaggio a iniezione di plastica cinese"},"content":{"rendered":"<p>[et_pb_section bb_built=\"1\u2033 disabled_on=\"on|on|\" custom_padding=\"0|0px|0|0px|false|false\" next_background_color=\"#000000\u2033][et_pb_row custom_padding=\"18px|0px|0|0px|false|false\" _builder_version=\"3.0.48\u2033 background_size=\"initial\" background_position=\"top_left\" background_repeat=\"repeat\"][et_pb_column type=\"4_4\u2033][et_pb_text _builder_version=\"3.10.2\u2033 custom_margin=\"0px|-120px|16px|-100px\"]<\/p>\n<p><img loading=\"lazy\" decoding=\"async\" class=\"wp-image-213 alignnone size-medium\" src=\"https:\/\/plasticmoldco.com\/wp-content\/uploads\/2018\/10\/new.n-300x18.jpg\" alt=\"\" width=\"1266\" height=\"76\" srcset=\"https:\/\/www.plasticmoldco.com\/wp-content\/uploads\/2018\/10\/new.n-300x18.jpg 300w, https:\/\/www.plasticmoldco.com\/wp-content\/uploads\/2018\/10\/new.n-768x45.jpg 768w, https:\/\/www.plasticmoldco.com\/wp-content\/uploads\/2018\/10\/new.n-1024x60.jpg 1024w\" sizes=\"(max-width: 1266px) 100vw, 1266px\" \/><\/p>\n<p>[\/et_pb_text][\/et_pb_column][\/et_pb_row][\/et_pb_section][et_pb_section bb_built=\"1\u2033 disabled_on=\"||on\" _builder_version=\"3.10.2\u2033 custom_padding=\"22px|0px|0|0px|false|false\" prev_background_color=\"#0000\u2033 next_background_color=\"#0000\u2033][et_pb_row custom_padding=\"0|0px|12px|0px|false|false\" _builder_version=\"3.0.48\u2033 background_size=\"initial\" background_position=\"top_left\" background_repeat=\"repeat\"][et_pb_column type=\"4_4\u2033][et_pb_text _builder_version=\"3.10.2\u2033]<\/p>\n<p><img loading=\"lazy\" decoding=\"async\" class=\"wp-image-213 alignnone size-medium\" src=\"https:\/\/plasticmoldco.com\/wp-content\/uploads\/2018\/10\/new.n-300x18.jpg\" alt=\"\" width=\"1266\" height=\"76\" srcset=\"https:\/\/www.plasticmoldco.com\/wp-content\/uploads\/2018\/10\/new.n-300x18.jpg 300w, https:\/\/www.plasticmoldco.com\/wp-content\/uploads\/2018\/10\/new.n-768x45.jpg 768w, https:\/\/www.plasticmoldco.com\/wp-content\/uploads\/2018\/10\/new.n-1024x60.jpg 1024w\" sizes=\"(max-width: 1266px) 100vw, 1266px\" \/><\/p>\n<p>[\/et_pb_text][\/et_pb_column][\/et_pb_row][\/et_pb_section][et_pb_section bb_built=\"1\u2033 disabled_on=\"on|on|\" custom_padding=\"0|0px|54px|0px|false|false\" prev_background_color=\"#0000\u2033 next_background_color=\"#0000\u2033][et_pb_row custom_padding=\"0|0px|0|0px|false|false\" _builder_version=\"3.0.48\u2033 background_size=\"initial\" background_position=\"top_left\" background_repeat=\"repeat\"][et_pb_column type=\"3_4\u2033][et_pb_text _builder_version=\"3.10.2\u2033 border_width_all=\"3px\" border_color_all=\"#e5e5e5\u2033 custom_margin=\"15px|-90px||-86px\" custom_padding=\"10px|10px|10px|10px\"]<\/p>\n<div id=\"titlep\">\n<div id=\"titlep\">\n<div id=\"titlep\">\n<div id=\"titlep\">\n<div>\n<h2>Stampaggio a iniezione di plastica cinese<\/h2>\n<\/div>\n<\/div>\n<div id=\"mge\"><\/div>\n<p>Siamo uno dei principali produttori e fornitori cinesi di stampaggio a iniezione di plastica.<br \/>\nLa nostra azienda offre servizi di stampaggio a iniezione di plastica one-stop in Cina.<br \/>\nI nostri servizi comprendono la progettazione di parti in plastica, la progettazione di stampi, la realizzazione di stampi in plastica, il servizio di stampaggio in plastica, il trattamento superficiale, fino alla spedizione della finitura assemblata al cliente.<\/p>\n<p><a href=\"https:\/\/web.archive.org\/web\/20140824050022\/http:\/\/www.moldchina.org\/wp-content\/uploads\/2014\/04\/Chinese-Plastic-Injection-Molding.jpg\"><img loading=\"lazy\" decoding=\"async\" class=\"alignnone size-full wp-image-1447\" src=\"https:\/\/web.archive.org\/web\/20140824050022im_\/http:\/\/www.moldchina.org\/wp-content\/uploads\/2014\/04\/Chinese-Plastic-Injection-Molding.jpg\" alt=\"Stampaggio a iniezione di plastica in Cina\" width=\"500\" height=\"375\" \/><\/a><\/p>\n<p>Capacit\u00e0 e aree di servizio di Sositar Molding:<br \/>\n- stampaggio casse in plastica<br \/>\n- stampaggio di pallet in plastica<br \/>\n- stampaggio di sedie impilabili in plastica<br \/>\n- modanatura del tavolo impilabile in plastica<br \/>\n- Stampaggio di parti in plastica per autoveicoli<br \/>\n- stampaggio di elettrodomestici in plastica<br \/>\n- stampaggio di tubi in plastica<br \/>\n- Stampaggio di imballaggi alimentari<br \/>\n- Stampaggio a iniezione bi-colore<br \/>\n- Stampaggio a iniezione assistito da gas<br \/>\n- Stampaggio a iniezione BMC<br \/>\n- Stampaggio a iniezione SMC<br \/>\n- In stampo decorazione stampaggio<br \/>\n- Stampaggio di etichette in stampo<br \/>\n- Stampaggio degli inserti<\/p>\n<p>Se desiderate un servizio di stampaggio di alta qualit\u00e0 al prezzo pi\u00f9 basso, contattateci subito. Faremo del nostro meglio per fornirvi i nostri prodotti e servizi di qualit\u00e0.<\/p>\n<\/div>\n<\/div>\n<\/div>\n<p>[\/et_pb_text][\/et_pb_column][et_pb_column type=\"1_4\u2033][et_pb_sidebar _builder_version=\"3.10.2\u2033 area=\"sidebar-1\u2033 custom_margin=\"15px|-94px||40px\" custom_padding=\"10px|10px|10px|10px\" border_width_all=\"2px\" border_color_all=\"#d3d3d3\u2033 \/][\/et_pb_column][\/et_pb_row][\/et_pb_section][et_p_section bb_built=\"1\u2033 disabled_on=\"||on\" _builder_version=\"3.10.2\u2033 custom_padding=\"0|0px|54px|0px|false|false\" prev_background_color=\"#0000\u2033 next_background_color=\"#0000\u2033][et_pb_row custom_padding=\"0|0px|0|0px|false|false\" _builder_version=\"3.0.48\u2033 background_size=\"initial\" background_position=\"top_left\" background_repeat=\"repeat\"][et_pb_column type=\"4_4\u2033][et_pb_text _builder_version=\"3.10.2\u2033 border_width_all=\"3px\" border_color_all=\"#e5e5e5\u2033]<\/p>\n<div id=\"titlep\">\n<div id=\"titlep\">\n<div id=\"titlep\">\n<div id=\"titlep\">\n<div id=\"titlep\">\n<div id=\"titlep\">\n<div>\n<h2>Stampaggio a iniezione di plastica cinese<\/h2>\n<\/div>\n<\/div>\n<div id=\"mge\"><\/div>\n<p>Siamo uno dei principali produttori e fornitori cinesi di stampaggio a iniezione di plastica.<br \/>\nLa nostra azienda offre servizi di stampaggio a iniezione di plastica one-stop in Cina.<br \/>\nI nostri servizi comprendono la progettazione di parti in plastica, la progettazione di stampi, la realizzazione di stampi in plastica, il servizio di stampaggio in plastica, il trattamento superficiale, fino alla spedizione della finitura assemblata al cliente.<\/p>\n<p><a href=\"https:\/\/web.archive.org\/web\/20140824050022\/http:\/\/www.moldchina.org\/wp-content\/uploads\/2014\/04\/Chinese-Plastic-Injection-Molding.jpg\"><img loading=\"lazy\" decoding=\"async\" class=\"alignnone size-full wp-image-1447\" src=\"https:\/\/web.archive.org\/web\/20140824050022im_\/http:\/\/www.moldchina.org\/wp-content\/uploads\/2014\/04\/Chinese-Plastic-Injection-Molding.jpg\" alt=\"Stampaggio a iniezione di plastica in Cina\" width=\"500\" height=\"375\" \/><\/a><\/p>\n<p>Capacit\u00e0 e aree di servizio di Sositar Molding:<br \/>\n- stampaggio casse in plastica<br \/>\n- stampaggio di pallet in plastica<br \/>\n- stampaggio di sedie impilabili in plastica<br \/>\n- modanatura del tavolo impilabile in plastica<br \/>\n- Stampaggio di parti in plastica per autoveicoli<br \/>\n- stampaggio di elettrodomestici in plastica<br \/>\n- stampaggio di tubi in plastica<br \/>\n- Stampaggio di imballaggi alimentari<br \/>\n- Stampaggio a iniezione bi-colore<br \/>\n- Stampaggio a iniezione assistito da gas<br \/>\n- Stampaggio a iniezione BMC<br \/>\n- Stampaggio a iniezione SMC<br \/>\n- In stampo decorazione stampaggio<br \/>\n- Stampaggio di etichette in stampo<br \/>\n- Stampaggio degli inserti<\/p>\n<p>Se desiderate un servizio di stampaggio di alta qualit\u00e0 al prezzo pi\u00f9 basso, contattateci subito. Faremo del nostro meglio per fornirvi i nostri prodotti e servizi di qualit\u00e0.<\/p>\n<\/div>\n<\/div>\n<\/div>\n<\/div>\n<\/div>\n<p>[\/et_pb_text][et_pb_text _builder_version=\"3.10.2\u2033 text_font_size=\"13px\" header_font=\"|700|||||||\" border_width_all=\"2px\" border_color_all=\"#bcbcbc\" inline_fonts=\"Arial\"]<\/p>\n<h4><img loading=\"lazy\" decoding=\"async\" class=\"wp-image-111 alignnone\" src=\"https:\/\/plasticmoldco.com\/wp-content\/uploads\/2018\/10\/sss.png\" alt=\"\" width=\"16\" height=\"13\" \/><strong>Stampo Prodotto<\/strong><\/h4>\n<hr \/>\n<p>\u2192 <span style=\"font-size: medium;\"><strong><span style=\"color: #000000;\"><a style=\"color: #000000;\" href=\"https:\/\/www.plasticmoldco.com\/it\/stampo\/\">MUFFA<\/a><\/span><\/strong><\/span><br \/>\n<span style=\"font-size: medium;\"><strong><span style=\"color: #000000;\"> \u2192 <a style=\"color: #000000;\" href=\"https:\/\/www.plasticmoldco.com\/it\/parti-del-prototipo\/\">Parti del prototipo<\/a><\/span><\/strong><\/span><br \/>\n<span style=\"font-size: medium;\"><strong><span style=\"color: #000000;\"> \u2192 <a style=\"color: #000000;\" href=\"https:\/\/www.plasticmoldco.com\/it\/parte-in-plastica\/\">Parte in plastica<\/a><\/span><\/strong><\/span><br \/>\n<span style=\"font-size: medium;\"><strong><span style=\"color: #000000;\"> \u2192 <a style=\"color: #000000;\" href=\"https:\/\/www.plasticmoldco.com\/it\/parti-in-gomma-siliconica\/\">parti in silicone e gomma<\/a><\/span><\/strong><\/span><\/p>\n<p><span style=\"font-size: medium;\"><strong><span style=\"color: #000000;\">Contatto<\/span><\/strong><\/span><\/p>\n<hr \/>\n<p><strong><span style=\"color: #000000;\">DONGGUAN SINCERE TECH CO.LTD<\/span><\/strong><br \/>\n<strong><span style=\"color: #000000;\"> INDIRIZZO DELLA FABBRICA: YUANXIA LU, YUANJIANG YUANG, CHANGPING TOWN, DONNGUAN CITY, GUANGDONG PROVINCE, CHINA 523000<\/span><\/strong><\/p>\n<p><strong><span style=\"color: #000000;\">TEL: +86 (0)769 3366 9997<\/span><\/strong><br \/>\n<strong><span style=\"color: #000000;\"> FAX: +86 (0)769 3366 9997<\/span><\/strong><\/p>\n<p><strong><span style=\"color: #000000;\">EMAIL: <a href=\"mailto:INFO@sinceretetechs.com\">INFO@sinceretetechs.com<\/a><\/span><\/strong><\/p>\n<ul>\n<li id=\"tag_cloud-3\" class=\"widget-container widget_tag_cloud\">\n<h3 class=\"widget-title\"><strong>Ricerca popolare<\/strong><\/h3>\n<hr \/>\n<div class=\"tagcloud\"><strong>Cina stampaggio ad iniezione Cina societ\u00e0 di stampaggio ad iniezione Cina fabbrica di stampaggio ad iniezione Cina produttore di stampi ad iniezione Cina societ\u00e0 di stampaggio ad iniezionechina fabbrica di stampi Cina costruttore di stampichina fornitore di stampi Cina costruttore di stampi Cina fornitori di stampi Cina plastica stampo aziendachina silicone Cina gomma siliconicachina attrezzista Cina attrezzista in Cina stampo ad iniezione Stampaggio ad iniezione plastica Stampaggio ad iniezione Cina stampaggio ad iniezione plastica stampaggio ad iniezione Cina stampo in plastica Cina parti prototipo silicone cina stampo in gomma siliconica stampo in Cina<\/strong><\/div>\n<\/li>\n<\/ul>\n<p><img decoding=\"async\" style=\"font-size: 13px; background-color: #ffffff; text-align: -webkit-center; display: block; margin-left: auto; margin-right: auto;\" src=\"https:\/\/web.archive.org\/web\/20140728234454im_\/http:\/\/www.moldchina.org\/wp-content\/themes\/9C008\/images\/iso.jpg\" \/><\/p>\n<p>[\/et_pb_text][\/et_pb_column][\/et_pb_row][\/et_pb_section][et_pb_section bb_built=\"1\u2033 disabled_on=\"on|on|\" _builder_version=\u201d3.10.2\u2033 custom_margin=\u201d-103px|||\u201d prev_background_color=\u201d#000000\u2033 next_background_color=\u201d#000000\u2033][et_pb_row _builder_version=\u201d3.0.48\u2033 background_size=\"initial\" background_position=\"top_left\" background_repeat=\"repeat\"][et_pb_column type=\"4_4\u2033][et_pb_text _builder_version=\"3.10.2\u2033 custom_margin=\"|-62px||-84\"]<\/p>\n<p style=\"padding-left: 30px;\"><strong>Stampo ad iniezione plastica Cina, attrezzista, stampista Cina, attrezzista Cina, stampo plastica Cina, fabbrica stampo iniezione Cina, produttore stampo iniezione plastica in Cina<\/strong><\/p>\n<p>[\/et_pb_text][et_pb_text _builder_version=\u201d3.10.2\u2033 custom_margin=\u201d-15px|-50px||-50px\u201d]<\/p>\n<p><strong><span style=\"color: #0c0c0c;\"><a href=\"https:\/\/www.plasticmoldco.com\/it\/\">Casa\u00a0 \u00a0<\/a>|\u00a0 \u00a0<a href=\"https:\/\/www.plasticmoldco.com\/it\/about-us\/\">Chi siamo\u00a0<\/a> \u00a0|\u00a0 <a href=\"https:\/\/www.plasticmoldco.com\/it\/progettazione-di-ingegneria\/\">Design e ingegneria<\/a>\u00a0 |\u00a0 \u00a0<a href=\"https:\/\/www.plasticmoldco.com\/it\/products\/\">Prodotti\u00a0\u00a0\u00a0\u00a0\u00a0<\/a>|\u00a0\u00a0\u00a0\u00a0\u00a0<a href=\"https:\/\/www.plasticmoldco.com\/it\/notizie\/\">Notizie<\/a>\u00a0\u00a0\u00a0\u00a0\u00a0|\u00a0\u00a0\u00a0\u00a0\u00a0<a href=\"https:\/\/www.plasticmoldco.com\/it\/assicurazione-di-qualita\/\">Assicurazione di qualit\u00e0\u00a0<\/a>\u00a0\u00a0\u00a0\u00a0|\u00a0 \u00a0 <a href=\"https:\/\/www.plasticmoldco.com\/it\/procedura-po\/\">Procedura OP<\/a>\u00a0 \u00a0 |\u00a0 \u00a0 <a href=\"https:\/\/www.plasticmoldco.com\/it\/attrezzatura\/\">Attrezzatura\u00a0 \u00a0<\/a> |\u00a0 \u00a0<a href=\"https:\/\/www.plasticmoldco.com\/it\/caso-di-design-industriale\/\">Caso di design industriale\u00a0<\/a> \u00a0 |\u00a0 \u00a0 <a href=\"https:\/\/www.plasticmoldco.com\/it\/mappa-del-sito\/\">Mappa del sito<\/a><\/span><\/strong><\/p>\n<p>[\/et_pb_text][et_pb_text _builder_version=\"3.10.2\u2033 custom_margin=\"-15px||\"]<\/p>\n<p style=\"text-align: center;\"><strong>Copyright \u00a9 2011 DONGGUAN SINCER TECH CO.LTD. | Cina Stampi, Cina Stampaggio a iniezione di plastica, Cina Utensili.<\/strong><br \/>\n<strong> Numero di registro della societ\u00e0: 1626173<\/strong><\/p>\n<p>[\/et_pb_text][\/et_pb_column][\/et_pb_row][\/et_pb_section][et_pb_section bb_built=\"1\u2033 disabled_on=\"||on\" _builder_version=\"3.10.2\u2033 custom_margin=\"-103px|||\" prev_background_color=\"#000000\u2033][et_pb_row _builder_version=\"3.0.48\u2033 background_size=\"initial\" background_position=\"top_left\" background_repeat=\"repeat\"][et_pb_column type=\"4_4\u2033][et_pb_text _builder_version=\"3.10.2\u2033]<\/p>\n<p style=\"padding-left: 30px;\"><strong>Stampo ad iniezione plastica Cina, attrezzista, stampista Cina, attrezzista Cina, stampo plastica Cina, fabbrica stampo iniezione Cina, produttore stampo iniezione plastica in Cina<\/strong><\/p>\n<p>[\/et_pb_text][et_pb_text _builder_version=\u201d3.10.2\u2033]<\/p>\n<p><strong><span style=\"color: #0c0c0c;\"><a href=\"https:\/\/www.plasticmoldco.com\/it\/\">Casa\u00a0 \u00a0<\/a>|\u00a0 \u00a0<a href=\"https:\/\/www.plasticmoldco.com\/it\/about-us\/\">Chi siamo\u00a0<\/a> \u00a0|\u00a0 <a href=\"https:\/\/www.plasticmoldco.com\/it\/progettazione-di-ingegneria\/\">Design e ingegneria<\/a>\u00a0 |\u00a0 \u00a0<a href=\"https:\/\/www.plasticmoldco.com\/it\/products\/\">Prodotti\u00a0\u00a0\u00a0\u00a0\u00a0<\/a>|\u00a0\u00a0\u00a0\u00a0\u00a0<a href=\"https:\/\/www.plasticmoldco.com\/it\/notizie\/\">Notizie<\/a>\u00a0\u00a0\u00a0\u00a0\u00a0|\u00a0\u00a0\u00a0\u00a0\u00a0<a href=\"https:\/\/www.plasticmoldco.com\/it\/assicurazione-di-qualita\/\">Assicurazione di qualit\u00e0\u00a0<\/a>\u00a0\u00a0\u00a0\u00a0|\u00a0 \u00a0 <a href=\"https:\/\/www.plasticmoldco.com\/it\/procedura-po\/\">Procedura OP<\/a>\u00a0 \u00a0 |\u00a0 \u00a0 <a href=\"https:\/\/www.plasticmoldco.com\/it\/attrezzatura\/\">Attrezzatura\u00a0 \u00a0<\/a> |\u00a0 \u00a0<a href=\"https:\/\/www.plasticmoldco.com\/it\/caso-di-design-industriale\/\">Caso di design industriale\u00a0<\/a> \u00a0 |\u00a0 \u00a0 <a href=\"https:\/\/www.plasticmoldco.com\/it\/mappa-del-sito\/\">Mappa del sito<\/a><\/span><\/strong><\/p>\n<p>[\/et_pb_text][et_pb_text _builder_version=\u201d3.10.2\u2033]<\/p>\n<p style=\"text-align: center;\"><strong>Copyright \u00a9 2011 DONGGUAN SINCER TECH CO.LTD. | Cina Stampi, Cina Stampaggio a iniezione di plastica, Cina Utensili.<\/strong><br \/>\n<strong> Numero di registro della societ\u00e0: 1626173<\/strong><\/p>\n<p>[\/et_pb_text][\/et_pb_column][\/et_pb_row][\/et_pb_section]<\/p>","protected":false},"excerpt":{"rendered":"<p>Stampaggio a iniezione di plastica cinese Siamo un produttore e fornitore leader di stampaggio a iniezione di plastica cinese. La nostra azienda offre servizi di stampaggio a iniezione di plastica one-stop in Cina. I nostri servizi comprendono la progettazione di parti in plastica, la progettazione di stampi, la realizzazione di stampi in plastica, il servizio di stampaggio in plastica, il trattamento superficiale, fino alla spedizione della finitura assemblata al cliente. Capacit\u00e0 e aree di servizio di Sositar Molding: - [...]<\/p>","protected":false},"author":1,"featured_media":0,"parent":0,"menu_order":0,"comment_status":"closed","ping_status":"closed","template":"","meta":{"_et_pb_use_builder":"on","_et_pb_old_content":"","_et_gb_content_width":"","footnotes":""},"class_list":["post-776","page","type-page","status-publish","hentry"],"yoast_head":"<!-- This site is optimized with the Yoast SEO plugin v26.4 - https:\/\/yoast.com\/wordpress\/plugins\/seo\/ -->\n<title>Chinese Plastic Injection Molding - Plastic Mold | China Mold Maker<\/title>\n<meta name=\"robots\" content=\"index, follow, max-snippet:-1, max-image-preview:large, max-video-preview:-1\" \/>\n<link rel=\"canonical\" href=\"https:\/\/www.plasticmoldco.com\/it\/chinesische-kunststoffspritzgieserei\/\" \/>\n<meta property=\"og:locale\" content=\"it_IT\" \/>\n<meta property=\"og:type\" content=\"article\" \/>\n<meta property=\"og:title\" content=\"Chinese Plastic Injection Molding - Plastic Mold | China Mold Maker\" \/>\n<meta property=\"og:description\" content=\"Chinese Plastic Injection Molding We are a leading Chinese Plastic Injection Molding Manufacturer &amp; Supplier. Our Company offers the one-stop plastic injection molding services in China. Our Services including plastic parts design, molds design, plastic molds making, plastic molding service, surface treatment, until assembled finish ship to customer. Sositar Molding service capacity and areas: \u2022 [&hellip;]\" \/>\n<meta property=\"og:url\" content=\"https:\/\/www.plasticmoldco.com\/it\/chinesische-kunststoffspritzgieserei\/\" \/>\n<meta property=\"og:site_name\" content=\"Plastic Mold | China Mold Maker\" \/>\n<meta property=\"og:image\" content=\"https:\/\/plasticmoldco.com\/wp-content\/uploads\/2018\/10\/new.n-300x18.jpg\" \/>\n<meta name=\"twitter:card\" content=\"summary_large_image\" \/>\n<meta name=\"twitter:label1\" content=\"Tempo di lettura stimato\" \/>\n\t<meta name=\"twitter:data1\" content=\"5 minuti\" \/>\n<script type=\"application\/ld+json\" class=\"yoast-schema-graph\">{\"@context\":\"https:\/\/schema.org\",\"@graph\":[{\"@type\":\"WebPage\",\"@id\":\"https:\/\/www.plasticmoldco.com\/de\/chinesische-kunststoffspritzgieserei\/\",\"url\":\"https:\/\/www.plasticmoldco.com\/de\/chinesische-kunststoffspritzgieserei\/\",\"name\":\"Chinese Plastic Injection Molding - Plastic Mold | China Mold Maker\",\"isPartOf\":{\"@id\":\"https:\/\/www.plasticmoldco.com\/el\/#website\"},\"primaryImageOfPage\":{\"@id\":\"https:\/\/www.plasticmoldco.com\/de\/chinesische-kunststoffspritzgieserei\/#primaryimage\"},\"image\":{\"@id\":\"https:\/\/www.plasticmoldco.com\/de\/chinesische-kunststoffspritzgieserei\/#primaryimage\"},\"thumbnailUrl\":\"https:\/\/plasticmoldco.com\/wp-content\/uploads\/2018\/10\/new.n-300x18.jpg\",\"datePublished\":\"2018-10-18T05:16:48+00:00\",\"breadcrumb\":{\"@id\":\"https:\/\/www.plasticmoldco.com\/de\/chinesische-kunststoffspritzgieserei\/#breadcrumb\"},\"inLanguage\":\"it-IT\",\"potentialAction\":[{\"@type\":\"ReadAction\",\"target\":[\"https:\/\/www.plasticmoldco.com\/de\/chinesische-kunststoffspritzgieserei\/\"]}]},{\"@type\":\"ImageObject\",\"inLanguage\":\"it-IT\",\"@id\":\"https:\/\/www.plasticmoldco.com\/de\/chinesische-kunststoffspritzgieserei\/#primaryimage\",\"url\":\"https:\/\/plasticmoldco.com\/wp-content\/uploads\/2018\/10\/new.n-300x18.jpg\",\"contentUrl\":\"https:\/\/plasticmoldco.com\/wp-content\/uploads\/2018\/10\/new.n-300x18.jpg\"},{\"@type\":\"BreadcrumbList\",\"@id\":\"https:\/\/www.plasticmoldco.com\/de\/chinesische-kunststoffspritzgieserei\/#breadcrumb\",\"itemListElement\":[{\"@type\":\"ListItem\",\"position\":1,\"name\":\"Home\",\"item\":\"https:\/\/www.plasticmoldco.com\/\"},{\"@type\":\"ListItem\",\"position\":2,\"name\":\"Chinese Plastic Injection Molding\"}]},{\"@type\":\"WebSite\",\"@id\":\"https:\/\/www.plasticmoldco.com\/el\/#website\",\"url\":\"https:\/\/www.plasticmoldco.com\/el\/\",\"name\":\"Plastic Mold | China Mold Maker\",\"description\":\"Are you looking for injection mold china? We are plastic mold maker\",\"publisher\":{\"@id\":\"https:\/\/www.plasticmoldco.com\/el\/#organization\"},\"potentialAction\":[{\"@type\":\"SearchAction\",\"target\":{\"@type\":\"EntryPoint\",\"urlTemplate\":\"https:\/\/www.plasticmoldco.com\/el\/?s={search_term_string}\"},\"query-input\":{\"@type\":\"PropertyValueSpecification\",\"valueRequired\":true,\"valueName\":\"search_term_string\"}}],\"inLanguage\":\"it-IT\"},{\"@type\":\"Organization\",\"@id\":\"https:\/\/www.plasticmoldco.com\/el\/#organization\",\"name\":\"Plastic Mold | China Mold Maker\",\"url\":\"https:\/\/www.plasticmoldco.com\/el\/\",\"logo\":{\"@type\":\"ImageObject\",\"inLanguage\":\"it-IT\",\"@id\":\"https:\/\/www.plasticmoldco.com\/el\/#\/schema\/logo\/image\/\",\"url\":\"https:\/\/plasticmoldco.com\/wp-content\/uploads\/2018\/10\/nlogon.png\",\"contentUrl\":\"https:\/\/plasticmoldco.com\/wp-content\/uploads\/2018\/10\/nlogon.png\",\"width\":204,\"height\":54,\"caption\":\"Plastic Mold | China Mold Maker\"},\"image\":{\"@id\":\"https:\/\/www.plasticmoldco.com\/el\/#\/schema\/logo\/image\/\"}}]}<\/script>\n<!-- \/ Yoast SEO plugin. -->","yoast_head_json":{"title":"Stampaggio a iniezione di plastica cinese - Stampo in plastica | Creatore di stampi in Cina","robots":{"index":"index","follow":"follow","max-snippet":"max-snippet:-1","max-image-preview":"max-image-preview:large","max-video-preview":"max-video-preview:-1"},"canonical":"https:\/\/www.plasticmoldco.com\/it\/chinesische-kunststoffspritzgieserei\/","og_locale":"it_IT","og_type":"article","og_title":"Chinese Plastic Injection Molding - Plastic Mold | China Mold Maker","og_description":"Chinese Plastic Injection Molding We are a leading Chinese Plastic Injection Molding Manufacturer &amp; Supplier. Our Company offers the one-stop plastic injection molding services in China. Our Services including plastic parts design, molds design, plastic molds making, plastic molding service, surface treatment, until assembled finish ship to customer. Sositar Molding service capacity and areas: \u2022 [&hellip;]","og_url":"https:\/\/www.plasticmoldco.com\/it\/chinesische-kunststoffspritzgieserei\/","og_site_name":"Plastic Mold | China Mold Maker","og_image":[{"url":"https:\/\/plasticmoldco.com\/wp-content\/uploads\/2018\/10\/new.n-300x18.jpg","type":"","width":"","height":""}],"twitter_card":"summary_large_image","twitter_misc":{"Tempo di lettura stimato":"5 minuti"},"schema":{"@context":"https:\/\/schema.org","@graph":[{"@type":"WebPage","@id":"https:\/\/www.plasticmoldco.com\/de\/chinesische-kunststoffspritzgieserei\/","url":"https:\/\/www.plasticmoldco.com\/de\/chinesische-kunststoffspritzgieserei\/","name":"Stampaggio a iniezione di plastica cinese - Stampo in plastica | Creatore di stampi in Cina","isPartOf":{"@id":"https:\/\/www.plasticmoldco.com\/el\/#website"},"primaryImageOfPage":{"@id":"https:\/\/www.plasticmoldco.com\/de\/chinesische-kunststoffspritzgieserei\/#primaryimage"},"image":{"@id":"https:\/\/www.plasticmoldco.com\/de\/chinesische-kunststoffspritzgieserei\/#primaryimage"},"thumbnailUrl":"https:\/\/plasticmoldco.com\/wp-content\/uploads\/2018\/10\/new.n-300x18.jpg","datePublished":"2018-10-18T05:16:48+00:00","breadcrumb":{"@id":"https:\/\/www.plasticmoldco.com\/de\/chinesische-kunststoffspritzgieserei\/#breadcrumb"},"inLanguage":"it-IT","potentialAction":[{"@type":"ReadAction","target":["https:\/\/www.plasticmoldco.com\/de\/chinesische-kunststoffspritzgieserei\/"]}]},{"@type":"ImageObject","inLanguage":"it-IT","@id":"https:\/\/www.plasticmoldco.com\/de\/chinesische-kunststoffspritzgieserei\/#primaryimage","url":"https:\/\/plasticmoldco.com\/wp-content\/uploads\/2018\/10\/new.n-300x18.jpg","contentUrl":"https:\/\/plasticmoldco.com\/wp-content\/uploads\/2018\/10\/new.n-300x18.jpg"},{"@type":"BreadcrumbList","@id":"https:\/\/www.plasticmoldco.com\/de\/chinesische-kunststoffspritzgieserei\/#breadcrumb","itemListElement":[{"@type":"ListItem","position":1,"name":"Home","item":"https:\/\/www.plasticmoldco.com\/"},{"@type":"ListItem","position":2,"name":"Chinese Plastic Injection Molding"}]},{"@type":"WebSite","@id":"https:\/\/www.plasticmoldco.com\/el\/#website","url":"https:\/\/www.plasticmoldco.com\/el\/","name":"Stampo in plastica | Creatore di stampi in Cina","description":"State cercando uno stampo ad iniezione in Cina? Siamo produttori di stampi in plastica","publisher":{"@id":"https:\/\/www.plasticmoldco.com\/el\/#organization"},"potentialAction":[{"@type":"SearchAction","target":{"@type":"EntryPoint","urlTemplate":"https:\/\/www.plasticmoldco.com\/el\/?s={search_term_string}"},"query-input":{"@type":"PropertyValueSpecification","valueRequired":true,"valueName":"search_term_string"}}],"inLanguage":"it-IT"},{"@type":"Organization","@id":"https:\/\/www.plasticmoldco.com\/el\/#organization","name":"Stampo in plastica | Creatore di stampi in Cina","url":"https:\/\/www.plasticmoldco.com\/el\/","logo":{"@type":"ImageObject","inLanguage":"it-IT","@id":"https:\/\/www.plasticmoldco.com\/el\/#\/schema\/logo\/image\/","url":"https:\/\/plasticmoldco.com\/wp-content\/uploads\/2018\/10\/nlogon.png","contentUrl":"https:\/\/plasticmoldco.com\/wp-content\/uploads\/2018\/10\/nlogon.png","width":204,"height":54,"caption":"Plastic Mold | China Mold Maker"},"image":{"@id":"https:\/\/www.plasticmoldco.com\/el\/#\/schema\/logo\/image\/"}}]}},"_links":{"self":[{"href":"https:\/\/www.plasticmoldco.com\/it\/wp-json\/wp\/v2\/pages\/776","targetHints":{"allow":["GET"]}}],"collection":[{"href":"https:\/\/www.plasticmoldco.com\/it\/wp-json\/wp\/v2\/pages"}],"about":[{"href":"https:\/\/www.plasticmoldco.com\/it\/wp-json\/wp\/v2\/types\/page"}],"author":[{"embeddable":true,"href":"https:\/\/www.plasticmoldco.com\/it\/wp-json\/wp\/v2\/users\/1"}],"replies":[{"embeddable":true,"href":"https:\/\/www.plasticmoldco.com\/it\/wp-json\/wp\/v2\/comments?post=776"}],"version-history":[{"count":0,"href":"https:\/\/www.plasticmoldco.com\/it\/wp-json\/wp\/v2\/pages\/776\/revisions"}],"wp:attachment":[{"href":"https:\/\/www.plasticmoldco.com\/it\/wp-json\/wp\/v2\/media?parent=776"}],"curies":[{"name":"wp","href":"https:\/\/api.w.org\/{rel}","templated":true}]}}