{"id":12,"date":"2018-10-14T16:59:39","date_gmt":"2018-10-14T08:59:39","guid":{"rendered":"https:\/\/plasticmoldco.com\/?page_id=12"},"modified":"2019-02-15T21:45:09","modified_gmt":"2019-02-15T13:45:09","slug":"company","status":"publish","type":"page","link":"https:\/\/www.plasticmoldco.com\/it\/azienda\/","title":{"rendered":"Chi siamo"},"content":{"rendered":"<p>[et_pb_section bb_built=&#8221;1&#8243; disabled_on=&#8221;on|on|&#8221; _builder_version=&#8221;3.10.2&#8243; custom_padding=&#8221;0|0px|54px|0px|false|false&#8221; next_background_color=&#8221;#000000&#8243;][et_pb_row custom_padding=&#8221;0|0px|0|0px|false|false&#8221; _builder_version=&#8221;3.0.48&#8243; background_size=&#8221;initial&#8221; background_position=&#8221;top_left&#8221; background_repeat=&#8221;repeat&#8221;][et_pb_column type=&#8221;3_4&#8243;][et_pb_text _builder_version=&#8221;3.16.1&#8243; border_width_all=&#8221;3px&#8221; border_color_all=&#8221;#e5e5e5&#8243; custom_margin=&#8221;15px|-90px||-86px&#8221; custom_padding=&#8221;10px|10px|10px|10px&#8221;]<\/p>\n<div id=\"titlep\">\n<div id=\"content\" role=\"main\">\n<div id=\"titlep\">Chi siamo-A <a href=\"https:\/\/www.plasticmoldco.com\/it\/\">Azienda cinese di stampi<\/a><\/div>\n<p><strong>DONGGUAN SINCERE ETCH CO.LTD<\/strong> La nostra fabbrica si trova a\u00a0<img loading=\"lazy\" decoding=\"async\" class=\"size-full wp-image-615 alignright\" title=\"produttore di stampi in Cina\" src=\"https:\/\/web.archive.org\/web\/20140805221613im_\/http:\/\/www.moldchina.org\/wp-content\/uploads\/2011\/01\/untitled2.bmp\" alt=\"\" width=\"172\" height=\"109\" \/>DongGuan, Cina, e fondata nel 2003,<\/p>\n<p>SINCER ETECH IS \u00e8 specializzata in diverse <strong>stampi in plastica e produzione di stampi in plastica\u00a0<\/strong>per il settore automobilistico, gli elettrodomestici, le apparecchiature mediche, l'elettronica e le attrezzature sportive, nonch\u00e9 per le applicazioni industriali generali OEM. La nostra azienda copre un'area di oltre 3.800 metri quadrati di officina, circondata da un comodo trasporto. Attualmente, il nostro gruppo raggiunge pi\u00f9 di 150 eccellenti <strong>produttori di stampi in Cina<\/strong> e il capitale investito a pi\u00f9 di 40 milioni di RMB. La nostra capacit\u00e0 \u00e8 di 40-65 set di stampi a iniezione al mese.<\/p>\n<p>Abbiamo sempre insistito sull'idea che i dipendenti sono la base per garantire prodotti di alta qualit\u00e0 e realizzare lo sviluppo sia dei dipendenti che dell'azienda. Per questo abbiamo arruolato molti <strong>tecnologo degli stampi<\/strong>, talenti dirigenti e ingegneri professionisti in <a href=\"https:\/\/www.plasticmoldco.com\/it\/\"><strong>stampi in Cina <\/strong><\/a>industriale.<\/p>\n<p>La maggior parte delle attrezzature della ST sono importate dalla Svizzera e da Taiwan. Dispone di 21 set di fresatrici (17 set importati, 4 set fatti in casa), 9 set di CNC, 11 set di elettroerosione a Charmilles, 10 set di rettificatrici, 6 set di torni, 4 set di macchine per il taglio a filo, 30\u00a0<strong>Macchine a iniezione<\/strong> e una macchina di misura CMM, un proiettore, un sistema di misurazione video, una macchina di taglio lineare a lento avanzamento, ecc. Siamo in grado di iniettare <strong>parti in plastica<\/strong> con peso inferiore a 1500g o con capacit\u00e0 inferiore a 650 tonnellate, costruendo vari tipi di <strong>stampi in plastica<\/strong> e la pressofusione con misure inferiori a 8500*1000*8500mm.<\/p>\n<p>Inoltre, adottiamo una tecnologia di processo CAD\/CAE\/CAM avanzata e software professionali come UG, Pro\/E, Solidworks per progettare, analizzare, costruire e produrre <strong>Stampo in plastica in Cina<\/strong>. Il nostro sistema di gestione via internet aiuta a perfezionare il controllo di qualit\u00e0 e l'intero processo artigianale.<br \/>\nCon il duro lavoro di ST in 14 anni, abbiamo conquistato la fiducia dei clienti grazie all'alta qualit\u00e0, al prezzo competente, alla professionalit\u00e0 tecnica con una comunicazione fluente in inglese e alla puntualit\u00e0 delle consegne. I nostri clienti vanno da molte aziende famose come SONY\uff0cTOSHIBA\uff0cSuzuki\uff0cMagna, ITW, MAZDA\uff0cHONDA\uff0cSUNBEM\uff0c ecc.<\/p>\n<p>Nel 2006 siamo stati accreditati con successo con il certificato ISO 9001:2000. Con \"Servizio nel cuore, qualit\u00e0 nell'anima\", siamo in grado di fornire un sistema di servizio completo ai clienti vecchi e nuovi,<\/p>\n<p>Siete alla ricerca di <a href=\"https:\/\/www.plasticmoldco.com\/it\/\"><strong>produzione di stampi in Cina<\/strong><\/a> per produrre stampi a iniezione e parti di stampaggio in plastica per il vostro nuovo progetto? Contattateci subito per ottenere un preventivo.<\/p>\n<\/div>\n<\/div>\n<p>[\/et_pb_text][\/et_pb_column][et_pb_column type=\u201d1_4\u2033][et_pb_sidebar _builder_version=\u201d3.10.2\u2033 area=\u201dsidebar-1\u2033 custom_margin=\u201d15px|-94px||40px\u201d custom_padding=\u201d10px|10px|10px|10px\u201d border_width_all=\u201d2px\u201d border_color_all=\u201d#d3d3d3\u2033 \/][\/et_pb_column][\/et_pb_row][\/et_pb_section][et_p_section bb_built=\u201d1\u2033 disabled_on=\u201d||on\u201d _builder_version=\u201d3.10.2\u2033 custom_padding=\u201d0|0px|54px|0px|false|false\u201d next_background_color=\u201d#0000\u2033 prev_background_color=\u201d#0000\u2033][et_pb_row custom_padding=\u201d0|0px|0|0px|false|false\u201d _builder_version=\u201d3.0.48\u2033 background_size=\u201dinitial\u201d background_position=\u201dtop_left\u201d background_repeat=\u201drepeat\u201d][et_pb_column type=\u201d4_4\u2033][et_pb_text _builder_version=\u201d3.10.2\u2033 border_width_all=\u201d3px\u201d border_color_all=\u201d#e5e5e5\u2033]<\/p>\n<div id=\"titlep\">\n<div id=\"content\" role=\"main\">\n<div>\n<div id=\"titlep\">\n<div>\n<div>Chi siamo<br \/>\nHome \" Chi siamo<\/div>\n<\/div>\n<\/div>\n<div id=\"mge\"><\/div>\n<p><strong>SOSITAR MOLD CO., LIMITED<\/strong> La nostra fabbrica si trova a\u00a0<img loading=\"lazy\" decoding=\"async\" class=\"size-full wp-image-615 alignright\" title=\"produttore di stampi in Cina\" src=\"https:\/\/web.archive.org\/web\/20140805221613im_\/http:\/\/www.moldchina.org\/wp-content\/uploads\/2011\/01\/untitled2.bmp\" alt=\"\" width=\"172\" height=\"109\" \/>Shenzhen, Cina, e fondata nel 1998, Sositar mold industrial Co.,LTD \u00e8 specializzata in varie <strong>stampi in plastica <\/strong>per il settore automobilistico, gli elettrodomestici, le attrezzature mediche, l'elettronica e le attrezzature sportive, nonch\u00e9 per le applicazioni industriali generali dell'OEM. La nostra azienda copre un'area di oltre 3.800 metri quadrati di officina, circondata da un comodo trasporto. Attualmente, il nostro gruppo raggiunge pi\u00f9 di 150 eccellenti <strong>produttori di utensili in Cina<\/strong> e il capitale investito supera i 15 milioni di RMB. La nostra capacit\u00e0 \u00e8 di 60-80 set di stampi al mese.<\/p>\n<p>Abbiamo sempre insistito sull'idea che i dipendenti sono la base per garantire prodotti di alta qualit\u00e0 e realizzare lo sviluppo sia dei dipendenti che dell'azienda. Per questo abbiamo arruolato molti <strong>tecnologo degli stampi<\/strong>, talenti dirigenti e ingegneri professionisti in <strong>produzione di stampi in Cina<\/strong><strong>.<\/strong><\/p>\n<p>Le attrezzature di Sositar sono per lo pi\u00f9 importate dalla Svizzera e da Taiwan. Si tratta di 21 set di fresatrici (17 set importati, 4 set realizzati in casa), 6 set di CNC, 11 set di elettroerosione a Charmilles, 10 set di rettificatrici, 4 set di torni, 7 set di macchine per il taglio a filo, 10 set di macchine per la lavorazione del legno. <strong>Macchine a iniezione<\/strong> e CMM, sistema di misurazione video, macchina da taglio lineare ad alimentazione lenta, ecc. Siamo in grado di iniettare <strong>parti in plastica<\/strong> con peso inferiore a 1500g o con capacit\u00e0 inferiore a 650 tonnellate, costruendo vari tipi di <strong>stampi in plastica<\/strong> e la pressofusione con misure inferiori a 8500*1000*8500mm.<\/p>\n<p><img loading=\"lazy\" decoding=\"async\" class=\"alignnone size-full wp-image-62\" title=\"fabbrica di stampi in Cina\" src=\"https:\/\/web.archive.org\/web\/20140805221613im_\/http:\/\/www.moldchina.org\/wp-content\/uploads\/2011\/01\/china-mould-factory.jpg\" alt=\"fabbrica di stampi in Cina\" width=\"371\" height=\"198\" \/><\/p>\n<p>Inoltre, adottiamo una tecnologia di processo CAD\/CAE\/CAM avanzata e software professionali come UG, Pro\/E, Solidworks per progettare, analizzare, costruire e produrre <strong>stampo in Cina<\/strong>. Il nostro sistema di gestione via internet aiuta a perfezionare il controllo di qualit\u00e0 e l'intero processo artigianale.<br \/>\nGrazie al duro lavoro del gruppo Sositar in 12 anni, abbiamo conquistato la fiducia dei clienti grazie all'alta qualit\u00e0, al prezzo competente, alla facilit\u00e0 di comunicazione e alla puntualit\u00e0 delle consegne. I nostri clienti vanno da molte aziende famose come SONY\uff0cTAFAL\uff0cTOSHIBA\uff0cHITACHI\uff0cMAZDA\uff0cHONDA\uff0cSUNBEM\uff0cPHILIPS, ecc.<\/p>\n<p>Nel 2004 siamo stati accreditati con successo con il certificato ISO 9001:2000. Con \"Servizio nel cuore, qualit\u00e0 nell'anima\", abbiamo potuto fornire un sistema di servizio completo a clienti vecchi e nuovi.<\/p>\n<\/div>\n<\/div>\n<\/div>\n<p>[\/et_pb_text][et_pb_sidebar _builder_version=\"3.10.2\u2033 area=\"sidebar-1\u2033 custom_padding=\"10px||10px|10px\" border_width_all=\"2px\" border_color_all=\"#d3d3\u2033 custom_margin=\"|-250px||\" \/][\/et_pb_column][\/et_pb_row][\/et_pb_section][et_pb_section bb_built=\"1\u2033 disabled_on=\"on|on|\" _builder_version=\u201d3.10.2\u2033 custom_margin=\u201d-103px|||\u201d prev_background_color=\u201d#000000\u2033 next_background_color=\u201d#000000\u2033][et_pb_row _builder_version=\u201d3.0.48\u2033 background_size=\"initial\" background_position=\"top_left\" background_repeat=\"repeat\"][et_pb_column type=\"4_4\u2033][et_pb_text _builder_version=\"3.10.2\u2033 custom_margin=\"|-62px||-84\"]<\/p>\n<p style=\"padding-left: 30px;\"><strong>Stampo ad iniezione plastica Cina, attrezzista, stampista Cina, attrezzista Cina, stampo plastica Cina, fabbrica stampo iniezione Cina, produttore stampo iniezione plastica in Cina<\/strong><\/p>\n<p>[\/et_pb_text][et_pb_text _builder_version=\u201d3.10.2\u2033 custom_margin=\u201d-15px|-50px||-50px\u201d]<\/p>\n<p><strong><span style=\"color: #0c0c0c;\"><a href=\"https:\/\/www.plasticmoldco.com\/it\/\">Casa\u00a0 \u00a0<\/a>|\u00a0 \u00a0<a href=\"https:\/\/www.plasticmoldco.com\/it\/about-us\/\">Chi siamo\u00a0<\/a> \u00a0|\u00a0 <a href=\"https:\/\/www.plasticmoldco.com\/it\/progettazione-di-ingegneria\/\">Design e ingegneria<\/a>\u00a0 |\u00a0 \u00a0<a href=\"https:\/\/www.plasticmoldco.com\/it\/products\/\">Prodotti\u00a0\u00a0\u00a0\u00a0\u00a0<\/a>|\u00a0\u00a0\u00a0\u00a0\u00a0<a href=\"https:\/\/www.plasticmoldco.com\/it\/notizie\/\">Notizie<\/a>\u00a0\u00a0\u00a0\u00a0\u00a0|\u00a0\u00a0\u00a0\u00a0\u00a0<a href=\"https:\/\/www.plasticmoldco.com\/it\/assicurazione-di-qualita\/\">Assicurazione di qualit\u00e0\u00a0<\/a>\u00a0\u00a0\u00a0\u00a0|\u00a0 \u00a0 <a href=\"https:\/\/www.plasticmoldco.com\/it\/procedura-po\/\">Procedura OP<\/a>\u00a0 \u00a0 |\u00a0 \u00a0 <a href=\"https:\/\/www.plasticmoldco.com\/it\/attrezzatura\/\">Attrezzatura\u00a0 \u00a0<\/a> |\u00a0 \u00a0<a href=\"https:\/\/www.plasticmoldco.com\/it\/caso-di-design-industriale\/\">Caso di design industriale\u00a0<\/a> \u00a0 |\u00a0 \u00a0 <a href=\"https:\/\/www.plasticmoldco.com\/it\/mappa-del-sito\/\">Mappa del sito<\/a><\/span><\/strong><\/p>\n<p>[\/et_pb_text][et_pb_text _builder_version=\"3.10.2\u2033 custom_margin=\"-15px||\"]<\/p>\n<p style=\"text-align: center;\"><strong>Copyright \u00a9 2011 DONGGUAN SINCER TECH CO.LTD. | Cina Stampi, Cina Stampaggio a iniezione di plastica, Cina Utensili.<\/strong><br \/>\n<strong> Numero di registro della societ\u00e0: 1626173<\/strong><\/p>\n<p>[\/et_pb_text][\/et_pb_column][\/et_pb_row][\/et_pb_section][et_pb_section bb_built=\"1\u2033 disabled_on=\"||on\" _builder_version=\"3.10.2\u2033 custom_margin=\"-103px|||\" prev_background_color=\"#000000\u2033][et_pb_row _builder_version=\"3.0.48\u2033 background_size=\"initial\" background_position=\"top_left\" background_repeat=\"repeat\"][et_pb_column type=\"4_4\u2033][et_pb_text _builder_version=\"3.10.2\u2033]<\/p>\n<p style=\"padding-left: 30px;\"><strong>Stampo ad iniezione plastica Cina, attrezzista, stampista Cina, attrezzista Cina, stampo plastica Cina, fabbrica stampo iniezione Cina, produttore stampo iniezione plastica in Cina<\/strong><\/p>\n<p>[\/et_pb_text][et_pb_text _builder_version=\u201d3.10.2\u2033]<\/p>\n<p><strong><span style=\"color: #0c0c0c;\"><a href=\"https:\/\/www.plasticmoldco.com\/it\/\">Casa\u00a0 \u00a0<\/a>|\u00a0 \u00a0<a href=\"https:\/\/www.plasticmoldco.com\/it\/about-us\/\">Chi siamo\u00a0<\/a> \u00a0|\u00a0 <a href=\"https:\/\/www.plasticmoldco.com\/it\/progettazione-di-ingegneria\/\">Design e ingegneria<\/a>\u00a0 |\u00a0 \u00a0<a href=\"https:\/\/www.plasticmoldco.com\/it\/products\/\">Prodotti\u00a0\u00a0\u00a0\u00a0\u00a0<\/a>|\u00a0\u00a0\u00a0\u00a0\u00a0<a href=\"https:\/\/www.plasticmoldco.com\/it\/notizie\/\">Notizie<\/a>\u00a0\u00a0\u00a0\u00a0\u00a0|\u00a0\u00a0\u00a0\u00a0\u00a0<a href=\"https:\/\/www.plasticmoldco.com\/it\/assicurazione-di-qualita\/\">Assicurazione di qualit\u00e0\u00a0<\/a>\u00a0\u00a0\u00a0\u00a0|\u00a0 \u00a0 <a href=\"https:\/\/www.plasticmoldco.com\/it\/procedura-po\/\">Procedura OP<\/a>\u00a0 \u00a0 |\u00a0 \u00a0 <a href=\"https:\/\/www.plasticmoldco.com\/it\/attrezzatura\/\">Attrezzatura\u00a0 \u00a0<\/a> |\u00a0 \u00a0<a href=\"https:\/\/www.plasticmoldco.com\/it\/caso-di-design-industriale\/\">Caso di design industriale\u00a0<\/a> \u00a0 |\u00a0 \u00a0 <a href=\"https:\/\/www.plasticmoldco.com\/it\/mappa-del-sito\/\">Mappa del sito<\/a><\/span><\/strong><\/p>\n<p>[\/et_pb_text][et_pb_text _builder_version=\u201d3.10.2\u2033]<\/p>\n<p style=\"text-align: center;\"><strong>Copyright \u00a9 2011 DONGGUAN SINCER TECH CO.LTD. | Cina Stampi, Cina Stampaggio a iniezione di plastica, Cina Utensili.<\/strong><br \/>\n<strong> Numero di registro della societ\u00e0: 1626173<\/strong><\/p>\n<p>[\/et_pb_text][\/et_pb_column][\/et_pb_row][\/et_pb_section]<\/p>","protected":false},"excerpt":{"rendered":"<p>About Us-A Chinese Mold Company DONGGUAN SINCERE ETCH CO.LTD ,our factory Located in\u00a0DongGuan,\u00a0China, and established in 2003, SINCER ETECH IS specializes in various plastic molds and plastic molding manufacturing\u00a0for. automotive, home appliances, medical equipment, electronics and sporting equipment, as well as general industrial OEM applications. Our company covers an area of more than 3,800 square [&hellip;]<\/p>","protected":false},"author":1,"featured_media":0,"parent":0,"menu_order":0,"comment_status":"closed","ping_status":"closed","template":"","meta":{"_et_pb_use_builder":"on","_et_pb_old_content":"","_et_gb_content_width":"","footnotes":""},"class_list":["post-12","page","type-page","status-publish","hentry"],"yoast_head":"<!-- This site is optimized with the Yoast SEO plugin v27.4 - https:\/\/yoast.com\/product\/yoast-seo-wordpress\/ -->\n<title>About Us - Plastic Mold | China Mold Maker<\/title>\n<meta name=\"robots\" content=\"index, follow, max-snippet:-1, max-image-preview:large, max-video-preview:-1\" \/>\n<link rel=\"canonical\" href=\"https:\/\/www.plasticmoldco.com\/it\/bedrijf\/\" \/>\n<meta property=\"og:locale\" content=\"it_IT\" \/>\n<meta property=\"og:type\" content=\"article\" \/>\n<meta property=\"og:title\" content=\"About Us - Plastic Mold | China Mold Maker\" \/>\n<meta property=\"og:description\" content=\"About Us-A Chinese Mold Company DONGGUAN SINCERE ETCH CO.LTD ,our factory Located in\u00a0DongGuan,\u00a0China, and established in 2003, SINCER ETECH IS specializes in various plastic molds and plastic molding manufacturing\u00a0for. automotive, home appliances, medical equipment, electronics and sporting equipment, as well as general industrial OEM applications. Our company covers an area of more than 3,800 square [&hellip;]\" \/>\n<meta property=\"og:url\" content=\"https:\/\/www.plasticmoldco.com\/it\/bedrijf\/\" \/>\n<meta property=\"og:site_name\" content=\"Plastic Mold | China Mold Maker\" \/>\n<meta property=\"article:modified_time\" content=\"2019-02-15T13:45:09+00:00\" \/>\n<meta property=\"og:image\" content=\"https:\/\/web.archive.org\/web\/20140805221613im_\/http:\/\/www.moldchina.org\/wp-content\/uploads\/2011\/01\/untitled2.bmp\" \/>\n<meta name=\"twitter:card\" content=\"summary_large_image\" \/>\n<meta name=\"twitter:label1\" content=\"Tempo di lettura stimato\" \/>\n\t<meta name=\"twitter:data1\" content=\"6 minuti\" \/>\n<script type=\"application\/ld+json\" class=\"yoast-schema-graph\">{\"@context\":\"https:\\\/\\\/schema.org\",\"@graph\":[{\"@type\":\"WebPage\",\"@id\":\"https:\\\/\\\/www.plasticmoldco.com\\\/nl\\\/bedrijf\\\/\",\"url\":\"https:\\\/\\\/www.plasticmoldco.com\\\/nl\\\/bedrijf\\\/\",\"name\":\"About Us - Plastic Mold | China Mold Maker\",\"isPartOf\":{\"@id\":\"https:\\\/\\\/www.plasticmoldco.com\\\/el\\\/#website\"},\"primaryImageOfPage\":{\"@id\":\"https:\\\/\\\/www.plasticmoldco.com\\\/nl\\\/bedrijf\\\/#primaryimage\"},\"image\":{\"@id\":\"https:\\\/\\\/www.plasticmoldco.com\\\/nl\\\/bedrijf\\\/#primaryimage\"},\"thumbnailUrl\":\"https:\\\/\\\/web.archive.org\\\/web\\\/20140805221613im_\\\/http:\\\/\\\/www.moldchina.org\\\/wp-content\\\/uploads\\\/2011\\\/01\\\/untitled2.bmp\",\"datePublished\":\"2018-10-14T08:59:39+00:00\",\"dateModified\":\"2019-02-15T13:45:09+00:00\",\"breadcrumb\":{\"@id\":\"https:\\\/\\\/www.plasticmoldco.com\\\/nl\\\/bedrijf\\\/#breadcrumb\"},\"inLanguage\":\"it-IT\",\"potentialAction\":[{\"@type\":\"ReadAction\",\"target\":[\"https:\\\/\\\/www.plasticmoldco.com\\\/nl\\\/bedrijf\\\/\"]}]},{\"@type\":\"ImageObject\",\"inLanguage\":\"it-IT\",\"@id\":\"https:\\\/\\\/www.plasticmoldco.com\\\/nl\\\/bedrijf\\\/#primaryimage\",\"url\":\"https:\\\/\\\/web.archive.org\\\/web\\\/20140805221613im_\\\/http:\\\/\\\/www.moldchina.org\\\/wp-content\\\/uploads\\\/2011\\\/01\\\/untitled2.bmp\",\"contentUrl\":\"https:\\\/\\\/web.archive.org\\\/web\\\/20140805221613im_\\\/http:\\\/\\\/www.moldchina.org\\\/wp-content\\\/uploads\\\/2011\\\/01\\\/untitled2.bmp\"},{\"@type\":\"BreadcrumbList\",\"@id\":\"https:\\\/\\\/www.plasticmoldco.com\\\/nl\\\/bedrijf\\\/#breadcrumb\",\"itemListElement\":[{\"@type\":\"ListItem\",\"position\":1,\"name\":\"Home\",\"item\":\"https:\\\/\\\/www.plasticmoldco.com\\\/\"},{\"@type\":\"ListItem\",\"position\":2,\"name\":\"About Us\"}]},{\"@type\":\"WebSite\",\"@id\":\"https:\\\/\\\/www.plasticmoldco.com\\\/el\\\/#website\",\"url\":\"https:\\\/\\\/www.plasticmoldco.com\\\/el\\\/\",\"name\":\"Plastic Mold | China Mold Maker\",\"description\":\"Are you looking for injection mold china? We are plastic mold maker\",\"publisher\":{\"@id\":\"https:\\\/\\\/www.plasticmoldco.com\\\/el\\\/#organization\"},\"potentialAction\":[{\"@type\":\"SearchAction\",\"target\":{\"@type\":\"EntryPoint\",\"urlTemplate\":\"https:\\\/\\\/www.plasticmoldco.com\\\/el\\\/?s={search_term_string}\"},\"query-input\":{\"@type\":\"PropertyValueSpecification\",\"valueRequired\":true,\"valueName\":\"search_term_string\"}}],\"inLanguage\":\"it-IT\"},{\"@type\":\"Organization\",\"@id\":\"https:\\\/\\\/www.plasticmoldco.com\\\/el\\\/#organization\",\"name\":\"Plastic Mold | China Mold Maker\",\"url\":\"https:\\\/\\\/www.plasticmoldco.com\\\/el\\\/\",\"logo\":{\"@type\":\"ImageObject\",\"inLanguage\":\"it-IT\",\"@id\":\"https:\\\/\\\/www.plasticmoldco.com\\\/el\\\/#\\\/schema\\\/logo\\\/image\\\/\",\"url\":\"https:\\\/\\\/plasticmoldco.com\\\/wp-content\\\/uploads\\\/2018\\\/10\\\/nlogon.png\",\"contentUrl\":\"https:\\\/\\\/plasticmoldco.com\\\/wp-content\\\/uploads\\\/2018\\\/10\\\/nlogon.png\",\"width\":204,\"height\":54,\"caption\":\"Plastic Mold | China Mold Maker\"},\"image\":{\"@id\":\"https:\\\/\\\/www.plasticmoldco.com\\\/el\\\/#\\\/schema\\\/logo\\\/image\\\/\"}}]}<\/script>\n<!-- \/ Yoast SEO plugin. -->","yoast_head_json":{"title":"Chi siamo - Stampo in plastica | Cina Mold Maker","robots":{"index":"index","follow":"follow","max-snippet":"max-snippet:-1","max-image-preview":"max-image-preview:large","max-video-preview":"max-video-preview:-1"},"canonical":"https:\/\/www.plasticmoldco.com\/it\/bedrijf\/","og_locale":"it_IT","og_type":"article","og_title":"About Us - Plastic Mold | China Mold Maker","og_description":"About Us-A Chinese Mold Company DONGGUAN SINCERE ETCH CO.LTD ,our factory Located in\u00a0DongGuan,\u00a0China, and established in 2003, SINCER ETECH IS specializes in various plastic molds and plastic molding manufacturing\u00a0for. automotive, home appliances, medical equipment, electronics and sporting equipment, as well as general industrial OEM applications. Our company covers an area of more than 3,800 square [&hellip;]","og_url":"https:\/\/www.plasticmoldco.com\/it\/bedrijf\/","og_site_name":"Plastic Mold | China Mold Maker","article_modified_time":"2019-02-15T13:45:09+00:00","og_image":[{"url":"https:\/\/web.archive.org\/web\/20140805221613im_\/http:\/\/www.moldchina.org\/wp-content\/uploads\/2011\/01\/untitled2.bmp","type":"","width":"","height":""}],"twitter_card":"summary_large_image","twitter_misc":{"Tempo di lettura stimato":"6 minuti"},"schema":{"@context":"https:\/\/schema.org","@graph":[{"@type":"WebPage","@id":"https:\/\/www.plasticmoldco.com\/nl\/bedrijf\/","url":"https:\/\/www.plasticmoldco.com\/nl\/bedrijf\/","name":"Chi siamo - Stampo in plastica | Cina Mold Maker","isPartOf":{"@id":"https:\/\/www.plasticmoldco.com\/el\/#website"},"primaryImageOfPage":{"@id":"https:\/\/www.plasticmoldco.com\/nl\/bedrijf\/#primaryimage"},"image":{"@id":"https:\/\/www.plasticmoldco.com\/nl\/bedrijf\/#primaryimage"},"thumbnailUrl":"https:\/\/web.archive.org\/web\/20140805221613im_\/http:\/\/www.moldchina.org\/wp-content\/uploads\/2011\/01\/untitled2.bmp","datePublished":"2018-10-14T08:59:39+00:00","dateModified":"2019-02-15T13:45:09+00:00","breadcrumb":{"@id":"https:\/\/www.plasticmoldco.com\/nl\/bedrijf\/#breadcrumb"},"inLanguage":"it-IT","potentialAction":[{"@type":"ReadAction","target":["https:\/\/www.plasticmoldco.com\/nl\/bedrijf\/"]}]},{"@type":"ImageObject","inLanguage":"it-IT","@id":"https:\/\/www.plasticmoldco.com\/nl\/bedrijf\/#primaryimage","url":"https:\/\/web.archive.org\/web\/20140805221613im_\/http:\/\/www.moldchina.org\/wp-content\/uploads\/2011\/01\/untitled2.bmp","contentUrl":"https:\/\/web.archive.org\/web\/20140805221613im_\/http:\/\/www.moldchina.org\/wp-content\/uploads\/2011\/01\/untitled2.bmp"},{"@type":"BreadcrumbList","@id":"https:\/\/www.plasticmoldco.com\/nl\/bedrijf\/#breadcrumb","itemListElement":[{"@type":"ListItem","position":1,"name":"Home","item":"https:\/\/www.plasticmoldco.com\/"},{"@type":"ListItem","position":2,"name":"About Us"}]},{"@type":"WebSite","@id":"https:\/\/www.plasticmoldco.com\/el\/#website","url":"https:\/\/www.plasticmoldco.com\/el\/","name":"Stampo in plastica | Creatore di stampi in Cina","description":"State cercando uno stampo ad iniezione in Cina? Siamo produttori di stampi in plastica","publisher":{"@id":"https:\/\/www.plasticmoldco.com\/el\/#organization"},"potentialAction":[{"@type":"SearchAction","target":{"@type":"EntryPoint","urlTemplate":"https:\/\/www.plasticmoldco.com\/el\/?s={search_term_string}"},"query-input":{"@type":"PropertyValueSpecification","valueRequired":true,"valueName":"search_term_string"}}],"inLanguage":"it-IT"},{"@type":"Organization","@id":"https:\/\/www.plasticmoldco.com\/el\/#organization","name":"Stampo in plastica | Creatore di stampi in Cina","url":"https:\/\/www.plasticmoldco.com\/el\/","logo":{"@type":"ImageObject","inLanguage":"it-IT","@id":"https:\/\/www.plasticmoldco.com\/el\/#\/schema\/logo\/image\/","url":"https:\/\/plasticmoldco.com\/wp-content\/uploads\/2018\/10\/nlogon.png","contentUrl":"https:\/\/plasticmoldco.com\/wp-content\/uploads\/2018\/10\/nlogon.png","width":204,"height":54,"caption":"Plastic Mold | China Mold Maker"},"image":{"@id":"https:\/\/www.plasticmoldco.com\/el\/#\/schema\/logo\/image\/"}}]}},"_links":{"self":[{"href":"https:\/\/www.plasticmoldco.com\/it\/wp-json\/wp\/v2\/pages\/12","targetHints":{"allow":["GET"]}}],"collection":[{"href":"https:\/\/www.plasticmoldco.com\/it\/wp-json\/wp\/v2\/pages"}],"about":[{"href":"https:\/\/www.plasticmoldco.com\/it\/wp-json\/wp\/v2\/types\/page"}],"author":[{"embeddable":true,"href":"https:\/\/www.plasticmoldco.com\/it\/wp-json\/wp\/v2\/users\/1"}],"replies":[{"embeddable":true,"href":"https:\/\/www.plasticmoldco.com\/it\/wp-json\/wp\/v2\/comments?post=12"}],"version-history":[{"count":0,"href":"https:\/\/www.plasticmoldco.com\/it\/wp-json\/wp\/v2\/pages\/12\/revisions"}],"wp:attachment":[{"href":"https:\/\/www.plasticmoldco.com\/it\/wp-json\/wp\/v2\/media?parent=12"}],"curies":[{"name":"wp","href":"https:\/\/api.w.org\/{rel}","templated":true}]}}