{"id":953,"date":"2018-10-18T17:43:08","date_gmt":"2018-10-18T09:43:08","guid":{"rendered":"https:\/\/plasticmoldco.com\/?page_id=953"},"modified":"2018-10-18T17:54:05","modified_gmt":"2018-10-18T09:54:05","slug":"silicone-gloves","status":"publish","type":"page","link":"https:\/\/www.plasticmoldco.com\/hu\/szilikon-kesztyu\/","title":{"rendered":"Szilikon keszty\u0171"},"content":{"rendered":"<p>[et_pb_section bb_built=\"1\u2033 disabled_on=\"on|on|\" _builder_version=\"3.10.2\u2033 custom_padding=\"0|0|0px|0|0px|0px|false|false\" next_background_color=\"#000000\u2033][et_pb_row custom_padding=\"18px|0px|0|0px|0px|false|false\" _builder_version=\"3.0.48\u2033 background_size=\"initial\" background_position=\"top_left\" background_repeat=\"repeat\"][et_pb_column type=\"4_4\u2033][et_pb_text _builder_version=\"3.10.2\u2033 custom_margin=\"0px|-120px|16px|-100px\"]<\/p>\n<p><img loading=\"lazy\" decoding=\"async\" class=\"wp-image-213 alignnone size-medium\" src=\"https:\/\/plasticmoldco.com\/wp-content\/uploads\/2018\/10\/new.n-300x18.jpg\" alt=\"\" width=\"1266\" height=\"76\" srcset=\"https:\/\/www.plasticmoldco.com\/wp-content\/uploads\/2018\/10\/new.n-300x18.jpg 300w, https:\/\/www.plasticmoldco.com\/wp-content\/uploads\/2018\/10\/new.n-768x45.jpg 768w, https:\/\/www.plasticmoldco.com\/wp-content\/uploads\/2018\/10\/new.n-1024x60.jpg 1024w\" sizes=\"(max-width: 1266px) 100vw, 1266px\" \/><\/p>\n<p>[\/et_pb_text][\/et_pb_column][\/et_pb_row][\/et_pb_section][et_pb_section bb_built=\"1\u2033 disabled_on=\"||on\" _builder_version=\"3.10.2\u2033 custom_padding=\"22px|0px|0|0|0px|false|false\" prev_background_color=\"#000000\u2033 next_background_color=\"#000000\u2033][et_pb_row custom_padding=\"0|0px|12px|0px|0px|false|false|false\" _builder_version=\"3.0.48\u2033 background_size=\"initial\" background_position=\"top_left\" background_repeat=\"repeat\"][et_pb_column type=\"4_4\u2033][et_pb_text _builder_version=\"3.10.2\u2033]<\/p>\n<p><img loading=\"lazy\" decoding=\"async\" class=\"wp-image-213 alignnone size-medium\" src=\"https:\/\/plasticmoldco.com\/wp-content\/uploads\/2018\/10\/new.n-300x18.jpg\" alt=\"\" width=\"1266\" height=\"76\" srcset=\"https:\/\/www.plasticmoldco.com\/wp-content\/uploads\/2018\/10\/new.n-300x18.jpg 300w, https:\/\/www.plasticmoldco.com\/wp-content\/uploads\/2018\/10\/new.n-768x45.jpg 768w, https:\/\/www.plasticmoldco.com\/wp-content\/uploads\/2018\/10\/new.n-1024x60.jpg 1024w\" sizes=\"(max-width: 1266px) 100vw, 1266px\" \/><\/p>\n<p>[\/et_pb_text][\/et_pb_column][\/et_pb_row][\/et_pb_section][et_pb_section bb_built=\"1\u2033 disabled_on=\"on|on|\" _builder_version=\"3.10.2\u2033 custom_padding=\"0|0px|54px|0px|false|false\" prev_background_color=\"#000000\u2033 next_background_color=\"#000000\u2033][et_pb_row custom_padding=\"0|0px|0|0px|0px|false|false\" _builder_version=\"3.0.48\u2033 background_size=\"initial\" background_position=\"top_left\" background_repeat=\"repeat\"][et_pb_column type=\"3_4\u2033][et_pb_text _builder_version=\"3.10.2\u2033 border_width_all=\"3px\" border_color_all=\"#e5e5e5\u2033 custom_margin=\"15px|-90px|||-86px\" custom_padding=\"10px|10px|10px|10px|10px\"]<\/p>\n<div id=\"titlep\">\n<div id=\"titlep\">\n<div id=\"titlep\">\n<h2>Szilikon s\u00fct\u0151keszty\u0171<\/h2>\n<p>Mi egy professzion\u00e1lis <em>porcel\u00e1n szilikon<\/em> pen\u00e9sz \u00e9s \u00f6nt\u0151 c\u00e9g, az SGS \u00e1ltal audit\u00e1lt besz\u00e1ll\u00edt\u00f3, els\u0151sorban szilikon term\u00e9kekkel foglalkozik, bele\u00e9rtve a h\u00e1ztart\u00e1si cikkeket \u00e9s prom\u00f3ci\u00f3s aj\u00e1nd\u00e9kokat, mint p\u00e9ld\u00e1ul s\u00fct\u0151ed\u00e9nyek \u00e9s konyhai eszk\u00f6z\u00f6k, s\u00fct\u0151keszty\u0171k, g\u0151z\u00f6l\u0151k \u00e9s t\u00e1lak, b\u00e9bi etet\u0151 palackok, karszalagok, hamutart\u00f3k stb....<\/p>\n<p>1. 100% \u00e9lelmiszer-min\u0151s\u00e9g\u0171 (FDA, SGS, LFGB) szilikonanyag<\/p>\n<p>2. M\u00e9ret: 212*161*37mm<\/p>\n<p>3. S\u00faly: 112g<\/p>\n<p>4. Tapad\u00e1smentes kivitel<\/p>\n<p>5. H\u0151m\u00e9rs\u00e9klet-tartom\u00e1ny: -40 \u00e9s 230 Celsius fok k\u00f6z\u00f6tt<\/p>\n<p>6. Rugalmas \u00e9s k\u00f6nnyen tiszt\u00edthat\u00f3<\/p>\n<p>7. B\u00e1rmilyen sz\u00edn el\u00e9rhet\u0151.<\/p>\n<p>ha szilikon term\u00e9ket szeretne k\u00e9sz\u00edteni vagy professzion\u00e1lis term\u00e9ket keres <em>porcel\u00e1n szilikon<\/em> gumisz\u00e1ll\u00edt\u00f3 partnerk\u00e9nt, k\u00e9rj\u00fck, forduljon hozz\u00e1nk bizalommal.<\/p>\n<\/div>\n<\/div>\n<\/div>\n<p>[\/et_pb_text][\/et_pb_column][et_pb_column type=\"1_4\u2033][et_pb_sidebar _builder_version=\"3.10.2\u2033 area=\"sidebar-1\u2033 custom_margin=\"15px|-94px|||40px\" custom_padding=\"10px|10px|10px|10px|10px\" border_width_all=\"2px\" border_color_all=\"#d3d3d3d3\u2033 \/][\/et_pb_column][\/et_pb_row][\/et_pb_section][et_pb_section bb_built=\"1\u2033 disabled_on=\"||on\" _builder_version=\"3.10.2\u2033 custom_padding=\"0|0px|54px|0px|false|false\" prev_background_color=\"#000000\u2033 next_background_color=\"#000000\u2033][et_pb_row custom_padding=\"0|0px|0|0px|0px|false|false\" _builder_version=\"3.0.48\u2033 background_size=\"initial\" background_position=\"top_left\" background_repeat=\"repeat\"][et_pb_column type=\"4_4\u2033][et_pb_text _builder_version=\"3.10.2\u2033 border_width_all=\"3px\" border_color_all=\"#e5e5e5\u2033]<\/p>\n<div id=\"titlep\">\n<div id=\"titlep\">\n<div id=\"titlep\">\n<div id=\"titlep\">\n<div id=\"titlep\">\n<h2>Szilikon s\u00fct\u0151keszty\u0171<\/h2>\n<p>Mi egy professzion\u00e1lis <em>porcel\u00e1n szilikon<\/em> pen\u00e9sz \u00e9s \u00f6nt\u0151 c\u00e9g, az SGS \u00e1ltal audit\u00e1lt besz\u00e1ll\u00edt\u00f3, els\u0151sorban szilikon term\u00e9kekkel foglalkozik, bele\u00e9rtve a h\u00e1ztart\u00e1si cikkeket \u00e9s prom\u00f3ci\u00f3s aj\u00e1nd\u00e9kokat, mint p\u00e9ld\u00e1ul s\u00fct\u0151ed\u00e9nyek \u00e9s konyhai eszk\u00f6z\u00f6k, s\u00fct\u0151keszty\u0171k, g\u0151z\u00f6l\u0151k \u00e9s t\u00e1lak, b\u00e9bi etet\u0151 palackok, karszalagok, hamutart\u00f3k stb....<\/p>\n<p>1. 100% \u00e9lelmiszer-min\u0151s\u00e9g\u0171 (FDA, SGS, LFGB) szilikonanyag<\/p>\n<p>2. M\u00e9ret: 212*161*37mm<\/p>\n<p>3. S\u00faly: 112g<\/p>\n<p>4. Tapad\u00e1smentes kivitel<\/p>\n<p>5. H\u0151m\u00e9rs\u00e9klet-tartom\u00e1ny: -40 \u00e9s 230 Celsius fok k\u00f6z\u00f6tt<\/p>\n<p>6. Rugalmas \u00e9s k\u00f6nnyen tiszt\u00edthat\u00f3<\/p>\n<p>7. B\u00e1rmilyen sz\u00edn el\u00e9rhet\u0151.<\/p>\n<p>ha szilikon term\u00e9ket szeretne k\u00e9sz\u00edteni vagy professzion\u00e1lis term\u00e9ket keres <em>porcel\u00e1n szilikon<\/em> gumisz\u00e1ll\u00edt\u00f3 partnerk\u00e9nt, k\u00e9rj\u00fck, forduljon hozz\u00e1nk bizalommal.<\/p>\n<\/div>\n<\/div>\n<\/div>\n<\/div>\n<\/div>\n<p>[\/et_pb_text][et_pb_sidebar _builder_version=\"3.10.2\u2033 area=\"sidebar-1\u2033 custom_padding=\"10px|||10px|10px\" border_width_all=\"2px\" border_color_all=\"#d3d3d3d3\u2033 custom_margin=\"|-250px|||\" \/][\/et_pb_column][\/et_pb_row][\/et_pb_section][et_pb_section bb_built=\"1\u2033 disabled_on=\"on|on|\" _builder_version=\u201d3.10.2\u2033 custom_margin=\u201d-103px|||\u201d prev_background_color=\u201d#000000\u2033 next_background_color=\u201d#000000\u2033][et_pb_row _builder_version=\u201d3.0.48\u2033 background_size=\"initial\" background_position=\"top_left\" background_repeat=\"repeat\"][et_pb_column type=\"4_4\u2033][et_pb_text _builder_version=\"3.10.2\u2033 custom_margin=\"|-62px||-84px\"]<\/p>\n<p style=\"padding-left: 30px;\"><strong>K\u00edna m\u0171anyag fr\u00f6ccs\u00f6nt\u0151 pen\u00e9sz, szersz\u00e1mk\u00e9sz\u00edt\u0151, K\u00edna szersz\u00e1mk\u00e9sz\u00edt\u0151, K\u00edna szersz\u00e1moz\u00e1s, m\u0171anyag pen\u00e9sz porcel\u00e1n, K\u00edna fr\u00f6ccs\u00f6nt\u0151 pen\u00e9sz gy\u00e1r, m\u0171anyag fr\u00f6ccs\u00f6nt\u0151 pen\u00e9sz gy\u00e1rt\u00f3 K\u00edn\u00e1ban<\/strong><\/p>\n<p>[\/et_pb_text][et_pb_text _builder_version=\u201d3.10.2\u2033 custom_margin=\u201d-15px|-50px||-50px\u201d]<\/p>\n<p><strong><span style=\"color: #0c0c0c;\"><a href=\"https:\/\/www.plasticmoldco.com\/hu\/\">Home\u00a0 \u00a0<\/a>|\u00a0 \u00a0<a href=\"https:\/\/www.plasticmoldco.com\/hu\/about-us\/\">R\u00f3lunk\u00a0<\/a> \u00a0|\u00a0 <a href=\"https:\/\/www.plasticmoldco.com\/hu\/tervezomernoki-tevekenyseg\/\">Tervez\u00e9s \u00e9s tervez\u00e9s<\/a>\u00a0 |\u00a0 \u00a0<a href=\"https:\/\/www.plasticmoldco.com\/hu\/products\/\">Term\u00e9kek\u00a0\u00a0\u00a0\u00a0\u00a0<\/a>|\u00a0\u00a0\u00a0\u00a0\u00a0<a href=\"https:\/\/www.plasticmoldco.com\/hu\/hirek\/\">H\u00edrek<\/a>\u00a0\u00a0\u00a0\u00a0\u00a0|\u00a0\u00a0\u00a0\u00a0\u00a0<a href=\"https:\/\/www.plasticmoldco.com\/hu\/minosegi-biztositas\/\">Min\u0151s\u00e9gi biztos\u00edt\u00e1s\u00a0<\/a>\u00a0\u00a0\u00a0\u00a0|\u00a0 \u00a0 <a href=\"https:\/\/www.plasticmoldco.com\/hu\/po-eljaras\/\">PO elj\u00e1r\u00e1s<\/a>\u00a0 \u00a0 |\u00a0 \u00a0 <a href=\"https:\/\/www.plasticmoldco.com\/hu\/eqipment\/\">Berendez\u00e9sek\u00a0 \u00a0<\/a> |\u00a0 \u00a0<a href=\"https:\/\/www.plasticmoldco.com\/hu\/ipari-formatervezesi-eset\/\">Ipari tervez\u00e9s eset\u00a0<\/a> \u00a0 |\u00a0 \u00a0 <a href=\"https:\/\/www.plasticmoldco.com\/hu\/oldalterkep\/\">Oldalt\u00e9rk\u00e9p<\/a><\/span><\/strong><\/p>\n<p>[\/et_pb_text][et_pb_text _builder_version=\"3.10.2\u2033 custom_margin=\"-15px||||\"]<\/p>\n<p style=\"text-align: center;\"><strong>Szerz\u0151i jog \u00a9 2011 DONGGUAN SINCER TECH CO.LTD. | K\u00edna Mold maker, porcel\u00e1n m\u0171anyag fr\u00f6ccs\u00f6nt\u00e9s, porcel\u00e1n szersz\u00e1mk\u00e9sz\u00edt\u0151.<\/strong><br \/>\n<strong> C\u00e9gjegyz\u00e9ksz\u00e1m:1626173<\/strong><\/p>\n<p>[\/et_pb_text][\/et_pb_column][\/et_pb_row][\/et_pb_section][et_pb_section bb_built=\"1\u2033 disabled_on=\"||on\" _builder_version=\"3.10.2\u2033 custom_margin=\"-103px||||\" prev_background_color=\"#000000\u2033][et_pb_row _builder_version=\"3.0.48\u2033 background_size=\"initial\" background_position=\"top_left\" background_repeat=\"repeat\"][et_pb_column type=\"4_4\u2033][et_pb_text _builder_version=\"3.10.2\u2033]<\/p>\n<p style=\"padding-left: 30px;\"><strong>K\u00edna m\u0171anyag fr\u00f6ccs\u00f6nt\u0151 pen\u00e9sz, szersz\u00e1mk\u00e9sz\u00edt\u0151, K\u00edna szersz\u00e1mk\u00e9sz\u00edt\u0151, K\u00edna szersz\u00e1moz\u00e1s, m\u0171anyag pen\u00e9sz porcel\u00e1n, K\u00edna fr\u00f6ccs\u00f6nt\u0151 pen\u00e9sz gy\u00e1r, m\u0171anyag fr\u00f6ccs\u00f6nt\u0151 pen\u00e9sz gy\u00e1rt\u00f3 K\u00edn\u00e1ban<\/strong><\/p>\n<p>[\/et_pb_text][et_pb_text _builder_version=\u201d3.10.2\u2033]<\/p>\n<p><strong><span style=\"color: #0c0c0c;\"><a href=\"https:\/\/www.plasticmoldco.com\/hu\/\">Home\u00a0 \u00a0<\/a>|\u00a0 \u00a0<a href=\"https:\/\/www.plasticmoldco.com\/hu\/about-us\/\">R\u00f3lunk\u00a0<\/a> \u00a0|\u00a0 <a href=\"https:\/\/www.plasticmoldco.com\/hu\/tervezomernoki-tevekenyseg\/\">Tervez\u00e9s \u00e9s tervez\u00e9s<\/a>\u00a0 |\u00a0 \u00a0<a href=\"https:\/\/www.plasticmoldco.com\/hu\/products\/\">Term\u00e9kek\u00a0\u00a0\u00a0\u00a0\u00a0<\/a>|\u00a0\u00a0\u00a0\u00a0\u00a0<a href=\"https:\/\/www.plasticmoldco.com\/hu\/hirek\/\">H\u00edrek<\/a>\u00a0\u00a0\u00a0\u00a0\u00a0|\u00a0\u00a0\u00a0\u00a0\u00a0<a href=\"https:\/\/www.plasticmoldco.com\/hu\/minosegi-biztositas\/\">Min\u0151s\u00e9gi biztos\u00edt\u00e1s\u00a0<\/a>\u00a0\u00a0\u00a0\u00a0|\u00a0 \u00a0 <a href=\"https:\/\/www.plasticmoldco.com\/hu\/po-eljaras\/\">PO elj\u00e1r\u00e1s<\/a>\u00a0 \u00a0 |\u00a0 \u00a0 <a href=\"https:\/\/www.plasticmoldco.com\/hu\/eqipment\/\">Berendez\u00e9sek\u00a0 \u00a0<\/a> |\u00a0 \u00a0<a href=\"https:\/\/www.plasticmoldco.com\/hu\/ipari-formatervezesi-eset\/\">Ipari tervez\u00e9s eset\u00a0<\/a> \u00a0 |\u00a0 \u00a0 <a href=\"https:\/\/www.plasticmoldco.com\/hu\/oldalterkep\/\">Oldalt\u00e9rk\u00e9p<\/a><\/span><\/strong><\/p>\n<p>[\/et_pb_text][et_pb_text _builder_version=\u201d3.10.2\u2033]<\/p>\n<p style=\"text-align: center;\"><strong>Szerz\u0151i jog \u00a9 2011 DONGGUAN SINCER TECH CO.LTD. | K\u00edna Mold maker, porcel\u00e1n m\u0171anyag fr\u00f6ccs\u00f6nt\u00e9s, porcel\u00e1n szersz\u00e1mk\u00e9sz\u00edt\u0151.<\/strong><br \/>\n<strong> C\u00e9gjegyz\u00e9ksz\u00e1m:1626173<\/strong><\/p>\n<p>[\/et_pb_text][\/et_pb_column][\/et_pb_row][\/et_pb_section][\/et_pb_section]<\/p>","protected":false},"excerpt":{"rendered":"<p>Szilikon s\u00fct\u0151keszty\u0171 Mi egy professzion\u00e1lis porcel\u00e1n szilikon pen\u00e9sz \u00e9s \u00f6nt\u0151 c\u00e9g vagyunk, az SGS \u00e1ltal audit\u00e1lt besz\u00e1ll\u00edt\u00f3, aki els\u0151sorban szilikon term\u00e9kekkel foglalkozik, bele\u00e9rtve a h\u00e1ztart\u00e1si cikkeket \u00e9s prom\u00f3ci\u00f3s aj\u00e1nd\u00e9kokat, mint p\u00e9ld\u00e1ul s\u00fct\u0151ed\u00e9nyek \u00e9s konyhai eszk\u00f6z\u00f6k, s\u00fct\u0151keszty\u0171k, g\u0151z\u00f6l\u0151k \u00e9s t\u00e1lak, baba etet\u0151 palackok, karszalagok, hamutart\u00f3k stb... 1. 100% \u00e9lelmiszer-min\u0151s\u00e9g\u0171 (FDA, SGS, LFGB) szilikon anyag 2. M\u00e9ret: 212 * 161 * 37 mm 3. [...]<\/p>","protected":false},"author":1,"featured_media":0,"parent":0,"menu_order":0,"comment_status":"closed","ping_status":"closed","template":"","meta":{"_et_pb_use_builder":"on","_et_pb_old_content":"","_et_gb_content_width":"","footnotes":""},"class_list":["post-953","page","type-page","status-publish","hentry"],"yoast_head":"<!-- This site is optimized with the Yoast SEO plugin v27.4 - https:\/\/yoast.com\/product\/yoast-seo-wordpress\/ -->\n<title>Silicone gloves - Plastic Mold | China Mold Maker<\/title>\n<meta name=\"robots\" content=\"index, follow, max-snippet:-1, max-image-preview:large, max-video-preview:-1\" \/>\n<link rel=\"canonical\" href=\"https:\/\/www.plasticmoldco.com\/hu\/szilikon-kesztyu\/\" \/>\n<meta property=\"og:locale\" content=\"hu_HU\" \/>\n<meta property=\"og:type\" content=\"article\" \/>\n<meta property=\"og:title\" content=\"Silicone gloves - Plastic Mold | China Mold Maker\" \/>\n<meta property=\"og:description\" content=\"Silicone Oven\u00a0 Glove We are a professional china silicone mold and molding company, an audited supplier by SGS, mainly engaged in silicone products, including household items and promotional gifts, such as bakeware&amp; kitcheware, baking gloves, steamers &amp; bowls, baby feeding bottles, wristbands, ashtrays, etc\u2026 1. 100% food-grade(FDA, SGS, LFGB) silicone material 2. Size: 212*161*37mm 3. [&hellip;]\" \/>\n<meta property=\"og:url\" content=\"https:\/\/www.plasticmoldco.com\/hu\/szilikon-kesztyu\/\" \/>\n<meta property=\"og:site_name\" content=\"Plastic Mold | China Mold Maker\" \/>\n<meta property=\"article:modified_time\" content=\"2018-10-18T09:54:05+00:00\" \/>\n<meta property=\"og:image\" content=\"https:\/\/plasticmoldco.com\/wp-content\/uploads\/2018\/10\/new.n-300x18.jpg\" \/>\n<meta name=\"twitter:card\" content=\"summary_large_image\" \/>\n<meta name=\"twitter:label1\" content=\"Becs\u00fclt olvas\u00e1si id\u0151\" \/>\n\t<meta name=\"twitter:data1\" content=\"4 perc\" \/>\n<script type=\"application\/ld+json\" class=\"yoast-schema-graph\">{\"@context\":\"https:\\\/\\\/schema.org\",\"@graph\":[{\"@type\":\"WebPage\",\"@id\":\"https:\\\/\\\/www.plasticmoldco.com\\\/hu\\\/szilikon-kesztyu\\\/\",\"url\":\"https:\\\/\\\/www.plasticmoldco.com\\\/hu\\\/szilikon-kesztyu\\\/\",\"name\":\"Silicone gloves - Plastic Mold | China Mold Maker\",\"isPartOf\":{\"@id\":\"https:\\\/\\\/www.plasticmoldco.com\\\/el\\\/#website\"},\"primaryImageOfPage\":{\"@id\":\"https:\\\/\\\/www.plasticmoldco.com\\\/hu\\\/szilikon-kesztyu\\\/#primaryimage\"},\"image\":{\"@id\":\"https:\\\/\\\/www.plasticmoldco.com\\\/hu\\\/szilikon-kesztyu\\\/#primaryimage\"},\"thumbnailUrl\":\"https:\\\/\\\/plasticmoldco.com\\\/wp-content\\\/uploads\\\/2018\\\/10\\\/new.n-300x18.jpg\",\"datePublished\":\"2018-10-18T09:43:08+00:00\",\"dateModified\":\"2018-10-18T09:54:05+00:00\",\"breadcrumb\":{\"@id\":\"https:\\\/\\\/www.plasticmoldco.com\\\/hu\\\/szilikon-kesztyu\\\/#breadcrumb\"},\"inLanguage\":\"hu\",\"potentialAction\":[{\"@type\":\"ReadAction\",\"target\":[\"https:\\\/\\\/www.plasticmoldco.com\\\/hu\\\/szilikon-kesztyu\\\/\"]}]},{\"@type\":\"ImageObject\",\"inLanguage\":\"hu\",\"@id\":\"https:\\\/\\\/www.plasticmoldco.com\\\/hu\\\/szilikon-kesztyu\\\/#primaryimage\",\"url\":\"https:\\\/\\\/plasticmoldco.com\\\/wp-content\\\/uploads\\\/2018\\\/10\\\/new.n-300x18.jpg\",\"contentUrl\":\"https:\\\/\\\/plasticmoldco.com\\\/wp-content\\\/uploads\\\/2018\\\/10\\\/new.n-300x18.jpg\"},{\"@type\":\"BreadcrumbList\",\"@id\":\"https:\\\/\\\/www.plasticmoldco.com\\\/hu\\\/szilikon-kesztyu\\\/#breadcrumb\",\"itemListElement\":[{\"@type\":\"ListItem\",\"position\":1,\"name\":\"Home\",\"item\":\"https:\\\/\\\/www.plasticmoldco.com\\\/\"},{\"@type\":\"ListItem\",\"position\":2,\"name\":\"Silicone gloves\"}]},{\"@type\":\"WebSite\",\"@id\":\"https:\\\/\\\/www.plasticmoldco.com\\\/el\\\/#website\",\"url\":\"https:\\\/\\\/www.plasticmoldco.com\\\/el\\\/\",\"name\":\"Plastic Mold | China Mold Maker\",\"description\":\"Are you looking for injection mold china? We are plastic mold maker\",\"publisher\":{\"@id\":\"https:\\\/\\\/www.plasticmoldco.com\\\/el\\\/#organization\"},\"potentialAction\":[{\"@type\":\"SearchAction\",\"target\":{\"@type\":\"EntryPoint\",\"urlTemplate\":\"https:\\\/\\\/www.plasticmoldco.com\\\/el\\\/?s={search_term_string}\"},\"query-input\":{\"@type\":\"PropertyValueSpecification\",\"valueRequired\":true,\"valueName\":\"search_term_string\"}}],\"inLanguage\":\"hu\"},{\"@type\":\"Organization\",\"@id\":\"https:\\\/\\\/www.plasticmoldco.com\\\/el\\\/#organization\",\"name\":\"Plastic Mold | China Mold Maker\",\"url\":\"https:\\\/\\\/www.plasticmoldco.com\\\/el\\\/\",\"logo\":{\"@type\":\"ImageObject\",\"inLanguage\":\"hu\",\"@id\":\"https:\\\/\\\/www.plasticmoldco.com\\\/el\\\/#\\\/schema\\\/logo\\\/image\\\/\",\"url\":\"https:\\\/\\\/plasticmoldco.com\\\/wp-content\\\/uploads\\\/2018\\\/10\\\/nlogon.png\",\"contentUrl\":\"https:\\\/\\\/plasticmoldco.com\\\/wp-content\\\/uploads\\\/2018\\\/10\\\/nlogon.png\",\"width\":204,\"height\":54,\"caption\":\"Plastic Mold | China Mold Maker\"},\"image\":{\"@id\":\"https:\\\/\\\/www.plasticmoldco.com\\\/el\\\/#\\\/schema\\\/logo\\\/image\\\/\"}}]}<\/script>\n<!-- \/ Yoast SEO plugin. -->","yoast_head_json":{"title":"Szilikon keszty\u0171 - M\u0171anyag szersz\u00e1m | K\u00edna Mold Maker","robots":{"index":"index","follow":"follow","max-snippet":"max-snippet:-1","max-image-preview":"max-image-preview:large","max-video-preview":"max-video-preview:-1"},"canonical":"https:\/\/www.plasticmoldco.com\/hu\/szilikon-kesztyu\/","og_locale":"hu_HU","og_type":"article","og_title":"Silicone gloves - Plastic Mold | China Mold Maker","og_description":"Silicone Oven\u00a0 Glove We are a professional china silicone mold and molding company, an audited supplier by SGS, mainly engaged in silicone products, including household items and promotional gifts, such as bakeware&amp; kitcheware, baking gloves, steamers &amp; bowls, baby feeding bottles, wristbands, ashtrays, etc\u2026 1. 100% food-grade(FDA, SGS, LFGB) silicone material 2. Size: 212*161*37mm 3. [&hellip;]","og_url":"https:\/\/www.plasticmoldco.com\/hu\/szilikon-kesztyu\/","og_site_name":"Plastic Mold | China Mold Maker","article_modified_time":"2018-10-18T09:54:05+00:00","og_image":[{"url":"https:\/\/plasticmoldco.com\/wp-content\/uploads\/2018\/10\/new.n-300x18.jpg","type":"","width":"","height":""}],"twitter_card":"summary_large_image","twitter_misc":{"Becs\u00fclt olvas\u00e1si id\u0151":"4 perc"},"schema":{"@context":"https:\/\/schema.org","@graph":[{"@type":"WebPage","@id":"https:\/\/www.plasticmoldco.com\/hu\/szilikon-kesztyu\/","url":"https:\/\/www.plasticmoldco.com\/hu\/szilikon-kesztyu\/","name":"Szilikon keszty\u0171 - M\u0171anyag szersz\u00e1m | K\u00edna Mold Maker","isPartOf":{"@id":"https:\/\/www.plasticmoldco.com\/el\/#website"},"primaryImageOfPage":{"@id":"https:\/\/www.plasticmoldco.com\/hu\/szilikon-kesztyu\/#primaryimage"},"image":{"@id":"https:\/\/www.plasticmoldco.com\/hu\/szilikon-kesztyu\/#primaryimage"},"thumbnailUrl":"https:\/\/plasticmoldco.com\/wp-content\/uploads\/2018\/10\/new.n-300x18.jpg","datePublished":"2018-10-18T09:43:08+00:00","dateModified":"2018-10-18T09:54:05+00:00","breadcrumb":{"@id":"https:\/\/www.plasticmoldco.com\/hu\/szilikon-kesztyu\/#breadcrumb"},"inLanguage":"hu","potentialAction":[{"@type":"ReadAction","target":["https:\/\/www.plasticmoldco.com\/hu\/szilikon-kesztyu\/"]}]},{"@type":"ImageObject","inLanguage":"hu","@id":"https:\/\/www.plasticmoldco.com\/hu\/szilikon-kesztyu\/#primaryimage","url":"https:\/\/plasticmoldco.com\/wp-content\/uploads\/2018\/10\/new.n-300x18.jpg","contentUrl":"https:\/\/plasticmoldco.com\/wp-content\/uploads\/2018\/10\/new.n-300x18.jpg"},{"@type":"BreadcrumbList","@id":"https:\/\/www.plasticmoldco.com\/hu\/szilikon-kesztyu\/#breadcrumb","itemListElement":[{"@type":"ListItem","position":1,"name":"Home","item":"https:\/\/www.plasticmoldco.com\/"},{"@type":"ListItem","position":2,"name":"Silicone gloves"}]},{"@type":"WebSite","@id":"https:\/\/www.plasticmoldco.com\/el\/#website","url":"https:\/\/www.plasticmoldco.com\/el\/","name":"M\u0171anyag Mold | K\u00edna Mold Maker","description":"Porcel\u00e1n fr\u00f6ccs\u00f6nt\u0151form\u00e1t keres? Mi vagyunk a m\u0171anyag szersz\u00e1mgy\u00e1rt\u00f3","publisher":{"@id":"https:\/\/www.plasticmoldco.com\/el\/#organization"},"potentialAction":[{"@type":"SearchAction","target":{"@type":"EntryPoint","urlTemplate":"https:\/\/www.plasticmoldco.com\/el\/?s={search_term_string}"},"query-input":{"@type":"PropertyValueSpecification","valueRequired":true,"valueName":"search_term_string"}}],"inLanguage":"hu"},{"@type":"Organization","@id":"https:\/\/www.plasticmoldco.com\/el\/#organization","name":"M\u0171anyag Mold | K\u00edna Mold Maker","url":"https:\/\/www.plasticmoldco.com\/el\/","logo":{"@type":"ImageObject","inLanguage":"hu","@id":"https:\/\/www.plasticmoldco.com\/el\/#\/schema\/logo\/image\/","url":"https:\/\/plasticmoldco.com\/wp-content\/uploads\/2018\/10\/nlogon.png","contentUrl":"https:\/\/plasticmoldco.com\/wp-content\/uploads\/2018\/10\/nlogon.png","width":204,"height":54,"caption":"Plastic Mold | China Mold Maker"},"image":{"@id":"https:\/\/www.plasticmoldco.com\/el\/#\/schema\/logo\/image\/"}}]}},"_links":{"self":[{"href":"https:\/\/www.plasticmoldco.com\/hu\/wp-json\/wp\/v2\/pages\/953","targetHints":{"allow":["GET"]}}],"collection":[{"href":"https:\/\/www.plasticmoldco.com\/hu\/wp-json\/wp\/v2\/pages"}],"about":[{"href":"https:\/\/www.plasticmoldco.com\/hu\/wp-json\/wp\/v2\/types\/page"}],"author":[{"embeddable":true,"href":"https:\/\/www.plasticmoldco.com\/hu\/wp-json\/wp\/v2\/users\/1"}],"replies":[{"embeddable":true,"href":"https:\/\/www.plasticmoldco.com\/hu\/wp-json\/wp\/v2\/comments?post=953"}],"version-history":[{"count":0,"href":"https:\/\/www.plasticmoldco.com\/hu\/wp-json\/wp\/v2\/pages\/953\/revisions"}],"wp:attachment":[{"href":"https:\/\/www.plasticmoldco.com\/hu\/wp-json\/wp\/v2\/media?parent=953"}],"curies":[{"name":"wp","href":"https:\/\/api.w.org\/{rel}","templated":true}]}}