{"id":851,"date":"2018-10-18T14:50:39","date_gmt":"2018-10-18T06:50:39","guid":{"rendered":"https:\/\/plasticmoldco.com\/?page_id=851"},"modified":"2018-10-18T14:50:39","modified_gmt":"2018-10-18T06:50:39","slug":"china-office-appliance-parts","status":"publish","type":"page","link":"https:\/\/www.plasticmoldco.com\/hu\/porcelan-irodai-keszulekek-alkatreszei\/","title":{"rendered":"porcel\u00e1n irodai k\u00e9sz\u00fcl\u00e9kek alkatr\u00e9szei"},"content":{"rendered":"<p>[et_pb_section bb_built=\"1\u2033 disabled_on=\"on|on|\" _builder_version=\"3.10.2\u2033 custom_padding=\"0|0|0px|0|0px|0px|false|false\" next_background_color=\"#000000\u2033][et_pb_row custom_padding=\"18px|0px|0|0px|0px|false|false\" _builder_version=\"3.0.48\u2033 background_size=\"initial\" background_position=\"top_left\" background_repeat=\"repeat\"][et_pb_column type=\"4_4\u2033][et_pb_text _builder_version=\"3.10.2\u2033 custom_margin=\"0px|-120px|16px|-100px\"]<\/p>\n<p><img loading=\"lazy\" decoding=\"async\" class=\"wp-image-213 alignnone size-medium\" src=\"https:\/\/plasticmoldco.com\/wp-content\/uploads\/2018\/10\/new.n-300x18.jpg\" alt=\"\" width=\"1266\" height=\"76\" srcset=\"https:\/\/www.plasticmoldco.com\/wp-content\/uploads\/2018\/10\/new.n-300x18.jpg 300w, https:\/\/www.plasticmoldco.com\/wp-content\/uploads\/2018\/10\/new.n-768x45.jpg 768w, https:\/\/www.plasticmoldco.com\/wp-content\/uploads\/2018\/10\/new.n-1024x60.jpg 1024w\" sizes=\"(max-width: 1266px) 100vw, 1266px\" \/><\/p>\n<p>[\/et_pb_text][\/et_pb_column][\/et_pb_row][\/et_pb_section][et_pb_section bb_built=\"1\u2033 disabled_on=\"||on\" _builder_version=\"3.10.2\u2033 custom_padding=\"22px|0px|0|0|0px|false|false\" prev_background_color=\"#000000\u2033 next_background_color=\"#000000\u2033][et_pb_row custom_padding=\"0|0px|12px|0px|0px|false|false|false\" _builder_version=\"3.0.48\u2033 background_size=\"initial\" background_position=\"top_left\" background_repeat=\"repeat\"][et_pb_column type=\"4_4\u2033][et_pb_text _builder_version=\"3.10.2\u2033]<\/p>\n<p><img loading=\"lazy\" decoding=\"async\" class=\"wp-image-213 alignnone size-medium\" src=\"https:\/\/plasticmoldco.com\/wp-content\/uploads\/2018\/10\/new.n-300x18.jpg\" alt=\"\" width=\"1266\" height=\"76\" srcset=\"https:\/\/www.plasticmoldco.com\/wp-content\/uploads\/2018\/10\/new.n-300x18.jpg 300w, https:\/\/www.plasticmoldco.com\/wp-content\/uploads\/2018\/10\/new.n-768x45.jpg 768w, https:\/\/www.plasticmoldco.com\/wp-content\/uploads\/2018\/10\/new.n-1024x60.jpg 1024w\" sizes=\"(max-width: 1266px) 100vw, 1266px\" \/><\/p>\n<p>[\/et_pb_text][\/et_pb_column][\/et_pb_row][\/et_pb_section][et_pb_section bb_built=\"1\u2033 disabled_on=\"on|on|\" _builder_version=\"3.10.2\u2033 custom_padding=\"0|0px|54px|0px|false|false\" prev_background_color=\"#000000\u2033 next_background_color=\"#000000\u2033][et_pb_row custom_padding=\"0|0px|0|0px|0px|false|false\" _builder_version=\"3.0.48\u2033 background_size=\"initial\" background_position=\"top_left\" background_repeat=\"repeat\"][et_pb_column type=\"3_4\u2033][et_pb_text _builder_version=\"3.10.2\u2033 border_width_all=\"3px\" border_color_all=\"#e5e5e5\u2033 custom_margin=\"15px|-90px|||-86px\" custom_padding=\"10px|10px|10px|10px|10px\"]<\/p>\n<div id=\"titlep\">\n<div id=\"titlep\">\n<div id=\"titlep\">\n<div id=\"titlep\">\n<div>\n<h2>porcel\u00e1n irodai k\u00e9sz\u00fcl\u00e9kek alkatr\u00e9szei<\/h2>\n<\/div>\n<\/div>\n<div id=\"mge\"><\/div>\n<p><img loading=\"lazy\" decoding=\"async\" class=\"alignnone size-full wp-image-564\" title=\"porcel\u00e1n irodai k\u00e9sz\u00fcl\u00e9k alkatr\u00e9szek pen\u00e9sz\" src=\"https:\/\/web.archive.org\/web\/20131026061117im_\/http:\/\/www.moldchina.org\/wp-content\/uploads\/2011\/02\/p4.jpg\" alt=\"\" width=\"558\" height=\"405\" \/><\/p>\n<p>mindig prec\u00edzi\u00f3s fr\u00f6ccs\u00f6nt\u0151form\u00e1t biztos\u00edtottunk az irodai k\u00e9sz\u00fcl\u00e9kekhez:<br \/>\n1.Alacsony \u00e1r.<br \/>\n2.Prec\u00edzi\u00f3s gy\u00e1rt\u00f3i feldolgoz\u00e1s.<br \/>\n3.Provide 3D design &amp; 2D rajz, \u00fctemez\u00e9si jelent\u00e9s a pen\u00e9sz gy\u00e1rt\u00e1si folyamathoz hetente.<\/p>\n<div id=\"richTextDescription\">\n<p>Prec\u00edzi\u00f3s fr\u00f6ccs\u00f6nt\u0151forma irodai k\u00e9sz\u00fcl\u00e9kekhez:<br \/>\n1. meg tudjuk \u00e9p\u00edteni a form\u00e1t, \u00e9s saj\u00e1t gy\u00e1runkban is gy\u00e1rtjuk az alkatr\u00e9szeket<br \/>\n2.our \u00dcgyfeleink az irodai alkalmaz\u00e1sok pen\u00e9szgomb\u00e1khoz: CASIO, BROTHER, HP, stb.<br \/>\n3. Formanyelvi anyag: CAV.CORE: SKD61, 2343, 2767 (HRC 52), vagy k\u00f6vesse az \u00fcgyf\u00e9l specifik\u00e1ci\u00f3j\u00e1t.<br \/>\n4. A pen\u00e9sz \u00e9lettartama 1 000 000 -3 000 000 000 r\u00f6vid.<br \/>\n5. A term\u00e9k t\u0171r\u00e9shat\u00e1ra kb: 0,01-0,02 mm.<\/p>\n<\/div>\n<\/div>\n<\/div>\n<\/div>\n<p>[\/et_pb_text][\/et_pb_column][et_pb_column type=\"1_4\u2033][et_pb_sidebar _builder_version=\"3.10.2\u2033 area=\"sidebar-1\u2033 custom_margin=\"15px|-94px|||40px\" custom_padding=\"10px|10px|10px|10px|10px\" border_width_all=\"2px\" border_color_all=\"#d3d3d3d3\u2033 \/][\/et_pb_column][\/et_pb_row][\/et_pb_section][et_pb_section bb_built=\"1\u2033 disabled_on=\"||on\" _builder_version=\"3.10.2\u2033 custom_padding=\"0|0px|54px|0px|false|false\" prev_background_color=\"#000000\u2033 next_background_color=\"#000000\u2033][et_pb_row custom_padding=\"0|0px|0|0px|0px|false|false\" _builder_version=\"3.0.48\u2033 background_size=\"initial\" background_position=\"top_left\" background_repeat=\"repeat\"][et_pb_column type=\"4_4\u2033][et_pb_text _builder_version=\"3.10.2\u2033 border_width_all=\"3px\" border_color_all=\"#e5e5e5\u2033]<\/p>\n<div id=\"titlep\">\n<div id=\"titlep\">\n<div id=\"titlep\">\n<div id=\"titlep\">\n<div id=\"titlep\">\n<div id=\"titlep\">\n<div>\n<h2>porcel\u00e1n irodai k\u00e9sz\u00fcl\u00e9kek alkatr\u00e9szei<\/h2>\n<\/div>\n<\/div>\n<div id=\"mge\"><\/div>\n<p><img loading=\"lazy\" decoding=\"async\" class=\"alignnone size-full wp-image-564\" title=\"porcel\u00e1n irodai k\u00e9sz\u00fcl\u00e9k alkatr\u00e9szek pen\u00e9sz\" src=\"https:\/\/web.archive.org\/web\/20131026061117im_\/http:\/\/www.moldchina.org\/wp-content\/uploads\/2011\/02\/p4.jpg\" alt=\"\" width=\"558\" height=\"405\" \/><\/p>\n<p>mindig prec\u00edzi\u00f3s fr\u00f6ccs\u00f6nt\u0151form\u00e1t biztos\u00edtottunk az irodai k\u00e9sz\u00fcl\u00e9kekhez:<br \/>\n1.Alacsony \u00e1r.<br \/>\n2.Prec\u00edzi\u00f3s gy\u00e1rt\u00f3i feldolgoz\u00e1s.<br \/>\n3.Provide 3D design &amp; 2D rajz, \u00fctemez\u00e9si jelent\u00e9s a pen\u00e9sz gy\u00e1rt\u00e1si folyamathoz hetente.<\/p>\n<div id=\"richTextDescription\">\n<p>Prec\u00edzi\u00f3s fr\u00f6ccs\u00f6nt\u0151forma irodai k\u00e9sz\u00fcl\u00e9kekhez:<br \/>\n1. meg tudjuk \u00e9p\u00edteni a form\u00e1t, \u00e9s saj\u00e1t gy\u00e1runkban is gy\u00e1rtjuk az alkatr\u00e9szeket<br \/>\n2.our \u00dcgyfeleink az irodai alkalmaz\u00e1sok pen\u00e9szgomb\u00e1khoz: CASIO, BROTHER, HP, stb.<br \/>\n3. Formanyelvi anyag: CAV.CORE: SKD61, 2343, 2767 (HRC 52), vagy k\u00f6vesse az \u00fcgyf\u00e9l specifik\u00e1ci\u00f3j\u00e1t.<br \/>\n4. A pen\u00e9sz \u00e9lettartama 1 000 000 -3 000 000 000 r\u00f6vid.<br \/>\n5. A term\u00e9k t\u0171r\u00e9shat\u00e1ra kb: 0,01-0,02 mm.<\/p>\n<\/div>\n<\/div>\n<\/div>\n<\/div>\n<\/div>\n<\/div>\n<p>[\/et_pb_text][et_pb_text _builder_version=\"3.10.2\u2033 text_font_size=\"13px\" header_font=\"|700|||||||\" border_width_all=\"2px\" border_color_all=\"#bcbcbc\" inline_fonts=\"Arial\"]<\/p>\n<h4><img loading=\"lazy\" decoding=\"async\" class=\"wp-image-111 alignnone\" src=\"https:\/\/plasticmoldco.com\/wp-content\/uploads\/2018\/10\/sss.png\" alt=\"\" width=\"16\" height=\"13\" \/><strong>Pen\u00e9sz term\u00e9k<\/strong><\/h4>\n<hr \/>\n<p>\u2192 <span style=\"font-size: medium;\"><strong><span style=\"color: #000000;\"><a style=\"color: #000000;\" href=\"https:\/\/www.plasticmoldco.com\/hu\/penesz\/\">MOLD<\/a><\/span><\/strong><\/span><br \/>\n<span style=\"font-size: medium;\"><strong><span style=\"color: #000000;\"> \u2192 <a style=\"color: #000000;\" href=\"https:\/\/www.plasticmoldco.com\/hu\/prototipus-alkatreszek\/\">Protot\u00edpus alkatr\u00e9szek<\/a><\/span><\/strong><\/span><br \/>\n<span style=\"font-size: medium;\"><strong><span style=\"color: #000000;\"> \u2192 <a style=\"color: #000000;\" href=\"https:\/\/www.plasticmoldco.com\/hu\/muanyag-alkatresz\/\">M\u0171anyag r\u00e9sz<\/a><\/span><\/strong><\/span><br \/>\n<span style=\"font-size: medium;\"><strong><span style=\"color: #000000;\"> \u2192 <a style=\"color: #000000;\" href=\"https:\/\/www.plasticmoldco.com\/hu\/szilikon-gumi-alkatreszek\/\">szilikon \u00e9s gumi alkatr\u00e9szek<\/a><\/span><\/strong><\/span><\/p>\n<p><span style=\"font-size: medium;\"><strong><span style=\"color: #000000;\">Kapcsolatfelv\u00e9tel<\/span><\/strong><\/span><\/p>\n<hr \/>\n<p><strong><span style=\"color: #000000;\">DONGGUAN \u0150SZINTE TECH CO.LTD<\/span><\/strong><br \/>\n<strong><span style=\"color: #000000;\"> GY\u00c1RI C\u00cdM: YUANXIA LU, YUANJIANG YUANG, CHANGPING V\u00c1ROS, DONNGUAN V\u00c1ROS, GUANGDONG TARTOM\u00c1NY, PORCEL\u00c1N 523000<\/span><\/strong><\/p>\n<p><strong><span style=\"color: #000000;\">TEL: +86 (0)769 3366 9997<\/span><\/strong><br \/>\n<strong><span style=\"color: #000000;\"> FAX: +86 (0)769 3366 9997<\/span><\/strong><\/p>\n<p><strong><span style=\"color: #000000;\">EMAIL: <a href=\"mailto:INFO@sinceretetechs.com\">INFO@sinceretetechs.com<\/a><\/span><\/strong><\/p>\n<ul>\n<li id=\"tag_cloud-3\" class=\"widget-container widget_tag_cloud\">\n<h3 class=\"widget-title\"><strong>N\u00e9pszer\u0171 keres\u00e9s<\/strong><\/h3>\n<hr \/>\n<div class=\"tagcloud\"><strong>K\u00edna Die Casting porcel\u00e1n fr\u00f6ccs\u00f6nt\u0151 porcel\u00e1n fr\u00f6ccs\u00f6nt\u0151 c\u00e9g porcel\u00e1n fr\u00f6ccs\u00f6nt\u0151 gy\u00e1rporcel\u00e1n fr\u00f6ccs\u00f6nt\u0151 porcel\u00e1n fr\u00f6ccs\u00f6nt\u0151 gy\u00e1rt\u00f3 porcel\u00e1n fr\u00f6ccs\u00f6nt\u0151 pen\u00e9sz porcel\u00e1n fr\u00f6ccs\u00f6nt\u0151 c\u00e9gporcel\u00e1n fr\u00f6ccs\u00f6nt\u0151 gy\u00e1r porcel\u00e1n fr\u00f6ccs\u00f6nt\u0151 gy\u00e1rt\u00f3 porcel\u00e1n fr\u00f6ccs\u00f6nt\u0151 pen\u00e9sz sz\u00e1ll\u00edt\u00f3 porcel\u00e1n fr\u00f6ccs\u00f6nt\u0151 porcel\u00e1n pen\u00e9sz pen\u00e9sz c\u00e9g porcel\u00e1n szilikon porcel\u00e1n szilikon gumi porcel\u00e1n szersz\u00e1mgy\u00e1rt\u00f3 porcel\u00e1n szersz\u00e1mk\u00e9sz\u00edt\u0151 porcel\u00e1n fr\u00f6ccs\u00f6nt\u00e9s fr\u00f6ccs\u00f6nt\u00f6tt m\u0171anyagok fr\u00f6ccs\u00f6nt\u00e9s fr\u00f6ccs\u00f6nt\u00e9s porcel\u00e1n fr\u00f6ccs\u00f6nt\u00e9s k\u00ednai m\u0171anyag fr\u00f6ccs\u00f6nt\u00e9s m\u0171anyag pen\u00e9sz porcel\u00e1n protot\u00edpus alkatr\u00e9szek szilikon porcel\u00e1n szilikon gumi szersz\u00e1m szersz\u00e1mk\u00e9sz\u00edt\u00e9s porcel\u00e1n<\/strong><\/div>\n<\/li>\n<\/ul>\n<p><img decoding=\"async\" style=\"font-size: 13px; background-color: #ffffff; text-align: -webkit-center; display: block; margin-left: auto; margin-right: auto;\" src=\"https:\/\/web.archive.org\/web\/20140728234454im_\/http:\/\/www.moldchina.org\/wp-content\/themes\/9C008\/images\/iso.jpg\" \/><\/p>\n<p>[\/et_pb_text][\/et_pb_column][\/et_pb_row][\/et_pb_section][et_pb_section bb_built=\"1\u2033 disabled_on=\"on|on|\" _builder_version=\u201d3.10.2\u2033 custom_margin=\u201d-103px|||\u201d prev_background_color=\u201d#000000\u2033 next_background_color=\u201d#000000\u2033][et_pb_row _builder_version=\u201d3.0.48\u2033 background_size=\"initial\" background_position=\"top_left\" background_repeat=\"repeat\"][et_pb_column type=\"4_4\u2033][et_pb_text _builder_version=\"3.10.2\u2033 custom_margin=\"|-62px|||-84px\"]<\/p>\n<p style=\"padding-left: 30px;\"><strong>K\u00edna m\u0171anyag fr\u00f6ccs\u00f6nt\u0151 pen\u00e9sz, szersz\u00e1mk\u00e9sz\u00edt\u0151, K\u00edna szersz\u00e1mk\u00e9sz\u00edt\u0151, K\u00edna szersz\u00e1moz\u00e1s, m\u0171anyag pen\u00e9sz porcel\u00e1n, K\u00edna fr\u00f6ccs\u00f6nt\u0151 pen\u00e9sz gy\u00e1r, m\u0171anyag fr\u00f6ccs\u00f6nt\u0151 pen\u00e9sz gy\u00e1rt\u00f3 K\u00edn\u00e1ban<\/strong><\/p>\n<p>[\/et_pb_text][et_pb_text _builder_version=\u201d3.10.2\u2033 custom_margin=\u201d-15px|-50px||-50px\u201d]<\/p>\n<p><strong><span style=\"color: #0c0c0c;\"><a href=\"https:\/\/www.plasticmoldco.com\/hu\/\">Home\u00a0 \u00a0<\/a>|\u00a0 \u00a0<a href=\"https:\/\/www.plasticmoldco.com\/hu\/about-us\/\">R\u00f3lunk\u00a0<\/a> \u00a0|\u00a0 <a href=\"https:\/\/www.plasticmoldco.com\/hu\/tervezomernoki-tevekenyseg\/\">Tervez\u00e9s \u00e9s tervez\u00e9s<\/a>\u00a0 |\u00a0 \u00a0<a href=\"https:\/\/www.plasticmoldco.com\/hu\/products\/\">Term\u00e9kek\u00a0\u00a0\u00a0\u00a0\u00a0<\/a>|\u00a0\u00a0\u00a0\u00a0\u00a0<a href=\"https:\/\/www.plasticmoldco.com\/hu\/hirek\/\">H\u00edrek<\/a>\u00a0\u00a0\u00a0\u00a0\u00a0|\u00a0\u00a0\u00a0\u00a0\u00a0<a href=\"https:\/\/www.plasticmoldco.com\/hu\/minosegi-biztositas\/\">Min\u0151s\u00e9gi biztos\u00edt\u00e1s\u00a0<\/a>\u00a0\u00a0\u00a0\u00a0|\u00a0 \u00a0 <a href=\"https:\/\/www.plasticmoldco.com\/hu\/po-eljaras\/\">PO elj\u00e1r\u00e1s<\/a>\u00a0 \u00a0 |\u00a0 \u00a0 <a href=\"https:\/\/www.plasticmoldco.com\/hu\/eqipment\/\">Berendez\u00e9sek\u00a0 \u00a0<\/a> |\u00a0 \u00a0<a href=\"https:\/\/www.plasticmoldco.com\/hu\/ipari-formatervezesi-eset\/\">Ipari tervez\u00e9s eset\u00a0<\/a> \u00a0 |\u00a0 \u00a0 <a href=\"https:\/\/www.plasticmoldco.com\/hu\/oldalterkep\/\">Oldalt\u00e9rk\u00e9p<\/a><\/span><\/strong><\/p>\n<p>[\/et_pb_text][et_pb_text _builder_version=\"3.10.2\u2033 custom_margin=\"-15px||||\"]<\/p>\n<p style=\"text-align: center;\"><strong>Szerz\u0151i jog \u00a9 2011 DONGGUAN SINCER TECH CO.LTD. | K\u00edna Mold maker, porcel\u00e1n m\u0171anyag fr\u00f6ccs\u00f6nt\u00e9s, porcel\u00e1n szersz\u00e1mk\u00e9sz\u00edt\u0151.<\/strong><br \/>\n<strong> C\u00e9gjegyz\u00e9ksz\u00e1m:1626173<\/strong><\/p>\n<p>[\/et_pb_text][\/et_pb_column][\/et_pb_row][\/et_pb_section][et_pb_section bb_built=\"1\u2033 disabled_on=\"||on\" _builder_version=\"3.10.2\u2033 custom_margin=\"-103px||||\" prev_background_color=\"#000000\u2033][et_pb_row _builder_version=\"3.0.48\u2033 background_size=\"initial\" background_position=\"top_left\" background_repeat=\"repeat\"][et_pb_column type=\"4_4\u2033][et_pb_text _builder_version=\"3.10.2\u2033]<\/p>\n<p style=\"padding-left: 30px;\"><strong>K\u00edna m\u0171anyag fr\u00f6ccs\u00f6nt\u0151 pen\u00e9sz, szersz\u00e1mk\u00e9sz\u00edt\u0151, K\u00edna szersz\u00e1mk\u00e9sz\u00edt\u0151, K\u00edna szersz\u00e1moz\u00e1s, m\u0171anyag pen\u00e9sz porcel\u00e1n, K\u00edna fr\u00f6ccs\u00f6nt\u0151 pen\u00e9sz gy\u00e1r, m\u0171anyag fr\u00f6ccs\u00f6nt\u0151 pen\u00e9sz gy\u00e1rt\u00f3 K\u00edn\u00e1ban<\/strong><\/p>\n<p>[\/et_pb_text][et_pb_text _builder_version=\u201d3.10.2\u2033]<\/p>\n<p><strong><span style=\"color: #0c0c0c;\"><a href=\"https:\/\/www.plasticmoldco.com\/hu\/\">Home\u00a0 \u00a0<\/a>|\u00a0 \u00a0<a href=\"https:\/\/www.plasticmoldco.com\/hu\/about-us\/\">R\u00f3lunk\u00a0<\/a> \u00a0|\u00a0 <a href=\"https:\/\/www.plasticmoldco.com\/hu\/tervezomernoki-tevekenyseg\/\">Tervez\u00e9s \u00e9s tervez\u00e9s<\/a>\u00a0 |\u00a0 \u00a0<a href=\"https:\/\/www.plasticmoldco.com\/hu\/products\/\">Term\u00e9kek\u00a0\u00a0\u00a0\u00a0\u00a0<\/a>|\u00a0\u00a0\u00a0\u00a0\u00a0<a href=\"https:\/\/www.plasticmoldco.com\/hu\/hirek\/\">H\u00edrek<\/a>\u00a0\u00a0\u00a0\u00a0\u00a0|\u00a0\u00a0\u00a0\u00a0\u00a0<a href=\"https:\/\/www.plasticmoldco.com\/hu\/minosegi-biztositas\/\">Min\u0151s\u00e9gi biztos\u00edt\u00e1s\u00a0<\/a>\u00a0\u00a0\u00a0\u00a0|\u00a0 \u00a0 <a href=\"https:\/\/www.plasticmoldco.com\/hu\/po-eljaras\/\">PO elj\u00e1r\u00e1s<\/a>\u00a0 \u00a0 |\u00a0 \u00a0 <a href=\"https:\/\/www.plasticmoldco.com\/hu\/eqipment\/\">Berendez\u00e9sek\u00a0 \u00a0<\/a> |\u00a0 \u00a0<a href=\"https:\/\/www.plasticmoldco.com\/hu\/ipari-formatervezesi-eset\/\">Ipari tervez\u00e9s eset\u00a0<\/a> \u00a0 |\u00a0 \u00a0 <a href=\"https:\/\/www.plasticmoldco.com\/hu\/oldalterkep\/\">Oldalt\u00e9rk\u00e9p<\/a><\/span><\/strong><\/p>\n<p>[\/et_pb_text][et_pb_text _builder_version=\u201d3.10.2\u2033]<\/p>\n<p style=\"text-align: center;\"><strong>Szerz\u0151i jog \u00a9 2011 DONGGUAN SINCER TECH CO.LTD. | K\u00edna Mold maker, porcel\u00e1n m\u0171anyag fr\u00f6ccs\u00f6nt\u00e9s, porcel\u00e1n szersz\u00e1mk\u00e9sz\u00edt\u0151.<\/strong><br \/>\n<strong> C\u00e9gjegyz\u00e9ksz\u00e1m:1626173<\/strong><\/p>\n<p>[\/et_pb_text][\/et_pb_column][\/et_pb_row][\/et_pb_section][\/et_pb_section]<\/p>","protected":false},"excerpt":{"rendered":"<p>china office appliance parts we always provided precision injection Mould for Office Appliance: 1.Low price. 2.Precision manufacturer processing. 3.Provide 3D design&amp; 2d drawing, Schedule report for the mold production process weekly. Precision Injection Mould for Office Appliance: 1. we can build the mold and also produce the parts in our own factory 2.our Customers for [&hellip;]<\/p>","protected":false},"author":1,"featured_media":0,"parent":0,"menu_order":0,"comment_status":"closed","ping_status":"closed","template":"","meta":{"_et_pb_use_builder":"on","_et_pb_old_content":"","_et_gb_content_width":"","footnotes":""},"class_list":["post-851","page","type-page","status-publish","hentry"],"yoast_head":"<!-- This site is optimized with the Yoast SEO plugin v27.4 - https:\/\/yoast.com\/product\/yoast-seo-wordpress\/ -->\n<title>china office appliance parts - Plastic Mold | China Mold Maker<\/title>\n<meta name=\"robots\" content=\"index, follow, max-snippet:-1, max-image-preview:large, max-video-preview:-1\" \/>\n<link rel=\"canonical\" href=\"https:\/\/www.plasticmoldco.com\/hu\/porcelan-irodai-keszulekek-alkatreszei\/\" \/>\n<meta property=\"og:locale\" content=\"hu_HU\" \/>\n<meta property=\"og:type\" content=\"article\" \/>\n<meta property=\"og:title\" content=\"china office appliance parts - Plastic Mold | China Mold Maker\" \/>\n<meta property=\"og:description\" content=\"china office appliance parts we always provided precision injection Mould for Office Appliance: 1.Low price. 2.Precision manufacturer processing. 3.Provide 3D design&amp; 2d drawing, Schedule report for the mold production process weekly. Precision Injection Mould for Office Appliance: 1. we can build the mold and also produce the parts in our own factory 2.our Customers for [&hellip;]\" \/>\n<meta property=\"og:url\" content=\"https:\/\/www.plasticmoldco.com\/hu\/porcelan-irodai-keszulekek-alkatreszei\/\" \/>\n<meta property=\"og:site_name\" content=\"Plastic Mold | China Mold Maker\" \/>\n<meta property=\"og:image\" content=\"https:\/\/plasticmoldco.com\/wp-content\/uploads\/2018\/10\/new.n-300x18.jpg\" \/>\n<meta name=\"twitter:card\" content=\"summary_large_image\" \/>\n<meta name=\"twitter:label1\" content=\"Becs\u00fclt olvas\u00e1si id\u0151\" \/>\n\t<meta name=\"twitter:data1\" content=\"5 perc\" \/>\n<script type=\"application\/ld+json\" class=\"yoast-schema-graph\">{\"@context\":\"https:\\\/\\\/schema.org\",\"@graph\":[{\"@type\":\"WebPage\",\"@id\":\"https:\\\/\\\/www.plasticmoldco.com\\\/china-office-appliance-parts\\\/\",\"url\":\"https:\\\/\\\/www.plasticmoldco.com\\\/china-office-appliance-parts\\\/\",\"name\":\"china office appliance parts - Plastic Mold | China Mold Maker\",\"isPartOf\":{\"@id\":\"https:\\\/\\\/www.plasticmoldco.com\\\/el\\\/#website\"},\"primaryImageOfPage\":{\"@id\":\"https:\\\/\\\/www.plasticmoldco.com\\\/china-office-appliance-parts\\\/#primaryimage\"},\"image\":{\"@id\":\"https:\\\/\\\/www.plasticmoldco.com\\\/china-office-appliance-parts\\\/#primaryimage\"},\"thumbnailUrl\":\"https:\\\/\\\/plasticmoldco.com\\\/wp-content\\\/uploads\\\/2018\\\/10\\\/new.n-300x18.jpg\",\"datePublished\":\"2018-10-18T06:50:39+00:00\",\"breadcrumb\":{\"@id\":\"https:\\\/\\\/www.plasticmoldco.com\\\/china-office-appliance-parts\\\/#breadcrumb\"},\"inLanguage\":\"hu\",\"potentialAction\":[{\"@type\":\"ReadAction\",\"target\":[\"https:\\\/\\\/www.plasticmoldco.com\\\/china-office-appliance-parts\\\/\"]}]},{\"@type\":\"ImageObject\",\"inLanguage\":\"hu\",\"@id\":\"https:\\\/\\\/www.plasticmoldco.com\\\/china-office-appliance-parts\\\/#primaryimage\",\"url\":\"https:\\\/\\\/plasticmoldco.com\\\/wp-content\\\/uploads\\\/2018\\\/10\\\/new.n-300x18.jpg\",\"contentUrl\":\"https:\\\/\\\/plasticmoldco.com\\\/wp-content\\\/uploads\\\/2018\\\/10\\\/new.n-300x18.jpg\"},{\"@type\":\"BreadcrumbList\",\"@id\":\"https:\\\/\\\/www.plasticmoldco.com\\\/china-office-appliance-parts\\\/#breadcrumb\",\"itemListElement\":[{\"@type\":\"ListItem\",\"position\":1,\"name\":\"Home\",\"item\":\"https:\\\/\\\/www.plasticmoldco.com\\\/\"},{\"@type\":\"ListItem\",\"position\":2,\"name\":\"china office appliance parts\"}]},{\"@type\":\"WebSite\",\"@id\":\"https:\\\/\\\/www.plasticmoldco.com\\\/el\\\/#website\",\"url\":\"https:\\\/\\\/www.plasticmoldco.com\\\/el\\\/\",\"name\":\"Plastic Mold | China Mold Maker\",\"description\":\"Are you looking for injection mold china? We are plastic mold maker\",\"publisher\":{\"@id\":\"https:\\\/\\\/www.plasticmoldco.com\\\/el\\\/#organization\"},\"potentialAction\":[{\"@type\":\"SearchAction\",\"target\":{\"@type\":\"EntryPoint\",\"urlTemplate\":\"https:\\\/\\\/www.plasticmoldco.com\\\/el\\\/?s={search_term_string}\"},\"query-input\":{\"@type\":\"PropertyValueSpecification\",\"valueRequired\":true,\"valueName\":\"search_term_string\"}}],\"inLanguage\":\"hu\"},{\"@type\":\"Organization\",\"@id\":\"https:\\\/\\\/www.plasticmoldco.com\\\/el\\\/#organization\",\"name\":\"Plastic Mold | China Mold Maker\",\"url\":\"https:\\\/\\\/www.plasticmoldco.com\\\/el\\\/\",\"logo\":{\"@type\":\"ImageObject\",\"inLanguage\":\"hu\",\"@id\":\"https:\\\/\\\/www.plasticmoldco.com\\\/el\\\/#\\\/schema\\\/logo\\\/image\\\/\",\"url\":\"https:\\\/\\\/plasticmoldco.com\\\/wp-content\\\/uploads\\\/2018\\\/10\\\/nlogon.png\",\"contentUrl\":\"https:\\\/\\\/plasticmoldco.com\\\/wp-content\\\/uploads\\\/2018\\\/10\\\/nlogon.png\",\"width\":204,\"height\":54,\"caption\":\"Plastic Mold | China Mold Maker\"},\"image\":{\"@id\":\"https:\\\/\\\/www.plasticmoldco.com\\\/el\\\/#\\\/schema\\\/logo\\\/image\\\/\"}}]}<\/script>\n<!-- \/ Yoast SEO plugin. -->","yoast_head_json":{"title":"porcel\u00e1n irodai k\u00e9sz\u00fcl\u00e9k alkatr\u00e9szek - M\u0171anyag szersz\u00e1m | K\u00edna Mold Maker","robots":{"index":"index","follow":"follow","max-snippet":"max-snippet:-1","max-image-preview":"max-image-preview:large","max-video-preview":"max-video-preview:-1"},"canonical":"https:\/\/www.plasticmoldco.com\/hu\/porcelan-irodai-keszulekek-alkatreszei\/","og_locale":"hu_HU","og_type":"article","og_title":"china office appliance parts - Plastic Mold | China Mold Maker","og_description":"china office appliance parts we always provided precision injection Mould for Office Appliance: 1.Low price. 2.Precision manufacturer processing. 3.Provide 3D design&amp; 2d drawing, Schedule report for the mold production process weekly. Precision Injection Mould for Office Appliance: 1. we can build the mold and also produce the parts in our own factory 2.our Customers for [&hellip;]","og_url":"https:\/\/www.plasticmoldco.com\/hu\/porcelan-irodai-keszulekek-alkatreszei\/","og_site_name":"Plastic Mold | China Mold Maker","og_image":[{"url":"https:\/\/plasticmoldco.com\/wp-content\/uploads\/2018\/10\/new.n-300x18.jpg","type":"","width":"","height":""}],"twitter_card":"summary_large_image","twitter_misc":{"Becs\u00fclt olvas\u00e1si id\u0151":"5 perc"},"schema":{"@context":"https:\/\/schema.org","@graph":[{"@type":"WebPage","@id":"https:\/\/www.plasticmoldco.com\/china-office-appliance-parts\/","url":"https:\/\/www.plasticmoldco.com\/china-office-appliance-parts\/","name":"porcel\u00e1n irodai k\u00e9sz\u00fcl\u00e9k alkatr\u00e9szek - M\u0171anyag szersz\u00e1m | K\u00edna Mold Maker","isPartOf":{"@id":"https:\/\/www.plasticmoldco.com\/el\/#website"},"primaryImageOfPage":{"@id":"https:\/\/www.plasticmoldco.com\/china-office-appliance-parts\/#primaryimage"},"image":{"@id":"https:\/\/www.plasticmoldco.com\/china-office-appliance-parts\/#primaryimage"},"thumbnailUrl":"https:\/\/plasticmoldco.com\/wp-content\/uploads\/2018\/10\/new.n-300x18.jpg","datePublished":"2018-10-18T06:50:39+00:00","breadcrumb":{"@id":"https:\/\/www.plasticmoldco.com\/china-office-appliance-parts\/#breadcrumb"},"inLanguage":"hu","potentialAction":[{"@type":"ReadAction","target":["https:\/\/www.plasticmoldco.com\/china-office-appliance-parts\/"]}]},{"@type":"ImageObject","inLanguage":"hu","@id":"https:\/\/www.plasticmoldco.com\/china-office-appliance-parts\/#primaryimage","url":"https:\/\/plasticmoldco.com\/wp-content\/uploads\/2018\/10\/new.n-300x18.jpg","contentUrl":"https:\/\/plasticmoldco.com\/wp-content\/uploads\/2018\/10\/new.n-300x18.jpg"},{"@type":"BreadcrumbList","@id":"https:\/\/www.plasticmoldco.com\/china-office-appliance-parts\/#breadcrumb","itemListElement":[{"@type":"ListItem","position":1,"name":"Home","item":"https:\/\/www.plasticmoldco.com\/"},{"@type":"ListItem","position":2,"name":"china office appliance parts"}]},{"@type":"WebSite","@id":"https:\/\/www.plasticmoldco.com\/el\/#website","url":"https:\/\/www.plasticmoldco.com\/el\/","name":"M\u0171anyag Mold | K\u00edna Mold Maker","description":"Porcel\u00e1n fr\u00f6ccs\u00f6nt\u0151form\u00e1t keres? Mi vagyunk a m\u0171anyag szersz\u00e1mgy\u00e1rt\u00f3","publisher":{"@id":"https:\/\/www.plasticmoldco.com\/el\/#organization"},"potentialAction":[{"@type":"SearchAction","target":{"@type":"EntryPoint","urlTemplate":"https:\/\/www.plasticmoldco.com\/el\/?s={search_term_string}"},"query-input":{"@type":"PropertyValueSpecification","valueRequired":true,"valueName":"search_term_string"}}],"inLanguage":"hu"},{"@type":"Organization","@id":"https:\/\/www.plasticmoldco.com\/el\/#organization","name":"M\u0171anyag Mold | K\u00edna Mold Maker","url":"https:\/\/www.plasticmoldco.com\/el\/","logo":{"@type":"ImageObject","inLanguage":"hu","@id":"https:\/\/www.plasticmoldco.com\/el\/#\/schema\/logo\/image\/","url":"https:\/\/plasticmoldco.com\/wp-content\/uploads\/2018\/10\/nlogon.png","contentUrl":"https:\/\/plasticmoldco.com\/wp-content\/uploads\/2018\/10\/nlogon.png","width":204,"height":54,"caption":"Plastic Mold | China Mold Maker"},"image":{"@id":"https:\/\/www.plasticmoldco.com\/el\/#\/schema\/logo\/image\/"}}]}},"_links":{"self":[{"href":"https:\/\/www.plasticmoldco.com\/hu\/wp-json\/wp\/v2\/pages\/851","targetHints":{"allow":["GET"]}}],"collection":[{"href":"https:\/\/www.plasticmoldco.com\/hu\/wp-json\/wp\/v2\/pages"}],"about":[{"href":"https:\/\/www.plasticmoldco.com\/hu\/wp-json\/wp\/v2\/types\/page"}],"author":[{"embeddable":true,"href":"https:\/\/www.plasticmoldco.com\/hu\/wp-json\/wp\/v2\/users\/1"}],"replies":[{"embeddable":true,"href":"https:\/\/www.plasticmoldco.com\/hu\/wp-json\/wp\/v2\/comments?post=851"}],"version-history":[{"count":0,"href":"https:\/\/www.plasticmoldco.com\/hu\/wp-json\/wp\/v2\/pages\/851\/revisions"}],"wp:attachment":[{"href":"https:\/\/www.plasticmoldco.com\/hu\/wp-json\/wp\/v2\/media?parent=851"}],"curies":[{"name":"wp","href":"https:\/\/api.w.org\/{rel}","templated":true}]}}