{"id":674,"date":"2018-10-17T22:15:07","date_gmt":"2018-10-17T14:15:07","guid":{"rendered":"https:\/\/plasticmoldco.com\/?page_id=674"},"modified":"2018-10-17T22:15:07","modified_gmt":"2018-10-17T14:15:07","slug":"customized-components","status":"publish","type":"page","link":"https:\/\/www.plasticmoldco.com\/hu\/testreszabott-alkatreszek\/","title":{"rendered":"Testreszabott alkatr\u00e9szek"},"content":{"rendered":"<p>[et_pb_section bb_built=\"1\u2033 disabled_on=\"on|on|\" _builder_version=\"3.10.2\u2033 custom_padding=\"0|0|0px|0|0px|0px|false|false\" next_background_color=\"#000000\u2033][et_pb_row custom_padding=\"18px|0px|0|0px|0px|false|false\" _builder_version=\"3.0.48\u2033 background_size=\"initial\" background_position=\"top_left\" background_repeat=\"repeat\"][et_pb_column type=\"4_4\u2033][et_pb_text _builder_version=\"3.10.2\u2033 custom_margin=\"0px|-120px|16px|-100px\"]<\/p>\n<p><img loading=\"lazy\" decoding=\"async\" class=\"wp-image-213 alignnone size-medium\" src=\"https:\/\/plasticmoldco.com\/wp-content\/uploads\/2018\/10\/new.n-300x18.jpg\" alt=\"\" width=\"1266\" height=\"76\" srcset=\"https:\/\/www.plasticmoldco.com\/wp-content\/uploads\/2018\/10\/new.n-300x18.jpg 300w, https:\/\/www.plasticmoldco.com\/wp-content\/uploads\/2018\/10\/new.n-768x45.jpg 768w, https:\/\/www.plasticmoldco.com\/wp-content\/uploads\/2018\/10\/new.n-1024x60.jpg 1024w\" sizes=\"(max-width: 1266px) 100vw, 1266px\" \/><\/p>\n<p>[\/et_pb_text][\/et_pb_column][\/et_pb_row][\/et_pb_section][et_pb_section bb_built=\"1\u2033 disabled_on=\"||on\" _builder_version=\"3.10.2\u2033 custom_padding=\"22px|0px|0|0|0px|false|false\" prev_background_color=\"#000000\u2033 next_background_color=\"#000000\u2033][et_pb_row custom_padding=\"0|0px|12px|0px|0px|false|false|false\" _builder_version=\"3.0.48\u2033 background_size=\"initial\" background_position=\"top_left\" background_repeat=\"repeat\"][et_pb_column type=\"4_4\u2033][et_pb_text _builder_version=\"3.10.2\u2033]<\/p>\n<p><img loading=\"lazy\" decoding=\"async\" class=\"wp-image-213 alignnone size-medium\" src=\"https:\/\/plasticmoldco.com\/wp-content\/uploads\/2018\/10\/new.n-300x18.jpg\" alt=\"\" width=\"1266\" height=\"76\" srcset=\"https:\/\/www.plasticmoldco.com\/wp-content\/uploads\/2018\/10\/new.n-300x18.jpg 300w, https:\/\/www.plasticmoldco.com\/wp-content\/uploads\/2018\/10\/new.n-768x45.jpg 768w, https:\/\/www.plasticmoldco.com\/wp-content\/uploads\/2018\/10\/new.n-1024x60.jpg 1024w\" sizes=\"(max-width: 1266px) 100vw, 1266px\" \/><\/p>\n<p>[\/et_pb_text][\/et_pb_column][\/et_pb_row][\/et_pb_section][et_pb_section bb_built=\"1\u2033 disabled_on=\"on|on|\" _builder_version=\"3.10.2\u2033 custom_padding=\"0|0px|54px|0px|false|false\" prev_background_color=\"#000000\u2033 next_background_color=\"#000000\u2033][et_pb_row custom_padding=\"0|0px|0|0px|0px|false|false\" _builder_version=\"3.0.48\u2033 background_size=\"initial\" background_position=\"top_left\" background_repeat=\"repeat\"][et_pb_column type=\"3_4\u2033][et_pb_text _builder_version=\"3.10.2\u2033 border_width_all=\"3px\" border_color_all=\"#e5e5e5\u2033 custom_margin=\"15px|-90px|||-86px\" custom_padding=\"10px|10px|10px|10px|10px\"]<\/p>\n<div id=\"titlep\">\n<div id=\"titlep\">\n<div id=\"titlep\">\n<div id=\"titlep\">\n<div>\n<h2>Testreszabott alkatr\u00e9szek<\/h2>\n<\/div>\n<\/div>\n<div id=\"mge\"><\/div>\n<p><img loading=\"lazy\" decoding=\"async\" class=\"aligncenter size-large wp-image-1050\" title=\"fr\u00f6ccs\u00f6nt\u0151forma v\u00e1llalat\" src=\"https:\/\/web.archive.org\/web\/20140805222826im_\/http:\/\/www.moldchina.org\/wp-content\/uploads\/2011\/06\/11055-6-720x540.jpg\" alt=\"\" width=\"640\" height=\"480\" \/><br \/>\n1) Szakter\u00fclet\u00fcnk a m\u0171anyag fr\u00f6ccs\u00f6nt\u0151forma \/ forma \u00e9s a m\u0171anyag fr\u00f6ccs\u00f6nt\u00e9s \/ \u00f6nt\u00e9s gy\u00e1rt\u00e1sa, mindenf\u00e9le m\u0171anyag szersz\u00e1mot \u00e9s a megfelel\u0151 term\u00e9keket \/ alkatr\u00e9szeket k\u00e9sz\u00edt\u00fcnk.<\/p>\n<p>2) Az \u00fcgyfelek rajzai \u00e9s mint\u00e1ja szerint tervezz\u00fck \u00e9s k\u00e9sz\u00edtj\u00fck el a form\u00e1t.<\/p>\n<p>3) Form\u00e1z\u00f3ac\u00e9l anyag: 2311 2344, P20, 2767, H13 vagy az \u00fcgyfelek ig\u00e9nyei szerint.<\/p>\n<p>4) Tapasztalatunk van mind a hideg-, mind a melegcsatorn\u00e1s szersz\u00e1mok ter\u00e9n.<\/p>\n<p>5) \u00c1tfut\u00e1si id\u0151: 20-40 nap a let\u00e9t be\u00e9rkez\u00e9se \u00e9s a rajzok meger\u0151s\u00edt\u00e9se ut\u00e1n, a pen\u00e9sz demensions \u00e9s a szerkezet f\u00fcggv\u00e9ny\u00e9ben (a sz\u00e1ll\u00edt\u00e1si id\u0151t nem bele\u00e9rtve).<\/p>\n<p>6) Fizet\u00e9s: T\/T vagy m\u00e1s t\u00e1rgyal\u00e1si m\u00f3ddal: 5\/3\/2 (50% let\u00e9t, 30% az els\u0151 minta k\u00e9zhezv\u00e9tele ut\u00e1n, 20% a sz\u00e1ll\u00edt\u00e1s el\u0151tt, miut\u00e1n meger\u0151s\u00edtett\u00e9k az OK-t).<\/p>\n<p>7) Csomagol\u00e1s: csomagol\u00e1s: v\u00edz\u00e1ll\u00f3 pap\u00edrba csomagolva bel\u00fclr\u0151l \u00e9s szabv\u00e1nyos fa tokban k\u00edv\u00fclr\u0151l.<\/p>\n<\/div>\n<\/div>\n<\/div>\n<p>[\/et_pb_text][\/et_pb_column][et_pb_column type=\"1_4\u2033][et_pb_sidebar _builder_version=\"3.10.2\u2033 area=\"sidebar-1\u2033 custom_margin=\"15px|-94px|||40px\" custom_padding=\"10px|10px|10px|10px|10px\" border_width_all=\"2px\" border_color_all=\"#d3d3d3d3\u2033 \/][\/et_pb_column][\/et_pb_row][\/et_pb_section][et_pb_section bb_built=\"1\u2033 disabled_on=\"||on\" _builder_version=\"3.10.2\u2033 custom_padding=\"0|0px|54px|0px|false|false\" prev_background_color=\"#000000\u2033 next_background_color=\"#000000\u2033][et_pb_row custom_padding=\"0|0px|0|0px|0px|false|false\" _builder_version=\"3.0.48\u2033 background_size=\"initial\" background_position=\"top_left\" background_repeat=\"repeat\"][et_pb_column type=\"4_4\u2033][et_pb_text _builder_version=\"3.10.2\u2033 border_width_all=\"3px\" border_color_all=\"#e5e5e5\u2033]<\/p>\n<div id=\"titlep\">\n<div id=\"titlep\">\n<div id=\"titlep\">\n<div>\n<h2>Testreszabott alkatr\u00e9szek<\/h2>\n<\/div>\n<\/div>\n<div id=\"mge\"><\/div>\n<p><img loading=\"lazy\" decoding=\"async\" class=\"aligncenter size-large wp-image-1050\" title=\"fr\u00f6ccs\u00f6nt\u0151forma v\u00e1llalat\" src=\"https:\/\/web.archive.org\/web\/20140805222826im_\/http:\/\/www.moldchina.org\/wp-content\/uploads\/2011\/06\/11055-6-720x540.jpg\" alt=\"\" width=\"640\" height=\"480\" \/><br \/>\n1) Szakter\u00fclet\u00fcnk a m\u0171anyag fr\u00f6ccs\u00f6nt\u0151forma \/ forma \u00e9s a m\u0171anyag fr\u00f6ccs\u00f6nt\u00e9s \/ \u00f6nt\u00e9s gy\u00e1rt\u00e1sa, mindenf\u00e9le m\u0171anyag szersz\u00e1mot \u00e9s a megfelel\u0151 term\u00e9keket \/ alkatr\u00e9szeket k\u00e9sz\u00edt\u00fcnk.<\/p>\n<p>2) Az \u00fcgyfelek rajzai \u00e9s mint\u00e1ja szerint tervezz\u00fck \u00e9s k\u00e9sz\u00edtj\u00fck el a form\u00e1t.<\/p>\n<p>3) Form\u00e1z\u00f3ac\u00e9l anyag: 2311 2344, P20, 2767, H13 vagy az \u00fcgyfelek ig\u00e9nyei szerint.<\/p>\n<p>4) Tapasztalatunk van mind a hideg-, mind a melegcsatorn\u00e1s szersz\u00e1mok ter\u00e9n.<\/p>\n<p>5) \u00c1tfut\u00e1si id\u0151: 20-40 nap a let\u00e9t be\u00e9rkez\u00e9se \u00e9s a rajzok meger\u0151s\u00edt\u00e9se ut\u00e1n, a pen\u00e9sz demensions \u00e9s a szerkezet f\u00fcggv\u00e9ny\u00e9ben (a sz\u00e1ll\u00edt\u00e1si id\u0151t nem bele\u00e9rtve).<\/p>\n<p>6) Fizet\u00e9s: T\/T vagy m\u00e1s t\u00e1rgyal\u00e1si m\u00f3ddal: 5\/3\/2 (50% let\u00e9t, 30% az els\u0151 minta k\u00e9zhezv\u00e9tele ut\u00e1n, 20% a sz\u00e1ll\u00edt\u00e1s el\u0151tt, miut\u00e1n meger\u0151s\u00edtett\u00e9k az OK-t).<\/p>\n<p>7) Csomagol\u00e1s: csomagol\u00e1s: v\u00edz\u00e1ll\u00f3 pap\u00edrba csomagolva bel\u00fclr\u0151l \u00e9s szabv\u00e1nyos fa tokban k\u00edv\u00fclr\u0151l.<\/p>\n<\/div>\n<\/div>\n<p>[\/et_pb_text][et_pb_text _builder_version=\"3.10.2\u2033 text_font_size=\"13px\" header_font=\"|700|||||||\" border_width_all=\"2px\" border_color_all=\"#bcbcbc\" inline_fonts=\"Arial\"]<\/p>\n<h4><img loading=\"lazy\" decoding=\"async\" class=\"wp-image-111 alignnone\" src=\"https:\/\/plasticmoldco.com\/wp-content\/uploads\/2018\/10\/sss.png\" alt=\"\" width=\"16\" height=\"13\" \/><strong>Pen\u00e9sz term\u00e9k<\/strong><\/h4>\n<hr \/>\n<p>\u2192 <span style=\"font-size: medium;\"><strong><span style=\"color: #000000;\"><a style=\"color: #000000;\" href=\"https:\/\/www.plasticmoldco.com\/hu\/penesz\/\">MOLD<\/a><\/span><\/strong><\/span><br \/>\n<span style=\"font-size: medium;\"><strong><span style=\"color: #000000;\"> \u2192 <a style=\"color: #000000;\" href=\"https:\/\/www.plasticmoldco.com\/hu\/prototipus-alkatreszek\/\">Protot\u00edpus alkatr\u00e9szek<\/a><\/span><\/strong><\/span><br \/>\n<span style=\"font-size: medium;\"><strong><span style=\"color: #000000;\"> \u2192 <a style=\"color: #000000;\" href=\"https:\/\/www.plasticmoldco.com\/hu\/muanyag-alkatresz\/\">M\u0171anyag r\u00e9sz<\/a><\/span><\/strong><\/span><br \/>\n<span style=\"font-size: medium;\"><strong><span style=\"color: #000000;\"> \u2192 <a style=\"color: #000000;\" href=\"https:\/\/www.plasticmoldco.com\/hu\/szilikon-gumi-alkatreszek\/\">szilikon \u00e9s gumi alkatr\u00e9szek<\/a><\/span><\/strong><\/span><\/p>\n<p><span style=\"font-size: medium;\"><strong><span style=\"color: #000000;\">Kapcsolatfelv\u00e9tel<\/span><\/strong><\/span><\/p>\n<hr \/>\n<p><strong><span style=\"color: #000000;\">DONGGUAN \u0150SZINTE TECH CO.LTD<\/span><\/strong><br \/>\n<strong><span style=\"color: #000000;\"> GY\u00c1RI C\u00cdM: YUANXIA LU, YUANJIANG YUANG, CHANGPING V\u00c1ROS, DONNGUAN V\u00c1ROS, GUANGDONG TARTOM\u00c1NY, PORCEL\u00c1N 523000<\/span><\/strong><\/p>\n<p><strong><span style=\"color: #000000;\">TEL: +86 (0)769 3366 9997<\/span><\/strong><br \/>\n<strong><span style=\"color: #000000;\"> FAX: +86 (0)769 3366 9997<\/span><\/strong><\/p>\n<p><strong><span style=\"color: #000000;\">EMAIL: <a href=\"mailto:INFO@sinceretetechs.com\">INFO@sinceretetechs.com<\/a><\/span><\/strong><\/p>\n<ul>\n<li id=\"tag_cloud-3\" class=\"widget-container widget_tag_cloud\">\n<h3 class=\"widget-title\"><strong>N\u00e9pszer\u0171 keres\u00e9s<\/strong><\/h3>\n<hr \/>\n<div class=\"tagcloud\"><strong>K\u00edna Die Casting porcel\u00e1n fr\u00f6ccs\u00f6nt\u0151 porcel\u00e1n fr\u00f6ccs\u00f6nt\u0151 c\u00e9g porcel\u00e1n fr\u00f6ccs\u00f6nt\u0151 gy\u00e1rporcel\u00e1n fr\u00f6ccs\u00f6nt\u0151 porcel\u00e1n fr\u00f6ccs\u00f6nt\u0151 gy\u00e1rt\u00f3 porcel\u00e1n fr\u00f6ccs\u00f6nt\u0151 pen\u00e9sz porcel\u00e1n fr\u00f6ccs\u00f6nt\u0151 c\u00e9gporcel\u00e1n fr\u00f6ccs\u00f6nt\u0151 gy\u00e1r porcel\u00e1n fr\u00f6ccs\u00f6nt\u0151 gy\u00e1rt\u00f3 porcel\u00e1n fr\u00f6ccs\u00f6nt\u0151 pen\u00e9sz sz\u00e1ll\u00edt\u00f3 porcel\u00e1n fr\u00f6ccs\u00f6nt\u0151 porcel\u00e1n pen\u00e9sz pen\u00e9sz c\u00e9g porcel\u00e1n szilikon porcel\u00e1n szilikon gumi porcel\u00e1n szersz\u00e1mgy\u00e1rt\u00f3 porcel\u00e1n szersz\u00e1mk\u00e9sz\u00edt\u0151 porcel\u00e1n fr\u00f6ccs\u00f6nt\u00e9s fr\u00f6ccs\u00f6nt\u00f6tt m\u0171anyagok fr\u00f6ccs\u00f6nt\u00e9s fr\u00f6ccs\u00f6nt\u00e9s porcel\u00e1n fr\u00f6ccs\u00f6nt\u00e9s k\u00ednai m\u0171anyag fr\u00f6ccs\u00f6nt\u00e9s m\u0171anyag pen\u00e9sz porcel\u00e1n protot\u00edpus alkatr\u00e9szek szilikon porcel\u00e1n szilikon gumi szersz\u00e1m szersz\u00e1mk\u00e9sz\u00edt\u00e9s porcel\u00e1n<\/strong><\/div>\n<\/li>\n<\/ul>\n<p><img decoding=\"async\" style=\"font-size: 13px; background-color: #ffffff; text-align: -webkit-center; display: block; margin-left: auto; margin-right: auto;\" src=\"https:\/\/web.archive.org\/web\/20140728234454im_\/http:\/\/www.moldchina.org\/wp-content\/themes\/9C008\/images\/iso.jpg\" \/><\/p>\n<p>[\/et_pb_text][\/et_pb_column][\/et_pb_row][\/et_pb_section][et_pb_section bb_built=\"1\u2033 disabled_on=\"on|on|\" _builder_version=\u201d3.10.2\u2033 custom_margin=\u201d-103px|||\u201d prev_background_color=\u201d#000000\u2033 next_background_color=\u201d#000000\u2033][et_pb_row _builder_version=\u201d3.0.48\u2033 background_size=\"initial\" background_position=\"top_left\" background_repeat=\"repeat\"][et_pb_column type=\"4_4\u2033][et_pb_text _builder_version=\"3.10.2\u2033 custom_margin=\"|-62px|||-84px\"]<\/p>\n<p style=\"padding-left: 30px;\"><strong>K\u00edna m\u0171anyag fr\u00f6ccs\u00f6nt\u0151 pen\u00e9sz, szersz\u00e1mk\u00e9sz\u00edt\u0151, K\u00edna szersz\u00e1mk\u00e9sz\u00edt\u0151, K\u00edna szersz\u00e1moz\u00e1s, m\u0171anyag pen\u00e9sz porcel\u00e1n, K\u00edna fr\u00f6ccs\u00f6nt\u0151 pen\u00e9sz gy\u00e1r, m\u0171anyag fr\u00f6ccs\u00f6nt\u0151 pen\u00e9sz gy\u00e1rt\u00f3 K\u00edn\u00e1ban<\/strong><\/p>\n<p>[\/et_pb_text][et_pb_text _builder_version=\u201d3.10.2\u2033 custom_margin=\u201d-15px|-50px||-50px\u201d]<\/p>\n<p><strong><span style=\"color: #0c0c0c;\"><a href=\"https:\/\/www.plasticmoldco.com\/hu\/\">Home\u00a0 \u00a0<\/a>|\u00a0 \u00a0<a href=\"https:\/\/www.plasticmoldco.com\/hu\/about-us\/\">R\u00f3lunk\u00a0<\/a> \u00a0|\u00a0 <a href=\"https:\/\/www.plasticmoldco.com\/hu\/tervezomernoki-tevekenyseg\/\">Tervez\u00e9s \u00e9s tervez\u00e9s<\/a>\u00a0 |\u00a0 \u00a0<a href=\"https:\/\/www.plasticmoldco.com\/hu\/products\/\">Term\u00e9kek\u00a0\u00a0\u00a0\u00a0\u00a0<\/a>|\u00a0\u00a0\u00a0\u00a0\u00a0<a href=\"https:\/\/www.plasticmoldco.com\/hu\/hirek\/\">H\u00edrek<\/a>\u00a0\u00a0\u00a0\u00a0\u00a0|\u00a0\u00a0\u00a0\u00a0\u00a0<a href=\"https:\/\/www.plasticmoldco.com\/hu\/minosegi-biztositas\/\">Min\u0151s\u00e9gi biztos\u00edt\u00e1s\u00a0<\/a>\u00a0\u00a0\u00a0\u00a0|\u00a0 \u00a0 <a href=\"https:\/\/www.plasticmoldco.com\/hu\/po-eljaras\/\">PO elj\u00e1r\u00e1s<\/a>\u00a0 \u00a0 |\u00a0 \u00a0 <a href=\"https:\/\/www.plasticmoldco.com\/hu\/eqipment\/\">Berendez\u00e9sek\u00a0 \u00a0<\/a> |\u00a0 \u00a0<a href=\"https:\/\/www.plasticmoldco.com\/hu\/ipari-formatervezesi-eset\/\">Ipari tervez\u00e9s eset\u00a0<\/a> \u00a0 |\u00a0 \u00a0 <a href=\"https:\/\/www.plasticmoldco.com\/hu\/oldalterkep\/\">Oldalt\u00e9rk\u00e9p<\/a><\/span><\/strong><\/p>\n<p>[\/et_pb_text][et_pb_text _builder_version=\"3.10.2\u2033 custom_margin=\"-15px||||\"]<\/p>\n<p style=\"text-align: center;\"><strong>Szerz\u0151i jog \u00a9 2011 DONGGUAN SINCER TECH CO.LTD. | K\u00edna Mold maker, porcel\u00e1n m\u0171anyag fr\u00f6ccs\u00f6nt\u00e9s, porcel\u00e1n szersz\u00e1mk\u00e9sz\u00edt\u0151.<\/strong><br \/>\n<strong> C\u00e9gjegyz\u00e9ksz\u00e1m:1626173<\/strong><\/p>\n<p>[\/et_pb_text][\/et_pb_column][\/et_pb_row][\/et_pb_section][et_pb_section bb_built=\"1\u2033 disabled_on=\"||on\" _builder_version=\"3.10.2\u2033 custom_margin=\"-103px||||\" prev_background_color=\"#000000\u2033][et_pb_row _builder_version=\"3.0.48\u2033 background_size=\"initial\" background_position=\"top_left\" background_repeat=\"repeat\"][et_pb_column type=\"4_4\u2033][et_pb_text _builder_version=\"3.10.2\u2033]<\/p>\n<p style=\"padding-left: 30px;\"><strong>K\u00edna m\u0171anyag fr\u00f6ccs\u00f6nt\u0151 pen\u00e9sz, szersz\u00e1mk\u00e9sz\u00edt\u0151, K\u00edna szersz\u00e1mk\u00e9sz\u00edt\u0151, K\u00edna szersz\u00e1moz\u00e1s, m\u0171anyag pen\u00e9sz porcel\u00e1n, K\u00edna fr\u00f6ccs\u00f6nt\u0151 pen\u00e9sz gy\u00e1r, m\u0171anyag fr\u00f6ccs\u00f6nt\u0151 pen\u00e9sz gy\u00e1rt\u00f3 K\u00edn\u00e1ban<\/strong><\/p>\n<p>[\/et_pb_text][et_pb_text _builder_version=\u201d3.10.2\u2033]<\/p>\n<p><strong><span style=\"color: #0c0c0c;\"><a href=\"https:\/\/www.plasticmoldco.com\/hu\/\">Home\u00a0 \u00a0<\/a>|\u00a0 \u00a0<a href=\"https:\/\/www.plasticmoldco.com\/hu\/about-us\/\">R\u00f3lunk\u00a0<\/a> \u00a0|\u00a0 <a href=\"https:\/\/www.plasticmoldco.com\/hu\/tervezomernoki-tevekenyseg\/\">Tervez\u00e9s \u00e9s tervez\u00e9s<\/a>\u00a0 |\u00a0 \u00a0<a href=\"https:\/\/www.plasticmoldco.com\/hu\/products\/\">Term\u00e9kek\u00a0\u00a0\u00a0\u00a0\u00a0<\/a>|\u00a0\u00a0\u00a0\u00a0\u00a0<a href=\"https:\/\/www.plasticmoldco.com\/hu\/hirek\/\">H\u00edrek<\/a>\u00a0\u00a0\u00a0\u00a0\u00a0|\u00a0\u00a0\u00a0\u00a0\u00a0<a href=\"https:\/\/www.plasticmoldco.com\/hu\/minosegi-biztositas\/\">Min\u0151s\u00e9gi biztos\u00edt\u00e1s\u00a0<\/a>\u00a0\u00a0\u00a0\u00a0|\u00a0 \u00a0 <a href=\"https:\/\/www.plasticmoldco.com\/hu\/po-eljaras\/\">PO elj\u00e1r\u00e1s<\/a>\u00a0 \u00a0 |\u00a0 \u00a0 <a href=\"https:\/\/www.plasticmoldco.com\/hu\/eqipment\/\">Berendez\u00e9sek\u00a0 \u00a0<\/a> |\u00a0 \u00a0<a href=\"https:\/\/www.plasticmoldco.com\/hu\/ipari-formatervezesi-eset\/\">Ipari tervez\u00e9s eset\u00a0<\/a> \u00a0 |\u00a0 \u00a0 <a href=\"https:\/\/www.plasticmoldco.com\/hu\/oldalterkep\/\">Oldalt\u00e9rk\u00e9p<\/a><\/span><\/strong><\/p>\n<p>[\/et_pb_text][et_pb_text _builder_version=\u201d3.10.2\u2033]<\/p>\n<p style=\"text-align: center;\"><strong>Szerz\u0151i jog \u00a9 2011 DONGGUAN SINCER TECH CO.LTD. | K\u00edna Mold maker, porcel\u00e1n m\u0171anyag fr\u00f6ccs\u00f6nt\u00e9s, porcel\u00e1n szersz\u00e1mk\u00e9sz\u00edt\u0151.<\/strong><br \/>\n<strong> C\u00e9gjegyz\u00e9ksz\u00e1m:1626173<\/strong><\/p>\n<p>[\/et_pb_text][\/et_pb_column][\/et_pb_row][\/et_pb_section][\/et_pb_section]<\/p>","protected":false},"excerpt":{"rendered":"<p>Customized components 1) We specialize in manufacturing plastic injection mould\/mold and plastic injection molding\/moulding, we make all kinds of plastic mould and the corresponding products\/parts. 2) We design and make the mould according to clients\u2019 drawings and sample. 3) Mould steel material: NAK80, S136, 718, 2311 2344,P20,2767,H13 or according clients\u2019 demands. 4) We are experienced [&hellip;]<\/p>","protected":false},"author":1,"featured_media":0,"parent":0,"menu_order":0,"comment_status":"closed","ping_status":"closed","template":"","meta":{"_et_pb_use_builder":"on","_et_pb_old_content":"","_et_gb_content_width":"","footnotes":""},"class_list":["post-674","page","type-page","status-publish","hentry"],"yoast_head":"<!-- This site is optimized with the Yoast SEO plugin v27.4 - https:\/\/yoast.com\/product\/yoast-seo-wordpress\/ -->\n<title>Customized components - Plastic Mold | China Mold Maker<\/title>\n<meta name=\"robots\" content=\"index, follow, max-snippet:-1, max-image-preview:large, max-video-preview:-1\" \/>\n<link rel=\"canonical\" href=\"https:\/\/www.plasticmoldco.com\/hu\/tilpassede-komponenter\/\" \/>\n<meta property=\"og:locale\" content=\"hu_HU\" \/>\n<meta property=\"og:type\" content=\"article\" \/>\n<meta property=\"og:title\" content=\"Customized components - Plastic Mold | China Mold Maker\" \/>\n<meta property=\"og:description\" content=\"Customized components 1) We specialize in manufacturing plastic injection mould\/mold and plastic injection molding\/moulding, we make all kinds of plastic mould and the corresponding products\/parts. 2) We design and make the mould according to clients\u2019 drawings and sample. 3) Mould steel material: NAK80, S136, 718, 2311 2344,P20,2767,H13 or according clients\u2019 demands. 4) We are experienced [&hellip;]\" \/>\n<meta property=\"og:url\" content=\"https:\/\/www.plasticmoldco.com\/hu\/tilpassede-komponenter\/\" \/>\n<meta property=\"og:site_name\" content=\"Plastic Mold | China Mold Maker\" \/>\n<meta property=\"og:image\" content=\"https:\/\/plasticmoldco.com\/wp-content\/uploads\/2018\/10\/new.n-300x18.jpg\" \/>\n<meta name=\"twitter:card\" content=\"summary_large_image\" \/>\n<meta name=\"twitter:label1\" content=\"Becs\u00fclt olvas\u00e1si id\u0151\" \/>\n\t<meta name=\"twitter:data1\" content=\"5 perc\" \/>\n<script type=\"application\/ld+json\" class=\"yoast-schema-graph\">{\"@context\":\"https:\\\/\\\/schema.org\",\"@graph\":[{\"@type\":\"WebPage\",\"@id\":\"https:\\\/\\\/www.plasticmoldco.com\\\/nb\\\/tilpassede-komponenter\\\/\",\"url\":\"https:\\\/\\\/www.plasticmoldco.com\\\/nb\\\/tilpassede-komponenter\\\/\",\"name\":\"Customized components - Plastic Mold | China Mold Maker\",\"isPartOf\":{\"@id\":\"https:\\\/\\\/www.plasticmoldco.com\\\/el\\\/#website\"},\"primaryImageOfPage\":{\"@id\":\"https:\\\/\\\/www.plasticmoldco.com\\\/nb\\\/tilpassede-komponenter\\\/#primaryimage\"},\"image\":{\"@id\":\"https:\\\/\\\/www.plasticmoldco.com\\\/nb\\\/tilpassede-komponenter\\\/#primaryimage\"},\"thumbnailUrl\":\"https:\\\/\\\/plasticmoldco.com\\\/wp-content\\\/uploads\\\/2018\\\/10\\\/new.n-300x18.jpg\",\"datePublished\":\"2018-10-17T14:15:07+00:00\",\"breadcrumb\":{\"@id\":\"https:\\\/\\\/www.plasticmoldco.com\\\/nb\\\/tilpassede-komponenter\\\/#breadcrumb\"},\"inLanguage\":\"hu\",\"potentialAction\":[{\"@type\":\"ReadAction\",\"target\":[\"https:\\\/\\\/www.plasticmoldco.com\\\/nb\\\/tilpassede-komponenter\\\/\"]}]},{\"@type\":\"ImageObject\",\"inLanguage\":\"hu\",\"@id\":\"https:\\\/\\\/www.plasticmoldco.com\\\/nb\\\/tilpassede-komponenter\\\/#primaryimage\",\"url\":\"https:\\\/\\\/plasticmoldco.com\\\/wp-content\\\/uploads\\\/2018\\\/10\\\/new.n-300x18.jpg\",\"contentUrl\":\"https:\\\/\\\/plasticmoldco.com\\\/wp-content\\\/uploads\\\/2018\\\/10\\\/new.n-300x18.jpg\"},{\"@type\":\"BreadcrumbList\",\"@id\":\"https:\\\/\\\/www.plasticmoldco.com\\\/nb\\\/tilpassede-komponenter\\\/#breadcrumb\",\"itemListElement\":[{\"@type\":\"ListItem\",\"position\":1,\"name\":\"Home\",\"item\":\"https:\\\/\\\/www.plasticmoldco.com\\\/\"},{\"@type\":\"ListItem\",\"position\":2,\"name\":\"Customized components\"}]},{\"@type\":\"WebSite\",\"@id\":\"https:\\\/\\\/www.plasticmoldco.com\\\/el\\\/#website\",\"url\":\"https:\\\/\\\/www.plasticmoldco.com\\\/el\\\/\",\"name\":\"Plastic Mold | China Mold Maker\",\"description\":\"Are you looking for injection mold china? We are plastic mold maker\",\"publisher\":{\"@id\":\"https:\\\/\\\/www.plasticmoldco.com\\\/el\\\/#organization\"},\"potentialAction\":[{\"@type\":\"SearchAction\",\"target\":{\"@type\":\"EntryPoint\",\"urlTemplate\":\"https:\\\/\\\/www.plasticmoldco.com\\\/el\\\/?s={search_term_string}\"},\"query-input\":{\"@type\":\"PropertyValueSpecification\",\"valueRequired\":true,\"valueName\":\"search_term_string\"}}],\"inLanguage\":\"hu\"},{\"@type\":\"Organization\",\"@id\":\"https:\\\/\\\/www.plasticmoldco.com\\\/el\\\/#organization\",\"name\":\"Plastic Mold | China Mold Maker\",\"url\":\"https:\\\/\\\/www.plasticmoldco.com\\\/el\\\/\",\"logo\":{\"@type\":\"ImageObject\",\"inLanguage\":\"hu\",\"@id\":\"https:\\\/\\\/www.plasticmoldco.com\\\/el\\\/#\\\/schema\\\/logo\\\/image\\\/\",\"url\":\"https:\\\/\\\/plasticmoldco.com\\\/wp-content\\\/uploads\\\/2018\\\/10\\\/nlogon.png\",\"contentUrl\":\"https:\\\/\\\/plasticmoldco.com\\\/wp-content\\\/uploads\\\/2018\\\/10\\\/nlogon.png\",\"width\":204,\"height\":54,\"caption\":\"Plastic Mold | China Mold Maker\"},\"image\":{\"@id\":\"https:\\\/\\\/www.plasticmoldco.com\\\/el\\\/#\\\/schema\\\/logo\\\/image\\\/\"}}]}<\/script>\n<!-- \/ Yoast SEO plugin. -->","yoast_head_json":{"title":"Testreszabott alkatr\u00e9szek - M\u0171anyag szersz\u00e1m | K\u00edna Mold Maker","robots":{"index":"index","follow":"follow","max-snippet":"max-snippet:-1","max-image-preview":"max-image-preview:large","max-video-preview":"max-video-preview:-1"},"canonical":"https:\/\/www.plasticmoldco.com\/hu\/tilpassede-komponenter\/","og_locale":"hu_HU","og_type":"article","og_title":"Customized components - Plastic Mold | China Mold Maker","og_description":"Customized components 1) We specialize in manufacturing plastic injection mould\/mold and plastic injection molding\/moulding, we make all kinds of plastic mould and the corresponding products\/parts. 2) We design and make the mould according to clients\u2019 drawings and sample. 3) Mould steel material: NAK80, S136, 718, 2311 2344,P20,2767,H13 or according clients\u2019 demands. 4) We are experienced [&hellip;]","og_url":"https:\/\/www.plasticmoldco.com\/hu\/tilpassede-komponenter\/","og_site_name":"Plastic Mold | China Mold Maker","og_image":[{"url":"https:\/\/plasticmoldco.com\/wp-content\/uploads\/2018\/10\/new.n-300x18.jpg","type":"","width":"","height":""}],"twitter_card":"summary_large_image","twitter_misc":{"Becs\u00fclt olvas\u00e1si id\u0151":"5 perc"},"schema":{"@context":"https:\/\/schema.org","@graph":[{"@type":"WebPage","@id":"https:\/\/www.plasticmoldco.com\/nb\/tilpassede-komponenter\/","url":"https:\/\/www.plasticmoldco.com\/nb\/tilpassede-komponenter\/","name":"Testreszabott alkatr\u00e9szek - M\u0171anyag szersz\u00e1m | K\u00edna Mold Maker","isPartOf":{"@id":"https:\/\/www.plasticmoldco.com\/el\/#website"},"primaryImageOfPage":{"@id":"https:\/\/www.plasticmoldco.com\/nb\/tilpassede-komponenter\/#primaryimage"},"image":{"@id":"https:\/\/www.plasticmoldco.com\/nb\/tilpassede-komponenter\/#primaryimage"},"thumbnailUrl":"https:\/\/plasticmoldco.com\/wp-content\/uploads\/2018\/10\/new.n-300x18.jpg","datePublished":"2018-10-17T14:15:07+00:00","breadcrumb":{"@id":"https:\/\/www.plasticmoldco.com\/nb\/tilpassede-komponenter\/#breadcrumb"},"inLanguage":"hu","potentialAction":[{"@type":"ReadAction","target":["https:\/\/www.plasticmoldco.com\/nb\/tilpassede-komponenter\/"]}]},{"@type":"ImageObject","inLanguage":"hu","@id":"https:\/\/www.plasticmoldco.com\/nb\/tilpassede-komponenter\/#primaryimage","url":"https:\/\/plasticmoldco.com\/wp-content\/uploads\/2018\/10\/new.n-300x18.jpg","contentUrl":"https:\/\/plasticmoldco.com\/wp-content\/uploads\/2018\/10\/new.n-300x18.jpg"},{"@type":"BreadcrumbList","@id":"https:\/\/www.plasticmoldco.com\/nb\/tilpassede-komponenter\/#breadcrumb","itemListElement":[{"@type":"ListItem","position":1,"name":"Home","item":"https:\/\/www.plasticmoldco.com\/"},{"@type":"ListItem","position":2,"name":"Customized components"}]},{"@type":"WebSite","@id":"https:\/\/www.plasticmoldco.com\/el\/#website","url":"https:\/\/www.plasticmoldco.com\/el\/","name":"M\u0171anyag Mold | K\u00edna Mold Maker","description":"Porcel\u00e1n fr\u00f6ccs\u00f6nt\u0151form\u00e1t keres? Mi vagyunk a m\u0171anyag szersz\u00e1mgy\u00e1rt\u00f3","publisher":{"@id":"https:\/\/www.plasticmoldco.com\/el\/#organization"},"potentialAction":[{"@type":"SearchAction","target":{"@type":"EntryPoint","urlTemplate":"https:\/\/www.plasticmoldco.com\/el\/?s={search_term_string}"},"query-input":{"@type":"PropertyValueSpecification","valueRequired":true,"valueName":"search_term_string"}}],"inLanguage":"hu"},{"@type":"Organization","@id":"https:\/\/www.plasticmoldco.com\/el\/#organization","name":"M\u0171anyag Mold | K\u00edna Mold Maker","url":"https:\/\/www.plasticmoldco.com\/el\/","logo":{"@type":"ImageObject","inLanguage":"hu","@id":"https:\/\/www.plasticmoldco.com\/el\/#\/schema\/logo\/image\/","url":"https:\/\/plasticmoldco.com\/wp-content\/uploads\/2018\/10\/nlogon.png","contentUrl":"https:\/\/plasticmoldco.com\/wp-content\/uploads\/2018\/10\/nlogon.png","width":204,"height":54,"caption":"Plastic Mold | China Mold Maker"},"image":{"@id":"https:\/\/www.plasticmoldco.com\/el\/#\/schema\/logo\/image\/"}}]}},"_links":{"self":[{"href":"https:\/\/www.plasticmoldco.com\/hu\/wp-json\/wp\/v2\/pages\/674","targetHints":{"allow":["GET"]}}],"collection":[{"href":"https:\/\/www.plasticmoldco.com\/hu\/wp-json\/wp\/v2\/pages"}],"about":[{"href":"https:\/\/www.plasticmoldco.com\/hu\/wp-json\/wp\/v2\/types\/page"}],"author":[{"embeddable":true,"href":"https:\/\/www.plasticmoldco.com\/hu\/wp-json\/wp\/v2\/users\/1"}],"replies":[{"embeddable":true,"href":"https:\/\/www.plasticmoldco.com\/hu\/wp-json\/wp\/v2\/comments?post=674"}],"version-history":[{"count":0,"href":"https:\/\/www.plasticmoldco.com\/hu\/wp-json\/wp\/v2\/pages\/674\/revisions"}],"wp:attachment":[{"href":"https:\/\/www.plasticmoldco.com\/hu\/wp-json\/wp\/v2\/media?parent=674"}],"curies":[{"name":"wp","href":"https:\/\/api.w.org\/{rel}","templated":true}]}}