{"id":669,"date":"2018-10-17T22:11:22","date_gmt":"2018-10-17T14:11:22","guid":{"rendered":"https:\/\/plasticmoldco.com\/?page_id=669"},"modified":"2018-10-17T22:11:22","modified_gmt":"2018-10-17T14:11:22","slug":"plastic-mold-2","status":"publish","type":"page","link":"https:\/\/www.plasticmoldco.com\/hu\/muanyag-forma-2-2\/","title":{"rendered":"M\u0171anyag pen\u00e9sz"},"content":{"rendered":"<p>[et_pb_section bb_built=\"1\u2033 disabled_on=\"on|on|\" _builder_version=\"3.10.2\u2033 custom_padding=\"0|0|0px|0|0px|0px|false|false\" next_background_color=\"#000000\u2033][et_pb_row custom_padding=\"18px|0px|0|0px|0px|false|false\" _builder_version=\"3.0.48\u2033 background_size=\"initial\" background_position=\"top_left\" background_repeat=\"repeat\"][et_pb_column type=\"4_4\u2033][et_pb_text _builder_version=\"3.10.2\u2033 custom_margin=\"0px|-120px|16px|-100px\"]<\/p>\n<p><img loading=\"lazy\" decoding=\"async\" class=\"wp-image-213 alignnone size-medium\" src=\"https:\/\/plasticmoldco.com\/wp-content\/uploads\/2018\/10\/new.n-300x18.jpg\" alt=\"\" width=\"1266\" height=\"76\" srcset=\"https:\/\/www.plasticmoldco.com\/wp-content\/uploads\/2018\/10\/new.n-300x18.jpg 300w, https:\/\/www.plasticmoldco.com\/wp-content\/uploads\/2018\/10\/new.n-768x45.jpg 768w, https:\/\/www.plasticmoldco.com\/wp-content\/uploads\/2018\/10\/new.n-1024x60.jpg 1024w\" sizes=\"(max-width: 1266px) 100vw, 1266px\" \/><\/p>\n<p>[\/et_pb_text][\/et_pb_column][\/et_pb_row][\/et_pb_section][et_pb_section bb_built=\"1\u2033 disabled_on=\"||on\" _builder_version=\"3.10.2\u2033 custom_padding=\"22px|0px|0|0|0px|false|false\" prev_background_color=\"#000000\u2033 next_background_color=\"#000000\u2033][et_pb_row custom_padding=\"0|0px|12px|0px|0px|false|false|false\" _builder_version=\"3.0.48\u2033 background_size=\"initial\" background_position=\"top_left\" background_repeat=\"repeat\"][et_pb_column type=\"4_4\u2033][et_pb_text _builder_version=\"3.10.2\u2033]<\/p>\n<p><img loading=\"lazy\" decoding=\"async\" class=\"wp-image-213 alignnone size-medium\" src=\"https:\/\/plasticmoldco.com\/wp-content\/uploads\/2018\/10\/new.n-300x18.jpg\" alt=\"\" width=\"1266\" height=\"76\" srcset=\"https:\/\/www.plasticmoldco.com\/wp-content\/uploads\/2018\/10\/new.n-300x18.jpg 300w, https:\/\/www.plasticmoldco.com\/wp-content\/uploads\/2018\/10\/new.n-768x45.jpg 768w, https:\/\/www.plasticmoldco.com\/wp-content\/uploads\/2018\/10\/new.n-1024x60.jpg 1024w\" sizes=\"(max-width: 1266px) 100vw, 1266px\" \/><\/p>\n<p>[\/et_pb_text][\/et_pb_column][\/et_pb_row][\/et_pb_section][et_pb_section bb_built=\"1\u2033 disabled_on=\"on|on|\" _builder_version=\"3.10.2\u2033 custom_padding=\"0|0px|54px|0px|false|false\" prev_background_color=\"#000000\u2033 next_background_color=\"#000000\u2033][et_pb_row custom_padding=\"0|0px|0|0px|0px|false|false\" _builder_version=\"3.0.48\u2033 background_size=\"initial\" background_position=\"top_left\" background_repeat=\"repeat\"][et_pb_column type=\"3_4\u2033][et_pb_text _builder_version=\"3.10.2\u2033 border_width_all=\"3px\" border_color_all=\"#e5e5e5\u2033 custom_margin=\"15px|-90px|||-86px\" custom_padding=\"10px|10px|10px|10px|10px\"]<\/p>\n<div id=\"titlep\">\n<div id=\"titlep\">\n<div id=\"titlep\">\n<div id=\"titlep\">\n<div>\n<h2>M\u0171anyag pen\u00e9sz<\/h2>\n<\/div>\n<\/div>\n<div id=\"mge\"><\/div>\n<p><img loading=\"lazy\" decoding=\"async\" class=\"aligncenter size-full wp-image-1058\" title=\"fr\u00f6ccs\u00f6nt\u0151forma c\u00e9g K\u00edn\u00e1ban\" src=\"https:\/\/web.archive.org\/web\/20140901231542im_\/http:\/\/www.moldchina.org\/wp-content\/uploads\/2011\/07\/21_7_5294164-51-33-14-14-33-33.jpg\" alt=\"\" width=\"419\" height=\"543\" \/><br \/>\n1. t\u00f6bb mint 10 \u00e9ve m\u0171anyag injekci\u00f3ban m\u0171anyag tartoz\u00e9k k\u00e9sz\u00edt\u00e9se<br \/>\n2. Tan\u00fas\u00edtv\u00e1ny: ISO9001: 2008<br \/>\n3. Egyablakos megold\u00e1s<\/p>\n<p>M\u0171anyag Anyag: PC\/ABS\/PMMA\/POM\/TPE\/TPU\/HDPE\/PE\/PP<br \/>\nM\u0171anyag fr\u00f6ccs\u00f6nt\u00f6tt alkatr\u00e9szek<br \/>\nForma anyaga: S136, SKD61, NAK80, 718H, P20H, S-STAR (A) \u00e9s \u00edgy tov\u00e1bb.<br \/>\n\u00dcreg: Egyszeres\/Multi<br \/>\nFut\u00f3: Hideg\/meleg<\/p>\n<p>Formapontoss\u00e1g: mm el\u00e9r\u00e9s\u00e9hez<br \/>\nForm\u00e1z\u00e1si \u00e9lettartam: 300 000\/500 000 l\u00f6v\u00e9s<br \/>\n\u00c1tfut\u00e1si id\u0151: M\u0171anyag alkatr\u00e9szek: 7~10 munkanap a pr\u00f3baform\u00e1n alapulva.<br \/>\nF\u0151g\u00e9p: Egy- \u00e9s k\u00e9tszem\u00e9lyes fr\u00f6ccs\u00f6nt\u0151g\u00e9p: Egy- \u00e9s k\u00e9tszem\u00e9lyes fr\u00f6ccs\u00f6nt\u0151g\u00e9p<br \/>\nTev\u00e9kenys\u00e9gi k\u00f6r: M\u0171anyag alkatr\u00e9szek aut\u00f3alkatr\u00e9szekhez, fogasker\u00e9khez, h\u00e1ztart\u00e1si alkatr\u00e9szekhez, orvosi elektronikai alkatr\u00e9szekhez, digit\u00e1lis term\u00e9kekhez, j\u00e1t\u00e9khoz vagy j\u00e1t\u00e9kalkatr\u00e9szekhez stb.<br \/>\nTev\u00e9kenys\u00e9gi k\u00f6r: m\u0171anyag szersz\u00e1mok (egy\/k\u00e9t fr\u00f6ccs\u00f6nt\u00e9s \u00e9s t\u00f6bbszersz\u00e1mos szersz\u00e1m) gy\u00e1rt\u00e1sa, m\u0171anyag alkatr\u00e9szek gy\u00e1rt\u00e1sa, permetez\u00e9s, tamponnyom\u00e1s, szitanyom\u00e1s, v\u00e1kuumoz\u00e1s, \u00f6sszeszerel\u00e9s.<\/p>\n<\/div>\n<\/div>\n<\/div>\n<p>[\/et_pb_text][\/et_pb_column][et_pb_column type=\"1_4\u2033][et_pb_sidebar _builder_version=\"3.10.2\u2033 area=\"sidebar-1\u2033 custom_margin=\"15px|-94px|||40px\" custom_padding=\"10px|10px|10px|10px|10px\" border_width_all=\"2px\" border_color_all=\"#d3d3d3d3\u2033 \/][\/et_pb_column][\/et_pb_row][\/et_pb_section][et_pb_section bb_built=\"1\u2033 disabled_on=\"||on\" _builder_version=\"3.10.2\u2033 custom_padding=\"0|0px|54px|0px|false|false\" prev_background_color=\"#000000\u2033 next_background_color=\"#000000\u2033][et_pb_row custom_padding=\"0|0px|0|0px|0px|false|false\" _builder_version=\"3.0.48\u2033 background_size=\"initial\" background_position=\"top_left\" background_repeat=\"repeat\"][et_pb_column type=\"4_4\u2033][et_pb_text _builder_version=\"3.10.2\u2033 border_width_all=\"3px\" border_color_all=\"#e5e5e5\u2033]<\/p>\n<div id=\"titlep\">\n<div id=\"titlep\">\n<div id=\"titlep\">\n<div>\n<h2>M\u0171anyag pen\u00e9sz<\/h2>\n<\/div>\n<\/div>\n<div id=\"mge\"><\/div>\n<p><img loading=\"lazy\" decoding=\"async\" class=\"aligncenter size-full wp-image-1058\" title=\"fr\u00f6ccs\u00f6nt\u0151forma c\u00e9g K\u00edn\u00e1ban\" src=\"https:\/\/web.archive.org\/web\/20140901231542im_\/http:\/\/www.moldchina.org\/wp-content\/uploads\/2011\/07\/21_7_5294164-51-33-14-14-33-33.jpg\" alt=\"\" width=\"419\" height=\"543\" \/><br \/>\n1. t\u00f6bb mint 10 \u00e9ve m\u0171anyag injekci\u00f3ban m\u0171anyag tartoz\u00e9k k\u00e9sz\u00edt\u00e9se<br \/>\n2. Tan\u00fas\u00edtv\u00e1ny: ISO9001: 2008<br \/>\n3. Egyablakos megold\u00e1s<\/p>\n<p>M\u0171anyag Anyag: PC\/ABS\/PMMA\/POM\/TPE\/TPU\/HDPE\/PE\/PP<br \/>\nM\u0171anyag fr\u00f6ccs\u00f6nt\u00f6tt alkatr\u00e9szek<br \/>\nForma anyaga: S136, SKD61, NAK80, 718H, P20H, S-STAR (A) \u00e9s \u00edgy tov\u00e1bb.<br \/>\n\u00dcreg: Egyszeres\/Multi<br \/>\nFut\u00f3: Hideg\/meleg<\/p>\n<p>Formapontoss\u00e1g: mm el\u00e9r\u00e9s\u00e9hez<br \/>\nForm\u00e1z\u00e1si \u00e9lettartam: 300 000\/500 000 l\u00f6v\u00e9s<br \/>\n\u00c1tfut\u00e1si id\u0151: M\u0171anyag alkatr\u00e9szek: 7~10 munkanap a pr\u00f3baform\u00e1n alapulva.<br \/>\nF\u0151g\u00e9p: Egy- \u00e9s k\u00e9tszem\u00e9lyes fr\u00f6ccs\u00f6nt\u0151g\u00e9p: Egy- \u00e9s k\u00e9tszem\u00e9lyes fr\u00f6ccs\u00f6nt\u0151g\u00e9p<br \/>\nTev\u00e9kenys\u00e9gi k\u00f6r: M\u0171anyag alkatr\u00e9szek aut\u00f3alkatr\u00e9szekhez, fogasker\u00e9khez, h\u00e1ztart\u00e1si alkatr\u00e9szekhez, orvosi elektronikai alkatr\u00e9szekhez, digit\u00e1lis term\u00e9kekhez, j\u00e1t\u00e9khoz vagy j\u00e1t\u00e9kalkatr\u00e9szekhez stb.<br \/>\nTev\u00e9kenys\u00e9gi k\u00f6r: m\u0171anyag szersz\u00e1mok (egy\/k\u00e9t fr\u00f6ccs\u00f6nt\u00e9s \u00e9s t\u00f6bbszersz\u00e1mos szersz\u00e1m) gy\u00e1rt\u00e1sa, m\u0171anyag alkatr\u00e9szek gy\u00e1rt\u00e1sa, permetez\u00e9s, tamponnyom\u00e1s, szitanyom\u00e1s, v\u00e1kuumoz\u00e1s, \u00f6sszeszerel\u00e9s.<\/p>\n<\/div>\n<\/div>\n<p>[\/et_pb_text][et_pb_text _builder_version=\"3.10.2\u2033 text_font_size=\"13px\" header_font=\"|700|||||||\" border_width_all=\"2px\" border_color_all=\"#bcbcbc\" inline_fonts=\"Arial\"]<\/p>\n<h4><img loading=\"lazy\" decoding=\"async\" class=\"wp-image-111 alignnone\" src=\"https:\/\/plasticmoldco.com\/wp-content\/uploads\/2018\/10\/sss.png\" alt=\"\" width=\"16\" height=\"13\" \/><strong>Pen\u00e9sz term\u00e9k<\/strong><\/h4>\n<hr \/>\n<p>\u2192 <span style=\"font-size: medium;\"><strong><span style=\"color: #000000;\"><a style=\"color: #000000;\" href=\"https:\/\/www.plasticmoldco.com\/hu\/penesz\/\">MOLD<\/a><\/span><\/strong><\/span><br \/>\n<span style=\"font-size: medium;\"><strong><span style=\"color: #000000;\"> \u2192 <a style=\"color: #000000;\" href=\"https:\/\/www.plasticmoldco.com\/hu\/prototipus-alkatreszek\/\">Protot\u00edpus alkatr\u00e9szek<\/a><\/span><\/strong><\/span><br \/>\n<span style=\"font-size: medium;\"><strong><span style=\"color: #000000;\"> \u2192 <a style=\"color: #000000;\" href=\"https:\/\/www.plasticmoldco.com\/hu\/muanyag-alkatresz\/\">M\u0171anyag r\u00e9sz<\/a><\/span><\/strong><\/span><br \/>\n<span style=\"font-size: medium;\"><strong><span style=\"color: #000000;\"> \u2192 <a style=\"color: #000000;\" href=\"https:\/\/www.plasticmoldco.com\/hu\/szilikon-gumi-alkatreszek\/\">szilikon \u00e9s gumi alkatr\u00e9szek<\/a><\/span><\/strong><\/span><\/p>\n<p><span style=\"font-size: medium;\"><strong><span style=\"color: #000000;\">Kapcsolatfelv\u00e9tel<\/span><\/strong><\/span><\/p>\n<hr \/>\n<p><strong><span style=\"color: #000000;\">DONGGUAN \u0150SZINTE TECH CO.LTD<\/span><\/strong><br \/>\n<strong><span style=\"color: #000000;\"> GY\u00c1RI C\u00cdM: YUANXIA LU, YUANJIANG YUANG, CHANGPING V\u00c1ROS, DONNGUAN V\u00c1ROS, GUANGDONG TARTOM\u00c1NY, PORCEL\u00c1N 523000<\/span><\/strong><\/p>\n<p><strong><span style=\"color: #000000;\">TEL: +86 (0)769 3366 9997<\/span><\/strong><br \/>\n<strong><span style=\"color: #000000;\"> FAX: +86 (0)769 3366 9997<\/span><\/strong><\/p>\n<p><strong><span style=\"color: #000000;\">EMAIL: <a href=\"mailto:INFO@sinceretetechs.com\">INFO@sinceretetechs.com<\/a><\/span><\/strong><\/p>\n<ul>\n<li id=\"tag_cloud-3\" class=\"widget-container widget_tag_cloud\">\n<h3 class=\"widget-title\"><strong>N\u00e9pszer\u0171 keres\u00e9s<\/strong><\/h3>\n<hr \/>\n<div class=\"tagcloud\"><strong>K\u00edna Die Casting porcel\u00e1n fr\u00f6ccs\u00f6nt\u0151 porcel\u00e1n fr\u00f6ccs\u00f6nt\u0151 c\u00e9g porcel\u00e1n fr\u00f6ccs\u00f6nt\u0151 gy\u00e1rporcel\u00e1n fr\u00f6ccs\u00f6nt\u0151 porcel\u00e1n fr\u00f6ccs\u00f6nt\u0151 gy\u00e1rt\u00f3 porcel\u00e1n fr\u00f6ccs\u00f6nt\u0151 pen\u00e9sz porcel\u00e1n fr\u00f6ccs\u00f6nt\u0151 c\u00e9gporcel\u00e1n fr\u00f6ccs\u00f6nt\u0151 gy\u00e1r porcel\u00e1n fr\u00f6ccs\u00f6nt\u0151 gy\u00e1rt\u00f3 porcel\u00e1n fr\u00f6ccs\u00f6nt\u0151 pen\u00e9sz sz\u00e1ll\u00edt\u00f3 porcel\u00e1n fr\u00f6ccs\u00f6nt\u0151 porcel\u00e1n pen\u00e9sz pen\u00e9sz c\u00e9g porcel\u00e1n szilikon porcel\u00e1n szilikon gumi porcel\u00e1n szersz\u00e1mgy\u00e1rt\u00f3 porcel\u00e1n szersz\u00e1mk\u00e9sz\u00edt\u0151 porcel\u00e1n fr\u00f6ccs\u00f6nt\u00e9s fr\u00f6ccs\u00f6nt\u00f6tt m\u0171anyagok fr\u00f6ccs\u00f6nt\u00e9s fr\u00f6ccs\u00f6nt\u00e9s porcel\u00e1n fr\u00f6ccs\u00f6nt\u00e9s k\u00ednai m\u0171anyag fr\u00f6ccs\u00f6nt\u00e9s m\u0171anyag pen\u00e9sz porcel\u00e1n protot\u00edpus alkatr\u00e9szek szilikon porcel\u00e1n szilikon gumi szersz\u00e1m szersz\u00e1mk\u00e9sz\u00edt\u00e9s porcel\u00e1n<\/strong><\/div>\n<\/li>\n<\/ul>\n<p><img decoding=\"async\" style=\"font-size: 13px; background-color: #ffffff; text-align: -webkit-center; display: block; margin-left: auto; margin-right: auto;\" src=\"https:\/\/web.archive.org\/web\/20140728234454im_\/http:\/\/www.moldchina.org\/wp-content\/themes\/9C008\/images\/iso.jpg\" \/><\/p>\n<p>[\/et_pb_text][\/et_pb_column][\/et_pb_row][\/et_pb_section][et_pb_section bb_built=\"1\u2033 disabled_on=\"on|on|\" _builder_version=\u201d3.10.2\u2033 custom_margin=\u201d-103px|||\u201d prev_background_color=\u201d#000000\u2033 next_background_color=\u201d#000000\u2033][et_pb_row _builder_version=\u201d3.0.48\u2033 background_size=\"initial\" background_position=\"top_left\" background_repeat=\"repeat\"][et_pb_column type=\"4_4\u2033][et_pb_text _builder_version=\"3.10.2\u2033 custom_margin=\"|-62px|||-84px\"]<\/p>\n<p style=\"padding-left: 30px;\"><strong>K\u00edna m\u0171anyag fr\u00f6ccs\u00f6nt\u0151 pen\u00e9sz, szersz\u00e1mk\u00e9sz\u00edt\u0151, K\u00edna szersz\u00e1mk\u00e9sz\u00edt\u0151, K\u00edna szersz\u00e1moz\u00e1s, m\u0171anyag pen\u00e9sz porcel\u00e1n, K\u00edna fr\u00f6ccs\u00f6nt\u0151 pen\u00e9sz gy\u00e1r, m\u0171anyag fr\u00f6ccs\u00f6nt\u0151 pen\u00e9sz gy\u00e1rt\u00f3 K\u00edn\u00e1ban<\/strong><\/p>\n<p>[\/et_pb_text][et_pb_text _builder_version=\u201d3.10.2\u2033 custom_margin=\u201d-15px|-50px||-50px\u201d]<\/p>\n<p><strong><span style=\"color: #0c0c0c;\"><a href=\"https:\/\/www.plasticmoldco.com\/hu\/\">Home\u00a0 \u00a0<\/a>|\u00a0 \u00a0<a href=\"https:\/\/www.plasticmoldco.com\/hu\/about-us\/\">R\u00f3lunk\u00a0<\/a> \u00a0|\u00a0 <a href=\"https:\/\/www.plasticmoldco.com\/hu\/tervezomernoki-tevekenyseg\/\">Tervez\u00e9s \u00e9s tervez\u00e9s<\/a>\u00a0 |\u00a0 \u00a0<a href=\"https:\/\/www.plasticmoldco.com\/hu\/products\/\">Term\u00e9kek\u00a0\u00a0\u00a0\u00a0\u00a0<\/a>|\u00a0\u00a0\u00a0\u00a0\u00a0<a href=\"https:\/\/www.plasticmoldco.com\/hu\/hirek\/\">H\u00edrek<\/a>\u00a0\u00a0\u00a0\u00a0\u00a0|\u00a0\u00a0\u00a0\u00a0\u00a0<a href=\"https:\/\/www.plasticmoldco.com\/hu\/minosegi-biztositas\/\">Min\u0151s\u00e9gi biztos\u00edt\u00e1s\u00a0<\/a>\u00a0\u00a0\u00a0\u00a0|\u00a0 \u00a0 <a href=\"https:\/\/www.plasticmoldco.com\/hu\/po-eljaras\/\">PO elj\u00e1r\u00e1s<\/a>\u00a0 \u00a0 |\u00a0 \u00a0 <a href=\"https:\/\/www.plasticmoldco.com\/hu\/eqipment\/\">Berendez\u00e9sek\u00a0 \u00a0<\/a> |\u00a0 \u00a0<a href=\"https:\/\/www.plasticmoldco.com\/hu\/ipari-formatervezesi-eset\/\">Ipari tervez\u00e9s eset\u00a0<\/a> \u00a0 |\u00a0 \u00a0 <a href=\"https:\/\/www.plasticmoldco.com\/hu\/oldalterkep\/\">Oldalt\u00e9rk\u00e9p<\/a><\/span><\/strong><\/p>\n<p>[\/et_pb_text][et_pb_text _builder_version=\"3.10.2\u2033 custom_margin=\"-15px||||\"]<\/p>\n<p style=\"text-align: center;\"><strong>Szerz\u0151i jog \u00a9 2011 DONGGUAN SINCER TECH CO.LTD. | K\u00edna Mold maker, porcel\u00e1n m\u0171anyag fr\u00f6ccs\u00f6nt\u00e9s, porcel\u00e1n szersz\u00e1mk\u00e9sz\u00edt\u0151.<\/strong><br \/>\n<strong> C\u00e9gjegyz\u00e9ksz\u00e1m:1626173<\/strong><\/p>\n<p>[\/et_pb_text][\/et_pb_column][\/et_pb_row][\/et_pb_section][et_pb_section bb_built=\"1\u2033 disabled_on=\"||on\" _builder_version=\"3.10.2\u2033 custom_margin=\"-103px||||\" prev_background_color=\"#000000\u2033][et_pb_row _builder_version=\"3.0.48\u2033 background_size=\"initial\" background_position=\"top_left\" background_repeat=\"repeat\"][et_pb_column type=\"4_4\u2033][et_pb_text _builder_version=\"3.10.2\u2033]<\/p>\n<p style=\"padding-left: 30px;\"><strong>K\u00edna m\u0171anyag fr\u00f6ccs\u00f6nt\u0151 pen\u00e9sz, szersz\u00e1mk\u00e9sz\u00edt\u0151, K\u00edna szersz\u00e1mk\u00e9sz\u00edt\u0151, K\u00edna szersz\u00e1moz\u00e1s, m\u0171anyag pen\u00e9sz porcel\u00e1n, K\u00edna fr\u00f6ccs\u00f6nt\u0151 pen\u00e9sz gy\u00e1r, m\u0171anyag fr\u00f6ccs\u00f6nt\u0151 pen\u00e9sz gy\u00e1rt\u00f3 K\u00edn\u00e1ban<\/strong><\/p>\n<p>[\/et_pb_text][et_pb_text _builder_version=\u201d3.10.2\u2033]<\/p>\n<p><strong><span style=\"color: #0c0c0c;\"><a href=\"https:\/\/www.plasticmoldco.com\/hu\/\">Home\u00a0 \u00a0<\/a>|\u00a0 \u00a0<a href=\"https:\/\/www.plasticmoldco.com\/hu\/about-us\/\">R\u00f3lunk\u00a0<\/a> \u00a0|\u00a0 <a href=\"https:\/\/www.plasticmoldco.com\/hu\/tervezomernoki-tevekenyseg\/\">Tervez\u00e9s \u00e9s tervez\u00e9s<\/a>\u00a0 |\u00a0 \u00a0<a href=\"https:\/\/www.plasticmoldco.com\/hu\/products\/\">Term\u00e9kek\u00a0\u00a0\u00a0\u00a0\u00a0<\/a>|\u00a0\u00a0\u00a0\u00a0\u00a0<a href=\"https:\/\/www.plasticmoldco.com\/hu\/hirek\/\">H\u00edrek<\/a>\u00a0\u00a0\u00a0\u00a0\u00a0|\u00a0\u00a0\u00a0\u00a0\u00a0<a href=\"https:\/\/www.plasticmoldco.com\/hu\/minosegi-biztositas\/\">Min\u0151s\u00e9gi biztos\u00edt\u00e1s\u00a0<\/a>\u00a0\u00a0\u00a0\u00a0|\u00a0 \u00a0 <a href=\"https:\/\/www.plasticmoldco.com\/hu\/po-eljaras\/\">PO elj\u00e1r\u00e1s<\/a>\u00a0 \u00a0 |\u00a0 \u00a0 <a href=\"https:\/\/www.plasticmoldco.com\/hu\/eqipment\/\">Berendez\u00e9sek\u00a0 \u00a0<\/a> |\u00a0 \u00a0<a href=\"https:\/\/www.plasticmoldco.com\/hu\/ipari-formatervezesi-eset\/\">Ipari tervez\u00e9s eset\u00a0<\/a> \u00a0 |\u00a0 \u00a0 <a href=\"https:\/\/www.plasticmoldco.com\/hu\/oldalterkep\/\">Oldalt\u00e9rk\u00e9p<\/a><\/span><\/strong><\/p>\n<p>[\/et_pb_text][et_pb_text _builder_version=\u201d3.10.2\u2033]<\/p>\n<p style=\"text-align: center;\"><strong>Szerz\u0151i jog \u00a9 2011 DONGGUAN SINCER TECH CO.LTD. | K\u00edna Mold maker, porcel\u00e1n m\u0171anyag fr\u00f6ccs\u00f6nt\u00e9s, porcel\u00e1n szersz\u00e1mk\u00e9sz\u00edt\u0151.<\/strong><br \/>\n<strong> C\u00e9gjegyz\u00e9ksz\u00e1m:1626173<\/strong><\/p>\n<p>[\/et_pb_text][\/et_pb_column][\/et_pb_row][\/et_pb_section][\/et_pb_section]<\/p>","protected":false},"excerpt":{"rendered":"<p>Plastic mold 1. more than 10 years in plastic injection making plastic accessory 2. Certificate: ISO9001: 2008 3. One stop solution Plastic Material: PC\/ABS\/PMMA\/POM\/TPE\/TPU\/HDPE\/PE\/PP Plastic injection parts Mould material: S136, SKD61, NAK80, 718H, P20H, S-STAR(A) and so on Cavity: Single\/Multi Runner: Cold\/hot Mould precision: Reach 0.005mm Mould life: 300, 000\/500, 000 shots Lead time: Mold [&hellip;]<\/p>","protected":false},"author":1,"featured_media":0,"parent":0,"menu_order":0,"comment_status":"closed","ping_status":"closed","template":"","meta":{"_et_pb_use_builder":"on","_et_pb_old_content":"","_et_gb_content_width":"","footnotes":""},"class_list":["post-669","page","type-page","status-publish","hentry"],"yoast_head":"<!-- This site is optimized with the Yoast SEO plugin v26.4 - https:\/\/yoast.com\/wordpress\/plugins\/seo\/ -->\n<title>Plastic mold - Plastic Mold | China Mold Maker<\/title>\n<meta name=\"robots\" content=\"index, follow, max-snippet:-1, max-image-preview:large, max-video-preview:-1\" \/>\n<link rel=\"canonical\" href=\"https:\/\/www.plasticmoldco.com\/hu\/muanyag-forma-2-2\/\" \/>\n<meta property=\"og:locale\" content=\"hu_HU\" \/>\n<meta property=\"og:type\" content=\"article\" \/>\n<meta property=\"og:title\" content=\"Plastic mold - Plastic Mold | China Mold Maker\" \/>\n<meta property=\"og:description\" content=\"Plastic mold 1. more than 10 years in plastic injection making plastic accessory 2. Certificate: ISO9001: 2008 3. One stop solution Plastic Material: PC\/ABS\/PMMA\/POM\/TPE\/TPU\/HDPE\/PE\/PP Plastic injection parts Mould material: S136, SKD61, NAK80, 718H, P20H, S-STAR(A) and so on Cavity: Single\/Multi Runner: Cold\/hot Mould precision: Reach 0.005mm Mould life: 300, 000\/500, 000 shots Lead time: Mold [&hellip;]\" \/>\n<meta property=\"og:url\" content=\"https:\/\/www.plasticmoldco.com\/hu\/muanyag-forma-2-2\/\" \/>\n<meta property=\"og:site_name\" content=\"Plastic Mold | China Mold Maker\" \/>\n<meta property=\"og:image\" content=\"https:\/\/plasticmoldco.com\/wp-content\/uploads\/2018\/10\/new.n-300x18.jpg\" \/>\n<meta name=\"twitter:card\" content=\"summary_large_image\" \/>\n<meta name=\"twitter:label1\" content=\"Becs\u00fclt olvas\u00e1si id\u0151\" \/>\n\t<meta name=\"twitter:data1\" content=\"5 perc\" \/>\n<script type=\"application\/ld+json\" class=\"yoast-schema-graph\">{\"@context\":\"https:\/\/schema.org\",\"@graph\":[{\"@type\":\"WebPage\",\"@id\":\"https:\/\/www.plasticmoldco.com\/plastic-mold-2\/\",\"url\":\"https:\/\/www.plasticmoldco.com\/plastic-mold-2\/\",\"name\":\"Plastic mold - Plastic Mold | China Mold Maker\",\"isPartOf\":{\"@id\":\"https:\/\/www.plasticmoldco.com\/el\/#website\"},\"primaryImageOfPage\":{\"@id\":\"https:\/\/www.plasticmoldco.com\/plastic-mold-2\/#primaryimage\"},\"image\":{\"@id\":\"https:\/\/www.plasticmoldco.com\/plastic-mold-2\/#primaryimage\"},\"thumbnailUrl\":\"https:\/\/plasticmoldco.com\/wp-content\/uploads\/2018\/10\/new.n-300x18.jpg\",\"datePublished\":\"2018-10-17T14:11:22+00:00\",\"breadcrumb\":{\"@id\":\"https:\/\/www.plasticmoldco.com\/plastic-mold-2\/#breadcrumb\"},\"inLanguage\":\"hu\",\"potentialAction\":[{\"@type\":\"ReadAction\",\"target\":[\"https:\/\/www.plasticmoldco.com\/plastic-mold-2\/\"]}]},{\"@type\":\"ImageObject\",\"inLanguage\":\"hu\",\"@id\":\"https:\/\/www.plasticmoldco.com\/plastic-mold-2\/#primaryimage\",\"url\":\"https:\/\/plasticmoldco.com\/wp-content\/uploads\/2018\/10\/new.n-300x18.jpg\",\"contentUrl\":\"https:\/\/plasticmoldco.com\/wp-content\/uploads\/2018\/10\/new.n-300x18.jpg\"},{\"@type\":\"BreadcrumbList\",\"@id\":\"https:\/\/www.plasticmoldco.com\/plastic-mold-2\/#breadcrumb\",\"itemListElement\":[{\"@type\":\"ListItem\",\"position\":1,\"name\":\"Home\",\"item\":\"https:\/\/www.plasticmoldco.com\/\"},{\"@type\":\"ListItem\",\"position\":2,\"name\":\"Plastic mold\"}]},{\"@type\":\"WebSite\",\"@id\":\"https:\/\/www.plasticmoldco.com\/el\/#website\",\"url\":\"https:\/\/www.plasticmoldco.com\/el\/\",\"name\":\"Plastic Mold | China Mold Maker\",\"description\":\"Are you looking for injection mold china? We are plastic mold maker\",\"publisher\":{\"@id\":\"https:\/\/www.plasticmoldco.com\/el\/#organization\"},\"potentialAction\":[{\"@type\":\"SearchAction\",\"target\":{\"@type\":\"EntryPoint\",\"urlTemplate\":\"https:\/\/www.plasticmoldco.com\/el\/?s={search_term_string}\"},\"query-input\":{\"@type\":\"PropertyValueSpecification\",\"valueRequired\":true,\"valueName\":\"search_term_string\"}}],\"inLanguage\":\"hu\"},{\"@type\":\"Organization\",\"@id\":\"https:\/\/www.plasticmoldco.com\/el\/#organization\",\"name\":\"Plastic Mold | China Mold Maker\",\"url\":\"https:\/\/www.plasticmoldco.com\/el\/\",\"logo\":{\"@type\":\"ImageObject\",\"inLanguage\":\"hu\",\"@id\":\"https:\/\/www.plasticmoldco.com\/el\/#\/schema\/logo\/image\/\",\"url\":\"https:\/\/plasticmoldco.com\/wp-content\/uploads\/2018\/10\/nlogon.png\",\"contentUrl\":\"https:\/\/plasticmoldco.com\/wp-content\/uploads\/2018\/10\/nlogon.png\",\"width\":204,\"height\":54,\"caption\":\"Plastic Mold | China Mold Maker\"},\"image\":{\"@id\":\"https:\/\/www.plasticmoldco.com\/el\/#\/schema\/logo\/image\/\"}}]}<\/script>\n<!-- \/ Yoast SEO plugin. -->","yoast_head_json":{"title":"M\u0171anyag pen\u00e9sz - M\u0171anyag szersz\u00e1m | K\u00edna Mold Maker","robots":{"index":"index","follow":"follow","max-snippet":"max-snippet:-1","max-image-preview":"max-image-preview:large","max-video-preview":"max-video-preview:-1"},"canonical":"https:\/\/www.plasticmoldco.com\/hu\/muanyag-forma-2-2\/","og_locale":"hu_HU","og_type":"article","og_title":"Plastic mold - Plastic Mold | China Mold Maker","og_description":"Plastic mold 1. more than 10 years in plastic injection making plastic accessory 2. Certificate: ISO9001: 2008 3. One stop solution Plastic Material: PC\/ABS\/PMMA\/POM\/TPE\/TPU\/HDPE\/PE\/PP Plastic injection parts Mould material: S136, SKD61, NAK80, 718H, P20H, S-STAR(A) and so on Cavity: Single\/Multi Runner: Cold\/hot Mould precision: Reach 0.005mm Mould life: 300, 000\/500, 000 shots Lead time: Mold [&hellip;]","og_url":"https:\/\/www.plasticmoldco.com\/hu\/muanyag-forma-2-2\/","og_site_name":"Plastic Mold | China Mold Maker","og_image":[{"url":"https:\/\/plasticmoldco.com\/wp-content\/uploads\/2018\/10\/new.n-300x18.jpg","type":"","width":"","height":""}],"twitter_card":"summary_large_image","twitter_misc":{"Becs\u00fclt olvas\u00e1si id\u0151":"5 perc"},"schema":{"@context":"https:\/\/schema.org","@graph":[{"@type":"WebPage","@id":"https:\/\/www.plasticmoldco.com\/plastic-mold-2\/","url":"https:\/\/www.plasticmoldco.com\/plastic-mold-2\/","name":"M\u0171anyag pen\u00e9sz - M\u0171anyag szersz\u00e1m | K\u00edna Mold Maker","isPartOf":{"@id":"https:\/\/www.plasticmoldco.com\/el\/#website"},"primaryImageOfPage":{"@id":"https:\/\/www.plasticmoldco.com\/plastic-mold-2\/#primaryimage"},"image":{"@id":"https:\/\/www.plasticmoldco.com\/plastic-mold-2\/#primaryimage"},"thumbnailUrl":"https:\/\/plasticmoldco.com\/wp-content\/uploads\/2018\/10\/new.n-300x18.jpg","datePublished":"2018-10-17T14:11:22+00:00","breadcrumb":{"@id":"https:\/\/www.plasticmoldco.com\/plastic-mold-2\/#breadcrumb"},"inLanguage":"hu","potentialAction":[{"@type":"ReadAction","target":["https:\/\/www.plasticmoldco.com\/plastic-mold-2\/"]}]},{"@type":"ImageObject","inLanguage":"hu","@id":"https:\/\/www.plasticmoldco.com\/plastic-mold-2\/#primaryimage","url":"https:\/\/plasticmoldco.com\/wp-content\/uploads\/2018\/10\/new.n-300x18.jpg","contentUrl":"https:\/\/plasticmoldco.com\/wp-content\/uploads\/2018\/10\/new.n-300x18.jpg"},{"@type":"BreadcrumbList","@id":"https:\/\/www.plasticmoldco.com\/plastic-mold-2\/#breadcrumb","itemListElement":[{"@type":"ListItem","position":1,"name":"Home","item":"https:\/\/www.plasticmoldco.com\/"},{"@type":"ListItem","position":2,"name":"Plastic mold"}]},{"@type":"WebSite","@id":"https:\/\/www.plasticmoldco.com\/el\/#website","url":"https:\/\/www.plasticmoldco.com\/el\/","name":"M\u0171anyag Mold | K\u00edna Mold Maker","description":"Porcel\u00e1n fr\u00f6ccs\u00f6nt\u0151form\u00e1t keres? Mi vagyunk a m\u0171anyag szersz\u00e1mgy\u00e1rt\u00f3","publisher":{"@id":"https:\/\/www.plasticmoldco.com\/el\/#organization"},"potentialAction":[{"@type":"SearchAction","target":{"@type":"EntryPoint","urlTemplate":"https:\/\/www.plasticmoldco.com\/el\/?s={search_term_string}"},"query-input":{"@type":"PropertyValueSpecification","valueRequired":true,"valueName":"search_term_string"}}],"inLanguage":"hu"},{"@type":"Organization","@id":"https:\/\/www.plasticmoldco.com\/el\/#organization","name":"M\u0171anyag Mold | K\u00edna Mold Maker","url":"https:\/\/www.plasticmoldco.com\/el\/","logo":{"@type":"ImageObject","inLanguage":"hu","@id":"https:\/\/www.plasticmoldco.com\/el\/#\/schema\/logo\/image\/","url":"https:\/\/plasticmoldco.com\/wp-content\/uploads\/2018\/10\/nlogon.png","contentUrl":"https:\/\/plasticmoldco.com\/wp-content\/uploads\/2018\/10\/nlogon.png","width":204,"height":54,"caption":"Plastic Mold | China Mold Maker"},"image":{"@id":"https:\/\/www.plasticmoldco.com\/el\/#\/schema\/logo\/image\/"}}]}},"_links":{"self":[{"href":"https:\/\/www.plasticmoldco.com\/hu\/wp-json\/wp\/v2\/pages\/669","targetHints":{"allow":["GET"]}}],"collection":[{"href":"https:\/\/www.plasticmoldco.com\/hu\/wp-json\/wp\/v2\/pages"}],"about":[{"href":"https:\/\/www.plasticmoldco.com\/hu\/wp-json\/wp\/v2\/types\/page"}],"author":[{"embeddable":true,"href":"https:\/\/www.plasticmoldco.com\/hu\/wp-json\/wp\/v2\/users\/1"}],"replies":[{"embeddable":true,"href":"https:\/\/www.plasticmoldco.com\/hu\/wp-json\/wp\/v2\/comments?post=669"}],"version-history":[{"count":0,"href":"https:\/\/www.plasticmoldco.com\/hu\/wp-json\/wp\/v2\/pages\/669\/revisions"}],"wp:attachment":[{"href":"https:\/\/www.plasticmoldco.com\/hu\/wp-json\/wp\/v2\/media?parent=669"}],"curies":[{"name":"wp","href":"https:\/\/api.w.org\/{rel}","templated":true}]}}