{"id":1201,"date":"2018-10-20T02:17:42","date_gmt":"2018-10-19T18:17:42","guid":{"rendered":"https:\/\/plasticmoldco.com\/?page_id=1201"},"modified":"2018-10-20T16:33:29","modified_gmt":"2018-10-20T08:33:29","slug":"overmolding-parts-001-2","status":"publish","type":"page","link":"https:\/\/www.plasticmoldco.com\/hu\/atformazott-alkatreszek-001-2\/","title":{"rendered":"\u00c1tdolgozott alkatr\u00e9szek 001"},"content":{"rendered":"<p>[et_pb_section bb_built=\"1\u2033 disabled_on=\"on|on|\" _builder_version=\"3.10.2\u2033 custom_padding=\"0|0|0px|0|0px|0px|false|false\" next_background_color=\"#000000\u2033][et_pb_row custom_padding=\"18px|0px|0|0px|0px|false|false\" _builder_version=\"3.0.48\u2033 background_size=\"initial\" background_position=\"top_left\" background_repeat=\"repeat\"][et_pb_column type=\"4_4\u2033][et_pb_text _builder_version=\"3.10.2\u2033 custom_margin=\"0px|-120px|16px|-100px\"]<\/p>\n<p><img loading=\"lazy\" decoding=\"async\" class=\"wp-image-213 alignnone size-medium\" src=\"https:\/\/plasticmoldco.com\/wp-content\/uploads\/2018\/10\/new.n-300x18.jpg\" alt=\"\" width=\"1266\" height=\"76\" srcset=\"https:\/\/www.plasticmoldco.com\/wp-content\/uploads\/2018\/10\/new.n-300x18.jpg 300w, https:\/\/www.plasticmoldco.com\/wp-content\/uploads\/2018\/10\/new.n-768x45.jpg 768w, https:\/\/www.plasticmoldco.com\/wp-content\/uploads\/2018\/10\/new.n-1024x60.jpg 1024w\" sizes=\"(max-width: 1266px) 100vw, 1266px\" \/><\/p>\n<p>[\/et_pb_text][\/et_pb_column][\/et_pb_row][\/et_pb_section][et_pb_section bb_built=\"1\u2033 disabled_on=\"||on\" _builder_version=\"3.10.2\u2033 custom_padding=\"22px|0px|0|0|0px|false|false\" prev_background_color=\"#000000\u2033 next_background_color=\"#000000\u2033][et_pb_row custom_padding=\"0|0px|12px|0px|0px|false|false|false\" _builder_version=\"3.0.48\u2033 background_size=\"initial\" background_position=\"top_left\" background_repeat=\"repeat\"][et_pb_column type=\"4_4\u2033][et_pb_text _builder_version=\"3.10.2\u2033]<\/p>\n<p><img loading=\"lazy\" decoding=\"async\" class=\"wp-image-213 alignnone size-medium\" src=\"https:\/\/plasticmoldco.com\/wp-content\/uploads\/2018\/10\/new.n-300x18.jpg\" alt=\"\" width=\"1266\" height=\"76\" srcset=\"https:\/\/www.plasticmoldco.com\/wp-content\/uploads\/2018\/10\/new.n-300x18.jpg 300w, https:\/\/www.plasticmoldco.com\/wp-content\/uploads\/2018\/10\/new.n-768x45.jpg 768w, https:\/\/www.plasticmoldco.com\/wp-content\/uploads\/2018\/10\/new.n-1024x60.jpg 1024w\" sizes=\"(max-width: 1266px) 100vw, 1266px\" \/><\/p>\n<p>[\/et_pb_text][\/et_pb_column][\/et_pb_row][\/et_pb_section][et_pb_section bb_built=\"1\u2033 disabled_on=\"on|on|\" _builder_version=\"3.10.2\u2033 custom_padding=\"0|0px|54px|0px|false|false\" prev_background_color=\"#000000\u2033 next_background_color=\"#000000\u2033][et_pb_row custom_padding=\"0|0px|0|0px|0px|false|false\" _builder_version=\"3.0.48\u2033 background_size=\"initial\" background_position=\"top_left\" background_repeat=\"repeat\"][et_pb_column type=\"3_4\u2033][et_pb_text _builder_version=\"3.10.2\u2033 border_width_all=\"3px\" border_color_all=\"#e5e5e5\u2033 custom_margin=\"15px|-90px|||-86px\" custom_padding=\"10px|10px|10px|10px|10px\"]<\/p>\n<div id=\"titlep\">\n<div id=\"titlep\">\n<div id=\"titlep\">\n<div id=\"titlep\">\n<div>\n<h1>\u00c1tdolgozott alkatr\u00e9szek 001<\/h1>\n<\/div>\n<\/div>\n<div id=\"mge\"><img loading=\"lazy\" decoding=\"async\" class=\"alignnone  wp-image-1072\" src=\"https:\/\/plasticmoldco.com\/wp-content\/uploads\/2018\/10\/999-300x200.jpg\" alt=\"\" width=\"780\" height=\"520\" srcset=\"https:\/\/www.plasticmoldco.com\/wp-content\/uploads\/2018\/10\/999-300x200.jpg 300w, https:\/\/www.plasticmoldco.com\/wp-content\/uploads\/2018\/10\/999.jpg 700w\" sizes=\"(max-width: 780px) 100vw, 780px\" \/><\/div>\n<p>&nbsp;<\/p>\n<p>mi az overmolding pen\u00e9sz?h\u00e1ny l\u00e9p\u00e9s a overmolding r\u00e9szhez?<\/p>\n<p>Egyes szersz\u00e1mok lehet\u0151v\u00e9 teszik a kor\u00e1bban \u00f6nt\u00f6tt alkatr\u00e9szek \u00fajb\u00f3li behelyez\u00e9s\u00e9t, hogy az els\u0151 alkatr\u00e9sz k\u00f6r\u00fcl \u00faj m\u0171anyagr\u00e9teg alakuljon ki. Ezt gyakran nevezik <a href=\"https:\/\/web.archive.org\/web\/20140805223214\/http:\/\/www.moldchina.org\/\">\u00e1tform\u00e1z\u00e1s<\/a>. Ez a rendszer lehet\u0151v\u00e9 teszi az egy darabb\u00f3l \u00e1ll\u00f3 gumiabroncsok \u00e9s kerekek gy\u00e1rt\u00e1s\u00e1t.<\/p>\n<p>A k\u00e9tsugaras vagy t\u00f6bbsugaras szersz\u00e1mokat \u00fagy tervezt\u00e9k, hogy egyetlen fr\u00f6ccs\u00f6nt\u00e9si cikluson bel\u00fcl \"t\u00falform\u00e1zz\u00e1k\", \u00e9s azokat speci\u00e1lis, k\u00e9t vagy t\u00f6bb fr\u00f6ccs\u00f6nt\u0151egys\u00e9ggel rendelkez\u0151 fr\u00f6ccs\u00f6nt\u0151g\u00e9peken kell feldolgozni. Ez a folyamat tulajdonk\u00e9ppen egy k\u00e9tszer elv\u00e9gzett fr\u00f6ccs\u00f6nt\u00e9si folyamat. Az els\u0151 l\u00e9p\u00e9sben az alapsz\u00edn\u0171 anyagot alapform\u00e1ba \u00f6ntik. Ezut\u00e1n a m\u00e1sodik anyagot fr\u00f6ccs\u00f6ntik a fennmarad\u00f3 nyitott helyekre. Ezt a helyet a m\u00e1sodik fr\u00f6ccs\u00f6nt\u00e9si l\u00e9p\u00e9s sor\u00e1n egy m\u00e1sik sz\u00edn\u0171 anyaggal t\u00f6ltik ki.<\/p>\n<p>Professzion\u00e1lis k\u00fcl\u00f6nb\u00f6z\u0151 m\u0171anyag szersz\u00e1mok tervez\u00e9se \u00e9s gy\u00e1rt\u00e1sa<br \/>\nGazdag tapasztalat a szersz\u00e1mtervez\u00e9s \u00e9s gy\u00e1rt\u00e1s ter\u00e9n<br \/>\nImport\u00e1lt nagy pontoss\u00e1g\u00fa megmunk\u00e1l\u00f3k\u00f6zpont<br \/>\nA megmunk\u00e1l\u00e1si pontoss\u00e1g 0,0025 mm k\u00f6r\u00fcl szab\u00e1lyozhat\u00f3, a feldolgoz\u00e1si m\u00e9ret legfeljebb 1020\u00d7610\u00d7610 mm.<\/p>\n<p>A nagy pontoss\u00e1g\u00fa k\u00f6sz\u00f6r\u0171g\u00e9pek a prec\u00edzi\u00f3s form\u00e1khoz sz\u00fcks\u00e9ges berendez\u00e9sek. A v\u00e1llalat min\u0151s\u00e9gi strat\u00e9gi\u00e1t val\u00f3s\u00edt meg. A csiszol\u00f3g\u00e9pek nagy pontoss\u00e1g\u00fa csiszol\u00f3g\u00e9pek (\u00b1 0,002 mm-ig terjed\u0151 pontoss\u00e1g, nagyobb, mint a megmunk\u00e1l\u00f3k\u00f6zpont). A mar\u00f3g\u00e9peket Tajvanr\u00f3l import\u00e1lj\u00e1k, amelyek k\u00f6z\u00fcl 4 automata be- \u00e9s kirakod\u00f3 rendszerrel van felszerelve. Nagy teljes\u00edtm\u00e9ny\u0171ek, pontosak \u00e9s prec\u00edzek. Az EDM g\u00e9pek \u00e9s a CNC dr\u00f3tv\u00e1g\u00f3 g\u00e9pek pontosan v\u00e1gj\u00e1k a lejt\u00e9st \u00e9s a k\u00fapokat.<\/p>\n<\/div>\n<\/div>\n<\/div>\n<p>[\/et_pb_text][\/et_pb_column][et_pb_column type=\u201d1_4\u2033][et_pb_sidebar _builder_version=\u201d3.10.2\u2033 area=\u201dsidebar-1\u2033 custom_margin=\u201d15px|-94px|||40px\u201d custom_padding=\u201d10px|10px|10px|10px|10px\u201d border_width_all=\u201d2px\u201d border_color_all=\u201d#d3d3d3d3\u2033 \/][\/et_pb_column][\/et_pb_row][\/et_pb_section][et_pb_section bb_built=\u201d1\u2033 disabled_on=\u201d||on\u201d _builder_version=\u201d3.10.2\u2033 custom_padding=\u201d0|0px|54px|0px|false|false\u201d next_background_color=\u201d#000000\u2033 prev_background_color=\u201d#000000\u2033][et_pb_row custom_padding=\u201d0|0px|0|0px|0px|false|false\u201d _builder_version=\u201d3.0.48\u2033 background_size=\u201dinitial\u201d background_position=\u201dtop_left\u201d background_repeat=\u201drepeat\u201d][et_pb_column type=\u201d4_4\u2033][et_pb_text _builder_version=\u201d3.10.2\u2033 border_width_all=\u201d3px\u201d border_color_all=\u201d#e5e5e5\u2033]<\/p>\n<div id=\"titlep\">\n<div id=\"titlep\">\n<div id=\"titlep\">\n<div id=\"titlep\">\n<div id=\"titlep\">\n<div id=\"titlep\">\n<div id=\"titlep\">\n<div id=\"titlep\">\n<div id=\"titlep\">\n<div>\n<h1>\u00c1tdolgozott alkatr\u00e9szek 001<\/h1>\n<\/div>\n<\/div>\n<div id=\"mge\"><img loading=\"lazy\" decoding=\"async\" class=\"alignnone  wp-image-1072\" src=\"https:\/\/plasticmoldco.com\/wp-content\/uploads\/2018\/10\/999-300x200.jpg\" alt=\"\" width=\"780\" height=\"520\" srcset=\"https:\/\/www.plasticmoldco.com\/wp-content\/uploads\/2018\/10\/999-300x200.jpg 300w, https:\/\/www.plasticmoldco.com\/wp-content\/uploads\/2018\/10\/999.jpg 700w\" sizes=\"(max-width: 780px) 100vw, 780px\" \/><\/div>\n<p>&nbsp;<\/p>\n<p>mi az overmolding pen\u00e9sz?h\u00e1ny l\u00e9p\u00e9s a overmolding r\u00e9szhez?<\/p>\n<p>Egyes szersz\u00e1mok lehet\u0151v\u00e9 teszik a kor\u00e1bban \u00f6nt\u00f6tt alkatr\u00e9szek \u00fajb\u00f3li behelyez\u00e9s\u00e9t, hogy az els\u0151 alkatr\u00e9sz k\u00f6r\u00fcl \u00faj m\u0171anyagr\u00e9teg alakuljon ki. Ezt gyakran nevezik <a href=\"https:\/\/web.archive.org\/web\/20140805223214\/http:\/\/www.moldchina.org\/\">\u00e1tform\u00e1z\u00e1s<\/a>. Ez a rendszer lehet\u0151v\u00e9 teszi az egy darabb\u00f3l \u00e1ll\u00f3 gumiabroncsok \u00e9s kerekek gy\u00e1rt\u00e1s\u00e1t.<\/p>\n<p>A k\u00e9tsugaras vagy t\u00f6bbsugaras szersz\u00e1mokat \u00fagy tervezt\u00e9k, hogy egyetlen fr\u00f6ccs\u00f6nt\u00e9si cikluson bel\u00fcl \"t\u00falform\u00e1zz\u00e1k\", \u00e9s azokat speci\u00e1lis, k\u00e9t vagy t\u00f6bb fr\u00f6ccs\u00f6nt\u0151egys\u00e9ggel rendelkez\u0151 fr\u00f6ccs\u00f6nt\u0151g\u00e9peken kell feldolgozni. Ez a folyamat tulajdonk\u00e9ppen egy k\u00e9tszer elv\u00e9gzett fr\u00f6ccs\u00f6nt\u00e9si folyamat. Az els\u0151 l\u00e9p\u00e9sben az alapsz\u00edn\u0171 anyagot alapform\u00e1ba \u00f6ntik. Ezut\u00e1n a m\u00e1sodik anyagot fr\u00f6ccs\u00f6ntik a fennmarad\u00f3 nyitott helyekre. Ezt a helyet a m\u00e1sodik fr\u00f6ccs\u00f6nt\u00e9si l\u00e9p\u00e9s sor\u00e1n egy m\u00e1sik sz\u00edn\u0171 anyaggal t\u00f6ltik ki.<\/p>\n<p>Professzion\u00e1lis k\u00fcl\u00f6nb\u00f6z\u0151 m\u0171anyag szersz\u00e1mok tervez\u00e9se \u00e9s gy\u00e1rt\u00e1sa<br \/>\nGazdag tapasztalat a szersz\u00e1mtervez\u00e9s \u00e9s gy\u00e1rt\u00e1s ter\u00e9n<br \/>\nImport\u00e1lt nagy pontoss\u00e1g\u00fa megmunk\u00e1l\u00f3k\u00f6zpont<br \/>\nA megmunk\u00e1l\u00e1si pontoss\u00e1g 0,0025 mm k\u00f6r\u00fcl szab\u00e1lyozhat\u00f3, a feldolgoz\u00e1si m\u00e9ret legfeljebb 1020\u00d7610\u00d7610 mm.<\/p>\n<p>A nagy pontoss\u00e1g\u00fa k\u00f6sz\u00f6r\u0171g\u00e9pek a prec\u00edzi\u00f3s form\u00e1khoz sz\u00fcks\u00e9ges berendez\u00e9sek. A v\u00e1llalat min\u0151s\u00e9gi strat\u00e9gi\u00e1t val\u00f3s\u00edt meg. A csiszol\u00f3g\u00e9pek nagy pontoss\u00e1g\u00fa csiszol\u00f3g\u00e9pek (\u00b1 0,002 mm-ig terjed\u0151 pontoss\u00e1g, nagyobb, mint a megmunk\u00e1l\u00f3k\u00f6zpont). A mar\u00f3g\u00e9peket Tajvanr\u00f3l import\u00e1lj\u00e1k, amelyek k\u00f6z\u00fcl 4 automata be- \u00e9s kirakod\u00f3 rendszerrel van felszerelve. Nagy teljes\u00edtm\u00e9ny\u0171ek, pontosak \u00e9s prec\u00edzek. Az EDM g\u00e9pek \u00e9s a CNC dr\u00f3tv\u00e1g\u00f3 g\u00e9pek pontosan v\u00e1gj\u00e1k a lejt\u00e9st \u00e9s a k\u00fapokat.<\/p>\n<\/div>\n<\/div>\n<\/div>\n<\/div>\n<\/div>\n<\/div>\n<\/div>\n<\/div>\n<p>[\/et_pb_text][et_pb_sidebar _builder_version=\"3.10.2\u2033 area=\"sidebar-1\u2033 custom_padding=\"10px|||10px|10px\" border_width_all=\"2px\" border_color_all=\"#d3d3d3d3\u2033 custom_margin=\"|-250px|||\" \/][\/et_pb_column][\/et_pb_row][\/et_pb_section][et_pb_section bb_built=\"1\u2033 disabled_on=\"on|on|\" _builder_version=\u201d3.10.2\u2033 custom_margin=\u201d-103px|||\u201d prev_background_color=\u201d#000000\u2033 next_background_color=\u201d#000000\u2033][et_pb_row _builder_version=\u201d3.0.48\u2033 background_size=\"initial\" background_position=\"top_left\" background_repeat=\"repeat\"][et_pb_column type=\"4_4\u2033][et_pb_text _builder_version=\"3.10.2\u2033 custom_margin=\"|-62px||-84px\"]<\/p>\n<p style=\"padding-left: 30px;\"><strong>K\u00edna m\u0171anyag fr\u00f6ccs\u00f6nt\u0151 pen\u00e9sz, szersz\u00e1mk\u00e9sz\u00edt\u0151, K\u00edna szersz\u00e1mk\u00e9sz\u00edt\u0151, K\u00edna szersz\u00e1moz\u00e1s, m\u0171anyag pen\u00e9sz porcel\u00e1n, K\u00edna fr\u00f6ccs\u00f6nt\u0151 pen\u00e9sz gy\u00e1r, m\u0171anyag fr\u00f6ccs\u00f6nt\u0151 pen\u00e9sz gy\u00e1rt\u00f3 K\u00edn\u00e1ban<\/strong><\/p>\n<p>[\/et_pb_text][et_pb_text _builder_version=\u201d3.10.2\u2033 custom_margin=\u201d-15px|-50px||-50px\u201d]<\/p>\n<p><strong><span style=\"color: #0c0c0c;\"><a href=\"https:\/\/www.plasticmoldco.com\/hu\/\">Home\u00a0 \u00a0<\/a>|\u00a0 \u00a0<a href=\"https:\/\/www.plasticmoldco.com\/hu\/about-us\/\">R\u00f3lunk\u00a0<\/a> \u00a0|\u00a0 <a href=\"https:\/\/www.plasticmoldco.com\/hu\/tervezomernoki-tevekenyseg\/\">Tervez\u00e9s \u00e9s tervez\u00e9s<\/a>\u00a0 |\u00a0 \u00a0<a href=\"https:\/\/www.plasticmoldco.com\/hu\/products\/\">Term\u00e9kek\u00a0\u00a0\u00a0\u00a0\u00a0<\/a>|\u00a0\u00a0\u00a0\u00a0\u00a0<a href=\"https:\/\/www.plasticmoldco.com\/hu\/hirek\/\">H\u00edrek<\/a>\u00a0\u00a0\u00a0\u00a0\u00a0|\u00a0\u00a0\u00a0\u00a0\u00a0<a href=\"https:\/\/www.plasticmoldco.com\/hu\/minosegi-biztositas\/\">Min\u0151s\u00e9gi biztos\u00edt\u00e1s\u00a0<\/a>\u00a0\u00a0\u00a0\u00a0|\u00a0 \u00a0 <a href=\"https:\/\/www.plasticmoldco.com\/hu\/po-eljaras\/\">PO elj\u00e1r\u00e1s<\/a>\u00a0 \u00a0 |\u00a0 \u00a0 <a href=\"https:\/\/www.plasticmoldco.com\/hu\/eqipment\/\">Berendez\u00e9sek\u00a0 \u00a0<\/a> |\u00a0 \u00a0<a href=\"https:\/\/www.plasticmoldco.com\/hu\/ipari-formatervezesi-eset\/\">Ipari tervez\u00e9s eset\u00a0<\/a> \u00a0 |\u00a0 \u00a0 <a href=\"https:\/\/www.plasticmoldco.com\/hu\/oldalterkep\/\">Oldalt\u00e9rk\u00e9p<\/a><\/span><\/strong><\/p>\n<p>[\/et_pb_text][et_pb_text _builder_version=\"3.10.2\u2033 custom_margin=\"-15px||||\"]<\/p>\n<p style=\"text-align: center;\"><strong>Szerz\u0151i jog \u00a9 2011 DONGGUAN SINCER TECH CO.LTD. | K\u00edna Mold maker, porcel\u00e1n m\u0171anyag fr\u00f6ccs\u00f6nt\u00e9s, porcel\u00e1n szersz\u00e1mk\u00e9sz\u00edt\u0151.<\/strong><br \/>\n<strong> C\u00e9gjegyz\u00e9ksz\u00e1m:1626173<\/strong><\/p>\n<p>[\/et_pb_text][\/et_pb_column][\/et_pb_row][\/et_pb_section][et_pb_section bb_built=\"1\u2033 disabled_on=\"||on\" _builder_version=\"3.10.2\u2033 custom_margin=\"-103px||||\" prev_background_color=\"#000000\u2033][et_pb_row _builder_version=\"3.0.48\u2033 background_size=\"initial\" background_position=\"top_left\" background_repeat=\"repeat\"][et_pb_column type=\"4_4\u2033][et_pb_text _builder_version=\"3.10.2\u2033]<\/p>\n<p style=\"padding-left: 30px;\"><strong>K\u00edna m\u0171anyag fr\u00f6ccs\u00f6nt\u0151 pen\u00e9sz, szersz\u00e1mk\u00e9sz\u00edt\u0151, K\u00edna szersz\u00e1mk\u00e9sz\u00edt\u0151, K\u00edna szersz\u00e1moz\u00e1s, m\u0171anyag pen\u00e9sz porcel\u00e1n, K\u00edna fr\u00f6ccs\u00f6nt\u0151 pen\u00e9sz gy\u00e1r, m\u0171anyag fr\u00f6ccs\u00f6nt\u0151 pen\u00e9sz gy\u00e1rt\u00f3 K\u00edn\u00e1ban<\/strong><\/p>\n<p>[\/et_pb_text][et_pb_text _builder_version=\u201d3.10.2\u2033]<\/p>\n<p><strong><span style=\"color: #0c0c0c;\"><a href=\"https:\/\/www.plasticmoldco.com\/hu\/\">Home\u00a0 \u00a0<\/a>|\u00a0 \u00a0<a href=\"https:\/\/www.plasticmoldco.com\/hu\/about-us\/\">R\u00f3lunk\u00a0<\/a> \u00a0|\u00a0 <a href=\"https:\/\/www.plasticmoldco.com\/hu\/tervezomernoki-tevekenyseg\/\">Tervez\u00e9s \u00e9s tervez\u00e9s<\/a>\u00a0 |\u00a0 \u00a0<a href=\"https:\/\/www.plasticmoldco.com\/hu\/products\/\">Term\u00e9kek\u00a0\u00a0\u00a0\u00a0\u00a0<\/a>|\u00a0\u00a0\u00a0\u00a0\u00a0<a href=\"https:\/\/www.plasticmoldco.com\/hu\/hirek\/\">H\u00edrek<\/a>\u00a0\u00a0\u00a0\u00a0\u00a0|\u00a0\u00a0\u00a0\u00a0\u00a0<a href=\"https:\/\/www.plasticmoldco.com\/hu\/minosegi-biztositas\/\">Min\u0151s\u00e9gi biztos\u00edt\u00e1s\u00a0<\/a>\u00a0\u00a0\u00a0\u00a0|\u00a0 \u00a0 <a href=\"https:\/\/www.plasticmoldco.com\/hu\/po-eljaras\/\">PO elj\u00e1r\u00e1s<\/a>\u00a0 \u00a0 |\u00a0 \u00a0 <a href=\"https:\/\/www.plasticmoldco.com\/hu\/eqipment\/\">Berendez\u00e9sek\u00a0 \u00a0<\/a> |\u00a0 \u00a0<a href=\"https:\/\/www.plasticmoldco.com\/hu\/ipari-formatervezesi-eset\/\">Ipari tervez\u00e9s eset\u00a0<\/a> \u00a0 |\u00a0 \u00a0 <a href=\"https:\/\/www.plasticmoldco.com\/hu\/oldalterkep\/\">Oldalt\u00e9rk\u00e9p<\/a><\/span><\/strong><\/p>\n<p>[\/et_pb_text][et_pb_text _builder_version=\u201d3.10.2\u2033]<\/p>\n<p style=\"text-align: center;\"><strong>Szerz\u0151i jog \u00a9 2011 DONGGUAN SINCER TECH CO.LTD. | K\u00edna Mold maker, porcel\u00e1n m\u0171anyag fr\u00f6ccs\u00f6nt\u00e9s, porcel\u00e1n szersz\u00e1mk\u00e9sz\u00edt\u0151.<\/strong><br \/>\n<strong> C\u00e9gjegyz\u00e9ksz\u00e1m:1626173<\/strong><\/p>\n<p>[\/et_pb_text][\/et_pb_column][\/et_pb_row][\/et_pb_section][\/et_pb_section]<\/p>","protected":false},"excerpt":{"rendered":"<p>Overmolding parts 001 &nbsp; what is overmolding mold?how many steps for the overmolding part? Some molds allow previously molded parts to be reinserted to allow a new plastic layer to form around the first part. This is often referred to as overmolding. This system can allow for production of one-piece tires and wheels. Two-shot or [&hellip;]<\/p>","protected":false},"author":1,"featured_media":0,"parent":0,"menu_order":0,"comment_status":"closed","ping_status":"closed","template":"","meta":{"_et_pb_use_builder":"on","_et_pb_old_content":"","_et_gb_content_width":"","footnotes":""},"class_list":["post-1201","page","type-page","status-publish","hentry"],"yoast_head":"<!-- This site is optimized with the Yoast SEO plugin v27.4 - https:\/\/yoast.com\/product\/yoast-seo-wordpress\/ -->\n<title>Overmolding parts 001 - Plastic Mold | China Mold Maker<\/title>\n<meta name=\"robots\" content=\"index, follow, max-snippet:-1, max-image-preview:large, max-video-preview:-1\" \/>\n<link rel=\"canonical\" href=\"https:\/\/www.plasticmoldco.com\/hu\/pecas-de-sobremoldagem-001-2\/\" \/>\n<meta property=\"og:locale\" content=\"hu_HU\" \/>\n<meta property=\"og:type\" content=\"article\" \/>\n<meta property=\"og:title\" content=\"Overmolding parts 001 - Plastic Mold | China Mold Maker\" \/>\n<meta property=\"og:description\" content=\"Overmolding parts 001 &nbsp; what is overmolding mold?how many steps for the overmolding part? Some molds allow previously molded parts to be reinserted to allow a new plastic layer to form around the first part. This is often referred to as overmolding. This system can allow for production of one-piece tires and wheels. Two-shot or [&hellip;]\" \/>\n<meta property=\"og:url\" content=\"https:\/\/www.plasticmoldco.com\/hu\/pecas-de-sobremoldagem-001-2\/\" \/>\n<meta property=\"og:site_name\" content=\"Plastic Mold | China Mold Maker\" \/>\n<meta property=\"article:modified_time\" content=\"2018-10-20T08:33:29+00:00\" \/>\n<meta property=\"og:image\" content=\"https:\/\/plasticmoldco.com\/wp-content\/uploads\/2018\/10\/new.n-300x18.jpg\" \/>\n<meta name=\"twitter:card\" content=\"summary_large_image\" \/>\n<meta name=\"twitter:label1\" content=\"Becs\u00fclt olvas\u00e1si id\u0151\" \/>\n\t<meta name=\"twitter:data1\" content=\"5 perc\" \/>\n<script type=\"application\/ld+json\" class=\"yoast-schema-graph\">{\"@context\":\"https:\\\/\\\/schema.org\",\"@graph\":[{\"@type\":\"WebPage\",\"@id\":\"https:\\\/\\\/www.plasticmoldco.com\\\/pt\\\/pecas-de-sobremoldagem-001-2\\\/\",\"url\":\"https:\\\/\\\/www.plasticmoldco.com\\\/pt\\\/pecas-de-sobremoldagem-001-2\\\/\",\"name\":\"Overmolding parts 001 - Plastic Mold | China Mold Maker\",\"isPartOf\":{\"@id\":\"https:\\\/\\\/www.plasticmoldco.com\\\/el\\\/#website\"},\"primaryImageOfPage\":{\"@id\":\"https:\\\/\\\/www.plasticmoldco.com\\\/pt\\\/pecas-de-sobremoldagem-001-2\\\/#primaryimage\"},\"image\":{\"@id\":\"https:\\\/\\\/www.plasticmoldco.com\\\/pt\\\/pecas-de-sobremoldagem-001-2\\\/#primaryimage\"},\"thumbnailUrl\":\"https:\\\/\\\/plasticmoldco.com\\\/wp-content\\\/uploads\\\/2018\\\/10\\\/new.n-300x18.jpg\",\"datePublished\":\"2018-10-19T18:17:42+00:00\",\"dateModified\":\"2018-10-20T08:33:29+00:00\",\"breadcrumb\":{\"@id\":\"https:\\\/\\\/www.plasticmoldco.com\\\/pt\\\/pecas-de-sobremoldagem-001-2\\\/#breadcrumb\"},\"inLanguage\":\"hu\",\"potentialAction\":[{\"@type\":\"ReadAction\",\"target\":[\"https:\\\/\\\/www.plasticmoldco.com\\\/pt\\\/pecas-de-sobremoldagem-001-2\\\/\"]}]},{\"@type\":\"ImageObject\",\"inLanguage\":\"hu\",\"@id\":\"https:\\\/\\\/www.plasticmoldco.com\\\/pt\\\/pecas-de-sobremoldagem-001-2\\\/#primaryimage\",\"url\":\"https:\\\/\\\/plasticmoldco.com\\\/wp-content\\\/uploads\\\/2018\\\/10\\\/new.n-300x18.jpg\",\"contentUrl\":\"https:\\\/\\\/plasticmoldco.com\\\/wp-content\\\/uploads\\\/2018\\\/10\\\/new.n-300x18.jpg\"},{\"@type\":\"BreadcrumbList\",\"@id\":\"https:\\\/\\\/www.plasticmoldco.com\\\/pt\\\/pecas-de-sobremoldagem-001-2\\\/#breadcrumb\",\"itemListElement\":[{\"@type\":\"ListItem\",\"position\":1,\"name\":\"Home\",\"item\":\"https:\\\/\\\/www.plasticmoldco.com\\\/\"},{\"@type\":\"ListItem\",\"position\":2,\"name\":\"Overmolding parts 001\"}]},{\"@type\":\"WebSite\",\"@id\":\"https:\\\/\\\/www.plasticmoldco.com\\\/el\\\/#website\",\"url\":\"https:\\\/\\\/www.plasticmoldco.com\\\/el\\\/\",\"name\":\"Plastic Mold | China Mold Maker\",\"description\":\"Are you looking for injection mold china? We are plastic mold maker\",\"publisher\":{\"@id\":\"https:\\\/\\\/www.plasticmoldco.com\\\/el\\\/#organization\"},\"potentialAction\":[{\"@type\":\"SearchAction\",\"target\":{\"@type\":\"EntryPoint\",\"urlTemplate\":\"https:\\\/\\\/www.plasticmoldco.com\\\/el\\\/?s={search_term_string}\"},\"query-input\":{\"@type\":\"PropertyValueSpecification\",\"valueRequired\":true,\"valueName\":\"search_term_string\"}}],\"inLanguage\":\"hu\"},{\"@type\":\"Organization\",\"@id\":\"https:\\\/\\\/www.plasticmoldco.com\\\/el\\\/#organization\",\"name\":\"Plastic Mold | China Mold Maker\",\"url\":\"https:\\\/\\\/www.plasticmoldco.com\\\/el\\\/\",\"logo\":{\"@type\":\"ImageObject\",\"inLanguage\":\"hu\",\"@id\":\"https:\\\/\\\/www.plasticmoldco.com\\\/el\\\/#\\\/schema\\\/logo\\\/image\\\/\",\"url\":\"https:\\\/\\\/plasticmoldco.com\\\/wp-content\\\/uploads\\\/2018\\\/10\\\/nlogon.png\",\"contentUrl\":\"https:\\\/\\\/plasticmoldco.com\\\/wp-content\\\/uploads\\\/2018\\\/10\\\/nlogon.png\",\"width\":204,\"height\":54,\"caption\":\"Plastic Mold | China Mold Maker\"},\"image\":{\"@id\":\"https:\\\/\\\/www.plasticmoldco.com\\\/el\\\/#\\\/schema\\\/logo\\\/image\\\/\"}}]}<\/script>\n<!-- \/ Yoast SEO plugin. -->","yoast_head_json":{"title":"Overmolding alkatr\u00e9szek 001 - M\u0171anyag szersz\u00e1m | K\u00edna Mold Maker","robots":{"index":"index","follow":"follow","max-snippet":"max-snippet:-1","max-image-preview":"max-image-preview:large","max-video-preview":"max-video-preview:-1"},"canonical":"https:\/\/www.plasticmoldco.com\/hu\/pecas-de-sobremoldagem-001-2\/","og_locale":"hu_HU","og_type":"article","og_title":"Overmolding parts 001 - Plastic Mold | China Mold Maker","og_description":"Overmolding parts 001 &nbsp; what is overmolding mold?how many steps for the overmolding part? Some molds allow previously molded parts to be reinserted to allow a new plastic layer to form around the first part. This is often referred to as overmolding. This system can allow for production of one-piece tires and wheels. Two-shot or [&hellip;]","og_url":"https:\/\/www.plasticmoldco.com\/hu\/pecas-de-sobremoldagem-001-2\/","og_site_name":"Plastic Mold | China Mold Maker","article_modified_time":"2018-10-20T08:33:29+00:00","og_image":[{"url":"https:\/\/plasticmoldco.com\/wp-content\/uploads\/2018\/10\/new.n-300x18.jpg","type":"","width":"","height":""}],"twitter_card":"summary_large_image","twitter_misc":{"Becs\u00fclt olvas\u00e1si id\u0151":"5 perc"},"schema":{"@context":"https:\/\/schema.org","@graph":[{"@type":"WebPage","@id":"https:\/\/www.plasticmoldco.com\/pt\/pecas-de-sobremoldagem-001-2\/","url":"https:\/\/www.plasticmoldco.com\/pt\/pecas-de-sobremoldagem-001-2\/","name":"Overmolding alkatr\u00e9szek 001 - M\u0171anyag szersz\u00e1m | K\u00edna Mold Maker","isPartOf":{"@id":"https:\/\/www.plasticmoldco.com\/el\/#website"},"primaryImageOfPage":{"@id":"https:\/\/www.plasticmoldco.com\/pt\/pecas-de-sobremoldagem-001-2\/#primaryimage"},"image":{"@id":"https:\/\/www.plasticmoldco.com\/pt\/pecas-de-sobremoldagem-001-2\/#primaryimage"},"thumbnailUrl":"https:\/\/plasticmoldco.com\/wp-content\/uploads\/2018\/10\/new.n-300x18.jpg","datePublished":"2018-10-19T18:17:42+00:00","dateModified":"2018-10-20T08:33:29+00:00","breadcrumb":{"@id":"https:\/\/www.plasticmoldco.com\/pt\/pecas-de-sobremoldagem-001-2\/#breadcrumb"},"inLanguage":"hu","potentialAction":[{"@type":"ReadAction","target":["https:\/\/www.plasticmoldco.com\/pt\/pecas-de-sobremoldagem-001-2\/"]}]},{"@type":"ImageObject","inLanguage":"hu","@id":"https:\/\/www.plasticmoldco.com\/pt\/pecas-de-sobremoldagem-001-2\/#primaryimage","url":"https:\/\/plasticmoldco.com\/wp-content\/uploads\/2018\/10\/new.n-300x18.jpg","contentUrl":"https:\/\/plasticmoldco.com\/wp-content\/uploads\/2018\/10\/new.n-300x18.jpg"},{"@type":"BreadcrumbList","@id":"https:\/\/www.plasticmoldco.com\/pt\/pecas-de-sobremoldagem-001-2\/#breadcrumb","itemListElement":[{"@type":"ListItem","position":1,"name":"Home","item":"https:\/\/www.plasticmoldco.com\/"},{"@type":"ListItem","position":2,"name":"Overmolding parts 001"}]},{"@type":"WebSite","@id":"https:\/\/www.plasticmoldco.com\/el\/#website","url":"https:\/\/www.plasticmoldco.com\/el\/","name":"M\u0171anyag Mold | K\u00edna Mold Maker","description":"Porcel\u00e1n fr\u00f6ccs\u00f6nt\u0151form\u00e1t keres? Mi vagyunk a m\u0171anyag szersz\u00e1mgy\u00e1rt\u00f3","publisher":{"@id":"https:\/\/www.plasticmoldco.com\/el\/#organization"},"potentialAction":[{"@type":"SearchAction","target":{"@type":"EntryPoint","urlTemplate":"https:\/\/www.plasticmoldco.com\/el\/?s={search_term_string}"},"query-input":{"@type":"PropertyValueSpecification","valueRequired":true,"valueName":"search_term_string"}}],"inLanguage":"hu"},{"@type":"Organization","@id":"https:\/\/www.plasticmoldco.com\/el\/#organization","name":"M\u0171anyag Mold | K\u00edna Mold Maker","url":"https:\/\/www.plasticmoldco.com\/el\/","logo":{"@type":"ImageObject","inLanguage":"hu","@id":"https:\/\/www.plasticmoldco.com\/el\/#\/schema\/logo\/image\/","url":"https:\/\/plasticmoldco.com\/wp-content\/uploads\/2018\/10\/nlogon.png","contentUrl":"https:\/\/plasticmoldco.com\/wp-content\/uploads\/2018\/10\/nlogon.png","width":204,"height":54,"caption":"Plastic Mold | China Mold Maker"},"image":{"@id":"https:\/\/www.plasticmoldco.com\/el\/#\/schema\/logo\/image\/"}}]}},"_links":{"self":[{"href":"https:\/\/www.plasticmoldco.com\/hu\/wp-json\/wp\/v2\/pages\/1201","targetHints":{"allow":["GET"]}}],"collection":[{"href":"https:\/\/www.plasticmoldco.com\/hu\/wp-json\/wp\/v2\/pages"}],"about":[{"href":"https:\/\/www.plasticmoldco.com\/hu\/wp-json\/wp\/v2\/types\/page"}],"author":[{"embeddable":true,"href":"https:\/\/www.plasticmoldco.com\/hu\/wp-json\/wp\/v2\/users\/1"}],"replies":[{"embeddable":true,"href":"https:\/\/www.plasticmoldco.com\/hu\/wp-json\/wp\/v2\/comments?post=1201"}],"version-history":[{"count":0,"href":"https:\/\/www.plasticmoldco.com\/hu\/wp-json\/wp\/v2\/pages\/1201\/revisions"}],"wp:attachment":[{"href":"https:\/\/www.plasticmoldco.com\/hu\/wp-json\/wp\/v2\/media?parent=1201"}],"curies":[{"name":"wp","href":"https:\/\/api.w.org\/{rel}","templated":true}]}}