{"id":954,"date":"2018-10-18T17:41:42","date_gmt":"2018-10-18T09:41:42","guid":{"rendered":"https:\/\/plasticmoldco.com\/?page_id=954"},"modified":"2018-10-18T17:41:42","modified_gmt":"2018-10-18T09:41:42","slug":"silicone-tube","status":"publish","type":"page","link":"https:\/\/www.plasticmoldco.com\/fr\/tube-en-silicone\/","title":{"rendered":"Tube en silicone"},"content":{"rendered":"<p>[et_pb_section bb_built=\"1\u2033 disabled_on=\"on|on|\" _builder_version=\"3.10.2\u2033 custom_padding=\"0|0px|0|0px|false|false\" next_background_color=\"#000000\u2033][et_pb_row custom_padding=\"18px|0px|0|0px|false|false\" _builder_version=\"3.0.48\u2033 background_size=\"initial\" background_position=\"top_left\" background_repeat=\"repeat\"][et_pb_column type=\"4_4\u2033][et_pb_text _builder_version=\"3.10.2\u2033 custom_margin=\"0px|-120px|16px|-100px\"]<\/p>\n<p><img loading=\"lazy\" decoding=\"async\" class=\"wp-image-213 alignnone size-medium\" src=\"https:\/\/plasticmoldco.com\/wp-content\/uploads\/2018\/10\/new.n-300x18.jpg\" alt=\"\" width=\"1266\" height=\"76\" srcset=\"https:\/\/www.plasticmoldco.com\/wp-content\/uploads\/2018\/10\/new.n-300x18.jpg 300w, https:\/\/www.plasticmoldco.com\/wp-content\/uploads\/2018\/10\/new.n-768x45.jpg 768w, https:\/\/www.plasticmoldco.com\/wp-content\/uploads\/2018\/10\/new.n-1024x60.jpg 1024w\" sizes=\"(max-width: 1266px) 100vw, 1266px\" \/><\/p>\n<p>[\/et_pb_text][\/et_pb_column][\/et_pb_row][\/et_pb_section][et_pb_section bb_built=\"1\u2033 disabled_on=\"||on\" _builder_version=\"3.10.2\u2033 custom_padding=\"22|0px|0|0px|false|false\" prev_background_color=\"#000000\u2033 next_background_color=\"#000000\u2033][et_pb_row custom_padding=\"0|0px|12px|0px|false|false\" _builder_version=\"3.0.48\u2033 background_size=\"initial\" background_position=\"top_left\" background_repeat=\"repeat\"][et_pb_column type=\"4_4\u2033][et_pb_text _builder_version=\"3.10.2\u2033]<\/p>\n<p><img loading=\"lazy\" decoding=\"async\" class=\"wp-image-213 alignnone size-medium\" src=\"https:\/\/plasticmoldco.com\/wp-content\/uploads\/2018\/10\/new.n-300x18.jpg\" alt=\"\" width=\"1266\" height=\"76\" srcset=\"https:\/\/www.plasticmoldco.com\/wp-content\/uploads\/2018\/10\/new.n-300x18.jpg 300w, https:\/\/www.plasticmoldco.com\/wp-content\/uploads\/2018\/10\/new.n-768x45.jpg 768w, https:\/\/www.plasticmoldco.com\/wp-content\/uploads\/2018\/10\/new.n-1024x60.jpg 1024w\" sizes=\"(max-width: 1266px) 100vw, 1266px\" \/><\/p>\n<p>[\/et_pb_text][\/et_pb_column][\/et_pb_row][\/et_pb_section][et_pb_section bb_built=\"1\u2033 disabled_on=\"on|on|\" _builder_version=\"3.10.2\u2033 custom_padding=\"0|0px|54px|0px|false|false\" prev_background_color=\"#000000\u2033 next_background_color=\"#000000\u2033][et_pb_row custom_padding=\"0|0px|0|false|false\" _builder_version=\"3.0.48\u2033 background_size=\"initial\" background_position=\"top_left\" background_repeat=\"repeat\"][et_pb_column type=\"3_4\u2033][et_pb_text _builder_version=\"3.10.2\u2033 border_width_all=\"3px\" border_color_all=\"#e5e5e5\u2033 custom_margin=\"15px|-90px||-86px\" custom_padding=\"10px|10px|10px|10px\"]<\/p>\n<div id=\"titlep\">\n<div id=\"titlep\">\n<div id=\"titlep\">\n<div id=\"titlep\">\n<div>\n<h1>Tube en silicone<\/h1>\n<\/div>\n<\/div>\n<div id=\"mge\"><\/div>\n<h1><img loading=\"lazy\" decoding=\"async\" class=\"alignnone  wp-image-946\" src=\"https:\/\/plasticmoldco.com\/wp-content\/uploads\/2018\/10\/index.jpg\" alt=\"\" width=\"751\" height=\"356\" \/><\/h1>\n<h1>Tube en silicone<\/h1>\n<p>Produits : OEM moul\u00e9 <em>produit en caoutchouc<\/em> &amp; <a href=\"https:\/\/web.archive.org\/web\/20130719185702\/http:\/\/www.moldchina.org\/china-silicone-2.html\"><em>produit en silicone<\/em> <\/a>comme votre conception<\/p>\n<p>Nous sommes l'un des principaux fabricants de <em>caoutchouc<\/em> et <a href=\"https:\/\/web.archive.org\/web\/20130719185702\/http:\/\/www.moldchina.org\/china-silicone.html\"><em>produit en silicone<\/em> <\/a>en Chine. Envoyez-nous vos dessins ou \u00e9chantillons, nous produirons des produits de haute qualit\u00e9. <em>caoutchouc<\/em> et <em>produit en silicone<\/em> pour vous<\/p>\n<p>1. Mat\u00e9riau :<em> Silicone<\/em>EPDM, NR, NBR, SBR, CR, viton, IR, IIR, FKM, PVC, PU, polyur\u00e9thane, ABS, etc.<br \/>\n2. Duret\u00e9 : Durom\u00e8tre 40-85 Shore A<br \/>\n3. Taille : selon votre conception, dessin ou \u00e9chantillon.<br \/>\n4. Couleur : noir, blanc, transparent, gris, vert, jaune, bleu, rouge, etc.<br \/>\n5. Certification : ISO9001 : 2000, RoHS, REACH, FDA, SGS, UL.<br \/>\n6. Qualit\u00e9 : r\u00e9sistance aux hautes et basses temp\u00e9ratures, r\u00e9sistance aux UV, r\u00e9sistance \u00e0 l'ozone, r\u00e9sistance \u00e0 l'abrasion.<br \/>\n7. Application : Automobile, appareils m\u00e9nagers, appareils de bureau, produits \u00e9lectroniques, industrie g\u00e9n\u00e9rale, machines, sports, jouets, etc.<br \/>\n8. D\u00e9lai de livraison des \u00e9chantillons : 7-15 jours ouvrables.<br \/>\n9. D\u00e9lai de livraison des marchandises : 1-2 semaines pour 10000PCS.<br \/>\n10. Emballage : Emballage standard pour l'exportation : Sac en PVC, carton, palette ou selon votre demande.<\/p>\n<p>OEM ou ODM sont les bienvenus. Si vous souhaitez concevoir ou fabriquer un produit, nous vous invitons \u00e0 nous contacter.<a href=\"https:\/\/web.archive.org\/web\/20130719185702\/http:\/\/www.moldchina.org\/silicone-rubber-molding-china.html\"> caoutchouc et<em> produit en silicone<\/em> <\/a>en Chine, veuillez nous contacter pour plus de d\u00e9tails.<\/p>\n<\/div>\n<\/div>\n<\/div>\n<p>[\/et_pb_text][\/et_pb_column][et_pb_column type=\"1_4\u2033][et_pb_sidebar _builder_version=\"3.10.2\u2033 area=\"sidebar-1\u2033 custom_margin=\"15px|-94px||40px\" custom_padding=\"10px|10px|10px\" border_width_all=\"2px\" border_color_all=\"#d3d3d3\u2033 \/][\/et_pb_column][\/et_pb_row][\/et_pb_section][et_pb_section bb_built=\"1\u2033 disabled_on=\"||on\" _builder_version=\"3.10.2\u2033 custom_padding=\"0|0px|54px|0px|false|false\" prev_background_color=\"#000000\u2033 next_background_color=\"#000000\u2033][et_pb_row custom_padding=\"0|0px|0|0px|false|false\" _builder_version=\"3.0.48\u2033 background_size=\"initial\" background_position=\"top_left\" background_repeat=\"repeat\"][et_pb_column type=\"4_4\u2033][et_pb_text _builder_version=\"3.10.2\u2033 border_width_all=\"3px\" border_color_all=\"#e5e5e5\u2033]<\/p>\n<div id=\"titlep\">\n<div id=\"titlep\">\n<div id=\"titlep\">\n<div id=\"titlep\">\n<div id=\"titlep\">\n<div id=\"titlep\">\n<div>\n<h1>Tube en silicone<\/h1>\n<\/div>\n<\/div>\n<div id=\"mge\"><\/div>\n<h1><img loading=\"lazy\" decoding=\"async\" class=\"alignnone  wp-image-946\" src=\"https:\/\/plasticmoldco.com\/wp-content\/uploads\/2018\/10\/index.jpg\" alt=\"\" width=\"751\" height=\"356\" \/><\/h1>\n<h1>Tube en silicone<\/h1>\n<p>Produits : OEM moul\u00e9 <em>produit en caoutchouc<\/em> &amp; <a href=\"https:\/\/web.archive.org\/web\/20130719185702\/http:\/\/www.moldchina.org\/china-silicone-2.html\"><em>produit en silicone<\/em> <\/a>comme votre conception<\/p>\n<p>Nous sommes l'un des principaux fabricants de <em>caoutchouc<\/em> et <a href=\"https:\/\/web.archive.org\/web\/20130719185702\/http:\/\/www.moldchina.org\/china-silicone.html\"><em>produit en silicone<\/em> <\/a>en Chine. Envoyez-nous vos dessins ou \u00e9chantillons, nous produirons des produits de haute qualit\u00e9. <em>caoutchouc<\/em> et <em>produit en silicone<\/em> pour vous<\/p>\n<p>1. Mat\u00e9riau :<em> Silicone<\/em>EPDM, NR, NBR, SBR, CR, viton, IR, IIR, FKM, PVC, PU, polyur\u00e9thane, ABS, etc.<br \/>\n2. Duret\u00e9 : Durom\u00e8tre 40-85 Shore A<br \/>\n3. Taille : selon votre conception, dessin ou \u00e9chantillon.<br \/>\n4. Couleur : noir, blanc, transparent, gris, vert, jaune, bleu, rouge, etc.<br \/>\n5. Certification : ISO9001 : 2000, RoHS, REACH, FDA, SGS, UL.<br \/>\n6. Qualit\u00e9 : r\u00e9sistance aux hautes et basses temp\u00e9ratures, r\u00e9sistance aux UV, r\u00e9sistance \u00e0 l'ozone, r\u00e9sistance \u00e0 l'abrasion.<br \/>\n7. Application : Automobile, appareils m\u00e9nagers, appareils de bureau, produits \u00e9lectroniques, industrie g\u00e9n\u00e9rale, machines, sports, jouets, etc.<br \/>\n8. D\u00e9lai de livraison des \u00e9chantillons : 7-15 jours ouvrables.<br \/>\n9. D\u00e9lai de livraison des marchandises : 1-2 semaines pour 10000PCS.<br \/>\n10. Emballage : Emballage standard pour l'exportation : Sac en PVC, carton, palette ou selon votre demande.<\/p>\n<p>OEM ou ODM sont les bienvenus. Si vous souhaitez concevoir ou fabriquer un produit, nous vous invitons \u00e0 nous contacter.<a href=\"https:\/\/web.archive.org\/web\/20130719185702\/http:\/\/www.moldchina.org\/silicone-rubber-molding-china.html\"> caoutchouc et<em> produit en silicone<\/em> <\/a>en Chine, veuillez nous contacter pour plus de d\u00e9tails.<\/p>\n<\/div>\n<\/div>\n<\/div>\n<\/div>\n<\/div>\n<p>[\/et_pb_text][et_pb_sidebar _builder_version=\u201d3.10.2\u2033 area=\u201dsidebar-1\u2033 custom_padding=\u201d10px|10px|10px|10px\u201d border_width_all=\u201d2px\u201d border_color_all=\u201d#d3d3d3\u2033 \/][\/et_pb_column][\/et_pb_row][\/et_pb_section][et_pb_section bb_built=\u201d1\u2033 disabled_on=\u201don|on|\u201d _builder_version=\u201d3.10.2\u2033 custom_margin=\u201d-103px|||\u201d prev_background_color=\u201d#000000\u2033 next_background_color=\u201d#000000\u2033][et_pb_row _builder_version=\u201d3.0.48\u2033 background_size=\u201dinitial\u201d background_position=\u201dtop_left\u201d background_repeat=\u201drepeat\u201d][et_pb_column type=\u201d4_4\u2033][et_pb_text _builder_version=\u201d3.10.2\u2033 custom_margin=\u201d|-62px||-84px\u201d]<\/p>\n<p style=\"padding-left: 30px;\"><strong>Moule d'injection plastique en Chine, fabricant d'outils, fabricant de moules en Chine, outillage en Chine, moule d'injection plastique en Chine, usine de moules d'injection en Chine, fabricant de moules d'injection plastique en Chine.<\/strong><\/p>\n<p>[\/et_pb_text][et_pb_text _builder_version=\u201d3.10.2\u2033 custom_margin=\u201d-15px|-50px||-50px\u201d]<\/p>\n<p><strong><span style=\"color: #0c0c0c;\"><a href=\"https:\/\/www.plasticmoldco.com\/fr\/\">Accueil\u00a0 \u00a0<\/a>|\u00a0 \u00a0<a href=\"https:\/\/www.plasticmoldco.com\/fr\/about-us\/\">\u00c0 propos de nous\u00a0<\/a> \u00a0|\u00a0 <a href=\"https:\/\/www.plasticmoldco.com\/fr\/ingenierie-de-conception\/\">Conception et ing\u00e9nierie<\/a>\u00a0 |\u00a0 \u00a0<a href=\"https:\/\/www.plasticmoldco.com\/fr\/products\/\">Produits\u00a0\u00a0\u00a0\u00a0\u00a0<\/a>|\u00a0\u00a0\u00a0\u00a0\u00a0<a href=\"https:\/\/www.plasticmoldco.com\/fr\/nouvelles\/\">Actualit\u00e9s<\/a>\u00a0\u00a0\u00a0\u00a0\u00a0|\u00a0\u00a0\u00a0\u00a0\u00a0<a href=\"https:\/\/www.plasticmoldco.com\/fr\/assurance-de-qualite\/\">Assurance de qualit\u00e9\u00a0<\/a>\u00a0\u00a0\u00a0\u00a0|\u00a0 \u00a0 <a href=\"https:\/\/www.plasticmoldco.com\/fr\/procedure-de-po\/\">Proc\u00e9dure PO<\/a>\u00a0 \u00a0 |\u00a0 \u00a0 <a href=\"https:\/\/www.plasticmoldco.com\/fr\/equipement\/\">Equipement\u00a0 \u00a0<\/a> |\u00a0 \u00a0<a href=\"https:\/\/www.plasticmoldco.com\/fr\/cas-de-design-industriel\/\">Cas de design industriel\u00a0<\/a> \u00a0 |\u00a0 \u00a0 <a href=\"https:\/\/www.plasticmoldco.com\/fr\/plan-du-site\/\">Plan du site<\/a><\/span><\/strong><\/p>\n<p>[\/et_pb_text][et_pb_text _builder_version=\"3.10.2\u2033 custom_margin=\"-15px||\"]<\/p>\n<p style=\"text-align: center;\"><strong>Copyright \u00a9 2011 DONGGUAN SINCER TECH CO.LTD. | DONGGUAN SINCER TECH CO. LTD - Fabricant de moules en Chine, moulage par injection de plastique en Chine, fabricant d'outils en Chine.<\/strong><br \/>\n<strong> Num\u00e9ro d'enregistrement de la soci\u00e9t\u00e9 : 1626173<\/strong><\/p>\n<p>[\/et_pb_text][\/et_pb_column][\/et_pb_row][\/et_pb_section][et_pb_section bb_built=\"1\u2033 disabled_on=\"||on\" _builder_version=\"3.10.2\u2033 custom_margin=\"-103px||\" prev_background_color=\"#000000\u2033][et_pb_row _builder_version=\"3.0.48\u2033 background_size=\"initial\" background_position=\"top_left\" background_repeat=\"repeat\"][et_pb_column type=\"4_4\u2033][et_pb_text _builder_version=\"3.10.2\u2033]<\/p>\n<p style=\"padding-left: 30px;\"><strong>Moule d'injection plastique en Chine, fabricant d'outils, fabricant de moules en Chine, outillage en Chine, moule d'injection plastique en Chine, usine de moules d'injection en Chine, fabricant de moules d'injection plastique en Chine.<\/strong><\/p>\n<p>[\/et_pb_text][et_pb_text _builder_version=\u201d3.10.2\u2033]<\/p>\n<p><strong><span style=\"color: #0c0c0c;\"><a href=\"https:\/\/www.plasticmoldco.com\/fr\/\">Accueil\u00a0 \u00a0<\/a>|\u00a0 \u00a0<a href=\"https:\/\/www.plasticmoldco.com\/fr\/about-us\/\">\u00c0 propos de nous\u00a0<\/a> \u00a0|\u00a0 <a href=\"https:\/\/www.plasticmoldco.com\/fr\/ingenierie-de-conception\/\">Conception et ing\u00e9nierie<\/a>\u00a0 |\u00a0 \u00a0<a href=\"https:\/\/www.plasticmoldco.com\/fr\/products\/\">Produits\u00a0\u00a0\u00a0\u00a0\u00a0<\/a>|\u00a0\u00a0\u00a0\u00a0\u00a0<a href=\"https:\/\/www.plasticmoldco.com\/fr\/nouvelles\/\">Actualit\u00e9s<\/a>\u00a0\u00a0\u00a0\u00a0\u00a0|\u00a0\u00a0\u00a0\u00a0\u00a0<a href=\"https:\/\/www.plasticmoldco.com\/fr\/assurance-de-qualite\/\">Assurance de qualit\u00e9\u00a0<\/a>\u00a0\u00a0\u00a0\u00a0|\u00a0 \u00a0 <a href=\"https:\/\/www.plasticmoldco.com\/fr\/procedure-de-po\/\">Proc\u00e9dure PO<\/a>\u00a0 \u00a0 |\u00a0 \u00a0 <a href=\"https:\/\/www.plasticmoldco.com\/fr\/equipement\/\">Equipement\u00a0 \u00a0<\/a> |\u00a0 \u00a0<a href=\"https:\/\/www.plasticmoldco.com\/fr\/cas-de-design-industriel\/\">Cas de design industriel\u00a0<\/a> \u00a0 |\u00a0 \u00a0 <a href=\"https:\/\/www.plasticmoldco.com\/fr\/plan-du-site\/\">Plan du site<\/a><\/span><\/strong><\/p>\n<p>[\/et_pb_text][et_pb_text _builder_version=\u201d3.10.2\u2033]<\/p>\n<p style=\"text-align: center;\"><strong>Copyright \u00a9 2011 DONGGUAN SINCER TECH CO.LTD. | DONGGUAN SINCER TECH CO. LTD - Fabricant de moules en Chine, moulage par injection de plastique en Chine, fabricant d'outils en Chine.<\/strong><br \/>\n<strong> Num\u00e9ro d'enregistrement de la soci\u00e9t\u00e9 : 1626173<\/strong><\/p>\n<p>[\/et_pb_text][\/et_pb_column][\/et_pb_row][\/et_pb_section]<\/p>","protected":false},"excerpt":{"rendered":"<p>Tube en silicone Tube en silicone Produits : Produits en caoutchouc moul\u00e9 OEM et produits en silicone selon votre conception Nous sommes un fabricant leader de produits en caoutchouc et en silicone en Chine. Il suffit de nous envoyer vos dessins ou \u00e9chantillons, nous produirons des produits en caoutchouc et en silicone de haute qualit\u00e9 pour vous. 1. Mat\u00e9riau : Silicone, EPDM, NR, NBR, SBR, CR, viton, IR, IIR, [...]<\/p>","protected":false},"author":1,"featured_media":0,"parent":0,"menu_order":0,"comment_status":"closed","ping_status":"closed","template":"","meta":{"_et_pb_use_builder":"on","_et_pb_old_content":"","_et_gb_content_width":"","footnotes":""},"class_list":["post-954","page","type-page","status-publish","hentry"],"yoast_head":"<!-- This site is optimized with the Yoast SEO plugin v27.4 - https:\/\/yoast.com\/product\/yoast-seo-wordpress\/ -->\n<title>Silicone tube - Plastic Mold | China Mold Maker<\/title>\n<meta name=\"robots\" content=\"index, follow, max-snippet:-1, max-image-preview:large, max-video-preview:-1\" \/>\n<link rel=\"canonical\" href=\"https:\/\/www.plasticmoldco.com\/fr\/silikoneslange\/\" \/>\n<meta property=\"og:locale\" content=\"fr_FR\" \/>\n<meta property=\"og:type\" content=\"article\" \/>\n<meta property=\"og:title\" content=\"Silicone tube - Plastic Mold | China Mold Maker\" \/>\n<meta property=\"og:description\" content=\"Silicone tube Silicone Tube Products: OEM molded rubber product &amp; silicone product as your design We\u2019re a leading manufacturer of rubber and silicone\u00a0product in China. Just send us your drawing or samples, we will produce the high quality rubber and silicone product for you 1. Material: Silicone, EPDM, NR, NBR, SBR, CR, viton, IR, IIR, [&hellip;]\" \/>\n<meta property=\"og:url\" content=\"https:\/\/www.plasticmoldco.com\/fr\/silikoneslange\/\" \/>\n<meta property=\"og:site_name\" content=\"Plastic Mold | China Mold Maker\" \/>\n<meta property=\"og:image\" content=\"https:\/\/plasticmoldco.com\/wp-content\/uploads\/2018\/10\/new.n-300x18.jpg\" \/>\n<meta name=\"twitter:card\" content=\"summary_large_image\" \/>\n<meta name=\"twitter:label1\" content=\"Dur\u00e9e de lecture estim\u00e9e\" \/>\n\t<meta name=\"twitter:data1\" content=\"5 minutes\" \/>\n<script type=\"application\/ld+json\" class=\"yoast-schema-graph\">{\"@context\":\"https:\\\/\\\/schema.org\",\"@graph\":[{\"@type\":\"WebPage\",\"@id\":\"https:\\\/\\\/www.plasticmoldco.com\\\/da\\\/silikoneslange\\\/\",\"url\":\"https:\\\/\\\/www.plasticmoldco.com\\\/da\\\/silikoneslange\\\/\",\"name\":\"Silicone tube - Plastic Mold | China Mold Maker\",\"isPartOf\":{\"@id\":\"https:\\\/\\\/www.plasticmoldco.com\\\/el\\\/#website\"},\"primaryImageOfPage\":{\"@id\":\"https:\\\/\\\/www.plasticmoldco.com\\\/da\\\/silikoneslange\\\/#primaryimage\"},\"image\":{\"@id\":\"https:\\\/\\\/www.plasticmoldco.com\\\/da\\\/silikoneslange\\\/#primaryimage\"},\"thumbnailUrl\":\"https:\\\/\\\/plasticmoldco.com\\\/wp-content\\\/uploads\\\/2018\\\/10\\\/new.n-300x18.jpg\",\"datePublished\":\"2018-10-18T09:41:42+00:00\",\"breadcrumb\":{\"@id\":\"https:\\\/\\\/www.plasticmoldco.com\\\/da\\\/silikoneslange\\\/#breadcrumb\"},\"inLanguage\":\"fr-FR\",\"potentialAction\":[{\"@type\":\"ReadAction\",\"target\":[\"https:\\\/\\\/www.plasticmoldco.com\\\/da\\\/silikoneslange\\\/\"]}]},{\"@type\":\"ImageObject\",\"inLanguage\":\"fr-FR\",\"@id\":\"https:\\\/\\\/www.plasticmoldco.com\\\/da\\\/silikoneslange\\\/#primaryimage\",\"url\":\"https:\\\/\\\/plasticmoldco.com\\\/wp-content\\\/uploads\\\/2018\\\/10\\\/new.n-300x18.jpg\",\"contentUrl\":\"https:\\\/\\\/plasticmoldco.com\\\/wp-content\\\/uploads\\\/2018\\\/10\\\/new.n-300x18.jpg\"},{\"@type\":\"BreadcrumbList\",\"@id\":\"https:\\\/\\\/www.plasticmoldco.com\\\/da\\\/silikoneslange\\\/#breadcrumb\",\"itemListElement\":[{\"@type\":\"ListItem\",\"position\":1,\"name\":\"Home\",\"item\":\"https:\\\/\\\/www.plasticmoldco.com\\\/\"},{\"@type\":\"ListItem\",\"position\":2,\"name\":\"Silicone tube\"}]},{\"@type\":\"WebSite\",\"@id\":\"https:\\\/\\\/www.plasticmoldco.com\\\/el\\\/#website\",\"url\":\"https:\\\/\\\/www.plasticmoldco.com\\\/el\\\/\",\"name\":\"Plastic Mold | China Mold Maker\",\"description\":\"Are you looking for injection mold china? We are plastic mold maker\",\"publisher\":{\"@id\":\"https:\\\/\\\/www.plasticmoldco.com\\\/el\\\/#organization\"},\"potentialAction\":[{\"@type\":\"SearchAction\",\"target\":{\"@type\":\"EntryPoint\",\"urlTemplate\":\"https:\\\/\\\/www.plasticmoldco.com\\\/el\\\/?s={search_term_string}\"},\"query-input\":{\"@type\":\"PropertyValueSpecification\",\"valueRequired\":true,\"valueName\":\"search_term_string\"}}],\"inLanguage\":\"fr-FR\"},{\"@type\":\"Organization\",\"@id\":\"https:\\\/\\\/www.plasticmoldco.com\\\/el\\\/#organization\",\"name\":\"Plastic Mold | China Mold Maker\",\"url\":\"https:\\\/\\\/www.plasticmoldco.com\\\/el\\\/\",\"logo\":{\"@type\":\"ImageObject\",\"inLanguage\":\"fr-FR\",\"@id\":\"https:\\\/\\\/www.plasticmoldco.com\\\/el\\\/#\\\/schema\\\/logo\\\/image\\\/\",\"url\":\"https:\\\/\\\/plasticmoldco.com\\\/wp-content\\\/uploads\\\/2018\\\/10\\\/nlogon.png\",\"contentUrl\":\"https:\\\/\\\/plasticmoldco.com\\\/wp-content\\\/uploads\\\/2018\\\/10\\\/nlogon.png\",\"width\":204,\"height\":54,\"caption\":\"Plastic Mold | China Mold Maker\"},\"image\":{\"@id\":\"https:\\\/\\\/www.plasticmoldco.com\\\/el\\\/#\\\/schema\\\/logo\\\/image\\\/\"}}]}<\/script>\n<!-- \/ Yoast SEO plugin. -->","yoast_head_json":{"title":"Tube en silicone - Moules en plastique - China Mold Maker","robots":{"index":"index","follow":"follow","max-snippet":"max-snippet:-1","max-image-preview":"max-image-preview:large","max-video-preview":"max-video-preview:-1"},"canonical":"https:\/\/www.plasticmoldco.com\/fr\/silikoneslange\/","og_locale":"fr_FR","og_type":"article","og_title":"Silicone tube - Plastic Mold | China Mold Maker","og_description":"Silicone tube Silicone Tube Products: OEM molded rubber product &amp; silicone product as your design We\u2019re a leading manufacturer of rubber and silicone\u00a0product in China. Just send us your drawing or samples, we will produce the high quality rubber and silicone product for you 1. Material: Silicone, EPDM, NR, NBR, SBR, CR, viton, IR, IIR, [&hellip;]","og_url":"https:\/\/www.plasticmoldco.com\/fr\/silikoneslange\/","og_site_name":"Plastic Mold | China Mold Maker","og_image":[{"url":"https:\/\/plasticmoldco.com\/wp-content\/uploads\/2018\/10\/new.n-300x18.jpg","type":"","width":"","height":""}],"twitter_card":"summary_large_image","twitter_misc":{"Dur\u00e9e de lecture estim\u00e9e":"5 minutes"},"schema":{"@context":"https:\/\/schema.org","@graph":[{"@type":"WebPage","@id":"https:\/\/www.plasticmoldco.com\/da\/silikoneslange\/","url":"https:\/\/www.plasticmoldco.com\/da\/silikoneslange\/","name":"Tube en silicone - Moules en plastique - China Mold Maker","isPartOf":{"@id":"https:\/\/www.plasticmoldco.com\/el\/#website"},"primaryImageOfPage":{"@id":"https:\/\/www.plasticmoldco.com\/da\/silikoneslange\/#primaryimage"},"image":{"@id":"https:\/\/www.plasticmoldco.com\/da\/silikoneslange\/#primaryimage"},"thumbnailUrl":"https:\/\/plasticmoldco.com\/wp-content\/uploads\/2018\/10\/new.n-300x18.jpg","datePublished":"2018-10-18T09:41:42+00:00","breadcrumb":{"@id":"https:\/\/www.plasticmoldco.com\/da\/silikoneslange\/#breadcrumb"},"inLanguage":"fr-FR","potentialAction":[{"@type":"ReadAction","target":["https:\/\/www.plasticmoldco.com\/da\/silikoneslange\/"]}]},{"@type":"ImageObject","inLanguage":"fr-FR","@id":"https:\/\/www.plasticmoldco.com\/da\/silikoneslange\/#primaryimage","url":"https:\/\/plasticmoldco.com\/wp-content\/uploads\/2018\/10\/new.n-300x18.jpg","contentUrl":"https:\/\/plasticmoldco.com\/wp-content\/uploads\/2018\/10\/new.n-300x18.jpg"},{"@type":"BreadcrumbList","@id":"https:\/\/www.plasticmoldco.com\/da\/silikoneslange\/#breadcrumb","itemListElement":[{"@type":"ListItem","position":1,"name":"Home","item":"https:\/\/www.plasticmoldco.com\/"},{"@type":"ListItem","position":2,"name":"Silicone tube"}]},{"@type":"WebSite","@id":"https:\/\/www.plasticmoldco.com\/el\/#website","url":"https:\/\/www.plasticmoldco.com\/el\/","name":"Moules en plastique - Fabricant de moules en Chine","description":"Vous cherchez un moule d'injection en Chine ? Nous sommes fabricants de moules en plastique","publisher":{"@id":"https:\/\/www.plasticmoldco.com\/el\/#organization"},"potentialAction":[{"@type":"SearchAction","target":{"@type":"EntryPoint","urlTemplate":"https:\/\/www.plasticmoldco.com\/el\/?s={search_term_string}"},"query-input":{"@type":"PropertyValueSpecification","valueRequired":true,"valueName":"search_term_string"}}],"inLanguage":"fr-FR"},{"@type":"Organization","@id":"https:\/\/www.plasticmoldco.com\/el\/#organization","name":"Moules en plastique - Fabricant de moules en Chine","url":"https:\/\/www.plasticmoldco.com\/el\/","logo":{"@type":"ImageObject","inLanguage":"fr-FR","@id":"https:\/\/www.plasticmoldco.com\/el\/#\/schema\/logo\/image\/","url":"https:\/\/plasticmoldco.com\/wp-content\/uploads\/2018\/10\/nlogon.png","contentUrl":"https:\/\/plasticmoldco.com\/wp-content\/uploads\/2018\/10\/nlogon.png","width":204,"height":54,"caption":"Plastic Mold | China Mold Maker"},"image":{"@id":"https:\/\/www.plasticmoldco.com\/el\/#\/schema\/logo\/image\/"}}]}},"_links":{"self":[{"href":"https:\/\/www.plasticmoldco.com\/fr\/wp-json\/wp\/v2\/pages\/954","targetHints":{"allow":["GET"]}}],"collection":[{"href":"https:\/\/www.plasticmoldco.com\/fr\/wp-json\/wp\/v2\/pages"}],"about":[{"href":"https:\/\/www.plasticmoldco.com\/fr\/wp-json\/wp\/v2\/types\/page"}],"author":[{"embeddable":true,"href":"https:\/\/www.plasticmoldco.com\/fr\/wp-json\/wp\/v2\/users\/1"}],"replies":[{"embeddable":true,"href":"https:\/\/www.plasticmoldco.com\/fr\/wp-json\/wp\/v2\/comments?post=954"}],"version-history":[{"count":0,"href":"https:\/\/www.plasticmoldco.com\/fr\/wp-json\/wp\/v2\/pages\/954\/revisions"}],"wp:attachment":[{"href":"https:\/\/www.plasticmoldco.com\/fr\/wp-json\/wp\/v2\/media?parent=954"}],"curies":[{"name":"wp","href":"https:\/\/api.w.org\/{rel}","templated":true}]}}