{"id":652,"date":"2018-10-17T21:53:36","date_gmt":"2018-10-17T13:53:36","guid":{"rendered":"https:\/\/plasticmoldco.com\/?page_id=652"},"modified":"2018-10-17T21:56:40","modified_gmt":"2018-10-17T13:56:40","slug":"injection-mould","status":"publish","type":"page","link":"https:\/\/www.plasticmoldco.com\/fi\/ruiskuvalumuotti-2\/","title":{"rendered":"ruiskuvalumuotti"},"content":{"rendered":"<p>[et_pb_section bb_built=\"1\u2033 disabled_on=\"on|on|\" _builder_version=\"3.10.2\u2033 custom_padding=\"0|0px|0|0px|0px|false|false\" next_background_color=\"#000000\u2033][et_pb_row custom_padding=\"18px|0px|0|0px|0px|false|false\" _builder_version=\"3.0.48\u2033 background_size=\"initial\" background_position=\"top_left\" background_repeat=\"repeat\"][et_pb_column type=\"4_4\u2033][et_pb_text _builder_version=\"3.10.2\u2033 custom_margin=\"0px|-120px|16px|100px\"]<\/p>\n<p><img loading=\"lazy\" decoding=\"async\" class=\"wp-image-213 alignnone size-medium\" src=\"https:\/\/plasticmoldco.com\/wp-content\/uploads\/2018\/10\/new.n-300x18.jpg\" alt=\"\" width=\"1266\" height=\"76\" srcset=\"https:\/\/www.plasticmoldco.com\/wp-content\/uploads\/2018\/10\/new.n-300x18.jpg 300w, https:\/\/www.plasticmoldco.com\/wp-content\/uploads\/2018\/10\/new.n-768x45.jpg 768w, https:\/\/www.plasticmoldco.com\/wp-content\/uploads\/2018\/10\/new.n-1024x60.jpg 1024w\" sizes=\"(max-width: 1266px) 100vw, 1266px\" \/><\/p>\n<p>[\/et_pb_text][\/et_pb_column][\/et_pb_row][\/et_pb_section][et_pb_section bb_built=\"1\u2033 disabled_on=\"||on\" _builder_version=\"3.10.2\u2033 custom_padding=\"22px|0px|0|0|0px|false|false\" prev_background_color=\"#000000\u2033 next_background_color=\"#000000\u2033][et_pb_row custom_padding=\"0|0px|12px|0px|0px|false|false\" _builder_version=\"3.0.48\u2033 background_size=\"initial\" background_position=\"top_left\" background_repeat=\"repeat\"][et_pb_column type=\"4_4\u2033][et_pb_text _builder_version=\"3.10.2\u2033]<\/p>\n<p><img loading=\"lazy\" decoding=\"async\" class=\"wp-image-213 alignnone size-medium\" src=\"https:\/\/plasticmoldco.com\/wp-content\/uploads\/2018\/10\/new.n-300x18.jpg\" alt=\"\" width=\"1266\" height=\"76\" srcset=\"https:\/\/www.plasticmoldco.com\/wp-content\/uploads\/2018\/10\/new.n-300x18.jpg 300w, https:\/\/www.plasticmoldco.com\/wp-content\/uploads\/2018\/10\/new.n-768x45.jpg 768w, https:\/\/www.plasticmoldco.com\/wp-content\/uploads\/2018\/10\/new.n-1024x60.jpg 1024w\" sizes=\"(max-width: 1266px) 100vw, 1266px\" \/><\/p>\n<p>[\/et_pb_text][\/et_pb_column][\/et_pb_row][\/et_pb_section][et_pb_section bb_built=\"1\u2033 disabled_on=\"on|on|\" _builder_version=\"3.10.2\u2033 custom_padding=\"0|0px|54px|0px|false|false\" prev_background_color=\"#000000\u2033 next_background_color=\"#000000\u2033][et_pb_row custom_padding=\"0|0px|0|0px|0px|false|false\" _builder_version=\"3.0.48\u2033 background_size=\"initial\" background_position=\"top_left\" background_repeat=\"repeat\"][et_pb_column type=\"3_4\u2033][et_pb_text _builder_version=\"3.10.2\u2033 border_width_all=\"3px\" border_color_all=\"#e5e5e5\u2033 custom_margin=\"15px|-90px|||-86px\" custom_padding=\"10px|10px|10px|10px|10px\"]<\/p>\n<div id=\"titlep\">\n<div id=\"titlep\">\n<div id=\"titlep\">\n<div id=\"titlep\">\n<div>\n<h2>ruiskuvalumuotti<\/h2>\n<\/div>\n<\/div>\n<div id=\"mge\"><\/div>\n<p><a href=\"https:\/\/web.archive.org\/web\/20130531033320\/http:\/\/www.moldchina.org\/wp-content\/uploads\/2011\/08\/11.jpg\"><img loading=\"lazy\" decoding=\"async\" class=\"alignnone size-full wp-image-1111\" title=\"ruiskuvalumuotti yritys Kiinassa\" src=\"https:\/\/web.archive.org\/web\/20130531033320im_\/http:\/\/www.moldchina.org\/wp-content\/uploads\/2011\/08\/11.jpg\" alt=\"\" width=\"705\" height=\"622\" \/><\/a><\/p>\n<p>Tuotteen kuvaus<br \/>\n1, Mukauta Auto muovitarvikkeet<br \/>\n2, l\u00e4p\u00e4issyt ISO9001: 2008<br \/>\n3, oma itsen\u00e4inen tehdas tuottaa<br \/>\n4, etuk\u00e4teissuunnitteluohjelmisto<\/p>\n<p>Tuotteiden nimi mukauttaa Auto muovi tarvikkeet<\/p>\n<p>Muottien toimittajat: Sositar on Shenzheniss\u00e4, Kiinassa sijaitseva ruiskuvalumuottien ja ruiskutustuotteiden johtava yritys.<\/p>\n<p>Tiedot muovin ruiskuvalutuotteista<br \/>\n1. Muovin ruiskuvalutuotteiden materiaali: PA, ABS, PMMA, PP, POM, PP, PE, PC, PBT, PA, PSU, TPU, TPE jne.<br \/>\n2. Valutuotteiden soveltamisala: Muovitarvikkeet: autojen muovitarvikkeet, tietokoneiden muovitarvikkeet, arkkitehtuurin muovitarvikkeet, kotitalouksien muovitarvikkeet jne.<\/p>\n<p>P\u00e4\u00e4markkinat<br \/>\nL\u00e4nsi-Eurooppa, Pohjois-Amerikka, Japani ja Ven\u00e4j\u00e4<br \/>\nMaksu<br \/>\nT\/T,<br \/>\nPakkaus<br \/>\nMuokattuja autojen muovitarvikkeita varten: Laita sitten pussit pahvilaatikkoon.<br \/>\nToimitus: Lent\u00e4en tai meritse<\/p>\n<p>Olemme ammattimainen<a href=\"https:\/\/web.archive.org\/web\/20130531033320\/http:\/\/www.moldchina.org\/china-injection-mold-company-3.html\"> ruiskuvalumuotti yritys Kiinassa<\/a>, joka on erikoistunut seuraavien tuotteiden suunnitteluun ja valmistukseen <a href=\"https:\/\/web.archive.org\/web\/20130531033320\/http:\/\/www.moldchina.org\/china-injection-mold-company-5.html\">ruiskuvalumuotti <\/a>kaikentyyppisille teollisuudenaloille, mukaan lukien lelumuotit, tietokonetarvikkeet, viestint\u00e4, autoteollisuus, kotitalous ja monet muut, kilpailukykyisin hinnoin. Tarjoamme asiakkaillemme One Stop Shop -palvelun, joka tarjoaa valmiudet suunnittelusta kokoonpanoon. Kaikki kyselyt ota rohkeasti yhteytt\u00e4<\/p>\n<\/div>\n<\/div>\n<\/div>\n<p>[\/et_pb_text][\/et_pb_column][et_pb_column type=\"1_4\u2033][et_pb_sidebar _builder_version=\"3.10.2\u2033 area=\"sidebar-1\u2033 custom_margin=\"15px|-94px|||40px\" custom_padding=\"10px|10px|10px|10px\" border_width_all=\"2px\" border_color_all=\"#d3d3d3d3\u2033 \/][\/et_pb_column][\/et_pb_row][\/et_pb_section][\/et_pb_section bb_built=\"1\u2033 disabled_on=\"||on\" _builder_version=\"3.10.2\u2033 custom_padding=\"0|0px|54px|0px|false|false\" prev_background_color=\"#000000\u2033 next_background_color=\"#000000\u2033][et_pb_row custom_padding=\"0|0px|0|0px|0px|false|false\" _builder_version=\"3.0.48\u2033 background_size=\"initial\" background_position=\"top_left\" background_repeat=\"repeat\"][et_pb_column type=\"4_4\u2033][et_pb_text _builder_version=\"3.10.2\u2033 border_width_all=\"3px\" border_color_all=\"#e5e5e5\u2033]<\/p>\n<div id=\"titlep\">\n<div id=\"titlep\">\n<div id=\"titlep\">\n<div>\n<h2>ruiskuvalumuotti<\/h2>\n<\/div>\n<\/div>\n<div id=\"mge\"><\/div>\n<p><a href=\"https:\/\/web.archive.org\/web\/20130531033320\/http:\/\/www.moldchina.org\/wp-content\/uploads\/2011\/08\/11.jpg\"><img loading=\"lazy\" decoding=\"async\" class=\"alignnone size-full wp-image-1111\" title=\"ruiskuvalumuotti yritys Kiinassa\" src=\"https:\/\/web.archive.org\/web\/20130531033320im_\/http:\/\/www.moldchina.org\/wp-content\/uploads\/2011\/08\/11.jpg\" alt=\"\" width=\"705\" height=\"622\" \/><\/a><\/p>\n<p>Tuotteen kuvaus<br \/>\n1, Mukauta Auto muovitarvikkeet<br \/>\n2, l\u00e4p\u00e4issyt ISO9001: 2008<br \/>\n3, oma itsen\u00e4inen tehdas tuottaa<br \/>\n4, etuk\u00e4teissuunnitteluohjelmisto<\/p>\n<p>Tuotteiden nimi mukauttaa Auto muovi tarvikkeet<\/p>\n<p>Muottien toimittajat: Sositar on johtava yritys<a href=\"https:\/\/web.archive.org\/web\/20130531033320\/http:\/\/www.moldchina.org\/\"> ruiskuvalumuotti <\/a>ja injektiotuotteet sijaitsevat Shenzheniss\u00e4, Kiinassa<\/p>\n<p>Tiedot muovin ruiskuvalutuotteista<br \/>\n1. Muovin ruiskuvalutuotteiden materiaali: PA, ABS, PMMA, PP, POM, PP, PE, PC, PBT, PA, PSU, TPU, TPE jne.<br \/>\n2. Valutuotteiden soveltamisala: Muovitarvikkeet: autojen muovitarvikkeet, tietokoneiden muovitarvikkeet, arkkitehtuurin muovitarvikkeet, kotitalouksien muovitarvikkeet jne.<\/p>\n<p>P\u00e4\u00e4markkinat<br \/>\nL\u00e4nsi-Eurooppa, Pohjois-Amerikka, Japani ja Ven\u00e4j\u00e4<br \/>\nMaksu<br \/>\nT\/T,<br \/>\nPakkaus<br \/>\nMuokattuja autojen muovitarvikkeita varten: Laita sitten pussit pahvilaatikkoon.<br \/>\nToimitus: Lent\u00e4en tai meritse<\/p>\n<p>Olemme ammattimainen<a href=\"https:\/\/web.archive.org\/web\/20130531033320\/http:\/\/www.moldchina.org\/china-injection-mold-company-3.html\"> ruiskuvalumuotti yritys Kiinassa<\/a>, joka on erikoistunut seuraavien tuotteiden suunnitteluun ja valmistukseen <a href=\"https:\/\/web.archive.org\/web\/20130531033320\/http:\/\/www.moldchina.org\/china-injection-mold-company-5.html\">ruiskuvalumuotti <\/a>kaikentyyppisille teollisuudenaloille, mukaan lukien lelumuotit, tietokonetarvikkeet, viestint\u00e4, autoteollisuus, kotitalous ja monet muut, kilpailukykyisin hinnoin. Tarjoamme asiakkaillemme One Stop Shop -palvelun, joka tarjoaa valmiudet suunnittelusta kokoonpanoon. Kaikki kyselyt ota rohkeasti yhteytt\u00e4<\/p>\n<\/div>\n<\/div>\n<p>[\/et_pb_text][et_pb_text _builder_version=\"3.10.2\u2033 text_font_size=\"13px\" header_font=\"|700|||||||\" border_width_all=\"2px\" border_color_all=\"#bcbcbc\" inline_fonts=\"Arial\"]<\/p>\n<h4><img loading=\"lazy\" decoding=\"async\" class=\"wp-image-111 alignnone\" src=\"https:\/\/plasticmoldco.com\/wp-content\/uploads\/2018\/10\/sss.png\" alt=\"\" width=\"16\" height=\"13\" \/><strong>Muotti Tuote<\/strong><\/h4>\n<hr \/>\n<p>\u2192 <span style=\"font-size: medium;\"><strong><span style=\"color: #000000;\"><a style=\"color: #000000;\" href=\"https:\/\/www.plasticmoldco.com\/fi\/muotti\/\">MOLD<\/a><\/span><\/strong><\/span><br \/>\n<span style=\"font-size: medium;\"><strong><span style=\"color: #000000;\"> \u2192 <a style=\"color: #000000;\" href=\"https:\/\/www.plasticmoldco.com\/fi\/prototyyppiosat\/\">Prototyyppiosat<\/a><\/span><\/strong><\/span><br \/>\n<span style=\"font-size: medium;\"><strong><span style=\"color: #000000;\"> \u2192 <a style=\"color: #000000;\" href=\"https:\/\/www.plasticmoldco.com\/fi\/muoviosaa\/\">Muovinen osa<\/a><\/span><\/strong><\/span><br \/>\n<span style=\"font-size: medium;\"><strong><span style=\"color: #000000;\"> \u2192 <a style=\"color: #000000;\" href=\"https:\/\/www.plasticmoldco.com\/fi\/piikumin-osat\/\">silikoni- ja kumiosat<\/a><\/span><\/strong><\/span><\/p>\n<p><span style=\"font-size: medium;\"><strong><span style=\"color: #000000;\">Ota yhteytt\u00e4<\/span><\/strong><\/span><\/p>\n<hr \/>\n<p><strong><span style=\"color: #000000;\">DONGGUAN VILPIT\u00d6N TECH CO.LTD<\/span><\/strong><br \/>\n<strong><span style=\"color: #000000;\"> TEHTAAN OSOITE: GUANGDONGIN MAAKUNTA, KIINA 523000.<\/span><\/strong><\/p>\n<p><strong><span style=\"color: #000000;\">PUH: +86 (0)769 3366 9997<\/span><\/strong><br \/>\n<strong><span style=\"color: #000000;\"> FAKSI: +86 (0)769 3366 9997.<\/span><\/strong><\/p>\n<p><strong><span style=\"color: #000000;\">S\u00c4HK\u00d6POSTI: <a href=\"mailto:INFO@sinceretetechs.com\">INFO@sinceretetechs.com<\/a><\/span><\/strong><\/p>\n<ul>\n<li id=\"tag_cloud-3\" class=\"widget-container widget_tag_cloud\">\n<h3 class=\"widget-title\"><strong>Suosittu haku<\/strong><\/h3>\n<hr \/>\n<div class=\"tagcloud\"><strong>Kiina Die Casting Kiina ruiskuvalumuotti yritys Kiina ruiskuvalumuotti factorychina ruiskuvalumuotti Kiina ruiskuvalumuotti valmistaja Kiina ruiskuvalumuotti Kiina ruiskuvalumuotti Kiina ruiskuvalumuotti companychina mold factory china mold makerchina mold supplier china mould China Mould Mould maker China Mould toimittajat Mould Kiina muovi Kiina muovi muotti yritysKiina silikoni Kiina silikoni kumiKiina ty\u00f6kalujen valmistaja Kiina ty\u00f6kalujen valmistaja Kiinassa ruiskuvalumuotti ruiskuvalumuovit ruiskuvalu ruiskuvalu ruiskuvalu Kiina ruiskuvalumuovi ruiskuvalumuovi muovimuotti Kiina Prototyyppi osat silikoni Kiina silikoni kumi ty\u00f6kalu muotin valmistus Kiina<\/strong><\/div>\n<\/li>\n<\/ul>\n<p><img decoding=\"async\" style=\"font-size: 13px; background-color: #ffffff; text-align: -webkit-center; display: block; margin-left: auto; margin-right: auto;\" src=\"https:\/\/web.archive.org\/web\/20140728234454im_\/http:\/\/www.moldchina.org\/wp-content\/themes\/9C008\/images\/iso.jpg\" \/><\/p>\n<p>[\/et_pb_text][\/et_pb_column][\/et_pb_row][\/et_pb_section][et_pb_section bb_built=\"1\u2033 disabled_on=\"on|on|\" _builder_version=\u201d3.10.2\u2033 custom_margin=\u201d-103px|||\u201d prev_background_color=\u201d#000000\u2033 next_background_color=\u201d#000000\u2033][et_pb_row _builder_version=\u201d3.0.48\u2033 background_size=\"initial\" background_position=\"top_left\" background_repeat=\"repeat\"][et_pb_column type=\"4_4\u2033][et_pb_text _builder_version=\"3.10.2\u2033 custom_margin=\"|-62px|||-84px\"]<\/p>\n<p style=\"padding-left: 30px;\"><strong>Kiina muovi ruiskuvalumuotti, toolmaker, Kiina muotin valmistaja, Kiina ty\u00f6kalut, Muovimuotti Kiina, Kiina ruiskuvalumuotti tehdas, muovi ruiskuvalumuotti valmistaja Kiinassa<\/strong><\/p>\n<p>[\/et_pb_text][et_pb_text _builder_version=\u201d3.10.2\u2033 custom_margin=\u201d-15px|-50px||-50px\u201d]<\/p>\n<p><strong><span style=\"color: #0c0c0c;\"><a href=\"https:\/\/www.plasticmoldco.com\/fi\/\">Etusivu\u00a0 \u00a0<\/a>|\u00a0 \u00a0<a href=\"https:\/\/www.plasticmoldco.com\/fi\/about-us\/\">Tietoa meist\u00e4\u00a0<\/a> \u00a0|\u00a0 <a href=\"https:\/\/www.plasticmoldco.com\/fi\/suunnittelutekniikka\/\">Suunnittelu ja tekniikka<\/a>\u00a0 |\u00a0 \u00a0<a href=\"https:\/\/www.plasticmoldco.com\/fi\/products\/\">Tuotteet\u00a0\u00a0\u00a0\u00a0\u00a0<\/a>|\u00a0\u00a0\u00a0\u00a0\u00a0<a href=\"https:\/\/www.plasticmoldco.com\/fi\/uutiset\/\">Uutiset<\/a>\u00a0\u00a0\u00a0\u00a0\u00a0|\u00a0\u00a0\u00a0\u00a0\u00a0<a href=\"https:\/\/www.plasticmoldco.com\/fi\/laatuvakuutus\/\">Laatuvakuutus\u00a0<\/a>\u00a0\u00a0\u00a0\u00a0|\u00a0 \u00a0 <a href=\"https:\/\/www.plasticmoldco.com\/fi\/po-menettely\/\">PO-menettely<\/a>\u00a0 \u00a0 |\u00a0 \u00a0 <a href=\"https:\/\/www.plasticmoldco.com\/fi\/eqipment\/\">Laitteet\u00a0 \u00a0<\/a> |\u00a0 \u00a0<a href=\"https:\/\/www.plasticmoldco.com\/fi\/teollisen-muotoilun-tapaus\/\">Teollinen muotoilu Case\u00a0<\/a> \u00a0 |\u00a0 \u00a0 <a href=\"https:\/\/www.plasticmoldco.com\/fi\/sivukartta\/\">Sivukartta<\/a><\/span><\/strong><\/p>\n<p>[\/et_pb_text][et_pb_text _builder_version=\"3.10.2\u2033 custom_margin=\"-15px||||\"]<\/p>\n<p style=\"text-align: center;\"><strong>Copyright \u00a9 2011 DONGGUAN SINCER TECH CO.LTD. | Kiina Muotin valmistaja, Kiina Muovin ruiskuvalu, Kiina toolmaker.<\/strong><br \/>\n<strong> Yritysrekisterinumero: 1626173<\/strong><\/p>\n<p>[\/et_pb_text][\/et_pb_column][\/et_pb_row][\/et_pb_section][et_pb_section bb_built=\"1\u2033 disabled_on=\"||on\" _builder_version=\"3.10.2\u2033 custom_margin=\"-103px||||\" prev_background_color=\"#000000\u2033][et_pb_row _builder_version=\"3.0.48\u2033 background_size=\"initial\" background_position=\"top_left\" background_repeat=\"repeat\"][et_pb_column type=\"4_4\u2033][et_pb_text _builder_version=\"3.10.2\u2033]<\/p>\n<p style=\"padding-left: 30px;\"><strong>Kiina muovi ruiskuvalumuotti, toolmaker, Kiina muotin valmistaja, Kiina ty\u00f6kalut, Muovimuotti Kiina, Kiina ruiskuvalumuotti tehdas, muovi ruiskuvalumuotti valmistaja Kiinassa<\/strong><\/p>\n<p>[\/et_pb_text][et_pb_text _builder_version=\u201d3.10.2\u2033]<\/p>\n<p><strong><span style=\"color: #0c0c0c;\"><a href=\"https:\/\/www.plasticmoldco.com\/fi\/\">Etusivu\u00a0 \u00a0<\/a>|\u00a0 \u00a0<a href=\"https:\/\/www.plasticmoldco.com\/fi\/about-us\/\">Tietoa meist\u00e4\u00a0<\/a> \u00a0|\u00a0 <a href=\"https:\/\/www.plasticmoldco.com\/fi\/suunnittelutekniikka\/\">Suunnittelu ja tekniikka<\/a>\u00a0 |\u00a0 \u00a0<a href=\"https:\/\/www.plasticmoldco.com\/fi\/products\/\">Tuotteet\u00a0\u00a0\u00a0\u00a0\u00a0<\/a>|\u00a0\u00a0\u00a0\u00a0\u00a0<a href=\"https:\/\/www.plasticmoldco.com\/fi\/uutiset\/\">Uutiset<\/a>\u00a0\u00a0\u00a0\u00a0\u00a0|\u00a0\u00a0\u00a0\u00a0\u00a0<a href=\"https:\/\/www.plasticmoldco.com\/fi\/laatuvakuutus\/\">Laatuvakuutus\u00a0<\/a>\u00a0\u00a0\u00a0\u00a0|\u00a0 \u00a0 <a href=\"https:\/\/www.plasticmoldco.com\/fi\/po-menettely\/\">PO-menettely<\/a>\u00a0 \u00a0 |\u00a0 \u00a0 <a href=\"https:\/\/www.plasticmoldco.com\/fi\/eqipment\/\">Laitteet\u00a0 \u00a0<\/a> |\u00a0 \u00a0<a href=\"https:\/\/www.plasticmoldco.com\/fi\/teollisen-muotoilun-tapaus\/\">Teollinen muotoilu Case\u00a0<\/a> \u00a0 |\u00a0 \u00a0 <a href=\"https:\/\/www.plasticmoldco.com\/fi\/sivukartta\/\">Sivukartta<\/a><\/span><\/strong><\/p>\n<p>[\/et_pb_text][et_pb_text _builder_version=\u201d3.10.2\u2033]<\/p>\n<p style=\"text-align: center;\"><strong>Copyright \u00a9 2011 DONGGUAN SINCER TECH CO.LTD. | Kiina Muotin valmistaja, Kiina Muovin ruiskuvalu, Kiina toolmaker.<\/strong><br \/>\n<strong> Yritysrekisterinumero: 1626173<\/strong><\/p>\n<p>[\/et_pb_text][\/et_pb_column][\/et_pb_row][\/et_pb_section][\/et_pb_section][\/et_pb_section]<\/p>","protected":false},"excerpt":{"rendered":"<p>injection mould Product Description 1, Customize Auto plastic accessories 2, Passed ISO9001: 2008 3, Own independent factory to produce 4, advance design software Products name customize Auto plastic accessories Mould suppliers: Sositar is a lead company of injection mold and injection products located in Shenzhen, China Details about the plastic injection molding products 1. Material [&hellip;]<\/p>","protected":false},"author":1,"featured_media":0,"parent":0,"menu_order":0,"comment_status":"closed","ping_status":"closed","template":"","meta":{"_et_pb_use_builder":"on","_et_pb_old_content":"","_et_gb_content_width":"","footnotes":""},"class_list":["post-652","page","type-page","status-publish","hentry"],"yoast_head":"<!-- This site is optimized with the Yoast SEO plugin v26.4 - https:\/\/yoast.com\/wordpress\/plugins\/seo\/ -->\n<title>injection mould - Plastic Mold | China Mold Maker<\/title>\n<meta name=\"robots\" content=\"index, follow, max-snippet:-1, max-image-preview:large, max-video-preview:-1\" \/>\n<link rel=\"canonical\" href=\"https:\/\/www.plasticmoldco.com\/fi\/sproytestopeform-2\/\" \/>\n<meta property=\"og:locale\" content=\"fi_FI\" \/>\n<meta property=\"og:type\" content=\"article\" \/>\n<meta property=\"og:title\" content=\"injection mould - Plastic Mold | China Mold Maker\" \/>\n<meta property=\"og:description\" content=\"injection mould Product Description 1, Customize Auto plastic accessories 2, Passed ISO9001: 2008 3, Own independent factory to produce 4, advance design software Products name customize Auto plastic accessories Mould suppliers: Sositar is a lead company of injection mold and injection products located in Shenzhen, China Details about the plastic injection molding products 1. Material [&hellip;]\" \/>\n<meta property=\"og:url\" content=\"https:\/\/www.plasticmoldco.com\/fi\/sproytestopeform-2\/\" \/>\n<meta property=\"og:site_name\" content=\"Plastic Mold | China Mold Maker\" \/>\n<meta property=\"article:modified_time\" content=\"2018-10-17T13:56:40+00:00\" \/>\n<meta property=\"og:image\" content=\"https:\/\/plasticmoldco.com\/wp-content\/uploads\/2018\/10\/new.n-300x18.jpg\" \/>\n<meta name=\"twitter:card\" content=\"summary_large_image\" \/>\n<meta name=\"twitter:label1\" content=\"Arvioitu lukuaika\" \/>\n\t<meta name=\"twitter:data1\" content=\"6 minuuttia\" \/>\n<script type=\"application\/ld+json\" class=\"yoast-schema-graph\">{\"@context\":\"https:\/\/schema.org\",\"@graph\":[{\"@type\":\"WebPage\",\"@id\":\"https:\/\/www.plasticmoldco.com\/nb\/sproytestopeform-2\/\",\"url\":\"https:\/\/www.plasticmoldco.com\/nb\/sproytestopeform-2\/\",\"name\":\"injection mould - Plastic Mold | China Mold Maker\",\"isPartOf\":{\"@id\":\"https:\/\/www.plasticmoldco.com\/el\/#website\"},\"primaryImageOfPage\":{\"@id\":\"https:\/\/www.plasticmoldco.com\/nb\/sproytestopeform-2\/#primaryimage\"},\"image\":{\"@id\":\"https:\/\/www.plasticmoldco.com\/nb\/sproytestopeform-2\/#primaryimage\"},\"thumbnailUrl\":\"https:\/\/plasticmoldco.com\/wp-content\/uploads\/2018\/10\/new.n-300x18.jpg\",\"datePublished\":\"2018-10-17T13:53:36+00:00\",\"dateModified\":\"2018-10-17T13:56:40+00:00\",\"breadcrumb\":{\"@id\":\"https:\/\/www.plasticmoldco.com\/nb\/sproytestopeform-2\/#breadcrumb\"},\"inLanguage\":\"fi\",\"potentialAction\":[{\"@type\":\"ReadAction\",\"target\":[\"https:\/\/www.plasticmoldco.com\/nb\/sproytestopeform-2\/\"]}]},{\"@type\":\"ImageObject\",\"inLanguage\":\"fi\",\"@id\":\"https:\/\/www.plasticmoldco.com\/nb\/sproytestopeform-2\/#primaryimage\",\"url\":\"https:\/\/plasticmoldco.com\/wp-content\/uploads\/2018\/10\/new.n-300x18.jpg\",\"contentUrl\":\"https:\/\/plasticmoldco.com\/wp-content\/uploads\/2018\/10\/new.n-300x18.jpg\"},{\"@type\":\"BreadcrumbList\",\"@id\":\"https:\/\/www.plasticmoldco.com\/nb\/sproytestopeform-2\/#breadcrumb\",\"itemListElement\":[{\"@type\":\"ListItem\",\"position\":1,\"name\":\"Home\",\"item\":\"https:\/\/www.plasticmoldco.com\/\"},{\"@type\":\"ListItem\",\"position\":2,\"name\":\"injection mould\"}]},{\"@type\":\"WebSite\",\"@id\":\"https:\/\/www.plasticmoldco.com\/el\/#website\",\"url\":\"https:\/\/www.plasticmoldco.com\/el\/\",\"name\":\"Plastic Mold | China Mold Maker\",\"description\":\"Are you looking for injection mold china? We are plastic mold maker\",\"publisher\":{\"@id\":\"https:\/\/www.plasticmoldco.com\/el\/#organization\"},\"potentialAction\":[{\"@type\":\"SearchAction\",\"target\":{\"@type\":\"EntryPoint\",\"urlTemplate\":\"https:\/\/www.plasticmoldco.com\/el\/?s={search_term_string}\"},\"query-input\":{\"@type\":\"PropertyValueSpecification\",\"valueRequired\":true,\"valueName\":\"search_term_string\"}}],\"inLanguage\":\"fi\"},{\"@type\":\"Organization\",\"@id\":\"https:\/\/www.plasticmoldco.com\/el\/#organization\",\"name\":\"Plastic Mold | China Mold Maker\",\"url\":\"https:\/\/www.plasticmoldco.com\/el\/\",\"logo\":{\"@type\":\"ImageObject\",\"inLanguage\":\"fi\",\"@id\":\"https:\/\/www.plasticmoldco.com\/el\/#\/schema\/logo\/image\/\",\"url\":\"https:\/\/plasticmoldco.com\/wp-content\/uploads\/2018\/10\/nlogon.png\",\"contentUrl\":\"https:\/\/plasticmoldco.com\/wp-content\/uploads\/2018\/10\/nlogon.png\",\"width\":204,\"height\":54,\"caption\":\"Plastic Mold | China Mold Maker\"},\"image\":{\"@id\":\"https:\/\/www.plasticmoldco.com\/el\/#\/schema\/logo\/image\/\"}}]}<\/script>\n<!-- \/ Yoast SEO plugin. -->","yoast_head_json":{"title":"ruiskuvalumuotti - Muovimuotti | Kiina Mold Maker","robots":{"index":"index","follow":"follow","max-snippet":"max-snippet:-1","max-image-preview":"max-image-preview:large","max-video-preview":"max-video-preview:-1"},"canonical":"https:\/\/www.plasticmoldco.com\/fi\/sproytestopeform-2\/","og_locale":"fi_FI","og_type":"article","og_title":"injection mould - Plastic Mold | China Mold Maker","og_description":"injection mould Product Description 1, Customize Auto plastic accessories 2, Passed ISO9001: 2008 3, Own independent factory to produce 4, advance design software Products name customize Auto plastic accessories Mould suppliers: Sositar is a lead company of injection mold and injection products located in Shenzhen, China Details about the plastic injection molding products 1. Material [&hellip;]","og_url":"https:\/\/www.plasticmoldco.com\/fi\/sproytestopeform-2\/","og_site_name":"Plastic Mold | China Mold Maker","article_modified_time":"2018-10-17T13:56:40+00:00","og_image":[{"url":"https:\/\/plasticmoldco.com\/wp-content\/uploads\/2018\/10\/new.n-300x18.jpg","type":"","width":"","height":""}],"twitter_card":"summary_large_image","twitter_misc":{"Arvioitu lukuaika":"6 minuuttia"},"schema":{"@context":"https:\/\/schema.org","@graph":[{"@type":"WebPage","@id":"https:\/\/www.plasticmoldco.com\/nb\/sproytestopeform-2\/","url":"https:\/\/www.plasticmoldco.com\/nb\/sproytestopeform-2\/","name":"ruiskuvalumuotti - Muovimuotti | Kiina Mold Maker","isPartOf":{"@id":"https:\/\/www.plasticmoldco.com\/el\/#website"},"primaryImageOfPage":{"@id":"https:\/\/www.plasticmoldco.com\/nb\/sproytestopeform-2\/#primaryimage"},"image":{"@id":"https:\/\/www.plasticmoldco.com\/nb\/sproytestopeform-2\/#primaryimage"},"thumbnailUrl":"https:\/\/plasticmoldco.com\/wp-content\/uploads\/2018\/10\/new.n-300x18.jpg","datePublished":"2018-10-17T13:53:36+00:00","dateModified":"2018-10-17T13:56:40+00:00","breadcrumb":{"@id":"https:\/\/www.plasticmoldco.com\/nb\/sproytestopeform-2\/#breadcrumb"},"inLanguage":"fi","potentialAction":[{"@type":"ReadAction","target":["https:\/\/www.plasticmoldco.com\/nb\/sproytestopeform-2\/"]}]},{"@type":"ImageObject","inLanguage":"fi","@id":"https:\/\/www.plasticmoldco.com\/nb\/sproytestopeform-2\/#primaryimage","url":"https:\/\/plasticmoldco.com\/wp-content\/uploads\/2018\/10\/new.n-300x18.jpg","contentUrl":"https:\/\/plasticmoldco.com\/wp-content\/uploads\/2018\/10\/new.n-300x18.jpg"},{"@type":"BreadcrumbList","@id":"https:\/\/www.plasticmoldco.com\/nb\/sproytestopeform-2\/#breadcrumb","itemListElement":[{"@type":"ListItem","position":1,"name":"Home","item":"https:\/\/www.plasticmoldco.com\/"},{"@type":"ListItem","position":2,"name":"injection mould"}]},{"@type":"WebSite","@id":"https:\/\/www.plasticmoldco.com\/el\/#website","url":"https:\/\/www.plasticmoldco.com\/el\/","name":"Muovi Mold | Kiina Mold Maker","description":"Etsitk\u00f6 ruiskuvalumuotteja Kiinassa? Olemme muovimuotin valmistaja","publisher":{"@id":"https:\/\/www.plasticmoldco.com\/el\/#organization"},"potentialAction":[{"@type":"SearchAction","target":{"@type":"EntryPoint","urlTemplate":"https:\/\/www.plasticmoldco.com\/el\/?s={search_term_string}"},"query-input":{"@type":"PropertyValueSpecification","valueRequired":true,"valueName":"search_term_string"}}],"inLanguage":"fi"},{"@type":"Organization","@id":"https:\/\/www.plasticmoldco.com\/el\/#organization","name":"Muovi Mold | Kiina Mold Maker","url":"https:\/\/www.plasticmoldco.com\/el\/","logo":{"@type":"ImageObject","inLanguage":"fi","@id":"https:\/\/www.plasticmoldco.com\/el\/#\/schema\/logo\/image\/","url":"https:\/\/plasticmoldco.com\/wp-content\/uploads\/2018\/10\/nlogon.png","contentUrl":"https:\/\/plasticmoldco.com\/wp-content\/uploads\/2018\/10\/nlogon.png","width":204,"height":54,"caption":"Plastic Mold | China Mold Maker"},"image":{"@id":"https:\/\/www.plasticmoldco.com\/el\/#\/schema\/logo\/image\/"}}]}},"_links":{"self":[{"href":"https:\/\/www.plasticmoldco.com\/fi\/wp-json\/wp\/v2\/pages\/652","targetHints":{"allow":["GET"]}}],"collection":[{"href":"https:\/\/www.plasticmoldco.com\/fi\/wp-json\/wp\/v2\/pages"}],"about":[{"href":"https:\/\/www.plasticmoldco.com\/fi\/wp-json\/wp\/v2\/types\/page"}],"author":[{"embeddable":true,"href":"https:\/\/www.plasticmoldco.com\/fi\/wp-json\/wp\/v2\/users\/1"}],"replies":[{"embeddable":true,"href":"https:\/\/www.plasticmoldco.com\/fi\/wp-json\/wp\/v2\/comments?post=652"}],"version-history":[{"count":0,"href":"https:\/\/www.plasticmoldco.com\/fi\/wp-json\/wp\/v2\/pages\/652\/revisions"}],"wp:attachment":[{"href":"https:\/\/www.plasticmoldco.com\/fi\/wp-json\/wp\/v2\/media?parent=652"}],"curies":[{"name":"wp","href":"https:\/\/api.w.org\/{rel}","templated":true}]}}