{"id":41,"date":"2018-10-14T17:05:20","date_gmt":"2018-10-14T09:05:20","guid":{"rendered":"https:\/\/plasticmoldco.com\/?page_id=41"},"modified":"2018-10-18T18:20:05","modified_gmt":"2018-10-18T10:20:05","slug":"made-in-china","status":"publish","type":"page","link":"https:\/\/www.plasticmoldco.com\/fi\/valmistettu-kiinassa\/","title":{"rendered":"\"Made in China\""},"content":{"rendered":"<p>[et_pb_section bb_built=&#8221;1&#8243; disabled_on=&#8221;on|on|&#8221; _builder_version=&#8221;3.10.2&#8243; custom_padding=&#8221;0|0px|0|0px|false|false&#8221; next_background_color=&#8221;#000000&#8243;][et_pb_row custom_padding=&#8221;32px|0px|0|0px|false|false&#8221; _builder_version=&#8221;3.0.48&#8243; background_size=&#8221;initial&#8221; background_position=&#8221;top_left&#8221; background_repeat=&#8221;repeat&#8221;][et_pb_column type=&#8221;4_4&#8243;][et_pb_text _builder_version=&#8221;3.10.2&#8243; custom_margin=&#8221;0px|-120px|16px|-132px&#8221;]<\/p>\n<p><img loading=\"lazy\" decoding=\"async\" class=\"alignnone wp-image-262 aligncenter\" src=\"https:\/\/plasticmoldco.com\/wp-content\/uploads\/2018\/10\/ab-300x31.png\" alt=\"\" width=\"1258\" height=\"130\" srcset=\"https:\/\/www.plasticmoldco.com\/wp-content\/uploads\/2018\/10\/ab-300x31.png 300w, https:\/\/www.plasticmoldco.com\/wp-content\/uploads\/2018\/10\/ab-768x80.png 768w, https:\/\/www.plasticmoldco.com\/wp-content\/uploads\/2018\/10\/ab.png 964w\" sizes=\"(max-width: 1258px) 100vw, 1258px\" \/><\/p>\n<p>[\/et_pb_text][\/et_pb_column][\/et_pb_row][\/et_pb_section][et_pb_section bb_built=&#8221;1&#8243; disabled_on=&#8221;||on&#8221; _builder_version=&#8221;3.10.2&#8243; custom_padding=&#8221;11px|0px|18px|0px|false|false&#8221; prev_background_color=&#8221;#000000&#8243; next_background_color=&#8221;#000000&#8243;][et_pb_row custom_padding=&#8221;0|0px|0|0px|false|false&#8221; _builder_version=&#8221;3.0.48&#8243; background_size=&#8221;initial&#8221; background_position=&#8221;top_left&#8221; background_repeat=&#8221;repeat&#8221;][et_pb_column type=&#8221;4_4&#8243;][et_pb_text _builder_version=&#8221;3.10.2&#8243;]<\/p>\n<p><img loading=\"lazy\" decoding=\"async\" class=\"alignnone size-medium wp-image-262 aligncenter\" src=\"https:\/\/plasticmoldco.com\/wp-content\/uploads\/2018\/10\/ab-300x31.png\" alt=\"\" width=\"300\" height=\"31\" srcset=\"https:\/\/www.plasticmoldco.com\/wp-content\/uploads\/2018\/10\/ab-300x31.png 300w, https:\/\/www.plasticmoldco.com\/wp-content\/uploads\/2018\/10\/ab-768x80.png 768w, https:\/\/www.plasticmoldco.com\/wp-content\/uploads\/2018\/10\/ab.png 964w\" sizes=\"(max-width: 300px) 100vw, 300px\" \/><\/p>\n<p>[\/et_pb_text][\/et_pb_column][\/et_pb_row][\/et_pb_section][et_pb_section bb_built=\"1\u2033 disabled_on=\"on|on|\" _builder_version=\"3.10.2\u2033 custom_padding=\"0|0px|54px|0px|false|false\" next_background_color=\"#000000\u2033 prev_background_color=\"#000000\u2033][et_pb_row custom_padding=\"0|0px|0|0px|0px|false|false\" _builder_version=\"3.0.48\u2033 background_size=\"initial\" background_position=\"top_left\" background_repeat=\"repeat\"][et_pb_column type=\"3_4\u2033][et_pb_text _builder_version=\"3.10.2\u2033 border_width_all=\"3px\" border_color_all=\"#e5e5e5\u2033 custom_margin=\"17px|-90px|||-86px\" custom_padding=\"10px|10px|10px|10px|10px\"]<\/p>\n<div id=\"titlep\">\n<div id=\"content\" role=\"main\">\n<div>\n<div id=\"titlep\">\n<div>\n<h3>\"Made in China\"<\/h3>\n<\/div>\n<\/div>\n<p>Aina jotkut kutsuvat \"<strong>valmistettu Kiinassa<\/strong>\" halpa ja heikkolaatuinen kuva, Oikeastaan se ei ole totta, voin vilpitt\u00f6m\u00e4sti kertoa teille, ett\u00e4 on liian paljon v\u00e4\u00e4rink\u00e4sityksi\u00e4, ota esimerkiksi jotain, suosikkisi Iphone tai Nokia ovat kaikki valmistettu Kiinassa, ihana kenk\u00e4 ja kangas: Miksi he voivat valita \"made in China\" ja silti voi pit\u00e4\u00e4 korkean laadun, ainoa asia on, ett\u00e4 he l\u00f6yt\u00e4v\u00e4t oikean toimittajan .the oikea toimittaja jatkuvasti tarjotaan top OEM severce alhaisemmalla hinnalla, t\u00e4m\u00e4 on my\u00f6s t\u00e4rkein syy, miksi n\u00e4m\u00e4 kuuluisat tuotemerkit toimivat niin menestyksekk\u00e4\u00e4sti ja kilpailukykyisesti maailmanmarkkinoilla,<\/p>\n<p>Nyt voin kova\u00e4\u00e4nisesti ilmoittaa, ett\u00e4 me olemme se, jota etsit menestyksesi auttamiseksi. <strong>Koska tunnemme Yhdysvaltojen ja Euroopan muottien standardit hyvin.<\/strong><\/p>\n<p><strong>Ensin muotopohjasta<\/strong>: T\u00e4rkeint\u00e4 on, ett\u00e4 kaikki varaosat voidaan korvata Hascon vakio-osalla. r\u00e4\u00e4t\u00e4l\u00f6imme my\u00f6s mink\u00e4 tahansa tyyppisen muottipohjan asiakkaan vaatimuksesta. materiaali on yleens\u00e4 1.1730, 1.2312.<\/p>\n<p><strong>insertin ter\u00e4smateriaali<\/strong>: s\u00e4\u00e4nn\u00f6llinen materiaali k\u00e4yt\u00e4mme was1.2767;1.2344;1.2083;1.2343;S136.After l\u00e4mp\u00f6k\u00e4sittely, kovuus saavuttaa HRC52\u00b0 + \/ - 2\u00b0.normally t\u00e4m\u00e4 sarjamateriaali voi taata muotin k\u00e4ytt\u00f6ik\u00e4 saapuu 1000000 laukausta.Lis\u00e4ksi voimme tilata mit\u00e4 tahansa materiaalia kohti asiakkaan mukaan.<\/p>\n<p><strong>Kuuma juoksija<\/strong>: aivan kuten asiakkaamme, k\u00e4yt\u00e4mme yleens\u00e4 Incore, Syventive, Hasco, Mold-master, Yudo. tai noudata asiakkaan vaatimusta!<\/p>\n<p><strong>Varaosa<\/strong>Esimerkiksi hydraulisylinteriss\u00e4 k\u00e4ytet\u00e4\u00e4n aina HEB, HYDROPNEU. turvakytkint\u00e4: Naglar ws201.Balluf\uff1bSalpalukko: Muut osat aina Hasco-standardia.<\/p>\n<p><img loading=\"lazy\" decoding=\"async\" class=\"alignnone size-full wp-image-148\" title=\"ynv-logo\" src=\"https:\/\/web.archive.org\/web\/20130116210825im_\/http:\/\/www.moldchina.org\/wp-content\/uploads\/2011\/01\/ynv-logo.jpg\" alt=\"\" width=\"196\" height=\"80\" \/> <img loading=\"lazy\" decoding=\"async\" class=\"alignnone size-full wp-image-147\" title=\"mold-masters\" src=\"https:\/\/web.archive.org\/web\/20130116210825im_\/http:\/\/www.moldchina.org\/wp-content\/uploads\/2011\/01\/mold-masters.gif\" alt=\"\" width=\"153\" height=\"94\" \/> <img loading=\"lazy\" decoding=\"async\" class=\"alignnone size-full wp-image-142\" title=\"strack-logo\" src=\"https:\/\/web.archive.org\/web\/20130116210825im_\/http:\/\/www.moldchina.org\/wp-content\/uploads\/2011\/01\/strack-logo.gif\" alt=\"\" width=\"160\" height=\"60\" \/><\/p>\n<p><img loading=\"lazy\" decoding=\"async\" class=\"alignnone size-full wp-image-144\" title=\"incde-logo\" src=\"https:\/\/web.archive.org\/web\/20130116210825im_\/http:\/\/www.moldchina.org\/wp-content\/uploads\/2011\/01\/incde-logo.gif\" alt=\"\" width=\"149\" height=\"68\" \/> <img loading=\"lazy\" decoding=\"async\" class=\"alignnone size-full wp-image-143\" title=\"heb-logo\" src=\"https:\/\/web.archive.org\/web\/20130116210825im_\/http:\/\/www.moldchina.org\/wp-content\/uploads\/2011\/01\/heb-logo.jpg\" alt=\"\" width=\"141\" height=\"79\" \/> <img loading=\"lazy\" decoding=\"async\" class=\"alignnone size-full wp-image-145\" title=\"lkm-logo\" src=\"https:\/\/web.archive.org\/web\/20130116210825im_\/http:\/\/www.moldchina.org\/wp-content\/uploads\/2011\/01\/lkm-logo.jpg\" alt=\"\" width=\"151\" height=\"85\" \/><\/p>\n<p><img loading=\"lazy\" decoding=\"async\" class=\"alignnone size-full wp-image-146\" title=\"hasco\" src=\"https:\/\/web.archive.org\/web\/20130116210825im_\/http:\/\/www.moldchina.org\/wp-content\/uploads\/2011\/01\/hasco.jpg\" alt=\"\" width=\"258\" height=\"77\" \/><\/p>\n<\/div>\n<\/div>\n<\/div>\n<p>[\/et_pb_text][\/et_pb_column][et_pb_column type=\"1_4\u2033][et_pb_sidebar _builder_version=\"3.10.2\u2033 area=\"sidebar-1\u2033 custom_margin=\"15px|-94px|||40px\" custom_padding=\"10px|10px|10px|10px\" border_width_all=\"2px\" border_color_all=\"#d3d3d3d3\u2033 \/][\/et_pb_column][\/et_pb_row][\/et_pb_section][\/et_pb_section bb_built=\"1\u2033 disabled_on=\"||on\" _builder_version=\"3.10.2\u2033 custom_padding=\"0|0px|54px|0px|false|false\" next_background_color=\"#000000\u2033 prev_background_color=\"#000000\u2033][et_pb_row custom_padding=\"0|0px|0px|0px|false|false\" _builder_version=\"3.0.48\u2033 background_size=\"initial\" background_position=\"top_left\" background_repeat=\"repeat\"][et_pb_column type=\"4_4\u2033][et_pb_text _builder_version=\"3.10.2\u2033 border_width_all=\"3px\" border_color_all=\"#e5e5e5\u2033]<\/p>\n<div id=\"titlep\">\n<div id=\"titlep\">\n<div id=\"content\" role=\"main\">\n<div>\n<div id=\"titlep\">\n<div>\n<h3>\"Made in China\"<\/h3>\n<\/div>\n<\/div>\n<p>Aina jotkut kutsuvat \"<strong>valmistettu Kiinassa<\/strong>\" halpa ja heikkolaatuinen kuva, Oikeastaan se ei ole totta, voin vilpitt\u00f6m\u00e4sti kertoa teille, ett\u00e4 on liian paljon v\u00e4\u00e4rink\u00e4sityksi\u00e4, ota esimerkiksi jotain, suosikkisi Iphone tai Nokia ovat kaikki valmistettu Kiinassa, ihana kenk\u00e4 ja kangas: Miksi he voivat valita \"made in China\" ja silti voi pit\u00e4\u00e4 korkean laadun, ainoa asia on, ett\u00e4 he l\u00f6yt\u00e4v\u00e4t oikean toimittajan .the oikea toimittaja jatkuvasti tarjotaan top OEM severce alhaisemmalla hinnalla, t\u00e4m\u00e4 on my\u00f6s t\u00e4rkein syy, miksi n\u00e4m\u00e4 kuuluisat tuotemerkit toimivat niin menestyksekk\u00e4\u00e4sti ja kilpailukykyisesti maailmanmarkkinoilla,<\/p>\n<p>Nyt voin kova\u00e4\u00e4nisesti ilmoittaa, ett\u00e4 me olemme se, jota etsit menestyksesi auttamiseksi. <strong>Koska tunnemme Yhdysvaltojen ja Euroopan muottien standardit hyvin.<\/strong><\/p>\n<p><strong>Ensin muotopohjasta<\/strong>: T\u00e4rkeint\u00e4 on, ett\u00e4 kaikki varaosat voidaan korvata Hascon vakio-osalla. r\u00e4\u00e4t\u00e4l\u00f6imme my\u00f6s mink\u00e4 tahansa tyyppisen muottipohjan asiakkaan vaatimuksesta. materiaali on yleens\u00e4 1.1730, 1.2312.<\/p>\n<p><strong>insertin ter\u00e4smateriaali<\/strong>: s\u00e4\u00e4nn\u00f6llinen materiaali k\u00e4yt\u00e4mme was1.2767;1.2344;1.2083;1.2343;S136.After l\u00e4mp\u00f6k\u00e4sittely, kovuus saavuttaa HRC52\u00b0 + \/ - 2\u00b0.normally t\u00e4m\u00e4 sarjamateriaali voi taata muotin k\u00e4ytt\u00f6ik\u00e4 saapuu 1000000 laukausta.Lis\u00e4ksi voimme tilata mit\u00e4 tahansa materiaalia kohti asiakkaan mukaan.<\/p>\n<p><strong>Kuuma juoksija<\/strong>: aivan kuten asiakkaamme, k\u00e4yt\u00e4mme yleens\u00e4 Incore, Syventive, Hasco, Mold-master, Yudo. tai noudata asiakkaan vaatimusta!<\/p>\n<p><strong>Varaosa<\/strong>Esimerkiksi hydraulisylinteriss\u00e4 k\u00e4ytet\u00e4\u00e4n aina HEB, HYDROPNEU. turvakytkint\u00e4: Naglar ws201.Balluf\uff1bSalpalukko: Muut osat aina Hasco-standardia.<\/p>\n<p><img loading=\"lazy\" decoding=\"async\" class=\"alignnone size-full wp-image-148\" title=\"ynv-logo\" src=\"https:\/\/web.archive.org\/web\/20130116210825im_\/http:\/\/www.moldchina.org\/wp-content\/uploads\/2011\/01\/ynv-logo.jpg\" alt=\"\" width=\"196\" height=\"80\" \/> <img loading=\"lazy\" decoding=\"async\" class=\"alignnone size-full wp-image-147\" title=\"mold-masters\" src=\"https:\/\/web.archive.org\/web\/20130116210825im_\/http:\/\/www.moldchina.org\/wp-content\/uploads\/2011\/01\/mold-masters.gif\" alt=\"\" width=\"153\" height=\"94\" \/> <img loading=\"lazy\" decoding=\"async\" class=\"alignnone size-full wp-image-142\" title=\"strack-logo\" src=\"https:\/\/web.archive.org\/web\/20130116210825im_\/http:\/\/www.moldchina.org\/wp-content\/uploads\/2011\/01\/strack-logo.gif\" alt=\"\" width=\"160\" height=\"60\" \/><\/p>\n<p><img loading=\"lazy\" decoding=\"async\" class=\"alignnone size-full wp-image-144\" title=\"incde-logo\" src=\"https:\/\/web.archive.org\/web\/20130116210825im_\/http:\/\/www.moldchina.org\/wp-content\/uploads\/2011\/01\/incde-logo.gif\" alt=\"\" width=\"149\" height=\"68\" \/> <img loading=\"lazy\" decoding=\"async\" class=\"alignnone size-full wp-image-143\" title=\"heb-logo\" src=\"https:\/\/web.archive.org\/web\/20130116210825im_\/http:\/\/www.moldchina.org\/wp-content\/uploads\/2011\/01\/heb-logo.jpg\" alt=\"\" width=\"141\" height=\"79\" \/> <img loading=\"lazy\" decoding=\"async\" class=\"alignnone size-full wp-image-145\" title=\"lkm-logo\" src=\"https:\/\/web.archive.org\/web\/20130116210825im_\/http:\/\/www.moldchina.org\/wp-content\/uploads\/2011\/01\/lkm-logo.jpg\" alt=\"\" width=\"151\" height=\"85\" \/><\/p>\n<p><img loading=\"lazy\" decoding=\"async\" class=\"alignnone size-full wp-image-146\" title=\"hasco\" src=\"https:\/\/web.archive.org\/web\/20130116210825im_\/http:\/\/www.moldchina.org\/wp-content\/uploads\/2011\/01\/hasco.jpg\" alt=\"\" width=\"258\" height=\"77\" \/><\/p>\n<\/div>\n<\/div>\n<\/div>\n<\/div>\n<p>[\/et_pb_text][et_pb_sidebar _builder_version=\"3.10.2\u2033 area=\"sidebar-1\u2033 custom_padding=\"10px|||10px|10px\" border_width_all=\"2px\" border_color_all=\"#d3d3d3d3\u2033 custom_margin=\"|-250px|||\" \/][\/et_pb_column][\/et_pb_row][\/et_pb_section][et_pb_section bb_built=\"1\u2033 disabled_on=\"on|on|\" _builder_version=\u201d3.10.2\u2033 custom_margin=\u201d-103px|||\u201d prev_background_color=\u201d#000000\u2033 next_background_color=\u201d#000000\u2033][et_pb_row _builder_version=\u201d3.0.48\u2033 background_size=\"initial\" background_position=\"top_left\" background_repeat=\"repeat\"][et_pb_column type=\"4_4\u2033][et_pb_text _builder_version=\"3.10.2\u2033 custom_margin=\"|-62px|||-84px\"]<\/p>\n<p style=\"padding-left: 30px;\"><strong>Kiina muovi ruiskuvalumuotti, toolmaker, Kiina muotin valmistaja, Kiina ty\u00f6kalut, Muovimuotti Kiina, Kiina ruiskuvalumuotti tehdas, muovi ruiskuvalumuotti valmistaja Kiinassa<\/strong><\/p>\n<p>[\/et_pb_text][et_pb_text _builder_version=\u201d3.10.2\u2033 custom_margin=\u201d-15px|-50px||-50px\u201d]<\/p>\n<p><strong><span style=\"color: #0c0c0c;\"><a href=\"https:\/\/www.plasticmoldco.com\/fi\/\">Etusivu\u00a0 \u00a0<\/a>|\u00a0 \u00a0<a href=\"https:\/\/www.plasticmoldco.com\/fi\/about-us\/\">Tietoa meist\u00e4\u00a0<\/a> \u00a0|\u00a0 <a href=\"https:\/\/www.plasticmoldco.com\/fi\/suunnittelutekniikka\/\">Suunnittelu ja tekniikka<\/a>\u00a0 |\u00a0 \u00a0<a href=\"https:\/\/www.plasticmoldco.com\/fi\/products\/\">Tuotteet\u00a0\u00a0\u00a0\u00a0\u00a0<\/a>|\u00a0\u00a0\u00a0\u00a0\u00a0<a href=\"https:\/\/www.plasticmoldco.com\/fi\/uutiset\/\">Uutiset<\/a>\u00a0\u00a0\u00a0\u00a0\u00a0|\u00a0\u00a0\u00a0\u00a0\u00a0<a href=\"https:\/\/www.plasticmoldco.com\/fi\/laatuvakuutus\/\">Laatuvakuutus\u00a0<\/a>\u00a0\u00a0\u00a0\u00a0|\u00a0 \u00a0 <a href=\"https:\/\/www.plasticmoldco.com\/fi\/po-menettely\/\">PO-menettely<\/a>\u00a0 \u00a0 |\u00a0 \u00a0 <a href=\"https:\/\/www.plasticmoldco.com\/fi\/eqipment\/\">Laitteet\u00a0 \u00a0<\/a> |\u00a0 \u00a0<a href=\"https:\/\/www.plasticmoldco.com\/fi\/teollisen-muotoilun-tapaus\/\">Teollinen muotoilu Case\u00a0<\/a> \u00a0 |\u00a0 \u00a0 <a href=\"https:\/\/www.plasticmoldco.com\/fi\/sivukartta\/\">Sivukartta<\/a><\/span><\/strong><\/p>\n<p>[\/et_pb_text][et_pb_text _builder_version=\"3.10.2\u2033 custom_margin=\"-15px||||\"]<\/p>\n<p style=\"text-align: center;\"><strong>Copyright \u00a9 2011 DONGGUAN SINCER TECH CO.LTD. | Kiina Muotin valmistaja, Kiina Muovin ruiskuvalu, Kiina toolmaker.<\/strong><br \/>\n<strong> Yritysrekisterinumero: 1626173<\/strong><\/p>\n<p>[\/et_pb_text][\/et_pb_column][\/et_pb_row][\/et_pb_section][et_pb_section bb_built=\"1\u2033 disabled_on=\"||on\" _builder_version=\"3.10.2\u2033 custom_margin=\"-103px||||\" prev_background_color=\"#000000\u2033][et_pb_row _builder_version=\"3.0.48\u2033 background_size=\"initial\" background_position=\"top_left\" background_repeat=\"repeat\"][et_pb_column type=\"4_4\u2033][et_pb_text _builder_version=\"3.10.2\u2033]<\/p>\n<p style=\"padding-left: 30px;\"><strong>Kiina muovi ruiskuvalumuotti, toolmaker, Kiina muotin valmistaja, Kiina ty\u00f6kalut, Muovimuotti Kiina, Kiina ruiskuvalumuotti tehdas, muovi ruiskuvalumuotti valmistaja Kiinassa<\/strong><\/p>\n<p>[\/et_pb_text][et_pb_text _builder_version=\u201d3.10.2\u2033]<\/p>\n<p><strong><span style=\"color: #0c0c0c;\"><a href=\"https:\/\/www.plasticmoldco.com\/fi\/\">Etusivu\u00a0 \u00a0<\/a>|\u00a0 \u00a0<a href=\"https:\/\/www.plasticmoldco.com\/fi\/about-us\/\">Tietoa meist\u00e4\u00a0<\/a> \u00a0|\u00a0 <a href=\"https:\/\/www.plasticmoldco.com\/fi\/suunnittelutekniikka\/\">Suunnittelu ja tekniikka<\/a>\u00a0 |\u00a0 \u00a0<a href=\"https:\/\/www.plasticmoldco.com\/fi\/products\/\">Tuotteet\u00a0\u00a0\u00a0\u00a0\u00a0<\/a>|\u00a0\u00a0\u00a0\u00a0\u00a0<a href=\"https:\/\/www.plasticmoldco.com\/fi\/uutiset\/\">Uutiset<\/a>\u00a0\u00a0\u00a0\u00a0\u00a0|\u00a0\u00a0\u00a0\u00a0\u00a0<a href=\"https:\/\/www.plasticmoldco.com\/fi\/laatuvakuutus\/\">Laatuvakuutus\u00a0<\/a>\u00a0\u00a0\u00a0\u00a0|\u00a0 \u00a0 <a href=\"https:\/\/www.plasticmoldco.com\/fi\/po-menettely\/\">PO-menettely<\/a>\u00a0 \u00a0 |\u00a0 \u00a0 <a href=\"https:\/\/www.plasticmoldco.com\/fi\/eqipment\/\">Laitteet\u00a0 \u00a0<\/a> |\u00a0 \u00a0<a href=\"https:\/\/www.plasticmoldco.com\/fi\/teollisen-muotoilun-tapaus\/\">Teollinen muotoilu Case\u00a0<\/a> \u00a0 |\u00a0 \u00a0 <a href=\"https:\/\/www.plasticmoldco.com\/fi\/sivukartta\/\">Sivukartta<\/a><\/span><\/strong><\/p>\n<p>[\/et_pb_text][et_pb_text _builder_version=\u201d3.10.2\u2033]<\/p>\n<p style=\"text-align: center;\"><strong>Copyright \u00a9 2011 DONGGUAN SINCER TECH CO.LTD. | Kiina Muotin valmistaja, Kiina Muovin ruiskuvalu, Kiina toolmaker.<\/strong><br \/>\n<strong> Yritysrekisterinumero: 1626173<\/strong><\/p>\n<p>[\/et_pb_text][\/et_pb_column][\/et_pb_row][\/et_pb_section][\/et_pb_section][\/et_pb_section]<\/p>","protected":false},"excerpt":{"rendered":"<p>\u201cMade in China\u201d Always some people call \u201cmade in china\u201d a cheap and low-quality image, Actully it is not ture,I can sincerily tell you that there are too much misunderstanding, take something for example, your favoriate Iphone or Nokia are all made in China, your lovely shoe and cloth: Nike; Adiddas, are all made in [&hellip;]<\/p>","protected":false},"author":1,"featured_media":0,"parent":0,"menu_order":0,"comment_status":"closed","ping_status":"closed","template":"","meta":{"_et_pb_use_builder":"on","_et_pb_old_content":"","_et_gb_content_width":"","footnotes":""},"class_list":["post-41","page","type-page","status-publish","hentry"],"yoast_head":"<!-- This site is optimized with the Yoast SEO plugin v26.4 - https:\/\/yoast.com\/wordpress\/plugins\/seo\/ -->\n<title>&quot;Made in China&quot; - Plastic Mold | China Mold Maker<\/title>\n<meta name=\"robots\" content=\"index, follow, max-snippet:-1, max-image-preview:large, max-video-preview:-1\" \/>\n<link rel=\"canonical\" href=\"https:\/\/www.plasticmoldco.com\/fi\/wyprodukowano-w-chinach\/\" \/>\n<meta property=\"og:locale\" content=\"fi_FI\" \/>\n<meta property=\"og:type\" content=\"article\" \/>\n<meta property=\"og:title\" content=\"&quot;Made in China&quot; - Plastic Mold | China Mold Maker\" \/>\n<meta property=\"og:description\" content=\"\u201cMade in China\u201d Always some people call \u201cmade in china\u201d a cheap and low-quality image, Actully it is not ture,I can sincerily tell you that there are too much misunderstanding, take something for example, your favoriate Iphone or Nokia are all made in China, your lovely shoe and cloth: Nike; Adiddas, are all made in [&hellip;]\" \/>\n<meta property=\"og:url\" content=\"https:\/\/www.plasticmoldco.com\/fi\/wyprodukowano-w-chinach\/\" \/>\n<meta property=\"og:site_name\" content=\"Plastic Mold | China Mold Maker\" \/>\n<meta property=\"article:modified_time\" content=\"2018-10-18T10:20:05+00:00\" \/>\n<meta property=\"og:image\" content=\"https:\/\/plasticmoldco.com\/wp-content\/uploads\/2018\/10\/ab-300x31.png\" \/>\n<meta name=\"twitter:card\" content=\"summary_large_image\" \/>\n<meta name=\"twitter:label1\" content=\"Arvioitu lukuaika\" \/>\n\t<meta name=\"twitter:data1\" content=\"6 minuuttia\" \/>\n<script type=\"application\/ld+json\" class=\"yoast-schema-graph\">{\"@context\":\"https:\/\/schema.org\",\"@graph\":[{\"@type\":\"WebPage\",\"@id\":\"https:\/\/www.plasticmoldco.com\/pl\/wyprodukowano-w-chinach\/\",\"url\":\"https:\/\/www.plasticmoldco.com\/pl\/wyprodukowano-w-chinach\/\",\"name\":\"\\\"Made in China\\\" - Plastic Mold | China Mold Maker\",\"isPartOf\":{\"@id\":\"https:\/\/www.plasticmoldco.com\/el\/#website\"},\"primaryImageOfPage\":{\"@id\":\"https:\/\/www.plasticmoldco.com\/pl\/wyprodukowano-w-chinach\/#primaryimage\"},\"image\":{\"@id\":\"https:\/\/www.plasticmoldco.com\/pl\/wyprodukowano-w-chinach\/#primaryimage\"},\"thumbnailUrl\":\"https:\/\/plasticmoldco.com\/wp-content\/uploads\/2018\/10\/ab-300x31.png\",\"datePublished\":\"2018-10-14T09:05:20+00:00\",\"dateModified\":\"2018-10-18T10:20:05+00:00\",\"breadcrumb\":{\"@id\":\"https:\/\/www.plasticmoldco.com\/pl\/wyprodukowano-w-chinach\/#breadcrumb\"},\"inLanguage\":\"fi\",\"potentialAction\":[{\"@type\":\"ReadAction\",\"target\":[\"https:\/\/www.plasticmoldco.com\/pl\/wyprodukowano-w-chinach\/\"]}]},{\"@type\":\"ImageObject\",\"inLanguage\":\"fi\",\"@id\":\"https:\/\/www.plasticmoldco.com\/pl\/wyprodukowano-w-chinach\/#primaryimage\",\"url\":\"https:\/\/plasticmoldco.com\/wp-content\/uploads\/2018\/10\/ab-300x31.png\",\"contentUrl\":\"https:\/\/plasticmoldco.com\/wp-content\/uploads\/2018\/10\/ab-300x31.png\"},{\"@type\":\"BreadcrumbList\",\"@id\":\"https:\/\/www.plasticmoldco.com\/pl\/wyprodukowano-w-chinach\/#breadcrumb\",\"itemListElement\":[{\"@type\":\"ListItem\",\"position\":1,\"name\":\"Home\",\"item\":\"https:\/\/www.plasticmoldco.com\/\"},{\"@type\":\"ListItem\",\"position\":2,\"name\":\"&#8220;Made in China&#8221;\"}]},{\"@type\":\"WebSite\",\"@id\":\"https:\/\/www.plasticmoldco.com\/el\/#website\",\"url\":\"https:\/\/www.plasticmoldco.com\/el\/\",\"name\":\"Plastic Mold | China Mold Maker\",\"description\":\"Are you looking for injection mold china? We are plastic mold maker\",\"publisher\":{\"@id\":\"https:\/\/www.plasticmoldco.com\/el\/#organization\"},\"potentialAction\":[{\"@type\":\"SearchAction\",\"target\":{\"@type\":\"EntryPoint\",\"urlTemplate\":\"https:\/\/www.plasticmoldco.com\/el\/?s={search_term_string}\"},\"query-input\":{\"@type\":\"PropertyValueSpecification\",\"valueRequired\":true,\"valueName\":\"search_term_string\"}}],\"inLanguage\":\"fi\"},{\"@type\":\"Organization\",\"@id\":\"https:\/\/www.plasticmoldco.com\/el\/#organization\",\"name\":\"Plastic Mold | China Mold Maker\",\"url\":\"https:\/\/www.plasticmoldco.com\/el\/\",\"logo\":{\"@type\":\"ImageObject\",\"inLanguage\":\"fi\",\"@id\":\"https:\/\/www.plasticmoldco.com\/el\/#\/schema\/logo\/image\/\",\"url\":\"https:\/\/plasticmoldco.com\/wp-content\/uploads\/2018\/10\/nlogon.png\",\"contentUrl\":\"https:\/\/plasticmoldco.com\/wp-content\/uploads\/2018\/10\/nlogon.png\",\"width\":204,\"height\":54,\"caption\":\"Plastic Mold | China Mold Maker\"},\"image\":{\"@id\":\"https:\/\/www.plasticmoldco.com\/el\/#\/schema\/logo\/image\/\"}}]}<\/script>\n<!-- \/ Yoast SEO plugin. -->","yoast_head_json":{"title":"\"Made in China\" - Plastic Mold | Kiina Mold Maker","robots":{"index":"index","follow":"follow","max-snippet":"max-snippet:-1","max-image-preview":"max-image-preview:large","max-video-preview":"max-video-preview:-1"},"canonical":"https:\/\/www.plasticmoldco.com\/fi\/wyprodukowano-w-chinach\/","og_locale":"fi_FI","og_type":"article","og_title":"\"Made in China\" - Plastic Mold | China Mold Maker","og_description":"\u201cMade in China\u201d Always some people call \u201cmade in china\u201d a cheap and low-quality image, Actully it is not ture,I can sincerily tell you that there are too much misunderstanding, take something for example, your favoriate Iphone or Nokia are all made in China, your lovely shoe and cloth: Nike; Adiddas, are all made in [&hellip;]","og_url":"https:\/\/www.plasticmoldco.com\/fi\/wyprodukowano-w-chinach\/","og_site_name":"Plastic Mold | China Mold Maker","article_modified_time":"2018-10-18T10:20:05+00:00","og_image":[{"url":"https:\/\/plasticmoldco.com\/wp-content\/uploads\/2018\/10\/ab-300x31.png","type":"","width":"","height":""}],"twitter_card":"summary_large_image","twitter_misc":{"Arvioitu lukuaika":"6 minuuttia"},"schema":{"@context":"https:\/\/schema.org","@graph":[{"@type":"WebPage","@id":"https:\/\/www.plasticmoldco.com\/pl\/wyprodukowano-w-chinach\/","url":"https:\/\/www.plasticmoldco.com\/pl\/wyprodukowano-w-chinach\/","name":"\"Made in China\" - Plastic Mold | Kiina Mold Maker","isPartOf":{"@id":"https:\/\/www.plasticmoldco.com\/el\/#website"},"primaryImageOfPage":{"@id":"https:\/\/www.plasticmoldco.com\/pl\/wyprodukowano-w-chinach\/#primaryimage"},"image":{"@id":"https:\/\/www.plasticmoldco.com\/pl\/wyprodukowano-w-chinach\/#primaryimage"},"thumbnailUrl":"https:\/\/plasticmoldco.com\/wp-content\/uploads\/2018\/10\/ab-300x31.png","datePublished":"2018-10-14T09:05:20+00:00","dateModified":"2018-10-18T10:20:05+00:00","breadcrumb":{"@id":"https:\/\/www.plasticmoldco.com\/pl\/wyprodukowano-w-chinach\/#breadcrumb"},"inLanguage":"fi","potentialAction":[{"@type":"ReadAction","target":["https:\/\/www.plasticmoldco.com\/pl\/wyprodukowano-w-chinach\/"]}]},{"@type":"ImageObject","inLanguage":"fi","@id":"https:\/\/www.plasticmoldco.com\/pl\/wyprodukowano-w-chinach\/#primaryimage","url":"https:\/\/plasticmoldco.com\/wp-content\/uploads\/2018\/10\/ab-300x31.png","contentUrl":"https:\/\/plasticmoldco.com\/wp-content\/uploads\/2018\/10\/ab-300x31.png"},{"@type":"BreadcrumbList","@id":"https:\/\/www.plasticmoldco.com\/pl\/wyprodukowano-w-chinach\/#breadcrumb","itemListElement":[{"@type":"ListItem","position":1,"name":"Home","item":"https:\/\/www.plasticmoldco.com\/"},{"@type":"ListItem","position":2,"name":"&#8220;Made in China&#8221;"}]},{"@type":"WebSite","@id":"https:\/\/www.plasticmoldco.com\/el\/#website","url":"https:\/\/www.plasticmoldco.com\/el\/","name":"Muovi Mold | Kiina Mold Maker","description":"Etsitk\u00f6 ruiskuvalumuotteja Kiinassa? Olemme muovimuotin valmistaja","publisher":{"@id":"https:\/\/www.plasticmoldco.com\/el\/#organization"},"potentialAction":[{"@type":"SearchAction","target":{"@type":"EntryPoint","urlTemplate":"https:\/\/www.plasticmoldco.com\/el\/?s={search_term_string}"},"query-input":{"@type":"PropertyValueSpecification","valueRequired":true,"valueName":"search_term_string"}}],"inLanguage":"fi"},{"@type":"Organization","@id":"https:\/\/www.plasticmoldco.com\/el\/#organization","name":"Muovi Mold | Kiina Mold Maker","url":"https:\/\/www.plasticmoldco.com\/el\/","logo":{"@type":"ImageObject","inLanguage":"fi","@id":"https:\/\/www.plasticmoldco.com\/el\/#\/schema\/logo\/image\/","url":"https:\/\/plasticmoldco.com\/wp-content\/uploads\/2018\/10\/nlogon.png","contentUrl":"https:\/\/plasticmoldco.com\/wp-content\/uploads\/2018\/10\/nlogon.png","width":204,"height":54,"caption":"Plastic Mold | China Mold Maker"},"image":{"@id":"https:\/\/www.plasticmoldco.com\/el\/#\/schema\/logo\/image\/"}}]}},"_links":{"self":[{"href":"https:\/\/www.plasticmoldco.com\/fi\/wp-json\/wp\/v2\/pages\/41","targetHints":{"allow":["GET"]}}],"collection":[{"href":"https:\/\/www.plasticmoldco.com\/fi\/wp-json\/wp\/v2\/pages"}],"about":[{"href":"https:\/\/www.plasticmoldco.com\/fi\/wp-json\/wp\/v2\/types\/page"}],"author":[{"embeddable":true,"href":"https:\/\/www.plasticmoldco.com\/fi\/wp-json\/wp\/v2\/users\/1"}],"replies":[{"embeddable":true,"href":"https:\/\/www.plasticmoldco.com\/fi\/wp-json\/wp\/v2\/comments?post=41"}],"version-history":[{"count":0,"href":"https:\/\/www.plasticmoldco.com\/fi\/wp-json\/wp\/v2\/pages\/41\/revisions"}],"wp:attachment":[{"href":"https:\/\/www.plasticmoldco.com\/fi\/wp-json\/wp\/v2\/media?parent=41"}],"curies":[{"name":"wp","href":"https:\/\/api.w.org\/{rel}","templated":true}]}}