{"id":1204,"date":"2018-10-20T02:18:48","date_gmt":"2018-10-19T18:18:48","guid":{"rendered":"https:\/\/plasticmoldco.com\/?page_id=1204"},"modified":"2018-10-20T16:36:35","modified_gmt":"2018-10-20T08:36:35","slug":"auto-parts-mould","status":"publish","type":"page","link":"https:\/\/www.plasticmoldco.com\/fi\/autonosien-muotti\/","title":{"rendered":"Autonosien muotti"},"content":{"rendered":"<p>[et_pb_section bb_built=\"1\u2033 disabled_on=\"on|on|\" _builder_version=\"3.10.2\u2033 custom_padding=\"0|0px|0|0px|0px|false|false\" next_background_color=\"#000000\u2033][et_pb_row custom_padding=\"18px|0px|0|0px|0px|false|false\" _builder_version=\"3.0.48\u2033 background_size=\"initial\" background_position=\"top_left\" background_repeat=\"repeat\"][et_pb_column type=\"4_4\u2033][et_pb_text _builder_version=\"3.10.2\u2033 custom_margin=\"0px|-120px|16px|100px\"]<\/p>\n<p><img loading=\"lazy\" decoding=\"async\" class=\"wp-image-213 alignnone size-medium\" src=\"https:\/\/plasticmoldco.com\/wp-content\/uploads\/2018\/10\/new.n-300x18.jpg\" alt=\"\" width=\"1266\" height=\"76\" srcset=\"https:\/\/www.plasticmoldco.com\/wp-content\/uploads\/2018\/10\/new.n-300x18.jpg 300w, https:\/\/www.plasticmoldco.com\/wp-content\/uploads\/2018\/10\/new.n-768x45.jpg 768w, https:\/\/www.plasticmoldco.com\/wp-content\/uploads\/2018\/10\/new.n-1024x60.jpg 1024w\" sizes=\"(max-width: 1266px) 100vw, 1266px\" \/><\/p>\n<p>[\/et_pb_text][\/et_pb_column][\/et_pb_row][\/et_pb_section][et_pb_section bb_built=\"1\u2033 disabled_on=\"||on\" _builder_version=\"3.10.2\u2033 custom_padding=\"22px|0px|0|0|0px|false|false\" prev_background_color=\"#000000\u2033 next_background_color=\"#000000\u2033][et_pb_row custom_padding=\"0|0px|12px|0px|0px|false|false\" _builder_version=\"3.0.48\u2033 background_size=\"initial\" background_position=\"top_left\" background_repeat=\"repeat\"][et_pb_column type=\"4_4\u2033][et_pb_text _builder_version=\"3.10.2\u2033]<\/p>\n<p><img loading=\"lazy\" decoding=\"async\" class=\"wp-image-213 alignnone size-medium\" src=\"https:\/\/plasticmoldco.com\/wp-content\/uploads\/2018\/10\/new.n-300x18.jpg\" alt=\"\" width=\"1266\" height=\"76\" srcset=\"https:\/\/www.plasticmoldco.com\/wp-content\/uploads\/2018\/10\/new.n-300x18.jpg 300w, https:\/\/www.plasticmoldco.com\/wp-content\/uploads\/2018\/10\/new.n-768x45.jpg 768w, https:\/\/www.plasticmoldco.com\/wp-content\/uploads\/2018\/10\/new.n-1024x60.jpg 1024w\" sizes=\"(max-width: 1266px) 100vw, 1266px\" \/><\/p>\n<p>[\/et_pb_text][\/et_pb_column][\/et_pb_row][\/et_pb_section][et_pb_section bb_built=\"1\u2033 disabled_on=\"on|on|\" _builder_version=\"3.10.2\u2033 custom_padding=\"0|0px|54px|0px|false|false\" prev_background_color=\"#000000\u2033 next_background_color=\"#000000\u2033][et_pb_row custom_padding=\"0|0px|0|0px|0px|false|false\" _builder_version=\"3.0.48\u2033 background_size=\"initial\" background_position=\"top_left\" background_repeat=\"repeat\"][et_pb_column type=\"3_4\u2033][et_pb_text _builder_version=\"3.10.2\u2033 border_width_all=\"3px\" border_color_all=\"#e5e5e5\u2033 custom_margin=\"15px|-90px|||-86px\" custom_padding=\"10px|10px|10px|10px|10px\"]<\/p>\n<div id=\"titlep\">\n<div id=\"titlep\">\n<div id=\"titlep\">\n<div id=\"titlep\">\n<div>\n<h1>Autonosien muotti<\/h1>\n<\/div>\n<\/div>\n<div id=\"mge\"><img loading=\"lazy\" decoding=\"async\" class=\"alignnone  wp-image-1073\" src=\"https:\/\/plasticmoldco.com\/wp-content\/uploads\/2018\/10\/101010-276x300.jpg\" alt=\"\" width=\"650\" height=\"707\" srcset=\"https:\/\/www.plasticmoldco.com\/wp-content\/uploads\/2018\/10\/101010-276x300.jpg 276w, https:\/\/www.plasticmoldco.com\/wp-content\/uploads\/2018\/10\/101010.jpg 404w\" sizes=\"(max-width: 650px) 100vw, 650px\" \/><\/div>\n<p>&nbsp;<\/p>\n<p>Yrityksemme on ammattimainen <a href=\"https:\/\/web.archive.org\/web\/20140805213848\/http:\/\/www.moldchina.org\/quality-insurance\/our-statement\">muovimuotin valmistaja <\/a>Shezheniss\u00e4, Kiinassa. Meill\u00e4 on runsaasti kokemusta erilaisista muoteista, t\u00e4ll\u00e4 hetkell\u00e4 Auto-muotti on t\u00e4rke\u00e4 alamme.<\/p>\n<p>Seuraavassa on seuraavat tiedot<strong><em> muovimuotin valmistus<\/em><\/strong>:<\/p>\n<table border=\"1\" cellspacing=\"0\" cellpadding=\"0\">\n<tbody>\n<tr>\n<td>Muototer\u00e4ksen materiaali<\/td>\n<td>P20 , 45# ,718 , 2083 , NAK80 ,S136 ,2344,2767,2312 jne.<\/td>\n<\/tr>\n<tr>\n<td>Muovinen materiaali<\/td>\n<td>PE , PP, TPE, PPR ,PA, PP , PS , PET , ABS , PC , jne.<\/td>\n<\/tr>\n<tr>\n<td>Muottipohja<\/td>\n<td>LKM , HASCO , EMP.DME jne.<\/td>\n<\/tr>\n<tr>\n<td>Muotin juoksupy\u00f6r\u00e4<\/td>\n<td>Kylm\u00e4juoksija ja kuuma juoksija<\/td>\n<\/tr>\n<tr>\n<td>Muotin kuumakanava<\/td>\n<td>DEM , HASCO , YUDO jne.<\/td>\n<\/tr>\n<tr>\n<td>Muotin kylm\u00e4 juoksuputki<\/td>\n<td>pisteportti , sivuportti , vedenalainen portti , tunneliportti<\/td>\n<\/tr>\n<tr>\n<td>Muotti vakio-osat<\/td>\n<td>DEM , HASCO , CUMSA , JIS , Strack.Optiz,.LKM,.<\/td>\n<\/tr>\n<tr>\n<td>Muotin k\u00e4ytt\u00f6ik\u00e4<\/td>\n<td>1,000,000 laukausta<\/td>\n<\/tr>\n<tr>\n<td>Suunnitteluohjelmisto<\/td>\n<td>PRO-E , UG ,Auto CAD ,jne.<\/td>\n<\/tr>\n<tr>\n<td>Muotin irrotustapa<\/td>\n<td>poistolevy , ejektorit , ilmaventtiilit , hydraulisylinteri , hydraulinen sylinteri<\/td>\n<\/tr>\n<tr>\n<td>Muotin kuumak\u00e4sittely<\/td>\n<td>Karkaisu , karkaisu , nitraus<\/td>\n<\/tr>\n<tr>\n<td>Prosessi<\/td>\n<td>CNC , EDM , lankaleikkaus , poraus, kiillotus, kokoonpano, asennus<\/td>\n<\/tr>\n<tr>\n<td>Muotin l\u00e4hetys<\/td>\n<td>Meritse, ilmateitse jne.<\/td>\n<\/tr>\n<tr>\n<td>Muottipakkaus<\/td>\n<td>puinen kotelo<\/td>\n<\/tr>\n<tr>\n<td><\/td>\n<td><\/td>\n<\/tr>\n<\/tbody>\n<\/table>\n<p>virtauskaavio <strong><em>muovimuotin valmistaja<\/em><\/strong> palvelu:<\/p>\n<table border=\"1\" cellspacing=\"0\" cellpadding=\"0\">\n<tbody>\n<tr>\n<td>Vastaanottaa kysy\u00e4 asiakkailta, sis\u00e4lt\u00e4v\u00e4t muotin spec ja piirustus tai n\u00e4yte<\/td>\n<\/tr>\n<tr>\n<td>Annamme tarjouksen 24 tunnin kuluessa<\/td>\n<\/tr>\n<tr>\n<td>Asiakas vahvistaa tarjouksen ja tekee tilauksen,<\/td>\n<\/tr>\n<tr>\n<td>Aloitamme muotin suunnittelun<\/td>\n<\/tr>\n<tr>\n<td>Viimeistele muotin piirustus ja l\u00e4het\u00e4 asiakkaalle hyv\u00e4ksytt\u00e4v\u00e4ksi<\/td>\n<\/tr>\n<tr>\n<td>Asiakas hyv\u00e4ksyy suunnittelun ja tilaamme ter\u00e4smateriaalin ja muottipohjan.<\/td>\n<\/tr>\n<tr>\n<td>Pinnan muotoilu suurnopeus-CNC:ll\u00e4<\/td>\n<\/tr>\n<tr>\n<td>Reikien poraaminen, CNC, lankaleikkaus, EDM, kiillotus, kokoonpano, sovitus jne.<\/td>\n<\/tr>\n<tr>\n<td>Hometestauksen j\u00e4rjest\u00e4minen ja T1-n\u00e4ytteiden l\u00e4hett\u00e4minen ulos.<\/td>\n<\/tr>\n<tr>\n<td>Asiakas antaa palautetta, jos n\u00e4ytteit\u00e4 ei hyv\u00e4ksyt\u00e4.<\/td>\n<\/tr>\n<tr>\n<td>Korjaus , Kiillotus , Tekstuuri<\/td>\n<\/tr>\n<tr>\n<td>Muokkaamme muotin, kunnes asiakas on hyv\u00e4ksynyt<\/td>\n<\/tr>\n<tr>\n<td>Muotin l\u00e4hett\u00e4minen<\/td>\n<\/tr>\n<\/tbody>\n<\/table>\n<p>&nbsp;<\/p>\n<p>Ammattilaisena <strong><em><a href=\"https:\/\/web.archive.org\/web\/20140805213848\/http:\/\/www.moldchina.org\/mold-in-china\">Kiina muovi muotin valmistaja<\/a><\/em><\/strong>, muotin etu on:<\/p>\n<p>Korkea tarkkuus, pitk\u00e4 k\u00e4ytt\u00f6ik\u00e4 ja lyhyt sykli, kohtuullinen hinta, t\u00e4sm\u00e4llinen toimitus.<\/p>\n<\/div>\n<\/div>\n<\/div>\n<p>[\/et_pb_text][\/et_pb_column][et_pb_column type=\"1_4\u2033][et_pb_sidebar _builder_version=\"3.10.2\u2033 area=\"sidebar-1\u2033 custom_margin=\"15px|-94px|||40px\" custom_padding=\"10px|10px|10px|10px\" border_width_all=\"2px\" border_color_all=\"#d3d3d3d3\u2033 \/][\/et_pb_column][\/et_pb_row][\/et_pb_section][\/et_pb_section bb_built=\"1\u2033 disabled_on=\"||on\" _builder_version=\"3.10.2\u2033 custom_padding=\"0|0px|54px|0px|false|false\" next_background_color=\"#000000\u2033 prev_background_color=\"#000000\u2033][et_pb_row custom_padding=\"0|0px|0px|0px|false|false\" _builder_version=\"3.0.48\u2033 background_size=\"initial\" background_position=\"top_left\" background_repeat=\"repeat\"][et_pb_column type=\"4_4\u2033][et_pb_text _builder_version=\"3.10.2\u2033 border_width_all=\"3px\" border_color_all=\"#e5e5e5\u2033]<\/p>\n<div id=\"titlep\">\n<div id=\"titlep\">\n<div id=\"titlep\">\n<div id=\"titlep\">\n<div id=\"titlep\">\n<div id=\"titlep\">\n<div id=\"titlep\">\n<div id=\"titlep\">\n<div id=\"titlep\">\n<div>\n<h1>Autonosien muotti<\/h1>\n<\/div>\n<\/div>\n<div id=\"mge\"><img loading=\"lazy\" decoding=\"async\" class=\"alignnone  wp-image-1073\" src=\"https:\/\/plasticmoldco.com\/wp-content\/uploads\/2018\/10\/101010-276x300.jpg\" alt=\"\" width=\"650\" height=\"707\" srcset=\"https:\/\/www.plasticmoldco.com\/wp-content\/uploads\/2018\/10\/101010-276x300.jpg 276w, https:\/\/www.plasticmoldco.com\/wp-content\/uploads\/2018\/10\/101010.jpg 404w\" sizes=\"(max-width: 650px) 100vw, 650px\" \/><\/div>\n<p>&nbsp;<\/p>\n<p>Yrityksemme on ammattimainen muovimuottien valmistaja Shezheniss\u00e4, Kiinassa. Meill\u00e4 on runsaasti kokemusta erilaisista muoteista, t\u00e4ll\u00e4 hetkell\u00e4 Auto-muotti on t\u00e4rke\u00e4 alamme.<\/p>\n<p>Seuraavassa on seuraavat tiedot<strong><em> muovimuotin valmistus<\/em><\/strong>:<\/p>\n<table border=\"1\" cellspacing=\"0\" cellpadding=\"0\">\n<tbody>\n<tr>\n<td>Muototer\u00e4ksen materiaali<\/td>\n<td>P20 , 45# ,718 , 2083 , NAK80 ,S136 ,2344,2767,2312 jne.<\/td>\n<\/tr>\n<tr>\n<td>Muovinen materiaali<\/td>\n<td>PE , PP, TPE, PPR ,PA, PP , PS , PET , ABS , PC , jne.<\/td>\n<\/tr>\n<tr>\n<td>Muottipohja<\/td>\n<td>LKM , HASCO , EMP.DME jne.<\/td>\n<\/tr>\n<tr>\n<td>Muotin juoksupy\u00f6r\u00e4<\/td>\n<td>Kylm\u00e4juoksija ja kuuma juoksija<\/td>\n<\/tr>\n<tr>\n<td>Muotin kuumakanava<\/td>\n<td>DEM , HASCO , YUDO jne.<\/td>\n<\/tr>\n<tr>\n<td>Muotin kylm\u00e4 juoksuputki<\/td>\n<td>pisteportti , sivuportti , vedenalainen portti , tunneliportti<\/td>\n<\/tr>\n<tr>\n<td>Muotti vakio-osat<\/td>\n<td>DEM , HASCO , CUMSA , JIS , Strack.Optiz,.LKM,.<\/td>\n<\/tr>\n<tr>\n<td>Muotin k\u00e4ytt\u00f6ik\u00e4<\/td>\n<td>1,000,000 laukausta<\/td>\n<\/tr>\n<tr>\n<td>Suunnitteluohjelmisto<\/td>\n<td>PRO-E , UG ,Auto CAD ,jne.<\/td>\n<\/tr>\n<tr>\n<td>Muotin irrotustapa<\/td>\n<td>poistolevy , ejektorit , ilmaventtiilit , hydraulisylinteri , hydraulinen sylinteri<\/td>\n<\/tr>\n<tr>\n<td>Muotin kuumak\u00e4sittely<\/td>\n<td>Karkaisu , karkaisu , nitraus<\/td>\n<\/tr>\n<tr>\n<td>Prosessi<\/td>\n<td>CNC , EDM , lankaleikkaus , poraus, kiillotus, kokoonpano, asennus<\/td>\n<\/tr>\n<tr>\n<td>Muotin l\u00e4hetys<\/td>\n<td>Meritse, ilmateitse jne.<\/td>\n<\/tr>\n<tr>\n<td>Muottipakkaus<\/td>\n<td>puinen kotelo<\/td>\n<\/tr>\n<tr>\n<td><\/td>\n<td><\/td>\n<\/tr>\n<\/tbody>\n<\/table>\n<p>virtauskaavio <strong><em>muovimuotin valmistaja<\/em><\/strong> palvelu:<\/p>\n<table border=\"1\" cellspacing=\"0\" cellpadding=\"0\">\n<tbody>\n<tr>\n<td>Vastaanottaa kysy\u00e4 asiakkailta, sis\u00e4lt\u00e4v\u00e4t muotin spec ja piirustus tai n\u00e4yte<\/td>\n<\/tr>\n<tr>\n<td>Annamme tarjouksen 24 tunnin kuluessa<\/td>\n<\/tr>\n<tr>\n<td>Asiakas vahvistaa tarjouksen ja tekee tilauksen,<\/td>\n<\/tr>\n<tr>\n<td>Aloitamme muotin suunnittelun<\/td>\n<\/tr>\n<tr>\n<td>Viimeistele muotin piirustus ja l\u00e4het\u00e4 asiakkaalle hyv\u00e4ksytt\u00e4v\u00e4ksi<\/td>\n<\/tr>\n<tr>\n<td>Asiakas hyv\u00e4ksyy suunnittelun ja tilaamme ter\u00e4smateriaalin ja muottipohjan.<\/td>\n<\/tr>\n<tr>\n<td>Pinnan muotoilu suurnopeus-CNC:ll\u00e4<\/td>\n<\/tr>\n<tr>\n<td>Reikien poraaminen, CNC, lankaleikkaus, EDM, kiillotus, kokoonpano, sovitus jne.<\/td>\n<\/tr>\n<tr>\n<td>Hometestauksen j\u00e4rjest\u00e4minen ja T1-n\u00e4ytteiden l\u00e4hett\u00e4minen ulos.<\/td>\n<\/tr>\n<tr>\n<td>Asiakas antaa palautetta, jos n\u00e4ytteit\u00e4 ei hyv\u00e4ksyt\u00e4.<\/td>\n<\/tr>\n<tr>\n<td>Korjaus , Kiillotus , Tekstuuri<\/td>\n<\/tr>\n<tr>\n<td>Muokkaamme muotin, kunnes asiakas on hyv\u00e4ksynyt<\/td>\n<\/tr>\n<tr>\n<td>Muotin l\u00e4hett\u00e4minen<\/td>\n<\/tr>\n<\/tbody>\n<\/table>\n<p>&nbsp;<\/p>\n<p>Ammattilaisena <strong><em>Kiina muovi muotin valmistaja<\/em><\/strong>, muotin etu on:<\/p>\n<p>Korkea tarkkuus, pitk\u00e4 k\u00e4ytt\u00f6ik\u00e4 ja lyhyt sykli, kohtuullinen hinta, t\u00e4sm\u00e4llinen toimitus.<\/p>\n<\/div>\n<\/div>\n<\/div>\n<\/div>\n<\/div>\n<\/div>\n<\/div>\n<\/div>\n<p>[\/et_pb_text][et_pb_sidebar _builder_version=\"3.10.2\u2033 area=\"sidebar-1\u2033 custom_padding=\"10px|||10px|10px\" border_width_all=\"2px\" border_color_all=\"#d3d3d3d3\u2033 custom_margin=\"|-250px|||\" \/][\/et_pb_column][\/et_pb_row][\/et_pb_section][et_pb_section bb_built=\"1\u2033 disabled_on=\"on|on|\" _builder_version=\u201d3.10.2\u2033 custom_margin=\u201d-103px|||\u201d prev_background_color=\u201d#000000\u2033 next_background_color=\u201d#000000\u2033][et_pb_row _builder_version=\u201d3.0.48\u2033 background_size=\"initial\" background_position=\"top_left\" background_repeat=\"repeat\"][et_pb_column type=\"4_4\u2033][et_pb_text _builder_version=\"3.10.2\u2033 custom_margin=\"|-62px|||-84px\"]<\/p>\n<p style=\"padding-left: 30px;\"><strong>Kiina muovi ruiskuvalumuotti, toolmaker, Kiina muotin valmistaja, Kiina ty\u00f6kalut, Muovimuotti Kiina, Kiina ruiskuvalumuotti tehdas, muovi ruiskuvalumuotti valmistaja Kiinassa<\/strong><\/p>\n<p>[\/et_pb_text][et_pb_text _builder_version=\u201d3.10.2\u2033 custom_margin=\u201d-15px|-50px||-50px\u201d]<\/p>\n<p><strong><span style=\"color: #0c0c0c;\"><a href=\"https:\/\/www.plasticmoldco.com\/fi\/\">Etusivu\u00a0 \u00a0<\/a>|\u00a0 \u00a0<a href=\"https:\/\/www.plasticmoldco.com\/fi\/about-us\/\">Tietoa meist\u00e4\u00a0<\/a> \u00a0|\u00a0 <a href=\"https:\/\/www.plasticmoldco.com\/fi\/suunnittelutekniikka\/\">Suunnittelu ja tekniikka<\/a>\u00a0 |\u00a0 \u00a0<a href=\"https:\/\/www.plasticmoldco.com\/fi\/products\/\">Tuotteet\u00a0\u00a0\u00a0\u00a0\u00a0<\/a>|\u00a0\u00a0\u00a0\u00a0\u00a0<a href=\"https:\/\/www.plasticmoldco.com\/fi\/uutiset\/\">Uutiset<\/a>\u00a0\u00a0\u00a0\u00a0\u00a0|\u00a0\u00a0\u00a0\u00a0\u00a0<a href=\"https:\/\/www.plasticmoldco.com\/fi\/laatuvakuutus\/\">Laatuvakuutus\u00a0<\/a>\u00a0\u00a0\u00a0\u00a0|\u00a0 \u00a0 <a href=\"https:\/\/www.plasticmoldco.com\/fi\/po-menettely\/\">PO-menettely<\/a>\u00a0 \u00a0 |\u00a0 \u00a0 <a href=\"https:\/\/www.plasticmoldco.com\/fi\/eqipment\/\">Laitteet\u00a0 \u00a0<\/a> |\u00a0 \u00a0<a href=\"https:\/\/www.plasticmoldco.com\/fi\/teollisen-muotoilun-tapaus\/\">Teollinen muotoilu Case\u00a0<\/a> \u00a0 |\u00a0 \u00a0 <a href=\"https:\/\/www.plasticmoldco.com\/fi\/sivukartta\/\">Sivukartta<\/a><\/span><\/strong><\/p>\n<p>[\/et_pb_text][et_pb_text _builder_version=\"3.10.2\u2033 custom_margin=\"-15px||||\"]<\/p>\n<p style=\"text-align: center;\"><strong>Copyright \u00a9 2011 DONGGUAN SINCER TECH CO.LTD. | Kiina Muotin valmistaja, Kiina Muovin ruiskuvalu, Kiina toolmaker.<\/strong><br \/>\n<strong> Yritysrekisterinumero: 1626173<\/strong><\/p>\n<p>[\/et_pb_text][\/et_pb_column][\/et_pb_row][\/et_pb_section][et_pb_section bb_built=\"1\u2033 disabled_on=\"||on\" _builder_version=\"3.10.2\u2033 custom_margin=\"-103px||||\" prev_background_color=\"#000000\u2033][et_pb_row _builder_version=\"3.0.48\u2033 background_size=\"initial\" background_position=\"top_left\" background_repeat=\"repeat\"][et_pb_column type=\"4_4\u2033][et_pb_text _builder_version=\"3.10.2\u2033]<\/p>\n<p style=\"padding-left: 30px;\"><strong>Kiina muovi ruiskuvalumuotti, toolmaker, Kiina muotin valmistaja, Kiina ty\u00f6kalut, Muovimuotti Kiina, Kiina ruiskuvalumuotti tehdas, muovi ruiskuvalumuotti valmistaja Kiinassa<\/strong><\/p>\n<p>[\/et_pb_text][et_pb_text _builder_version=\u201d3.10.2\u2033]<\/p>\n<p><strong><span style=\"color: #0c0c0c;\"><a href=\"https:\/\/www.plasticmoldco.com\/fi\/\">Etusivu\u00a0 \u00a0<\/a>|\u00a0 \u00a0<a href=\"https:\/\/www.plasticmoldco.com\/fi\/about-us\/\">Tietoa meist\u00e4\u00a0<\/a> \u00a0|\u00a0 <a href=\"https:\/\/www.plasticmoldco.com\/fi\/suunnittelutekniikka\/\">Suunnittelu ja tekniikka<\/a>\u00a0 |\u00a0 \u00a0<a href=\"https:\/\/www.plasticmoldco.com\/fi\/products\/\">Tuotteet\u00a0\u00a0\u00a0\u00a0\u00a0<\/a>|\u00a0\u00a0\u00a0\u00a0\u00a0<a href=\"https:\/\/www.plasticmoldco.com\/fi\/uutiset\/\">Uutiset<\/a>\u00a0\u00a0\u00a0\u00a0\u00a0|\u00a0\u00a0\u00a0\u00a0\u00a0<a href=\"https:\/\/www.plasticmoldco.com\/fi\/laatuvakuutus\/\">Laatuvakuutus\u00a0<\/a>\u00a0\u00a0\u00a0\u00a0|\u00a0 \u00a0 <a href=\"https:\/\/www.plasticmoldco.com\/fi\/po-menettely\/\">PO-menettely<\/a>\u00a0 \u00a0 |\u00a0 \u00a0 <a href=\"https:\/\/www.plasticmoldco.com\/fi\/eqipment\/\">Laitteet\u00a0 \u00a0<\/a> |\u00a0 \u00a0<a href=\"https:\/\/www.plasticmoldco.com\/fi\/teollisen-muotoilun-tapaus\/\">Teollinen muotoilu Case\u00a0<\/a> \u00a0 |\u00a0 \u00a0 <a href=\"https:\/\/www.plasticmoldco.com\/fi\/sivukartta\/\">Sivukartta<\/a><\/span><\/strong><\/p>\n<p>[\/et_pb_text][et_pb_text _builder_version=\u201d3.10.2\u2033]<\/p>\n<p style=\"text-align: center;\"><strong>Copyright \u00a9 2011 DONGGUAN SINCER TECH CO.LTD. | Kiina Muotin valmistaja, Kiina Muovin ruiskuvalu, Kiina toolmaker.<\/strong><br \/>\n<strong> Yritysrekisterinumero: 1626173<\/strong><\/p>\n<p>[\/et_pb_text][\/et_pb_column][\/et_pb_row][\/et_pb_section][\/et_pb_section][\/et_pb_section]<\/p>","protected":false},"excerpt":{"rendered":"<p>Auto parts mould &nbsp; Our company is a professional plastic mold manufacturer in Shezhen, China. We have rich experience in various mold, At present, Auto mould\u00a0is our important field. Below is the Spec. for plastic mold manufacture: Mould steel\u00a0material P20 , 45# ,718 , 2083 , NAK80 ,S136 ,2344,2767,2312 etc. Plastic material PE , PP, [&hellip;]<\/p>","protected":false},"author":1,"featured_media":0,"parent":0,"menu_order":0,"comment_status":"closed","ping_status":"closed","template":"","meta":{"_et_pb_use_builder":"on","_et_pb_old_content":"","_et_gb_content_width":"","footnotes":""},"class_list":["post-1204","page","type-page","status-publish","hentry"],"yoast_head":"<!-- This site is optimized with the Yoast SEO plugin v26.4 - https:\/\/yoast.com\/wordpress\/plugins\/seo\/ -->\n<title>Auto parts mould - Plastic Mold | China Mold Maker<\/title>\n<meta name=\"robots\" content=\"index, follow, max-snippet:-1, max-image-preview:large, max-video-preview:-1\" \/>\n<link rel=\"canonical\" href=\"https:\/\/www.plasticmoldco.com\/fi\/form-for-bildeler\/\" \/>\n<meta property=\"og:locale\" content=\"fi_FI\" \/>\n<meta property=\"og:type\" content=\"article\" \/>\n<meta property=\"og:title\" content=\"Auto parts mould - Plastic Mold | China Mold Maker\" \/>\n<meta property=\"og:description\" content=\"Auto parts mould &nbsp; Our company is a professional plastic mold manufacturer in Shezhen, China. We have rich experience in various mold, At present, Auto mould\u00a0is our important field. Below is the Spec. for plastic mold manufacture: Mould steel\u00a0material P20 , 45# ,718 , 2083 , NAK80 ,S136 ,2344,2767,2312 etc. Plastic material PE , PP, [&hellip;]\" \/>\n<meta property=\"og:url\" content=\"https:\/\/www.plasticmoldco.com\/fi\/form-for-bildeler\/\" \/>\n<meta property=\"og:site_name\" content=\"Plastic Mold | China Mold Maker\" \/>\n<meta property=\"article:modified_time\" content=\"2018-10-20T08:36:35+00:00\" \/>\n<meta property=\"og:image\" content=\"https:\/\/plasticmoldco.com\/wp-content\/uploads\/2018\/10\/new.n-300x18.jpg\" \/>\n<meta name=\"twitter:card\" content=\"summary_large_image\" \/>\n<meta name=\"twitter:label1\" content=\"Arvioitu lukuaika\" \/>\n\t<meta name=\"twitter:data1\" content=\"6 minuuttia\" \/>\n<script type=\"application\/ld+json\" class=\"yoast-schema-graph\">{\"@context\":\"https:\/\/schema.org\",\"@graph\":[{\"@type\":\"WebPage\",\"@id\":\"https:\/\/www.plasticmoldco.com\/nb\/form-for-bildeler\/\",\"url\":\"https:\/\/www.plasticmoldco.com\/nb\/form-for-bildeler\/\",\"name\":\"Auto parts mould - Plastic Mold | China Mold Maker\",\"isPartOf\":{\"@id\":\"https:\/\/www.plasticmoldco.com\/el\/#website\"},\"primaryImageOfPage\":{\"@id\":\"https:\/\/www.plasticmoldco.com\/nb\/form-for-bildeler\/#primaryimage\"},\"image\":{\"@id\":\"https:\/\/www.plasticmoldco.com\/nb\/form-for-bildeler\/#primaryimage\"},\"thumbnailUrl\":\"https:\/\/plasticmoldco.com\/wp-content\/uploads\/2018\/10\/new.n-300x18.jpg\",\"datePublished\":\"2018-10-19T18:18:48+00:00\",\"dateModified\":\"2018-10-20T08:36:35+00:00\",\"breadcrumb\":{\"@id\":\"https:\/\/www.plasticmoldco.com\/nb\/form-for-bildeler\/#breadcrumb\"},\"inLanguage\":\"fi\",\"potentialAction\":[{\"@type\":\"ReadAction\",\"target\":[\"https:\/\/www.plasticmoldco.com\/nb\/form-for-bildeler\/\"]}]},{\"@type\":\"ImageObject\",\"inLanguage\":\"fi\",\"@id\":\"https:\/\/www.plasticmoldco.com\/nb\/form-for-bildeler\/#primaryimage\",\"url\":\"https:\/\/plasticmoldco.com\/wp-content\/uploads\/2018\/10\/new.n-300x18.jpg\",\"contentUrl\":\"https:\/\/plasticmoldco.com\/wp-content\/uploads\/2018\/10\/new.n-300x18.jpg\"},{\"@type\":\"BreadcrumbList\",\"@id\":\"https:\/\/www.plasticmoldco.com\/nb\/form-for-bildeler\/#breadcrumb\",\"itemListElement\":[{\"@type\":\"ListItem\",\"position\":1,\"name\":\"Home\",\"item\":\"https:\/\/www.plasticmoldco.com\/\"},{\"@type\":\"ListItem\",\"position\":2,\"name\":\"Auto parts mould\"}]},{\"@type\":\"WebSite\",\"@id\":\"https:\/\/www.plasticmoldco.com\/el\/#website\",\"url\":\"https:\/\/www.plasticmoldco.com\/el\/\",\"name\":\"Plastic Mold | China Mold Maker\",\"description\":\"Are you looking for injection mold china? We are plastic mold maker\",\"publisher\":{\"@id\":\"https:\/\/www.plasticmoldco.com\/el\/#organization\"},\"potentialAction\":[{\"@type\":\"SearchAction\",\"target\":{\"@type\":\"EntryPoint\",\"urlTemplate\":\"https:\/\/www.plasticmoldco.com\/el\/?s={search_term_string}\"},\"query-input\":{\"@type\":\"PropertyValueSpecification\",\"valueRequired\":true,\"valueName\":\"search_term_string\"}}],\"inLanguage\":\"fi\"},{\"@type\":\"Organization\",\"@id\":\"https:\/\/www.plasticmoldco.com\/el\/#organization\",\"name\":\"Plastic Mold | China Mold Maker\",\"url\":\"https:\/\/www.plasticmoldco.com\/el\/\",\"logo\":{\"@type\":\"ImageObject\",\"inLanguage\":\"fi\",\"@id\":\"https:\/\/www.plasticmoldco.com\/el\/#\/schema\/logo\/image\/\",\"url\":\"https:\/\/plasticmoldco.com\/wp-content\/uploads\/2018\/10\/nlogon.png\",\"contentUrl\":\"https:\/\/plasticmoldco.com\/wp-content\/uploads\/2018\/10\/nlogon.png\",\"width\":204,\"height\":54,\"caption\":\"Plastic Mold | China Mold Maker\"},\"image\":{\"@id\":\"https:\/\/www.plasticmoldco.com\/el\/#\/schema\/logo\/image\/\"}}]}<\/script>\n<!-- \/ Yoast SEO plugin. -->","yoast_head_json":{"title":"Auto osat multaa - Plastic Mold | Kiina Mold Maker","robots":{"index":"index","follow":"follow","max-snippet":"max-snippet:-1","max-image-preview":"max-image-preview:large","max-video-preview":"max-video-preview:-1"},"canonical":"https:\/\/www.plasticmoldco.com\/fi\/form-for-bildeler\/","og_locale":"fi_FI","og_type":"article","og_title":"Auto parts mould - Plastic Mold | China Mold Maker","og_description":"Auto parts mould &nbsp; Our company is a professional plastic mold manufacturer in Shezhen, China. We have rich experience in various mold, At present, Auto mould\u00a0is our important field. Below is the Spec. for plastic mold manufacture: Mould steel\u00a0material P20 , 45# ,718 , 2083 , NAK80 ,S136 ,2344,2767,2312 etc. Plastic material PE , PP, [&hellip;]","og_url":"https:\/\/www.plasticmoldco.com\/fi\/form-for-bildeler\/","og_site_name":"Plastic Mold | China Mold Maker","article_modified_time":"2018-10-20T08:36:35+00:00","og_image":[{"url":"https:\/\/plasticmoldco.com\/wp-content\/uploads\/2018\/10\/new.n-300x18.jpg","type":"","width":"","height":""}],"twitter_card":"summary_large_image","twitter_misc":{"Arvioitu lukuaika":"6 minuuttia"},"schema":{"@context":"https:\/\/schema.org","@graph":[{"@type":"WebPage","@id":"https:\/\/www.plasticmoldco.com\/nb\/form-for-bildeler\/","url":"https:\/\/www.plasticmoldco.com\/nb\/form-for-bildeler\/","name":"Auto osat multaa - Plastic Mold | Kiina Mold Maker","isPartOf":{"@id":"https:\/\/www.plasticmoldco.com\/el\/#website"},"primaryImageOfPage":{"@id":"https:\/\/www.plasticmoldco.com\/nb\/form-for-bildeler\/#primaryimage"},"image":{"@id":"https:\/\/www.plasticmoldco.com\/nb\/form-for-bildeler\/#primaryimage"},"thumbnailUrl":"https:\/\/plasticmoldco.com\/wp-content\/uploads\/2018\/10\/new.n-300x18.jpg","datePublished":"2018-10-19T18:18:48+00:00","dateModified":"2018-10-20T08:36:35+00:00","breadcrumb":{"@id":"https:\/\/www.plasticmoldco.com\/nb\/form-for-bildeler\/#breadcrumb"},"inLanguage":"fi","potentialAction":[{"@type":"ReadAction","target":["https:\/\/www.plasticmoldco.com\/nb\/form-for-bildeler\/"]}]},{"@type":"ImageObject","inLanguage":"fi","@id":"https:\/\/www.plasticmoldco.com\/nb\/form-for-bildeler\/#primaryimage","url":"https:\/\/plasticmoldco.com\/wp-content\/uploads\/2018\/10\/new.n-300x18.jpg","contentUrl":"https:\/\/plasticmoldco.com\/wp-content\/uploads\/2018\/10\/new.n-300x18.jpg"},{"@type":"BreadcrumbList","@id":"https:\/\/www.plasticmoldco.com\/nb\/form-for-bildeler\/#breadcrumb","itemListElement":[{"@type":"ListItem","position":1,"name":"Home","item":"https:\/\/www.plasticmoldco.com\/"},{"@type":"ListItem","position":2,"name":"Auto parts mould"}]},{"@type":"WebSite","@id":"https:\/\/www.plasticmoldco.com\/el\/#website","url":"https:\/\/www.plasticmoldco.com\/el\/","name":"Muovi Mold | Kiina Mold Maker","description":"Etsitk\u00f6 ruiskuvalumuotteja Kiinassa? Olemme muovimuotin valmistaja","publisher":{"@id":"https:\/\/www.plasticmoldco.com\/el\/#organization"},"potentialAction":[{"@type":"SearchAction","target":{"@type":"EntryPoint","urlTemplate":"https:\/\/www.plasticmoldco.com\/el\/?s={search_term_string}"},"query-input":{"@type":"PropertyValueSpecification","valueRequired":true,"valueName":"search_term_string"}}],"inLanguage":"fi"},{"@type":"Organization","@id":"https:\/\/www.plasticmoldco.com\/el\/#organization","name":"Muovi Mold | Kiina Mold Maker","url":"https:\/\/www.plasticmoldco.com\/el\/","logo":{"@type":"ImageObject","inLanguage":"fi","@id":"https:\/\/www.plasticmoldco.com\/el\/#\/schema\/logo\/image\/","url":"https:\/\/plasticmoldco.com\/wp-content\/uploads\/2018\/10\/nlogon.png","contentUrl":"https:\/\/plasticmoldco.com\/wp-content\/uploads\/2018\/10\/nlogon.png","width":204,"height":54,"caption":"Plastic Mold | China Mold Maker"},"image":{"@id":"https:\/\/www.plasticmoldco.com\/el\/#\/schema\/logo\/image\/"}}]}},"_links":{"self":[{"href":"https:\/\/www.plasticmoldco.com\/fi\/wp-json\/wp\/v2\/pages\/1204","targetHints":{"allow":["GET"]}}],"collection":[{"href":"https:\/\/www.plasticmoldco.com\/fi\/wp-json\/wp\/v2\/pages"}],"about":[{"href":"https:\/\/www.plasticmoldco.com\/fi\/wp-json\/wp\/v2\/types\/page"}],"author":[{"embeddable":true,"href":"https:\/\/www.plasticmoldco.com\/fi\/wp-json\/wp\/v2\/users\/1"}],"replies":[{"embeddable":true,"href":"https:\/\/www.plasticmoldco.com\/fi\/wp-json\/wp\/v2\/comments?post=1204"}],"version-history":[{"count":0,"href":"https:\/\/www.plasticmoldco.com\/fi\/wp-json\/wp\/v2\/pages\/1204\/revisions"}],"wp:attachment":[{"href":"https:\/\/www.plasticmoldco.com\/fi\/wp-json\/wp\/v2\/media?parent=1204"}],"curies":[{"name":"wp","href":"https:\/\/api.w.org\/{rel}","templated":true}]}}