{"id":12,"date":"2018-10-14T16:59:39","date_gmt":"2018-10-14T08:59:39","guid":{"rendered":"https:\/\/plasticmoldco.com\/?page_id=12"},"modified":"2019-02-15T21:45:09","modified_gmt":"2019-02-15T13:45:09","slug":"company","status":"publish","type":"page","link":"https:\/\/www.plasticmoldco.com\/fi\/yritys\/","title":{"rendered":"Tietoa meist\u00e4"},"content":{"rendered":"<p>[et_pb_section bb_built=&#8221;1&#8243; disabled_on=&#8221;on|on|&#8221; _builder_version=&#8221;3.10.2&#8243; custom_padding=&#8221;0|0px|54px|0px|false|false&#8221; next_background_color=&#8221;#000000&#8243;][et_pb_row custom_padding=&#8221;0|0px|0|0px|false|false&#8221; _builder_version=&#8221;3.0.48&#8243; background_size=&#8221;initial&#8221; background_position=&#8221;top_left&#8221; background_repeat=&#8221;repeat&#8221;][et_pb_column type=&#8221;3_4&#8243;][et_pb_text _builder_version=&#8221;3.16.1&#8243; border_width_all=&#8221;3px&#8221; border_color_all=&#8221;#e5e5e5&#8243; custom_margin=&#8221;15px|-90px||-86px&#8221; custom_padding=&#8221;10px|10px|10px|10px&#8221;]<\/p>\n<div id=\"titlep\">\n<div id=\"content\" role=\"main\">\n<div id=\"titlep\">Tietoa meist\u00e4-A <a href=\"https:\/\/www.plasticmoldco.com\/fi\/\">Kiinalainen Mold Company<\/a><\/div>\n<p><strong>DONGGUAN VILPITT\u00d6M\u00c4T ETCH CO.LTD<\/strong> ,tehtaamme sijaitsee\u00a0<img loading=\"lazy\" decoding=\"async\" class=\"size-full wp-image-615 alignright\" title=\"Kiina muotin valmistaja\" src=\"https:\/\/web.archive.org\/web\/20140805221613im_\/http:\/\/www.moldchina.org\/wp-content\/uploads\/2011\/01\/untitled2.bmp\" alt=\"\" width=\"172\" height=\"109\" \/>DongGuan, Kiina, ja perustettiin vuonna 2003,<\/p>\n<p>SINCER ETECH IS on erikoistunut erilaisiin <strong>muovimuotit ja muovin muottien valmistus\u00a0<\/strong>autoteollisuudessa, kodinkoneissa, l\u00e4\u00e4kinn\u00e4llisiss\u00e4 laitteissa, elektroniikassa ja urheiluv\u00e4lineiss\u00e4 sek\u00e4 yleisiss\u00e4 teollisissa OEM-sovelluksissa. Yrityksemme kattaa yli 3800 neli\u00f6metrin ty\u00f6pajan, jota ymp\u00e4r\u00f6i k\u00e4tev\u00e4 kuljetus. T\u00e4ll\u00e4 hetkell\u00e4 ryhm\u00e4mme ulottuu yli 150 erinomaiseen ... <strong>muottien valmistajat Kiinassa<\/strong> ja k\u00e4ytt\u00f6omaisuuden arvo on yli 40 miljoonaa RMB. Kapasiteettimme on 40-65 ruiskumuottipakettia kuukaudessa.<\/p>\n<p>Olemme aina pit\u00e4neet kiinni ajatuksesta, ett\u00e4 ty\u00f6ntekij\u00e4t ovat perusta laadukkaiden tuotteiden varmistamiselle ja sek\u00e4 ty\u00f6ntekij\u00f6iden ett\u00e4 yrityksen kehittymiselle. Niinp\u00e4 olemme ottaneet palvelukseen paljon <strong>muotiteknologi<\/strong>, lahjakkuuksien johtaminen ja ammatti-insin\u00f6\u00f6rit vuonna <a href=\"https:\/\/www.plasticmoldco.com\/fi\/\"><strong>posliini muotinvalmistus <\/strong><\/a>teollinen.<\/p>\n<p>ST:n laitteet tuodaan enimm\u00e4kseen Sveitsist\u00e4 ja Taiwanista. On 21 sarjaa jyrsinkone (17 sarjaa tuotu, 4 sarjaa tehty kotona), 9 sarjaa CNC, 11 sarjaa Charmilles EDM, 10 sarjaa hiomakoneet, 6 sarjaa sorvit, 4 sarjaa langanleikkauskoneet, 30\u00a0<strong>Ruiskutuskoneet<\/strong> ja yksi CMM-mittauskone, yksi projektori, videomittausj\u00e4rjestelm\u00e4, hidassy\u00f6tt\u00f6inen lineaarinen leikkauskone jne. Pystymme ruiskuttamaan <strong>muoviosat<\/strong> joiden paino on alle 1500 g tai joiden kapasiteetti on alle 650 tonnia, ja jotka rakentavat erilaisia <strong>muovimuotit<\/strong> ja painevalu, jonka mitat ovat alle 8500*1000*8500mm.<\/p>\n<p>Lis\u00e4ksi otamme k\u00e4ytt\u00f6\u00f6n edistynytt\u00e4 CAD \/ CAE \/ CAM-prosessitekniikkaa ja ammattimaisia ohjelmistoja, kuten UG, Pro \/ E, Solidworks, suunnittelemaan, analysoimaan, rakentamaan ja tekem\u00e4\u00e4n <strong>Muovimuotti Kiinassa<\/strong>. Internet-hallintaj\u00e4rjestelm\u00e4mme auttaa t\u00e4ydellisess\u00e4 laadunvalvonnassa ja koko k\u00e4sity\u00f6prosessissa.<br \/>\nKun ST ahkera 14 vuotta, olemme voittaneet asiakkaiden luottamuksen, koska korkea laatu, toimivaltainen hinta, ammatillinen tekninen sujuvasti Englanti viestint\u00e4 ja t\u00e4sm\u00e4llinen toimitus. Asiakkaidemme joukossa on monia tunnettuja yrityksi\u00e4, kuten SONY\uff0cTOSHIBA\uff0cSuzuki\uff0c Magna, ITW, MAZDA\uff0cHONDA\uff0cSUNBEM\uff0c jne.<\/p>\n<p>Meille my\u00f6nnettiin ISO 9001:2000 -sertifikaatti vuonna 2006. \"Palvelu syd\u00e4mess\u00e4, laatu sielussa\", voisimme tarjota t\u00e4ydellisen palveluj\u00e4rjestelm\u00e4n sek\u00e4 vanhoille ett\u00e4 uusille asiakkaille,<\/p>\n<p>Etsitk\u00f6 <a href=\"https:\/\/www.plasticmoldco.com\/fi\/\"><strong>muottien valmistus Kiinassa<\/strong><\/a> tuottamaan ruiskuvalumuotteja ja muovivalukappaleita uuteen projektiisi? Ota nyt yhteytt\u00e4 ja pyyd\u00e4 tarjous.<\/p>\n<\/div>\n<\/div>\n<p>[\/et_pb_text][\/et_pb_column][et_pb_column type=\"1_4\u2033][et_pb_sidebar _builder_version=\"3.10.2\u2033 area=\"sidebar-1\u2033 custom_margin=\"15px|-94px|||40px\" custom_padding=\"10px|10px|10px|10px\" border_width_all=\"2px\" border_color_all=\"#d3d3d3d3\u2033 \/][\/et_pb_column][\/et_pb_row][\/et_pb_section][\/et_pb_section bb_built=\"1\u2033 disabled_on=\"||on\" _builder_version=\"3.10.2\u2033 custom_padding=\"0|0px|54px|0px|false|false\" next_background_color=\"#000000\u2033 prev_background_color=\"#000000\u2033][et_pb_row custom_padding=\"0|0px|0px|0px|false|false\" _builder_version=\"3.0.48\u2033 background_size=\"initial\" background_position=\"top_left\" background_repeat=\"repeat\"][et_pb_column type=\"4_4\u2033][et_pb_text _builder_version=\"3.10.2\u2033 border_width_all=\"3px\" border_color_all=\"#e5e5e5\u2033]<\/p>\n<div id=\"titlep\">\n<div id=\"content\" role=\"main\">\n<div>\n<div id=\"titlep\">\n<div>\n<div>Tietoa meist\u00e4<br \/>\nHome \" Tietoa meist\u00e4<\/div>\n<\/div>\n<\/div>\n<div id=\"mge\"><\/div>\n<p><strong>SOSITAR MOLD CO., LIMITED<\/strong> ,tehtaamme sijaitsee\u00a0<img loading=\"lazy\" decoding=\"async\" class=\"size-full wp-image-615 alignright\" title=\"Kiina muotin valmistaja\" src=\"https:\/\/web.archive.org\/web\/20140805221613im_\/http:\/\/www.moldchina.org\/wp-content\/uploads\/2011\/01\/untitled2.bmp\" alt=\"\" width=\"172\" height=\"109\" \/>Shenzhen, Kiina, ja perustettu vuonna 1998, Sositar mold industrial Co., LTD on erikoistunut erilaisiin <strong>muovimuotit <\/strong>autoteollisuudessa, kodinkoneissa, l\u00e4\u00e4kinn\u00e4llisiss\u00e4 laitteissa, elektroniikassa ja urheiluv\u00e4lineiss\u00e4 sek\u00e4 yleisiss\u00e4 teollisissa OEM-sovelluksissa. Yrityksemme kattaa yli 3800 neli\u00f6metrin ty\u00f6pajan, jota ymp\u00e4r\u00f6i k\u00e4tev\u00e4 kuljetus . T\u00e4ll\u00e4 hetkell\u00e4 ryhm\u00e4mme ulottuu yli 150 erinomaiseen ... <strong>ty\u00f6kaluvalmistajat Kiinassa<\/strong> ja k\u00e4ytt\u00f6omaisuuden arvo on yli 15 miljoonaa RMB. Kapasiteettimme on 60-80 sarjaa muotteja kuukaudessa.<\/p>\n<p>Olemme aina pit\u00e4neet kiinni ajatuksesta, ett\u00e4 ty\u00f6ntekij\u00e4t ovat perusta laadukkaiden tuotteiden varmistamiselle ja sek\u00e4 ty\u00f6ntekij\u00f6iden ett\u00e4 yrityksen kehittymiselle. Niinp\u00e4 olemme ottaneet palvelukseen paljon <strong>muotiteknologi<\/strong>, lahjakkuuksien johtaminen ja ammatti-insin\u00f6\u00f6rit vuonna <strong>posliini muotinvalmistus<\/strong><strong>.<\/strong><\/p>\n<p>Sositarin laitteet tuodaan enimm\u00e4kseen Sveitsist\u00e4 ja Taiwanista. Ne ovat 21 sarjaa jyrsinkoneita (17 sarjaa tuotu, 4 sarjaa valmistettu kotona), 6 sarjaa CNC, 11 sarjaa Charmilles EDM, 10 sarjaa hiontakoneita, 4 sarjaa sorveja, 7 sarjaa langanleikkauskoneita, 10 <strong>Ruiskutuskoneet<\/strong> ja CMM, videomittausj\u00e4rjestelm\u00e4, hitaasti sy\u00f6tt\u00e4v\u00e4 lineaarinen leikkuukone jne. Pystymme ruiskuttamaan <strong>muoviosat<\/strong> joiden paino on alle 1500 g tai joiden kapasiteetti on alle 650 tonnia, ja jotka rakentavat erilaisia <strong>muovimuotit<\/strong> ja painevalu, jonka mitat ovat alle 8500*1000*8500mm.<\/p>\n<p><img loading=\"lazy\" decoding=\"async\" class=\"alignnone size-full wp-image-62\" title=\"Kiina muotti tehdas\" src=\"https:\/\/web.archive.org\/web\/20140805221613im_\/http:\/\/www.moldchina.org\/wp-content\/uploads\/2011\/01\/china-mould-factory.jpg\" alt=\"Kiina muotti tehdas\" width=\"371\" height=\"198\" \/><\/p>\n<p>Lis\u00e4ksi otamme k\u00e4ytt\u00f6\u00f6n edistynytt\u00e4 CAD \/ CAE \/ CAM-prosessitekniikkaa ja ammattimaisia ohjelmistoja, kuten UG, Pro \/ E, Solidworks, suunnittelemaan, analysoimaan, rakentamaan ja tekem\u00e4\u00e4n <strong>muotti Kiinassa<\/strong>. Internet-hallintaj\u00e4rjestelm\u00e4mme auttaa t\u00e4ydellisess\u00e4 laadunvalvonnassa ja koko k\u00e4sity\u00f6prosessissa.<br \/>\nSositar-ryhm\u00e4n ahkeralla 12 vuoden aikana olemme voittaneet asiakkaiden luottamuksen korkean laadun, p\u00e4tev\u00e4n hinnan, helpon viestinn\u00e4n ja t\u00e4sm\u00e4llisen toimituksen ansiosta. Asiakkaidemme joukossa on monia kuuluisia yrityksi\u00e4, kuten SONY\uff0cTAFAL\uff0cTOSHIBA\uff0cHITACHI\uff0cMAZDA\uff0cHONDA\uff0cSUNBEM\uff0cPHILIPS jne.<\/p>\n<p>Meille my\u00f6nnettiin ISO 9001:2000 -sertifikaatti vuonna 2004. \"Palvelu syd\u00e4mess\u00e4, laatu sielussa\", voisimme tarjota t\u00e4ydellisen palveluj\u00e4rjestelm\u00e4n sek\u00e4 vanhoille ett\u00e4 uusille asiakkaille.<\/p>\n<\/div>\n<\/div>\n<\/div>\n<p>[\/et_pb_text][et_pb_sidebar _builder_version=\"3.10.2\u2033 area=\"sidebar-1\u2033 custom_padding=\"10px|||10px|10px\" border_width_all=\"2px\" border_color_all=\"#d3d3d3d3\u2033 custom_margin=\"|-250px|||\" \/][\/et_pb_column][\/et_pb_row][\/et_pb_section][et_pb_section bb_built=\"1\u2033 disabled_on=\"on|on|\" _builder_version=\u201d3.10.2\u2033 custom_margin=\u201d-103px|||\u201d prev_background_color=\u201d#000000\u2033 next_background_color=\u201d#000000\u2033][et_pb_row _builder_version=\u201d3.0.48\u2033 background_size=\"initial\" background_position=\"top_left\" background_repeat=\"repeat\"][et_pb_column type=\"4_4\u2033][et_pb_text _builder_version=\"3.10.2\u2033 custom_margin=\"|-62px|||-84px\"]<\/p>\n<p style=\"padding-left: 30px;\"><strong>Kiina muovi ruiskuvalumuotti, toolmaker, Kiina muotin valmistaja, Kiina ty\u00f6kalut, Muovimuotti Kiina, Kiina ruiskuvalumuotti tehdas, muovi ruiskuvalumuotti valmistaja Kiinassa<\/strong><\/p>\n<p>[\/et_pb_text][et_pb_text _builder_version=\u201d3.10.2\u2033 custom_margin=\u201d-15px|-50px||-50px\u201d]<\/p>\n<p><strong><span style=\"color: #0c0c0c;\"><a href=\"https:\/\/www.plasticmoldco.com\/fi\/\">Etusivu\u00a0 \u00a0<\/a>|\u00a0 \u00a0<a href=\"https:\/\/www.plasticmoldco.com\/fi\/about-us\/\">Tietoa meist\u00e4\u00a0<\/a> \u00a0|\u00a0 <a href=\"https:\/\/www.plasticmoldco.com\/fi\/suunnittelutekniikka\/\">Suunnittelu ja tekniikka<\/a>\u00a0 |\u00a0 \u00a0<a href=\"https:\/\/www.plasticmoldco.com\/fi\/products\/\">Tuotteet\u00a0\u00a0\u00a0\u00a0\u00a0<\/a>|\u00a0\u00a0\u00a0\u00a0\u00a0<a href=\"https:\/\/www.plasticmoldco.com\/fi\/uutiset\/\">Uutiset<\/a>\u00a0\u00a0\u00a0\u00a0\u00a0|\u00a0\u00a0\u00a0\u00a0\u00a0<a href=\"https:\/\/www.plasticmoldco.com\/fi\/laatuvakuutus\/\">Laatuvakuutus\u00a0<\/a>\u00a0\u00a0\u00a0\u00a0|\u00a0 \u00a0 <a href=\"https:\/\/www.plasticmoldco.com\/fi\/po-menettely\/\">PO-menettely<\/a>\u00a0 \u00a0 |\u00a0 \u00a0 <a href=\"https:\/\/www.plasticmoldco.com\/fi\/eqipment\/\">Laitteet\u00a0 \u00a0<\/a> |\u00a0 \u00a0<a href=\"https:\/\/www.plasticmoldco.com\/fi\/teollisen-muotoilun-tapaus\/\">Teollinen muotoilu Case\u00a0<\/a> \u00a0 |\u00a0 \u00a0 <a href=\"https:\/\/www.plasticmoldco.com\/fi\/sivukartta\/\">Sivukartta<\/a><\/span><\/strong><\/p>\n<p>[\/et_pb_text][et_pb_text _builder_version=\"3.10.2\u2033 custom_margin=\"-15px||||\"]<\/p>\n<p style=\"text-align: center;\"><strong>Copyright \u00a9 2011 DONGGUAN SINCER TECH CO.LTD. | Kiina Muotin valmistaja, Kiina Muovin ruiskuvalu, Kiina toolmaker.<\/strong><br \/>\n<strong> Yritysrekisterinumero: 1626173<\/strong><\/p>\n<p>[\/et_pb_text][\/et_pb_column][\/et_pb_row][\/et_pb_section][et_pb_section bb_built=\"1\u2033 disabled_on=\"||on\" _builder_version=\"3.10.2\u2033 custom_margin=\"-103px||||\" prev_background_color=\"#000000\u2033][et_pb_row _builder_version=\"3.0.48\u2033 background_size=\"initial\" background_position=\"top_left\" background_repeat=\"repeat\"][et_pb_column type=\"4_4\u2033][et_pb_text _builder_version=\"3.10.2\u2033]<\/p>\n<p style=\"padding-left: 30px;\"><strong>Kiina muovi ruiskuvalumuotti, toolmaker, Kiina muotin valmistaja, Kiina ty\u00f6kalut, Muovimuotti Kiina, Kiina ruiskuvalumuotti tehdas, muovi ruiskuvalumuotti valmistaja Kiinassa<\/strong><\/p>\n<p>[\/et_pb_text][et_pb_text _builder_version=\u201d3.10.2\u2033]<\/p>\n<p><strong><span style=\"color: #0c0c0c;\"><a href=\"https:\/\/www.plasticmoldco.com\/fi\/\">Etusivu\u00a0 \u00a0<\/a>|\u00a0 \u00a0<a href=\"https:\/\/www.plasticmoldco.com\/fi\/about-us\/\">Tietoa meist\u00e4\u00a0<\/a> \u00a0|\u00a0 <a href=\"https:\/\/www.plasticmoldco.com\/fi\/suunnittelutekniikka\/\">Suunnittelu ja tekniikka<\/a>\u00a0 |\u00a0 \u00a0<a href=\"https:\/\/www.plasticmoldco.com\/fi\/products\/\">Tuotteet\u00a0\u00a0\u00a0\u00a0\u00a0<\/a>|\u00a0\u00a0\u00a0\u00a0\u00a0<a href=\"https:\/\/www.plasticmoldco.com\/fi\/uutiset\/\">Uutiset<\/a>\u00a0\u00a0\u00a0\u00a0\u00a0|\u00a0\u00a0\u00a0\u00a0\u00a0<a href=\"https:\/\/www.plasticmoldco.com\/fi\/laatuvakuutus\/\">Laatuvakuutus\u00a0<\/a>\u00a0\u00a0\u00a0\u00a0|\u00a0 \u00a0 <a href=\"https:\/\/www.plasticmoldco.com\/fi\/po-menettely\/\">PO-menettely<\/a>\u00a0 \u00a0 |\u00a0 \u00a0 <a href=\"https:\/\/www.plasticmoldco.com\/fi\/eqipment\/\">Laitteet\u00a0 \u00a0<\/a> |\u00a0 \u00a0<a href=\"https:\/\/www.plasticmoldco.com\/fi\/teollisen-muotoilun-tapaus\/\">Teollinen muotoilu Case\u00a0<\/a> \u00a0 |\u00a0 \u00a0 <a href=\"https:\/\/www.plasticmoldco.com\/fi\/sivukartta\/\">Sivukartta<\/a><\/span><\/strong><\/p>\n<p>[\/et_pb_text][et_pb_text _builder_version=\u201d3.10.2\u2033]<\/p>\n<p style=\"text-align: center;\"><strong>Copyright \u00a9 2011 DONGGUAN SINCER TECH CO.LTD. | Kiina Muotin valmistaja, Kiina Muovin ruiskuvalu, Kiina toolmaker.<\/strong><br \/>\n<strong> Yritysrekisterinumero: 1626173<\/strong><\/p>\n<p>[\/et_pb_text][\/et_pb_column][\/et_pb_row][\/et_pb_section][\/et_pb_section][\/et_pb_section]<\/p>","protected":false},"excerpt":{"rendered":"<p>About Us-A Chinese Mold Company DONGGUAN SINCERE ETCH CO.LTD ,our factory Located in\u00a0DongGuan,\u00a0China, and established in 2003, SINCER ETECH IS specializes in various plastic molds and plastic molding manufacturing\u00a0for. automotive, home appliances, medical equipment, electronics and sporting equipment, as well as general industrial OEM applications. Our company covers an area of more than 3,800 square [&hellip;]<\/p>","protected":false},"author":1,"featured_media":0,"parent":0,"menu_order":0,"comment_status":"closed","ping_status":"closed","template":"","meta":{"_et_pb_use_builder":"on","_et_pb_old_content":"","_et_gb_content_width":"","footnotes":""},"class_list":["post-12","page","type-page","status-publish","hentry"],"yoast_head":"<!-- This site is optimized with the Yoast SEO plugin v26.4 - https:\/\/yoast.com\/wordpress\/plugins\/seo\/ -->\n<title>About Us - Plastic Mold | China Mold Maker<\/title>\n<meta name=\"robots\" content=\"index, follow, max-snippet:-1, max-image-preview:large, max-video-preview:-1\" \/>\n<link rel=\"canonical\" href=\"https:\/\/www.plasticmoldco.com\/fi\/bedrijf\/\" \/>\n<meta property=\"og:locale\" content=\"fi_FI\" \/>\n<meta property=\"og:type\" content=\"article\" \/>\n<meta property=\"og:title\" content=\"About Us - Plastic Mold | China Mold Maker\" \/>\n<meta property=\"og:description\" content=\"About Us-A Chinese Mold Company DONGGUAN SINCERE ETCH CO.LTD ,our factory Located in\u00a0DongGuan,\u00a0China, and established in 2003, SINCER ETECH IS specializes in various plastic molds and plastic molding manufacturing\u00a0for. automotive, home appliances, medical equipment, electronics and sporting equipment, as well as general industrial OEM applications. Our company covers an area of more than 3,800 square [&hellip;]\" \/>\n<meta property=\"og:url\" content=\"https:\/\/www.plasticmoldco.com\/fi\/bedrijf\/\" \/>\n<meta property=\"og:site_name\" content=\"Plastic Mold | China Mold Maker\" \/>\n<meta property=\"article:modified_time\" content=\"2019-02-15T13:45:09+00:00\" \/>\n<meta property=\"og:image\" content=\"https:\/\/web.archive.org\/web\/20140805221613im_\/http:\/\/www.moldchina.org\/wp-content\/uploads\/2011\/01\/untitled2.bmp\" \/>\n<meta name=\"twitter:card\" content=\"summary_large_image\" \/>\n<meta name=\"twitter:label1\" content=\"Arvioitu lukuaika\" \/>\n\t<meta name=\"twitter:data1\" content=\"6 minuuttia\" \/>\n<script type=\"application\/ld+json\" class=\"yoast-schema-graph\">{\"@context\":\"https:\/\/schema.org\",\"@graph\":[{\"@type\":\"WebPage\",\"@id\":\"https:\/\/www.plasticmoldco.com\/nl\/bedrijf\/\",\"url\":\"https:\/\/www.plasticmoldco.com\/nl\/bedrijf\/\",\"name\":\"About Us - Plastic Mold | China Mold Maker\",\"isPartOf\":{\"@id\":\"https:\/\/www.plasticmoldco.com\/el\/#website\"},\"primaryImageOfPage\":{\"@id\":\"https:\/\/www.plasticmoldco.com\/nl\/bedrijf\/#primaryimage\"},\"image\":{\"@id\":\"https:\/\/www.plasticmoldco.com\/nl\/bedrijf\/#primaryimage\"},\"thumbnailUrl\":\"https:\/\/web.archive.org\/web\/20140805221613im_\/http:\/\/www.moldchina.org\/wp-content\/uploads\/2011\/01\/untitled2.bmp\",\"datePublished\":\"2018-10-14T08:59:39+00:00\",\"dateModified\":\"2019-02-15T13:45:09+00:00\",\"breadcrumb\":{\"@id\":\"https:\/\/www.plasticmoldco.com\/nl\/bedrijf\/#breadcrumb\"},\"inLanguage\":\"fi\",\"potentialAction\":[{\"@type\":\"ReadAction\",\"target\":[\"https:\/\/www.plasticmoldco.com\/nl\/bedrijf\/\"]}]},{\"@type\":\"ImageObject\",\"inLanguage\":\"fi\",\"@id\":\"https:\/\/www.plasticmoldco.com\/nl\/bedrijf\/#primaryimage\",\"url\":\"https:\/\/web.archive.org\/web\/20140805221613im_\/http:\/\/www.moldchina.org\/wp-content\/uploads\/2011\/01\/untitled2.bmp\",\"contentUrl\":\"https:\/\/web.archive.org\/web\/20140805221613im_\/http:\/\/www.moldchina.org\/wp-content\/uploads\/2011\/01\/untitled2.bmp\"},{\"@type\":\"BreadcrumbList\",\"@id\":\"https:\/\/www.plasticmoldco.com\/nl\/bedrijf\/#breadcrumb\",\"itemListElement\":[{\"@type\":\"ListItem\",\"position\":1,\"name\":\"Home\",\"item\":\"https:\/\/www.plasticmoldco.com\/\"},{\"@type\":\"ListItem\",\"position\":2,\"name\":\"About Us\"}]},{\"@type\":\"WebSite\",\"@id\":\"https:\/\/www.plasticmoldco.com\/el\/#website\",\"url\":\"https:\/\/www.plasticmoldco.com\/el\/\",\"name\":\"Plastic Mold | China Mold Maker\",\"description\":\"Are you looking for injection mold china? We are plastic mold maker\",\"publisher\":{\"@id\":\"https:\/\/www.plasticmoldco.com\/el\/#organization\"},\"potentialAction\":[{\"@type\":\"SearchAction\",\"target\":{\"@type\":\"EntryPoint\",\"urlTemplate\":\"https:\/\/www.plasticmoldco.com\/el\/?s={search_term_string}\"},\"query-input\":{\"@type\":\"PropertyValueSpecification\",\"valueRequired\":true,\"valueName\":\"search_term_string\"}}],\"inLanguage\":\"fi\"},{\"@type\":\"Organization\",\"@id\":\"https:\/\/www.plasticmoldco.com\/el\/#organization\",\"name\":\"Plastic Mold | China Mold Maker\",\"url\":\"https:\/\/www.plasticmoldco.com\/el\/\",\"logo\":{\"@type\":\"ImageObject\",\"inLanguage\":\"fi\",\"@id\":\"https:\/\/www.plasticmoldco.com\/el\/#\/schema\/logo\/image\/\",\"url\":\"https:\/\/plasticmoldco.com\/wp-content\/uploads\/2018\/10\/nlogon.png\",\"contentUrl\":\"https:\/\/plasticmoldco.com\/wp-content\/uploads\/2018\/10\/nlogon.png\",\"width\":204,\"height\":54,\"caption\":\"Plastic Mold | China Mold Maker\"},\"image\":{\"@id\":\"https:\/\/www.plasticmoldco.com\/el\/#\/schema\/logo\/image\/\"}}]}<\/script>\n<!-- \/ Yoast SEO plugin. -->","yoast_head_json":{"title":"Meist\u00e4 - Plastic Mold | Kiina Mold Maker","robots":{"index":"index","follow":"follow","max-snippet":"max-snippet:-1","max-image-preview":"max-image-preview:large","max-video-preview":"max-video-preview:-1"},"canonical":"https:\/\/www.plasticmoldco.com\/fi\/bedrijf\/","og_locale":"fi_FI","og_type":"article","og_title":"About Us - Plastic Mold | China Mold Maker","og_description":"About Us-A Chinese Mold Company DONGGUAN SINCERE ETCH CO.LTD ,our factory Located in\u00a0DongGuan,\u00a0China, and established in 2003, SINCER ETECH IS specializes in various plastic molds and plastic molding manufacturing\u00a0for. automotive, home appliances, medical equipment, electronics and sporting equipment, as well as general industrial OEM applications. Our company covers an area of more than 3,800 square [&hellip;]","og_url":"https:\/\/www.plasticmoldco.com\/fi\/bedrijf\/","og_site_name":"Plastic Mold | China Mold Maker","article_modified_time":"2019-02-15T13:45:09+00:00","og_image":[{"url":"https:\/\/web.archive.org\/web\/20140805221613im_\/http:\/\/www.moldchina.org\/wp-content\/uploads\/2011\/01\/untitled2.bmp","type":"","width":"","height":""}],"twitter_card":"summary_large_image","twitter_misc":{"Arvioitu lukuaika":"6 minuuttia"},"schema":{"@context":"https:\/\/schema.org","@graph":[{"@type":"WebPage","@id":"https:\/\/www.plasticmoldco.com\/nl\/bedrijf\/","url":"https:\/\/www.plasticmoldco.com\/nl\/bedrijf\/","name":"Meist\u00e4 - Plastic Mold | Kiina Mold Maker","isPartOf":{"@id":"https:\/\/www.plasticmoldco.com\/el\/#website"},"primaryImageOfPage":{"@id":"https:\/\/www.plasticmoldco.com\/nl\/bedrijf\/#primaryimage"},"image":{"@id":"https:\/\/www.plasticmoldco.com\/nl\/bedrijf\/#primaryimage"},"thumbnailUrl":"https:\/\/web.archive.org\/web\/20140805221613im_\/http:\/\/www.moldchina.org\/wp-content\/uploads\/2011\/01\/untitled2.bmp","datePublished":"2018-10-14T08:59:39+00:00","dateModified":"2019-02-15T13:45:09+00:00","breadcrumb":{"@id":"https:\/\/www.plasticmoldco.com\/nl\/bedrijf\/#breadcrumb"},"inLanguage":"fi","potentialAction":[{"@type":"ReadAction","target":["https:\/\/www.plasticmoldco.com\/nl\/bedrijf\/"]}]},{"@type":"ImageObject","inLanguage":"fi","@id":"https:\/\/www.plasticmoldco.com\/nl\/bedrijf\/#primaryimage","url":"https:\/\/web.archive.org\/web\/20140805221613im_\/http:\/\/www.moldchina.org\/wp-content\/uploads\/2011\/01\/untitled2.bmp","contentUrl":"https:\/\/web.archive.org\/web\/20140805221613im_\/http:\/\/www.moldchina.org\/wp-content\/uploads\/2011\/01\/untitled2.bmp"},{"@type":"BreadcrumbList","@id":"https:\/\/www.plasticmoldco.com\/nl\/bedrijf\/#breadcrumb","itemListElement":[{"@type":"ListItem","position":1,"name":"Home","item":"https:\/\/www.plasticmoldco.com\/"},{"@type":"ListItem","position":2,"name":"About Us"}]},{"@type":"WebSite","@id":"https:\/\/www.plasticmoldco.com\/el\/#website","url":"https:\/\/www.plasticmoldco.com\/el\/","name":"Muovi Mold | Kiina Mold Maker","description":"Etsitk\u00f6 ruiskuvalumuotteja Kiinassa? Olemme muovimuotin valmistaja","publisher":{"@id":"https:\/\/www.plasticmoldco.com\/el\/#organization"},"potentialAction":[{"@type":"SearchAction","target":{"@type":"EntryPoint","urlTemplate":"https:\/\/www.plasticmoldco.com\/el\/?s={search_term_string}"},"query-input":{"@type":"PropertyValueSpecification","valueRequired":true,"valueName":"search_term_string"}}],"inLanguage":"fi"},{"@type":"Organization","@id":"https:\/\/www.plasticmoldco.com\/el\/#organization","name":"Muovi Mold | Kiina Mold Maker","url":"https:\/\/www.plasticmoldco.com\/el\/","logo":{"@type":"ImageObject","inLanguage":"fi","@id":"https:\/\/www.plasticmoldco.com\/el\/#\/schema\/logo\/image\/","url":"https:\/\/plasticmoldco.com\/wp-content\/uploads\/2018\/10\/nlogon.png","contentUrl":"https:\/\/plasticmoldco.com\/wp-content\/uploads\/2018\/10\/nlogon.png","width":204,"height":54,"caption":"Plastic Mold | China Mold Maker"},"image":{"@id":"https:\/\/www.plasticmoldco.com\/el\/#\/schema\/logo\/image\/"}}]}},"_links":{"self":[{"href":"https:\/\/www.plasticmoldco.com\/fi\/wp-json\/wp\/v2\/pages\/12","targetHints":{"allow":["GET"]}}],"collection":[{"href":"https:\/\/www.plasticmoldco.com\/fi\/wp-json\/wp\/v2\/pages"}],"about":[{"href":"https:\/\/www.plasticmoldco.com\/fi\/wp-json\/wp\/v2\/types\/page"}],"author":[{"embeddable":true,"href":"https:\/\/www.plasticmoldco.com\/fi\/wp-json\/wp\/v2\/users\/1"}],"replies":[{"embeddable":true,"href":"https:\/\/www.plasticmoldco.com\/fi\/wp-json\/wp\/v2\/comments?post=12"}],"version-history":[{"count":0,"href":"https:\/\/www.plasticmoldco.com\/fi\/wp-json\/wp\/v2\/pages\/12\/revisions"}],"wp:attachment":[{"href":"https:\/\/www.plasticmoldco.com\/fi\/wp-json\/wp\/v2\/media?parent=12"}],"curies":[{"name":"wp","href":"https:\/\/api.w.org\/{rel}","templated":true}]}}