{"id":676,"date":"2018-10-17T22:16:29","date_gmt":"2018-10-17T14:16:29","guid":{"rendered":"https:\/\/plasticmoldco.com\/?page_id=676"},"modified":"2018-10-17T22:16:29","modified_gmt":"2018-10-17T14:16:29","slug":"plastic-mould","status":"publish","type":"page","link":"https:\/\/www.plasticmoldco.com\/es\/molde-de-plastico-2\/","title":{"rendered":"molde de pl\u00e1stico"},"content":{"rendered":"<p>[et_pb_section bb_built=\"1\u2033 disabled_on=\"on|on|\" _builder_version=\"3.10.2\u2033 custom_padding=\"0|0px|0|0px|false|false\" next_background_color=\"#000000\u2033][et_pb_row custom_padding=\"18px|0px|0|0px|false|false\" _builder_version=\"3.0.48\u2033 background_size=\"initial\" background_position=\"top_left\" background_repeat=\"repeat\"][et_pb_column type=\"4_4\u2033][et_pb_text _builder_version=\"3.10.2\u2033 custom_margin=\"0px|-120px|16px|-100px\"]<\/p>\n<p><img loading=\"lazy\" decoding=\"async\" class=\"wp-image-213 alignnone size-medium\" src=\"https:\/\/plasticmoldco.com\/wp-content\/uploads\/2018\/10\/new.n-300x18.jpg\" alt=\"\" width=\"1266\" height=\"76\" srcset=\"https:\/\/www.plasticmoldco.com\/wp-content\/uploads\/2018\/10\/new.n-300x18.jpg 300w, https:\/\/www.plasticmoldco.com\/wp-content\/uploads\/2018\/10\/new.n-768x45.jpg 768w, https:\/\/www.plasticmoldco.com\/wp-content\/uploads\/2018\/10\/new.n-1024x60.jpg 1024w\" sizes=\"(max-width: 1266px) 100vw, 1266px\" \/><\/p>\n<p>[\/et_pb_text][\/et_pb_column][\/et_pb_row][\/et_pb_section][et_pb_section bb_built=\"1\u2033 disabled_on=\"||on\" _builder_version=\"3.10.2\u2033 custom_padding=\"22px|0px|0|0px|false|false\" prev_background_color=\"#000000\u2033 next_background_color=\"#000000\u2033][et_pb_row custom_padding=\"0|0px|12px|0px|false|false\" _builder_version=\"3.0.48\u2033 background_size=\"3.0.48\u2033.0.48\u2033 background_size=\"initial\" background_position=\"top_left\" background_repeat=\"repeat\"][et_pb_column type=\"4_4\u2033][et_pb_text _builder_version=\"3.10.2\u2033]<\/p>\n<p><img loading=\"lazy\" decoding=\"async\" class=\"wp-image-213 alignnone size-medium\" src=\"https:\/\/plasticmoldco.com\/wp-content\/uploads\/2018\/10\/new.n-300x18.jpg\" alt=\"\" width=\"1266\" height=\"76\" srcset=\"https:\/\/www.plasticmoldco.com\/wp-content\/uploads\/2018\/10\/new.n-300x18.jpg 300w, https:\/\/www.plasticmoldco.com\/wp-content\/uploads\/2018\/10\/new.n-768x45.jpg 768w, https:\/\/www.plasticmoldco.com\/wp-content\/uploads\/2018\/10\/new.n-1024x60.jpg 1024w\" sizes=\"(max-width: 1266px) 100vw, 1266px\" \/><\/p>\n<p>[\/et_pb_text][\/et_pb_column][\/et_pb_row][\/et_pb_section][et_pb_section bb_built=\"1\u2033 disabled_on=\"on|on|\" _builder_version=\"3.10.2\u2033 custom_padding=\"0|0px|54px|0px|false|false\" prev_background_color=\"#000000\u2033 next_background_color=\"#000000\u2033][et_pb_row custom_padding=\"0|0px|0|0px|false|false\" _builder_version=\"3.0.48\u2033 background_size=\"initial\" background_position=\"top_left\" background_repeat=\"repeat\"][et_pb_column type=\"3_4\u2033][et_pb_text _builder_version=\"3.10.2\u2033 border_width_all=\"3px\" border_color_all=\"#e5e5e5\u2033 custom_margin=\"15px|-90px||-86px\" custom_padding=\"10px|10px|10px|10px\"]<\/p>\n<div id=\"titlep\">\n<div id=\"titlep\">\n<div id=\"titlep\">\n<div id=\"titlep\">\n<div>\n<h2>molde de pl\u00e1stico<\/h2>\n<\/div>\n<\/div>\n<div id=\"mge\"><\/div>\n<p><img loading=\"lazy\" decoding=\"async\" class=\"alignnone size-full wp-image-915\" title=\"molde de pl\u00e1stico\" src=\"https:\/\/web.archive.org\/web\/20140122192223im_\/http:\/\/www.moldchina.org\/wp-content\/uploads\/2011\/04\/110113040129.jpg\" alt=\"\" width=\"662\" height=\"496\" \/><\/p>\n<p><em>Molde de pl\u00e1stico<\/em>1) Material: material pl\u00e1stico, incluyendo ABS, AS, PPS, PP, POM, PC, PA, PMMA, PS, HDPE, TPE, TPU, TPR y otros materiales designados por el cliente.<\/p>\n<p>2) <em>molde de pl\u00e1stico<\/em> Dise\u00f1o: seg\u00fan sus especificaciones de utillaje o muestra de referencia<\/p>\n<p>3) Formas de proceso: Moldeo por doble inyecci\u00f3n, moldeo por inserci\u00f3n, sobremoldeo, etc.<\/p>\n<p>4) Tratamiento de superficie: Impresi\u00f3n, pintura, revestimiento al vac\u00edo, galvanoplastia, etc;<\/p>\n<p>5) Poseemos centros de procesamiento CNC, maquinaria de trabajo de chispa CNC y varios equipos avanzados de herramientas de moldeo. Tambi\u00e9n hemos establecido un centro de dise\u00f1o y desarrollo de moldes CAD \/ CAM \/ CAE.<\/p>\n<p>6) Bienvenido a proporcionar muestras y dibujos. Podemos dise\u00f1ar el <em>molde de pl\u00e1stico<\/em> para usted y fabricar los productos que necesite. Si desea comparar los precios, por favor env\u00edenos la informaci\u00f3n que le interesa, y le daremos Alta Calidad y Precio Competitivo y Buen Servicio.<\/p>\n<p>Ser\u00e1 un honor para nosotros si tenemos la oportunidad de estar a su servicio.<\/p>\n<\/div>\n<\/div>\n<\/div>\n<p>[\/et_pb_text][\/et_pb_column][et_pb_column type=\"1_4\u2033][et_pb_sidebar _builder_version=\"3.10.2\u2033 area=\"sidebar-1\u2033 custom_margin=\"15px|-94px||40px\" custom_padding=\"10px|10px|10px|10px\" border_width_all=\"2px\" border_color_all=\"#d3d3d3\u2033 \/][\/et_pb_column][\/et_pb_row][\/et_pb_section][et_pb_section bb_built=\"1\u2033 disabled_on=\"||on\" _builder_version=\"3.10.2\u2033 custom_padding=\"0|0px|54px|0px|false|false\" prev_background_color=\"#000000\u2033 next_background_color=\"#000000\u2033][et_pb_row custom_padding=\"0|0px|0|0px|false|false\" _builder_version=\"3.0.48\u2033 background_size=\"initial\" background_position=\"top_left\" background_repeat=\"repeat\"][et_pb_column type=\"4_4\u2033][et_pb_text _builder_version=\"3.10.2\u2033 border_width_all=\"3px\" border_color_all=\"#e5e5e5\u2033]<\/p>\n<div id=\"titlep\">\n<div id=\"titlep\">\n<div id=\"titlep\">\n<div>\n<h2>molde de pl\u00e1stico<\/h2>\n<\/div>\n<\/div>\n<div id=\"mge\"><\/div>\n<p><img loading=\"lazy\" decoding=\"async\" class=\"alignnone size-full wp-image-915\" title=\"molde de pl\u00e1stico\" src=\"https:\/\/web.archive.org\/web\/20140122192223im_\/http:\/\/www.moldchina.org\/wp-content\/uploads\/2011\/04\/110113040129.jpg\" alt=\"\" width=\"662\" height=\"496\" \/><\/p>\n<p><em>Molde de pl\u00e1stico<\/em>1) Material: material pl\u00e1stico, incluyendo ABS, AS, PPS, PP, POM, PC, PA, PMMA, PS, HDPE, TPE, TPU, TPR y otros materiales designados por el cliente.<\/p>\n<p>2) <em>molde de pl\u00e1stico<\/em> Dise\u00f1o: seg\u00fan sus especificaciones de utillaje o muestra de referencia<\/p>\n<p>3) Formas de proceso: Moldeo por doble inyecci\u00f3n, moldeo por inserci\u00f3n, sobremoldeo, etc.<\/p>\n<p>4) Tratamiento de superficie: Impresi\u00f3n, pintura, revestimiento al vac\u00edo, galvanoplastia, etc;<\/p>\n<p>5) Poseemos centros de procesamiento CNC, maquinaria de trabajo de chispa CNC y varios equipos avanzados de herramientas de moldeo. Tambi\u00e9n hemos establecido un centro de dise\u00f1o y desarrollo de moldes CAD \/ CAM \/ CAE.<\/p>\n<p>6) Bienvenido a proporcionar muestras y dibujos. Podemos dise\u00f1ar el <em>molde de pl\u00e1stico<\/em> para usted y fabricar los productos que necesite. Si desea comparar los precios, por favor env\u00edenos la informaci\u00f3n que le interesa, y le daremos Alta Calidad y Precio Competitivo y Buen Servicio.<\/p>\n<p>Ser\u00e1 un honor para nosotros si tenemos la oportunidad de estar a su servicio.<\/p>\n<\/div>\n<\/div>\n<p>[\/et_pb_text][et_pb_text _builder_version=\"3.10.2\u2033 text_font_size=\"13px\" header_font=\"|700|||||||\" border_width_all=\"2px\" border_color_all=\"#bcbcbc\" inline_fonts=\"Arial\"]<\/p>\n<h4><img loading=\"lazy\" decoding=\"async\" class=\"wp-image-111 alignnone\" src=\"https:\/\/plasticmoldco.com\/wp-content\/uploads\/2018\/10\/sss.png\" alt=\"\" width=\"16\" height=\"13\" \/><strong>Producto moldeado<\/strong><\/h4>\n<hr \/>\n<p>\u2192 <span style=\"font-size: medium;\"><strong><span style=\"color: #000000;\"><a style=\"color: #000000;\" href=\"https:\/\/www.plasticmoldco.com\/es\/molde\/\">MOHO<\/a><\/span><\/strong><\/span><br \/>\n<span style=\"font-size: medium;\"><strong><span style=\"color: #000000;\"> \u2192 <a style=\"color: #000000;\" href=\"https:\/\/www.plasticmoldco.com\/es\/piezas-prototipo\/\">Piezas prototipo<\/a><\/span><\/strong><\/span><br \/>\n<span style=\"font-size: medium;\"><strong><span style=\"color: #000000;\"> \u2192 <a style=\"color: #000000;\" href=\"https:\/\/www.plasticmoldco.com\/es\/pieza-de-plastico\/\">Pieza de pl\u00e1stico<\/a><\/span><\/strong><\/span><br \/>\n<span style=\"font-size: medium;\"><strong><span style=\"color: #000000;\"> \u2192 <a style=\"color: #000000;\" href=\"https:\/\/www.plasticmoldco.com\/es\/piezas-de-caucho-de-silicona\/\">piezas de silicona y caucho<\/a><\/span><\/strong><\/span><\/p>\n<p><span style=\"font-size: medium;\"><strong><span style=\"color: #000000;\">Contacte con nosotros<\/span><\/strong><\/span><\/p>\n<hr \/>\n<p><strong><span style=\"color: #000000;\">DONGGUAN SINCERE TECH CO.LTD<\/span><\/strong><br \/>\n<strong><span style=\"color: #000000;\"> DIRECCI\u00d3N DE LA F\u00c1BRICA: YUANXIA LU, YUANJIANG YUANG, CIUDAD DE CHANGPING, CIUDAD DE DONNGUAN, PROVINCIA DE GUANGDONG, CHINA 523000<\/span><\/strong><\/p>\n<p><strong><span style=\"color: #000000;\">TEL: +86 (0)769 3366 9997<\/span><\/strong><br \/>\n<strong><span style=\"color: #000000;\"> FAX: +86 (0)769 3366 9997<\/span><\/strong><\/p>\n<p><strong><span style=\"color: #000000;\">CORREO ELECTR\u00d3NICO: <a href=\"mailto:INFO@sinceretetechs.com\">INFO@sinceretetechs.com<\/a><\/span><\/strong><\/p>\n<ul>\n<li id=\"tag_cloud-3\" class=\"widget-container widget_tag_cloud\">\n<h3 class=\"widget-title\"><strong>B\u00fasqueda popular<\/strong><\/h3>\n<hr \/>\n<div class=\"tagcloud\"><strong>China Die Casting china empresa de moldes de inyeccion china fabrica de moldes de inyeccion china fabricante de moldes de inyeccion china empresa de moldes de inyeccion china fabrica de moldes china fabricante de moldes china proveedor de moldes china fabricante de moldes china proveedores de moldes china plastico mold companychina silicone china silicone rubberchina tooling maker China toolmaker in china injection mold Pl\u00e1sticos moldeados por inyecci\u00f3n Injection molding china injection molding chineseplastic injection molding molde de pl\u00e1stico china Prototype parts silicone chinasilicone rubber tool mold making china<\/strong><\/div>\n<\/li>\n<\/ul>\n<p><img decoding=\"async\" style=\"font-size: 13px; background-color: #ffffff; text-align: -webkit-center; display: block; margin-left: auto; margin-right: auto;\" src=\"https:\/\/web.archive.org\/web\/20140728234454im_\/http:\/\/www.moldchina.org\/wp-content\/themes\/9C008\/images\/iso.jpg\" \/><\/p>\n<p>[\/et_pb_text][\/et_pb_column][\/et_pb_row][\/et_pb_section][et_pb_section bb_built=\"1\u2033 disabled_on=\"on|on|\" _builder_version=\u201d3.10.2\u2033 custom_margin=\u201d-103px|||\u201d prev_background_color=\u201d#000000\u2033 next_background_color=\u201d#000000\u2033][et_pb_row _builder_version=\u201d3.0.48\u2033 background_size=\"initial\" background_position=\"top_left\" background_repeat=\"repeat\"][et_pb_column type=\"4_4\u2033][et_pb_text _builder_version=\"3.10.2\u2033 custom_margin=\"|-62px||-84px\"]<\/p>\n<p style=\"padding-left: 30px;\"><strong>China molde de inyecci\u00f3n de pl\u00e1stico, fabricante de herramientas, fabricante de moldes de China, China herramientas, China molde de pl\u00e1stico, f\u00e1brica de moldes de inyecci\u00f3n de China, fabricante de moldes de inyecci\u00f3n de pl\u00e1stico en China<\/strong><\/p>\n<p>[\/et_pb_text][et_pb_text _builder_version=\u201d3.10.2\u2033 custom_margin=\u201d-15px|-50px||-50px\u201d]<\/p>\n<p><strong><span style=\"color: #0c0c0c;\"><a href=\"https:\/\/www.plasticmoldco.com\/es\/\">Inicio\u00a0 \u00a0<\/a>|\u00a0 \u00a0<a href=\"https:\/\/www.plasticmoldco.com\/es\/about-us\/\">Qui\u00e9nes somos\u00a0<\/a> \u00a0|\u00a0 <a href=\"https:\/\/www.plasticmoldco.com\/es\/ingenieria-de-diseno\/\">Dise\u00f1o e ingenier\u00eda<\/a>\u00a0 |\u00a0 \u00a0<a href=\"https:\/\/www.plasticmoldco.com\/es\/products\/\">Productos\u00a0\u00a0\u00a0\u00a0\u00a0<\/a>|\u00a0\u00a0\u00a0\u00a0\u00a0<a href=\"https:\/\/www.plasticmoldco.com\/es\/noticias\/\">Noticias<\/a>\u00a0\u00a0\u00a0\u00a0\u00a0|\u00a0\u00a0\u00a0\u00a0\u00a0<a href=\"https:\/\/www.plasticmoldco.com\/es\/seguro-de-calidad\/\">Seguro de calidad\u00a0<\/a>\u00a0\u00a0\u00a0\u00a0|\u00a0 \u00a0 <a href=\"https:\/\/www.plasticmoldco.com\/es\/procedimiento-po\/\">Procedimiento PO<\/a>\u00a0 \u00a0 |\u00a0 \u00a0 <a href=\"https:\/\/www.plasticmoldco.com\/es\/eqipamiento\/\">Equipamiento\u00a0 \u00a0<\/a> |\u00a0 \u00a0<a href=\"https:\/\/www.plasticmoldco.com\/es\/caso-de-diseno-industrial\/\">Caso de dise\u00f1o industrial\u00a0<\/a> \u00a0 |\u00a0 \u00a0 <a href=\"https:\/\/www.plasticmoldco.com\/es\/mapa-del-sitio\/\">Mapa del sitio<\/a><\/span><\/strong><\/p>\n<p>[\/et_pb_text][et_pb_text _builder_version=\"3.10.2\u2033 custom_margin=\"-15px|||\"]<\/p>\n<p style=\"text-align: center;\"><strong>Copyright \u00a9 2011 DONGGUAN SINCER TECH CO.LTD. | China fabricante de moldes, China moldeo por inyecci\u00f3n de pl\u00e1stico, China fabricante de herramientas.<\/strong><br \/>\n<strong> N\u00famero de registro mercantil:1626173<\/strong><\/p>\n<p>[\/et_pb_text][\/et_pb_column][\/et_pb_row][\/et_pb_section][et_pb_section bb_built=\"1\u2033 disabled_on=\"||on\" _builder_version=\"3.10.2\u2033 custom_margin=\"-103px|||\" prev_background_color=\"#000000\u2033][et_pb_row _builder_version=\"3.0.48\u2033 background_size=\"initial\" background_position=\"top_left\" background_repeat=\"repeat\"][et_pb_column type=\"4_4\u2033][et_pb_text _builder_version=\"3.10.2\u2033]<\/p>\n<p style=\"padding-left: 30px;\"><strong>China molde de inyecci\u00f3n de pl\u00e1stico, fabricante de herramientas, fabricante de moldes de China, China herramientas, China molde de pl\u00e1stico, f\u00e1brica de moldes de inyecci\u00f3n de China, fabricante de moldes de inyecci\u00f3n de pl\u00e1stico en China<\/strong><\/p>\n<p>[\/et_pb_text][et_pb_text _builder_version=\u201d3.10.2\u2033]<\/p>\n<p><strong><span style=\"color: #0c0c0c;\"><a href=\"https:\/\/www.plasticmoldco.com\/es\/\">Inicio\u00a0 \u00a0<\/a>|\u00a0 \u00a0<a href=\"https:\/\/www.plasticmoldco.com\/es\/about-us\/\">Qui\u00e9nes somos\u00a0<\/a> \u00a0|\u00a0 <a href=\"https:\/\/www.plasticmoldco.com\/es\/ingenieria-de-diseno\/\">Dise\u00f1o e ingenier\u00eda<\/a>\u00a0 |\u00a0 \u00a0<a href=\"https:\/\/www.plasticmoldco.com\/es\/products\/\">Productos\u00a0\u00a0\u00a0\u00a0\u00a0<\/a>|\u00a0\u00a0\u00a0\u00a0\u00a0<a href=\"https:\/\/www.plasticmoldco.com\/es\/noticias\/\">Noticias<\/a>\u00a0\u00a0\u00a0\u00a0\u00a0|\u00a0\u00a0\u00a0\u00a0\u00a0<a href=\"https:\/\/www.plasticmoldco.com\/es\/seguro-de-calidad\/\">Seguro de calidad\u00a0<\/a>\u00a0\u00a0\u00a0\u00a0|\u00a0 \u00a0 <a href=\"https:\/\/www.plasticmoldco.com\/es\/procedimiento-po\/\">Procedimiento PO<\/a>\u00a0 \u00a0 |\u00a0 \u00a0 <a href=\"https:\/\/www.plasticmoldco.com\/es\/eqipamiento\/\">Equipamiento\u00a0 \u00a0<\/a> |\u00a0 \u00a0<a href=\"https:\/\/www.plasticmoldco.com\/es\/caso-de-diseno-industrial\/\">Caso de dise\u00f1o industrial\u00a0<\/a> \u00a0 |\u00a0 \u00a0 <a href=\"https:\/\/www.plasticmoldco.com\/es\/mapa-del-sitio\/\">Mapa del sitio<\/a><\/span><\/strong><\/p>\n<p>[\/et_pb_text][et_pb_text _builder_version=\u201d3.10.2\u2033]<\/p>\n<p style=\"text-align: center;\"><strong>Copyright \u00a9 2011 DONGGUAN SINCER TECH CO.LTD. | China fabricante de moldes, China moldeo por inyecci\u00f3n de pl\u00e1stico, China fabricante de herramientas.<\/strong><br \/>\n<strong> N\u00famero de registro mercantil:1626173<\/strong><\/p>\n<p>[\/et_pb_text][\/et_pb_column][\/et_pb_row][\/et_pb_section]<\/p>","protected":false},"excerpt":{"rendered":"<p>plastic mould Plastic Mould1) Material: plastic material including ABS, AS, PPS, PP, POM, PC, PA, PMMA, PS, HDPE, TPE, TPU, TPR and other customer appointed material. 2) plastic Mould Design: according to your tooling Spec. or reference sample 3) Process ways: Double shot molding, Insert molding, Over molding and so on 4) Surface treatment: Printing, [&hellip;]<\/p>","protected":false},"author":1,"featured_media":0,"parent":0,"menu_order":0,"comment_status":"closed","ping_status":"closed","template":"","meta":{"_et_pb_use_builder":"on","_et_pb_old_content":"","_et_gb_content_width":"","footnotes":""},"class_list":["post-676","page","type-page","status-publish","hentry"],"yoast_head":"<!-- This site is optimized with the Yoast SEO plugin v26.4 - https:\/\/yoast.com\/wordpress\/plugins\/seo\/ -->\n<title>plastic mould - Plastic Mold | China Mold Maker<\/title>\n<meta name=\"robots\" content=\"index, follow, max-snippet:-1, max-image-preview:large, max-video-preview:-1\" \/>\n<link rel=\"canonical\" href=\"https:\/\/www.plasticmoldco.com\/es\/kunststoffform\/\" \/>\n<meta property=\"og:locale\" content=\"es_ES\" \/>\n<meta property=\"og:type\" content=\"article\" \/>\n<meta property=\"og:title\" content=\"plastic mould - Plastic Mold | China Mold Maker\" \/>\n<meta property=\"og:description\" content=\"plastic mould Plastic Mould1) Material: plastic material including ABS, AS, PPS, PP, POM, PC, PA, PMMA, PS, HDPE, TPE, TPU, TPR and other customer appointed material. 2) plastic Mould Design: according to your tooling Spec. or reference sample 3) Process ways: Double shot molding, Insert molding, Over molding and so on 4) Surface treatment: Printing, [&hellip;]\" \/>\n<meta property=\"og:url\" content=\"https:\/\/www.plasticmoldco.com\/es\/kunststoffform\/\" \/>\n<meta property=\"og:site_name\" content=\"Plastic Mold | China Mold Maker\" \/>\n<meta property=\"og:image\" content=\"https:\/\/plasticmoldco.com\/wp-content\/uploads\/2018\/10\/new.n-300x18.jpg\" \/>\n<meta name=\"twitter:card\" content=\"summary_large_image\" \/>\n<meta name=\"twitter:label1\" content=\"Tiempo de lectura\" \/>\n\t<meta name=\"twitter:data1\" content=\"5 minutos\" \/>\n<script type=\"application\/ld+json\" class=\"yoast-schema-graph\">{\"@context\":\"https:\/\/schema.org\",\"@graph\":[{\"@type\":\"WebPage\",\"@id\":\"https:\/\/www.plasticmoldco.com\/de\/kunststoffform\/\",\"url\":\"https:\/\/www.plasticmoldco.com\/de\/kunststoffform\/\",\"name\":\"plastic mould - Plastic Mold | China Mold Maker\",\"isPartOf\":{\"@id\":\"https:\/\/www.plasticmoldco.com\/el\/#website\"},\"primaryImageOfPage\":{\"@id\":\"https:\/\/www.plasticmoldco.com\/de\/kunststoffform\/#primaryimage\"},\"image\":{\"@id\":\"https:\/\/www.plasticmoldco.com\/de\/kunststoffform\/#primaryimage\"},\"thumbnailUrl\":\"https:\/\/plasticmoldco.com\/wp-content\/uploads\/2018\/10\/new.n-300x18.jpg\",\"datePublished\":\"2018-10-17T14:16:29+00:00\",\"breadcrumb\":{\"@id\":\"https:\/\/www.plasticmoldco.com\/de\/kunststoffform\/#breadcrumb\"},\"inLanguage\":\"es\",\"potentialAction\":[{\"@type\":\"ReadAction\",\"target\":[\"https:\/\/www.plasticmoldco.com\/de\/kunststoffform\/\"]}]},{\"@type\":\"ImageObject\",\"inLanguage\":\"es\",\"@id\":\"https:\/\/www.plasticmoldco.com\/de\/kunststoffform\/#primaryimage\",\"url\":\"https:\/\/plasticmoldco.com\/wp-content\/uploads\/2018\/10\/new.n-300x18.jpg\",\"contentUrl\":\"https:\/\/plasticmoldco.com\/wp-content\/uploads\/2018\/10\/new.n-300x18.jpg\"},{\"@type\":\"BreadcrumbList\",\"@id\":\"https:\/\/www.plasticmoldco.com\/de\/kunststoffform\/#breadcrumb\",\"itemListElement\":[{\"@type\":\"ListItem\",\"position\":1,\"name\":\"Home\",\"item\":\"https:\/\/www.plasticmoldco.com\/\"},{\"@type\":\"ListItem\",\"position\":2,\"name\":\"plastic mould\"}]},{\"@type\":\"WebSite\",\"@id\":\"https:\/\/www.plasticmoldco.com\/el\/#website\",\"url\":\"https:\/\/www.plasticmoldco.com\/el\/\",\"name\":\"Plastic Mold | China Mold Maker\",\"description\":\"Are you looking for injection mold china? We are plastic mold maker\",\"publisher\":{\"@id\":\"https:\/\/www.plasticmoldco.com\/el\/#organization\"},\"potentialAction\":[{\"@type\":\"SearchAction\",\"target\":{\"@type\":\"EntryPoint\",\"urlTemplate\":\"https:\/\/www.plasticmoldco.com\/el\/?s={search_term_string}\"},\"query-input\":{\"@type\":\"PropertyValueSpecification\",\"valueRequired\":true,\"valueName\":\"search_term_string\"}}],\"inLanguage\":\"es\"},{\"@type\":\"Organization\",\"@id\":\"https:\/\/www.plasticmoldco.com\/el\/#organization\",\"name\":\"Plastic Mold | China Mold Maker\",\"url\":\"https:\/\/www.plasticmoldco.com\/el\/\",\"logo\":{\"@type\":\"ImageObject\",\"inLanguage\":\"es\",\"@id\":\"https:\/\/www.plasticmoldco.com\/el\/#\/schema\/logo\/image\/\",\"url\":\"https:\/\/plasticmoldco.com\/wp-content\/uploads\/2018\/10\/nlogon.png\",\"contentUrl\":\"https:\/\/plasticmoldco.com\/wp-content\/uploads\/2018\/10\/nlogon.png\",\"width\":204,\"height\":54,\"caption\":\"Plastic Mold | China Mold Maker\"},\"image\":{\"@id\":\"https:\/\/www.plasticmoldco.com\/el\/#\/schema\/logo\/image\/\"}}]}<\/script>\n<!-- \/ Yoast SEO plugin. -->","yoast_head_json":{"title":"molde de pl\u00e1stico - Molde de pl\u00e1stico | China Mold Maker","robots":{"index":"index","follow":"follow","max-snippet":"max-snippet:-1","max-image-preview":"max-image-preview:large","max-video-preview":"max-video-preview:-1"},"canonical":"https:\/\/www.plasticmoldco.com\/es\/kunststoffform\/","og_locale":"es_ES","og_type":"article","og_title":"plastic mould - Plastic Mold | China Mold Maker","og_description":"plastic mould Plastic Mould1) Material: plastic material including ABS, AS, PPS, PP, POM, PC, PA, PMMA, PS, HDPE, TPE, TPU, TPR and other customer appointed material. 2) plastic Mould Design: according to your tooling Spec. or reference sample 3) Process ways: Double shot molding, Insert molding, Over molding and so on 4) Surface treatment: Printing, [&hellip;]","og_url":"https:\/\/www.plasticmoldco.com\/es\/kunststoffform\/","og_site_name":"Plastic Mold | China Mold Maker","og_image":[{"url":"https:\/\/plasticmoldco.com\/wp-content\/uploads\/2018\/10\/new.n-300x18.jpg","type":"","width":"","height":""}],"twitter_card":"summary_large_image","twitter_misc":{"Tiempo de lectura":"5 minutos"},"schema":{"@context":"https:\/\/schema.org","@graph":[{"@type":"WebPage","@id":"https:\/\/www.plasticmoldco.com\/de\/kunststoffform\/","url":"https:\/\/www.plasticmoldco.com\/de\/kunststoffform\/","name":"molde de pl\u00e1stico - Molde de pl\u00e1stico | China Mold Maker","isPartOf":{"@id":"https:\/\/www.plasticmoldco.com\/el\/#website"},"primaryImageOfPage":{"@id":"https:\/\/www.plasticmoldco.com\/de\/kunststoffform\/#primaryimage"},"image":{"@id":"https:\/\/www.plasticmoldco.com\/de\/kunststoffform\/#primaryimage"},"thumbnailUrl":"https:\/\/plasticmoldco.com\/wp-content\/uploads\/2018\/10\/new.n-300x18.jpg","datePublished":"2018-10-17T14:16:29+00:00","breadcrumb":{"@id":"https:\/\/www.plasticmoldco.com\/de\/kunststoffform\/#breadcrumb"},"inLanguage":"es","potentialAction":[{"@type":"ReadAction","target":["https:\/\/www.plasticmoldco.com\/de\/kunststoffform\/"]}]},{"@type":"ImageObject","inLanguage":"es","@id":"https:\/\/www.plasticmoldco.com\/de\/kunststoffform\/#primaryimage","url":"https:\/\/plasticmoldco.com\/wp-content\/uploads\/2018\/10\/new.n-300x18.jpg","contentUrl":"https:\/\/plasticmoldco.com\/wp-content\/uploads\/2018\/10\/new.n-300x18.jpg"},{"@type":"BreadcrumbList","@id":"https:\/\/www.plasticmoldco.com\/de\/kunststoffform\/#breadcrumb","itemListElement":[{"@type":"ListItem","position":1,"name":"Home","item":"https:\/\/www.plasticmoldco.com\/"},{"@type":"ListItem","position":2,"name":"plastic mould"}]},{"@type":"WebSite","@id":"https:\/\/www.plasticmoldco.com\/el\/#website","url":"https:\/\/www.plasticmoldco.com\/el\/","name":"Moldes de pl\u00e1stico | China Mold Maker","description":"\u00bfBusca moldes de inyecci\u00f3n en China? Somos fabricantes de moldes de pl\u00e1stico","publisher":{"@id":"https:\/\/www.plasticmoldco.com\/el\/#organization"},"potentialAction":[{"@type":"SearchAction","target":{"@type":"EntryPoint","urlTemplate":"https:\/\/www.plasticmoldco.com\/el\/?s={search_term_string}"},"query-input":{"@type":"PropertyValueSpecification","valueRequired":true,"valueName":"search_term_string"}}],"inLanguage":"es"},{"@type":"Organization","@id":"https:\/\/www.plasticmoldco.com\/el\/#organization","name":"Moldes de pl\u00e1stico | China Mold Maker","url":"https:\/\/www.plasticmoldco.com\/el\/","logo":{"@type":"ImageObject","inLanguage":"es","@id":"https:\/\/www.plasticmoldco.com\/el\/#\/schema\/logo\/image\/","url":"https:\/\/plasticmoldco.com\/wp-content\/uploads\/2018\/10\/nlogon.png","contentUrl":"https:\/\/plasticmoldco.com\/wp-content\/uploads\/2018\/10\/nlogon.png","width":204,"height":54,"caption":"Plastic Mold | China Mold Maker"},"image":{"@id":"https:\/\/www.plasticmoldco.com\/el\/#\/schema\/logo\/image\/"}}]}},"_links":{"self":[{"href":"https:\/\/www.plasticmoldco.com\/es\/wp-json\/wp\/v2\/pages\/676","targetHints":{"allow":["GET"]}}],"collection":[{"href":"https:\/\/www.plasticmoldco.com\/es\/wp-json\/wp\/v2\/pages"}],"about":[{"href":"https:\/\/www.plasticmoldco.com\/es\/wp-json\/wp\/v2\/types\/page"}],"author":[{"embeddable":true,"href":"https:\/\/www.plasticmoldco.com\/es\/wp-json\/wp\/v2\/users\/1"}],"replies":[{"embeddable":true,"href":"https:\/\/www.plasticmoldco.com\/es\/wp-json\/wp\/v2\/comments?post=676"}],"version-history":[{"count":0,"href":"https:\/\/www.plasticmoldco.com\/es\/wp-json\/wp\/v2\/pages\/676\/revisions"}],"wp:attachment":[{"href":"https:\/\/www.plasticmoldco.com\/es\/wp-json\/wp\/v2\/media?parent=676"}],"curies":[{"name":"wp","href":"https:\/\/api.w.org\/{rel}","templated":true}]}}