{"id":669,"date":"2018-10-17T22:11:22","date_gmt":"2018-10-17T14:11:22","guid":{"rendered":"https:\/\/plasticmoldco.com\/?page_id=669"},"modified":"2018-10-17T22:11:22","modified_gmt":"2018-10-17T14:11:22","slug":"plastic-mold-2","status":"publish","type":"page","link":"https:\/\/www.plasticmoldco.com\/es\/molde-de-plastico-2-2\/","title":{"rendered":"Molde de pl\u00e1stico"},"content":{"rendered":"<p>[et_pb_section bb_built=\"1\u2033 disabled_on=\"on|on|\" _builder_version=\"3.10.2\u2033 custom_padding=\"0|0px|0|0px|false|false\" next_background_color=\"#000000\u2033][et_pb_row custom_padding=\"18px|0px|0|0px|false|false\" _builder_version=\"3.0.48\u2033 background_size=\"initial\" background_position=\"top_left\" background_repeat=\"repeat\"][et_pb_column type=\"4_4\u2033][et_pb_text _builder_version=\"3.10.2\u2033 custom_margin=\"0px|-120px|16px|-100px\"]<\/p>\n<p><img loading=\"lazy\" decoding=\"async\" class=\"wp-image-213 alignnone size-medium\" src=\"https:\/\/plasticmoldco.com\/wp-content\/uploads\/2018\/10\/new.n-300x18.jpg\" alt=\"\" width=\"1266\" height=\"76\" srcset=\"https:\/\/www.plasticmoldco.com\/wp-content\/uploads\/2018\/10\/new.n-300x18.jpg 300w, https:\/\/www.plasticmoldco.com\/wp-content\/uploads\/2018\/10\/new.n-768x45.jpg 768w, https:\/\/www.plasticmoldco.com\/wp-content\/uploads\/2018\/10\/new.n-1024x60.jpg 1024w\" sizes=\"(max-width: 1266px) 100vw, 1266px\" \/><\/p>\n<p>[\/et_pb_text][\/et_pb_column][\/et_pb_row][\/et_pb_section][et_pb_section bb_built=\"1\u2033 disabled_on=\"||on\" _builder_version=\"3.10.2\u2033 custom_padding=\"22px|0px|0|0px|false|false\" prev_background_color=\"#000000\u2033 next_background_color=\"#000000\u2033][et_pb_row custom_padding=\"0|0px|12px|0px|false|false\" _builder_version=\"3.0.48\u2033 background_size=\"3.0.48\u2033.0.48\u2033 background_size=\"initial\" background_position=\"top_left\" background_repeat=\"repeat\"][et_pb_column type=\"4_4\u2033][et_pb_text _builder_version=\"3.10.2\u2033]<\/p>\n<p><img loading=\"lazy\" decoding=\"async\" class=\"wp-image-213 alignnone size-medium\" src=\"https:\/\/plasticmoldco.com\/wp-content\/uploads\/2018\/10\/new.n-300x18.jpg\" alt=\"\" width=\"1266\" height=\"76\" srcset=\"https:\/\/www.plasticmoldco.com\/wp-content\/uploads\/2018\/10\/new.n-300x18.jpg 300w, https:\/\/www.plasticmoldco.com\/wp-content\/uploads\/2018\/10\/new.n-768x45.jpg 768w, https:\/\/www.plasticmoldco.com\/wp-content\/uploads\/2018\/10\/new.n-1024x60.jpg 1024w\" sizes=\"(max-width: 1266px) 100vw, 1266px\" \/><\/p>\n<p>[\/et_pb_text][\/et_pb_column][\/et_pb_row][\/et_pb_section][et_pb_section bb_built=\"1\u2033 disabled_on=\"on|on|\" _builder_version=\"3.10.2\u2033 custom_padding=\"0|0px|54px|0px|false|false\" prev_background_color=\"#000000\u2033 next_background_color=\"#000000\u2033][et_pb_row custom_padding=\"0|0px|0|0px|false|false\" _builder_version=\"3.0.48\u2033 background_size=\"initial\" background_position=\"top_left\" background_repeat=\"repeat\"][et_pb_column type=\"3_4\u2033][et_pb_text _builder_version=\"3.10.2\u2033 border_width_all=\"3px\" border_color_all=\"#e5e5e5\u2033 custom_margin=\"15px|-90px||-86px\" custom_padding=\"10px|10px|10px|10px\"]<\/p>\n<div id=\"titlep\">\n<div id=\"titlep\">\n<div id=\"titlep\">\n<div id=\"titlep\">\n<div>\n<h2>Molde de pl\u00e1stico<\/h2>\n<\/div>\n<\/div>\n<div id=\"mge\"><\/div>\n<p><img loading=\"lazy\" decoding=\"async\" class=\"aligncenter size-full wp-image-1058\" title=\"empresa de moldes de inyecci\u00f3n en china\" src=\"https:\/\/web.archive.org\/web\/20140901231542im_\/http:\/\/www.moldchina.org\/wp-content\/uploads\/2011\/07\/21_7_5294164-51-33-14-14-33-33.jpg\" alt=\"\" width=\"419\" height=\"543\" \/><br \/>\n1. m\u00e1s de 10 a\u00f1os en la inyecci\u00f3n de pl\u00e1stico fabricaci\u00f3n de accesorios de pl\u00e1stico<br \/>\n2. Certificado: ISO9001: 2008<br \/>\n3. Soluci\u00f3n \u00fanica<\/p>\n<p>Material pl\u00e1stico: PC\/ABS\/PMMA\/POM\/TPE\/TPU\/HDPE\/PE\/PP<br \/>\nPiezas de inyecci\u00f3n de pl\u00e1stico<br \/>\nMaterial del molde: S136, SKD61, NAK80, 718H, P20H, S-STAR(A), etc.<br \/>\nCavidad: Simple\/M\u00faltiple<br \/>\nCorredor: Fr\u00edo\/caliente<\/p>\n<p>Precisi\u00f3n del molde: Hasta 0,005 mm<br \/>\nVida \u00fatil del molde: 300, 000\/500, 000 disparos<br \/>\nPlazo de entrega: Molde 15~25d\u00edas; Piezas de pl\u00e1stico: 7~10 d\u00edas laborables en funci\u00f3n del molde de prueba.<br \/>\nM\u00e1quina principal: M\u00e1quina de moldeo por inyecci\u00f3n simple y doble<br \/>\n\u00c1mbito de actividad: Piezas de pl\u00e1stico para accesorios de autom\u00f3viles, engranajes, piezas dom\u00e9sticas, piezas electr\u00f3nicas m\u00e9dicas, productos digitales, juguetes o piezas de juguetes, etc.<br \/>\n\u00c1mbito de actividad: Dise\u00f1o y fabricaci\u00f3n de utillaje de pl\u00e1stico (inyecci\u00f3n simple\/doble y moldes m\u00faltiples), producci\u00f3n de piezas de pl\u00e1stico, pulverizaci\u00f3n, tampograf\u00eda, serigraf\u00eda, metalizado al vac\u00edo y montaje.<\/p>\n<\/div>\n<\/div>\n<\/div>\n<p>[\/et_pb_text][\/et_pb_column][et_pb_column type=\"1_4\u2033][et_pb_sidebar _builder_version=\"3.10.2\u2033 area=\"sidebar-1\u2033 custom_margin=\"15px|-94px||40px\" custom_padding=\"10px|10px|10px|10px\" border_width_all=\"2px\" border_color_all=\"#d3d3d3\u2033 \/][\/et_pb_column][\/et_pb_row][\/et_pb_section][et_pb_section bb_built=\"1\u2033 disabled_on=\"||on\" _builder_version=\"3.10.2\u2033 custom_padding=\"0|0px|54px|0px|false|false\" prev_background_color=\"#000000\u2033 next_background_color=\"#000000\u2033][et_pb_row custom_padding=\"0|0px|0|0px|false|false\" _builder_version=\"3.0.48\u2033 background_size=\"initial\" background_position=\"top_left\" background_repeat=\"repeat\"][et_pb_column type=\"4_4\u2033][et_pb_text _builder_version=\"3.10.2\u2033 border_width_all=\"3px\" border_color_all=\"#e5e5e5\u2033]<\/p>\n<div id=\"titlep\">\n<div id=\"titlep\">\n<div id=\"titlep\">\n<div>\n<h2>Molde de pl\u00e1stico<\/h2>\n<\/div>\n<\/div>\n<div id=\"mge\"><\/div>\n<p><img loading=\"lazy\" decoding=\"async\" class=\"aligncenter size-full wp-image-1058\" title=\"empresa de moldes de inyecci\u00f3n en china\" src=\"https:\/\/web.archive.org\/web\/20140901231542im_\/http:\/\/www.moldchina.org\/wp-content\/uploads\/2011\/07\/21_7_5294164-51-33-14-14-33-33.jpg\" alt=\"\" width=\"419\" height=\"543\" \/><br \/>\n1. m\u00e1s de 10 a\u00f1os en la inyecci\u00f3n de pl\u00e1stico fabricaci\u00f3n de accesorios de pl\u00e1stico<br \/>\n2. Certificado: ISO9001: 2008<br \/>\n3. Soluci\u00f3n \u00fanica<\/p>\n<p>Material pl\u00e1stico: PC\/ABS\/PMMA\/POM\/TPE\/TPU\/HDPE\/PE\/PP<br \/>\nPiezas de inyecci\u00f3n de pl\u00e1stico<br \/>\nMaterial del molde: S136, SKD61, NAK80, 718H, P20H, S-STAR(A), etc.<br \/>\nCavidad: Simple\/M\u00faltiple<br \/>\nCorredor: Fr\u00edo\/caliente<\/p>\n<p>Precisi\u00f3n del molde: Hasta 0,005 mm<br \/>\nVida \u00fatil del molde: 300, 000\/500, 000 disparos<br \/>\nPlazo de entrega: Molde 15~25d\u00edas; Piezas de pl\u00e1stico: 7~10 d\u00edas laborables en funci\u00f3n del molde de prueba.<br \/>\nM\u00e1quina principal: M\u00e1quina de moldeo por inyecci\u00f3n simple y doble<br \/>\n\u00c1mbito de actividad: Piezas de pl\u00e1stico para accesorios de autom\u00f3viles, engranajes, piezas dom\u00e9sticas, piezas electr\u00f3nicas m\u00e9dicas, productos digitales, juguetes o piezas de juguetes, etc.<br \/>\n\u00c1mbito de actividad: Dise\u00f1o y fabricaci\u00f3n de utillaje de pl\u00e1stico (inyecci\u00f3n simple\/doble y moldes m\u00faltiples), producci\u00f3n de piezas de pl\u00e1stico, pulverizaci\u00f3n, tampograf\u00eda, serigraf\u00eda, metalizado al vac\u00edo y montaje.<\/p>\n<\/div>\n<\/div>\n<p>[\/et_pb_text][et_pb_text _builder_version=\"3.10.2\u2033 text_font_size=\"13px\" header_font=\"|700|||||||\" border_width_all=\"2px\" border_color_all=\"#bcbcbc\" inline_fonts=\"Arial\"]<\/p>\n<h4><img loading=\"lazy\" decoding=\"async\" class=\"wp-image-111 alignnone\" src=\"https:\/\/plasticmoldco.com\/wp-content\/uploads\/2018\/10\/sss.png\" alt=\"\" width=\"16\" height=\"13\" \/><strong>Producto moldeado<\/strong><\/h4>\n<hr \/>\n<p>\u2192 <span style=\"font-size: medium;\"><strong><span style=\"color: #000000;\"><a style=\"color: #000000;\" href=\"https:\/\/www.plasticmoldco.com\/es\/molde\/\">MOHO<\/a><\/span><\/strong><\/span><br \/>\n<span style=\"font-size: medium;\"><strong><span style=\"color: #000000;\"> \u2192 <a style=\"color: #000000;\" href=\"https:\/\/www.plasticmoldco.com\/es\/piezas-prototipo\/\">Piezas prototipo<\/a><\/span><\/strong><\/span><br \/>\n<span style=\"font-size: medium;\"><strong><span style=\"color: #000000;\"> \u2192 <a style=\"color: #000000;\" href=\"https:\/\/www.plasticmoldco.com\/es\/pieza-de-plastico\/\">Pieza de pl\u00e1stico<\/a><\/span><\/strong><\/span><br \/>\n<span style=\"font-size: medium;\"><strong><span style=\"color: #000000;\"> \u2192 <a style=\"color: #000000;\" href=\"https:\/\/www.plasticmoldco.com\/es\/piezas-de-caucho-de-silicona\/\">piezas de silicona y caucho<\/a><\/span><\/strong><\/span><\/p>\n<p><span style=\"font-size: medium;\"><strong><span style=\"color: #000000;\">Contacte con nosotros<\/span><\/strong><\/span><\/p>\n<hr \/>\n<p><strong><span style=\"color: #000000;\">DONGGUAN SINCERE TECH CO.LTD<\/span><\/strong><br \/>\n<strong><span style=\"color: #000000;\"> DIRECCI\u00d3N DE LA F\u00c1BRICA: YUANXIA LU, YUANJIANG YUANG, CIUDAD DE CHANGPING, CIUDAD DE DONNGUAN, PROVINCIA DE GUANGDONG, CHINA 523000<\/span><\/strong><\/p>\n<p><strong><span style=\"color: #000000;\">TEL: +86 (0)769 3366 9997<\/span><\/strong><br \/>\n<strong><span style=\"color: #000000;\"> FAX: +86 (0)769 3366 9997<\/span><\/strong><\/p>\n<p><strong><span style=\"color: #000000;\">CORREO ELECTR\u00d3NICO: <a href=\"mailto:INFO@sinceretetechs.com\">INFO@sinceretetechs.com<\/a><\/span><\/strong><\/p>\n<ul>\n<li id=\"tag_cloud-3\" class=\"widget-container widget_tag_cloud\">\n<h3 class=\"widget-title\"><strong>B\u00fasqueda popular<\/strong><\/h3>\n<hr \/>\n<div class=\"tagcloud\"><strong>China Die Casting china empresa de moldes de inyeccion china fabrica de moldes de inyeccion china fabricante de moldes de inyeccion china empresa de moldes de inyeccion china fabrica de moldes china fabricante de moldes china proveedor de moldes china fabricante de moldes china proveedores de moldes china plastico mold companychina silicone china silicone rubberchina tooling maker China toolmaker in china injection mold Pl\u00e1sticos moldeados por inyecci\u00f3n Injection molding china injection molding chineseplastic injection molding molde de pl\u00e1stico china Prototype parts silicone chinasilicone rubber tool mold making china<\/strong><\/div>\n<\/li>\n<\/ul>\n<p><img decoding=\"async\" style=\"font-size: 13px; background-color: #ffffff; text-align: -webkit-center; display: block; margin-left: auto; margin-right: auto;\" src=\"https:\/\/web.archive.org\/web\/20140728234454im_\/http:\/\/www.moldchina.org\/wp-content\/themes\/9C008\/images\/iso.jpg\" \/><\/p>\n<p>[\/et_pb_text][\/et_pb_column][\/et_pb_row][\/et_pb_section][et_pb_section bb_built=\"1\u2033 disabled_on=\"on|on|\" _builder_version=\u201d3.10.2\u2033 custom_margin=\u201d-103px|||\u201d prev_background_color=\u201d#000000\u2033 next_background_color=\u201d#000000\u2033][et_pb_row _builder_version=\u201d3.0.48\u2033 background_size=\"initial\" background_position=\"top_left\" background_repeat=\"repeat\"][et_pb_column type=\"4_4\u2033][et_pb_text _builder_version=\"3.10.2\u2033 custom_margin=\"|-62px||-84px\"]<\/p>\n<p style=\"padding-left: 30px;\"><strong>China molde de inyecci\u00f3n de pl\u00e1stico, fabricante de herramientas, fabricante de moldes de China, China herramientas, China molde de pl\u00e1stico, f\u00e1brica de moldes de inyecci\u00f3n de China, fabricante de moldes de inyecci\u00f3n de pl\u00e1stico en China<\/strong><\/p>\n<p>[\/et_pb_text][et_pb_text _builder_version=\u201d3.10.2\u2033 custom_margin=\u201d-15px|-50px||-50px\u201d]<\/p>\n<p><strong><span style=\"color: #0c0c0c;\"><a href=\"https:\/\/www.plasticmoldco.com\/es\/\">Inicio\u00a0 \u00a0<\/a>|\u00a0 \u00a0<a href=\"https:\/\/www.plasticmoldco.com\/es\/about-us\/\">Qui\u00e9nes somos\u00a0<\/a> \u00a0|\u00a0 <a href=\"https:\/\/www.plasticmoldco.com\/es\/ingenieria-de-diseno\/\">Dise\u00f1o e ingenier\u00eda<\/a>\u00a0 |\u00a0 \u00a0<a href=\"https:\/\/www.plasticmoldco.com\/es\/products\/\">Productos\u00a0\u00a0\u00a0\u00a0\u00a0<\/a>|\u00a0\u00a0\u00a0\u00a0\u00a0<a href=\"https:\/\/www.plasticmoldco.com\/es\/noticias\/\">Noticias<\/a>\u00a0\u00a0\u00a0\u00a0\u00a0|\u00a0\u00a0\u00a0\u00a0\u00a0<a href=\"https:\/\/www.plasticmoldco.com\/es\/seguro-de-calidad\/\">Seguro de calidad\u00a0<\/a>\u00a0\u00a0\u00a0\u00a0|\u00a0 \u00a0 <a href=\"https:\/\/www.plasticmoldco.com\/es\/procedimiento-po\/\">Procedimiento PO<\/a>\u00a0 \u00a0 |\u00a0 \u00a0 <a href=\"https:\/\/www.plasticmoldco.com\/es\/eqipamiento\/\">Equipamiento\u00a0 \u00a0<\/a> |\u00a0 \u00a0<a href=\"https:\/\/www.plasticmoldco.com\/es\/caso-de-diseno-industrial\/\">Caso de dise\u00f1o industrial\u00a0<\/a> \u00a0 |\u00a0 \u00a0 <a href=\"https:\/\/www.plasticmoldco.com\/es\/mapa-del-sitio\/\">Mapa del sitio<\/a><\/span><\/strong><\/p>\n<p>[\/et_pb_text][et_pb_text _builder_version=\"3.10.2\u2033 custom_margin=\"-15px|||\"]<\/p>\n<p style=\"text-align: center;\"><strong>Copyright \u00a9 2011 DONGGUAN SINCER TECH CO.LTD. | China fabricante de moldes, China moldeo por inyecci\u00f3n de pl\u00e1stico, China fabricante de herramientas.<\/strong><br \/>\n<strong> N\u00famero de registro mercantil:1626173<\/strong><\/p>\n<p>[\/et_pb_text][\/et_pb_column][\/et_pb_row][\/et_pb_section][et_pb_section bb_built=\"1\u2033 disabled_on=\"||on\" _builder_version=\"3.10.2\u2033 custom_margin=\"-103px|||\" prev_background_color=\"#000000\u2033][et_pb_row _builder_version=\"3.0.48\u2033 background_size=\"initial\" background_position=\"top_left\" background_repeat=\"repeat\"][et_pb_column type=\"4_4\u2033][et_pb_text _builder_version=\"3.10.2\u2033]<\/p>\n<p style=\"padding-left: 30px;\"><strong>China molde de inyecci\u00f3n de pl\u00e1stico, fabricante de herramientas, fabricante de moldes de China, China herramientas, China molde de pl\u00e1stico, f\u00e1brica de moldes de inyecci\u00f3n de China, fabricante de moldes de inyecci\u00f3n de pl\u00e1stico en China<\/strong><\/p>\n<p>[\/et_pb_text][et_pb_text _builder_version=\u201d3.10.2\u2033]<\/p>\n<p><strong><span style=\"color: #0c0c0c;\"><a href=\"https:\/\/www.plasticmoldco.com\/es\/\">Inicio\u00a0 \u00a0<\/a>|\u00a0 \u00a0<a href=\"https:\/\/www.plasticmoldco.com\/es\/about-us\/\">Qui\u00e9nes somos\u00a0<\/a> \u00a0|\u00a0 <a href=\"https:\/\/www.plasticmoldco.com\/es\/ingenieria-de-diseno\/\">Dise\u00f1o e ingenier\u00eda<\/a>\u00a0 |\u00a0 \u00a0<a href=\"https:\/\/www.plasticmoldco.com\/es\/products\/\">Productos\u00a0\u00a0\u00a0\u00a0\u00a0<\/a>|\u00a0\u00a0\u00a0\u00a0\u00a0<a href=\"https:\/\/www.plasticmoldco.com\/es\/noticias\/\">Noticias<\/a>\u00a0\u00a0\u00a0\u00a0\u00a0|\u00a0\u00a0\u00a0\u00a0\u00a0<a href=\"https:\/\/www.plasticmoldco.com\/es\/seguro-de-calidad\/\">Seguro de calidad\u00a0<\/a>\u00a0\u00a0\u00a0\u00a0|\u00a0 \u00a0 <a href=\"https:\/\/www.plasticmoldco.com\/es\/procedimiento-po\/\">Procedimiento PO<\/a>\u00a0 \u00a0 |\u00a0 \u00a0 <a href=\"https:\/\/www.plasticmoldco.com\/es\/eqipamiento\/\">Equipamiento\u00a0 \u00a0<\/a> |\u00a0 \u00a0<a href=\"https:\/\/www.plasticmoldco.com\/es\/caso-de-diseno-industrial\/\">Caso de dise\u00f1o industrial\u00a0<\/a> \u00a0 |\u00a0 \u00a0 <a href=\"https:\/\/www.plasticmoldco.com\/es\/mapa-del-sitio\/\">Mapa del sitio<\/a><\/span><\/strong><\/p>\n<p>[\/et_pb_text][et_pb_text _builder_version=\u201d3.10.2\u2033]<\/p>\n<p style=\"text-align: center;\"><strong>Copyright \u00a9 2011 DONGGUAN SINCER TECH CO.LTD. | China fabricante de moldes, China moldeo por inyecci\u00f3n de pl\u00e1stico, China fabricante de herramientas.<\/strong><br \/>\n<strong> N\u00famero de registro mercantil:1626173<\/strong><\/p>\n<p>[\/et_pb_text][\/et_pb_column][\/et_pb_row][\/et_pb_section]<\/p>","protected":false},"excerpt":{"rendered":"<p>Molde de pl\u00e1stico 1. m\u00e1s de 10 a\u00f1os en la inyecci\u00f3n de pl\u00e1stico haciendo accesorio de pl\u00e1stico 2. Certificado: ISO9001: 2008 3. Una soluci\u00f3n de parada Material pl\u00e1stico: PC\/ABS\/PMMA\/POM\/TPE\/TPU\/HDPE\/PE\/PP Piezas de inyecci\u00f3n de pl\u00e1stico Material del molde: S136, SKD61, NAK80, 718H, P20H, S-STAR(A) y as\u00ed sucesivamente Cavidad: Simple\/M\u00faltiple Colada: Precisi\u00f3n del molde: Hasta 0,005 mm Vida \u00fatil del molde: 300.000\/500.000 disparos Plazo de entrega: Molde [...]<\/p>","protected":false},"author":1,"featured_media":0,"parent":0,"menu_order":0,"comment_status":"closed","ping_status":"closed","template":"","meta":{"_et_pb_use_builder":"on","_et_pb_old_content":"","_et_gb_content_width":"","footnotes":""},"class_list":["post-669","page","type-page","status-publish","hentry"],"yoast_head":"<!-- This site is optimized with the Yoast SEO plugin v26.4 - https:\/\/yoast.com\/wordpress\/plugins\/seo\/ -->\n<title>Plastic mold - Plastic Mold | China Mold Maker<\/title>\n<meta name=\"robots\" content=\"index, follow, max-snippet:-1, max-image-preview:large, max-video-preview:-1\" \/>\n<link rel=\"canonical\" href=\"https:\/\/www.plasticmoldco.com\/es\/molde-de-plastico-2-2\/\" \/>\n<meta property=\"og:locale\" content=\"es_ES\" \/>\n<meta property=\"og:type\" content=\"article\" \/>\n<meta property=\"og:title\" content=\"Plastic mold - Plastic Mold | China Mold Maker\" \/>\n<meta property=\"og:description\" content=\"Plastic mold 1. more than 10 years in plastic injection making plastic accessory 2. Certificate: ISO9001: 2008 3. One stop solution Plastic Material: PC\/ABS\/PMMA\/POM\/TPE\/TPU\/HDPE\/PE\/PP Plastic injection parts Mould material: S136, SKD61, NAK80, 718H, P20H, S-STAR(A) and so on Cavity: Single\/Multi Runner: Cold\/hot Mould precision: Reach 0.005mm Mould life: 300, 000\/500, 000 shots Lead time: Mold [&hellip;]\" \/>\n<meta property=\"og:url\" content=\"https:\/\/www.plasticmoldco.com\/es\/molde-de-plastico-2-2\/\" \/>\n<meta property=\"og:site_name\" content=\"Plastic Mold | China Mold Maker\" \/>\n<meta property=\"og:image\" content=\"https:\/\/plasticmoldco.com\/wp-content\/uploads\/2018\/10\/new.n-300x18.jpg\" \/>\n<meta name=\"twitter:card\" content=\"summary_large_image\" \/>\n<meta name=\"twitter:label1\" content=\"Tiempo de lectura\" \/>\n\t<meta name=\"twitter:data1\" content=\"5 minutos\" \/>\n<script type=\"application\/ld+json\" class=\"yoast-schema-graph\">{\"@context\":\"https:\/\/schema.org\",\"@graph\":[{\"@type\":\"WebPage\",\"@id\":\"https:\/\/www.plasticmoldco.com\/plastic-mold-2\/\",\"url\":\"https:\/\/www.plasticmoldco.com\/plastic-mold-2\/\",\"name\":\"Plastic mold - Plastic Mold | China Mold Maker\",\"isPartOf\":{\"@id\":\"https:\/\/www.plasticmoldco.com\/el\/#website\"},\"primaryImageOfPage\":{\"@id\":\"https:\/\/www.plasticmoldco.com\/plastic-mold-2\/#primaryimage\"},\"image\":{\"@id\":\"https:\/\/www.plasticmoldco.com\/plastic-mold-2\/#primaryimage\"},\"thumbnailUrl\":\"https:\/\/plasticmoldco.com\/wp-content\/uploads\/2018\/10\/new.n-300x18.jpg\",\"datePublished\":\"2018-10-17T14:11:22+00:00\",\"breadcrumb\":{\"@id\":\"https:\/\/www.plasticmoldco.com\/plastic-mold-2\/#breadcrumb\"},\"inLanguage\":\"es\",\"potentialAction\":[{\"@type\":\"ReadAction\",\"target\":[\"https:\/\/www.plasticmoldco.com\/plastic-mold-2\/\"]}]},{\"@type\":\"ImageObject\",\"inLanguage\":\"es\",\"@id\":\"https:\/\/www.plasticmoldco.com\/plastic-mold-2\/#primaryimage\",\"url\":\"https:\/\/plasticmoldco.com\/wp-content\/uploads\/2018\/10\/new.n-300x18.jpg\",\"contentUrl\":\"https:\/\/plasticmoldco.com\/wp-content\/uploads\/2018\/10\/new.n-300x18.jpg\"},{\"@type\":\"BreadcrumbList\",\"@id\":\"https:\/\/www.plasticmoldco.com\/plastic-mold-2\/#breadcrumb\",\"itemListElement\":[{\"@type\":\"ListItem\",\"position\":1,\"name\":\"Home\",\"item\":\"https:\/\/www.plasticmoldco.com\/\"},{\"@type\":\"ListItem\",\"position\":2,\"name\":\"Plastic mold\"}]},{\"@type\":\"WebSite\",\"@id\":\"https:\/\/www.plasticmoldco.com\/el\/#website\",\"url\":\"https:\/\/www.plasticmoldco.com\/el\/\",\"name\":\"Plastic Mold | China Mold Maker\",\"description\":\"Are you looking for injection mold china? We are plastic mold maker\",\"publisher\":{\"@id\":\"https:\/\/www.plasticmoldco.com\/el\/#organization\"},\"potentialAction\":[{\"@type\":\"SearchAction\",\"target\":{\"@type\":\"EntryPoint\",\"urlTemplate\":\"https:\/\/www.plasticmoldco.com\/el\/?s={search_term_string}\"},\"query-input\":{\"@type\":\"PropertyValueSpecification\",\"valueRequired\":true,\"valueName\":\"search_term_string\"}}],\"inLanguage\":\"es\"},{\"@type\":\"Organization\",\"@id\":\"https:\/\/www.plasticmoldco.com\/el\/#organization\",\"name\":\"Plastic Mold | China Mold Maker\",\"url\":\"https:\/\/www.plasticmoldco.com\/el\/\",\"logo\":{\"@type\":\"ImageObject\",\"inLanguage\":\"es\",\"@id\":\"https:\/\/www.plasticmoldco.com\/el\/#\/schema\/logo\/image\/\",\"url\":\"https:\/\/plasticmoldco.com\/wp-content\/uploads\/2018\/10\/nlogon.png\",\"contentUrl\":\"https:\/\/plasticmoldco.com\/wp-content\/uploads\/2018\/10\/nlogon.png\",\"width\":204,\"height\":54,\"caption\":\"Plastic Mold | China Mold Maker\"},\"image\":{\"@id\":\"https:\/\/www.plasticmoldco.com\/el\/#\/schema\/logo\/image\/\"}}]}<\/script>\n<!-- \/ Yoast SEO plugin. -->","yoast_head_json":{"title":"Molde de pl\u00e1stico - Molde de pl\u00e1stico | China Mold Maker","robots":{"index":"index","follow":"follow","max-snippet":"max-snippet:-1","max-image-preview":"max-image-preview:large","max-video-preview":"max-video-preview:-1"},"canonical":"https:\/\/www.plasticmoldco.com\/es\/molde-de-plastico-2-2\/","og_locale":"es_ES","og_type":"article","og_title":"Plastic mold - Plastic Mold | China Mold Maker","og_description":"Plastic mold 1. more than 10 years in plastic injection making plastic accessory 2. Certificate: ISO9001: 2008 3. One stop solution Plastic Material: PC\/ABS\/PMMA\/POM\/TPE\/TPU\/HDPE\/PE\/PP Plastic injection parts Mould material: S136, SKD61, NAK80, 718H, P20H, S-STAR(A) and so on Cavity: Single\/Multi Runner: Cold\/hot Mould precision: Reach 0.005mm Mould life: 300, 000\/500, 000 shots Lead time: Mold [&hellip;]","og_url":"https:\/\/www.plasticmoldco.com\/es\/molde-de-plastico-2-2\/","og_site_name":"Plastic Mold | China Mold Maker","og_image":[{"url":"https:\/\/plasticmoldco.com\/wp-content\/uploads\/2018\/10\/new.n-300x18.jpg","type":"","width":"","height":""}],"twitter_card":"summary_large_image","twitter_misc":{"Tiempo de lectura":"5 minutos"},"schema":{"@context":"https:\/\/schema.org","@graph":[{"@type":"WebPage","@id":"https:\/\/www.plasticmoldco.com\/plastic-mold-2\/","url":"https:\/\/www.plasticmoldco.com\/plastic-mold-2\/","name":"Molde de pl\u00e1stico - Molde de pl\u00e1stico | China Mold Maker","isPartOf":{"@id":"https:\/\/www.plasticmoldco.com\/el\/#website"},"primaryImageOfPage":{"@id":"https:\/\/www.plasticmoldco.com\/plastic-mold-2\/#primaryimage"},"image":{"@id":"https:\/\/www.plasticmoldco.com\/plastic-mold-2\/#primaryimage"},"thumbnailUrl":"https:\/\/plasticmoldco.com\/wp-content\/uploads\/2018\/10\/new.n-300x18.jpg","datePublished":"2018-10-17T14:11:22+00:00","breadcrumb":{"@id":"https:\/\/www.plasticmoldco.com\/plastic-mold-2\/#breadcrumb"},"inLanguage":"es","potentialAction":[{"@type":"ReadAction","target":["https:\/\/www.plasticmoldco.com\/plastic-mold-2\/"]}]},{"@type":"ImageObject","inLanguage":"es","@id":"https:\/\/www.plasticmoldco.com\/plastic-mold-2\/#primaryimage","url":"https:\/\/plasticmoldco.com\/wp-content\/uploads\/2018\/10\/new.n-300x18.jpg","contentUrl":"https:\/\/plasticmoldco.com\/wp-content\/uploads\/2018\/10\/new.n-300x18.jpg"},{"@type":"BreadcrumbList","@id":"https:\/\/www.plasticmoldco.com\/plastic-mold-2\/#breadcrumb","itemListElement":[{"@type":"ListItem","position":1,"name":"Home","item":"https:\/\/www.plasticmoldco.com\/"},{"@type":"ListItem","position":2,"name":"Plastic mold"}]},{"@type":"WebSite","@id":"https:\/\/www.plasticmoldco.com\/el\/#website","url":"https:\/\/www.plasticmoldco.com\/el\/","name":"Moldes de pl\u00e1stico | China Mold Maker","description":"\u00bfBusca moldes de inyecci\u00f3n en China? Somos fabricantes de moldes de pl\u00e1stico","publisher":{"@id":"https:\/\/www.plasticmoldco.com\/el\/#organization"},"potentialAction":[{"@type":"SearchAction","target":{"@type":"EntryPoint","urlTemplate":"https:\/\/www.plasticmoldco.com\/el\/?s={search_term_string}"},"query-input":{"@type":"PropertyValueSpecification","valueRequired":true,"valueName":"search_term_string"}}],"inLanguage":"es"},{"@type":"Organization","@id":"https:\/\/www.plasticmoldco.com\/el\/#organization","name":"Moldes de pl\u00e1stico | China Mold Maker","url":"https:\/\/www.plasticmoldco.com\/el\/","logo":{"@type":"ImageObject","inLanguage":"es","@id":"https:\/\/www.plasticmoldco.com\/el\/#\/schema\/logo\/image\/","url":"https:\/\/plasticmoldco.com\/wp-content\/uploads\/2018\/10\/nlogon.png","contentUrl":"https:\/\/plasticmoldco.com\/wp-content\/uploads\/2018\/10\/nlogon.png","width":204,"height":54,"caption":"Plastic Mold | China Mold Maker"},"image":{"@id":"https:\/\/www.plasticmoldco.com\/el\/#\/schema\/logo\/image\/"}}]}},"_links":{"self":[{"href":"https:\/\/www.plasticmoldco.com\/es\/wp-json\/wp\/v2\/pages\/669","targetHints":{"allow":["GET"]}}],"collection":[{"href":"https:\/\/www.plasticmoldco.com\/es\/wp-json\/wp\/v2\/pages"}],"about":[{"href":"https:\/\/www.plasticmoldco.com\/es\/wp-json\/wp\/v2\/types\/page"}],"author":[{"embeddable":true,"href":"https:\/\/www.plasticmoldco.com\/es\/wp-json\/wp\/v2\/users\/1"}],"replies":[{"embeddable":true,"href":"https:\/\/www.plasticmoldco.com\/es\/wp-json\/wp\/v2\/comments?post=669"}],"version-history":[{"count":0,"href":"https:\/\/www.plasticmoldco.com\/es\/wp-json\/wp\/v2\/pages\/669\/revisions"}],"wp:attachment":[{"href":"https:\/\/www.plasticmoldco.com\/es\/wp-json\/wp\/v2\/media?parent=669"}],"curies":[{"name":"wp","href":"https:\/\/api.w.org\/{rel}","templated":true}]}}