{"id":45,"date":"2018-10-14T17:05:55","date_gmt":"2018-10-14T09:05:55","guid":{"rendered":"https:\/\/plasticmoldco.com\/?page_id=45"},"modified":"2018-10-18T18:24:24","modified_gmt":"2018-10-18T10:24:24","slug":"eqipment","status":"publish","type":"page","link":"https:\/\/www.plasticmoldco.com\/es\/eqipamiento\/","title":{"rendered":"Equipamiento"},"content":{"rendered":"<p>[et_pb_section bb_built=\u201d1\u2033 disabled_on=\u201don|on|\u201d _builder_version=\u201d3.10.2\u2033 custom_padding=\u201d0|0px|0|0px|false|false\u201d next_background_color=\u201d#000000\u2033][et_pb_row custom_padding=\u201d19px|0px|0|0px|false|false\u201d _builder_version=\u201d3.0.48\u2033 background_size=\u201dinitial\u201d background_position=\u201dtop_left\u201d background_repeat=\u201drepeat\u201d][et_pb_column type=\u201d4_4\u2033][et_pb_text _builder_version=\u201d3.10.2\u2033 custom_margin=\u201d0px|-120px|16px|-100px\u201d]<\/p>\n<p><img loading=\"lazy\" decoding=\"async\" class=\"wp-image-213 alignnone size-medium\" src=\"https:\/\/plasticmoldco.com\/wp-content\/uploads\/2018\/10\/new.n-300x18.jpg\" alt=\"\" width=\"1266\" height=\"76\" srcset=\"https:\/\/www.plasticmoldco.com\/wp-content\/uploads\/2018\/10\/new.n-300x18.jpg 300w, https:\/\/www.plasticmoldco.com\/wp-content\/uploads\/2018\/10\/new.n-768x45.jpg 768w, https:\/\/www.plasticmoldco.com\/wp-content\/uploads\/2018\/10\/new.n-1024x60.jpg 1024w\" sizes=\"(max-width: 1266px) 100vw, 1266px\" \/><\/p>\n<p>[\/et_pb_text][\/et_pb_column][\/et_pb_row][\/et_pb_section][et_pb_section bb_built=\u201d1\u2033 disabled_on=\u201d||on\u201d _builder_version=\u201d3.10.2\u2033 custom_padding=\u201d18px|0px|0|0px|false|false\u201d prev_background_color=\u201d#000000\u2033 next_background_color=\u201d#000000\u2033][et_pb_row custom_padding=\u201d0|0px|17px|0px|false|false\u201d _builder_version=\u201d3.0.48\u2033 background_size=\u201d3.0.48\u2033.0.48\u2033 background_size=\u201dinitial\u201d background_position=\u201dtop_left\u201d background_repeat=\u201drepeat\u201d][et_pb_column type=\u201d4_4\u2033][et_pb_text _builder_version=\"3.10.2\u2033]<\/p>\n<p><img loading=\"lazy\" decoding=\"async\" class=\"wp-image-213 alignnone size-medium\" src=\"https:\/\/plasticmoldco.com\/wp-content\/uploads\/2018\/10\/new.n-300x18.jpg\" alt=\"\" width=\"1266\" height=\"76\" srcset=\"https:\/\/www.plasticmoldco.com\/wp-content\/uploads\/2018\/10\/new.n-300x18.jpg 300w, https:\/\/www.plasticmoldco.com\/wp-content\/uploads\/2018\/10\/new.n-768x45.jpg 768w, https:\/\/www.plasticmoldco.com\/wp-content\/uploads\/2018\/10\/new.n-1024x60.jpg 1024w\" sizes=\"(max-width: 1266px) 100vw, 1266px\" \/><\/p>\n<p>[\/et_pb_text][\/et_pb_column][\/et_pb_row][\/et_pb_section][et_pb_section bb_built=\u201d1\u2033 disabled_on=\u201don|on|\u201d _builder_version=\u201d3.10.2\u2033 custom_padding=\u201d0|0px|54px|0px|false|false\u201d prev_background_color=\u201d#000000\u2033 next_background_color=\u201d#000000\u2033][et_pb_row custom_padding=\u201d0|0px|0|0px|false|false\u201d _builder_version=\u201d3.0.48\u2033 background_size=\u201dinitial\u201d background_position=\u201dtop_left\u201d background_repeat=\u201drepeat\u201d][et_pb_column type=\u201d1_4\u2033][et_pb_blurb title=\u201dmicr\u00f3metro\u201d image=\u201dhttps:\/\/plasticmoldco.com\/wp-content\/uploads\/2018\/10\/1-1.jpg\u201d _builder_version=\u201d3.10.2\u2033 header_text_align=\u201dcenter\u201d border_width_all=\u201d2px\u201d border_color_all=\u201d#b2b2b2\u2033 custom_margin=\u201d15px|19px||-74px\u201d custom_padding=\u201d16px|||\u201d image_max_width=\u201d78%\u201d url=\u201dhttps:\/\/plasticmoldco.com\/micrometer\/\u201d]<br \/>\n[\/et_pb_blurb][et_pb_blurb title=\u201dMMC\u201d url=\u201dhttps:\/\/plasticmoldco.com\/cmm\/\u201d image=\u201dhttps:\/\/plasticmoldco.com\/wp-content\/uploads\/2018\/10\/4-1.jpg\u201d _builder_version=\u201d3.10.2\u2033 header_text_align=\u201dcenter\u201d border_width_all=\u201d2px\u201d border_color_all=\u201d#b2b2b2\u2033 custom_margin=\u201d15px|19px||-74px\u201d custom_padding=\u201d16px|||\u201d image_max_width=\u201d89%\u201d]<br \/>\n[\/et_pb_blurb][et_pb_blurb title=\u201dCNC de alta velocidad\u201d url=\u201dhttps:\/\/plasticmoldco.com\/highspeed-cnc\/\u201d image=\u201dhttps:\/\/plasticmoldco.com\/wp-content\/uploads\/2018\/10\/7.jpg\u201d _builder_version=\u201d3.10.2\u2033 header_text_align=\u201dcenter\u201d border_width_all=\u201d2px\u201d border_color_all=\u201d#b2b2b2\u2033 custom_margin=\u201d15px|19px||-74px\u201d custom_padding=\u201d16px|||\u201d image_max_width=\u201d95%\u201d]<br \/>\n[\/et_pb_blurb][\/et_pb_column][et_pb_column type=\u201d1_4\u2033][et_pb_blurb title=\u201dCalibradores digitales\u201d url=\u201dhttps:\/\/plasticmoldco.com\/digital-callipers\/\u201d image=\u201dhttps:\/\/plasticmoldco.com\/wp-content\/uploads\/2018\/10\/2-1.jpg\u201d _builder_version=\u201d3.10.2\u2033 header_text_align=\u201dcenter\u201d border_width_all=\u201d2px\u201d border_color_all=\u201d#b2b2b2\u2033 custom_margin=\u201d15px|-7px||-47px\u201d custom_padding=\u201d16px|||\u201d image_max_width=\u201d95%\u201d]<br \/>\n[\/et_pb_blurb][et_pb_blurb title=\u201dCorte de alambre\u201d url=\u201dhttps:\/\/plasticmoldco.com\/wire-cut\/\u201d image=\u201dhttps:\/\/plasticmoldco.com\/wp-content\/uploads\/2018\/10\/5.jpg\u201d _builder_version=\u201d3.10.2\u2033 header_text_align=\u201dcenter\u201d border_width_all=\u201d2px\u201d border_color_all=\u201d#b2b2b2\u2033 custom_margin=\u201d15px|-7px||-47px\u201d custom_padding=\u201d16px|||\u201d image_max_width=\u201d95%\u201d]<br \/>\n[\/et_pb_blurb][et_pb_blurb title=\u201dTaller de inyecci\u00f3n\u201d url=\u201dhttps:\/\/plasticmoldco.com\/injection-workshop\/\u201d image=\u201dhttps:\/\/plasticmoldco.com\/wp-content\/uploads\/2018\/10\/8.jpg\u201d _builder_version=\u201d3.10.2\u2033 header_text_align=\u201dcenter\u201d border_width_all=\u201d2px\u201d border_color_all=\u201d#b2b2b2\u2033 custom_margin=\u201d15px|-7px||-47px\u201d custom_padding=\u201d16px|||\u201d image_max_width=\u201d93%\u201d]<br \/>\n[\/et_pb_blurb][\/et_pb_column][et_pb_column type=\u201d1_4\u2033][et_pb_blurb title=\u201dProyecto Mchine\u201d url=\u201dhttps:\/\/plasticmoldco.com\/project-mchine\/\u201d image=\u201dhttps:\/\/plasticmoldco.com\/wp-content\/uploads\/2018\/10\/3-1.jpg\u201d _builder_version=\u201d3.10.2\u2033 header_text_align=\u201dcenter\u201d border_width_all=\u201d2px\u201d border_color_all=\u201d#b2b2b2\u2033 custom_margin=\u201d15px|-33px||-21px\u201d custom_padding=\u201d16px|||\u201d image_max_width=\u201d85%\u201d]<br \/>\n[\/et_pb_blurb][et_pb_blurb title=\u201dM\u00e1quina de electroerosi\u00f3n\u201d url=\u201dhttps:\/\/plasticmoldco.com\/edm-machine\/\u201d image=\u201dhttps:\/\/plasticmoldco.com\/wp-content\/uploads\/2018\/10\/6.jpg\u201d _builder_version=\u201d3.10.2\u2033 header_text_align=\u201dcenter\u201d border_width_all=\u201d2px\u201d border_color_all=\u201d#b2b2b2\u2033 custom_margin=\u201d15px|-33px||-21px\u201d custom_padding=\u201d16px|||\u201d image_max_width=\u201d90%\u201d]<br \/>\n[\/et_pb_blurb][\/et_pb_column][et_pb_column type=\u201d1_4\u2033][et_pb_sidebar _builder_version=\u201d3.10.2\u2033 area=\u201dsidebar-1\u2033 custom_margin=\u201d15px|-94px||40px\u201d custom_padding=\u201d10px|10px|10px|10px\u201d border_width_all=\u201d2px\u201d border_color_all=\u201d#d3d3d3\u2033 \/][\/et_pb_column][\/et_pb_row][\/et_pb_section][et_pb_section bb_built=\u201d1\u2033 disabled_on=\u201d||on\u201d _builder_version=\u201d3.10.2\u2033 custom_padding=\u201d0|0px|54px|0px|false|false\u201d prev_background_color=\u201d#000000\u2033 next_background_color=\u201d#000000\u2033][et_pb_row custom_padding=\u201d0|0px|0|0px|false|false\u201d _builder_version=\u201d3.0.48\u2033 background_size=\u201d3.0.48\u2033.0.48\u2033 background_size=\u201dinitial\u201d background_position=\u201dtop_left\u201d background_repeat=\u201drepeat\u201d][et_pb_column type=\u201d4_4\u2033][et_pb_blurb title=\u201dmicr\u00f3metro\u201d image=\u201dhttps:\/\/plasticmoldco.com\/wp-content\/uploads\/2018\/10\/1-1.jpg\u201d _builder_version=\u201d3.10.2\u2033 header_text_align=\u201dcenter\u201d border_width_all=\u201d2px\u201d border_color_all=\u201d#b2b2b2\u2033 custom_padding=\u201d16px|||\"]<br \/>\n[\/et_pb_blurb][et_pb_blurb title=\u201dCalibradores digitales\u201d url=\u201dhttps:\/\/plasticmoldco.com\/digital-callipers\/\u201d image=\u201dhttps:\/\/plasticmoldco.com\/wp-content\/uploads\/2018\/10\/2-1.jpg\u201d _builder_version=\u201d3.10.2\u2033 header_text_align=\u201dcenter\u201d border_width_all=\u201d2px\u201d border_color_all=\u201d#b2b2b2\u2033 custom_padding=\u201d16px|||\u201d]<br \/>\n[\/et_pb_blurb][et_pb_blurb title=\u201dProyecto Mchine\u201d url=\u201dhttps:\/\/plasticmoldco.com\/project-mchine\/\u201d image=\u201dhttps:\/\/plasticmoldco.com\/wp-content\/uploads\/2018\/10\/3-1.jpg\u201d _builder_version=\u201d3.10.2\u2033 header_text_align=\u201dcenter\u201d border_width_all=\u201d2px\u201d border_color_all=\u201d#b2b2b2\u2033 custom_padding=\u201d16px|||\u201d]<br \/>\n[\/et_pb_blurb][et_pb_blurb title=\u201dMMC\u201d url=\u201dhttps:\/\/plasticmoldco.com\/cmm\/\u201d image=\u201dhttps:\/\/plasticmoldco.com\/wp-content\/uploads\/2018\/10\/4-1.jpg\u201d _builder_version=\u201d3.10.2\u2033 header_text_align=\u201dcenter\u201d border_width_all=\u201d2px\u201d border_color_all=\u201d#b2b2b2\u2033 custom_padding=\u201d16px|||\u201d]<br \/>\n[\/et_pb_blurb][et_pb_blurb title=\u201dCorte de alambre\u201d url=\u201dhttps:\/\/plasticmoldco.com\/wire-cut\/\u201d image=\u201dhttps:\/\/plasticmoldco.com\/wp-content\/uploads\/2018\/10\/5.jpg\u201d _builder_version=\u201d3.10.2\u2033 header_text_align=\u201dcenter\u201d border_width_all=\u201d2px\u201d border_color_all=\u201d#b2b2b2\u2033 custom_padding=\u201d16px|||\u201d]<br \/>\n[\/et_pb_blurb][et_pb_blurb title=\u201dM\u00e1quina de electroerosi\u00f3n\u201d url=\u201dhttps:\/\/plasticmoldco.com\/edm-machine\/\u201d image=\u201dhttps:\/\/plasticmoldco.com\/wp-content\/uploads\/2018\/10\/6.jpg\u201d _builder_version=\u201d3.10.2\u2033 header_text_align=\u201dcenter\u201d border_width_all=\u201d2px\u201d border_color_all=\u201d#b2b2b2\u2033 custom_padding=\u201d16px|||\u201d]<br \/>\n[\/et_pb_blurb][et_pb_blurb title=\u201dCNC de alta velocidad\u201d url=\u201dhttps:\/\/plasticmoldco.com\/highspeed-cnc\/\u201d image=\u201dhttps:\/\/plasticmoldco.com\/wp-content\/uploads\/2018\/10\/7.jpg\u201d _builder_version=\u201d3.10.2\u2033 header_text_align=\u201dcenter\u201d border_width_all=\u201d2px\u201d border_color_all=\u201d#b2b2b2\u2033 custom_padding=\u201d16px|||\u201d]<br \/>\n[\/et_pb_blurb][et_pb_blurb title=\u201dTaller de inyecci\u00f3n\u201d url=\u201dhttps:\/\/plasticmoldco.com\/injection-workshop\/\u201d image=\u201dhttps:\/\/plasticmoldco.com\/wp-content\/uploads\/2018\/10\/8.jpg\u201d _builder_version=\u201d3.10.2\u2033 header_text_align=\u201dcenter\u201d border_width_all=\u201d2px\u201d border_color_all=\u201d#b2b2b2\u2033 custom_padding=\u201d16px|||\u201d]<br \/>\n[\/et_pb_blurb][et_pb_sidebar _builder_version=\u201d3.10.2\u2033 area=\u201dsidebar-1\u2033 custom_padding=\u201d10px||10px|10px\u201d border_width_all=\u201d2px\u201d border_color_all=\u201d#d3d3d3\u2033 custom_margin=\u201d|-250px||\u201d \/][\/et_pb_column][\/et_pb_row][\/et_pb_section][et_pb_section bb_built=\u201d1\u2033 disabled_on=\u201don|on|\u201d _builder_version=\u201d3.10.2\u2033 custom_margin=\u201d-103px|||\u201d prev_background_color=\u201d#000000\u2033 next_background_color=\u201d#000000\u2033][et_pb_row _builder_version=\u201d3.0.48\u2033 background_size=\u201dinitial\u201d background_position=\u201dtop_left\u201d background_repeat=\u201drepeat\u201d][et_pb_column type=\u201d4_4\u2033][et_pb_text _builder_version=\u201d3.10.2\u2033 custom_margin=\u201d|-62px||-84px\u201d]<\/p>\n<p style=\"padding-left: 30px;\"><strong>China molde de inyecci\u00f3n de pl\u00e1stico, fabricante de herramientas, fabricante de moldes de China, China herramientas, China molde de pl\u00e1stico, f\u00e1brica de moldes de inyecci\u00f3n de China, fabricante de moldes de inyecci\u00f3n de pl\u00e1stico en China<\/strong><\/p>\n<p>[\/et_pb_text][et_pb_text _builder_version=\u201d3.10.2\u2033 custom_margin=\u201d-15px|-50px||-50px\u201d]<\/p>\n<p><strong><span style=\"color: #0c0c0c;\"><a href=\"https:\/\/www.plasticmoldco.com\/es\/\">Inicio\u00a0 \u00a0<\/a>|\u00a0 \u00a0<a href=\"https:\/\/www.plasticmoldco.com\/es\/about-us\/\">Qui\u00e9nes somos\u00a0<\/a> \u00a0|\u00a0 <a href=\"https:\/\/www.plasticmoldco.com\/es\/ingenieria-de-diseno\/\">Dise\u00f1o e ingenier\u00eda<\/a>\u00a0 |\u00a0 \u00a0<a href=\"https:\/\/www.plasticmoldco.com\/es\/products\/\">Productos\u00a0\u00a0\u00a0\u00a0\u00a0<\/a>|\u00a0\u00a0\u00a0\u00a0\u00a0<a href=\"https:\/\/www.plasticmoldco.com\/es\/noticias\/\">Noticias<\/a>\u00a0\u00a0\u00a0\u00a0\u00a0|\u00a0\u00a0\u00a0\u00a0\u00a0<a href=\"https:\/\/www.plasticmoldco.com\/es\/seguro-de-calidad\/\">Seguro de calidad\u00a0<\/a>\u00a0\u00a0\u00a0\u00a0|\u00a0 \u00a0 <a href=\"https:\/\/www.plasticmoldco.com\/es\/procedimiento-po\/\">Procedimiento PO<\/a>\u00a0 \u00a0 |\u00a0 \u00a0 <a href=\"https:\/\/www.plasticmoldco.com\/es\/eqipamiento\/\">Equipamiento\u00a0 \u00a0<\/a> |\u00a0 \u00a0<a href=\"https:\/\/www.plasticmoldco.com\/es\/caso-de-diseno-industrial\/\">Caso de dise\u00f1o industrial\u00a0<\/a> \u00a0 |\u00a0 \u00a0 <a href=\"https:\/\/www.plasticmoldco.com\/es\/mapa-del-sitio\/\">Mapa del sitio<\/a><\/span><\/strong><\/p>\n<p>[\/et_pb_text][et_pb_text _builder_version=\"3.10.2\u2033 custom_margin=\"-15px|||\"]<\/p>\n<p style=\"text-align: center;\"><strong>Copyright \u00a9 2011 DONGGUAN SINCER TECH CO.LTD. | China fabricante de moldes, China moldeo por inyecci\u00f3n de pl\u00e1stico, China fabricante de herramientas.<\/strong><br \/>\n<strong> N\u00famero de registro mercantil:1626173<\/strong><\/p>\n<p>[\/et_pb_text][\/et_pb_column][\/et_pb_row][\/et_pb_section][et_pb_section bb_built=\"1\u2033 disabled_on=\"||on\" _builder_version=\"3.10.2\u2033 custom_margin=\"-103px|||\" prev_background_color=\"#000000\u2033][et_pb_row _builder_version=\"3.0.48\u2033 background_size=\"initial\" background_position=\"top_left\" background_repeat=\"repeat\"][et_pb_column type=\"4_4\u2033][et_pb_text _builder_version=\"3.10.2\u2033]<\/p>\n<p style=\"padding-left: 30px;\"><strong>China molde de inyecci\u00f3n de pl\u00e1stico, fabricante de herramientas, fabricante de moldes de China, China herramientas, China molde de pl\u00e1stico, f\u00e1brica de moldes de inyecci\u00f3n de China, fabricante de moldes de inyecci\u00f3n de pl\u00e1stico en China<\/strong><\/p>\n<p>[\/et_pb_text][et_pb_text _builder_version=\u201d3.10.2\u2033]<\/p>\n<p><strong><span style=\"color: #0c0c0c;\"><a href=\"https:\/\/www.plasticmoldco.com\/es\/\">Inicio\u00a0 \u00a0<\/a>|\u00a0 \u00a0<a href=\"https:\/\/www.plasticmoldco.com\/es\/about-us\/\">Qui\u00e9nes somos\u00a0<\/a> \u00a0|\u00a0 <a href=\"https:\/\/www.plasticmoldco.com\/es\/ingenieria-de-diseno\/\">Dise\u00f1o e ingenier\u00eda<\/a>\u00a0 |\u00a0 \u00a0<a href=\"https:\/\/www.plasticmoldco.com\/es\/products\/\">Productos\u00a0\u00a0\u00a0\u00a0\u00a0<\/a>|\u00a0\u00a0\u00a0\u00a0\u00a0<a href=\"https:\/\/www.plasticmoldco.com\/es\/noticias\/\">Noticias<\/a>\u00a0\u00a0\u00a0\u00a0\u00a0|\u00a0\u00a0\u00a0\u00a0\u00a0<a href=\"https:\/\/www.plasticmoldco.com\/es\/seguro-de-calidad\/\">Seguro de calidad\u00a0<\/a>\u00a0\u00a0\u00a0\u00a0|\u00a0 \u00a0 <a href=\"https:\/\/www.plasticmoldco.com\/es\/procedimiento-po\/\">Procedimiento PO<\/a>\u00a0 \u00a0 |\u00a0 \u00a0 <a href=\"https:\/\/www.plasticmoldco.com\/es\/eqipamiento\/\">Equipamiento\u00a0 \u00a0<\/a> |\u00a0 \u00a0<a href=\"https:\/\/www.plasticmoldco.com\/es\/caso-de-diseno-industrial\/\">Caso de dise\u00f1o industrial\u00a0<\/a> \u00a0 |\u00a0 \u00a0 <a href=\"https:\/\/www.plasticmoldco.com\/es\/mapa-del-sitio\/\">Mapa del sitio<\/a><\/span><\/strong><\/p>\n<p>[\/et_pb_text][et_pb_text _builder_version=\u201d3.10.2\u2033]<\/p>\n<p style=\"text-align: center;\"><strong>Copyright \u00a9 2011 DONGGUAN SINCER TECH CO.LTD. | China fabricante de moldes, China moldeo por inyecci\u00f3n de pl\u00e1stico, China fabricante de herramientas.<\/strong><br \/>\n<strong> N\u00famero de registro mercantil:1626173<\/strong><\/p>\n<p>[\/et_pb_text][\/et_pb_column][\/et_pb_row][\/et_pb_section]<\/p>","protected":false},"excerpt":{"rendered":"<p>China molde de inyecci\u00f3n de pl\u00e1stico, fabricante de herramientas, fabricante de moldes de China, China herramientas, China molde de pl\u00e1stico, f\u00e1brica de moldes de inyecci\u00f3n de China, fabricante de moldes de inyecci\u00f3n de pl\u00e1stico en China Inicio | Acerca de nosotros | Dise\u00f1o e Ingenier\u00eda | Productos | Noticias | Seguro de Calidad | PO Procedimiento | Equipos | Dise\u00f1o Industrial Caso | Mapa del sitio Copyright \u00a9 2011 DONGGUAN SINCER [...]<\/p>","protected":false},"author":1,"featured_media":0,"parent":0,"menu_order":0,"comment_status":"closed","ping_status":"closed","template":"","meta":{"_et_pb_use_builder":"on","_et_pb_old_content":"","_et_gb_content_width":"","footnotes":""},"class_list":["post-45","page","type-page","status-publish","hentry"],"yoast_head":"<!-- This site is optimized with the Yoast SEO plugin v26.4 - https:\/\/yoast.com\/wordpress\/plugins\/seo\/ -->\n<title>Equipment - Plastic Mold | China Mold Maker<\/title>\n<meta name=\"robots\" content=\"index, follow, max-snippet:-1, max-image-preview:large, max-video-preview:-1\" \/>\n<link rel=\"canonical\" href=\"https:\/\/www.plasticmoldco.com\/es\/ausrustung\/\" \/>\n<meta property=\"og:locale\" content=\"es_ES\" \/>\n<meta property=\"og:type\" content=\"article\" \/>\n<meta property=\"og:title\" content=\"Equipment - Plastic Mold | China Mold Maker\" \/>\n<meta property=\"og:description\" content=\"China plastic injection mold, toolmaker, China mould maker, China tooling, Plastic mould china, China injection mold factory, plastic injection mold manufacturer in china Home\u00a0 \u00a0|\u00a0 \u00a0About Us\u00a0 \u00a0|\u00a0 Design &amp; Engineering\u00a0 |\u00a0 \u00a0Products\u00a0\u00a0\u00a0\u00a0\u00a0|\u00a0\u00a0\u00a0\u00a0\u00a0News\u00a0\u00a0\u00a0\u00a0\u00a0|\u00a0\u00a0\u00a0\u00a0\u00a0Quality Insurance\u00a0\u00a0\u00a0\u00a0\u00a0|\u00a0 \u00a0 PO Procedure\u00a0 \u00a0 |\u00a0 \u00a0 Equipment\u00a0 \u00a0 |\u00a0 \u00a0Industrial Design Case\u00a0 \u00a0 |\u00a0 \u00a0 Sitemap Copyright \u00a9 2011 DONGGUAN SINCER [&hellip;]\" \/>\n<meta property=\"og:url\" content=\"https:\/\/www.plasticmoldco.com\/es\/ausrustung\/\" \/>\n<meta property=\"og:site_name\" content=\"Plastic Mold | China Mold Maker\" \/>\n<meta property=\"article:modified_time\" content=\"2018-10-18T10:24:24+00:00\" \/>\n<meta property=\"og:image\" content=\"https:\/\/plasticmoldco.com\/wp-content\/uploads\/2018\/10\/new.n-300x18.jpg\" \/>\n<meta name=\"twitter:card\" content=\"summary_large_image\" \/>\n<meta name=\"twitter:label1\" content=\"Tiempo de lectura\" \/>\n\t<meta name=\"twitter:data1\" content=\"7 minutos\" \/>\n<script type=\"application\/ld+json\" class=\"yoast-schema-graph\">{\"@context\":\"https:\/\/schema.org\",\"@graph\":[{\"@type\":\"WebPage\",\"@id\":\"https:\/\/www.plasticmoldco.com\/de\/ausrustung\/\",\"url\":\"https:\/\/www.plasticmoldco.com\/de\/ausrustung\/\",\"name\":\"Equipment - Plastic Mold | China Mold Maker\",\"isPartOf\":{\"@id\":\"https:\/\/www.plasticmoldco.com\/el\/#website\"},\"primaryImageOfPage\":{\"@id\":\"https:\/\/www.plasticmoldco.com\/de\/ausrustung\/#primaryimage\"},\"image\":{\"@id\":\"https:\/\/www.plasticmoldco.com\/de\/ausrustung\/#primaryimage\"},\"thumbnailUrl\":\"https:\/\/plasticmoldco.com\/wp-content\/uploads\/2018\/10\/new.n-300x18.jpg\",\"datePublished\":\"2018-10-14T09:05:55+00:00\",\"dateModified\":\"2018-10-18T10:24:24+00:00\",\"breadcrumb\":{\"@id\":\"https:\/\/www.plasticmoldco.com\/de\/ausrustung\/#breadcrumb\"},\"inLanguage\":\"es\",\"potentialAction\":[{\"@type\":\"ReadAction\",\"target\":[\"https:\/\/www.plasticmoldco.com\/de\/ausrustung\/\"]}]},{\"@type\":\"ImageObject\",\"inLanguage\":\"es\",\"@id\":\"https:\/\/www.plasticmoldco.com\/de\/ausrustung\/#primaryimage\",\"url\":\"https:\/\/plasticmoldco.com\/wp-content\/uploads\/2018\/10\/new.n-300x18.jpg\",\"contentUrl\":\"https:\/\/plasticmoldco.com\/wp-content\/uploads\/2018\/10\/new.n-300x18.jpg\"},{\"@type\":\"BreadcrumbList\",\"@id\":\"https:\/\/www.plasticmoldco.com\/de\/ausrustung\/#breadcrumb\",\"itemListElement\":[{\"@type\":\"ListItem\",\"position\":1,\"name\":\"Home\",\"item\":\"https:\/\/www.plasticmoldco.com\/\"},{\"@type\":\"ListItem\",\"position\":2,\"name\":\"Equipment\"}]},{\"@type\":\"WebSite\",\"@id\":\"https:\/\/www.plasticmoldco.com\/el\/#website\",\"url\":\"https:\/\/www.plasticmoldco.com\/el\/\",\"name\":\"Plastic Mold | China Mold Maker\",\"description\":\"Are you looking for injection mold china? We are plastic mold maker\",\"publisher\":{\"@id\":\"https:\/\/www.plasticmoldco.com\/el\/#organization\"},\"potentialAction\":[{\"@type\":\"SearchAction\",\"target\":{\"@type\":\"EntryPoint\",\"urlTemplate\":\"https:\/\/www.plasticmoldco.com\/el\/?s={search_term_string}\"},\"query-input\":{\"@type\":\"PropertyValueSpecification\",\"valueRequired\":true,\"valueName\":\"search_term_string\"}}],\"inLanguage\":\"es\"},{\"@type\":\"Organization\",\"@id\":\"https:\/\/www.plasticmoldco.com\/el\/#organization\",\"name\":\"Plastic Mold | China Mold Maker\",\"url\":\"https:\/\/www.plasticmoldco.com\/el\/\",\"logo\":{\"@type\":\"ImageObject\",\"inLanguage\":\"es\",\"@id\":\"https:\/\/www.plasticmoldco.com\/el\/#\/schema\/logo\/image\/\",\"url\":\"https:\/\/plasticmoldco.com\/wp-content\/uploads\/2018\/10\/nlogon.png\",\"contentUrl\":\"https:\/\/plasticmoldco.com\/wp-content\/uploads\/2018\/10\/nlogon.png\",\"width\":204,\"height\":54,\"caption\":\"Plastic Mold | China Mold Maker\"},\"image\":{\"@id\":\"https:\/\/www.plasticmoldco.com\/el\/#\/schema\/logo\/image\/\"}}]}<\/script>\n<!-- \/ Yoast SEO plugin. -->","yoast_head_json":{"title":"Equipamiento - Molde de pl\u00e1stico | China Mold Maker","robots":{"index":"index","follow":"follow","max-snippet":"max-snippet:-1","max-image-preview":"max-image-preview:large","max-video-preview":"max-video-preview:-1"},"canonical":"https:\/\/www.plasticmoldco.com\/es\/ausrustung\/","og_locale":"es_ES","og_type":"article","og_title":"Equipment - Plastic Mold | China Mold Maker","og_description":"China plastic injection mold, toolmaker, China mould maker, China tooling, Plastic mould china, China injection mold factory, plastic injection mold manufacturer in china Home\u00a0 \u00a0|\u00a0 \u00a0About Us\u00a0 \u00a0|\u00a0 Design &amp; Engineering\u00a0 |\u00a0 \u00a0Products\u00a0\u00a0\u00a0\u00a0\u00a0|\u00a0\u00a0\u00a0\u00a0\u00a0News\u00a0\u00a0\u00a0\u00a0\u00a0|\u00a0\u00a0\u00a0\u00a0\u00a0Quality Insurance\u00a0\u00a0\u00a0\u00a0\u00a0|\u00a0 \u00a0 PO Procedure\u00a0 \u00a0 |\u00a0 \u00a0 Equipment\u00a0 \u00a0 |\u00a0 \u00a0Industrial Design Case\u00a0 \u00a0 |\u00a0 \u00a0 Sitemap Copyright \u00a9 2011 DONGGUAN SINCER [&hellip;]","og_url":"https:\/\/www.plasticmoldco.com\/es\/ausrustung\/","og_site_name":"Plastic Mold | China Mold Maker","article_modified_time":"2018-10-18T10:24:24+00:00","og_image":[{"url":"https:\/\/plasticmoldco.com\/wp-content\/uploads\/2018\/10\/new.n-300x18.jpg","type":"","width":"","height":""}],"twitter_card":"summary_large_image","twitter_misc":{"Tiempo de lectura":"7 minutos"},"schema":{"@context":"https:\/\/schema.org","@graph":[{"@type":"WebPage","@id":"https:\/\/www.plasticmoldco.com\/de\/ausrustung\/","url":"https:\/\/www.plasticmoldco.com\/de\/ausrustung\/","name":"Equipamiento - Molde de pl\u00e1stico | China Mold Maker","isPartOf":{"@id":"https:\/\/www.plasticmoldco.com\/el\/#website"},"primaryImageOfPage":{"@id":"https:\/\/www.plasticmoldco.com\/de\/ausrustung\/#primaryimage"},"image":{"@id":"https:\/\/www.plasticmoldco.com\/de\/ausrustung\/#primaryimage"},"thumbnailUrl":"https:\/\/plasticmoldco.com\/wp-content\/uploads\/2018\/10\/new.n-300x18.jpg","datePublished":"2018-10-14T09:05:55+00:00","dateModified":"2018-10-18T10:24:24+00:00","breadcrumb":{"@id":"https:\/\/www.plasticmoldco.com\/de\/ausrustung\/#breadcrumb"},"inLanguage":"es","potentialAction":[{"@type":"ReadAction","target":["https:\/\/www.plasticmoldco.com\/de\/ausrustung\/"]}]},{"@type":"ImageObject","inLanguage":"es","@id":"https:\/\/www.plasticmoldco.com\/de\/ausrustung\/#primaryimage","url":"https:\/\/plasticmoldco.com\/wp-content\/uploads\/2018\/10\/new.n-300x18.jpg","contentUrl":"https:\/\/plasticmoldco.com\/wp-content\/uploads\/2018\/10\/new.n-300x18.jpg"},{"@type":"BreadcrumbList","@id":"https:\/\/www.plasticmoldco.com\/de\/ausrustung\/#breadcrumb","itemListElement":[{"@type":"ListItem","position":1,"name":"Home","item":"https:\/\/www.plasticmoldco.com\/"},{"@type":"ListItem","position":2,"name":"Equipment"}]},{"@type":"WebSite","@id":"https:\/\/www.plasticmoldco.com\/el\/#website","url":"https:\/\/www.plasticmoldco.com\/el\/","name":"Moldes de pl\u00e1stico | China Mold Maker","description":"\u00bfBusca moldes de inyecci\u00f3n en China? Somos fabricantes de moldes de pl\u00e1stico","publisher":{"@id":"https:\/\/www.plasticmoldco.com\/el\/#organization"},"potentialAction":[{"@type":"SearchAction","target":{"@type":"EntryPoint","urlTemplate":"https:\/\/www.plasticmoldco.com\/el\/?s={search_term_string}"},"query-input":{"@type":"PropertyValueSpecification","valueRequired":true,"valueName":"search_term_string"}}],"inLanguage":"es"},{"@type":"Organization","@id":"https:\/\/www.plasticmoldco.com\/el\/#organization","name":"Moldes de pl\u00e1stico | China Mold Maker","url":"https:\/\/www.plasticmoldco.com\/el\/","logo":{"@type":"ImageObject","inLanguage":"es","@id":"https:\/\/www.plasticmoldco.com\/el\/#\/schema\/logo\/image\/","url":"https:\/\/plasticmoldco.com\/wp-content\/uploads\/2018\/10\/nlogon.png","contentUrl":"https:\/\/plasticmoldco.com\/wp-content\/uploads\/2018\/10\/nlogon.png","width":204,"height":54,"caption":"Plastic Mold | China Mold Maker"},"image":{"@id":"https:\/\/www.plasticmoldco.com\/el\/#\/schema\/logo\/image\/"}}]}},"_links":{"self":[{"href":"https:\/\/www.plasticmoldco.com\/es\/wp-json\/wp\/v2\/pages\/45","targetHints":{"allow":["GET"]}}],"collection":[{"href":"https:\/\/www.plasticmoldco.com\/es\/wp-json\/wp\/v2\/pages"}],"about":[{"href":"https:\/\/www.plasticmoldco.com\/es\/wp-json\/wp\/v2\/types\/page"}],"author":[{"embeddable":true,"href":"https:\/\/www.plasticmoldco.com\/es\/wp-json\/wp\/v2\/users\/1"}],"replies":[{"embeddable":true,"href":"https:\/\/www.plasticmoldco.com\/es\/wp-json\/wp\/v2\/comments?post=45"}],"version-history":[{"count":0,"href":"https:\/\/www.plasticmoldco.com\/es\/wp-json\/wp\/v2\/pages\/45\/revisions"}],"wp:attachment":[{"href":"https:\/\/www.plasticmoldco.com\/es\/wp-json\/wp\/v2\/media?parent=45"}],"curies":[{"name":"wp","href":"https:\/\/api.w.org\/{rel}","templated":true}]}}