{"id":44,"date":"2018-10-14T17:05:41","date_gmt":"2018-10-14T09:05:41","guid":{"rendered":"https:\/\/plasticmoldco.com\/?page_id=44"},"modified":"2018-10-20T00:07:00","modified_gmt":"2018-10-19T16:07:00","slug":"po-procedure","status":"publish","type":"page","link":"https:\/\/www.plasticmoldco.com\/es\/procedimiento-po\/","title":{"rendered":"Procedimiento PO"},"content":{"rendered":"<p>[et_pb_section bb_built=\u201d1\u2033 disabled_on=\u201don|on|\u201d _builder_version=\u201d3.10.2\u2033 custom_padding=\u201d0|0px|0|0px|false|false\u201d next_background_color=\u201d#000000\u2033][et_pb_row custom_padding=\u201d15px|0px|0|0px|false|false\u201d _builder_version=\u201d3.0.48\u2033 background_size=\u201dinitial\u201d background_position=\u201dtop_left\u201d background_repeat=\u201drepeat\u201d][et_pb_column type=\u201d4_4\u2033][et_pb_text _builder_version=\u201d3.10.2\u2033 custom_margin=\u201d0px|-120px|16px|-132px\u201d]<\/p>\n<p><img loading=\"lazy\" decoding=\"async\" class=\"alignnone wp-image-269 aligncenter\" src=\"https:\/\/plasticmoldco.com\/wp-content\/uploads\/2018\/10\/des-300x31.png\" alt=\"\" width=\"1259\" height=\"130\" srcset=\"https:\/\/www.plasticmoldco.com\/wp-content\/uploads\/2018\/10\/des-300x31.png 300w, https:\/\/www.plasticmoldco.com\/wp-content\/uploads\/2018\/10\/des-768x80.png 768w, https:\/\/www.plasticmoldco.com\/wp-content\/uploads\/2018\/10\/des-1024x107.png 1024w, https:\/\/www.plasticmoldco.com\/wp-content\/uploads\/2018\/10\/des-1080x112.png 1080w, https:\/\/www.plasticmoldco.com\/wp-content\/uploads\/2018\/10\/des.png 1287w\" sizes=\"(max-width: 1259px) 100vw, 1259px\" \/><\/p>\n<p>[\/et_pb_text][\/et_pb_column][\/et_pb_row][\/et_pb_section][et_pb_section bb_built=\u201d1\u2033 disabled_on=\u201d||on\u201d _builder_version=\u201d3.10.2\u2033 custom_padding=\u201d9px|0px|0|0px|false|false\u201d prev_background_color=\u201d#000000\u2033 next_background_color=\u201d#000000\u2033][et_pb_row custom_padding=\u201d0|0px|16px|0px|false|false\u201d _builder_version=\u201d3.0.48\u2033 background_size=\u201d3.0.48\u2033.0.48\u2033 background_size=\u201dinitial\u201d background_position=\u201dtop_left\u201d background_repeat=\u201drepeat\u201d][et_pb_column type=\u201d4_4\u2033][et_pb_text _builder_version=\"3.10.2\u2033]<\/p>\n<p><img loading=\"lazy\" decoding=\"async\" class=\"alignnone size-medium wp-image-269 aligncenter\" src=\"https:\/\/plasticmoldco.com\/wp-content\/uploads\/2018\/10\/des-300x31.png\" alt=\"\" width=\"300\" height=\"31\" srcset=\"https:\/\/www.plasticmoldco.com\/wp-content\/uploads\/2018\/10\/des-300x31.png 300w, https:\/\/www.plasticmoldco.com\/wp-content\/uploads\/2018\/10\/des-768x80.png 768w, https:\/\/www.plasticmoldco.com\/wp-content\/uploads\/2018\/10\/des-1024x107.png 1024w, https:\/\/www.plasticmoldco.com\/wp-content\/uploads\/2018\/10\/des-1080x112.png 1080w, https:\/\/www.plasticmoldco.com\/wp-content\/uploads\/2018\/10\/des.png 1287w\" sizes=\"(max-width: 300px) 100vw, 300px\" \/><\/p>\n<p>[\/et_pb_text][\/et_pb_column][\/et_pb_row][\/et_pb_section][et_pb_section bb_built=\u201d1\u2033 disabled_on=\u201don|on|\u201d _builder_version=\u201d3.10.2\u2033 custom_padding=\u201d0|0px|54px|0px|false|false\u201d next_background_color=\u201d#000000\u2033 prev_background_color=\u201d#000000\u2033][et_pb_row custom_padding=\u201d0|0px|0|0px|false|false\u201d _builder_version=\u201d3.0.48\u2033 background_size=\u201dinitial\u201d background_position=\u201dtop_left\u201d background_repeat=\u201drepeat\u201d][et_pb_column type=\u201d3_4\u2033][et_pb_text _builder_version=\u201d3.10.2\u2033 border_width_all=\u201d3px\u201d border_color_all=\u201d#e5e5e5\u2033 custom_margin=\u201d15px|-90px||-86px\u201d custom_padding=\u201d10px|10px|10px|10px\u201d]<\/p>\n<div id=\"titlep\">\n<div id=\"content\" role=\"main\">\n<div>\n<div id=\"titlep\">\n<div>\n<h3>Procedimiento PO<\/h3>\n<\/div>\n<\/div>\n<h2><strong>Chat de flujo<\/strong><\/h2>\n<p><img loading=\"lazy\" decoding=\"async\" class=\"wp-image-1091 aligncenter\" src=\"https:\/\/plasticmoldco.com\/wp-content\/uploads\/2018\/10\/flow-chat-168x300.jpg\" alt=\"\" width=\"352\" height=\"629\" srcset=\"https:\/\/www.plasticmoldco.com\/wp-content\/uploads\/2018\/10\/flow-chat-168x300.jpg 168w, https:\/\/www.plasticmoldco.com\/wp-content\/uploads\/2018\/10\/flow-chat.jpg 462w\" sizes=\"(max-width: 352px) 100vw, 352px\" \/><\/p>\n<p>&nbsp;<\/p>\n<\/div>\n<\/div>\n<\/div>\n<p>[\/et_pb_text][\/et_pb_column][et_pb_column type=\"1_4\u2033][et_pb_sidebar _builder_version=\"3.10.2\u2033 area=\"sidebar-1\u2033 custom_margin=\"15px|-94px||40px\" custom_padding=\"10px|10px|10px|10px\" border_width_all=\"2px\" border_color_all=\"#d3d3d3\u2033 \/][\/et_pb_column][\/et_pb_row][\/et_pb_section][et_pb_section bb_built=\"1\u2033 disabled_on=\"||on\" _builder_version=\"3.10.2\u2033 custom_padding=\"0|0px|54px|0px|false|false\" next_background_color=\"#000000\u2033 prev_background_color=\"#000000\u2033][et_pb_row custom_padding=\"0|0px|0|0px|false|false\" _builder_version=\"3.0.48\u2033 background_size=\"initial\" background_position=\"top_left\" background_repeat=\"repeat\"][et_pb_column type=\"4_4\u2033][et_pb_text _builder_version=\"3.10.2\u2033 border_width_all=\"3px\" border_color_all=\"#e5e5e5\u2033]<\/p>\n<div id=\"titlep\">\n<div id=\"content\" role=\"main\">\n<div>\n<div id=\"titlep\">\n<div>\n<h3>Procedimiento PO<\/h3>\n<\/div>\n<\/div>\n<h2><strong>Chat de flujo<\/strong><\/h2>\n<p><img loading=\"lazy\" decoding=\"async\" class=\"size-full wp-image-153 aligncenter\" title=\"chat de flujo\" src=\"https:\/\/web.archive.org\/web\/20130116211017im_\/http:\/\/www.moldchina.org\/wp-content\/uploads\/2011\/01\/flow-chat.jpg\" alt=\"\" width=\"462\" height=\"826\" \/><\/p>\n<\/div>\n<\/div>\n<\/div>\n<p>[\/et_pb_text][et_pb_sidebar _builder_version=\"3.10.2\u2033 area=\"sidebar-1\u2033 custom_padding=\"10px||10px|10px\" border_width_all=\"2px\" border_color_all=\"#d3d3d3\u2033 custom_margin=\"|-250px||\" \/][\/et_pb_column][\/et_pb_row][\/et_pb_section][et_pb_section bb_built=\"1\u2033 disabled_on=\"on|on|\" _builder_version=\u201d3.10.2\u2033 custom_margin=\u201d-103px|||\u201d prev_background_color=\u201d#000000\u2033 next_background_color=\u201d#000000\u2033][et_pb_row _builder_version=\u201d3.0.48\u2033 background_size=\"initial\" background_position=\"top_left\" background_repeat=\"repeat\"][et_pb_column type=\"4_4\u2033][et_pb_text _builder_version=\"3.10.2\u2033 custom_margin=\"|-62px||-84px\"]<\/p>\n<p style=\"padding-left: 30px;\"><strong>China molde de inyecci\u00f3n de pl\u00e1stico, fabricante de herramientas, fabricante de moldes de China, China herramientas, China molde de pl\u00e1stico, f\u00e1brica de moldes de inyecci\u00f3n de China, fabricante de moldes de inyecci\u00f3n de pl\u00e1stico en China<\/strong><\/p>\n<p>[\/et_pb_text][et_pb_text _builder_version=\u201d3.10.2\u2033 custom_margin=\u201d-15px|-50px||-50px\u201d]<\/p>\n<p><strong><span style=\"color: #0c0c0c;\"><a href=\"https:\/\/www.plasticmoldco.com\/es\/\">Inicio\u00a0 \u00a0<\/a>|\u00a0 \u00a0<a href=\"https:\/\/www.plasticmoldco.com\/es\/about-us\/\">Qui\u00e9nes somos\u00a0<\/a> \u00a0|\u00a0 <a href=\"https:\/\/www.plasticmoldco.com\/es\/ingenieria-de-diseno\/\">Dise\u00f1o e ingenier\u00eda<\/a>\u00a0 |\u00a0 \u00a0<a href=\"https:\/\/www.plasticmoldco.com\/es\/products\/\">Productos\u00a0\u00a0\u00a0\u00a0\u00a0<\/a>|\u00a0\u00a0\u00a0\u00a0\u00a0<a href=\"https:\/\/www.plasticmoldco.com\/es\/noticias\/\">Noticias<\/a>\u00a0\u00a0\u00a0\u00a0\u00a0|\u00a0\u00a0\u00a0\u00a0\u00a0<a href=\"https:\/\/www.plasticmoldco.com\/es\/seguro-de-calidad\/\">Seguro de calidad\u00a0<\/a>\u00a0\u00a0\u00a0\u00a0|\u00a0 \u00a0 <a href=\"https:\/\/www.plasticmoldco.com\/es\/procedimiento-po\/\">Procedimiento PO<\/a>\u00a0 \u00a0 |\u00a0 \u00a0 <a href=\"https:\/\/www.plasticmoldco.com\/es\/eqipamiento\/\">Equipamiento\u00a0 \u00a0<\/a> |\u00a0 \u00a0<a href=\"https:\/\/www.plasticmoldco.com\/es\/caso-de-diseno-industrial\/\">Caso de dise\u00f1o industrial\u00a0<\/a> \u00a0 |\u00a0 \u00a0 <a href=\"https:\/\/www.plasticmoldco.com\/es\/mapa-del-sitio\/\">Mapa del sitio<\/a><\/span><\/strong><\/p>\n<p>[\/et_pb_text][et_pb_text _builder_version=\"3.10.2\u2033 custom_margin=\"-15px|||\"]<\/p>\n<p style=\"text-align: center;\"><strong>Copyright \u00a9 2011 DONGGUAN SINCER TECH CO.LTD. | China fabricante de moldes, China moldeo por inyecci\u00f3n de pl\u00e1stico, China fabricante de herramientas.<\/strong><br \/>\n<strong> N\u00famero de registro mercantil:1626173<\/strong><\/p>\n<p>[\/et_pb_text][\/et_pb_column][\/et_pb_row][\/et_pb_section][et_pb_section bb_built=\"1\u2033 disabled_on=\"||on\" _builder_version=\"3.10.2\u2033 custom_margin=\"-103px|||\" prev_background_color=\"#000000\u2033][et_pb_row _builder_version=\"3.0.48\u2033 background_size=\"initial\" background_position=\"top_left\" background_repeat=\"repeat\"][et_pb_column type=\"4_4\u2033][et_pb_text _builder_version=\"3.10.2\u2033]<\/p>\n<p style=\"padding-left: 30px;\"><strong>China molde de inyecci\u00f3n de pl\u00e1stico, fabricante de herramientas, fabricante de moldes de China, China herramientas, China molde de pl\u00e1stico, f\u00e1brica de moldes de inyecci\u00f3n de China, fabricante de moldes de inyecci\u00f3n de pl\u00e1stico en China<\/strong><\/p>\n<p>[\/et_pb_text][et_pb_text _builder_version=\u201d3.10.2\u2033]<\/p>\n<p><strong><span style=\"color: #0c0c0c;\"><a href=\"https:\/\/www.plasticmoldco.com\/es\/\">Inicio\u00a0 \u00a0<\/a>|\u00a0 \u00a0<a href=\"https:\/\/www.plasticmoldco.com\/es\/about-us\/\">Qui\u00e9nes somos\u00a0<\/a> \u00a0|\u00a0 <a href=\"https:\/\/www.plasticmoldco.com\/es\/ingenieria-de-diseno\/\">Dise\u00f1o e ingenier\u00eda<\/a>\u00a0 |\u00a0 \u00a0<a href=\"https:\/\/www.plasticmoldco.com\/es\/products\/\">Productos\u00a0\u00a0\u00a0\u00a0\u00a0<\/a>|\u00a0\u00a0\u00a0\u00a0\u00a0<a href=\"https:\/\/www.plasticmoldco.com\/es\/noticias\/\">Noticias<\/a>\u00a0\u00a0\u00a0\u00a0\u00a0|\u00a0\u00a0\u00a0\u00a0\u00a0<a href=\"https:\/\/www.plasticmoldco.com\/es\/seguro-de-calidad\/\">Seguro de calidad\u00a0<\/a>\u00a0\u00a0\u00a0\u00a0|\u00a0 \u00a0 <a href=\"https:\/\/www.plasticmoldco.com\/es\/procedimiento-po\/\">Procedimiento PO<\/a>\u00a0 \u00a0 |\u00a0 \u00a0 <a href=\"https:\/\/www.plasticmoldco.com\/es\/eqipamiento\/\">Equipamiento\u00a0 \u00a0<\/a> |\u00a0 \u00a0<a href=\"https:\/\/www.plasticmoldco.com\/es\/caso-de-diseno-industrial\/\">Caso de dise\u00f1o industrial\u00a0<\/a> \u00a0 |\u00a0 \u00a0 <a href=\"https:\/\/www.plasticmoldco.com\/es\/mapa-del-sitio\/\">Mapa del sitio<\/a><\/span><\/strong><\/p>\n<p>[\/et_pb_text][et_pb_text _builder_version=\u201d3.10.2\u2033]<\/p>\n<p style=\"text-align: center;\"><strong>Copyright \u00a9 2011 DONGGUAN SINCER TECH CO.LTD. | China fabricante de moldes, China moldeo por inyecci\u00f3n de pl\u00e1stico, China fabricante de herramientas.<\/strong><br \/>\n<strong> N\u00famero de registro mercantil:1626173<\/strong><\/p>\n<p>[\/et_pb_text][\/et_pb_column][\/et_pb_row][\/et_pb_section]<\/p>","protected":false},"excerpt":{"rendered":"<p>Flujo del procedimiento de PO chat Flujo del procedimiento de PO chat Molde de inyecci\u00f3n de pl\u00e1stico de China, fabricante de herramientas, fabricante de moldes de China, herramientas de China, Molde de pl\u00e1stico de China, f\u00e1brica de moldes de inyecci\u00f3n de China, fabricante de moldes de inyecci\u00f3n de pl\u00e1stico en China Inicio | Qui\u00e9nes somos | Dise\u00f1o e ingenier\u00eda | Productos | Noticias | Seguro de calidad | Procedimiento de PO | Equipamiento | Dise\u00f1o industrial Caso [...]<\/p>","protected":false},"author":1,"featured_media":0,"parent":0,"menu_order":0,"comment_status":"closed","ping_status":"closed","template":"","meta":{"_et_pb_use_builder":"on","_et_pb_old_content":"","_et_gb_content_width":"","footnotes":""},"class_list":["post-44","page","type-page","status-publish","hentry"],"yoast_head":"<!-- This site is optimized with the Yoast SEO plugin v26.4 - https:\/\/yoast.com\/wordpress\/plugins\/seo\/ -->\n<title>PO Procedure - Plastic Mold | China Mold Maker<\/title>\n<meta name=\"robots\" content=\"index, follow, max-snippet:-1, max-image-preview:large, max-video-preview:-1\" \/>\n<link rel=\"canonical\" href=\"https:\/\/www.plasticmoldco.com\/es\/procedimiento-po\/\" \/>\n<meta property=\"og:locale\" content=\"es_ES\" \/>\n<meta property=\"og:type\" content=\"article\" \/>\n<meta property=\"og:title\" content=\"PO Procedure - Plastic Mold | China Mold Maker\" \/>\n<meta property=\"og:description\" content=\"PO Procedure Flow chat &nbsp; PO Procedure Flow chat China plastic injection mold, toolmaker, China mould maker, China tooling, Plastic mould china, China injection mold factory, plastic injection mold manufacturer in china Home\u00a0 \u00a0|\u00a0 \u00a0About Us\u00a0 \u00a0|\u00a0 Design &amp; Engineering\u00a0 |\u00a0 \u00a0Products\u00a0\u00a0\u00a0\u00a0\u00a0|\u00a0\u00a0\u00a0\u00a0\u00a0News\u00a0\u00a0\u00a0\u00a0\u00a0|\u00a0\u00a0\u00a0\u00a0\u00a0Quality Insurance\u00a0\u00a0\u00a0\u00a0\u00a0|\u00a0 \u00a0 PO Procedure\u00a0 \u00a0 |\u00a0 \u00a0 Equipment\u00a0 \u00a0 |\u00a0 \u00a0Industrial Design Case\u00a0 [&hellip;]\" \/>\n<meta property=\"og:url\" content=\"https:\/\/www.plasticmoldco.com\/es\/procedimiento-po\/\" \/>\n<meta property=\"og:site_name\" content=\"Plastic Mold | China Mold Maker\" \/>\n<meta property=\"article:modified_time\" content=\"2018-10-19T16:07:00+00:00\" \/>\n<meta property=\"og:image\" content=\"https:\/\/plasticmoldco.com\/wp-content\/uploads\/2018\/10\/des-300x31.png\" \/>\n<meta name=\"twitter:card\" content=\"summary_large_image\" \/>\n<meta name=\"twitter:label1\" content=\"Tiempo de lectura\" \/>\n\t<meta name=\"twitter:data1\" content=\"3 minutos\" \/>\n<script type=\"application\/ld+json\" class=\"yoast-schema-graph\">{\"@context\":\"https:\/\/schema.org\",\"@graph\":[{\"@type\":\"WebPage\",\"@id\":\"https:\/\/www.plasticmoldco.com\/po-procedure\/\",\"url\":\"https:\/\/www.plasticmoldco.com\/po-procedure\/\",\"name\":\"PO Procedure - Plastic Mold | China Mold Maker\",\"isPartOf\":{\"@id\":\"https:\/\/www.plasticmoldco.com\/el\/#website\"},\"primaryImageOfPage\":{\"@id\":\"https:\/\/www.plasticmoldco.com\/po-procedure\/#primaryimage\"},\"image\":{\"@id\":\"https:\/\/www.plasticmoldco.com\/po-procedure\/#primaryimage\"},\"thumbnailUrl\":\"https:\/\/plasticmoldco.com\/wp-content\/uploads\/2018\/10\/des-300x31.png\",\"datePublished\":\"2018-10-14T09:05:41+00:00\",\"dateModified\":\"2018-10-19T16:07:00+00:00\",\"breadcrumb\":{\"@id\":\"https:\/\/www.plasticmoldco.com\/po-procedure\/#breadcrumb\"},\"inLanguage\":\"es\",\"potentialAction\":[{\"@type\":\"ReadAction\",\"target\":[\"https:\/\/www.plasticmoldco.com\/po-procedure\/\"]}]},{\"@type\":\"ImageObject\",\"inLanguage\":\"es\",\"@id\":\"https:\/\/www.plasticmoldco.com\/po-procedure\/#primaryimage\",\"url\":\"https:\/\/plasticmoldco.com\/wp-content\/uploads\/2018\/10\/des-300x31.png\",\"contentUrl\":\"https:\/\/plasticmoldco.com\/wp-content\/uploads\/2018\/10\/des-300x31.png\"},{\"@type\":\"BreadcrumbList\",\"@id\":\"https:\/\/www.plasticmoldco.com\/po-procedure\/#breadcrumb\",\"itemListElement\":[{\"@type\":\"ListItem\",\"position\":1,\"name\":\"Home\",\"item\":\"https:\/\/www.plasticmoldco.com\/\"},{\"@type\":\"ListItem\",\"position\":2,\"name\":\"PO Procedure\"}]},{\"@type\":\"WebSite\",\"@id\":\"https:\/\/www.plasticmoldco.com\/el\/#website\",\"url\":\"https:\/\/www.plasticmoldco.com\/el\/\",\"name\":\"Plastic Mold | China Mold Maker\",\"description\":\"Are you looking for injection mold china? We are plastic mold maker\",\"publisher\":{\"@id\":\"https:\/\/www.plasticmoldco.com\/el\/#organization\"},\"potentialAction\":[{\"@type\":\"SearchAction\",\"target\":{\"@type\":\"EntryPoint\",\"urlTemplate\":\"https:\/\/www.plasticmoldco.com\/el\/?s={search_term_string}\"},\"query-input\":{\"@type\":\"PropertyValueSpecification\",\"valueRequired\":true,\"valueName\":\"search_term_string\"}}],\"inLanguage\":\"es\"},{\"@type\":\"Organization\",\"@id\":\"https:\/\/www.plasticmoldco.com\/el\/#organization\",\"name\":\"Plastic Mold | China Mold Maker\",\"url\":\"https:\/\/www.plasticmoldco.com\/el\/\",\"logo\":{\"@type\":\"ImageObject\",\"inLanguage\":\"es\",\"@id\":\"https:\/\/www.plasticmoldco.com\/el\/#\/schema\/logo\/image\/\",\"url\":\"https:\/\/plasticmoldco.com\/wp-content\/uploads\/2018\/10\/nlogon.png\",\"contentUrl\":\"https:\/\/plasticmoldco.com\/wp-content\/uploads\/2018\/10\/nlogon.png\",\"width\":204,\"height\":54,\"caption\":\"Plastic Mold | China Mold Maker\"},\"image\":{\"@id\":\"https:\/\/www.plasticmoldco.com\/el\/#\/schema\/logo\/image\/\"}}]}<\/script>\n<!-- \/ Yoast SEO plugin. -->","yoast_head_json":{"title":"Procedimiento PO - Moldes de pl\u00e1stico | China Mold Maker","robots":{"index":"index","follow":"follow","max-snippet":"max-snippet:-1","max-image-preview":"max-image-preview:large","max-video-preview":"max-video-preview:-1"},"canonical":"https:\/\/www.plasticmoldco.com\/es\/procedimiento-po\/","og_locale":"es_ES","og_type":"article","og_title":"PO Procedure - Plastic Mold | China Mold Maker","og_description":"PO Procedure Flow chat &nbsp; PO Procedure Flow chat China plastic injection mold, toolmaker, China mould maker, China tooling, Plastic mould china, China injection mold factory, plastic injection mold manufacturer in china Home\u00a0 \u00a0|\u00a0 \u00a0About Us\u00a0 \u00a0|\u00a0 Design &amp; Engineering\u00a0 |\u00a0 \u00a0Products\u00a0\u00a0\u00a0\u00a0\u00a0|\u00a0\u00a0\u00a0\u00a0\u00a0News\u00a0\u00a0\u00a0\u00a0\u00a0|\u00a0\u00a0\u00a0\u00a0\u00a0Quality Insurance\u00a0\u00a0\u00a0\u00a0\u00a0|\u00a0 \u00a0 PO Procedure\u00a0 \u00a0 |\u00a0 \u00a0 Equipment\u00a0 \u00a0 |\u00a0 \u00a0Industrial Design Case\u00a0 [&hellip;]","og_url":"https:\/\/www.plasticmoldco.com\/es\/procedimiento-po\/","og_site_name":"Plastic Mold | China Mold Maker","article_modified_time":"2018-10-19T16:07:00+00:00","og_image":[{"url":"https:\/\/plasticmoldco.com\/wp-content\/uploads\/2018\/10\/des-300x31.png","type":"","width":"","height":""}],"twitter_card":"summary_large_image","twitter_misc":{"Tiempo de lectura":"3 minutos"},"schema":{"@context":"https:\/\/schema.org","@graph":[{"@type":"WebPage","@id":"https:\/\/www.plasticmoldco.com\/po-procedure\/","url":"https:\/\/www.plasticmoldco.com\/po-procedure\/","name":"Procedimiento PO - Moldes de pl\u00e1stico | China Mold Maker","isPartOf":{"@id":"https:\/\/www.plasticmoldco.com\/el\/#website"},"primaryImageOfPage":{"@id":"https:\/\/www.plasticmoldco.com\/po-procedure\/#primaryimage"},"image":{"@id":"https:\/\/www.plasticmoldco.com\/po-procedure\/#primaryimage"},"thumbnailUrl":"https:\/\/plasticmoldco.com\/wp-content\/uploads\/2018\/10\/des-300x31.png","datePublished":"2018-10-14T09:05:41+00:00","dateModified":"2018-10-19T16:07:00+00:00","breadcrumb":{"@id":"https:\/\/www.plasticmoldco.com\/po-procedure\/#breadcrumb"},"inLanguage":"es","potentialAction":[{"@type":"ReadAction","target":["https:\/\/www.plasticmoldco.com\/po-procedure\/"]}]},{"@type":"ImageObject","inLanguage":"es","@id":"https:\/\/www.plasticmoldco.com\/po-procedure\/#primaryimage","url":"https:\/\/plasticmoldco.com\/wp-content\/uploads\/2018\/10\/des-300x31.png","contentUrl":"https:\/\/plasticmoldco.com\/wp-content\/uploads\/2018\/10\/des-300x31.png"},{"@type":"BreadcrumbList","@id":"https:\/\/www.plasticmoldco.com\/po-procedure\/#breadcrumb","itemListElement":[{"@type":"ListItem","position":1,"name":"Home","item":"https:\/\/www.plasticmoldco.com\/"},{"@type":"ListItem","position":2,"name":"PO Procedure"}]},{"@type":"WebSite","@id":"https:\/\/www.plasticmoldco.com\/el\/#website","url":"https:\/\/www.plasticmoldco.com\/el\/","name":"Moldes de pl\u00e1stico | China Mold Maker","description":"\u00bfBusca moldes de inyecci\u00f3n en China? Somos fabricantes de moldes de pl\u00e1stico","publisher":{"@id":"https:\/\/www.plasticmoldco.com\/el\/#organization"},"potentialAction":[{"@type":"SearchAction","target":{"@type":"EntryPoint","urlTemplate":"https:\/\/www.plasticmoldco.com\/el\/?s={search_term_string}"},"query-input":{"@type":"PropertyValueSpecification","valueRequired":true,"valueName":"search_term_string"}}],"inLanguage":"es"},{"@type":"Organization","@id":"https:\/\/www.plasticmoldco.com\/el\/#organization","name":"Moldes de pl\u00e1stico | China Mold Maker","url":"https:\/\/www.plasticmoldco.com\/el\/","logo":{"@type":"ImageObject","inLanguage":"es","@id":"https:\/\/www.plasticmoldco.com\/el\/#\/schema\/logo\/image\/","url":"https:\/\/plasticmoldco.com\/wp-content\/uploads\/2018\/10\/nlogon.png","contentUrl":"https:\/\/plasticmoldco.com\/wp-content\/uploads\/2018\/10\/nlogon.png","width":204,"height":54,"caption":"Plastic Mold | China Mold Maker"},"image":{"@id":"https:\/\/www.plasticmoldco.com\/el\/#\/schema\/logo\/image\/"}}]}},"_links":{"self":[{"href":"https:\/\/www.plasticmoldco.com\/es\/wp-json\/wp\/v2\/pages\/44","targetHints":{"allow":["GET"]}}],"collection":[{"href":"https:\/\/www.plasticmoldco.com\/es\/wp-json\/wp\/v2\/pages"}],"about":[{"href":"https:\/\/www.plasticmoldco.com\/es\/wp-json\/wp\/v2\/types\/page"}],"author":[{"embeddable":true,"href":"https:\/\/www.plasticmoldco.com\/es\/wp-json\/wp\/v2\/users\/1"}],"replies":[{"embeddable":true,"href":"https:\/\/www.plasticmoldco.com\/es\/wp-json\/wp\/v2\/comments?post=44"}],"version-history":[{"count":0,"href":"https:\/\/www.plasticmoldco.com\/es\/wp-json\/wp\/v2\/pages\/44\/revisions"}],"wp:attachment":[{"href":"https:\/\/www.plasticmoldco.com\/es\/wp-json\/wp\/v2\/media?parent=44"}],"curies":[{"name":"wp","href":"https:\/\/api.w.org\/{rel}","templated":true}]}}