{"id":872,"date":"2018-10-18T15:02:32","date_gmt":"2018-10-18T07:02:32","guid":{"rendered":"https:\/\/plasticmoldco.com\/?page_id=872"},"modified":"2018-10-18T15:02:32","modified_gmt":"2018-10-18T07:02:32","slug":"home-appliance-mold-02","status":"publish","type":"page","link":"https:\/\/www.plasticmoldco.com\/de\/haushaltsgerate-schimmel-02\/","title":{"rendered":"Haushaltsger\u00e4te-Schimmel 02"},"content":{"rendered":"<p>[et_pb_section bb_built=\"1\u2033 disabled_on=\"on|on|\" _builder_version=\"3.10.2\u2033 custom_padding=\"0|0px|0|0px|false|false\" next_background_color=\"#000000\u2033][et_pb_row custom_padding=\"18px|0px|0|0px|false|false\" _builder_version=\"3.0.48\u2033 background_size=\"initial\" background_position=\"top_left\" background_repeat=\"repeat\"][et_pb_column type=\"4_4\u2033][et_pb_text _builder_version=\"3.10.2\u2033 custom_margin=\"0px|-120px|16px|-100px\"]<\/p>\n<p><img loading=\"lazy\" decoding=\"async\" class=\"wp-image-213 alignnone size-medium\" src=\"https:\/\/plasticmoldco.com\/wp-content\/uploads\/2018\/10\/new.n-300x18.jpg\" alt=\"\" width=\"1266\" height=\"76\" srcset=\"https:\/\/www.plasticmoldco.com\/wp-content\/uploads\/2018\/10\/new.n-300x18.jpg 300w, https:\/\/www.plasticmoldco.com\/wp-content\/uploads\/2018\/10\/new.n-768x45.jpg 768w, https:\/\/www.plasticmoldco.com\/wp-content\/uploads\/2018\/10\/new.n-1024x60.jpg 1024w\" sizes=\"(max-width: 1266px) 100vw, 1266px\" \/><\/p>\n<p>[\/et_pb_text][\/et_pb_column][\/et_pb_row][\/et_pb_section][et_pb_section bb_built=\"1\u2033 disabled_on=\"||on\" _builder_version=\"3.10.2\u2033 custom_padding=\"22px|0px|0|0px|false|false\" prev_background_color=\"#000000\u2033 next_background_color=\"#000000\u2033][et_pb_row custom_padding=\"0|0px|12px|0px|false|false\" _builder_version=\"3.0.48\u2033 background_size=\"initial\" background_position=\"top_left\" background_repeat=\"repeat\"][et_pb_column type=\"4_4\u2033][et_pb_text _builder_version=\"3.10.2\u2033]<\/p>\n<p><img loading=\"lazy\" decoding=\"async\" class=\"wp-image-213 alignnone size-medium\" src=\"https:\/\/plasticmoldco.com\/wp-content\/uploads\/2018\/10\/new.n-300x18.jpg\" alt=\"\" width=\"1266\" height=\"76\" srcset=\"https:\/\/www.plasticmoldco.com\/wp-content\/uploads\/2018\/10\/new.n-300x18.jpg 300w, https:\/\/www.plasticmoldco.com\/wp-content\/uploads\/2018\/10\/new.n-768x45.jpg 768w, https:\/\/www.plasticmoldco.com\/wp-content\/uploads\/2018\/10\/new.n-1024x60.jpg 1024w\" sizes=\"(max-width: 1266px) 100vw, 1266px\" \/><\/p>\n<p>[\/et_pb_text][\/et_pb_column][\/et_pb_row][\/et_pb_section][et_pb_section bb_built=\"1\u2033 disabled_on=\"on|on|\" _builder_version=\"3.10.2\u2033 custom_padding=\"0|0px|54px|0px|false|false\" prev_background_color=\"#000000\u2033 next_background_color=\"#000000\u2033][et_pb_row custom_padding=\"0|0px|0|0px|false|false\" _builder_version=\"3.0.48\u2033 background_size=\"initial\" background_position=\"top_left\" background_repeat=\"repeat\"][et_pb_column type=\"3_4\u2033][et_pb_text _builder_version=\"3.10.2\u2033 border_width_all=\"3px\" border_color_all=\"#e5e5e5\u2033 custom_margin=\"15px|-90px||-86px\" custom_padding=\"10px|10px|10px|10px\"]<\/p>\n<div id=\"titlep\">\n<div id=\"titlep\">\n<div id=\"titlep\">\n<div id=\"titlep\">\n<div>\n<h2>Haushaltsger\u00e4te-Schimmel 02<\/h2>\n<\/div>\n<\/div>\n<div id=\"mge\"><\/div>\n<p><img loading=\"lazy\" decoding=\"async\" class=\"alignnone size-full wp-image-402\" title=\"Haushaltsger\u00e4teformteile 02\" src=\"https:\/\/web.archive.org\/web\/20130131115754im_\/http:\/\/www.moldchina.org\/wp-content\/uploads\/2011\/01\/2010320011897261.jpg\" alt=\"\" width=\"350\" height=\"263\" \/><\/p>\n<p>Formteile f\u00fcr Haushaltsger\u00e4te<\/p>\n<p>Reiche Erfahrung in der Formenkonstruktion und -herstellung Importiertes Hochpr\u00e4zisionsbearbeitungszentrum Die Bearbeitungsgenauigkeit kann auf etwa 0,0025 mm kontrolliert werden, Bearbeitungsgr\u00f6\u00dfe bis zu 1020\u00d7610\u00d7610 mm. Hochpr\u00e4zise Schleifmaschinen sind die notwendige Ausr\u00fcstung f\u00fcr Pr\u00e4zisionsformen. Das Unternehmen setzt eine Qualit\u00e4tsstrategie um. Die Schleifmaschinen sind Hochpr\u00e4zisionsschleifmaschinen (Pr\u00e4zision bis zu \u00b1 0,002 mm, h\u00f6her als das Bearbeitungszentrum). Die Fr\u00e4smaschinen werden aus Taiwan importiert, von denen 4 mit automatischen Be- und Entladesystemen ausgestattet sind. Sie sind leistungsstark, pr\u00e4zise und genau. Erodiermaschinen und CNC-Drahtschneider k\u00f6nnen Neigung und Konizit\u00e4t genau schneiden.<\/p>\n<\/div>\n<\/div>\n<\/div>\n<p>[\/et_pb_text][\/et_pb_column][et_pb_column type=\"1_4\u2033][et_pb_sidebar _builder_version=\"3.10.2\u2033 area=\"sidebar-1\u2033 custom_margin=\"15px|-94px||40px\" custom_padding=\"10px|10px|10px|10px\" border_width_all=\"2px\" border_color_all=\"#d3d3d3\u2033 \/][\/et_pb_column][\/et_pb_row][\/et_pb_section][et_pb_section bb_built=\"1\u2033 disabled_on=\"||on\" _builder_version=\"3.10.2\u2033 custom_padding=\"0|0px|54px|0px|false|false\" prev_background_color=\"#000000\u2033 next_background_color=\"#000000\u2033][et_pb_row custom_padding=\"0|0px|0|0px|false|false\" _builder_version=\"3.0.48\u2033 background_size=\"initial\" background_position=\"top_left\" background_repeat=\"repeat\"][et_pb_column type=\"4_4\u2033][et_pb_text _builder_version=\"3.10.2\u2033 border_width_all=\"3px\" border_color_all=\"#e5e5e5\u2033]<\/p>\n<div id=\"titlep\">\n<div id=\"titlep\">\n<div id=\"titlep\">\n<div>\n<h2>Haushaltsger\u00e4te-Schimmel 02<\/h2>\n<\/div>\n<\/div>\n<div id=\"mge\"><\/div>\n<p><img loading=\"lazy\" decoding=\"async\" class=\"alignnone size-full wp-image-402\" title=\"Haushaltsger\u00e4teformteile 02\" src=\"https:\/\/web.archive.org\/web\/20130131115754im_\/http:\/\/www.moldchina.org\/wp-content\/uploads\/2011\/01\/2010320011897261.jpg\" alt=\"\" width=\"350\" height=\"263\" \/><\/p>\n<p>Formteile f\u00fcr Haushaltsger\u00e4te<\/p>\n<p>Reiche Erfahrung in der Formenkonstruktion und -herstellung Importiertes Hochpr\u00e4zisionsbearbeitungszentrum Die Bearbeitungsgenauigkeit kann auf etwa 0,0025 mm kontrolliert werden, Bearbeitungsgr\u00f6\u00dfe bis zu 1020\u00d7610\u00d7610 mm. Hochpr\u00e4zise Schleifmaschinen sind die notwendige Ausr\u00fcstung f\u00fcr Pr\u00e4zisionsformen. Das Unternehmen setzt eine Qualit\u00e4tsstrategie um. Die Schleifmaschinen sind Hochpr\u00e4zisionsschleifmaschinen (Pr\u00e4zision bis zu \u00b1 0,002 mm, h\u00f6her als das Bearbeitungszentrum). Die Fr\u00e4smaschinen werden aus Taiwan importiert, von denen 4 mit automatischen Be- und Entladesystemen ausgestattet sind. Sie sind leistungsstark, pr\u00e4zise und genau. Erodiermaschinen und CNC-Drahtschneider k\u00f6nnen Neigung und Konizit\u00e4t genau schneiden.<\/p>\n<\/div>\n<\/div>\n<p>[\/et_pb_text][et_pb_text _builder_version=\"3.10.2\u2033 text_font_size=\"13px\" header_font=\"|700|||||||\" border_width_all=\"2px\" border_color_all=\"#bcbcbc\" inline_fonts=\"Arial\"]<\/p>\n<h4><img loading=\"lazy\" decoding=\"async\" class=\"wp-image-111 alignnone\" src=\"https:\/\/plasticmoldco.com\/wp-content\/uploads\/2018\/10\/sss.png\" alt=\"\" width=\"16\" height=\"13\" \/><strong>Form Produkt<\/strong><\/h4>\n<hr \/>\n<p>\u2192 <span style=\"font-size: medium;\"><strong><span style=\"color: #000000;\"><a style=\"color: #000000;\" href=\"https:\/\/www.plasticmoldco.com\/de\/form\/\">SCHIMMEL<\/a><\/span><\/strong><\/span><br \/>\n<span style=\"font-size: medium;\"><strong><span style=\"color: #000000;\"> \u2192 <a style=\"color: #000000;\" href=\"https:\/\/www.plasticmoldco.com\/de\/prototypenteile\/\">Prototypische Teile<\/a><\/span><\/strong><\/span><br \/>\n<span style=\"font-size: medium;\"><strong><span style=\"color: #000000;\"> \u2192 <a style=\"color: #000000;\" href=\"https:\/\/www.plasticmoldco.com\/de\/kunststoffteil\/\">Kunststoffteil<\/a><\/span><\/strong><\/span><br \/>\n<span style=\"font-size: medium;\"><strong><span style=\"color: #000000;\"> \u2192 <a style=\"color: #000000;\" href=\"https:\/\/www.plasticmoldco.com\/de\/silikonkautschuk-teile\/\">Teile aus Silikon und Gummi<\/a><\/span><\/strong><\/span><\/p>\n<p><span style=\"font-size: medium;\"><strong><span style=\"color: #000000;\">Kontakt<\/span><\/strong><\/span><\/p>\n<hr \/>\n<p><strong><span style=\"color: #000000;\">DONGGUAN SINCERE TECH CO.LTD<\/span><\/strong><br \/>\n<strong><span style=\"color: #000000;\"> ADRESSE DER FABRIK: YUANXIA LU, YUANJIANG YUANG, CHANGPING TOWN, DONNGUAN CITY,GUANGDONG PROVINCE, CHINA 523000<\/span><\/strong><\/p>\n<p><strong><span style=\"color: #000000;\">TEL: +86 (0)769 3366 9997<\/span><\/strong><br \/>\n<strong><span style=\"color: #000000;\"> FAX: +86 (0)769 3366 9997<\/span><\/strong><\/p>\n<p><strong><span style=\"color: #000000;\">EMAIL: <a href=\"mailto:INFO@sinceretetechs.com\">INFO@sinceretetechs.com<\/a><\/span><\/strong><\/p>\n<ul>\n<li id=\"tag_cloud-3\" class=\"widget-container widget_tag_cloud\">\n<h3 class=\"widget-title\"><strong>Beliebte Suche<\/strong><\/h3>\n<hr \/>\n<div class=\"tagcloud\"><strong>China Druckguss China Spritzguss Unternehmen China Spritzguss FabrikChina Spritzguss China Spritzguss Hersteller China Injection Mould China Spritzguss UnternehmenChina Spritzguss Fabrik China FormenbauerChina Formenlieferant China Form China Formenbauer China Formenlieferanten China Kunststoff Formen China Silikon China SilikonkautschukChina Werkzeughersteller China Werkzeughersteller in China Spritzgussform Spritzguss Kunststoff Spritzguss China Spritzguss China Kunststoffspritzguss China Kunststoffform China Prototypenteile Silikon ChinaSilikonkautschuk Werkzeug Formenbau China<\/strong><\/div>\n<\/li>\n<\/ul>\n<p><img decoding=\"async\" style=\"font-size: 13px; background-color: #ffffff; text-align: -webkit-center; display: block; margin-left: auto; margin-right: auto;\" src=\"https:\/\/web.archive.org\/web\/20140728234454im_\/http:\/\/www.moldchina.org\/wp-content\/themes\/9C008\/images\/iso.jpg\" \/><\/p>\n<p>[\/et_pb_text][\/et_pb_column][\/et_pb_row][\/et_pb_section][et_pb_section bb_built=\"1\u2033 disabled_on=\"on|on|\" _builder_version=\u201d3.10.2\u2033 custom_margin=\u201d-103px|||\u201d prev_background_color=\u201d#000000\u2033 next_background_color=\u201d#000000\u2033][et_pb_row _builder_version=\u201d3.0.48\u2033 background_size=\"initial\" background_position=\"top_left\" background_repeat=\"repeat\"][et_pb_column type=\"4_4\u2033][et_pb_text _builder_version=\"3.10.2\u2033 custom_margin=\"|-62px||-84px\"]<\/p>\n<p style=\"padding-left: 30px;\"><strong>China Kunststoff-Spritzgussform, Werkzeugmacher, China Formenbauer, China Werkzeugbau, Kunststoffform China, China Spritzgussform Fabrik, Kunststoff-Spritzgussform Hersteller in China<\/strong><\/p>\n<p>[\/et_pb_text][et_pb_text _builder_version=\u201d3.10.2\u2033 custom_margin=\u201d-15px|-50px||-50px\u201d]<\/p>\n<p><strong><span style=\"color: #0c0c0c;\"><a href=\"https:\/\/www.plasticmoldco.com\/de\/\">Startseite\u00a0 \u00a0<\/a>|\u00a0 \u00a0<a href=\"https:\/\/www.plasticmoldco.com\/de\/about-us\/\">\u00dcber uns\u00a0<\/a> \u00a0|\u00a0 <a href=\"https:\/\/www.plasticmoldco.com\/de\/konstruktionstechnik\/\">Design und Technik<\/a>\u00a0 |\u00a0 \u00a0<a href=\"https:\/\/www.plasticmoldco.com\/de\/products\/\">Produkte\u00a0\u00a0\u00a0\u00a0\u00a0<\/a>|\u00a0\u00a0\u00a0\u00a0\u00a0<a href=\"https:\/\/www.plasticmoldco.com\/de\/nachrichten\/\">Nachrichten<\/a>\u00a0\u00a0\u00a0\u00a0\u00a0|\u00a0\u00a0\u00a0\u00a0\u00a0<a href=\"https:\/\/www.plasticmoldco.com\/de\/qualitatsversicherung\/\">Qualit\u00e4tsversicherung\u00a0<\/a>\u00a0\u00a0\u00a0\u00a0|\u00a0 \u00a0 <a href=\"https:\/\/www.plasticmoldco.com\/de\/po-verfahren\/\">PO-Verfahren<\/a>\u00a0 \u00a0 |\u00a0 \u00a0 <a href=\"https:\/\/www.plasticmoldco.com\/de\/ausrustung\/\">Ausr\u00fcstung\u00a0 \u00a0<\/a> |\u00a0 \u00a0<a href=\"https:\/\/www.plasticmoldco.com\/de\/industriedesign-fall\/\">Industriedesign-Fall\u00a0<\/a> \u00a0 |\u00a0 \u00a0 <a href=\"https:\/\/www.plasticmoldco.com\/de\/sitemap\/\">Inhaltsverzeichnis<\/a><\/span><\/strong><\/p>\n<p>[\/et_pb_text][et_pb_text _builder_version=\"3.10.2\u2033 custom_margin=\"-15px|||\"]<\/p>\n<p style=\"text-align: center;\"><strong>Urheberrecht \u00a9 2011 DONGGUAN SINCER TECH CO.LTD. | China Formenbauer, China Kunststoff-Spritzguss, China Werkzeugmacher.<\/strong><br \/>\n<strong> Unternehmensregister Nr.:1626173<\/strong><\/p>\n<p>[\/et_pb_text][\/et_pb_column][\/et_pb_row][\/et_pb_section][et_pb_section bb_built=\"1\u2033 disabled_on=\"||on\" _builder_version=\"3.10.2\u2033 custom_margin=\"-103px|||\" prev_background_color=\"#000000\u2033][et_pb_row _builder_version=\"3.0.48\u2033 background_size=\"initial\" background_position=\"top_left\" background_repeat=\"repeat\"][et_pb_column type=\"4_4\u2033][et_pb_text _builder_version=\"3.10.2\u2033]<\/p>\n<p style=\"padding-left: 30px;\"><strong>China Kunststoff-Spritzgussform, Werkzeugmacher, China Formenbauer, China Werkzeugbau, Kunststoffform China, China Spritzgussform Fabrik, Kunststoff-Spritzgussform Hersteller in China<\/strong><\/p>\n<p>[\/et_pb_text][et_pb_text _builder_version=\u201d3.10.2\u2033]<\/p>\n<p><strong><span style=\"color: #0c0c0c;\"><a href=\"https:\/\/www.plasticmoldco.com\/de\/\">Startseite\u00a0 \u00a0<\/a>|\u00a0 \u00a0<a href=\"https:\/\/www.plasticmoldco.com\/de\/about-us\/\">\u00dcber uns\u00a0<\/a> \u00a0|\u00a0 <a href=\"https:\/\/www.plasticmoldco.com\/de\/konstruktionstechnik\/\">Design und Technik<\/a>\u00a0 |\u00a0 \u00a0<a href=\"https:\/\/www.plasticmoldco.com\/de\/products\/\">Produkte\u00a0\u00a0\u00a0\u00a0\u00a0<\/a>|\u00a0\u00a0\u00a0\u00a0\u00a0<a href=\"https:\/\/www.plasticmoldco.com\/de\/nachrichten\/\">Nachrichten<\/a>\u00a0\u00a0\u00a0\u00a0\u00a0|\u00a0\u00a0\u00a0\u00a0\u00a0<a href=\"https:\/\/www.plasticmoldco.com\/de\/qualitatsversicherung\/\">Qualit\u00e4tsversicherung\u00a0<\/a>\u00a0\u00a0\u00a0\u00a0|\u00a0 \u00a0 <a href=\"https:\/\/www.plasticmoldco.com\/de\/po-verfahren\/\">PO-Verfahren<\/a>\u00a0 \u00a0 |\u00a0 \u00a0 <a href=\"https:\/\/www.plasticmoldco.com\/de\/ausrustung\/\">Ausr\u00fcstung\u00a0 \u00a0<\/a> |\u00a0 \u00a0<a href=\"https:\/\/www.plasticmoldco.com\/de\/industriedesign-fall\/\">Industriedesign-Fall\u00a0<\/a> \u00a0 |\u00a0 \u00a0 <a href=\"https:\/\/www.plasticmoldco.com\/de\/sitemap\/\">Inhaltsverzeichnis<\/a><\/span><\/strong><\/p>\n<p>[\/et_pb_text][et_pb_text _builder_version=\u201d3.10.2\u2033]<\/p>\n<p style=\"text-align: center;\"><strong>Urheberrecht \u00a9 2011 DONGGUAN SINCER TECH CO.LTD. | China Formenbauer, China Kunststoff-Spritzguss, China Werkzeugmacher.<\/strong><br \/>\n<strong> Unternehmensregister Nr.:1626173<\/strong><\/p>\n<p>[\/et_pb_text][\/et_pb_column][\/et_pb_row][\/et_pb_section]<\/p>","protected":false},"excerpt":{"rendered":"<p>Home appliance mold 02 Home appliance mold parts Rich experience in mold design and manufacture \u00a0\u00a0\u00a0\u00a0 Imported high-precision machining center \u00a0Maching accuracy can be controlled at around 0.0025mm, processing size upto 1020\u00d7610\u00d7610mm. High-precision grinding machines are the necessary equipment for precision molds. The company implements a quality strategy. The gringding machines are high-precision grinding machines [&hellip;]<\/p>","protected":false},"author":1,"featured_media":0,"parent":0,"menu_order":0,"comment_status":"closed","ping_status":"closed","template":"","meta":{"_et_pb_use_builder":"on","_et_pb_old_content":"","_et_gb_content_width":"","footnotes":""},"class_list":["post-872","page","type-page","status-publish","hentry"],"yoast_head":"<!-- This site is optimized with the Yoast SEO plugin v26.4 - https:\/\/yoast.com\/wordpress\/plugins\/seo\/ -->\n<title>Home appliance mold 02 - Plastic Mold | China Mold Maker<\/title>\n<meta name=\"robots\" content=\"index, follow, max-snippet:-1, max-image-preview:large, max-video-preview:-1\" \/>\n<link rel=\"canonical\" href=\"https:\/\/www.plasticmoldco.com\/de\/molde-para-electrodomesticos-02\/\" \/>\n<meta property=\"og:locale\" content=\"de_DE\" \/>\n<meta property=\"og:type\" content=\"article\" \/>\n<meta property=\"og:title\" content=\"Home appliance mold 02 - Plastic Mold | China Mold Maker\" \/>\n<meta property=\"og:description\" content=\"Home appliance mold 02 Home appliance mold parts Rich experience in mold design and manufacture \u00a0\u00a0\u00a0\u00a0 Imported high-precision machining center \u00a0Maching accuracy can be controlled at around 0.0025mm, processing size upto 1020\u00d7610\u00d7610mm. High-precision grinding machines are the necessary equipment for precision molds. The company implements a quality strategy. The gringding machines are high-precision grinding machines [&hellip;]\" \/>\n<meta property=\"og:url\" content=\"https:\/\/www.plasticmoldco.com\/de\/molde-para-electrodomesticos-02\/\" \/>\n<meta property=\"og:site_name\" content=\"Plastic Mold | China Mold Maker\" \/>\n<meta property=\"og:image\" content=\"https:\/\/plasticmoldco.com\/wp-content\/uploads\/2018\/10\/new.n-300x18.jpg\" \/>\n<meta name=\"twitter:card\" content=\"summary_large_image\" \/>\n<meta name=\"twitter:label1\" content=\"Gesch\u00e4tzte Lesezeit\" \/>\n\t<meta name=\"twitter:data1\" content=\"5\u00a0Minuten\" \/>\n<script type=\"application\/ld+json\" class=\"yoast-schema-graph\">{\"@context\":\"https:\/\/schema.org\",\"@graph\":[{\"@type\":\"WebPage\",\"@id\":\"https:\/\/www.plasticmoldco.com\/es\/molde-para-electrodomesticos-02\/\",\"url\":\"https:\/\/www.plasticmoldco.com\/es\/molde-para-electrodomesticos-02\/\",\"name\":\"Home appliance mold 02 - Plastic Mold | China Mold Maker\",\"isPartOf\":{\"@id\":\"https:\/\/www.plasticmoldco.com\/el\/#website\"},\"primaryImageOfPage\":{\"@id\":\"https:\/\/www.plasticmoldco.com\/es\/molde-para-electrodomesticos-02\/#primaryimage\"},\"image\":{\"@id\":\"https:\/\/www.plasticmoldco.com\/es\/molde-para-electrodomesticos-02\/#primaryimage\"},\"thumbnailUrl\":\"https:\/\/plasticmoldco.com\/wp-content\/uploads\/2018\/10\/new.n-300x18.jpg\",\"datePublished\":\"2018-10-18T07:02:32+00:00\",\"breadcrumb\":{\"@id\":\"https:\/\/www.plasticmoldco.com\/es\/molde-para-electrodomesticos-02\/#breadcrumb\"},\"inLanguage\":\"de\",\"potentialAction\":[{\"@type\":\"ReadAction\",\"target\":[\"https:\/\/www.plasticmoldco.com\/es\/molde-para-electrodomesticos-02\/\"]}]},{\"@type\":\"ImageObject\",\"inLanguage\":\"de\",\"@id\":\"https:\/\/www.plasticmoldco.com\/es\/molde-para-electrodomesticos-02\/#primaryimage\",\"url\":\"https:\/\/plasticmoldco.com\/wp-content\/uploads\/2018\/10\/new.n-300x18.jpg\",\"contentUrl\":\"https:\/\/plasticmoldco.com\/wp-content\/uploads\/2018\/10\/new.n-300x18.jpg\"},{\"@type\":\"BreadcrumbList\",\"@id\":\"https:\/\/www.plasticmoldco.com\/es\/molde-para-electrodomesticos-02\/#breadcrumb\",\"itemListElement\":[{\"@type\":\"ListItem\",\"position\":1,\"name\":\"Home\",\"item\":\"https:\/\/www.plasticmoldco.com\/\"},{\"@type\":\"ListItem\",\"position\":2,\"name\":\"Home appliance mold 02\"}]},{\"@type\":\"WebSite\",\"@id\":\"https:\/\/www.plasticmoldco.com\/el\/#website\",\"url\":\"https:\/\/www.plasticmoldco.com\/el\/\",\"name\":\"Plastic Mold | China Mold Maker\",\"description\":\"Are you looking for injection mold china? We are plastic mold maker\",\"publisher\":{\"@id\":\"https:\/\/www.plasticmoldco.com\/el\/#organization\"},\"potentialAction\":[{\"@type\":\"SearchAction\",\"target\":{\"@type\":\"EntryPoint\",\"urlTemplate\":\"https:\/\/www.plasticmoldco.com\/el\/?s={search_term_string}\"},\"query-input\":{\"@type\":\"PropertyValueSpecification\",\"valueRequired\":true,\"valueName\":\"search_term_string\"}}],\"inLanguage\":\"de\"},{\"@type\":\"Organization\",\"@id\":\"https:\/\/www.plasticmoldco.com\/el\/#organization\",\"name\":\"Plastic Mold | China Mold Maker\",\"url\":\"https:\/\/www.plasticmoldco.com\/el\/\",\"logo\":{\"@type\":\"ImageObject\",\"inLanguage\":\"de\",\"@id\":\"https:\/\/www.plasticmoldco.com\/el\/#\/schema\/logo\/image\/\",\"url\":\"https:\/\/plasticmoldco.com\/wp-content\/uploads\/2018\/10\/nlogon.png\",\"contentUrl\":\"https:\/\/plasticmoldco.com\/wp-content\/uploads\/2018\/10\/nlogon.png\",\"width\":204,\"height\":54,\"caption\":\"Plastic Mold | China Mold Maker\"},\"image\":{\"@id\":\"https:\/\/www.plasticmoldco.com\/el\/#\/schema\/logo\/image\/\"}}]}<\/script>\n<!-- \/ Yoast SEO plugin. -->","yoast_head_json":{"title":"Hausger\u00e4teform 02 - Kunststoffform | China Mold Maker","robots":{"index":"index","follow":"follow","max-snippet":"max-snippet:-1","max-image-preview":"max-image-preview:large","max-video-preview":"max-video-preview:-1"},"canonical":"https:\/\/www.plasticmoldco.com\/de\/molde-para-electrodomesticos-02\/","og_locale":"de_DE","og_type":"article","og_title":"Home appliance mold 02 - Plastic Mold | China Mold Maker","og_description":"Home appliance mold 02 Home appliance mold parts Rich experience in mold design and manufacture \u00a0\u00a0\u00a0\u00a0 Imported high-precision machining center \u00a0Maching accuracy can be controlled at around 0.0025mm, processing size upto 1020\u00d7610\u00d7610mm. High-precision grinding machines are the necessary equipment for precision molds. The company implements a quality strategy. The gringding machines are high-precision grinding machines [&hellip;]","og_url":"https:\/\/www.plasticmoldco.com\/de\/molde-para-electrodomesticos-02\/","og_site_name":"Plastic Mold | China Mold Maker","og_image":[{"url":"https:\/\/plasticmoldco.com\/wp-content\/uploads\/2018\/10\/new.n-300x18.jpg","type":"","width":"","height":""}],"twitter_card":"summary_large_image","twitter_misc":{"Gesch\u00e4tzte Lesezeit":"5\u00a0Minuten"},"schema":{"@context":"https:\/\/schema.org","@graph":[{"@type":"WebPage","@id":"https:\/\/www.plasticmoldco.com\/es\/molde-para-electrodomesticos-02\/","url":"https:\/\/www.plasticmoldco.com\/es\/molde-para-electrodomesticos-02\/","name":"Hausger\u00e4teform 02 - Kunststoffform | China Mold Maker","isPartOf":{"@id":"https:\/\/www.plasticmoldco.com\/el\/#website"},"primaryImageOfPage":{"@id":"https:\/\/www.plasticmoldco.com\/es\/molde-para-electrodomesticos-02\/#primaryimage"},"image":{"@id":"https:\/\/www.plasticmoldco.com\/es\/molde-para-electrodomesticos-02\/#primaryimage"},"thumbnailUrl":"https:\/\/plasticmoldco.com\/wp-content\/uploads\/2018\/10\/new.n-300x18.jpg","datePublished":"2018-10-18T07:02:32+00:00","breadcrumb":{"@id":"https:\/\/www.plasticmoldco.com\/es\/molde-para-electrodomesticos-02\/#breadcrumb"},"inLanguage":"de","potentialAction":[{"@type":"ReadAction","target":["https:\/\/www.plasticmoldco.com\/es\/molde-para-electrodomesticos-02\/"]}]},{"@type":"ImageObject","inLanguage":"de","@id":"https:\/\/www.plasticmoldco.com\/es\/molde-para-electrodomesticos-02\/#primaryimage","url":"https:\/\/plasticmoldco.com\/wp-content\/uploads\/2018\/10\/new.n-300x18.jpg","contentUrl":"https:\/\/plasticmoldco.com\/wp-content\/uploads\/2018\/10\/new.n-300x18.jpg"},{"@type":"BreadcrumbList","@id":"https:\/\/www.plasticmoldco.com\/es\/molde-para-electrodomesticos-02\/#breadcrumb","itemListElement":[{"@type":"ListItem","position":1,"name":"Home","item":"https:\/\/www.plasticmoldco.com\/"},{"@type":"ListItem","position":2,"name":"Home appliance mold 02"}]},{"@type":"WebSite","@id":"https:\/\/www.plasticmoldco.com\/el\/#website","url":"https:\/\/www.plasticmoldco.com\/el\/","name":"Kunststoffform | China Mold Maker","description":"Sind Sie auf der Suche nach Spritzgussformen aus China? Wir sind Kunststoff Formenbauer","publisher":{"@id":"https:\/\/www.plasticmoldco.com\/el\/#organization"},"potentialAction":[{"@type":"SearchAction","target":{"@type":"EntryPoint","urlTemplate":"https:\/\/www.plasticmoldco.com\/el\/?s={search_term_string}"},"query-input":{"@type":"PropertyValueSpecification","valueRequired":true,"valueName":"search_term_string"}}],"inLanguage":"de"},{"@type":"Organization","@id":"https:\/\/www.plasticmoldco.com\/el\/#organization","name":"Kunststoffform | China Mold Maker","url":"https:\/\/www.plasticmoldco.com\/el\/","logo":{"@type":"ImageObject","inLanguage":"de","@id":"https:\/\/www.plasticmoldco.com\/el\/#\/schema\/logo\/image\/","url":"https:\/\/plasticmoldco.com\/wp-content\/uploads\/2018\/10\/nlogon.png","contentUrl":"https:\/\/plasticmoldco.com\/wp-content\/uploads\/2018\/10\/nlogon.png","width":204,"height":54,"caption":"Plastic Mold | China Mold Maker"},"image":{"@id":"https:\/\/www.plasticmoldco.com\/el\/#\/schema\/logo\/image\/"}}]}},"_links":{"self":[{"href":"https:\/\/www.plasticmoldco.com\/de\/wp-json\/wp\/v2\/pages\/872","targetHints":{"allow":["GET"]}}],"collection":[{"href":"https:\/\/www.plasticmoldco.com\/de\/wp-json\/wp\/v2\/pages"}],"about":[{"href":"https:\/\/www.plasticmoldco.com\/de\/wp-json\/wp\/v2\/types\/page"}],"author":[{"embeddable":true,"href":"https:\/\/www.plasticmoldco.com\/de\/wp-json\/wp\/v2\/users\/1"}],"replies":[{"embeddable":true,"href":"https:\/\/www.plasticmoldco.com\/de\/wp-json\/wp\/v2\/comments?post=872"}],"version-history":[{"count":0,"href":"https:\/\/www.plasticmoldco.com\/de\/wp-json\/wp\/v2\/pages\/872\/revisions"}],"wp:attachment":[{"href":"https:\/\/www.plasticmoldco.com\/de\/wp-json\/wp\/v2\/media?parent=872"}],"curies":[{"name":"wp","href":"https:\/\/api.w.org\/{rel}","templated":true}]}}