{"id":838,"date":"2018-10-18T14:30:51","date_gmt":"2018-10-18T06:30:51","guid":{"rendered":"https:\/\/plasticmoldco.com\/?page_id=838"},"modified":"2018-10-18T14:30:51","modified_gmt":"2018-10-18T06:30:51","slug":"china-plastic-injection-molding","status":"publish","type":"page","link":"https:\/\/www.plasticmoldco.com\/de\/china-kunststoffspritzguss\/","title":{"rendered":"China Kunststoff-Spritzgie\u00dfen"},"content":{"rendered":"<p>[et_pb_section bb_built=\"1\u2033 disabled_on=\"on|on|\" _builder_version=\"3.10.2\u2033 custom_padding=\"0|0px|0|0px|false|false\" next_background_color=\"#000000\u2033][et_pb_row custom_padding=\"18px|0px|0|0px|false|false\" _builder_version=\"3.0.48\u2033 background_size=\"initial\" background_position=\"top_left\" background_repeat=\"repeat\"][et_pb_column type=\"4_4\u2033][et_pb_text _builder_version=\"3.10.2\u2033 custom_margin=\"0px|-120px|16px|-100px\"]<\/p>\n<p><img loading=\"lazy\" decoding=\"async\" class=\"wp-image-213 alignnone size-medium\" src=\"https:\/\/plasticmoldco.com\/wp-content\/uploads\/2018\/10\/new.n-300x18.jpg\" alt=\"\" width=\"1266\" height=\"76\" srcset=\"https:\/\/www.plasticmoldco.com\/wp-content\/uploads\/2018\/10\/new.n-300x18.jpg 300w, https:\/\/www.plasticmoldco.com\/wp-content\/uploads\/2018\/10\/new.n-768x45.jpg 768w, https:\/\/www.plasticmoldco.com\/wp-content\/uploads\/2018\/10\/new.n-1024x60.jpg 1024w\" sizes=\"(max-width: 1266px) 100vw, 1266px\" \/><\/p>\n<p>[\/et_pb_text][\/et_pb_column][\/et_pb_row][\/et_pb_section][et_pb_section bb_built=\"1\u2033 disabled_on=\"||on\" _builder_version=\"3.10.2\u2033 custom_padding=\"22px|0px|0|0px|false|false\" prev_background_color=\"#000000\u2033 next_background_color=\"#000000\u2033][et_pb_row custom_padding=\"0|0px|12px|0px|false|false\" _builder_version=\"3.0.48\u2033 background_size=\"initial\" background_position=\"top_left\" background_repeat=\"repeat\"][et_pb_column type=\"4_4\u2033][et_pb_text _builder_version=\"3.10.2\u2033]<\/p>\n<p><img loading=\"lazy\" decoding=\"async\" class=\"wp-image-213 alignnone size-medium\" src=\"https:\/\/plasticmoldco.com\/wp-content\/uploads\/2018\/10\/new.n-300x18.jpg\" alt=\"\" width=\"1266\" height=\"76\" srcset=\"https:\/\/www.plasticmoldco.com\/wp-content\/uploads\/2018\/10\/new.n-300x18.jpg 300w, https:\/\/www.plasticmoldco.com\/wp-content\/uploads\/2018\/10\/new.n-768x45.jpg 768w, https:\/\/www.plasticmoldco.com\/wp-content\/uploads\/2018\/10\/new.n-1024x60.jpg 1024w\" sizes=\"(max-width: 1266px) 100vw, 1266px\" \/><\/p>\n<p>[\/et_pb_text][\/et_pb_column][\/et_pb_row][\/et_pb_section][et_pb_section bb_built=\"1\u2033 disabled_on=\"on|on|\" _builder_version=\"3.10.2\u2033 custom_padding=\"0|0px|54px|0px|false|false\" prev_background_color=\"#000000\u2033 next_background_color=\"#000000\u2033][et_pb_row custom_padding=\"0|0px|0|0px|false|false\" _builder_version=\"3.0.48\u2033 background_size=\"initial\" background_position=\"top_left\" background_repeat=\"repeat\"][et_pb_column type=\"3_4\u2033][et_pb_text _builder_version=\"3.10.2\u2033 border_width_all=\"3px\" border_color_all=\"#e5e5e5\u2033 custom_margin=\"15px|-90px||-86px\" custom_padding=\"10px|10px|10px|10px\"]<\/p>\n<div id=\"titlep\">\n<div id=\"titlep\">\n<div id=\"titlep\">\n<div id=\"titlep\">\n<div>\n<h2>China Kunststoff-Spritzgie\u00dfen<\/h2>\n<\/div>\n<\/div>\n<div id=\"mge\"><\/div>\n<p><img loading=\"lazy\" decoding=\"async\" class=\"alignnone size-full wp-image-586\" title=\"china kunststoffspritzguss \" src=\"https:\/\/web.archive.org\/web\/20130529135748im_\/http:\/\/www.moldchina.org\/wp-content\/uploads\/2011\/02\/2009611157478281.jpg\" alt=\"\" width=\"450\" height=\"450\" \/><\/p>\n<p>China Kunststoff-Spritzgussform Fabrik, unser Service wie folgt:<\/p>\n<p>1) Entwurf von Kunststoff-Spritzgussformen: Entwerfen nach Zeichnung oder Muster.<\/p>\n<p>2) Stahlmaterial f\u00fcr Kunststoffspritzgussformen: P20, 718, NAK80, S136, 1.2343, 8407, 1.2767, 1.2363 oder vom Kunden bestimmtes Material<\/p>\n<p>3) China Kunststoff-Spritzgussform Basis: LKM NAK Standard: HASCO, DME, JIS...<\/p>\n<p>4) Kunststoff-Spritzgussform Typ: Hei\u00dfkanalform, doppelte Kunststoff-Spritzgussform, Einsatzform, Gummiform,<\/p>\n<p>5) Verarbeitung von Kunststoffspritzgussformen: Mit Pr\u00e4zisions-Maschine f\u00fcr die Formen, einschlie\u00dflich der digitalen Steuerung CNC (Computer Manufacturing Center), EDM (Elektro-Funken-Maschine), mehrere Linie Schneidemaschinen, Multi-Funktions-Fr\u00e4smaschinen etc<\/p>\n<p>6) Kunststoffeinspritzmaterial: PP, PA, POM, ABS, PET, PC. PE. HDPE etc.<\/p>\n<p>Wir sind spezialisiert auf die Herstellung verschiedener Kunststoff-Spritzguss-Produkte und Formenbau. Willkommen, die mir Proben und Zeichnungen. Wir k\u00f6nnen die Formen f\u00fcr Sie machen und die Produkte produzieren, die Sie wollen. Wenn Sie die Preise vergleichen wollen, senden Sie uns bitte die Informationen, die Sie interessiert sind, und wir werden Ihnen ein gutes Angebot machen. Wir hoffen, dass wir in Zukunft langfristige Gesch\u00e4fte mit Ihnen machen k\u00f6nnen.<\/p>\n<\/div>\n<\/div>\n<\/div>\n<p>[\/et_pb_text][\/et_pb_column][et_pb_column type=\"1_4\u2033][et_pb_sidebar _builder_version=\"3.10.2\u2033 area=\"sidebar-1\u2033 custom_margin=\"15px|-94px||40px\" custom_padding=\"10px|10px|10px|10px\" border_width_all=\"2px\" border_color_all=\"#d3d3d3\u2033 \/][\/et_pb_column][\/et_pb_row][\/et_pb_section][et_pb_section bb_built=\"1\u2033 disabled_on=\"||on\" _builder_version=\"3.10.2\u2033 custom_padding=\"0|0px|54px|0px|false|false\" prev_background_color=\"#000000\u2033 next_background_color=\"#000000\u2033][et_pb_row custom_padding=\"0|0px|0|0px|false|false\" _builder_version=\"3.0.48\u2033 background_size=\"initial\" background_position=\"top_left\" background_repeat=\"repeat\"][et_pb_column type=\"4_4\u2033][et_pb_text _builder_version=\"3.10.2\u2033 border_width_all=\"3px\" border_color_all=\"#e5e5e5\u2033]<\/p>\n<div id=\"titlep\">\n<div id=\"titlep\">\n<div id=\"titlep\">\n<div id=\"titlep\">\n<div id=\"titlep\">\n<div id=\"titlep\">\n<div>\n<h2>China Kunststoff-Spritzgie\u00dfen<\/h2>\n<\/div>\n<\/div>\n<div id=\"mge\"><\/div>\n<p><img loading=\"lazy\" decoding=\"async\" class=\"alignnone size-full wp-image-586\" title=\"china kunststoffspritzguss \" src=\"https:\/\/web.archive.org\/web\/20130529135748im_\/http:\/\/www.moldchina.org\/wp-content\/uploads\/2011\/02\/2009611157478281.jpg\" alt=\"\" width=\"450\" height=\"450\" \/><\/p>\n<p>China Kunststoff-Spritzgussform Fabrik, unser Service wie folgt:<\/p>\n<p>1) Entwurf von Kunststoff-Spritzgussformen: Entwerfen nach Zeichnung oder Muster.<\/p>\n<p>2) Stahlmaterial f\u00fcr Kunststoffspritzgussformen: P20, 718, NAK80, S136, 1.2343, 8407, 1.2767, 1.2363 oder vom Kunden bestimmtes Material<\/p>\n<p>3) China Kunststoff-Spritzgussform Basis: LKM NAK Standard: HASCO, DME, JIS...<\/p>\n<p>4) Kunststoff-Spritzgussform Typ: Hei\u00dfkanalform, doppelte Kunststoff-Spritzgussform, Einsatzform, Gummiform,<\/p>\n<p>5) Verarbeitung von Kunststoffspritzgussformen: Mit Pr\u00e4zisions-Maschine f\u00fcr die Formen, einschlie\u00dflich der digitalen Steuerung CNC (Computer Manufacturing Center), EDM (Elektro-Funken-Maschine), mehrere Linie Schneidemaschinen, Multi-Funktions-Fr\u00e4smaschinen etc<\/p>\n<p>6) Kunststoffeinspritzmaterial: PP, PA, POM, ABS, PET, PC. PE. HDPE etc.<\/p>\n<p>Wir sind spezialisiert auf die Herstellung verschiedener Kunststoff-Spritzguss-Produkte und Formenbau. Willkommen, die mir Proben und Zeichnungen. Wir k\u00f6nnen die Formen f\u00fcr Sie machen und die Produkte produzieren, die Sie wollen. Wenn Sie die Preise vergleichen wollen, senden Sie uns bitte die Informationen, die Sie interessiert sind, und wir werden Ihnen ein gutes Angebot machen. Wir hoffen, dass wir in Zukunft langfristige Gesch\u00e4fte mit Ihnen machen k\u00f6nnen.<\/p>\n<\/div>\n<\/div>\n<\/div>\n<\/div>\n<\/div>\n<p>[\/et_pb_text][et_pb_text _builder_version=\"3.10.2\u2033 text_font_size=\"13px\" header_font=\"|700|||||||\" border_width_all=\"2px\" border_color_all=\"#bcbcbc\" inline_fonts=\"Arial\"]<\/p>\n<h4><img loading=\"lazy\" decoding=\"async\" class=\"wp-image-111 alignnone\" src=\"https:\/\/plasticmoldco.com\/wp-content\/uploads\/2018\/10\/sss.png\" alt=\"\" width=\"16\" height=\"13\" \/><strong>Form Produkt<\/strong><\/h4>\n<hr \/>\n<p>\u2192 <span style=\"font-size: medium;\"><strong><span style=\"color: #000000;\"><a style=\"color: #000000;\" href=\"https:\/\/www.plasticmoldco.com\/de\/form\/\">SCHIMMEL<\/a><\/span><\/strong><\/span><br \/>\n<span style=\"font-size: medium;\"><strong><span style=\"color: #000000;\"> \u2192 <a style=\"color: #000000;\" href=\"https:\/\/www.plasticmoldco.com\/de\/prototypenteile\/\">Prototypische Teile<\/a><\/span><\/strong><\/span><br \/>\n<span style=\"font-size: medium;\"><strong><span style=\"color: #000000;\"> \u2192 <a style=\"color: #000000;\" href=\"https:\/\/www.plasticmoldco.com\/de\/kunststoffteil\/\">Kunststoffteil<\/a><\/span><\/strong><\/span><br \/>\n<span style=\"font-size: medium;\"><strong><span style=\"color: #000000;\"> \u2192 <a style=\"color: #000000;\" href=\"https:\/\/www.plasticmoldco.com\/de\/silikonkautschuk-teile\/\">Teile aus Silikon und Gummi<\/a><\/span><\/strong><\/span><\/p>\n<p><span style=\"font-size: medium;\"><strong><span style=\"color: #000000;\">Kontakt<\/span><\/strong><\/span><\/p>\n<hr \/>\n<p><strong><span style=\"color: #000000;\">DONGGUAN SINCERE TECH CO.LTD<\/span><\/strong><br \/>\n<strong><span style=\"color: #000000;\"> ADRESSE DER FABRIK: YUANXIA LU, YUANJIANG YUANG, CHANGPING TOWN, DONNGUAN CITY,GUANGDONG PROVINCE, CHINA 523000<\/span><\/strong><\/p>\n<p><strong><span style=\"color: #000000;\">TEL: +86 (0)769 3366 9997<\/span><\/strong><br \/>\n<strong><span style=\"color: #000000;\"> FAX: +86 (0)769 3366 9997<\/span><\/strong><\/p>\n<p><strong><span style=\"color: #000000;\">EMAIL: <a href=\"mailto:INFO@sinceretetechs.com\">INFO@sinceretetechs.com<\/a><\/span><\/strong><\/p>\n<ul>\n<li id=\"tag_cloud-3\" class=\"widget-container widget_tag_cloud\">\n<h3 class=\"widget-title\"><strong>Beliebte Suche<\/strong><\/h3>\n<hr \/>\n<div class=\"tagcloud\"><strong>China Druckguss China Spritzguss Unternehmen China Spritzguss FabrikChina Spritzguss China Spritzguss Hersteller China Injection Mould China Spritzguss UnternehmenChina Spritzguss Fabrik China FormenbauerChina Formenlieferant China Form China Formenbauer China Formenlieferanten China Kunststoff Formen China Silikon China SilikonkautschukChina Werkzeughersteller China Werkzeughersteller in China Spritzgussform Spritzguss Kunststoff Spritzguss China Spritzguss China Kunststoffspritzguss China Kunststoffform China Prototypenteile Silikon ChinaSilikonkautschuk Werkzeug Formenbau China<\/strong><\/div>\n<\/li>\n<\/ul>\n<p><img decoding=\"async\" style=\"font-size: 13px; background-color: #ffffff; text-align: -webkit-center; display: block; margin-left: auto; margin-right: auto;\" src=\"https:\/\/web.archive.org\/web\/20140728234454im_\/http:\/\/www.moldchina.org\/wp-content\/themes\/9C008\/images\/iso.jpg\" \/><\/p>\n<p>[\/et_pb_text][\/et_pb_column][\/et_pb_row][\/et_pb_section][et_pb_section bb_built=\"1\u2033 disabled_on=\"on|on|\" _builder_version=\u201d3.10.2\u2033 custom_margin=\u201d-103px|||\u201d prev_background_color=\u201d#000000\u2033 next_background_color=\u201d#000000\u2033][et_pb_row _builder_version=\u201d3.0.48\u2033 background_size=\"initial\" background_position=\"top_left\" background_repeat=\"repeat\"][et_pb_column type=\"4_4\u2033][et_pb_text _builder_version=\"3.10.2\u2033 custom_margin=\"|-62px||-84px\"]<\/p>\n<p style=\"padding-left: 30px;\"><strong>China Kunststoff-Spritzgussform, Werkzeugmacher, China Formenbauer, China Werkzeugbau, Kunststoffform China, China Spritzgussform Fabrik, Kunststoff-Spritzgussform Hersteller in China<\/strong><\/p>\n<p>[\/et_pb_text][et_pb_text _builder_version=\u201d3.10.2\u2033 custom_margin=\u201d-15px|-50px||-50px\u201d]<\/p>\n<p><strong><span style=\"color: #0c0c0c;\"><a href=\"https:\/\/www.plasticmoldco.com\/de\/\">Startseite\u00a0 \u00a0<\/a>|\u00a0 \u00a0<a href=\"https:\/\/www.plasticmoldco.com\/de\/about-us\/\">\u00dcber uns\u00a0<\/a> \u00a0|\u00a0 <a href=\"https:\/\/www.plasticmoldco.com\/de\/konstruktionstechnik\/\">Design und Technik<\/a>\u00a0 |\u00a0 \u00a0<a href=\"https:\/\/www.plasticmoldco.com\/de\/products\/\">Produkte\u00a0\u00a0\u00a0\u00a0\u00a0<\/a>|\u00a0\u00a0\u00a0\u00a0\u00a0<a href=\"https:\/\/www.plasticmoldco.com\/de\/nachrichten\/\">Nachrichten<\/a>\u00a0\u00a0\u00a0\u00a0\u00a0|\u00a0\u00a0\u00a0\u00a0\u00a0<a href=\"https:\/\/www.plasticmoldco.com\/de\/qualitatsversicherung\/\">Qualit\u00e4tsversicherung\u00a0<\/a>\u00a0\u00a0\u00a0\u00a0|\u00a0 \u00a0 <a href=\"https:\/\/www.plasticmoldco.com\/de\/po-verfahren\/\">PO-Verfahren<\/a>\u00a0 \u00a0 |\u00a0 \u00a0 <a href=\"https:\/\/www.plasticmoldco.com\/de\/ausrustung\/\">Ausr\u00fcstung\u00a0 \u00a0<\/a> |\u00a0 \u00a0<a href=\"https:\/\/www.plasticmoldco.com\/de\/industriedesign-fall\/\">Industriedesign-Fall\u00a0<\/a> \u00a0 |\u00a0 \u00a0 <a href=\"https:\/\/www.plasticmoldco.com\/de\/sitemap\/\">Inhaltsverzeichnis<\/a><\/span><\/strong><\/p>\n<p>[\/et_pb_text][et_pb_text _builder_version=\"3.10.2\u2033 custom_margin=\"-15px|||\"]<\/p>\n<p style=\"text-align: center;\"><strong>Urheberrecht \u00a9 2011 DONGGUAN SINCER TECH CO.LTD. | China Formenbauer, China Kunststoff-Spritzguss, China Werkzeugmacher.<\/strong><br \/>\n<strong> Unternehmensregister Nr.:1626173<\/strong><\/p>\n<p>[\/et_pb_text][\/et_pb_column][\/et_pb_row][\/et_pb_section][et_pb_section bb_built=\"1\u2033 disabled_on=\"||on\" _builder_version=\"3.10.2\u2033 custom_margin=\"-103px|||\" prev_background_color=\"#000000\u2033][et_pb_row _builder_version=\"3.0.48\u2033 background_size=\"initial\" background_position=\"top_left\" background_repeat=\"repeat\"][et_pb_column type=\"4_4\u2033][et_pb_text _builder_version=\"3.10.2\u2033]<\/p>\n<p style=\"padding-left: 30px;\"><strong>China Kunststoff-Spritzgussform, Werkzeugmacher, China Formenbauer, China Werkzeugbau, Kunststoffform China, China Spritzgussform Fabrik, Kunststoff-Spritzgussform Hersteller in China<\/strong><\/p>\n<p>[\/et_pb_text][et_pb_text _builder_version=\u201d3.10.2\u2033]<\/p>\n<p><strong><span style=\"color: #0c0c0c;\"><a href=\"https:\/\/www.plasticmoldco.com\/de\/\">Startseite\u00a0 \u00a0<\/a>|\u00a0 \u00a0<a href=\"https:\/\/www.plasticmoldco.com\/de\/about-us\/\">\u00dcber uns\u00a0<\/a> \u00a0|\u00a0 <a href=\"https:\/\/www.plasticmoldco.com\/de\/konstruktionstechnik\/\">Design und Technik<\/a>\u00a0 |\u00a0 \u00a0<a href=\"https:\/\/www.plasticmoldco.com\/de\/products\/\">Produkte\u00a0\u00a0\u00a0\u00a0\u00a0<\/a>|\u00a0\u00a0\u00a0\u00a0\u00a0<a href=\"https:\/\/www.plasticmoldco.com\/de\/nachrichten\/\">Nachrichten<\/a>\u00a0\u00a0\u00a0\u00a0\u00a0|\u00a0\u00a0\u00a0\u00a0\u00a0<a href=\"https:\/\/www.plasticmoldco.com\/de\/qualitatsversicherung\/\">Qualit\u00e4tsversicherung\u00a0<\/a>\u00a0\u00a0\u00a0\u00a0|\u00a0 \u00a0 <a href=\"https:\/\/www.plasticmoldco.com\/de\/po-verfahren\/\">PO-Verfahren<\/a>\u00a0 \u00a0 |\u00a0 \u00a0 <a href=\"https:\/\/www.plasticmoldco.com\/de\/ausrustung\/\">Ausr\u00fcstung\u00a0 \u00a0<\/a> |\u00a0 \u00a0<a href=\"https:\/\/www.plasticmoldco.com\/de\/industriedesign-fall\/\">Industriedesign-Fall\u00a0<\/a> \u00a0 |\u00a0 \u00a0 <a href=\"https:\/\/www.plasticmoldco.com\/de\/sitemap\/\">Inhaltsverzeichnis<\/a><\/span><\/strong><\/p>\n<p>[\/et_pb_text][et_pb_text _builder_version=\u201d3.10.2\u2033]<\/p>\n<p style=\"text-align: center;\"><strong>Urheberrecht \u00a9 2011 DONGGUAN SINCER TECH CO.LTD. | China Formenbauer, China Kunststoff-Spritzguss, China Werkzeugmacher.<\/strong><br \/>\n<strong> Unternehmensregister Nr.:1626173<\/strong><\/p>\n<p>[\/et_pb_text][\/et_pb_column][\/et_pb_row][\/et_pb_section]<\/p>","protected":false},"excerpt":{"rendered":"<p>China Kunststoff-Spritzguss China Kunststoff-Spritzgussform Fabrik, unser Service wie folgt: 1) Kunststoff-Spritzguss Formenbau: Designing folgen Zeichnung oder Muster. 2) Stahlmaterial f\u00fcr Kunststoff-Spritzgussform: P20, 718, NAK80, S136, 1.2343, 8407, 1.2767, 1.2363 oder ernanntes Material durch Kunden 3) China Kunststoff-Spritzgussform Basis: LKM NAK Standard: HASCO, DME, JIS... 4) Kunststoff [...]<\/p>","protected":false},"author":1,"featured_media":0,"parent":0,"menu_order":0,"comment_status":"closed","ping_status":"closed","template":"","meta":{"_et_pb_use_builder":"on","_et_pb_old_content":"","_et_gb_content_width":"","footnotes":""},"class_list":["post-838","page","type-page","status-publish","hentry"],"yoast_head":"<!-- This site is optimized with the Yoast SEO plugin v26.4 - https:\/\/yoast.com\/wordpress\/plugins\/seo\/ -->\n<title>China plastic injection molding - Plastic Mold | China Mold Maker<\/title>\n<meta name=\"robots\" content=\"index, follow, max-snippet:-1, max-image-preview:large, max-video-preview:-1\" \/>\n<link rel=\"canonical\" href=\"https:\/\/www.plasticmoldco.com\/de\/china-kunststoffspritzguss\/\" \/>\n<meta property=\"og:locale\" content=\"de_DE\" \/>\n<meta property=\"og:type\" content=\"article\" \/>\n<meta property=\"og:title\" content=\"China plastic injection molding - Plastic Mold | China Mold Maker\" \/>\n<meta property=\"og:description\" content=\"China plastic injection molding China plastic injection mold factory, our service as follow: 1) Plastic injection Mould design: Designing follow drawing or samples. 2) Steel material for plastic injection mold: P20, 718, NAK80, S136, 1.2343, 8407,1.2767, 1.2363 or appointed material by customer 3)China plastic injection mold base: LKM NAK Standard: HASCO, DME, JIS\u2026 4) Plastic [&hellip;]\" \/>\n<meta property=\"og:url\" content=\"https:\/\/www.plasticmoldco.com\/de\/china-kunststoffspritzguss\/\" \/>\n<meta property=\"og:site_name\" content=\"Plastic Mold | China Mold Maker\" \/>\n<meta property=\"og:image\" content=\"https:\/\/plasticmoldco.com\/wp-content\/uploads\/2018\/10\/new.n-300x18.jpg\" \/>\n<meta name=\"twitter:card\" content=\"summary_large_image\" \/>\n<meta name=\"twitter:label1\" content=\"Gesch\u00e4tzte Lesezeit\" \/>\n\t<meta name=\"twitter:data1\" content=\"5\u00a0Minuten\" \/>\n<script type=\"application\/ld+json\" class=\"yoast-schema-graph\">{\"@context\":\"https:\/\/schema.org\",\"@graph\":[{\"@type\":\"WebPage\",\"@id\":\"https:\/\/www.plasticmoldco.com\/china-plastic-injection-molding\/\",\"url\":\"https:\/\/www.plasticmoldco.com\/china-plastic-injection-molding\/\",\"name\":\"China plastic injection molding - Plastic Mold | China Mold Maker\",\"isPartOf\":{\"@id\":\"https:\/\/www.plasticmoldco.com\/el\/#website\"},\"primaryImageOfPage\":{\"@id\":\"https:\/\/www.plasticmoldco.com\/china-plastic-injection-molding\/#primaryimage\"},\"image\":{\"@id\":\"https:\/\/www.plasticmoldco.com\/china-plastic-injection-molding\/#primaryimage\"},\"thumbnailUrl\":\"https:\/\/plasticmoldco.com\/wp-content\/uploads\/2018\/10\/new.n-300x18.jpg\",\"datePublished\":\"2018-10-18T06:30:51+00:00\",\"breadcrumb\":{\"@id\":\"https:\/\/www.plasticmoldco.com\/china-plastic-injection-molding\/#breadcrumb\"},\"inLanguage\":\"de\",\"potentialAction\":[{\"@type\":\"ReadAction\",\"target\":[\"https:\/\/www.plasticmoldco.com\/china-plastic-injection-molding\/\"]}]},{\"@type\":\"ImageObject\",\"inLanguage\":\"de\",\"@id\":\"https:\/\/www.plasticmoldco.com\/china-plastic-injection-molding\/#primaryimage\",\"url\":\"https:\/\/plasticmoldco.com\/wp-content\/uploads\/2018\/10\/new.n-300x18.jpg\",\"contentUrl\":\"https:\/\/plasticmoldco.com\/wp-content\/uploads\/2018\/10\/new.n-300x18.jpg\"},{\"@type\":\"BreadcrumbList\",\"@id\":\"https:\/\/www.plasticmoldco.com\/china-plastic-injection-molding\/#breadcrumb\",\"itemListElement\":[{\"@type\":\"ListItem\",\"position\":1,\"name\":\"Home\",\"item\":\"https:\/\/www.plasticmoldco.com\/\"},{\"@type\":\"ListItem\",\"position\":2,\"name\":\"China plastic injection molding\"}]},{\"@type\":\"WebSite\",\"@id\":\"https:\/\/www.plasticmoldco.com\/el\/#website\",\"url\":\"https:\/\/www.plasticmoldco.com\/el\/\",\"name\":\"Plastic Mold | China Mold Maker\",\"description\":\"Are you looking for injection mold china? We are plastic mold maker\",\"publisher\":{\"@id\":\"https:\/\/www.plasticmoldco.com\/el\/#organization\"},\"potentialAction\":[{\"@type\":\"SearchAction\",\"target\":{\"@type\":\"EntryPoint\",\"urlTemplate\":\"https:\/\/www.plasticmoldco.com\/el\/?s={search_term_string}\"},\"query-input\":{\"@type\":\"PropertyValueSpecification\",\"valueRequired\":true,\"valueName\":\"search_term_string\"}}],\"inLanguage\":\"de\"},{\"@type\":\"Organization\",\"@id\":\"https:\/\/www.plasticmoldco.com\/el\/#organization\",\"name\":\"Plastic Mold | China Mold Maker\",\"url\":\"https:\/\/www.plasticmoldco.com\/el\/\",\"logo\":{\"@type\":\"ImageObject\",\"inLanguage\":\"de\",\"@id\":\"https:\/\/www.plasticmoldco.com\/el\/#\/schema\/logo\/image\/\",\"url\":\"https:\/\/plasticmoldco.com\/wp-content\/uploads\/2018\/10\/nlogon.png\",\"contentUrl\":\"https:\/\/plasticmoldco.com\/wp-content\/uploads\/2018\/10\/nlogon.png\",\"width\":204,\"height\":54,\"caption\":\"Plastic Mold | China Mold Maker\"},\"image\":{\"@id\":\"https:\/\/www.plasticmoldco.com\/el\/#\/schema\/logo\/image\/\"}}]}<\/script>\n<!-- \/ Yoast SEO plugin. -->","yoast_head_json":{"title":"China Kunststoff-Spritzgie\u00dfen - Kunststoffform | China Mold Maker","robots":{"index":"index","follow":"follow","max-snippet":"max-snippet:-1","max-image-preview":"max-image-preview:large","max-video-preview":"max-video-preview:-1"},"canonical":"https:\/\/www.plasticmoldco.com\/de\/china-kunststoffspritzguss\/","og_locale":"de_DE","og_type":"article","og_title":"China plastic injection molding - Plastic Mold | China Mold Maker","og_description":"China plastic injection molding China plastic injection mold factory, our service as follow: 1) Plastic injection Mould design: Designing follow drawing or samples. 2) Steel material for plastic injection mold: P20, 718, NAK80, S136, 1.2343, 8407,1.2767, 1.2363 or appointed material by customer 3)China plastic injection mold base: LKM NAK Standard: HASCO, DME, JIS\u2026 4) Plastic [&hellip;]","og_url":"https:\/\/www.plasticmoldco.com\/de\/china-kunststoffspritzguss\/","og_site_name":"Plastic Mold | China Mold Maker","og_image":[{"url":"https:\/\/plasticmoldco.com\/wp-content\/uploads\/2018\/10\/new.n-300x18.jpg","type":"","width":"","height":""}],"twitter_card":"summary_large_image","twitter_misc":{"Gesch\u00e4tzte Lesezeit":"5\u00a0Minuten"},"schema":{"@context":"https:\/\/schema.org","@graph":[{"@type":"WebPage","@id":"https:\/\/www.plasticmoldco.com\/china-plastic-injection-molding\/","url":"https:\/\/www.plasticmoldco.com\/china-plastic-injection-molding\/","name":"China Kunststoff-Spritzgie\u00dfen - Kunststoffform | China Mold Maker","isPartOf":{"@id":"https:\/\/www.plasticmoldco.com\/el\/#website"},"primaryImageOfPage":{"@id":"https:\/\/www.plasticmoldco.com\/china-plastic-injection-molding\/#primaryimage"},"image":{"@id":"https:\/\/www.plasticmoldco.com\/china-plastic-injection-molding\/#primaryimage"},"thumbnailUrl":"https:\/\/plasticmoldco.com\/wp-content\/uploads\/2018\/10\/new.n-300x18.jpg","datePublished":"2018-10-18T06:30:51+00:00","breadcrumb":{"@id":"https:\/\/www.plasticmoldco.com\/china-plastic-injection-molding\/#breadcrumb"},"inLanguage":"de","potentialAction":[{"@type":"ReadAction","target":["https:\/\/www.plasticmoldco.com\/china-plastic-injection-molding\/"]}]},{"@type":"ImageObject","inLanguage":"de","@id":"https:\/\/www.plasticmoldco.com\/china-plastic-injection-molding\/#primaryimage","url":"https:\/\/plasticmoldco.com\/wp-content\/uploads\/2018\/10\/new.n-300x18.jpg","contentUrl":"https:\/\/plasticmoldco.com\/wp-content\/uploads\/2018\/10\/new.n-300x18.jpg"},{"@type":"BreadcrumbList","@id":"https:\/\/www.plasticmoldco.com\/china-plastic-injection-molding\/#breadcrumb","itemListElement":[{"@type":"ListItem","position":1,"name":"Home","item":"https:\/\/www.plasticmoldco.com\/"},{"@type":"ListItem","position":2,"name":"China plastic injection molding"}]},{"@type":"WebSite","@id":"https:\/\/www.plasticmoldco.com\/el\/#website","url":"https:\/\/www.plasticmoldco.com\/el\/","name":"Kunststoffform | China Mold Maker","description":"Sind Sie auf der Suche nach Spritzgussformen aus China? Wir sind Kunststoff Formenbauer","publisher":{"@id":"https:\/\/www.plasticmoldco.com\/el\/#organization"},"potentialAction":[{"@type":"SearchAction","target":{"@type":"EntryPoint","urlTemplate":"https:\/\/www.plasticmoldco.com\/el\/?s={search_term_string}"},"query-input":{"@type":"PropertyValueSpecification","valueRequired":true,"valueName":"search_term_string"}}],"inLanguage":"de"},{"@type":"Organization","@id":"https:\/\/www.plasticmoldco.com\/el\/#organization","name":"Kunststoffform | China Mold Maker","url":"https:\/\/www.plasticmoldco.com\/el\/","logo":{"@type":"ImageObject","inLanguage":"de","@id":"https:\/\/www.plasticmoldco.com\/el\/#\/schema\/logo\/image\/","url":"https:\/\/plasticmoldco.com\/wp-content\/uploads\/2018\/10\/nlogon.png","contentUrl":"https:\/\/plasticmoldco.com\/wp-content\/uploads\/2018\/10\/nlogon.png","width":204,"height":54,"caption":"Plastic Mold | China Mold Maker"},"image":{"@id":"https:\/\/www.plasticmoldco.com\/el\/#\/schema\/logo\/image\/"}}]}},"_links":{"self":[{"href":"https:\/\/www.plasticmoldco.com\/de\/wp-json\/wp\/v2\/pages\/838","targetHints":{"allow":["GET"]}}],"collection":[{"href":"https:\/\/www.plasticmoldco.com\/de\/wp-json\/wp\/v2\/pages"}],"about":[{"href":"https:\/\/www.plasticmoldco.com\/de\/wp-json\/wp\/v2\/types\/page"}],"author":[{"embeddable":true,"href":"https:\/\/www.plasticmoldco.com\/de\/wp-json\/wp\/v2\/users\/1"}],"replies":[{"embeddable":true,"href":"https:\/\/www.plasticmoldco.com\/de\/wp-json\/wp\/v2\/comments?post=838"}],"version-history":[{"count":0,"href":"https:\/\/www.plasticmoldco.com\/de\/wp-json\/wp\/v2\/pages\/838\/revisions"}],"wp:attachment":[{"href":"https:\/\/www.plasticmoldco.com\/de\/wp-json\/wp\/v2\/media?parent=838"}],"curies":[{"name":"wp","href":"https:\/\/api.w.org\/{rel}","templated":true}]}}