{"id":53,"date":"2018-10-14T17:07:12","date_gmt":"2018-10-14T09:07:12","guid":{"rendered":"https:\/\/plasticmoldco.com\/?page_id=53"},"modified":"2018-10-18T18:30:16","modified_gmt":"2018-10-18T10:30:16","slug":"mold-equipment","status":"publish","type":"page","link":"https:\/\/www.plasticmoldco.com\/de\/formausrustung\/","title":{"rendered":"Form-Ausr\u00fcstung"},"content":{"rendered":"<p>[et_pb_section bb_built=\"1\u2033 disabled_on=\"on|on|\" _builder_version=\"3.10.2\u2033 custom_padding=\"0|0px|0|0px|false|false\" next_background_color=\"#000000\u2033][et_pb_row custom_padding=\"19px|0px|0|0px|false|false\" _builder_version=\"3.0.48\u2033 background_size=\"initial\" background_position=\"top_left\" background_repeat=\"repeat\"][et_pb_column type=\"4_4\u2033][et_pb_text _builder_version=\"3.10.2\u2033 custom_margin=\"0px|-120px|16px|-100px\"]<\/p>\n<p><img loading=\"lazy\" decoding=\"async\" class=\"wp-image-213 alignnone size-medium\" src=\"https:\/\/plasticmoldco.com\/wp-content\/uploads\/2018\/10\/new.n-300x18.jpg\" alt=\"\" width=\"1266\" height=\"76\" srcset=\"https:\/\/www.plasticmoldco.com\/wp-content\/uploads\/2018\/10\/new.n-300x18.jpg 300w, https:\/\/www.plasticmoldco.com\/wp-content\/uploads\/2018\/10\/new.n-768x45.jpg 768w, https:\/\/www.plasticmoldco.com\/wp-content\/uploads\/2018\/10\/new.n-1024x60.jpg 1024w\" sizes=\"(max-width: 1266px) 100vw, 1266px\" \/><\/p>\n<p>[\/et_pb_text][\/et_pb_column][\/et_pb_row][\/et_pb_section][et_pb_section bb_built=\"1\u2033 disabled_on=\"||on\" _builder_version=\"3.10.2\u2033 custom_padding=\"18px|0px|0|0px|false|false\" prev_background_color=\"#000000\u2033 next_background_color=\"#000000\u2033][et_pb_row custom_padding=\"0|0px|17px|0px|false|false\" _builder_version=\"3.0.48\u2033 background_size=\"initial\" background_position=\"top_left\" background_repeat=\"repeat\"][et_pb_column type=\"4_4\u2033][et_pb_text _builder_version=\"3.10.2\u2033]<\/p>\n<p><img loading=\"lazy\" decoding=\"async\" class=\"wp-image-213 alignnone size-medium\" src=\"https:\/\/plasticmoldco.com\/wp-content\/uploads\/2018\/10\/new.n-300x18.jpg\" alt=\"\" width=\"1266\" height=\"76\" srcset=\"https:\/\/www.plasticmoldco.com\/wp-content\/uploads\/2018\/10\/new.n-300x18.jpg 300w, https:\/\/www.plasticmoldco.com\/wp-content\/uploads\/2018\/10\/new.n-768x45.jpg 768w, https:\/\/www.plasticmoldco.com\/wp-content\/uploads\/2018\/10\/new.n-1024x60.jpg 1024w\" sizes=\"(max-width: 1266px) 100vw, 1266px\" \/><\/p>\n<p>[\/et_pb_text][\/et_pb_column][\/et_pb_row][\/et_pb_section][et_pb_section bb_built=\u201d1\u2033 disabled_on=\u201don|on|\u201d _builder_version=\u201d3.10.2\u2033 custom_padding=\u201d0|0px|54px|0px|false|false\u201d prev_background_color=\u201d#000000\u2033 next_background_color=\u201d#000000\u2033][et_pb_row custom_padding=\u201d0|0px|0|0px|false|false\u201d _builder_version=\u201d3.0.48\u2033 background_size=\u201dinitial\u201d background_position=\u201dtop_left\u201d background_repeat=\u201drepeat\u201d][et_pb_column type=\u201d1_4\u2033][et_pb_blurb title=\u201dHighspeed CNC\u201d url=\u201dhttps:\/\/plasticmoldco.com\/highspeed-cnc\/\u201d image=\u201dhttps:\/\/plasticmoldco.com\/wp-content\/uploads\/2018\/10\/7.jpg\u201d _builder_version=\u201d3.10.2\u2033 header_text_align=\u201dcenter\u201d border_width_all=\u201d2px\u201d border_color_all=\u201d#b2b2b2\u2033 custom_margin=\u201d15px|19px||-74px\u201d custom_padding=\u201d16px|||\u201d image_max_width=\u201d95%\u201d \/][et_pb_blurb title=\u201dMirror EDM\u201d url=\u201dhttps:\/\/plasticmoldco.com\/mirror-edm\/\u201d image=\u201dhttps:\/\/plasticmoldco.com\/wp-content\/uploads\/2018\/10\/mirror.jpg\u201d _builder_version=\u201d3.10.2\u2033 header_text_align=\u201dcenter\u201d border_width_all=\u201d2px\u201d border_color_all=\u201d#b2b2b2\u2033 custom_margin=\u201d15px|19px||-74px\u201d custom_padding=\u201d16px|||\u201d image_max_width=\u201d95%\u201d \/][\/et_pb_column][et_pb_column type=\u201d1_4\u2033][et_pb_blurb title=\u201dDrahtschnitt\u201d url=\u201dhttps:\/\/plasticmoldco.com\/wire-cut\/\u201d image=\u201dhttps:\/\/plasticmoldco.com\/wp-content\/uploads\/2018\/10\/5.jpg\u201d _builder_version=\u201d3.10.2\u2033 header_text_align=\u201dcenter\u201d border_width_all=\u201d2px\u201d border_color_all=\u201d#b2b2b2\u2033 custom_margin=\u201d15px|-7px||-47px\u201d custom_padding=\u201d16px|||\u201d image_max_width=\u201d95%\u201d \/][et_pb_blurb title=\u201dLangsamer Drahtschnitt\u201d url=\u201dhttps:\/\/plasticmoldco.com\/slow-wire-cut\/\u201d image=\u201dhttps:\/\/plasticmoldco.com\/wp-content\/uploads\/2018\/10\/slow.jpg\u201d _builder_version=\u201d3.10.2\u2033 header_text_align=\u201dcenter\u201d border_width_all=\u201d2px\u201d border_color_all=\u201d#b2b2b2\u2033 custom_margin=\u201d15px|-7px||-47px\u201d custom_padding=\u201d16px|||\u201d image_max_width=\u201d95%\u201d \/][\/et_pb_column][et_pb_column type=\u201d1_4\u2033][et_pb_blurb title=\u201dEDM machine\u201d url=\u201dhttps:\/\/plasticmoldco.com\/edm-machine\/\u201d image=\u201dhttps:\/\/plasticmoldco.com\/wp-content\/uploads\/2018\/10\/6.jpg\u201d _builder_version=\u201d3.10.2\u2033 header_text_align=\u201dcenter\u201d border_width_all=\u201d2px\u201d border_color_all=\u201d#b2b2b2\u2033 custom_margin=\u201d15px|-33px||-21px\u201d custom_padding=\u201d16px|||\u201d image_max_width=\u201d90%\u201d \/][\/et_pb_column][et_pb_column type=\u201d1_4\u2033][et_pb_sidebar _builder_version=\u201d3.10.2\u2033 area=\u201dsidebar-1\u2033 custom_margin=\u201d15px|-94px||40px\u201d custom_padding=\u201d10px|10px|10px|10px\u201d border_width_all=\u201d2px\u201d border_color_all=\u201d#d3d3d3\u2033 \/][\/et_pb_column][\/et_pb_row][\/et_pb_section][et_pb_section bb_built=\u201d1\u2033 disabled_on=\u201d||on\u201d _builder_version=\u201d3.10.2\u2033 custom_padding=\u201d0|0px|54px|0px|false|false\u201d prev_background_color=\u201d#000000\u2033 next_background_color=\u201d#000000\u2033][et_pb_row custom_padding=\u201d0|0px|0|0px|false|false\u201d _builder_version=\u201d3.0.48\u2033 background_size=\u201dinitial\u201d background_position=\u201dtop_left\u201d background_repeat=\u201drepeat\u201d][et_pb_column type=\u201d4_4\u2033][et_pb_blurb title=\u201dDrahtschnitt\u201d url=\u201dhttps:\/\/plasticmoldco.com\/wire-cut\/\u201d image=\u201dhttps:\/\/plasticmoldco.com\/wp-content\/uploads\/2018\/10\/5.jpg\u201d _builder_version=\u201d3.10.2\u2033 header_text_align=\u201dcenter\u201d border_width_all=\u201d2px\u201d border_color_all=\u201d#b2b2b2\u2033 custom_padding=\u201d16px||\u201d \/][et_pb_blurb title=\u201dEDM-Maschine\u201d url=\u201dhttps:\/\/plasticmoldco.com\/edm-machine\/\u201d image=\u201dhttps:\/\/plasticmoldco.com\/wp-content\/uploads\/2018\/10\/6.jpg\u201d _builder_version=\u201d3.10.2\u2033 header_text_align=\u201dcenter\u201d border_width_all=\u201d2px\u201d border_color_all=\u201d#b2b2b2\u2033 custom_padding=\u201d16px||\u201d \/][et_pb_blurb title=\u201dHighspeed CNC\u201d url=\u201dhttps:\/\/plasticmoldco.com\/highspeed-cnc\/\u201d image=\u201dhttps:\/\/plasticmoldco.com\/wp-content\/uploads\/2018\/10\/7.jpg\u201d _builder_version=\u201d3.10.2\u2033 header_text_align=\u201dcenter\u201d border_width_all=\u201d2px\u201d border_color_all=\u201d#b2b2b2\u2033 custom_padding=\u201d16px||\u201d \/][et_pb_blurb title=\u201dMirror EDM\u201d url=\u201dhttps:\/\/plasticmoldco.com\/mirror-edm\/\u201d image=\u201dhttps:\/\/plasticmoldco.com\/wp-content\/uploads\/2018\/10\/mirror.jpg\u201d _builder_version=\u201d3.10.2\u2033 header_text_align=\u201dcenter\u201d border_width_all=\u201d2px\u201d border_color_all=\u201d#b2b2b2\u2033 custom_padding=\u201d16px|||\u201d image_max_width=\u201d95%\u201d \/][et_pb_blurb title=\u201dLangsamer Drahtschnitt\u201d url=\u201dhttps:\/\/plasticmoldco.com\/slow-wire-cut\/\u201d image=\u201dhttps:\/\/plasticmoldco.com\/wp-content\/uploads\/2018\/10\/slow.jpg\u201d _builder_version=\u201d3.10.2\u2033 header_text_align=\u201dcenter\u201d border_width_all=\u201d2px\u201d border_color_all=\u201d#b2b2b2\u2033 custom_padding=\u201d16px|||\u201d image_max_width=\u201d95%\u201d \/][et_pb_sidebar _builder_version=\u201d3.10.2\u2033 area=\u201dsidebar-1\u2033 custom_padding=\u201d10px||10px|10px\u201d border_width_all=\u201d2px\u201d border_color_all=\u201d#d3d3d3\u2033 custom_margin=\u201d|-250px||\u201d \/][\/et_pb_column][\/et_pb_row][\/et_pb_section][et_pb_section bb_built=\u201d1\u2033 disabled_on=\u201don|on|\u201d _builder_version=\u201d3.10.2\u2033 custom_margin=\u201d-103px|||\u201d prev_background_color=\u201d#000000\u2033 next_background_color=\u201d#000000\u2033][et_pb_row _builder_version=\u201d3.0.48\u2033 background_size=\u201dinitial\u201d background_position=\u201dtop_left\u201d background_repeat=\u201drepeat\u201d][et_pb_column type=\u201d4_4\u2033][et_pb_text _builder_version=\u201d3.10.2\u2033 custom_margin=\u201d|-62px||-84px\u201d]<\/p>\n<p style=\"padding-left: 30px;\"><strong>China Kunststoff-Spritzgussform, Werkzeugmacher, China Formenbauer, China Werkzeugbau, Kunststoffform China, China Spritzgussform Fabrik, Kunststoff-Spritzgussform Hersteller in China<\/strong><\/p>\n<p>[\/et_pb_text][et_pb_text _builder_version=\u201d3.10.2\u2033 custom_margin=\u201d-15px|-50px||-50px\u201d]<\/p>\n<p><strong><span style=\"color: #0c0c0c;\"><a href=\"https:\/\/www.plasticmoldco.com\/de\/\">Startseite\u00a0 \u00a0<\/a>|\u00a0 \u00a0<a href=\"https:\/\/www.plasticmoldco.com\/de\/about-us\/\">\u00dcber uns\u00a0<\/a> \u00a0|\u00a0 <a href=\"https:\/\/www.plasticmoldco.com\/de\/konstruktionstechnik\/\">Design und Technik<\/a>\u00a0 |\u00a0 \u00a0<a href=\"https:\/\/www.plasticmoldco.com\/de\/products\/\">Produkte\u00a0\u00a0\u00a0\u00a0\u00a0<\/a>|\u00a0\u00a0\u00a0\u00a0\u00a0<a href=\"https:\/\/www.plasticmoldco.com\/de\/nachrichten\/\">Nachrichten<\/a>\u00a0\u00a0\u00a0\u00a0\u00a0|\u00a0\u00a0\u00a0\u00a0\u00a0<a href=\"https:\/\/www.plasticmoldco.com\/de\/qualitatsversicherung\/\">Qualit\u00e4tsversicherung\u00a0<\/a>\u00a0\u00a0\u00a0\u00a0|\u00a0 \u00a0 <a href=\"https:\/\/www.plasticmoldco.com\/de\/po-verfahren\/\">PO-Verfahren<\/a>\u00a0 \u00a0 |\u00a0 \u00a0 <a href=\"https:\/\/www.plasticmoldco.com\/de\/ausrustung\/\">Ausr\u00fcstung\u00a0 \u00a0<\/a> |\u00a0 \u00a0<a href=\"https:\/\/www.plasticmoldco.com\/de\/industriedesign-fall\/\">Industriedesign-Fall\u00a0<\/a> \u00a0 |\u00a0 \u00a0 <a href=\"https:\/\/www.plasticmoldco.com\/de\/sitemap\/\">Inhaltsverzeichnis<\/a><\/span><\/strong><\/p>\n<p>[\/et_pb_text][et_pb_text _builder_version=\"3.10.2\u2033 custom_margin=\"-15px|||\"]<\/p>\n<p style=\"text-align: center;\"><strong>Urheberrecht \u00a9 2011 DONGGUAN SINCER TECH CO.LTD. | China Formenbauer, China Kunststoff-Spritzguss, China Werkzeugmacher.<\/strong><br \/>\n<strong> Unternehmensregister Nr.:1626173<\/strong><\/p>\n<p>[\/et_pb_text][\/et_pb_column][\/et_pb_row][\/et_pb_section][et_pb_section bb_built=\"1\u2033 disabled_on=\"||on\" _builder_version=\"3.10.2\u2033 custom_margin=\"-103px|||\" prev_background_color=\"#000000\u2033][et_pb_row _builder_version=\"3.0.48\u2033 background_size=\"initial\" background_position=\"top_left\" background_repeat=\"repeat\"][et_pb_column type=\"4_4\u2033][et_pb_text _builder_version=\"3.10.2\u2033]<\/p>\n<p style=\"padding-left: 30px;\"><strong>China Kunststoff-Spritzgussform, Werkzeugmacher, China Formenbauer, China Werkzeugbau, Kunststoffform China, China Spritzgussform Fabrik, Kunststoff-Spritzgussform Hersteller in China<\/strong><\/p>\n<p>[\/et_pb_text][et_pb_text _builder_version=\u201d3.10.2\u2033]<\/p>\n<p><strong><span style=\"color: #0c0c0c;\"><a href=\"https:\/\/www.plasticmoldco.com\/de\/\">Startseite\u00a0 \u00a0<\/a>|\u00a0 \u00a0<a href=\"https:\/\/www.plasticmoldco.com\/de\/about-us\/\">\u00dcber uns\u00a0<\/a> \u00a0|\u00a0 <a href=\"https:\/\/www.plasticmoldco.com\/de\/konstruktionstechnik\/\">Design und Technik<\/a>\u00a0 |\u00a0 \u00a0<a href=\"https:\/\/www.plasticmoldco.com\/de\/products\/\">Produkte\u00a0\u00a0\u00a0\u00a0\u00a0<\/a>|\u00a0\u00a0\u00a0\u00a0\u00a0<a href=\"https:\/\/www.plasticmoldco.com\/de\/nachrichten\/\">Nachrichten<\/a>\u00a0\u00a0\u00a0\u00a0\u00a0|\u00a0\u00a0\u00a0\u00a0\u00a0<a href=\"https:\/\/www.plasticmoldco.com\/de\/qualitatsversicherung\/\">Qualit\u00e4tsversicherung\u00a0<\/a>\u00a0\u00a0\u00a0\u00a0|\u00a0 \u00a0 <a href=\"https:\/\/www.plasticmoldco.com\/de\/po-verfahren\/\">PO-Verfahren<\/a>\u00a0 \u00a0 |\u00a0 \u00a0 <a href=\"https:\/\/www.plasticmoldco.com\/de\/ausrustung\/\">Ausr\u00fcstung\u00a0 \u00a0<\/a> |\u00a0 \u00a0<a href=\"https:\/\/www.plasticmoldco.com\/de\/industriedesign-fall\/\">Industriedesign-Fall\u00a0<\/a> \u00a0 |\u00a0 \u00a0 <a href=\"https:\/\/www.plasticmoldco.com\/de\/sitemap\/\">Inhaltsverzeichnis<\/a><\/span><\/strong><\/p>\n<p>[\/et_pb_text][et_pb_text _builder_version=\u201d3.10.2\u2033]<\/p>\n<p style=\"text-align: center;\"><strong>Urheberrecht \u00a9 2011 DONGGUAN SINCER TECH CO.LTD. | China Formenbauer, China Kunststoff-Spritzguss, China Werkzeugmacher.<\/strong><br \/>\n<strong> Unternehmensregister Nr.:1626173<\/strong><\/p>\n<p>[\/et_pb_text][\/et_pb_column][\/et_pb_row][\/et_pb_section]<\/p>","protected":false},"excerpt":{"rendered":"<p>China Kunststoff-Spritzgussform, Werkzeughersteller, China Formenbauer, China Werkzeuge, Kunststoffform China, China Spritzgussform Fabrik, Kunststoff-Spritzgussform Hersteller in China Home | \u00dcber uns | Design &amp; Engineering | Produkte | News | Qualit\u00e4tssicherung | PO Verfahren | Ausr\u00fcstung | Industrial Design Case | Sitemap Copyright \u00a9 2011 DONGGUAN SINCER [...]<\/p>","protected":false},"author":1,"featured_media":0,"parent":0,"menu_order":0,"comment_status":"closed","ping_status":"closed","template":"","meta":{"_et_pb_use_builder":"on","_et_pb_old_content":"","_et_gb_content_width":"","footnotes":""},"class_list":["post-53","page","type-page","status-publish","hentry"],"yoast_head":"<!-- This site is optimized with the Yoast SEO plugin v26.4 - https:\/\/yoast.com\/wordpress\/plugins\/seo\/ -->\n<title>Mold Equipment - Plastic Mold | China Mold Maker<\/title>\n<meta name=\"robots\" content=\"index, follow, max-snippet:-1, max-image-preview:large, max-video-preview:-1\" \/>\n<link rel=\"canonical\" href=\"https:\/\/www.plasticmoldco.com\/de\/\uae08\ud615-\uc7a5\ube44\/\" \/>\n<meta property=\"og:locale\" content=\"de_DE\" \/>\n<meta property=\"og:type\" content=\"article\" \/>\n<meta property=\"og:title\" content=\"Mold Equipment - Plastic Mold | China Mold Maker\" \/>\n<meta property=\"og:description\" content=\"China plastic injection mold, toolmaker, China mould maker, China tooling, Plastic mould china, China injection mold factory, plastic injection mold manufacturer in china Home\u00a0 \u00a0|\u00a0 \u00a0About Us\u00a0 \u00a0|\u00a0 Design &amp; Engineering\u00a0 |\u00a0 \u00a0Products\u00a0\u00a0\u00a0\u00a0\u00a0|\u00a0\u00a0\u00a0\u00a0\u00a0News\u00a0\u00a0\u00a0\u00a0\u00a0|\u00a0\u00a0\u00a0\u00a0\u00a0Quality Insurance\u00a0\u00a0\u00a0\u00a0\u00a0|\u00a0 \u00a0 PO Procedure\u00a0 \u00a0 |\u00a0 \u00a0 Equipment\u00a0 \u00a0 |\u00a0 \u00a0Industrial Design Case\u00a0 \u00a0 |\u00a0 \u00a0 Sitemap Copyright \u00a9 2011 DONGGUAN SINCER [&hellip;]\" \/>\n<meta property=\"og:url\" content=\"https:\/\/www.plasticmoldco.com\/de\/\uae08\ud615-\uc7a5\ube44\/\" \/>\n<meta property=\"og:site_name\" content=\"Plastic Mold | China Mold Maker\" \/>\n<meta property=\"article:modified_time\" content=\"2018-10-18T10:30:16+00:00\" \/>\n<meta property=\"og:image\" content=\"https:\/\/plasticmoldco.com\/wp-content\/uploads\/2018\/10\/new.n-300x18.jpg\" \/>\n<meta name=\"twitter:card\" content=\"summary_large_image\" \/>\n<meta name=\"twitter:label1\" content=\"Gesch\u00e4tzte Lesezeit\" \/>\n\t<meta name=\"twitter:data1\" content=\"5\u00a0Minuten\" \/>\n<script type=\"application\/ld+json\" class=\"yoast-schema-graph\">{\"@context\":\"https:\/\/schema.org\",\"@graph\":[{\"@type\":\"WebPage\",\"@id\":\"https:\/\/www.plasticmoldco.com\/ko\/\uae08\ud615-\uc7a5\ube44\/\",\"url\":\"https:\/\/www.plasticmoldco.com\/ko\/\uae08\ud615-\uc7a5\ube44\/\",\"name\":\"Mold Equipment - Plastic Mold | China Mold Maker\",\"isPartOf\":{\"@id\":\"https:\/\/www.plasticmoldco.com\/el\/#website\"},\"primaryImageOfPage\":{\"@id\":\"https:\/\/www.plasticmoldco.com\/ko\/\uae08\ud615-\uc7a5\ube44\/#primaryimage\"},\"image\":{\"@id\":\"https:\/\/www.plasticmoldco.com\/ko\/\uae08\ud615-\uc7a5\ube44\/#primaryimage\"},\"thumbnailUrl\":\"https:\/\/plasticmoldco.com\/wp-content\/uploads\/2018\/10\/new.n-300x18.jpg\",\"datePublished\":\"2018-10-14T09:07:12+00:00\",\"dateModified\":\"2018-10-18T10:30:16+00:00\",\"breadcrumb\":{\"@id\":\"https:\/\/www.plasticmoldco.com\/ko\/\uae08\ud615-\uc7a5\ube44\/#breadcrumb\"},\"inLanguage\":\"de\",\"potentialAction\":[{\"@type\":\"ReadAction\",\"target\":[\"https:\/\/www.plasticmoldco.com\/ko\/\uae08\ud615-\uc7a5\ube44\/\"]}]},{\"@type\":\"ImageObject\",\"inLanguage\":\"de\",\"@id\":\"https:\/\/www.plasticmoldco.com\/ko\/\uae08\ud615-\uc7a5\ube44\/#primaryimage\",\"url\":\"https:\/\/plasticmoldco.com\/wp-content\/uploads\/2018\/10\/new.n-300x18.jpg\",\"contentUrl\":\"https:\/\/plasticmoldco.com\/wp-content\/uploads\/2018\/10\/new.n-300x18.jpg\"},{\"@type\":\"BreadcrumbList\",\"@id\":\"https:\/\/www.plasticmoldco.com\/ko\/\uae08\ud615-\uc7a5\ube44\/#breadcrumb\",\"itemListElement\":[{\"@type\":\"ListItem\",\"position\":1,\"name\":\"Home\",\"item\":\"https:\/\/www.plasticmoldco.com\/\"},{\"@type\":\"ListItem\",\"position\":2,\"name\":\"Mold Equipment\"}]},{\"@type\":\"WebSite\",\"@id\":\"https:\/\/www.plasticmoldco.com\/el\/#website\",\"url\":\"https:\/\/www.plasticmoldco.com\/el\/\",\"name\":\"Plastic Mold | China Mold Maker\",\"description\":\"Are you looking for injection mold china? We are plastic mold maker\",\"publisher\":{\"@id\":\"https:\/\/www.plasticmoldco.com\/el\/#organization\"},\"potentialAction\":[{\"@type\":\"SearchAction\",\"target\":{\"@type\":\"EntryPoint\",\"urlTemplate\":\"https:\/\/www.plasticmoldco.com\/el\/?s={search_term_string}\"},\"query-input\":{\"@type\":\"PropertyValueSpecification\",\"valueRequired\":true,\"valueName\":\"search_term_string\"}}],\"inLanguage\":\"de\"},{\"@type\":\"Organization\",\"@id\":\"https:\/\/www.plasticmoldco.com\/el\/#organization\",\"name\":\"Plastic Mold | China Mold Maker\",\"url\":\"https:\/\/www.plasticmoldco.com\/el\/\",\"logo\":{\"@type\":\"ImageObject\",\"inLanguage\":\"de\",\"@id\":\"https:\/\/www.plasticmoldco.com\/el\/#\/schema\/logo\/image\/\",\"url\":\"https:\/\/plasticmoldco.com\/wp-content\/uploads\/2018\/10\/nlogon.png\",\"contentUrl\":\"https:\/\/plasticmoldco.com\/wp-content\/uploads\/2018\/10\/nlogon.png\",\"width\":204,\"height\":54,\"caption\":\"Plastic Mold | China Mold Maker\"},\"image\":{\"@id\":\"https:\/\/www.plasticmoldco.com\/el\/#\/schema\/logo\/image\/\"}}]}<\/script>\n<!-- \/ Yoast SEO plugin. -->","yoast_head_json":{"title":"Formausr\u00fcstung - Kunststoffform | China Mold Maker","robots":{"index":"index","follow":"follow","max-snippet":"max-snippet:-1","max-image-preview":"max-image-preview:large","max-video-preview":"max-video-preview:-1"},"canonical":"https:\/\/www.plasticmoldco.com\/de\/\uae08\ud615-\uc7a5\ube44\/","og_locale":"de_DE","og_type":"article","og_title":"Mold Equipment - Plastic Mold | China Mold Maker","og_description":"China plastic injection mold, toolmaker, China mould maker, China tooling, Plastic mould china, China injection mold factory, plastic injection mold manufacturer in china Home\u00a0 \u00a0|\u00a0 \u00a0About Us\u00a0 \u00a0|\u00a0 Design &amp; Engineering\u00a0 |\u00a0 \u00a0Products\u00a0\u00a0\u00a0\u00a0\u00a0|\u00a0\u00a0\u00a0\u00a0\u00a0News\u00a0\u00a0\u00a0\u00a0\u00a0|\u00a0\u00a0\u00a0\u00a0\u00a0Quality Insurance\u00a0\u00a0\u00a0\u00a0\u00a0|\u00a0 \u00a0 PO Procedure\u00a0 \u00a0 |\u00a0 \u00a0 Equipment\u00a0 \u00a0 |\u00a0 \u00a0Industrial Design Case\u00a0 \u00a0 |\u00a0 \u00a0 Sitemap Copyright \u00a9 2011 DONGGUAN SINCER [&hellip;]","og_url":"https:\/\/www.plasticmoldco.com\/de\/\uae08\ud615-\uc7a5\ube44\/","og_site_name":"Plastic Mold | China Mold Maker","article_modified_time":"2018-10-18T10:30:16+00:00","og_image":[{"url":"https:\/\/plasticmoldco.com\/wp-content\/uploads\/2018\/10\/new.n-300x18.jpg","type":"","width":"","height":""}],"twitter_card":"summary_large_image","twitter_misc":{"Gesch\u00e4tzte Lesezeit":"5\u00a0Minuten"},"schema":{"@context":"https:\/\/schema.org","@graph":[{"@type":"WebPage","@id":"https:\/\/www.plasticmoldco.com\/ko\/\uae08\ud615-\uc7a5\ube44\/","url":"https:\/\/www.plasticmoldco.com\/ko\/\uae08\ud615-\uc7a5\ube44\/","name":"Formausr\u00fcstung - Kunststoffform | China Mold Maker","isPartOf":{"@id":"https:\/\/www.plasticmoldco.com\/el\/#website"},"primaryImageOfPage":{"@id":"https:\/\/www.plasticmoldco.com\/ko\/\uae08\ud615-\uc7a5\ube44\/#primaryimage"},"image":{"@id":"https:\/\/www.plasticmoldco.com\/ko\/\uae08\ud615-\uc7a5\ube44\/#primaryimage"},"thumbnailUrl":"https:\/\/plasticmoldco.com\/wp-content\/uploads\/2018\/10\/new.n-300x18.jpg","datePublished":"2018-10-14T09:07:12+00:00","dateModified":"2018-10-18T10:30:16+00:00","breadcrumb":{"@id":"https:\/\/www.plasticmoldco.com\/ko\/\uae08\ud615-\uc7a5\ube44\/#breadcrumb"},"inLanguage":"de","potentialAction":[{"@type":"ReadAction","target":["https:\/\/www.plasticmoldco.com\/ko\/\uae08\ud615-\uc7a5\ube44\/"]}]},{"@type":"ImageObject","inLanguage":"de","@id":"https:\/\/www.plasticmoldco.com\/ko\/\uae08\ud615-\uc7a5\ube44\/#primaryimage","url":"https:\/\/plasticmoldco.com\/wp-content\/uploads\/2018\/10\/new.n-300x18.jpg","contentUrl":"https:\/\/plasticmoldco.com\/wp-content\/uploads\/2018\/10\/new.n-300x18.jpg"},{"@type":"BreadcrumbList","@id":"https:\/\/www.plasticmoldco.com\/ko\/\uae08\ud615-\uc7a5\ube44\/#breadcrumb","itemListElement":[{"@type":"ListItem","position":1,"name":"Home","item":"https:\/\/www.plasticmoldco.com\/"},{"@type":"ListItem","position":2,"name":"Mold Equipment"}]},{"@type":"WebSite","@id":"https:\/\/www.plasticmoldco.com\/el\/#website","url":"https:\/\/www.plasticmoldco.com\/el\/","name":"Kunststoffform | China Mold Maker","description":"Sind Sie auf der Suche nach Spritzgussformen aus China? Wir sind Kunststoff Formenbauer","publisher":{"@id":"https:\/\/www.plasticmoldco.com\/el\/#organization"},"potentialAction":[{"@type":"SearchAction","target":{"@type":"EntryPoint","urlTemplate":"https:\/\/www.plasticmoldco.com\/el\/?s={search_term_string}"},"query-input":{"@type":"PropertyValueSpecification","valueRequired":true,"valueName":"search_term_string"}}],"inLanguage":"de"},{"@type":"Organization","@id":"https:\/\/www.plasticmoldco.com\/el\/#organization","name":"Kunststoffform | China Mold Maker","url":"https:\/\/www.plasticmoldco.com\/el\/","logo":{"@type":"ImageObject","inLanguage":"de","@id":"https:\/\/www.plasticmoldco.com\/el\/#\/schema\/logo\/image\/","url":"https:\/\/plasticmoldco.com\/wp-content\/uploads\/2018\/10\/nlogon.png","contentUrl":"https:\/\/plasticmoldco.com\/wp-content\/uploads\/2018\/10\/nlogon.png","width":204,"height":54,"caption":"Plastic Mold | China Mold Maker"},"image":{"@id":"https:\/\/www.plasticmoldco.com\/el\/#\/schema\/logo\/image\/"}}]}},"_links":{"self":[{"href":"https:\/\/www.plasticmoldco.com\/de\/wp-json\/wp\/v2\/pages\/53","targetHints":{"allow":["GET"]}}],"collection":[{"href":"https:\/\/www.plasticmoldco.com\/de\/wp-json\/wp\/v2\/pages"}],"about":[{"href":"https:\/\/www.plasticmoldco.com\/de\/wp-json\/wp\/v2\/types\/page"}],"author":[{"embeddable":true,"href":"https:\/\/www.plasticmoldco.com\/de\/wp-json\/wp\/v2\/users\/1"}],"replies":[{"embeddable":true,"href":"https:\/\/www.plasticmoldco.com\/de\/wp-json\/wp\/v2\/comments?post=53"}],"version-history":[{"count":0,"href":"https:\/\/www.plasticmoldco.com\/de\/wp-json\/wp\/v2\/pages\/53\/revisions"}],"wp:attachment":[{"href":"https:\/\/www.plasticmoldco.com\/de\/wp-json\/wp\/v2\/media?parent=53"}],"curies":[{"name":"wp","href":"https:\/\/api.w.org\/{rel}","templated":true}]}}