{"id":791,"date":"2018-10-18T13:38:34","date_gmt":"2018-10-18T05:38:34","guid":{"rendered":"https:\/\/plasticmoldco.com\/?page_id=791"},"modified":"2018-10-18T13:38:34","modified_gmt":"2018-10-18T05:38:34","slug":"plastic-product","status":"publish","type":"page","link":"https:\/\/www.plasticmoldco.com\/da\/plastprodukt\/","title":{"rendered":"Plastprodukt"},"content":{"rendered":"<p>[et_pb_section bb_built=\"1\u2033 disabled_on=\"on|on|\" _builder_version=\"3.10.2\u2033 custom_padding=\"0|0px|0|0px|false|false\" next_background_color=\"#000000\u2033][et_pb_row custom_padding=\"18px|0px|0|0px|false|false\" _builder_version=\"3.0.48\u2033 background_size=\"initial\" background_position=\"top_left\" background_repeat=\"repeat\"][et_pb_column type=\"4_4\u2033][et_pb_text _builder_version=\"3.10.2\u2033 custom_margin=\"0px|-120px|16px|-100px\"]<\/p>\n<p><img loading=\"lazy\" decoding=\"async\" class=\"wp-image-213 alignnone size-medium\" src=\"https:\/\/plasticmoldco.com\/wp-content\/uploads\/2018\/10\/new.n-300x18.jpg\" alt=\"\" width=\"1266\" height=\"76\" srcset=\"https:\/\/www.plasticmoldco.com\/wp-content\/uploads\/2018\/10\/new.n-300x18.jpg 300w, https:\/\/www.plasticmoldco.com\/wp-content\/uploads\/2018\/10\/new.n-768x45.jpg 768w, https:\/\/www.plasticmoldco.com\/wp-content\/uploads\/2018\/10\/new.n-1024x60.jpg 1024w\" sizes=\"(max-width: 1266px) 100vw, 1266px\" \/><\/p>\n<p>[\/et_pb_text][\/et_pb_column][\/et_pb_row][\/et_pb_section][et_pb_section bb_built=\"1\u2033 disabled_on=\"||on\" _builder_version=\"3.10.2\u2033 custom_padding=\"22px|0px|0|0px|false|false\" prev_background_color=\"#000000\u2033 next_background_color=\"#000000\u2033][et_pb_row custom_padding=\"0|0px|12px|0px|false|false\" _builder_version=\"3.0.48\u2033 background_size=\"initial\" background_position=\"top_left\" background_repeat=\"repeat\"][et_pb_column type=\"4_4\u2033][et_pb_text _builder_version=\"3.10.2\u2033]<\/p>\n<p><img loading=\"lazy\" decoding=\"async\" class=\"wp-image-213 alignnone size-medium\" src=\"https:\/\/plasticmoldco.com\/wp-content\/uploads\/2018\/10\/new.n-300x18.jpg\" alt=\"\" width=\"1266\" height=\"76\" srcset=\"https:\/\/www.plasticmoldco.com\/wp-content\/uploads\/2018\/10\/new.n-300x18.jpg 300w, https:\/\/www.plasticmoldco.com\/wp-content\/uploads\/2018\/10\/new.n-768x45.jpg 768w, https:\/\/www.plasticmoldco.com\/wp-content\/uploads\/2018\/10\/new.n-1024x60.jpg 1024w\" sizes=\"(max-width: 1266px) 100vw, 1266px\" \/><\/p>\n<p>[\/et_pb_text][\/et_pb_column][\/et_pb_row][\/et_pb_section][et_pb_section bb_built=\"1\u2033 disabled_on=\"on|on|\" _builder_version=\"3.10.2\u2033 custom_padding=\"0|0px|54px|0px|false|false\" prev_background_color=\"#000000\u2033 next_background_color=\"#000000\u2033][et_pb_row custom_padding=\"0|0px|0|0px|false|false\" _builder_version=\"3.0.48\u2033 background_size=\"initial\" background_position=\"top_left\" background_repeat=\"repeat\"][et_pb_column type=\"3_4\u2033][et_pb_text _builder_version=\"3.10.2\u2033 border_width_all=\"3px\" border_color_all=\"#e5e5e5\u2033 custom_margin=\"15px|-90px||-86px\" custom_padding=\"10px|10px|10px|10px\"]<\/p>\n<div id=\"titlep\">\n<div id=\"titlep\">\n<div id=\"titlep\">\n<div id=\"titlep\">\n<div>\n<h2>Plastprodukt<\/h2>\n<\/div>\n<\/div>\n<div id=\"mge\"><\/div>\n<p><img loading=\"lazy\" decoding=\"async\" class=\"aligncenter size-large wp-image-1043\" title=\"spr\u00f8jtest\u00f8bevirksomhed i Kina\" src=\"https:\/\/web.archive.org\/web\/20140824031457im_\/http:\/\/www.moldchina.org\/wp-content\/uploads\/2011\/06\/21_6_278519643-720x405.jpg\" alt=\"\" width=\"640\" height=\"360\" \/><br \/>\nBeskrivelse af produktet<br \/>\n1, brugerdefineret elektronisk plasttilbeh\u00f8r<br \/>\n2, Best\u00e5et ISO9001: 2008<br \/>\n3, egen uafh\u00e6ngig fabrik til at producere<br \/>\n4, avanceret designsoftware<\/p>\n<p>Produktnavn brugerdefineret elektronisk plasttilbeh\u00f8r<\/p>\n<p>Vi er f\u00f8rende producent af spr\u00f8jtest\u00f8beforme og spr\u00f8jteprodukter i Shenzhen, Kina.<\/p>\n<p>Detaljer om plastspr\u00f8jtest\u00f8bningsprodukterne<br \/>\n1. Materiale til plastspr\u00f8jtest\u00f8bningsprodukter: Nylon, ABS, PMMA, PP, POM, PP, PE, PC, PBT, PA, PSU, TPU, TPE osv.<br \/>\n2. Omfanget af st\u00f8beprodukter: Plasttilbeh\u00f8r til biler, plasttilbeh\u00f8r til computere, plasttilbeh\u00f8r til arkitektur, plasttilbeh\u00f8r til husholdninger osv.<\/p>\n<p>Det vigtigste marked<br \/>\nVesteuropa, Nordamerika, Japan og Rusland<br \/>\nBetaling<br \/>\nT\/T, Western Union<br \/>\nPakning<br \/>\nTil det tilpassede autotilbeh\u00f8r i plast: En i en plastpose med tissuepapir, og l\u00e6g derefter poserne i en karton<br \/>\nLevering: Til s\u00f8s eller med fly<\/p>\n<p>Vi er et st\u00f8befirma, der er specialiseret i design og fremstilling af plastforme til alle typer industrier, herunder leget\u00f8jsforme, computertilbeh\u00f8r, kommunikation, bilindustrien, husholdninger og mange andre, til konkurrencedygtige priser. Vi leverer en One Stop shop til kunder med vores evne til at designe til samling. Eventuelle foresp\u00f8rgsler er du velkommen til at kontakte.<\/p>\n<\/div>\n<\/div>\n<\/div>\n<p>[\/et_pb_text][\/et_pb_column][et_pb_column type=\"1_4\u2033][et_pb_sidebar _builder_version=\"3.10.2\u2033 area=\"sidebar-1\u2033 custom_margin=\"15px|-94px||40px\" custom_padding=\"10px|10px|10px|10px\" border_width_all=\"2px\" border_color_all=\"#d3d3d3\u2033 \/][\/et_pb_column][\/et_pb_row][\/et_pb_section][et_pb_section bb_built=\"1\u2033 disabled_on=\"||on\" _builder_version=\"3.10.2\u2033 custom_padding=\"0|0px|54px|0px|false|false\" prev_background_color=\"#000000\u2033 next_background_color=\"#000000\u2033][et_pb_row custom_padding=\"0|0px|0|0px|false|false\" _builder_version=\"3.0.48\u2033 background_size=\"initial\" background_position=\"top_left\" background_repeat=\"repeat\"][et_pb_column type=\"4_4\u2033][et_pb_text _builder_version=\"3.10.2\u2033 border_width_all=\"3px\" border_color_all=\"#e5e5e5\u2033]<\/p>\n<div id=\"titlep\">\n<div id=\"titlep\">\n<div id=\"titlep\">\n<div>\n<h2>Plastprodukt<\/h2>\n<\/div>\n<\/div>\n<div id=\"mge\"><\/div>\n<p><img loading=\"lazy\" decoding=\"async\" class=\"aligncenter size-large wp-image-1043\" title=\"spr\u00f8jtest\u00f8bevirksomhed i Kina\" src=\"https:\/\/web.archive.org\/web\/20140824031457im_\/http:\/\/www.moldchina.org\/wp-content\/uploads\/2011\/06\/21_6_278519643-720x405.jpg\" alt=\"\" width=\"640\" height=\"360\" \/><br \/>\nBeskrivelse af produktet<br \/>\n1, brugerdefineret elektronisk plasttilbeh\u00f8r<br \/>\n2, Best\u00e5et ISO9001: 2008<br \/>\n3, egen uafh\u00e6ngig fabrik til at producere<br \/>\n4, avanceret designsoftware<\/p>\n<p>Produktnavn brugerdefineret elektronisk plasttilbeh\u00f8r<\/p>\n<p>Vi er f\u00f8rende producent af spr\u00f8jtest\u00f8beforme og spr\u00f8jteprodukter i Shenzhen, Kina.<\/p>\n<p>Detaljer om plastspr\u00f8jtest\u00f8bningsprodukterne<br \/>\n1. Materiale til plastspr\u00f8jtest\u00f8bningsprodukter: Nylon, ABS, PMMA, PP, POM, PP, PE, PC, PBT, PA, PSU, TPU, TPE osv.<br \/>\n2. Omfanget af st\u00f8beprodukter: Plasttilbeh\u00f8r til biler, plasttilbeh\u00f8r til computere, plasttilbeh\u00f8r til arkitektur, plasttilbeh\u00f8r til husholdninger osv.<\/p>\n<p>Det vigtigste marked<br \/>\nVesteuropa, Nordamerika, Japan og Rusland<br \/>\nBetaling<br \/>\nT\/T, Western Union<br \/>\nPakning<br \/>\nTil det tilpassede autotilbeh\u00f8r i plast: En i en plastpose med tissuepapir, og l\u00e6g derefter poserne i en karton<br \/>\nLevering: Til s\u00f8s eller med fly<\/p>\n<p>Vi er et st\u00f8befirma, der er specialiseret i design og fremstilling af plastforme til alle typer industrier, herunder leget\u00f8jsforme, computertilbeh\u00f8r, kommunikation, bilindustrien, husholdninger og mange andre, til konkurrencedygtige priser. Vi leverer en One Stop shop til kunder med vores evne til at designe til samling. Eventuelle foresp\u00f8rgsler er du velkommen til at kontakte.<\/p>\n<\/div>\n<\/div>\n<p>[\/et_pb_text][et_pb_text _builder_version=\"3.10.2\u2033 text_font_size=\"13px\" header_font=\"|700|||||||\" border_width_all=\"2px\" border_color_all=\"#bcbcbc\" inline_fonts=\"Arial\"]<\/p>\n<h4><img loading=\"lazy\" decoding=\"async\" class=\"wp-image-111 alignnone\" src=\"https:\/\/plasticmoldco.com\/wp-content\/uploads\/2018\/10\/sss.png\" alt=\"\" width=\"16\" height=\"13\" \/><strong>Skimmelprodukt<\/strong><\/h4>\n<hr \/>\n<p>\u2192 <span style=\"font-size: medium;\"><strong><span style=\"color: #000000;\"><a style=\"color: #000000;\" href=\"https:\/\/www.plasticmoldco.com\/da\/skimmel\/\">MOLD<\/a><\/span><\/strong><\/span><br \/>\n<span style=\"font-size: medium;\"><strong><span style=\"color: #000000;\"> \u2192 <a style=\"color: #000000;\" href=\"https:\/\/www.plasticmoldco.com\/da\/prototypedele\/\">Prototype-dele<\/a><\/span><\/strong><\/span><br \/>\n<span style=\"font-size: medium;\"><strong><span style=\"color: #000000;\"> \u2192 <a style=\"color: #000000;\" href=\"https:\/\/www.plasticmoldco.com\/da\/plastdel\/\">Plastdel<\/a><\/span><\/strong><\/span><br \/>\n<span style=\"font-size: medium;\"><strong><span style=\"color: #000000;\"> \u2192 <a style=\"color: #000000;\" href=\"https:\/\/www.plasticmoldco.com\/da\/dele-af-silikongummi\/\">Silikone- og gummidele<\/a><\/span><\/strong><\/span><\/p>\n<p><span style=\"font-size: medium;\"><strong><span style=\"color: #000000;\">Kontakt os<\/span><\/strong><\/span><\/p>\n<hr \/>\n<p><strong><span style=\"color: #000000;\">DONGGUAN SINCERE TECH CO.LTD<\/span><\/strong><br \/>\n<strong><span style=\"color: #000000;\"> FABRIKSADRESSE: YUANXIA LU, YUANJIANG YUANG, CHANGPING TOWN, DONNGUAN CITY,GUANGDONG PROVINCE, CHINA 523000<\/span><\/strong><\/p>\n<p><strong><span style=\"color: #000000;\">TLF: +86 (0)769 3366 9997<\/span><\/strong><br \/>\n<strong><span style=\"color: #000000;\"> FAX: +86 (0)769 3366 9997<\/span><\/strong><\/p>\n<p><strong><span style=\"color: #000000;\">EMAIL: <a href=\"mailto:INFO@sinceretetechs.com\">INFO@sinceretetechs.com<\/a><\/span><\/strong><\/p>\n<ul>\n<li id=\"tag_cloud-3\" class=\"widget-container widget_tag_cloud\">\n<h3 class=\"widget-title\"><strong>Popul\u00e6r s\u00f8gning<\/strong><\/h3>\n<hr \/>\n<div class=\"tagcloud\"><strong>Kina Die Casting Kina spr\u00f8jtest\u00f8bning selskab Kina spr\u00f8jtest\u00f8bning fabrik Kina spr\u00f8jtest\u00f8bning Kina spr\u00f8jtest\u00f8bning producent Kina Injection Mould Kina spr\u00f8jtest\u00f8bning selskab Kina skimmel fabrik Kina skimmel maker Kina skimmel leverand\u00f8r Kina skimmel Kina skimmel maker Kina skimmel leverand\u00f8rer af skimmel Kina plast formfirmakina silikone kina silikongummi kina v\u00e6rkt\u00f8jsmager Kina v\u00e6rkt\u00f8jsmager i kina spr\u00f8jtest\u00f8bning spr\u00f8jtest\u00f8bt plast spr\u00f8jtest\u00f8bning spr\u00f8jtest\u00f8bning kina spr\u00f8jtest\u00f8bning kinesiskplastisk spr\u00f8jtest\u00f8bning plastform kina Prototype dele silikone kina silikongummi v\u00e6rkt\u00f8jsformfremstilling kina<\/strong><\/div>\n<\/li>\n<\/ul>\n<p><img decoding=\"async\" style=\"font-size: 13px; background-color: #ffffff; text-align: -webkit-center; display: block; margin-left: auto; margin-right: auto;\" src=\"https:\/\/web.archive.org\/web\/20140728234454im_\/http:\/\/www.moldchina.org\/wp-content\/themes\/9C008\/images\/iso.jpg\" \/><\/p>\n<p>[\/et_pb_text][\/et_pb_column][\/et_pb_row][\/et_pb_section][et_pb_section bb_built=\"1\u2033 disabled_on=\"on|on|\" _builder_version=\u201d3.10.2\u2033 custom_margin=\u201d-103px|||\u201d prev_background_color=\u201d#000000\u2033 next_background_color=\u201d#000000\u2033][et_pb_row _builder_version=\u201d3.0.48\u2033 background_size=\"initial\" background_position=\"top_left\" background_repeat=\"repeat\"][et_pb_column type=\"4_4\u2033][et_pb_text _builder_version=\"3.10.2\u2033 custom_margin=\"|-62px||-84px\"]<\/p>\n<p style=\"padding-left: 30px;\"><strong>Kina plastindspr\u00f8jtningsform, v\u00e6rkt\u00f8jsmager, Kina st\u00f8beformsproducent, Kina v\u00e6rkt\u00f8j, Plastform Kina, Kina spr\u00f8jtest\u00f8bningsfabrik, plastindspr\u00f8jtningsformsproducent i Kina<\/strong><\/p>\n<p>[\/et_pb_text][et_pb_text _builder_version=\u201d3.10.2\u2033 custom_margin=\u201d-15px|-50px||-50px\u201d]<\/p>\n<p><strong><span style=\"color: #0c0c0c;\"><a href=\"https:\/\/www.plasticmoldco.com\/da\/\">Hjem\u00a0 \u00a0<\/a>|\u00a0 \u00a0<a href=\"https:\/\/www.plasticmoldco.com\/da\/about-us\/\">Om os\u00a0<\/a> \u00a0|\u00a0 <a href=\"https:\/\/www.plasticmoldco.com\/da\/design-af-teknik\/\">Design og teknik<\/a>\u00a0 |\u00a0 \u00a0<a href=\"https:\/\/www.plasticmoldco.com\/da\/products\/\">Produkter\u00a0\u00a0\u00a0\u00a0\u00a0<\/a>|\u00a0\u00a0\u00a0\u00a0\u00a0<a href=\"https:\/\/www.plasticmoldco.com\/da\/nyheder\/\">Nyheder<\/a>\u00a0\u00a0\u00a0\u00a0\u00a0|\u00a0\u00a0\u00a0\u00a0\u00a0<a href=\"https:\/\/www.plasticmoldco.com\/da\/kvalitetsforsikring\/\">Kvalitetsforsikring\u00a0<\/a>\u00a0\u00a0\u00a0\u00a0|\u00a0 \u00a0 <a href=\"https:\/\/www.plasticmoldco.com\/da\/po-procedure\/\">PO-procedure<\/a>\u00a0 \u00a0 |\u00a0 \u00a0 <a href=\"https:\/\/www.plasticmoldco.com\/da\/udstyr\/\">Udstyr\u00a0 \u00a0<\/a> |\u00a0 \u00a0<a href=\"https:\/\/www.plasticmoldco.com\/da\/industriel-design-case\/\">Case om industrielt design\u00a0<\/a> \u00a0 |\u00a0 \u00a0 <a href=\"https:\/\/www.plasticmoldco.com\/da\/sitemap\/\">Sitemap<\/a><\/span><\/strong><\/p>\n<p>[\/et_pb_text][et_pb_text _builder_version=\"3.10.2\u2033 custom_margin=\"-15px||\"]<\/p>\n<p style=\"text-align: center;\"><strong>Copyright \u00a9 2011 DONGGUAN SINCER TECH CO.LTD. | Kina Mold maker, Kina Plastic spr\u00f8jtest\u00f8bning, Kina v\u00e6rkt\u00f8jsmager.<\/strong><br \/>\n<strong> Virksomhedsregister nr.:1626173<\/strong><\/p>\n<p>[\/et_pb_text][\/et_pb_column][\/et_pb_row][\/et_pb_section][et_pb_section bb_built=\"1\u2033 disabled_on=\"||on\" _builder_version=\"3.10.2\u2033 custom_margin=\"-103px||\" prev_background_color=\"#000000\u2033][et_pb_row _builder_version=\"3.0.48\u2033 background_size=\"initial\" background_position=\"top_left\" background_repeat=\"repeat\"][et_pb_column type=\"4_4\u2033][et_pb_text _builder_version=\"3.10.2\u2033]<\/p>\n<p style=\"padding-left: 30px;\"><strong>Kina plastindspr\u00f8jtningsform, v\u00e6rkt\u00f8jsmager, Kina st\u00f8beformsproducent, Kina v\u00e6rkt\u00f8j, Plastform Kina, Kina spr\u00f8jtest\u00f8bningsfabrik, plastindspr\u00f8jtningsformsproducent i Kina<\/strong><\/p>\n<p>[\/et_pb_text][et_pb_text _builder_version=\u201d3.10.2\u2033]<\/p>\n<p><strong><span style=\"color: #0c0c0c;\"><a href=\"https:\/\/www.plasticmoldco.com\/da\/\">Hjem\u00a0 \u00a0<\/a>|\u00a0 \u00a0<a href=\"https:\/\/www.plasticmoldco.com\/da\/about-us\/\">Om os\u00a0<\/a> \u00a0|\u00a0 <a href=\"https:\/\/www.plasticmoldco.com\/da\/design-af-teknik\/\">Design og teknik<\/a>\u00a0 |\u00a0 \u00a0<a href=\"https:\/\/www.plasticmoldco.com\/da\/products\/\">Produkter\u00a0\u00a0\u00a0\u00a0\u00a0<\/a>|\u00a0\u00a0\u00a0\u00a0\u00a0<a href=\"https:\/\/www.plasticmoldco.com\/da\/nyheder\/\">Nyheder<\/a>\u00a0\u00a0\u00a0\u00a0\u00a0|\u00a0\u00a0\u00a0\u00a0\u00a0<a href=\"https:\/\/www.plasticmoldco.com\/da\/kvalitetsforsikring\/\">Kvalitetsforsikring\u00a0<\/a>\u00a0\u00a0\u00a0\u00a0|\u00a0 \u00a0 <a href=\"https:\/\/www.plasticmoldco.com\/da\/po-procedure\/\">PO-procedure<\/a>\u00a0 \u00a0 |\u00a0 \u00a0 <a href=\"https:\/\/www.plasticmoldco.com\/da\/udstyr\/\">Udstyr\u00a0 \u00a0<\/a> |\u00a0 \u00a0<a href=\"https:\/\/www.plasticmoldco.com\/da\/industriel-design-case\/\">Case om industrielt design\u00a0<\/a> \u00a0 |\u00a0 \u00a0 <a href=\"https:\/\/www.plasticmoldco.com\/da\/sitemap\/\">Sitemap<\/a><\/span><\/strong><\/p>\n<p>[\/et_pb_text][et_pb_text _builder_version=\u201d3.10.2\u2033]<\/p>\n<p style=\"text-align: center;\"><strong>Copyright \u00a9 2011 DONGGUAN SINCER TECH CO.LTD. | Kina Mold maker, Kina Plastic spr\u00f8jtest\u00f8bning, Kina v\u00e6rkt\u00f8jsmager.<\/strong><br \/>\n<strong> Virksomhedsregister nr.:1626173<\/strong><\/p>\n<p>[\/et_pb_text][\/et_pb_column][\/et_pb_row][\/et_pb_section]<\/p>","protected":false},"excerpt":{"rendered":"<p>plastic product Product Description 1, Custom electronic plastic accessories 2, Passed ISO9001: 2008 3, Own independent factory to produce 4, advance design software Products name custom electronic plastic accessories we are lead manufacturer of injection mould and injection products located in Shenzhen, China Details about the plastic injection molding products 1. Material of the plastic [&hellip;]<\/p>","protected":false},"author":1,"featured_media":0,"parent":0,"menu_order":0,"comment_status":"closed","ping_status":"closed","template":"","meta":{"_et_pb_use_builder":"on","_et_pb_old_content":"","_et_gb_content_width":"","footnotes":""},"class_list":["post-791","page","type-page","status-publish","hentry"],"yoast_head":"<!-- This site is optimized with the Yoast SEO plugin v26.4 - https:\/\/yoast.com\/wordpress\/plugins\/seo\/ -->\n<title>plastic product - Plastic Mold | China Mold Maker<\/title>\n<meta name=\"robots\" content=\"index, follow, max-snippet:-1, max-image-preview:large, max-video-preview:-1\" \/>\n<link rel=\"canonical\" href=\"https:\/\/www.plasticmoldco.com\/da\/plasti\u0307k-urun\/\" \/>\n<meta property=\"og:locale\" content=\"da_DK\" \/>\n<meta property=\"og:type\" content=\"article\" \/>\n<meta property=\"og:title\" content=\"plastic product - Plastic Mold | China Mold Maker\" \/>\n<meta property=\"og:description\" content=\"plastic product Product Description 1, Custom electronic plastic accessories 2, Passed ISO9001: 2008 3, Own independent factory to produce 4, advance design software Products name custom electronic plastic accessories we are lead manufacturer of injection mould and injection products located in Shenzhen, China Details about the plastic injection molding products 1. Material of the plastic [&hellip;]\" \/>\n<meta property=\"og:url\" content=\"https:\/\/www.plasticmoldco.com\/da\/plasti\u0307k-urun\/\" \/>\n<meta property=\"og:site_name\" content=\"Plastic Mold | China Mold Maker\" \/>\n<meta property=\"og:image\" content=\"https:\/\/plasticmoldco.com\/wp-content\/uploads\/2018\/10\/new.n-300x18.jpg\" \/>\n<meta name=\"twitter:card\" content=\"summary_large_image\" \/>\n<meta name=\"twitter:label1\" content=\"Estimeret l\u00e6setid\" \/>\n\t<meta name=\"twitter:data1\" content=\"6 minutter\" \/>\n<script type=\"application\/ld+json\" class=\"yoast-schema-graph\">{\"@context\":\"https:\/\/schema.org\",\"@graph\":[{\"@type\":\"WebPage\",\"@id\":\"https:\/\/www.plasticmoldco.com\/tr\/plasti\u0307k-urun\/\",\"url\":\"https:\/\/www.plasticmoldco.com\/tr\/plasti\u0307k-urun\/\",\"name\":\"plastic product - Plastic Mold | China Mold Maker\",\"isPartOf\":{\"@id\":\"https:\/\/www.plasticmoldco.com\/el\/#website\"},\"primaryImageOfPage\":{\"@id\":\"https:\/\/www.plasticmoldco.com\/tr\/plasti\u0307k-urun\/#primaryimage\"},\"image\":{\"@id\":\"https:\/\/www.plasticmoldco.com\/tr\/plasti\u0307k-urun\/#primaryimage\"},\"thumbnailUrl\":\"https:\/\/plasticmoldco.com\/wp-content\/uploads\/2018\/10\/new.n-300x18.jpg\",\"datePublished\":\"2018-10-18T05:38:34+00:00\",\"breadcrumb\":{\"@id\":\"https:\/\/www.plasticmoldco.com\/tr\/plasti\u0307k-urun\/#breadcrumb\"},\"inLanguage\":\"da-DK\",\"potentialAction\":[{\"@type\":\"ReadAction\",\"target\":[\"https:\/\/www.plasticmoldco.com\/tr\/plasti\u0307k-urun\/\"]}]},{\"@type\":\"ImageObject\",\"inLanguage\":\"da-DK\",\"@id\":\"https:\/\/www.plasticmoldco.com\/tr\/plasti\u0307k-urun\/#primaryimage\",\"url\":\"https:\/\/plasticmoldco.com\/wp-content\/uploads\/2018\/10\/new.n-300x18.jpg\",\"contentUrl\":\"https:\/\/plasticmoldco.com\/wp-content\/uploads\/2018\/10\/new.n-300x18.jpg\"},{\"@type\":\"BreadcrumbList\",\"@id\":\"https:\/\/www.plasticmoldco.com\/tr\/plasti\u0307k-urun\/#breadcrumb\",\"itemListElement\":[{\"@type\":\"ListItem\",\"position\":1,\"name\":\"Home\",\"item\":\"https:\/\/www.plasticmoldco.com\/\"},{\"@type\":\"ListItem\",\"position\":2,\"name\":\"plastic product\"}]},{\"@type\":\"WebSite\",\"@id\":\"https:\/\/www.plasticmoldco.com\/el\/#website\",\"url\":\"https:\/\/www.plasticmoldco.com\/el\/\",\"name\":\"Plastic Mold | China Mold Maker\",\"description\":\"Are you looking for injection mold china? We are plastic mold maker\",\"publisher\":{\"@id\":\"https:\/\/www.plasticmoldco.com\/el\/#organization\"},\"potentialAction\":[{\"@type\":\"SearchAction\",\"target\":{\"@type\":\"EntryPoint\",\"urlTemplate\":\"https:\/\/www.plasticmoldco.com\/el\/?s={search_term_string}\"},\"query-input\":{\"@type\":\"PropertyValueSpecification\",\"valueRequired\":true,\"valueName\":\"search_term_string\"}}],\"inLanguage\":\"da-DK\"},{\"@type\":\"Organization\",\"@id\":\"https:\/\/www.plasticmoldco.com\/el\/#organization\",\"name\":\"Plastic Mold | China Mold Maker\",\"url\":\"https:\/\/www.plasticmoldco.com\/el\/\",\"logo\":{\"@type\":\"ImageObject\",\"inLanguage\":\"da-DK\",\"@id\":\"https:\/\/www.plasticmoldco.com\/el\/#\/schema\/logo\/image\/\",\"url\":\"https:\/\/plasticmoldco.com\/wp-content\/uploads\/2018\/10\/nlogon.png\",\"contentUrl\":\"https:\/\/plasticmoldco.com\/wp-content\/uploads\/2018\/10\/nlogon.png\",\"width\":204,\"height\":54,\"caption\":\"Plastic Mold | China Mold Maker\"},\"image\":{\"@id\":\"https:\/\/www.plasticmoldco.com\/el\/#\/schema\/logo\/image\/\"}}]}<\/script>\n<!-- \/ Yoast SEO plugin. -->","yoast_head_json":{"title":"plastprodukt - plastform | Kina Mold Maker","robots":{"index":"index","follow":"follow","max-snippet":"max-snippet:-1","max-image-preview":"max-image-preview:large","max-video-preview":"max-video-preview:-1"},"canonical":"https:\/\/www.plasticmoldco.com\/da\/plasti\u0307k-urun\/","og_locale":"da_DK","og_type":"article","og_title":"plastic product - Plastic Mold | China Mold Maker","og_description":"plastic product Product Description 1, Custom electronic plastic accessories 2, Passed ISO9001: 2008 3, Own independent factory to produce 4, advance design software Products name custom electronic plastic accessories we are lead manufacturer of injection mould and injection products located in Shenzhen, China Details about the plastic injection molding products 1. Material of the plastic [&hellip;]","og_url":"https:\/\/www.plasticmoldco.com\/da\/plasti\u0307k-urun\/","og_site_name":"Plastic Mold | China Mold Maker","og_image":[{"url":"https:\/\/plasticmoldco.com\/wp-content\/uploads\/2018\/10\/new.n-300x18.jpg","type":"","width":"","height":""}],"twitter_card":"summary_large_image","twitter_misc":{"Estimeret l\u00e6setid":"6 minutter"},"schema":{"@context":"https:\/\/schema.org","@graph":[{"@type":"WebPage","@id":"https:\/\/www.plasticmoldco.com\/tr\/plasti\u0307k-urun\/","url":"https:\/\/www.plasticmoldco.com\/tr\/plasti\u0307k-urun\/","name":"plastprodukt - plastform | Kina Mold Maker","isPartOf":{"@id":"https:\/\/www.plasticmoldco.com\/el\/#website"},"primaryImageOfPage":{"@id":"https:\/\/www.plasticmoldco.com\/tr\/plasti\u0307k-urun\/#primaryimage"},"image":{"@id":"https:\/\/www.plasticmoldco.com\/tr\/plasti\u0307k-urun\/#primaryimage"},"thumbnailUrl":"https:\/\/plasticmoldco.com\/wp-content\/uploads\/2018\/10\/new.n-300x18.jpg","datePublished":"2018-10-18T05:38:34+00:00","breadcrumb":{"@id":"https:\/\/www.plasticmoldco.com\/tr\/plasti\u0307k-urun\/#breadcrumb"},"inLanguage":"da-DK","potentialAction":[{"@type":"ReadAction","target":["https:\/\/www.plasticmoldco.com\/tr\/plasti\u0307k-urun\/"]}]},{"@type":"ImageObject","inLanguage":"da-DK","@id":"https:\/\/www.plasticmoldco.com\/tr\/plasti\u0307k-urun\/#primaryimage","url":"https:\/\/plasticmoldco.com\/wp-content\/uploads\/2018\/10\/new.n-300x18.jpg","contentUrl":"https:\/\/plasticmoldco.com\/wp-content\/uploads\/2018\/10\/new.n-300x18.jpg"},{"@type":"BreadcrumbList","@id":"https:\/\/www.plasticmoldco.com\/tr\/plasti\u0307k-urun\/#breadcrumb","itemListElement":[{"@type":"ListItem","position":1,"name":"Home","item":"https:\/\/www.plasticmoldco.com\/"},{"@type":"ListItem","position":2,"name":"plastic product"}]},{"@type":"WebSite","@id":"https:\/\/www.plasticmoldco.com\/el\/#website","url":"https:\/\/www.plasticmoldco.com\/el\/","name":"Plastic Mold | China Mold Maker","description":"Er du p\u00e5 udkig efter spr\u00f8jtest\u00f8bning i Kina? Vi er producent af plastforme","publisher":{"@id":"https:\/\/www.plasticmoldco.com\/el\/#organization"},"potentialAction":[{"@type":"SearchAction","target":{"@type":"EntryPoint","urlTemplate":"https:\/\/www.plasticmoldco.com\/el\/?s={search_term_string}"},"query-input":{"@type":"PropertyValueSpecification","valueRequired":true,"valueName":"search_term_string"}}],"inLanguage":"da-DK"},{"@type":"Organization","@id":"https:\/\/www.plasticmoldco.com\/el\/#organization","name":"Plastic Mold | China Mold Maker","url":"https:\/\/www.plasticmoldco.com\/el\/","logo":{"@type":"ImageObject","inLanguage":"da-DK","@id":"https:\/\/www.plasticmoldco.com\/el\/#\/schema\/logo\/image\/","url":"https:\/\/plasticmoldco.com\/wp-content\/uploads\/2018\/10\/nlogon.png","contentUrl":"https:\/\/plasticmoldco.com\/wp-content\/uploads\/2018\/10\/nlogon.png","width":204,"height":54,"caption":"Plastic Mold | China Mold Maker"},"image":{"@id":"https:\/\/www.plasticmoldco.com\/el\/#\/schema\/logo\/image\/"}}]}},"_links":{"self":[{"href":"https:\/\/www.plasticmoldco.com\/da\/wp-json\/wp\/v2\/pages\/791","targetHints":{"allow":["GET"]}}],"collection":[{"href":"https:\/\/www.plasticmoldco.com\/da\/wp-json\/wp\/v2\/pages"}],"about":[{"href":"https:\/\/www.plasticmoldco.com\/da\/wp-json\/wp\/v2\/types\/page"}],"author":[{"embeddable":true,"href":"https:\/\/www.plasticmoldco.com\/da\/wp-json\/wp\/v2\/users\/1"}],"replies":[{"embeddable":true,"href":"https:\/\/www.plasticmoldco.com\/da\/wp-json\/wp\/v2\/comments?post=791"}],"version-history":[{"count":0,"href":"https:\/\/www.plasticmoldco.com\/da\/wp-json\/wp\/v2\/pages\/791\/revisions"}],"wp:attachment":[{"href":"https:\/\/www.plasticmoldco.com\/da\/wp-json\/wp\/v2\/media?parent=791"}],"curies":[{"name":"wp","href":"https:\/\/api.w.org\/{rel}","templated":true}]}}