{"id":40,"date":"2018-10-14T17:05:05","date_gmt":"2018-10-14T09:05:05","guid":{"rendered":"https:\/\/plasticmoldco.com\/?page_id=40"},"modified":"2018-10-18T18:19:46","modified_gmt":"2018-10-18T10:19:46","slug":"quality-management","status":"publish","type":"page","link":"https:\/\/www.plasticmoldco.com\/da\/kvalitetsstyring\/","title":{"rendered":"Kvalitetsstyring"},"content":{"rendered":"<p>[et_pb_section bb_built=&#8221;1&#8243; disabled_on=&#8221;on|on|&#8221; _builder_version=&#8221;3.10.2&#8243; custom_padding=&#8221;0|0px|0|0px|false|false&#8221; next_background_color=&#8221;#000000&#8243;][et_pb_row custom_padding=&#8221;11px|0px|0|0px|false|false&#8221; _builder_version=&#8221;3.0.48&#8243; background_size=&#8221;initial&#8221; background_position=&#8221;top_left&#8221; background_repeat=&#8221;repeat&#8221;][et_pb_column type=&#8221;4_4&#8243;][et_pb_text _builder_version=&#8221;3.10.2&#8243; custom_margin=&#8221;0px|-120px|16px|-136px&#8221;]<\/p>\n<p><img loading=\"lazy\" decoding=\"async\" class=\"alignnone size-medium wp-image-262 aligncenter\" src=\"https:\/\/plasticmoldco.com\/wp-content\/uploads\/2018\/10\/ab-300x31.png\" alt=\"\" width=\"1247\" height=\"129\" srcset=\"https:\/\/www.plasticmoldco.com\/wp-content\/uploads\/2018\/10\/ab-300x31.png 300w, https:\/\/www.plasticmoldco.com\/wp-content\/uploads\/2018\/10\/ab-768x80.png 768w, https:\/\/www.plasticmoldco.com\/wp-content\/uploads\/2018\/10\/ab.png 964w\" sizes=\"(max-width: 1247px) 100vw, 1247px\" \/><\/p>\n<p>[\/et_pb_text][\/et_pb_column][\/et_pb_row][\/et_pb_section][et_pb_section bb_built=&#8221;1&#8243; disabled_on=&#8221;||on&#8221; _builder_version=&#8221;3.10.2&#8243; custom_padding=&#8221;9px|0px|0|0px|false|false&#8221; prev_background_color=&#8221;#000000&#8243; next_background_color=&#8221;#000000&#8243;][et_pb_row custom_padding=&#8221;0|0px|19px|0px|false|false&#8221; _builder_version=&#8221;3.0.48&#8243; background_size=&#8221;initial&#8221; background_position=&#8221;top_left&#8221; background_repeat=&#8221;repeat&#8221;][et_pb_column type=&#8221;4_4&#8243;][et_pb_text _builder_version=&#8221;3.10.2&#8243;]<\/p>\n<p><img loading=\"lazy\" decoding=\"async\" class=\"alignnone size-medium wp-image-262 aligncenter\" src=\"https:\/\/plasticmoldco.com\/wp-content\/uploads\/2018\/10\/ab-300x31.png\" alt=\"\" width=\"445\" height=\"46\" srcset=\"https:\/\/www.plasticmoldco.com\/wp-content\/uploads\/2018\/10\/ab-300x31.png 300w, https:\/\/www.plasticmoldco.com\/wp-content\/uploads\/2018\/10\/ab-768x80.png 768w, https:\/\/www.plasticmoldco.com\/wp-content\/uploads\/2018\/10\/ab.png 964w\" sizes=\"(max-width: 445px) 100vw, 445px\" \/><\/p>\n<p>[\/et_pb_text][\/et_pb_column][\/et_pb_row][\/et_pb_section][et_pb_section bb_built=\"1\u2033 disabled_on=\"on|on|\" _builder_version=\"3.10.2\u2033 custom_padding=\"0|0px|54px|0px|false|false\" next_background_color=\"#000000\u2033 prev_background_color=\"#000000\u2033][et_pb_row custom_padding=\"0|0px|0|0px|false|false\" _builder_version=\"3.0.48\u2033 background_size=\"initial\" background_position=\"top_left\" background_repeat=\"repeat\"][et_pb_column type=\"3_4\u2033][et_pb_text _builder_version=\"3.10.2\u2033 border_width_all=\"3px\" border_color_all=\"#e5e5e5\u2033 custom_margin=\"17px|-90px||-86px\" custom_padding=\"10px|10px|10px|10px\"]<\/p>\n<div id=\"titlep\">\n<div id=\"content\" role=\"main\">\n<div>\n<div id=\"titlep\">\n<div>\n<div><span style=\"font-size: x-large;\"><strong>Kvalitetsstyring<\/strong><\/span><br \/>\nForside \" Kvalitetsforsikring &gt; Kvalitetsstyring<\/div>\n<\/div>\n<\/div>\n<div id=\"mge\"><\/div>\n<div>Hos Sositar starter kvalitetsprocessen helt fra begyndelsen af hvert projekt. Vi er certificeret af og forpligtet til at overholde den omfattende kvalitetsstandard ISO9001. Vi demonstrerer denne forpligtelse ved at levere v\u00e6rkt\u00f8j af h\u00f8j kvalitet, designet og fremstillet, s\u00e5 vores kunder f\u00e5r den st\u00f8rste v\u00e6rdi. Vi definerer kvalitet som total kundetilfredshed. Det driver os til at n\u00f8jes med intet mindre end topkvalitet i alle aspekter af vores forretning, og vi forbedrer l\u00f8bende vores st\u00e6rke medarbejderstab og processer.<strong>VIGTIGSTE QC-PROCEDURE<\/strong><br \/>\n1. Kontrol af formdesign.<br \/>\n2. Inspektion af formst\u00e5lets h\u00e5rdhed.<br \/>\n3. Inspektion af formelektroder.<br \/>\n4. Inspektion af formens kerne og hulrumsst\u00e5lets dimensioner.<br \/>\n5. Inspektion af formen f\u00f8r montering.<br \/>\n6. Rapport om formfors\u00f8g og inspektion af pr\u00f8ver.<br \/>\n7. Slutinspektion af formen f\u00f8r afsendelse.<br \/>\n8. Inspektion af eksportformpakke.<img loading=\"lazy\" decoding=\"async\" title=\"Formens kvalitet\" src=\"https:\/\/web.archive.org\/web\/20130116211234im_\/http:\/\/www.moldchina.org\/wp-content\/uploads\/2011\/01\/mold-quality.jpg\" alt=\"\" width=\"263\" height=\"140\" \/><\/div>\n<\/div>\n<\/div>\n<\/div>\n<p>[\/et_pb_text][\/et_pb_column][et_pb_column type=&#8221;1_4&#8243;][et_pb_sidebar _builder_version=&#8221;3.10.2&#8243; area=&#8221;sidebar-1&#8243; custom_margin=&#8221;15px|-94px||40px&#8221; custom_padding=&#8221;10px|10px|10px|10px&#8221; border_width_all=&#8221;2px&#8221; border_color_all=&#8221;#d3d3d3&#8243; \/][\/et_pb_column][\/et_pb_row][\/et_pb_section][et_pb_section bb_built=&#8221;1&#8243; disabled_on=&#8221;||on&#8221; _builder_version=&#8221;3.10.2&#8243; custom_padding=&#8221;0|0px|54px|0px|false|false&#8221; next_background_color=&#8221;#000000&#8243; prev_background_color=&#8221;#000000&#8243;][et_pb_row custom_padding=&#8221;0|0px|0|0px|false|false&#8221; _builder_version=&#8221;3.0.48&#8243; background_size=&#8221;initial&#8221; background_position=&#8221;top_left&#8221; background_repeat=&#8221;repeat&#8221;][et_pb_column type=&#8221;4_4&#8243;][et_pb_text _builder_version=&#8221;3.10.2&#8243; border_width_all=&#8221;3px&#8221; border_color_all=&#8221;#e5e5e5&#8243;]<\/p>\n<div id=\"titlep\">\n<div id=\"content\" role=\"main\">\n<div>\n<div id=\"titlep\">\n<div>\n<div>Kvalitetsstyring<br \/>\nForside \" Kvalitetsforsikring &gt; Kvalitetsstyring<\/div>\n<\/div>\n<\/div>\n<div id=\"mge\"><\/div>\n<div>Hos Sositar starter kvalitetsprocessen helt fra begyndelsen af hvert projekt. Vi er certificeret af og forpligtet til at overholde den omfattende kvalitetsstandard ISO9001. Vi demonstrerer denne forpligtelse ved at levere v\u00e6rkt\u00f8j af h\u00f8j kvalitet, designet og fremstillet, s\u00e5 vores kunder f\u00e5r den st\u00f8rste v\u00e6rdi. Vi definerer kvalitet som total kundetilfredshed. Det driver os til at n\u00f8jes med intet mindre end topkvalitet i alle aspekter af vores forretning, og vi forbedrer l\u00f8bende vores st\u00e6rke medarbejderstab og processer.<strong>VIGTIGSTE QC-PROCEDURE<\/strong><br \/>\n1. Kontrol af formdesign.<br \/>\n2. Inspektion af formst\u00e5lets h\u00e5rdhed.<br \/>\n3. Inspektion af formelektroder.<br \/>\n4. Inspektion af formens kerne og hulrumsst\u00e5lets dimensioner.<br \/>\n5. Inspektion af formen f\u00f8r montering.<br \/>\n6. Rapport om formfors\u00f8g og inspektion af pr\u00f8ver.<br \/>\n7. Slutinspektion af formen f\u00f8r afsendelse.<br \/>\n8. Inspektion af eksportformpakke.<img loading=\"lazy\" decoding=\"async\" title=\"Formens kvalitet\" src=\"https:\/\/web.archive.org\/web\/20130116211234im_\/http:\/\/www.moldchina.org\/wp-content\/uploads\/2011\/01\/mold-quality.jpg\" alt=\"\" width=\"263\" height=\"140\" \/><\/div>\n<\/div>\n<\/div>\n<\/div>\n<p>[\/et_pb_text][et_pb_sidebar _builder_version=\"3.10.2\u2033 area=\"sidebar-1\u2033 custom_padding=\"10px||10px|10px\" border_width_all=\"2px\" border_color_all=\"#d3d3d3\u2033 custom_margin=\"|-250px|\" \/][\/et_pb_column][\/et_pb_row][\/et_pb_section][et_pb_section bb_built=\"1\u2033 disabled_on=\"on|on|\" _builder_version=\u201d3.10.2\u2033 custom_margin=\u201d-103px|||\u201d prev_background_color=\u201d#000000\u2033 next_background_color=\u201d#000000\u2033][et_pb_row _builder_version=\u201d3.0.48\u2033 background_size=\"initial\" background_position=\"top_left\" background_repeat=\"repeat\"][et_pb_column type=\"4_4\u2033][et_pb_text _builder_version=\"3.10.2\u2033 custom_margin=\"|-62px||-84px\"]<\/p>\n<p style=\"padding-left: 30px;\"><strong>Kina plastindspr\u00f8jtningsform, v\u00e6rkt\u00f8jsmager, Kina st\u00f8beformsproducent, Kina v\u00e6rkt\u00f8j, Plastform Kina, Kina spr\u00f8jtest\u00f8bningsfabrik, plastindspr\u00f8jtningsformsproducent i Kina<\/strong><\/p>\n<p>[\/et_pb_text][et_pb_text _builder_version=\u201d3.10.2\u2033 custom_margin=\u201d-15px|-50px||-50px\u201d]<\/p>\n<p><strong><span style=\"color: #0c0c0c;\"><a href=\"https:\/\/www.plasticmoldco.com\/da\/\">Hjem\u00a0 \u00a0<\/a>|\u00a0 \u00a0<a href=\"https:\/\/www.plasticmoldco.com\/da\/about-us\/\">Om os\u00a0<\/a> \u00a0|\u00a0 <a href=\"https:\/\/www.plasticmoldco.com\/da\/design-af-teknik\/\">Design og teknik<\/a>\u00a0 |\u00a0 \u00a0<a href=\"https:\/\/www.plasticmoldco.com\/da\/products\/\">Produkter\u00a0\u00a0\u00a0\u00a0\u00a0<\/a>|\u00a0\u00a0\u00a0\u00a0\u00a0<a href=\"https:\/\/www.plasticmoldco.com\/da\/nyheder\/\">Nyheder<\/a>\u00a0\u00a0\u00a0\u00a0\u00a0|\u00a0\u00a0\u00a0\u00a0\u00a0<a href=\"https:\/\/www.plasticmoldco.com\/da\/kvalitetsforsikring\/\">Kvalitetsforsikring\u00a0<\/a>\u00a0\u00a0\u00a0\u00a0|\u00a0 \u00a0 <a href=\"https:\/\/www.plasticmoldco.com\/da\/po-procedure\/\">PO-procedure<\/a>\u00a0 \u00a0 |\u00a0 \u00a0 <a href=\"https:\/\/www.plasticmoldco.com\/da\/udstyr\/\">Udstyr\u00a0 \u00a0<\/a> |\u00a0 \u00a0<a href=\"https:\/\/www.plasticmoldco.com\/da\/industriel-design-case\/\">Case om industrielt design\u00a0<\/a> \u00a0 |\u00a0 \u00a0 <a href=\"https:\/\/www.plasticmoldco.com\/da\/sitemap\/\">Sitemap<\/a><\/span><\/strong><\/p>\n<p>[\/et_pb_text][et_pb_text _builder_version=\"3.10.2\u2033 custom_margin=\"-15px||\"]<\/p>\n<p style=\"text-align: center;\"><strong>Copyright \u00a9 2011 DONGGUAN SINCER TECH CO.LTD. | Kina Mold maker, Kina Plastic spr\u00f8jtest\u00f8bning, Kina v\u00e6rkt\u00f8jsmager.<\/strong><br \/>\n<strong> Virksomhedsregister nr.:1626173<\/strong><\/p>\n<p>[\/et_pb_text][\/et_pb_column][\/et_pb_row][\/et_pb_section][et_pb_section bb_built=\"1\u2033 disabled_on=\"||on\" _builder_version=\"3.10.2\u2033 custom_margin=\"-103px||\" prev_background_color=\"#000000\u2033][et_pb_row _builder_version=\"3.0.48\u2033 background_size=\"initial\" background_position=\"top_left\" background_repeat=\"repeat\"][et_pb_column type=\"4_4\u2033][et_pb_text _builder_version=\"3.10.2\u2033]<\/p>\n<p style=\"padding-left: 30px;\"><strong>Kina plastindspr\u00f8jtningsform, v\u00e6rkt\u00f8jsmager, Kina st\u00f8beformsproducent, Kina v\u00e6rkt\u00f8j, Plastform Kina, Kina spr\u00f8jtest\u00f8bningsfabrik, plastindspr\u00f8jtningsformsproducent i Kina<\/strong><\/p>\n<p>[\/et_pb_text][et_pb_text _builder_version=\u201d3.10.2\u2033]<\/p>\n<p><strong><span style=\"color: #0c0c0c;\"><a href=\"https:\/\/www.plasticmoldco.com\/da\/\">Hjem\u00a0 \u00a0<\/a>|\u00a0 \u00a0<a href=\"https:\/\/www.plasticmoldco.com\/da\/about-us\/\">Om os\u00a0<\/a> \u00a0|\u00a0 <a href=\"https:\/\/www.plasticmoldco.com\/da\/design-af-teknik\/\">Design og teknik<\/a>\u00a0 |\u00a0 \u00a0<a href=\"https:\/\/www.plasticmoldco.com\/da\/products\/\">Produkter\u00a0\u00a0\u00a0\u00a0\u00a0<\/a>|\u00a0\u00a0\u00a0\u00a0\u00a0<a href=\"https:\/\/www.plasticmoldco.com\/da\/nyheder\/\">Nyheder<\/a>\u00a0\u00a0\u00a0\u00a0\u00a0|\u00a0\u00a0\u00a0\u00a0\u00a0<a href=\"https:\/\/www.plasticmoldco.com\/da\/kvalitetsforsikring\/\">Kvalitetsforsikring\u00a0<\/a>\u00a0\u00a0\u00a0\u00a0|\u00a0 \u00a0 <a href=\"https:\/\/www.plasticmoldco.com\/da\/po-procedure\/\">PO-procedure<\/a>\u00a0 \u00a0 |\u00a0 \u00a0 <a href=\"https:\/\/www.plasticmoldco.com\/da\/udstyr\/\">Udstyr\u00a0 \u00a0<\/a> |\u00a0 \u00a0<a href=\"https:\/\/www.plasticmoldco.com\/da\/industriel-design-case\/\">Case om industrielt design\u00a0<\/a> \u00a0 |\u00a0 \u00a0 <a href=\"https:\/\/www.plasticmoldco.com\/da\/sitemap\/\">Sitemap<\/a><\/span><\/strong><\/p>\n<p>[\/et_pb_text][et_pb_text _builder_version=\u201d3.10.2\u2033]<\/p>\n<p style=\"text-align: center;\"><strong>Copyright \u00a9 2011 DONGGUAN SINCER TECH CO.LTD. | Kina Mold maker, Kina Plastic spr\u00f8jtest\u00f8bning, Kina v\u00e6rkt\u00f8jsmager.<\/strong><br \/>\n<strong> Virksomhedsregister nr.:1626173<\/strong><\/p>\n<p>[\/et_pb_text][\/et_pb_column][\/et_pb_row][\/et_pb_section]<\/p>","protected":false},"excerpt":{"rendered":"<p>Quality Management Home \u00bb Quality Insurance &gt; Quality Management At Sositar the quality process starts at the very beginning of each project. We are certified by and committed to the comprehensive ISO9001 quality standard. We demonstrate this commitment by providing high quality tooling, designed and manufactured so that our clients receive the greatest value. We [&hellip;]<\/p>","protected":false},"author":1,"featured_media":0,"parent":0,"menu_order":0,"comment_status":"closed","ping_status":"closed","template":"","meta":{"_et_pb_use_builder":"on","_et_pb_old_content":"","_et_gb_content_width":"","footnotes":""},"class_list":["post-40","page","type-page","status-publish","hentry"],"yoast_head":"<!-- This site is optimized with the Yoast SEO plugin v26.4 - https:\/\/yoast.com\/wordpress\/plugins\/seo\/ -->\n<title>Quality Management - Plastic Mold | China Mold Maker<\/title>\n<meta name=\"robots\" content=\"index, follow, max-snippet:-1, max-image-preview:large, max-video-preview:-1\" \/>\n<link rel=\"canonical\" href=\"https:\/\/www.plasticmoldco.com\/da\/kvalitetsstyring\/\" \/>\n<meta property=\"og:locale\" content=\"da_DK\" \/>\n<meta property=\"og:type\" content=\"article\" \/>\n<meta property=\"og:title\" content=\"Quality Management - Plastic Mold | China Mold Maker\" \/>\n<meta property=\"og:description\" content=\"Quality Management Home \u00bb Quality Insurance &gt; Quality Management At Sositar the quality process starts at the very beginning of each project. We are certified by and committed to the comprehensive ISO9001 quality standard. We demonstrate this commitment by providing high quality tooling, designed and manufactured so that our clients receive the greatest value. We [&hellip;]\" \/>\n<meta property=\"og:url\" content=\"https:\/\/www.plasticmoldco.com\/da\/kvalitetsstyring\/\" \/>\n<meta property=\"og:site_name\" content=\"Plastic Mold | China Mold Maker\" \/>\n<meta property=\"article:modified_time\" content=\"2018-10-18T10:19:46+00:00\" \/>\n<meta property=\"og:image\" content=\"https:\/\/plasticmoldco.com\/wp-content\/uploads\/2018\/10\/ab-300x31.png\" \/>\n<meta name=\"twitter:card\" content=\"summary_large_image\" \/>\n<meta name=\"twitter:label1\" content=\"Estimeret l\u00e6setid\" \/>\n\t<meta name=\"twitter:data1\" content=\"4 minutter\" \/>\n<script type=\"application\/ld+json\" class=\"yoast-schema-graph\">{\"@context\":\"https:\/\/schema.org\",\"@graph\":[{\"@type\":\"WebPage\",\"@id\":\"https:\/\/www.plasticmoldco.com\/quality-management\/\",\"url\":\"https:\/\/www.plasticmoldco.com\/quality-management\/\",\"name\":\"Quality Management - Plastic Mold | China Mold Maker\",\"isPartOf\":{\"@id\":\"https:\/\/www.plasticmoldco.com\/el\/#website\"},\"primaryImageOfPage\":{\"@id\":\"https:\/\/www.plasticmoldco.com\/quality-management\/#primaryimage\"},\"image\":{\"@id\":\"https:\/\/www.plasticmoldco.com\/quality-management\/#primaryimage\"},\"thumbnailUrl\":\"https:\/\/plasticmoldco.com\/wp-content\/uploads\/2018\/10\/ab-300x31.png\",\"datePublished\":\"2018-10-14T09:05:05+00:00\",\"dateModified\":\"2018-10-18T10:19:46+00:00\",\"breadcrumb\":{\"@id\":\"https:\/\/www.plasticmoldco.com\/quality-management\/#breadcrumb\"},\"inLanguage\":\"da-DK\",\"potentialAction\":[{\"@type\":\"ReadAction\",\"target\":[\"https:\/\/www.plasticmoldco.com\/quality-management\/\"]}]},{\"@type\":\"ImageObject\",\"inLanguage\":\"da-DK\",\"@id\":\"https:\/\/www.plasticmoldco.com\/quality-management\/#primaryimage\",\"url\":\"https:\/\/plasticmoldco.com\/wp-content\/uploads\/2018\/10\/ab-300x31.png\",\"contentUrl\":\"https:\/\/plasticmoldco.com\/wp-content\/uploads\/2018\/10\/ab-300x31.png\"},{\"@type\":\"BreadcrumbList\",\"@id\":\"https:\/\/www.plasticmoldco.com\/quality-management\/#breadcrumb\",\"itemListElement\":[{\"@type\":\"ListItem\",\"position\":1,\"name\":\"Home\",\"item\":\"https:\/\/www.plasticmoldco.com\/\"},{\"@type\":\"ListItem\",\"position\":2,\"name\":\"Quality Management\"}]},{\"@type\":\"WebSite\",\"@id\":\"https:\/\/www.plasticmoldco.com\/el\/#website\",\"url\":\"https:\/\/www.plasticmoldco.com\/el\/\",\"name\":\"Plastic Mold | China Mold Maker\",\"description\":\"Are you looking for injection mold china? We are plastic mold maker\",\"publisher\":{\"@id\":\"https:\/\/www.plasticmoldco.com\/el\/#organization\"},\"potentialAction\":[{\"@type\":\"SearchAction\",\"target\":{\"@type\":\"EntryPoint\",\"urlTemplate\":\"https:\/\/www.plasticmoldco.com\/el\/?s={search_term_string}\"},\"query-input\":{\"@type\":\"PropertyValueSpecification\",\"valueRequired\":true,\"valueName\":\"search_term_string\"}}],\"inLanguage\":\"da-DK\"},{\"@type\":\"Organization\",\"@id\":\"https:\/\/www.plasticmoldco.com\/el\/#organization\",\"name\":\"Plastic Mold | China Mold Maker\",\"url\":\"https:\/\/www.plasticmoldco.com\/el\/\",\"logo\":{\"@type\":\"ImageObject\",\"inLanguage\":\"da-DK\",\"@id\":\"https:\/\/www.plasticmoldco.com\/el\/#\/schema\/logo\/image\/\",\"url\":\"https:\/\/plasticmoldco.com\/wp-content\/uploads\/2018\/10\/nlogon.png\",\"contentUrl\":\"https:\/\/plasticmoldco.com\/wp-content\/uploads\/2018\/10\/nlogon.png\",\"width\":204,\"height\":54,\"caption\":\"Plastic Mold | China Mold Maker\"},\"image\":{\"@id\":\"https:\/\/www.plasticmoldco.com\/el\/#\/schema\/logo\/image\/\"}}]}<\/script>\n<!-- \/ Yoast SEO plugin. -->","yoast_head_json":{"title":"Kvalitetsstyring - Plastic Mold | China Mold Maker","robots":{"index":"index","follow":"follow","max-snippet":"max-snippet:-1","max-image-preview":"max-image-preview:large","max-video-preview":"max-video-preview:-1"},"canonical":"https:\/\/www.plasticmoldco.com\/da\/kvalitetsstyring\/","og_locale":"da_DK","og_type":"article","og_title":"Quality Management - Plastic Mold | China Mold Maker","og_description":"Quality Management Home \u00bb Quality Insurance &gt; Quality Management At Sositar the quality process starts at the very beginning of each project. We are certified by and committed to the comprehensive ISO9001 quality standard. We demonstrate this commitment by providing high quality tooling, designed and manufactured so that our clients receive the greatest value. We [&hellip;]","og_url":"https:\/\/www.plasticmoldco.com\/da\/kvalitetsstyring\/","og_site_name":"Plastic Mold | China Mold Maker","article_modified_time":"2018-10-18T10:19:46+00:00","og_image":[{"url":"https:\/\/plasticmoldco.com\/wp-content\/uploads\/2018\/10\/ab-300x31.png","type":"","width":"","height":""}],"twitter_card":"summary_large_image","twitter_misc":{"Estimeret l\u00e6setid":"4 minutter"},"schema":{"@context":"https:\/\/schema.org","@graph":[{"@type":"WebPage","@id":"https:\/\/www.plasticmoldco.com\/quality-management\/","url":"https:\/\/www.plasticmoldco.com\/quality-management\/","name":"Kvalitetsstyring - Plastic Mold | China Mold Maker","isPartOf":{"@id":"https:\/\/www.plasticmoldco.com\/el\/#website"},"primaryImageOfPage":{"@id":"https:\/\/www.plasticmoldco.com\/quality-management\/#primaryimage"},"image":{"@id":"https:\/\/www.plasticmoldco.com\/quality-management\/#primaryimage"},"thumbnailUrl":"https:\/\/plasticmoldco.com\/wp-content\/uploads\/2018\/10\/ab-300x31.png","datePublished":"2018-10-14T09:05:05+00:00","dateModified":"2018-10-18T10:19:46+00:00","breadcrumb":{"@id":"https:\/\/www.plasticmoldco.com\/quality-management\/#breadcrumb"},"inLanguage":"da-DK","potentialAction":[{"@type":"ReadAction","target":["https:\/\/www.plasticmoldco.com\/quality-management\/"]}]},{"@type":"ImageObject","inLanguage":"da-DK","@id":"https:\/\/www.plasticmoldco.com\/quality-management\/#primaryimage","url":"https:\/\/plasticmoldco.com\/wp-content\/uploads\/2018\/10\/ab-300x31.png","contentUrl":"https:\/\/plasticmoldco.com\/wp-content\/uploads\/2018\/10\/ab-300x31.png"},{"@type":"BreadcrumbList","@id":"https:\/\/www.plasticmoldco.com\/quality-management\/#breadcrumb","itemListElement":[{"@type":"ListItem","position":1,"name":"Home","item":"https:\/\/www.plasticmoldco.com\/"},{"@type":"ListItem","position":2,"name":"Quality Management"}]},{"@type":"WebSite","@id":"https:\/\/www.plasticmoldco.com\/el\/#website","url":"https:\/\/www.plasticmoldco.com\/el\/","name":"Plastic Mold | China Mold Maker","description":"Er du p\u00e5 udkig efter spr\u00f8jtest\u00f8bning i Kina? Vi er producent af plastforme","publisher":{"@id":"https:\/\/www.plasticmoldco.com\/el\/#organization"},"potentialAction":[{"@type":"SearchAction","target":{"@type":"EntryPoint","urlTemplate":"https:\/\/www.plasticmoldco.com\/el\/?s={search_term_string}"},"query-input":{"@type":"PropertyValueSpecification","valueRequired":true,"valueName":"search_term_string"}}],"inLanguage":"da-DK"},{"@type":"Organization","@id":"https:\/\/www.plasticmoldco.com\/el\/#organization","name":"Plastic Mold | China Mold Maker","url":"https:\/\/www.plasticmoldco.com\/el\/","logo":{"@type":"ImageObject","inLanguage":"da-DK","@id":"https:\/\/www.plasticmoldco.com\/el\/#\/schema\/logo\/image\/","url":"https:\/\/plasticmoldco.com\/wp-content\/uploads\/2018\/10\/nlogon.png","contentUrl":"https:\/\/plasticmoldco.com\/wp-content\/uploads\/2018\/10\/nlogon.png","width":204,"height":54,"caption":"Plastic Mold | China Mold Maker"},"image":{"@id":"https:\/\/www.plasticmoldco.com\/el\/#\/schema\/logo\/image\/"}}]}},"_links":{"self":[{"href":"https:\/\/www.plasticmoldco.com\/da\/wp-json\/wp\/v2\/pages\/40","targetHints":{"allow":["GET"]}}],"collection":[{"href":"https:\/\/www.plasticmoldco.com\/da\/wp-json\/wp\/v2\/pages"}],"about":[{"href":"https:\/\/www.plasticmoldco.com\/da\/wp-json\/wp\/v2\/types\/page"}],"author":[{"embeddable":true,"href":"https:\/\/www.plasticmoldco.com\/da\/wp-json\/wp\/v2\/users\/1"}],"replies":[{"embeddable":true,"href":"https:\/\/www.plasticmoldco.com\/da\/wp-json\/wp\/v2\/comments?post=40"}],"version-history":[{"count":0,"href":"https:\/\/www.plasticmoldco.com\/da\/wp-json\/wp\/v2\/pages\/40\/revisions"}],"wp:attachment":[{"href":"https:\/\/www.plasticmoldco.com\/da\/wp-json\/wp\/v2\/media?parent=40"}],"curies":[{"name":"wp","href":"https:\/\/api.w.org\/{rel}","templated":true}]}}