{"id":1204,"date":"2018-10-20T02:18:48","date_gmt":"2018-10-19T18:18:48","guid":{"rendered":"https:\/\/plasticmoldco.com\/?page_id=1204"},"modified":"2018-10-20T16:36:35","modified_gmt":"2018-10-20T08:36:35","slug":"auto-parts-mould","status":"publish","type":"page","link":"https:\/\/www.plasticmoldco.com\/da\/form-til-bildele\/","title":{"rendered":"Form til bildele"},"content":{"rendered":"<p>[et_pb_section bb_built=\"1\u2033 disabled_on=\"on|on|\" _builder_version=\"3.10.2\u2033 custom_padding=\"0|0px|0|0px|false|false\" next_background_color=\"#000000\u2033][et_pb_row custom_padding=\"18px|0px|0|0px|false|false\" _builder_version=\"3.0.48\u2033 background_size=\"initial\" background_position=\"top_left\" background_repeat=\"repeat\"][et_pb_column type=\"4_4\u2033][et_pb_text _builder_version=\"3.10.2\u2033 custom_margin=\"0px|-120px|16px|-100px\"]<\/p>\n<p><img loading=\"lazy\" decoding=\"async\" class=\"wp-image-213 alignnone size-medium\" src=\"https:\/\/plasticmoldco.com\/wp-content\/uploads\/2018\/10\/new.n-300x18.jpg\" alt=\"\" width=\"1266\" height=\"76\" srcset=\"https:\/\/www.plasticmoldco.com\/wp-content\/uploads\/2018\/10\/new.n-300x18.jpg 300w, https:\/\/www.plasticmoldco.com\/wp-content\/uploads\/2018\/10\/new.n-768x45.jpg 768w, https:\/\/www.plasticmoldco.com\/wp-content\/uploads\/2018\/10\/new.n-1024x60.jpg 1024w\" sizes=\"(max-width: 1266px) 100vw, 1266px\" \/><\/p>\n<p>[\/et_pb_text][\/et_pb_column][\/et_pb_row][\/et_pb_section][et_pb_section bb_built=\"1\u2033 disabled_on=\"||on\" _builder_version=\"3.10.2\u2033 custom_padding=\"22px|0px|0|0px|false|false\" prev_background_color=\"#000000\u2033 next_background_color=\"#000000\u2033][et_pb_row custom_padding=\"0|0px|12px|0px|false|false\" _builder_version=\"3.0.48\u2033 background_size=\"initial\" background_position=\"top_left\" background_repeat=\"repeat\"][et_pb_column type=\"4_4\u2033][et_pb_text _builder_version=\"3.10.2\u2033]<\/p>\n<p><img loading=\"lazy\" decoding=\"async\" class=\"wp-image-213 alignnone size-medium\" src=\"https:\/\/plasticmoldco.com\/wp-content\/uploads\/2018\/10\/new.n-300x18.jpg\" alt=\"\" width=\"1266\" height=\"76\" srcset=\"https:\/\/www.plasticmoldco.com\/wp-content\/uploads\/2018\/10\/new.n-300x18.jpg 300w, https:\/\/www.plasticmoldco.com\/wp-content\/uploads\/2018\/10\/new.n-768x45.jpg 768w, https:\/\/www.plasticmoldco.com\/wp-content\/uploads\/2018\/10\/new.n-1024x60.jpg 1024w\" sizes=\"(max-width: 1266px) 100vw, 1266px\" \/><\/p>\n<p>[\/et_pb_text][\/et_pb_column][\/et_pb_row][\/et_pb_section][et_pb_section bb_built=\"1\u2033 disabled_on=\"on|on|\" _builder_version=\"3.10.2\u2033 custom_padding=\"0|0px|54px|0px|false|false\" prev_background_color=\"#000000\u2033 next_background_color=\"#000000\u2033][et_pb_row custom_padding=\"0|0px|0|0px|false|false\" _builder_version=\"3.0.48\u2033 background_size=\"initial\" background_position=\"top_left\" background_repeat=\"repeat\"][et_pb_column type=\"3_4\u2033][et_pb_text _builder_version=\"3.10.2\u2033 border_width_all=\"3px\" border_color_all=\"#e5e5e5\u2033 custom_margin=\"15px|-90px||-86px\" custom_padding=\"10px|10px|10px|10px\"]<\/p>\n<div id=\"titlep\">\n<div id=\"titlep\">\n<div id=\"titlep\">\n<div id=\"titlep\">\n<div>\n<h1>Form til bildele<\/h1>\n<\/div>\n<\/div>\n<div id=\"mge\"><img loading=\"lazy\" decoding=\"async\" class=\"alignnone  wp-image-1073\" src=\"https:\/\/plasticmoldco.com\/wp-content\/uploads\/2018\/10\/101010-276x300.jpg\" alt=\"\" width=\"650\" height=\"707\" srcset=\"https:\/\/www.plasticmoldco.com\/wp-content\/uploads\/2018\/10\/101010-276x300.jpg 276w, https:\/\/www.plasticmoldco.com\/wp-content\/uploads\/2018\/10\/101010.jpg 404w\" sizes=\"(max-width: 650px) 100vw, 650px\" \/><\/div>\n<p>&nbsp;<\/p>\n<p>Vores virksomhed er en professionel <a href=\"https:\/\/web.archive.org\/web\/20140805213848\/http:\/\/www.moldchina.org\/quality-insurance\/our-statement\">producent af plastforme <\/a>i Shezhen, Kina. Vi har rig erfaring med forskellige skimmelsvampe, p\u00e5 nuv\u00e6rende tidspunkt er autoform vores vigtige felt.<\/p>\n<p>Nedenfor er specifikationen for<strong><em> fremstilling af plastforme<\/em><\/strong>:<\/p>\n<table border=\"1\" cellspacing=\"0\" cellpadding=\"0\">\n<tbody>\n<tr>\n<td>Materiale af formst\u00e5l<\/td>\n<td>P20 , 45# ,718 , 2083 , NAK80 ,S136 ,2344,2767,2312 osv.<\/td>\n<\/tr>\n<tr>\n<td>Plastmateriale<\/td>\n<td>PE, PP, TPE, PPR, PA, PP, PS, PET, ABS, PC osv.<\/td>\n<\/tr>\n<tr>\n<td>Formens base<\/td>\n<td>LKM , HASCO , EMP.DME osv.<\/td>\n<\/tr>\n<tr>\n<td>Forml\u00f8ber<\/td>\n<td>Kold l\u00f8ber og varm l\u00f8ber<\/td>\n<\/tr>\n<tr>\n<td>Varmkanal til st\u00f8beform<\/td>\n<td>DEM , HASCO , YUDO osv.<\/td>\n<\/tr>\n<tr>\n<td>Formens kolde l\u00f8ber<\/td>\n<td>punktport, sideport, ub\u00e5dsport, tunnelport<\/td>\n<\/tr>\n<tr>\n<td>St\u00f8bning af standarddele<\/td>\n<td>DEM , HASCO , CUMSA , JIS , Strack.Optiz ,.LKM<\/td>\n<\/tr>\n<tr>\n<td>Formens levetid<\/td>\n<td>1.000.000 skud<\/td>\n<\/tr>\n<tr>\n<td>Design-software<\/td>\n<td>PRO-E, UG, Auto CAD osv.<\/td>\n<\/tr>\n<tr>\n<td>Formudtagningsvej<\/td>\n<td>doff-plade , ejektorer , luftventiler , hydrauliske cylindre<\/td>\n<\/tr>\n<tr>\n<td>Varmebehandling af st\u00f8beform<\/td>\n<td>H\u00e6rdning , Quending , Nitrering<\/td>\n<\/tr>\n<tr>\n<td>Proces<\/td>\n<td>CNC, EDM, tr\u00e5dsk\u00e6ring, boring, polering, samling, montering<\/td>\n<\/tr>\n<tr>\n<td>Forsendelse af st\u00f8beform<\/td>\n<td>Til s\u00f8s, med fly osv.<\/td>\n<\/tr>\n<tr>\n<td>Pakning af form<\/td>\n<td>Tr\u00e6kasse<\/td>\n<\/tr>\n<tr>\n<td><\/td>\n<td><\/td>\n<\/tr>\n<\/tbody>\n<\/table>\n<p>Flowdiagrammet for <strong><em>producent af plastforme<\/em><\/strong> service:<\/p>\n<table border=\"1\" cellspacing=\"0\" cellpadding=\"0\">\n<tbody>\n<tr>\n<td>Modtagelse af foresp\u00f8rgsler fra kunderne, herunder formspecifikationer og tegninger eller pr\u00f8ver<\/td>\n<\/tr>\n<tr>\n<td>Vi giver et tilbud inden for 24 timer<\/td>\n<\/tr>\n<tr>\n<td>Kunden bekr\u00e6fter tilbuddet og placerer bestillingen,<\/td>\n<\/tr>\n<tr>\n<td>Vi begynder at designe formen<\/td>\n<\/tr>\n<tr>\n<td>F\u00e6rdigg\u00f8r formtegningen og send den til kunden til godkendelse<\/td>\n<\/tr>\n<tr>\n<td>Kunden godkender designet, og vi bestiller st\u00e5lmaterialet og st\u00f8beformen<\/td>\n<\/tr>\n<tr>\n<td>Overfladebearbejdning med h\u00f8jhastigheds-CNC<\/td>\n<\/tr>\n<tr>\n<td>Boring af huller, CNC, tr\u00e5dsk\u00e6ring, EDM, polering, samling, montering osv.<\/td>\n<\/tr>\n<tr>\n<td>Arrangerer skimmeltest og sender T1-pr\u00f8ver ud<\/td>\n<\/tr>\n<tr>\n<td>Kunden giver feedback, hvis pr\u00f8verne ikke godkendes<\/td>\n<\/tr>\n<tr>\n<td>Reparation , Polering , Tekstur<\/td>\n<\/tr>\n<tr>\n<td>Vi \u00e6ndrer formen, indtil kunden har godkendt den<\/td>\n<\/tr>\n<tr>\n<td>Send formen ud<\/td>\n<\/tr>\n<\/tbody>\n<\/table>\n<p>&nbsp;<\/p>\n<p>Som professionel <strong><em><a href=\"https:\/\/web.archive.org\/web\/20140805213848\/http:\/\/www.moldchina.org\/mold-in-china\">producent af plastforme i Kina<\/a><\/em><\/strong>Fordelen ved vores form er:<\/p>\n<p>H\u00f8j pr\u00e6cision, lang levetid og kort cyklus med rimelig pris og punktlig levering.<\/p>\n<\/div>\n<\/div>\n<\/div>\n<p>[\/et_pb_text][\/et_pb_column][et_pb_column type=&#8221;1_4&#8243;][et_pb_sidebar _builder_version=&#8221;3.10.2&#8243; area=&#8221;sidebar-1&#8243; custom_margin=&#8221;15px|-94px||40px&#8221; custom_padding=&#8221;10px|10px|10px|10px&#8221; border_width_all=&#8221;2px&#8221; border_color_all=&#8221;#d3d3d3&#8243; \/][\/et_pb_column][\/et_pb_row][\/et_pb_section][et_pb_section bb_built=&#8221;1&#8243; disabled_on=&#8221;||on&#8221; _builder_version=&#8221;3.10.2&#8243; custom_padding=&#8221;0|0px|54px|0px|false|false&#8221; next_background_color=&#8221;#000000&#8243; prev_background_color=&#8221;#000000&#8243;][et_pb_row custom_padding=&#8221;0|0px|0|0px|false|false&#8221; _builder_version=&#8221;3.0.48&#8243; background_size=&#8221;initial&#8221; background_position=&#8221;top_left&#8221; background_repeat=&#8221;repeat&#8221;][et_pb_column type=&#8221;4_4&#8243;][et_pb_text _builder_version=&#8221;3.10.2&#8243; border_width_all=&#8221;3px&#8221; border_color_all=&#8221;#e5e5e5&#8243;]<\/p>\n<div id=\"titlep\">\n<div id=\"titlep\">\n<div id=\"titlep\">\n<div id=\"titlep\">\n<div id=\"titlep\">\n<div id=\"titlep\">\n<div id=\"titlep\">\n<div id=\"titlep\">\n<div id=\"titlep\">\n<div>\n<h1>Form til bildele<\/h1>\n<\/div>\n<\/div>\n<div id=\"mge\"><img loading=\"lazy\" decoding=\"async\" class=\"alignnone  wp-image-1073\" src=\"https:\/\/plasticmoldco.com\/wp-content\/uploads\/2018\/10\/101010-276x300.jpg\" alt=\"\" width=\"650\" height=\"707\" srcset=\"https:\/\/www.plasticmoldco.com\/wp-content\/uploads\/2018\/10\/101010-276x300.jpg 276w, https:\/\/www.plasticmoldco.com\/wp-content\/uploads\/2018\/10\/101010.jpg 404w\" sizes=\"(max-width: 650px) 100vw, 650px\" \/><\/div>\n<p>&nbsp;<\/p>\n<p>Vores virksomhed er en professionel producent af plastforme i Shezhen, Kina. Vi har rig erfaring med forskellige skimmelsvampe, p\u00e5 nuv\u00e6rende tidspunkt er autoform vores vigtige felt.<\/p>\n<p>Nedenfor er specifikationen for<strong><em> fremstilling af plastforme<\/em><\/strong>:<\/p>\n<table border=\"1\" cellspacing=\"0\" cellpadding=\"0\">\n<tbody>\n<tr>\n<td>Materiale af formst\u00e5l<\/td>\n<td>P20 , 45# ,718 , 2083 , NAK80 ,S136 ,2344,2767,2312 osv.<\/td>\n<\/tr>\n<tr>\n<td>Plastmateriale<\/td>\n<td>PE, PP, TPE, PPR, PA, PP, PS, PET, ABS, PC osv.<\/td>\n<\/tr>\n<tr>\n<td>Formens base<\/td>\n<td>LKM , HASCO , EMP.DME osv.<\/td>\n<\/tr>\n<tr>\n<td>Forml\u00f8ber<\/td>\n<td>Kold l\u00f8ber og varm l\u00f8ber<\/td>\n<\/tr>\n<tr>\n<td>Varmkanal til st\u00f8beform<\/td>\n<td>DEM , HASCO , YUDO osv.<\/td>\n<\/tr>\n<tr>\n<td>Formens kolde l\u00f8ber<\/td>\n<td>punktport, sideport, ub\u00e5dsport, tunnelport<\/td>\n<\/tr>\n<tr>\n<td>St\u00f8bning af standarddele<\/td>\n<td>DEM , HASCO , CUMSA , JIS , Strack.Optiz ,.LKM<\/td>\n<\/tr>\n<tr>\n<td>Formens levetid<\/td>\n<td>1.000.000 skud<\/td>\n<\/tr>\n<tr>\n<td>Design-software<\/td>\n<td>PRO-E, UG, Auto CAD osv.<\/td>\n<\/tr>\n<tr>\n<td>Formudtagningsvej<\/td>\n<td>doff-plade , ejektorer , luftventiler , hydrauliske cylindre<\/td>\n<\/tr>\n<tr>\n<td>Varmebehandling af st\u00f8beform<\/td>\n<td>H\u00e6rdning , Quending , Nitrering<\/td>\n<\/tr>\n<tr>\n<td>Proces<\/td>\n<td>CNC, EDM, tr\u00e5dsk\u00e6ring, boring, polering, samling, montering<\/td>\n<\/tr>\n<tr>\n<td>Forsendelse af st\u00f8beform<\/td>\n<td>Til s\u00f8s, med fly osv.<\/td>\n<\/tr>\n<tr>\n<td>Pakning af form<\/td>\n<td>Tr\u00e6kasse<\/td>\n<\/tr>\n<tr>\n<td><\/td>\n<td><\/td>\n<\/tr>\n<\/tbody>\n<\/table>\n<p>Flowdiagrammet for <strong><em>producent af plastforme<\/em><\/strong> service:<\/p>\n<table border=\"1\" cellspacing=\"0\" cellpadding=\"0\">\n<tbody>\n<tr>\n<td>Modtagelse af foresp\u00f8rgsler fra kunderne, herunder formspecifikationer og tegninger eller pr\u00f8ver<\/td>\n<\/tr>\n<tr>\n<td>Vi giver et tilbud inden for 24 timer<\/td>\n<\/tr>\n<tr>\n<td>Kunden bekr\u00e6fter tilbuddet og placerer bestillingen,<\/td>\n<\/tr>\n<tr>\n<td>Vi begynder at designe formen<\/td>\n<\/tr>\n<tr>\n<td>F\u00e6rdigg\u00f8r formtegningen og send den til kunden til godkendelse<\/td>\n<\/tr>\n<tr>\n<td>Kunden godkender designet, og vi bestiller st\u00e5lmaterialet og st\u00f8beformen<\/td>\n<\/tr>\n<tr>\n<td>Overfladebearbejdning med h\u00f8jhastigheds-CNC<\/td>\n<\/tr>\n<tr>\n<td>Boring af huller, CNC, tr\u00e5dsk\u00e6ring, EDM, polering, samling, montering osv.<\/td>\n<\/tr>\n<tr>\n<td>Arrangerer skimmeltest og sender T1-pr\u00f8ver ud<\/td>\n<\/tr>\n<tr>\n<td>Kunden giver feedback, hvis pr\u00f8verne ikke godkendes<\/td>\n<\/tr>\n<tr>\n<td>Reparation , Polering , Tekstur<\/td>\n<\/tr>\n<tr>\n<td>Vi \u00e6ndrer formen, indtil kunden har godkendt den<\/td>\n<\/tr>\n<tr>\n<td>Send formen ud<\/td>\n<\/tr>\n<\/tbody>\n<\/table>\n<p>&nbsp;<\/p>\n<p>Som professionel <strong><em>producent af plastforme i Kina<\/em><\/strong>Fordelen ved vores form er:<\/p>\n<p>H\u00f8j pr\u00e6cision, lang levetid og kort cyklus med rimelig pris og punktlig levering.<\/p>\n<\/div>\n<\/div>\n<\/div>\n<\/div>\n<\/div>\n<\/div>\n<\/div>\n<\/div>\n<p>[\/et_pb_text][et_pb_sidebar _builder_version=\"3.10.2\u2033 area=\"sidebar-1\u2033 custom_padding=\"10px||10px|10px\" border_width_all=\"2px\" border_color_all=\"#d3d3d3\u2033 custom_margin=\"|-250px|\" \/][\/et_pb_column][\/et_pb_row][\/et_pb_section][et_pb_section bb_built=\"1\u2033 disabled_on=\"on|on|\" _builder_version=\u201d3.10.2\u2033 custom_margin=\u201d-103px|||\u201d prev_background_color=\u201d#000000\u2033 next_background_color=\u201d#000000\u2033][et_pb_row _builder_version=\u201d3.0.48\u2033 background_size=\"initial\" background_position=\"top_left\" background_repeat=\"repeat\"][et_pb_column type=\"4_4\u2033][et_pb_text _builder_version=\"3.10.2\u2033 custom_margin=\"|-62px||-84px\"]<\/p>\n<p style=\"padding-left: 30px;\"><strong>Kina plastindspr\u00f8jtningsform, v\u00e6rkt\u00f8jsmager, Kina st\u00f8beformsproducent, Kina v\u00e6rkt\u00f8j, Plastform Kina, Kina spr\u00f8jtest\u00f8bningsfabrik, plastindspr\u00f8jtningsformsproducent i Kina<\/strong><\/p>\n<p>[\/et_pb_text][et_pb_text _builder_version=\u201d3.10.2\u2033 custom_margin=\u201d-15px|-50px||-50px\u201d]<\/p>\n<p><strong><span style=\"color: #0c0c0c;\"><a href=\"https:\/\/www.plasticmoldco.com\/da\/\">Hjem\u00a0 \u00a0<\/a>|\u00a0 \u00a0<a href=\"https:\/\/www.plasticmoldco.com\/da\/about-us\/\">Om os\u00a0<\/a> \u00a0|\u00a0 <a href=\"https:\/\/www.plasticmoldco.com\/da\/design-af-teknik\/\">Design og teknik<\/a>\u00a0 |\u00a0 \u00a0<a href=\"https:\/\/www.plasticmoldco.com\/da\/products\/\">Produkter\u00a0\u00a0\u00a0\u00a0\u00a0<\/a>|\u00a0\u00a0\u00a0\u00a0\u00a0<a href=\"https:\/\/www.plasticmoldco.com\/da\/nyheder\/\">Nyheder<\/a>\u00a0\u00a0\u00a0\u00a0\u00a0|\u00a0\u00a0\u00a0\u00a0\u00a0<a href=\"https:\/\/www.plasticmoldco.com\/da\/kvalitetsforsikring\/\">Kvalitetsforsikring\u00a0<\/a>\u00a0\u00a0\u00a0\u00a0|\u00a0 \u00a0 <a href=\"https:\/\/www.plasticmoldco.com\/da\/po-procedure\/\">PO-procedure<\/a>\u00a0 \u00a0 |\u00a0 \u00a0 <a href=\"https:\/\/www.plasticmoldco.com\/da\/udstyr\/\">Udstyr\u00a0 \u00a0<\/a> |\u00a0 \u00a0<a href=\"https:\/\/www.plasticmoldco.com\/da\/industriel-design-case\/\">Case om industrielt design\u00a0<\/a> \u00a0 |\u00a0 \u00a0 <a href=\"https:\/\/www.plasticmoldco.com\/da\/sitemap\/\">Sitemap<\/a><\/span><\/strong><\/p>\n<p>[\/et_pb_text][et_pb_text _builder_version=\"3.10.2\u2033 custom_margin=\"-15px||\"]<\/p>\n<p style=\"text-align: center;\"><strong>Copyright \u00a9 2011 DONGGUAN SINCER TECH CO.LTD. | Kina Mold maker, Kina Plastic spr\u00f8jtest\u00f8bning, Kina v\u00e6rkt\u00f8jsmager.<\/strong><br \/>\n<strong> Virksomhedsregister nr.:1626173<\/strong><\/p>\n<p>[\/et_pb_text][\/et_pb_column][\/et_pb_row][\/et_pb_section][et_pb_section bb_built=\"1\u2033 disabled_on=\"||on\" _builder_version=\"3.10.2\u2033 custom_margin=\"-103px||\" prev_background_color=\"#000000\u2033][et_pb_row _builder_version=\"3.0.48\u2033 background_size=\"initial\" background_position=\"top_left\" background_repeat=\"repeat\"][et_pb_column type=\"4_4\u2033][et_pb_text _builder_version=\"3.10.2\u2033]<\/p>\n<p style=\"padding-left: 30px;\"><strong>Kina plastindspr\u00f8jtningsform, v\u00e6rkt\u00f8jsmager, Kina st\u00f8beformsproducent, Kina v\u00e6rkt\u00f8j, Plastform Kina, Kina spr\u00f8jtest\u00f8bningsfabrik, plastindspr\u00f8jtningsformsproducent i Kina<\/strong><\/p>\n<p>[\/et_pb_text][et_pb_text _builder_version=\u201d3.10.2\u2033]<\/p>\n<p><strong><span style=\"color: #0c0c0c;\"><a href=\"https:\/\/www.plasticmoldco.com\/da\/\">Hjem\u00a0 \u00a0<\/a>|\u00a0 \u00a0<a href=\"https:\/\/www.plasticmoldco.com\/da\/about-us\/\">Om os\u00a0<\/a> \u00a0|\u00a0 <a href=\"https:\/\/www.plasticmoldco.com\/da\/design-af-teknik\/\">Design og teknik<\/a>\u00a0 |\u00a0 \u00a0<a href=\"https:\/\/www.plasticmoldco.com\/da\/products\/\">Produkter\u00a0\u00a0\u00a0\u00a0\u00a0<\/a>|\u00a0\u00a0\u00a0\u00a0\u00a0<a href=\"https:\/\/www.plasticmoldco.com\/da\/nyheder\/\">Nyheder<\/a>\u00a0\u00a0\u00a0\u00a0\u00a0|\u00a0\u00a0\u00a0\u00a0\u00a0<a href=\"https:\/\/www.plasticmoldco.com\/da\/kvalitetsforsikring\/\">Kvalitetsforsikring\u00a0<\/a>\u00a0\u00a0\u00a0\u00a0|\u00a0 \u00a0 <a href=\"https:\/\/www.plasticmoldco.com\/da\/po-procedure\/\">PO-procedure<\/a>\u00a0 \u00a0 |\u00a0 \u00a0 <a href=\"https:\/\/www.plasticmoldco.com\/da\/udstyr\/\">Udstyr\u00a0 \u00a0<\/a> |\u00a0 \u00a0<a href=\"https:\/\/www.plasticmoldco.com\/da\/industriel-design-case\/\">Case om industrielt design\u00a0<\/a> \u00a0 |\u00a0 \u00a0 <a href=\"https:\/\/www.plasticmoldco.com\/da\/sitemap\/\">Sitemap<\/a><\/span><\/strong><\/p>\n<p>[\/et_pb_text][et_pb_text _builder_version=\u201d3.10.2\u2033]<\/p>\n<p style=\"text-align: center;\"><strong>Copyright \u00a9 2011 DONGGUAN SINCER TECH CO.LTD. | Kina Mold maker, Kina Plastic spr\u00f8jtest\u00f8bning, Kina v\u00e6rkt\u00f8jsmager.<\/strong><br \/>\n<strong> Virksomhedsregister nr.:1626173<\/strong><\/p>\n<p>[\/et_pb_text][\/et_pb_column][\/et_pb_row][\/et_pb_section]<\/p>","protected":false},"excerpt":{"rendered":"<p>Auto parts mould &nbsp; Our company is a professional plastic mold manufacturer in Shezhen, China. We have rich experience in various mold, At present, Auto mould\u00a0is our important field. Below is the Spec. for plastic mold manufacture: Mould steel\u00a0material P20 , 45# ,718 , 2083 , NAK80 ,S136 ,2344,2767,2312 etc. Plastic material PE , PP, [&hellip;]<\/p>","protected":false},"author":1,"featured_media":0,"parent":0,"menu_order":0,"comment_status":"closed","ping_status":"closed","template":"","meta":{"_et_pb_use_builder":"on","_et_pb_old_content":"","_et_gb_content_width":"","footnotes":""},"class_list":["post-1204","page","type-page","status-publish","hentry"],"yoast_head":"<!-- This site is optimized with the Yoast SEO plugin v26.4 - https:\/\/yoast.com\/wordpress\/plugins\/seo\/ -->\n<title>Auto parts mould - Plastic Mold | China Mold Maker<\/title>\n<meta name=\"robots\" content=\"index, follow, max-snippet:-1, max-image-preview:large, max-video-preview:-1\" \/>\n<link rel=\"canonical\" href=\"https:\/\/www.plasticmoldco.com\/da\/form-for-bildeler\/\" \/>\n<meta property=\"og:locale\" content=\"da_DK\" \/>\n<meta property=\"og:type\" content=\"article\" \/>\n<meta property=\"og:title\" content=\"Auto parts mould - Plastic Mold | China Mold Maker\" \/>\n<meta property=\"og:description\" content=\"Auto parts mould &nbsp; Our company is a professional plastic mold manufacturer in Shezhen, China. We have rich experience in various mold, At present, Auto mould\u00a0is our important field. Below is the Spec. for plastic mold manufacture: Mould steel\u00a0material P20 , 45# ,718 , 2083 , NAK80 ,S136 ,2344,2767,2312 etc. Plastic material PE , PP, [&hellip;]\" \/>\n<meta property=\"og:url\" content=\"https:\/\/www.plasticmoldco.com\/da\/form-for-bildeler\/\" \/>\n<meta property=\"og:site_name\" content=\"Plastic Mold | China Mold Maker\" \/>\n<meta property=\"article:modified_time\" content=\"2018-10-20T08:36:35+00:00\" \/>\n<meta property=\"og:image\" content=\"https:\/\/plasticmoldco.com\/wp-content\/uploads\/2018\/10\/new.n-300x18.jpg\" \/>\n<meta name=\"twitter:card\" content=\"summary_large_image\" \/>\n<meta name=\"twitter:label1\" content=\"Estimeret l\u00e6setid\" \/>\n\t<meta name=\"twitter:data1\" content=\"6 minutter\" \/>\n<script type=\"application\/ld+json\" class=\"yoast-schema-graph\">{\"@context\":\"https:\/\/schema.org\",\"@graph\":[{\"@type\":\"WebPage\",\"@id\":\"https:\/\/www.plasticmoldco.com\/nb\/form-for-bildeler\/\",\"url\":\"https:\/\/www.plasticmoldco.com\/nb\/form-for-bildeler\/\",\"name\":\"Auto parts mould - Plastic Mold | China Mold Maker\",\"isPartOf\":{\"@id\":\"https:\/\/www.plasticmoldco.com\/el\/#website\"},\"primaryImageOfPage\":{\"@id\":\"https:\/\/www.plasticmoldco.com\/nb\/form-for-bildeler\/#primaryimage\"},\"image\":{\"@id\":\"https:\/\/www.plasticmoldco.com\/nb\/form-for-bildeler\/#primaryimage\"},\"thumbnailUrl\":\"https:\/\/plasticmoldco.com\/wp-content\/uploads\/2018\/10\/new.n-300x18.jpg\",\"datePublished\":\"2018-10-19T18:18:48+00:00\",\"dateModified\":\"2018-10-20T08:36:35+00:00\",\"breadcrumb\":{\"@id\":\"https:\/\/www.plasticmoldco.com\/nb\/form-for-bildeler\/#breadcrumb\"},\"inLanguage\":\"da-DK\",\"potentialAction\":[{\"@type\":\"ReadAction\",\"target\":[\"https:\/\/www.plasticmoldco.com\/nb\/form-for-bildeler\/\"]}]},{\"@type\":\"ImageObject\",\"inLanguage\":\"da-DK\",\"@id\":\"https:\/\/www.plasticmoldco.com\/nb\/form-for-bildeler\/#primaryimage\",\"url\":\"https:\/\/plasticmoldco.com\/wp-content\/uploads\/2018\/10\/new.n-300x18.jpg\",\"contentUrl\":\"https:\/\/plasticmoldco.com\/wp-content\/uploads\/2018\/10\/new.n-300x18.jpg\"},{\"@type\":\"BreadcrumbList\",\"@id\":\"https:\/\/www.plasticmoldco.com\/nb\/form-for-bildeler\/#breadcrumb\",\"itemListElement\":[{\"@type\":\"ListItem\",\"position\":1,\"name\":\"Home\",\"item\":\"https:\/\/www.plasticmoldco.com\/\"},{\"@type\":\"ListItem\",\"position\":2,\"name\":\"Auto parts mould\"}]},{\"@type\":\"WebSite\",\"@id\":\"https:\/\/www.plasticmoldco.com\/el\/#website\",\"url\":\"https:\/\/www.plasticmoldco.com\/el\/\",\"name\":\"Plastic Mold | China Mold Maker\",\"description\":\"Are you looking for injection mold china? We are plastic mold maker\",\"publisher\":{\"@id\":\"https:\/\/www.plasticmoldco.com\/el\/#organization\"},\"potentialAction\":[{\"@type\":\"SearchAction\",\"target\":{\"@type\":\"EntryPoint\",\"urlTemplate\":\"https:\/\/www.plasticmoldco.com\/el\/?s={search_term_string}\"},\"query-input\":{\"@type\":\"PropertyValueSpecification\",\"valueRequired\":true,\"valueName\":\"search_term_string\"}}],\"inLanguage\":\"da-DK\"},{\"@type\":\"Organization\",\"@id\":\"https:\/\/www.plasticmoldco.com\/el\/#organization\",\"name\":\"Plastic Mold | China Mold Maker\",\"url\":\"https:\/\/www.plasticmoldco.com\/el\/\",\"logo\":{\"@type\":\"ImageObject\",\"inLanguage\":\"da-DK\",\"@id\":\"https:\/\/www.plasticmoldco.com\/el\/#\/schema\/logo\/image\/\",\"url\":\"https:\/\/plasticmoldco.com\/wp-content\/uploads\/2018\/10\/nlogon.png\",\"contentUrl\":\"https:\/\/plasticmoldco.com\/wp-content\/uploads\/2018\/10\/nlogon.png\",\"width\":204,\"height\":54,\"caption\":\"Plastic Mold | China Mold Maker\"},\"image\":{\"@id\":\"https:\/\/www.plasticmoldco.com\/el\/#\/schema\/logo\/image\/\"}}]}<\/script>\n<!-- \/ Yoast SEO plugin. -->","yoast_head_json":{"title":"Form til bildele - Plastform | Kina Mold Maker","robots":{"index":"index","follow":"follow","max-snippet":"max-snippet:-1","max-image-preview":"max-image-preview:large","max-video-preview":"max-video-preview:-1"},"canonical":"https:\/\/www.plasticmoldco.com\/da\/form-for-bildeler\/","og_locale":"da_DK","og_type":"article","og_title":"Auto parts mould - Plastic Mold | China Mold Maker","og_description":"Auto parts mould &nbsp; Our company is a professional plastic mold manufacturer in Shezhen, China. We have rich experience in various mold, At present, Auto mould\u00a0is our important field. Below is the Spec. for plastic mold manufacture: Mould steel\u00a0material P20 , 45# ,718 , 2083 , NAK80 ,S136 ,2344,2767,2312 etc. Plastic material PE , PP, [&hellip;]","og_url":"https:\/\/www.plasticmoldco.com\/da\/form-for-bildeler\/","og_site_name":"Plastic Mold | China Mold Maker","article_modified_time":"2018-10-20T08:36:35+00:00","og_image":[{"url":"https:\/\/plasticmoldco.com\/wp-content\/uploads\/2018\/10\/new.n-300x18.jpg","type":"","width":"","height":""}],"twitter_card":"summary_large_image","twitter_misc":{"Estimeret l\u00e6setid":"6 minutter"},"schema":{"@context":"https:\/\/schema.org","@graph":[{"@type":"WebPage","@id":"https:\/\/www.plasticmoldco.com\/nb\/form-for-bildeler\/","url":"https:\/\/www.plasticmoldco.com\/nb\/form-for-bildeler\/","name":"Form til bildele - Plastform | Kina Mold Maker","isPartOf":{"@id":"https:\/\/www.plasticmoldco.com\/el\/#website"},"primaryImageOfPage":{"@id":"https:\/\/www.plasticmoldco.com\/nb\/form-for-bildeler\/#primaryimage"},"image":{"@id":"https:\/\/www.plasticmoldco.com\/nb\/form-for-bildeler\/#primaryimage"},"thumbnailUrl":"https:\/\/plasticmoldco.com\/wp-content\/uploads\/2018\/10\/new.n-300x18.jpg","datePublished":"2018-10-19T18:18:48+00:00","dateModified":"2018-10-20T08:36:35+00:00","breadcrumb":{"@id":"https:\/\/www.plasticmoldco.com\/nb\/form-for-bildeler\/#breadcrumb"},"inLanguage":"da-DK","potentialAction":[{"@type":"ReadAction","target":["https:\/\/www.plasticmoldco.com\/nb\/form-for-bildeler\/"]}]},{"@type":"ImageObject","inLanguage":"da-DK","@id":"https:\/\/www.plasticmoldco.com\/nb\/form-for-bildeler\/#primaryimage","url":"https:\/\/plasticmoldco.com\/wp-content\/uploads\/2018\/10\/new.n-300x18.jpg","contentUrl":"https:\/\/plasticmoldco.com\/wp-content\/uploads\/2018\/10\/new.n-300x18.jpg"},{"@type":"BreadcrumbList","@id":"https:\/\/www.plasticmoldco.com\/nb\/form-for-bildeler\/#breadcrumb","itemListElement":[{"@type":"ListItem","position":1,"name":"Home","item":"https:\/\/www.plasticmoldco.com\/"},{"@type":"ListItem","position":2,"name":"Auto parts mould"}]},{"@type":"WebSite","@id":"https:\/\/www.plasticmoldco.com\/el\/#website","url":"https:\/\/www.plasticmoldco.com\/el\/","name":"Plastic Mold | China Mold Maker","description":"Er du p\u00e5 udkig efter spr\u00f8jtest\u00f8bning i Kina? Vi er producent af plastforme","publisher":{"@id":"https:\/\/www.plasticmoldco.com\/el\/#organization"},"potentialAction":[{"@type":"SearchAction","target":{"@type":"EntryPoint","urlTemplate":"https:\/\/www.plasticmoldco.com\/el\/?s={search_term_string}"},"query-input":{"@type":"PropertyValueSpecification","valueRequired":true,"valueName":"search_term_string"}}],"inLanguage":"da-DK"},{"@type":"Organization","@id":"https:\/\/www.plasticmoldco.com\/el\/#organization","name":"Plastic Mold | China Mold Maker","url":"https:\/\/www.plasticmoldco.com\/el\/","logo":{"@type":"ImageObject","inLanguage":"da-DK","@id":"https:\/\/www.plasticmoldco.com\/el\/#\/schema\/logo\/image\/","url":"https:\/\/plasticmoldco.com\/wp-content\/uploads\/2018\/10\/nlogon.png","contentUrl":"https:\/\/plasticmoldco.com\/wp-content\/uploads\/2018\/10\/nlogon.png","width":204,"height":54,"caption":"Plastic Mold | China Mold Maker"},"image":{"@id":"https:\/\/www.plasticmoldco.com\/el\/#\/schema\/logo\/image\/"}}]}},"_links":{"self":[{"href":"https:\/\/www.plasticmoldco.com\/da\/wp-json\/wp\/v2\/pages\/1204","targetHints":{"allow":["GET"]}}],"collection":[{"href":"https:\/\/www.plasticmoldco.com\/da\/wp-json\/wp\/v2\/pages"}],"about":[{"href":"https:\/\/www.plasticmoldco.com\/da\/wp-json\/wp\/v2\/types\/page"}],"author":[{"embeddable":true,"href":"https:\/\/www.plasticmoldco.com\/da\/wp-json\/wp\/v2\/users\/1"}],"replies":[{"embeddable":true,"href":"https:\/\/www.plasticmoldco.com\/da\/wp-json\/wp\/v2\/comments?post=1204"}],"version-history":[{"count":0,"href":"https:\/\/www.plasticmoldco.com\/da\/wp-json\/wp\/v2\/pages\/1204\/revisions"}],"wp:attachment":[{"href":"https:\/\/www.plasticmoldco.com\/da\/wp-json\/wp\/v2\/media?parent=1204"}],"curies":[{"name":"wp","href":"https:\/\/api.w.org\/{rel}","templated":true}]}}