{"id":953,"date":"2018-10-18T17:43:08","date_gmt":"2018-10-18T09:43:08","guid":{"rendered":"https:\/\/plasticmoldco.com\/?page_id=953"},"modified":"2018-10-18T17:54:05","modified_gmt":"2018-10-18T09:54:05","slug":"silicone-gloves","status":"publish","type":"page","link":"https:\/\/www.plasticmoldco.com\/cs\/silikonove-rukavice\/","title":{"rendered":"Silikonov\u00e9 rukavice"},"content":{"rendered":"<p>[et_pb_section bb_built=\"1\u2033 disabled_on=\"on|on|\" _builder_version=\"3.10.2\u2033 custom_padding=\"0|0px|0|0px|false|false\" next_background_color=\"#000000\u2033][et_pb_row custom_padding=\"18px|0px|0|0px|false|false\" _builder_version=\"3.0.48\u2033 background_size=\"initial\" background_position=\"top_left\" background_repeat=\"repeat\"][et_pb_column type=\"4_4\u2033][et_pb_text _builder_version=\"3.10.2\u2033 custom_margin=\"0px|-120px|16px|-100px\"].<\/p>\n<p><img loading=\"lazy\" decoding=\"async\" class=\"wp-image-213 alignnone size-medium\" src=\"https:\/\/plasticmoldco.com\/wp-content\/uploads\/2018\/10\/new.n-300x18.jpg\" alt=\"\" width=\"1266\" height=\"76\" srcset=\"https:\/\/www.plasticmoldco.com\/wp-content\/uploads\/2018\/10\/new.n-300x18.jpg 300w, https:\/\/www.plasticmoldco.com\/wp-content\/uploads\/2018\/10\/new.n-768x45.jpg 768w, https:\/\/www.plasticmoldco.com\/wp-content\/uploads\/2018\/10\/new.n-1024x60.jpg 1024w\" sizes=\"(max-width: 1266px) 100vw, 1266px\" \/><\/p>\n<p>[\/et_pb_text][\/et_pb_column][\/et_pb_row][\/et_pb_section][et_pb_section bb_built=\"1\u2033 disabled_on=\"||on\" _builder_version=\"3.10.2\u2033 custom_padding=\"22px|0px|0|0px|false|false\" prev_background_color=\"#000000\u2033 next_background_color=\"#000000\u2033][et_pb_row custom_padding=\"0|0px|12px|0px|false|false\" _builder_version=\"3.0.48\u2033 background_size=\"initial\" background_position=\"top_left\" background_repeat=\"repeat\"][et_pb_column type=\"4_4\u2033][et_pb_text _builder_version=\"3.10.2\u2033].<\/p>\n<p><img loading=\"lazy\" decoding=\"async\" class=\"wp-image-213 alignnone size-medium\" src=\"https:\/\/plasticmoldco.com\/wp-content\/uploads\/2018\/10\/new.n-300x18.jpg\" alt=\"\" width=\"1266\" height=\"76\" srcset=\"https:\/\/www.plasticmoldco.com\/wp-content\/uploads\/2018\/10\/new.n-300x18.jpg 300w, https:\/\/www.plasticmoldco.com\/wp-content\/uploads\/2018\/10\/new.n-768x45.jpg 768w, https:\/\/www.plasticmoldco.com\/wp-content\/uploads\/2018\/10\/new.n-1024x60.jpg 1024w\" sizes=\"(max-width: 1266px) 100vw, 1266px\" \/><\/p>\n<p>[\/et_pb_text][\/et_pb_column][\/et_pb_row][\/et_pb_section][et_pb_section bb_built=\"1\u2033 disabled_on=\"on|on|\" _builder_version=\"3.10.2\u2033 custom_padding=\"0|0px|54px|0px|false|false\" prev_background_color=\"#000000\u2033 next_background_color=\"#000000\u2033][et_pb_row custom_padding=\"0|0px|0|0px|false|false\" _builder_version=\"3.0.48\u2033 background_size=\"initial\" background_position=\"top_left\" background_repeat=\"repeat\"][et_pb_column type=\"3_4\u2033][et_pb_text _builder_version=\"3.10.2\u2033 border_width_all=\"3px\" border_color_all=\"#e5e5e5\u2033 custom_margin=\"15px|-90px||-86px\" custom_padding=\"10px|10px|10px\"].<\/p>\n<div id=\"titlep\">\n<div id=\"titlep\">\n<div id=\"titlep\">\n<h2>Silikonov\u00e1 rukavice do trouby<\/h2>\n<p>Jsme profesion\u00e1ln\u00ed <em>\u010d\u00ednsk\u00fd silikon<\/em> Spole\u010dnost zab\u00fdvaj\u00edc\u00ed se v\u00fdrobou forem a tvarov\u00e1n\u00edm, auditovan\u00fd dodavatel spole\u010dnost\u00ed SGS, se zab\u00fdv\u00e1 p\u0159edev\u0161\u00edm v\u00fdrobou silikonov\u00fdch v\u00fdrobk\u016f, v\u010detn\u011b p\u0159edm\u011bt\u016f pro dom\u00e1cnost a reklamn\u00edch d\u00e1rk\u016f, jako jsou n\u00e1dob\u00ed na pe\u010den\u00ed a kuchy\u0148sk\u00e9 n\u00e1dob\u00ed, rukavice na pe\u010den\u00ed, napa\u0159ova\u010de a misky, kojeneck\u00e9 l\u00e1hve, n\u00e1ramky, popeln\u00edky atd...<\/p>\n<p>1. 100% potravin\u00e1\u0159sk\u00fd silikonov\u00fd materi\u00e1l (FDA, SGS, LFGB)<\/p>\n<p>2. Velikost: 212*161*37 mm<\/p>\n<p>3. Hmotnost: 112 g<\/p>\n<p>4. Nep\u0159ilnav\u00e1 povrchov\u00e1 \u00faprava<\/p>\n<p>5. Teplotn\u00ed rozsah: -40 a\u017e 230 stup\u0148\u016f Celsia<\/p>\n<p>6. Flexibiln\u00ed a snadno se \u010dist\u00ed<\/p>\n<p>7. K dispozici jsou libovoln\u00e9 barvy.<\/p>\n<p>pokud chcete vyrobit silikonov\u00fd v\u00fdrobek nebo hled\u00e1te profesion\u00e1ln\u00ed <em>\u010d\u00ednsk\u00fd silikon<\/em> dodavatele pry\u017ee jako sv\u00e9ho partnera, nev\u00e1hejte n\u00e1s kontaktovat.<\/p>\n<\/div>\n<\/div>\n<\/div>\n<p>[\/et_pb_text][\/et_pb_column][et_pb_column type=\"1_4\u2033][et_pb_sidebar _builder_version=\"3.10.2\u2033 area=\"sidebar-1\u2033 custom_margin=\"15px|-94px||40px\" custom_padding=\"10px|10px|10px|10px\" border_width_all=\"2px\" border_color_all=\"#d3d3d3\u2033 \/][\/et_pb_column][\/et_pb_row][\/et_pb_section][et_pb_section bb_built=\"1\u2033 disabled_on=\"||on\" _builder_version=\"3.10.2\u2033 custom_padding=\"0|0px|54px|0px|false|false\" prev_background_color=\"#000000\u2033 next_background_color=\"#000000\u2033][et_pb_row custom_padding=\"0|0px|0|0px|false|false\" _builder_version=\"3.0.48\u2033 background_size=\"initial\" background_position=\"top_left\" background_repeat=\"repeat\"][et_pb_column type=\"4_4\u2033][et_pb_text _builder_version=\"3.10.2\u2033 border_width_all=\"3px\" border_color_all=\"#e5e5e5\u2033].<\/p>\n<div id=\"titlep\">\n<div id=\"titlep\">\n<div id=\"titlep\">\n<div id=\"titlep\">\n<div id=\"titlep\">\n<h2>Silikonov\u00e1 rukavice do trouby<\/h2>\n<p>Jsme profesion\u00e1ln\u00ed <em>\u010d\u00ednsk\u00fd silikon<\/em> Spole\u010dnost zab\u00fdvaj\u00edc\u00ed se v\u00fdrobou forem a tvarov\u00e1n\u00edm, auditovan\u00fd dodavatel spole\u010dnost\u00ed SGS, se zab\u00fdv\u00e1 p\u0159edev\u0161\u00edm v\u00fdrobou silikonov\u00fdch v\u00fdrobk\u016f, v\u010detn\u011b p\u0159edm\u011bt\u016f pro dom\u00e1cnost a reklamn\u00edch d\u00e1rk\u016f, jako jsou n\u00e1dob\u00ed na pe\u010den\u00ed a kuchy\u0148sk\u00e9 n\u00e1dob\u00ed, rukavice na pe\u010den\u00ed, napa\u0159ova\u010de a misky, kojeneck\u00e9 l\u00e1hve, n\u00e1ramky, popeln\u00edky atd...<\/p>\n<p>1. 100% potravin\u00e1\u0159sk\u00fd silikonov\u00fd materi\u00e1l (FDA, SGS, LFGB)<\/p>\n<p>2. Velikost: 212*161*37 mm<\/p>\n<p>3. Hmotnost: 112 g<\/p>\n<p>4. Nep\u0159ilnav\u00e1 povrchov\u00e1 \u00faprava<\/p>\n<p>5. Teplotn\u00ed rozsah: -40 a\u017e 230 stup\u0148\u016f Celsia<\/p>\n<p>6. Flexibiln\u00ed a snadno se \u010dist\u00ed<\/p>\n<p>7. K dispozici jsou libovoln\u00e9 barvy.<\/p>\n<p>pokud chcete vyrobit silikonov\u00fd v\u00fdrobek nebo hled\u00e1te profesion\u00e1ln\u00ed <em>\u010d\u00ednsk\u00fd silikon<\/em> dodavatele pry\u017ee jako sv\u00e9ho partnera, nev\u00e1hejte n\u00e1s kontaktovat.<\/p>\n<\/div>\n<\/div>\n<\/div>\n<\/div>\n<\/div>\n<p>[\/et_pb_text][et_pb_sidebar _builder_version=\"3.10.2\u2033 area=\"sidebar-1\u2033 custom_padding=\"10px||10px|10px\" border_width_all=\"2px\" border_color_all=\"#d3d3d3\u2033 custom_margin=\"|-250px||\" \/][\/et_pb_column][\/et_pb_row][\/et_pb_section][et_pb_section bb_built=\"1\u2033 disabled_on=\"on|on|\" _builder_version=\u201d3.10.2\u2033 custom_margin=\u201d-103px|||\u201d prev_background_color=\u201d#000000\u2033 next_background_color=\u201d#000000\u2033][et_pb_row _builder_version=\u201d3.0.48\u2033 background_size=\"initial\" background_position=\"top_left\" background_repeat=\"repeat\"][et_pb_column type=\"4_4\u2033][et_pb_text _builder_version=\"3.10.2\u2033 custom_margin=\"|-62px||-84px\"]<\/p>\n<p style=\"padding-left: 30px;\"><strong>\u010c\u00edna plastov\u00e9 vst\u0159ikovac\u00ed formy, toolmaker, \u010c\u00edna formy v\u00fdrobce, \u010c\u00edna n\u00e1stroje, plastov\u00e9 formy \u010c\u00edna, \u010c\u00edna vst\u0159ikovac\u00ed formy tov\u00e1rna, plastov\u00e9 vst\u0159ikovac\u00ed formy v\u00fdrobce v \u010c\u00edn\u011b<\/strong><\/p>\n<p>[\/et_pb_text][et_pb_text _builder_version=\u201d3.10.2\u2033 custom_margin=\u201d-15px|-50px||-50px\u201d]<\/p>\n<p><strong><span style=\"color: #0c0c0c;\"><a href=\"https:\/\/www.plasticmoldco.com\/cs\/\">Home\u00a0 \u00a0<\/a>|\u00a0 \u00a0<a href=\"https:\/\/www.plasticmoldco.com\/cs\/about-us\/\">O n\u00e1s\u00a0<\/a> \u00a0|\u00a0 <a href=\"https:\/\/www.plasticmoldco.com\/cs\/projektovani-inzenyrstvi\/\">Design a in\u017een\u00fdrstv\u00ed<\/a>\u00a0 |\u00a0 \u00a0<a href=\"https:\/\/www.plasticmoldco.com\/cs\/products\/\">Produkty\u00a0\u00a0\u00a0\u00a0\u00a0<\/a>|\u00a0\u00a0\u00a0\u00a0\u00a0<a href=\"https:\/\/www.plasticmoldco.com\/cs\/novinky\/\">Zpr\u00e1vy<\/a>\u00a0\u00a0\u00a0\u00a0\u00a0|\u00a0\u00a0\u00a0\u00a0\u00a0<a href=\"https:\/\/www.plasticmoldco.com\/cs\/kvalitni-pojisteni\/\">Poji\u0161t\u011bn\u00ed kvality\u00a0<\/a>\u00a0\u00a0\u00a0\u00a0|\u00a0 \u00a0 <a href=\"https:\/\/www.plasticmoldco.com\/cs\/postup-po\/\">Postup PO<\/a>\u00a0 \u00a0 |\u00a0 \u00a0 <a href=\"https:\/\/www.plasticmoldco.com\/cs\/eqipment\/\">Vybaven\u00ed\u00a0 \u00a0<\/a> |\u00a0 \u00a0<a href=\"https:\/\/www.plasticmoldco.com\/cs\/pripad-prumysloveho-designu\/\">P\u0159\u00edpad pr\u016fmyslov\u00e9ho designu\u00a0<\/a> \u00a0 |\u00a0 \u00a0 <a href=\"https:\/\/www.plasticmoldco.com\/cs\/mapa-stranek\/\">Mapa str\u00e1nek<\/a><\/span><\/strong><\/p>\n<p>[\/et_pb_text][et_pb_text _builder_version=\"3.10.2\u2033 custom_margin=\"-15px|||\"]<\/p>\n<p style=\"text-align: center;\"><strong>Copyright \u00a9 2011 DONGGUAN SINCER TECH CO.LTD. | \u010c\u00edna Mold maker, \u010c\u00edna Plastic injection molding, \u010c\u00edna toolmaker.<\/strong><br \/>\n<strong> Registra\u010dn\u00ed \u010d\u00edslo spole\u010dnosti:1626173<\/strong><\/p>\n<p>[\/et_pb_text][\/et_pb_column][\/et_pb_row][\/et_pb_section][et_pb_section bb_built=\"1\u2033 disabled_on=\"||on\" _builder_version=\"3.10.2\u2033 custom_margin=\"-103px|||\" prev_background_color=\"#000000\u2033][et_pb_row _builder_version=\"3.0.48\u2033 background_size=\"initial\" background_position=\"top_left\" background_repeat=\"repeat\"][et_pb_column type=\"4_4\u2033][et_pb_text _builder_version=\"3.10.2\u2033].<\/p>\n<p style=\"padding-left: 30px;\"><strong>\u010c\u00edna plastov\u00e9 vst\u0159ikovac\u00ed formy, toolmaker, \u010c\u00edna formy v\u00fdrobce, \u010c\u00edna n\u00e1stroje, plastov\u00e9 formy \u010c\u00edna, \u010c\u00edna vst\u0159ikovac\u00ed formy tov\u00e1rna, plastov\u00e9 vst\u0159ikovac\u00ed formy v\u00fdrobce v \u010c\u00edn\u011b<\/strong><\/p>\n<p>[\/et_pb_text][et_pb_text _builder_version=\u201d3.10.2\u2033]<\/p>\n<p><strong><span style=\"color: #0c0c0c;\"><a href=\"https:\/\/www.plasticmoldco.com\/cs\/\">Home\u00a0 \u00a0<\/a>|\u00a0 \u00a0<a href=\"https:\/\/www.plasticmoldco.com\/cs\/about-us\/\">O n\u00e1s\u00a0<\/a> \u00a0|\u00a0 <a href=\"https:\/\/www.plasticmoldco.com\/cs\/projektovani-inzenyrstvi\/\">Design a in\u017een\u00fdrstv\u00ed<\/a>\u00a0 |\u00a0 \u00a0<a href=\"https:\/\/www.plasticmoldco.com\/cs\/products\/\">Produkty\u00a0\u00a0\u00a0\u00a0\u00a0<\/a>|\u00a0\u00a0\u00a0\u00a0\u00a0<a href=\"https:\/\/www.plasticmoldco.com\/cs\/novinky\/\">Zpr\u00e1vy<\/a>\u00a0\u00a0\u00a0\u00a0\u00a0|\u00a0\u00a0\u00a0\u00a0\u00a0<a href=\"https:\/\/www.plasticmoldco.com\/cs\/kvalitni-pojisteni\/\">Poji\u0161t\u011bn\u00ed kvality\u00a0<\/a>\u00a0\u00a0\u00a0\u00a0|\u00a0 \u00a0 <a href=\"https:\/\/www.plasticmoldco.com\/cs\/postup-po\/\">Postup PO<\/a>\u00a0 \u00a0 |\u00a0 \u00a0 <a href=\"https:\/\/www.plasticmoldco.com\/cs\/eqipment\/\">Vybaven\u00ed\u00a0 \u00a0<\/a> |\u00a0 \u00a0<a href=\"https:\/\/www.plasticmoldco.com\/cs\/pripad-prumysloveho-designu\/\">P\u0159\u00edpad pr\u016fmyslov\u00e9ho designu\u00a0<\/a> \u00a0 |\u00a0 \u00a0 <a href=\"https:\/\/www.plasticmoldco.com\/cs\/mapa-stranek\/\">Mapa str\u00e1nek<\/a><\/span><\/strong><\/p>\n<p>[\/et_pb_text][et_pb_text _builder_version=\u201d3.10.2\u2033]<\/p>\n<p style=\"text-align: center;\"><strong>Copyright \u00a9 2011 DONGGUAN SINCER TECH CO.LTD. | \u010c\u00edna Mold maker, \u010c\u00edna Plastic injection molding, \u010c\u00edna toolmaker.<\/strong><br \/>\n<strong> Registra\u010dn\u00ed \u010d\u00edslo spole\u010dnosti:1626173<\/strong><\/p>\n<p>[\/et_pb_text][\/et_pb_column][\/et_pb_row][\/et_pb_section]<\/p>","protected":false},"excerpt":{"rendered":"<p>Silikonov\u00e1 rukavice do trouby Jsme profesion\u00e1ln\u00ed \u010d\u00ednsk\u00e1 silikonov\u00e1 forma a lisovac\u00ed spole\u010dnost, auditovan\u00fd dodavatel SGS, zab\u00fdvaj\u00edc\u00ed se p\u0159edev\u0161\u00edm silikonov\u00fdmi v\u00fdrobky, v\u010detn\u011b p\u0159edm\u011bt\u016f pro dom\u00e1cnost a reklamn\u00edch d\u00e1rk\u016f, jako jsou n\u00e1dob\u00ed na pe\u010den\u00ed a kuchy\u0148sk\u00e9 n\u00e1dob\u00ed, rukavice na pe\u010den\u00ed, parn\u00edky a m\u00edsy, d\u011btsk\u00e9 l\u00e1hve, n\u00e1ramky, popeln\u00edky atd... 1. 100% potravin\u00e1\u0159sk\u00fd (FDA, SGS, LFGB) silikonov\u00fd materi\u00e1l 2. Velikost: 212*161*37 mm 3. [...]<\/p>","protected":false},"author":1,"featured_media":0,"parent":0,"menu_order":0,"comment_status":"closed","ping_status":"closed","template":"","meta":{"_et_pb_use_builder":"on","_et_pb_old_content":"","_et_gb_content_width":"","footnotes":""},"class_list":["post-953","page","type-page","status-publish","hentry"],"yoast_head":"<!-- This site is optimized with the Yoast SEO plugin v27.4 - https:\/\/yoast.com\/product\/yoast-seo-wordpress\/ -->\n<title>Silicone gloves - Plastic Mold | China Mold Maker<\/title>\n<meta name=\"robots\" content=\"index, follow, max-snippet:-1, max-image-preview:large, max-video-preview:-1\" \/>\n<link rel=\"canonical\" href=\"https:\/\/www.plasticmoldco.com\/cs\/szilikon-kesztyu\/\" \/>\n<meta property=\"og:locale\" content=\"cs_CZ\" \/>\n<meta property=\"og:type\" content=\"article\" \/>\n<meta property=\"og:title\" content=\"Silicone gloves - Plastic Mold | China Mold Maker\" \/>\n<meta property=\"og:description\" content=\"Silicone Oven\u00a0 Glove We are a professional china silicone mold and molding company, an audited supplier by SGS, mainly engaged in silicone products, including household items and promotional gifts, such as bakeware&amp; kitcheware, baking gloves, steamers &amp; bowls, baby feeding bottles, wristbands, ashtrays, etc\u2026 1. 100% food-grade(FDA, SGS, LFGB) silicone material 2. Size: 212*161*37mm 3. [&hellip;]\" \/>\n<meta property=\"og:url\" content=\"https:\/\/www.plasticmoldco.com\/cs\/szilikon-kesztyu\/\" \/>\n<meta property=\"og:site_name\" content=\"Plastic Mold | China Mold Maker\" \/>\n<meta property=\"article:modified_time\" content=\"2018-10-18T09:54:05+00:00\" \/>\n<meta property=\"og:image\" content=\"https:\/\/plasticmoldco.com\/wp-content\/uploads\/2018\/10\/new.n-300x18.jpg\" \/>\n<meta name=\"twitter:card\" content=\"summary_large_image\" \/>\n<meta name=\"twitter:label1\" content=\"Odhadovan\u00e1 doba \u010dten\u00ed\" \/>\n\t<meta name=\"twitter:data1\" content=\"4 minuty\" \/>\n<script type=\"application\/ld+json\" class=\"yoast-schema-graph\">{\"@context\":\"https:\\\/\\\/schema.org\",\"@graph\":[{\"@type\":\"WebPage\",\"@id\":\"https:\\\/\\\/www.plasticmoldco.com\\\/hu\\\/szilikon-kesztyu\\\/\",\"url\":\"https:\\\/\\\/www.plasticmoldco.com\\\/hu\\\/szilikon-kesztyu\\\/\",\"name\":\"Silicone gloves - Plastic Mold | China Mold Maker\",\"isPartOf\":{\"@id\":\"https:\\\/\\\/www.plasticmoldco.com\\\/el\\\/#website\"},\"primaryImageOfPage\":{\"@id\":\"https:\\\/\\\/www.plasticmoldco.com\\\/hu\\\/szilikon-kesztyu\\\/#primaryimage\"},\"image\":{\"@id\":\"https:\\\/\\\/www.plasticmoldco.com\\\/hu\\\/szilikon-kesztyu\\\/#primaryimage\"},\"thumbnailUrl\":\"https:\\\/\\\/plasticmoldco.com\\\/wp-content\\\/uploads\\\/2018\\\/10\\\/new.n-300x18.jpg\",\"datePublished\":\"2018-10-18T09:43:08+00:00\",\"dateModified\":\"2018-10-18T09:54:05+00:00\",\"breadcrumb\":{\"@id\":\"https:\\\/\\\/www.plasticmoldco.com\\\/hu\\\/szilikon-kesztyu\\\/#breadcrumb\"},\"inLanguage\":\"cs\",\"potentialAction\":[{\"@type\":\"ReadAction\",\"target\":[\"https:\\\/\\\/www.plasticmoldco.com\\\/hu\\\/szilikon-kesztyu\\\/\"]}]},{\"@type\":\"ImageObject\",\"inLanguage\":\"cs\",\"@id\":\"https:\\\/\\\/www.plasticmoldco.com\\\/hu\\\/szilikon-kesztyu\\\/#primaryimage\",\"url\":\"https:\\\/\\\/plasticmoldco.com\\\/wp-content\\\/uploads\\\/2018\\\/10\\\/new.n-300x18.jpg\",\"contentUrl\":\"https:\\\/\\\/plasticmoldco.com\\\/wp-content\\\/uploads\\\/2018\\\/10\\\/new.n-300x18.jpg\"},{\"@type\":\"BreadcrumbList\",\"@id\":\"https:\\\/\\\/www.plasticmoldco.com\\\/hu\\\/szilikon-kesztyu\\\/#breadcrumb\",\"itemListElement\":[{\"@type\":\"ListItem\",\"position\":1,\"name\":\"Home\",\"item\":\"https:\\\/\\\/www.plasticmoldco.com\\\/\"},{\"@type\":\"ListItem\",\"position\":2,\"name\":\"Silicone gloves\"}]},{\"@type\":\"WebSite\",\"@id\":\"https:\\\/\\\/www.plasticmoldco.com\\\/el\\\/#website\",\"url\":\"https:\\\/\\\/www.plasticmoldco.com\\\/el\\\/\",\"name\":\"Plastic Mold | China Mold Maker\",\"description\":\"Are you looking for injection mold china? We are plastic mold maker\",\"publisher\":{\"@id\":\"https:\\\/\\\/www.plasticmoldco.com\\\/el\\\/#organization\"},\"potentialAction\":[{\"@type\":\"SearchAction\",\"target\":{\"@type\":\"EntryPoint\",\"urlTemplate\":\"https:\\\/\\\/www.plasticmoldco.com\\\/el\\\/?s={search_term_string}\"},\"query-input\":{\"@type\":\"PropertyValueSpecification\",\"valueRequired\":true,\"valueName\":\"search_term_string\"}}],\"inLanguage\":\"cs\"},{\"@type\":\"Organization\",\"@id\":\"https:\\\/\\\/www.plasticmoldco.com\\\/el\\\/#organization\",\"name\":\"Plastic Mold | China Mold Maker\",\"url\":\"https:\\\/\\\/www.plasticmoldco.com\\\/el\\\/\",\"logo\":{\"@type\":\"ImageObject\",\"inLanguage\":\"cs\",\"@id\":\"https:\\\/\\\/www.plasticmoldco.com\\\/el\\\/#\\\/schema\\\/logo\\\/image\\\/\",\"url\":\"https:\\\/\\\/plasticmoldco.com\\\/wp-content\\\/uploads\\\/2018\\\/10\\\/nlogon.png\",\"contentUrl\":\"https:\\\/\\\/plasticmoldco.com\\\/wp-content\\\/uploads\\\/2018\\\/10\\\/nlogon.png\",\"width\":204,\"height\":54,\"caption\":\"Plastic Mold | China Mold Maker\"},\"image\":{\"@id\":\"https:\\\/\\\/www.plasticmoldco.com\\\/el\\\/#\\\/schema\\\/logo\\\/image\\\/\"}}]}<\/script>\n<!-- \/ Yoast SEO plugin. -->","yoast_head_json":{"title":"Silikonov\u00e9 rukavice - Plastov\u00e9 formy | \u010c\u00edna Mold Maker","robots":{"index":"index","follow":"follow","max-snippet":"max-snippet:-1","max-image-preview":"max-image-preview:large","max-video-preview":"max-video-preview:-1"},"canonical":"https:\/\/www.plasticmoldco.com\/cs\/szilikon-kesztyu\/","og_locale":"cs_CZ","og_type":"article","og_title":"Silicone gloves - Plastic Mold | China Mold Maker","og_description":"Silicone Oven\u00a0 Glove We are a professional china silicone mold and molding company, an audited supplier by SGS, mainly engaged in silicone products, including household items and promotional gifts, such as bakeware&amp; kitcheware, baking gloves, steamers &amp; bowls, baby feeding bottles, wristbands, ashtrays, etc\u2026 1. 100% food-grade(FDA, SGS, LFGB) silicone material 2. Size: 212*161*37mm 3. [&hellip;]","og_url":"https:\/\/www.plasticmoldco.com\/cs\/szilikon-kesztyu\/","og_site_name":"Plastic Mold | China Mold Maker","article_modified_time":"2018-10-18T09:54:05+00:00","og_image":[{"url":"https:\/\/plasticmoldco.com\/wp-content\/uploads\/2018\/10\/new.n-300x18.jpg","type":"","width":"","height":""}],"twitter_card":"summary_large_image","twitter_misc":{"Odhadovan\u00e1 doba \u010dten\u00ed":"4 minuty"},"schema":{"@context":"https:\/\/schema.org","@graph":[{"@type":"WebPage","@id":"https:\/\/www.plasticmoldco.com\/hu\/szilikon-kesztyu\/","url":"https:\/\/www.plasticmoldco.com\/hu\/szilikon-kesztyu\/","name":"Silikonov\u00e9 rukavice - Plastov\u00e9 formy | \u010c\u00edna Mold Maker","isPartOf":{"@id":"https:\/\/www.plasticmoldco.com\/el\/#website"},"primaryImageOfPage":{"@id":"https:\/\/www.plasticmoldco.com\/hu\/szilikon-kesztyu\/#primaryimage"},"image":{"@id":"https:\/\/www.plasticmoldco.com\/hu\/szilikon-kesztyu\/#primaryimage"},"thumbnailUrl":"https:\/\/plasticmoldco.com\/wp-content\/uploads\/2018\/10\/new.n-300x18.jpg","datePublished":"2018-10-18T09:43:08+00:00","dateModified":"2018-10-18T09:54:05+00:00","breadcrumb":{"@id":"https:\/\/www.plasticmoldco.com\/hu\/szilikon-kesztyu\/#breadcrumb"},"inLanguage":"cs","potentialAction":[{"@type":"ReadAction","target":["https:\/\/www.plasticmoldco.com\/hu\/szilikon-kesztyu\/"]}]},{"@type":"ImageObject","inLanguage":"cs","@id":"https:\/\/www.plasticmoldco.com\/hu\/szilikon-kesztyu\/#primaryimage","url":"https:\/\/plasticmoldco.com\/wp-content\/uploads\/2018\/10\/new.n-300x18.jpg","contentUrl":"https:\/\/plasticmoldco.com\/wp-content\/uploads\/2018\/10\/new.n-300x18.jpg"},{"@type":"BreadcrumbList","@id":"https:\/\/www.plasticmoldco.com\/hu\/szilikon-kesztyu\/#breadcrumb","itemListElement":[{"@type":"ListItem","position":1,"name":"Home","item":"https:\/\/www.plasticmoldco.com\/"},{"@type":"ListItem","position":2,"name":"Silicone gloves"}]},{"@type":"WebSite","@id":"https:\/\/www.plasticmoldco.com\/el\/#website","url":"https:\/\/www.plasticmoldco.com\/el\/","name":"Plastov\u00e9 formy | \u010c\u00edna Mold Maker","description":"Hled\u00e1te vst\u0159ikovac\u00ed formy z \u010c\u00edny? Jsme v\u00fdrobce plastov\u00fdch forem","publisher":{"@id":"https:\/\/www.plasticmoldco.com\/el\/#organization"},"potentialAction":[{"@type":"SearchAction","target":{"@type":"EntryPoint","urlTemplate":"https:\/\/www.plasticmoldco.com\/el\/?s={search_term_string}"},"query-input":{"@type":"PropertyValueSpecification","valueRequired":true,"valueName":"search_term_string"}}],"inLanguage":"cs"},{"@type":"Organization","@id":"https:\/\/www.plasticmoldco.com\/el\/#organization","name":"Plastov\u00e9 formy | \u010c\u00edna Mold Maker","url":"https:\/\/www.plasticmoldco.com\/el\/","logo":{"@type":"ImageObject","inLanguage":"cs","@id":"https:\/\/www.plasticmoldco.com\/el\/#\/schema\/logo\/image\/","url":"https:\/\/plasticmoldco.com\/wp-content\/uploads\/2018\/10\/nlogon.png","contentUrl":"https:\/\/plasticmoldco.com\/wp-content\/uploads\/2018\/10\/nlogon.png","width":204,"height":54,"caption":"Plastic Mold | China Mold Maker"},"image":{"@id":"https:\/\/www.plasticmoldco.com\/el\/#\/schema\/logo\/image\/"}}]}},"_links":{"self":[{"href":"https:\/\/www.plasticmoldco.com\/cs\/wp-json\/wp\/v2\/pages\/953","targetHints":{"allow":["GET"]}}],"collection":[{"href":"https:\/\/www.plasticmoldco.com\/cs\/wp-json\/wp\/v2\/pages"}],"about":[{"href":"https:\/\/www.plasticmoldco.com\/cs\/wp-json\/wp\/v2\/types\/page"}],"author":[{"embeddable":true,"href":"https:\/\/www.plasticmoldco.com\/cs\/wp-json\/wp\/v2\/users\/1"}],"replies":[{"embeddable":true,"href":"https:\/\/www.plasticmoldco.com\/cs\/wp-json\/wp\/v2\/comments?post=953"}],"version-history":[{"count":0,"href":"https:\/\/www.plasticmoldco.com\/cs\/wp-json\/wp\/v2\/pages\/953\/revisions"}],"wp:attachment":[{"href":"https:\/\/www.plasticmoldco.com\/cs\/wp-json\/wp\/v2\/media?parent=953"}],"curies":[{"name":"wp","href":"https:\/\/api.w.org\/{rel}","templated":true}]}}