{"id":920,"date":"2018-10-18T15:51:12","date_gmt":"2018-10-18T07:51:12","guid":{"rendered":"https:\/\/plasticmoldco.com\/?page_id=920"},"modified":"2018-10-18T15:51:12","modified_gmt":"2018-10-18T07:51:12","slug":"silicone-keypad","status":"publish","type":"page","link":"https:\/\/www.plasticmoldco.com\/cs\/silikonova-klavesnice\/","title":{"rendered":"Silikonov\u00e1 kl\u00e1vesnice"},"content":{"rendered":"<p>[et_pb_section bb_built=\"1\u2033 disabled_on=\"on|on|\" _builder_version=\"3.10.2\u2033 custom_padding=\"0|0px|0|0px|false|false\" next_background_color=\"#000000\u2033][et_pb_row custom_padding=\"18px|0px|0|0px|false|false\" _builder_version=\"3.0.48\u2033 background_size=\"initial\" background_position=\"top_left\" background_repeat=\"repeat\"][et_pb_column type=\"4_4\u2033][et_pb_text _builder_version=\"3.10.2\u2033 custom_margin=\"0px|-120px|16px|-100px\"].<\/p>\n<p><img loading=\"lazy\" decoding=\"async\" class=\"wp-image-213 alignnone size-medium\" src=\"https:\/\/plasticmoldco.com\/wp-content\/uploads\/2018\/10\/new.n-300x18.jpg\" alt=\"\" width=\"1266\" height=\"76\" srcset=\"https:\/\/www.plasticmoldco.com\/wp-content\/uploads\/2018\/10\/new.n-300x18.jpg 300w, https:\/\/www.plasticmoldco.com\/wp-content\/uploads\/2018\/10\/new.n-768x45.jpg 768w, https:\/\/www.plasticmoldco.com\/wp-content\/uploads\/2018\/10\/new.n-1024x60.jpg 1024w\" sizes=\"(max-width: 1266px) 100vw, 1266px\" \/><\/p>\n<p>[\/et_pb_text][\/et_pb_column][\/et_pb_row][\/et_pb_section][et_pb_section bb_built=\"1\u2033 disabled_on=\"||on\" _builder_version=\"3.10.2\u2033 custom_padding=\"22px|0px|0|0px|false|false\" prev_background_color=\"#000000\u2033 next_background_color=\"#000000\u2033][et_pb_row custom_padding=\"0|0px|12px|0px|false|false\" _builder_version=\"3.0.48\u2033 background_size=\"initial\" background_position=\"top_left\" background_repeat=\"repeat\"][et_pb_column type=\"4_4\u2033][et_pb_text _builder_version=\"3.10.2\u2033].<\/p>\n<p><img loading=\"lazy\" decoding=\"async\" class=\"wp-image-213 alignnone size-medium\" src=\"https:\/\/plasticmoldco.com\/wp-content\/uploads\/2018\/10\/new.n-300x18.jpg\" alt=\"\" width=\"1266\" height=\"76\" srcset=\"https:\/\/www.plasticmoldco.com\/wp-content\/uploads\/2018\/10\/new.n-300x18.jpg 300w, https:\/\/www.plasticmoldco.com\/wp-content\/uploads\/2018\/10\/new.n-768x45.jpg 768w, https:\/\/www.plasticmoldco.com\/wp-content\/uploads\/2018\/10\/new.n-1024x60.jpg 1024w\" sizes=\"(max-width: 1266px) 100vw, 1266px\" \/><\/p>\n<p>[\/et_pb_text][\/et_pb_column][\/et_pb_row][\/et_pb_section][et_pb_section bb_built=\"1\u2033 disabled_on=\"on|on|\" _builder_version=\"3.10.2\u2033 custom_padding=\"0|0px|54px|0px|false|false\" prev_background_color=\"#000000\u2033 next_background_color=\"#000000\u2033][et_pb_row custom_padding=\"0|0px|0|0px|false|false\" _builder_version=\"3.0.48\u2033 background_size=\"initial\" background_position=\"top_left\" background_repeat=\"repeat\"][et_pb_column type=\"3_4\u2033][et_pb_text _builder_version=\"3.10.2\u2033 border_width_all=\"3px\" border_color_all=\"#e5e5e5\u2033 custom_margin=\"15px|-90px||-86px\" custom_padding=\"10px|10px|10px\"].<\/p>\n<div id=\"titlep\">\n<div id=\"titlep\">\n<div id=\"titlep\">\n<div id=\"titlep\">\n<div>\n<h2>Silikonov\u00e1 kl\u00e1vesnice<\/h2>\n<\/div>\n<\/div>\n<div id=\"mge\"><\/div>\n<p><strong>\u00a0<img loading=\"lazy\" decoding=\"async\" class=\"aligncenter size-full wp-image-1211\" title=\"silikonov\u00e1 kl\u00e1vesnice \u010c\u00edna\" src=\"https:\/\/web.archive.org\/web\/20140805220932im_\/http:\/\/www.moldchina.org\/wp-content\/uploads\/2011\/09\/IMG_9536.jpg\" alt=\"\" width=\"640\" height=\"480\" \/><\/strong><\/p>\n<p><strong>Popis produktu <\/strong><\/p>\n<p>D\u00e1lkov\u00e9 ovl\u00e1d\u00e1n\u00ed silikonov\u00e9 kl\u00e1vesnice:<\/p>\n<p>1). Jednobarevn\u00fd tisk, v\u00edcebarevn\u00fd tisk<\/p>\n<p>2). Jednobarevn\u00e1 kl\u00e1vesnice, kl\u00e1vesnice pro m\u00edch\u00e1n\u00ed barev, fluorescen\u010dn\u00ed\/skv\u011bl\u00e1 gumov\u00e1 kl\u00e1vesnice.<\/p>\n<p>3). Vodiv\u00e1, nevodiv\u00e1 kl\u00e1vesnice<\/p>\n<p>4). PU povlak, expoxidov\u00fd povlak, n\u00e1st\u0159ik, kapaj\u00edc\u00ed m\u011bkk\u00e9 a tvrd\u00e9 lepidlo, laserov\u00e9 vy\u0159ez\u00e1v\u00e1n\u00ed Silikonov\u00e9 pry\u017eov\u00e9 kl\u00e1vesnice se obvykle pou\u017e\u00edvaj\u00ed v telefonech, d\u00e1lkov\u00fdch ovlada\u010d\u00edch, hra\u010dk\u00e1ch, kalkula\u010dk\u00e1ch, po\u010d\u00edta\u010d\u00edch, psac\u00edch stroj\u00edch, t\u011b\u017ek\u00fdch za\u0159\u00edzen\u00edch, mikrom\u011b\u0159\u00edc\u00edch za\u0159\u00edzen\u00edch.<\/p>\n<\/div>\n<\/div>\n<\/div>\n<p>[\/et_pb_text][\/et_pb_column][et_pb_column type=\"1_4\u2033][et_pb_sidebar _builder_version=\"3.10.2\u2033 area=\"sidebar-1\u2033 custom_margin=\"15px|-94px||40px\" custom_padding=\"10px|10px|10px|10px\" border_width_all=\"2px\" border_color_all=\"#d3d3d3\u2033 \/][\/et_pb_column][\/et_pb_row][\/et_pb_section][et_pb_section bb_built=\"1\u2033 disabled_on=\"||on\" _builder_version=\"3.10.2\u2033 custom_padding=\"0|0px|54px|0px|false|false\" prev_background_color=\"#000000\u2033 next_background_color=\"#000000\u2033][et_pb_row custom_padding=\"0|0px|0|0px|false|false\" _builder_version=\"3.0.48\u2033 background_size=\"initial\" background_position=\"top_left\" background_repeat=\"repeat\"][et_pb_column type=\"4_4\u2033][et_pb_text _builder_version=\"3.10.2\u2033 border_width_all=\"3px\" border_color_all=\"#e5e5e5\u2033].<\/p>\n<div id=\"titlep\">\n<div id=\"titlep\">\n<div id=\"titlep\">\n<div id=\"titlep\">\n<div id=\"titlep\">\n<div id=\"titlep\">\n<div>\n<h2>Silikonov\u00e1 kl\u00e1vesnice<\/h2>\n<\/div>\n<\/div>\n<div id=\"mge\"><\/div>\n<p><strong>\u00a0<img loading=\"lazy\" decoding=\"async\" class=\"aligncenter size-full wp-image-1211\" title=\"silikonov\u00e1 kl\u00e1vesnice \u010c\u00edna\" src=\"https:\/\/web.archive.org\/web\/20140805220932im_\/http:\/\/www.moldchina.org\/wp-content\/uploads\/2011\/09\/IMG_9536.jpg\" alt=\"\" width=\"640\" height=\"480\" \/><\/strong><\/p>\n<p><strong>Popis produktu <\/strong><\/p>\n<p>D\u00e1lkov\u00e9 ovl\u00e1d\u00e1n\u00ed silikonov\u00e9 kl\u00e1vesnice:<\/p>\n<p>1). Jednobarevn\u00fd tisk, v\u00edcebarevn\u00fd tisk<\/p>\n<p>2). Jednobarevn\u00e1 kl\u00e1vesnice, kl\u00e1vesnice pro m\u00edch\u00e1n\u00ed barev, fluorescen\u010dn\u00ed\/skv\u011bl\u00e1 gumov\u00e1 kl\u00e1vesnice.<\/p>\n<p>3). Vodiv\u00e1, nevodiv\u00e1 kl\u00e1vesnice<\/p>\n<p>4). PU povlak, expoxidov\u00fd povlak, n\u00e1st\u0159ik, kapaj\u00edc\u00ed m\u011bkk\u00e9 a tvrd\u00e9 lepidlo, laserov\u00e9 vy\u0159ez\u00e1v\u00e1n\u00ed Silikonov\u00e9 pry\u017eov\u00e9 kl\u00e1vesnice se obvykle pou\u017e\u00edvaj\u00ed v telefonech, d\u00e1lkov\u00fdch ovlada\u010d\u00edch, hra\u010dk\u00e1ch, kalkula\u010dk\u00e1ch, po\u010d\u00edta\u010d\u00edch, psac\u00edch stroj\u00edch, t\u011b\u017ek\u00fdch za\u0159\u00edzen\u00edch, mikrom\u011b\u0159\u00edc\u00edch za\u0159\u00edzen\u00edch.<\/p>\n<\/div>\n<\/div>\n<\/div>\n<\/div>\n<\/div>\n<p>[\/et_pb_text][et_pb_text _builder_version=\"3.10.2\u2033 text_font_size=\"13px\" header_font=\"|700|||||||\" border_width_all=\"2px\" border_color_all=\"#bcbcbc\" inline_fonts=\"Arial\"]<\/p>\n<h4><img loading=\"lazy\" decoding=\"async\" class=\"wp-image-111 alignnone\" src=\"https:\/\/plasticmoldco.com\/wp-content\/uploads\/2018\/10\/sss.png\" alt=\"\" width=\"16\" height=\"13\" \/><strong>V\u00fdrobek z pl\u00edsn\u011b<\/strong><\/h4>\n<hr \/>\n<p>\u2192 <span style=\"font-size: medium;\"><strong><span style=\"color: #000000;\"><a style=\"color: #000000;\" href=\"https:\/\/www.plasticmoldco.com\/cs\/plisne\/\">MOLD<\/a><\/span><\/strong><\/span><br \/>\n<span style=\"font-size: medium;\"><strong><span style=\"color: #000000;\"> \u2192 <a style=\"color: #000000;\" href=\"https:\/\/www.plasticmoldco.com\/cs\/prototypove-dily\/\">Prototypov\u00e9 d\u00edly<\/a><\/span><\/strong><\/span><br \/>\n<span style=\"font-size: medium;\"><strong><span style=\"color: #000000;\"> \u2192 <a style=\"color: #000000;\" href=\"https:\/\/www.plasticmoldco.com\/cs\/plastovy-dil\/\">Plastov\u00fd d\u00edl<\/a><\/span><\/strong><\/span><br \/>\n<span style=\"font-size: medium;\"><strong><span style=\"color: #000000;\"> \u2192 <a style=\"color: #000000;\" href=\"https:\/\/www.plasticmoldco.com\/cs\/silikonove-pryzove-dily\/\">silikonov\u00e9 a pry\u017eov\u00e9 d\u00edly<\/a><\/span><\/strong><\/span><\/p>\n<p><span style=\"font-size: medium;\"><strong><span style=\"color: #000000;\">Kontaktujte n\u00e1s<\/span><\/strong><\/span><\/p>\n<hr \/>\n<p><strong><span style=\"color: #000000;\">DONGGUAN SINCERE TECH CO.LTD<\/span><\/strong><br \/>\n<strong><span style=\"color: #000000;\"> ADRESA Z\u00c1VODU: TOV\u00c1RNA JE UM\u00cdST\u011aNA NA ADRESE: YUANXIA LU, YUANJIANG YUANG, CHANGPING TOWN, DONNGUAN CITY, GUANGDONG PROVINCE, CHINA 523000<\/span><\/strong><\/p>\n<p><strong><span style=\"color: #000000;\">TEL: +86 (0)769 3366 9997<\/span><\/strong><br \/>\n<strong><span style=\"color: #000000;\"> FAX: +86 (0)769 3366 9997<\/span><\/strong><\/p>\n<p><strong><span style=\"color: #000000;\">EMAIL: <a href=\"mailto:INFO@sinceretetechs.com\">INFO@sinceretetechs.com<\/a><\/span><\/strong><\/p>\n<ul>\n<li id=\"tag_cloud-3\" class=\"widget-container widget_tag_cloud\">\n<h3 class=\"widget-title\"><strong>Popul\u00e1rn\u00ed vyhled\u00e1v\u00e1n\u00ed<\/strong><\/h3>\n<hr \/>\n<div class=\"tagcloud\"><strong>\u010c\u00edna Die Casting \u010c\u00edna vst\u0159ikovac\u00ed formy spole\u010dnosti \u010c\u00edna vst\u0159ikovac\u00ed formy factorychina vst\u0159ikov\u00e1n\u00ed china vst\u0159ikovac\u00ed formy v\u00fdrobce \u010c\u00edna vst\u0159ikovac\u00ed formy china vst\u0159ikovac\u00ed formy companychina formy tov\u00e1rna china formy makerchina formy dodavatele china formy \u010c\u00edna Mould maker \u010c\u00edna Mould dodavatel\u00e9 Mould china plastov\u00e9 mold companychina silikon china silikon rubberchina toolmaker China toolmaker in china injection mold Injection Molded Plastics Injection molding injection molding china injection molding chineseplastic injection molding plastic mould china Prototype parts silicone chinasilicone rubber tool mold making china<\/strong><\/div>\n<\/li>\n<\/ul>\n<p><img decoding=\"async\" style=\"font-size: 13px; background-color: #ffffff; text-align: -webkit-center; display: block; margin-left: auto; margin-right: auto;\" src=\"https:\/\/web.archive.org\/web\/20140728234454im_\/http:\/\/www.moldchina.org\/wp-content\/themes\/9C008\/images\/iso.jpg\" \/><\/p>\n<p>[\/et_pb_text][\/et_pb_column][\/et_pb_row][\/et_pb_section][et_pb_section bb_built=\"1\u2033 disabled_on=\"on|on|\" _builder_version=\u201d3.10.2\u2033 custom_margin=\u201d-103px|||\u201d prev_background_color=\u201d#000000\u2033 next_background_color=\u201d#000000\u2033][et_pb_row _builder_version=\u201d3.0.48\u2033 background_size=\"initial\" background_position=\"top_left\" background_repeat=\"repeat\"][et_pb_column type=\"4_4\u2033][et_pb_text _builder_version=\"3.10.2\u2033 custom_margin=\"|-62px||-84px\"]<\/p>\n<p style=\"padding-left: 30px;\"><strong>\u010c\u00edna plastov\u00e9 vst\u0159ikovac\u00ed formy, toolmaker, \u010c\u00edna formy v\u00fdrobce, \u010c\u00edna n\u00e1stroje, plastov\u00e9 formy \u010c\u00edna, \u010c\u00edna vst\u0159ikovac\u00ed formy tov\u00e1rna, plastov\u00e9 vst\u0159ikovac\u00ed formy v\u00fdrobce v \u010c\u00edn\u011b<\/strong><\/p>\n<p>[\/et_pb_text][et_pb_text _builder_version=\u201d3.10.2\u2033 custom_margin=\u201d-15px|-50px||-50px\u201d]<\/p>\n<p><strong><span style=\"color: #0c0c0c;\"><a href=\"https:\/\/www.plasticmoldco.com\/cs\/\">Home\u00a0 \u00a0<\/a>|\u00a0 \u00a0<a href=\"https:\/\/www.plasticmoldco.com\/cs\/about-us\/\">O n\u00e1s\u00a0<\/a> \u00a0|\u00a0 <a href=\"https:\/\/www.plasticmoldco.com\/cs\/projektovani-inzenyrstvi\/\">Design a in\u017een\u00fdrstv\u00ed<\/a>\u00a0 |\u00a0 \u00a0<a href=\"https:\/\/www.plasticmoldco.com\/cs\/products\/\">Produkty\u00a0\u00a0\u00a0\u00a0\u00a0<\/a>|\u00a0\u00a0\u00a0\u00a0\u00a0<a href=\"https:\/\/www.plasticmoldco.com\/cs\/novinky\/\">Zpr\u00e1vy<\/a>\u00a0\u00a0\u00a0\u00a0\u00a0|\u00a0\u00a0\u00a0\u00a0\u00a0<a href=\"https:\/\/www.plasticmoldco.com\/cs\/kvalitni-pojisteni\/\">Poji\u0161t\u011bn\u00ed kvality\u00a0<\/a>\u00a0\u00a0\u00a0\u00a0|\u00a0 \u00a0 <a href=\"https:\/\/www.plasticmoldco.com\/cs\/postup-po\/\">Postup PO<\/a>\u00a0 \u00a0 |\u00a0 \u00a0 <a href=\"https:\/\/www.plasticmoldco.com\/cs\/eqipment\/\">Vybaven\u00ed\u00a0 \u00a0<\/a> |\u00a0 \u00a0<a href=\"https:\/\/www.plasticmoldco.com\/cs\/pripad-prumysloveho-designu\/\">P\u0159\u00edpad pr\u016fmyslov\u00e9ho designu\u00a0<\/a> \u00a0 |\u00a0 \u00a0 <a href=\"https:\/\/www.plasticmoldco.com\/cs\/mapa-stranek\/\">Mapa str\u00e1nek<\/a><\/span><\/strong><\/p>\n<p>[\/et_pb_text][et_pb_text _builder_version=\"3.10.2\u2033 custom_margin=\"-15px|||\"]<\/p>\n<p style=\"text-align: center;\"><strong>Copyright \u00a9 2011 DONGGUAN SINCER TECH CO.LTD. | \u010c\u00edna Mold maker, \u010c\u00edna Plastic injection molding, \u010c\u00edna toolmaker.<\/strong><br \/>\n<strong> Registra\u010dn\u00ed \u010d\u00edslo spole\u010dnosti:1626173<\/strong><\/p>\n<p>[\/et_pb_text][\/et_pb_column][\/et_pb_row][\/et_pb_section][et_pb_section bb_built=\"1\u2033 disabled_on=\"||on\" _builder_version=\"3.10.2\u2033 custom_margin=\"-103px|||\" prev_background_color=\"#000000\u2033][et_pb_row _builder_version=\"3.0.48\u2033 background_size=\"initial\" background_position=\"top_left\" background_repeat=\"repeat\"][et_pb_column type=\"4_4\u2033][et_pb_text _builder_version=\"3.10.2\u2033].<\/p>\n<p style=\"padding-left: 30px;\"><strong>\u010c\u00edna plastov\u00e9 vst\u0159ikovac\u00ed formy, toolmaker, \u010c\u00edna formy v\u00fdrobce, \u010c\u00edna n\u00e1stroje, plastov\u00e9 formy \u010c\u00edna, \u010c\u00edna vst\u0159ikovac\u00ed formy tov\u00e1rna, plastov\u00e9 vst\u0159ikovac\u00ed formy v\u00fdrobce v \u010c\u00edn\u011b<\/strong><\/p>\n<p>[\/et_pb_text][et_pb_text _builder_version=\u201d3.10.2\u2033]<\/p>\n<p><strong><span style=\"color: #0c0c0c;\"><a href=\"https:\/\/www.plasticmoldco.com\/cs\/\">Home\u00a0 \u00a0<\/a>|\u00a0 \u00a0<a href=\"https:\/\/www.plasticmoldco.com\/cs\/about-us\/\">O n\u00e1s\u00a0<\/a> \u00a0|\u00a0 <a href=\"https:\/\/www.plasticmoldco.com\/cs\/projektovani-inzenyrstvi\/\">Design a in\u017een\u00fdrstv\u00ed<\/a>\u00a0 |\u00a0 \u00a0<a href=\"https:\/\/www.plasticmoldco.com\/cs\/products\/\">Produkty\u00a0\u00a0\u00a0\u00a0\u00a0<\/a>|\u00a0\u00a0\u00a0\u00a0\u00a0<a href=\"https:\/\/www.plasticmoldco.com\/cs\/novinky\/\">Zpr\u00e1vy<\/a>\u00a0\u00a0\u00a0\u00a0\u00a0|\u00a0\u00a0\u00a0\u00a0\u00a0<a href=\"https:\/\/www.plasticmoldco.com\/cs\/kvalitni-pojisteni\/\">Poji\u0161t\u011bn\u00ed kvality\u00a0<\/a>\u00a0\u00a0\u00a0\u00a0|\u00a0 \u00a0 <a href=\"https:\/\/www.plasticmoldco.com\/cs\/postup-po\/\">Postup PO<\/a>\u00a0 \u00a0 |\u00a0 \u00a0 <a href=\"https:\/\/www.plasticmoldco.com\/cs\/eqipment\/\">Vybaven\u00ed\u00a0 \u00a0<\/a> |\u00a0 \u00a0<a href=\"https:\/\/www.plasticmoldco.com\/cs\/pripad-prumysloveho-designu\/\">P\u0159\u00edpad pr\u016fmyslov\u00e9ho designu\u00a0<\/a> \u00a0 |\u00a0 \u00a0 <a href=\"https:\/\/www.plasticmoldco.com\/cs\/mapa-stranek\/\">Mapa str\u00e1nek<\/a><\/span><\/strong><\/p>\n<p>[\/et_pb_text][et_pb_text _builder_version=\u201d3.10.2\u2033]<\/p>\n<p style=\"text-align: center;\"><strong>Copyright \u00a9 2011 DONGGUAN SINCER TECH CO.LTD. | \u010c\u00edna Mold maker, \u010c\u00edna Plastic injection molding, \u010c\u00edna toolmaker.<\/strong><br \/>\n<strong> Registra\u010dn\u00ed \u010d\u00edslo spole\u010dnosti:1626173<\/strong><\/p>\n<p>[\/et_pb_text][\/et_pb_column][\/et_pb_row][\/et_pb_section]<\/p>","protected":false},"excerpt":{"rendered":"<p>Silikonov\u00e1 kl\u00e1vesnice Popis produktu Silikonov\u00e1 kl\u00e1vesnice na d\u00e1lkov\u00e9 ovl\u00e1d\u00e1n\u00ed: 1). Jednobarevn\u00fd tisk, v\u00edcebarevn\u00fd tisk 2). Jednobarevn\u00e1 kl\u00e1vesnice, m\u00edch\u00e1n\u00ed barev, fluorescen\u010dn\u00ed\/sv\u00edt\u00edc\u00ed ve tm\u011b gumov\u00e1 kl\u00e1vesnice 3). Vodiv\u00e1, nevodiv\u00e1 kl\u00e1vesnice 4). PU povlak, expoxidov\u00fd povlak, povlak ve spreji, kapaj\u00edc\u00ed m\u011bkk\u00e9 a tvrd\u00e9 lepidlo, laserov\u00e9 vy\u0159ez\u00e1v\u00e1n\u00ed Silikonov\u00e9 pry\u017eov\u00e9 kl\u00e1vesnice se obvykle pou\u017e\u00edvaj\u00ed v telefonech, d\u00e1lkov\u00fdch ovlada\u010d\u00edch, hra\u010dk\u00e1ch [...]<\/p>","protected":false},"author":1,"featured_media":0,"parent":0,"menu_order":0,"comment_status":"closed","ping_status":"closed","template":"","meta":{"_et_pb_use_builder":"on","_et_pb_old_content":"","_et_gb_content_width":"","footnotes":""},"class_list":["post-920","page","type-page","status-publish","hentry"],"yoast_head":"<!-- This site is optimized with the Yoast SEO plugin v26.4 - https:\/\/yoast.com\/wordpress\/plugins\/seo\/ -->\n<title>Silicone keypad - Plastic Mold | China Mold Maker<\/title>\n<meta name=\"robots\" content=\"index, follow, max-snippet:-1, max-image-preview:large, max-video-preview:-1\" \/>\n<link rel=\"canonical\" href=\"https:\/\/www.plasticmoldco.com\/cs\/silikonova-klavesnice\/\" \/>\n<meta property=\"og:locale\" content=\"cs_CZ\" \/>\n<meta property=\"og:type\" content=\"article\" \/>\n<meta property=\"og:title\" content=\"Silicone keypad - Plastic Mold | China Mold Maker\" \/>\n<meta property=\"og:description\" content=\"Silicone keypad \u00a0 Product Description Remote control silicone keypad: 1). Single color print, multi-color print 2). Single color, mixing colors keypad, Fluorescence\/glow in dark rubber keypad 3). Conductive, non conductinve keypad 4). PU coating, expoxy coating, spray coating, dropping soft and hard glue, laser carving Silicone rubber keypads usually apply in telephone, remote control, toy [&hellip;]\" \/>\n<meta property=\"og:url\" content=\"https:\/\/www.plasticmoldco.com\/cs\/silikonova-klavesnice\/\" \/>\n<meta property=\"og:site_name\" content=\"Plastic Mold | China Mold Maker\" \/>\n<meta property=\"og:image\" content=\"https:\/\/plasticmoldco.com\/wp-content\/uploads\/2018\/10\/new.n-300x18.jpg\" \/>\n<meta name=\"twitter:card\" content=\"summary_large_image\" \/>\n<meta name=\"twitter:label1\" content=\"Odhadovan\u00e1 doba \u010dten\u00ed\" \/>\n\t<meta name=\"twitter:data1\" content=\"4 minuty\" \/>\n<script type=\"application\/ld+json\" class=\"yoast-schema-graph\">{\"@context\":\"https:\/\/schema.org\",\"@graph\":[{\"@type\":\"WebPage\",\"@id\":\"https:\/\/www.plasticmoldco.com\/silicone-keypad\/\",\"url\":\"https:\/\/www.plasticmoldco.com\/silicone-keypad\/\",\"name\":\"Silicone keypad - Plastic Mold | China Mold Maker\",\"isPartOf\":{\"@id\":\"https:\/\/www.plasticmoldco.com\/el\/#website\"},\"primaryImageOfPage\":{\"@id\":\"https:\/\/www.plasticmoldco.com\/silicone-keypad\/#primaryimage\"},\"image\":{\"@id\":\"https:\/\/www.plasticmoldco.com\/silicone-keypad\/#primaryimage\"},\"thumbnailUrl\":\"https:\/\/plasticmoldco.com\/wp-content\/uploads\/2018\/10\/new.n-300x18.jpg\",\"datePublished\":\"2018-10-18T07:51:12+00:00\",\"breadcrumb\":{\"@id\":\"https:\/\/www.plasticmoldco.com\/silicone-keypad\/#breadcrumb\"},\"inLanguage\":\"cs\",\"potentialAction\":[{\"@type\":\"ReadAction\",\"target\":[\"https:\/\/www.plasticmoldco.com\/silicone-keypad\/\"]}]},{\"@type\":\"ImageObject\",\"inLanguage\":\"cs\",\"@id\":\"https:\/\/www.plasticmoldco.com\/silicone-keypad\/#primaryimage\",\"url\":\"https:\/\/plasticmoldco.com\/wp-content\/uploads\/2018\/10\/new.n-300x18.jpg\",\"contentUrl\":\"https:\/\/plasticmoldco.com\/wp-content\/uploads\/2018\/10\/new.n-300x18.jpg\"},{\"@type\":\"BreadcrumbList\",\"@id\":\"https:\/\/www.plasticmoldco.com\/silicone-keypad\/#breadcrumb\",\"itemListElement\":[{\"@type\":\"ListItem\",\"position\":1,\"name\":\"Home\",\"item\":\"https:\/\/www.plasticmoldco.com\/\"},{\"@type\":\"ListItem\",\"position\":2,\"name\":\"Silicone keypad\"}]},{\"@type\":\"WebSite\",\"@id\":\"https:\/\/www.plasticmoldco.com\/el\/#website\",\"url\":\"https:\/\/www.plasticmoldco.com\/el\/\",\"name\":\"Plastic Mold | China Mold Maker\",\"description\":\"Are you looking for injection mold china? We are plastic mold maker\",\"publisher\":{\"@id\":\"https:\/\/www.plasticmoldco.com\/el\/#organization\"},\"potentialAction\":[{\"@type\":\"SearchAction\",\"target\":{\"@type\":\"EntryPoint\",\"urlTemplate\":\"https:\/\/www.plasticmoldco.com\/el\/?s={search_term_string}\"},\"query-input\":{\"@type\":\"PropertyValueSpecification\",\"valueRequired\":true,\"valueName\":\"search_term_string\"}}],\"inLanguage\":\"cs\"},{\"@type\":\"Organization\",\"@id\":\"https:\/\/www.plasticmoldco.com\/el\/#organization\",\"name\":\"Plastic Mold | China Mold Maker\",\"url\":\"https:\/\/www.plasticmoldco.com\/el\/\",\"logo\":{\"@type\":\"ImageObject\",\"inLanguage\":\"cs\",\"@id\":\"https:\/\/www.plasticmoldco.com\/el\/#\/schema\/logo\/image\/\",\"url\":\"https:\/\/plasticmoldco.com\/wp-content\/uploads\/2018\/10\/nlogon.png\",\"contentUrl\":\"https:\/\/plasticmoldco.com\/wp-content\/uploads\/2018\/10\/nlogon.png\",\"width\":204,\"height\":54,\"caption\":\"Plastic Mold | China Mold Maker\"},\"image\":{\"@id\":\"https:\/\/www.plasticmoldco.com\/el\/#\/schema\/logo\/image\/\"}}]}<\/script>\n<!-- \/ Yoast SEO plugin. -->","yoast_head_json":{"title":"Silikonov\u00e1 kl\u00e1vesnice - Plastov\u00e9 formy | \u010c\u00edna Mold Maker","robots":{"index":"index","follow":"follow","max-snippet":"max-snippet:-1","max-image-preview":"max-image-preview:large","max-video-preview":"max-video-preview:-1"},"canonical":"https:\/\/www.plasticmoldco.com\/cs\/silikonova-klavesnice\/","og_locale":"cs_CZ","og_type":"article","og_title":"Silicone keypad - Plastic Mold | China Mold Maker","og_description":"Silicone keypad \u00a0 Product Description Remote control silicone keypad: 1). Single color print, multi-color print 2). Single color, mixing colors keypad, Fluorescence\/glow in dark rubber keypad 3). Conductive, non conductinve keypad 4). PU coating, expoxy coating, spray coating, dropping soft and hard glue, laser carving Silicone rubber keypads usually apply in telephone, remote control, toy [&hellip;]","og_url":"https:\/\/www.plasticmoldco.com\/cs\/silikonova-klavesnice\/","og_site_name":"Plastic Mold | China Mold Maker","og_image":[{"url":"https:\/\/plasticmoldco.com\/wp-content\/uploads\/2018\/10\/new.n-300x18.jpg","type":"","width":"","height":""}],"twitter_card":"summary_large_image","twitter_misc":{"Odhadovan\u00e1 doba \u010dten\u00ed":"4 minuty"},"schema":{"@context":"https:\/\/schema.org","@graph":[{"@type":"WebPage","@id":"https:\/\/www.plasticmoldco.com\/silicone-keypad\/","url":"https:\/\/www.plasticmoldco.com\/silicone-keypad\/","name":"Silikonov\u00e1 kl\u00e1vesnice - Plastov\u00e9 formy | \u010c\u00edna Mold Maker","isPartOf":{"@id":"https:\/\/www.plasticmoldco.com\/el\/#website"},"primaryImageOfPage":{"@id":"https:\/\/www.plasticmoldco.com\/silicone-keypad\/#primaryimage"},"image":{"@id":"https:\/\/www.plasticmoldco.com\/silicone-keypad\/#primaryimage"},"thumbnailUrl":"https:\/\/plasticmoldco.com\/wp-content\/uploads\/2018\/10\/new.n-300x18.jpg","datePublished":"2018-10-18T07:51:12+00:00","breadcrumb":{"@id":"https:\/\/www.plasticmoldco.com\/silicone-keypad\/#breadcrumb"},"inLanguage":"cs","potentialAction":[{"@type":"ReadAction","target":["https:\/\/www.plasticmoldco.com\/silicone-keypad\/"]}]},{"@type":"ImageObject","inLanguage":"cs","@id":"https:\/\/www.plasticmoldco.com\/silicone-keypad\/#primaryimage","url":"https:\/\/plasticmoldco.com\/wp-content\/uploads\/2018\/10\/new.n-300x18.jpg","contentUrl":"https:\/\/plasticmoldco.com\/wp-content\/uploads\/2018\/10\/new.n-300x18.jpg"},{"@type":"BreadcrumbList","@id":"https:\/\/www.plasticmoldco.com\/silicone-keypad\/#breadcrumb","itemListElement":[{"@type":"ListItem","position":1,"name":"Home","item":"https:\/\/www.plasticmoldco.com\/"},{"@type":"ListItem","position":2,"name":"Silicone keypad"}]},{"@type":"WebSite","@id":"https:\/\/www.plasticmoldco.com\/el\/#website","url":"https:\/\/www.plasticmoldco.com\/el\/","name":"Plastov\u00e9 formy | \u010c\u00edna Mold Maker","description":"Hled\u00e1te vst\u0159ikovac\u00ed formy z \u010c\u00edny? Jsme v\u00fdrobce plastov\u00fdch forem","publisher":{"@id":"https:\/\/www.plasticmoldco.com\/el\/#organization"},"potentialAction":[{"@type":"SearchAction","target":{"@type":"EntryPoint","urlTemplate":"https:\/\/www.plasticmoldco.com\/el\/?s={search_term_string}"},"query-input":{"@type":"PropertyValueSpecification","valueRequired":true,"valueName":"search_term_string"}}],"inLanguage":"cs"},{"@type":"Organization","@id":"https:\/\/www.plasticmoldco.com\/el\/#organization","name":"Plastov\u00e9 formy | \u010c\u00edna Mold Maker","url":"https:\/\/www.plasticmoldco.com\/el\/","logo":{"@type":"ImageObject","inLanguage":"cs","@id":"https:\/\/www.plasticmoldco.com\/el\/#\/schema\/logo\/image\/","url":"https:\/\/plasticmoldco.com\/wp-content\/uploads\/2018\/10\/nlogon.png","contentUrl":"https:\/\/plasticmoldco.com\/wp-content\/uploads\/2018\/10\/nlogon.png","width":204,"height":54,"caption":"Plastic Mold | China Mold Maker"},"image":{"@id":"https:\/\/www.plasticmoldco.com\/el\/#\/schema\/logo\/image\/"}}]}},"_links":{"self":[{"href":"https:\/\/www.plasticmoldco.com\/cs\/wp-json\/wp\/v2\/pages\/920","targetHints":{"allow":["GET"]}}],"collection":[{"href":"https:\/\/www.plasticmoldco.com\/cs\/wp-json\/wp\/v2\/pages"}],"about":[{"href":"https:\/\/www.plasticmoldco.com\/cs\/wp-json\/wp\/v2\/types\/page"}],"author":[{"embeddable":true,"href":"https:\/\/www.plasticmoldco.com\/cs\/wp-json\/wp\/v2\/users\/1"}],"replies":[{"embeddable":true,"href":"https:\/\/www.plasticmoldco.com\/cs\/wp-json\/wp\/v2\/comments?post=920"}],"version-history":[{"count":0,"href":"https:\/\/www.plasticmoldco.com\/cs\/wp-json\/wp\/v2\/pages\/920\/revisions"}],"wp:attachment":[{"href":"https:\/\/www.plasticmoldco.com\/cs\/wp-json\/wp\/v2\/media?parent=920"}],"curies":[{"name":"wp","href":"https:\/\/api.w.org\/{rel}","templated":true}]}}