{"id":851,"date":"2018-10-18T14:50:39","date_gmt":"2018-10-18T06:50:39","guid":{"rendered":"https:\/\/plasticmoldco.com\/?page_id=851"},"modified":"2018-10-18T14:50:39","modified_gmt":"2018-10-18T06:50:39","slug":"china-office-appliance-parts","status":"publish","type":"page","link":"https:\/\/www.plasticmoldco.com\/cs\/dily-kancelarskych-spotrebicu-z-ciny\/","title":{"rendered":"d\u00edly kancel\u00e1\u0159sk\u00fdch spot\u0159ebi\u010d\u016f z \u010c\u00edny"},"content":{"rendered":"<p>[et_pb_section bb_built=\"1\u2033 disabled_on=\"on|on|\" _builder_version=\"3.10.2\u2033 custom_padding=\"0|0px|0|0px|false|false\" next_background_color=\"#000000\u2033][et_pb_row custom_padding=\"18px|0px|0|0px|false|false\" _builder_version=\"3.0.48\u2033 background_size=\"initial\" background_position=\"top_left\" background_repeat=\"repeat\"][et_pb_column type=\"4_4\u2033][et_pb_text _builder_version=\"3.10.2\u2033 custom_margin=\"0px|-120px|16px|-100px\"].<\/p>\n<p><img loading=\"lazy\" decoding=\"async\" class=\"wp-image-213 alignnone size-medium\" src=\"https:\/\/plasticmoldco.com\/wp-content\/uploads\/2018\/10\/new.n-300x18.jpg\" alt=\"\" width=\"1266\" height=\"76\" srcset=\"https:\/\/www.plasticmoldco.com\/wp-content\/uploads\/2018\/10\/new.n-300x18.jpg 300w, https:\/\/www.plasticmoldco.com\/wp-content\/uploads\/2018\/10\/new.n-768x45.jpg 768w, https:\/\/www.plasticmoldco.com\/wp-content\/uploads\/2018\/10\/new.n-1024x60.jpg 1024w\" sizes=\"(max-width: 1266px) 100vw, 1266px\" \/><\/p>\n<p>[\/et_pb_text][\/et_pb_column][\/et_pb_row][\/et_pb_section][et_pb_section bb_built=\"1\u2033 disabled_on=\"||on\" _builder_version=\"3.10.2\u2033 custom_padding=\"22px|0px|0|0px|false|false\" prev_background_color=\"#000000\u2033 next_background_color=\"#000000\u2033][et_pb_row custom_padding=\"0|0px|12px|0px|false|false\" _builder_version=\"3.0.48\u2033 background_size=\"initial\" background_position=\"top_left\" background_repeat=\"repeat\"][et_pb_column type=\"4_4\u2033][et_pb_text _builder_version=\"3.10.2\u2033].<\/p>\n<p><img loading=\"lazy\" decoding=\"async\" class=\"wp-image-213 alignnone size-medium\" src=\"https:\/\/plasticmoldco.com\/wp-content\/uploads\/2018\/10\/new.n-300x18.jpg\" alt=\"\" width=\"1266\" height=\"76\" srcset=\"https:\/\/www.plasticmoldco.com\/wp-content\/uploads\/2018\/10\/new.n-300x18.jpg 300w, https:\/\/www.plasticmoldco.com\/wp-content\/uploads\/2018\/10\/new.n-768x45.jpg 768w, https:\/\/www.plasticmoldco.com\/wp-content\/uploads\/2018\/10\/new.n-1024x60.jpg 1024w\" sizes=\"(max-width: 1266px) 100vw, 1266px\" \/><\/p>\n<p>[\/et_pb_text][\/et_pb_column][\/et_pb_row][\/et_pb_section][et_pb_section bb_built=\"1\u2033 disabled_on=\"on|on|\" _builder_version=\"3.10.2\u2033 custom_padding=\"0|0px|54px|0px|false|false\" prev_background_color=\"#000000\u2033 next_background_color=\"#000000\u2033][et_pb_row custom_padding=\"0|0px|0|0px|false|false\" _builder_version=\"3.0.48\u2033 background_size=\"initial\" background_position=\"top_left\" background_repeat=\"repeat\"][et_pb_column type=\"3_4\u2033][et_pb_text _builder_version=\"3.10.2\u2033 border_width_all=\"3px\" border_color_all=\"#e5e5e5\u2033 custom_margin=\"15px|-90px||-86px\" custom_padding=\"10px|10px|10px\"].<\/p>\n<div id=\"titlep\">\n<div id=\"titlep\">\n<div id=\"titlep\">\n<div id=\"titlep\">\n<div>\n<h2>d\u00edly kancel\u00e1\u0159sk\u00fdch spot\u0159ebi\u010d\u016f z \u010c\u00edny<\/h2>\n<\/div>\n<\/div>\n<div id=\"mge\"><\/div>\n<p><img loading=\"lazy\" decoding=\"async\" class=\"alignnone size-full wp-image-564\" title=\"\u010c\u00edna kancel\u00e1\u0159sk\u00e9 spot\u0159ebi\u010de d\u00edly formy\" src=\"https:\/\/web.archive.org\/web\/20131026061117im_\/http:\/\/www.moldchina.org\/wp-content\/uploads\/2011\/02\/p4.jpg\" alt=\"\" width=\"558\" height=\"405\" \/><\/p>\n<p>v\u017edy jsme poskytovali p\u0159esn\u00e9 vst\u0159ikovac\u00ed formy pro kancel\u00e1\u0159sk\u00e9 p\u0159\u00edstroje:<br \/>\n1.Low cena.<br \/>\n2.P\u0159esn\u00e9 zpracov\u00e1n\u00ed v\u00fdrobcem.<br \/>\n3.Provide 3D design &amp; 2d v\u00fdkres, pl\u00e1n zpr\u00e1vy pro v\u00fdrobn\u00ed proces formy t\u00fddn\u011b.<\/p>\n<div id=\"richTextDescription\">\n<p>P\u0159esn\u00e1 vst\u0159ikovac\u00ed forma pro kancel\u00e1\u0159sk\u00e9 p\u0159\u00edstroje:<br \/>\n1. m\u016f\u017eeme postavit formu a tak\u00e9 vyr\u00e1b\u011bt d\u00edly v na\u0161\u00ed vlastn\u00ed tov\u00e1rn\u011b.<br \/>\n2.our Z\u00e1kazn\u00edci pro kancel\u00e1\u0159sk\u00e9 appliace formy pat\u0159\u00ed: CASIO, BROTHER, HP, atd.<br \/>\n3. Materi\u00e1l formy: CORE: SKD61, 2343, 2767 (HRC 52) nebo podle specifikace z\u00e1kazn\u00edka.<br \/>\n4. \u017divotnost formy je 1 000 000 -3 000 000 000 kr\u00e1tk\u00e1.<br \/>\n5. Tolerance v\u00fdrobku je p\u0159ibli\u017en\u011b: 0,01-0,02 mm.<\/p>\n<\/div>\n<\/div>\n<\/div>\n<\/div>\n<p>[\/et_pb_text][\/et_pb_column][et_pb_column type=\"1_4\u2033][et_pb_sidebar _builder_version=\"3.10.2\u2033 area=\"sidebar-1\u2033 custom_margin=\"15px|-94px||40px\" custom_padding=\"10px|10px|10px|10px\" border_width_all=\"2px\" border_color_all=\"#d3d3d3\u2033 \/][\/et_pb_column][\/et_pb_row][\/et_pb_section][et_pb_section bb_built=\"1\u2033 disabled_on=\"||on\" _builder_version=\"3.10.2\u2033 custom_padding=\"0|0px|54px|0px|false|false\" prev_background_color=\"#000000\u2033 next_background_color=\"#000000\u2033][et_pb_row custom_padding=\"0|0px|0|0px|false|false\" _builder_version=\"3.0.48\u2033 background_size=\"initial\" background_position=\"top_left\" background_repeat=\"repeat\"][et_pb_column type=\"4_4\u2033][et_pb_text _builder_version=\"3.10.2\u2033 border_width_all=\"3px\" border_color_all=\"#e5e5e5\u2033].<\/p>\n<div id=\"titlep\">\n<div id=\"titlep\">\n<div id=\"titlep\">\n<div id=\"titlep\">\n<div id=\"titlep\">\n<div id=\"titlep\">\n<div>\n<h2>d\u00edly kancel\u00e1\u0159sk\u00fdch spot\u0159ebi\u010d\u016f z \u010c\u00edny<\/h2>\n<\/div>\n<\/div>\n<div id=\"mge\"><\/div>\n<p><img loading=\"lazy\" decoding=\"async\" class=\"alignnone size-full wp-image-564\" title=\"\u010c\u00edna kancel\u00e1\u0159sk\u00e9 spot\u0159ebi\u010de d\u00edly formy\" src=\"https:\/\/web.archive.org\/web\/20131026061117im_\/http:\/\/www.moldchina.org\/wp-content\/uploads\/2011\/02\/p4.jpg\" alt=\"\" width=\"558\" height=\"405\" \/><\/p>\n<p>v\u017edy jsme poskytovali p\u0159esn\u00e9 vst\u0159ikovac\u00ed formy pro kancel\u00e1\u0159sk\u00e9 p\u0159\u00edstroje:<br \/>\n1.Low cena.<br \/>\n2.P\u0159esn\u00e9 zpracov\u00e1n\u00ed v\u00fdrobcem.<br \/>\n3.Provide 3D design &amp; 2d v\u00fdkres, pl\u00e1n zpr\u00e1vy pro v\u00fdrobn\u00ed proces formy t\u00fddn\u011b.<\/p>\n<div id=\"richTextDescription\">\n<p>P\u0159esn\u00e1 vst\u0159ikovac\u00ed forma pro kancel\u00e1\u0159sk\u00e9 p\u0159\u00edstroje:<br \/>\n1. m\u016f\u017eeme postavit formu a tak\u00e9 vyr\u00e1b\u011bt d\u00edly v na\u0161\u00ed vlastn\u00ed tov\u00e1rn\u011b.<br \/>\n2.our Z\u00e1kazn\u00edci pro kancel\u00e1\u0159sk\u00e9 appliace formy pat\u0159\u00ed: CASIO, BROTHER, HP, atd.<br \/>\n3. Materi\u00e1l formy: CORE: SKD61, 2343, 2767 (HRC 52) nebo podle specifikace z\u00e1kazn\u00edka.<br \/>\n4. \u017divotnost formy je 1 000 000 -3 000 000 000 kr\u00e1tk\u00e1.<br \/>\n5. Tolerance v\u00fdrobku je p\u0159ibli\u017en\u011b: 0,01-0,02 mm.<\/p>\n<\/div>\n<\/div>\n<\/div>\n<\/div>\n<\/div>\n<\/div>\n<p>[\/et_pb_text][et_pb_text _builder_version=\"3.10.2\u2033 text_font_size=\"13px\" header_font=\"|700|||||||\" border_width_all=\"2px\" border_color_all=\"#bcbcbc\" inline_fonts=\"Arial\"]<\/p>\n<h4><img loading=\"lazy\" decoding=\"async\" class=\"wp-image-111 alignnone\" src=\"https:\/\/plasticmoldco.com\/wp-content\/uploads\/2018\/10\/sss.png\" alt=\"\" width=\"16\" height=\"13\" \/><strong>V\u00fdrobek z pl\u00edsn\u011b<\/strong><\/h4>\n<hr \/>\n<p>\u2192 <span style=\"font-size: medium;\"><strong><span style=\"color: #000000;\"><a style=\"color: #000000;\" href=\"https:\/\/www.plasticmoldco.com\/cs\/plisne\/\">MOLD<\/a><\/span><\/strong><\/span><br \/>\n<span style=\"font-size: medium;\"><strong><span style=\"color: #000000;\"> \u2192 <a style=\"color: #000000;\" href=\"https:\/\/www.plasticmoldco.com\/cs\/prototypove-dily\/\">Prototypov\u00e9 d\u00edly<\/a><\/span><\/strong><\/span><br \/>\n<span style=\"font-size: medium;\"><strong><span style=\"color: #000000;\"> \u2192 <a style=\"color: #000000;\" href=\"https:\/\/www.plasticmoldco.com\/cs\/plastovy-dil\/\">Plastov\u00fd d\u00edl<\/a><\/span><\/strong><\/span><br \/>\n<span style=\"font-size: medium;\"><strong><span style=\"color: #000000;\"> \u2192 <a style=\"color: #000000;\" href=\"https:\/\/www.plasticmoldco.com\/cs\/silikonove-pryzove-dily\/\">silikonov\u00e9 a pry\u017eov\u00e9 d\u00edly<\/a><\/span><\/strong><\/span><\/p>\n<p><span style=\"font-size: medium;\"><strong><span style=\"color: #000000;\">Kontaktujte n\u00e1s<\/span><\/strong><\/span><\/p>\n<hr \/>\n<p><strong><span style=\"color: #000000;\">DONGGUAN SINCERE TECH CO.LTD<\/span><\/strong><br \/>\n<strong><span style=\"color: #000000;\"> ADRESA Z\u00c1VODU: TOV\u00c1RNA JE UM\u00cdST\u011aNA NA ADRESE: YUANXIA LU, YUANJIANG YUANG, CHANGPING TOWN, DONNGUAN CITY, GUANGDONG PROVINCE, CHINA 523000<\/span><\/strong><\/p>\n<p><strong><span style=\"color: #000000;\">TEL: +86 (0)769 3366 9997<\/span><\/strong><br \/>\n<strong><span style=\"color: #000000;\"> FAX: +86 (0)769 3366 9997<\/span><\/strong><\/p>\n<p><strong><span style=\"color: #000000;\">EMAIL: <a href=\"mailto:INFO@sinceretetechs.com\">INFO@sinceretetechs.com<\/a><\/span><\/strong><\/p>\n<ul>\n<li id=\"tag_cloud-3\" class=\"widget-container widget_tag_cloud\">\n<h3 class=\"widget-title\"><strong>Popul\u00e1rn\u00ed vyhled\u00e1v\u00e1n\u00ed<\/strong><\/h3>\n<hr \/>\n<div class=\"tagcloud\"><strong>\u010c\u00edna Die Casting \u010c\u00edna vst\u0159ikovac\u00ed formy spole\u010dnosti \u010c\u00edna vst\u0159ikovac\u00ed formy factorychina vst\u0159ikov\u00e1n\u00ed china vst\u0159ikovac\u00ed formy v\u00fdrobce \u010c\u00edna vst\u0159ikovac\u00ed formy china vst\u0159ikovac\u00ed formy companychina formy tov\u00e1rna china formy makerchina formy dodavatele china formy \u010c\u00edna Mould maker \u010c\u00edna Mould dodavatel\u00e9 Mould china plastov\u00e9 mold companychina silikon china silikon rubberchina toolmaker China toolmaker in china injection mold Injection Molded Plastics Injection molding injection molding china injection molding chineseplastic injection molding plastic mould china Prototype parts silicone chinasilicone rubber tool mold making china<\/strong><\/div>\n<\/li>\n<\/ul>\n<p><img decoding=\"async\" style=\"font-size: 13px; background-color: #ffffff; text-align: -webkit-center; display: block; margin-left: auto; margin-right: auto;\" src=\"https:\/\/web.archive.org\/web\/20140728234454im_\/http:\/\/www.moldchina.org\/wp-content\/themes\/9C008\/images\/iso.jpg\" \/><\/p>\n<p>[\/et_pb_text][\/et_pb_column][\/et_pb_row][\/et_pb_section][et_pb_section bb_built=\"1\u2033 disabled_on=\"on|on|\" _builder_version=\u201d3.10.2\u2033 custom_margin=\u201d-103px|||\u201d prev_background_color=\u201d#000000\u2033 next_background_color=\u201d#000000\u2033][et_pb_row _builder_version=\u201d3.0.48\u2033 background_size=\"initial\" background_position=\"top_left\" background_repeat=\"repeat\"][et_pb_column type=\"4_4\u2033][et_pb_text _builder_version=\"3.10.2\u2033 custom_margin=\"|-62px||-84px\"]<\/p>\n<p style=\"padding-left: 30px;\"><strong>\u010c\u00edna plastov\u00e9 vst\u0159ikovac\u00ed formy, toolmaker, \u010c\u00edna formy v\u00fdrobce, \u010c\u00edna n\u00e1stroje, plastov\u00e9 formy \u010c\u00edna, \u010c\u00edna vst\u0159ikovac\u00ed formy tov\u00e1rna, plastov\u00e9 vst\u0159ikovac\u00ed formy v\u00fdrobce v \u010c\u00edn\u011b<\/strong><\/p>\n<p>[\/et_pb_text][et_pb_text _builder_version=\u201d3.10.2\u2033 custom_margin=\u201d-15px|-50px||-50px\u201d]<\/p>\n<p><strong><span style=\"color: #0c0c0c;\"><a href=\"https:\/\/www.plasticmoldco.com\/cs\/\">Home\u00a0 \u00a0<\/a>|\u00a0 \u00a0<a href=\"https:\/\/www.plasticmoldco.com\/cs\/about-us\/\">O n\u00e1s\u00a0<\/a> \u00a0|\u00a0 <a href=\"https:\/\/www.plasticmoldco.com\/cs\/projektovani-inzenyrstvi\/\">Design a in\u017een\u00fdrstv\u00ed<\/a>\u00a0 |\u00a0 \u00a0<a href=\"https:\/\/www.plasticmoldco.com\/cs\/products\/\">Produkty\u00a0\u00a0\u00a0\u00a0\u00a0<\/a>|\u00a0\u00a0\u00a0\u00a0\u00a0<a href=\"https:\/\/www.plasticmoldco.com\/cs\/novinky\/\">Zpr\u00e1vy<\/a>\u00a0\u00a0\u00a0\u00a0\u00a0|\u00a0\u00a0\u00a0\u00a0\u00a0<a href=\"https:\/\/www.plasticmoldco.com\/cs\/kvalitni-pojisteni\/\">Poji\u0161t\u011bn\u00ed kvality\u00a0<\/a>\u00a0\u00a0\u00a0\u00a0|\u00a0 \u00a0 <a href=\"https:\/\/www.plasticmoldco.com\/cs\/postup-po\/\">Postup PO<\/a>\u00a0 \u00a0 |\u00a0 \u00a0 <a href=\"https:\/\/www.plasticmoldco.com\/cs\/eqipment\/\">Vybaven\u00ed\u00a0 \u00a0<\/a> |\u00a0 \u00a0<a href=\"https:\/\/www.plasticmoldco.com\/cs\/pripad-prumysloveho-designu\/\">P\u0159\u00edpad pr\u016fmyslov\u00e9ho designu\u00a0<\/a> \u00a0 |\u00a0 \u00a0 <a href=\"https:\/\/www.plasticmoldco.com\/cs\/mapa-stranek\/\">Mapa str\u00e1nek<\/a><\/span><\/strong><\/p>\n<p>[\/et_pb_text][et_pb_text _builder_version=\"3.10.2\u2033 custom_margin=\"-15px|||\"]<\/p>\n<p style=\"text-align: center;\"><strong>Copyright \u00a9 2011 DONGGUAN SINCER TECH CO.LTD. | \u010c\u00edna Mold maker, \u010c\u00edna Plastic injection molding, \u010c\u00edna toolmaker.<\/strong><br \/>\n<strong> Registra\u010dn\u00ed \u010d\u00edslo spole\u010dnosti:1626173<\/strong><\/p>\n<p>[\/et_pb_text][\/et_pb_column][\/et_pb_row][\/et_pb_section][et_pb_section bb_built=\"1\u2033 disabled_on=\"||on\" _builder_version=\"3.10.2\u2033 custom_margin=\"-103px|||\" prev_background_color=\"#000000\u2033][et_pb_row _builder_version=\"3.0.48\u2033 background_size=\"initial\" background_position=\"top_left\" background_repeat=\"repeat\"][et_pb_column type=\"4_4\u2033][et_pb_text _builder_version=\"3.10.2\u2033].<\/p>\n<p style=\"padding-left: 30px;\"><strong>\u010c\u00edna plastov\u00e9 vst\u0159ikovac\u00ed formy, toolmaker, \u010c\u00edna formy v\u00fdrobce, \u010c\u00edna n\u00e1stroje, plastov\u00e9 formy \u010c\u00edna, \u010c\u00edna vst\u0159ikovac\u00ed formy tov\u00e1rna, plastov\u00e9 vst\u0159ikovac\u00ed formy v\u00fdrobce v \u010c\u00edn\u011b<\/strong><\/p>\n<p>[\/et_pb_text][et_pb_text _builder_version=\u201d3.10.2\u2033]<\/p>\n<p><strong><span style=\"color: #0c0c0c;\"><a href=\"https:\/\/www.plasticmoldco.com\/cs\/\">Home\u00a0 \u00a0<\/a>|\u00a0 \u00a0<a href=\"https:\/\/www.plasticmoldco.com\/cs\/about-us\/\">O n\u00e1s\u00a0<\/a> \u00a0|\u00a0 <a href=\"https:\/\/www.plasticmoldco.com\/cs\/projektovani-inzenyrstvi\/\">Design a in\u017een\u00fdrstv\u00ed<\/a>\u00a0 |\u00a0 \u00a0<a href=\"https:\/\/www.plasticmoldco.com\/cs\/products\/\">Produkty\u00a0\u00a0\u00a0\u00a0\u00a0<\/a>|\u00a0\u00a0\u00a0\u00a0\u00a0<a href=\"https:\/\/www.plasticmoldco.com\/cs\/novinky\/\">Zpr\u00e1vy<\/a>\u00a0\u00a0\u00a0\u00a0\u00a0|\u00a0\u00a0\u00a0\u00a0\u00a0<a href=\"https:\/\/www.plasticmoldco.com\/cs\/kvalitni-pojisteni\/\">Poji\u0161t\u011bn\u00ed kvality\u00a0<\/a>\u00a0\u00a0\u00a0\u00a0|\u00a0 \u00a0 <a href=\"https:\/\/www.plasticmoldco.com\/cs\/postup-po\/\">Postup PO<\/a>\u00a0 \u00a0 |\u00a0 \u00a0 <a href=\"https:\/\/www.plasticmoldco.com\/cs\/eqipment\/\">Vybaven\u00ed\u00a0 \u00a0<\/a> |\u00a0 \u00a0<a href=\"https:\/\/www.plasticmoldco.com\/cs\/pripad-prumysloveho-designu\/\">P\u0159\u00edpad pr\u016fmyslov\u00e9ho designu\u00a0<\/a> \u00a0 |\u00a0 \u00a0 <a href=\"https:\/\/www.plasticmoldco.com\/cs\/mapa-stranek\/\">Mapa str\u00e1nek<\/a><\/span><\/strong><\/p>\n<p>[\/et_pb_text][et_pb_text _builder_version=\u201d3.10.2\u2033]<\/p>\n<p style=\"text-align: center;\"><strong>Copyright \u00a9 2011 DONGGUAN SINCER TECH CO.LTD. | \u010c\u00edna Mold maker, \u010c\u00edna Plastic injection molding, \u010c\u00edna toolmaker.<\/strong><br \/>\n<strong> Registra\u010dn\u00ed \u010d\u00edslo spole\u010dnosti:1626173<\/strong><\/p>\n<p>[\/et_pb_text][\/et_pb_column][\/et_pb_row][\/et_pb_section]<\/p>","protected":false},"excerpt":{"rendered":"<p>\u010d\u00ednsk\u00e9 kancel\u00e1\u0159sk\u00e9 spot\u0159ebi\u010de d\u00edly jsme v\u017edy poskytli p\u0159esn\u00e9 vst\u0159ikovac\u00ed formy pro kancel\u00e1\u0159sk\u00e9 spot\u0159ebi\u010de: 1.Low cena. 2.Precision v\u00fdrobce zpracov\u00e1n\u00ed. 3.Provide 3D design &amp; 2d drawing, Schedule report for mold production process weekly. P\u0159esn\u00e9 vst\u0159ikovac\u00ed formy pro kancel\u00e1\u0159sk\u00e9 spot\u0159ebi\u010de: 1. m\u016f\u017eeme postavit formu a tak\u00e9 vyrobit d\u00edly v na\u0161\u00ed vlastn\u00ed tov\u00e1rn\u011b 2. na\u0161i z\u00e1kazn\u00edci pro [...]<\/p>","protected":false},"author":1,"featured_media":0,"parent":0,"menu_order":0,"comment_status":"closed","ping_status":"closed","template":"","meta":{"_et_pb_use_builder":"on","_et_pb_old_content":"","_et_gb_content_width":"","footnotes":""},"class_list":["post-851","page","type-page","status-publish","hentry"],"yoast_head":"<!-- This site is optimized with the Yoast SEO plugin v27.4 - https:\/\/yoast.com\/product\/yoast-seo-wordpress\/ -->\n<title>china office appliance parts - Plastic Mold | China Mold Maker<\/title>\n<meta name=\"robots\" content=\"index, follow, max-snippet:-1, max-image-preview:large, max-video-preview:-1\" \/>\n<link rel=\"canonical\" href=\"https:\/\/www.plasticmoldco.com\/cs\/dily-kancelarskych-spotrebicu-z-ciny\/\" \/>\n<meta property=\"og:locale\" content=\"cs_CZ\" \/>\n<meta property=\"og:type\" content=\"article\" \/>\n<meta property=\"og:title\" content=\"china office appliance parts - Plastic Mold | China Mold Maker\" \/>\n<meta property=\"og:description\" content=\"china office appliance parts we always provided precision injection Mould for Office Appliance: 1.Low price. 2.Precision manufacturer processing. 3.Provide 3D design&amp; 2d drawing, Schedule report for the mold production process weekly. Precision Injection Mould for Office Appliance: 1. we can build the mold and also produce the parts in our own factory 2.our Customers for [&hellip;]\" \/>\n<meta property=\"og:url\" content=\"https:\/\/www.plasticmoldco.com\/cs\/dily-kancelarskych-spotrebicu-z-ciny\/\" \/>\n<meta property=\"og:site_name\" content=\"Plastic Mold | China Mold Maker\" \/>\n<meta property=\"og:image\" content=\"https:\/\/plasticmoldco.com\/wp-content\/uploads\/2018\/10\/new.n-300x18.jpg\" \/>\n<meta name=\"twitter:card\" content=\"summary_large_image\" \/>\n<meta name=\"twitter:label1\" content=\"Odhadovan\u00e1 doba \u010dten\u00ed\" \/>\n\t<meta name=\"twitter:data1\" content=\"5 minut\" \/>\n<script type=\"application\/ld+json\" class=\"yoast-schema-graph\">{\"@context\":\"https:\\\/\\\/schema.org\",\"@graph\":[{\"@type\":\"WebPage\",\"@id\":\"https:\\\/\\\/www.plasticmoldco.com\\\/china-office-appliance-parts\\\/\",\"url\":\"https:\\\/\\\/www.plasticmoldco.com\\\/china-office-appliance-parts\\\/\",\"name\":\"china office appliance parts - Plastic Mold | China Mold Maker\",\"isPartOf\":{\"@id\":\"https:\\\/\\\/www.plasticmoldco.com\\\/el\\\/#website\"},\"primaryImageOfPage\":{\"@id\":\"https:\\\/\\\/www.plasticmoldco.com\\\/china-office-appliance-parts\\\/#primaryimage\"},\"image\":{\"@id\":\"https:\\\/\\\/www.plasticmoldco.com\\\/china-office-appliance-parts\\\/#primaryimage\"},\"thumbnailUrl\":\"https:\\\/\\\/plasticmoldco.com\\\/wp-content\\\/uploads\\\/2018\\\/10\\\/new.n-300x18.jpg\",\"datePublished\":\"2018-10-18T06:50:39+00:00\",\"breadcrumb\":{\"@id\":\"https:\\\/\\\/www.plasticmoldco.com\\\/china-office-appliance-parts\\\/#breadcrumb\"},\"inLanguage\":\"cs\",\"potentialAction\":[{\"@type\":\"ReadAction\",\"target\":[\"https:\\\/\\\/www.plasticmoldco.com\\\/china-office-appliance-parts\\\/\"]}]},{\"@type\":\"ImageObject\",\"inLanguage\":\"cs\",\"@id\":\"https:\\\/\\\/www.plasticmoldco.com\\\/china-office-appliance-parts\\\/#primaryimage\",\"url\":\"https:\\\/\\\/plasticmoldco.com\\\/wp-content\\\/uploads\\\/2018\\\/10\\\/new.n-300x18.jpg\",\"contentUrl\":\"https:\\\/\\\/plasticmoldco.com\\\/wp-content\\\/uploads\\\/2018\\\/10\\\/new.n-300x18.jpg\"},{\"@type\":\"BreadcrumbList\",\"@id\":\"https:\\\/\\\/www.plasticmoldco.com\\\/china-office-appliance-parts\\\/#breadcrumb\",\"itemListElement\":[{\"@type\":\"ListItem\",\"position\":1,\"name\":\"Home\",\"item\":\"https:\\\/\\\/www.plasticmoldco.com\\\/\"},{\"@type\":\"ListItem\",\"position\":2,\"name\":\"china office appliance parts\"}]},{\"@type\":\"WebSite\",\"@id\":\"https:\\\/\\\/www.plasticmoldco.com\\\/el\\\/#website\",\"url\":\"https:\\\/\\\/www.plasticmoldco.com\\\/el\\\/\",\"name\":\"Plastic Mold | China Mold Maker\",\"description\":\"Are you looking for injection mold china? We are plastic mold maker\",\"publisher\":{\"@id\":\"https:\\\/\\\/www.plasticmoldco.com\\\/el\\\/#organization\"},\"potentialAction\":[{\"@type\":\"SearchAction\",\"target\":{\"@type\":\"EntryPoint\",\"urlTemplate\":\"https:\\\/\\\/www.plasticmoldco.com\\\/el\\\/?s={search_term_string}\"},\"query-input\":{\"@type\":\"PropertyValueSpecification\",\"valueRequired\":true,\"valueName\":\"search_term_string\"}}],\"inLanguage\":\"cs\"},{\"@type\":\"Organization\",\"@id\":\"https:\\\/\\\/www.plasticmoldco.com\\\/el\\\/#organization\",\"name\":\"Plastic Mold | China Mold Maker\",\"url\":\"https:\\\/\\\/www.plasticmoldco.com\\\/el\\\/\",\"logo\":{\"@type\":\"ImageObject\",\"inLanguage\":\"cs\",\"@id\":\"https:\\\/\\\/www.plasticmoldco.com\\\/el\\\/#\\\/schema\\\/logo\\\/image\\\/\",\"url\":\"https:\\\/\\\/plasticmoldco.com\\\/wp-content\\\/uploads\\\/2018\\\/10\\\/nlogon.png\",\"contentUrl\":\"https:\\\/\\\/plasticmoldco.com\\\/wp-content\\\/uploads\\\/2018\\\/10\\\/nlogon.png\",\"width\":204,\"height\":54,\"caption\":\"Plastic Mold | China Mold Maker\"},\"image\":{\"@id\":\"https:\\\/\\\/www.plasticmoldco.com\\\/el\\\/#\\\/schema\\\/logo\\\/image\\\/\"}}]}<\/script>\n<!-- \/ Yoast SEO plugin. -->","yoast_head_json":{"title":"\u010c\u00edna kancel\u00e1\u0159sk\u00e9 spot\u0159ebi\u010de d\u00edly - Plastov\u00e9 formy | \u010c\u00edna Mold Maker","robots":{"index":"index","follow":"follow","max-snippet":"max-snippet:-1","max-image-preview":"max-image-preview:large","max-video-preview":"max-video-preview:-1"},"canonical":"https:\/\/www.plasticmoldco.com\/cs\/dily-kancelarskych-spotrebicu-z-ciny\/","og_locale":"cs_CZ","og_type":"article","og_title":"china office appliance parts - Plastic Mold | China Mold Maker","og_description":"china office appliance parts we always provided precision injection Mould for Office Appliance: 1.Low price. 2.Precision manufacturer processing. 3.Provide 3D design&amp; 2d drawing, Schedule report for the mold production process weekly. Precision Injection Mould for Office Appliance: 1. we can build the mold and also produce the parts in our own factory 2.our Customers for [&hellip;]","og_url":"https:\/\/www.plasticmoldco.com\/cs\/dily-kancelarskych-spotrebicu-z-ciny\/","og_site_name":"Plastic Mold | China Mold Maker","og_image":[{"url":"https:\/\/plasticmoldco.com\/wp-content\/uploads\/2018\/10\/new.n-300x18.jpg","type":"","width":"","height":""}],"twitter_card":"summary_large_image","twitter_misc":{"Odhadovan\u00e1 doba \u010dten\u00ed":"5 minut"},"schema":{"@context":"https:\/\/schema.org","@graph":[{"@type":"WebPage","@id":"https:\/\/www.plasticmoldco.com\/china-office-appliance-parts\/","url":"https:\/\/www.plasticmoldco.com\/china-office-appliance-parts\/","name":"\u010c\u00edna kancel\u00e1\u0159sk\u00e9 spot\u0159ebi\u010de d\u00edly - Plastov\u00e9 formy | \u010c\u00edna Mold Maker","isPartOf":{"@id":"https:\/\/www.plasticmoldco.com\/el\/#website"},"primaryImageOfPage":{"@id":"https:\/\/www.plasticmoldco.com\/china-office-appliance-parts\/#primaryimage"},"image":{"@id":"https:\/\/www.plasticmoldco.com\/china-office-appliance-parts\/#primaryimage"},"thumbnailUrl":"https:\/\/plasticmoldco.com\/wp-content\/uploads\/2018\/10\/new.n-300x18.jpg","datePublished":"2018-10-18T06:50:39+00:00","breadcrumb":{"@id":"https:\/\/www.plasticmoldco.com\/china-office-appliance-parts\/#breadcrumb"},"inLanguage":"cs","potentialAction":[{"@type":"ReadAction","target":["https:\/\/www.plasticmoldco.com\/china-office-appliance-parts\/"]}]},{"@type":"ImageObject","inLanguage":"cs","@id":"https:\/\/www.plasticmoldco.com\/china-office-appliance-parts\/#primaryimage","url":"https:\/\/plasticmoldco.com\/wp-content\/uploads\/2018\/10\/new.n-300x18.jpg","contentUrl":"https:\/\/plasticmoldco.com\/wp-content\/uploads\/2018\/10\/new.n-300x18.jpg"},{"@type":"BreadcrumbList","@id":"https:\/\/www.plasticmoldco.com\/china-office-appliance-parts\/#breadcrumb","itemListElement":[{"@type":"ListItem","position":1,"name":"Home","item":"https:\/\/www.plasticmoldco.com\/"},{"@type":"ListItem","position":2,"name":"china office appliance parts"}]},{"@type":"WebSite","@id":"https:\/\/www.plasticmoldco.com\/el\/#website","url":"https:\/\/www.plasticmoldco.com\/el\/","name":"Plastov\u00e9 formy | \u010c\u00edna Mold Maker","description":"Hled\u00e1te vst\u0159ikovac\u00ed formy z \u010c\u00edny? Jsme v\u00fdrobce plastov\u00fdch forem","publisher":{"@id":"https:\/\/www.plasticmoldco.com\/el\/#organization"},"potentialAction":[{"@type":"SearchAction","target":{"@type":"EntryPoint","urlTemplate":"https:\/\/www.plasticmoldco.com\/el\/?s={search_term_string}"},"query-input":{"@type":"PropertyValueSpecification","valueRequired":true,"valueName":"search_term_string"}}],"inLanguage":"cs"},{"@type":"Organization","@id":"https:\/\/www.plasticmoldco.com\/el\/#organization","name":"Plastov\u00e9 formy | \u010c\u00edna Mold Maker","url":"https:\/\/www.plasticmoldco.com\/el\/","logo":{"@type":"ImageObject","inLanguage":"cs","@id":"https:\/\/www.plasticmoldco.com\/el\/#\/schema\/logo\/image\/","url":"https:\/\/plasticmoldco.com\/wp-content\/uploads\/2018\/10\/nlogon.png","contentUrl":"https:\/\/plasticmoldco.com\/wp-content\/uploads\/2018\/10\/nlogon.png","width":204,"height":54,"caption":"Plastic Mold | China Mold Maker"},"image":{"@id":"https:\/\/www.plasticmoldco.com\/el\/#\/schema\/logo\/image\/"}}]}},"_links":{"self":[{"href":"https:\/\/www.plasticmoldco.com\/cs\/wp-json\/wp\/v2\/pages\/851","targetHints":{"allow":["GET"]}}],"collection":[{"href":"https:\/\/www.plasticmoldco.com\/cs\/wp-json\/wp\/v2\/pages"}],"about":[{"href":"https:\/\/www.plasticmoldco.com\/cs\/wp-json\/wp\/v2\/types\/page"}],"author":[{"embeddable":true,"href":"https:\/\/www.plasticmoldco.com\/cs\/wp-json\/wp\/v2\/users\/1"}],"replies":[{"embeddable":true,"href":"https:\/\/www.plasticmoldco.com\/cs\/wp-json\/wp\/v2\/comments?post=851"}],"version-history":[{"count":0,"href":"https:\/\/www.plasticmoldco.com\/cs\/wp-json\/wp\/v2\/pages\/851\/revisions"}],"wp:attachment":[{"href":"https:\/\/www.plasticmoldco.com\/cs\/wp-json\/wp\/v2\/media?parent=851"}],"curies":[{"name":"wp","href":"https:\/\/api.w.org\/{rel}","templated":true}]}}