{"id":12,"date":"2018-10-14T16:59:39","date_gmt":"2018-10-14T08:59:39","guid":{"rendered":"https:\/\/plasticmoldco.com\/?page_id=12"},"modified":"2019-02-15T21:45:09","modified_gmt":"2019-02-15T13:45:09","slug":"company","status":"publish","type":"page","link":"https:\/\/www.plasticmoldco.com\/cs\/spolecnost\/","title":{"rendered":"O n\u00e1s"},"content":{"rendered":"<p>[et_pb_section bb_built=&#8221;1&#8243; disabled_on=&#8221;on|on|&#8221; _builder_version=&#8221;3.10.2&#8243; custom_padding=&#8221;0|0px|54px|0px|false|false&#8221; next_background_color=&#8221;#000000&#8243;][et_pb_row custom_padding=&#8221;0|0px|0|0px|false|false&#8221; _builder_version=&#8221;3.0.48&#8243; background_size=&#8221;initial&#8221; background_position=&#8221;top_left&#8221; background_repeat=&#8221;repeat&#8221;][et_pb_column type=&#8221;3_4&#8243;][et_pb_text _builder_version=&#8221;3.16.1&#8243; border_width_all=&#8221;3px&#8221; border_color_all=&#8221;#e5e5e5&#8243; custom_margin=&#8221;15px|-90px||-86px&#8221; custom_padding=&#8221;10px|10px|10px|10px&#8221;]<\/p>\n<div id=\"titlep\">\n<div id=\"content\" role=\"main\">\n<div id=\"titlep\">O n\u00e1s-A <a href=\"https:\/\/www.plasticmoldco.com\/cs\/\">\u010c\u00ednsk\u00e1 spole\u010dnost Mold Company<\/a><\/div>\n<p><strong>DONGGUAN SINCERE ETCH CO.LTD<\/strong> , na\u0161e tov\u00e1rna se nach\u00e1z\u00ed v\u00a0<img loading=\"lazy\" decoding=\"async\" class=\"size-full wp-image-615 alignright\" title=\"v\u00fdrobce forem v \u010c\u00edn\u011b\" src=\"https:\/\/web.archive.org\/web\/20140805221613im_\/http:\/\/www.moldchina.org\/wp-content\/uploads\/2011\/01\/untitled2.bmp\" alt=\"\" width=\"172\" height=\"109\" \/>DongGuan, \u010c\u00edna, a byla zalo\u017eena v roce 2003,<\/p>\n<p>SINCER ETECH IS se specializuje na r\u016fzn\u00e9 <strong>v\u00fdroba plastov\u00fdch forem a plastov\u00fdch v\u00fdlisk\u016f\u00a0<\/strong>pro automobilov\u00fd pr\u016fmysl, dom\u00e1c\u00ed spot\u0159ebi\u010de, l\u00e9ka\u0159sk\u00e9 vybaven\u00ed, elektroniku a sportovn\u00ed vybaven\u00ed, jako\u017e i pro v\u0161eobecn\u00e9 pr\u016fmyslov\u00e9 aplikace OEM. Na\u0161e spole\u010dnost se rozkl\u00e1d\u00e1 na plo\u0161e v\u00edce ne\u017e 3 800 metr\u016f \u010dtvere\u010dn\u00edch d\u00edlny, obklopen\u00e9 v\u00fdhodnou dopravou. V sou\u010dasn\u00e9 dob\u011b na\u0161e skupina dosahuje v\u00edce ne\u017e 150 vynikaj\u00edc\u00edch <strong>V\u00fdrobci forem v \u010c\u00edn\u011b<\/strong> a kapit\u00e1lov\u00fdch aktiv na v\u00edce ne\u017e 40 milion\u016f RMB. Na\u0161e kapacita je 40-65 sad vst\u0159ikovac\u00edch forem m\u011bs\u00ed\u010dn\u011b.<\/p>\n<p>V\u017edy jsme trvali na my\u0161lence, \u017ee zam\u011bstnanci jsou z\u00e1kladem pro zaji\u0161t\u011bn\u00ed vysok\u00e9 kvality v\u00fdrobk\u016f a pro rozvoj zam\u011bstnanc\u016f i spole\u010dnosti. Proto jsme p\u0159ijali mnoho <strong>technolog pro v\u00fdrobu forem<\/strong>, \u0159\u00edd\u00edc\u00ed talenty a profesion\u00e1ln\u00ed in\u017een\u00fdry v oblasti \u017eivotn\u00edho prost\u0159ed\u00ed. <a href=\"https:\/\/www.plasticmoldco.com\/cs\/\"><strong>v\u00fdroba forem v \u010c\u00edn\u011b <\/strong><\/a>pr\u016fmyslov\u00e9.<\/p>\n<p>Za\u0159\u00edzen\u00ed v ST se v\u011bt\u0161inou dov\u00e1\u017e\u00ed ze \u0160v\u00fdcarska a Tchaj-wanu. M\u00e1me 21 sad fr\u00e9zovac\u00edch stroj\u016f (17 sad dovezen\u00fdch, 4 sady vyroben\u00e9 doma), 9 sad CNC, 11 sad elektroerozivn\u00edho obr\u00e1b\u011bn\u00ed Charmilles, 10 sad brusek, 6 sad soustruh\u016f, 4 sady dr\u00e1tov\u00fdch \u0159ezac\u00edch stroj\u016f,30\u00a0<strong>Vst\u0159ikovac\u00ed stroje<\/strong> a jeden m\u011b\u0159ic\u00ed stroj CMM, jeden projektor, video m\u011b\u0159ic\u00ed syst\u00e9m, pomalu posuvn\u00fd line\u00e1rn\u00ed \u0159ezac\u00ed stroj atd. Jsme schopni vst\u0159ikovat <strong>plastov\u00e9 d\u00edly<\/strong> s hmotnost\u00ed ni\u017e\u0161\u00ed ne\u017e 1500 g nebo s nosnost\u00ed ni\u017e\u0161\u00ed ne\u017e 650 tun, stavbu r\u016fzn\u00fdch druh\u016f <strong>plastov\u00e9 formy<\/strong> a tlakov\u00e9 lit\u00ed s rozm\u011bry pod 8500*1000*8500 mm.<\/p>\n<p>Krom\u011b toho pou\u017e\u00edv\u00e1me pokro\u010dil\u00e9 technologie CAD\/CAE\/CAM a profesion\u00e1ln\u00ed softwary jako UG, Pro\/E, Solidworks k n\u00e1vrhu, anal\u00fdze, konstrukci a v\u00fdrob\u011b. <strong>Plastov\u00e9 formy v \u010c\u00edn\u011b<\/strong>. N\u00e1\u0161 internetov\u00fd \u0159\u00eddic\u00ed syst\u00e9m pom\u00e1h\u00e1 dokonale kontrolovat kvalitu a cel\u00fd \u0159emesln\u00fd proces.<br \/>\nD\u00edky tvrd\u00e9 pr\u00e1ci ST za 14 let jsme si z\u00edskali d\u016fv\u011bru z\u00e1kazn\u00edk\u016f d\u00edky vysok\u00e9 kvalit\u011b, kompetentn\u00ed cen\u011b, profesion\u00e1ln\u00ed technick\u00e9 komunikaci v angli\u010dtin\u011b a p\u0159esn\u00e9mu dod\u00e1n\u00ed. Mezi na\u0161e z\u00e1kazn\u00edky pat\u0159\u00ed mnoho zn\u00e1m\u00fdch spole\u010dnost\u00ed, jako je SONY, TOSHIBA, Suzuki, Magna, ITW, MAZDA, HONDA, SUNBEM atd.<\/p>\n<p>V roce 2006 jsme \u00fasp\u011b\u0161n\u011b z\u00edskali certifik\u00e1t ISO 9001:2000. S heslem \"Servis v srdci, kvalita v du\u0161i\" jsme mohli poskytnout kompletn\u00ed syst\u00e9m slu\u017eeb star\u00fdm i nov\u00fdm z\u00e1kazn\u00edk\u016fm,<\/p>\n<p>Hled\u00e1te <a href=\"https:\/\/www.plasticmoldco.com\/cs\/\"><strong>v\u00fdroba forem v \u010c\u00edn\u011b<\/strong><\/a> k v\u00fdrob\u011b vst\u0159ikovac\u00edch forem a plastov\u00fdch v\u00fdlisk\u016f pro v\u00e1\u0161 nov\u00fd projekt? Kontaktujte n\u00e1s a z\u00edskejte cenovou nab\u00eddku.<\/p>\n<\/div>\n<\/div>\n<p>[\/et_pb_text][\/et_pb_column][et_pb_column type=\u201d1_4\u2033][et_pb_sidebar _builder_version=\u201d3.10.2\u2033 area=\u201dsidebar-1\u2033 custom_margin=\u201d15px|-94px||40px\u201d custom_padding=\u201d10px|10px|10px|10px\u201d border_width_all=\u201d2px\u201d border_color_all=\u201d#d3d3d3\u2033 \/][\/et_pb_column][\/et_pb_row][\/et_pb_section][et_pb_section bb_built=\u201d1\u2033 disabled_on=\u201d||on\u201d _builder_version=\u201d3.10.2\u2033 custom_padding=\u201d0|0px|54px|0px|false|false\u201d next_background_color=\u201d#000000\u2033 prev_background_color=\u201d#000000\u2033][et_pb_row custom_padding=\u201d0|0px|0|0px|false|false\u201d _builder_version=\u201d3.0.48\u2033 background_size=\u201dinitial\u201d background_position=\u201dtop_left\u201d background_repeat=\u201drepeat\u201d][et_pb_column type=\u201d4_4\u2033][et_pb_text _builder_version=\u201d3.10.2\u2033 border_width_all=\u201d3px\u201d border_color_all=\u201d#e5e5e5\u2033].<\/p>\n<div id=\"titlep\">\n<div id=\"content\" role=\"main\">\n<div>\n<div id=\"titlep\">\n<div>\n<div>O n\u00e1s<br \/>\n\u00davodn\u00ed str\u00e1nka \" O n\u00e1s<\/div>\n<\/div>\n<\/div>\n<div id=\"mge\"><\/div>\n<p><strong>SOSITAR MOLD CO., LIMITED<\/strong> , na\u0161e tov\u00e1rna se nach\u00e1z\u00ed v\u00a0<img loading=\"lazy\" decoding=\"async\" class=\"size-full wp-image-615 alignright\" title=\"v\u00fdrobce forem v \u010c\u00edn\u011b\" src=\"https:\/\/web.archive.org\/web\/20140805221613im_\/http:\/\/www.moldchina.org\/wp-content\/uploads\/2011\/01\/untitled2.bmp\" alt=\"\" width=\"172\" height=\"109\" \/>Shenzhen, \u010c\u00edna, a byla zalo\u017eena v roce 1998, Sositar pl\u00edsn\u00ed pr\u016fmyslov\u00e9 Co., LTD se specializuje na r\u016fzn\u00e9 <strong>plastov\u00e9 formy <\/strong>pro automobilov\u00fd pr\u016fmysl, dom\u00e1c\u00ed spot\u0159ebi\u010de, l\u00e9ka\u0159sk\u00e9 vybaven\u00ed, elektroniku a sportovn\u00ed vybaven\u00ed, jako\u017e i pro v\u0161eobecn\u00e9 pr\u016fmyslov\u00e9 aplikace OEM. Na\u0161e spole\u010dnost se rozkl\u00e1d\u00e1 na plo\u0161e v\u00edce ne\u017e 3 800 m2 d\u00edlny, obklopen\u00e9 pohodlnou dopravou. V sou\u010dasn\u00e9 dob\u011b na\u0161e skupina dosahuje v\u00edce ne\u017e 150 vynikaj\u00edc\u00edch <strong>v\u00fdrobci n\u00e1stroj\u016f v \u010c\u00edn\u011b<\/strong> a kapit\u00e1lov\u00fdch aktiv na v\u00edce ne\u017e 15 milion\u016f RMB. Na\u0161e kapacita je 60-80 sad forem m\u011bs\u00ed\u010dn\u011b.<\/p>\n<p>V\u017edy jsme trvali na my\u0161lence, \u017ee zam\u011bstnanci jsou z\u00e1kladem pro zaji\u0161t\u011bn\u00ed vysok\u00e9 kvality v\u00fdrobk\u016f a pro rozvoj zam\u011bstnanc\u016f i spole\u010dnosti. Proto jsme p\u0159ijali mnoho <strong>technolog pro v\u00fdrobu forem<\/strong>, \u0159\u00edd\u00edc\u00ed talenty a profesion\u00e1ln\u00ed in\u017een\u00fdry v oblasti \u017eivotn\u00edho prost\u0159ed\u00ed. <strong>v\u00fdroba forem v \u010c\u00edn\u011b<\/strong><strong>.<\/strong><\/p>\n<p>Za\u0159\u00edzen\u00ed v Sositaru se v\u011bt\u0161inou dov\u00e1\u017e\u00ed ze \u0160v\u00fdcarska a Tchaj-wanu. Jedn\u00e1 se o 21 sad fr\u00e9zovac\u00edch stroj\u016f (17 sad dovezen\u00fdch, 4 sady vyroben\u00e9 doma), 6 sad CNC, 11 sad elektroerozivn\u00edho obr\u00e1b\u011bn\u00ed Charmilles, 10 sad brusek, 4 sady soustruh\u016f, 7 sad dr\u00e1tov\u00fdch \u0159ezac\u00edch stroj\u016f, 10 sad obr\u00e1b\u011bc\u00edch stroj\u016f pro \u0159ez\u00e1n\u00ed dr\u00e1t\u016f. <strong>Vst\u0159ikovac\u00ed stroje<\/strong> a sou\u0159adnicov\u00e9 m\u011b\u0159ic\u00ed stroje, video m\u011b\u0159ic\u00ed syst\u00e9m, line\u00e1rn\u00ed \u0159ezac\u00ed stroj s pomal\u00fdm posuvem atd. Jsme schopni vst\u0159ikovat <strong>plastov\u00e9 d\u00edly<\/strong> s hmotnost\u00ed ni\u017e\u0161\u00ed ne\u017e 1500 g nebo s nosnost\u00ed ni\u017e\u0161\u00ed ne\u017e 650 tun, stavbu r\u016fzn\u00fdch druh\u016f <strong>plastov\u00e9 formy<\/strong> a tlakov\u00e9 lit\u00ed s rozm\u011bry pod 8500*1000*8500 mm.<\/p>\n<p><img loading=\"lazy\" decoding=\"async\" class=\"alignnone size-full wp-image-62\" title=\"\u010d\u00ednsk\u00e1 tov\u00e1rna na v\u00fdrobu forem\" src=\"https:\/\/web.archive.org\/web\/20140805221613im_\/http:\/\/www.moldchina.org\/wp-content\/uploads\/2011\/01\/china-mould-factory.jpg\" alt=\"\u010d\u00ednsk\u00e1 tov\u00e1rna na v\u00fdrobu forem\" width=\"371\" height=\"198\" \/><\/p>\n<p>Krom\u011b toho pou\u017e\u00edv\u00e1me pokro\u010dil\u00e9 technologie CAD\/CAE\/CAM a profesion\u00e1ln\u00ed softwary jako UG, Pro\/E, Solidworks k n\u00e1vrhu, anal\u00fdze, konstrukci a v\u00fdrob\u011b. <strong>pl\u00edsn\u011b v \u010c\u00edn\u011b<\/strong>. N\u00e1\u0161 internetov\u00fd \u0159\u00eddic\u00ed syst\u00e9m pom\u00e1h\u00e1 dokonale kontrolovat kvalitu a cel\u00fd \u0159emesln\u00fd proces.<br \/>\nD\u00edky tvrd\u00e9 pr\u00e1ci skupiny Sositar jsme si za 12 let z\u00edskali d\u016fv\u011bru z\u00e1kazn\u00edk\u016f d\u00edky vysok\u00e9 kvalit\u011b, kompetentn\u00ed cen\u011b, snadn\u00e9 komunikaci a v\u010dasn\u00e9mu dod\u00e1n\u00ed. Mezi na\u0161e z\u00e1kazn\u00edky pat\u0159\u00ed \u0159ada zn\u00e1m\u00fdch spole\u010dnost\u00ed, jako je SONY, TOSHIBA, HITACHI, MAZDA, HONDA, SUNBEM, PHILIPS atd.<\/p>\n<p>V roce 2004 jsme \u00fasp\u011b\u0161n\u011b z\u00edskali certifik\u00e1t ISO 9001:2000. S heslem \"Servis v srdci, kvalita v du\u0161i\" jsme mohli poskytnout kompletn\u00ed syst\u00e9m slu\u017eeb star\u00fdm i nov\u00fdm z\u00e1kazn\u00edk\u016fm.<\/p>\n<\/div>\n<\/div>\n<\/div>\n<p>[\/et_pb_text][et_pb_sidebar _builder_version=\"3.10.2\u2033 area=\"sidebar-1\u2033 custom_padding=\"10px||10px|10px\" border_width_all=\"2px\" border_color_all=\"#d3d3d3\u2033 custom_margin=\"|-250px||\" \/][\/et_pb_column][\/et_pb_row][\/et_pb_section][et_pb_section bb_built=\"1\u2033 disabled_on=\"on|on|\" _builder_version=\u201d3.10.2\u2033 custom_margin=\u201d-103px|||\u201d prev_background_color=\u201d#000000\u2033 next_background_color=\u201d#000000\u2033][et_pb_row _builder_version=\u201d3.0.48\u2033 background_size=\"initial\" background_position=\"top_left\" background_repeat=\"repeat\"][et_pb_column type=\"4_4\u2033][et_pb_text _builder_version=\"3.10.2\u2033 custom_margin=\"|-62px||-84px\"]<\/p>\n<p style=\"padding-left: 30px;\"><strong>\u010c\u00edna plastov\u00e9 vst\u0159ikovac\u00ed formy, toolmaker, \u010c\u00edna formy v\u00fdrobce, \u010c\u00edna n\u00e1stroje, plastov\u00e9 formy \u010c\u00edna, \u010c\u00edna vst\u0159ikovac\u00ed formy tov\u00e1rna, plastov\u00e9 vst\u0159ikovac\u00ed formy v\u00fdrobce v \u010c\u00edn\u011b<\/strong><\/p>\n<p>[\/et_pb_text][et_pb_text _builder_version=\u201d3.10.2\u2033 custom_margin=\u201d-15px|-50px||-50px\u201d]<\/p>\n<p><strong><span style=\"color: #0c0c0c;\"><a href=\"https:\/\/www.plasticmoldco.com\/cs\/\">Home\u00a0 \u00a0<\/a>|\u00a0 \u00a0<a href=\"https:\/\/www.plasticmoldco.com\/cs\/about-us\/\">O n\u00e1s\u00a0<\/a> \u00a0|\u00a0 <a href=\"https:\/\/www.plasticmoldco.com\/cs\/projektovani-inzenyrstvi\/\">Design a in\u017een\u00fdrstv\u00ed<\/a>\u00a0 |\u00a0 \u00a0<a href=\"https:\/\/www.plasticmoldco.com\/cs\/products\/\">Produkty\u00a0\u00a0\u00a0\u00a0\u00a0<\/a>|\u00a0\u00a0\u00a0\u00a0\u00a0<a href=\"https:\/\/www.plasticmoldco.com\/cs\/novinky\/\">Zpr\u00e1vy<\/a>\u00a0\u00a0\u00a0\u00a0\u00a0|\u00a0\u00a0\u00a0\u00a0\u00a0<a href=\"https:\/\/www.plasticmoldco.com\/cs\/kvalitni-pojisteni\/\">Poji\u0161t\u011bn\u00ed kvality\u00a0<\/a>\u00a0\u00a0\u00a0\u00a0|\u00a0 \u00a0 <a href=\"https:\/\/www.plasticmoldco.com\/cs\/postup-po\/\">Postup PO<\/a>\u00a0 \u00a0 |\u00a0 \u00a0 <a href=\"https:\/\/www.plasticmoldco.com\/cs\/eqipment\/\">Vybaven\u00ed\u00a0 \u00a0<\/a> |\u00a0 \u00a0<a href=\"https:\/\/www.plasticmoldco.com\/cs\/pripad-prumysloveho-designu\/\">P\u0159\u00edpad pr\u016fmyslov\u00e9ho designu\u00a0<\/a> \u00a0 |\u00a0 \u00a0 <a href=\"https:\/\/www.plasticmoldco.com\/cs\/mapa-stranek\/\">Mapa str\u00e1nek<\/a><\/span><\/strong><\/p>\n<p>[\/et_pb_text][et_pb_text _builder_version=\"3.10.2\u2033 custom_margin=\"-15px|||\"]<\/p>\n<p style=\"text-align: center;\"><strong>Copyright \u00a9 2011 DONGGUAN SINCER TECH CO.LTD. | \u010c\u00edna Mold maker, \u010c\u00edna Plastic injection molding, \u010c\u00edna toolmaker.<\/strong><br \/>\n<strong> Registra\u010dn\u00ed \u010d\u00edslo spole\u010dnosti:1626173<\/strong><\/p>\n<p>[\/et_pb_text][\/et_pb_column][\/et_pb_row][\/et_pb_section][et_pb_section bb_built=\"1\u2033 disabled_on=\"||on\" _builder_version=\"3.10.2\u2033 custom_margin=\"-103px|||\" prev_background_color=\"#000000\u2033][et_pb_row _builder_version=\"3.0.48\u2033 background_size=\"initial\" background_position=\"top_left\" background_repeat=\"repeat\"][et_pb_column type=\"4_4\u2033][et_pb_text _builder_version=\"3.10.2\u2033].<\/p>\n<p style=\"padding-left: 30px;\"><strong>\u010c\u00edna plastov\u00e9 vst\u0159ikovac\u00ed formy, toolmaker, \u010c\u00edna formy v\u00fdrobce, \u010c\u00edna n\u00e1stroje, plastov\u00e9 formy \u010c\u00edna, \u010c\u00edna vst\u0159ikovac\u00ed formy tov\u00e1rna, plastov\u00e9 vst\u0159ikovac\u00ed formy v\u00fdrobce v \u010c\u00edn\u011b<\/strong><\/p>\n<p>[\/et_pb_text][et_pb_text _builder_version=\u201d3.10.2\u2033]<\/p>\n<p><strong><span style=\"color: #0c0c0c;\"><a href=\"https:\/\/www.plasticmoldco.com\/cs\/\">Home\u00a0 \u00a0<\/a>|\u00a0 \u00a0<a href=\"https:\/\/www.plasticmoldco.com\/cs\/about-us\/\">O n\u00e1s\u00a0<\/a> \u00a0|\u00a0 <a href=\"https:\/\/www.plasticmoldco.com\/cs\/projektovani-inzenyrstvi\/\">Design a in\u017een\u00fdrstv\u00ed<\/a>\u00a0 |\u00a0 \u00a0<a href=\"https:\/\/www.plasticmoldco.com\/cs\/products\/\">Produkty\u00a0\u00a0\u00a0\u00a0\u00a0<\/a>|\u00a0\u00a0\u00a0\u00a0\u00a0<a href=\"https:\/\/www.plasticmoldco.com\/cs\/novinky\/\">Zpr\u00e1vy<\/a>\u00a0\u00a0\u00a0\u00a0\u00a0|\u00a0\u00a0\u00a0\u00a0\u00a0<a href=\"https:\/\/www.plasticmoldco.com\/cs\/kvalitni-pojisteni\/\">Poji\u0161t\u011bn\u00ed kvality\u00a0<\/a>\u00a0\u00a0\u00a0\u00a0|\u00a0 \u00a0 <a href=\"https:\/\/www.plasticmoldco.com\/cs\/postup-po\/\">Postup PO<\/a>\u00a0 \u00a0 |\u00a0 \u00a0 <a href=\"https:\/\/www.plasticmoldco.com\/cs\/eqipment\/\">Vybaven\u00ed\u00a0 \u00a0<\/a> |\u00a0 \u00a0<a href=\"https:\/\/www.plasticmoldco.com\/cs\/pripad-prumysloveho-designu\/\">P\u0159\u00edpad pr\u016fmyslov\u00e9ho designu\u00a0<\/a> \u00a0 |\u00a0 \u00a0 <a href=\"https:\/\/www.plasticmoldco.com\/cs\/mapa-stranek\/\">Mapa str\u00e1nek<\/a><\/span><\/strong><\/p>\n<p>[\/et_pb_text][et_pb_text _builder_version=\u201d3.10.2\u2033]<\/p>\n<p style=\"text-align: center;\"><strong>Copyright \u00a9 2011 DONGGUAN SINCER TECH CO.LTD. | \u010c\u00edna Mold maker, \u010c\u00edna Plastic injection molding, \u010c\u00edna toolmaker.<\/strong><br \/>\n<strong> Registra\u010dn\u00ed \u010d\u00edslo spole\u010dnosti:1626173<\/strong><\/p>\n<p>[\/et_pb_text][\/et_pb_column][\/et_pb_row][\/et_pb_section]<\/p>","protected":false},"excerpt":{"rendered":"<p>About Us-A Chinese Mold Company DONGGUAN SINCERE ETCH CO.LTD ,our factory Located in\u00a0DongGuan,\u00a0China, and established in 2003, SINCER ETECH IS specializes in various plastic molds and plastic molding manufacturing\u00a0for. automotive, home appliances, medical equipment, electronics and sporting equipment, as well as general industrial OEM applications. Our company covers an area of more than 3,800 square [&hellip;]<\/p>","protected":false},"author":1,"featured_media":0,"parent":0,"menu_order":0,"comment_status":"closed","ping_status":"closed","template":"","meta":{"_et_pb_use_builder":"on","_et_pb_old_content":"","_et_gb_content_width":"","footnotes":""},"class_list":["post-12","page","type-page","status-publish","hentry"],"yoast_head":"<!-- This site is optimized with the Yoast SEO plugin v26.4 - https:\/\/yoast.com\/wordpress\/plugins\/seo\/ -->\n<title>About Us - Plastic Mold | China Mold Maker<\/title>\n<meta name=\"robots\" content=\"index, follow, max-snippet:-1, max-image-preview:large, max-video-preview:-1\" \/>\n<link rel=\"canonical\" href=\"https:\/\/www.plasticmoldco.com\/cs\/bedrijf\/\" \/>\n<meta property=\"og:locale\" content=\"cs_CZ\" \/>\n<meta property=\"og:type\" content=\"article\" \/>\n<meta property=\"og:title\" content=\"About Us - Plastic Mold | China Mold Maker\" \/>\n<meta property=\"og:description\" content=\"About Us-A Chinese Mold Company DONGGUAN SINCERE ETCH CO.LTD ,our factory Located in\u00a0DongGuan,\u00a0China, and established in 2003, SINCER ETECH IS specializes in various plastic molds and plastic molding manufacturing\u00a0for. automotive, home appliances, medical equipment, electronics and sporting equipment, as well as general industrial OEM applications. Our company covers an area of more than 3,800 square [&hellip;]\" \/>\n<meta property=\"og:url\" content=\"https:\/\/www.plasticmoldco.com\/cs\/bedrijf\/\" \/>\n<meta property=\"og:site_name\" content=\"Plastic Mold | China Mold Maker\" \/>\n<meta property=\"article:modified_time\" content=\"2019-02-15T13:45:09+00:00\" \/>\n<meta property=\"og:image\" content=\"https:\/\/web.archive.org\/web\/20140805221613im_\/http:\/\/www.moldchina.org\/wp-content\/uploads\/2011\/01\/untitled2.bmp\" \/>\n<meta name=\"twitter:card\" content=\"summary_large_image\" \/>\n<meta name=\"twitter:label1\" content=\"Odhadovan\u00e1 doba \u010dten\u00ed\" \/>\n\t<meta name=\"twitter:data1\" content=\"6 minut\" \/>\n<script type=\"application\/ld+json\" class=\"yoast-schema-graph\">{\"@context\":\"https:\/\/schema.org\",\"@graph\":[{\"@type\":\"WebPage\",\"@id\":\"https:\/\/www.plasticmoldco.com\/nl\/bedrijf\/\",\"url\":\"https:\/\/www.plasticmoldco.com\/nl\/bedrijf\/\",\"name\":\"About Us - Plastic Mold | China Mold Maker\",\"isPartOf\":{\"@id\":\"https:\/\/www.plasticmoldco.com\/el\/#website\"},\"primaryImageOfPage\":{\"@id\":\"https:\/\/www.plasticmoldco.com\/nl\/bedrijf\/#primaryimage\"},\"image\":{\"@id\":\"https:\/\/www.plasticmoldco.com\/nl\/bedrijf\/#primaryimage\"},\"thumbnailUrl\":\"https:\/\/web.archive.org\/web\/20140805221613im_\/http:\/\/www.moldchina.org\/wp-content\/uploads\/2011\/01\/untitled2.bmp\",\"datePublished\":\"2018-10-14T08:59:39+00:00\",\"dateModified\":\"2019-02-15T13:45:09+00:00\",\"breadcrumb\":{\"@id\":\"https:\/\/www.plasticmoldco.com\/nl\/bedrijf\/#breadcrumb\"},\"inLanguage\":\"cs\",\"potentialAction\":[{\"@type\":\"ReadAction\",\"target\":[\"https:\/\/www.plasticmoldco.com\/nl\/bedrijf\/\"]}]},{\"@type\":\"ImageObject\",\"inLanguage\":\"cs\",\"@id\":\"https:\/\/www.plasticmoldco.com\/nl\/bedrijf\/#primaryimage\",\"url\":\"https:\/\/web.archive.org\/web\/20140805221613im_\/http:\/\/www.moldchina.org\/wp-content\/uploads\/2011\/01\/untitled2.bmp\",\"contentUrl\":\"https:\/\/web.archive.org\/web\/20140805221613im_\/http:\/\/www.moldchina.org\/wp-content\/uploads\/2011\/01\/untitled2.bmp\"},{\"@type\":\"BreadcrumbList\",\"@id\":\"https:\/\/www.plasticmoldco.com\/nl\/bedrijf\/#breadcrumb\",\"itemListElement\":[{\"@type\":\"ListItem\",\"position\":1,\"name\":\"Home\",\"item\":\"https:\/\/www.plasticmoldco.com\/\"},{\"@type\":\"ListItem\",\"position\":2,\"name\":\"About Us\"}]},{\"@type\":\"WebSite\",\"@id\":\"https:\/\/www.plasticmoldco.com\/el\/#website\",\"url\":\"https:\/\/www.plasticmoldco.com\/el\/\",\"name\":\"Plastic Mold | China Mold Maker\",\"description\":\"Are you looking for injection mold china? We are plastic mold maker\",\"publisher\":{\"@id\":\"https:\/\/www.plasticmoldco.com\/el\/#organization\"},\"potentialAction\":[{\"@type\":\"SearchAction\",\"target\":{\"@type\":\"EntryPoint\",\"urlTemplate\":\"https:\/\/www.plasticmoldco.com\/el\/?s={search_term_string}\"},\"query-input\":{\"@type\":\"PropertyValueSpecification\",\"valueRequired\":true,\"valueName\":\"search_term_string\"}}],\"inLanguage\":\"cs\"},{\"@type\":\"Organization\",\"@id\":\"https:\/\/www.plasticmoldco.com\/el\/#organization\",\"name\":\"Plastic Mold | China Mold Maker\",\"url\":\"https:\/\/www.plasticmoldco.com\/el\/\",\"logo\":{\"@type\":\"ImageObject\",\"inLanguage\":\"cs\",\"@id\":\"https:\/\/www.plasticmoldco.com\/el\/#\/schema\/logo\/image\/\",\"url\":\"https:\/\/plasticmoldco.com\/wp-content\/uploads\/2018\/10\/nlogon.png\",\"contentUrl\":\"https:\/\/plasticmoldco.com\/wp-content\/uploads\/2018\/10\/nlogon.png\",\"width\":204,\"height\":54,\"caption\":\"Plastic Mold | China Mold Maker\"},\"image\":{\"@id\":\"https:\/\/www.plasticmoldco.com\/el\/#\/schema\/logo\/image\/\"}}]}<\/script>\n<!-- \/ Yoast SEO plugin. -->","yoast_head_json":{"title":"O n\u00e1s - Plastov\u00e9 formy | \u010c\u00edna Mold Maker","robots":{"index":"index","follow":"follow","max-snippet":"max-snippet:-1","max-image-preview":"max-image-preview:large","max-video-preview":"max-video-preview:-1"},"canonical":"https:\/\/www.plasticmoldco.com\/cs\/bedrijf\/","og_locale":"cs_CZ","og_type":"article","og_title":"About Us - Plastic Mold | China Mold Maker","og_description":"About Us-A Chinese Mold Company DONGGUAN SINCERE ETCH CO.LTD ,our factory Located in\u00a0DongGuan,\u00a0China, and established in 2003, SINCER ETECH IS specializes in various plastic molds and plastic molding manufacturing\u00a0for. automotive, home appliances, medical equipment, electronics and sporting equipment, as well as general industrial OEM applications. Our company covers an area of more than 3,800 square [&hellip;]","og_url":"https:\/\/www.plasticmoldco.com\/cs\/bedrijf\/","og_site_name":"Plastic Mold | China Mold Maker","article_modified_time":"2019-02-15T13:45:09+00:00","og_image":[{"url":"https:\/\/web.archive.org\/web\/20140805221613im_\/http:\/\/www.moldchina.org\/wp-content\/uploads\/2011\/01\/untitled2.bmp","type":"","width":"","height":""}],"twitter_card":"summary_large_image","twitter_misc":{"Odhadovan\u00e1 doba \u010dten\u00ed":"6 minut"},"schema":{"@context":"https:\/\/schema.org","@graph":[{"@type":"WebPage","@id":"https:\/\/www.plasticmoldco.com\/nl\/bedrijf\/","url":"https:\/\/www.plasticmoldco.com\/nl\/bedrijf\/","name":"O n\u00e1s - Plastov\u00e9 formy | \u010c\u00edna Mold Maker","isPartOf":{"@id":"https:\/\/www.plasticmoldco.com\/el\/#website"},"primaryImageOfPage":{"@id":"https:\/\/www.plasticmoldco.com\/nl\/bedrijf\/#primaryimage"},"image":{"@id":"https:\/\/www.plasticmoldco.com\/nl\/bedrijf\/#primaryimage"},"thumbnailUrl":"https:\/\/web.archive.org\/web\/20140805221613im_\/http:\/\/www.moldchina.org\/wp-content\/uploads\/2011\/01\/untitled2.bmp","datePublished":"2018-10-14T08:59:39+00:00","dateModified":"2019-02-15T13:45:09+00:00","breadcrumb":{"@id":"https:\/\/www.plasticmoldco.com\/nl\/bedrijf\/#breadcrumb"},"inLanguage":"cs","potentialAction":[{"@type":"ReadAction","target":["https:\/\/www.plasticmoldco.com\/nl\/bedrijf\/"]}]},{"@type":"ImageObject","inLanguage":"cs","@id":"https:\/\/www.plasticmoldco.com\/nl\/bedrijf\/#primaryimage","url":"https:\/\/web.archive.org\/web\/20140805221613im_\/http:\/\/www.moldchina.org\/wp-content\/uploads\/2011\/01\/untitled2.bmp","contentUrl":"https:\/\/web.archive.org\/web\/20140805221613im_\/http:\/\/www.moldchina.org\/wp-content\/uploads\/2011\/01\/untitled2.bmp"},{"@type":"BreadcrumbList","@id":"https:\/\/www.plasticmoldco.com\/nl\/bedrijf\/#breadcrumb","itemListElement":[{"@type":"ListItem","position":1,"name":"Home","item":"https:\/\/www.plasticmoldco.com\/"},{"@type":"ListItem","position":2,"name":"About Us"}]},{"@type":"WebSite","@id":"https:\/\/www.plasticmoldco.com\/el\/#website","url":"https:\/\/www.plasticmoldco.com\/el\/","name":"Plastov\u00e9 formy | \u010c\u00edna Mold Maker","description":"Hled\u00e1te vst\u0159ikovac\u00ed formy z \u010c\u00edny? Jsme v\u00fdrobce plastov\u00fdch forem","publisher":{"@id":"https:\/\/www.plasticmoldco.com\/el\/#organization"},"potentialAction":[{"@type":"SearchAction","target":{"@type":"EntryPoint","urlTemplate":"https:\/\/www.plasticmoldco.com\/el\/?s={search_term_string}"},"query-input":{"@type":"PropertyValueSpecification","valueRequired":true,"valueName":"search_term_string"}}],"inLanguage":"cs"},{"@type":"Organization","@id":"https:\/\/www.plasticmoldco.com\/el\/#organization","name":"Plastov\u00e9 formy | \u010c\u00edna Mold Maker","url":"https:\/\/www.plasticmoldco.com\/el\/","logo":{"@type":"ImageObject","inLanguage":"cs","@id":"https:\/\/www.plasticmoldco.com\/el\/#\/schema\/logo\/image\/","url":"https:\/\/plasticmoldco.com\/wp-content\/uploads\/2018\/10\/nlogon.png","contentUrl":"https:\/\/plasticmoldco.com\/wp-content\/uploads\/2018\/10\/nlogon.png","width":204,"height":54,"caption":"Plastic Mold | China Mold Maker"},"image":{"@id":"https:\/\/www.plasticmoldco.com\/el\/#\/schema\/logo\/image\/"}}]}},"_links":{"self":[{"href":"https:\/\/www.plasticmoldco.com\/cs\/wp-json\/wp\/v2\/pages\/12","targetHints":{"allow":["GET"]}}],"collection":[{"href":"https:\/\/www.plasticmoldco.com\/cs\/wp-json\/wp\/v2\/pages"}],"about":[{"href":"https:\/\/www.plasticmoldco.com\/cs\/wp-json\/wp\/v2\/types\/page"}],"author":[{"embeddable":true,"href":"https:\/\/www.plasticmoldco.com\/cs\/wp-json\/wp\/v2\/users\/1"}],"replies":[{"embeddable":true,"href":"https:\/\/www.plasticmoldco.com\/cs\/wp-json\/wp\/v2\/comments?post=12"}],"version-history":[{"count":0,"href":"https:\/\/www.plasticmoldco.com\/cs\/wp-json\/wp\/v2\/pages\/12\/revisions"}],"wp:attachment":[{"href":"https:\/\/www.plasticmoldco.com\/cs\/wp-json\/wp\/v2\/media?parent=12"}],"curies":[{"name":"wp","href":"https:\/\/api.w.org\/{rel}","templated":true}]}}